{"id":3624,"date":"2025-03-28T04:29:59","date_gmt":"2025-03-28T03:29:59","guid":{"rendered":"https:\/\/vapebulkp.com\/?post_type=product&#038;p=3624"},"modified":"2025-09-17T10:39:59","modified_gmt":"2025-09-17T08:39:59","slug":"vapme-goat-40000-puffs-wholesale-disposable-vapes","status":"publish","type":"product","link":"https:\/\/vapebulkp.com\/it\/product\/vapme-goat-40000-puffs-wholesale-disposable-vapes\/","title":{"rendered":"VAPME GOAT 40000 Puffs Sigarette Elettroniche Usa e Getta all'Ingrosso"},"content":{"rendered":"<h2>VAPME GOAT 40000 Puffs Sigarette Elettroniche Usa e Getta all'Ingrosso<\/h2>\n<p class=\"\" data-start=\"0\" data-end=\"545\">VAPME GOAT 40000 Puffs ridefinisce lo svapo usa e getta combinando prestazioni a lunga durata con un sapore eccezionale. <strong data-start=\"114\" data-end=\"127\">Inoltre,<\/strong> \u00e8 progettato con una <strong data-start=\"153\" data-end=\"196\">batteria da 850 mAh e una moderna porta Type-C<\/strong>, garantendo <strong data-start=\"207\" data-end=\"219\">che non solo<\/strong> permette una ricarica rapida <strong data-start=\"237\" data-end=\"249\">ma anche<\/strong> un'erogazione di potenza costante dal primo all'ultimo tiro. <strong data-start=\"305\" data-end=\"321\">In aggiunta,<\/strong> il <strong data-start=\"335\" data-end=\"348\">serbatoio da 30mL<\/strong> \u00e8 riempito con <strong data-start=\"364\" data-end=\"386\">liquido per svapo premium<\/strong>, disponibile in gradazioni di nicotina da <strong data-start=\"406\" data-end=\"438\">0% e 2%<\/strong>. <strong data-start=\"440\" data-end=\"456\">Di conseguenza,<\/strong> si rivolge a una vasta gamma di preferenze offrendo al contempo una <strong data-start=\"515\" data-end=\"542\">soddisfazione costante<\/strong>.<\/p>\n<p class=\"\" data-start=\"547\" data-end=\"1048\"><strong data-start=\"547\" data-end=\"578\">Al centro del suo design,<\/strong> una bobina a rete ad alte prestazioni da <strong data-start=\"598\" data-end=\"616\">0.4\u03a9<\/strong> riscalda uniformemente l'e-liquid, generando <strong data-start=\"655\" data-end=\"691\">nuvole di vapore dense e saporite<\/strong>. <strong data-start=\"693\" data-end=\"705\" data-is-only-node=\"\">In particolare,<\/strong> questa tecnologia <strong data-start=\"722\" data-end=\"734\">che non solo<\/strong> migliora l' <strong data-start=\"748\" data-end=\"776\">esperienza di gusto complessiva<\/strong> <strong data-start=\"777\" data-end=\"789\">ma anche<\/strong> supporta sia lo svapo <strong data-start=\"804\" data-end=\"870\">Direct-to-Lung (DTL) che Mouth-to-Lung (MTL)<\/strong>. <strong data-start=\"872\" data-end=\"889\">Sia che gli utenti<\/strong> preferisco <strong data-start=\"897\" data-end=\"916\">tiri profondi nei polmoni<\/strong> <strong data-start=\"917\" data-end=\"923\">or<\/strong> a <strong data-start=\"926\" data-end=\"957\">un tiro pi\u00f9 controllato e discreto<\/strong>, il <strong data-start=\"963\" data-end=\"989\">VAPME GOAT 40000 Puff<\/strong> si adatta <strong data-start=\"997\" data-end=\"1013\">senza sforzo<\/strong> alle tecniche di svapo individuali.<\/p>\n<p class=\"\" data-start=\"1050\" data-end=\"1590\"><strong data-start=\"1050\" data-end=\"1066\">Inoltre,<\/strong> il dispositivo vanta <strong data-start=\"1085\" data-end=\"1129\">una straordinaria gamma di 10 gusti unici<\/strong>, ciascuno <strong data-start=\"1136\" data-end=\"1159\">accuratamente sviluppato<\/strong> per evocare <strong data-start=\"1169\" data-end=\"1197\" data-is-only-node=\"\">vivide sensazioni gustative<\/strong>. <strong data-start=\"1199\" data-end=\"1207\">Da<\/strong> miscele ricche, ispirate al tabacco <strong data-start=\"1238\" data-end=\"1244\">to<\/strong> fresche miscele fruttate, ogni boccata offre un'esplosione di sapore autentico <strong data-start=\"1320\" data-end=\"1347\">che persiste piacevolmente<\/strong> sul palato. <strong data-start=\"1363\" data-end=\"1413\">Con una capacit\u00e0 di oltre 40.000 tiri per unit\u00e0,<\/strong> questa sigaretta elettronica offre <strong data-start=\"1438\" data-end=\"1462\">una longevit\u00e0 notevole<\/strong>, riducendo significativamente <strong data-start=\"1487\" data-end=\"1520\">la frequenza delle sostituzioni<\/strong> <strong data-start=\"1521\" data-end=\"1539\">garantendo al contempo<\/strong> a <strong data-start=\"1542\" data-end=\"1569\">soluzione conveniente<\/strong> per <strong data-start=\"1574\" data-end=\"1587\">l'uso quotidiano<\/strong>.<\/p>\n<p class=\"\" data-start=\"1592\" data-end=\"2020\"><strong data-start=\"1592\" data-end=\"1628\">Ottimizzato per la distribuzione all'ingrosso,<\/strong> ogni cassa contiene <strong data-start=\"1648\" data-end=\"1661\">100 unit\u00e0<\/strong> con un <strong data-start=\"1669\" data-end=\"1695\">peso totale di 13,5 kg<\/strong>, rendendolo un <strong data-start=\"1709\" data-end=\"1730\" data-is-only-node=\"\">opzione irresistibile<\/strong> per i rivenditori <strong data-start=\"1745\" data-end=\"1752\">e<\/strong> acquirenti all'ingrosso. <strong data-start=\"1771\" data-end=\"1786\">In definitiva,<\/strong> con il suo <strong data-start=\"1796\" data-end=\"1866\">design innovativo, le prestazioni robuste e il profilo aromatico diversificato,<\/strong> il <strong data-start=\"1871\" data-end=\"1897\">VAPME CAPRA <a href=\"https:\/\/vapebulkp.com\/it\/product-category\/40000-puffs-disposable-vape\/\">40000 Puffs Sigaretta Elettronica Usa e Getta<\/a><\/strong>\u00a0si distingue <strong data-start=\"1909\" data-end=\"1942\">come una sigaretta elettronica usa e getta di prima categoria<\/strong>, <strong data-start=\"1944\" data-end=\"1964\">perfettamente adatta<\/strong> sia per <strong data-start=\"1974\" data-end=\"2019\">il divertimento personale che per il successo commerciale<\/strong>.<\/p>\n<h6>Contatta il WhatsApp di Mandy per un prezzo scontato<a href=\"https:\/\/wa.me\/8618077105796\">+8618077105796<\/a><\/h6>\n<p>&nbsp;<\/p>\n<p><img decoding=\"async\" class=\"alignnone wp-image-2151\" src=\"http:\/\/vapebulkp.com\/wp-content\/uploads\/2024\/04\/Mandy-WhatsApp-Randm.jpg\" alt=\"Mandy WhatsApp Randm\" width=\"324\" height=\"330\" \/><\/p>\n<h2>VAPME GOAT 40000 Puffs Vapes Tipo-C Ricarica Rapida Specifiche<\/h2>\n<ul>\n<li>\u2705 <strong data-start=\"465\" data-end=\"490\">Enormi 40.000+ Tiri<\/strong> \u2013 Progettato per un uso prolungato, rendendolo uno dei vapes usa e getta pi\u00f9 duraturi sul mercato.<\/li>\n<li>\u2705 <strong data-start=\"593\" data-end=\"625\">Grande Capacit\u00e0 di 30 ml di E-Liquid<\/strong> \u2013 Pre-riempito con liquido per sigaretta elettronica di alta qualit\u00e0, disponibile in <strong data-start=\"685\" data-end=\"715\">0% o 2% di nicotina<\/strong>, offrendo opzioni sia per il vaping con nicotina che senza nicotina.<\/li>\n<li>\u2705 <strong data-start=\"783\" data-end=\"823\">Potente batteria ricaricabile da 850mAh<\/strong> \u2013 Dotata di una <strong data-start=\"842\" data-end=\"866\">Type-C<\/strong> per una ricarica efficiente, garantendo prestazioni costanti fino all'ultimo tiro.<\/li>\n<li>\u2705 <strong data-start=\"950\" data-end=\"988\">Tecnologia avanzata a bobina a rete da 0.4\u03a9<\/strong> \u2013 Migliora la produzione di vapore e intensifica il sapore, offrendo un'esperienza di svapo soddisfacente e fluida.<\/li>\n<li>\u2705 <strong data-start=\"1097\" data-end=\"1134\">DTL versatile<\/strong> \u2013 Perfetto per i vapers che preferiscono <strong data-start=\"1167\" data-end=\"1231\">tiri profondi nei polmoni (DTL) o aspirazioni limitate dalla bocca ai polmoni (MTL)<\/strong> per un'esperienza personalizzabile.<\/li>\n<li>\u2705 <strong data-start=\"1267\" data-end=\"1296\">10 gusti di prima qualit\u00e0<\/strong> \u2013 Sapori accuratamente selezionati offrono profili di gusto ricchi, audaci e rinfrescanti per soddisfare diverse preferenze.<\/li>\n<li>\u2705 <strong data-start=\"1410\" data-end=\"1442\">Confezione Adatta al Commercio all'Ingrosso<\/strong> \u2013 Viene fornito in <strong data-start=\"1454\" data-end=\"1491\">100 pezzi per cassa (13.5kg\/cassa)<\/strong>, rendendolo una scelta eccellente per acquirenti e rivenditori all'ingrosso.<\/li>\n<\/ul>\n<h2>Gusto Vapes VAPME GOAT 40000 Puffs<\/h2>\n<p>1.Ghiaccio anguria<br \/>\n2.Frutti di bosco misti<br \/>\n3.Ghiaccio mirtillo<br \/>\n4.Ghiaccio ciliegia<br \/>\n5.Anguria fragola<br \/>\n6.Ghiaccio alla fragola<br \/>\n7.Ghiaccio pesca succosa<br \/>\n8.Mirtillo lampone<br \/>\n9.Doppia mela<br \/>\n10.Ghiaccio frutto della passione melone<\/p>\n<p><a href=\"https:\/\/vapebulkp.com\/it\/product\/vozol-gear-shisha-25000-puffs-dual-mode-disposable-vape-5mg-nicotine\/\"><span style=\"vertical-align: inherit\">Vozol Gear shisha 25000 Tiri <\/span><\/a><\/p>\n<p><span style=\"vertical-align: inherit\">Trova altri prodotti che potrebbero piacerti:<\/span><em><a href=\"https:\/\/wa.me\/8618077105796\"><span style=\"vertical-align: inherit\">\u00a0Compralo ora<\/span><\/a><\/em><\/p>\n<p><span style=\"vertical-align: inherit\">Altri Tiri che potrebbero interessarti:<\/span><a href=\"https:\/\/vapebulkp.com\/it\/product\/waspe-vape-40000-puff-fihp-double-flavour-disposable-vape\/\"><span style=\"vertical-align: inherit\">WASPE FIHP 40000 Puff<\/span><\/a><span style=\"vertical-align: inherit\">\u3001<\/span><a href=\"https:\/\/vapebulkp.com\/it\/product\/wholesale-randm-tornado-9000-puffs-germany\/\"><span style=\"vertical-align: inherit\">RandM 9000 Tiri<\/span><\/a><span style=\"vertical-align: inherit\">\/ <\/span><a href=\"https:\/\/vapebulkp.com\/it\/fi\/product\/bang-30k-puffs-new-double-taste-good-vape\/\"><span style=\"vertical-align: inherit\">Bang Vape 30000 Puff<\/span><\/a><span style=\"vertical-align: inherit\">\/ <\/span><a href=\"https:\/\/vapebulkp.com\/it\/product\/zooy-zero-45000-puffs-nicotine-salt-vape-extra-large-e-liquid-capacity\/\"><span style=\"vertical-align: inherit\">ZOOY ZERO 45000 Puff<\/span><\/a><\/p>\n<p><span style=\"vertical-align: inherit\">Sigaretta elettronica a forma speciale:<\/span><a href=\"https:\/\/vapebulkp.com\/it\/fi\/product\/bang-beach-22k-puffs-new-electronic-cigarette\/\"><span style=\"vertical-align: inherit\"> Bang Beach 22000 Tiri<\/span><\/a><span style=\"vertical-align: inherit\">\/ <\/span><a href=\"https:\/\/vapebulkp.com\/it\/fi\/product\/best-price-wga-crystal-pro-max-15k-puffs-original-vape\/\"><span style=\"vertical-align: inherit\">\u00a0WGA Crystal pro max 15k Puffs <\/span><\/a><span style=\"vertical-align: inherit\">\/<\/span><a href=\"https:\/\/vapebulkp.com\/it\/product\/zooy-firzen-35000-puffs-nicotine-ice-control-high-capacity-e-cigarette\/\"><span style=\"vertical-align: inherit\"> ZOOY 350000 Tiri<\/span><\/a><\/p>\n<h3 class=\"\" data-start=\"1557\" data-end=\"1601\"><strong data-start=\"1561\" data-end=\"1599\">Perch\u00e9 scegliere la sigaretta elettronica usa e getta ad alte prestazioni VAPME GOAT 40000 Puffs?<\/strong><\/h3>\n<p class=\"\" data-start=\"1602\" data-end=\"1987\">Progettato per <strong data-start=\"1615\" data-end=\"1652\">appassionati di svapo e aziende<\/strong>, il VAPME GOAT 40000 \u00e8 una sigaretta elettronica usa e getta ad alte prestazioni che privilegia <strong data-start=\"1737\" data-end=\"1785\">intensit\u00e0 del sapore, longevit\u00e0 e praticit\u00e0<\/strong>Che tu stia cercando una sigaretta elettronica per l'uso quotidiano o per l'acquisto all'ingrosso per la vendita al dettaglio, questo dispositivo offre un'esperienza di svapo superiore con <strong data-start=\"1920\" data-end=\"1984\">colpi alla gola morbidi, vapore denso e potenza costante<\/strong>.<\/p>\n<h3 class=\"\" data-start=\"1989\" data-end=\"2011\"><strong data-start=\"1993\" data-end=\"2009\">Perfetto per:<\/strong><\/h3>\n<ol>\n<li>Svapo quotidiano<\/li>\n<li>Uso pratico e senza problemi durante il viaggio<\/li>\n<li>Preferenze di svapo con e senza nicotina<\/li>\n<li>Rivenditori che cercano una sigaretta elettronica usa e getta ad alta richiesta<\/li>\n<\/ol>\n<p class=\"\" data-start=\"2176\" data-end=\"2308\">Per ordini all'ingrosso e richieste, visita <strong data-start=\"2223\" data-end=\"2240\">Vapebulkp.com<\/strong> ed esplora soluzioni di svapo premium su misura per i mercati europei.<\/p>\n<h3>Dettaglio spedizione:<\/h3>\n<p><span style=\"color: #ff6600\">Tempo di produzione: 5-10 giorni lavorativi<\/span><br \/>\n<span style=\"color: #ff6600\">Tempo di spedizione: 8-14 giorni lavorativi<\/span><\/p>\n<p>Tutti i prodotti nel nostro negozio sono originali e autentici al 100%, per cui il risarcimento dieci volte superiore per merce contraffatta \u00e8 la nostra politica aziendale. Utilizziamo canali logistici come UPS\/DHL\/FEDEX\/DPD per consegnare la merce.<\/p>\n<p>Per i pacchi spediti in Italia, di solito occorrono 10 giorni lavorativi per l'arrivo. Le spedizioni verso altri Paesi europei impiegano solitamente dai 12 ai 15 giorni lavorativi per l'arrivo. Aggiorneremo le informazioni logistiche per te in tempo reale.<\/p>","protected":false},"excerpt":{"rendered":"<p>VAPME GOAT 40000 Puffs \u00e8 un vape monouso all'ingrosso <strong data-start=\"135\" data-end=\"164\">di alta gamma<\/strong>, progettato per rivenditori e distributori alla ricerca di <strong data-start=\"214\" data-end=\"260\">soluzioni di svapo a lunga durata e ad alta richiesta<\/strong>. Dotato di un <strong data-start=\"275\" data-end=\"332\">batteria ricaricabile da 850 mAh con ricarica rapida Type-C<\/strong>, questo dispositivo garantisce un uso prolungato con una <strong data-start=\"372\" data-end=\"399\">potenza in uscita costante<\/strong>, rendendolo una scelta eccezionale sia per i vaper occasionali che per quelli esperti.<\/p>\n<p>Contatta il WhatsApp di Mandy per un prezzo scontato<a href=\"https:\/\/wa.me\/8618077105796\">+8618077105796<\/a><\/p>\n<p>&nbsp;<\/p>\n<p><img decoding=\"async\" class=\"alignnone wp-image-2151\" src=\"http:\/\/vapebulkp.com\/wp-content\/uploads\/2024\/04\/Mandy-WhatsApp-Randm.jpg\" alt=\"Mandy WhatsApp Randm\" width=\"297\" height=\"316\" srcset=\"https:\/\/vapebulkp.com\/wp-content\/uploads\/2024\/04\/Mandy-WhatsApp-Randm.jpg 916w, https:\/\/vapebulkp.com\/wp-content\/uploads\/2024\/04\/Mandy-WhatsApp-Randm-282x300.jpg 282w, https:\/\/vapebulkp.com\/wp-content\/uploads\/2024\/04\/Mandy-WhatsApp-Randm-768x817.jpg 768w, https:\/\/vapebulkp.com\/wp-content\/uploads\/2024\/04\/Mandy-WhatsApp-Randm-600x638.jpg 600w\" sizes=\"(max-width: 297px) 100vw, 297px\" \/><\/p>\n<p><span style=\"color: #ff0000\">NOTA: I prezzi sul nostro sito non includono i costi di spedizione<\/span><\/p>\n<p>&nbsp;<\/p>","protected":false},"featured_media":3605,"comment_status":"open","ping_status":"closed","template":"","meta":{"_uag_custom_page_level_css":"","_lmt_disableupdate":"no","_lmt_disable":"","site-sidebar-layout":"default","site-content-layout":"content-boxed-container","ast-site-content-layout":"normal-width-container","site-content-style":"boxed","site-sidebar-style":"unboxed","ast-global-header-display":"","ast-banner-title-visibility":"","ast-main-header-display":"","ast-hfb-above-header-display":"","ast-hfb-below-header-display":"","ast-hfb-mobile-header-display":"","site-post-title":"","ast-breadcrumbs-content":"","ast-featured-img":"","footer-sml-layout":"","theme-transparent-header-meta":"default","adv-header-id-meta":"","stick-header-meta":"","header-above-stick-meta":"","header-main-stick-meta":"","header-below-stick-meta":"","astra-migrate-meta-layouts":"set","_joinchat":[]},"product_cat":[182,153,155,33,59,100,87,34,158,157,154,152,58,84,156,63,32,368],"product_tag":[36,37,41,40,231],"class_list":["post-3624","product","type-product","status-publish","has-post-thumbnail","hentry","product_cat-40000-puffs-disposable-vape","product_cat-hot-disposable-vapes","product_cat-belgium-hot-disposable-vapes","product_cat-france-vape-hot-sale","product_cat-germany-hot-disposable-vape","product_cat-germany-wholesale-vape-shop","product_cat-minimum-order-quantity-50pcs","product_cat-netherlands-vape-good-sale","product_cat-norway-hot-disposable-vapes","product_cat-poland-hot-disposable-vapes","product_cat-portugal-hot-disposable-vapes","product_cat-spain-hot-disposable-vapes","product_cat-sweden-hot-disposable-vape","product_cat-sweden-wholesale-vape","product_cat-switzerland-hot-disposable-vapes","product_cat-top-sale-disposable-vape","product_cat-vape-hot-sale-this-week","product_cat-vapme-vape","product_tag-good-vape","product_tag-hot-sale-disposable-vape","product_tag-poland-hot-vape","product_tag-sweden-hot-vape","product_tag-vapme-goat-40000-puffs","pa_brand-vapme-vape","desktop-align-left","tablet-align-left","mobile-align-left"],"yoast_head":"<!-- This site is optimized with the Yoast SEO plugin v21.1 - https:\/\/yoast.com\/wordpress\/plugins\/seo\/ -->\n<title>VAPME GOAT 40000 Puffs Wholesale Disposable Vapes - vapebulkp.com<\/title>\n<meta name=\"description\" content=\"Buy VAPME GOAT 40000 Puffs Disposable Vape in bulk! Featuring 850mAh rechargeable battery, 30mL e-liquid, Wholesale available at Vapebulkp.com!\" \/>\n<meta name=\"robots\" content=\"index, follow, max-snippet:-1, max-image-preview:large, max-video-preview:-1\" \/>\n<link rel=\"canonical\" href=\"https:\/\/vapebulkp.com\/it\/product\/vapme-goat-40000-puffs-wholesale-disposable-vapes\/\" \/>\n<meta property=\"og:locale\" content=\"it_IT\" \/>\n<meta property=\"og:type\" content=\"article\" \/>\n<meta property=\"og:title\" content=\"VAPME GOAT 40000 Puffs Wholesale Disposable Vapes - vapebulkp.com\" \/>\n<meta property=\"og:description\" content=\"Buy VAPME GOAT 40000 Puffs Disposable Vape in bulk! Featuring 850mAh rechargeable battery, 30mL e-liquid, Wholesale available at Vapebulkp.com!\" \/>\n<meta property=\"og:url\" content=\"https:\/\/vapebulkp.com\/it\/product\/vapme-goat-40000-puffs-wholesale-disposable-vapes\/\" \/>\n<meta property=\"og:site_name\" content=\"vapebulkp.com\" \/>\n<meta property=\"article:modified_time\" content=\"2025-09-17T08:39:59+00:00\" \/>\n<meta property=\"og:image\" content=\"http:\/\/vapebulkp.com\/wp-content\/uploads\/2025\/03\/Long-Lasting-VAPME-GOAT-40000-Puff-Vape-Pen.webp\" \/>\n\t<meta property=\"og:image:width\" content=\"800\" \/>\n\t<meta property=\"og:image:height\" content=\"800\" \/>\n\t<meta property=\"og:image:type\" content=\"image\/webp\" \/>\n<meta name=\"twitter:card\" content=\"summary_large_image\" \/>\n<meta name=\"twitter:label1\" content=\"Tempo di lettura stimato\" \/>\n\t<meta name=\"twitter:data1\" content=\"4 minuti\" \/>\n<script type=\"application\/ld+json\" class=\"yoast-schema-graph\">{\"@context\":\"https:\/\/schema.org\",\"@graph\":[{\"@type\":\"WebPage\",\"@id\":\"https:\/\/vapebulkp.com\/product\/vapme-goat-40000-puffs-wholesale-disposable-vapes\/\",\"url\":\"https:\/\/vapebulkp.com\/product\/vapme-goat-40000-puffs-wholesale-disposable-vapes\/\",\"name\":\"VAPME GOAT 40000 Puffs Wholesale Disposable Vapes - vapebulkp.com\",\"isPartOf\":{\"@id\":\"https:\/\/vapebulkp.com\/#website\"},\"datePublished\":\"2025-03-28T03:29:59+00:00\",\"dateModified\":\"2025-09-17T08:39:59+00:00\",\"description\":\"Buy VAPME GOAT 40000 Puffs Disposable Vape in bulk! Featuring 850mAh rechargeable battery, 30mL e-liquid, Wholesale available at Vapebulkp.com!\",\"breadcrumb\":{\"@id\":\"https:\/\/vapebulkp.com\/product\/vapme-goat-40000-puffs-wholesale-disposable-vapes\/#breadcrumb\"},\"inLanguage\":\"it-IT\",\"potentialAction\":[{\"@type\":\"ReadAction\",\"target\":[\"https:\/\/vapebulkp.com\/product\/vapme-goat-40000-puffs-wholesale-disposable-vapes\/\"]}]},{\"@type\":\"BreadcrumbList\",\"@id\":\"https:\/\/vapebulkp.com\/product\/vapme-goat-40000-puffs-wholesale-disposable-vapes\/#breadcrumb\",\"itemListElement\":[{\"@type\":\"ListItem\",\"position\":1,\"name\":\"Home\",\"item\":\"https:\/\/vapebulkp.com\/\"},{\"@type\":\"ListItem\",\"position\":2,\"name\":\"Hot Trend Vapes\",\"item\":\"https:\/\/vapebulkp.com\/vape-shop\/\"},{\"@type\":\"ListItem\",\"position\":3,\"name\":\"VAPME GOAT 40000 Puffs Wholesale Disposable Vapes\"}]},{\"@type\":\"WebSite\",\"@id\":\"https:\/\/vapebulkp.com\/#website\",\"url\":\"https:\/\/vapebulkp.com\/\",\"name\":\"vapebulkp.com\",\"description\":\"Buy Vape In Cheap Bulk Price Near you\",\"publisher\":{\"@id\":\"https:\/\/vapebulkp.com\/#organization\"},\"potentialAction\":[{\"@type\":\"SearchAction\",\"target\":{\"@type\":\"EntryPoint\",\"urlTemplate\":\"https:\/\/vapebulkp.com\/?s={search_term_string}\"},\"query-input\":\"required name=search_term_string\"}],\"inLanguage\":\"it-IT\"},{\"@type\":\"Organization\",\"@id\":\"https:\/\/vapebulkp.com\/#organization\",\"name\":\"vapebulkp.com\",\"url\":\"https:\/\/vapebulkp.com\/\",\"logo\":{\"@type\":\"ImageObject\",\"inLanguage\":\"it-IT\",\"@id\":\"https:\/\/vapebulkp.com\/#\/schema\/logo\/image\/\",\"url\":\"https:\/\/vapebulkp.com\/wp-content\/uploads\/2023\/09\/cropped-vapebulkp.png\",\"contentUrl\":\"https:\/\/vapebulkp.com\/wp-content\/uploads\/2023\/09\/cropped-vapebulkp.png\",\"width\":516,\"height\":163,\"caption\":\"vapebulkp.com\"},\"image\":{\"@id\":\"https:\/\/vapebulkp.com\/#\/schema\/logo\/image\/\"}}]}<\/script>\n<!-- \/ Yoast SEO plugin. -->","yoast_head_json":{"title":"VAPME GOAT 40000 Puffs Wholesale Disposable Vapes - vapebulkp.com","description":"Buy VAPME GOAT 40000 Puffs Disposable Vape in bulk! Featuring 850mAh rechargeable battery, 30mL e-liquid, Wholesale available at Vapebulkp.com!","robots":{"index":"index","follow":"follow","max-snippet":"max-snippet:-1","max-image-preview":"max-image-preview:large","max-video-preview":"max-video-preview:-1"},"canonical":"https:\/\/vapebulkp.com\/it\/product\/vapme-goat-40000-puffs-wholesale-disposable-vapes\/","og_locale":"it_IT","og_type":"article","og_title":"VAPME GOAT 40000 Puffs Wholesale Disposable Vapes - vapebulkp.com","og_description":"Buy VAPME GOAT 40000 Puffs Disposable Vape in bulk! Featuring 850mAh rechargeable battery, 30mL e-liquid, Wholesale available at Vapebulkp.com!","og_url":"https:\/\/vapebulkp.com\/it\/product\/vapme-goat-40000-puffs-wholesale-disposable-vapes\/","og_site_name":"vapebulkp.com","article_modified_time":"2025-09-17T08:39:59+00:00","og_image":[{"width":800,"height":800,"url":"http:\/\/vapebulkp.com\/wp-content\/uploads\/2025\/03\/Long-Lasting-VAPME-GOAT-40000-Puff-Vape-Pen.webp","type":"image\/webp"}],"twitter_card":"summary_large_image","twitter_misc":{"Tempo di lettura stimato":"4 minuti"},"schema":{"@context":"https:\/\/schema.org","@graph":[{"@type":"WebPage","@id":"https:\/\/vapebulkp.com\/product\/vapme-goat-40000-puffs-wholesale-disposable-vapes\/","url":"https:\/\/vapebulkp.com\/product\/vapme-goat-40000-puffs-wholesale-disposable-vapes\/","name":"VAPME GOAT 40000 Puffs Wholesale Disposable Vapes - vapebulkp.com","isPartOf":{"@id":"https:\/\/vapebulkp.com\/#website"},"datePublished":"2025-03-28T03:29:59+00:00","dateModified":"2025-09-17T08:39:59+00:00","description":"Buy VAPME GOAT 40000 Puffs Disposable Vape in bulk! Featuring 850mAh rechargeable battery, 30mL e-liquid, Wholesale available at Vapebulkp.com!","breadcrumb":{"@id":"https:\/\/vapebulkp.com\/product\/vapme-goat-40000-puffs-wholesale-disposable-vapes\/#breadcrumb"},"inLanguage":"it-IT","potentialAction":[{"@type":"ReadAction","target":["https:\/\/vapebulkp.com\/product\/vapme-goat-40000-puffs-wholesale-disposable-vapes\/"]}]},{"@type":"BreadcrumbList","@id":"https:\/\/vapebulkp.com\/product\/vapme-goat-40000-puffs-wholesale-disposable-vapes\/#breadcrumb","itemListElement":[{"@type":"ListItem","position":1,"name":"Home","item":"https:\/\/vapebulkp.com\/"},{"@type":"ListItem","position":2,"name":"Hot Trend Vapes","item":"https:\/\/vapebulkp.com\/vape-shop\/"},{"@type":"ListItem","position":3,"name":"VAPME GOAT 40000 Puffs Wholesale Disposable Vapes"}]},{"@type":"WebSite","@id":"https:\/\/vapebulkp.com\/#website","url":"https:\/\/vapebulkp.com\/","name":"vapebulkp.com","description":"Buy Vape In Cheap Bulk Price Near you","publisher":{"@id":"https:\/\/vapebulkp.com\/#organization"},"potentialAction":[{"@type":"SearchAction","target":{"@type":"EntryPoint","urlTemplate":"https:\/\/vapebulkp.com\/?s={search_term_string}"},"query-input":"required name=search_term_string"}],"inLanguage":"it-IT"},{"@type":"Organization","@id":"https:\/\/vapebulkp.com\/#organization","name":"vapebulkp.com","url":"https:\/\/vapebulkp.com\/","logo":{"@type":"ImageObject","inLanguage":"it-IT","@id":"https:\/\/vapebulkp.com\/#\/schema\/logo\/image\/","url":"https:\/\/vapebulkp.com\/wp-content\/uploads\/2023\/09\/cropped-vapebulkp.png","contentUrl":"https:\/\/vapebulkp.com\/wp-content\/uploads\/2023\/09\/cropped-vapebulkp.png","width":516,"height":163,"caption":"vapebulkp.com"},"image":{"@id":"https:\/\/vapebulkp.com\/#\/schema\/logo\/image\/"}}]}},"uagb_featured_image_src":{"full":["https:\/\/vapebulkp.com\/wp-content\/uploads\/2025\/03\/Long-Lasting-VAPME-GOAT-40000-Puff-Vape-Pen.webp",800,800,false],"thumbnail":["https:\/\/vapebulkp.com\/wp-content\/uploads\/2025\/03\/Long-Lasting-VAPME-GOAT-40000-Puff-Vape-Pen-150x150.webp",150,150,true],"medium":["https:\/\/vapebulkp.com\/wp-content\/uploads\/2025\/03\/Long-Lasting-VAPME-GOAT-40000-Puff-Vape-Pen-300x300.webp",300,300,true],"medium_large":["https:\/\/vapebulkp.com\/wp-content\/uploads\/2025\/03\/Long-Lasting-VAPME-GOAT-40000-Puff-Vape-Pen-768x768.webp",768,768,true],"large":["https:\/\/vapebulkp.com\/wp-content\/uploads\/2025\/03\/Long-Lasting-VAPME-GOAT-40000-Puff-Vape-Pen.webp",800,800,false],"1536x1536":["https:\/\/vapebulkp.com\/wp-content\/uploads\/2025\/03\/Long-Lasting-VAPME-GOAT-40000-Puff-Vape-Pen.webp",800,800,false],"2048x2048":["https:\/\/vapebulkp.com\/wp-content\/uploads\/2025\/03\/Long-Lasting-VAPME-GOAT-40000-Puff-Vape-Pen.webp",800,800,false],"trp-custom-language-flag":["https:\/\/vapebulkp.com\/wp-content\/uploads\/2025\/03\/Long-Lasting-VAPME-GOAT-40000-Puff-Vape-Pen.webp",12,12,false],"woocommerce_thumbnail":["https:\/\/vapebulkp.com\/wp-content\/uploads\/2025\/03\/Long-Lasting-VAPME-GOAT-40000-Puff-Vape-Pen-300x300.webp",300,300,true],"woocommerce_single":["https:\/\/vapebulkp.com\/wp-content\/uploads\/2025\/03\/Long-Lasting-VAPME-GOAT-40000-Puff-Vape-Pen-600x600.webp",600,600,true],"woocommerce_gallery_thumbnail":["https:\/\/vapebulkp.com\/wp-content\/uploads\/2025\/03\/Long-Lasting-VAPME-GOAT-40000-Puff-Vape-Pen-100x100.webp",100,100,true],"wcpr-photo-reviews":["https:\/\/vapebulkp.com\/wp-content\/uploads\/2025\/03\/Long-Lasting-VAPME-GOAT-40000-Puff-Vape-Pen.webp",500,500,false]},"uagb_author_info":{"display_name":"Mandy vape bulk price","author_link":"https:\/\/vapebulkp.com\/it\/author\/"},"uagb_comment_info":0,"uagb_excerpt":"VAPME GOAT 40000 Puffs is a top-tier wholesale disposable vape, designed for retailers and distributors seeking high-demand, long-lasting vaping solutions. Featuring an 850mAh rechargeable battery with Type-C fast charging, this device ensures extended use with consistent power output, making it a standout choice for both casual and advanced vapers. Pls Contact Mandy's WhatsApp For Discount&hellip;","_links":{"self":[{"href":"https:\/\/vapebulkp.com\/it\/wp-json\/wp\/v2\/product\/3624","targetHints":{"allow":["GET"]}}],"collection":[{"href":"https:\/\/vapebulkp.com\/it\/wp-json\/wp\/v2\/product"}],"about":[{"href":"https:\/\/vapebulkp.com\/it\/wp-json\/wp\/v2\/types\/product"}],"replies":[{"embeddable":true,"href":"https:\/\/vapebulkp.com\/it\/wp-json\/wp\/v2\/comments?post=3624"}],"wp:featuredmedia":[{"embeddable":true,"href":"https:\/\/vapebulkp.com\/it\/wp-json\/wp\/v2\/media\/3605"}],"wp:attachment":[{"href":"https:\/\/vapebulkp.com\/it\/wp-json\/wp\/v2\/media?parent=3624"}],"wp:term":[{"taxonomy":"product_cat","embeddable":true,"href":"https:\/\/vapebulkp.com\/it\/wp-json\/wp\/v2\/product_cat?post=3624"},{"taxonomy":"product_tag","embeddable":true,"href":"https:\/\/vapebulkp.com\/it\/wp-json\/wp\/v2\/product_tag?post=3624"}],"curies":[{"name":"wp","href":"https:\/\/api.w.org\/{rel}","templated":true}]}}