{"id":3752,"date":"2025-05-07T09:27:59","date_gmt":"2025-05-07T07:27:59","guid":{"rendered":"https:\/\/vapebulkp.com\/?post_type=product&#038;p=3752"},"modified":"2025-09-24T05:57:33","modified_gmt":"2025-09-24T03:57:33","slug":"al-fakher-crystal-8000-puffs-crown-bar-wholesale-disposable-vapes","status":"publish","type":"product","link":"https:\/\/vapebulkp.com\/it\/product\/al-fakher-crystal-8000-puffs-crown-bar-wholesale-disposable-vapes\/","title":{"rendered":"Al Fakher Crystal 8000 Puffs Crown Bar Sigarette Elettroniche Monouso Ingrosso"},"content":{"rendered":"<h2 style=\"text-align: left\">Al Fakher Crystal 8000 Puffs Crown Bar Sigarette Elettroniche Monouso Ingrosso<\/h2>\n<p>La sigaretta elettronica monouso Al Fakher Crystal 8000 Puffs \u00e8 progettata per i vapers che cercano potenza e precisione. Questo dispositivo non \u00e8 solo una sigaretta elettronica monouso ad alta capacit\u00e0; \u00e8 un sofisticato strumento per svapare che offre un'esperienza veramente fluida e potente. \u00c8 la scelta perfetta per gli amanti del DTL (Direct-to-Lung) e per chiunque cerchi uno svapo deciso e ricco di sapore.<\/p>\n<p>Con una capacit\u00e0 enorme di 8000 tiri, Al Fakher Crystal offre una longevit\u00e0 ineguagliabile. Lo schermo intelligente integrato ti d\u00e0 il controllo completo mostrando in tempo reale la durata della batteria, il livello del liquido e la modalit\u00e0 corrente. Puoi scegliere tra la Modalit\u00e0 Eco per un uso prolungato e la Modalit\u00e0 Boost per il massimo del vapore e dell'intensit\u00e0 di sapore, grazie alla sua Tecnologia Big Puff.<\/p>\n<p>Il dispositivo \u00e8 dotato di una potente batteria ricaricabile con ricarica rapida Type-C, garantendo che tu sia sempre pronto a svapare. La sua costruzione premium e il flusso d'aria ottimizzato lavorano insieme per produrre nuvole incredibilmente dense e un gusto costantemente deciso. Ideale per l'uso quotidiano o per i viaggi, Al Fakher Crystal \u00e8 una scelta eccellente per <a href=\"https:\/\/vapebulkp.com\/it\/ot-disposable-vapes-europe\/\">gli acquirenti all'ingrosso di sigarette elettroniche in Italia<\/a> che cercano un prodotto molto richiesto e ad alte prestazioni.<\/p>\n<h6>Contatta il WhatsApp di Mandy per un prezzo scontato<a href=\"https:\/\/wa.me\/8618077105796\">+8618077105796<\/a><\/h6>\n<p><img decoding=\"async\" class=\"alignnone wp-image-2151\" src=\"http:\/\/vapebulkp.com\/wp-content\/uploads\/2024\/04\/Mandy-WhatsApp-Randm.jpg\" alt=\"Mandy WhatsApp Randm\" width=\"324\" height=\"330\" \/><\/p>\n<div class=\"flex max-w-full flex-col flex-grow\">\n<div class=\"min-h-8 text-message flex w-full flex-col items-end gap-2 whitespace-normal break-words text-start [.text-message+&amp;]:mt-5\" dir=\"auto\" data-message-author-role=\"assistant\" data-message-id=\"d24cf626-c018-4805-80f5-44de047f2ba0\" data-message-model-slug=\"gpt-4o\">\n<div class=\"flex w-full flex-col gap-1 empty:hidden first:pt-[3px]\">\n<div class=\"markdown prose w-full break-words dark:prose-invert light\">\n<h2>Perch\u00e9 Acquistare Al Fakher Crystal 8000 Puffs Crown Bar da <a href=\"https:\/\/vapebulkp.com\/it\/vape-shop\/\">Vapebulkp.com<\/a>?<\/h2>\n<p class=\"\" data-start=\"1686\" data-end=\"1863\">Su Vapebulkp.com, ottieni le migliori offerte all'ingrosso per Al Fakher Crystal 8000 Puffs Crown Bar, con prodotti autentici garantiti, prezzi competitivi e spedizione veloce in tutta Italia. Offriamo sconti per ordini superiori a 1000 pezzi, facile tracciabilit\u00e0 e un eccellente servizio clienti. Con doppie modalit\u00e0 di svapo, batteria ricaricabile e sapori ricchi, questa sigaretta elettronica monouso ad alta capacit\u00e0 \u00e8 una scelta top per rivenditori e proprietari di negozi di sigarette elettroniche. Acquista ora e goditi una fornitura affidabile per la tua attivit\u00e0.<\/p>\n<\/div>\n<\/div>\n<\/div>\n<\/div>\n<h2>Specifiche Chiave Al Fakher Crystal 8000 Puff:<\/h2>\n<ul data-start=\"113\" data-end=\"479\">\n<li class=\"\" data-start=\"113\" data-end=\"149\">\n<p class=\"\" data-start=\"115\" data-end=\"149\"><strong data-start=\"115\" data-end=\"130\">Numero di Puff:<\/strong> Fino a 8000 tiri<\/p>\n<\/li>\n<li class=\"\" data-start=\"150\" data-end=\"205\">\n<p class=\"\" data-start=\"152\" data-end=\"205\"><strong data-start=\"152\" data-end=\"164\">Batteria:<\/strong> Ricaricabile con ricarica rapida Type-C<\/p>\n<\/li>\n<li class=\"\" data-start=\"206\" data-end=\"251\">\n<p class=\"\" data-start=\"208\" data-end=\"251\"><strong data-start=\"208\" data-end=\"225\">Modalit\u00e0 di Svapo:<\/strong> Modalit\u00e0 Eco e Modalit\u00e0 Boost<\/p>\n<\/li>\n<li class=\"\" data-start=\"252\" data-end=\"315\">\n<p class=\"\" data-start=\"254\" data-end=\"315\"><strong data-start=\"254\" data-end=\"273\">Display:<\/strong> Mostra batteria, livello del liquido e modalit\u00e0<\/p>\n<\/li>\n<li class=\"\" data-start=\"316\" data-end=\"365\">\n<p class=\"\" data-start=\"318\" data-end=\"365\"><strong data-start=\"318\" data-end=\"329\">Design:<\/strong> Struttura premium con flusso d'aria fluido<\/p>\n<\/li>\n<li class=\"\" data-start=\"366\" data-end=\"429\">\n<p class=\"\" data-start=\"368\" data-end=\"429\"><strong data-start=\"368\" data-end=\"392\">Tecnologia Big Puff:<\/strong> Elevata produzione di vapore per nuvole dense<\/p>\n<\/li>\n<li class=\"\" data-start=\"430\" data-end=\"479\">\n<p class=\"\" data-start=\"432\" data-end=\"479\"><strong data-start=\"432\" data-end=\"449\">Stile di svapo:<\/strong> Vaping DTL (Direct-To-Lung)<\/p>\n<\/li>\n<\/ul>\n<h2><strong>Elenco dei gusti all'ingrosso per sigaretta elettronica Al Fakher Crystal 8000 Puffs<\/strong><\/h2>\n<p class=\"selectable-text copyable-text x15bjb6t x1n2onr6\" dir=\"ltr\">1.FESTA DI CILIEGIA<br \/>\n2.GHIACCIO LUSSURGO<br \/>\n3.LEMONE MENTA<br \/>\n4.LEMONADE DI RAZZ BLU<br \/>\n5.GHIACCIO DI RIBES NERO<br \/>\n6.PESCA GHIACCIATA<br \/>\n7.MENTA GOMMA<br \/>\n8.MANGO FRESCO<br \/>\n9.GHIACCIO DI FRUTTI DI BOSCO<br \/>\n10.AMORE DI MANGO<br \/>\n11.PUNCH DI FRAGOLE<br \/>\n12.DUE MELA<br \/>\n13.MENTA UVA<br \/>\n14.SOGNO SPAZIALE<br \/>\n15.GOMMA DI MIRTILLO<br \/>\n16.MENTA DI RIBES NERO<br \/>\n17.BOSCO DI FRUTTI DI BOSCO<br \/>\n18.HUBBA<br \/>\n19.LIMONE E LIME<br \/>\n20.MANGO E ANANAS<br \/>\n21.UVA E FRUTTI DI BOSCO<br \/>\n22.MIRTILLO E MENTA<br \/>\n23.MENTA<br \/>\n24.ARANCIA E MENTA<br \/>\n25.MIRTILLO E LAMPONE<br \/>\n26.MIRTILLO, FRAGOLA E LAMPONE<br \/>\n27.FRUTTI DI BOSCO MISTI<br \/>\n28.CILIEGIA ICE<br \/>\n29.CILIEGIA FIZZ<br \/>\n30.ANANAS ICE<br \/>\n31.ANGURIA ANANAS<br \/>\n32.MENTOLO<br \/>\n33.MENTA ROMANA<br \/>\n34.SOGNO D'ESTATE<br \/>\n35.LIMONATA AI MIRTILLI<br \/>\n36.POP DI PASSIONE<br \/>\n37.MIRTILLO CILIEGIA<br \/>\n38.LIMONE CILIEGIA FIZZ<br \/>\n39.FRAGOLA CILIEGIA<br \/>\n40.ICEBLUE<br \/>\n41.ANGURIA KIWI<br \/>\n42.BLAST RAZZ BLUE<\/p>\n<p><span style=\"vertical-align: inherit\">Trova altri prodotti che potrebbero piacerti:<\/span><em><a href=\"https:\/\/wa.me\/8618077105796\"><span style=\"vertical-align: inherit\">\u00a0Compralo ora<\/span><\/a><\/em><\/p>\n<p><span style=\"vertical-align: inherit\">Altri Tiri che potrebbero interessarti:<\/span><a href=\"https:\/\/vapebulkp.com\/it\/product\/vopk-60000-puffs-top-sale-disposable-vape-pen\/\"><span style=\"vertical-align: inherit\">VOPK 60000 Tiri<\/span><\/a><span style=\"vertical-align: inherit\">\u3001<\/span><a href=\"https:\/\/vapebulkp.com\/it\/product\/bang-king-45000-puffs-disposable-vape-best-selling-high-capacity\/\"><span style=\"vertical-align: inherit\">Bang King 45000 Puff<\/span><\/a><span style=\"vertical-align: inherit\">\/ <\/span><a href=\"https:\/\/vapebulkp.com\/it\/product\/waspe-3in1-60000-puffs-disposable-vape-high-capacity\/\"><span style=\"vertical-align: inherit\">WASPE 3 in 1 60000 Puff<\/span><\/a><span style=\"vertical-align: inherit\">\/ <\/span><a href=\"https:\/\/vapebulkp.com\/it\/product\/bang-kingdoms-rex-nos-50000-puffs-high-capacity-vape-device\/\"><span style=\"vertical-align: inherit\">\u00a0Bang Kingdoms rex nos 50000 Puff<\/span><\/a><\/p>\n<h3 class=\"\" data-start=\"62\" data-end=\"118\"><strong data-start=\"66\" data-end=\"118\">FAQ Al Fakher Crystal 8000 Puffs Vape Pods<\/strong><\/h3>\n<p class=\"\" data-start=\"120\" data-end=\"254\"><strong data-start=\"120\" data-end=\"201\">D: Qual \u00e8 la quantit\u00e0 minima d'ordine (MOQ) per Al Fakher Crystal 8000 Puffs?<\/strong><br data-start=\"201\" data-end=\"204\" \/>R: L'ordine minimo \u00e8 <strong data-start=\"228\" data-end=\"253\">200 pezzi per gusto<\/strong>.<\/p>\n<p class=\"\" data-start=\"256\" data-end=\"391\"><strong data-start=\"256\" data-end=\"314\">D: Quanto tempo ci vuole per la consegna dopo aver effettuato un ordine?<\/strong><br data-start=\"314\" data-end=\"317\" \/>R: La consegna richiede solitamente <strong data-start=\"343\" data-end=\"357\">10-15 giorni<\/strong> dopo che la spedizione \u00e8 stata spedita.<\/p>\n<p class=\"\" data-start=\"393\" data-end=\"564\"><strong data-start=\"393\" data-end=\"428\">D: Quanto costa la spedizione?<\/strong><br data-start=\"428\" data-end=\"431\" \/>R: I costi di spedizione dipendono dal peso totale del tuo ordine. Per favore <strong data-start=\"498\" data-end=\"512\">contattaci<\/strong> per un preventivo di spedizione esatto basato sulla tua quantit\u00e0.<\/p>\n<p class=\"\" data-start=\"566\" data-end=\"895\"><strong data-start=\"566\" data-end=\"599\">D: Spedite nel mio paese?<\/strong><br data-start=\"599\" data-end=\"602\" \/>R: S\u00ec, spediamo nella maggior parte dei paesi europei, tra cui <strong data-start=\"656\" data-end=\"880\">Paesi Bassi, Germania, Francia, Spagna, Italia, Belgio, Lussemburgo, Austria, Repubblica Ceca, Slovacchia, Ungheria, Slovenia, Romania, Bulgaria, Grecia, Polonia, Svezia, Irlanda, Portogallo, Finlandia, Estonia, Lettonia e Lituania<\/strong>, tra gli altri.<\/p>\n<p class=\"\" data-start=\"897\" data-end=\"1060\"><strong data-start=\"897\" data-end=\"945\">D: Posso ottenere un prezzo migliore se ordino di pi\u00f9?<\/strong><br data-start=\"945\" data-end=\"948\" \/>R: S\u00ec, ordini di <strong data-start=\"966\" data-end=\"989\">1000 pezzi o pi\u00f9<\/strong> hanno diritto a prezzi scontati. Per favore contattaci per tariffe all'ingrosso.<\/p>\n<p class=\"\" data-start=\"1062\" data-end=\"1240\"><strong data-start=\"1062\" data-end=\"1117\">D: Ricever\u00f2 un numero di tracciamento dopo la spedizione?<\/strong><br data-start=\"1117\" data-end=\"1120\" \/>R: S\u00ec, una volta che il tuo ordine viene spedito, ti forniremo un <strong data-start=\"1169\" data-end=\"1206\">numero di tracciamento e un link di tracciamento<\/strong> in modo che tu possa monitorare la tua consegna.<\/p>\n<p class=\"\" data-start=\"1242\" data-end=\"1442\"><strong data-start=\"1242\" data-end=\"1286\">D: Esiste una politica di reso o di garanzia?<\/strong><br data-start=\"1286\" data-end=\"1289\" \/>R: Non accettiamo resi o rimborsi per problemi non di qualit\u00e0. Per <strong data-start=\"1356\" data-end=\"1376\">problemi di qualit\u00e0<\/strong>, si prega di fornire <strong data-start=\"1393\" data-end=\"1420\">prove video o fotografiche<\/strong> cos\u00ec possiamo aiutarti.<\/p>\n<h3>Dettaglio spedizione:<\/h3>\n<p><span style=\"color: #ff6600\">Tempo di produzione: 5-10 giorni lavorativi<\/span><br \/>\n<span style=\"color: #ff6600\">Tempo di spedizione: 8-14 giorni lavorativi<\/span><\/p>\n<p>Tutti i prodotti nel nostro negozio sono originali e autentici al 100%, per cui il risarcimento dieci volte superiore per merce contraffatta \u00e8 la nostra politica aziendale. Utilizziamo canali logistici come UPS\/DHL\/FEDEX\/DPD per consegnare la merce.<\/p>\n<p>Per i pacchi spediti in Italia, di solito occorrono 10 giorni lavorativi per l'arrivo. Le spedizioni verso altri Paesi europei impiegano solitamente dai 12 ai 15 giorni lavorativi per l'arrivo. Aggiorneremo le informazioni logistiche per te in tempo reale.<\/p>","protected":false},"excerpt":{"rendered":"<p class=\"\" data-start=\"121\" data-end=\"211\">Acquista le sigarette elettroniche Al Fakher Crystal 8000 Puffs \u2014 doppia modalit\u00e0, ricaricabili con Type-C, grandi nuvole di vapore, svapo DTL fluido, display. Spedizione veloce.<\/p>\n<p>Contatta il WhatsApp di Mandy per un prezzo scontato<a href=\"https:\/\/wa.me\/8618077105796\">+8618077105796<\/a><\/p>\n<p><img decoding=\"async\" class=\"alignnone wp-image-2151\" src=\"http:\/\/vapebulkp.com\/wp-content\/uploads\/2024\/04\/Mandy-WhatsApp-Randm.jpg\" alt=\"Mandy WhatsApp Randm\" width=\"297\" height=\"316\" srcset=\"https:\/\/vapebulkp.com\/wp-content\/uploads\/2024\/04\/Mandy-WhatsApp-Randm.jpg 916w, https:\/\/vapebulkp.com\/wp-content\/uploads\/2024\/04\/Mandy-WhatsApp-Randm-282x300.jpg 282w, https:\/\/vapebulkp.com\/wp-content\/uploads\/2024\/04\/Mandy-WhatsApp-Randm-768x817.jpg 768w, https:\/\/vapebulkp.com\/wp-content\/uploads\/2024\/04\/Mandy-WhatsApp-Randm-600x638.jpg 600w\" sizes=\"(max-width: 297px) 100vw, 297px\" \/><\/p>\n<p><span style=\"color: #ff0000\">NOTA: I prezzi sul nostro sito non includono i costi di spedizione<\/span><\/p>\n<p>&nbsp;<\/p>","protected":false},"featured_media":3751,"comment_status":"open","ping_status":"closed","template":"","meta":{"_uag_custom_page_level_css":"","_lmt_disableupdate":"no","_lmt_disable":"","site-sidebar-layout":"default","site-content-layout":"content-boxed-container","ast-site-content-layout":"normal-width-container","site-content-style":"boxed","site-sidebar-style":"unboxed","ast-global-header-display":"","ast-banner-title-visibility":"","ast-main-header-display":"","ast-hfb-above-header-display":"","ast-hfb-below-header-display":"","ast-hfb-mobile-header-display":"","site-post-title":"","ast-breadcrumbs-content":"","ast-featured-img":"","footer-sml-layout":"","theme-transparent-header-meta":"default","adv-header-id-meta":"","stick-header-meta":"","header-above-stick-meta":"","header-main-stick-meta":"","header-below-stick-meta":"","astra-migrate-meta-layouts":"set","_joinchat":[]},"product_cat":[194,343,153,155,33,59,100,34,158,157,154,152,58,84,156,63,32],"product_tag":[36,37,245,41,286,40],"class_list":["post-3752","product","type-product","status-publish","has-post-thumbnail","hentry","product_cat-50000-puffs-disposable-vape","product_cat-al-fakher-vape","product_cat-hot-disposable-vapes","product_cat-belgium-hot-disposable-vapes","product_cat-france-vape-hot-sale","product_cat-germany-hot-disposable-vape","product_cat-germany-wholesale-vape-shop","product_cat-netherlands-vape-good-sale","product_cat-norway-hot-disposable-vapes","product_cat-poland-hot-disposable-vapes","product_cat-portugal-hot-disposable-vapes","product_cat-spain-hot-disposable-vapes","product_cat-sweden-hot-disposable-vape","product_cat-sweden-wholesale-vape","product_cat-switzerland-hot-disposable-vapes","product_cat-top-sale-disposable-vape","product_cat-vape-hot-sale-this-week","product_tag-good-vape","product_tag-hot-sale-disposable-vape","product_tag-mr-goodie-dual-mode-king-50000-puffs","product_tag-poland-hot-vape","product_tag-puffs-stock-in-europe","product_tag-sweden-hot-vape","pa_brand-al-fakher-vape","desktop-align-left","tablet-align-left","mobile-align-left"],"yoast_head":"<!-- This site is optimized with the Yoast SEO plugin v21.1 - https:\/\/yoast.com\/wordpress\/plugins\/seo\/ -->\n<title>Al Fakher Crystal 8000 Puffs Crown Bar Wholesale Disposable Vapes - vapebulkp.com<\/title>\n<meta name=\"description\" content=\"Get Al Fakher Crystal 8000 Puffs Vape \u2014 dual mode, Type-C rechargeable, big clouds, smooth DTL vaping, screen display. Fast shipping &amp; wholesale deals.\" \/>\n<meta name=\"robots\" content=\"index, follow, max-snippet:-1, max-image-preview:large, max-video-preview:-1\" \/>\n<link rel=\"canonical\" href=\"https:\/\/vapebulkp.com\/it\/product\/al-fakher-crystal-8000-puffs-crown-bar-wholesale-disposable-vapes\/\" \/>\n<meta property=\"og:locale\" content=\"it_IT\" \/>\n<meta property=\"og:type\" content=\"article\" \/>\n<meta property=\"og:title\" content=\"Al Fakher Crystal 8000 Puffs Crown Bar Wholesale Disposable Vapes - vapebulkp.com\" \/>\n<meta property=\"og:description\" content=\"Get Al Fakher Crystal 8000 Puffs Vape \u2014 dual mode, Type-C rechargeable, big clouds, smooth DTL vaping, screen display. Fast shipping &amp; wholesale deals.\" \/>\n<meta property=\"og:url\" content=\"https:\/\/vapebulkp.com\/it\/product\/al-fakher-crystal-8000-puffs-crown-bar-wholesale-disposable-vapes\/\" \/>\n<meta property=\"og:site_name\" content=\"vapebulkp.com\" \/>\n<meta property=\"article:modified_time\" content=\"2025-09-24T03:57:33+00:00\" \/>\n<meta property=\"og:image\" content=\"http:\/\/vapebulkp.com\/wp-content\/uploads\/2025\/05\/Shop-Al-Fakher-Crystal-8000-Puffs-Wholesale-Vape.webp\" \/>\n\t<meta property=\"og:image:width\" content=\"800\" \/>\n\t<meta property=\"og:image:height\" content=\"800\" \/>\n\t<meta property=\"og:image:type\" content=\"image\/webp\" \/>\n<meta name=\"twitter:card\" content=\"summary_large_image\" \/>\n<meta name=\"twitter:label1\" content=\"Tempo di lettura stimato\" \/>\n\t<meta name=\"twitter:data1\" content=\"4 minuti\" \/>\n<script type=\"application\/ld+json\" class=\"yoast-schema-graph\">{\"@context\":\"https:\/\/schema.org\",\"@graph\":[{\"@type\":\"WebPage\",\"@id\":\"https:\/\/vapebulkp.com\/product\/al-fakher-crystal-8000-puffs-crown-bar-wholesale-disposable-vapes\/\",\"url\":\"https:\/\/vapebulkp.com\/product\/al-fakher-crystal-8000-puffs-crown-bar-wholesale-disposable-vapes\/\",\"name\":\"Al Fakher Crystal 8000 Puffs Crown Bar Wholesale Disposable Vapes - vapebulkp.com\",\"isPartOf\":{\"@id\":\"https:\/\/vapebulkp.com\/#website\"},\"datePublished\":\"2025-05-07T07:27:59+00:00\",\"dateModified\":\"2025-09-24T03:57:33+00:00\",\"description\":\"Get Al Fakher Crystal 8000 Puffs Vape \u2014 dual mode, Type-C rechargeable, big clouds, smooth DTL vaping, screen display. Fast shipping & wholesale deals.\",\"breadcrumb\":{\"@id\":\"https:\/\/vapebulkp.com\/product\/al-fakher-crystal-8000-puffs-crown-bar-wholesale-disposable-vapes\/#breadcrumb\"},\"inLanguage\":\"it-IT\",\"potentialAction\":[{\"@type\":\"ReadAction\",\"target\":[\"https:\/\/vapebulkp.com\/product\/al-fakher-crystal-8000-puffs-crown-bar-wholesale-disposable-vapes\/\"]}]},{\"@type\":\"BreadcrumbList\",\"@id\":\"https:\/\/vapebulkp.com\/product\/al-fakher-crystal-8000-puffs-crown-bar-wholesale-disposable-vapes\/#breadcrumb\",\"itemListElement\":[{\"@type\":\"ListItem\",\"position\":1,\"name\":\"Home\",\"item\":\"https:\/\/vapebulkp.com\/\"},{\"@type\":\"ListItem\",\"position\":2,\"name\":\"Hot Trend Vapes\",\"item\":\"https:\/\/vapebulkp.com\/vape-shop\/\"},{\"@type\":\"ListItem\",\"position\":3,\"name\":\"Al Fakher Crystal 8000 Puffs Crown Bar Wholesale Disposable Vapes\"}]},{\"@type\":\"WebSite\",\"@id\":\"https:\/\/vapebulkp.com\/#website\",\"url\":\"https:\/\/vapebulkp.com\/\",\"name\":\"vapebulkp.com\",\"description\":\"Buy Vape In Cheap Bulk Price Near you\",\"publisher\":{\"@id\":\"https:\/\/vapebulkp.com\/#organization\"},\"potentialAction\":[{\"@type\":\"SearchAction\",\"target\":{\"@type\":\"EntryPoint\",\"urlTemplate\":\"https:\/\/vapebulkp.com\/?s={search_term_string}\"},\"query-input\":\"required name=search_term_string\"}],\"inLanguage\":\"it-IT\"},{\"@type\":\"Organization\",\"@id\":\"https:\/\/vapebulkp.com\/#organization\",\"name\":\"vapebulkp.com\",\"url\":\"https:\/\/vapebulkp.com\/\",\"logo\":{\"@type\":\"ImageObject\",\"inLanguage\":\"it-IT\",\"@id\":\"https:\/\/vapebulkp.com\/#\/schema\/logo\/image\/\",\"url\":\"https:\/\/vapebulkp.com\/wp-content\/uploads\/2023\/09\/cropped-vapebulkp.png\",\"contentUrl\":\"https:\/\/vapebulkp.com\/wp-content\/uploads\/2023\/09\/cropped-vapebulkp.png\",\"width\":516,\"height\":163,\"caption\":\"vapebulkp.com\"},\"image\":{\"@id\":\"https:\/\/vapebulkp.com\/#\/schema\/logo\/image\/\"}}]}<\/script>\n<!-- \/ Yoast SEO plugin. -->","yoast_head_json":{"title":"Al Fakher Crystal 8000 Puffs Crown Bar Wholesale Disposable Vapes - vapebulkp.com","description":"Get Al Fakher Crystal 8000 Puffs Vape \u2014 dual mode, Type-C rechargeable, big clouds, smooth DTL vaping, screen display. Fast shipping & wholesale deals.","robots":{"index":"index","follow":"follow","max-snippet":"max-snippet:-1","max-image-preview":"max-image-preview:large","max-video-preview":"max-video-preview:-1"},"canonical":"https:\/\/vapebulkp.com\/it\/product\/al-fakher-crystal-8000-puffs-crown-bar-wholesale-disposable-vapes\/","og_locale":"it_IT","og_type":"article","og_title":"Al Fakher Crystal 8000 Puffs Crown Bar Wholesale Disposable Vapes - vapebulkp.com","og_description":"Get Al Fakher Crystal 8000 Puffs Vape \u2014 dual mode, Type-C rechargeable, big clouds, smooth DTL vaping, screen display. Fast shipping & wholesale deals.","og_url":"https:\/\/vapebulkp.com\/it\/product\/al-fakher-crystal-8000-puffs-crown-bar-wholesale-disposable-vapes\/","og_site_name":"vapebulkp.com","article_modified_time":"2025-09-24T03:57:33+00:00","og_image":[{"width":800,"height":800,"url":"http:\/\/vapebulkp.com\/wp-content\/uploads\/2025\/05\/Shop-Al-Fakher-Crystal-8000-Puffs-Wholesale-Vape.webp","type":"image\/webp"}],"twitter_card":"summary_large_image","twitter_misc":{"Tempo di lettura stimato":"4 minuti"},"schema":{"@context":"https:\/\/schema.org","@graph":[{"@type":"WebPage","@id":"https:\/\/vapebulkp.com\/product\/al-fakher-crystal-8000-puffs-crown-bar-wholesale-disposable-vapes\/","url":"https:\/\/vapebulkp.com\/product\/al-fakher-crystal-8000-puffs-crown-bar-wholesale-disposable-vapes\/","name":"Al Fakher Crystal 8000 Puffs Crown Bar Wholesale Disposable Vapes - vapebulkp.com","isPartOf":{"@id":"https:\/\/vapebulkp.com\/#website"},"datePublished":"2025-05-07T07:27:59+00:00","dateModified":"2025-09-24T03:57:33+00:00","description":"Get Al Fakher Crystal 8000 Puffs Vape \u2014 dual mode, Type-C rechargeable, big clouds, smooth DTL vaping, screen display. Fast shipping & wholesale deals.","breadcrumb":{"@id":"https:\/\/vapebulkp.com\/product\/al-fakher-crystal-8000-puffs-crown-bar-wholesale-disposable-vapes\/#breadcrumb"},"inLanguage":"it-IT","potentialAction":[{"@type":"ReadAction","target":["https:\/\/vapebulkp.com\/product\/al-fakher-crystal-8000-puffs-crown-bar-wholesale-disposable-vapes\/"]}]},{"@type":"BreadcrumbList","@id":"https:\/\/vapebulkp.com\/product\/al-fakher-crystal-8000-puffs-crown-bar-wholesale-disposable-vapes\/#breadcrumb","itemListElement":[{"@type":"ListItem","position":1,"name":"Home","item":"https:\/\/vapebulkp.com\/"},{"@type":"ListItem","position":2,"name":"Hot Trend Vapes","item":"https:\/\/vapebulkp.com\/vape-shop\/"},{"@type":"ListItem","position":3,"name":"Al Fakher Crystal 8000 Puffs Crown Bar Wholesale Disposable Vapes"}]},{"@type":"WebSite","@id":"https:\/\/vapebulkp.com\/#website","url":"https:\/\/vapebulkp.com\/","name":"vapebulkp.com","description":"Buy Vape In Cheap Bulk Price Near you","publisher":{"@id":"https:\/\/vapebulkp.com\/#organization"},"potentialAction":[{"@type":"SearchAction","target":{"@type":"EntryPoint","urlTemplate":"https:\/\/vapebulkp.com\/?s={search_term_string}"},"query-input":"required name=search_term_string"}],"inLanguage":"it-IT"},{"@type":"Organization","@id":"https:\/\/vapebulkp.com\/#organization","name":"vapebulkp.com","url":"https:\/\/vapebulkp.com\/","logo":{"@type":"ImageObject","inLanguage":"it-IT","@id":"https:\/\/vapebulkp.com\/#\/schema\/logo\/image\/","url":"https:\/\/vapebulkp.com\/wp-content\/uploads\/2023\/09\/cropped-vapebulkp.png","contentUrl":"https:\/\/vapebulkp.com\/wp-content\/uploads\/2023\/09\/cropped-vapebulkp.png","width":516,"height":163,"caption":"vapebulkp.com"},"image":{"@id":"https:\/\/vapebulkp.com\/#\/schema\/logo\/image\/"}}]}},"uagb_featured_image_src":{"full":["https:\/\/vapebulkp.com\/wp-content\/uploads\/2025\/05\/Shop-Al-Fakher-Crystal-8000-Puffs-Wholesale-Vape.webp",800,800,false],"thumbnail":["https:\/\/vapebulkp.com\/wp-content\/uploads\/2025\/05\/Shop-Al-Fakher-Crystal-8000-Puffs-Wholesale-Vape-150x150.webp",150,150,true],"medium":["https:\/\/vapebulkp.com\/wp-content\/uploads\/2025\/05\/Shop-Al-Fakher-Crystal-8000-Puffs-Wholesale-Vape-300x300.webp",300,300,true],"medium_large":["https:\/\/vapebulkp.com\/wp-content\/uploads\/2025\/05\/Shop-Al-Fakher-Crystal-8000-Puffs-Wholesale-Vape-768x768.webp",768,768,true],"large":["https:\/\/vapebulkp.com\/wp-content\/uploads\/2025\/05\/Shop-Al-Fakher-Crystal-8000-Puffs-Wholesale-Vape.webp",800,800,false],"1536x1536":["https:\/\/vapebulkp.com\/wp-content\/uploads\/2025\/05\/Shop-Al-Fakher-Crystal-8000-Puffs-Wholesale-Vape.webp",800,800,false],"2048x2048":["https:\/\/vapebulkp.com\/wp-content\/uploads\/2025\/05\/Shop-Al-Fakher-Crystal-8000-Puffs-Wholesale-Vape.webp",800,800,false],"trp-custom-language-flag":["https:\/\/vapebulkp.com\/wp-content\/uploads\/2025\/05\/Shop-Al-Fakher-Crystal-8000-Puffs-Wholesale-Vape.webp",12,12,false],"woocommerce_thumbnail":["https:\/\/vapebulkp.com\/wp-content\/uploads\/2025\/05\/Shop-Al-Fakher-Crystal-8000-Puffs-Wholesale-Vape-300x300.webp",300,300,true],"woocommerce_single":["https:\/\/vapebulkp.com\/wp-content\/uploads\/2025\/05\/Shop-Al-Fakher-Crystal-8000-Puffs-Wholesale-Vape-600x600.webp",600,600,true],"woocommerce_gallery_thumbnail":["https:\/\/vapebulkp.com\/wp-content\/uploads\/2025\/05\/Shop-Al-Fakher-Crystal-8000-Puffs-Wholesale-Vape-100x100.webp",100,100,true],"wcpr-photo-reviews":["https:\/\/vapebulkp.com\/wp-content\/uploads\/2025\/05\/Shop-Al-Fakher-Crystal-8000-Puffs-Wholesale-Vape.webp",500,500,false]},"uagb_author_info":{"display_name":"Mandy vape bulk price","author_link":"https:\/\/vapebulkp.com\/it\/author\/"},"uagb_comment_info":0,"uagb_excerpt":"Get Al Fakher Crystal 8000 Puffs Vapes \u2014 dual mode, Type-C rechargeable, big clouds, smooth DTL vaping, screen display. Fast shipping &amp; wholesale deals. Pls Contact Mandy's WhatsApp For Discount Price+8618077105796 NOTE: Prices on our website does not include shipping costs &nbsp;","_links":{"self":[{"href":"https:\/\/vapebulkp.com\/it\/wp-json\/wp\/v2\/product\/3752","targetHints":{"allow":["GET"]}}],"collection":[{"href":"https:\/\/vapebulkp.com\/it\/wp-json\/wp\/v2\/product"}],"about":[{"href":"https:\/\/vapebulkp.com\/it\/wp-json\/wp\/v2\/types\/product"}],"replies":[{"embeddable":true,"href":"https:\/\/vapebulkp.com\/it\/wp-json\/wp\/v2\/comments?post=3752"}],"wp:featuredmedia":[{"embeddable":true,"href":"https:\/\/vapebulkp.com\/it\/wp-json\/wp\/v2\/media\/3751"}],"wp:attachment":[{"href":"https:\/\/vapebulkp.com\/it\/wp-json\/wp\/v2\/media?parent=3752"}],"wp:term":[{"taxonomy":"product_cat","embeddable":true,"href":"https:\/\/vapebulkp.com\/it\/wp-json\/wp\/v2\/product_cat?post=3752"},{"taxonomy":"product_tag","embeddable":true,"href":"https:\/\/vapebulkp.com\/it\/wp-json\/wp\/v2\/product_tag?post=3752"}],"curies":[{"name":"wp","href":"https:\/\/api.w.org\/{rel}","templated":true}]}}