{"id":3785,"date":"2025-05-23T10:30:15","date_gmt":"2025-05-23T08:30:15","guid":{"rendered":"https:\/\/vapebulkp.com\/?post_type=product&#038;p=3785"},"modified":"2025-09-24T05:56:31","modified_gmt":"2025-09-24T03:56:31","slug":"bang-blaze-60000-puffs-4-in1-disposable-vape-for-wholesale-price","status":"publish","type":"product","link":"https:\/\/vapebulkp.com\/it\/product\/bang-blaze-60000-puffs-4-in1-disposable-vape-for-wholesale-price\/","title":{"rendered":"Bang Blaze 60000 Tiri 4 In1 Svapo Monouso Per Prezzo all'ingrosso"},"content":{"rendered":"<h2 style=\"text-align: left\">Bang Blaze 60000 Tiri 4 In1 Svapo Monouso Per Prezzo all'ingrosso<\/h2>\n<p>Il Bang Blaze <a href=\"https:\/\/vapebulkp.com\/it\/product-category\/60000-puffs-disposable-vape\/\">Vaporizzatore usa e getta da 60000 Puff<\/a> mercato fondendo una capacit\u00e0 senza precedenti con una tecnologia rivoluzionaria. Questa penna vape di nuova generazione \u00e8 progettata per i vapers che richiedono sia versatilit\u00e0 che prestazioni. \u00c8 dotata di un innovativo sistema di aromi 4 in 1 con quattro serbatoi di e-liquid indipendenti, che ti consente di cambiare istantaneamente i sapori per un'esperienza dinamica e coinvolgente.<\/p>\n<p>Questo vaporizzatore ad alto numero di puff \u00e8 costruito per una longevit\u00e0 estrema. Con un'enorme capacit\u00e0 di e-liquid di 60 ml e un monumentale numero di 60.000 puff, il Bang Blaze 60K si distingue come un vaporizzatore di lunga durata di prim'ordine. Fornisce una soddisfazione costante senza il fastidio delle ricariche, rendendolo una scelta affidabile per qualsiasi utente.<\/p>\n<p>Alimentato da una robusta batteria ricaricabile da 650 mAh e da una porta di ricarica rapida di tipo C, questo dispositivo garantisce tempi di inattivit\u00e0 minimi. Lo schermo LED intelligente integrato fornisce aggiornamenti in tempo reale sulla durata della batteria e sul conteggio dei puff, aggiungendo una moderna comodit\u00e0 alle tue sessioni. All'interno, la tecnologia Quad Mesh Coil garantisce un sapore potenziato e un'erogazione fluida di sali di nicotina. Il Bang Blaze 60K \u00e8 il vaporizzatore a bobina mesh ad alta capacit\u00e0 definitivo per coloro che cercano il meglio in termini di sapore, tecnologia e resistenza.<\/p>\n<h6>Contatta il WhatsApp di Mandy per un prezzo scontato<a href=\"https:\/\/wa.me\/8618077105796\">+8618077105796<\/a><\/h6>\n<p><img decoding=\"async\" class=\"alignnone wp-image-2151\" src=\"http:\/\/vapebulkp.com\/wp-content\/uploads\/2024\/04\/Mandy-WhatsApp-Randm.jpg\" alt=\"Mandy WhatsApp Randm\" width=\"324\" height=\"330\" \/><\/p>\n<div class=\"flex max-w-full flex-col flex-grow\">\n<div class=\"min-h-8 text-message flex w-full flex-col items-end gap-2 whitespace-normal break-words text-start [.text-message+&amp;]:mt-5\" dir=\"auto\" data-message-author-role=\"assistant\" data-message-id=\"d24cf626-c018-4805-80f5-44de047f2ba0\" data-message-model-slug=\"gpt-4o\">\n<div class=\"flex w-full flex-col gap-1 empty:hidden first:pt-[3px]\">\n<div class=\"markdown prose w-full break-words dark:prose-invert light\">\n<h2>Perch\u00e9 acquistare il vaporizzatore a bobina mesh Bang Blaze 60000 Puffs su <a href=\"https:\/\/vapebulkp.com\/it\/vape-shop\/\">Vapebulkp.com<\/a>?<\/h2>\n<p data-start=\"217\" data-end=\"570\">Scegliere Vapebulkp.com per acquistare il tuo vaporizzatore a bobina mesh Bang Blaze 60000 Puffs significa ottenere pi\u00f9 di un semplice dispositivo di vaporizzazione usa e getta premium. Offriamo <strong data-start=\"367\" data-end=\"389\">prodotti autentici<\/strong> provenienti direttamente da produttori affidabili, garantendo qualit\u00e0 e sicurezza. I nostri prezzi all'ingrosso competitivi lo rendono conveniente sia che tu stia acquistando per uso personale o per la rivendita all'ingrosso.<\/p>\n<p data-start=\"572\" data-end=\"917\">Su Vapebulkp.com, goditi <strong data-start=\"596\" data-end=\"627\">spedizione veloce in tutta Europa<\/strong>, un supporto clienti affidabile e informazioni dettagliate sui prodotti per aiutarti a fare la scelta migliore per lo svapo. Forniamo una vasta gamma di <strong data-start=\"757\" data-end=\"793\">sigarette elettroniche usa e getta ad alto numero di tiri<\/strong>, incluso l'innovativo Bang Blaze 4 in 1 con tecnologia a bobina quad mesh, batteria ricaricabile e opzioni multi-aroma.<\/p>\n<p data-start=\"919\" data-end=\"1146\">Acquista con fiducia con opzioni di pagamento sicure e una politica di reso senza problemi. Vapebulkp.com \u00e8 il tuo partner di fiducia per <strong data-start=\"1039\" data-end=\"1080\">vaporizzatori usa e getta ricaricabili premium<\/strong> progettati per la variet\u00e0 di sapori e la soddisfazione di svapo di lunga durata.<\/p>\n<\/div>\n<\/div>\n<\/div>\n<\/div>\n<h2>Specifiche chiave del vaporizzatore ad alto numero di puff Bang Vape Blaze 60000:<\/h2>\n<ul data-start=\"276\" data-end=\"1054\">\n<li data-start=\"276\" data-end=\"356\">\n<p data-start=\"278\" data-end=\"356\"><strong data-start=\"278\" data-end=\"292\">Numero di Tiri<\/strong>: Fino a 60.000 puff per uno svapo di lunga durata e ad alte prestazioni<\/p>\n<\/li>\n<li data-start=\"357\" data-end=\"438\">\n<p data-start=\"359\" data-end=\"438\"><strong data-start=\"359\" data-end=\"380\">Capacit\u00e0 E-liquid<\/strong>: Preriempito con 60 ml di e-liquid premium ai sali di nicotina<\/p>\n<\/li>\n<li data-start=\"439\" data-end=\"518\">\n<p data-start=\"441\" data-end=\"518\"><strong data-start=\"441\" data-end=\"461\">Capacit\u00e0 della batteria<\/strong>: Batteria ricaricabile integrata da 650 mAh per un uso prolungato<\/p>\n<\/li>\n<li data-start=\"519\" data-end=\"601\">\n<p data-start=\"521\" data-end=\"601\"><strong data-start=\"521\" data-end=\"538\">Porta di Ricarica<\/strong>: Ricarica rapida Type-C per ricariche comode ed efficienti<\/p>\n<\/li>\n<li data-start=\"602\" data-end=\"692\">\n<p data-start=\"604\" data-end=\"692\"><strong data-start=\"604\" data-end=\"617\">Tipo di Coil<\/strong>: Bobina a maglia quadrupla avanzata per un vapore pi\u00f9 fluido e un'erogazione di sapore migliorata<\/p>\n<\/li>\n<li data-start=\"693\" data-end=\"780\">\n<p data-start=\"695\" data-end=\"780\"><strong data-start=\"695\" data-end=\"713\">Schermo Display<\/strong>: Schermo LED intelligente che mostra il livello della batteria e il conteggio dei tiri in tempo reale<\/p>\n<\/li>\n<li data-start=\"781\" data-end=\"880\">\n<p data-start=\"783\" data-end=\"880\"><strong data-start=\"783\" data-end=\"812\">Opzioni di livello di nicotina<\/strong>: Disponibile in 0%, 2%, 3% e 5% per soddisfare una variet\u00e0 di preferenze<\/p>\n<\/li>\n<li data-start=\"881\" data-end=\"970\">\n<p data-start=\"883\" data-end=\"970\"><strong data-start=\"883\" data-end=\"900\">Peso del dispositivo<\/strong>: Circa 150 g (imballaggio incluso), leggero e portatile<\/p>\n<\/li>\n<li data-start=\"971\" data-end=\"1054\">\n<p data-start=\"973\" data-end=\"1054\"><strong data-start=\"973\" data-end=\"987\">Dimensioni<\/strong>: Circa 120 mm \u00d7 30 mm \u00d7 30 mm, progettato per un comfort ergonomico<\/p>\n<\/li>\n<\/ul>\n<h2><strong>Bang Blaze 60k 4 in 1 Vape Pods Elenco dei gusti<\/strong><\/h2>\n<p class=\"selectable-text copyable-text x15bjb6t x1n2onr6\" dir=\"ltr\">1. Ghiaccio ai mirtilli<br \/>\n2. Lampone ai mirtilli<br \/>\n3. Lampone ai mirtilli<br \/>\n4. Energy Drink<br \/>\n5. Energy Drink<br \/>\n6. Mango alla fragola<br \/>\n7. Mango alla fragola<br \/>\n8. Anguria alla fragola<br \/>\n9. Anguria alla fragola<br \/>\n10. Ghiaccio all'anguria<br \/>\n11. Ghiaccio all'anguria<br \/>\n12. Ghiaccio al mirtillo<\/p>\n<p><span style=\"vertical-align: inherit\">Trova altri prodotti che potrebbero piacerti:<\/span><em><a href=\"https:\/\/wa.me\/8618077105796\"><span style=\"vertical-align: inherit\">\u00a0Compralo ora<\/span><\/a><\/em><\/p>\n<p><span style=\"vertical-align: inherit\">Altri Tiri che potrebbero interessarti:<\/span><a href=\"https:\/\/vapebulkp.com\/it\/product\/vopk-60000-puffs-top-sale-disposable-vape-pen\/\"><span style=\"vertical-align: inherit\">VOPK 60000 Tiri<\/span><\/a><span style=\"vertical-align: inherit\">\u3001<\/span><a href=\"https:\/\/vapebulkp.com\/it\/product\/bang-king-45000-puffs-disposable-vape-best-selling-high-capacity\/\"><span style=\"vertical-align: inherit\">Bang King 45000 Puff<\/span><\/a><span style=\"vertical-align: inherit\">\/ <\/span><a href=\"https:\/\/vapebulkp.com\/it\/product\/waspe-3in1-60000-puffs-disposable-vape-high-capacity\/\"><span style=\"vertical-align: inherit\">WASPE 3 in 1 60000 Puff<\/span><\/a><span style=\"vertical-align: inherit\">\/<\/span><span style=\"vertical-align: inherit\">\u00a0<\/span><a href=\"https:\/\/vapebulkp.com\/it\/product\/wholesale-price-bang-leader-80000-puffs-vape-device\/\"><span style=\"vertical-align: inherit\"> Bang Leader 80000 Puff\u00a0<\/span><\/a><\/p>\n<h3 class=\"\" data-start=\"62\" data-end=\"118\"><strong data-start=\"66\" data-end=\"118\">Bang Blaze 60000 Puff vaporizzatore usa e getta ricaricabile FAQ<\/strong><\/h3>\n<p data-start=\"221\" data-end=\"444\"><strong data-start=\"221\" data-end=\"283\">Q1: Quanti puff offre il vaporizzatore Bang Blaze 60000?<\/strong><br data-start=\"283\" data-end=\"286\" \/>A1: Il vaporizzatore usa e getta ricaricabile Bang Blaze offre fino a 60.000 puff, rendendolo adatto per lo svapo a lungo termine senza la necessit\u00e0 di sostituzioni frequenti.<\/p>\n<p data-start=\"446\" data-end=\"632\"><strong data-start=\"446\" data-end=\"496\">Q2: Il vaporizzatore Bang Blaze 60000 \u00e8 ricaricabile?<\/strong><br data-start=\"496\" data-end=\"499\" \/>A2: S\u00ec, \u00e8 dotato di una batteria ricaricabile integrata da 650 mAh con una comoda porta di ricarica di tipo C per una ricarica rapida ed efficiente.<\/p>\n<p data-start=\"634\" data-end=\"861\"><strong data-start=\"634\" data-end=\"704\">Q3: Posso cambiare i gusti sul vaporizzatore usa e getta Bang Blaze 4-in-1?<\/strong><br data-start=\"704\" data-end=\"707\" \/>A3: Assolutamente. Questo dispositivo ha quattro serbatoi indipendenti, che ti consentono di passare istantaneamente tra quattro diversi gusti senza trasportare pi\u00f9 dispositivi.<\/p>\n<p data-start=\"1213\" data-end=\"1378\"><strong data-start=\"1213\" data-end=\"1268\">Q6: Che tipo di resistenza utilizza il vaporizzatore Bang Blaze?<\/strong><br data-start=\"1268\" data-end=\"1271\" \/>A6: \u00c8 dotato di avanzate resistenze a quad mesh che offrono vapore uniforme e sapore ricco ad ogni puff.<\/p>\n<p data-start=\"1380\" data-end=\"1520\"><strong data-start=\"1380\" data-end=\"1423\">Q7: Qual \u00e8 la capacit\u00e0 di e-liquid per Bang Blaze 60k puffs?<\/strong><br data-start=\"1423\" data-end=\"1426\" \/>A7: Il vape contiene 60 ml di e-liquid al sale di nicotina pre-riempito di alta qualit\u00e0 per un uso prolungato.<\/p>\n<p data-start=\"1522\" data-end=\"1735\"><strong data-start=\"1522\" data-end=\"1574\">Q8: Questo vape usa e getta \u00e8 adatto per i viaggi?<\/strong><br data-start=\"1574\" data-end=\"1577\" \/>A8: S\u00ec, nonostante la sua grande capacit\u00e0 e le funzionalit\u00e0 avanzate, il vape Bang Blaze 60000 \u00e8 compatto e portatile, il che lo rende ideale per i viaggi e per il vaping in movimento.<\/p>\n<h3>Dettaglio spedizione:<\/h3>\n<p><span style=\"color: #ff6600\">Tempo di produzione: 5-10 giorni lavorativi<\/span><br \/>\n<span style=\"color: #ff6600\">Tempo di spedizione: 8-14 giorni lavorativi<\/span><\/p>\n<p>Tutti i prodotti nel nostro negozio sono originali e autentici al 100%, per cui il risarcimento dieci volte superiore per merce contraffatta \u00e8 la nostra politica aziendale. Utilizziamo canali logistici come UPS\/DHL\/FEDEX\/DPD per consegnare la merce.<\/p>\n<p>Per i pacchi spediti in Italia, di solito occorrono 10 giorni lavorativi per l'arrivo. Le spedizioni verso altri Paesi europei impiegano solitamente dai 12 ai 15 giorni lavorativi per l'arrivo. Aggiorneremo le informazioni logistiche per te in tempo reale.<\/p>","protected":false},"excerpt":{"rendered":"<p class=\"\" data-start=\"121\" data-end=\"211\">Il vaporizzatore Bang Blaze 60K 4in1 offre uno svapo di lunga durata con 60 ml di e-liquid, batteria ricaricabile, display LED intelligente, concentrazioni di sali di nicotina e tecnologia premium a bobina mesh.<\/p>\n<p>Contatta il WhatsApp di Mandy per un prezzo scontato<a href=\"https:\/\/wa.me\/8618077105796\">+8618077105796<\/a><\/p>\n<p><img decoding=\"async\" class=\"alignnone wp-image-2151\" src=\"http:\/\/vapebulkp.com\/wp-content\/uploads\/2024\/04\/Mandy-WhatsApp-Randm.jpg\" alt=\"Mandy WhatsApp Randm\" width=\"297\" height=\"316\" srcset=\"https:\/\/vapebulkp.com\/wp-content\/uploads\/2024\/04\/Mandy-WhatsApp-Randm.jpg 916w, https:\/\/vapebulkp.com\/wp-content\/uploads\/2024\/04\/Mandy-WhatsApp-Randm-282x300.jpg 282w, https:\/\/vapebulkp.com\/wp-content\/uploads\/2024\/04\/Mandy-WhatsApp-Randm-768x817.jpg 768w, https:\/\/vapebulkp.com\/wp-content\/uploads\/2024\/04\/Mandy-WhatsApp-Randm-600x638.jpg 600w\" sizes=\"(max-width: 297px) 100vw, 297px\" \/><\/p>\n<p><span style=\"color: #ff0000\">NOTA: I prezzi sul nostro sito non includono i costi di spedizione<\/span><\/p>\n<p>&nbsp;<\/p>","protected":false},"featured_media":3781,"comment_status":"open","ping_status":"closed","template":"","meta":{"_uag_custom_page_level_css":"","_lmt_disableupdate":"no","_lmt_disable":"","site-sidebar-layout":"default","site-content-layout":"content-boxed-container","ast-site-content-layout":"normal-width-container","site-content-style":"boxed","site-sidebar-style":"unboxed","ast-global-header-display":"","ast-banner-title-visibility":"","ast-main-header-display":"","ast-hfb-above-header-display":"","ast-hfb-below-header-display":"","ast-hfb-mobile-header-display":"","site-post-title":"","ast-breadcrumbs-content":"","ast-featured-img":"","footer-sml-layout":"","theme-transparent-header-meta":"default","adv-header-id-meta":"","stick-header-meta":"","header-above-stick-meta":"","header-main-stick-meta":"","header-below-stick-meta":"","astra-migrate-meta-layouts":"set","_joinchat":[]},"product_cat":[234,153,345,155,33,59,100,34,158,157,154,152,58,84,156,63,32],"product_tag":[250,36,37,41,286,40],"class_list":["post-3785","product","type-product","status-publish","has-post-thumbnail","hentry","product_cat-60000-puffs-disposable-vape","product_cat-hot-disposable-vapes","product_cat-bang-vapes","product_cat-belgium-hot-disposable-vapes","product_cat-france-vape-hot-sale","product_cat-germany-hot-disposable-vape","product_cat-germany-wholesale-vape-shop","product_cat-netherlands-vape-good-sale","product_cat-norway-hot-disposable-vapes","product_cat-poland-hot-disposable-vapes","product_cat-portugal-hot-disposable-vapes","product_cat-spain-hot-disposable-vapes","product_cat-sweden-hot-disposable-vape","product_cat-sweden-wholesale-vape","product_cat-switzerland-hot-disposable-vapes","product_cat-top-sale-disposable-vape","product_cat-vape-hot-sale-this-week","product_tag-bang-blaze-60000-puffs","product_tag-good-vape","product_tag-hot-sale-disposable-vape","product_tag-poland-hot-vape","product_tag-puffs-stock-in-europe","product_tag-sweden-hot-vape","pa_brand-bang-vape","desktop-align-left","tablet-align-left","mobile-align-left"],"yoast_head":"<!-- This site is optimized with the Yoast SEO plugin v21.1 - https:\/\/yoast.com\/wordpress\/plugins\/seo\/ -->\n<title>Bang Blaze 60000 Puffs 4 In1 Disposable Vape For Wholesale Price - vapebulkp.com<\/title>\n<meta name=\"description\" content=\"Bang Blaze 60000 Puffs 4-in-1 Vape offers up to 60,000 puffs, 4 switchable flavors, 60ml e-liquid, mesh coil tech, and a rechargeable battery with LED display.\" \/>\n<meta name=\"robots\" content=\"index, follow, max-snippet:-1, max-image-preview:large, max-video-preview:-1\" \/>\n<link rel=\"canonical\" href=\"https:\/\/vapebulkp.com\/it\/product\/bang-blaze-60000-puffs-4-in1-disposable-vape-for-wholesale-price\/\" \/>\n<meta property=\"og:locale\" content=\"it_IT\" \/>\n<meta property=\"og:type\" content=\"article\" \/>\n<meta property=\"og:title\" content=\"Bang Blaze 60000 Puffs 4 In1 Disposable Vape For Wholesale Price - vapebulkp.com\" \/>\n<meta property=\"og:description\" content=\"Bang Blaze 60000 Puffs 4-in-1 Vape offers up to 60,000 puffs, 4 switchable flavors, 60ml e-liquid, mesh coil tech, and a rechargeable battery with LED display.\" \/>\n<meta property=\"og:url\" content=\"https:\/\/vapebulkp.com\/it\/product\/bang-blaze-60000-puffs-4-in1-disposable-vape-for-wholesale-price\/\" \/>\n<meta property=\"og:site_name\" content=\"vapebulkp.com\" \/>\n<meta property=\"article:modified_time\" content=\"2025-09-24T03:56:31+00:00\" \/>\n<meta property=\"og:image\" content=\"http:\/\/vapebulkp.com\/wp-content\/uploads\/2025\/05\/Bang-Blaze-60K-4In1-Disposable-Vape-Hot-Sale-In-Germany.webp\" \/>\n\t<meta property=\"og:image:width\" content=\"800\" \/>\n\t<meta property=\"og:image:height\" content=\"800\" \/>\n\t<meta property=\"og:image:type\" content=\"image\/webp\" \/>\n<meta name=\"twitter:card\" content=\"summary_large_image\" \/>\n<meta name=\"twitter:label1\" content=\"Tempo di lettura stimato\" \/>\n\t<meta name=\"twitter:data1\" content=\"5 minuti\" \/>\n<script type=\"application\/ld+json\" class=\"yoast-schema-graph\">{\"@context\":\"https:\/\/schema.org\",\"@graph\":[{\"@type\":\"WebPage\",\"@id\":\"https:\/\/vapebulkp.com\/product\/bang-blaze-60000-puffs-4-in1-disposable-vape-for-wholesale-price\/\",\"url\":\"https:\/\/vapebulkp.com\/product\/bang-blaze-60000-puffs-4-in1-disposable-vape-for-wholesale-price\/\",\"name\":\"Bang Blaze 60000 Puffs 4 In1 Disposable Vape For Wholesale Price - vapebulkp.com\",\"isPartOf\":{\"@id\":\"https:\/\/vapebulkp.com\/#website\"},\"datePublished\":\"2025-05-23T08:30:15+00:00\",\"dateModified\":\"2025-09-24T03:56:31+00:00\",\"description\":\"Bang Blaze 60000 Puffs 4-in-1 Vape offers up to 60,000 puffs, 4 switchable flavors, 60ml e-liquid, mesh coil tech, and a rechargeable battery with LED display.\",\"breadcrumb\":{\"@id\":\"https:\/\/vapebulkp.com\/product\/bang-blaze-60000-puffs-4-in1-disposable-vape-for-wholesale-price\/#breadcrumb\"},\"inLanguage\":\"it-IT\",\"potentialAction\":[{\"@type\":\"ReadAction\",\"target\":[\"https:\/\/vapebulkp.com\/product\/bang-blaze-60000-puffs-4-in1-disposable-vape-for-wholesale-price\/\"]}]},{\"@type\":\"BreadcrumbList\",\"@id\":\"https:\/\/vapebulkp.com\/product\/bang-blaze-60000-puffs-4-in1-disposable-vape-for-wholesale-price\/#breadcrumb\",\"itemListElement\":[{\"@type\":\"ListItem\",\"position\":1,\"name\":\"Home\",\"item\":\"https:\/\/vapebulkp.com\/\"},{\"@type\":\"ListItem\",\"position\":2,\"name\":\"Hot Trend Vapes\",\"item\":\"https:\/\/vapebulkp.com\/vape-shop\/\"},{\"@type\":\"ListItem\",\"position\":3,\"name\":\"Bang Blaze 60000 Puffs 4 In1 Disposable Vape For Wholesale Price\"}]},{\"@type\":\"WebSite\",\"@id\":\"https:\/\/vapebulkp.com\/#website\",\"url\":\"https:\/\/vapebulkp.com\/\",\"name\":\"vapebulkp.com\",\"description\":\"Buy Vape In Cheap Bulk Price Near you\",\"publisher\":{\"@id\":\"https:\/\/vapebulkp.com\/#organization\"},\"potentialAction\":[{\"@type\":\"SearchAction\",\"target\":{\"@type\":\"EntryPoint\",\"urlTemplate\":\"https:\/\/vapebulkp.com\/?s={search_term_string}\"},\"query-input\":\"required name=search_term_string\"}],\"inLanguage\":\"it-IT\"},{\"@type\":\"Organization\",\"@id\":\"https:\/\/vapebulkp.com\/#organization\",\"name\":\"vapebulkp.com\",\"url\":\"https:\/\/vapebulkp.com\/\",\"logo\":{\"@type\":\"ImageObject\",\"inLanguage\":\"it-IT\",\"@id\":\"https:\/\/vapebulkp.com\/#\/schema\/logo\/image\/\",\"url\":\"https:\/\/vapebulkp.com\/wp-content\/uploads\/2023\/09\/cropped-vapebulkp.png\",\"contentUrl\":\"https:\/\/vapebulkp.com\/wp-content\/uploads\/2023\/09\/cropped-vapebulkp.png\",\"width\":516,\"height\":163,\"caption\":\"vapebulkp.com\"},\"image\":{\"@id\":\"https:\/\/vapebulkp.com\/#\/schema\/logo\/image\/\"}}]}<\/script>\n<!-- \/ Yoast SEO plugin. -->","yoast_head_json":{"title":"Bang Blaze 60000 Puffs 4 In1 Disposable Vape For Wholesale Price - vapebulkp.com","description":"Bang Blaze 60000 Puffs 4-in-1 Vape offers up to 60,000 puffs, 4 switchable flavors, 60ml e-liquid, mesh coil tech, and a rechargeable battery with LED display.","robots":{"index":"index","follow":"follow","max-snippet":"max-snippet:-1","max-image-preview":"max-image-preview:large","max-video-preview":"max-video-preview:-1"},"canonical":"https:\/\/vapebulkp.com\/it\/product\/bang-blaze-60000-puffs-4-in1-disposable-vape-for-wholesale-price\/","og_locale":"it_IT","og_type":"article","og_title":"Bang Blaze 60000 Puffs 4 In1 Disposable Vape For Wholesale Price - vapebulkp.com","og_description":"Bang Blaze 60000 Puffs 4-in-1 Vape offers up to 60,000 puffs, 4 switchable flavors, 60ml e-liquid, mesh coil tech, and a rechargeable battery with LED display.","og_url":"https:\/\/vapebulkp.com\/it\/product\/bang-blaze-60000-puffs-4-in1-disposable-vape-for-wholesale-price\/","og_site_name":"vapebulkp.com","article_modified_time":"2025-09-24T03:56:31+00:00","og_image":[{"width":800,"height":800,"url":"http:\/\/vapebulkp.com\/wp-content\/uploads\/2025\/05\/Bang-Blaze-60K-4In1-Disposable-Vape-Hot-Sale-In-Germany.webp","type":"image\/webp"}],"twitter_card":"summary_large_image","twitter_misc":{"Tempo di lettura stimato":"5 minuti"},"schema":{"@context":"https:\/\/schema.org","@graph":[{"@type":"WebPage","@id":"https:\/\/vapebulkp.com\/product\/bang-blaze-60000-puffs-4-in1-disposable-vape-for-wholesale-price\/","url":"https:\/\/vapebulkp.com\/product\/bang-blaze-60000-puffs-4-in1-disposable-vape-for-wholesale-price\/","name":"Bang Blaze 60000 Puffs 4 In1 Disposable Vape For Wholesale Price - vapebulkp.com","isPartOf":{"@id":"https:\/\/vapebulkp.com\/#website"},"datePublished":"2025-05-23T08:30:15+00:00","dateModified":"2025-09-24T03:56:31+00:00","description":"Bang Blaze 60000 Puffs 4-in-1 Vape offers up to 60,000 puffs, 4 switchable flavors, 60ml e-liquid, mesh coil tech, and a rechargeable battery with LED display.","breadcrumb":{"@id":"https:\/\/vapebulkp.com\/product\/bang-blaze-60000-puffs-4-in1-disposable-vape-for-wholesale-price\/#breadcrumb"},"inLanguage":"it-IT","potentialAction":[{"@type":"ReadAction","target":["https:\/\/vapebulkp.com\/product\/bang-blaze-60000-puffs-4-in1-disposable-vape-for-wholesale-price\/"]}]},{"@type":"BreadcrumbList","@id":"https:\/\/vapebulkp.com\/product\/bang-blaze-60000-puffs-4-in1-disposable-vape-for-wholesale-price\/#breadcrumb","itemListElement":[{"@type":"ListItem","position":1,"name":"Home","item":"https:\/\/vapebulkp.com\/"},{"@type":"ListItem","position":2,"name":"Hot Trend Vapes","item":"https:\/\/vapebulkp.com\/vape-shop\/"},{"@type":"ListItem","position":3,"name":"Bang Blaze 60000 Puffs 4 In1 Disposable Vape For Wholesale Price"}]},{"@type":"WebSite","@id":"https:\/\/vapebulkp.com\/#website","url":"https:\/\/vapebulkp.com\/","name":"vapebulkp.com","description":"Buy Vape In Cheap Bulk Price Near you","publisher":{"@id":"https:\/\/vapebulkp.com\/#organization"},"potentialAction":[{"@type":"SearchAction","target":{"@type":"EntryPoint","urlTemplate":"https:\/\/vapebulkp.com\/?s={search_term_string}"},"query-input":"required name=search_term_string"}],"inLanguage":"it-IT"},{"@type":"Organization","@id":"https:\/\/vapebulkp.com\/#organization","name":"vapebulkp.com","url":"https:\/\/vapebulkp.com\/","logo":{"@type":"ImageObject","inLanguage":"it-IT","@id":"https:\/\/vapebulkp.com\/#\/schema\/logo\/image\/","url":"https:\/\/vapebulkp.com\/wp-content\/uploads\/2023\/09\/cropped-vapebulkp.png","contentUrl":"https:\/\/vapebulkp.com\/wp-content\/uploads\/2023\/09\/cropped-vapebulkp.png","width":516,"height":163,"caption":"vapebulkp.com"},"image":{"@id":"https:\/\/vapebulkp.com\/#\/schema\/logo\/image\/"}}]}},"uagb_featured_image_src":{"full":["https:\/\/vapebulkp.com\/wp-content\/uploads\/2025\/05\/Bang-Blaze-60K-4In1-Disposable-Vape-Hot-Sale-In-Germany.webp",800,800,false],"thumbnail":["https:\/\/vapebulkp.com\/wp-content\/uploads\/2025\/05\/Bang-Blaze-60K-4In1-Disposable-Vape-Hot-Sale-In-Germany-150x150.webp",150,150,true],"medium":["https:\/\/vapebulkp.com\/wp-content\/uploads\/2025\/05\/Bang-Blaze-60K-4In1-Disposable-Vape-Hot-Sale-In-Germany-300x300.webp",300,300,true],"medium_large":["https:\/\/vapebulkp.com\/wp-content\/uploads\/2025\/05\/Bang-Blaze-60K-4In1-Disposable-Vape-Hot-Sale-In-Germany-768x768.webp",768,768,true],"large":["https:\/\/vapebulkp.com\/wp-content\/uploads\/2025\/05\/Bang-Blaze-60K-4In1-Disposable-Vape-Hot-Sale-In-Germany.webp",800,800,false],"1536x1536":["https:\/\/vapebulkp.com\/wp-content\/uploads\/2025\/05\/Bang-Blaze-60K-4In1-Disposable-Vape-Hot-Sale-In-Germany.webp",800,800,false],"2048x2048":["https:\/\/vapebulkp.com\/wp-content\/uploads\/2025\/05\/Bang-Blaze-60K-4In1-Disposable-Vape-Hot-Sale-In-Germany.webp",800,800,false],"trp-custom-language-flag":["https:\/\/vapebulkp.com\/wp-content\/uploads\/2025\/05\/Bang-Blaze-60K-4In1-Disposable-Vape-Hot-Sale-In-Germany.webp",12,12,false],"woocommerce_thumbnail":["https:\/\/vapebulkp.com\/wp-content\/uploads\/2025\/05\/Bang-Blaze-60K-4In1-Disposable-Vape-Hot-Sale-In-Germany-300x300.webp",300,300,true],"woocommerce_single":["https:\/\/vapebulkp.com\/wp-content\/uploads\/2025\/05\/Bang-Blaze-60K-4In1-Disposable-Vape-Hot-Sale-In-Germany-600x600.webp",600,600,true],"woocommerce_gallery_thumbnail":["https:\/\/vapebulkp.com\/wp-content\/uploads\/2025\/05\/Bang-Blaze-60K-4In1-Disposable-Vape-Hot-Sale-In-Germany-100x100.webp",100,100,true],"wcpr-photo-reviews":["https:\/\/vapebulkp.com\/wp-content\/uploads\/2025\/05\/Bang-Blaze-60K-4In1-Disposable-Vape-Hot-Sale-In-Germany.webp",500,500,false]},"uagb_author_info":{"display_name":"Mandy vape bulk price","author_link":"https:\/\/vapebulkp.com\/it\/author\/"},"uagb_comment_info":0,"uagb_excerpt":"Bang Blaze 60K 4in1 vape offers long lasting vaping with 60ml e liquid rechargeable battery smart LED display nicotine salt strengths and premium mesh coil technology. Pls Contact Mandy's WhatsApp For Discount Price+8618077105796 NOTE: Prices on our website does not include shipping costs &nbsp;","_links":{"self":[{"href":"https:\/\/vapebulkp.com\/it\/wp-json\/wp\/v2\/product\/3785","targetHints":{"allow":["GET"]}}],"collection":[{"href":"https:\/\/vapebulkp.com\/it\/wp-json\/wp\/v2\/product"}],"about":[{"href":"https:\/\/vapebulkp.com\/it\/wp-json\/wp\/v2\/types\/product"}],"replies":[{"embeddable":true,"href":"https:\/\/vapebulkp.com\/it\/wp-json\/wp\/v2\/comments?post=3785"}],"wp:featuredmedia":[{"embeddable":true,"href":"https:\/\/vapebulkp.com\/it\/wp-json\/wp\/v2\/media\/3781"}],"wp:attachment":[{"href":"https:\/\/vapebulkp.com\/it\/wp-json\/wp\/v2\/media?parent=3785"}],"wp:term":[{"taxonomy":"product_cat","embeddable":true,"href":"https:\/\/vapebulkp.com\/it\/wp-json\/wp\/v2\/product_cat?post=3785"},{"taxonomy":"product_tag","embeddable":true,"href":"https:\/\/vapebulkp.com\/it\/wp-json\/wp\/v2\/product_tag?post=3785"}],"curies":[{"name":"wp","href":"https:\/\/api.w.org\/{rel}","templated":true}]}}