{"id":3800,"date":"2025-05-27T10:26:00","date_gmt":"2025-05-27T08:26:00","guid":{"rendered":"https:\/\/vapebulkp.com\/?post_type=product&#038;p=3800"},"modified":"2025-09-24T04:58:04","modified_gmt":"2025-09-24T02:58:04","slug":"stag-bar-triple-60000-puffs-for-wholesale-distributors","status":"publish","type":"product","link":"https:\/\/vapebulkp.com\/it\/product\/stag-bar-triple-60000-puffs-for-wholesale-distributors\/","title":{"rendered":"STAG BAR Triple 60000 Puffs Per Distributori all'ingrosso"},"content":{"rendered":"<h2 style=\"text-align: left\">STAG BAR Triple 60000 Puffs Per Distributori all'ingrosso<\/h2>\n<p>Il <b>STAG BAR Triplo <a href=\"https:\/\/vapebulkp.com\/it\/product-category\/60000-puffs-disposable-vape\/\">Vape usa e getta da 60000 tiri<\/a><\/b>\u00a0\u00e8 progettato per il moderno vaper europeo che richiede sia capacit\u00e0 eccezionale che prestazioni. <span class=\"citation-23\">Questo <\/span><b><span class=\"citation-23\">vape usa e getta<\/span><\/b><span class=\"citation-23\"> presenta un esclusivo <\/span><b><span class=\"citation-23\">sistema di pod 3-in-1<\/span><\/b><span class=\"citation-23\">, erogando fino a un monumentale <\/span><b><span class=\"citation-23\">60.000 puff<\/span><\/b><span class=\"citation-23 citation-end-23\"> e consentendo molteplici combinazioni di aromi all'interno di un singolo dispositivo.<\/span><\/p>\n<p><span class=\"citation-22\">Alimentato da una bobina a rete avanzata <\/span><b><span class=\"citation-22\">tecnologia a bobina a rete<\/span><\/b><span class=\"citation-22\">, questo <\/span><b><span class=\"citation-22\">vape monouso a bobina mesh<\/span><\/b><span class=\"citation-22 citation-end-22\"> fornisce un vapore costantemente liscio e un sapore ricco e autentico dal primo all'ultimo puff.<\/span> Il robusto <b>batteria ricaricabile da 650 mAh<\/b> e <b>ricarica rapida di tipo C<\/b> garantisce un'alimentazione affidabile per tutta la sua durata, rendendolo un dispositivo affidabile <b>vape monouso ricaricabile<\/b> per ogni occasione. <span class=\"citation-21 citation-end-21\">Uno schermo LED intelligente offre lo stato in tempo reale del liquido elettronico e della batteria, dandoti il \u200b\u200bpieno controllo del tuo percorso di svapo.<\/span><\/p>\n<p>Ogni camera \u00e8 pre-caricata con un liquido elettronico premium a base di sali di nicotina, con concentrazioni studiate per il mercato italiano. <b>svapata con sali di nicotina <\/b>Per distributori e rivenditori, STAG BAR Triple 60000 Puffs \u00e8 un'aggiunta essenziale a qualsiasi inventario. Disponibile per <b>ingrosso di vape ad alta capacit\u00e0<\/b> e spedito direttamente dai nostri <b>magazzini UE<\/b>, questo modello soddisfa la crescente domanda di dispositivi usa e getta ricchi di funzionalit\u00e0 e di lunga durata <b>svapo usa e getta ultra-duraturi<\/b> e rafforza la tua presenza nel <b>commercio all'ingrosso di sigarette elettroniche in Europa<\/b>.<\/p>\n<h6>Contatta il WhatsApp di Mandy per un prezzo scontato<a href=\"https:\/\/wa.me\/8618077105796\">+8618077105796<\/a><\/h6>\n<p><img decoding=\"async\" class=\"alignnone wp-image-2151\" src=\"http:\/\/vapebulkp.com\/wp-content\/uploads\/2024\/04\/Mandy-WhatsApp-Randm.jpg\" alt=\"Mandy WhatsApp Randm\" width=\"324\" height=\"330\" \/><\/p>\n<div class=\"flex max-w-full flex-col flex-grow\">\n<div class=\"min-h-8 text-message flex w-full flex-col items-end gap-2 whitespace-normal break-words text-start [.text-message+&amp;]:mt-5\" dir=\"auto\" data-message-author-role=\"assistant\" data-message-id=\"d24cf626-c018-4805-80f5-44de047f2ba0\" data-message-model-slug=\"gpt-4o\">\n<div class=\"flex w-full flex-col gap-1 empty:hidden first:pt-[3px]\">\n<div class=\"markdown prose w-full break-words dark:prose-invert light\">\n<h2>Perch\u00e9 acquistare STAG BAR Triple Puffs 60k Next Gen Disposable Vape 2025 su <a href=\"https:\/\/vapebulkp.com\/it\/vape-shop\/\">Vapebulkp.com<\/a>?<\/h2>\n<p class=\"\" data-start=\"1686\" data-end=\"1863\">Vapebulkp.com \u00e8 la destinazione principale per le sigarette elettroniche usa e getta ad alta capacit\u00e0 come la STAG BAR Triple 60000 Puff \u2014 un innovativo sistema di pod vape 3 in 1 che combina potenza, variet\u00e0 e convenienza in un unico dispositivo elegante. Progettato per vapers seri e acquirenti all'ingrosso, questo vape avanzato offre fino a 60000 puff attraverso tre pod integrati, ciascuno con 18 ml di liquido premium e profili di sapore distinti. Dotato di una batteria ricaricabile da 650 mAh, tecnologia mesh coil, resistenza della bobina di 0,9\u03a9 e un display LED intelligente, garantisce un vapore costante, un sapore ricco e un monitoraggio preciso dell'utilizzo. Su Vapebulkp.com, beneficerai di prodotti autentici, prezzi all'ingrosso, spedizione rapida in UE e un servizio affidabile, ideale per grossisti, rivenditori e distributori di sigarette elettroniche alla ricerca di dispositivi vape ad alta domanda a un valore imbattibile.<\/p>\n<\/div>\n<\/div>\n<\/div>\n<\/div>\n<h2>Specifiche chiave del kit vape STAG BAR Triple 60k Puff con ricarica di tipo C:<\/h2>\n<ul>\n<li data-start=\"173\" data-end=\"228\">\n<p data-start=\"175\" data-end=\"228\"><strong data-start=\"175\" data-end=\"189\">Numero di Tiri<\/strong>: Fino a 60000 puff (3 x 20000 puff)<\/p>\n<\/li>\n<li data-start=\"229\" data-end=\"342\">\n<p data-start=\"231\" data-end=\"342\"><strong data-start=\"231\" data-end=\"248\">Design 3 in 1<\/strong>: Dispone di 3 pod vape integrate, ognuna con un sapore unico per un'esperienza di svapo versatile<\/p>\n<\/li>\n<li data-start=\"343\" data-end=\"400\">\n<p data-start=\"345\" data-end=\"400\"><strong data-start=\"345\" data-end=\"364\">Capacit\u00e0 di aroma<\/strong>: 3 gusti distinti in un unico dispositivo<\/p>\n<\/li>\n<li data-start=\"401\" data-end=\"449\">\n<p data-start=\"403\" data-end=\"449\"><strong data-start=\"403\" data-end=\"424\">Capacit\u00e0 dell'E-Liquid<\/strong>: 3 \u00d7 18 ml (Totale 54 ml)<\/p>\n<\/li>\n<li data-start=\"450\" data-end=\"503\">\n<p data-start=\"452\" data-end=\"503\"><strong data-start=\"452\" data-end=\"472\">Capacit\u00e0 della batteria<\/strong>: Batteria ricaricabile da 650 mAh<\/p>\n<\/li>\n<li data-start=\"504\" data-end=\"547\">\n<p data-start=\"506\" data-end=\"547\"><strong data-start=\"506\" data-end=\"523\">Porta di Ricarica<\/strong>: Ricarica rapida di tipo C<\/p>\n<\/li>\n<li data-start=\"548\" data-end=\"626\">\n<p data-start=\"550\" data-end=\"626\"><strong data-start=\"550\" data-end=\"563\">Tipo di Coil<\/strong>: Bobina mesh avanzata per un vapore e un'erogazione di sapore costanti<\/p>\n<\/li>\n<li data-start=\"627\" data-end=\"656\">\n<p data-start=\"629\" data-end=\"656\"><strong data-start=\"629\" data-end=\"648\">Resistenza della bobina<\/strong>: 0,9\u03a9<\/p>\n<\/li>\n<li data-start=\"657\" data-end=\"746\">\n<p data-start=\"659\" data-end=\"746\"><strong data-start=\"659\" data-end=\"674\">Display a LED<\/strong>: Lo schermo in tempo reale mostra il livello della batteria e l'utilizzo dell'e-liquid per ogni pod<\/p>\n<\/li>\n<li data-start=\"747\" data-end=\"833\">\n<p data-start=\"749\" data-end=\"833\"><strong data-start=\"749\" data-end=\"770\">Concentrazione di nicotina<\/strong>: Disponibile in opzioni di sali di nicotina da 21 mg\/ml e 51 mg\/ml (personalizzabile)<\/p>\n<\/li>\n<li data-start=\"834\" data-end=\"865\">\n<p data-start=\"836\" data-end=\"865\"><strong data-start=\"836\" data-end=\"857\">Peso per Dispositivo<\/strong>: 130g\/pz<\/p>\n<\/li>\n<\/ul>\n<h2><strong>Elenco Aromi Dispositivo Vape Ultra STAG BAR Triple 60000 Puffs<\/strong><\/h2>\n<p class=\"selectable-text copyable-text x15bjb6t x1n2onr6\" dir=\"ltr\">1. Fragola Kiwi * Mirtillo Ghiacciato *Anguria Ghiacciata<br \/>\n2. Blue Razz Ghiacciato * Mirtillo Rosso Uva *Fragola Anguria<br \/>\n3. Fragola Uva * Lampone Anguria *Mirtillo Ghiacciato<br \/>\n4. Triple Melone * Pesca Mango Ananas *Fragola Ghiacciata<br \/>\n5. Mirtillo Ghiacciato * Ciliegia Ghiacciata * Limone Lime<br \/>\n6. Anguria Lampone * Fragola Kiwi * Blue Razz Ice<br \/>\n7. Ciliegia Ice * Fragola Kiwi * Doppia Mela<br \/>\n8. Anguria Bubble Gum * Blue Razz Ice * Triple Anguria<br \/>\n9. Fragola Ice * Anguria Ice * Limone Lime<br \/>\n10. Anguria Ice * Fragola Uva * Pesca Mango Ananas<\/p>\n<p><span style=\"vertical-align: inherit\">Trova altri prodotti che potrebbero piacerti:<\/span><em><a href=\"https:\/\/wa.me\/8618077105796\"><span style=\"vertical-align: inherit\">\u00a0Compralo ora<\/span><\/a><\/em><\/p>\n<p><span style=\"vertical-align: inherit\">Altri Tiri che potrebbero interessarti:<\/span><a href=\"https:\/\/vapebulkp.com\/it\/product\/vopk-60000-puffs-top-sale-disposable-vape-pen\/\"><span style=\"vertical-align: inherit\">VOPK 60000 Tiri<\/span><\/a><\/p>\n<p><a href=\"https:\/\/vapebulkp.com\/it\/product\/waspe-crystal-vape-40000-puffs-disposable-e-cigarette-dual-flavors-wholesale-price\/\"><span style=\"vertical-align: inherit\">WASPE Crystal 40000 Puff<\/span><\/a><span style=\"vertical-align: inherit\">\/ <\/span><a href=\"https:\/\/vapebulkp.com\/it\/product\/vapme-digital-30000-puffs-disposable-vape-with-smart-screen\/\"><span style=\"vertical-align: inherit\">\u00a0Vapme Digital 30000 Puffs <\/span><\/a><span style=\"vertical-align: inherit\">\/<\/span><a href=\"https:\/\/vapebulkp.com\/it\/product\/bang-kingdoms-rex-nos-50000-puffs-high-capacity-vape-device\/\"><span style=\"vertical-align: inherit\"> Bang Kingdoms rex nos 50000 Puff<\/span><\/a><\/p>\n<h3 class=\"\" data-start=\"2205\" data-end=\"2276\">Perch\u00e9 la sigaretta elettronica STAG BAR Triple 60000 Puffs sta guadagnando popolarit\u00e0 in tutta Europa:<\/h3>\n<p data-start=\"117\" data-end=\"399\">La sigaretta elettronica usa e getta STAG BAR Triple 60000 Puffs sta rapidamente diventando una scelta preferita tra i rivenditori e i consumatori europei grazie al suo innovativo sistema di pod 3-in-1, che offre tre camere separate da 18 ml di aroma per un totale di 54 ml di liquido elettronico e fino a 60000 tiri. Questo dispositivo avanzato combina praticit\u00e0 e prestazioni, caratterizzato da tecnologia a mesh coil per un vapore pi\u00f9 fluido, una batteria ricaricabile da 650 mAh, un display LED intelligente per il monitoraggio dei tiri e una porta di ricarica di tipo C. Progettato per soddisfare la crescente domanda di sigarette elettroniche usa e getta ad alta capacit\u00e0 in paesi come Germania, Francia, Spagna, Italia e Paesi Bassi, si distingue per la sua lunga durata, la variet\u00e0 di aromi e la disponibilit\u00e0 all'ingrosso. STAG BAR Triple \u00e8 la soluzione ideale per i distributori europei che cercano prodotti per sigarette elettroniche affidabili di nuova generazione che si allineino alle tendenze del mercato.<\/p>\n<h3>Dettaglio spedizione:<\/h3>\n<p><span style=\"color: #ff6600\">Tempo di produzione: 5-10 giorni lavorativi<\/span><br \/>\n<span style=\"color: #ff6600\">Tempo di spedizione: 8-14 giorni lavorativi<\/span><\/p>\n<p>Tutti i prodotti nel nostro negozio sono originali e autentici al 100%, per cui il risarcimento dieci volte superiore per merce contraffatta \u00e8 la nostra politica aziendale. Utilizziamo canali logistici come UPS\/DHL\/FEDEX\/DPD per consegnare la merce.<\/p>\n<p>Per i pacchi spediti in Italia, di solito occorrono 10 giorni lavorativi per l'arrivo. Le spedizioni verso altri Paesi europei impiegano solitamente dai 12 ai 15 giorni lavorativi per l'arrivo. Aggiorneremo le informazioni logistiche per te in tempo reale.<\/p>","protected":false},"excerpt":{"rendered":"<p class=\"\" data-start=\"121\" data-end=\"211\">Scopri STAG BAR Triple 60000 Puffs Vape con pod a triplo aroma, batteria ricaricabile da 650mAh e schermo intelligente. Perfetto per i grossisti di sigarette elettroniche europei alla ricerca di dispositivi monouso ad alta capacit\u00e0 di puff.<\/p>\n<p>Contatta il WhatsApp di Mandy per un prezzo scontato<a href=\"https:\/\/wa.me\/8618077105796\">+8618077105796<\/a><\/p>\n<p><img decoding=\"async\" class=\"alignnone wp-image-2151\" src=\"http:\/\/vapebulkp.com\/wp-content\/uploads\/2024\/04\/Mandy-WhatsApp-Randm.jpg\" alt=\"Mandy WhatsApp Randm\" width=\"297\" height=\"316\" srcset=\"https:\/\/vapebulkp.com\/wp-content\/uploads\/2024\/04\/Mandy-WhatsApp-Randm.jpg 916w, https:\/\/vapebulkp.com\/wp-content\/uploads\/2024\/04\/Mandy-WhatsApp-Randm-282x300.jpg 282w, https:\/\/vapebulkp.com\/wp-content\/uploads\/2024\/04\/Mandy-WhatsApp-Randm-768x817.jpg 768w, https:\/\/vapebulkp.com\/wp-content\/uploads\/2024\/04\/Mandy-WhatsApp-Randm-600x638.jpg 600w\" sizes=\"(max-width: 297px) 100vw, 297px\" \/><\/p>\n<p><span style=\"color: #ff0000\">NOTA: I prezzi sul nostro sito non includono i costi di spedizione<\/span><\/p>\n<p>&nbsp;<\/p>","protected":false},"featured_media":3799,"comment_status":"open","ping_status":"closed","template":"","meta":{"_uag_custom_page_level_css":"","_lmt_disableupdate":"no","_lmt_disable":"","site-sidebar-layout":"default","site-content-layout":"content-boxed-container","ast-site-content-layout":"normal-width-container","site-content-style":"boxed","site-sidebar-style":"unboxed","ast-global-header-display":"","ast-banner-title-visibility":"","ast-main-header-display":"","ast-hfb-above-header-display":"","ast-hfb-below-header-display":"","ast-hfb-mobile-header-display":"","site-post-title":"","ast-breadcrumbs-content":"","ast-featured-img":"","footer-sml-layout":"","theme-transparent-header-meta":"default","adv-header-id-meta":"","stick-header-meta":"","header-above-stick-meta":"","header-main-stick-meta":"","header-below-stick-meta":"","astra-migrate-meta-layouts":"set","_joinchat":[]},"product_cat":[234,153,155,33,59,100,87,34,158,157,154,152,359,58,84,156,63,32],"product_tag":[36,37,41,286,251,40],"class_list":["post-3800","product","type-product","status-publish","has-post-thumbnail","hentry","product_cat-60000-puffs-disposable-vape","product_cat-hot-disposable-vapes","product_cat-belgium-hot-disposable-vapes","product_cat-france-vape-hot-sale","product_cat-germany-hot-disposable-vape","product_cat-germany-wholesale-vape-shop","product_cat-minimum-order-quantity-50pcs","product_cat-netherlands-vape-good-sale","product_cat-norway-hot-disposable-vapes","product_cat-poland-hot-disposable-vapes","product_cat-portugal-hot-disposable-vapes","product_cat-spain-hot-disposable-vapes","product_cat-stagbar-vape","product_cat-sweden-hot-disposable-vape","product_cat-sweden-wholesale-vape","product_cat-switzerland-hot-disposable-vapes","product_cat-top-sale-disposable-vape","product_cat-vape-hot-sale-this-week","product_tag-good-vape","product_tag-hot-sale-disposable-vape","product_tag-poland-hot-vape","product_tag-puffs-stock-in-europe","product_tag-stag-bar-star-15000-puffs","product_tag-sweden-hot-vape","pa_brand-stagbar-vape","desktop-align-left","tablet-align-left","mobile-align-left"],"yoast_head":"<!-- This site is optimized with the Yoast SEO plugin v21.1 - https:\/\/yoast.com\/wordpress\/plugins\/seo\/ -->\n<title>STAG BAR Triple 60000 Puffs For Wholesale Distributors - vapebulkp.com<\/title>\n<meta name=\"description\" content=\"Order STAG BAR Triple 60000 Puffs Disposable Vape at Vapebulkp.com \u2013 3-in-1 vape device with 54ml e-liquid, mesh coil, LED display, and Type-C port. Wholesale available across EU countries.\" \/>\n<meta name=\"robots\" content=\"index, follow, max-snippet:-1, max-image-preview:large, max-video-preview:-1\" \/>\n<link rel=\"canonical\" href=\"https:\/\/vapebulkp.com\/it\/product\/stag-bar-triple-60000-puffs-for-wholesale-distributors\/\" \/>\n<meta property=\"og:locale\" content=\"it_IT\" \/>\n<meta property=\"og:type\" content=\"article\" \/>\n<meta property=\"og:title\" content=\"STAG BAR Triple 60000 Puffs For Wholesale Distributors - vapebulkp.com\" \/>\n<meta property=\"og:description\" content=\"Order STAG BAR Triple 60000 Puffs Disposable Vape at Vapebulkp.com \u2013 3-in-1 vape device with 54ml e-liquid, mesh coil, LED display, and Type-C port. Wholesale available across EU countries.\" \/>\n<meta property=\"og:url\" content=\"https:\/\/vapebulkp.com\/it\/product\/stag-bar-triple-60000-puffs-for-wholesale-distributors\/\" \/>\n<meta property=\"og:site_name\" content=\"vapebulkp.com\" \/>\n<meta property=\"article:modified_time\" content=\"2025-09-24T02:58:04+00:00\" \/>\n<meta property=\"og:image\" content=\"http:\/\/vapebulkp.com\/wp-content\/uploads\/2025\/05\/STAG-BAR-60000-Puffs-Disposable-Vape-with-Discount-Price.webp\" \/>\n\t<meta property=\"og:image:width\" content=\"800\" \/>\n\t<meta property=\"og:image:height\" content=\"800\" \/>\n\t<meta property=\"og:image:type\" content=\"image\/webp\" \/>\n<meta name=\"twitter:card\" content=\"summary_large_image\" \/>\n<meta name=\"twitter:label1\" content=\"Tempo di lettura stimato\" \/>\n\t<meta name=\"twitter:data1\" content=\"4 minuti\" \/>\n<script type=\"application\/ld+json\" class=\"yoast-schema-graph\">{\"@context\":\"https:\/\/schema.org\",\"@graph\":[{\"@type\":\"WebPage\",\"@id\":\"https:\/\/vapebulkp.com\/product\/stag-bar-triple-60000-puffs-for-wholesale-distributors\/\",\"url\":\"https:\/\/vapebulkp.com\/product\/stag-bar-triple-60000-puffs-for-wholesale-distributors\/\",\"name\":\"STAG BAR Triple 60000 Puffs For Wholesale Distributors - vapebulkp.com\",\"isPartOf\":{\"@id\":\"https:\/\/vapebulkp.com\/#website\"},\"datePublished\":\"2025-05-27T08:26:00+00:00\",\"dateModified\":\"2025-09-24T02:58:04+00:00\",\"description\":\"Order STAG BAR Triple 60000 Puffs Disposable Vape at Vapebulkp.com \u2013 3-in-1 vape device with 54ml e-liquid, mesh coil, LED display, and Type-C port. Wholesale available across EU countries.\",\"breadcrumb\":{\"@id\":\"https:\/\/vapebulkp.com\/product\/stag-bar-triple-60000-puffs-for-wholesale-distributors\/#breadcrumb\"},\"inLanguage\":\"it-IT\",\"potentialAction\":[{\"@type\":\"ReadAction\",\"target\":[\"https:\/\/vapebulkp.com\/product\/stag-bar-triple-60000-puffs-for-wholesale-distributors\/\"]}]},{\"@type\":\"BreadcrumbList\",\"@id\":\"https:\/\/vapebulkp.com\/product\/stag-bar-triple-60000-puffs-for-wholesale-distributors\/#breadcrumb\",\"itemListElement\":[{\"@type\":\"ListItem\",\"position\":1,\"name\":\"Home\",\"item\":\"https:\/\/vapebulkp.com\/\"},{\"@type\":\"ListItem\",\"position\":2,\"name\":\"Hot Trend Vapes\",\"item\":\"https:\/\/vapebulkp.com\/vape-shop\/\"},{\"@type\":\"ListItem\",\"position\":3,\"name\":\"STAG BAR Triple 60000 Puffs For Wholesale Distributors\"}]},{\"@type\":\"WebSite\",\"@id\":\"https:\/\/vapebulkp.com\/#website\",\"url\":\"https:\/\/vapebulkp.com\/\",\"name\":\"vapebulkp.com\",\"description\":\"Buy Vape In Cheap Bulk Price Near you\",\"publisher\":{\"@id\":\"https:\/\/vapebulkp.com\/#organization\"},\"potentialAction\":[{\"@type\":\"SearchAction\",\"target\":{\"@type\":\"EntryPoint\",\"urlTemplate\":\"https:\/\/vapebulkp.com\/?s={search_term_string}\"},\"query-input\":\"required name=search_term_string\"}],\"inLanguage\":\"it-IT\"},{\"@type\":\"Organization\",\"@id\":\"https:\/\/vapebulkp.com\/#organization\",\"name\":\"vapebulkp.com\",\"url\":\"https:\/\/vapebulkp.com\/\",\"logo\":{\"@type\":\"ImageObject\",\"inLanguage\":\"it-IT\",\"@id\":\"https:\/\/vapebulkp.com\/#\/schema\/logo\/image\/\",\"url\":\"https:\/\/vapebulkp.com\/wp-content\/uploads\/2023\/09\/cropped-vapebulkp.png\",\"contentUrl\":\"https:\/\/vapebulkp.com\/wp-content\/uploads\/2023\/09\/cropped-vapebulkp.png\",\"width\":516,\"height\":163,\"caption\":\"vapebulkp.com\"},\"image\":{\"@id\":\"https:\/\/vapebulkp.com\/#\/schema\/logo\/image\/\"}}]}<\/script>\n<!-- \/ Yoast SEO plugin. -->","yoast_head_json":{"title":"STAG BAR Triple 60000 Puffs For Wholesale Distributors - vapebulkp.com","description":"Order STAG BAR Triple 60000 Puffs Disposable Vape at Vapebulkp.com \u2013 3-in-1 vape device with 54ml e-liquid, mesh coil, LED display, and Type-C port. Wholesale available across EU countries.","robots":{"index":"index","follow":"follow","max-snippet":"max-snippet:-1","max-image-preview":"max-image-preview:large","max-video-preview":"max-video-preview:-1"},"canonical":"https:\/\/vapebulkp.com\/it\/product\/stag-bar-triple-60000-puffs-for-wholesale-distributors\/","og_locale":"it_IT","og_type":"article","og_title":"STAG BAR Triple 60000 Puffs For Wholesale Distributors - vapebulkp.com","og_description":"Order STAG BAR Triple 60000 Puffs Disposable Vape at Vapebulkp.com \u2013 3-in-1 vape device with 54ml e-liquid, mesh coil, LED display, and Type-C port. Wholesale available across EU countries.","og_url":"https:\/\/vapebulkp.com\/it\/product\/stag-bar-triple-60000-puffs-for-wholesale-distributors\/","og_site_name":"vapebulkp.com","article_modified_time":"2025-09-24T02:58:04+00:00","og_image":[{"width":800,"height":800,"url":"http:\/\/vapebulkp.com\/wp-content\/uploads\/2025\/05\/STAG-BAR-60000-Puffs-Disposable-Vape-with-Discount-Price.webp","type":"image\/webp"}],"twitter_card":"summary_large_image","twitter_misc":{"Tempo di lettura stimato":"4 minuti"},"schema":{"@context":"https:\/\/schema.org","@graph":[{"@type":"WebPage","@id":"https:\/\/vapebulkp.com\/product\/stag-bar-triple-60000-puffs-for-wholesale-distributors\/","url":"https:\/\/vapebulkp.com\/product\/stag-bar-triple-60000-puffs-for-wholesale-distributors\/","name":"STAG BAR Triple 60000 Puffs For Wholesale Distributors - vapebulkp.com","isPartOf":{"@id":"https:\/\/vapebulkp.com\/#website"},"datePublished":"2025-05-27T08:26:00+00:00","dateModified":"2025-09-24T02:58:04+00:00","description":"Order STAG BAR Triple 60000 Puffs Disposable Vape at Vapebulkp.com \u2013 3-in-1 vape device with 54ml e-liquid, mesh coil, LED display, and Type-C port. Wholesale available across EU countries.","breadcrumb":{"@id":"https:\/\/vapebulkp.com\/product\/stag-bar-triple-60000-puffs-for-wholesale-distributors\/#breadcrumb"},"inLanguage":"it-IT","potentialAction":[{"@type":"ReadAction","target":["https:\/\/vapebulkp.com\/product\/stag-bar-triple-60000-puffs-for-wholesale-distributors\/"]}]},{"@type":"BreadcrumbList","@id":"https:\/\/vapebulkp.com\/product\/stag-bar-triple-60000-puffs-for-wholesale-distributors\/#breadcrumb","itemListElement":[{"@type":"ListItem","position":1,"name":"Home","item":"https:\/\/vapebulkp.com\/"},{"@type":"ListItem","position":2,"name":"Hot Trend Vapes","item":"https:\/\/vapebulkp.com\/vape-shop\/"},{"@type":"ListItem","position":3,"name":"STAG BAR Triple 60000 Puffs For Wholesale Distributors"}]},{"@type":"WebSite","@id":"https:\/\/vapebulkp.com\/#website","url":"https:\/\/vapebulkp.com\/","name":"vapebulkp.com","description":"Buy Vape In Cheap Bulk Price Near you","publisher":{"@id":"https:\/\/vapebulkp.com\/#organization"},"potentialAction":[{"@type":"SearchAction","target":{"@type":"EntryPoint","urlTemplate":"https:\/\/vapebulkp.com\/?s={search_term_string}"},"query-input":"required name=search_term_string"}],"inLanguage":"it-IT"},{"@type":"Organization","@id":"https:\/\/vapebulkp.com\/#organization","name":"vapebulkp.com","url":"https:\/\/vapebulkp.com\/","logo":{"@type":"ImageObject","inLanguage":"it-IT","@id":"https:\/\/vapebulkp.com\/#\/schema\/logo\/image\/","url":"https:\/\/vapebulkp.com\/wp-content\/uploads\/2023\/09\/cropped-vapebulkp.png","contentUrl":"https:\/\/vapebulkp.com\/wp-content\/uploads\/2023\/09\/cropped-vapebulkp.png","width":516,"height":163,"caption":"vapebulkp.com"},"image":{"@id":"https:\/\/vapebulkp.com\/#\/schema\/logo\/image\/"}}]}},"uagb_featured_image_src":{"full":["https:\/\/vapebulkp.com\/wp-content\/uploads\/2025\/05\/STAG-BAR-60000-Puffs-Disposable-Vape-with-Discount-Price.webp",800,800,false],"thumbnail":["https:\/\/vapebulkp.com\/wp-content\/uploads\/2025\/05\/STAG-BAR-60000-Puffs-Disposable-Vape-with-Discount-Price-150x150.webp",150,150,true],"medium":["https:\/\/vapebulkp.com\/wp-content\/uploads\/2025\/05\/STAG-BAR-60000-Puffs-Disposable-Vape-with-Discount-Price-300x300.webp",300,300,true],"medium_large":["https:\/\/vapebulkp.com\/wp-content\/uploads\/2025\/05\/STAG-BAR-60000-Puffs-Disposable-Vape-with-Discount-Price-768x768.webp",768,768,true],"large":["https:\/\/vapebulkp.com\/wp-content\/uploads\/2025\/05\/STAG-BAR-60000-Puffs-Disposable-Vape-with-Discount-Price.webp",800,800,false],"1536x1536":["https:\/\/vapebulkp.com\/wp-content\/uploads\/2025\/05\/STAG-BAR-60000-Puffs-Disposable-Vape-with-Discount-Price.webp",800,800,false],"2048x2048":["https:\/\/vapebulkp.com\/wp-content\/uploads\/2025\/05\/STAG-BAR-60000-Puffs-Disposable-Vape-with-Discount-Price.webp",800,800,false],"trp-custom-language-flag":["https:\/\/vapebulkp.com\/wp-content\/uploads\/2025\/05\/STAG-BAR-60000-Puffs-Disposable-Vape-with-Discount-Price.webp",12,12,false],"woocommerce_thumbnail":["https:\/\/vapebulkp.com\/wp-content\/uploads\/2025\/05\/STAG-BAR-60000-Puffs-Disposable-Vape-with-Discount-Price-300x300.webp",300,300,true],"woocommerce_single":["https:\/\/vapebulkp.com\/wp-content\/uploads\/2025\/05\/STAG-BAR-60000-Puffs-Disposable-Vape-with-Discount-Price-600x600.webp",600,600,true],"woocommerce_gallery_thumbnail":["https:\/\/vapebulkp.com\/wp-content\/uploads\/2025\/05\/STAG-BAR-60000-Puffs-Disposable-Vape-with-Discount-Price-100x100.webp",100,100,true],"wcpr-photo-reviews":["https:\/\/vapebulkp.com\/wp-content\/uploads\/2025\/05\/STAG-BAR-60000-Puffs-Disposable-Vape-with-Discount-Price.webp",500,500,false]},"uagb_author_info":{"display_name":"Mandy vape bulk price","author_link":"https:\/\/vapebulkp.com\/it\/author\/"},"uagb_comment_info":0,"uagb_excerpt":"Explore STAG BAR Triple 60000 Puffs Vape with triple flavor pods, 650mAh rechargeable battery, and smart screen. Perfect for European vape wholesalers seeking high puff disposable devices. Pls Contact Mandy's WhatsApp For Discount Price+8618077105796 NOTE: Prices on our website does not include shipping costs &nbsp;","_links":{"self":[{"href":"https:\/\/vapebulkp.com\/it\/wp-json\/wp\/v2\/product\/3800","targetHints":{"allow":["GET"]}}],"collection":[{"href":"https:\/\/vapebulkp.com\/it\/wp-json\/wp\/v2\/product"}],"about":[{"href":"https:\/\/vapebulkp.com\/it\/wp-json\/wp\/v2\/types\/product"}],"replies":[{"embeddable":true,"href":"https:\/\/vapebulkp.com\/it\/wp-json\/wp\/v2\/comments?post=3800"}],"wp:featuredmedia":[{"embeddable":true,"href":"https:\/\/vapebulkp.com\/it\/wp-json\/wp\/v2\/media\/3799"}],"wp:attachment":[{"href":"https:\/\/vapebulkp.com\/it\/wp-json\/wp\/v2\/media?parent=3800"}],"wp:term":[{"taxonomy":"product_cat","embeddable":true,"href":"https:\/\/vapebulkp.com\/it\/wp-json\/wp\/v2\/product_cat?post=3800"},{"taxonomy":"product_tag","embeddable":true,"href":"https:\/\/vapebulkp.com\/it\/wp-json\/wp\/v2\/product_tag?post=3800"}],"curies":[{"name":"wp","href":"https:\/\/api.w.org\/{rel}","templated":true}]}}