{"id":3850,"date":"2025-06-14T11:08:05","date_gmt":"2025-06-14T09:08:05","guid":{"rendered":"https:\/\/vapebulkp.com\/?post_type=product&#038;p=3850"},"modified":"2025-09-24T05:57:47","modified_gmt":"2025-09-24T03:57:47","slug":"fizzy-twins-50000-puffs-high-puff-count-vape-kits-bulk-price","status":"publish","type":"product","link":"https:\/\/vapebulkp.com\/it\/prodotto\/fizzy-twins-50000-puffs-high-puff-count-vape-kits-bulk-price\/","title":{"rendered":"Fizzy Twins 50000 Puffs Kit Vape ad Alto Contenuto di Puffs Prezzo all'Ingrosso"},"content":{"rendered":"<h2 style=\"text-align: left\">Fizzy Twins 50000 Puffs Kit Vape ad Alto Contenuto di Puffs Prezzo all'Ingrosso<\/h2>\n<p>Il Fizzy Twins <a href=\"https:\/\/vapebulkp.com\/it\/categoria-prodotto\/50000-puffs-disposable-vape\/\"><strong>50000 Puffs Sigaretta Elettronica Usa e Getta<\/strong><\/a> \u00e8 la scelta definitiva per gli svapatori che cercano prestazioni di lunga durata e una variet\u00e0 di sapori senza pari. Questa innovativa sigaretta elettronica \u00e8 progettata con un sistema di commutazione a doppio sapore, che ti consente di goderti due distinti gusti di e-liquid in un unico dispositivo. \u00c8 una svolta per chiunque voglia cambiare gusto al volo senza portare con s\u00e9 pi\u00f9 sigarette elettroniche.<\/p>\n<p>Costruita per potenza e resistenza, questa sigaretta elettronica ricaricabile \u00e8 alimentata da una batteria da 850 mAh e dotata di ricarica rapida Type-C, garantendo prestazioni costanti e tempi di inattivit\u00e0 minimi. La tecnologia avanzata della coil a mesh garantisce una produzione di vapore fluida e un'erogazione di sapore ricca per tutta l'estesa durata del dispositivo.<\/p>\n<p>Con un'enorme capacit\u00e0 di e-liquid da 50 ml e 50.000 tiri, il Fizzy Twins offre un valore incredibile. Il display LED intelligente ti tiene informato sulla durata della batteria, sulla modalit\u00e0 di tiro e sullo stato dell'e-liquid, dandoti il pieno controllo. Dispone anche di flusso d'aria regolabile e doppie modalit\u00e0 di svapo, in modo da poter personalizzare completamente la tua esperienza. Che tu sia un cacciatore di sapori o un amante delle nuvole di vapore, il Fizzy Twins 50000 offre praticit\u00e0, potenza e soddisfazione in ogni inspirazione.<\/p>\n<h6>Contatta il WhatsApp di Mandy per un prezzo scontato<a href=\"https:\/\/wa.me\/8618077105796\">+8618077105796<\/a><\/h6>\n<p><img decoding=\"async\" class=\"alignnone wp-image-2151\" src=\"http:\/\/vapebulkp.com\/wp-content\/uploads\/2024\/04\/Mandy-WhatsApp-Randm.jpg\" alt=\"Mandy WhatsApp Randm\" width=\"324\" height=\"330\" \/><\/p>\n<div class=\"flex max-w-full flex-col flex-grow\">\n<div class=\"min-h-8 text-message flex w-full flex-col items-end gap-2 whitespace-normal break-words text-start [.text-message+&amp;]:mt-5\" dir=\"auto\" data-message-author-role=\"assistant\" data-message-id=\"d24cf626-c018-4805-80f5-44de047f2ba0\" data-message-model-slug=\"gpt-4o\">\n<div class=\"flex w-full flex-col gap-1 empty:hidden first:pt-[3px]\">\n<div class=\"markdown prose w-full break-words dark:prose-invert light\">\n<h2>Perch\u00e9 acquistare Fizzy Twins 50000 Tiri su <a href=\"https:\/\/vapebulkp.com\/it\/vape-shop\/\">Vapebulkp.com<\/a>?<\/h2>\n<p data-start=\"266\" data-end=\"579\">Su Vapebulkp.com, la sigaretta elettronica usa e getta Fizzy Twins 50000 Tiri si distingue come una soluzione di svapo versatile e ad alte prestazioni che offre fino a 50.000 tiri con doppi sapori in un unico elegante dispositivo. Goditi un'esperienza di svapo superiore con l'avanzata tecnologia della coil a mesh per una produzione di vapore uniforme e consistente, insieme a una batteria ricaricabile da 850 mAh con ricarica rapida Type-C, doppio controllo del flusso d'aria e impostazioni di modalit\u00e0 personalizzabili. Con un display LED intelligente e una generosa capacit\u00e0 di e-liquid da 50 ml disponibile in concentrazioni di nicotina al 2% e 5%, questo dispositivo combina innovazione e praticit\u00e0 in un unico pacchetto, rendendolo la scelta preferita per gli svapatori che cercano prestazioni di lunga durata e un valore eccezionale, il tutto disponibile esclusivamente su Vapebulkp.com.<\/p>\n<\/div>\n<\/div>\n<\/div>\n<\/div>\n<h2>Specifiche chiave della sigaretta elettronica usa e getta Fizzy Twins 50000 Tiri:<\/h2>\n<ul>\n<li data-start=\"127\" data-end=\"160\">\n<p data-start=\"129\" data-end=\"160\"><strong data-start=\"129\" data-end=\"138\">Soffi<\/strong>: Fino a 50.000 Tiri<\/p>\n<\/li>\n<li data-start=\"161\" data-end=\"220\">\n<p data-start=\"163\" data-end=\"220\"><strong data-start=\"163\" data-end=\"180\">Sistema di sapori<\/strong>: Doppio sapore in 1 dispositivo (commutabile)<\/p>\n<\/li>\n<li data-start=\"221\" data-end=\"285\">\n<p data-start=\"223\" data-end=\"285\"><strong data-start=\"223\" data-end=\"236\">Tipo di Coil<\/strong>: Coil a mesh avanzata per vapore fluido e denso<\/p>\n<\/li>\n<li data-start=\"286\" data-end=\"349\">\n<p data-start=\"288\" data-end=\"349\"><strong data-start=\"288\" data-end=\"305\">Impostazioni della modalit\u00e0<\/strong>: 2 modalit\u00e0 di svapo per un'esperienza personalizzata<\/p>\n<\/li>\n<li data-start=\"350\" data-end=\"406\">\n<p data-start=\"352\" data-end=\"406\"><strong data-start=\"352\" data-end=\"371\">Controllo del flusso d'aria<\/strong>: Opzioni di doppio flusso d'aria regolabile<\/p>\n<\/li>\n<li data-start=\"407\" data-end=\"472\">\n<p data-start=\"409\" data-end=\"472\"><strong data-start=\"409\" data-end=\"430\">Capacit\u00e0 E-liquid<\/strong>: 50 ml di e-liquid con sali di nicotina pre-riempito<\/p>\n<\/li>\n<li data-start=\"473\" data-end=\"529\">\n<p data-start=\"475\" data-end=\"529\"><strong data-start=\"475\" data-end=\"496\">Concentrazione di nicotina<\/strong>: 2% \/ 5% (A seconda della regione)<\/p>\n<\/li>\n<li data-start=\"530\" data-end=\"591\">\n<p data-start=\"532\" data-end=\"591\"><strong data-start=\"532\" data-end=\"552\">Capacit\u00e0 della batteria<\/strong>: 850 mAh Ricaricabile tramite porta Type-C<\/p>\n<\/li>\n<li data-start=\"592\" data-end=\"635\">\n<p data-start=\"594\" data-end=\"635\"><strong data-start=\"594\" data-end=\"611\">Porta di Ricarica<\/strong>: Ricarica rapida Type-C<\/p>\n<\/li>\n<li data-start=\"636\" data-end=\"703\">\n<p data-start=\"638\" data-end=\"703\"><strong data-start=\"638\" data-end=\"649\">Schermo<\/strong>: Schermo LED per batteria, E-liquid<\/p>\n<\/li>\n<\/ul>\n<h2><strong>Fizzy Twins 50000 Puffs 2 in 1 elenco di gusti per vaporizzatori<\/strong><\/h2>\n<p>1. anguria ghiacciata<br \/>\n2. fragola kiwi melograno<br \/>\n3. mirtillo cocco<br \/>\n4. limonata al lampone blu<br \/>\n5. fragola anguria<br \/>\n6. pesca mango anguria<br \/>\n7. lampone anguria<br \/>\n8. ananas pesca frutto della passione<br \/>\n9. anguria ghiacciata<br \/>\n10. frutti di bosco misti<br \/>\n11. fragola ghiacciata<br \/>\n12. limonata al lampone<\/p>\n<p><a href=\"https:\/\/vapebulkp.com\/it\/prodotto\/uwin-twins-crystal-40000-puffs-long-lasting-disposable-vape\/\"><span style=\"vertical-align: inherit\">UWIN Twin Crystal 40000 Puffs <\/span><\/a><\/p>\n<p><span style=\"vertical-align: inherit\">Trova altri prodotti che potrebbero piacerti:<\/span><em><a href=\"https:\/\/wa.me\/8618077105796\"><span style=\"vertical-align: inherit\">\u00a0Compralo ora<\/span><\/a><\/em><\/p>\n<p><span style=\"vertical-align: inherit\">Altri Tiri che potrebbero interessarti:<\/span><a href=\"https:\/\/vapebulkp.com\/it\/prodotto\/wholesale-price-bang-kingdoms-rex-32000-puffs-vape-pod\/\"><span style=\"vertical-align: inherit\">Bang Kingdoms 32000 Puffs<\/span><\/a><span style=\"vertical-align: inherit\">\u3001<\/span><a href=\"https:\/\/vapebulkp.com\/it\/prodotto\/bang-blaze-60000-puffs-4-in1-disposable-vape-for-wholesale-price\/\"><span style=\"vertical-align: inherit\">Bang Blaze 60000 Puff<\/span><\/a><span style=\"vertical-align: inherit\">\/ <\/span><a href=\"https:\/\/vapebulkp.com\/it\/prodotto\/waspe-3in1-60000-puffs-disposable-vape-high-capacity\/\"><span style=\"vertical-align: inherit\">WASPE 3 in 1 60000 Puff<\/span><\/a><span style=\"vertical-align: inherit\">\/ <\/span><a href=\"https:\/\/vapebulkp.com\/it\/prodotto\/waspe-vape-40000-puff-fihp-double-flavour-disposable-vape\/\"><span style=\"vertical-align: inherit\">WASPE 40000 Puffs<\/span><\/a><\/p>\n<p><span style=\"vertical-align: inherit\">Sigaretta elettronica a forma speciale:<\/span><a href=\"https:\/\/vapebulkp.com\/it\/prodotto\/waspe-crystal-vape-40000-puffs-disposable-e-cigarette-dual-flavors-wholesale-price\/\"><span style=\"vertical-align: inherit\"> WASPE Crystal 40000 Puff<\/span><\/a><span style=\"vertical-align: inherit\">\/ <\/span><a href=\"https:\/\/vapebulkp.com\/it\/prodotto\/vapme-digital-30000-puffs-disposable-vape-with-smart-screen\/\"><span style=\"vertical-align: inherit\">\u00a0Vapme Digital 30000 Puffs <\/span><\/a><span style=\"vertical-align: inherit\">\/<\/span><a href=\"https:\/\/vapebulkp.com\/it\/prodotto\/stag-bar-star-15000-puffs-high-capacity-vape-device\/\"><span style=\"vertical-align: inherit\"> Stag bar star 15000 puff<\/span><\/a><\/p>\n<h2>Domande frequenti sul vaporizzatore Fizzy Twins 50000 Puffs<\/h2>\n<p data-start=\"101\" data-end=\"260\"><strong data-start=\"101\" data-end=\"167\">D: Quanti tiri offre il vaporizzatore Fizzy 50000 Puffs?<\/strong><br data-start=\"167\" data-end=\"170\" \/>R: Il vaporizzatore Fizzy Twins 50000 Puffs offre fino a 50000 tiri per un uso ultra-duraturo.<\/p>\n<p data-start=\"442\" data-end=\"598\"><strong data-start=\"442\" data-end=\"498\">D: Il vaporizzatore Fizzy Twins 50k Puffs \u00e8 ricaricabile?<\/strong><br data-start=\"498\" data-end=\"501\" \/>R: S\u00ec, il vaporizzatore Fizzy Twins 50000 PUFF \u00e8 dotato di una batteria da 850 mAh e di una porta di ricarica di tipo C.<\/p>\n<p data-start=\"600\" data-end=\"760\"><strong data-start=\"600\" data-end=\"671\">D: Quanto liquido da svapo contiene lo svapo Fizzy 50k Puffs?<\/strong><br data-start=\"671\" data-end=\"674\" \/>R: Lo svapo Fizzy 50000 Puffs \u00e8 pre-riempito con 50 ml di e-liquid ai sali di nicotina.<\/p>\n<p data-start=\"762\" data-end=\"932\"><strong data-start=\"762\" data-end=\"841\">D: Quali livelli di nicotina sono disponibili per lo svapo Fizzy 50k?<\/strong><br data-start=\"841\" data-end=\"844\" \/>R: Lo svapo Fizzy Twins 50k Puffs \u00e8 disponibile nelle opzioni di concentrazione di nicotina del 2% e 5%.<\/p>\n<h3>Dettaglio spedizione:<\/h3>\n<p><span style=\"color: #ff6600\">Tempo di produzione: 5-10 giorni lavorativi<\/span><br \/>\n<span style=\"color: #ff6600\">Tempo di spedizione: 8-14 giorni lavorativi<\/span><\/p>\n<p>Tutti i prodotti nel nostro negozio sono originali e autentici al 100%, per cui il risarcimento dieci volte superiore per merce contraffatta \u00e8 la nostra politica aziendale. Utilizziamo canali logistici come UPS\/DHL\/FEDEX\/DPD per consegnare la merce.<\/p>\n<p>Per i pacchi spediti in Italia, di solito occorrono 10 giorni lavorativi per l'arrivo. Le spedizioni verso altri Paesi europei impiegano solitamente dai 12 ai 15 giorni lavorativi per l'arrivo. Aggiorneremo le informazioni logistiche per te in tempo reale.<\/p>","protected":false},"excerpt":{"rendered":"<p>Acquista la sigaretta elettronica Fizzy Twins 50000 Tiri su Vapebulkp.com con doppio flusso d'aria, batteria da 850 mAh, nicotina al 2% o 5% e qualit\u00e0 del vapore premium.<\/p>\n<p>Contatta il WhatsApp di Mandy per un prezzo scontato<a href=\"https:\/\/wa.me\/8618077105796\">+8618077105796<\/a><\/p>\n<p><img decoding=\"async\" class=\"alignnone wp-image-2151\" src=\"http:\/\/vapebulkp.com\/wp-content\/uploads\/2024\/04\/Mandy-WhatsApp-Randm.jpg\" alt=\"Mandy WhatsApp Randm\" width=\"297\" height=\"316\" srcset=\"https:\/\/vapebulkp.com\/wp-content\/uploads\/2024\/04\/Mandy-WhatsApp-Randm.jpg 916w, https:\/\/vapebulkp.com\/wp-content\/uploads\/2024\/04\/Mandy-WhatsApp-Randm-282x300.jpg 282w, https:\/\/vapebulkp.com\/wp-content\/uploads\/2024\/04\/Mandy-WhatsApp-Randm-768x817.jpg 768w, https:\/\/vapebulkp.com\/wp-content\/uploads\/2024\/04\/Mandy-WhatsApp-Randm-600x638.jpg 600w\" sizes=\"(max-width: 297px) 100vw, 297px\" \/><\/p>\n<p><span style=\"color: #ff0000\">NOTA: I prezzi sul nostro sito non includono i costi di spedizione<\/span><\/p>\n<p>&nbsp;<\/p>","protected":false},"featured_media":3847,"comment_status":"open","ping_status":"closed","template":"","meta":{"_uag_custom_page_level_css":"","_lmt_disableupdate":"no","_lmt_disable":"","site-sidebar-layout":"default","site-content-layout":"content-boxed-container","ast-site-content-layout":"normal-width-container","site-content-style":"boxed","site-sidebar-style":"unboxed","ast-global-header-display":"","ast-banner-title-visibility":"","ast-main-header-display":"","ast-hfb-above-header-display":"","ast-hfb-below-header-display":"","ast-hfb-mobile-header-display":"","site-post-title":"","ast-breadcrumbs-content":"","ast-featured-img":"","footer-sml-layout":"","theme-transparent-header-meta":"default","adv-header-id-meta":"","stick-header-meta":"","header-above-stick-meta":"","header-main-stick-meta":"","header-below-stick-meta":"","astra-migrate-meta-layouts":"set","_joinchat":[]},"product_cat":[194,153,155,351,33,59,100,87,34,158,157,154,152,58,84,156,63,32],"product_tag":[256,36,37,41,286,40],"class_list":["post-3850","product","type-product","status-publish","has-post-thumbnail","hentry","product_cat-50000-puffs-disposable-vape","product_cat-hot-disposable-vapes","product_cat-belgium-hot-disposable-vapes","product_cat-fizzy-vape","product_cat-france-vape-hot-sale","product_cat-germany-hot-disposable-vape","product_cat-germany-wholesale-vape-shop","product_cat-minimum-order-quantity-50pcs","product_cat-netherlands-vape-good-sale","product_cat-norway-hot-disposable-vapes","product_cat-poland-hot-disposable-vapes","product_cat-portugal-hot-disposable-vapes","product_cat-spain-hot-disposable-vapes","product_cat-sweden-hot-disposable-vape","product_cat-sweden-wholesale-vape","product_cat-switzerland-hot-disposable-vapes","product_cat-top-sale-disposable-vape","product_cat-vape-hot-sale-this-week","product_tag-fizzy-twins-50000-puffs","product_tag-good-vape","product_tag-hot-sale-disposable-vape","product_tag-poland-hot-vape","product_tag-puffs-stock-in-europe","product_tag-sweden-hot-vape","pa_brand-fizzy-vape","desktop-align-left","tablet-align-left","mobile-align-left"],"yoast_head":"<!-- This site is optimized with the Yoast SEO plugin v21.1 - https:\/\/yoast.com\/wordpress\/plugins\/seo\/ -->\n<title>Fizzy Twins 50000 Puffs High Puff Count Vape Kits Bulk Price - vapebulkp.com<\/title>\n<meta name=\"description\" content=\"Shop Fizzy Twins 50000 Puffs Disposable Vape at Vapebulkpcom Enjoy dual flavors mesh coil 850mAh battery adjustable airflow and 50ml capacity\" \/>\n<meta name=\"robots\" content=\"index, follow, max-snippet:-1, max-image-preview:large, max-video-preview:-1\" \/>\n<link rel=\"canonical\" href=\"https:\/\/vapebulkp.com\/it\/prodotto\/fizzy-twins-50000-puffs-high-puff-count-vape-kits-bulk-price\/\" \/>\n<meta property=\"og:locale\" content=\"it_IT\" \/>\n<meta property=\"og:type\" content=\"article\" \/>\n<meta property=\"og:title\" content=\"Fizzy Twins 50000 Puffs High Puff Count Vape Kits Bulk Price - vapebulkp.com\" \/>\n<meta property=\"og:description\" content=\"Shop Fizzy Twins 50000 Puffs Disposable Vape at Vapebulkpcom Enjoy dual flavors mesh coil 850mAh battery adjustable airflow and 50ml capacity\" \/>\n<meta property=\"og:url\" content=\"https:\/\/vapebulkp.com\/it\/prodotto\/fizzy-twins-50000-puffs-high-puff-count-vape-kits-bulk-price\/\" \/>\n<meta property=\"og:site_name\" content=\"vapebulkp.com\" \/>\n<meta property=\"article:modified_time\" content=\"2025-09-24T03:57:47+00:00\" \/>\n<meta property=\"og:image\" content=\"http:\/\/vapebulkp.com\/wp-content\/uploads\/2025\/06\/Fizzy-Twins-High-Puff-Count-Vape-50000-Puffs-Disposable-E-Cigarette-for-Sale.webp\" \/>\n\t<meta property=\"og:image:width\" content=\"800\" \/>\n\t<meta property=\"og:image:height\" content=\"800\" \/>\n\t<meta property=\"og:image:type\" content=\"image\/webp\" \/>\n<meta name=\"twitter:card\" content=\"summary_large_image\" \/>\n<meta name=\"twitter:label1\" content=\"Tempo di lettura stimato\" \/>\n\t<meta name=\"twitter:data1\" content=\"4 minuti\" \/>\n<script type=\"application\/ld+json\" class=\"yoast-schema-graph\">{\"@context\":\"https:\/\/schema.org\",\"@graph\":[{\"@type\":\"WebPage\",\"@id\":\"https:\/\/vapebulkp.com\/product\/fizzy-twins-50000-puffs-high-puff-count-vape-kits-bulk-price\/\",\"url\":\"https:\/\/vapebulkp.com\/product\/fizzy-twins-50000-puffs-high-puff-count-vape-kits-bulk-price\/\",\"name\":\"Fizzy Twins 50000 Puffs High Puff Count Vape Kits Bulk Price - vapebulkp.com\",\"isPartOf\":{\"@id\":\"https:\/\/vapebulkp.com\/#website\"},\"datePublished\":\"2025-06-14T09:08:05+00:00\",\"dateModified\":\"2025-09-24T03:57:47+00:00\",\"description\":\"Shop Fizzy Twins 50000 Puffs Disposable Vape at Vapebulkpcom Enjoy dual flavors mesh coil 850mAh battery adjustable airflow and 50ml capacity\",\"breadcrumb\":{\"@id\":\"https:\/\/vapebulkp.com\/product\/fizzy-twins-50000-puffs-high-puff-count-vape-kits-bulk-price\/#breadcrumb\"},\"inLanguage\":\"it-IT\",\"potentialAction\":[{\"@type\":\"ReadAction\",\"target\":[\"https:\/\/vapebulkp.com\/product\/fizzy-twins-50000-puffs-high-puff-count-vape-kits-bulk-price\/\"]}]},{\"@type\":\"BreadcrumbList\",\"@id\":\"https:\/\/vapebulkp.com\/product\/fizzy-twins-50000-puffs-high-puff-count-vape-kits-bulk-price\/#breadcrumb\",\"itemListElement\":[{\"@type\":\"ListItem\",\"position\":1,\"name\":\"Home\",\"item\":\"https:\/\/vapebulkp.com\/\"},{\"@type\":\"ListItem\",\"position\":2,\"name\":\"Hot Trend Vapes\",\"item\":\"https:\/\/vapebulkp.com\/vape-shop\/\"},{\"@type\":\"ListItem\",\"position\":3,\"name\":\"Fizzy Twins 50000 Puffs High Puff Count Vape Kits Bulk Price\"}]},{\"@type\":\"WebSite\",\"@id\":\"https:\/\/vapebulkp.com\/#website\",\"url\":\"https:\/\/vapebulkp.com\/\",\"name\":\"vapebulkp.com\",\"description\":\"Buy Vape In Cheap Bulk Price Near you\",\"publisher\":{\"@id\":\"https:\/\/vapebulkp.com\/#organization\"},\"potentialAction\":[{\"@type\":\"SearchAction\",\"target\":{\"@type\":\"EntryPoint\",\"urlTemplate\":\"https:\/\/vapebulkp.com\/?s={search_term_string}\"},\"query-input\":\"required name=search_term_string\"}],\"inLanguage\":\"it-IT\"},{\"@type\":\"Organization\",\"@id\":\"https:\/\/vapebulkp.com\/#organization\",\"name\":\"vapebulkp.com\",\"url\":\"https:\/\/vapebulkp.com\/\",\"logo\":{\"@type\":\"ImageObject\",\"inLanguage\":\"it-IT\",\"@id\":\"https:\/\/vapebulkp.com\/#\/schema\/logo\/image\/\",\"url\":\"https:\/\/vapebulkp.com\/wp-content\/uploads\/2023\/09\/cropped-vapebulkp.png\",\"contentUrl\":\"https:\/\/vapebulkp.com\/wp-content\/uploads\/2023\/09\/cropped-vapebulkp.png\",\"width\":516,\"height\":163,\"caption\":\"vapebulkp.com\"},\"image\":{\"@id\":\"https:\/\/vapebulkp.com\/#\/schema\/logo\/image\/\"}}]}<\/script>\n<!-- \/ Yoast SEO plugin. -->","yoast_head_json":{"title":"Fizzy Twins 50000 Puffs High Puff Count Vape Kits Bulk Price - vapebulkp.com","description":"Shop Fizzy Twins 50000 Puffs Disposable Vape at Vapebulkpcom Enjoy dual flavors mesh coil 850mAh battery adjustable airflow and 50ml capacity","robots":{"index":"index","follow":"follow","max-snippet":"max-snippet:-1","max-image-preview":"max-image-preview:large","max-video-preview":"max-video-preview:-1"},"canonical":"https:\/\/vapebulkp.com\/it\/prodotto\/fizzy-twins-50000-puffs-high-puff-count-vape-kits-bulk-price\/","og_locale":"it_IT","og_type":"article","og_title":"Fizzy Twins 50000 Puffs High Puff Count Vape Kits Bulk Price - vapebulkp.com","og_description":"Shop Fizzy Twins 50000 Puffs Disposable Vape at Vapebulkpcom Enjoy dual flavors mesh coil 850mAh battery adjustable airflow and 50ml capacity","og_url":"https:\/\/vapebulkp.com\/it\/prodotto\/fizzy-twins-50000-puffs-high-puff-count-vape-kits-bulk-price\/","og_site_name":"vapebulkp.com","article_modified_time":"2025-09-24T03:57:47+00:00","og_image":[{"width":800,"height":800,"url":"http:\/\/vapebulkp.com\/wp-content\/uploads\/2025\/06\/Fizzy-Twins-High-Puff-Count-Vape-50000-Puffs-Disposable-E-Cigarette-for-Sale.webp","type":"image\/webp"}],"twitter_card":"summary_large_image","twitter_misc":{"Tempo di lettura stimato":"4 minuti"},"schema":{"@context":"https:\/\/schema.org","@graph":[{"@type":"WebPage","@id":"https:\/\/vapebulkp.com\/product\/fizzy-twins-50000-puffs-high-puff-count-vape-kits-bulk-price\/","url":"https:\/\/vapebulkp.com\/product\/fizzy-twins-50000-puffs-high-puff-count-vape-kits-bulk-price\/","name":"Fizzy Twins 50000 Puffs High Puff Count Vape Kits Bulk Price - vapebulkp.com","isPartOf":{"@id":"https:\/\/vapebulkp.com\/#website"},"datePublished":"2025-06-14T09:08:05+00:00","dateModified":"2025-09-24T03:57:47+00:00","description":"Shop Fizzy Twins 50000 Puffs Disposable Vape at Vapebulkpcom Enjoy dual flavors mesh coil 850mAh battery adjustable airflow and 50ml capacity","breadcrumb":{"@id":"https:\/\/vapebulkp.com\/product\/fizzy-twins-50000-puffs-high-puff-count-vape-kits-bulk-price\/#breadcrumb"},"inLanguage":"it-IT","potentialAction":[{"@type":"ReadAction","target":["https:\/\/vapebulkp.com\/product\/fizzy-twins-50000-puffs-high-puff-count-vape-kits-bulk-price\/"]}]},{"@type":"BreadcrumbList","@id":"https:\/\/vapebulkp.com\/product\/fizzy-twins-50000-puffs-high-puff-count-vape-kits-bulk-price\/#breadcrumb","itemListElement":[{"@type":"ListItem","position":1,"name":"Home","item":"https:\/\/vapebulkp.com\/"},{"@type":"ListItem","position":2,"name":"Hot Trend Vapes","item":"https:\/\/vapebulkp.com\/vape-shop\/"},{"@type":"ListItem","position":3,"name":"Fizzy Twins 50000 Puffs High Puff Count Vape Kits Bulk Price"}]},{"@type":"WebSite","@id":"https:\/\/vapebulkp.com\/#website","url":"https:\/\/vapebulkp.com\/","name":"vapebulkp.com","description":"Buy Vape In Cheap Bulk Price Near you","publisher":{"@id":"https:\/\/vapebulkp.com\/#organization"},"potentialAction":[{"@type":"SearchAction","target":{"@type":"EntryPoint","urlTemplate":"https:\/\/vapebulkp.com\/?s={search_term_string}"},"query-input":"required name=search_term_string"}],"inLanguage":"it-IT"},{"@type":"Organization","@id":"https:\/\/vapebulkp.com\/#organization","name":"vapebulkp.com","url":"https:\/\/vapebulkp.com\/","logo":{"@type":"ImageObject","inLanguage":"it-IT","@id":"https:\/\/vapebulkp.com\/#\/schema\/logo\/image\/","url":"https:\/\/vapebulkp.com\/wp-content\/uploads\/2023\/09\/cropped-vapebulkp.png","contentUrl":"https:\/\/vapebulkp.com\/wp-content\/uploads\/2023\/09\/cropped-vapebulkp.png","width":516,"height":163,"caption":"vapebulkp.com"},"image":{"@id":"https:\/\/vapebulkp.com\/#\/schema\/logo\/image\/"}}]}},"uagb_featured_image_src":{"full":["https:\/\/vapebulkp.com\/wp-content\/uploads\/2025\/06\/Fizzy-Twins-High-Puff-Count-Vape-50000-Puffs-Disposable-E-Cigarette-for-Sale.webp",800,800,false],"thumbnail":["https:\/\/vapebulkp.com\/wp-content\/uploads\/2025\/06\/Fizzy-Twins-High-Puff-Count-Vape-50000-Puffs-Disposable-E-Cigarette-for-Sale-150x150.webp",150,150,true],"medium":["https:\/\/vapebulkp.com\/wp-content\/uploads\/2025\/06\/Fizzy-Twins-High-Puff-Count-Vape-50000-Puffs-Disposable-E-Cigarette-for-Sale-300x300.webp",300,300,true],"medium_large":["https:\/\/vapebulkp.com\/wp-content\/uploads\/2025\/06\/Fizzy-Twins-High-Puff-Count-Vape-50000-Puffs-Disposable-E-Cigarette-for-Sale-768x768.webp",768,768,true],"large":["https:\/\/vapebulkp.com\/wp-content\/uploads\/2025\/06\/Fizzy-Twins-High-Puff-Count-Vape-50000-Puffs-Disposable-E-Cigarette-for-Sale.webp",800,800,false],"1536x1536":["https:\/\/vapebulkp.com\/wp-content\/uploads\/2025\/06\/Fizzy-Twins-High-Puff-Count-Vape-50000-Puffs-Disposable-E-Cigarette-for-Sale.webp",800,800,false],"2048x2048":["https:\/\/vapebulkp.com\/wp-content\/uploads\/2025\/06\/Fizzy-Twins-High-Puff-Count-Vape-50000-Puffs-Disposable-E-Cigarette-for-Sale.webp",800,800,false],"trp-custom-language-flag":["https:\/\/vapebulkp.com\/wp-content\/uploads\/2025\/06\/Fizzy-Twins-High-Puff-Count-Vape-50000-Puffs-Disposable-E-Cigarette-for-Sale.webp",12,12,false],"woocommerce_thumbnail":["https:\/\/vapebulkp.com\/wp-content\/uploads\/2025\/06\/Fizzy-Twins-High-Puff-Count-Vape-50000-Puffs-Disposable-E-Cigarette-for-Sale-300x300.webp",300,300,true],"woocommerce_single":["https:\/\/vapebulkp.com\/wp-content\/uploads\/2025\/06\/Fizzy-Twins-High-Puff-Count-Vape-50000-Puffs-Disposable-E-Cigarette-for-Sale-600x600.webp",600,600,true],"woocommerce_gallery_thumbnail":["https:\/\/vapebulkp.com\/wp-content\/uploads\/2025\/06\/Fizzy-Twins-High-Puff-Count-Vape-50000-Puffs-Disposable-E-Cigarette-for-Sale-100x100.webp",100,100,true],"wcpr-photo-reviews":["https:\/\/vapebulkp.com\/wp-content\/uploads\/2025\/06\/Fizzy-Twins-High-Puff-Count-Vape-50000-Puffs-Disposable-E-Cigarette-for-Sale.webp",500,500,false]},"uagb_author_info":{"display_name":"Mandy vape bulk price","author_link":"https:\/\/vapebulkp.com\/it\/author\/"},"uagb_comment_info":0,"uagb_excerpt":"Buy Fizzy Twins 50000 Puffs Vape at Vapebulkpcom with dual mode airflow, 850mAh battery, 2 percent or 5 percent nicotine, and premium vapor quality. Pls Contact Mandy's WhatsApp For Discount Price+8618077105796 NOTE: Prices on our website does not include shipping costs &nbsp;","_links":{"self":[{"href":"https:\/\/vapebulkp.com\/it\/wp-json\/wp\/v2\/product\/3850","targetHints":{"allow":["GET"]}}],"collection":[{"href":"https:\/\/vapebulkp.com\/it\/wp-json\/wp\/v2\/product"}],"about":[{"href":"https:\/\/vapebulkp.com\/it\/wp-json\/wp\/v2\/types\/product"}],"replies":[{"embeddable":true,"href":"https:\/\/vapebulkp.com\/it\/wp-json\/wp\/v2\/comments?post=3850"}],"wp:featuredmedia":[{"embeddable":true,"href":"https:\/\/vapebulkp.com\/it\/wp-json\/wp\/v2\/media\/3847"}],"wp:attachment":[{"href":"https:\/\/vapebulkp.com\/it\/wp-json\/wp\/v2\/media?parent=3850"}],"wp:term":[{"taxonomy":"product_cat","embeddable":true,"href":"https:\/\/vapebulkp.com\/it\/wp-json\/wp\/v2\/product_cat?post=3850"},{"taxonomy":"product_tag","embeddable":true,"href":"https:\/\/vapebulkp.com\/it\/wp-json\/wp\/v2\/product_tag?post=3850"}],"curies":[{"name":"wp","href":"https:\/\/api.w.org\/{rel}","templated":true}]}}