{"id":3866,"date":"2025-06-19T09:39:04","date_gmt":"2025-06-19T07:39:04","guid":{"rendered":"https:\/\/vapebulkp.com\/?post_type=product&#038;p=3866"},"modified":"2025-09-24T05:03:02","modified_gmt":"2025-09-24T03:03:02","slug":"wga-40000-puffs-best-sale-disposable-vape-device","status":"publish","type":"product","link":"https:\/\/vapebulkp.com\/it\/prodotto\/wga-40000-puffs-best-sale-disposable-vape-device\/","title":{"rendered":"WGA 40000 Puffs Dispositivo per Sigaretta Elettronica Usa e Getta Miglior Vendita"},"content":{"rendered":"<h2>WGA 40000 Puffs Dispositivo per Sigaretta Elettronica Usa e Getta Miglior Vendita<\/h2>\n<p data-start=\"379\" data-end=\"730\">Il <strong data-start=\"383\" data-end=\"423\">WGA Vape 40000 Puffs Vape Monouso<\/strong> \u00e8 un premium <strong data-start=\"437\" data-end=\"470\">vaporizzatore monouso ad alta capacit\u00e0<\/strong> progettato per gli appassionati di svapo italiani che esigono prestazioni di lunga durata e un sapore intenso. Pre-riempito con 35ml di <strong data-start=\"592\" data-end=\"614\">svapata con sali di nicotina<\/strong>, questo dispositivo offre fino a 40.000 tiri, fornendo un'esperienza affidabile e soddisfacente per l'uso quotidiano o prolungato.<\/p>\n<p data-start=\"732\" data-end=\"975\">Costruito come una <strong data-start=\"743\" data-end=\"775\">vape monouso ricaricabile<\/strong> con una batteria da 600mAh e ricarica rapida Type-C, fornisce potenza costante senza interruzioni. Il sistema <strong data-start=\"875\" data-end=\"893\">resistenza mesh<\/strong> garantisce nuvole dense, tiri fluidi e sapore migliorato ad ogni tiro.<\/p>\n<p data-start=\"977\" data-end=\"1325\">Questo <strong data-start=\"982\" data-end=\"1021\">sigaretta elettronica monouso a lunga durata<\/strong> combina convenienza, portabilit\u00e0 e stile. Compatto e leggero, \u00e8 perfetto per i viaggi, gli ambienti sociali o l'acquisto all'ingrosso da parte dei grossisti in tutta Italia. Il <strong data-start=\"1189\" data-end=\"1229\">WGA Vape <a href=\"https:\/\/vapebulkp.com\/it\/categoria-prodotto\/40000-puffs-disposable-vape\/\">40000 Puffs Sigaretta Elettronica Usa e Getta<\/a><\/strong> offre qualit\u00e0 premium, prestazioni ad alta capacit\u00e0 e svapo senza problemi in un unico dispositivo.<\/p>\n<h6>Contatta il WhatsApp di Mandy per un prezzo scontato<a href=\"https:\/\/wa.me\/8618077105796\">+8618077105796<\/a><\/h6>\n<p><img decoding=\"async\" class=\"alignnone wp-image-2151\" src=\"http:\/\/vapebulkp.com\/wp-content\/uploads\/2024\/04\/Mandy-WhatsApp-Randm.jpg\" alt=\"Mandy WhatsApp Randm\" width=\"271\" height=\"289\" srcset=\"https:\/\/vapebulkp.com\/wp-content\/uploads\/2024\/04\/Mandy-WhatsApp-Randm.jpg 916w, https:\/\/vapebulkp.com\/wp-content\/uploads\/2024\/04\/Mandy-WhatsApp-Randm-282x300.jpg 282w, https:\/\/vapebulkp.com\/wp-content\/uploads\/2024\/04\/Mandy-WhatsApp-Randm-768x817.jpg 768w, https:\/\/vapebulkp.com\/wp-content\/uploads\/2024\/04\/Mandy-WhatsApp-Randm-600x638.jpg 600w\" sizes=\"(max-width: 271px) 100vw, 271px\" \/><\/p>\n<h2><strong>Perch\u00e9 Acquistare Hot Vape WGA 40000 Puffs a <a href=\"https:\/\/vapebulkp.com\/it\/\">Vapebulkp.com<\/a>?<\/strong><\/h2>\n<p>At <em>Vapebulkp.com<\/em>, il <em>Crystal Vape WGA LEGEND ULTRA 30K Puff<\/em> si distingue per le sue prestazioni eccezionali, il design elegante e le funzionalit\u00e0 premium. Ecco perch\u00e9 \u00e8 la scelta perfetta per i vapers:<\/p>\n<ul>\n<li><strong>Prestazioni Durature:<\/strong> Con <em>30.000 tiri<\/em> e una <em>capacit\u00e0 di 24 ml di liquido elettronico<\/em>, offre un utilizzo prolungato senza la necessit\u00e0 di frequenti sostituzioni, rendendolo ideale sia per l'uso quotidiano che per lo svapo in movimento.<\/li>\n<li><strong>Sistema a Doppio Aroma:<\/strong> Goditi due aromi distinti in un unico dispositivo, offrendo un'esperienza di svapo personalizzabile che soddisfa le tue preferenze di gusto personali.<\/li>\n<li><strong>Ricarica Rapida<\/strong> Dotato di una <em>batteria ricaricabile da 650 mAh<\/em> e <em>Type-C<\/em>, il WGA LEGEND ULTRA garantisce una ricarica rapida ed efficiente, mantenendoti carico con tempi di inattivit\u00e0 minimi.<\/li>\n<li><strong>Qualit\u00e0 Premium<\/strong> Il <em>coil in mesh da 1.1ohm<\/em> offre un sapore liscio e costante ad ogni tiro, perfetto sia per <em>DTL<\/em> e <em>MTL<\/em> stili. \u00c8 disponibile in <em>2%<\/em> e <em>5% gradazioni di nicotina<\/em>, fornendo un colpo soddisfacente per tutti i vapers.<\/li>\n<li><strong>Prezzi Competitivi<\/strong> Acquistando da <em>Vapebulkp.com<\/em>, accedi a prezzi competitivi con spedizione veloce direttamente dal nostro magazzino europeo, assicurandoti di ricevere il tuo dispositivo rapidamente e al miglior valore.<\/li>\n<li><strong>Marchio Affidabile:<\/strong> Il <em>WGA LEGEND ULTRA<\/em> \u00e8 un prodotto affidabile, noto per il suo design ecologico e le prestazioni premium, che lo rendono la scelta definitiva per i vapers pi\u00f9 esigenti che apprezzano qualit\u00e0, innovazione e convenienza.<\/li>\n<\/ul>\n<div class=\"faqs-answer\">\n<h3><strong>FAQ sul Vape Monouso ad Alto Tiro WGA 40000 Puffs <\/strong><strong>:<\/strong><\/h3>\n<p>&nbsp;<\/p>\n<p data-start=\"204\" data-end=\"407\"><strong data-start=\"204\" data-end=\"269\">1. Quanti tiri fornisce il Vape Monouso WGA 40000 Puffs?<\/strong><br data-start=\"269\" data-end=\"272\" \/>Il Vape Monouso WGA 40000 offre fino a 40.000 tiri, rendendolo uno dei vapes monouso a pi\u00f9 lunga durata disponibili sul mercato.<\/p>\n<p data-start=\"409\" data-end=\"578\"><strong data-start=\"409\" data-end=\"451\">2. Il WGA 40000 Vapes \u00e8 ricaricabile?<\/strong><br data-start=\"451\" data-end=\"454\" \/>S\u00ec, \u00e8 dotato di una batteria ricaricabile integrata da 600mAh con una comoda porta di ricarica Type-C per una ricarica rapida e facile.<\/p>\n<p data-start=\"580\" data-end=\"734\"><strong data-start=\"580\" data-end=\"625\">3. Quali sono i livelli di nicotina disponibili per WGA 40K PUFF VAPE?<\/strong><br data-start=\"625\" data-end=\"628\" \/>Questa svapata \u00e8 disponibile in due opzioni di nicotina: 2% (20mg\/ml) e 5% (50mg\/ml) per soddisfare le diverse preferenze degli utenti.<\/p>\n<p data-start=\"736\" data-end=\"890\"><strong data-start=\"736\" data-end=\"788\">4. Quanto e-liquid contiene il WGA 40000?<\/strong><br data-start=\"788\" data-end=\"791\" \/>\u00c8 pre-riempito con 35ml di e-liquid di alta qualit\u00e0, garantendo un sapore costante per tutta la sua durata.<\/p>\n<\/div>\n<h4><\/h4>\n<h4><span style=\"vertical-align: inherit\"><strong>Vape all'ingrosso WGA 40000 Puffs S<\/strong>pecifiche:<\/span><strong><br \/>\n<\/strong><\/h4>\n<ul>\n<li data-start=\"205\" data-end=\"260\">\n<p data-start=\"207\" data-end=\"260\"><strong data-start=\"207\" data-end=\"224\">Nome Prodotto:<\/strong><br data-start=\"224\" data-end=\"227\" \/>WGA 40000 Puffs Svapata monouso<\/p>\n<\/li>\n<li data-start=\"262\" data-end=\"387\">\n<p data-start=\"264\" data-end=\"387\"><strong data-start=\"264\" data-end=\"286\">Concentrazione di nicotina:<\/strong><br data-start=\"286\" data-end=\"289\" \/>Disponibile in concentrazioni di nicotina al 2% (20mg\/ml) e 5% (50mg\/ml) per soddisfare diverse preferenze<\/p>\n<\/li>\n<li data-start=\"389\" data-end=\"500\">\n<p data-start=\"391\" data-end=\"500\"><strong data-start=\"391\" data-end=\"406\">Numero di Puff:<\/strong><br data-start=\"406\" data-end=\"409\" \/>Fino a 40000 boccate per prestazioni di svapo ultra-durature senza frequenti sostituzioni<\/p>\n<\/li>\n<li data-start=\"502\" data-end=\"630\">\n<p data-start=\"504\" data-end=\"630\"><strong data-start=\"504\" data-end=\"526\">Capacit\u00e0 dell'e-liquid:<\/strong><br data-start=\"526\" data-end=\"529\" \/>Pre-riempito con ben 35ml di e-liquid premium per un sapore ricco e costante dall'inizio alla fine<\/p>\n<\/li>\n<li data-start=\"632\" data-end=\"749\">\n<p data-start=\"634\" data-end=\"749\"><strong data-start=\"634\" data-end=\"655\">Capacit\u00e0 della batteria:<\/strong><br data-start=\"655\" data-end=\"658\" \/>Batteria ricaricabile integrata da 600mAh che garantisce un'erogazione di potenza affidabile per sessioni prolungate<\/p>\n<\/li>\n<li data-start=\"751\" data-end=\"860\">\n<p data-start=\"753\" data-end=\"860\"><strong data-start=\"753\" data-end=\"771\">Porta di ricarica:<\/strong><br data-start=\"771\" data-end=\"774\" \/>Dotato di una moderna porta di ricarica rapida Type-C per una ricarica rapida e conveniente<\/p>\n<\/li>\n<li data-start=\"862\" data-end=\"970\">\n<p data-start=\"864\" data-end=\"970\"><strong data-start=\"864\" data-end=\"889\">Funzione ricaricabile:<\/strong><br data-start=\"889\" data-end=\"892\" \/>Il design ricaricabile migliora la durata del prodotto e riduce il costo di utilizzo complessivo<\/p>\n<\/li>\n<li data-start=\"972\" data-end=\"1078\">\n<p data-start=\"974\" data-end=\"1078\"><strong data-start=\"974\" data-end=\"988\">Tipo di Bobina:<\/strong><br data-start=\"988\" data-end=\"991\" \/>La tecnologia avanzata a mesh coil produce nuvole di vapore pi\u00f9 grandi e una purezza del sapore migliorata<\/p>\n<\/li>\n<\/ul>\n<h4>Elenco dei gusti delle Pods Vape WGA 40000 Puff:<\/h4>\n<p>1.Mora Mirtillo Lampone 2.Lampone Acido al Mirtillo<br \/>\n3.Ghiaccio alla Cola<br \/>\nFanta 4<br \/>\n5.Menta Fresca<br \/>\n6.Pesca Succosa<br \/>\n7. Limone e Lime<br \/>\n8. Red Bull<br \/>\n9. Fragola e Uva<br \/>\n10. Ghiaccio al cocomero<\/p>\n<p><a href=\"https:\/\/vapebulkp.com\/it\/prodotto\/stag-bar-triple-60000-puffs-for-wholesale-distributors\/\"><span style=\"vertical-align: inherit\">STAG Bar Triple 60000 Tiri<\/span><\/a><\/p>\n<p><span style=\"vertical-align: inherit\">Trova altri prodotti che potrebbero piacerti:<\/span><em><a href=\"https:\/\/wa.me\/8618077105796\"><span style=\"vertical-align: inherit\">\u00a0Compralo ora<\/span><\/a><\/em><\/p>\n<p><span style=\"vertical-align: inherit\">Altri Tiri che potrebbero interessarti:<\/span><a href=\"https:\/\/vapebulkp.com\/it\/prodotto\/razz-bar-40000-puffs-wholesale-vape-factory-price-eu-warehouse-fast-shipping\/\"><span style=\"vertical-align: inherit\">RAZZBAR VAPE 40000 Tiri<\/span><\/a><span style=\"vertical-align: inherit\">\u3001<\/span><a href=\"https:\/\/vapebulkp.com\/it\/prodotto\/vozol-rave-40000-puffs-hot-sale-nicotine-salt-disposable-vaporizer\/\"><span style=\"vertical-align: inherit\">Vozol Rave 40000 Puff<\/span><\/a><span style=\"vertical-align: inherit\">\/ <\/span><a href=\"https:\/\/vapebulkp.com\/it\/prodotto\/bang-box-80000-puffs-3-in-1-wholesale-vape-supply\/\"><span style=\"vertical-align: inherit\">Bang Box 80000 Puff<\/span><\/a><span style=\"vertical-align: inherit\">\/ <\/span><a href=\"https:\/\/vapebulkp.com\/it\/prodotto\/fizzy-twins-50000-puffs-high-puff-count-vape-kits-bulk-price\/\"><span style=\"vertical-align: inherit\">Fizzy twins 50000 Puff<\/span><\/a><\/p>\n<h4>Dettaglio spedizione:<\/h4>\n<p><span style=\"color: #ff6600\">Tempo di produzione: 5-10 giorni lavorativi<\/span><br \/>\n<span style=\"color: #ff6600\">Tempo di spedizione: 8-14 giorni lavorativi<\/span><\/p>\n<p>Tutti i prodotti nel nostro negozio sono originali e autentici al 100%, per cui il risarcimento dieci volte superiore per merce contraffatta \u00e8 la nostra politica aziendale. Utilizziamo canali logistici come UPS\/DHL\/FEDEX\/DPD per consegnare la merce.<\/p>\n<p>Per i pacchi spediti in Italia, di solito occorrono 10 giorni lavorativi per l'arrivo. Le spedizioni verso altri Paesi europei impiegano solitamente dai 12 ai 15 giorni lavorativi per l'arrivo. Aggiorneremo le informazioni logistiche per te in tempo reale.<\/p>","protected":false},"excerpt":{"rendered":"<p><strong>40000 Puffs WGA Vape Prezzo all'ingrosso Smart Vape Monouso<\/strong><\/p>\n<p>Contatta il WhatsApp di Mandy per un prezzo scontato<a href=\"https:\/\/wa.me\/8618077105796\">+8618077105796<\/a><\/p>\n<p><img decoding=\"async\" class=\"alignnone wp-image-2151\" src=\"http:\/\/vapebulkp.com\/wp-content\/uploads\/2024\/04\/Mandy-WhatsApp-Randm.jpg\" alt=\"Mandy WhatsApp Randm\" width=\"297\" height=\"316\" srcset=\"https:\/\/vapebulkp.com\/wp-content\/uploads\/2024\/04\/Mandy-WhatsApp-Randm.jpg 916w, https:\/\/vapebulkp.com\/wp-content\/uploads\/2024\/04\/Mandy-WhatsApp-Randm-282x300.jpg 282w, https:\/\/vapebulkp.com\/wp-content\/uploads\/2024\/04\/Mandy-WhatsApp-Randm-768x817.jpg 768w, https:\/\/vapebulkp.com\/wp-content\/uploads\/2024\/04\/Mandy-WhatsApp-Randm-600x638.jpg 600w\" sizes=\"(max-width: 297px) 100vw, 297px\" \/><\/p>\n<p><span style=\"color: #ff0000\">NOTA: I prezzi sul nostro sito non includono i costi di spedizione<\/span><\/p>\n<p>Principali motivi per l'acquisto<br \/>\n1. Qualit\u00e0 eccellente e prestazioni ineguagliabili.<\/p>\n<p>2. Prezzo competitivo e valore rapido.<\/p>\n<p>3. Molteplici opzioni e consegna puntuale.<\/p>\n<p>4. Un'esperienza di acquisto soddisfacente<\/p>","protected":false},"featured_media":3860,"comment_status":"open","ping_status":"closed","template":"","meta":{"_uag_custom_page_level_css":"","_lmt_disableupdate":"no","_lmt_disable":"","site-sidebar-layout":"default","site-content-layout":"content-boxed-container","ast-site-content-layout":"normal-width-container","site-content-style":"boxed","site-sidebar-style":"unboxed","ast-global-header-display":"","ast-banner-title-visibility":"","ast-main-header-display":"","ast-hfb-above-header-display":"","ast-hfb-below-header-display":"","ast-hfb-mobile-header-display":"","site-post-title":"","ast-breadcrumbs-content":"","ast-featured-img":"","footer-sml-layout":"","theme-transparent-header-meta":"default","adv-header-id-meta":"","stick-header-meta":"","header-above-stick-meta":"","header-main-stick-meta":"","header-below-stick-meta":"","astra-migrate-meta-layouts":"set","_joinchat":[]},"product_cat":[182,153,155,33,59,100,87,34,158,157,154,152,58,84,156,63,32,366],"product_tag":[36,37,41,40,258],"class_list":["post-3866","product","type-product","status-publish","has-post-thumbnail","hentry","product_cat-40000-puffs-disposable-vape","product_cat-hot-disposable-vapes","product_cat-belgium-hot-disposable-vapes","product_cat-france-vape-hot-sale","product_cat-germany-hot-disposable-vape","product_cat-germany-wholesale-vape-shop","product_cat-minimum-order-quantity-50pcs","product_cat-netherlands-vape-good-sale","product_cat-norway-hot-disposable-vapes","product_cat-poland-hot-disposable-vapes","product_cat-portugal-hot-disposable-vapes","product_cat-spain-hot-disposable-vapes","product_cat-sweden-hot-disposable-vape","product_cat-sweden-wholesale-vape","product_cat-switzerland-hot-disposable-vapes","product_cat-top-sale-disposable-vape","product_cat-vape-hot-sale-this-week","product_cat-wga-vape","product_tag-good-vape","product_tag-hot-sale-disposable-vape","product_tag-poland-hot-vape","product_tag-sweden-hot-vape","product_tag-wga-40000-puffs","pa_brand-wga-vape","desktop-align-left","tablet-align-left","mobile-align-left"],"yoast_head":"<!-- This site is optimized with the Yoast SEO plugin v21.1 - https:\/\/yoast.com\/wordpress\/plugins\/seo\/ -->\n<title>WGA 40000 Puffs Best Sale Disposable Vape Device - vapebulkp.com<\/title>\n<meta name=\"description\" content=\"Enjoy up to 40000 puffs with the WGA disposable vape featuring 35ml e-liquid, 600mAh rechargeable battery, and smooth mesh coil flavor performance.\" \/>\n<meta name=\"robots\" content=\"index, follow, max-snippet:-1, max-image-preview:large, max-video-preview:-1\" \/>\n<link rel=\"canonical\" href=\"https:\/\/vapebulkp.com\/it\/prodotto\/wga-40000-puffs-best-sale-disposable-vape-device\/\" \/>\n<meta property=\"og:locale\" content=\"it_IT\" \/>\n<meta property=\"og:type\" content=\"article\" \/>\n<meta property=\"og:title\" content=\"WGA 40000 Puffs Best Sale Disposable Vape Device - vapebulkp.com\" \/>\n<meta property=\"og:description\" content=\"Enjoy up to 40000 puffs with the WGA disposable vape featuring 35ml e-liquid, 600mAh rechargeable battery, and smooth mesh coil flavor performance.\" \/>\n<meta property=\"og:url\" content=\"https:\/\/vapebulkp.com\/it\/prodotto\/wga-40000-puffs-best-sale-disposable-vape-device\/\" \/>\n<meta property=\"og:site_name\" content=\"vapebulkp.com\" \/>\n<meta property=\"article:modified_time\" content=\"2025-09-24T03:03:02+00:00\" \/>\n<meta property=\"og:image\" content=\"http:\/\/vapebulkp.com\/wp-content\/uploads\/2025\/06\/Buy-WGA-40000-Puffs-Vape-Ultra-High-Puff-Count-Disposable-Vape-with-Mesh-Coil.webp\" \/>\n\t<meta property=\"og:image:width\" content=\"800\" \/>\n\t<meta property=\"og:image:height\" content=\"800\" \/>\n\t<meta property=\"og:image:type\" content=\"image\/webp\" \/>\n<meta name=\"twitter:card\" content=\"summary_large_image\" \/>\n<meta name=\"twitter:label1\" content=\"Tempo di lettura stimato\" \/>\n\t<meta name=\"twitter:data1\" content=\"4 minuti\" \/>\n<script type=\"application\/ld+json\" class=\"yoast-schema-graph\">{\"@context\":\"https:\/\/schema.org\",\"@graph\":[{\"@type\":\"WebPage\",\"@id\":\"https:\/\/vapebulkp.com\/product\/wga-40000-puffs-best-sale-disposable-vape-device\/\",\"url\":\"https:\/\/vapebulkp.com\/product\/wga-40000-puffs-best-sale-disposable-vape-device\/\",\"name\":\"WGA 40000 Puffs Best Sale Disposable Vape Device - vapebulkp.com\",\"isPartOf\":{\"@id\":\"https:\/\/vapebulkp.com\/#website\"},\"datePublished\":\"2025-06-19T07:39:04+00:00\",\"dateModified\":\"2025-09-24T03:03:02+00:00\",\"description\":\"Enjoy up to 40000 puffs with the WGA disposable vape featuring 35ml e-liquid, 600mAh rechargeable battery, and smooth mesh coil flavor performance.\",\"breadcrumb\":{\"@id\":\"https:\/\/vapebulkp.com\/product\/wga-40000-puffs-best-sale-disposable-vape-device\/#breadcrumb\"},\"inLanguage\":\"it-IT\",\"potentialAction\":[{\"@type\":\"ReadAction\",\"target\":[\"https:\/\/vapebulkp.com\/product\/wga-40000-puffs-best-sale-disposable-vape-device\/\"]}]},{\"@type\":\"BreadcrumbList\",\"@id\":\"https:\/\/vapebulkp.com\/product\/wga-40000-puffs-best-sale-disposable-vape-device\/#breadcrumb\",\"itemListElement\":[{\"@type\":\"ListItem\",\"position\":1,\"name\":\"Home\",\"item\":\"https:\/\/vapebulkp.com\/\"},{\"@type\":\"ListItem\",\"position\":2,\"name\":\"Hot Trend Vapes\",\"item\":\"https:\/\/vapebulkp.com\/vape-shop\/\"},{\"@type\":\"ListItem\",\"position\":3,\"name\":\"WGA 40000 Puffs Best Sale Disposable Vape Device\"}]},{\"@type\":\"WebSite\",\"@id\":\"https:\/\/vapebulkp.com\/#website\",\"url\":\"https:\/\/vapebulkp.com\/\",\"name\":\"vapebulkp.com\",\"description\":\"Buy Vape In Cheap Bulk Price Near you\",\"publisher\":{\"@id\":\"https:\/\/vapebulkp.com\/#organization\"},\"potentialAction\":[{\"@type\":\"SearchAction\",\"target\":{\"@type\":\"EntryPoint\",\"urlTemplate\":\"https:\/\/vapebulkp.com\/?s={search_term_string}\"},\"query-input\":\"required name=search_term_string\"}],\"inLanguage\":\"it-IT\"},{\"@type\":\"Organization\",\"@id\":\"https:\/\/vapebulkp.com\/#organization\",\"name\":\"vapebulkp.com\",\"url\":\"https:\/\/vapebulkp.com\/\",\"logo\":{\"@type\":\"ImageObject\",\"inLanguage\":\"it-IT\",\"@id\":\"https:\/\/vapebulkp.com\/#\/schema\/logo\/image\/\",\"url\":\"https:\/\/vapebulkp.com\/wp-content\/uploads\/2023\/09\/cropped-vapebulkp.png\",\"contentUrl\":\"https:\/\/vapebulkp.com\/wp-content\/uploads\/2023\/09\/cropped-vapebulkp.png\",\"width\":516,\"height\":163,\"caption\":\"vapebulkp.com\"},\"image\":{\"@id\":\"https:\/\/vapebulkp.com\/#\/schema\/logo\/image\/\"}}]}<\/script>\n<!-- \/ Yoast SEO plugin. -->","yoast_head_json":{"title":"WGA 40000 Puffs Best Sale Disposable Vape Device - vapebulkp.com","description":"Enjoy up to 40000 puffs with the WGA disposable vape featuring 35ml e-liquid, 600mAh rechargeable battery, and smooth mesh coil flavor performance.","robots":{"index":"index","follow":"follow","max-snippet":"max-snippet:-1","max-image-preview":"max-image-preview:large","max-video-preview":"max-video-preview:-1"},"canonical":"https:\/\/vapebulkp.com\/it\/prodotto\/wga-40000-puffs-best-sale-disposable-vape-device\/","og_locale":"it_IT","og_type":"article","og_title":"WGA 40000 Puffs Best Sale Disposable Vape Device - vapebulkp.com","og_description":"Enjoy up to 40000 puffs with the WGA disposable vape featuring 35ml e-liquid, 600mAh rechargeable battery, and smooth mesh coil flavor performance.","og_url":"https:\/\/vapebulkp.com\/it\/prodotto\/wga-40000-puffs-best-sale-disposable-vape-device\/","og_site_name":"vapebulkp.com","article_modified_time":"2025-09-24T03:03:02+00:00","og_image":[{"width":800,"height":800,"url":"http:\/\/vapebulkp.com\/wp-content\/uploads\/2025\/06\/Buy-WGA-40000-Puffs-Vape-Ultra-High-Puff-Count-Disposable-Vape-with-Mesh-Coil.webp","type":"image\/webp"}],"twitter_card":"summary_large_image","twitter_misc":{"Tempo di lettura stimato":"4 minuti"},"schema":{"@context":"https:\/\/schema.org","@graph":[{"@type":"WebPage","@id":"https:\/\/vapebulkp.com\/product\/wga-40000-puffs-best-sale-disposable-vape-device\/","url":"https:\/\/vapebulkp.com\/product\/wga-40000-puffs-best-sale-disposable-vape-device\/","name":"WGA 40000 Puffs Best Sale Disposable Vape Device - vapebulkp.com","isPartOf":{"@id":"https:\/\/vapebulkp.com\/#website"},"datePublished":"2025-06-19T07:39:04+00:00","dateModified":"2025-09-24T03:03:02+00:00","description":"Enjoy up to 40000 puffs with the WGA disposable vape featuring 35ml e-liquid, 600mAh rechargeable battery, and smooth mesh coil flavor performance.","breadcrumb":{"@id":"https:\/\/vapebulkp.com\/product\/wga-40000-puffs-best-sale-disposable-vape-device\/#breadcrumb"},"inLanguage":"it-IT","potentialAction":[{"@type":"ReadAction","target":["https:\/\/vapebulkp.com\/product\/wga-40000-puffs-best-sale-disposable-vape-device\/"]}]},{"@type":"BreadcrumbList","@id":"https:\/\/vapebulkp.com\/product\/wga-40000-puffs-best-sale-disposable-vape-device\/#breadcrumb","itemListElement":[{"@type":"ListItem","position":1,"name":"Home","item":"https:\/\/vapebulkp.com\/"},{"@type":"ListItem","position":2,"name":"Hot Trend Vapes","item":"https:\/\/vapebulkp.com\/vape-shop\/"},{"@type":"ListItem","position":3,"name":"WGA 40000 Puffs Best Sale Disposable Vape Device"}]},{"@type":"WebSite","@id":"https:\/\/vapebulkp.com\/#website","url":"https:\/\/vapebulkp.com\/","name":"vapebulkp.com","description":"Buy Vape In Cheap Bulk Price Near you","publisher":{"@id":"https:\/\/vapebulkp.com\/#organization"},"potentialAction":[{"@type":"SearchAction","target":{"@type":"EntryPoint","urlTemplate":"https:\/\/vapebulkp.com\/?s={search_term_string}"},"query-input":"required name=search_term_string"}],"inLanguage":"it-IT"},{"@type":"Organization","@id":"https:\/\/vapebulkp.com\/#organization","name":"vapebulkp.com","url":"https:\/\/vapebulkp.com\/","logo":{"@type":"ImageObject","inLanguage":"it-IT","@id":"https:\/\/vapebulkp.com\/#\/schema\/logo\/image\/","url":"https:\/\/vapebulkp.com\/wp-content\/uploads\/2023\/09\/cropped-vapebulkp.png","contentUrl":"https:\/\/vapebulkp.com\/wp-content\/uploads\/2023\/09\/cropped-vapebulkp.png","width":516,"height":163,"caption":"vapebulkp.com"},"image":{"@id":"https:\/\/vapebulkp.com\/#\/schema\/logo\/image\/"}}]}},"uagb_featured_image_src":{"full":["https:\/\/vapebulkp.com\/wp-content\/uploads\/2025\/06\/Buy-WGA-40000-Puffs-Vape-Ultra-High-Puff-Count-Disposable-Vape-with-Mesh-Coil.webp",800,800,false],"thumbnail":["https:\/\/vapebulkp.com\/wp-content\/uploads\/2025\/06\/Buy-WGA-40000-Puffs-Vape-Ultra-High-Puff-Count-Disposable-Vape-with-Mesh-Coil-150x150.webp",150,150,true],"medium":["https:\/\/vapebulkp.com\/wp-content\/uploads\/2025\/06\/Buy-WGA-40000-Puffs-Vape-Ultra-High-Puff-Count-Disposable-Vape-with-Mesh-Coil-300x300.webp",300,300,true],"medium_large":["https:\/\/vapebulkp.com\/wp-content\/uploads\/2025\/06\/Buy-WGA-40000-Puffs-Vape-Ultra-High-Puff-Count-Disposable-Vape-with-Mesh-Coil-768x768.webp",768,768,true],"large":["https:\/\/vapebulkp.com\/wp-content\/uploads\/2025\/06\/Buy-WGA-40000-Puffs-Vape-Ultra-High-Puff-Count-Disposable-Vape-with-Mesh-Coil.webp",800,800,false],"1536x1536":["https:\/\/vapebulkp.com\/wp-content\/uploads\/2025\/06\/Buy-WGA-40000-Puffs-Vape-Ultra-High-Puff-Count-Disposable-Vape-with-Mesh-Coil.webp",800,800,false],"2048x2048":["https:\/\/vapebulkp.com\/wp-content\/uploads\/2025\/06\/Buy-WGA-40000-Puffs-Vape-Ultra-High-Puff-Count-Disposable-Vape-with-Mesh-Coil.webp",800,800,false],"trp-custom-language-flag":["https:\/\/vapebulkp.com\/wp-content\/uploads\/2025\/06\/Buy-WGA-40000-Puffs-Vape-Ultra-High-Puff-Count-Disposable-Vape-with-Mesh-Coil.webp",12,12,false],"woocommerce_thumbnail":["https:\/\/vapebulkp.com\/wp-content\/uploads\/2025\/06\/Buy-WGA-40000-Puffs-Vape-Ultra-High-Puff-Count-Disposable-Vape-with-Mesh-Coil-300x300.webp",300,300,true],"woocommerce_single":["https:\/\/vapebulkp.com\/wp-content\/uploads\/2025\/06\/Buy-WGA-40000-Puffs-Vape-Ultra-High-Puff-Count-Disposable-Vape-with-Mesh-Coil-600x600.webp",600,600,true],"woocommerce_gallery_thumbnail":["https:\/\/vapebulkp.com\/wp-content\/uploads\/2025\/06\/Buy-WGA-40000-Puffs-Vape-Ultra-High-Puff-Count-Disposable-Vape-with-Mesh-Coil-100x100.webp",100,100,true],"wcpr-photo-reviews":["https:\/\/vapebulkp.com\/wp-content\/uploads\/2025\/06\/Buy-WGA-40000-Puffs-Vape-Ultra-High-Puff-Count-Disposable-Vape-with-Mesh-Coil.webp",500,500,false]},"uagb_author_info":{"display_name":"Mandy vape bulk price","author_link":"https:\/\/vapebulkp.com\/it\/author\/"},"uagb_comment_info":0,"uagb_excerpt":"40000 Puffs WGA Vape Wholesale Price\u00a0 Smart Disposable Vape Pls Contact Mandy's WhatsApp For Discount Price+8618077105796 NOTE: Prices on our website does not include shipping costs Main reason for purchase 1. Excellent quality and unparalleled performance. 2. Competitive price and fast value. 3. Multiple options and timely delivery. 4. A satisfying shopping experience","_links":{"self":[{"href":"https:\/\/vapebulkp.com\/it\/wp-json\/wp\/v2\/product\/3866","targetHints":{"allow":["GET"]}}],"collection":[{"href":"https:\/\/vapebulkp.com\/it\/wp-json\/wp\/v2\/product"}],"about":[{"href":"https:\/\/vapebulkp.com\/it\/wp-json\/wp\/v2\/types\/product"}],"replies":[{"embeddable":true,"href":"https:\/\/vapebulkp.com\/it\/wp-json\/wp\/v2\/comments?post=3866"}],"wp:featuredmedia":[{"embeddable":true,"href":"https:\/\/vapebulkp.com\/it\/wp-json\/wp\/v2\/media\/3860"}],"wp:attachment":[{"href":"https:\/\/vapebulkp.com\/it\/wp-json\/wp\/v2\/media?parent=3866"}],"wp:term":[{"taxonomy":"product_cat","embeddable":true,"href":"https:\/\/vapebulkp.com\/it\/wp-json\/wp\/v2\/product_cat?post=3866"},{"taxonomy":"product_tag","embeddable":true,"href":"https:\/\/vapebulkp.com\/it\/wp-json\/wp\/v2\/product_tag?post=3866"}],"curies":[{"name":"wp","href":"https:\/\/api.w.org\/{rel}","templated":true}]}}