{"id":3874,"date":"2025-06-23T11:12:44","date_gmt":"2025-06-23T09:12:44","guid":{"rendered":"https:\/\/vapebulkp.com\/?post_type=product&#038;p=3874"},"modified":"2025-09-24T04:57:44","modified_gmt":"2025-09-24T02:57:44","slug":"wholesale-vape-okso-60000-puffs-dual-flavor-disposable-device","status":"publish","type":"product","link":"https:\/\/vapebulkp.com\/it\/product\/wholesale-vape-okso-60000-puffs-dual-flavor-disposable-device\/","title":{"rendered":"Sigaretta Elettronica all'Ingrosso OKSO 60000 Puffs Dispositivo Usa e Getta Doppio Gusto"},"content":{"rendered":"<h2>Sigaretta Elettronica all'Ingrosso OKSO 60000 Puffs Dispositivo Usa e Getta Doppio Gusto<\/h2>\n<p data-start=\"153\" data-end=\"449\">Il <strong data-start=\"157\" data-end=\"193\">Sigaretta elettronica usa e getta OKSO 60000 Puffs<\/strong> \u00e8 una <strong data-start=\"199\" data-end=\"232\">vaporizzatore monouso ad alta capacit\u00e0<\/strong> progettata per i vapers italiani che cercano prestazioni durature e un sapore di alta qualit\u00e0. Con due scomparti da 25 ml di e-liquid al sale di nicotina, consente di passare facilmente da un gusto all'altro, rendendola ideale per gli amanti della variet\u00e0.<\/p>\n<p data-start=\"451\" data-end=\"782\">Questo <strong data-start=\"456\" data-end=\"488\">vape monouso ricaricabile<\/strong> presenta una batteria da 650 mAh e una tecnologia <strong data-start=\"528\" data-end=\"546\">resistenza mesh<\/strong> avanzata, che offre un flusso d'aria regolare, vapore denso e un sapore consistente a ogni tiro. Disponibile con una concentrazione di nicotina del 2% e del 5%, questo <strong data-start=\"686\" data-end=\"708\">svapata con sali di nicotina<\/strong> offre un colpo in gola soddisfacente sia per gli utenti occasionali che per quelli esperti.<\/p>\n<p data-start=\"784\" data-end=\"1185\">Progettata per essere compatta e portatile, la <strong data-start=\"825\" data-end=\"861\">OKSO <a href=\"https:\/\/vapebulkp.com\/it\/product-category\/60000-puffs-disposable-vape\/\">Vape usa e getta da 60000 tiri<\/a><\/strong> \u00e8 una <strong data-start=\"867\" data-end=\"902\">sigaretta elettronica usa e getta da viaggio<\/strong> \u00e8 perfetta per l'uso in movimento. Con un display a LED che mostra i livelli della batteria e dell'e-liquid, combina convenienza e usabilit\u00e0. La confezione pronta per la vendita all'ingrosso la rende un'ottima opzione per la <strong data-start=\"1085\" data-end=\"1112\">distribuzione all'ingrosso di sigarette elettroniche in Italia<\/strong> garantendo che i rivenditori possano soddisfare l'elevata domanda con fiducia.<\/p>\n<p data-start=\"1187\" data-end=\"1355\">Affidabile, versatile e costruita per un divertimento duraturo, la <strong data-start=\"1250\" data-end=\"1286\">Kit sigaretta elettronica OKSO 60k Puffs<\/strong> stabilisce un nuovo standard per le sigarette elettroniche usa e getta ricaricabili a doppio gusto.<\/p>\n<h6>Contatta il WhatsApp di Mandy per un prezzo scontato<a href=\"https:\/\/wa.me\/8618077105796\">+8618077105796<\/a><\/h6>\n<p><img decoding=\"async\" class=\"alignnone wp-image-2151\" src=\"http:\/\/vapebulkp.com\/wp-content\/uploads\/2024\/04\/Mandy-WhatsApp-Randm.jpg\" alt=\"Mandy WhatsApp Randm\" width=\"271\" height=\"289\" srcset=\"https:\/\/vapebulkp.com\/wp-content\/uploads\/2024\/04\/Mandy-WhatsApp-Randm.jpg 916w, https:\/\/vapebulkp.com\/wp-content\/uploads\/2024\/04\/Mandy-WhatsApp-Randm-282x300.jpg 282w, https:\/\/vapebulkp.com\/wp-content\/uploads\/2024\/04\/Mandy-WhatsApp-Randm-768x817.jpg 768w, https:\/\/vapebulkp.com\/wp-content\/uploads\/2024\/04\/Mandy-WhatsApp-Randm-600x638.jpg 600w\" sizes=\"(max-width: 271px) 100vw, 271px\" \/><\/p>\n<h2><strong>Perch\u00e9 acquistare OKSO Double Flavor 60k puffs su <a href=\"https:\/\/vapebulkp.com\/it\/\">Vapebulkp.com<\/a>?<\/strong><\/h2>\n<p>Su Vapebulkp.com, offriamo l'autentica sigaretta elettronica usa e getta OKSO Double Flavor 60K Puffs con qualit\u00e0 garantita e prezzi all'ingrosso imbattibili. La nostra piattaforma \u00e8 specializzata in sigarette elettroniche di alta qualit\u00e0 progettate sia per i rivenditori che per i vapers individuali in tutta Europa e oltre. Quando acquisti da noi, benefici di spedizioni veloci, un eccellente supporto clienti e opzioni di pagamento sicure. Garantiamo che ogni dispositivo sia autentico al 100%, dotato di tecnologia avanzata con coil a rete, due serbatoi di e-liquid da 25 ml e una batteria ricaricabile per prestazioni di lunga durata. Scegli Vapebulkp.com per le tue esigenze di sigarette elettroniche OKSO e goditi la perfetta combinazione di sapore, convenienza e valore in un unico negozio fidato.<\/p>\n<div class=\"faqs-answer\">\n<h3><strong>FAQ sulla Sleek Vape OKSO 60000 Puffs <\/strong><strong>:<\/strong><\/h3>\n<p data-start=\"208\" data-end=\"370\"><strong data-start=\"208\" data-end=\"256\">1. Quanti tiri offre la OKSO Vape 60000 Puffs?<\/strong><br data-start=\"256\" data-end=\"259\" \/>La OKSO offre fino a <strong data-start=\"283\" data-end=\"299\">60.000 puff<\/strong>, rendendola una delle sigarette elettroniche usa e getta con la maggiore capacit\u00e0 sul mercato.<\/p>\n<p data-start=\"372\" data-end=\"529\"><strong data-start=\"372\" data-end=\"409\">2. Che tipo di resistenza usa la okso vape box 60k puffs?<\/strong><br data-start=\"409\" data-end=\"412\" \/>\u00c8 dotata di una <strong data-start=\"424\" data-end=\"448\">tecnologia a bobina a rete<\/strong>, che offre vapore pi\u00f9 morbido, riscaldamento pi\u00f9 veloce e sapore pi\u00f9 ricco a ogni tiro.<\/p>\n<p data-start=\"1034\" data-end=\"1191\"><strong data-start=\"1034\" data-end=\"1071\">3. La sigaretta elettronica all'ingrosso okso puffs 60k ha uno schermo?<\/strong><br data-start=\"1071\" data-end=\"1074\" \/>S\u00ec, la OKSO 60K include un <strong data-start=\"1104\" data-end=\"1119\">LED integrato<\/strong> che mostra la durata della batteria e i livelli di e-liquid, aiutandoti a monitorare l'uso.<\/p>\n<\/div>\n<h4><\/h4>\n<h4><span style=\"vertical-align: inherit\"><strong>Prezzo all'ingrosso OKSO Double Flavor 60000 Puffs S<\/strong>pecifiche:<\/span><strong><br \/>\n<\/strong><\/h4>\n<ul>\n<li data-start=\"105\" data-end=\"220\">\n<p data-start=\"107\" data-end=\"220\"><strong data-start=\"107\" data-end=\"132\">Enorme capacit\u00e0 di tiro<\/strong> \u2013 Goditi fino a 60000 tiri per una soddisfazione duratura senza frequenti sostituzioni<\/p>\n<\/li>\n<li data-start=\"221\" data-end=\"332\">\n<p data-start=\"223\" data-end=\"332\"><strong data-start=\"223\" data-end=\"256\">Tecnologia avanzata della bobina a mesh<\/strong> \u2013 Fornisce vapore pi\u00f9 morbido, sapore pi\u00f9 ricco e prestazioni pi\u00f9 costanti<\/p>\n<\/li>\n<li data-start=\"333\" data-end=\"453\">\n<p data-start=\"335\" data-end=\"453\"><strong data-start=\"335\" data-end=\"355\">Pod a doppio sapore<\/strong> \u2013 Viene fornita con due camere separate da 25ml di e-liquid, consentendo di passare facilmente da un sapore all'altro<\/p>\n<\/li>\n<li data-start=\"454\" data-end=\"574\">\n<p data-start=\"456\" data-end=\"574\"><strong data-start=\"456\" data-end=\"488\">Livelli di nicotina personalizzabili<\/strong> \u2013 Disponibile con opzioni di nicotina da 0%, 2%, 3% e 5% per soddisfare le tue preferenze personali<\/p>\n<\/li>\n<li data-start=\"575\" data-end=\"663\">\n<p data-start=\"577\" data-end=\"663\"><strong data-start=\"577\" data-end=\"608\">Batteria ricaricabile da 650mAh<\/strong> \u2013 Potenza affidabile per supportare sessioni di svapo prolungate<\/p>\n<\/li>\n<li data-start=\"664\" data-end=\"771\">\n<p data-start=\"666\" data-end=\"771\"><strong data-start=\"666\" data-end=\"687\">Display LED intelligente<\/strong> \u2013 Mostra chiaramente i livelli di batteria e e-liquid per un'esperienza di svapo pi\u00f9 informata<\/p>\n<\/li>\n<\/ul>\n<h4>OKSO 60000 Puff elenco dei gusti di svapo a doppio aroma:<\/h4>\n<p>1.Lampone blu<br \/>\n2.Fragola Ciliegia<br \/>\n3.Gomma da masticare all'anguria<br \/>\n4.Fragola Banana<br \/>\n5.Ghiaccio all'anguria<br \/>\n6.Limonata al lampone blu<br \/>\n7.Ghiaccio energetico rosso<br \/>\n8.Anguria Fragola<br \/>\n9.Lampone blu Ciliegia Mirtillo rosso<br \/>\n10. Ghiaccio al mirtillo<\/p>\n<p><span style=\"vertical-align: inherit\">Trova altri prodotti che potrebbero piacerti:<\/span><em><a href=\"https:\/\/wa.me\/8618077105796\"><span style=\"vertical-align: inherit\">\u00a0Compralo ora<\/span><\/a><\/em><\/p>\n<p><span style=\"vertical-align: inherit\">Altri Tiri che potrebbero interessarti:<\/span><a href=\"https:\/\/vapebulkp.com\/it\/product\/bang-de-60000-puffs-3in1-rechargeable-mesh-coil-disposable-vape\/\"><span style=\"vertical-align: inherit\">Bang DE 60000 Tiri<\/span><\/a><span style=\"vertical-align: inherit\">\u3001<\/span><a href=\"https:\/\/vapebulkp.com\/it\/product\/vozol-rave-40000-puffs-hot-sale-nicotine-salt-disposable-vaporizer\/\"><span style=\"vertical-align: inherit\">Vozol Rave 40000 Puff<\/span><\/a><span style=\"vertical-align: inherit\">\/ <\/span><a href=\"https:\/\/vapebulkp.com\/it\/product\/waspe-3in1-60000-puffs-disposable-vape-high-capacity\/\"><span style=\"vertical-align: inherit\">Sigaretta usa e getta WASPE 60000 Puffs<\/span><\/a><span style=\"vertical-align: inherit\">\/ <\/span><a href=\"https:\/\/vapebulkp.com\/it\/product\/fizzy-twins-50000-puffs-high-puff-count-vape-kits-bulk-price\/\"><span style=\"vertical-align: inherit\">Fizzy twins 50000 Puff<\/span><\/a><\/p>\n<p>&nbsp;<\/p>\n<h4>Dettaglio spedizione:<\/h4>\n<p><span style=\"color: #ff6600\">Tempo di produzione: 5-10 giorni lavorativi<\/span><br \/>\n<span style=\"color: #ff6600\">Tempo di spedizione: 8-14 giorni lavorativi<\/span><\/p>\n<p>Tutti i prodotti nel nostro negozio sono originali e autentici al 100%, per cui il risarcimento dieci volte superiore per merce contraffatta \u00e8 la nostra politica aziendale. Utilizziamo canali logistici come UPS\/DHL\/FEDEX\/DPD per consegnare la merce.<\/p>\n<p>Per i pacchi spediti in Italia, di solito occorrono 10 giorni lavorativi per l'arrivo. Le spedizioni verso altri Paesi europei impiegano solitamente dai 12 ai 15 giorni lavorativi per l'arrivo. Aggiorneremo le informazioni logistiche per te in tempo reale.<\/p>","protected":false},"excerpt":{"rendered":"<p>Acquista la sigaretta elettronica usa e getta ricaricabile OKSO 60k Puffs con design a doppio gusto, coil a rete e 50 ml di e-liquid. Una sigaretta elettronica alla nicotina di lunga durata, ideale per i clienti italiani che cercano un gusto ricco e nuvole dense.<\/p>\n<p>Contatta il WhatsApp di Mandy per un prezzo scontato<a href=\"https:\/\/wa.me\/8618077105796\">+8618077105796<\/a><\/p>\n<p><img decoding=\"async\" class=\"alignnone wp-image-2151\" src=\"http:\/\/vapebulkp.com\/wp-content\/uploads\/2024\/04\/Mandy-WhatsApp-Randm.jpg\" alt=\"Mandy WhatsApp Randm\" width=\"297\" height=\"316\" srcset=\"https:\/\/vapebulkp.com\/wp-content\/uploads\/2024\/04\/Mandy-WhatsApp-Randm.jpg 916w, https:\/\/vapebulkp.com\/wp-content\/uploads\/2024\/04\/Mandy-WhatsApp-Randm-282x300.jpg 282w, https:\/\/vapebulkp.com\/wp-content\/uploads\/2024\/04\/Mandy-WhatsApp-Randm-768x817.jpg 768w, https:\/\/vapebulkp.com\/wp-content\/uploads\/2024\/04\/Mandy-WhatsApp-Randm-600x638.jpg 600w\" sizes=\"(max-width: 297px) 100vw, 297px\" \/><\/p>\n<p><span style=\"color: #ff0000\">NOTA: I prezzi sul nostro sito non includono i costi di spedizione<\/span><\/p>\n<p>Principali motivi per l'acquisto<br \/>\n1. Qualit\u00e0 eccellente e prestazioni ineguagliabili.<\/p>\n<p>2. Prezzo competitivo e valore rapido.<\/p>\n<p>3. Molteplici opzioni e consegna puntuale.<\/p>\n<p>4. Un'esperienza di acquisto soddisfacente<\/p>","protected":false},"featured_media":3869,"comment_status":"open","ping_status":"closed","template":"","meta":{"_uag_custom_page_level_css":"","_lmt_disableupdate":"no","_lmt_disable":"","site-sidebar-layout":"default","site-content-layout":"content-boxed-container","ast-site-content-layout":"normal-width-container","site-content-style":"boxed","site-sidebar-style":"unboxed","ast-global-header-display":"","ast-banner-title-visibility":"","ast-main-header-display":"","ast-hfb-above-header-display":"","ast-hfb-below-header-display":"","ast-hfb-mobile-header-display":"","site-post-title":"","ast-breadcrumbs-content":"","ast-featured-img":"","footer-sml-layout":"","theme-transparent-header-meta":"default","adv-header-id-meta":"","stick-header-meta":"","header-above-stick-meta":"","header-main-stick-meta":"","header-below-stick-meta":"","astra-migrate-meta-layouts":"set","_joinchat":[]},"product_cat":[234,153,155,33,59,100,87,34,158,356,157,154,152,58,84,156,63,32],"product_tag":[36,37,259,41,286],"class_list":["post-3874","product","type-product","status-publish","has-post-thumbnail","hentry","product_cat-60000-puffs-disposable-vape","product_cat-hot-disposable-vapes","product_cat-belgium-hot-disposable-vapes","product_cat-france-vape-hot-sale","product_cat-germany-hot-disposable-vape","product_cat-germany-wholesale-vape-shop","product_cat-minimum-order-quantity-50pcs","product_cat-netherlands-vape-good-sale","product_cat-norway-hot-disposable-vapes","product_cat-okso-vape","product_cat-poland-hot-disposable-vapes","product_cat-portugal-hot-disposable-vapes","product_cat-spain-hot-disposable-vapes","product_cat-sweden-hot-disposable-vape","product_cat-sweden-wholesale-vape","product_cat-switzerland-hot-disposable-vapes","product_cat-top-sale-disposable-vape","product_cat-vape-hot-sale-this-week","product_tag-good-vape","product_tag-hot-sale-disposable-vape","product_tag-okso-60000-puffs","product_tag-poland-hot-vape","product_tag-puffs-stock-in-europe","pa_brand-okso-vape","desktop-align-left","tablet-align-left","mobile-align-left"],"yoast_head":"<!-- This site is optimized with the Yoast SEO plugin v21.1 - https:\/\/yoast.com\/wordpress\/plugins\/seo\/ -->\n<title>Wholesale Vape OKSO 60000 Puffs Dual Flavor Disposable Device - vapebulkp.com<\/title>\n<meta name=\"description\" content=\"Get the OKSO 60000 Puffs Disposable Vape with dual flavors, mesh coil vape technology, and long-lasting performance. Available in 2% and 5% nicotine, perfect for European vapers seeking a high-capacity disposable vape.\" \/>\n<meta name=\"robots\" content=\"index, follow, max-snippet:-1, max-image-preview:large, max-video-preview:-1\" \/>\n<link rel=\"canonical\" href=\"https:\/\/vapebulkp.com\/it\/product\/wholesale-vape-okso-60000-puffs-dual-flavor-disposable-device\/\" \/>\n<meta property=\"og:locale\" content=\"it_IT\" \/>\n<meta property=\"og:type\" content=\"article\" \/>\n<meta property=\"og:title\" content=\"Wholesale Vape OKSO 60000 Puffs Dual Flavor Disposable Device - vapebulkp.com\" \/>\n<meta property=\"og:description\" content=\"Get the OKSO 60000 Puffs Disposable Vape with dual flavors, mesh coil vape technology, and long-lasting performance. Available in 2% and 5% nicotine, perfect for European vapers seeking a high-capacity disposable vape.\" \/>\n<meta property=\"og:url\" content=\"https:\/\/vapebulkp.com\/it\/product\/wholesale-vape-okso-60000-puffs-dual-flavor-disposable-device\/\" \/>\n<meta property=\"og:site_name\" content=\"vapebulkp.com\" \/>\n<meta property=\"article:modified_time\" content=\"2025-09-24T02:57:44+00:00\" \/>\n<meta property=\"og:image\" content=\"http:\/\/vapebulkp.com\/wp-content\/uploads\/2025\/06\/OKSO-60K-Puff-Vape-Dual-Flavor-Wholesale-Vape.webp\" \/>\n\t<meta property=\"og:image:width\" content=\"800\" \/>\n\t<meta property=\"og:image:height\" content=\"800\" \/>\n\t<meta property=\"og:image:type\" content=\"image\/webp\" \/>\n<meta name=\"twitter:card\" content=\"summary_large_image\" \/>\n<meta name=\"twitter:label1\" content=\"Tempo di lettura stimato\" \/>\n\t<meta name=\"twitter:data1\" content=\"4 minuti\" \/>\n<script type=\"application\/ld+json\" class=\"yoast-schema-graph\">{\"@context\":\"https:\/\/schema.org\",\"@graph\":[{\"@type\":\"WebPage\",\"@id\":\"https:\/\/vapebulkp.com\/product\/wholesale-vape-okso-60000-puffs-dual-flavor-disposable-device\/\",\"url\":\"https:\/\/vapebulkp.com\/product\/wholesale-vape-okso-60000-puffs-dual-flavor-disposable-device\/\",\"name\":\"Wholesale Vape OKSO 60000 Puffs Dual Flavor Disposable Device - vapebulkp.com\",\"isPartOf\":{\"@id\":\"https:\/\/vapebulkp.com\/#website\"},\"datePublished\":\"2025-06-23T09:12:44+00:00\",\"dateModified\":\"2025-09-24T02:57:44+00:00\",\"description\":\"Get the OKSO 60000 Puffs Disposable Vape with dual flavors, mesh coil vape technology, and long-lasting performance. Available in 2% and 5% nicotine, perfect for European vapers seeking a high-capacity disposable vape.\",\"breadcrumb\":{\"@id\":\"https:\/\/vapebulkp.com\/product\/wholesale-vape-okso-60000-puffs-dual-flavor-disposable-device\/#breadcrumb\"},\"inLanguage\":\"it-IT\",\"potentialAction\":[{\"@type\":\"ReadAction\",\"target\":[\"https:\/\/vapebulkp.com\/product\/wholesale-vape-okso-60000-puffs-dual-flavor-disposable-device\/\"]}]},{\"@type\":\"BreadcrumbList\",\"@id\":\"https:\/\/vapebulkp.com\/product\/wholesale-vape-okso-60000-puffs-dual-flavor-disposable-device\/#breadcrumb\",\"itemListElement\":[{\"@type\":\"ListItem\",\"position\":1,\"name\":\"Home\",\"item\":\"https:\/\/vapebulkp.com\/\"},{\"@type\":\"ListItem\",\"position\":2,\"name\":\"Hot Trend Vapes\",\"item\":\"https:\/\/vapebulkp.com\/vape-shop\/\"},{\"@type\":\"ListItem\",\"position\":3,\"name\":\"Wholesale Vape OKSO 60000 Puffs Dual Flavor Disposable Device\"}]},{\"@type\":\"WebSite\",\"@id\":\"https:\/\/vapebulkp.com\/#website\",\"url\":\"https:\/\/vapebulkp.com\/\",\"name\":\"vapebulkp.com\",\"description\":\"Buy Vape In Cheap Bulk Price Near you\",\"publisher\":{\"@id\":\"https:\/\/vapebulkp.com\/#organization\"},\"potentialAction\":[{\"@type\":\"SearchAction\",\"target\":{\"@type\":\"EntryPoint\",\"urlTemplate\":\"https:\/\/vapebulkp.com\/?s={search_term_string}\"},\"query-input\":\"required name=search_term_string\"}],\"inLanguage\":\"it-IT\"},{\"@type\":\"Organization\",\"@id\":\"https:\/\/vapebulkp.com\/#organization\",\"name\":\"vapebulkp.com\",\"url\":\"https:\/\/vapebulkp.com\/\",\"logo\":{\"@type\":\"ImageObject\",\"inLanguage\":\"it-IT\",\"@id\":\"https:\/\/vapebulkp.com\/#\/schema\/logo\/image\/\",\"url\":\"https:\/\/vapebulkp.com\/wp-content\/uploads\/2023\/09\/cropped-vapebulkp.png\",\"contentUrl\":\"https:\/\/vapebulkp.com\/wp-content\/uploads\/2023\/09\/cropped-vapebulkp.png\",\"width\":516,\"height\":163,\"caption\":\"vapebulkp.com\"},\"image\":{\"@id\":\"https:\/\/vapebulkp.com\/#\/schema\/logo\/image\/\"}}]}<\/script>\n<!-- \/ Yoast SEO plugin. -->","yoast_head_json":{"title":"Wholesale Vape OKSO 60000 Puffs Dual Flavor Disposable Device - vapebulkp.com","description":"Get the OKSO 60000 Puffs Disposable Vape with dual flavors, mesh coil vape technology, and long-lasting performance. Available in 2% and 5% nicotine, perfect for European vapers seeking a high-capacity disposable vape.","robots":{"index":"index","follow":"follow","max-snippet":"max-snippet:-1","max-image-preview":"max-image-preview:large","max-video-preview":"max-video-preview:-1"},"canonical":"https:\/\/vapebulkp.com\/it\/product\/wholesale-vape-okso-60000-puffs-dual-flavor-disposable-device\/","og_locale":"it_IT","og_type":"article","og_title":"Wholesale Vape OKSO 60000 Puffs Dual Flavor Disposable Device - vapebulkp.com","og_description":"Get the OKSO 60000 Puffs Disposable Vape with dual flavors, mesh coil vape technology, and long-lasting performance. Available in 2% and 5% nicotine, perfect for European vapers seeking a high-capacity disposable vape.","og_url":"https:\/\/vapebulkp.com\/it\/product\/wholesale-vape-okso-60000-puffs-dual-flavor-disposable-device\/","og_site_name":"vapebulkp.com","article_modified_time":"2025-09-24T02:57:44+00:00","og_image":[{"width":800,"height":800,"url":"http:\/\/vapebulkp.com\/wp-content\/uploads\/2025\/06\/OKSO-60K-Puff-Vape-Dual-Flavor-Wholesale-Vape.webp","type":"image\/webp"}],"twitter_card":"summary_large_image","twitter_misc":{"Tempo di lettura stimato":"4 minuti"},"schema":{"@context":"https:\/\/schema.org","@graph":[{"@type":"WebPage","@id":"https:\/\/vapebulkp.com\/product\/wholesale-vape-okso-60000-puffs-dual-flavor-disposable-device\/","url":"https:\/\/vapebulkp.com\/product\/wholesale-vape-okso-60000-puffs-dual-flavor-disposable-device\/","name":"Wholesale Vape OKSO 60000 Puffs Dual Flavor Disposable Device - vapebulkp.com","isPartOf":{"@id":"https:\/\/vapebulkp.com\/#website"},"datePublished":"2025-06-23T09:12:44+00:00","dateModified":"2025-09-24T02:57:44+00:00","description":"Get the OKSO 60000 Puffs Disposable Vape with dual flavors, mesh coil vape technology, and long-lasting performance. Available in 2% and 5% nicotine, perfect for European vapers seeking a high-capacity disposable vape.","breadcrumb":{"@id":"https:\/\/vapebulkp.com\/product\/wholesale-vape-okso-60000-puffs-dual-flavor-disposable-device\/#breadcrumb"},"inLanguage":"it-IT","potentialAction":[{"@type":"ReadAction","target":["https:\/\/vapebulkp.com\/product\/wholesale-vape-okso-60000-puffs-dual-flavor-disposable-device\/"]}]},{"@type":"BreadcrumbList","@id":"https:\/\/vapebulkp.com\/product\/wholesale-vape-okso-60000-puffs-dual-flavor-disposable-device\/#breadcrumb","itemListElement":[{"@type":"ListItem","position":1,"name":"Home","item":"https:\/\/vapebulkp.com\/"},{"@type":"ListItem","position":2,"name":"Hot Trend Vapes","item":"https:\/\/vapebulkp.com\/vape-shop\/"},{"@type":"ListItem","position":3,"name":"Wholesale Vape OKSO 60000 Puffs Dual Flavor Disposable Device"}]},{"@type":"WebSite","@id":"https:\/\/vapebulkp.com\/#website","url":"https:\/\/vapebulkp.com\/","name":"vapebulkp.com","description":"Buy Vape In Cheap Bulk Price Near you","publisher":{"@id":"https:\/\/vapebulkp.com\/#organization"},"potentialAction":[{"@type":"SearchAction","target":{"@type":"EntryPoint","urlTemplate":"https:\/\/vapebulkp.com\/?s={search_term_string}"},"query-input":"required name=search_term_string"}],"inLanguage":"it-IT"},{"@type":"Organization","@id":"https:\/\/vapebulkp.com\/#organization","name":"vapebulkp.com","url":"https:\/\/vapebulkp.com\/","logo":{"@type":"ImageObject","inLanguage":"it-IT","@id":"https:\/\/vapebulkp.com\/#\/schema\/logo\/image\/","url":"https:\/\/vapebulkp.com\/wp-content\/uploads\/2023\/09\/cropped-vapebulkp.png","contentUrl":"https:\/\/vapebulkp.com\/wp-content\/uploads\/2023\/09\/cropped-vapebulkp.png","width":516,"height":163,"caption":"vapebulkp.com"},"image":{"@id":"https:\/\/vapebulkp.com\/#\/schema\/logo\/image\/"}}]}},"uagb_featured_image_src":{"full":["https:\/\/vapebulkp.com\/wp-content\/uploads\/2025\/06\/OKSO-60K-Puff-Vape-Dual-Flavor-Wholesale-Vape.webp",800,800,false],"thumbnail":["https:\/\/vapebulkp.com\/wp-content\/uploads\/2025\/06\/OKSO-60K-Puff-Vape-Dual-Flavor-Wholesale-Vape-150x150.webp",150,150,true],"medium":["https:\/\/vapebulkp.com\/wp-content\/uploads\/2025\/06\/OKSO-60K-Puff-Vape-Dual-Flavor-Wholesale-Vape-300x300.webp",300,300,true],"medium_large":["https:\/\/vapebulkp.com\/wp-content\/uploads\/2025\/06\/OKSO-60K-Puff-Vape-Dual-Flavor-Wholesale-Vape-768x768.webp",768,768,true],"large":["https:\/\/vapebulkp.com\/wp-content\/uploads\/2025\/06\/OKSO-60K-Puff-Vape-Dual-Flavor-Wholesale-Vape.webp",800,800,false],"1536x1536":["https:\/\/vapebulkp.com\/wp-content\/uploads\/2025\/06\/OKSO-60K-Puff-Vape-Dual-Flavor-Wholesale-Vape.webp",800,800,false],"2048x2048":["https:\/\/vapebulkp.com\/wp-content\/uploads\/2025\/06\/OKSO-60K-Puff-Vape-Dual-Flavor-Wholesale-Vape.webp",800,800,false],"trp-custom-language-flag":["https:\/\/vapebulkp.com\/wp-content\/uploads\/2025\/06\/OKSO-60K-Puff-Vape-Dual-Flavor-Wholesale-Vape.webp",12,12,false],"woocommerce_thumbnail":["https:\/\/vapebulkp.com\/wp-content\/uploads\/2025\/06\/OKSO-60K-Puff-Vape-Dual-Flavor-Wholesale-Vape-300x300.webp",300,300,true],"woocommerce_single":["https:\/\/vapebulkp.com\/wp-content\/uploads\/2025\/06\/OKSO-60K-Puff-Vape-Dual-Flavor-Wholesale-Vape-600x600.webp",600,600,true],"woocommerce_gallery_thumbnail":["https:\/\/vapebulkp.com\/wp-content\/uploads\/2025\/06\/OKSO-60K-Puff-Vape-Dual-Flavor-Wholesale-Vape-100x100.webp",100,100,true],"wcpr-photo-reviews":["https:\/\/vapebulkp.com\/wp-content\/uploads\/2025\/06\/OKSO-60K-Puff-Vape-Dual-Flavor-Wholesale-Vape.webp",500,500,false]},"uagb_author_info":{"display_name":"Mandy vape bulk price","author_link":"https:\/\/vapebulkp.com\/it\/author\/"},"uagb_comment_info":0,"uagb_excerpt":"Shop the OKSO 60k Puffs rechargeable disposable vape with dual flavour design, mesh coil, and 50ml e-liquid. A long-lasting nicotine vape ideal for EU customers seeking rich taste and smooth clouds. Pls Contact Mandy's WhatsApp For Discount Price+8618077105796 NOTE: Prices on our website does not include shipping costs Main reason for purchase 1. Excellent quality&hellip;","_links":{"self":[{"href":"https:\/\/vapebulkp.com\/it\/wp-json\/wp\/v2\/product\/3874","targetHints":{"allow":["GET"]}}],"collection":[{"href":"https:\/\/vapebulkp.com\/it\/wp-json\/wp\/v2\/product"}],"about":[{"href":"https:\/\/vapebulkp.com\/it\/wp-json\/wp\/v2\/types\/product"}],"replies":[{"embeddable":true,"href":"https:\/\/vapebulkp.com\/it\/wp-json\/wp\/v2\/comments?post=3874"}],"wp:featuredmedia":[{"embeddable":true,"href":"https:\/\/vapebulkp.com\/it\/wp-json\/wp\/v2\/media\/3869"}],"wp:attachment":[{"href":"https:\/\/vapebulkp.com\/it\/wp-json\/wp\/v2\/media?parent=3874"}],"wp:term":[{"taxonomy":"product_cat","embeddable":true,"href":"https:\/\/vapebulkp.com\/it\/wp-json\/wp\/v2\/product_cat?post=3874"},{"taxonomy":"product_tag","embeddable":true,"href":"https:\/\/vapebulkp.com\/it\/wp-json\/wp\/v2\/product_tag?post=3874"}],"curies":[{"name":"wp","href":"https:\/\/api.w.org\/{rel}","templated":true}]}}