{"id":3925,"date":"2025-07-09T10:46:35","date_gmt":"2025-07-09T08:46:35","guid":{"rendered":"https:\/\/vapebulkp.com\/?post_type=product&#038;p=3925"},"modified":"2025-09-24T04:59:03","modified_gmt":"2025-09-24T02:59:03","slug":"vozol-vista-40000-puffs-vape-wholesale-best-price","status":"publish","type":"product","link":"https:\/\/vapebulkp.com\/it\/product\/vozol-vista-40000-puffs-vape-wholesale-best-price\/","title":{"rendered":"VOZOL VISTA 40000 Puffs Vape Prezzo Migliore all'Ingrosso"},"content":{"rendered":"<h2>VOZOL VISTA 40000 Puffs Vape Prezzo Migliore all'Ingrosso<\/h2>\n<p>Il <b>Dispositivo Vape VOZOL VISTA 40000 Puffs<\/b>\u00a0\u00e8 una testimonianza dell'innovazione vape all'avanguardia. Questo dispositivo \u00e8 pi\u00f9 di un semplice <b>vape usa e getta<\/b>; \u00e8 uno strumento di svapo sofisticato costruito per coloro che apprezzano sia lo stile che la sostanza. L'iconico design dell'ingranaggio rotante offre un'esperienza tattile unica, mentre il <b>Display LED reattivo al battito a 270\u00b0<\/b> fornisce un'interfaccia visiva dinamica, intuitiva e coinvolgente.<\/p>\n<p>Progettato per una longevit\u00e0 eccezionale, il VOZOL VISTA \u00e8 alimentato da una robusta <b>batteria ricaricabile da 1000 mAh<\/b>, garantendo prestazioni costanti e affidabili per i suoi monumentali <b>40000 puff<\/b>. Il nucleo di questo dispositivo risiede nella sua avanzata <b>tecnologia a doppia coil mesh S.i.L.C. Tech<\/b> , che offre un sapore audace e un vapore liscio costanti ad ogni singola aspirazione. Gli utenti possono personalizzare completamente la loro esperienza con <b>controllo della potenza a 4 livelli<\/b> e <b>e<\/b>flusso d'aria regolabile a 2 livelli <b>, rendendolo un perfetto<\/b> per qualsiasi preferenza.<\/p>\n<p>Progettato pensando alla sostenibilit\u00e0, il <strong>VISTA 40k Puff Vape Pods<\/strong> presenta un sistema di pod riutilizzabile che minimizza gli sprechi, posizionandolo come una scelta intelligente ed ecologica. Questo <a href=\"https:\/\/vapebulkp.com\/it\/product-category\/40000-puffs-disposable-vape\/\"><b>40000 Puffs Sigaretta Elettronica Usa e Getta<\/b><\/a> \u00e8 la soluzione definitiva sia per i vapers pi\u00f9 esigenti che per i rivenditori alla ricerca di un prodotto di alta qualit\u00e0 e ad alta domanda che combini un'estetica moderna con prestazioni superiori.<\/p>\n<h6><span style=\"color: #ff0000\">Contatta il WhatsApp di Mandy per un prezzo scontato<a style=\"color: #ff0000\" href=\"https:\/\/wa.me\/8618077105796\">+8618077105796<\/a><\/span><\/h6>\n<p><img decoding=\"async\" class=\"alignnone wp-image-2151\" src=\"http:\/\/vapebulkp.com\/wp-content\/uploads\/2024\/04\/Mandy-WhatsApp-Randm.jpg\" alt=\"Mandy WhatsApp Randm\" width=\"271\" height=\"289\" srcset=\"https:\/\/vapebulkp.com\/wp-content\/uploads\/2024\/04\/Mandy-WhatsApp-Randm.jpg 916w, https:\/\/vapebulkp.com\/wp-content\/uploads\/2024\/04\/Mandy-WhatsApp-Randm-282x300.jpg 282w, https:\/\/vapebulkp.com\/wp-content\/uploads\/2024\/04\/Mandy-WhatsApp-Randm-768x817.jpg 768w, https:\/\/vapebulkp.com\/wp-content\/uploads\/2024\/04\/Mandy-WhatsApp-Randm-600x638.jpg 600w\" sizes=\"(max-width: 271px) 100vw, 271px\" \/><\/p>\n<h2><strong>Perch\u00e9 acquistare le sigarette elettroniche VOZOL VISTA 40000 Puffs all'ingrosso su <a href=\"https:\/\/vapebulkp.com\/it\/\">Vapebulkp.com<\/a>?<\/strong><\/h2>\n<h3 data-start=\"266\" data-end=\"302\">\u2705 <strong data-start=\"275\" data-end=\"302\">Approvvigionamento Diretto dalla Fabbrica<\/strong><\/h3>\n<p data-start=\"303\" data-end=\"471\">Collaboriamo direttamente con VOZOL e produttori certificati, garantendo <strong data-start=\"372\" data-end=\"394\">prodotti autentici<\/strong>, <strong data-start=\"396\" data-end=\"416\">inventario stabile<\/strong>, e gli <strong data-start=\"426\" data-end=\"443\">ultimi modelli<\/strong> \u2014 nessun intermediario, nessun ricarico.<\/p>\n<h3 data-start=\"473\" data-end=\"515\">\u2705 <strong data-start=\"482\" data-end=\"515\">Prezzi all'Ingrosso Competitivi<\/strong><\/h3>\n<p data-start=\"516\" data-end=\"718\">Vapebulkp.com offre le migliori tariffe all'ingrosso del settore, rendendo facile per rivenditori, distributori e rivenditori di sigarette elettroniche massimizzare i profitti offrendo dispositivi di prim'ordine come il <strong data-start=\"690\" data-end=\"717\">VOZOL VISTA 40000 Puff<\/strong>.<\/p>\n<h3 data-start=\"720\" data-end=\"757\">\u2705 <strong data-start=\"729\" data-end=\"757\">Veloce<\/strong><\/h3>\n<p data-start=\"758\" data-end=\"932\">Con capacit\u00e0 di evasione ordini globali e opzioni logistiche espresse, i tuoi ordini vengono spediti <strong data-start=\"843\" data-end=\"867\">rapidamente e in sicurezza<\/strong>. Diamo priorit\u00e0 all'efficienza delle consegne per mantenere la tua attivit\u00e0 in movimento.<\/p>\n<h3 data-start=\"934\" data-end=\"970\">\u2705 <strong data-start=\"943\" data-end=\"970\">Grandi volumi, senza problemi<\/strong><\/h3>\n<p data-start=\"971\" data-end=\"1131\">Sia che tu stia ordinando <strong data-start=\"995\" data-end=\"1019\">100 unit\u00e0 o 10.000+<\/strong>, il nostro processo B2B semplificato e i gestori account dedicati garantiscono un'esperienza di acquisto fluida, ogni volta.<\/p>\n<h3 data-start=\"1133\" data-end=\"1179\">\u2705 <strong data-start=\"1142\" data-end=\"1179\">Autenticit\u00e0 Garantita<\/strong><\/h3>\n<p data-start=\"1180\" data-end=\"1319\">Tutti i prodotti sono autentici al 100%, controllati per la sicurezza e testati a lotti. Garantiamo ogni spedizione, cos\u00ec puoi acquistare e rivendere con fiducia.<\/p>\n<h3 data-start=\"1321\" data-end=\"1371\">\u2705 <strong data-start=\"1330\" data-end=\"1371\">Su Misura per i Rivenditori<\/strong><\/h3>\n<p data-start=\"1372\" data-end=\"1508\">Da <strong data-start=\"1377\" data-end=\"1396\">flessibilit\u00e0 MOQ<\/strong> to <strong data-start=\"1400\" data-end=\"1434\">consulenza private label\/OEM<\/strong>, supportiamo le tue esigenze uniche di vendita all'ingrosso, indipendentemente dal tuo mercato o dalla tua scala.<\/p>\n<div class=\"faqs-answer\">\n<h2 data-start=\"55\" data-end=\"63\">FAQ<\/h2>\n<p data-start=\"65\" data-end=\"223\"><strong data-start=\"65\" data-end=\"97\">Spedite il miglior vaporizzatore usa e getta 2025 a livello internazionale?<\/strong><br data-start=\"97\" data-end=\"100\" \/>S\u00ec, Vapebulkp.com spedisce nella maggior parte dei paesi del mondo e gestisce tutte le pratiche doganali per garantire un processo di consegna agevole.<\/p>\n<p data-start=\"389\" data-end=\"542\"><strong data-start=\"389\" data-end=\"418\">Come posso tracciare il mio ordine?<\/strong><br data-start=\"418\" data-end=\"421\" \/>Una volta che il tuo ordine \u00e8 stato spedito, riceverai un numero di tracciamento via email per poter facilmente monitorare lo stato del tuo pacco.<\/p>\n<p data-start=\"544\" data-end=\"699\"><strong data-start=\"544\" data-end=\"574\">Posso ottenere una spedizione pi\u00f9 veloce?<\/strong><br data-start=\"574\" data-end=\"577\" \/>Per una consegna pi\u00f9 veloce, ti consigliamo di ordinare dal nostro magazzino in Italia che offre tempi di elaborazione e spedizione pi\u00f9 rapidi.<\/p>\n<p data-start=\"888\" data-end=\"1079\"><strong data-start=\"888\" data-end=\"950\">Cosa devo fare se ricevo un prodotto danneggiato o difettoso?<\/strong><br data-start=\"950\" data-end=\"953\" \/>Se ricevi un articolo danneggiato o difettoso, contatta prontamente il nostro team di servizio clienti per una sostituzione o una soluzione.<\/p>\n<p data-start=\"1081\" data-end=\"1235\"><strong data-start=\"1081\" data-end=\"1125\">Come posso contattare il servizio clienti?<\/strong><br data-start=\"1125\" data-end=\"1128\" \/>Puoi raggiungerci via email, WhatsApp o tramite la funzione di chat dal vivo sul nostro sito web per un'assistenza rapida.<\/p>\n<\/div>\n<h4><\/h4>\n<h2 data-start=\"52\" data-end=\"122\"><strong data-start=\"52\" data-end=\"122\">Vaporizzatore VOZOL VISTA 40000 Puffs ad alto numero di puff - Specifiche del prodotto<\/strong><\/h2>\n<p>Nome del prodotto: Kit Pod Vaporizzatore Ricaricabile VOZOL VISTA 40000 Puffs<br \/>\nPuff Massimi: Fino a 40.000+ puff (varia in base all'utilizzo)<br \/>\nDisplay: Display LED reattivo al battito a 270\u00b0<br \/>\nCapacit\u00e0 Batteria: Batteria ricaricabile integrata da 1000 mAh<br \/>\nPorta di Ricarica: Ricarica rapida USB Type-C<br \/>\nRegolazione Wattaggio: Wattaggio regolabile a 4 livelli<br \/>\nControllo Flusso d'Aria: Sistema di flusso d'aria regolabile a 2 livelli<br \/>\nTecnologia Coil: Doppia coil mesh S.i.L.C. Tech<br \/>\nMetodo di Attivazione: Attivato con l'aspirazione (nessun pulsante richiesto)<br \/>\nStile di Svapo MTL (Mouth-to-Lung)<br \/>\nTipo di Dispositivo: Dispositivo ricaricabile + Contenitori Pod ricaricabili<br \/>\nLivello utente: Adatto ai principianti<\/p>\n<h2>Elenco gusti VOZOL VISTA 40000 Puffs:<\/h2>\n<p>1. Blue Razz Ice<br \/>\n2. Mirtillo Ghiacciato<br \/>\n3. Ciliegia Cola<br \/>\n4. Menta Fredda<br \/>\n5. Doppio Mela<br \/>\n6. Uva Ice<br \/>\n7. Amore 777<br \/>\n8. Mango Ghiaccio<br \/>\n9. Mango Frutto della Passione<br \/>\n10. Mango Pesca<br \/>\n11. Melone Gomme<br \/>\n12. Pesca Frutti di Bosco<br \/>\n13. Pesca Ice<br \/>\n14. Fragola Banana<br \/>\n15. Fragola Ice<br \/>\n16. Fragola Kiwi<br \/>\n17. Fragola Mango<br \/>\n18. Fragola Anguria<br \/>\n19. Anguria Gomme da Masticare<br \/>\n20. Anguria Ghiacciata<\/p>\n<p><span style=\"vertical-align: inherit\">Trova altri prodotti che potrebbero piacerti:<\/span><em><a href=\"https:\/\/wa.me\/8618077105796\"><span style=\"vertical-align: inherit\">\u00a0Compralo ora<\/span><\/a><\/em><\/p>\n<p><span style=\"vertical-align: inherit\">Altri Tiri che potrebbero interessarti:<\/span><a href=\"https:\/\/vapebulkp.com\/it\/product\/aivono-fat-bear-80000-puffs-3-flavors-modes-disposable-vape-bulk-wholesale\/\"><span style=\"vertical-align: inherit\">Aivono Fat Bear 80000 Puff<\/span><\/a><span style=\"vertical-align: inherit\">\u3001<\/span><a href=\"https:\/\/vapebulkp.com\/it\/product\/vozol-rave-40000-puffs-hot-sale-nicotine-salt-disposable-vaporizer\/\"><span style=\"vertical-align: inherit\">Vozol Rave 40000 Puff<\/span><\/a><span style=\"vertical-align: inherit\">\/ <\/span><a href=\"https:\/\/vapebulkp.com\/it\/product\/bang-box-80000-puffs-3-in-1-wholesale-vape-supply\/\"><span style=\"vertical-align: inherit\">Bang Box 80000 Puff<\/span><\/a><span style=\"vertical-align: inherit\">\/ <\/span><a href=\"https:\/\/vapebulkp.com\/it\/product\/bood-lumo-60000-puffs-best-price-disposable-vape-2-5-nicotine\/\"><span style=\"vertical-align: inherit\">BOOD LUMO 60000 Puff<\/span><\/a><\/p>\n<h2 data-start=\"55\" data-end=\"75\">Metodi di Spedizione<\/h2>\n<p data-start=\"77\" data-end=\"345\">Su Vapebulkp.com, collaboriamo con corrieri leader come UPS, DHL, FedEx e DPD per fornire spedizioni rapide e affidabili. A seconda del paese di destinazione, selezioniamo il metodo di spedizione pi\u00f9 adatto per garantire che il tuo ordine arrivi nel modo pi\u00f9 rapido e sicuro possibile.<\/p>\n<ul data-start=\"347\" data-end=\"509\">\n<li data-start=\"347\" data-end=\"429\">\n<p data-start=\"349\" data-end=\"429\"><strong data-start=\"349\" data-end=\"383\">Spedizione in Italia:<\/strong> Richiede in genere circa 10 giorni per la consegna.<\/p>\n<\/li>\n<li data-start=\"430\" data-end=\"506\">\n<p data-start=\"432\" data-end=\"506\"><strong data-start=\"432\" data-end=\"467\">Spedizione verso i paesi europei:<\/strong> Richiede solitamente tra 12 e 15 giorni.<\/p>\n<\/li>\n<\/ul>\n<p data-start=\"510\" data-end=\"603\">Forniamo aggiornamenti di tracciamento in tempo reale in modo che tu possa monitorare la tua spedizione in ogni fase del percorso.<\/p>\n<p data-start=\"605\" data-end=\"856\">Per offrirti un'esperienza di acquisto senza problemi, gestiamo tutte le procedure di sdoganamento per tuo conto. Non ci sono tasse o costi aggiuntivi di cui preoccuparsi e garantiamo che il 100% delle nostre spedizioni superi con successo la dogana senza alcun problema.<\/p>\n<p data-start=\"858\" data-end=\"956\">Acquista con fiducia su Vapebulkp.com sapendo che il tuo ordine \u00e8 in mani esperte dal checkout alla consegna.<\/p>","protected":false},"excerpt":{"rendered":"<p data-start=\"138\" data-end=\"318\">Acquista i kit vape VOZOL VISTA da 40000 puff: sistema di pod vape ricaricabile ad alta capacit\u00e0 con design riutilizzabile. Ideale per acquirenti all'ingrosso che cercano dispositivi vape premium ed ecologici.<\/p>\n<p>Contatta il WhatsApp di Mandy per un prezzo scontato<a href=\"https:\/\/wa.me\/8618077105796\">+8618077105796<\/a><\/p>\n<p><img decoding=\"async\" class=\"alignnone wp-image-2151\" src=\"http:\/\/vapebulkp.com\/wp-content\/uploads\/2024\/04\/Mandy-WhatsApp-Randm.jpg\" alt=\"Mandy WhatsApp Randm\" width=\"297\" height=\"316\" srcset=\"https:\/\/vapebulkp.com\/wp-content\/uploads\/2024\/04\/Mandy-WhatsApp-Randm.jpg 916w, https:\/\/vapebulkp.com\/wp-content\/uploads\/2024\/04\/Mandy-WhatsApp-Randm-282x300.jpg 282w, https:\/\/vapebulkp.com\/wp-content\/uploads\/2024\/04\/Mandy-WhatsApp-Randm-768x817.jpg 768w, https:\/\/vapebulkp.com\/wp-content\/uploads\/2024\/04\/Mandy-WhatsApp-Randm-600x638.jpg 600w\" sizes=\"(max-width: 297px) 100vw, 297px\" \/><\/p>\n<p><span style=\"color: #ff0000\">NOTA: I prezzi sul nostro sito non includono i costi di spedizione<\/span><\/p>\n<p>Principali motivi per l'acquisto<br \/>\n1. Qualit\u00e0 eccellente e prestazioni ineguagliabili.<\/p>\n<p>2. Prezzo competitivo e valore rapido.<\/p>\n<p>3. Molteplici opzioni e consegna puntuale.<\/p>\n<p>4. Un'esperienza di acquisto soddisfacente<\/p>","protected":false},"featured_media":3920,"comment_status":"open","ping_status":"closed","template":"","meta":{"_uag_custom_page_level_css":"","_lmt_disableupdate":"no","_lmt_disable":"","site-sidebar-layout":"default","site-content-layout":"content-boxed-container","ast-site-content-layout":"normal-width-container","site-content-style":"boxed","site-sidebar-style":"unboxed","ast-global-header-display":"","ast-banner-title-visibility":"","ast-main-header-display":"","ast-hfb-above-header-display":"","ast-hfb-below-header-display":"","ast-hfb-mobile-header-display":"","site-post-title":"","ast-breadcrumbs-content":"","ast-featured-img":"","footer-sml-layout":"","theme-transparent-header-meta":"default","adv-header-id-meta":"","stick-header-meta":"","header-above-stick-meta":"","header-main-stick-meta":"","header-below-stick-meta":"","astra-migrate-meta-layouts":"set","_joinchat":[]},"product_cat":[182,153,155,33,59,100,87,34,158,157,154,152,58,84,156,63,32,364],"product_tag":[36,37,41,286,40,267],"class_list":["post-3925","product","type-product","status-publish","has-post-thumbnail","hentry","product_cat-40000-puffs-disposable-vape","product_cat-hot-disposable-vapes","product_cat-belgium-hot-disposable-vapes","product_cat-france-vape-hot-sale","product_cat-germany-hot-disposable-vape","product_cat-germany-wholesale-vape-shop","product_cat-minimum-order-quantity-50pcs","product_cat-netherlands-vape-good-sale","product_cat-norway-hot-disposable-vapes","product_cat-poland-hot-disposable-vapes","product_cat-portugal-hot-disposable-vapes","product_cat-spain-hot-disposable-vapes","product_cat-sweden-hot-disposable-vape","product_cat-sweden-wholesale-vape","product_cat-switzerland-hot-disposable-vapes","product_cat-top-sale-disposable-vape","product_cat-vape-hot-sale-this-week","product_cat-vozol-vape","product_tag-good-vape","product_tag-hot-sale-disposable-vape","product_tag-poland-hot-vape","product_tag-puffs-stock-in-europe","product_tag-sweden-hot-vape","product_tag-vozol-vista-40000-puffs","pa_brand-vozol-vape","desktop-align-left","tablet-align-left","mobile-align-left"],"yoast_head":"<!-- This site is optimized with the Yoast SEO plugin v21.1 - https:\/\/yoast.com\/wordpress\/plugins\/seo\/ -->\n<title>VOZOL VISTA 40000 Puffs Vape Wholesale Best Price - vapebulkp.com<\/title>\n<meta name=\"description\" content=\"VOZOL VISTA 40000 Puffs features a 270\u00b0 LED display, dual mesh coils, and a 1000mAh rechargeable battery. Adjustable airflow &amp; wattage for the perfect MTL vape.\" \/>\n<meta name=\"robots\" content=\"index, follow, max-snippet:-1, max-image-preview:large, max-video-preview:-1\" \/>\n<link rel=\"canonical\" href=\"https:\/\/vapebulkp.com\/it\/product\/vozol-vista-40000-puffs-vape-wholesale-best-price\/\" \/>\n<meta property=\"og:locale\" content=\"it_IT\" \/>\n<meta property=\"og:type\" content=\"article\" \/>\n<meta property=\"og:title\" content=\"VOZOL VISTA 40000 Puffs Vape Wholesale Best Price - vapebulkp.com\" \/>\n<meta property=\"og:description\" content=\"VOZOL VISTA 40000 Puffs features a 270\u00b0 LED display, dual mesh coils, and a 1000mAh rechargeable battery. Adjustable airflow &amp; wattage for the perfect MTL vape.\" \/>\n<meta property=\"og:url\" content=\"https:\/\/vapebulkp.com\/it\/product\/vozol-vista-40000-puffs-vape-wholesale-best-price\/\" \/>\n<meta property=\"og:site_name\" content=\"vapebulkp.com\" \/>\n<meta property=\"article:modified_time\" content=\"2025-09-24T02:59:03+00:00\" \/>\n<meta property=\"og:image\" content=\"http:\/\/vapebulkp.com\/wp-content\/uploads\/2025\/07\/VOZOL-VISTA-40K-Puffs-Disposable-Vape-Wholesale-Price.jpg\" \/>\n\t<meta property=\"og:image:width\" content=\"800\" \/>\n\t<meta property=\"og:image:height\" content=\"800\" \/>\n\t<meta property=\"og:image:type\" content=\"image\/jpeg\" \/>\n<meta name=\"twitter:card\" content=\"summary_large_image\" \/>\n<meta name=\"twitter:label1\" content=\"Tempo di lettura stimato\" \/>\n\t<meta name=\"twitter:data1\" content=\"4 minuti\" \/>\n<script type=\"application\/ld+json\" class=\"yoast-schema-graph\">{\"@context\":\"https:\/\/schema.org\",\"@graph\":[{\"@type\":\"WebPage\",\"@id\":\"https:\/\/vapebulkp.com\/product\/vozol-vista-40000-puffs-vape-wholesale-best-price\/\",\"url\":\"https:\/\/vapebulkp.com\/product\/vozol-vista-40000-puffs-vape-wholesale-best-price\/\",\"name\":\"VOZOL VISTA 40000 Puffs Vape Wholesale Best Price - vapebulkp.com\",\"isPartOf\":{\"@id\":\"https:\/\/vapebulkp.com\/#website\"},\"datePublished\":\"2025-07-09T08:46:35+00:00\",\"dateModified\":\"2025-09-24T02:59:03+00:00\",\"description\":\"VOZOL VISTA 40000 Puffs features a 270\u00b0 LED display, dual mesh coils, and a 1000mAh rechargeable battery. Adjustable airflow & wattage for the perfect MTL vape.\",\"breadcrumb\":{\"@id\":\"https:\/\/vapebulkp.com\/product\/vozol-vista-40000-puffs-vape-wholesale-best-price\/#breadcrumb\"},\"inLanguage\":\"it-IT\",\"potentialAction\":[{\"@type\":\"ReadAction\",\"target\":[\"https:\/\/vapebulkp.com\/product\/vozol-vista-40000-puffs-vape-wholesale-best-price\/\"]}]},{\"@type\":\"BreadcrumbList\",\"@id\":\"https:\/\/vapebulkp.com\/product\/vozol-vista-40000-puffs-vape-wholesale-best-price\/#breadcrumb\",\"itemListElement\":[{\"@type\":\"ListItem\",\"position\":1,\"name\":\"Home\",\"item\":\"https:\/\/vapebulkp.com\/\"},{\"@type\":\"ListItem\",\"position\":2,\"name\":\"Hot Trend Vapes\",\"item\":\"https:\/\/vapebulkp.com\/vape-shop\/\"},{\"@type\":\"ListItem\",\"position\":3,\"name\":\"VOZOL VISTA 40000 Puffs Vape Wholesale Best Price\"}]},{\"@type\":\"WebSite\",\"@id\":\"https:\/\/vapebulkp.com\/#website\",\"url\":\"https:\/\/vapebulkp.com\/\",\"name\":\"vapebulkp.com\",\"description\":\"Buy Vape In Cheap Bulk Price Near you\",\"publisher\":{\"@id\":\"https:\/\/vapebulkp.com\/#organization\"},\"potentialAction\":[{\"@type\":\"SearchAction\",\"target\":{\"@type\":\"EntryPoint\",\"urlTemplate\":\"https:\/\/vapebulkp.com\/?s={search_term_string}\"},\"query-input\":\"required name=search_term_string\"}],\"inLanguage\":\"it-IT\"},{\"@type\":\"Organization\",\"@id\":\"https:\/\/vapebulkp.com\/#organization\",\"name\":\"vapebulkp.com\",\"url\":\"https:\/\/vapebulkp.com\/\",\"logo\":{\"@type\":\"ImageObject\",\"inLanguage\":\"it-IT\",\"@id\":\"https:\/\/vapebulkp.com\/#\/schema\/logo\/image\/\",\"url\":\"https:\/\/vapebulkp.com\/wp-content\/uploads\/2023\/09\/cropped-vapebulkp.png\",\"contentUrl\":\"https:\/\/vapebulkp.com\/wp-content\/uploads\/2023\/09\/cropped-vapebulkp.png\",\"width\":516,\"height\":163,\"caption\":\"vapebulkp.com\"},\"image\":{\"@id\":\"https:\/\/vapebulkp.com\/#\/schema\/logo\/image\/\"}}]}<\/script>\n<!-- \/ Yoast SEO plugin. -->","yoast_head_json":{"title":"VOZOL VISTA 40000 Puffs Vape Wholesale Best Price - vapebulkp.com","description":"VOZOL VISTA 40000 Puffs features a 270\u00b0 LED display, dual mesh coils, and a 1000mAh rechargeable battery. Adjustable airflow & wattage for the perfect MTL vape.","robots":{"index":"index","follow":"follow","max-snippet":"max-snippet:-1","max-image-preview":"max-image-preview:large","max-video-preview":"max-video-preview:-1"},"canonical":"https:\/\/vapebulkp.com\/it\/product\/vozol-vista-40000-puffs-vape-wholesale-best-price\/","og_locale":"it_IT","og_type":"article","og_title":"VOZOL VISTA 40000 Puffs Vape Wholesale Best Price - vapebulkp.com","og_description":"VOZOL VISTA 40000 Puffs features a 270\u00b0 LED display, dual mesh coils, and a 1000mAh rechargeable battery. Adjustable airflow & wattage for the perfect MTL vape.","og_url":"https:\/\/vapebulkp.com\/it\/product\/vozol-vista-40000-puffs-vape-wholesale-best-price\/","og_site_name":"vapebulkp.com","article_modified_time":"2025-09-24T02:59:03+00:00","og_image":[{"width":800,"height":800,"url":"http:\/\/vapebulkp.com\/wp-content\/uploads\/2025\/07\/VOZOL-VISTA-40K-Puffs-Disposable-Vape-Wholesale-Price.jpg","type":"image\/jpeg"}],"twitter_card":"summary_large_image","twitter_misc":{"Tempo di lettura stimato":"4 minuti"},"schema":{"@context":"https:\/\/schema.org","@graph":[{"@type":"WebPage","@id":"https:\/\/vapebulkp.com\/product\/vozol-vista-40000-puffs-vape-wholesale-best-price\/","url":"https:\/\/vapebulkp.com\/product\/vozol-vista-40000-puffs-vape-wholesale-best-price\/","name":"VOZOL VISTA 40000 Puffs Vape Wholesale Best Price - vapebulkp.com","isPartOf":{"@id":"https:\/\/vapebulkp.com\/#website"},"datePublished":"2025-07-09T08:46:35+00:00","dateModified":"2025-09-24T02:59:03+00:00","description":"VOZOL VISTA 40000 Puffs features a 270\u00b0 LED display, dual mesh coils, and a 1000mAh rechargeable battery. Adjustable airflow & wattage for the perfect MTL vape.","breadcrumb":{"@id":"https:\/\/vapebulkp.com\/product\/vozol-vista-40000-puffs-vape-wholesale-best-price\/#breadcrumb"},"inLanguage":"it-IT","potentialAction":[{"@type":"ReadAction","target":["https:\/\/vapebulkp.com\/product\/vozol-vista-40000-puffs-vape-wholesale-best-price\/"]}]},{"@type":"BreadcrumbList","@id":"https:\/\/vapebulkp.com\/product\/vozol-vista-40000-puffs-vape-wholesale-best-price\/#breadcrumb","itemListElement":[{"@type":"ListItem","position":1,"name":"Home","item":"https:\/\/vapebulkp.com\/"},{"@type":"ListItem","position":2,"name":"Hot Trend Vapes","item":"https:\/\/vapebulkp.com\/vape-shop\/"},{"@type":"ListItem","position":3,"name":"VOZOL VISTA 40000 Puffs Vape Wholesale Best Price"}]},{"@type":"WebSite","@id":"https:\/\/vapebulkp.com\/#website","url":"https:\/\/vapebulkp.com\/","name":"vapebulkp.com","description":"Buy Vape In Cheap Bulk Price Near you","publisher":{"@id":"https:\/\/vapebulkp.com\/#organization"},"potentialAction":[{"@type":"SearchAction","target":{"@type":"EntryPoint","urlTemplate":"https:\/\/vapebulkp.com\/?s={search_term_string}"},"query-input":"required name=search_term_string"}],"inLanguage":"it-IT"},{"@type":"Organization","@id":"https:\/\/vapebulkp.com\/#organization","name":"vapebulkp.com","url":"https:\/\/vapebulkp.com\/","logo":{"@type":"ImageObject","inLanguage":"it-IT","@id":"https:\/\/vapebulkp.com\/#\/schema\/logo\/image\/","url":"https:\/\/vapebulkp.com\/wp-content\/uploads\/2023\/09\/cropped-vapebulkp.png","contentUrl":"https:\/\/vapebulkp.com\/wp-content\/uploads\/2023\/09\/cropped-vapebulkp.png","width":516,"height":163,"caption":"vapebulkp.com"},"image":{"@id":"https:\/\/vapebulkp.com\/#\/schema\/logo\/image\/"}}]}},"uagb_featured_image_src":{"full":["https:\/\/vapebulkp.com\/wp-content\/uploads\/2025\/07\/VOZOL-VISTA-40K-Puffs-Disposable-Vape-Wholesale-Price.jpg",800,800,false],"thumbnail":["https:\/\/vapebulkp.com\/wp-content\/uploads\/2025\/07\/VOZOL-VISTA-40K-Puffs-Disposable-Vape-Wholesale-Price-150x150.jpg",150,150,true],"medium":["https:\/\/vapebulkp.com\/wp-content\/uploads\/2025\/07\/VOZOL-VISTA-40K-Puffs-Disposable-Vape-Wholesale-Price-300x300.jpg",300,300,true],"medium_large":["https:\/\/vapebulkp.com\/wp-content\/uploads\/2025\/07\/VOZOL-VISTA-40K-Puffs-Disposable-Vape-Wholesale-Price-768x768.jpg",768,768,true],"large":["https:\/\/vapebulkp.com\/wp-content\/uploads\/2025\/07\/VOZOL-VISTA-40K-Puffs-Disposable-Vape-Wholesale-Price.jpg",800,800,false],"1536x1536":["https:\/\/vapebulkp.com\/wp-content\/uploads\/2025\/07\/VOZOL-VISTA-40K-Puffs-Disposable-Vape-Wholesale-Price.jpg",800,800,false],"2048x2048":["https:\/\/vapebulkp.com\/wp-content\/uploads\/2025\/07\/VOZOL-VISTA-40K-Puffs-Disposable-Vape-Wholesale-Price.jpg",800,800,false],"trp-custom-language-flag":["https:\/\/vapebulkp.com\/wp-content\/uploads\/2025\/07\/VOZOL-VISTA-40K-Puffs-Disposable-Vape-Wholesale-Price.jpg",12,12,false],"woocommerce_thumbnail":["https:\/\/vapebulkp.com\/wp-content\/uploads\/2025\/07\/VOZOL-VISTA-40K-Puffs-Disposable-Vape-Wholesale-Price-300x300.jpg",300,300,true],"woocommerce_single":["https:\/\/vapebulkp.com\/wp-content\/uploads\/2025\/07\/VOZOL-VISTA-40K-Puffs-Disposable-Vape-Wholesale-Price-600x600.jpg",600,600,true],"woocommerce_gallery_thumbnail":["https:\/\/vapebulkp.com\/wp-content\/uploads\/2025\/07\/VOZOL-VISTA-40K-Puffs-Disposable-Vape-Wholesale-Price-100x100.jpg",100,100,true],"wcpr-photo-reviews":["https:\/\/vapebulkp.com\/wp-content\/uploads\/2025\/07\/VOZOL-VISTA-40K-Puffs-Disposable-Vape-Wholesale-Price.jpg",500,500,false]},"uagb_author_info":{"display_name":"Mandy vape bulk price","author_link":"https:\/\/vapebulkp.com\/it\/author\/"},"uagb_comment_info":0,"uagb_excerpt":"Shop VOZOL VISTA 40000 puffs Vape Kits\u2014high capacity rechargeable vape pod system with reusable design. Ideal for wholesale buyers seeking premium, eco-friendly vapes devices. Pls Contact Mandy's WhatsApp For Discount Price+8618077105796 NOTE: Prices on our website does not include shipping costs Main reason for purchase 1. Excellent quality and unparalleled performance. 2. Competitive price and&hellip;","_links":{"self":[{"href":"https:\/\/vapebulkp.com\/it\/wp-json\/wp\/v2\/product\/3925","targetHints":{"allow":["GET"]}}],"collection":[{"href":"https:\/\/vapebulkp.com\/it\/wp-json\/wp\/v2\/product"}],"about":[{"href":"https:\/\/vapebulkp.com\/it\/wp-json\/wp\/v2\/types\/product"}],"replies":[{"embeddable":true,"href":"https:\/\/vapebulkp.com\/it\/wp-json\/wp\/v2\/comments?post=3925"}],"wp:featuredmedia":[{"embeddable":true,"href":"https:\/\/vapebulkp.com\/it\/wp-json\/wp\/v2\/media\/3920"}],"wp:attachment":[{"href":"https:\/\/vapebulkp.com\/it\/wp-json\/wp\/v2\/media?parent=3925"}],"wp:term":[{"taxonomy":"product_cat","embeddable":true,"href":"https:\/\/vapebulkp.com\/it\/wp-json\/wp\/v2\/product_cat?post=3925"},{"taxonomy":"product_tag","embeddable":true,"href":"https:\/\/vapebulkp.com\/it\/wp-json\/wp\/v2\/product_tag?post=3925"}],"curies":[{"name":"wp","href":"https:\/\/api.w.org\/{rel}","templated":true}]}}