{"id":10,"date":"2023-09-19T08:30:11","date_gmt":"2023-09-19T06:30:11","guid":{"rendered":"http:\/\/vapebulkp.com\/?page_id=10"},"modified":"2023-09-19T08:30:12","modified_gmt":"2023-09-19T06:30:12","slug":"refund_returns","status":"publish","type":"page","link":"https:\/\/vapebulkp.com\/lt\/refund_returns\/","title":{"rendered":"Gr\u0105\u017einimo ir keitimo taisykl\u0117s"},"content":{"rendered":"<p><strong>Gr\u0105\u017einimo politika:<\/strong><\/p>\n\n\n\n<p>M\u016bs\u0173 tikslas yra u\u017etikrinti klient\u0173 pasitenkinim\u0105, tod\u0117l esame \u012fdieg\u0119 7 dien\u0173 gr\u0105\u017einimo politik\u0105. J\u016bs turite visas 7 dienas nuo prek\u0117s gavimo dienos, kad gal\u0117tum\u0117te inicijuoti gr\u0105\u017einim\u0105.<\/p>\n\n\n\n<p><strong>Kad gal\u0117tum\u0117te gr\u0105\u017einti prek\u0119,<\/strong> ji turi b\u016bti originalios b\u016bkl\u0117s \u2013 ned\u0117v\u0117ta, nenaudota, su nepa\u017eeistomis etiket\u0117mis ir originalioje pakuot\u0117je. Be to, pra\u0161ome paruo\u0161ti kvit\u0105 arba pirkimo \u012frodym\u0105.<\/p>\n\n\n\n<p><strong>Gr\u0105\u017einimo inicijavimas:<\/strong> Nor\u0117dami prad\u0117ti gr\u0105\u017einimo proces\u0105, susisiekite su mumis el. pa\u0161tu <a href=\"mailto:support@vapebulkp.com\">support@vapebulkp.com<\/a>.<\/p>\n\n\n\n<p><strong>Kai j\u016bs\u0173 gr\u0105\u017einimo pra\u0161ymas bus patvirtintas,<\/strong> nedelsdami pateiksime jums gr\u0105\u017einimo siuntimo etiket\u0119 ir i\u0161samias instrukcijas, kur ir kaip i\u0161si\u0173sti siuntin\u012f. Atkreipkite d\u0117mes\u012f, kad jokios prek\u0117s, i\u0161si\u0173stos be i\u0161ankstinio gr\u0105\u017einimo leidimo, nebus priimamos.<\/p>\n\n\n\n<p><strong>Jei turite koki\u0173 nors klausim\u0173 d\u0117l gr\u0105\u017einimo proceso,<\/strong> nedvejodami kreipkit\u0117s \u012f mus el. pa\u0161tu <a href=\"mailto:support@vapebulkp.com\">support@vapebulkp.com<\/a>.<\/p>\n\n\n\n<p><strong>\u017dala ir r\u016bpes\u010diai:<\/strong><\/p>\n\n\n\n<p>Gav\u0119 u\u017esakym\u0105, maloniai pra\u0161ome atlikti kruop\u0161t\u0173 patikrinim\u0105. Jei aptinkate koki\u0173 nors defekt\u0173, pa\u017eeidim\u0173 ar gaunate netinkamas prekes, nedelsdami prane\u0161kite mums. Tai leid\u017eia mums \u012fvertinti situacij\u0105 ir imtis greit\u0173 taisom\u0173j\u0173 veiksm\u0173.<\/p>\n\n\n\n<p><strong>I\u0161imtys ir negr\u0105\u017einamos prek\u0117s:<\/strong><\/p>\n\n\n\n<p>Svarbu pa\u017eym\u0117ti, kad tam tikr\u0173 kategorij\u0173 preki\u0173 negalima gr\u0105\u017einti. Tai apima greitai gendan\u010dias prekes (pvz., maist\u0105, g\u0117les ar augalus), pagal u\u017esakym\u0105 pagamintus produktus (\u012fskaitant specialius u\u017esakymus ar personalizuotas prekes) ir asmens prie\u017ei\u016bros priemones (pvz., gro\u017eio produktus). Be to, negalime priimti pavojing\u0173 med\u017eiag\u0173, skys\u010di\u0173 ar duj\u0173 gr\u0105\u017einimo. Jei turite klausim\u0173 d\u0117l konkre\u010dios prek\u0117s gr\u0105\u017einimo galimyb\u0117s, nedvejodami kreipkit\u0117s \u012f mus.<\/p>\n\n\n\n<p><strong>Atkreipkite d\u0117mes\u012f, kad i\u0161parduot\u0173 preki\u0173 ar dovan\u0173 korteli\u0173 gr\u0105\u017einimas nepriimamas.<\/strong><\/p>\n\n\n\n<p><strong>Keitimas:<\/strong><\/p>\n\n\n\n<p>Nor\u0117dami sklandaus keitimo proceso, rekomenduojame inicijuoti esamos prek\u0117s gr\u0105\u017einim\u0105. Patvirtinus gr\u0105\u017einim\u0105, galite atlikti atskir\u0105 pirkim\u0105 naujai prekei.<\/p>\n\n\n\n<p><strong>Europos S\u0105jungos 14 dien\u0173 apm\u0105stymo laikotarpis:<\/strong><\/p>\n\n\n\n<p>Jei j\u016bs\u0173 prek\u0117s siun\u010diamos \u012f Europos S\u0105jung\u0105, turite teis\u0119 at\u0161aukti arba gr\u0105\u017einti u\u017esakym\u0105 per 14 dien\u0173, be pateisinimo. Gr\u0105\u017einimo s\u0105lygos i\u0161lieka tokios pa\u010dios kaip ir m\u016bs\u0173 bendrojoje politikoje \u2013 prek\u0117 turi b\u016bti originalios b\u016bkl\u0117s, su nepa\u017eeistomis etiket\u0117mis ir su pridedamu kvitu arba pirkimo \u012frodymu.<\/p>\n\n\n\n<p><strong>Pinig\u0173 gr\u0105\u017einimas:<\/strong><\/p>\n\n\n\n<p>Gav\u0119 ir \u012fvertin\u0119 j\u016bs\u0173 gr\u0105\u017eint\u0105 prek\u0119, prane\u0161ime jums apie l\u0117\u0161\u0173 gr\u0105\u017einimo patvirtinimo b\u016bsen\u0105. Patvirtinus, l\u0117\u0161os bus automati\u0161kai gr\u0105\u017eintos \u012f j\u016bs\u0173 pirmin\u012f mok\u0117jimo metod\u0105 per 10 darbo dien\u0173. Gali prireikti papildomo apdorojimo laiko, priklausomai nuo j\u016bs\u0173 banko ar kredito kortel\u0117s bendrov\u0117s.<\/p>\n\n\n\n<p><strong>Jei nuo j\u016bs\u0173 gr\u0105\u017einimo patvirtinimo pra\u0117jo daugiau nei 15 darbo dien\u0173,<\/strong> pra\u0161ome susisiekti su mumis el. pa\u0161tu <a href=\"mailto:support@vapebulkp.com\">support@vapebulkp.com<\/a>.<\/p>\n\n\n\n<p>D\u0117kojame u\u017e j\u016bs\u0173 supratim\u0105 ir bendradarbiavim\u0105 vykdant l\u0117\u0161\u0173 gr\u0105\u017einimo proces\u0105.<\/p>","protected":false},"excerpt":{"rendered":"<p>Return Policy: Our aim is to ensure customer satisfaction, and thus, we have implemented a 7-day return policy. You have a full 7 days from the date of receiving your item to initiate a return. To be eligible for a return, your item must remain in its original condition \u2013 unworn, unused, with tags intact, &hellip;<\/p>\n<p class=\"read-more\"> <a class=\"\" href=\"https:\/\/vapebulkp.com\/lt\/refund_returns\/\"> <span class=\"screen-reader-text\">Gr\u0105\u017einimo ir keitimo taisykl\u0117s<\/span> Skaityti daugiau \u00bb<\/a><\/p>","protected":false},"author":1,"featured_media":0,"parent":0,"menu_order":0,"comment_status":"closed","ping_status":"closed","template":"","meta":{"_uag_custom_page_level_css":"","_lmt_disableupdate":"","_lmt_disable":"","site-sidebar-layout":"default","site-content-layout":"","ast-site-content-layout":"default","site-content-style":"default","site-sidebar-style":"default","ast-global-header-display":"","ast-banner-title-visibility":"","ast-main-header-display":"","ast-hfb-above-header-display":"","ast-hfb-below-header-display":"","ast-hfb-mobile-header-display":"","site-post-title":"","ast-breadcrumbs-content":"","ast-featured-img":"","footer-sml-layout":"","theme-transparent-header-meta":"","adv-header-id-meta":"","stick-header-meta":"","header-above-stick-meta":"","header-main-stick-meta":"","header-below-stick-meta":"","astra-migrate-meta-layouts":"set","_joinchat":[],"footnotes":""},"class_list":["post-10","page","type-page","status-publish","hentry"],"yoast_head":"<!-- This site is optimized with the Yoast SEO plugin v21.1 - https:\/\/yoast.com\/wordpress\/plugins\/seo\/ -->\n<title>Refund and Returns Policy - vapebulkp.com<\/title>\n<meta name=\"robots\" content=\"index, follow, max-snippet:-1, max-image-preview:large, max-video-preview:-1\" \/>\n<link rel=\"canonical\" href=\"https:\/\/vapebulkp.com\/lt\/refund_returns\/\" \/>\n<meta property=\"og:locale\" content=\"lt_LT\" \/>\n<meta property=\"og:type\" content=\"article\" \/>\n<meta property=\"og:title\" content=\"Refund and Returns Policy - vapebulkp.com\" \/>\n<meta property=\"og:description\" content=\"Return Policy: Our aim is to ensure customer satisfaction, and thus, we have implemented a 7-day return policy. You have a full 7 days from the date of receiving your item to initiate a return. To be eligible for a return, your item must remain in its original condition \u2013 unworn, unused, with tags intact, &hellip; Refund and Returns Policy Skaityti daugiau &raquo;\" \/>\n<meta property=\"og:url\" content=\"https:\/\/vapebulkp.com\/lt\/refund_returns\/\" \/>\n<meta property=\"og:site_name\" content=\"vapebulkp.com\" \/>\n<meta property=\"article:modified_time\" content=\"2023-09-19T06:30:12+00:00\" \/>\n<meta name=\"twitter:card\" content=\"summary_large_image\" \/>\n<meta name=\"twitter:label1\" content=\"Est. reading time\" \/>\n\t<meta name=\"twitter:data1\" content=\"2 minut\u0117s\" \/>\n<script type=\"application\/ld+json\" class=\"yoast-schema-graph\">{\"@context\":\"https:\/\/schema.org\",\"@graph\":[{\"@type\":\"WebPage\",\"@id\":\"https:\/\/vapebulkp.com\/refund_returns\/\",\"url\":\"https:\/\/vapebulkp.com\/refund_returns\/\",\"name\":\"Refund and Returns Policy - vapebulkp.com\",\"isPartOf\":{\"@id\":\"https:\/\/vapebulkp.com\/#website\"},\"datePublished\":\"2023-09-19T06:30:11+00:00\",\"dateModified\":\"2023-09-19T06:30:12+00:00\",\"breadcrumb\":{\"@id\":\"https:\/\/vapebulkp.com\/refund_returns\/#breadcrumb\"},\"inLanguage\":\"lt-LT\",\"potentialAction\":[{\"@type\":\"ReadAction\",\"target\":[\"https:\/\/vapebulkp.com\/refund_returns\/\"]}]},{\"@type\":\"BreadcrumbList\",\"@id\":\"https:\/\/vapebulkp.com\/refund_returns\/#breadcrumb\",\"itemListElement\":[{\"@type\":\"ListItem\",\"position\":1,\"name\":\"Home\",\"item\":\"https:\/\/vapebulkp.com\/\"},{\"@type\":\"ListItem\",\"position\":2,\"name\":\"Refund and Returns Policy\"}]},{\"@type\":\"WebSite\",\"@id\":\"https:\/\/vapebulkp.com\/#website\",\"url\":\"https:\/\/vapebulkp.com\/\",\"name\":\"vapebulkp.com\",\"description\":\"Buy Vape In Cheap Bulk Price Near you\",\"publisher\":{\"@id\":\"https:\/\/vapebulkp.com\/#organization\"},\"potentialAction\":[{\"@type\":\"SearchAction\",\"target\":{\"@type\":\"EntryPoint\",\"urlTemplate\":\"https:\/\/vapebulkp.com\/?s={search_term_string}\"},\"query-input\":\"required name=search_term_string\"}],\"inLanguage\":\"lt-LT\"},{\"@type\":\"Organization\",\"@id\":\"https:\/\/vapebulkp.com\/#organization\",\"name\":\"vapebulkp.com\",\"url\":\"https:\/\/vapebulkp.com\/\",\"logo\":{\"@type\":\"ImageObject\",\"inLanguage\":\"lt-LT\",\"@id\":\"https:\/\/vapebulkp.com\/#\/schema\/logo\/image\/\",\"url\":\"https:\/\/vapebulkp.com\/wp-content\/uploads\/2023\/09\/cropped-vapebulkp.png\",\"contentUrl\":\"https:\/\/vapebulkp.com\/wp-content\/uploads\/2023\/09\/cropped-vapebulkp.png\",\"width\":516,\"height\":163,\"caption\":\"vapebulkp.com\"},\"image\":{\"@id\":\"https:\/\/vapebulkp.com\/#\/schema\/logo\/image\/\"}}]}<\/script>\n<!-- \/ Yoast SEO plugin. -->","yoast_head_json":{"title":"Refund and Returns Policy - vapebulkp.com","robots":{"index":"index","follow":"follow","max-snippet":"max-snippet:-1","max-image-preview":"max-image-preview:large","max-video-preview":"max-video-preview:-1"},"canonical":"https:\/\/vapebulkp.com\/lt\/refund_returns\/","og_locale":"lt_LT","og_type":"article","og_title":"Refund and Returns Policy - vapebulkp.com","og_description":"Return Policy: Our aim is to ensure customer satisfaction, and thus, we have implemented a 7-day return policy. You have a full 7 days from the date of receiving your item to initiate a return. To be eligible for a return, your item must remain in its original condition \u2013 unworn, unused, with tags intact, &hellip; Refund and Returns Policy Skaityti daugiau &raquo;","og_url":"https:\/\/vapebulkp.com\/lt\/refund_returns\/","og_site_name":"vapebulkp.com","article_modified_time":"2023-09-19T06:30:12+00:00","twitter_card":"summary_large_image","twitter_misc":{"Est. reading time":"2 minut\u0117s"},"schema":{"@context":"https:\/\/schema.org","@graph":[{"@type":"WebPage","@id":"https:\/\/vapebulkp.com\/refund_returns\/","url":"https:\/\/vapebulkp.com\/refund_returns\/","name":"Refund and Returns Policy - vapebulkp.com","isPartOf":{"@id":"https:\/\/vapebulkp.com\/#website"},"datePublished":"2023-09-19T06:30:11+00:00","dateModified":"2023-09-19T06:30:12+00:00","breadcrumb":{"@id":"https:\/\/vapebulkp.com\/refund_returns\/#breadcrumb"},"inLanguage":"lt-LT","potentialAction":[{"@type":"ReadAction","target":["https:\/\/vapebulkp.com\/refund_returns\/"]}]},{"@type":"BreadcrumbList","@id":"https:\/\/vapebulkp.com\/refund_returns\/#breadcrumb","itemListElement":[{"@type":"ListItem","position":1,"name":"Home","item":"https:\/\/vapebulkp.com\/"},{"@type":"ListItem","position":2,"name":"Refund and Returns Policy"}]},{"@type":"WebSite","@id":"https:\/\/vapebulkp.com\/#website","url":"https:\/\/vapebulkp.com\/","name":"vapebulkp.com","description":"Buy Vape In Cheap Bulk Price Near you","publisher":{"@id":"https:\/\/vapebulkp.com\/#organization"},"potentialAction":[{"@type":"SearchAction","target":{"@type":"EntryPoint","urlTemplate":"https:\/\/vapebulkp.com\/?s={search_term_string}"},"query-input":"required name=search_term_string"}],"inLanguage":"lt-LT"},{"@type":"Organization","@id":"https:\/\/vapebulkp.com\/#organization","name":"vapebulkp.com","url":"https:\/\/vapebulkp.com\/","logo":{"@type":"ImageObject","inLanguage":"lt-LT","@id":"https:\/\/vapebulkp.com\/#\/schema\/logo\/image\/","url":"https:\/\/vapebulkp.com\/wp-content\/uploads\/2023\/09\/cropped-vapebulkp.png","contentUrl":"https:\/\/vapebulkp.com\/wp-content\/uploads\/2023\/09\/cropped-vapebulkp.png","width":516,"height":163,"caption":"vapebulkp.com"},"image":{"@id":"https:\/\/vapebulkp.com\/#\/schema\/logo\/image\/"}}]}},"uagb_featured_image_src":{"full":false,"thumbnail":false,"medium":false,"medium_large":false,"large":false,"1536x1536":false,"2048x2048":false,"trp-custom-language-flag":false,"woocommerce_thumbnail":false,"woocommerce_single":false,"woocommerce_gallery_thumbnail":false,"wcpr-photo-reviews":false},"uagb_author_info":{"display_name":"vapebulkp.com","author_link":"https:\/\/vapebulkp.com\/lt\/author\/vapebulkp-com\/"},"uagb_comment_info":0,"uagb_excerpt":"Return Policy: Our aim is to ensure customer satisfaction, and thus, we have implemented a 7-day return policy. You have a full 7 days from the date of receiving your item to initiate a return. To be eligible for a return, your item must remain in its original condition \u2013 unworn, unused, with tags intact,&hellip;","_links":{"self":[{"href":"https:\/\/vapebulkp.com\/lt\/wp-json\/wp\/v2\/pages\/10","targetHints":{"allow":["GET"]}}],"collection":[{"href":"https:\/\/vapebulkp.com\/lt\/wp-json\/wp\/v2\/pages"}],"about":[{"href":"https:\/\/vapebulkp.com\/lt\/wp-json\/wp\/v2\/types\/page"}],"author":[{"embeddable":true,"href":"https:\/\/vapebulkp.com\/lt\/wp-json\/wp\/v2\/users\/1"}],"replies":[{"embeddable":true,"href":"https:\/\/vapebulkp.com\/lt\/wp-json\/wp\/v2\/comments?post=10"}],"version-history":[{"count":1,"href":"https:\/\/vapebulkp.com\/lt\/wp-json\/wp\/v2\/pages\/10\/revisions"}],"predecessor-version":[{"id":1465,"href":"https:\/\/vapebulkp.com\/lt\/wp-json\/wp\/v2\/pages\/10\/revisions\/1465"}],"wp:attachment":[{"href":"https:\/\/vapebulkp.com\/lt\/wp-json\/wp\/v2\/media?parent=10"}],"curies":[{"name":"wp","href":"https:\/\/api.w.org\/{rel}","templated":true}]}}