{"id":1503,"date":"2023-09-20T03:56:27","date_gmt":"2023-09-20T01:56:27","guid":{"rendered":"https:\/\/vapebulkp.com\/?post_type=product&#038;p=1503"},"modified":"2025-09-08T04:52:42","modified_gmt":"2025-09-08T02:52:42","slug":"popular-kulx-10000puffs-disposable-vape-good-price","status":"publish","type":"product","link":"https:\/\/vapebulkp.com\/lt\/product\/popular-kulx-10000puffs-disposable-vape-good-price\/","title":{"rendered":"Populiarus \u201eKulx 10000Puffs\u201c vienkartinis garintuvas gera kaina"},"content":{"rendered":"<h2>Populiarus \u201eKulx 10000Puffs\u201c vienkartinis garintuvas gera kaina<\/h2>\n<p>Didmenin\u0117 Prekyba Vape Kulx <a href=\"https:\/\/vapebulkp.com\/lt\/product-category\/10000-puffs-disposable-vape\/\">10000 P\u016btimo Vienkartinis Vape<\/a> yra sukurtas garintojams, norintiems galios, stiliaus ir patikimumo viename \u012frenginyje. Su 10000 p\u016btim\u0173 talpa, tai tikrai ilgai i\u0161liekantis vienkartinis vape, puikiai tinkantis kasdieniam naudojimui ir socialiniams renginiams.<\/p>\n<p>Kiekviename \u012frenginyje yra 20 ml auk\u0161\u010diausios kokyb\u0117s el. skys\u010dio vape, sumai\u0161yto su auk\u0161tos kokyb\u0117s ingredientais, kad b\u016bt\u0173 u\u017etikrinti \u0161veln\u016bs garai ir sodrus skonis. Naudojant nikotino druskos vape technologij\u0105, jis suteikia stipresn\u012f gerkl\u0117s poj\u016bt\u012f ir greitesn\u012f pasitenkinim\u0105, prieinamas tiek 2%, tiek 5% nikotino stiprumais, kad atitikt\u0173 skirtingus pageidavimus.<\/p>\n<p>Sukurtas su 850 mAh baterija, Kulx 10000 P\u016btimo Vienkartinis Vape yra \u012fkraunamas vienkartinis vape su Type-C \u012fkrovimu, u\u017etikrinan\u010diu patogum\u0105 ir nuolatin\u0119 gali\u0105 vis\u0105 dien\u0105. Jo modernus, ne\u0161iojamas dizainas leid\u017eia j\u012f lengvai ne\u0161iotis, i\u0161laikant ilgaam\u017ei\u0161kum\u0105 ir na\u0161um\u0105.<\/p>\n<p>Idealiai tinka didel\u0117s talpos vape didmeninei prekybai ES, Kulx 10000 sujungia novatori\u0161k\u0105 dizain\u0105, patikim\u0105 baterijos veikimo laik\u0105 ir auk\u0161\u010diausios kokyb\u0117s skonio tiekim\u0105. Pelningas pasirinkimas ma\u017emenininkams ir patikimas pasirinkimas Europos klientams, ie\u0161kantiems didelio na\u0161umo vienkartinio vape.<\/p>\n<h6 style=\"text-align: left\">\u00a0\u00a0\u00a0\u00a0<img decoding=\"async\" class=\"alignnone size-full wp-image-1661\" src=\"http:\/\/vapebulkp.com\/wp-content\/uploads\/2023\/09\/KULX-10000-puff-VAPE-POD-Wholesale-price-1.jpg\" alt=\"KULX 10000 p\u016btim\u0173 VAPE POD Didmenin\u0117 kaina\" width=\"1024\" height=\"512\" srcset=\"https:\/\/vapebulkp.com\/wp-content\/uploads\/2023\/09\/KULX-10000-puff-VAPE-POD-Wholesale-price-1.jpg 1024w, https:\/\/vapebulkp.com\/wp-content\/uploads\/2023\/09\/KULX-10000-puff-VAPE-POD-Wholesale-price-1-300x150.jpg 300w, https:\/\/vapebulkp.com\/wp-content\/uploads\/2023\/09\/KULX-10000-puff-VAPE-POD-Wholesale-price-1-768x384.jpg 768w, https:\/\/vapebulkp.com\/wp-content\/uploads\/2023\/09\/KULX-10000-puff-VAPE-POD-Wholesale-price-1-600x300.jpg 600w\" sizes=\"(max-width: 1024px) 100vw, 1024px\" \/><\/h6>\n<h6>D\u0117l nuolaidos kainos susisiekite su Mandy per WhatsApp<a href=\"https:\/\/wa.me\/8618077105796\">+8618077105796<\/a><\/h6>\n<p><img decoding=\"async\" class=\"alignnone wp-image-2151\" src=\"http:\/\/vapebulkp.com\/wp-content\/uploads\/2024\/04\/Mandy-WhatsApp-Randm.jpg\" alt=\"Mandy WhatsApp Atsitiktinis\" width=\"241\" height=\"256\" srcset=\"https:\/\/vapebulkp.com\/wp-content\/uploads\/2024\/04\/Mandy-WhatsApp-Randm.jpg 916w, https:\/\/vapebulkp.com\/wp-content\/uploads\/2024\/04\/Mandy-WhatsApp-Randm-282x300.jpg 282w, https:\/\/vapebulkp.com\/wp-content\/uploads\/2024\/04\/Mandy-WhatsApp-Randm-768x817.jpg 768w, https:\/\/vapebulkp.com\/wp-content\/uploads\/2024\/04\/Mandy-WhatsApp-Randm-600x638.jpg 600w\" sizes=\"(max-width: 241px) 100vw, 241px\" \/><\/p>\n<h3><\/h3>\n<h6 class=\"style-scope ytd-watch-metadata\">1. Kaip naudoti Kulx 10000 P\u016btimo Vape Pen?<\/h6>\n<p>&nbsp;<\/p>\n<p>1 \u017eingsnis. Prie\u0161 naudodami 10k p\u016btim\u0173, nuimkite plastikin\u012f vamzdel\u012f.<\/p>\n<p>2 \u017eingsnis. Palaukite apie 3 minutes, kol sultys pateks \u012f rit\u0119 viduje.<\/p>\n<p>3 \u017eingsnis. M\u0117gaukit\u0117s<\/p>\n<h6>2. KAIP \u012eKRAUTI VIENKARTIN\u012e VAPE KULX 10000 PUFFS \u012eRENGIN\u012e?<\/h6>\n<p>Greito \u012fkrovimo \u012fkrovikliai negali b\u016bti naudojami, o standartin\u0117 saugi vienkartini\u0173 elektronini\u0173 cigare\u010di\u0173 galia yra 5V 1A. Kiekvienas \u012fkrovimo laikas negali vir\u0161yti 1 valandos, o saugus \u012fkrovimo laikas yra pus\u0117 valandos.<\/p>\n<p><span style=\"color: #ff6600\">Pastaba: negalima \u012fkrauti vis\u0105 nakt\u012f!<\/span><\/p>\n<h4><strong><span style=\"vertical-align: inherit\">Specifikacija <\/span><\/strong>D\u0117l Kulx 10000 P\u016btimo:<\/h4>\n<h4><\/h4>\n<ul>\n<li>Baterija: 650 mAh (C tipas)<br \/>\nTalpa: 18 ml<br \/>\nKaitinimo elementas: 0,8 omo tinklelis<br \/>\nApytikslis siurbimo t\u016bris: 10000 p\u016btim\u0173<br \/>\nNikotino stiprumas: 0mg, 20mg, 30mg, 50mg<br \/>\nMOQ: 100 vnt.<\/li>\n<\/ul>\n<h5><strong>Kokie yra geriausi \u201eKulx 10000 Puffs\u201c skoniai?<\/strong><\/h5>\n<p><strong>1. M\u0117lyni\u0173 avie\u010di\u0173 ledas<\/strong><\/p>\n<p><strong>2. Citrin\u0173 m\u0117ta<\/strong><\/p>\n<p><strong>3. Dvigubas obuolys<\/strong><\/p>\n<p><strong>4. Arb\u016bz\u0173 ledas<\/strong><\/p>\n<p><strong>5. Mi\u0161rios uogos<\/strong><\/p>\n<p><strong>6. Ananas\u0173 mang\u0173 ledas<\/strong><\/p>\n<p><strong>7. Bra\u0161ki\u0173 kivis<\/strong><\/p>\n<p><strong>8. Cukraus vata<\/strong><\/p>\n<p><strong>9. Bra\u0161ki\u0173 arb\u016bzas<\/strong><\/p>\n<p><strong>10. Alavijo vynuog\u0117<\/strong><\/p>\n<p><a href=\"https:\/\/vapebulkp.com\/lt\/product\/popular-randm-tornado-7000puffs-disposable-vape-best-price\/\"><span style=\"vertical-align: inherit\">RandM Tornado 7000 \u012ftraukim\u0173 <\/span><\/a><\/p>\n<p><span style=\"vertical-align: inherit\">Raskite daugiau produkt\u0173, kurie jums gali patikti:<\/span><em><a href=\"https:\/\/wa.me\/8618077105796\"><span style=\"vertical-align: inherit\">\u00a0Pirkti dabar<\/span><\/a><\/em><\/p>\n<p><span style=\"vertical-align: inherit\">Kiti \u012ftraukimai, kurie jums gali patikti:<\/span><a href=\"https:\/\/vapebulkp.com\/lt\/product\/bulk-buy-kulx-8800-puffs-disposable-vape-wholesale-germany\/\"><span style=\"vertical-align: inherit\">\u201eKulx 8800 Puffs\u201c<\/span><\/a><span style=\"vertical-align: inherit\">\u3001<\/span><a href=\"https:\/\/vapebulkp.com\/lt\/product\/good-sale-randm-tornado-10000-puffs-plus\/\"><span style=\"vertical-align: inherit\">\u201eTornado 10000 Puffs\u201c<\/span><\/a><span style=\"vertical-align: inherit\">\/ <\/span><a href=\"https:\/\/vapebulkp.com\/lt\/product\/wholesale-randm-tornado-9000-puffs-germany\/\"><span style=\"vertical-align: inherit\">\u201eRandM 9000 Puffs\u201c<\/span><\/a><span style=\"vertical-align: inherit\">\/ <\/span><a href=\"https:\/\/vapebulkp.com\/lt\/product\/wholesale-kulx-8000-puffs-disposable-vape\/\"><span style=\"vertical-align: inherit\">\u201eKulx 8000 Puffs\u201c<\/span><\/a><\/p>\n<p><span style=\"vertical-align: inherit\">Ypatingos formos elektronini\u0173 cigare\u010di\u0173 buteliukas:<\/span><a href=\"https:\/\/vapebulkp.com\/lt\/product\/popular-kulx-10000puffs-disposable-vape-good-price\/\"><span style=\"vertical-align: inherit\">\u201eKulx 10000 Puffs\u201c <\/span><\/a><span style=\"vertical-align: inherit\">\/ <\/span><a href=\"https:\/\/vapebulkp.com\/lt\/product\/popular-bang-king-10000-puffs-vape-good-price\/\"><span style=\"vertical-align: inherit\">\u201eBang King 10000 Puffs\u201c <\/span><\/a><span style=\"vertical-align: inherit\">\/<\/span><a href=\"https:\/\/vapebulkp.com\/lt\/product\/disposable-vape-crystal-600-puffs\/\"><span style=\"vertical-align: inherit\">\u00a0\u201eCrysatl 600 Puffs\u201c<\/span><\/a><\/p>\n<h4>Pristatymo detal\u0117s:<\/h4>\n<p><span style=\"color: #ff6600\">Gamybos laikas: 5-10 darbo dien\u0173<\/span><br \/>\n<span style=\"color: #ff6600\">Pristatymo laikas: 8-14 darbo dien\u0173<\/span><\/p>\n<p>Visi m\u016bs\u0173 parduotuv\u0117s produktai yra 100% original\u016bs ir autenti\u0161ki, tod\u0117l m\u016bs\u0173 parduotuv\u0117s politika yra de\u0161imteriopa kompensacija u\u017e padirbtas prekes. Prek\u0117ms pristatyti naudojame tokius logistikos kanalus kaip UPS\/DHL\/FEDEX\/DPD.<\/p>\n<p>Pristatymas \u012f Lietuvos \u0161alis paprastai trunka 10 darbo dien\u0173. Pristatymas \u012f Europos \u0161alis paprastai u\u017etrunka nuo 12 iki 15 darbo dien\u0173. Logistikos informacij\u0105 atnaujinsime realiuoju laiku.<\/p>","protected":false},"excerpt":{"rendered":"<p>Tas <strong data-start=\"186\" data-end=\"222\">Kulx 10000 P\u016btimo Didmenin\u0117 Prekyba Vape<\/strong> u\u017etikrina ilgalaik\u012f veikim\u0105 be papildymo ar rit\u0117s keitimo. Sukurtas patogumui, \u0161is <strong data-start=\"325\" data-end=\"363\">10k P\u016btimo Vienkartinis Elektroninis Cigare\u010di\u0173<\/strong> yra i\u0161 anksto u\u017epildytas 18 ml auk\u0161\u010diausios kokyb\u0117s druskos nikotino el. skys\u010dio, kurio stiprumas yra 0%, 2%, 3% ir 5%. Su iki 10 000 p\u016btim\u0173 vienam \u012frenginiui, jis si\u016blo nuosekl\u0173 skon\u012f, \u0161velnius garus ir be r\u016bpes\u010di\u0173 garinimo parinkt\u012f, idealiai tinkan\u010di\u0105 kasdieniam naudojimui ir didmeninei prekybai visoje ES rinkoje.<\/p>\n<p><img decoding=\"async\" class=\"alignnone wp-image-2151\" src=\"http:\/\/vapebulkp.com\/wp-content\/uploads\/2024\/04\/Mandy-WhatsApp-Randm.jpg\" alt=\"Mandy WhatsApp Atsitiktinis\" width=\"221\" height=\"235\" srcset=\"https:\/\/vapebulkp.com\/wp-content\/uploads\/2024\/04\/Mandy-WhatsApp-Randm.jpg 916w, https:\/\/vapebulkp.com\/wp-content\/uploads\/2024\/04\/Mandy-WhatsApp-Randm-282x300.jpg 282w, https:\/\/vapebulkp.com\/wp-content\/uploads\/2024\/04\/Mandy-WhatsApp-Randm-768x817.jpg 768w, https:\/\/vapebulkp.com\/wp-content\/uploads\/2024\/04\/Mandy-WhatsApp-Randm-600x638.jpg 600w\" sizes=\"(max-width: 221px) 100vw, 221px\" \/><\/p>\n<p>D\u0117l nuolaidos kainos susisiekite su Mandy per WhatsApp<a href=\"https:\/\/wa.me\/8618077105796\">+8618077105796<\/a><\/p>\n<p><span style=\"color: #ff0000\">PASTABA: Kainos m\u016bs\u0173 svetain\u0117je neapima siuntimo i\u0161laid\u0173<\/span><\/p>","protected":false},"featured_media":1662,"comment_status":"open","ping_status":"closed","template":"","meta":{"_uag_custom_page_level_css":"","_lmt_disableupdate":"no","_lmt_disable":"","site-sidebar-layout":"default","site-content-layout":"content-boxed-container","ast-site-content-layout":"normal-width-container","site-content-style":"boxed","site-sidebar-style":"unboxed","ast-global-header-display":"","ast-banner-title-visibility":"","ast-main-header-display":"","ast-hfb-above-header-display":"","ast-hfb-below-header-display":"","ast-hfb-mobile-header-display":"","site-post-title":"","ast-breadcrumbs-content":"","ast-featured-img":"","footer-sml-layout":"","theme-transparent-header-meta":"default","adv-header-id-meta":"","stick-header-meta":"","header-above-stick-meta":"","header-main-stick-meta":"","header-below-stick-meta":"","astra-migrate-meta-layouts":"set","_joinchat":[]},"product_cat":[167,153,155,33,59,100,98,34,158,157,154,152,58,84,156,63,32],"product_tag":[43,36,37,41,40],"class_list":["post-1503","product","type-product","status-publish","has-post-thumbnail","hentry","product_cat-10000-puffs-disposable-vape","product_cat-hot-disposable-vapes","product_cat-belgium-hot-disposable-vapes","product_cat-france-vape-hot-sale","product_cat-germany-hot-disposable-vape","product_cat-germany-wholesale-vape-shop","product_cat-moq-100pcs","product_cat-netherlands-vape-good-sale","product_cat-norway-hot-disposable-vapes","product_cat-poland-hot-disposable-vapes","product_cat-portugal-hot-disposable-vapes","product_cat-spain-hot-disposable-vapes","product_cat-sweden-hot-disposable-vape","product_cat-sweden-wholesale-vape","product_cat-switzerland-hot-disposable-vapes","product_cat-top-sale-disposable-vape","product_cat-vape-hot-sale-this-week","product_tag-10000puffs","product_tag-good-vape","product_tag-hot-sale-disposable-vape","product_tag-poland-hot-vape","product_tag-sweden-hot-vape","desktop-align-left","tablet-align-left","mobile-align-left"],"yoast_head":"<!-- This site is optimized with the Yoast SEO plugin v21.1 - https:\/\/yoast.com\/wordpress\/plugins\/seo\/ -->\n<title>Popular Kulx 10000Puffs Disposable Vape Good Price - vapebulkp.com<\/title>\n<meta name=\"description\" content=\"Shop the Kulx 10000 Puffs Disposable Vape with premium e-liquid and nicotine salt. A long-lasting disposable vape with Type-C charging for wholesale EU orders.\" \/>\n<meta name=\"robots\" content=\"index, follow, max-snippet:-1, max-image-preview:large, max-video-preview:-1\" \/>\n<link rel=\"canonical\" href=\"https:\/\/vapebulkp.com\/lt\/product\/popular-kulx-10000puffs-disposable-vape-good-price\/\" \/>\n<meta property=\"og:locale\" content=\"lt_LT\" \/>\n<meta property=\"og:type\" content=\"article\" \/>\n<meta property=\"og:title\" content=\"Popular Kulx 10000Puffs Disposable Vape Good Price - vapebulkp.com\" \/>\n<meta property=\"og:description\" content=\"Shop the Kulx 10000 Puffs Disposable Vape with premium e-liquid and nicotine salt. A long-lasting disposable vape with Type-C charging for wholesale EU orders.\" \/>\n<meta property=\"og:url\" content=\"https:\/\/vapebulkp.com\/lt\/product\/popular-kulx-10000puffs-disposable-vape-good-price\/\" \/>\n<meta property=\"og:site_name\" content=\"vapebulkp.com\" \/>\n<meta property=\"article:modified_time\" content=\"2025-09-08T02:52:42+00:00\" \/>\n<meta property=\"og:image\" content=\"http:\/\/vapebulkp.com\/wp-content\/uploads\/2023\/09\/KULX-10000-VAPE-POD-NEAR-ME-1.jpg\" \/>\n\t<meta property=\"og:image:width\" content=\"2196\" \/>\n\t<meta property=\"og:image:height\" content=\"2196\" \/>\n\t<meta property=\"og:image:type\" content=\"image\/jpeg\" \/>\n<meta name=\"twitter:card\" content=\"summary_large_image\" \/>\n<meta name=\"twitter:label1\" content=\"Est. reading time\" \/>\n\t<meta name=\"twitter:data1\" content=\"3 minut\u0117s\" \/>\n<script type=\"application\/ld+json\" class=\"yoast-schema-graph\">{\"@context\":\"https:\/\/schema.org\",\"@graph\":[{\"@type\":\"WebPage\",\"@id\":\"https:\/\/vapebulkp.com\/product\/popular-kulx-10000puffs-disposable-vape-good-price\/\",\"url\":\"https:\/\/vapebulkp.com\/product\/popular-kulx-10000puffs-disposable-vape-good-price\/\",\"name\":\"Popular Kulx 10000Puffs Disposable Vape Good Price - vapebulkp.com\",\"isPartOf\":{\"@id\":\"https:\/\/vapebulkp.com\/#website\"},\"datePublished\":\"2023-09-20T01:56:27+00:00\",\"dateModified\":\"2025-09-08T02:52:42+00:00\",\"description\":\"Shop the Kulx 10000 Puffs Disposable Vape with premium e-liquid and nicotine salt. A long-lasting disposable vape with Type-C charging for wholesale EU orders.\",\"breadcrumb\":{\"@id\":\"https:\/\/vapebulkp.com\/product\/popular-kulx-10000puffs-disposable-vape-good-price\/#breadcrumb\"},\"inLanguage\":\"lt-LT\",\"potentialAction\":[{\"@type\":\"ReadAction\",\"target\":[\"https:\/\/vapebulkp.com\/product\/popular-kulx-10000puffs-disposable-vape-good-price\/\"]}]},{\"@type\":\"BreadcrumbList\",\"@id\":\"https:\/\/vapebulkp.com\/product\/popular-kulx-10000puffs-disposable-vape-good-price\/#breadcrumb\",\"itemListElement\":[{\"@type\":\"ListItem\",\"position\":1,\"name\":\"Home\",\"item\":\"https:\/\/vapebulkp.com\/\"},{\"@type\":\"ListItem\",\"position\":2,\"name\":\"Hot Trend Vapes\",\"item\":\"https:\/\/vapebulkp.com\/vape-shop\/\"},{\"@type\":\"ListItem\",\"position\":3,\"name\":\"Popular Kulx 10000Puffs Disposable Vape Good Price\"}]},{\"@type\":\"WebSite\",\"@id\":\"https:\/\/vapebulkp.com\/#website\",\"url\":\"https:\/\/vapebulkp.com\/\",\"name\":\"vapebulkp.com\",\"description\":\"Buy Vape In Cheap Bulk Price Near you\",\"publisher\":{\"@id\":\"https:\/\/vapebulkp.com\/#organization\"},\"potentialAction\":[{\"@type\":\"SearchAction\",\"target\":{\"@type\":\"EntryPoint\",\"urlTemplate\":\"https:\/\/vapebulkp.com\/?s={search_term_string}\"},\"query-input\":\"required name=search_term_string\"}],\"inLanguage\":\"lt-LT\"},{\"@type\":\"Organization\",\"@id\":\"https:\/\/vapebulkp.com\/#organization\",\"name\":\"vapebulkp.com\",\"url\":\"https:\/\/vapebulkp.com\/\",\"logo\":{\"@type\":\"ImageObject\",\"inLanguage\":\"lt-LT\",\"@id\":\"https:\/\/vapebulkp.com\/#\/schema\/logo\/image\/\",\"url\":\"https:\/\/vapebulkp.com\/wp-content\/uploads\/2023\/09\/cropped-vapebulkp.png\",\"contentUrl\":\"https:\/\/vapebulkp.com\/wp-content\/uploads\/2023\/09\/cropped-vapebulkp.png\",\"width\":516,\"height\":163,\"caption\":\"vapebulkp.com\"},\"image\":{\"@id\":\"https:\/\/vapebulkp.com\/#\/schema\/logo\/image\/\"}}]}<\/script>\n<!-- \/ Yoast SEO plugin. -->","yoast_head_json":{"title":"Popular Kulx 10000Puffs Disposable Vape Good Price - vapebulkp.com","description":"Shop the Kulx 10000 Puffs Disposable Vape with premium e-liquid and nicotine salt. A long-lasting disposable vape with Type-C charging for wholesale EU orders.","robots":{"index":"index","follow":"follow","max-snippet":"max-snippet:-1","max-image-preview":"max-image-preview:large","max-video-preview":"max-video-preview:-1"},"canonical":"https:\/\/vapebulkp.com\/lt\/product\/popular-kulx-10000puffs-disposable-vape-good-price\/","og_locale":"lt_LT","og_type":"article","og_title":"Popular Kulx 10000Puffs Disposable Vape Good Price - vapebulkp.com","og_description":"Shop the Kulx 10000 Puffs Disposable Vape with premium e-liquid and nicotine salt. A long-lasting disposable vape with Type-C charging for wholesale EU orders.","og_url":"https:\/\/vapebulkp.com\/lt\/product\/popular-kulx-10000puffs-disposable-vape-good-price\/","og_site_name":"vapebulkp.com","article_modified_time":"2025-09-08T02:52:42+00:00","og_image":[{"width":2196,"height":2196,"url":"http:\/\/vapebulkp.com\/wp-content\/uploads\/2023\/09\/KULX-10000-VAPE-POD-NEAR-ME-1.jpg","type":"image\/jpeg"}],"twitter_card":"summary_large_image","twitter_misc":{"Est. reading time":"3 minut\u0117s"},"schema":{"@context":"https:\/\/schema.org","@graph":[{"@type":"WebPage","@id":"https:\/\/vapebulkp.com\/product\/popular-kulx-10000puffs-disposable-vape-good-price\/","url":"https:\/\/vapebulkp.com\/product\/popular-kulx-10000puffs-disposable-vape-good-price\/","name":"Popular Kulx 10000Puffs Disposable Vape Good Price - vapebulkp.com","isPartOf":{"@id":"https:\/\/vapebulkp.com\/#website"},"datePublished":"2023-09-20T01:56:27+00:00","dateModified":"2025-09-08T02:52:42+00:00","description":"Shop the Kulx 10000 Puffs Disposable Vape with premium e-liquid and nicotine salt. A long-lasting disposable vape with Type-C charging for wholesale EU orders.","breadcrumb":{"@id":"https:\/\/vapebulkp.com\/product\/popular-kulx-10000puffs-disposable-vape-good-price\/#breadcrumb"},"inLanguage":"lt-LT","potentialAction":[{"@type":"ReadAction","target":["https:\/\/vapebulkp.com\/product\/popular-kulx-10000puffs-disposable-vape-good-price\/"]}]},{"@type":"BreadcrumbList","@id":"https:\/\/vapebulkp.com\/product\/popular-kulx-10000puffs-disposable-vape-good-price\/#breadcrumb","itemListElement":[{"@type":"ListItem","position":1,"name":"Home","item":"https:\/\/vapebulkp.com\/"},{"@type":"ListItem","position":2,"name":"Hot Trend Vapes","item":"https:\/\/vapebulkp.com\/vape-shop\/"},{"@type":"ListItem","position":3,"name":"Popular Kulx 10000Puffs Disposable Vape Good Price"}]},{"@type":"WebSite","@id":"https:\/\/vapebulkp.com\/#website","url":"https:\/\/vapebulkp.com\/","name":"vapebulkp.com","description":"Buy Vape In Cheap Bulk Price Near you","publisher":{"@id":"https:\/\/vapebulkp.com\/#organization"},"potentialAction":[{"@type":"SearchAction","target":{"@type":"EntryPoint","urlTemplate":"https:\/\/vapebulkp.com\/?s={search_term_string}"},"query-input":"required name=search_term_string"}],"inLanguage":"lt-LT"},{"@type":"Organization","@id":"https:\/\/vapebulkp.com\/#organization","name":"vapebulkp.com","url":"https:\/\/vapebulkp.com\/","logo":{"@type":"ImageObject","inLanguage":"lt-LT","@id":"https:\/\/vapebulkp.com\/#\/schema\/logo\/image\/","url":"https:\/\/vapebulkp.com\/wp-content\/uploads\/2023\/09\/cropped-vapebulkp.png","contentUrl":"https:\/\/vapebulkp.com\/wp-content\/uploads\/2023\/09\/cropped-vapebulkp.png","width":516,"height":163,"caption":"vapebulkp.com"},"image":{"@id":"https:\/\/vapebulkp.com\/#\/schema\/logo\/image\/"}}]}},"uagb_featured_image_src":{"full":["https:\/\/vapebulkp.com\/wp-content\/uploads\/2023\/09\/KULX-10000-VAPE-POD-NEAR-ME-1.jpg",2196,2196,false],"thumbnail":["https:\/\/vapebulkp.com\/wp-content\/uploads\/2023\/09\/KULX-10000-VAPE-POD-NEAR-ME-1-150x150.jpg",150,150,true],"medium":["https:\/\/vapebulkp.com\/wp-content\/uploads\/2023\/09\/KULX-10000-VAPE-POD-NEAR-ME-1-300x300.jpg",300,300,true],"medium_large":["https:\/\/vapebulkp.com\/wp-content\/uploads\/2023\/09\/KULX-10000-VAPE-POD-NEAR-ME-1-768x768.jpg",768,768,true],"large":["https:\/\/vapebulkp.com\/wp-content\/uploads\/2023\/09\/KULX-10000-VAPE-POD-NEAR-ME-1-1024x1024.jpg",1024,1024,true],"1536x1536":["https:\/\/vapebulkp.com\/wp-content\/uploads\/2023\/09\/KULX-10000-VAPE-POD-NEAR-ME-1-1536x1536.jpg",1536,1536,true],"2048x2048":["https:\/\/vapebulkp.com\/wp-content\/uploads\/2023\/09\/KULX-10000-VAPE-POD-NEAR-ME-1-2048x2048.jpg",2048,2048,true],"trp-custom-language-flag":["https:\/\/vapebulkp.com\/wp-content\/uploads\/2023\/09\/KULX-10000-VAPE-POD-NEAR-ME-1.jpg",12,12,false],"woocommerce_thumbnail":["https:\/\/vapebulkp.com\/wp-content\/uploads\/2023\/09\/KULX-10000-VAPE-POD-NEAR-ME-1-300x300.jpg",300,300,true],"woocommerce_single":["https:\/\/vapebulkp.com\/wp-content\/uploads\/2023\/09\/KULX-10000-VAPE-POD-NEAR-ME-1-600x600.jpg",600,600,true],"woocommerce_gallery_thumbnail":["https:\/\/vapebulkp.com\/wp-content\/uploads\/2023\/09\/KULX-10000-VAPE-POD-NEAR-ME-1-100x100.jpg",100,100,true],"wcpr-photo-reviews":["https:\/\/vapebulkp.com\/wp-content\/uploads\/2023\/09\/KULX-10000-VAPE-POD-NEAR-ME-1.jpg",500,500,false]},"uagb_author_info":{"display_name":"Mandy vape bulk price","author_link":"https:\/\/vapebulkp.com\/lt\/author\/"},"uagb_comment_info":2,"uagb_excerpt":"The Kulx 10000 Puff Wholesale Vape delivers lasting performance with no refills or coil changes required. Designed for convenience, this 10k Puffs Disposable E-Cigarette comes pre-filled with 18ml of premium salt nicotine e-liquid, available in 0%, 2%, 3%, and 5% strengths. With up to 10,000 puffs per device, it offers consistent flavor, smooth vapor, and&hellip;","_links":{"self":[{"href":"https:\/\/vapebulkp.com\/lt\/wp-json\/wp\/v2\/product\/1503","targetHints":{"allow":["GET"]}}],"collection":[{"href":"https:\/\/vapebulkp.com\/lt\/wp-json\/wp\/v2\/product"}],"about":[{"href":"https:\/\/vapebulkp.com\/lt\/wp-json\/wp\/v2\/types\/product"}],"replies":[{"embeddable":true,"href":"https:\/\/vapebulkp.com\/lt\/wp-json\/wp\/v2\/comments?post=1503"}],"wp:featuredmedia":[{"embeddable":true,"href":"https:\/\/vapebulkp.com\/lt\/wp-json\/wp\/v2\/media\/1662"}],"wp:attachment":[{"href":"https:\/\/vapebulkp.com\/lt\/wp-json\/wp\/v2\/media?parent=1503"}],"wp:term":[{"taxonomy":"product_cat","embeddable":true,"href":"https:\/\/vapebulkp.com\/lt\/wp-json\/wp\/v2\/product_cat?post=1503"},{"taxonomy":"product_tag","embeddable":true,"href":"https:\/\/vapebulkp.com\/lt\/wp-json\/wp\/v2\/product_tag?post=1503"}],"curies":[{"name":"wp","href":"https:\/\/api.w.org\/{rel}","templated":true}]}}