{"id":1512,"date":"2023-09-20T04:47:12","date_gmt":"2023-09-20T02:47:12","guid":{"rendered":"https:\/\/vapebulkp.com\/?post_type=product&#038;p=1512"},"modified":"2025-09-16T11:25:51","modified_gmt":"2025-09-16T09:25:51","slug":"good-sale-bang-king-12000-puffs-disposable-vape-wholesale-2","status":"publish","type":"product","link":"https:\/\/vapebulkp.com\/lt\/product\/good-sale-bang-king-12000-puffs-disposable-vape-wholesale-2\/","title":{"rendered":"Geras pardavimas Bang King 12000 Puffs Vienkartinis Vape Didmenin\u0117 prekyba 2%"},"content":{"rendered":"<h2>\u201eBang King 12000 Puffs\u201c vienkartinio Vape didmenin\u0117 kaina<\/h2>\n<p data-start=\"158\" data-end=\"488\">Tas <strong data-start=\"162\" data-end=\"203\">\u201eBang King 12000 Puffs\u201c vienkartinis Vape<\/strong> suteikia didel\u0117s talpos na\u0161um\u0105 ir ne\u0161iojamum\u0105 Europos garinimo entuziastams, ie\u0161kantiems patogumo ir sodraus skonio. Su 650mAh \u012fkraunama baterija ir C tipo greitu \u012fkrovimu, \u0161is <strong data-start=\"397\" data-end=\"429\">\u012fkraunamas <a href=\"https:\/\/vapebulkp.com\/lt\/product-category\/12000-puffs-disposable-vape\/\">12000 P\u016bpsni\u0173 vienkartinis vape<\/a><\/strong> u\u017etikrina skland\u0173, nuosekl\u0173 traukim\u0105 iki 12 000 p\u016bpsni\u0173.<\/p>\n<p data-start=\"490\" data-end=\"781\">Su 0,8\u03a9 <strong data-start=\"511\" data-end=\"529\">tinklinio ritinio vape<\/strong> ir 23 ml <strong data-start=\"542\" data-end=\"578\">auk\u0161\u010diausios kokyb\u0117s elektroninio skys\u010dio vienkartinio vape<\/strong>, jis suteikia tankius garus ir sodr\u0173 skon\u012f nuo pirmo iki paskutinio p\u016bpsnio. Galimas 2% ir 5% nikotino stiprumas, <strong data-start=\"696\" data-end=\"729\">didel\u0117s talpos vienkartinis garintuvas<\/strong> tinka tiek vidutiniams, tiek stipresniems pasirinkimams.<\/p>\n<p data-start=\"783\" data-end=\"1045\">Kompakti\u0161kas, stilingas ir paruo\u0161tas naudoti <strong data-start=\"823\" data-end=\"864\">\u201eBang King 12k Puffs\u201c didmeninis Vape<\/strong> puikiai tinka kelion\u0117ms, kasdieniam naudojimui ar socialiniams renginiams. Didmenin\u0117s u\u017esakym\u0173 minimalus kiekis yra 100 vienet\u0173, tod\u0117l tai yra idealus pasirinkimas ma\u017emenininkams visoje Europoje.<\/p>\n<h6 style=\"text-align: left\"><img decoding=\"async\" class=\"alignnone wp-image-1640\" src=\"http:\/\/vapebulkp.com\/wp-content\/uploads\/2023\/09\/bang-king-12000-puffs-Hot-Sale-1024x1024.jpg\" alt=\"bang king 12000 p\u016btim\u0173 kar\u0161tas i\u0161pardavimas\" width=\"408\" height=\"408\" srcset=\"https:\/\/vapebulkp.com\/wp-content\/uploads\/2023\/09\/bang-king-12000-puffs-Hot-Sale-1024x1024.jpg 1024w, https:\/\/vapebulkp.com\/wp-content\/uploads\/2023\/09\/bang-king-12000-puffs-Hot-Sale-300x300.jpg 300w, https:\/\/vapebulkp.com\/wp-content\/uploads\/2023\/09\/bang-king-12000-puffs-Hot-Sale-150x150.jpg 150w, https:\/\/vapebulkp.com\/wp-content\/uploads\/2023\/09\/bang-king-12000-puffs-Hot-Sale-768x768.jpg 768w, https:\/\/vapebulkp.com\/wp-content\/uploads\/2023\/09\/bang-king-12000-puffs-Hot-Sale-600x600.jpg 600w, https:\/\/vapebulkp.com\/wp-content\/uploads\/2023\/09\/bang-king-12000-puffs-Hot-Sale-100x100.jpg 100w, https:\/\/vapebulkp.com\/wp-content\/uploads\/2023\/09\/bang-king-12000-puffs-Hot-Sale.jpg 1280w\" sizes=\"(max-width: 408px) 100vw, 408px\" \/><\/h6>\n<h6><\/h6>\n<p>&nbsp;<\/p>\n<h2><span style=\"vertical-align: inherit\">Man\u0117me, kad jums gali patikti su\u017einoti apie \u201eBang King 12000 Puffs\u201c geriausiai parduodam\u0105 \u201eVape Box\u201c:<\/span><\/h2>\n<h6>1. Kokia yra \u201eBang King 12000 Puffs\u201c elektroninio skys\u010dio talpa?<\/h6>\n<p>\u0160is prietaisas turi 23 ml elektroninio skys\u010dio.<\/p>\n<h6>2. Kiek laiko veikia \u0161is garintuvas?<\/h6>\n<p>500 \u012fkv\u0117pim\u0173\/dien\u0105, gali veikti 24 dienas<br \/>\n1000 \u012fkv\u0117pim\u0173\/dien\u0105, gali veikti 12 dien\u0173<br \/>\n2000 \u012fkv\u0117pim\u0173\/dien\u0105, gali veikti 6 dienas<\/p>\n<h6>3. Kaip \u012fkrauti vienkartinio garintuvo \u201eBang King 12000Puffs\u201c prietais\u0105?<\/h6>\n<p>Greito \u012fkrovimo \u012fkrovikliai negali b\u016bti naudojami. Standartin\u0117 saugi vienkartini\u0173 elektronini\u0173 cigare\u010di\u0173 galia yra 5V 1A. Kiekvienas \u012fkrovimo laikas negali vir\u0161yti 1 valandos, o saugus \u012fkrovimo laikas yra pus\u0117 valandos.<\/p>\n<p><span style=\"color: #ff0000\">Pastaba: negalima \u012fkrauti vis\u0105 nakt\u012f!<\/span><\/p>\n<h3><strong><span style=\"vertical-align: inherit\">\u201eBang King 12000 Puffs\u201c vienkartinio garintuvo specifikacija:<\/span><br \/>\n<\/strong><\/h3>\n<ul data-start=\"161\" data-end=\"731\">\n<li data-start=\"161\" data-end=\"209\">\n<p data-start=\"163\" data-end=\"209\"><strong data-start=\"163\" data-end=\"178\">\u012ekv\u0117pim\u0173 skai\u010dius:<\/strong> 12 000 \u012fkv\u0117pim\u0173 vienkartinis garintuvas<\/p>\n<\/li>\n<li data-start=\"210\" data-end=\"263\">\n<p data-start=\"212\" data-end=\"263\"><strong data-start=\"212\" data-end=\"233\">Akumuliatoriaus talpa:<\/strong> 650mAh \u012fkraunam\u0105 baterij\u0105<\/p>\n<\/li>\n<li data-start=\"264\" data-end=\"302\">\n<p data-start=\"266\" data-end=\"302\"><strong data-start=\"266\" data-end=\"279\">\u012ekrovimas:<\/strong> Type-C greitasis \u012fkrovimas<\/p>\n<\/li>\n<li data-start=\"303\" data-end=\"351\">\n<p data-start=\"305\" data-end=\"351\"><strong data-start=\"305\" data-end=\"327\">E-skys\u010dio talpa:<\/strong> 23 ml auk\u0161\u010diausios kokyb\u0117s elektroninio skys\u010dio<\/p>\n<\/li>\n<li data-start=\"352\" data-end=\"390\">\n<p data-start=\"354\" data-end=\"390\"><strong data-start=\"354\" data-end=\"368\">Rit\u0117s tipas:<\/strong> 0,8 \u03a9 tinklelio rit\u0117s garintuvas<\/p>\n<\/li>\n<li data-start=\"391\" data-end=\"447\">\n<p data-start=\"393\" data-end=\"447\"><strong data-start=\"393\" data-end=\"415\">Nikotino stiprumas:<\/strong> 21 mg \/ 51 mg nikotino druskos pasirinkimai<\/p>\n<\/li>\n<li data-start=\"448\" data-end=\"516\">\n<p data-start=\"450\" data-end=\"516\"><strong data-start=\"450\" data-end=\"461\">Dizainas:<\/strong> Eleganti\u0161kas, kompakti\u0161kas ir ne\u0161iojamas kasdieniam naudojimui ar kelion\u0117ms<\/p>\n<\/li>\n<li data-start=\"517\" data-end=\"598\">\n<p data-start=\"519\" data-end=\"598\"><strong data-start=\"519\" data-end=\"536\">Garavimo stilius:<\/strong> Didel\u0117s talpos vienkartinis garintuvas su \u0161velniais, pastoviais traukimais<\/p>\n<\/li>\n<li data-start=\"599\" data-end=\"683\">\n<p data-start=\"601\" data-end=\"683\"><strong data-start=\"601\" data-end=\"618\">Tiksliniai vartotojai:<\/strong> Europos garinimo entuziastai, tinkamas didmeninei ir ma\u017emeninei prekybai<\/p>\n<\/li>\n<li data-start=\"684\" data-end=\"731\">\n<p data-start=\"686\" data-end=\"731\"><strong data-start=\"686\" data-end=\"719\">Minimalus u\u017esakymo kiekis (MOQ):<\/strong> 50 vienet\u0173<\/p>\n<\/li>\n<\/ul>\n<h3><strong><span style=\"vertical-align: inherit\">Bang King 12k Puffs Didmenin\u0117s Vape skoni\u0173 pasirinkimo galimyb\u0117s:<\/span><\/strong><\/h3>\n<p>1.Ananas\u0173 kokoso ledas<\/p>\n<p>2.Arb\u016bz\u0173 gumos skonis<\/p>\n<p>3.Trigubas uog\u0173 ledas<\/p>\n<p>4.Persik\u0173 ledas<\/p>\n<p>5.Granat\u0173<\/p>\n<p>6.M\u0117lyna aviet\u0117 su ledu<\/p>\n<p>7.Bra\u0161ki\u0173 arb\u016bzas<\/p>\n<p>8.Melion\u0173 m\u0117ta<\/p>\n<p>9. Vaivoryk\u0161t\u0117s \u0161erbetas<\/p>\n<p>10. Bra\u0161ki\u0173 mang\u0173<\/p>\n<p>11. Karali\u0161kas vynuogi\u0173<\/p>\n<p>12. Pasifloros bu\u010dinys<\/p>\n<p>13. Dvigubas obuolys<\/p>\n<p>14. Persik\u0173 mang\u0173<\/p>\n<p>15. Bra\u0161ki\u0173 kiviai<\/p>\n<p>16. Arb\u016bz\u0173 ledas<\/p>\n<p>17. Melion\u0173 m\u0117lynasis<\/p>\n<p>18. Meil\u0117 66<\/p>\n<p>19. Sex On The Beach<\/p>\n<p>20. Persik\u0173 uog\u0173<\/p>\n<p><a href=\"https:\/\/vapebulkp.com\/lt\/product\/popular-randm-tornado-7000puffs-disposable-vape-best-price\/\"><span style=\"vertical-align: inherit\">Populiarus Vape RandM Tornado 7000 Puffs <\/span><\/a><\/p>\n<p><span style=\"vertical-align: inherit\">Raskite daugiau produkt\u0173, kurie jums gali patikti:<\/span><em><a href=\"https:\/\/wa.me\/8618077105796\"><span style=\"vertical-align: inherit\">\u00a0Pirkti dabar<\/span><\/a><\/em><\/p>\n<p><span style=\"vertical-align: inherit\">Kiti \u012ftraukimai, kurie jums gali patikti:<\/span><a href=\"https:\/\/vapebulkp.com\/lt\/product\/popular-bang-king-10000-puffs-vape-good-price\/\"><span style=\"vertical-align: inherit\">Bang King 10000 Puffs<\/span><\/a><span style=\"vertical-align: inherit\">\u3001<\/span><a href=\"https:\/\/vapebulkp.com\/lt\/product\/bulk-buy-kulx-8800-puffs-disposable-vape-wholesale-germany\/\"><span style=\"vertical-align: inherit\">Kulx 8800 Puffs<\/span><\/a><span style=\"vertical-align: inherit\">\/ <\/span><a href=\"https:\/\/vapebulkp.com\/lt\/product\/bang-box-12000puffs-good-vape-sweden-wholesale-price\/\"><span style=\"vertical-align: inherit\">Bang Box 12000 Puffs<\/span><\/a><span style=\"vertical-align: inherit\">\/ <\/span><a href=\"https:\/\/vapebulkp.com\/lt\/product\/popular-randm-tornado-7000puffs-disposable-vape-best-price\/\"><span style=\"vertical-align: inherit\">RandM Tornado 7000 Puffs<\/span><\/a><\/p>\n<p><span style=\"vertical-align: inherit\">Ypatingos formos elektronini\u0173 cigare\u010di\u0173 buteliukas:<\/span><a href=\"https:\/\/vapebulkp.com\/lt\/product\/bang-tornado-12000-puffs-rechargeable-disposable-pod\/\"><span style=\"vertical-align: inherit\">Bang Tornado 12K Pufai <\/span><\/a><span style=\"vertical-align: inherit\">\/ <\/span><a href=\"https:\/\/vapebulkp.com\/lt\/product\/good-randm-tornado-7000-puffs-disposable-vape-kit-1000mah\/\"><span style=\"vertical-align: inherit\">Randm tornado 7000 d\u016bm\u0173 <\/span><\/a><span style=\"vertical-align: inherit\">\/<\/span><a href=\"https:\/\/vapebulkp.com\/lt\/product\/popular-kulx-10000puffs-disposable-vape-good-price\/\"><span style=\"vertical-align: inherit\">Kulx 10000 d\u016bm\u0173<\/span><\/a><\/p>\n<h4>Naudinga \u017einoti apie elektronines cigaretes (e-cigaretes):<\/h4>\n<p>K: Kod\u0117l elektronin\u0117s cigaret\u0117s leid\u017eia aliej\u0173?<br \/>\nA: Elektronin\u0117s cigaret\u0117s aliejaus pratek\u0117jimas gali b\u016bti d\u0117l neteisingai sumontuoto atomizatoriaus \u0161erdies arba pa\u017eeisto sandarinimo \u017eiedo pildymo metu. Pildydami \u012fsitikinkite, kad nepriver\u017eiate per daug aliejaus, ir patikrinkite, ar sandarinimo \u017eiedas nepa\u017eeistas, tai gali veiksmingai suma\u017einti aliejaus pratek\u0117jim\u0105.<\/p>\n<p>K: Kod\u0117l elektronin\u0117 cigaret\u0117 kvepia deg\u0117siu?<br \/>\nA: Degantis kvapas da\u017eniausiai atsiranda d\u0117l atomizatoriaus \u0161erdies degimo sausai arba nepakankamo alyvos kiekio. Rekomenduojama reguliariai keisti atomizatoriaus \u0161erd\u012f ir u\u017etikrinti pakankam\u0105 alyvos kiek\u012f, kad b\u016bt\u0173 i\u0161vengta degimo sausai.<\/p>\n<p>K: Kod\u0117l elektronini\u0173 cigare\u010di\u0173 siurbimo galia silpn\u0117ja?<br \/>\nA: Silpnas siurbimas gali b\u016bti d\u0117l nepakankamos baterijos energijos, atomizatoriaus \u0161erdies sen\u0117jimo arba atomizatoriaus \u0161erdies u\u017esikim\u0161imo. Pabandykite \u012fkrauti baterij\u0105 arba pakeisti atomizatoriaus \u0161erd\u012f nauju, kad i\u0161spr\u0119stum\u0117te silpno siurbimo problem\u0105.<\/p>\n<p>K: Kaip valyti elektronini\u0173 cigare\u010di\u0173 \u012frang\u0105?<br \/>\nA: Reguliariai valydami elektronini\u0173 cigare\u010di\u0173 \u012frengin\u012f i\u0161laikysite jo veikim\u0105 ir skon\u012f. Naudokite mink\u0161t\u0105 \u0161luost\u0119 \u0161velniai nuvalykite \u012frenginio pavir\u0161i\u0173 ir naudokite medvilninius tampon\u0117lius, kad i\u0161valytum\u0117te jungtis ar vidinius pavir\u0161ius, ta\u010diau b\u016bkite atsarg\u016bs, kad nepa\u017eeistum\u0117te.<\/p>\n<p>K: Ar elektronin\u0117s cigaret\u0117s kenkia sveikatai?<br \/>\nA: Nors elektronin\u0117se cigaret\u0117se gali b\u016bti ma\u017eiau kenksming\u0173 med\u017eiag\u0173 nei tradicin\u0117se cigaret\u0117se, tai nerei\u0161kia, kad jos visi\u0161kai nekenksmingos. Ilgalaikis elektronini\u0173 cigare\u010di\u0173 vartojimas vis tiek gali tur\u0117ti tam tikr\u0105 poveik\u012f sveikatai. Geriausia riboti vartojim\u0105 ir kreiptis \u012f gydytoj\u0105.<\/p>\n<h4>Pristatymo detal\u0117s:<\/h4>\n<p>Gamybos laikas: 3-5 darbo dienos<br \/>\nPristatymo laikas: 8-14 darbo dien\u0173<\/p>\n<p>Visi m\u016bs\u0173 parduotuv\u0117s produktai yra 100% original\u016bs ir autenti\u0161ki, tod\u0117l m\u016bs\u0173 parduotuv\u0117s politika yra de\u0161imteriopa kompensacija u\u017e padirbtas prekes. Prek\u0117ms pristatyti naudojame tokius logistikos kanalus kaip UPS\/DHL\/FEDEX\/DPD.<\/p>","protected":false},"excerpt":{"rendered":"<p>\u201eBang King 12000Puffs\u201c vienkartin\u0117s elektronin\u0117s cigaret\u0117s ergonomi\u0161kas dizainas puikiai telpa j\u016bs\u0173 rankoje ir yra pakankamai kompakti\u0161kas, kad tilpt\u0173 \u012f ki\u0161en\u0119 ar rankin\u0119. Nesvarbu, ar esate u\u017esi\u0117m\u0119 darbe, ar keliaujate, \u0161i vienkartin\u0117 elektronin\u0117 cigaret\u0117 u\u017etikrina, kad gal\u0117site m\u0117gautis m\u0117gstamais skoniais bet kur.<\/p>\n<p><img decoding=\"async\" class=\"alignnone wp-image-2151\" src=\"http:\/\/vapebulkp.com\/wp-content\/uploads\/2024\/04\/Mandy-WhatsApp-Randm.jpg\" alt=\"Mandy WhatsApp Atsitiktinis\" width=\"377\" height=\"401\" srcset=\"https:\/\/vapebulkp.com\/wp-content\/uploads\/2024\/04\/Mandy-WhatsApp-Randm.jpg 916w, https:\/\/vapebulkp.com\/wp-content\/uploads\/2024\/04\/Mandy-WhatsApp-Randm-282x300.jpg 282w, https:\/\/vapebulkp.com\/wp-content\/uploads\/2024\/04\/Mandy-WhatsApp-Randm-768x817.jpg 768w, https:\/\/vapebulkp.com\/wp-content\/uploads\/2024\/04\/Mandy-WhatsApp-Randm-600x638.jpg 600w\" sizes=\"(max-width: 377px) 100vw, 377px\" \/><\/p>\n<p>D\u0117l nuolaidos kainos susisiekite su Mandy per WhatsApp<a href=\"https:\/\/wa.me\/8618077105796\">+8618077105796<\/a><\/p>\n<p><span style=\"color: #ff0000\">PASTABA: Kainos m\u016bs\u0173 svetain\u0117je neapima siuntimo i\u0161laid\u0173<\/span><\/p>","protected":false},"featured_media":1635,"comment_status":"open","ping_status":"closed","template":"","meta":{"_uag_custom_page_level_css":"","_lmt_disableupdate":"no","_lmt_disable":"","site-sidebar-layout":"default","site-content-layout":"content-boxed-container","ast-site-content-layout":"normal-width-container","site-content-style":"boxed","site-sidebar-style":"unboxed","ast-global-header-display":"","ast-banner-title-visibility":"","ast-main-header-display":"","ast-hfb-above-header-display":"","ast-hfb-below-header-display":"","ast-hfb-mobile-header-display":"","site-post-title":"","ast-breadcrumbs-content":"","ast-featured-img":"","footer-sml-layout":"","theme-transparent-header-meta":"default","adv-header-id-meta":"","stick-header-meta":"","header-above-stick-meta":"","header-main-stick-meta":"","header-below-stick-meta":"","astra-migrate-meta-layouts":"set","_joinchat":[]},"product_cat":[166,153,344,155,33,59,100,87,34,158,157,154,152,58,84,156,63,32],"product_tag":[45,36,37,41,71,40],"class_list":["post-1512","product","type-product","status-publish","has-post-thumbnail","hentry","product_cat-12000-puffs-disposable-vape","product_cat-hot-disposable-vapes","product_cat-bang-king-vape","product_cat-belgium-hot-disposable-vapes","product_cat-france-vape-hot-sale","product_cat-germany-hot-disposable-vape","product_cat-germany-wholesale-vape-shop","product_cat-minimum-order-quantity-50pcs","product_cat-netherlands-vape-good-sale","product_cat-norway-hot-disposable-vapes","product_cat-poland-hot-disposable-vapes","product_cat-portugal-hot-disposable-vapes","product_cat-spain-hot-disposable-vapes","product_cat-sweden-hot-disposable-vape","product_cat-sweden-wholesale-vape","product_cat-switzerland-hot-disposable-vapes","product_cat-top-sale-disposable-vape","product_cat-vape-hot-sale-this-week","product_tag-12000puffs-good-vape","product_tag-good-vape","product_tag-hot-sale-disposable-vape","product_tag-poland-hot-vape","product_tag-randm","product_tag-sweden-hot-vape","desktop-align-left","tablet-align-left","mobile-align-left"],"yoast_head":"<!-- This site is optimized with the Yoast SEO plugin v21.1 - https:\/\/yoast.com\/wordpress\/plugins\/seo\/ -->\n<title>Good Sale Bang King 12000 Puffs Disposable Vape Wholesale 2% - vapebulkp.com<\/title>\n<meta name=\"description\" content=\"The Bang King 12000Puffs Disposable Vape ergonomic design fits perfectly in your hand and is compact enough to slip into your pocket or purse.\" \/>\n<meta name=\"robots\" content=\"index, follow, max-snippet:-1, max-image-preview:large, max-video-preview:-1\" \/>\n<link rel=\"canonical\" href=\"https:\/\/vapebulkp.com\/lt\/product\/good-sale-bang-king-12000-puffs-disposable-vape-wholesale-2\/\" \/>\n<meta property=\"og:locale\" content=\"lt_LT\" \/>\n<meta property=\"og:type\" content=\"article\" \/>\n<meta property=\"og:title\" content=\"Good Sale Bang King 12000 Puffs Disposable Vape Wholesale 2% - vapebulkp.com\" \/>\n<meta property=\"og:description\" content=\"The Bang King 12000Puffs Disposable Vape ergonomic design fits perfectly in your hand and is compact enough to slip into your pocket or purse.\" \/>\n<meta property=\"og:url\" content=\"https:\/\/vapebulkp.com\/lt\/product\/good-sale-bang-king-12000-puffs-disposable-vape-wholesale-2\/\" \/>\n<meta property=\"og:site_name\" content=\"vapebulkp.com\" \/>\n<meta property=\"article:modified_time\" content=\"2025-09-16T09:25:51+00:00\" \/>\n<meta property=\"og:image\" content=\"http:\/\/vapebulkp.com\/wp-content\/uploads\/2023\/09\/bang-king-12000-puffs-best-flavours.jpg\" \/>\n\t<meta property=\"og:image:width\" content=\"1280\" \/>\n\t<meta property=\"og:image:height\" content=\"1280\" \/>\n\t<meta property=\"og:image:type\" content=\"image\/jpeg\" \/>\n<meta name=\"twitter:card\" content=\"summary_large_image\" \/>\n<meta name=\"twitter:label1\" content=\"Est. reading time\" \/>\n\t<meta name=\"twitter:data1\" content=\"4 minut\u0117s\" \/>\n<script type=\"application\/ld+json\" class=\"yoast-schema-graph\">{\"@context\":\"https:\/\/schema.org\",\"@graph\":[{\"@type\":\"WebPage\",\"@id\":\"https:\/\/vapebulkp.com\/product\/good-sale-bang-king-12000-puffs-disposable-vape-wholesale-2\/\",\"url\":\"https:\/\/vapebulkp.com\/product\/good-sale-bang-king-12000-puffs-disposable-vape-wholesale-2\/\",\"name\":\"Good Sale Bang King 12000 Puffs Disposable Vape Wholesale 2% - vapebulkp.com\",\"isPartOf\":{\"@id\":\"https:\/\/vapebulkp.com\/#website\"},\"datePublished\":\"2023-09-20T02:47:12+00:00\",\"dateModified\":\"2025-09-16T09:25:51+00:00\",\"description\":\"The Bang King 12000Puffs Disposable Vape ergonomic design fits perfectly in your hand and is compact enough to slip into your pocket or purse.\",\"breadcrumb\":{\"@id\":\"https:\/\/vapebulkp.com\/product\/good-sale-bang-king-12000-puffs-disposable-vape-wholesale-2\/#breadcrumb\"},\"inLanguage\":\"lt-LT\",\"potentialAction\":[{\"@type\":\"ReadAction\",\"target\":[\"https:\/\/vapebulkp.com\/product\/good-sale-bang-king-12000-puffs-disposable-vape-wholesale-2\/\"]}]},{\"@type\":\"BreadcrumbList\",\"@id\":\"https:\/\/vapebulkp.com\/product\/good-sale-bang-king-12000-puffs-disposable-vape-wholesale-2\/#breadcrumb\",\"itemListElement\":[{\"@type\":\"ListItem\",\"position\":1,\"name\":\"Home\",\"item\":\"https:\/\/vapebulkp.com\/\"},{\"@type\":\"ListItem\",\"position\":2,\"name\":\"Hot Trend Vapes\",\"item\":\"https:\/\/vapebulkp.com\/vape-shop\/\"},{\"@type\":\"ListItem\",\"position\":3,\"name\":\"Good Sale Bang King 12000 Puffs Disposable Vape Wholesale 2%\"}]},{\"@type\":\"WebSite\",\"@id\":\"https:\/\/vapebulkp.com\/#website\",\"url\":\"https:\/\/vapebulkp.com\/\",\"name\":\"vapebulkp.com\",\"description\":\"Buy Vape In Cheap Bulk Price Near you\",\"publisher\":{\"@id\":\"https:\/\/vapebulkp.com\/#organization\"},\"potentialAction\":[{\"@type\":\"SearchAction\",\"target\":{\"@type\":\"EntryPoint\",\"urlTemplate\":\"https:\/\/vapebulkp.com\/?s={search_term_string}\"},\"query-input\":\"required name=search_term_string\"}],\"inLanguage\":\"lt-LT\"},{\"@type\":\"Organization\",\"@id\":\"https:\/\/vapebulkp.com\/#organization\",\"name\":\"vapebulkp.com\",\"url\":\"https:\/\/vapebulkp.com\/\",\"logo\":{\"@type\":\"ImageObject\",\"inLanguage\":\"lt-LT\",\"@id\":\"https:\/\/vapebulkp.com\/#\/schema\/logo\/image\/\",\"url\":\"https:\/\/vapebulkp.com\/wp-content\/uploads\/2023\/09\/cropped-vapebulkp.png\",\"contentUrl\":\"https:\/\/vapebulkp.com\/wp-content\/uploads\/2023\/09\/cropped-vapebulkp.png\",\"width\":516,\"height\":163,\"caption\":\"vapebulkp.com\"},\"image\":{\"@id\":\"https:\/\/vapebulkp.com\/#\/schema\/logo\/image\/\"}}]}<\/script>\n<!-- \/ Yoast SEO plugin. -->","yoast_head_json":{"title":"Good Sale Bang King 12000 Puffs Disposable Vape Wholesale 2% - vapebulkp.com","description":"The Bang King 12000Puffs Disposable Vape ergonomic design fits perfectly in your hand and is compact enough to slip into your pocket or purse.","robots":{"index":"index","follow":"follow","max-snippet":"max-snippet:-1","max-image-preview":"max-image-preview:large","max-video-preview":"max-video-preview:-1"},"canonical":"https:\/\/vapebulkp.com\/lt\/product\/good-sale-bang-king-12000-puffs-disposable-vape-wholesale-2\/","og_locale":"lt_LT","og_type":"article","og_title":"Good Sale Bang King 12000 Puffs Disposable Vape Wholesale 2% - vapebulkp.com","og_description":"The Bang King 12000Puffs Disposable Vape ergonomic design fits perfectly in your hand and is compact enough to slip into your pocket or purse.","og_url":"https:\/\/vapebulkp.com\/lt\/product\/good-sale-bang-king-12000-puffs-disposable-vape-wholesale-2\/","og_site_name":"vapebulkp.com","article_modified_time":"2025-09-16T09:25:51+00:00","og_image":[{"width":1280,"height":1280,"url":"http:\/\/vapebulkp.com\/wp-content\/uploads\/2023\/09\/bang-king-12000-puffs-best-flavours.jpg","type":"image\/jpeg"}],"twitter_card":"summary_large_image","twitter_misc":{"Est. reading time":"4 minut\u0117s"},"schema":{"@context":"https:\/\/schema.org","@graph":[{"@type":"WebPage","@id":"https:\/\/vapebulkp.com\/product\/good-sale-bang-king-12000-puffs-disposable-vape-wholesale-2\/","url":"https:\/\/vapebulkp.com\/product\/good-sale-bang-king-12000-puffs-disposable-vape-wholesale-2\/","name":"Good Sale Bang King 12000 Puffs Disposable Vape Wholesale 2% - vapebulkp.com","isPartOf":{"@id":"https:\/\/vapebulkp.com\/#website"},"datePublished":"2023-09-20T02:47:12+00:00","dateModified":"2025-09-16T09:25:51+00:00","description":"The Bang King 12000Puffs Disposable Vape ergonomic design fits perfectly in your hand and is compact enough to slip into your pocket or purse.","breadcrumb":{"@id":"https:\/\/vapebulkp.com\/product\/good-sale-bang-king-12000-puffs-disposable-vape-wholesale-2\/#breadcrumb"},"inLanguage":"lt-LT","potentialAction":[{"@type":"ReadAction","target":["https:\/\/vapebulkp.com\/product\/good-sale-bang-king-12000-puffs-disposable-vape-wholesale-2\/"]}]},{"@type":"BreadcrumbList","@id":"https:\/\/vapebulkp.com\/product\/good-sale-bang-king-12000-puffs-disposable-vape-wholesale-2\/#breadcrumb","itemListElement":[{"@type":"ListItem","position":1,"name":"Home","item":"https:\/\/vapebulkp.com\/"},{"@type":"ListItem","position":2,"name":"Hot Trend Vapes","item":"https:\/\/vapebulkp.com\/vape-shop\/"},{"@type":"ListItem","position":3,"name":"Good Sale Bang King 12000 Puffs Disposable Vape Wholesale 2%"}]},{"@type":"WebSite","@id":"https:\/\/vapebulkp.com\/#website","url":"https:\/\/vapebulkp.com\/","name":"vapebulkp.com","description":"Buy Vape In Cheap Bulk Price Near you","publisher":{"@id":"https:\/\/vapebulkp.com\/#organization"},"potentialAction":[{"@type":"SearchAction","target":{"@type":"EntryPoint","urlTemplate":"https:\/\/vapebulkp.com\/?s={search_term_string}"},"query-input":"required name=search_term_string"}],"inLanguage":"lt-LT"},{"@type":"Organization","@id":"https:\/\/vapebulkp.com\/#organization","name":"vapebulkp.com","url":"https:\/\/vapebulkp.com\/","logo":{"@type":"ImageObject","inLanguage":"lt-LT","@id":"https:\/\/vapebulkp.com\/#\/schema\/logo\/image\/","url":"https:\/\/vapebulkp.com\/wp-content\/uploads\/2023\/09\/cropped-vapebulkp.png","contentUrl":"https:\/\/vapebulkp.com\/wp-content\/uploads\/2023\/09\/cropped-vapebulkp.png","width":516,"height":163,"caption":"vapebulkp.com"},"image":{"@id":"https:\/\/vapebulkp.com\/#\/schema\/logo\/image\/"}}]}},"uagb_featured_image_src":{"full":["https:\/\/vapebulkp.com\/wp-content\/uploads\/2023\/09\/bang-king-12000-puffs-best-flavours.jpg",1280,1280,false],"thumbnail":["https:\/\/vapebulkp.com\/wp-content\/uploads\/2023\/09\/bang-king-12000-puffs-best-flavours-150x150.jpg",150,150,true],"medium":["https:\/\/vapebulkp.com\/wp-content\/uploads\/2023\/09\/bang-king-12000-puffs-best-flavours-300x300.jpg",300,300,true],"medium_large":["https:\/\/vapebulkp.com\/wp-content\/uploads\/2023\/09\/bang-king-12000-puffs-best-flavours-768x768.jpg",768,768,true],"large":["https:\/\/vapebulkp.com\/wp-content\/uploads\/2023\/09\/bang-king-12000-puffs-best-flavours-1024x1024.jpg",1024,1024,true],"1536x1536":["https:\/\/vapebulkp.com\/wp-content\/uploads\/2023\/09\/bang-king-12000-puffs-best-flavours.jpg",1280,1280,false],"2048x2048":["https:\/\/vapebulkp.com\/wp-content\/uploads\/2023\/09\/bang-king-12000-puffs-best-flavours.jpg",1280,1280,false],"trp-custom-language-flag":["https:\/\/vapebulkp.com\/wp-content\/uploads\/2023\/09\/bang-king-12000-puffs-best-flavours.jpg",12,12,false],"woocommerce_thumbnail":["https:\/\/vapebulkp.com\/wp-content\/uploads\/2023\/09\/bang-king-12000-puffs-best-flavours-300x300.jpg",300,300,true],"woocommerce_single":["https:\/\/vapebulkp.com\/wp-content\/uploads\/2023\/09\/bang-king-12000-puffs-best-flavours-600x600.jpg",600,600,true],"woocommerce_gallery_thumbnail":["https:\/\/vapebulkp.com\/wp-content\/uploads\/2023\/09\/bang-king-12000-puffs-best-flavours-100x100.jpg",100,100,true],"wcpr-photo-reviews":["https:\/\/vapebulkp.com\/wp-content\/uploads\/2023\/09\/bang-king-12000-puffs-best-flavours.jpg",500,500,false]},"uagb_author_info":{"display_name":"Mandy vape bulk price","author_link":"https:\/\/vapebulkp.com\/lt\/author\/"},"uagb_comment_info":3,"uagb_excerpt":"The Bang King 12000Puffs Disposable E-Cigarette's ergonomic design fits perfectly in your hand and is compact enough to slip into your pocket or purse. Whether you're on a busy day at work or traveling, this disposable e-cigarette ensures you can enjoy your favorite flavors wherever you are. Pls Contact Mandy's WhatsApp For Discount Price+8618077105796 NOTE:&hellip;","_links":{"self":[{"href":"https:\/\/vapebulkp.com\/lt\/wp-json\/wp\/v2\/product\/1512","targetHints":{"allow":["GET"]}}],"collection":[{"href":"https:\/\/vapebulkp.com\/lt\/wp-json\/wp\/v2\/product"}],"about":[{"href":"https:\/\/vapebulkp.com\/lt\/wp-json\/wp\/v2\/types\/product"}],"replies":[{"embeddable":true,"href":"https:\/\/vapebulkp.com\/lt\/wp-json\/wp\/v2\/comments?post=1512"}],"wp:featuredmedia":[{"embeddable":true,"href":"https:\/\/vapebulkp.com\/lt\/wp-json\/wp\/v2\/media\/1635"}],"wp:attachment":[{"href":"https:\/\/vapebulkp.com\/lt\/wp-json\/wp\/v2\/media?parent=1512"}],"wp:term":[{"taxonomy":"product_cat","embeddable":true,"href":"https:\/\/vapebulkp.com\/lt\/wp-json\/wp\/v2\/product_cat?post=1512"},{"taxonomy":"product_tag","embeddable":true,"href":"https:\/\/vapebulkp.com\/lt\/wp-json\/wp\/v2\/product_tag?post=1512"}],"curies":[{"name":"wp","href":"https:\/\/api.w.org\/{rel}","templated":true}]}}