{"id":1545,"date":"2023-09-20T09:21:33","date_gmt":"2023-09-20T07:21:33","guid":{"rendered":"https:\/\/vapebulkp.com\/?post_type=product&#038;p=1545"},"modified":"2025-09-24T05:10:12","modified_gmt":"2025-09-24T03:10:12","slug":"wholesale-randm-vape-9000-puffs-germany","status":"publish","type":"product","link":"https:\/\/vapebulkp.com\/lt\/produktas\/wholesale-randm-vape-9000-puffs-germany\/","title":{"rendered":"Didmenin\u0117 prekyba \u201eRandM Vape 9000 Puffs\u201c Lietuva"},"content":{"rendered":"<h2>Koks yra geriausias pasi\u016blymas Vape RandM Vape 9000 \u012fp\u016btim\u0173?<\/h2>\n<p>Didmenin\u0117 prekyba RandM Tornado 9000 \u012fp\u016btim\u0173 vienkartinis vape si\u016blo didel\u0117s talpos vienkartin\u012f vape sprendim\u0105 Europos vaperiams, kurie nori patogumo ir ilgalaikio veikimo. Su 9000 \u0161velni\u0173 \u012fp\u016btim\u0173, \u0161is kompakti\u0161kas prietaisas u\u017etikrina pastov\u0173 skon\u012f ir malon\u0173 gar\u0105 nuo prad\u017eios iki pabaigos.<\/p>\n<p>\u012erengtas su 850mAh \u012fkraunamu vienkartiniu vape akumuliatoriumi su C tipo \u012fkrovimu, jis u\u017etikrina ilgalaikes sesijas ir minimal\u0173 prastovos laik\u0105. 0.8\u03a9 tinklelio rit\u0117s vape suteikia sodr\u0173 skon\u012f ir tankius debesis su kiekvienu \u012fkv\u0117pimu. I\u0161 anksto u\u017epildytas 20 ml auk\u0161\u010diausios kokyb\u0117s e-skys\u010dio, prieinamo su 2% arba 5% nikotino druskos vape, jis tinka tiek vidutiniams, tiek stipresniems \u012fkv\u0117pimams.<\/p>\n<p>Idealiai tinka didmenin\u0117s prekybos vape pirk\u0117jams ES arba individualiems vartotojams, RandM Tornado 9000 sujungia ne\u0161iojamum\u0105, auk\u0161t\u0105 na\u0161um\u0105 ir patikim\u0105 kokyb\u0119 eleganti\u0161kame, paruo\u0161tame naudoti prietaise.<\/p>\n<h6 style=\"text-align: left\"><img decoding=\"async\" class=\"alignnone wp-image-1708\" src=\"http:\/\/vapebulkp.com\/wp-content\/uploads\/2023\/09\/POR-VAPE-RM-TORNADO-9000-PUFFS-2.jpg\" alt=\"PORA E-CIGARE\u010cI\u0172 RM TORNADO 9000 \u012eP\u016aTIM\u0172\" width=\"798\" height=\"798\" srcset=\"https:\/\/vapebulkp.com\/wp-content\/uploads\/2023\/09\/POR-VAPE-RM-TORNADO-9000-PUFFS-2.jpg 1000w, https:\/\/vapebulkp.com\/wp-content\/uploads\/2023\/09\/POR-VAPE-RM-TORNADO-9000-PUFFS-2-300x300.jpg 300w, https:\/\/vapebulkp.com\/wp-content\/uploads\/2023\/09\/POR-VAPE-RM-TORNADO-9000-PUFFS-2-150x150.jpg 150w, https:\/\/vapebulkp.com\/wp-content\/uploads\/2023\/09\/POR-VAPE-RM-TORNADO-9000-PUFFS-2-768x768.jpg 768w, https:\/\/vapebulkp.com\/wp-content\/uploads\/2023\/09\/POR-VAPE-RM-TORNADO-9000-PUFFS-2-600x600.jpg 600w, https:\/\/vapebulkp.com\/wp-content\/uploads\/2023\/09\/POR-VAPE-RM-TORNADO-9000-PUFFS-2-100x100.jpg 100w\" sizes=\"(max-width: 798px) 100vw, 798px\" \/><\/h6>\n<h6><\/h6>\n<h6>D\u0117l nuolaidos kainos susisiekite su Mandy per WhatsApp<a href=\"https:\/\/wa.me\/8618077105796\">+8618077105796<\/a><\/h6>\n<p><img decoding=\"async\" class=\"alignnone wp-image-2151\" src=\"http:\/\/vapebulkp.com\/wp-content\/uploads\/2024\/04\/Mandy-WhatsApp-Randm.jpg\" alt=\"Mandy WhatsApp Atsitiktinis\" width=\"277\" height=\"295\" srcset=\"https:\/\/vapebulkp.com\/wp-content\/uploads\/2024\/04\/Mandy-WhatsApp-Randm.jpg 916w, https:\/\/vapebulkp.com\/wp-content\/uploads\/2024\/04\/Mandy-WhatsApp-Randm-282x300.jpg 282w, https:\/\/vapebulkp.com\/wp-content\/uploads\/2024\/04\/Mandy-WhatsApp-Randm-768x817.jpg 768w, https:\/\/vapebulkp.com\/wp-content\/uploads\/2024\/04\/Mandy-WhatsApp-Randm-600x638.jpg 600w\" sizes=\"(max-width: 277px) 100vw, 277px\" \/><\/p>\n<h3><span style=\"vertical-align: inherit\">Man\u0117te, kad jums b\u016bt\u0173 naudinga \u017einoti apie Randm Tornado 9000 \u012fp\u016btim\u0173:<\/span><\/h3>\n<p class=\"style-scope ytd-watch-metadata\">1.Kaip naudoti RandM Tornado 9000 Vape Pen?<\/p>\n<p>1 \u017eingsnis. Prie\u0161 naudojant 9k \u012fp\u016btim\u0173, atjunkite plastikin\u012f vamzdel\u012f.<\/p>\n<p>2 \u017eingsnis. Palaukite apie 3 minutes, kol sultys pateks \u012f rit\u0119 viduje.<\/p>\n<p>3 \u017eingsnis. M\u0117gaukit\u0117s<\/p>\n<p>2.<strong>Kaip \u012fkrauti RandM Tornado 9000 \u012fp\u016btim\u0173:<\/strong><\/p>\n<p>Negalima naudoti greitojo \u012fkrovimo krovikli\u0173, o standartin\u0117 saugi vienkartini\u0173 elektronini\u0173 cigare\u010di\u0173 galia yra 5V 1A.<\/p>\n<p>Kiekvienas \u012fkrovimo laikas negali vir\u0161yti 1 valandos, o saugus \u012fkrovimo laikas yra pusvalandis.<\/p>\n<p><span style=\"color: #ff6600\">Pastaba: negalima \u012fkrauti vis\u0105 nakt\u012f!<\/span><\/p>\n<p>3.Kokia yra Riko ir Mortio tornado 9000 \u012fp\u016btim\u0173 WAPE e-skys\u010dio talpa?<\/p>\n<p>\u2014\u201320ml<\/p>\n<p>4.<strong>Kiek ilgai veikia RandM Tornado 9000 \u012fp\u016btim\u0173:<\/strong><\/p>\n<p>\u2014\u20139000 \u012ftraukim\u0173<\/p>\n<h4><strong><span style=\"vertical-align: inherit\">Randm Vape 9000 \u012fp\u016btim\u0173 specifikacijos:<\/span><br \/>\n<\/strong><\/h4>\n<p>Gera baterija: 850mAh (C tipo)<br \/>\nDidel\u0117 talpa: 20ml<br \/>\nAuk\u0161tos kokyb\u0117s kaitinimo elementas: 0.8 omo tinklelis<br \/>\nApytikslis \u012fkv\u0117pimo t\u016bris: 9000 d\u016bm\u0173<br \/>\nd\u016bm\u0173 randm tornado 9000 nikotinas: 2%,5%<br \/>\nMinimalus u\u017esakymo kiekis: 50 vnt<\/p>\n<h2><strong>Koks yra geriausias Vape randmvape 9000 \u012fp\u016btim\u0173 skonis?<\/strong><\/h2>\n<p>&nbsp;<\/p>\n<p>1 M\u0117lyni\u0173 avie\u010di\u0173<br \/>\n2 Ponas M\u0117lynasis<br \/>\n3 Bra\u0161ki\u0173 arb\u016bzas<br \/>\n4 Apelsin\u0173 soda<br \/>\n5 Arb\u016bz\u0173 kramtomoji guma<br \/>\n6 Vaivoryk\u0161t\u0117s saldainiai<br \/>\n7 Ro\u017einis limonadas<br \/>\n8 Persik\u0173 mang\u0173 ananas\u0173<br \/>\n9 Bra\u0161ki\u0173 banan\u0173<br \/>\n10 Skanus ledas<br \/>\n11 Juodojo drakono ledas<br \/>\n12 Alavijo vynuogi\u0173<br \/>\n13 M\u0117lynasis razz ledas<br \/>\n14 Kiviai, pasifloros vaisiai, gvajava<br \/>\n15 Guminukas<br \/>\n16 Uog\u0173 miksas<br \/>\n17 Gaivi m\u0117ta<br \/>\n18 Aviet\u0117, arb\u016bzas<br \/>\n19 Persik\u0173 limonadas<br \/>\n20 Gvajavos ledas<br \/>\n21 Bra\u0161ki\u0173 limonadas<br \/>\n22 Arb\u016bz\u0173 ledas<br \/>\n23 Banan\u0173 kremas<br \/>\n24 Persik\u0173 uogos<br \/>\n25 Bra\u0161ki\u0173 kremas<br \/>\n26 R\u016bg\u0161tus saldainis<br \/>\n27 Citrina<br \/>\n28 Vy\u0161nia<br \/>\n29 Gazuota vy\u0161nia<br \/>\n30 M\u0117lyni\u0173, vy\u0161ni\u0173 ir spanguoli\u0173<br \/>\n31 Vimto<br \/>\n32 Skittles<br \/>\n33 Juodas ledas<br \/>\n34 Vynuog\u0117<br \/>\n35 M\u0117lynas ledas<br \/>\n36 Bra\u0161ki\u0173 ledas<br \/>\n38 Ledinukas<br \/>\n39 M\u0117lyni\u0173 r\u016bg\u0161\u010dios aviet\u0117s<br \/>\n40 Ananasas<br \/>\n41 Vy\u0161ni\u0173 persik\u0173 limonadas<br \/>\n42 Bra\u0161ki\u0173, avie\u010di\u0173, vy\u0161ni\u0173 ledas<br \/>\n43 Trigubas mangas<br \/>\n45 Bra\u0161ki\u0173, arb\u016bz\u0173 ir kramtomoji guma<br \/>\n47 Arb\u016bzo ledas<br \/>\n48 M\u0117lyni\u0173 ledas<\/p>\n<p><a href=\"https:\/\/vapebulkp.com\/lt\/produktas\/wholesale-price-disposable-vape-crystal-600-puffs\/\"><span style=\"vertical-align: inherit\">\u00a0<\/span><\/a><span style=\"vertical-align: inherit\">Raskite daugiau produkt\u0173, kurie jums gali patikti:<\/span><em><a href=\"https:\/\/wa.me\/8618077105796\"><span style=\"vertical-align: inherit\">\u00a0Pirkti dabar<\/span><\/a><\/em><\/p>\n<p><a href=\"https:\/\/vapebulkp.com\/lt\/produktas\/bang-box-80000-puffs-3-in-1-wholesale-vape-supply\/\"><span style=\"vertical-align: inherit\">Bang Box 80000 \u012fp\u016btim\u0173 <\/span><\/a><span style=\"vertical-align: inherit\">\/ <\/span><a href=\"https:\/\/vapebulkp.com\/lt\/produktas\/uzy-triple-60000-puffs-smart-vape-wholesale-3-in-1-flavor\/\"><span style=\"vertical-align: inherit\">UZY Vape 60000 P\u016btimo<\/span><\/a><span style=\"vertical-align: inherit\">\/<\/span><a href=\"https:\/\/vapebulkp.com\/lt\/produktas\/vopk-60000-puffs-top-sale-disposable-vape-pen\/\"><span style=\"vertical-align: inherit\">VOPK 60000 \u012ekv\u0117pim\u0173<\/span><\/a><\/p>\n<h4>Gamybos kvalifikacija:<\/h4>\n<p><img decoding=\"async\" class=\"alignnone size-full wp-image-1841\" src=\"http:\/\/vapebulkp.com\/wp-content\/uploads\/2023\/11\/Vape-production-process-2.jpeg\" alt=\"\u201eVape\u201c gamybos procesas\" width=\"650\" height=\"434\" srcset=\"https:\/\/vapebulkp.com\/wp-content\/uploads\/2023\/11\/Vape-production-process-2.jpeg 650w, https:\/\/vapebulkp.com\/wp-content\/uploads\/2023\/11\/Vape-production-process-2-300x200.jpeg 300w, https:\/\/vapebulkp.com\/wp-content\/uploads\/2023\/11\/Vape-production-process-2-600x401.jpeg 600w\" sizes=\"(max-width: 650px) 100vw, 650px\" \/><\/p>\n<p><img decoding=\"async\" class=\"alignnone size-full wp-image-1843\" src=\"http:\/\/vapebulkp.com\/wp-content\/uploads\/2023\/11\/Vape-production-process.jpeg\" alt=\"\u201eVape\u201c gamybos procesas\" width=\"641\" height=\"1026\" srcset=\"https:\/\/vapebulkp.com\/wp-content\/uploads\/2023\/11\/Vape-production-process.jpeg 641w, https:\/\/vapebulkp.com\/wp-content\/uploads\/2023\/11\/Vape-production-process-187x300.jpeg 187w, https:\/\/vapebulkp.com\/wp-content\/uploads\/2023\/11\/Vape-production-process-640x1024.jpeg 640w, https:\/\/vapebulkp.com\/wp-content\/uploads\/2023\/11\/Vape-production-process-600x960.jpeg 600w\" sizes=\"(max-width: 641px) 100vw, 641px\" \/><\/p>\n<h5>DUK:<\/h5>\n<p>K: Koks yra Randm 9000 \u012fp\u016btim\u0173 minimalus u\u017esakymo kiekis?<br \/>\nA: Minimalus u\u017esakymas yra 50 vnt.<br \/>\nK: Koks yra u\u017esakyto garintuvo pristatymo laikas?<br \/>\nA: \u012eprastai 10\u201315 dien\u0173 po i\u0161siuntimo<br \/>\nK: Kiek kainuoja pristatymas? A: Pristatymo kaina priklauso nuo svorio. Skirtingi kiekiai turi skirtingas pristatymo kainas, susisiekite su mumis, kad patvirtintum\u0117te pristatymo kain\u0105.<\/p>\n<h4>Pristatymo detal\u0117s:<\/h4>\n<p><span style=\"color: #ff6600\">Gamybos laikas: 5-10 darbo dien\u0173<\/span><br \/>\n<span style=\"color: #ff6600\">Pristatymo laikas: 8-14 darbo dien\u0173<\/span><\/p>\n<p>Visi m\u016bs\u0173 parduotuv\u0117s produktai yra 100% original\u016bs ir autenti\u0161ki, tod\u0117l m\u016bs\u0173 parduotuv\u0117s politika yra de\u0161imteriopa kompensacija u\u017e padirbtas prekes. Prek\u0117ms pristatyti naudojame tokius logistikos kanalus kaip UPS\/DHL\/FEDEX\/DPD.<\/p>\n<p>Pristatymas \u012f Lietuvos \u0161alis paprastai trunka 10 darbo dien\u0173. Pristatymas \u012f Europos \u0161alis paprastai u\u017etrunka nuo 12 iki 15 darbo dien\u0173. Logistikos informacij\u0105 atnaujinsime realiuoju laiku.<\/p>","protected":false},"excerpt":{"rendered":"<p>Riko ir Mortio tornado vape \u0161alia man\u0119s<\/p>\n<p>geras pasi\u016blymas Randm vape 9000<\/p>\n<p>Randm vape \u0161alia man\u0119s<\/p>\n<p>tornado 9000 \u012fp\u016btim\u0173, kuriuos norite pirkti<\/p>\n<p><img decoding=\"async\" class=\"alignnone wp-image-2151\" src=\"http:\/\/vapebulkp.com\/wp-content\/uploads\/2024\/04\/Mandy-WhatsApp-Randm.jpg\" alt=\"Mandy WhatsApp Atsitiktinis\" width=\"304\" height=\"323\" srcset=\"https:\/\/vapebulkp.com\/wp-content\/uploads\/2024\/04\/Mandy-WhatsApp-Randm.jpg 916w, https:\/\/vapebulkp.com\/wp-content\/uploads\/2024\/04\/Mandy-WhatsApp-Randm-282x300.jpg 282w, https:\/\/vapebulkp.com\/wp-content\/uploads\/2024\/04\/Mandy-WhatsApp-Randm-768x817.jpg 768w, https:\/\/vapebulkp.com\/wp-content\/uploads\/2024\/04\/Mandy-WhatsApp-Randm-600x638.jpg 600w\" sizes=\"(max-width: 304px) 100vw, 304px\" \/><\/p>\n<p>D\u0117l nuolaidos kainos susisiekite su Mandy per WhatsApp<a href=\"https:\/\/wa.me\/8618077105796\">+8618077105796<\/a><\/p>\n<p><span style=\"color: #ff0000\">PASTABA: Kainos m\u016bs\u0173 svetain\u0117je neapima siuntimo i\u0161laid\u0173<\/span><\/p>","protected":false},"featured_media":1709,"comment_status":"open","ping_status":"closed","template":"","meta":{"_uag_custom_page_level_css":"","_lmt_disableupdate":"no","_lmt_disable":"","site-sidebar-layout":"default","site-content-layout":"content-boxed-container","ast-site-content-layout":"normal-width-container","site-content-style":"boxed","site-sidebar-style":"unboxed","ast-global-header-display":"","ast-banner-title-visibility":"","ast-main-header-display":"","ast-hfb-above-header-display":"","ast-hfb-below-header-display":"","ast-hfb-mobile-header-display":"","site-post-title":"","ast-breadcrumbs-content":"","ast-featured-img":"","footer-sml-layout":"","theme-transparent-header-meta":"default","adv-header-id-meta":"","stick-header-meta":"","header-above-stick-meta":"","header-main-stick-meta":"","header-below-stick-meta":"","astra-migrate-meta-layouts":"set","_joinchat":[]},"product_cat":[168,153,155,33,352,59,100,87,34,158,157,154,152,58,84,156,63,32],"product_tag":[47,36,37,41,75,40],"class_list":["post-1545","product","type-product","status-publish","has-post-thumbnail","hentry","product_cat-9000-puffs-disposable-vape","product_cat-hot-disposable-vapes","product_cat-belgium-hot-disposable-vapes","product_cat-france-vape-hot-sale","product_cat-fumot-vapes","product_cat-germany-hot-disposable-vape","product_cat-germany-wholesale-vape-shop","product_cat-minimum-order-quantity-50pcs","product_cat-netherlands-vape-good-sale","product_cat-norway-hot-disposable-vapes","product_cat-poland-hot-disposable-vapes","product_cat-portugal-hot-disposable-vapes","product_cat-spain-hot-disposable-vapes","product_cat-sweden-hot-disposable-vape","product_cat-sweden-wholesale-vape","product_cat-switzerland-hot-disposable-vapes","product_cat-top-sale-disposable-vape","product_cat-vape-hot-sale-this-week","product_tag-9000puffs","product_tag-good-vape","product_tag-hot-sale-disposable-vape","product_tag-poland-hot-vape","product_tag-randm-vape-9000-puffs","product_tag-sweden-hot-vape","pa_brand-fumot-vape","desktop-align-left","tablet-align-left","mobile-align-left"],"yoast_head":"<!-- This site is optimized with the Yoast SEO plugin v21.1 - https:\/\/yoast.com\/wordpress\/plugins\/seo\/ -->\n<title>Wholesale RandM Vape 9000 Puffs Germany - vapebulkp.com<\/title>\n<meta name=\"description\" content=\"Wholesale Randm Tornado 9000 Puffs Germany Vape ergonomic design fits perfectly in your hand and is compact enough to slip into your pocket or purse.\" \/>\n<meta name=\"robots\" content=\"index, follow, max-snippet:-1, max-image-preview:large, max-video-preview:-1\" \/>\n<link rel=\"canonical\" href=\"https:\/\/vapebulkp.com\/lt\/produktas\/wholesale-randm-vape-9000-puffs-germany\/\" \/>\n<meta property=\"og:locale\" content=\"lt_LT\" \/>\n<meta property=\"og:type\" content=\"article\" \/>\n<meta property=\"og:title\" content=\"Wholesale RandM Vape 9000 Puffs Germany - vapebulkp.com\" \/>\n<meta property=\"og:description\" content=\"Wholesale Randm Tornado 9000 Puffs Germany Vape ergonomic design fits perfectly in your hand and is compact enough to slip into your pocket or purse.\" \/>\n<meta property=\"og:url\" content=\"https:\/\/vapebulkp.com\/lt\/produktas\/wholesale-randm-vape-9000-puffs-germany\/\" \/>\n<meta property=\"og:site_name\" content=\"vapebulkp.com\" \/>\n<meta property=\"article:modified_time\" content=\"2025-09-24T03:10:12+00:00\" \/>\n<meta property=\"og:image\" content=\"http:\/\/vapebulkp.com\/wp-content\/uploads\/2023\/09\/KIT-VAPE-RANDM-TORNADO-9000-PUFF-1.jpg\" \/>\n\t<meta property=\"og:image:width\" content=\"1000\" \/>\n\t<meta property=\"og:image:height\" content=\"1000\" \/>\n\t<meta property=\"og:image:type\" content=\"image\/jpeg\" \/>\n<meta name=\"twitter:card\" content=\"summary_large_image\" \/>\n<meta name=\"twitter:label1\" content=\"Est. reading time\" \/>\n\t<meta name=\"twitter:data1\" content=\"4 minut\u0117s\" \/>\n<script type=\"application\/ld+json\" class=\"yoast-schema-graph\">{\"@context\":\"https:\/\/schema.org\",\"@graph\":[{\"@type\":\"WebPage\",\"@id\":\"https:\/\/vapebulkp.com\/product\/wholesale-randm-vape-9000-puffs-germany\/\",\"url\":\"https:\/\/vapebulkp.com\/product\/wholesale-randm-vape-9000-puffs-germany\/\",\"name\":\"Wholesale RandM Vape 9000 Puffs Germany - vapebulkp.com\",\"isPartOf\":{\"@id\":\"https:\/\/vapebulkp.com\/#website\"},\"datePublished\":\"2023-09-20T07:21:33+00:00\",\"dateModified\":\"2025-09-24T03:10:12+00:00\",\"description\":\"Wholesale Randm Tornado 9000 Puffs Germany Vape ergonomic design fits perfectly in your hand and is compact enough to slip into your pocket or purse.\",\"breadcrumb\":{\"@id\":\"https:\/\/vapebulkp.com\/product\/wholesale-randm-vape-9000-puffs-germany\/#breadcrumb\"},\"inLanguage\":\"lt-LT\",\"potentialAction\":[{\"@type\":\"ReadAction\",\"target\":[\"https:\/\/vapebulkp.com\/product\/wholesale-randm-vape-9000-puffs-germany\/\"]}]},{\"@type\":\"BreadcrumbList\",\"@id\":\"https:\/\/vapebulkp.com\/product\/wholesale-randm-vape-9000-puffs-germany\/#breadcrumb\",\"itemListElement\":[{\"@type\":\"ListItem\",\"position\":1,\"name\":\"Home\",\"item\":\"https:\/\/vapebulkp.com\/\"},{\"@type\":\"ListItem\",\"position\":2,\"name\":\"Hot Trend Vapes\",\"item\":\"https:\/\/vapebulkp.com\/vape-shop\/\"},{\"@type\":\"ListItem\",\"position\":3,\"name\":\"Wholesale RandM Vape 9000 Puffs Germany\"}]},{\"@type\":\"WebSite\",\"@id\":\"https:\/\/vapebulkp.com\/#website\",\"url\":\"https:\/\/vapebulkp.com\/\",\"name\":\"vapebulkp.com\",\"description\":\"Buy Vape In Cheap Bulk Price Near you\",\"publisher\":{\"@id\":\"https:\/\/vapebulkp.com\/#organization\"},\"potentialAction\":[{\"@type\":\"SearchAction\",\"target\":{\"@type\":\"EntryPoint\",\"urlTemplate\":\"https:\/\/vapebulkp.com\/?s={search_term_string}\"},\"query-input\":\"required name=search_term_string\"}],\"inLanguage\":\"lt-LT\"},{\"@type\":\"Organization\",\"@id\":\"https:\/\/vapebulkp.com\/#organization\",\"name\":\"vapebulkp.com\",\"url\":\"https:\/\/vapebulkp.com\/\",\"logo\":{\"@type\":\"ImageObject\",\"inLanguage\":\"lt-LT\",\"@id\":\"https:\/\/vapebulkp.com\/#\/schema\/logo\/image\/\",\"url\":\"https:\/\/vapebulkp.com\/wp-content\/uploads\/2023\/09\/cropped-vapebulkp.png\",\"contentUrl\":\"https:\/\/vapebulkp.com\/wp-content\/uploads\/2023\/09\/cropped-vapebulkp.png\",\"width\":516,\"height\":163,\"caption\":\"vapebulkp.com\"},\"image\":{\"@id\":\"https:\/\/vapebulkp.com\/#\/schema\/logo\/image\/\"}}]}<\/script>\n<!-- \/ Yoast SEO plugin. -->","yoast_head_json":{"title":"Wholesale RandM Vape 9000 Puffs Germany - vapebulkp.com","description":"Wholesale Randm Tornado 9000 Puffs Germany Vape ergonomic design fits perfectly in your hand and is compact enough to slip into your pocket or purse.","robots":{"index":"index","follow":"follow","max-snippet":"max-snippet:-1","max-image-preview":"max-image-preview:large","max-video-preview":"max-video-preview:-1"},"canonical":"https:\/\/vapebulkp.com\/lt\/produktas\/wholesale-randm-vape-9000-puffs-germany\/","og_locale":"lt_LT","og_type":"article","og_title":"Wholesale RandM Vape 9000 Puffs Germany - vapebulkp.com","og_description":"Wholesale Randm Tornado 9000 Puffs Germany Vape ergonomic design fits perfectly in your hand and is compact enough to slip into your pocket or purse.","og_url":"https:\/\/vapebulkp.com\/lt\/produktas\/wholesale-randm-vape-9000-puffs-germany\/","og_site_name":"vapebulkp.com","article_modified_time":"2025-09-24T03:10:12+00:00","og_image":[{"width":1000,"height":1000,"url":"http:\/\/vapebulkp.com\/wp-content\/uploads\/2023\/09\/KIT-VAPE-RANDM-TORNADO-9000-PUFF-1.jpg","type":"image\/jpeg"}],"twitter_card":"summary_large_image","twitter_misc":{"Est. reading time":"4 minut\u0117s"},"schema":{"@context":"https:\/\/schema.org","@graph":[{"@type":"WebPage","@id":"https:\/\/vapebulkp.com\/product\/wholesale-randm-vape-9000-puffs-germany\/","url":"https:\/\/vapebulkp.com\/product\/wholesale-randm-vape-9000-puffs-germany\/","name":"Wholesale RandM Vape 9000 Puffs Germany - vapebulkp.com","isPartOf":{"@id":"https:\/\/vapebulkp.com\/#website"},"datePublished":"2023-09-20T07:21:33+00:00","dateModified":"2025-09-24T03:10:12+00:00","description":"Wholesale Randm Tornado 9000 Puffs Germany Vape ergonomic design fits perfectly in your hand and is compact enough to slip into your pocket or purse.","breadcrumb":{"@id":"https:\/\/vapebulkp.com\/product\/wholesale-randm-vape-9000-puffs-germany\/#breadcrumb"},"inLanguage":"lt-LT","potentialAction":[{"@type":"ReadAction","target":["https:\/\/vapebulkp.com\/product\/wholesale-randm-vape-9000-puffs-germany\/"]}]},{"@type":"BreadcrumbList","@id":"https:\/\/vapebulkp.com\/product\/wholesale-randm-vape-9000-puffs-germany\/#breadcrumb","itemListElement":[{"@type":"ListItem","position":1,"name":"Home","item":"https:\/\/vapebulkp.com\/"},{"@type":"ListItem","position":2,"name":"Hot Trend Vapes","item":"https:\/\/vapebulkp.com\/vape-shop\/"},{"@type":"ListItem","position":3,"name":"Wholesale RandM Vape 9000 Puffs Germany"}]},{"@type":"WebSite","@id":"https:\/\/vapebulkp.com\/#website","url":"https:\/\/vapebulkp.com\/","name":"vapebulkp.com","description":"Buy Vape In Cheap Bulk Price Near you","publisher":{"@id":"https:\/\/vapebulkp.com\/#organization"},"potentialAction":[{"@type":"SearchAction","target":{"@type":"EntryPoint","urlTemplate":"https:\/\/vapebulkp.com\/?s={search_term_string}"},"query-input":"required name=search_term_string"}],"inLanguage":"lt-LT"},{"@type":"Organization","@id":"https:\/\/vapebulkp.com\/#organization","name":"vapebulkp.com","url":"https:\/\/vapebulkp.com\/","logo":{"@type":"ImageObject","inLanguage":"lt-LT","@id":"https:\/\/vapebulkp.com\/#\/schema\/logo\/image\/","url":"https:\/\/vapebulkp.com\/wp-content\/uploads\/2023\/09\/cropped-vapebulkp.png","contentUrl":"https:\/\/vapebulkp.com\/wp-content\/uploads\/2023\/09\/cropped-vapebulkp.png","width":516,"height":163,"caption":"vapebulkp.com"},"image":{"@id":"https:\/\/vapebulkp.com\/#\/schema\/logo\/image\/"}}]}},"uagb_featured_image_src":{"full":["https:\/\/vapebulkp.com\/wp-content\/uploads\/2023\/09\/KIT-VAPE-RANDM-TORNADO-9000-PUFF-1.jpg",1000,1000,false],"thumbnail":["https:\/\/vapebulkp.com\/wp-content\/uploads\/2023\/09\/KIT-VAPE-RANDM-TORNADO-9000-PUFF-1-150x150.jpg",150,150,true],"medium":["https:\/\/vapebulkp.com\/wp-content\/uploads\/2023\/09\/KIT-VAPE-RANDM-TORNADO-9000-PUFF-1-300x300.jpg",300,300,true],"medium_large":["https:\/\/vapebulkp.com\/wp-content\/uploads\/2023\/09\/KIT-VAPE-RANDM-TORNADO-9000-PUFF-1-768x768.jpg",768,768,true],"large":["https:\/\/vapebulkp.com\/wp-content\/uploads\/2023\/09\/KIT-VAPE-RANDM-TORNADO-9000-PUFF-1.jpg",1000,1000,false],"1536x1536":["https:\/\/vapebulkp.com\/wp-content\/uploads\/2023\/09\/KIT-VAPE-RANDM-TORNADO-9000-PUFF-1.jpg",1000,1000,false],"2048x2048":["https:\/\/vapebulkp.com\/wp-content\/uploads\/2023\/09\/KIT-VAPE-RANDM-TORNADO-9000-PUFF-1.jpg",1000,1000,false],"trp-custom-language-flag":["https:\/\/vapebulkp.com\/wp-content\/uploads\/2023\/09\/KIT-VAPE-RANDM-TORNADO-9000-PUFF-1.jpg",12,12,false],"woocommerce_thumbnail":["https:\/\/vapebulkp.com\/wp-content\/uploads\/2023\/09\/KIT-VAPE-RANDM-TORNADO-9000-PUFF-1-300x300.jpg",300,300,true],"woocommerce_single":["https:\/\/vapebulkp.com\/wp-content\/uploads\/2023\/09\/KIT-VAPE-RANDM-TORNADO-9000-PUFF-1-600x600.jpg",600,600,true],"woocommerce_gallery_thumbnail":["https:\/\/vapebulkp.com\/wp-content\/uploads\/2023\/09\/KIT-VAPE-RANDM-TORNADO-9000-PUFF-1-100x100.jpg",100,100,true],"wcpr-photo-reviews":["https:\/\/vapebulkp.com\/wp-content\/uploads\/2023\/09\/KIT-VAPE-RANDM-TORNADO-9000-PUFF-1.jpg",500,500,false]},"uagb_author_info":{"display_name":"Mandy vape bulk price","author_link":"https:\/\/vapebulkp.com\/lt\/author\/"},"uagb_comment_info":5,"uagb_excerpt":"Rick and morty tornado vape near me good sale Randm vape 9000 Randm vape near me puff tornado 9000 you want to buy Pls Contact Mandy's WhatsApp For Discount Price+8618077105796 NOTE: Prices on our website does not include shipping costs","_links":{"self":[{"href":"https:\/\/vapebulkp.com\/lt\/wp-json\/wp\/v2\/product\/1545","targetHints":{"allow":["GET"]}}],"collection":[{"href":"https:\/\/vapebulkp.com\/lt\/wp-json\/wp\/v2\/product"}],"about":[{"href":"https:\/\/vapebulkp.com\/lt\/wp-json\/wp\/v2\/types\/product"}],"replies":[{"embeddable":true,"href":"https:\/\/vapebulkp.com\/lt\/wp-json\/wp\/v2\/comments?post=1545"}],"wp:featuredmedia":[{"embeddable":true,"href":"https:\/\/vapebulkp.com\/lt\/wp-json\/wp\/v2\/media\/1709"}],"wp:attachment":[{"href":"https:\/\/vapebulkp.com\/lt\/wp-json\/wp\/v2\/media?parent=1545"}],"wp:term":[{"taxonomy":"product_cat","embeddable":true,"href":"https:\/\/vapebulkp.com\/lt\/wp-json\/wp\/v2\/product_cat?post=1545"},{"taxonomy":"product_tag","embeddable":true,"href":"https:\/\/vapebulkp.com\/lt\/wp-json\/wp\/v2\/product_tag?post=1545"}],"curies":[{"name":"wp","href":"https:\/\/api.w.org\/{rel}","templated":true}]}}