{"id":1576,"date":"2023-09-22T11:43:32","date_gmt":"2023-09-22T09:43:32","guid":{"rendered":"https:\/\/vapebulkp.com\/?post_type=product&#038;p=1576"},"modified":"2025-09-24T05:49:18","modified_gmt":"2025-09-24T03:49:18","slug":"top-sale-waspe-12000puffs-disposable-vape-wholesale-france","status":"publish","type":"product","link":"https:\/\/vapebulkp.com\/lt\/product\/top-sale-waspe-12000puffs-disposable-vape-wholesale-france\/","title":{"rendered":"Geriausiai parduodamas \u201eWASPE 12000Puffs\u201c vienkartinis \u201eVape\u201c Didmenin\u0117 prekyba Lietuvoje"},"content":{"rendered":"<h1>Geriausiai parduodamas \u201eWASPE 12000Puffs\u201c vienkartinis \u201eVape\u201c Didmenin\u0117 prekyba Lietuvoje<\/h1>\n<p data-start=\"337\" data-end=\"682\">Tas <strong data-start=\"381\" data-end=\"418\">WASPE 12000 Puffs vienkartinis garintuvas<\/strong> yra auk\u0161tos kokyb\u0117s pasirinkimas stili\u0173 ir patikimum\u0105 vertinantiems jauniems Europos vyrams. Su iki <strong data-start=\"516\" data-end=\"532\">12 000 \u012fkv\u0117pim\u0173<\/strong>, 18 ml e-skys\u010dio talpykla ir galinga 650 mAh \u012fkraunama baterija su Type-C greituoju \u012fkrovimu, jis u\u017etikrina ilgalaik\u012f garinim\u0105 be pertr\u016bki\u0173.<\/p>\n<p data-start=\"684\" data-end=\"902\">\u012erengtas su 0,8 \u03a9 tinklelio spirale, \u0161is <strong data-start=\"720\" data-end=\"740\">WASPE 12000D\u016bm\u0173<\/strong> u\u017etikrina skland\u0173 oro sraut\u0105, tank\u0173 gar\u0105 ir nuosekl\u0173 skon\u012f kiekviename d\u016bme. Nikotino druskos parinktys 2% ir 5% leid\u017eia lanks\u010diai naudoti tiek lengviems, tiek intensyviems vartotojams.<\/p>\n<p data-start=\"904\" data-end=\"1125\">Kompakti\u0161kas, ne\u0161iojamas ir sukurtas didmeninei prekybai ES, \u0161is <a href=\"https:\/\/vapebulkp.com\/lt\/product-category\/12000-puffs-disposable-vape\/\"><strong data-start=\"976\" data-end=\"1007\">12000 d\u016bm\u0173 vienkartinis garintuvas<\/strong><\/a> yra prieinamas vaisi\u0173 ir mentolio mi\u0161iniuose, tod\u0117l yra puikus pasirinkimas kasdieniam naudojimui, kelion\u0117ms ar socialin\u0117ms progoms.<\/p>\n<h6 style=\"text-align: left\"><img decoding=\"async\" class=\"alignnone wp-image-2756\" src=\"http:\/\/vapebulkp.com\/wp-content\/uploads\/2024\/08\/WASPE-RANDM-TORNADO-12000-VAPE-KIT-SUPPLIER.jpg\" alt=\"WASPE RANDM TORNADO 12000 VAPE RINKINIO TIEK\u0116JAS\" width=\"401\" height=\"602\" srcset=\"https:\/\/vapebulkp.com\/wp-content\/uploads\/2024\/08\/WASPE-RANDM-TORNADO-12000-VAPE-KIT-SUPPLIER.jpg 1280w, https:\/\/vapebulkp.com\/wp-content\/uploads\/2024\/08\/WASPE-RANDM-TORNADO-12000-VAPE-KIT-SUPPLIER-200x300.jpg 200w, https:\/\/vapebulkp.com\/wp-content\/uploads\/2024\/08\/WASPE-RANDM-TORNADO-12000-VAPE-KIT-SUPPLIER-683x1024.jpg 683w, https:\/\/vapebulkp.com\/wp-content\/uploads\/2024\/08\/WASPE-RANDM-TORNADO-12000-VAPE-KIT-SUPPLIER-768x1152.jpg 768w, https:\/\/vapebulkp.com\/wp-content\/uploads\/2024\/08\/WASPE-RANDM-TORNADO-12000-VAPE-KIT-SUPPLIER-1024x1536.jpg 1024w, https:\/\/vapebulkp.com\/wp-content\/uploads\/2024\/08\/WASPE-RANDM-TORNADO-12000-VAPE-KIT-SUPPLIER-600x900.jpg 600w\" sizes=\"(max-width: 401px) 100vw, 401px\" \/><\/h6>\n<h6><\/h6>\n<h6>D\u0117l nuolaidos kainos susisiekite su Mandy per WhatsApp<a href=\"https:\/\/wa.me\/8618077105796\">+8618077105796<\/a><\/h6>\n<p><img decoding=\"async\" class=\"alignnone wp-image-2151\" src=\"http:\/\/vapebulkp.com\/wp-content\/uploads\/2024\/04\/Mandy-WhatsApp-Randm.jpg\" alt=\"Mandy WhatsApp Atsitiktinis\" width=\"288\" height=\"306\" srcset=\"https:\/\/vapebulkp.com\/wp-content\/uploads\/2024\/04\/Mandy-WhatsApp-Randm.jpg 916w, https:\/\/vapebulkp.com\/wp-content\/uploads\/2024\/04\/Mandy-WhatsApp-Randm-282x300.jpg 282w, https:\/\/vapebulkp.com\/wp-content\/uploads\/2024\/04\/Mandy-WhatsApp-Randm-768x817.jpg 768w, https:\/\/vapebulkp.com\/wp-content\/uploads\/2024\/04\/Mandy-WhatsApp-Randm-600x638.jpg 600w\" sizes=\"(max-width: 288px) 100vw, 288px\" \/><\/p>\n<h2><span style=\"vertical-align: inherit\">Man\u0117te, kad jums gali b\u016bti naudinga \u017einoti apie WASPE 12000Puffs vienkartin\u012f garintuv\u0105:<\/span><\/h2>\n<p>&nbsp;<\/p>\n<h4 class=\"style-scope ytd-watch-metadata\">1. Kaip naudoti WASPE 12000 Puffs garintuv\u0105?<\/h4>\n<p>&nbsp;<\/p>\n<p>1 \u017eingsnis. Prie\u0161 naudodami 12k \u012fkv\u0117pim\u0173, atjunkite plastikin\u012f vamzdel\u012f.<\/p>\n<p>2 \u017eingsnis. Palaukite apie 3 minutes, kol sultys pateks \u012f rit\u0119 viduje.<\/p>\n<p>3 \u017eingsnis. M\u0117gaukit\u0117s<\/p>\n<h6>2. KAIP \u012eKRAUTI VIENKARTIN\u012e GARINTUV\u0104 WASPE 12000 PUFFS?<\/h6>\n<p>Negalima naudoti greitojo \u012fkrovimo krovikli\u0173, o standartin\u0117 saugi vienkartini\u0173 elektronini\u0173 cigare\u010di\u0173 galia yra 5V 1A.<\/p>\n<p>Kiekvienas \u012fkrovimo laikas negali vir\u0161yti 1 valandos, o saugus \u012fkrovimo laikas yra pusvalandis.<\/p>\n<h6>3. KIEK D\u016aM\u0172 TURI WASPE 12000 VIENKARTINIS GARINTUVAS?<\/h6>\n<p>\u2014-12000 \u012etraukim\u0173<\/p>\n<p><span style=\"color: #ff6600\">Pastaba: negalima \u012fkrauti vis\u0105 nakt\u012f!<\/span><\/p>\n<p>&nbsp;<\/p>\n<h3><strong><span style=\"vertical-align: inherit\">WASPE 12000Puffs specifikacija:<\/span><br \/>\n<\/strong><\/h3>\n<p>Baterija: 650 mAh (C tipas)<br \/>\nTalpa: 18 ml<br \/>\nKaitinimo elementas: 0,8 omo tinklelis<br \/>\nApytikslis \u012ftraukimo t\u016bris: 12000 \u012ftraukim\u0173<br \/>\nNikotino stiprumas: 2%, 5%<br \/>\nMinimalus u\u017esakymo kiekis: 50 vnt<\/p>\n<h3><strong>Kokie yra geriausi WASPE 12000Puffs skoniai?<\/strong><\/h3>\n<p>1. Arb\u016bz\u0173 ledas<br \/>\n2.Bra\u0161ki\u0173 kivis<br \/>\n3. M\u0117lyn\u0117s ant ledo<br \/>\n4. M\u0117lyn\u0117s Aviet\u0117s<br \/>\n5. Bra\u0161k\u0117s Arb\u016bzas<br \/>\n6. Vynuog\u0117s ant ledo<br \/>\n7.Bra\u0161ki\u0173 mango<br \/>\n8. Mango ledas<br \/>\n9. Sultingas persik\u0173 ananasas JUlCY<br \/>\n10. Kivio laimas<br \/>\n11. Bra\u0161ki\u0173 avie\u010di\u0173 vy\u0161nia<br \/>\n12. Bra\u0161ki\u0173 pitajos limonadas<\/p>\n<p><span style=\"vertical-align: inherit\">Raskite daugiau produkt\u0173, kurie jums gali patikti:<\/span><em><a href=\"https:\/\/wa.me\/8618077105796\"><span style=\"vertical-align: inherit\">\u00a0Pirkti dabar<\/span><\/a><\/em><\/p>\n<p><span style=\"vertical-align: inherit\">Kiti \u012ftraukimai, kurie jums gali patikti:<\/span><span style=\"vertical-align: inherit\">\u00a0<\/span><a href=\"https:\/\/vapebulkp.com\/lt\/product\/wholesale-randm-tornado-9000-puffs-germany\/\"><span style=\"vertical-align: inherit\">RandM Tornado 9000 \u012ftraukim\u0173<\/span><\/a><span style=\"vertical-align: inherit\">\/ <\/span><a href=\"https:\/\/vapebulkp.com\/lt\/product\/popular-bang-king-10000-puffs-vape-good-price\/\"><span style=\"vertical-align: inherit\">Bang King 10000 \u012ftraukim\u0173<\/span><\/a><span style=\"vertical-align: inherit\">\/ <\/span><a href=\"https:\/\/vapebulkp.com\/lt\/product\/bang-king-12000puffs\/\"><span style=\"vertical-align: inherit\">Bang King 12000 \u012ftraukim\u0173<\/span><\/a><\/p>\n<p><span style=\"vertical-align: inherit\">Ypatingos formos elektronini\u0173 cigare\u010di\u0173 buteliukas:<\/span><a href=\"https:\/\/vapebulkp.com\/lt\/product\/popular-kulx-10000puffs-disposable-vape-good-price\/\"><span style=\"vertical-align: inherit\">Kulx vape 10000 p\u016btimo <\/span><\/a><span style=\"vertical-align: inherit\">\/ <\/span><a href=\"https:\/\/vapebulkp.com\/lt\/product\/disposable-vape-crystal-600-puffs\/\"><span style=\"vertical-align: inherit\">Crystal 600 \u012fkv\u0117pim\u0173 <\/span><\/a><span style=\"vertical-align: inherit\">\/<\/span><a href=\"https:\/\/vapebulkp.com\/lt\/product\/popular-vape-bang-king-15000-puffs-bang-vape\/\"><span style=\"vertical-align: inherit\">Bang King 15000 P\u016btimo<\/span><\/a><\/p>\n<h4>Pristatymo detal\u0117s:<\/h4>\n<p><span style=\"color: #ff6600\">Gamybos laikas: 5-10 darbo dien\u0173<\/span><br \/>\n<span style=\"color: #ff6600\">Pristatymo laikas: 8-14 darbo dien\u0173<\/span><\/p>\n<p>Visi m\u016bs\u0173 parduotuv\u0117s produktai yra 100% original\u016bs ir autenti\u0161ki, tod\u0117l m\u016bs\u0173 parduotuv\u0117s politika yra de\u0161imteriopa kompensacija u\u017e padirbtas prekes. Prek\u0117ms pristatyti naudojame tokius logistikos kanalus kaip UPS\/DHL\/FEDEX\/DPD.<\/p>\n<p>Pristatymas \u012f Lietuvos \u0161alis paprastai trunka 10 darbo dien\u0173. Pristatymas \u012f Europos \u0161alis paprastai u\u017etrunka nuo 12 iki 15 darbo dien\u0173. Logistikos informacij\u0105 atnaujinsime realiuoju laiku.<\/p>","protected":false},"excerpt":{"rendered":"<p>Tas <span style=\"vertical-align: inherit\">WASPE 12000D\u016bm\u0173 <\/span>pasi\u017eymi \u012fvairiomis viliojan\u010diomis skonio savyb\u0117mis, u\u017etikrinan\u010diomis, kad rasite k\u0105 nors, kas patenkins j\u016bs\u0173 potrauk\u012f. Nuo tradicinio tabako iki egzoti\u0161k\u0173 vaisi\u0173 mi\u0161ini\u0173, galimyb\u0117s yra neribotos. Kiekvienas d\u016bmas suteikia nuosekli\u0105 ir maloni\u0105 garinimo patirt\u012f d\u0117l \u012fmontuoto aktyvuojamo mechanizmo.<br \/>\n<img decoding=\"async\" class=\"alignnone wp-image-2151\" src=\"http:\/\/vapebulkp.com\/wp-content\/uploads\/2024\/04\/Mandy-WhatsApp-Randm.jpg\" alt=\"Mandy WhatsApp Atsitiktinis\" width=\"276\" height=\"293\" srcset=\"https:\/\/vapebulkp.com\/wp-content\/uploads\/2024\/04\/Mandy-WhatsApp-Randm.jpg 916w, https:\/\/vapebulkp.com\/wp-content\/uploads\/2024\/04\/Mandy-WhatsApp-Randm-282x300.jpg 282w, https:\/\/vapebulkp.com\/wp-content\/uploads\/2024\/04\/Mandy-WhatsApp-Randm-768x817.jpg 768w, https:\/\/vapebulkp.com\/wp-content\/uploads\/2024\/04\/Mandy-WhatsApp-Randm-600x638.jpg 600w\" sizes=\"(max-width: 276px) 100vw, 276px\" \/><\/p>\n<p>D\u0117l nuolaidos kainos susisiekite su Mandy per WhatsApp<a href=\"https:\/\/wa.me\/8618077105796\">+8618077105796<\/a><\/p>\n<p><span style=\"color: #ff0000\">PASTABA: Kainos m\u016bs\u0173 svetain\u0117je neapima siuntimo i\u0161laid\u0173<\/span><\/p>","protected":false},"featured_media":2749,"comment_status":"open","ping_status":"closed","template":"","meta":{"_uag_custom_page_level_css":"","_lmt_disableupdate":"no","_lmt_disable":"","site-sidebar-layout":"default","site-content-layout":"content-boxed-container","ast-site-content-layout":"normal-width-container","site-content-style":"boxed","site-sidebar-style":"unboxed","ast-global-header-display":"","ast-banner-title-visibility":"","ast-main-header-display":"","ast-hfb-above-header-display":"","ast-hfb-below-header-display":"","ast-hfb-mobile-header-display":"","site-post-title":"","ast-breadcrumbs-content":"","ast-featured-img":"","footer-sml-layout":"","theme-transparent-header-meta":"default","adv-header-id-meta":"","stick-header-meta":"","header-above-stick-meta":"","header-main-stick-meta":"","header-below-stick-meta":"","astra-migrate-meta-layouts":"set","_joinchat":[]},"product_cat":[166,153,155,33,59,100,34,158,157,154,152,58,84,156,63,32,365],"product_tag":[45,36,37,41,71,40],"class_list":["post-1576","product","type-product","status-publish","has-post-thumbnail","hentry","product_cat-12000-puffs-disposable-vape","product_cat-hot-disposable-vapes","product_cat-belgium-hot-disposable-vapes","product_cat-france-vape-hot-sale","product_cat-germany-hot-disposable-vape","product_cat-germany-wholesale-vape-shop","product_cat-netherlands-vape-good-sale","product_cat-norway-hot-disposable-vapes","product_cat-poland-hot-disposable-vapes","product_cat-portugal-hot-disposable-vapes","product_cat-spain-hot-disposable-vapes","product_cat-sweden-hot-disposable-vape","product_cat-sweden-wholesale-vape","product_cat-switzerland-hot-disposable-vapes","product_cat-top-sale-disposable-vape","product_cat-vape-hot-sale-this-week","product_cat-waspe-vape","product_tag-12000puffs-good-vape","product_tag-good-vape","product_tag-hot-sale-disposable-vape","product_tag-poland-hot-vape","product_tag-randm","product_tag-sweden-hot-vape","pa_brand-waspe-vape","desktop-align-left","tablet-align-left","mobile-align-left"],"yoast_head":"<!-- This site is optimized with the Yoast SEO plugin v21.1 - https:\/\/yoast.com\/wordpress\/plugins\/seo\/ -->\n<title>Top Sale WASPE 12000Puffs Disposable Vape Wholesale France - vapebulkp.com<\/title>\n<meta name=\"description\" content=\"The WASPE12000Puffs Disposable Vape ergonomic design fits perfectly in your hand and is compact enough to slip into your pocket or purse.\" \/>\n<meta name=\"robots\" content=\"index, follow, max-snippet:-1, max-image-preview:large, max-video-preview:-1\" \/>\n<link rel=\"canonical\" href=\"https:\/\/vapebulkp.com\/lt\/product\/top-sale-waspe-12000puffs-disposable-vape-wholesale-france\/\" \/>\n<meta property=\"og:locale\" content=\"lt_LT\" \/>\n<meta property=\"og:type\" content=\"article\" \/>\n<meta property=\"og:title\" content=\"Top Sale WASPE 12000Puffs Disposable Vape Wholesale France - vapebulkp.com\" \/>\n<meta property=\"og:description\" content=\"The WASPE12000Puffs Disposable Vape ergonomic design fits perfectly in your hand and is compact enough to slip into your pocket or purse.\" \/>\n<meta property=\"og:url\" content=\"https:\/\/vapebulkp.com\/lt\/product\/top-sale-waspe-12000puffs-disposable-vape-wholesale-france\/\" \/>\n<meta property=\"og:site_name\" content=\"vapebulkp.com\" \/>\n<meta property=\"article:modified_time\" content=\"2025-09-24T03:49:18+00:00\" \/>\n<meta property=\"og:image\" content=\"http:\/\/vapebulkp.com\/wp-content\/uploads\/2024\/08\/WASPE-12K-Puffs-Vape-KIT-Discount-Price.png\" \/>\n\t<meta property=\"og:image:width\" content=\"1152\" \/>\n\t<meta property=\"og:image:height\" content=\"2048\" \/>\n\t<meta property=\"og:image:type\" content=\"image\/png\" \/>\n<meta name=\"twitter:card\" content=\"summary_large_image\" \/>\n<meta name=\"twitter:label1\" content=\"Est. reading time\" \/>\n\t<meta name=\"twitter:data1\" content=\"3 minut\u0117s\" \/>\n<script type=\"application\/ld+json\" class=\"yoast-schema-graph\">{\"@context\":\"https:\/\/schema.org\",\"@graph\":[{\"@type\":\"WebPage\",\"@id\":\"https:\/\/vapebulkp.com\/product\/top-sale-waspe-12000puffs-disposable-vape-wholesale-france\/\",\"url\":\"https:\/\/vapebulkp.com\/product\/top-sale-waspe-12000puffs-disposable-vape-wholesale-france\/\",\"name\":\"Top Sale WASPE 12000Puffs Disposable Vape Wholesale France - vapebulkp.com\",\"isPartOf\":{\"@id\":\"https:\/\/vapebulkp.com\/#website\"},\"datePublished\":\"2023-09-22T09:43:32+00:00\",\"dateModified\":\"2025-09-24T03:49:18+00:00\",\"description\":\"The WASPE12000Puffs Disposable Vape ergonomic design fits perfectly in your hand and is compact enough to slip into your pocket or purse.\",\"breadcrumb\":{\"@id\":\"https:\/\/vapebulkp.com\/product\/top-sale-waspe-12000puffs-disposable-vape-wholesale-france\/#breadcrumb\"},\"inLanguage\":\"lt-LT\",\"potentialAction\":[{\"@type\":\"ReadAction\",\"target\":[\"https:\/\/vapebulkp.com\/product\/top-sale-waspe-12000puffs-disposable-vape-wholesale-france\/\"]}]},{\"@type\":\"BreadcrumbList\",\"@id\":\"https:\/\/vapebulkp.com\/product\/top-sale-waspe-12000puffs-disposable-vape-wholesale-france\/#breadcrumb\",\"itemListElement\":[{\"@type\":\"ListItem\",\"position\":1,\"name\":\"Home\",\"item\":\"https:\/\/vapebulkp.com\/\"},{\"@type\":\"ListItem\",\"position\":2,\"name\":\"Hot Trend Vapes\",\"item\":\"https:\/\/vapebulkp.com\/vape-shop\/\"},{\"@type\":\"ListItem\",\"position\":3,\"name\":\"Top Sale WASPE 12000Puffs Disposable Vape Wholesale France\"}]},{\"@type\":\"WebSite\",\"@id\":\"https:\/\/vapebulkp.com\/#website\",\"url\":\"https:\/\/vapebulkp.com\/\",\"name\":\"vapebulkp.com\",\"description\":\"Buy Vape In Cheap Bulk Price Near you\",\"publisher\":{\"@id\":\"https:\/\/vapebulkp.com\/#organization\"},\"potentialAction\":[{\"@type\":\"SearchAction\",\"target\":{\"@type\":\"EntryPoint\",\"urlTemplate\":\"https:\/\/vapebulkp.com\/?s={search_term_string}\"},\"query-input\":\"required name=search_term_string\"}],\"inLanguage\":\"lt-LT\"},{\"@type\":\"Organization\",\"@id\":\"https:\/\/vapebulkp.com\/#organization\",\"name\":\"vapebulkp.com\",\"url\":\"https:\/\/vapebulkp.com\/\",\"logo\":{\"@type\":\"ImageObject\",\"inLanguage\":\"lt-LT\",\"@id\":\"https:\/\/vapebulkp.com\/#\/schema\/logo\/image\/\",\"url\":\"https:\/\/vapebulkp.com\/wp-content\/uploads\/2023\/09\/cropped-vapebulkp.png\",\"contentUrl\":\"https:\/\/vapebulkp.com\/wp-content\/uploads\/2023\/09\/cropped-vapebulkp.png\",\"width\":516,\"height\":163,\"caption\":\"vapebulkp.com\"},\"image\":{\"@id\":\"https:\/\/vapebulkp.com\/#\/schema\/logo\/image\/\"}}]}<\/script>\n<!-- \/ Yoast SEO plugin. -->","yoast_head_json":{"title":"Top Sale WASPE 12000Puffs Disposable Vape Wholesale France - vapebulkp.com","description":"The WASPE12000Puffs Disposable Vape ergonomic design fits perfectly in your hand and is compact enough to slip into your pocket or purse.","robots":{"index":"index","follow":"follow","max-snippet":"max-snippet:-1","max-image-preview":"max-image-preview:large","max-video-preview":"max-video-preview:-1"},"canonical":"https:\/\/vapebulkp.com\/lt\/product\/top-sale-waspe-12000puffs-disposable-vape-wholesale-france\/","og_locale":"lt_LT","og_type":"article","og_title":"Top Sale WASPE 12000Puffs Disposable Vape Wholesale France - vapebulkp.com","og_description":"The WASPE12000Puffs Disposable Vape ergonomic design fits perfectly in your hand and is compact enough to slip into your pocket or purse.","og_url":"https:\/\/vapebulkp.com\/lt\/product\/top-sale-waspe-12000puffs-disposable-vape-wholesale-france\/","og_site_name":"vapebulkp.com","article_modified_time":"2025-09-24T03:49:18+00:00","og_image":[{"width":1152,"height":2048,"url":"http:\/\/vapebulkp.com\/wp-content\/uploads\/2024\/08\/WASPE-12K-Puffs-Vape-KIT-Discount-Price.png","type":"image\/png"}],"twitter_card":"summary_large_image","twitter_misc":{"Est. reading time":"3 minut\u0117s"},"schema":{"@context":"https:\/\/schema.org","@graph":[{"@type":"WebPage","@id":"https:\/\/vapebulkp.com\/product\/top-sale-waspe-12000puffs-disposable-vape-wholesale-france\/","url":"https:\/\/vapebulkp.com\/product\/top-sale-waspe-12000puffs-disposable-vape-wholesale-france\/","name":"Top Sale WASPE 12000Puffs Disposable Vape Wholesale France - vapebulkp.com","isPartOf":{"@id":"https:\/\/vapebulkp.com\/#website"},"datePublished":"2023-09-22T09:43:32+00:00","dateModified":"2025-09-24T03:49:18+00:00","description":"The WASPE12000Puffs Disposable Vape ergonomic design fits perfectly in your hand and is compact enough to slip into your pocket or purse.","breadcrumb":{"@id":"https:\/\/vapebulkp.com\/product\/top-sale-waspe-12000puffs-disposable-vape-wholesale-france\/#breadcrumb"},"inLanguage":"lt-LT","potentialAction":[{"@type":"ReadAction","target":["https:\/\/vapebulkp.com\/product\/top-sale-waspe-12000puffs-disposable-vape-wholesale-france\/"]}]},{"@type":"BreadcrumbList","@id":"https:\/\/vapebulkp.com\/product\/top-sale-waspe-12000puffs-disposable-vape-wholesale-france\/#breadcrumb","itemListElement":[{"@type":"ListItem","position":1,"name":"Home","item":"https:\/\/vapebulkp.com\/"},{"@type":"ListItem","position":2,"name":"Hot Trend Vapes","item":"https:\/\/vapebulkp.com\/vape-shop\/"},{"@type":"ListItem","position":3,"name":"Top Sale WASPE 12000Puffs Disposable Vape Wholesale France"}]},{"@type":"WebSite","@id":"https:\/\/vapebulkp.com\/#website","url":"https:\/\/vapebulkp.com\/","name":"vapebulkp.com","description":"Buy Vape In Cheap Bulk Price Near you","publisher":{"@id":"https:\/\/vapebulkp.com\/#organization"},"potentialAction":[{"@type":"SearchAction","target":{"@type":"EntryPoint","urlTemplate":"https:\/\/vapebulkp.com\/?s={search_term_string}"},"query-input":"required name=search_term_string"}],"inLanguage":"lt-LT"},{"@type":"Organization","@id":"https:\/\/vapebulkp.com\/#organization","name":"vapebulkp.com","url":"https:\/\/vapebulkp.com\/","logo":{"@type":"ImageObject","inLanguage":"lt-LT","@id":"https:\/\/vapebulkp.com\/#\/schema\/logo\/image\/","url":"https:\/\/vapebulkp.com\/wp-content\/uploads\/2023\/09\/cropped-vapebulkp.png","contentUrl":"https:\/\/vapebulkp.com\/wp-content\/uploads\/2023\/09\/cropped-vapebulkp.png","width":516,"height":163,"caption":"vapebulkp.com"},"image":{"@id":"https:\/\/vapebulkp.com\/#\/schema\/logo\/image\/"}}]}},"uagb_featured_image_src":{"full":["https:\/\/vapebulkp.com\/wp-content\/uploads\/2024\/08\/WASPE-12K-Puffs-Vape-KIT-Discount-Price.png",1152,2048,false],"thumbnail":["https:\/\/vapebulkp.com\/wp-content\/uploads\/2024\/08\/WASPE-12K-Puffs-Vape-KIT-Discount-Price-150x150.png",150,150,true],"medium":["https:\/\/vapebulkp.com\/wp-content\/uploads\/2024\/08\/WASPE-12K-Puffs-Vape-KIT-Discount-Price-169x300.png",169,300,true],"medium_large":["https:\/\/vapebulkp.com\/wp-content\/uploads\/2024\/08\/WASPE-12K-Puffs-Vape-KIT-Discount-Price-768x1365.png",768,1365,true],"large":["https:\/\/vapebulkp.com\/wp-content\/uploads\/2024\/08\/WASPE-12K-Puffs-Vape-KIT-Discount-Price-576x1024.png",576,1024,true],"1536x1536":["https:\/\/vapebulkp.com\/wp-content\/uploads\/2024\/08\/WASPE-12K-Puffs-Vape-KIT-Discount-Price-864x1536.png",864,1536,true],"2048x2048":["https:\/\/vapebulkp.com\/wp-content\/uploads\/2024\/08\/WASPE-12K-Puffs-Vape-KIT-Discount-Price.png",1152,2048,false],"trp-custom-language-flag":["https:\/\/vapebulkp.com\/wp-content\/uploads\/2024\/08\/WASPE-12K-Puffs-Vape-KIT-Discount-Price.png",7,12,false],"woocommerce_thumbnail":["https:\/\/vapebulkp.com\/wp-content\/uploads\/2024\/08\/WASPE-12K-Puffs-Vape-KIT-Discount-Price-300x300.png",300,300,true],"woocommerce_single":["https:\/\/vapebulkp.com\/wp-content\/uploads\/2024\/08\/WASPE-12K-Puffs-Vape-KIT-Discount-Price-600x1067.png",600,1067,true],"woocommerce_gallery_thumbnail":["https:\/\/vapebulkp.com\/wp-content\/uploads\/2024\/08\/WASPE-12K-Puffs-Vape-KIT-Discount-Price-100x100.png",100,100,true],"wcpr-photo-reviews":["https:\/\/vapebulkp.com\/wp-content\/uploads\/2024\/08\/WASPE-12K-Puffs-Vape-KIT-Discount-Price.png",281,500,false]},"uagb_author_info":{"display_name":"Mandy vape bulk price","author_link":"https:\/\/vapebulkp.com\/lt\/author\/"},"uagb_comment_info":3,"uagb_excerpt":"The WASPE 12000Puffs boasts a variety of enticing flavors, ensuring you'll find something to satisfy your cravings. From traditional tobacco to exotic fruit blends, the options are endless. Each puff delivers a consistent and delightful vaping experience, thanks to the built-in draw-activated mechanism. Pls Contact Mandy's WhatsApp For Discount Price+8618077105796 NOTE: Prices on our website&hellip;","_links":{"self":[{"href":"https:\/\/vapebulkp.com\/lt\/wp-json\/wp\/v2\/product\/1576","targetHints":{"allow":["GET"]}}],"collection":[{"href":"https:\/\/vapebulkp.com\/lt\/wp-json\/wp\/v2\/product"}],"about":[{"href":"https:\/\/vapebulkp.com\/lt\/wp-json\/wp\/v2\/types\/product"}],"replies":[{"embeddable":true,"href":"https:\/\/vapebulkp.com\/lt\/wp-json\/wp\/v2\/comments?post=1576"}],"wp:featuredmedia":[{"embeddable":true,"href":"https:\/\/vapebulkp.com\/lt\/wp-json\/wp\/v2\/media\/2749"}],"wp:attachment":[{"href":"https:\/\/vapebulkp.com\/lt\/wp-json\/wp\/v2\/media?parent=1576"}],"wp:term":[{"taxonomy":"product_cat","embeddable":true,"href":"https:\/\/vapebulkp.com\/lt\/wp-json\/wp\/v2\/product_cat?post=1576"},{"taxonomy":"product_tag","embeddable":true,"href":"https:\/\/vapebulkp.com\/lt\/wp-json\/wp\/v2\/product_tag?post=1576"}],"curies":[{"name":"wp","href":"https:\/\/api.w.org\/{rel}","templated":true}]}}