{"id":1622,"date":"2023-09-28T09:40:29","date_gmt":"2023-09-28T07:40:29","guid":{"rendered":"https:\/\/vapebulkp.com\/?post_type=product&#038;p=1622"},"modified":"2025-09-01T05:11:02","modified_gmt":"2025-09-01T03:11:02","slug":"wholesale-disposable-vape-sidia-12000puffs","status":"publish","type":"product","link":"https:\/\/vapebulkp.com\/lt\/product\/wholesale-disposable-vape-sidia-12000puffs\/","title":{"rendered":"Didmenin\u0117 prekyba vienkartiniais garintuvais SIDIA 12000Puffs"},"content":{"rendered":"<h2>Kas yra didmenin\u0117 prekyba vienkartiniais garintuvais SIDIA 12000 Puffs?<\/h2>\n<p>&nbsp;<\/p>\n<p data-start=\"299\" data-end=\"613\">Kar\u0161tas garintuv\u0173 pardavimas <strong data-start=\"343\" data-end=\"363\">SIDIA 12000 Puffs<\/strong> yra didel\u0117s talpos <a href=\"https:\/\/vapebulkp.com\/lt\/product-category\/12000-puffs-disposable-vape\/\"><strong data-start=\"383\" data-end=\"414\">12000 d\u016bm\u0173 vienkartinis garintuvas<\/strong><\/a> sukurtas Europos vartotojams, reikalaujantiems ilgalaikio veikimo ir sodraus skonio. \u012erengtas su pa\u017eangiomis spiral\u0117s technologijomis ir 20 ml elektroninio skys\u010dio talpykla, jis u\u017etikrina \u0161velnius, nuolatinius garus su kiekvienu Puffs.<\/p>\n<p data-start=\"615\" data-end=\"887\">Sukurtas patogumui, \u0161is <strong data-start=\"646\" data-end=\"678\">\u012fkraunamas vienkartinis vape<\/strong> pasirinkimas pasi\u017eymi kompakti\u0161ku, ergonomi\u0161ku korpusu, kur\u012f lengva ne\u0161iotis, tod\u0117l jis puikiai tinka kasdieniam naudojimui ar keliaujant. Su nikotino druskos pasirinkimais nuo 21 mg\/ml iki 50 mg\/ml, jis tinka tiek vidutiniams, tiek stipriems poreikiams.<\/p>\n<p data-start=\"889\" data-end=\"1163\">Nuo klasikinio tabako iki mentolio ir egzoti\u0161k\u0173 skoni\u0173 mi\u0161ini\u0173, <strong data-start=\"951\" data-end=\"971\">SIDIA 12000 Puffs<\/strong> gamina tankius debesis ir autenti\u0161k\u0105 skon\u012f, u\u017etikrinant\u012f pasitenkinim\u0105 teikiant\u012f garinimo seans\u0105. Idealiai tinka ma\u017emenininkams ir didmenininkams, \u0161is <strong data-start=\"1087\" data-end=\"1108\">didmeninei prekybai vape ES<\/strong> variantas paruo\u0161tas siuntimui i\u0161 Europos sand\u0117li\u0173.<\/p>\n<p>&nbsp;<\/p>\n<p><img decoding=\"async\" class=\"alignnone wp-image-1732\" src=\"http:\/\/vapebulkp.com\/wp-content\/uploads\/2023\/09\/Hot-Selling-Sidia-12000-Puffs-20-Ml-Disposable_yyth-8-1.png\" alt=\"Kar\u0161tas i\u0161pardavimas Sidia 12000 Puffs 20 ml vienkartinis_yyth (8)\" width=\"706\" height=\"431\" srcset=\"https:\/\/vapebulkp.com\/wp-content\/uploads\/2023\/09\/Hot-Selling-Sidia-12000-Puffs-20-Ml-Disposable_yyth-8-1.png 1060w, https:\/\/vapebulkp.com\/wp-content\/uploads\/2023\/09\/Hot-Selling-Sidia-12000-Puffs-20-Ml-Disposable_yyth-8-1-300x183.png 300w, https:\/\/vapebulkp.com\/wp-content\/uploads\/2023\/09\/Hot-Selling-Sidia-12000-Puffs-20-Ml-Disposable_yyth-8-1-1024x625.png 1024w, https:\/\/vapebulkp.com\/wp-content\/uploads\/2023\/09\/Hot-Selling-Sidia-12000-Puffs-20-Ml-Disposable_yyth-8-1-768x469.png 768w, https:\/\/vapebulkp.com\/wp-content\/uploads\/2023\/09\/Hot-Selling-Sidia-12000-Puffs-20-Ml-Disposable_yyth-8-1-600x366.png 600w\" sizes=\"(max-width: 706px) 100vw, 706px\" \/><\/p>\n<h5 class=\"style-scope ytd-watch-metadata\">1. Kaip naudoti didmenin\u0117s prekybos SIDIA 12000 Puffs garintuv\u0105?<\/h5>\n<p>1 \u017eingsnis. Prie\u0161 naudodami 12k \u012fkv\u0117pim\u0173, atjunkite plastikin\u012f vamzdel\u012f.<\/p>\n<p>2 \u017eingsnis. Palaukite apie 3 minutes, kol sultys pateks \u012f rit\u0119 viduje.<\/p>\n<p>3 \u017eingsnis. M\u0117gaukit\u0117s<\/p>\n<h5>2. KAIP \u012eKRAUTI VIENKARTIN\u012e GARINTUV\u0104 SIDIA 12000 PUFFS \u012eRENGIN\u012e?<\/h5>\n<p>Negalima naudoti greitojo \u012fkrovimo krovikli\u0173, o standartin\u0117 saugi vienkartini\u0173 elektronini\u0173 cigare\u010di\u0173 galia yra 5V 1A.<\/p>\n<p>Kiekvienas \u012fkrovimo laikas negali vir\u0161yti 1 valandos, o saugus \u012fkrovimo laikas yra pusvalandis.<\/p>\n<p><span style=\"color: #ff6600\">Pastaba: negalima \u012fkrauti vis\u0105 nakt\u012f!<\/span><\/p>\n<h6 style=\"text-align: left\"><\/h6>\n<h6>D\u0117l nuolaidos kainos susisiekite su Mandy per WhatsApp<a href=\"https:\/\/wa.me\/8618077105796\">+8618077105796<\/a><\/h6>\n<p><img decoding=\"async\" class=\"alignnone wp-image-2151\" src=\"http:\/\/vapebulkp.com\/wp-content\/uploads\/2024\/04\/Mandy-WhatsApp-Randm.jpg\" alt=\"Mandy WhatsApp Atsitiktinis\" width=\"329\" height=\"350\" srcset=\"https:\/\/vapebulkp.com\/wp-content\/uploads\/2024\/04\/Mandy-WhatsApp-Randm.jpg 916w, https:\/\/vapebulkp.com\/wp-content\/uploads\/2024\/04\/Mandy-WhatsApp-Randm-282x300.jpg 282w, https:\/\/vapebulkp.com\/wp-content\/uploads\/2024\/04\/Mandy-WhatsApp-Randm-768x817.jpg 768w, https:\/\/vapebulkp.com\/wp-content\/uploads\/2024\/04\/Mandy-WhatsApp-Randm-600x638.jpg 600w\" sizes=\"(max-width: 329px) 100vw, 329px\" \/><\/p>\n<p>&nbsp;<\/p>\n<h3><strong><span style=\"vertical-align: inherit\">Produkto specifikacijos didmeninei prekybai SIDIA 12K PUFF garintuvui:<\/span><br \/>\n<\/strong><\/h3>\n<ul>\n<li>Baterija: 650 mAh (C tipas)<br \/>\nTalpa: 20ml<br \/>\nKaitinimo elementas: 0,8 omo tinklelis<br \/>\nApytikslis \u012ftraukimo t\u016bris: 12000 \u012ftraukim\u0173<br \/>\nNikotino stiprumas: 2%, 5%<br \/>\nMOQ: 100 vnt.<\/li>\n<\/ul>\n<h3><strong>Kokie yra geriausi SIDIA 12000 Puffs garintuv\u0173 skoniai?<\/strong><\/h3>\n<p>&nbsp;<\/p>\n<p>1. Sultingas ledas<br \/>\n2. M\u0117lyn\u0117s su ledu<br \/>\n3. Persik\u0173 ledas<br \/>\n4. Vynuogi\u0173 ledas<br \/>\n5. Mi\u0161rios uogos<br \/>\n6. Bra\u0161ki\u0173 arb\u016bzas<br \/>\n7.Bra\u0161k\u0117s Bananai<br \/>\n8.Bra\u0161k\u0117s Kiviai<br \/>\n9. Raudonasis energetinis ledas<br \/>\n10. M\u0117lynoji avie\u010di\u0173 limonado<br \/>\n11. Kivi\u0173 pasiflor\u0173 gvajavos<\/p>\n<p><a href=\"https:\/\/vapebulkp.com\/lt\/product\/wholesale-price-disposable-vape-crystal-600-puffs\/\"><span style=\"vertical-align: inherit\">Geras I\u0161pardavimas Crystal 600 Puffs <\/span><\/a><\/p>\n<p><span style=\"vertical-align: inherit\">Raskite daugiau produkt\u0173, kurie jums gali patikti:<\/span><em><a href=\"https:\/\/wa.me\/8618077105796\"><span style=\"vertical-align: inherit\">\u00a0Pirkti dabar<\/span><\/a><\/em><\/p>\n<p><span style=\"vertical-align: inherit\">Kiti \u012ftraukimai, kurie jums gali patikti:<\/span><a href=\"https:\/\/vapebulkp.com\/lt\/product\/good-sale-bang-de-8500puffs-wholesale-price\/\"><span style=\"vertical-align: inherit\">Bang DE 8500 Puffs<\/span><\/a><span style=\"vertical-align: inherit\">\u3001<\/span><a href=\"https:\/\/vapebulkp.com\/lt\/product\/good-sale-randm-tornado-10000-puffs-plus\/\"><span style=\"vertical-align: inherit\">Tornado 10000 R\u016bkali\u0173 Plus<\/span><\/a><span style=\"vertical-align: inherit\">\/ <\/span><a href=\"https:\/\/vapebulkp.com\/lt\/product\/popular-randm-tornado-7000puffs-disposable-vape-best-price\/\"><span style=\"vertical-align: inherit\">RandM Tornado 7000 Puffs<\/span><\/a><span style=\"vertical-align: inherit\">\/ <\/span><a href=\"https:\/\/vapebulkp.com\/lt\/product\/wholesale-randm-tornado-9000-puffs-germany\/\"><span style=\"vertical-align: inherit\">RandM Tornado 9000 Puffs<\/span><\/a><\/p>\n<p><span style=\"vertical-align: inherit\">Ypatingos formos elektronini\u0173 cigare\u010di\u0173 buteliukas:<\/span><a href=\"https:\/\/vapebulkp.com\/lt\/product\/bulk-buy-kulx-8800-puffs-disposable-vape-wholesale-germany\/\"><span style=\"vertical-align: inherit\">\u201eKulx 8800 Puffs\u201c <\/span><\/a><span style=\"vertical-align: inherit\">\/ <\/span><a href=\"https:\/\/vapebulkp.com\/lt\/product\/popular-bang-king-10000-puffs-vape-good-price\/\"><span style=\"vertical-align: inherit\">Bang King 12000 d\u016bm\u0173 <\/span><\/a><span style=\"vertical-align: inherit\">\/<\/span><a href=\"https:\/\/vapebulkp.com\/lt\/product\/popular-kulx-10000puffs-disposable-vape-good-price\/\"><span style=\"vertical-align: inherit\">Kulx 10000 Puffs<\/span><\/a><\/p>\n<h5>Gamybos kvalifikacija:<\/h5>\n<p><img decoding=\"async\" class=\"alignnone size-full wp-image-1841\" src=\"http:\/\/vapebulkp.com\/wp-content\/uploads\/2023\/11\/Vape-production-process-2.jpeg\" alt=\"\u201eVape\u201c gamybos procesas\" width=\"650\" height=\"434\" srcset=\"https:\/\/vapebulkp.com\/wp-content\/uploads\/2023\/11\/Vape-production-process-2.jpeg 650w, https:\/\/vapebulkp.com\/wp-content\/uploads\/2023\/11\/Vape-production-process-2-300x200.jpeg 300w, https:\/\/vapebulkp.com\/wp-content\/uploads\/2023\/11\/Vape-production-process-2-600x401.jpeg 600w\" sizes=\"(max-width: 650px) 100vw, 650px\" \/><\/p>\n<p><img decoding=\"async\" class=\"alignnone size-full wp-image-1843\" src=\"http:\/\/vapebulkp.com\/wp-content\/uploads\/2023\/11\/Vape-production-process.jpeg\" alt=\"\u201eVape\u201c gamybos procesas\" width=\"641\" height=\"1026\" srcset=\"https:\/\/vapebulkp.com\/wp-content\/uploads\/2023\/11\/Vape-production-process.jpeg 641w, https:\/\/vapebulkp.com\/wp-content\/uploads\/2023\/11\/Vape-production-process-187x300.jpeg 187w, https:\/\/vapebulkp.com\/wp-content\/uploads\/2023\/11\/Vape-production-process-640x1024.jpeg 640w, https:\/\/vapebulkp.com\/wp-content\/uploads\/2023\/11\/Vape-production-process-600x960.jpeg 600w\" sizes=\"(max-width: 641px) 100vw, 641px\" \/><\/p>\n<h5>DUK:<\/h5>\n<p>K: Koks yra SIDIA 12000 Puffs MOQ?<br \/>\nA: Minimalus u\u017esakymas yra 100 vnt.<br \/>\nK: Koks yra u\u017esakyto garintuvo pristatymo laikas?<br \/>\nA: \u012eprastai 10\u201315 dien\u0173 po i\u0161siuntimo<br \/>\nK: Kiek kainuoja pristatymas?A: Pristatymo i\u0161laidos priklauso nuo svorio. Pristatymo i\u0161laidos skiriasi priklausomai nuo kiekio, o pristatymo i\u0161laidos kiekvienoje \u0161alyje yra skirtingos. Prie\u0161 pateikdami u\u017esakym\u0105, susisiekite su mumis, kad patvirtintum\u0117te pristatymo i\u0161laidas. Mes suteiksime jums patenkinam\u0105 apsipirkimo patirt\u012f.<\/p>\n<p>&nbsp;<\/p>\n<h4>Pristatymo detal\u0117s:<\/h4>\n<p><span style=\"color: #ff6600\">Gamybos laikas: 5-10 darbo dien\u0173<\/span><br \/>\n<span style=\"color: #ff6600\">Pristatymo laikas: 8-14 darbo dien\u0173<\/span><\/p>\n<p>Visi m\u016bs\u0173 parduotuv\u0117s produktai yra 100% original\u016bs ir autenti\u0161ki, tod\u0117l m\u016bs\u0173 parduotuv\u0117s politika yra de\u0161imteriopa kompensacija u\u017e padirbtas prekes. Prek\u0117ms pristatyti naudojame tokius logistikos kanalus kaip UPS\/DHL\/FEDEX\/DPD.<\/p>\n<p>Pristatymas \u012f Lietuvos \u0161alis paprastai trunka 10 darbo dien\u0173. Pristatymas \u012f Europos \u0161alis paprastai u\u017etrunka nuo 12 iki 15 darbo dien\u0173. Logistikos informacij\u0105 atnaujinsime realiuoju laiku.<\/p>\n<h3>Geras aptarnavimas po pardavimo:<\/h3>\n<p>Pastaba: N\u0117ra pinig\u0173 gr\u0105\u017einimo ar keitimo d\u0117l ne kokyb\u0117s problem\u0173<br \/>\n1. Klientai gali pasirinkti norim\u0105 skon\u012f, ta\u010diau jei skonio n\u0117ra sand\u0117lyje, gamybos skyrius pasirinks populiar\u0173 skon\u012f, kuris j\u012f pakeis. Klientams neleid\u017eiama pra\u0161yti gr\u0105\u017einti pinig\u0173 ar keisti prekes d\u0117l skoni\u0173.<\/p>\n<p>2. Kai atsiranda kokyb\u0117s problem\u0173, pateikite konkret\u0173 vaizdo \u012fra\u0161o ir nuotrauk\u0173 apra\u0161ym\u0105.<br \/>\nJei negalite pateikti \u012frodym\u0173, toki\u0173 kaip vaizdo \u012fra\u0161ai ir nuotraukos, prek\u0117s negali b\u016bti pakeistos.<\/p>","protected":false},"excerpt":{"rendered":"<p>SIDIA 12000 Puffs Top Sale si\u016blo didel\u012f pelno mar\u017e\u0105 ma\u017emenininkams. D\u0117l \u012fsp\u016bding\u0173 12 000 Puffs viename \u012frenginyje klientai nuolat gr\u012f\u0161. Tai rei\u0161kia didesnius pardavimus ir klient\u0173 lojalum\u0105, o tai lemia didesnes j\u016bs\u0173 verslo pajamas.<\/p>\n<p><img decoding=\"async\" class=\"alignnone wp-image-2151\" src=\"http:\/\/vapebulkp.com\/wp-content\/uploads\/2024\/04\/Mandy-WhatsApp-Randm.jpg\" alt=\"Mandy WhatsApp Atsitiktinis\" width=\"276\" height=\"293\" srcset=\"https:\/\/vapebulkp.com\/wp-content\/uploads\/2024\/04\/Mandy-WhatsApp-Randm.jpg 916w, https:\/\/vapebulkp.com\/wp-content\/uploads\/2024\/04\/Mandy-WhatsApp-Randm-282x300.jpg 282w, https:\/\/vapebulkp.com\/wp-content\/uploads\/2024\/04\/Mandy-WhatsApp-Randm-768x817.jpg 768w, https:\/\/vapebulkp.com\/wp-content\/uploads\/2024\/04\/Mandy-WhatsApp-Randm-600x638.jpg 600w\" sizes=\"(max-width: 276px) 100vw, 276px\" \/><\/p>\n<p>D\u0117l nuolaidos kainos susisiekite su Mandy per WhatsApp<a href=\"https:\/\/wa.me\/8618077105796\">+8618077105796<\/a><\/p>\n<p><span style=\"color: #ff0000\">PASTABA: Kainos m\u016bs\u0173 svetain\u0117je neapima siuntimo i\u0161laid\u0173<\/span><\/p>","protected":false},"featured_media":1727,"comment_status":"open","ping_status":"closed","template":"","meta":{"_uag_custom_page_level_css":"","_lmt_disableupdate":"no","_lmt_disable":"","site-sidebar-layout":"default","site-content-layout":"content-boxed-container","ast-site-content-layout":"normal-width-container","site-content-style":"boxed","site-sidebar-style":"unboxed","ast-global-header-display":"","ast-banner-title-visibility":"","ast-main-header-display":"","ast-hfb-above-header-display":"","ast-hfb-below-header-display":"","ast-hfb-mobile-header-display":"","site-post-title":"","ast-breadcrumbs-content":"","ast-featured-img":"","footer-sml-layout":"","theme-transparent-header-meta":"default","adv-header-id-meta":"","stick-header-meta":"","header-above-stick-meta":"","header-main-stick-meta":"","header-below-stick-meta":"","astra-migrate-meta-layouts":"set","_joinchat":[]},"product_cat":[166,153,155,33,59,100,34,158,157,154,152,58,84,156,63,32],"product_tag":[68,36,37,41,74,40],"class_list":["post-1622","product","type-product","status-publish","has-post-thumbnail","hentry","product_cat-12000-puffs-disposable-vape","product_cat-hot-disposable-vapes","product_cat-belgium-hot-disposable-vapes","product_cat-france-vape-hot-sale","product_cat-germany-hot-disposable-vape","product_cat-germany-wholesale-vape-shop","product_cat-netherlands-vape-good-sale","product_cat-norway-hot-disposable-vapes","product_cat-poland-hot-disposable-vapes","product_cat-portugal-hot-disposable-vapes","product_cat-spain-hot-disposable-vapes","product_cat-sweden-hot-disposable-vape","product_cat-sweden-wholesale-vape","product_cat-switzerland-hot-disposable-vapes","product_cat-top-sale-disposable-vape","product_cat-vape-hot-sale-this-week","product_tag-12000-puffs","product_tag-good-vape","product_tag-hot-sale-disposable-vape","product_tag-poland-hot-vape","product_tag-randm-vape","product_tag-sweden-hot-vape","desktop-align-left","tablet-align-left","mobile-align-left"],"yoast_head":"<!-- This site is optimized with the Yoast SEO plugin v21.1 - https:\/\/yoast.com\/wordpress\/plugins\/seo\/ -->\n<title>Wholesale Disposable Vape SIDIA 12000Puffs - vapebulkp.com<\/title>\n<meta name=\"description\" content=\"Wholesale Disposable Vape SIDIA 12000Puffs Top Sale is not just a high-performing product; it&#039;s also a visual delight. Its sleek design and attractive packaging make it a standout on your store shelves.\" \/>\n<meta name=\"robots\" content=\"index, follow, max-snippet:-1, max-image-preview:large, max-video-preview:-1\" \/>\n<link rel=\"canonical\" href=\"https:\/\/vapebulkp.com\/lt\/product\/wholesale-disposable-vape-sidia-12000puffs\/\" \/>\n<meta property=\"og:locale\" content=\"lt_LT\" \/>\n<meta property=\"og:type\" content=\"article\" \/>\n<meta property=\"og:title\" content=\"Wholesale Disposable Vape SIDIA 12000Puffs - vapebulkp.com\" \/>\n<meta property=\"og:description\" content=\"Wholesale Disposable Vape SIDIA 12000Puffs Top Sale is not just a high-performing product; it&#039;s also a visual delight. Its sleek design and attractive packaging make it a standout on your store shelves.\" \/>\n<meta property=\"og:url\" content=\"https:\/\/vapebulkp.com\/lt\/product\/wholesale-disposable-vape-sidia-12000puffs\/\" \/>\n<meta property=\"og:site_name\" content=\"vapebulkp.com\" \/>\n<meta property=\"article:modified_time\" content=\"2025-09-01T03:11:02+00:00\" \/>\n<meta property=\"og:image\" content=\"http:\/\/vapebulkp.com\/wp-content\/uploads\/2023\/09\/Hot-Selling-Sidia-12000-Puffs-20-Ml-Disposable_yyth-8.png\" \/>\n\t<meta property=\"og:image:width\" content=\"1060\" \/>\n\t<meta property=\"og:image:height\" content=\"647\" \/>\n\t<meta property=\"og:image:type\" content=\"image\/png\" \/>\n<meta name=\"twitter:card\" content=\"summary_large_image\" \/>\n<meta name=\"twitter:label1\" content=\"Est. reading time\" \/>\n\t<meta name=\"twitter:data1\" content=\"4 minut\u0117s\" \/>\n<script type=\"application\/ld+json\" class=\"yoast-schema-graph\">{\"@context\":\"https:\/\/schema.org\",\"@graph\":[{\"@type\":\"WebPage\",\"@id\":\"https:\/\/vapebulkp.com\/product\/wholesale-disposable-vape-sidia-12000puffs\/\",\"url\":\"https:\/\/vapebulkp.com\/product\/wholesale-disposable-vape-sidia-12000puffs\/\",\"name\":\"Wholesale Disposable Vape SIDIA 12000Puffs - vapebulkp.com\",\"isPartOf\":{\"@id\":\"https:\/\/vapebulkp.com\/#website\"},\"datePublished\":\"2023-09-28T07:40:29+00:00\",\"dateModified\":\"2025-09-01T03:11:02+00:00\",\"description\":\"Wholesale Disposable Vape SIDIA 12000Puffs Top Sale is not just a high-performing product; it's also a visual delight. Its sleek design and attractive packaging make it a standout on your store shelves.\",\"breadcrumb\":{\"@id\":\"https:\/\/vapebulkp.com\/product\/wholesale-disposable-vape-sidia-12000puffs\/#breadcrumb\"},\"inLanguage\":\"lt-LT\",\"potentialAction\":[{\"@type\":\"ReadAction\",\"target\":[\"https:\/\/vapebulkp.com\/product\/wholesale-disposable-vape-sidia-12000puffs\/\"]}]},{\"@type\":\"BreadcrumbList\",\"@id\":\"https:\/\/vapebulkp.com\/product\/wholesale-disposable-vape-sidia-12000puffs\/#breadcrumb\",\"itemListElement\":[{\"@type\":\"ListItem\",\"position\":1,\"name\":\"Home\",\"item\":\"https:\/\/vapebulkp.com\/\"},{\"@type\":\"ListItem\",\"position\":2,\"name\":\"Hot Trend Vapes\",\"item\":\"https:\/\/vapebulkp.com\/vape-shop\/\"},{\"@type\":\"ListItem\",\"position\":3,\"name\":\"Wholesale Disposable Vape SIDIA 12000Puffs\"}]},{\"@type\":\"WebSite\",\"@id\":\"https:\/\/vapebulkp.com\/#website\",\"url\":\"https:\/\/vapebulkp.com\/\",\"name\":\"vapebulkp.com\",\"description\":\"Buy Vape In Cheap Bulk Price Near you\",\"publisher\":{\"@id\":\"https:\/\/vapebulkp.com\/#organization\"},\"potentialAction\":[{\"@type\":\"SearchAction\",\"target\":{\"@type\":\"EntryPoint\",\"urlTemplate\":\"https:\/\/vapebulkp.com\/?s={search_term_string}\"},\"query-input\":\"required name=search_term_string\"}],\"inLanguage\":\"lt-LT\"},{\"@type\":\"Organization\",\"@id\":\"https:\/\/vapebulkp.com\/#organization\",\"name\":\"vapebulkp.com\",\"url\":\"https:\/\/vapebulkp.com\/\",\"logo\":{\"@type\":\"ImageObject\",\"inLanguage\":\"lt-LT\",\"@id\":\"https:\/\/vapebulkp.com\/#\/schema\/logo\/image\/\",\"url\":\"https:\/\/vapebulkp.com\/wp-content\/uploads\/2023\/09\/cropped-vapebulkp.png\",\"contentUrl\":\"https:\/\/vapebulkp.com\/wp-content\/uploads\/2023\/09\/cropped-vapebulkp.png\",\"width\":516,\"height\":163,\"caption\":\"vapebulkp.com\"},\"image\":{\"@id\":\"https:\/\/vapebulkp.com\/#\/schema\/logo\/image\/\"}}]}<\/script>\n<!-- \/ Yoast SEO plugin. -->","yoast_head_json":{"title":"Wholesale Disposable Vape SIDIA 12000Puffs - vapebulkp.com","description":"Wholesale Disposable Vape SIDIA 12000Puffs Top Sale is not just a high-performing product; it's also a visual delight. Its sleek design and attractive packaging make it a standout on your store shelves.","robots":{"index":"index","follow":"follow","max-snippet":"max-snippet:-1","max-image-preview":"max-image-preview:large","max-video-preview":"max-video-preview:-1"},"canonical":"https:\/\/vapebulkp.com\/lt\/product\/wholesale-disposable-vape-sidia-12000puffs\/","og_locale":"lt_LT","og_type":"article","og_title":"Wholesale Disposable Vape SIDIA 12000Puffs - vapebulkp.com","og_description":"Wholesale Disposable Vape SIDIA 12000Puffs Top Sale is not just a high-performing product; it's also a visual delight. Its sleek design and attractive packaging make it a standout on your store shelves.","og_url":"https:\/\/vapebulkp.com\/lt\/product\/wholesale-disposable-vape-sidia-12000puffs\/","og_site_name":"vapebulkp.com","article_modified_time":"2025-09-01T03:11:02+00:00","og_image":[{"width":1060,"height":647,"url":"http:\/\/vapebulkp.com\/wp-content\/uploads\/2023\/09\/Hot-Selling-Sidia-12000-Puffs-20-Ml-Disposable_yyth-8.png","type":"image\/png"}],"twitter_card":"summary_large_image","twitter_misc":{"Est. reading time":"4 minut\u0117s"},"schema":{"@context":"https:\/\/schema.org","@graph":[{"@type":"WebPage","@id":"https:\/\/vapebulkp.com\/product\/wholesale-disposable-vape-sidia-12000puffs\/","url":"https:\/\/vapebulkp.com\/product\/wholesale-disposable-vape-sidia-12000puffs\/","name":"Wholesale Disposable Vape SIDIA 12000Puffs - vapebulkp.com","isPartOf":{"@id":"https:\/\/vapebulkp.com\/#website"},"datePublished":"2023-09-28T07:40:29+00:00","dateModified":"2025-09-01T03:11:02+00:00","description":"Wholesale Disposable Vape SIDIA 12000Puffs Top Sale is not just a high-performing product; it's also a visual delight. Its sleek design and attractive packaging make it a standout on your store shelves.","breadcrumb":{"@id":"https:\/\/vapebulkp.com\/product\/wholesale-disposable-vape-sidia-12000puffs\/#breadcrumb"},"inLanguage":"lt-LT","potentialAction":[{"@type":"ReadAction","target":["https:\/\/vapebulkp.com\/product\/wholesale-disposable-vape-sidia-12000puffs\/"]}]},{"@type":"BreadcrumbList","@id":"https:\/\/vapebulkp.com\/product\/wholesale-disposable-vape-sidia-12000puffs\/#breadcrumb","itemListElement":[{"@type":"ListItem","position":1,"name":"Home","item":"https:\/\/vapebulkp.com\/"},{"@type":"ListItem","position":2,"name":"Hot Trend Vapes","item":"https:\/\/vapebulkp.com\/vape-shop\/"},{"@type":"ListItem","position":3,"name":"Wholesale Disposable Vape SIDIA 12000Puffs"}]},{"@type":"WebSite","@id":"https:\/\/vapebulkp.com\/#website","url":"https:\/\/vapebulkp.com\/","name":"vapebulkp.com","description":"Buy Vape In Cheap Bulk Price Near you","publisher":{"@id":"https:\/\/vapebulkp.com\/#organization"},"potentialAction":[{"@type":"SearchAction","target":{"@type":"EntryPoint","urlTemplate":"https:\/\/vapebulkp.com\/?s={search_term_string}"},"query-input":"required name=search_term_string"}],"inLanguage":"lt-LT"},{"@type":"Organization","@id":"https:\/\/vapebulkp.com\/#organization","name":"vapebulkp.com","url":"https:\/\/vapebulkp.com\/","logo":{"@type":"ImageObject","inLanguage":"lt-LT","@id":"https:\/\/vapebulkp.com\/#\/schema\/logo\/image\/","url":"https:\/\/vapebulkp.com\/wp-content\/uploads\/2023\/09\/cropped-vapebulkp.png","contentUrl":"https:\/\/vapebulkp.com\/wp-content\/uploads\/2023\/09\/cropped-vapebulkp.png","width":516,"height":163,"caption":"vapebulkp.com"},"image":{"@id":"https:\/\/vapebulkp.com\/#\/schema\/logo\/image\/"}}]}},"uagb_featured_image_src":{"full":["https:\/\/vapebulkp.com\/wp-content\/uploads\/2023\/09\/Hot-Selling-Sidia-12000-Puffs-20-Ml-Disposable_yyth-8.png",1060,647,false],"thumbnail":["https:\/\/vapebulkp.com\/wp-content\/uploads\/2023\/09\/Hot-Selling-Sidia-12000-Puffs-20-Ml-Disposable_yyth-8-150x150.png",150,150,true],"medium":["https:\/\/vapebulkp.com\/wp-content\/uploads\/2023\/09\/Hot-Selling-Sidia-12000-Puffs-20-Ml-Disposable_yyth-8-300x183.png",300,183,true],"medium_large":["https:\/\/vapebulkp.com\/wp-content\/uploads\/2023\/09\/Hot-Selling-Sidia-12000-Puffs-20-Ml-Disposable_yyth-8-768x469.png",768,469,true],"large":["https:\/\/vapebulkp.com\/wp-content\/uploads\/2023\/09\/Hot-Selling-Sidia-12000-Puffs-20-Ml-Disposable_yyth-8-1024x625.png",1024,625,true],"1536x1536":["https:\/\/vapebulkp.com\/wp-content\/uploads\/2023\/09\/Hot-Selling-Sidia-12000-Puffs-20-Ml-Disposable_yyth-8.png",1060,647,false],"2048x2048":["https:\/\/vapebulkp.com\/wp-content\/uploads\/2023\/09\/Hot-Selling-Sidia-12000-Puffs-20-Ml-Disposable_yyth-8.png",1060,647,false],"trp-custom-language-flag":["https:\/\/vapebulkp.com\/wp-content\/uploads\/2023\/09\/Hot-Selling-Sidia-12000-Puffs-20-Ml-Disposable_yyth-8.png",18,12,false],"woocommerce_thumbnail":["https:\/\/vapebulkp.com\/wp-content\/uploads\/2023\/09\/Hot-Selling-Sidia-12000-Puffs-20-Ml-Disposable_yyth-8-300x300.png",300,300,true],"woocommerce_single":["https:\/\/vapebulkp.com\/wp-content\/uploads\/2023\/09\/Hot-Selling-Sidia-12000-Puffs-20-Ml-Disposable_yyth-8-600x366.png",600,366,true],"woocommerce_gallery_thumbnail":["https:\/\/vapebulkp.com\/wp-content\/uploads\/2023\/09\/Hot-Selling-Sidia-12000-Puffs-20-Ml-Disposable_yyth-8-100x100.png",100,100,true],"wcpr-photo-reviews":["https:\/\/vapebulkp.com\/wp-content\/uploads\/2023\/09\/Hot-Selling-Sidia-12000-Puffs-20-Ml-Disposable_yyth-8.png",500,305,false]},"uagb_author_info":{"display_name":"Mandy vape bulk price","author_link":"https:\/\/vapebulkp.com\/lt\/author\/"},"uagb_comment_info":1,"uagb_excerpt":"The SIDIA 12000Puffs Top Sale offers a significant profit margin for retailers. With its impressive 12,000 puffs per device, customers will keep coming back for more. This means increased sales and customer loyalty, translating into higher revenue for your business. Pls Contact Mandy's WhatsApp For Discount Price+8618077105796 NOTE: Prices on our website does not include&hellip;","_links":{"self":[{"href":"https:\/\/vapebulkp.com\/lt\/wp-json\/wp\/v2\/product\/1622","targetHints":{"allow":["GET"]}}],"collection":[{"href":"https:\/\/vapebulkp.com\/lt\/wp-json\/wp\/v2\/product"}],"about":[{"href":"https:\/\/vapebulkp.com\/lt\/wp-json\/wp\/v2\/types\/product"}],"replies":[{"embeddable":true,"href":"https:\/\/vapebulkp.com\/lt\/wp-json\/wp\/v2\/comments?post=1622"}],"wp:featuredmedia":[{"embeddable":true,"href":"https:\/\/vapebulkp.com\/lt\/wp-json\/wp\/v2\/media\/1727"}],"wp:attachment":[{"href":"https:\/\/vapebulkp.com\/lt\/wp-json\/wp\/v2\/media?parent=1622"}],"wp:term":[{"taxonomy":"product_cat","embeddable":true,"href":"https:\/\/vapebulkp.com\/lt\/wp-json\/wp\/v2\/product_cat?post=1622"},{"taxonomy":"product_tag","embeddable":true,"href":"https:\/\/vapebulkp.com\/lt\/wp-json\/wp\/v2\/product_tag?post=1622"}],"curies":[{"name":"wp","href":"https:\/\/api.w.org\/{rel}","templated":true}]}}