{"id":1628,"date":"2023-09-28T10:07:00","date_gmt":"2023-09-28T08:07:00","guid":{"rendered":"https:\/\/vapebulkp.com\/?post_type=product&#038;p=1628"},"modified":"2025-09-24T05:22:20","modified_gmt":"2025-09-24T03:22:20","slug":"popular-bang-king-10000-puffs-vape-good-price","status":"publish","type":"product","link":"https:\/\/vapebulkp.com\/lt\/product\/popular-bang-king-10000-puffs-vape-good-price\/","title":{"rendered":"Populiarus \u201eBang King 10000 Puffs\u201c Vape u\u017e ger\u0105 kain\u0105"},"content":{"rendered":"<h2>Bang King 10000 P\u016btim\u0173 Geras Vienkartinis Vapes<\/h2>\n<p>Populiarus Bang King 10000 P\u016btim\u0173 Vienkartinis Vapes yra auk\u0161\u010diausios kokyb\u0117s didel\u0117s talpos vienkartinis Vapes, sukurtas vapingo entuziastams, kurie vertina na\u0161um\u0105, skon\u012f ir patogum\u0105. \u012erengta 650 mAh tinklelio rit\u0117s Vapes sistema ir C tipo greituoju \u012fkrovimu, ji nuosekliai tiekia lyg\u0173, tank\u0173 gar\u0105 per 10 000 p\u016btim\u0173.<\/p>\n<p>\u0160is ilgalaikis vienkartinis Vapes turi 18 ml i\u0161 anksto u\u017epildyt\u0105 bak\u0105 su nikotino druskos Vapes parinktimis 2% arba 5%, suteikian\u010diu sodr\u0173, patenkinam\u0105 skon\u012f nuo pirmo \u012fkv\u0117pimo iki paskutinio. Galimas platus auk\u0161\u010diausios kokyb\u0117s skoni\u0173 asortimentas, \u012fskaitant klasikin\u012f tabak\u0105, mentol\u012f, vaisi\u0173 ir desertinius mi\u0161inius, jis atitinka \u012fvairius skonio pageidavimus.<\/p>\n<p>Kompakti\u0161kas ir ergonomi\u0161kas, <a href=\"https:\/\/vapebulkp.com\/lt\/product-category\/10000-puffs-disposable-vape\/\">10000 d\u016bm\u0173 vienkartinis garintuvas<\/a> veikia kaip ne\u0161iojamas Vapes pod, puikiai tinkantis kelion\u0117ms, socialin\u0117ms progoms ar kasdieniam naudojimui. Jo 0,8 \u03a9 rit\u0117 u\u017etikrina efektyv\u0173 galios tiekim\u0105 ir nuosekl\u0173 \u012fkv\u0117pim\u0105, tod\u0117l tai yra patikimas pasirinkimas tiek atsitiktiniams vartotojams, tiek didmeniniams pirk\u0117jams visoje Europoje.<\/p>\n<p>Su savo patvarumo, skonio ir stiliaus deriniu, Populiarus Bang King 10000 P\u016btim\u0173 Vienkartinis Vapes suteikia paruo\u0161t\u0105 naudoti, auk\u0161tos kokyb\u0117s Vapes sprendim\u0105, kuris patenkina vartotojus, nekompromituojant patogumo.<\/p>\n<p><img decoding=\"async\" class=\"alignnone wp-image-1646\" style=\"font-style: inherit;font-weight: inherit\" src=\"http:\/\/vapebulkp.com\/wp-content\/uploads\/2023\/09\/100000-PUFFS-VAPE-BAR-BANG-1-300x300.jpg\" alt=\"100000 P\u016aTIM\u0172 VAPE BAR BANG\" width=\"415\" height=\"415\" srcset=\"https:\/\/vapebulkp.com\/wp-content\/uploads\/2023\/09\/100000-PUFFS-VAPE-BAR-BANG-1-300x300.jpg 300w, https:\/\/vapebulkp.com\/wp-content\/uploads\/2023\/09\/100000-PUFFS-VAPE-BAR-BANG-1-1024x1024.jpg 1024w, https:\/\/vapebulkp.com\/wp-content\/uploads\/2023\/09\/100000-PUFFS-VAPE-BAR-BANG-1-150x150.jpg 150w, https:\/\/vapebulkp.com\/wp-content\/uploads\/2023\/09\/100000-PUFFS-VAPE-BAR-BANG-1-768x768.jpg 768w, https:\/\/vapebulkp.com\/wp-content\/uploads\/2023\/09\/100000-PUFFS-VAPE-BAR-BANG-1-1536x1536.jpg 1536w, https:\/\/vapebulkp.com\/wp-content\/uploads\/2023\/09\/100000-PUFFS-VAPE-BAR-BANG-1-2048x2048.jpg 2048w, https:\/\/vapebulkp.com\/wp-content\/uploads\/2023\/09\/100000-PUFFS-VAPE-BAR-BANG-1-600x600.jpg 600w, https:\/\/vapebulkp.com\/wp-content\/uploads\/2023\/09\/100000-PUFFS-VAPE-BAR-BANG-1-100x100.jpg 100w\" sizes=\"(max-width: 415px) 100vw, 415px\" \/><\/p>\n<h6>D\u0117l nuolaidos kainos susisiekite su Mandy per WhatsApp<a href=\"https:\/\/wa.me\/8618077105796\">+8618077105796<\/a><\/h6>\n<h3><img decoding=\"async\" class=\"alignnone wp-image-2151\" src=\"http:\/\/vapebulkp.com\/wp-content\/uploads\/2024\/04\/Mandy-WhatsApp-Randm.jpg\" alt=\"Mandy WhatsApp Atsitiktinis\" width=\"269\" height=\"286\" srcset=\"https:\/\/vapebulkp.com\/wp-content\/uploads\/2024\/04\/Mandy-WhatsApp-Randm.jpg 916w, https:\/\/vapebulkp.com\/wp-content\/uploads\/2024\/04\/Mandy-WhatsApp-Randm-282x300.jpg 282w, https:\/\/vapebulkp.com\/wp-content\/uploads\/2024\/04\/Mandy-WhatsApp-Randm-768x817.jpg 768w, https:\/\/vapebulkp.com\/wp-content\/uploads\/2024\/04\/Mandy-WhatsApp-Randm-600x638.jpg 600w\" sizes=\"(max-width: 269px) 100vw, 269px\" \/><\/h3>\n<h2>Pagalvojote, kad galb\u016bt nor\u0117tum\u0117te su\u017einoti apie Bang King 10000 P\u016btim\u0173:<\/h2>\n<p>&nbsp;<\/p>\n<h6>1. KOKIA YRA E-SKY\u010cIO TALPA BANG KING 10000 P\u016aTIM\u0172?<\/h6>\n<p>\u0160is prietaisas turi 18 ml e. skys\u010dio.<\/p>\n<h6>2. KIEK ILGAI VEIKIA \u0160IS GARINTUVAS?<\/h6>\n<p>500 \u012fkv\u0117pim\u0173\/dien\u0105, gali veikti 24 dienas<br \/>\n1000 \u012fkv\u0117pim\u0173\/dien\u0105, gali veikti 12 dien\u0173<br \/>\n2000 \u012fkv\u0117pim\u0173\/dien\u0105, gali veikti 6 dienas<\/p>\n<h6>3. KAIP \u012eKRAUTI VIENKARTIN\u012e Vapes BANG KING 10000 P\u016aTIM\u0172 PRIETAIS\u0104?<\/h6>\n<p>Greito \u012fkrovimo \u012fkrovikliai negali b\u016bti naudojami. Standartin\u0117 saugi vienkartini\u0173 elektronini\u0173 cigare\u010di\u0173 galia yra 5V 1A. Kiekvienas \u012fkrovimo laikas negali vir\u0161yti 1 valandos, o saugus \u012fkrovimo laikas yra pus\u0117 valandos.<\/p>\n<p><span style=\"color: #ff6600\">Pastaba: negalima \u012fkrauti vis\u0105 nakt\u012f!<\/span><\/p>\n<h6>4. Kaip naudoti Bang King 10000 P\u016btim\u0173?<\/h6>\n<p>1: Prie\u0161 naudojant 10k p\u016btim\u0173, atjunkite plastikin\u012f vamzdel\u012f.<br \/>\n2: Palaukite apie 3 minutes, kad skystis patekt\u0173 \u012f viduje esan\u010di\u0105 spiral\u0119.<br \/>\n3: Prad\u0117kite m\u0117gautis<\/p>\n<h2><strong><span style=\"vertical-align: inherit\">Specifikacija <\/span><\/strong><strong>Bang King 10000 R\u016bkymai<\/strong><strong><span style=\"vertical-align: inherit\">\uff1a<\/span><br \/>\n<\/strong><\/h2>\n<p>Baterija: 650 mAh (C tipas)<br \/>\nTalpa: 18 ml<br \/>\nKaitinimo elementas: 0,8 omo tinklelis<br \/>\nApytikslis siurbimo t\u016bris: 10000 p\u016btim\u0173<br \/>\nNikotino stiprumas: 2%, 5%<\/p>\n<p>Efektyvus ir pastovus galios tiekimas<\/p>\n<h2><strong>\u00a0Bang King 10000 P\u016btim\u0173 Geriausi Vape skoni\u0173 variantai<\/strong><\/h2>\n<p>&nbsp;<\/p>\n<ol>\n<li>Alavij\u0173 vynuog\u0117s<\/li>\n<li>Bra\u0161ki\u0173 ledai<\/li>\n<li>Vasaros persik\u0173 ledai<\/li>\n<li>Mango persik\u0173 ledas<\/li>\n<li>Citrin\u0173 m\u0117ta<\/li>\n<li>Persik\u0173 m\u0117lyn\u0117s<\/li>\n<li>M\u0117lyn\u0173j\u0173 avie\u010di\u0173 ledas<\/li>\n<li>Trigub\u0173 uog\u0173 ledai<\/li>\n<li>Seksas papl\u016bdimyje<\/li>\n<li>Mamba<\/li>\n<\/ol>\n<p><a href=\"https:\/\/vapebulkp.com\/lt\/product\/popular-randm-tornado-7000puffs-disposable-vape-best-price\/\"><span style=\"vertical-align: inherit\">RandM Tornado 7000 \u012ftraukim\u0173 <\/span><\/a><\/p>\n<p><span style=\"vertical-align: inherit\">Raskite daugiau produkt\u0173, kurie jums gali patikti:<\/span><em><a href=\"https:\/\/wa.me\/8618077105796\"><span style=\"vertical-align: inherit\">\u00a0Pirkti dabar<\/span><\/a><\/em><\/p>\n<p><span style=\"vertical-align: inherit\">Kiti \u012ftraukimai, kurie jums gali patikti:<\/span><a href=\"https:\/\/vapebulkp.com\/lt\/product\/bang-box-12000puffs-good-vape-sweden-wholesale-price\/\"><span style=\"vertical-align: inherit\">Bang Box 12000 Puffs<\/span><\/a><span style=\"vertical-align: inherit\">\u3001<\/span><a href=\"https:\/\/vapebulkp.com\/lt\/product\/top-sale-waspe-12000puffs-disposable-vape-wholesale-france\/\"><span style=\"vertical-align: inherit\">WASPE 12000 Puf\u0173<\/span><\/a><span style=\"vertical-align: inherit\">\/ <\/span><a href=\"https:\/\/vapebulkp.com\/lt\/product\/wholesale-randm-tornado-9000-puffs-germany\/\"><span style=\"vertical-align: inherit\">RandM Tornado 9000 \u012ftraukim\u0173<\/span><\/a><span style=\"vertical-align: inherit\">\/ <\/span><a href=\"https:\/\/vapebulkp.com\/lt\/product\/bulk-buy-vapetop-sale-breze-7500-puffs-sweden\/\"><span style=\"vertical-align: inherit\">Breze Vape 7500P\u016btim\u0173<\/span><\/a><\/p>\n<p><span style=\"vertical-align: inherit\">Ypatingos formos elektronini\u0173 cigare\u010di\u0173 buteliukas:<\/span><a href=\"https:\/\/vapebulkp.com\/lt\/product\/good-sale-randm-tornado-10000-puffs-plus\/\"><span style=\"vertical-align: inherit\">RandM Tornado 10000 P\u016bli\u0173 Plus <\/span><\/a><span style=\"vertical-align: inherit\">\/<\/span><a href=\"https:\/\/vapebulkp.com\/lt\/product\/fumot-digital-box-12000-disposable-vape-wholesale\/\"><span style=\"vertical-align: inherit\">Fumot Digital box 12000 P\u016btim\u0173 <\/span><\/a><\/p>\n<h4>Gamybos kvalifikacija:<\/h4>\n<p><img decoding=\"async\" class=\"alignnone size-full wp-image-1841\" src=\"http:\/\/vapebulkp.com\/wp-content\/uploads\/2023\/11\/Vape-production-process-2.jpeg\" alt=\"\u201eVape\u201c gamybos procesas\" width=\"650\" height=\"434\" srcset=\"https:\/\/vapebulkp.com\/wp-content\/uploads\/2023\/11\/Vape-production-process-2.jpeg 650w, https:\/\/vapebulkp.com\/wp-content\/uploads\/2023\/11\/Vape-production-process-2-300x200.jpeg 300w, https:\/\/vapebulkp.com\/wp-content\/uploads\/2023\/11\/Vape-production-process-2-600x401.jpeg 600w\" sizes=\"(max-width: 650px) 100vw, 650px\" \/><\/p>\n<p><img decoding=\"async\" class=\"alignnone size-full wp-image-1843\" src=\"http:\/\/vapebulkp.com\/wp-content\/uploads\/2023\/11\/Vape-production-process.jpeg\" alt=\"\u201eVape\u201c gamybos procesas\" width=\"641\" height=\"1026\" srcset=\"https:\/\/vapebulkp.com\/wp-content\/uploads\/2023\/11\/Vape-production-process.jpeg 641w, https:\/\/vapebulkp.com\/wp-content\/uploads\/2023\/11\/Vape-production-process-187x300.jpeg 187w, https:\/\/vapebulkp.com\/wp-content\/uploads\/2023\/11\/Vape-production-process-640x1024.jpeg 640w, https:\/\/vapebulkp.com\/wp-content\/uploads\/2023\/11\/Vape-production-process-600x960.jpeg 600w\" sizes=\"(max-width: 641px) 100vw, 641px\" \/><\/p>\n<h5>DUK:<\/h5>\n<p>K: Koks yra minimalus u\u017esakymo kiekis Bang King 10000 P\u016btim\u0173?<br \/>\nA: Minimalus u\u017esakymas yra 50 vnt.<br \/>\nK: Koks yra u\u017esakyto garintuvo pristatymo laikas?<br \/>\nA: \u012eprastai 10\u201315 dien\u0173 po i\u0161siuntimo<br \/>\nK: Kiek kainuoja pristatymas?A: Pristatymo i\u0161laidos priklauso nuo svorio. Pristatymo i\u0161laidos skiriasi priklausomai nuo kiekio, o pristatymo i\u0161laidos kiekvienoje \u0161alyje yra skirtingos. Prie\u0161 pateikdami u\u017esakym\u0105, susisiekite su mumis, kad patvirtintum\u0117te pristatymo i\u0161laidas. Mes suteiksime jums patenkinam\u0105 apsipirkimo patirt\u012f.<\/p>\n<p>&nbsp;<\/p>\n<h4>Pristatymo detal\u0117s:<\/h4>\n<p><span style=\"color: #ff6600\">Gamybos laikas: 5-10 darbo dien\u0173<\/span><br \/>\n<span style=\"color: #ff6600\">Pristatymo laikas: 8-14 darbo dien\u0173<\/span><\/p>\n<p>Visi m\u016bs\u0173 parduotuv\u0117s produktai yra 100% original\u016bs ir autenti\u0161ki, tod\u0117l m\u016bs\u0173 parduotuv\u0117s politika yra de\u0161imteriopa kompensacija u\u017e padirbtas prekes. Prek\u0117ms pristatyti naudojame tokius logistikos kanalus kaip UPS\/DHL\/FEDEX\/DPD.<\/p>\n<p>Pristatymas \u012f Lietuvos \u0161alis paprastai trunka 10 darbo dien\u0173. Pristatymas \u012f Europos \u0161alis paprastai u\u017etrunka nuo 12 iki 15 darbo dien\u0173. Logistikos informacij\u0105 atnaujinsime realiuoju laiku.<\/p>\n<h3>Geras aptarnavimas po pardavimo:<\/h3>\n<p><span style=\"color: #ff6600\">Pastaba: N\u0117ra pinig\u0173 gr\u0105\u017einimo ar keitimo d\u0117l ne kokyb\u0117s problem\u0173<\/span><br \/>\n1. Klientai gali pasirinkti norim\u0105 skon\u012f, ta\u010diau jei skonio n\u0117ra sand\u0117lyje, gamybos skyrius pasirinks populiar\u0173 skon\u012f, kuris j\u012f pakeis. Klientams neleid\u017eiama pra\u0161yti gr\u0105\u017einti pinig\u0173 ar keisti prekes d\u0117l skoni\u0173.<\/p>\n<p>2. Kai atsiranda kokyb\u0117s problem\u0173, pateikite konkret\u0173 vaizdo \u012fra\u0161o ir nuotrauk\u0173 apra\u0161ym\u0105.<br \/>\nJei negalite pateikti \u012frodym\u0173, toki\u0173 kaip vaizdo \u012fra\u0161ai ir nuotraukos, prek\u0117s negali b\u016bti pakeistos.<\/p>","protected":false},"excerpt":{"rendered":"<p>Geras Pasi\u016blymas Bang king 10000 P\u016btim\u0173 VAPE<br \/>\nBang king 10000 p\u016btim\u0173 VAPE RINKINYS<br \/>\nGeriausias Vapes Bang king 10000 p\u016btim\u0173 VAPE BARAS<br \/>\nPopuliarus Bang Max 10000 P\u016btim\u0173 VAPE<br \/>\nGeras Vapes Bang Max 10000 P\u016btim\u0173 Geriausiai Parduodamas Vape<br \/>\nBang Max 10000 P\u016btim\u0173 VAPE BARAS<\/p>\n<p><img decoding=\"async\" class=\"alignnone wp-image-2151\" src=\"http:\/\/vapebulkp.com\/wp-content\/uploads\/2024\/04\/Mandy-WhatsApp-Randm.jpg\" alt=\"Mandy WhatsApp Atsitiktinis\" width=\"219\" height=\"233\" srcset=\"https:\/\/vapebulkp.com\/wp-content\/uploads\/2024\/04\/Mandy-WhatsApp-Randm.jpg 916w, https:\/\/vapebulkp.com\/wp-content\/uploads\/2024\/04\/Mandy-WhatsApp-Randm-282x300.jpg 282w, https:\/\/vapebulkp.com\/wp-content\/uploads\/2024\/04\/Mandy-WhatsApp-Randm-768x817.jpg 768w, https:\/\/vapebulkp.com\/wp-content\/uploads\/2024\/04\/Mandy-WhatsApp-Randm-600x638.jpg 600w\" sizes=\"(max-width: 219px) 100vw, 219px\" \/><\/p>\n<p>D\u0117l nuolaidos kainos susisiekite su Mandy per WhatsApp<a href=\"https:\/\/wa.me\/8618077105796\">+8618077105796<\/a><\/p>\n<p><span style=\"color: #ff0000\">PASTABA: Kainos m\u016bs\u0173 svetain\u0117je neapima siuntimo i\u0161laid\u0173<\/span><\/p>","protected":false},"featured_media":1642,"comment_status":"open","ping_status":"closed","template":"","meta":{"_uag_custom_page_level_css":"","_lmt_disableupdate":"no","_lmt_disable":"","site-sidebar-layout":"default","site-content-layout":"content-boxed-container","ast-site-content-layout":"normal-width-container","site-content-style":"boxed","site-sidebar-style":"unboxed","ast-global-header-display":"","ast-banner-title-visibility":"","ast-main-header-display":"","ast-hfb-above-header-display":"","ast-hfb-below-header-display":"","ast-hfb-mobile-header-display":"","site-post-title":"","ast-breadcrumbs-content":"","ast-featured-img":"","footer-sml-layout":"","theme-transparent-header-meta":"default","adv-header-id-meta":"","stick-header-meta":"","header-above-stick-meta":"","header-main-stick-meta":"","header-below-stick-meta":"","astra-migrate-meta-layouts":"set","_joinchat":[]},"product_cat":[167,153,344,155,33,59,100,34,158,157,154,152,58,84,156,63,32],"product_tag":[43,36,37,41,73,96],"class_list":["post-1628","product","type-product","status-publish","has-post-thumbnail","hentry","product_cat-10000-puffs-disposable-vape","product_cat-hot-disposable-vapes","product_cat-bang-king-vape","product_cat-belgium-hot-disposable-vapes","product_cat-france-vape-hot-sale","product_cat-germany-hot-disposable-vape","product_cat-germany-wholesale-vape-shop","product_cat-netherlands-vape-good-sale","product_cat-norway-hot-disposable-vapes","product_cat-poland-hot-disposable-vapes","product_cat-portugal-hot-disposable-vapes","product_cat-spain-hot-disposable-vapes","product_cat-sweden-hot-disposable-vape","product_cat-sweden-wholesale-vape","product_cat-switzerland-hot-disposable-vapes","product_cat-top-sale-disposable-vape","product_cat-vape-hot-sale-this-week","product_tag-10000puffs","product_tag-good-vape","product_tag-hot-sale-disposable-vape","product_tag-poland-hot-vape","product_tag-randm-10000puffs-vape","product_tag-sweden-hot-sale-vape","pa_brand-bang-king-vape","desktop-align-left","tablet-align-left","mobile-align-left"],"yoast_head":"<!-- This site is optimized with the Yoast SEO plugin v21.1 - https:\/\/yoast.com\/wordpress\/plugins\/seo\/ -->\n<title>Popular Bang King 10000 Puffs Vape Good Price - vapebulkp.com<\/title>\n<meta name=\"description\" content=\"The Popular Bang King 10000 Puffs Vape Good Price is a game-changer for vapers. With an astonishing 10,000 puffs, you&#039;ll enjoy an extended vaping experience like never before.\" \/>\n<meta name=\"robots\" content=\"index, follow, max-snippet:-1, max-image-preview:large, max-video-preview:-1\" \/>\n<link rel=\"canonical\" href=\"https:\/\/vapebulkp.com\/lt\/product\/popular-bang-king-10000-puffs-vape-good-price\/\" \/>\n<meta property=\"og:locale\" content=\"lt_LT\" \/>\n<meta property=\"og:type\" content=\"article\" \/>\n<meta property=\"og:title\" content=\"Popular Bang King 10000 Puffs Vape Good Price - vapebulkp.com\" \/>\n<meta property=\"og:description\" content=\"The Popular Bang King 10000 Puffs Vape Good Price is a game-changer for vapers. With an astonishing 10,000 puffs, you&#039;ll enjoy an extended vaping experience like never before.\" \/>\n<meta property=\"og:url\" content=\"https:\/\/vapebulkp.com\/lt\/product\/popular-bang-king-10000-puffs-vape-good-price\/\" \/>\n<meta property=\"og:site_name\" content=\"vapebulkp.com\" \/>\n<meta property=\"article:modified_time\" content=\"2025-09-24T03:22:20+00:00\" \/>\n<meta property=\"og:image\" content=\"http:\/\/vapebulkp.com\/wp-content\/uploads\/2023\/09\/100000-PUFFS-DISPOSABEL-HOT-SALE-BANG-scaled.jpg\" \/>\n\t<meta property=\"og:image:width\" content=\"1916\" \/>\n\t<meta property=\"og:image:height\" content=\"2560\" \/>\n\t<meta property=\"og:image:type\" content=\"image\/jpeg\" \/>\n<meta name=\"twitter:card\" content=\"summary_large_image\" \/>\n<meta name=\"twitter:label1\" content=\"Est. reading time\" \/>\n\t<meta name=\"twitter:data1\" content=\"4 minut\u0117s\" \/>\n<script type=\"application\/ld+json\" class=\"yoast-schema-graph\">{\"@context\":\"https:\/\/schema.org\",\"@graph\":[{\"@type\":\"WebPage\",\"@id\":\"https:\/\/vapebulkp.com\/product\/popular-bang-king-10000-puffs-vape-good-price\/\",\"url\":\"https:\/\/vapebulkp.com\/product\/popular-bang-king-10000-puffs-vape-good-price\/\",\"name\":\"Popular Bang King 10000 Puffs Vape Good Price - vapebulkp.com\",\"isPartOf\":{\"@id\":\"https:\/\/vapebulkp.com\/#website\"},\"datePublished\":\"2023-09-28T08:07:00+00:00\",\"dateModified\":\"2025-09-24T03:22:20+00:00\",\"description\":\"The Popular Bang King 10000 Puffs Vape Good Price is a game-changer for vapers. With an astonishing 10,000 puffs, you'll enjoy an extended vaping experience like never before.\",\"breadcrumb\":{\"@id\":\"https:\/\/vapebulkp.com\/product\/popular-bang-king-10000-puffs-vape-good-price\/#breadcrumb\"},\"inLanguage\":\"lt-LT\",\"potentialAction\":[{\"@type\":\"ReadAction\",\"target\":[\"https:\/\/vapebulkp.com\/product\/popular-bang-king-10000-puffs-vape-good-price\/\"]}]},{\"@type\":\"BreadcrumbList\",\"@id\":\"https:\/\/vapebulkp.com\/product\/popular-bang-king-10000-puffs-vape-good-price\/#breadcrumb\",\"itemListElement\":[{\"@type\":\"ListItem\",\"position\":1,\"name\":\"Home\",\"item\":\"https:\/\/vapebulkp.com\/\"},{\"@type\":\"ListItem\",\"position\":2,\"name\":\"Hot Trend Vapes\",\"item\":\"https:\/\/vapebulkp.com\/vape-shop\/\"},{\"@type\":\"ListItem\",\"position\":3,\"name\":\"Popular Bang King 10000 Puffs Vape Good Price\"}]},{\"@type\":\"WebSite\",\"@id\":\"https:\/\/vapebulkp.com\/#website\",\"url\":\"https:\/\/vapebulkp.com\/\",\"name\":\"vapebulkp.com\",\"description\":\"Buy Vape In Cheap Bulk Price Near you\",\"publisher\":{\"@id\":\"https:\/\/vapebulkp.com\/#organization\"},\"potentialAction\":[{\"@type\":\"SearchAction\",\"target\":{\"@type\":\"EntryPoint\",\"urlTemplate\":\"https:\/\/vapebulkp.com\/?s={search_term_string}\"},\"query-input\":\"required name=search_term_string\"}],\"inLanguage\":\"lt-LT\"},{\"@type\":\"Organization\",\"@id\":\"https:\/\/vapebulkp.com\/#organization\",\"name\":\"vapebulkp.com\",\"url\":\"https:\/\/vapebulkp.com\/\",\"logo\":{\"@type\":\"ImageObject\",\"inLanguage\":\"lt-LT\",\"@id\":\"https:\/\/vapebulkp.com\/#\/schema\/logo\/image\/\",\"url\":\"https:\/\/vapebulkp.com\/wp-content\/uploads\/2023\/09\/cropped-vapebulkp.png\",\"contentUrl\":\"https:\/\/vapebulkp.com\/wp-content\/uploads\/2023\/09\/cropped-vapebulkp.png\",\"width\":516,\"height\":163,\"caption\":\"vapebulkp.com\"},\"image\":{\"@id\":\"https:\/\/vapebulkp.com\/#\/schema\/logo\/image\/\"}}]}<\/script>\n<!-- \/ Yoast SEO plugin. -->","yoast_head_json":{"title":"Popular Bang King 10000 Puffs Vape Good Price - vapebulkp.com","description":"The Popular Bang King 10000 Puffs Vape Good Price is a game-changer for vapers. With an astonishing 10,000 puffs, you'll enjoy an extended vaping experience like never before.","robots":{"index":"index","follow":"follow","max-snippet":"max-snippet:-1","max-image-preview":"max-image-preview:large","max-video-preview":"max-video-preview:-1"},"canonical":"https:\/\/vapebulkp.com\/lt\/product\/popular-bang-king-10000-puffs-vape-good-price\/","og_locale":"lt_LT","og_type":"article","og_title":"Popular Bang King 10000 Puffs Vape Good Price - vapebulkp.com","og_description":"The Popular Bang King 10000 Puffs Vape Good Price is a game-changer for vapers. With an astonishing 10,000 puffs, you'll enjoy an extended vaping experience like never before.","og_url":"https:\/\/vapebulkp.com\/lt\/product\/popular-bang-king-10000-puffs-vape-good-price\/","og_site_name":"vapebulkp.com","article_modified_time":"2025-09-24T03:22:20+00:00","og_image":[{"width":1916,"height":2560,"url":"http:\/\/vapebulkp.com\/wp-content\/uploads\/2023\/09\/100000-PUFFS-DISPOSABEL-HOT-SALE-BANG-scaled.jpg","type":"image\/jpeg"}],"twitter_card":"summary_large_image","twitter_misc":{"Est. reading time":"4 minut\u0117s"},"schema":{"@context":"https:\/\/schema.org","@graph":[{"@type":"WebPage","@id":"https:\/\/vapebulkp.com\/product\/popular-bang-king-10000-puffs-vape-good-price\/","url":"https:\/\/vapebulkp.com\/product\/popular-bang-king-10000-puffs-vape-good-price\/","name":"Popular Bang King 10000 Puffs Vape Good Price - vapebulkp.com","isPartOf":{"@id":"https:\/\/vapebulkp.com\/#website"},"datePublished":"2023-09-28T08:07:00+00:00","dateModified":"2025-09-24T03:22:20+00:00","description":"The Popular Bang King 10000 Puffs Vape Good Price is a game-changer for vapers. With an astonishing 10,000 puffs, you'll enjoy an extended vaping experience like never before.","breadcrumb":{"@id":"https:\/\/vapebulkp.com\/product\/popular-bang-king-10000-puffs-vape-good-price\/#breadcrumb"},"inLanguage":"lt-LT","potentialAction":[{"@type":"ReadAction","target":["https:\/\/vapebulkp.com\/product\/popular-bang-king-10000-puffs-vape-good-price\/"]}]},{"@type":"BreadcrumbList","@id":"https:\/\/vapebulkp.com\/product\/popular-bang-king-10000-puffs-vape-good-price\/#breadcrumb","itemListElement":[{"@type":"ListItem","position":1,"name":"Home","item":"https:\/\/vapebulkp.com\/"},{"@type":"ListItem","position":2,"name":"Hot Trend Vapes","item":"https:\/\/vapebulkp.com\/vape-shop\/"},{"@type":"ListItem","position":3,"name":"Popular Bang King 10000 Puffs Vape Good Price"}]},{"@type":"WebSite","@id":"https:\/\/vapebulkp.com\/#website","url":"https:\/\/vapebulkp.com\/","name":"vapebulkp.com","description":"Buy Vape In Cheap Bulk Price Near you","publisher":{"@id":"https:\/\/vapebulkp.com\/#organization"},"potentialAction":[{"@type":"SearchAction","target":{"@type":"EntryPoint","urlTemplate":"https:\/\/vapebulkp.com\/?s={search_term_string}"},"query-input":"required name=search_term_string"}],"inLanguage":"lt-LT"},{"@type":"Organization","@id":"https:\/\/vapebulkp.com\/#organization","name":"vapebulkp.com","url":"https:\/\/vapebulkp.com\/","logo":{"@type":"ImageObject","inLanguage":"lt-LT","@id":"https:\/\/vapebulkp.com\/#\/schema\/logo\/image\/","url":"https:\/\/vapebulkp.com\/wp-content\/uploads\/2023\/09\/cropped-vapebulkp.png","contentUrl":"https:\/\/vapebulkp.com\/wp-content\/uploads\/2023\/09\/cropped-vapebulkp.png","width":516,"height":163,"caption":"vapebulkp.com"},"image":{"@id":"https:\/\/vapebulkp.com\/#\/schema\/logo\/image\/"}}]}},"uagb_featured_image_src":{"full":["https:\/\/vapebulkp.com\/wp-content\/uploads\/2023\/09\/100000-PUFFS-DISPOSABEL-HOT-SALE-BANG-scaled.jpg",1916,2560,false],"thumbnail":["https:\/\/vapebulkp.com\/wp-content\/uploads\/2023\/09\/100000-PUFFS-DISPOSABEL-HOT-SALE-BANG-150x150.jpg",150,150,true],"medium":["https:\/\/vapebulkp.com\/wp-content\/uploads\/2023\/09\/100000-PUFFS-DISPOSABEL-HOT-SALE-BANG-224x300.jpg",224,300,true],"medium_large":["https:\/\/vapebulkp.com\/wp-content\/uploads\/2023\/09\/100000-PUFFS-DISPOSABEL-HOT-SALE-BANG-768x1026.jpg",768,1026,true],"large":["https:\/\/vapebulkp.com\/wp-content\/uploads\/2023\/09\/100000-PUFFS-DISPOSABEL-HOT-SALE-BANG-766x1024.jpg",766,1024,true],"1536x1536":["https:\/\/vapebulkp.com\/wp-content\/uploads\/2023\/09\/100000-PUFFS-DISPOSABEL-HOT-SALE-BANG-1149x1536.jpg",1149,1536,true],"2048x2048":["https:\/\/vapebulkp.com\/wp-content\/uploads\/2023\/09\/100000-PUFFS-DISPOSABEL-HOT-SALE-BANG-1532x2048.jpg",1532,2048,true],"trp-custom-language-flag":["https:\/\/vapebulkp.com\/wp-content\/uploads\/2023\/09\/100000-PUFFS-DISPOSABEL-HOT-SALE-BANG-scaled.jpg",9,12,false],"woocommerce_thumbnail":["https:\/\/vapebulkp.com\/wp-content\/uploads\/2023\/09\/100000-PUFFS-DISPOSABEL-HOT-SALE-BANG-300x300.jpg",300,300,true],"woocommerce_single":["https:\/\/vapebulkp.com\/wp-content\/uploads\/2023\/09\/100000-PUFFS-DISPOSABEL-HOT-SALE-BANG-600x802.jpg",600,802,true],"woocommerce_gallery_thumbnail":["https:\/\/vapebulkp.com\/wp-content\/uploads\/2023\/09\/100000-PUFFS-DISPOSABEL-HOT-SALE-BANG-100x100.jpg",100,100,true],"wcpr-photo-reviews":["https:\/\/vapebulkp.com\/wp-content\/uploads\/2023\/09\/100000-PUFFS-DISPOSABEL-HOT-SALE-BANG-scaled.jpg",374,500,false]},"uagb_author_info":{"display_name":"Mandy vape bulk price","author_link":"https:\/\/vapebulkp.com\/lt\/author\/"},"uagb_comment_info":1,"uagb_excerpt":"Good Sale Bang king 10000 puff VAPE Bang king 10000 puff VAPE KIT Sweden Best Vape Bang king 10000 puff VAPE BAR Popular Bang Max 10000 Puff VAPE\u00a0 France Good Vape Bang Max 10000 Puffs Top Sale Vape Bang Max 10000 Puff VAPE BAR Pls Contact Mandy's WhatsApp For Discount Price+8618077105796 NOTE: Prices on our&hellip;","_links":{"self":[{"href":"https:\/\/vapebulkp.com\/lt\/wp-json\/wp\/v2\/product\/1628","targetHints":{"allow":["GET"]}}],"collection":[{"href":"https:\/\/vapebulkp.com\/lt\/wp-json\/wp\/v2\/product"}],"about":[{"href":"https:\/\/vapebulkp.com\/lt\/wp-json\/wp\/v2\/types\/product"}],"replies":[{"embeddable":true,"href":"https:\/\/vapebulkp.com\/lt\/wp-json\/wp\/v2\/comments?post=1628"}],"wp:featuredmedia":[{"embeddable":true,"href":"https:\/\/vapebulkp.com\/lt\/wp-json\/wp\/v2\/media\/1642"}],"wp:attachment":[{"href":"https:\/\/vapebulkp.com\/lt\/wp-json\/wp\/v2\/media?parent=1628"}],"wp:term":[{"taxonomy":"product_cat","embeddable":true,"href":"https:\/\/vapebulkp.com\/lt\/wp-json\/wp\/v2\/product_cat?post=1628"},{"taxonomy":"product_tag","embeddable":true,"href":"https:\/\/vapebulkp.com\/lt\/wp-json\/wp\/v2\/product_tag?post=1628"}],"curies":[{"name":"wp","href":"https:\/\/api.w.org\/{rel}","templated":true}]}}