{"id":1979,"date":"2023-12-26T08:44:42","date_gmt":"2023-12-26T07:44:42","guid":{"rendered":"https:\/\/vapebulkp.com\/?post_type=product&#038;p=1979"},"modified":"2025-09-24T05:18:15","modified_gmt":"2025-09-24T03:18:15","slug":"good-vape-jnr-shisha-15000-puffs-wholesale-vapme-shisha","status":"publish","type":"product","link":"https:\/\/vapebulkp.com\/lt\/product\/good-vape-jnr-shisha-15000-puffs-wholesale-vapme-shisha\/","title":{"rendered":"Geras Vape JNR SHISHA 15000 Puffs Didmenin\u0117 prekyba VAPME SHISHA"},"content":{"rendered":"<h2>Geras Vape JNR SHISHA 15000 Puffs Didmenin\u0117 prekyba VAPME SHISHA<\/h2>\n<p data-start=\"410\" data-end=\"753\">Tas <strong data-start=\"470\" data-end=\"498\">VAPME SHISHA 15000 \u012etraukim\u0173<\/strong> yra didel\u0117s talpos <a href=\"https:\/\/vapebulkp.com\/lt\/product-category\/15000-puffs-disposable-vape\/\"><strong data-start=\"518\" data-end=\"549\">15000 d\u016bm\u0173 vienkartinis garintuvas<\/strong><\/a> sukurtas jauniems Europos vyrams. Su 650 mAh \u012fkraunama baterija ir 25 ml auk\u0161\u010diausios kokyb\u0117s nikotino druskos e-skys\u010diu, jis u\u017etikrina \u0161velnius, tankius garus ir pastov\u0173 skon\u012f ilgalaik\u0117ms garinimo sesijoms.<\/p>\n<p data-start=\"755\" data-end=\"1182\">Su 2% ir 5% nikotino druskos pasirinkimais, \u0161is <strong data-start=\"798\" data-end=\"831\">nikotino druskos vienkartinis vape<\/strong> patenkina skirtingus pageidavimus. D\u0117l kompakti\u0161ko, stilingo dizaino jis yra puikus <strong data-start=\"912\" data-end=\"929\">ne\u0161iojamas vape<\/strong> kasdieniam naudojimui, kelion\u0117ms ar socialin\u0117ms progoms. Kiekvienoje demonstracin\u0117je d\u0117\u017eut\u0117je yra 10 prietais\u0173, idealiai tinkan\u010di\u0173 <strong data-start=\"1022\" data-end=\"1042\">didmeniniuose vape u\u017esakymuose<\/strong> ir ES didmeniniam platinimui. \u0160is <strong data-start=\"1078\" data-end=\"1110\">ilgai veikiantis vienkartinis vape<\/strong> u\u017etikrina nepertraukiam\u0105 malonum\u0105 su sodriu skoniu iki paskutinio \u012ftraukimo.<\/p>\n<p data-start=\"1184\" data-end=\"1393\">Auk\u0161tos kokyb\u0117s konstrukcija, <strong data-start=\"1211\" data-end=\"1238\">vienkartinis garintuvas<\/strong>ir greitas pristatymas ES paver\u010dia Good Vape JNR SHISHA 15000 \u012ftraukim\u0173 didmenin\u0117s prekybos VAPME SHISHA geriausiu pasirinkimu ma\u017emenininkams ir entuziastams, ie\u0161kantiems patikimo veikimo ir patogumo.<\/p>\n<p><img decoding=\"async\" class=\"alignnone wp-image-1970\" style=\"font-style: inherit;font-weight: inherit\" src=\"http:\/\/vapebulkp.com\/wp-content\/uploads\/2023\/12\/JNR-Shisha-15k-puff-discount-price-Sweden-1-scaled.jpg\" alt=\"JNR Shisha 15k \u012fkv\u0117pim\u0173 nuolaidos kaina \u0160vedija Kar\u0161ti garai\" width=\"714\" height=\"1049\" srcset=\"https:\/\/vapebulkp.com\/wp-content\/uploads\/2023\/12\/JNR-Shisha-15k-puff-discount-price-Sweden-1-scaled.jpg 1742w, https:\/\/vapebulkp.com\/wp-content\/uploads\/2023\/12\/JNR-Shisha-15k-puff-discount-price-Sweden-1-204x300.jpg 204w, https:\/\/vapebulkp.com\/wp-content\/uploads\/2023\/12\/JNR-Shisha-15k-puff-discount-price-Sweden-1-697x1024.jpg 697w, https:\/\/vapebulkp.com\/wp-content\/uploads\/2023\/12\/JNR-Shisha-15k-puff-discount-price-Sweden-1-768x1129.jpg 768w, https:\/\/vapebulkp.com\/wp-content\/uploads\/2023\/12\/JNR-Shisha-15k-puff-discount-price-Sweden-1-1045x1536.jpg 1045w, https:\/\/vapebulkp.com\/wp-content\/uploads\/2023\/12\/JNR-Shisha-15k-puff-discount-price-Sweden-1-1394x2048.jpg 1394w, https:\/\/vapebulkp.com\/wp-content\/uploads\/2023\/12\/JNR-Shisha-15k-puff-discount-price-Sweden-1-600x882.jpg 600w\" sizes=\"(max-width: 714px) 100vw, 714px\" \/><\/p>\n<h6 style=\"text-align: left\"><\/h6>\n<h6>D\u0117l nuolaidos kainos susisiekite su Mandy per WhatsApp<a href=\"https:\/\/wa.me\/8618077105796\">+8618077105796<\/a><\/h6>\n<p><img decoding=\"async\" class=\"alignnone wp-image-2151\" src=\"http:\/\/vapebulkp.com\/wp-content\/uploads\/2024\/04\/Mandy-WhatsApp-Randm.jpg\" alt=\"Mandy WhatsApp Atsitiktinis\" width=\"263\" height=\"280\" srcset=\"https:\/\/vapebulkp.com\/wp-content\/uploads\/2024\/04\/Mandy-WhatsApp-Randm.jpg 916w, https:\/\/vapebulkp.com\/wp-content\/uploads\/2024\/04\/Mandy-WhatsApp-Randm-282x300.jpg 282w, https:\/\/vapebulkp.com\/wp-content\/uploads\/2024\/04\/Mandy-WhatsApp-Randm-768x817.jpg 768w, https:\/\/vapebulkp.com\/wp-content\/uploads\/2024\/04\/Mandy-WhatsApp-Randm-600x638.jpg 600w\" sizes=\"(max-width: 263px) 100vw, 263px\" \/><\/p>\n<h2><span style=\"vertical-align: inherit\">Pagalvojau, kad jums gali b\u016bti \u012fdomu su\u017einoti apie Vapme shisha 15k Puff geriausiai parduodamus vape:<\/span><\/h2>\n<p>&nbsp;<\/p>\n<h4 class=\"style-scope ytd-watch-metadata\">1.Kaip naudoti Vapme shisha 15000 Puff Vape Pen?<\/h4>\n<p>1: Atpl\u0117\u0161kite u\u017esandarint\u0105 mai\u0161el\u012f<br \/>\n2: Nupl\u0117\u0161kite lipduk\u0105<br \/>\n3: I\u0161traukite silikonin\u012f kam\u0161tel\u012f ir leiskite pastov\u0117ti 10 min., tada gal\u0117site naudoti<\/p>\n<h6>2. Kaip \u012fkrauti vienkartin\u012f garintuv\u0105 \u201eVapme shisha 15000 Puffs\u201c?<\/h6>\n<p>Negalima naudoti greitojo \u012fkrovimo krovikli\u0173, o standartin\u0117 saugi vienkartini\u0173 elektronini\u0173 cigare\u010di\u0173 galia yra 5V 1A.<\/p>\n<p>Kiekvienas \u012fkrovimo laikas negali vir\u0161yti 1 valandos, o saugus \u012fkrovimo laikas yra pusvalandis.<\/p>\n<h6>3. Kiek \u012ftraukim\u0173 galima atlikti su vienkartiniu garintuvu \u201eVapme shisha 15000 Puffs\u201c?<\/h6>\n<p>\u2014-15000 P\u016btim\u0173<\/p>\n<p><span style=\"color: #ff6600\">Pastaba: negalima \u012fkrauti vis\u0105 nakt\u012f!<\/span><\/p>\n<p>&nbsp;<\/p>\n<h3>\u201eVapme shisha 15k Puffs\u201c garinimo produkto savyb\u0117s:<\/h3>\n<p>Modelis: VAPME SHISHA 15000 PUFFS<br \/>\n\u012etraukimai: 15000<br \/>\nBaterijos talpa: 650mAh<br \/>\nE-skys\u010dio t\u016bris: 25 ml<br \/>\nNikotino kiekis: 21% \/\/ 51% nikotino druska<br \/>\nPakuot\u0117: 10 vienet\u0173 1 vitrinoje<br \/>\nMinimalus u\u017esakymo kiekis (MOQ): 50 vienet\u0173<\/p>\n<h3><strong>Koks yra geriausias garintuvas \u201eVapme shisha\u201c<\/strong>\u00a015000 \u012ftraukim\u0173 <strong>Skoniai?<\/strong><\/h3>\n<p>1. M\u0117lyn\u0117s su ledu<br \/>\n2. Kiviai, pasiflorai, gvajava<br \/>\n3. M\u0117lyni\u0173 avie\u010di\u0173 limonadas<br \/>\n4. Bra\u0161k\u0117s ir kiviai<br \/>\n5. Mi\u0161rios uogos<br \/>\n6. Bra\u0161k\u0117s ir arb\u016bzas<br \/>\n7. Vynuogi\u0173 ledas<br \/>\n8. Arb\u016bz\u0173 ledas<br \/>\n9. Persikai, mangai, ananasai<br \/>\n10.Bra\u0161ki\u0173 ledas<br \/>\n11. Persik\u0173 ledas<br \/>\n12. Mangai ir bananai<\/p>\n<p><a href=\"https:\/\/vapebulkp.com\/lt\/product\/popular-randm-tornado-7000puffs-disposable-vape-best-price\/\">Randm tornado 7000 \u012ftraukim\u0173<\/a><\/p>\n<p><span style=\"vertical-align: inherit\">Raskite daugiau produkt\u0173, kurie jums gali patikti:<\/span><em><a href=\"https:\/\/wa.me\/8618077105796\"><span style=\"vertical-align: inherit\">\u00a0Pirkti dabar<\/span><\/a><\/em><\/p>\n<p><span style=\"vertical-align: inherit\">Kiti \u012ftraukimai, kurie jums gali patikti:<\/span><a href=\"https:\/\/vapebulkp.com\/lt\/product\/good-sale-randm-tornado-10000-puffs-plus\/\"><span style=\"vertical-align: inherit\">RandM 10000 \u012ftraukim\u0173<\/span><\/a><span style=\"vertical-align: inherit\">\u2014Su 10 000 \u012ftraukim\u0173 talpa, \u0161is \u012frenginys yra m\u0117gstamiausias tarp vaping entuziast\u0173.<\/span><\/p>\n<p><a href=\"https:\/\/vapebulkp.com\/lt\/product\/wholesale-randm-tornado-9000-puffs-germany\/\"><span style=\"vertical-align: inherit\">RandM Tornado 9000 \u012ftraukim\u0173<\/span><\/a><span style=\"vertical-align: inherit\">\u2014Kaip populiariausias elektroninis cigaret\u0117, Randm turi 9000 \u012ftraukim\u0173, kuriais galite m\u0117gautis<\/span><\/p>\n<p><a href=\"https:\/\/vapebulkp.com\/lt\/product\/popular-bang-king-10000-puffs-vape-good-price\/\"><span style=\"vertical-align: inherit\">Bang King 10000 \u012ftraukim\u0173<\/span><\/a><span style=\"vertical-align: inherit\">\u2014Bang King yra populiarus prek\u0117s \u017eenklas su unikaliais modeliais ir 10000 \u012ftraukim\u0173<\/span><\/p>\n<p><a href=\"https:\/\/vapebulkp.com\/lt\/product\/bang-king-12000puffs\/\"><span style=\"vertical-align: inherit\">Bang King 12000 \u012ftraukim\u0173<\/span><\/a>\u2014-\u201eBang King 12000 Puffs\u201c yra populiarus prek\u0117s \u017eenklas su unikaliais modeliais ir 12 000 p\u016btim\u0173, dar viena galimyb\u0117 patenkinti j\u016bs\u0173 garinimo poreikius.<\/p>\n<p><span style=\"vertical-align: inherit\">Ypatingos formos elektronini\u0173 cigare\u010di\u0173 buteliukas:<\/span><a href=\"https:\/\/vapebulkp.com\/lt\/product\/popular-kulx-10000puffs-disposable-vape-good-price\/\"><span style=\"vertical-align: inherit\">Kulx 10000 d\u016bm\u0173<\/span><\/a><span style=\"vertical-align: inherit\">\/ <\/span><a href=\"https:\/\/vapebulkp.com\/lt\/product\/disposable-vape-crystal-600-puffs\/\"><span style=\"vertical-align: inherit\">Crystal Legend 600 p\u016btim\u0173<\/span><\/a><span style=\"vertical-align: inherit\">\/<\/span><a href=\"https:\/\/vapebulkp.com\/lt\/product\/bang-box-12000puffs-good-vape-sweden-wholesale-price\/\"><span style=\"vertical-align: inherit\">Bang D\u0117\u017eut\u0117 vape 12000 P\u016btim\u0173<\/span><\/a><\/p>\n<h4>Naudinga \u017einoti apie elektronines cigaretes (e-cigaretes):<\/h4>\n<p>K: Kod\u0117l elektronin\u0117s cigaret\u0117s leid\u017eia aliej\u0173?<br \/>\nA: Elektronin\u0117s cigaret\u0117s aliejaus pratek\u0117jimas gali b\u016bti d\u0117l neteisingai sumontuoto atomizatoriaus \u0161erdies arba pa\u017eeisto sandarinimo \u017eiedo pildymo metu. Pildydami \u012fsitikinkite, kad nepriver\u017eiate per daug aliejaus, ir patikrinkite, ar sandarinimo \u017eiedas nepa\u017eeistas, tai gali veiksmingai suma\u017einti aliejaus pratek\u0117jim\u0105.<\/p>\n<p>K: Kod\u0117l elektronin\u0117 cigaret\u0117 kvepia deg\u0117siu?<br \/>\nA: Degantis kvapas da\u017eniausiai atsiranda d\u0117l atomizatoriaus \u0161erdies degimo sausai arba nepakankamo alyvos kiekio. Rekomenduojama reguliariai keisti atomizatoriaus \u0161erd\u012f ir u\u017etikrinti pakankam\u0105 alyvos kiek\u012f, kad b\u016bt\u0173 i\u0161vengta degimo sausai.<\/p>\n<p>K: Kod\u0117l elektronini\u0173 cigare\u010di\u0173 siurbimo galia silpn\u0117ja?<br \/>\nA: Silpnas siurbimas gali b\u016bti d\u0117l nepakankamos baterijos energijos, atomizatoriaus \u0161erdies sen\u0117jimo arba atomizatoriaus \u0161erdies u\u017esikim\u0161imo. Pabandykite \u012fkrauti baterij\u0105 arba pakeisti atomizatoriaus \u0161erd\u012f nauju, kad i\u0161spr\u0119stum\u0117te silpno siurbimo problem\u0105.<\/p>\n<p>K: Kaip valyti elektronini\u0173 cigare\u010di\u0173 \u012frang\u0105?<br \/>\nA: Reguliariai valydami elektronini\u0173 cigare\u010di\u0173 \u012frengin\u012f i\u0161laikysite jo veikim\u0105 ir skon\u012f. Naudokite mink\u0161t\u0105 \u0161luost\u0119 \u0161velniai nuvalykite \u012frenginio pavir\u0161i\u0173 ir naudokite medvilninius tampon\u0117lius, kad i\u0161valytum\u0117te jungtis ar vidinius pavir\u0161ius, ta\u010diau b\u016bkite atsarg\u016bs, kad nepa\u017eeistum\u0117te.<\/p>\n<p>K: Ar elektronin\u0117s cigaret\u0117s kenkia sveikatai?<br \/>\nA: Nors elektronin\u0117se cigaret\u0117se gali b\u016bti ma\u017eiau kenksming\u0173 med\u017eiag\u0173 nei tradicin\u0117se cigaret\u0117se, tai nerei\u0161kia, kad jos visi\u0161kai nekenksmingos. Ilgalaikis elektronini\u0173 cigare\u010di\u0173 vartojimas vis tiek gali tur\u0117ti tam tikr\u0105 poveik\u012f sveikatai. Geriausia riboti vartojim\u0105 ir kreiptis \u012f gydytoj\u0105.<\/p>\n<h4>Pristatymo detal\u0117s:<\/h4>\n<p><span style=\"color: #ff6600\">Gamybos laikas: 5-10 darbo dien\u0173<\/span><br \/>\n<span style=\"color: #ff6600\">Pristatymo laikas: 8-14 darbo dien\u0173<\/span><\/p>\n<p>Visi m\u016bs\u0173 parduotuv\u0117s produktai yra 100% original\u016bs ir autenti\u0161ki, tod\u0117l m\u016bs\u0173 parduotuv\u0117s politika yra de\u0161imteriopa kompensacija u\u017e padirbtas prekes. Prek\u0117ms pristatyti naudojame tokius logistikos kanalus kaip UPS\/DHL\/FEDEX\/DPD.<\/p>\n<p>Pristatymas \u012f Lietuvos \u0161alis paprastai trunka 10 darbo dien\u0173. Pristatymas \u012f Europos \u0161alis paprastai u\u017etrunka nuo 12 iki 15 darbo dien\u0173. Logistikos informacij\u0105 atnaujinsime realiuoju laiku.<\/p>\n<p>Susisiekite su mumis ir galime pasi\u016blyti jums Hazebar 12000 \u012fp\u016btim\u0173 ir pakelti j\u016bs\u0173 versl\u0105 \u012f didesnes auk\u0161tumas!<\/p>","protected":false},"excerpt":{"rendered":"<p>Didmenin\u0117 kaina <a href=\"https:\/\/vapebulkp.com\/lt\/product\/good-vape-jnr-shisha-15000-puffs-wholesale-vapme-shisha\/\">VAPME SHISHA 15000 \u012eTRAUKIM\u0172 <\/a>Populiariausias vape<br \/>\nVAPME SHISHA 15000 \u012eTRAUKIM\u0172 Kaljano vape parduotuv\u0117<br \/>\nPopuliarus VAPE Vapme shisha 15k \u012ftraukim\u0173<br \/>\n<img decoding=\"async\" class=\"alignnone wp-image-2151\" src=\"http:\/\/vapebulkp.com\/wp-content\/uploads\/2024\/04\/Mandy-WhatsApp-Randm.jpg\" alt=\"Mandy WhatsApp Atsitiktinis\" width=\"238\" height=\"253\" srcset=\"https:\/\/vapebulkp.com\/wp-content\/uploads\/2024\/04\/Mandy-WhatsApp-Randm.jpg 916w, https:\/\/vapebulkp.com\/wp-content\/uploads\/2024\/04\/Mandy-WhatsApp-Randm-282x300.jpg 282w, https:\/\/vapebulkp.com\/wp-content\/uploads\/2024\/04\/Mandy-WhatsApp-Randm-768x817.jpg 768w, https:\/\/vapebulkp.com\/wp-content\/uploads\/2024\/04\/Mandy-WhatsApp-Randm-600x638.jpg 600w\" sizes=\"(max-width: 238px) 100vw, 238px\" \/><\/p>\n<p>D\u0117l nuolaidos kainos susisiekite su Mandy per WhatsApp<a href=\"https:\/\/wa.me\/8618077105796\">+8618077105796<\/a><\/p>\n<p><span style=\"color: #ff0000\">PASTABA: Kainos m\u016bs\u0173 svetain\u0117je neapima siuntimo i\u0161laid\u0173<\/span><\/p>","protected":false},"featured_media":1973,"comment_status":"open","ping_status":"closed","template":"","meta":{"_uag_custom_page_level_css":"","_lmt_disableupdate":"no","_lmt_disable":"","site-sidebar-layout":"default","site-content-layout":"content-boxed-container","ast-site-content-layout":"normal-width-container","site-content-style":"boxed","site-sidebar-style":"unboxed","ast-global-header-display":"","ast-banner-title-visibility":"","ast-main-header-display":"","ast-hfb-above-header-display":"","ast-hfb-below-header-display":"","ast-hfb-mobile-header-display":"","site-post-title":"","ast-breadcrumbs-content":"","ast-featured-img":"","footer-sml-layout":"","theme-transparent-header-meta":"default","adv-header-id-meta":"","stick-header-meta":"","header-above-stick-meta":"","header-main-stick-meta":"","header-below-stick-meta":"","astra-migrate-meta-layouts":"set","_joinchat":[]},"product_cat":[165,153,155,33,59,100,353,34,158,157,154,152,58,84,156,63,32],"product_tag":[77,36,37,91,105,41,71,40],"class_list":["post-1979","product","type-product","status-publish","has-post-thumbnail","hentry","product_cat-15000-puffs-disposable-vape","product_cat-hot-disposable-vapes","product_cat-belgium-hot-disposable-vapes","product_cat-france-vape-hot-sale","product_cat-germany-hot-disposable-vape","product_cat-germany-wholesale-vape-shop","product_cat-jnr-vape","product_cat-netherlands-vape-good-sale","product_cat-norway-hot-disposable-vapes","product_cat-poland-hot-disposable-vapes","product_cat-portugal-hot-disposable-vapes","product_cat-spain-hot-disposable-vapes","product_cat-sweden-hot-disposable-vape","product_cat-sweden-wholesale-vape","product_cat-switzerland-hot-disposable-vapes","product_cat-top-sale-disposable-vape","product_cat-vape-hot-sale-this-week","product_tag-15000-puffs","product_tag-good-vape","product_tag-hot-sale-disposable-vape","product_tag-italy-hot-vape","product_tag-jnr","product_tag-poland-hot-vape","product_tag-randm","product_tag-sweden-hot-vape","pa_brand-vapme-vape","desktop-align-left","tablet-align-left","mobile-align-left"],"yoast_head":"<!-- This site is optimized with the Yoast SEO plugin v21.1 - https:\/\/yoast.com\/wordpress\/plugins\/seo\/ -->\n<title>Good Vape JNR SHISHA 15000 Puffs Wholesale VAPME SHISHA - vapebulkp.com<\/title>\n<meta name=\"description\" content=\"Buy the VAPME SHISHA 15000 Puffs, a high-capacity 15000 Puffs Disposable Vape with long-lasting battery and rich flavor. EU shipping \u2014 order now!\" \/>\n<meta name=\"robots\" content=\"index, follow, max-snippet:-1, max-image-preview:large, max-video-preview:-1\" \/>\n<link rel=\"canonical\" href=\"https:\/\/vapebulkp.com\/lt\/product\/good-vape-jnr-shisha-15000-puffs-wholesale-vapme-shisha\/\" \/>\n<meta property=\"og:locale\" content=\"lt_LT\" \/>\n<meta property=\"og:type\" content=\"article\" \/>\n<meta property=\"og:title\" content=\"Good Vape JNR SHISHA 15000 Puffs Wholesale VAPME SHISHA - vapebulkp.com\" \/>\n<meta property=\"og:description\" content=\"Buy the VAPME SHISHA 15000 Puffs, a high-capacity 15000 Puffs Disposable Vape with long-lasting battery and rich flavor. EU shipping \u2014 order now!\" \/>\n<meta property=\"og:url\" content=\"https:\/\/vapebulkp.com\/lt\/product\/good-vape-jnr-shisha-15000-puffs-wholesale-vapme-shisha\/\" \/>\n<meta property=\"og:site_name\" content=\"vapebulkp.com\" \/>\n<meta property=\"article:modified_time\" content=\"2025-09-24T03:18:15+00:00\" \/>\n<meta property=\"og:image\" content=\"http:\/\/vapebulkp.com\/wp-content\/uploads\/2023\/12\/JNR-Shisha-15k-puff-discount-price-Sweden-Germany-scaled.jpg\" \/>\n\t<meta property=\"og:image:width\" content=\"1742\" \/>\n\t<meta property=\"og:image:height\" content=\"2560\" \/>\n\t<meta property=\"og:image:type\" content=\"image\/jpeg\" \/>\n<meta name=\"twitter:card\" content=\"summary_large_image\" \/>\n<meta name=\"twitter:label1\" content=\"Est. reading time\" \/>\n\t<meta name=\"twitter:data1\" content=\"4 minut\u0117s\" \/>\n<script type=\"application\/ld+json\" class=\"yoast-schema-graph\">{\"@context\":\"https:\/\/schema.org\",\"@graph\":[{\"@type\":\"WebPage\",\"@id\":\"https:\/\/vapebulkp.com\/product\/good-vape-jnr-shisha-15000-puffs-wholesale-vapme-shisha\/\",\"url\":\"https:\/\/vapebulkp.com\/product\/good-vape-jnr-shisha-15000-puffs-wholesale-vapme-shisha\/\",\"name\":\"Good Vape JNR SHISHA 15000 Puffs Wholesale VAPME SHISHA - vapebulkp.com\",\"isPartOf\":{\"@id\":\"https:\/\/vapebulkp.com\/#website\"},\"datePublished\":\"2023-12-26T07:44:42+00:00\",\"dateModified\":\"2025-09-24T03:18:15+00:00\",\"description\":\"Buy the VAPME SHISHA 15000 Puffs, a high-capacity 15000 Puffs Disposable Vape with long-lasting battery and rich flavor. EU shipping \u2014 order now!\",\"breadcrumb\":{\"@id\":\"https:\/\/vapebulkp.com\/product\/good-vape-jnr-shisha-15000-puffs-wholesale-vapme-shisha\/#breadcrumb\"},\"inLanguage\":\"lt-LT\",\"potentialAction\":[{\"@type\":\"ReadAction\",\"target\":[\"https:\/\/vapebulkp.com\/product\/good-vape-jnr-shisha-15000-puffs-wholesale-vapme-shisha\/\"]}]},{\"@type\":\"BreadcrumbList\",\"@id\":\"https:\/\/vapebulkp.com\/product\/good-vape-jnr-shisha-15000-puffs-wholesale-vapme-shisha\/#breadcrumb\",\"itemListElement\":[{\"@type\":\"ListItem\",\"position\":1,\"name\":\"Home\",\"item\":\"https:\/\/vapebulkp.com\/\"},{\"@type\":\"ListItem\",\"position\":2,\"name\":\"Hot Trend Vapes\",\"item\":\"https:\/\/vapebulkp.com\/vape-shop\/\"},{\"@type\":\"ListItem\",\"position\":3,\"name\":\"Good Vape JNR SHISHA 15000 Puffs Wholesale VAPME SHISHA\"}]},{\"@type\":\"WebSite\",\"@id\":\"https:\/\/vapebulkp.com\/#website\",\"url\":\"https:\/\/vapebulkp.com\/\",\"name\":\"vapebulkp.com\",\"description\":\"Buy Vape In Cheap Bulk Price Near you\",\"publisher\":{\"@id\":\"https:\/\/vapebulkp.com\/#organization\"},\"potentialAction\":[{\"@type\":\"SearchAction\",\"target\":{\"@type\":\"EntryPoint\",\"urlTemplate\":\"https:\/\/vapebulkp.com\/?s={search_term_string}\"},\"query-input\":\"required name=search_term_string\"}],\"inLanguage\":\"lt-LT\"},{\"@type\":\"Organization\",\"@id\":\"https:\/\/vapebulkp.com\/#organization\",\"name\":\"vapebulkp.com\",\"url\":\"https:\/\/vapebulkp.com\/\",\"logo\":{\"@type\":\"ImageObject\",\"inLanguage\":\"lt-LT\",\"@id\":\"https:\/\/vapebulkp.com\/#\/schema\/logo\/image\/\",\"url\":\"https:\/\/vapebulkp.com\/wp-content\/uploads\/2023\/09\/cropped-vapebulkp.png\",\"contentUrl\":\"https:\/\/vapebulkp.com\/wp-content\/uploads\/2023\/09\/cropped-vapebulkp.png\",\"width\":516,\"height\":163,\"caption\":\"vapebulkp.com\"},\"image\":{\"@id\":\"https:\/\/vapebulkp.com\/#\/schema\/logo\/image\/\"}}]}<\/script>\n<!-- \/ Yoast SEO plugin. -->","yoast_head_json":{"title":"Good Vape JNR SHISHA 15000 Puffs Wholesale VAPME SHISHA - vapebulkp.com","description":"Buy the VAPME SHISHA 15000 Puffs, a high-capacity 15000 Puffs Disposable Vape with long-lasting battery and rich flavor. EU shipping \u2014 order now!","robots":{"index":"index","follow":"follow","max-snippet":"max-snippet:-1","max-image-preview":"max-image-preview:large","max-video-preview":"max-video-preview:-1"},"canonical":"https:\/\/vapebulkp.com\/lt\/product\/good-vape-jnr-shisha-15000-puffs-wholesale-vapme-shisha\/","og_locale":"lt_LT","og_type":"article","og_title":"Good Vape JNR SHISHA 15000 Puffs Wholesale VAPME SHISHA - vapebulkp.com","og_description":"Buy the VAPME SHISHA 15000 Puffs, a high-capacity 15000 Puffs Disposable Vape with long-lasting battery and rich flavor. EU shipping \u2014 order now!","og_url":"https:\/\/vapebulkp.com\/lt\/product\/good-vape-jnr-shisha-15000-puffs-wholesale-vapme-shisha\/","og_site_name":"vapebulkp.com","article_modified_time":"2025-09-24T03:18:15+00:00","og_image":[{"width":1742,"height":2560,"url":"http:\/\/vapebulkp.com\/wp-content\/uploads\/2023\/12\/JNR-Shisha-15k-puff-discount-price-Sweden-Germany-scaled.jpg","type":"image\/jpeg"}],"twitter_card":"summary_large_image","twitter_misc":{"Est. reading time":"4 minut\u0117s"},"schema":{"@context":"https:\/\/schema.org","@graph":[{"@type":"WebPage","@id":"https:\/\/vapebulkp.com\/product\/good-vape-jnr-shisha-15000-puffs-wholesale-vapme-shisha\/","url":"https:\/\/vapebulkp.com\/product\/good-vape-jnr-shisha-15000-puffs-wholesale-vapme-shisha\/","name":"Good Vape JNR SHISHA 15000 Puffs Wholesale VAPME SHISHA - vapebulkp.com","isPartOf":{"@id":"https:\/\/vapebulkp.com\/#website"},"datePublished":"2023-12-26T07:44:42+00:00","dateModified":"2025-09-24T03:18:15+00:00","description":"Buy the VAPME SHISHA 15000 Puffs, a high-capacity 15000 Puffs Disposable Vape with long-lasting battery and rich flavor. EU shipping \u2014 order now!","breadcrumb":{"@id":"https:\/\/vapebulkp.com\/product\/good-vape-jnr-shisha-15000-puffs-wholesale-vapme-shisha\/#breadcrumb"},"inLanguage":"lt-LT","potentialAction":[{"@type":"ReadAction","target":["https:\/\/vapebulkp.com\/product\/good-vape-jnr-shisha-15000-puffs-wholesale-vapme-shisha\/"]}]},{"@type":"BreadcrumbList","@id":"https:\/\/vapebulkp.com\/product\/good-vape-jnr-shisha-15000-puffs-wholesale-vapme-shisha\/#breadcrumb","itemListElement":[{"@type":"ListItem","position":1,"name":"Home","item":"https:\/\/vapebulkp.com\/"},{"@type":"ListItem","position":2,"name":"Hot Trend Vapes","item":"https:\/\/vapebulkp.com\/vape-shop\/"},{"@type":"ListItem","position":3,"name":"Good Vape JNR SHISHA 15000 Puffs Wholesale VAPME SHISHA"}]},{"@type":"WebSite","@id":"https:\/\/vapebulkp.com\/#website","url":"https:\/\/vapebulkp.com\/","name":"vapebulkp.com","description":"Buy Vape In Cheap Bulk Price Near you","publisher":{"@id":"https:\/\/vapebulkp.com\/#organization"},"potentialAction":[{"@type":"SearchAction","target":{"@type":"EntryPoint","urlTemplate":"https:\/\/vapebulkp.com\/?s={search_term_string}"},"query-input":"required name=search_term_string"}],"inLanguage":"lt-LT"},{"@type":"Organization","@id":"https:\/\/vapebulkp.com\/#organization","name":"vapebulkp.com","url":"https:\/\/vapebulkp.com\/","logo":{"@type":"ImageObject","inLanguage":"lt-LT","@id":"https:\/\/vapebulkp.com\/#\/schema\/logo\/image\/","url":"https:\/\/vapebulkp.com\/wp-content\/uploads\/2023\/09\/cropped-vapebulkp.png","contentUrl":"https:\/\/vapebulkp.com\/wp-content\/uploads\/2023\/09\/cropped-vapebulkp.png","width":516,"height":163,"caption":"vapebulkp.com"},"image":{"@id":"https:\/\/vapebulkp.com\/#\/schema\/logo\/image\/"}}]}},"uagb_featured_image_src":{"full":["https:\/\/vapebulkp.com\/wp-content\/uploads\/2023\/12\/JNR-Shisha-15k-puff-discount-price-Sweden-Germany-scaled.jpg",1742,2560,false],"thumbnail":["https:\/\/vapebulkp.com\/wp-content\/uploads\/2023\/12\/JNR-Shisha-15k-puff-discount-price-Sweden-Germany-150x150.jpg",150,150,true],"medium":["https:\/\/vapebulkp.com\/wp-content\/uploads\/2023\/12\/JNR-Shisha-15k-puff-discount-price-Sweden-Germany-204x300.jpg",204,300,true],"medium_large":["https:\/\/vapebulkp.com\/wp-content\/uploads\/2023\/12\/JNR-Shisha-15k-puff-discount-price-Sweden-Germany-768x1129.jpg",768,1129,true],"large":["https:\/\/vapebulkp.com\/wp-content\/uploads\/2023\/12\/JNR-Shisha-15k-puff-discount-price-Sweden-Germany-697x1024.jpg",697,1024,true],"1536x1536":["https:\/\/vapebulkp.com\/wp-content\/uploads\/2023\/12\/JNR-Shisha-15k-puff-discount-price-Sweden-Germany-1045x1536.jpg",1045,1536,true],"2048x2048":["https:\/\/vapebulkp.com\/wp-content\/uploads\/2023\/12\/JNR-Shisha-15k-puff-discount-price-Sweden-Germany-1394x2048.jpg",1394,2048,true],"trp-custom-language-flag":["https:\/\/vapebulkp.com\/wp-content\/uploads\/2023\/12\/JNR-Shisha-15k-puff-discount-price-Sweden-Germany-scaled.jpg",8,12,false],"woocommerce_thumbnail":["https:\/\/vapebulkp.com\/wp-content\/uploads\/2023\/12\/JNR-Shisha-15k-puff-discount-price-Sweden-Germany-300x300.jpg",300,300,true],"woocommerce_single":["https:\/\/vapebulkp.com\/wp-content\/uploads\/2023\/12\/JNR-Shisha-15k-puff-discount-price-Sweden-Germany-600x882.jpg",600,882,true],"woocommerce_gallery_thumbnail":["https:\/\/vapebulkp.com\/wp-content\/uploads\/2023\/12\/JNR-Shisha-15k-puff-discount-price-Sweden-Germany-100x100.jpg",100,100,true],"wcpr-photo-reviews":["https:\/\/vapebulkp.com\/wp-content\/uploads\/2023\/12\/JNR-Shisha-15k-puff-discount-price-Sweden-Germany-scaled.jpg",340,500,false]},"uagb_author_info":{"display_name":"Mandy vape bulk price","author_link":"https:\/\/vapebulkp.com\/lt\/author\/"},"uagb_comment_info":8,"uagb_excerpt":"Wholesale Prrice VAPME SHISHA 15000 PUFFS Top Sale Vape VAPME SHISHA 15000 PUFFS Hookah vape Shop Popular VAPE Vapme shisha 15k Puffs Pls Contact Mandy's WhatsApp For Discount Price+8618077105796 NOTE: Prices on our website does not include shipping costs","_links":{"self":[{"href":"https:\/\/vapebulkp.com\/lt\/wp-json\/wp\/v2\/product\/1979","targetHints":{"allow":["GET"]}}],"collection":[{"href":"https:\/\/vapebulkp.com\/lt\/wp-json\/wp\/v2\/product"}],"about":[{"href":"https:\/\/vapebulkp.com\/lt\/wp-json\/wp\/v2\/types\/product"}],"replies":[{"embeddable":true,"href":"https:\/\/vapebulkp.com\/lt\/wp-json\/wp\/v2\/comments?post=1979"}],"wp:featuredmedia":[{"embeddable":true,"href":"https:\/\/vapebulkp.com\/lt\/wp-json\/wp\/v2\/media\/1973"}],"wp:attachment":[{"href":"https:\/\/vapebulkp.com\/lt\/wp-json\/wp\/v2\/media?parent=1979"}],"wp:term":[{"taxonomy":"product_cat","embeddable":true,"href":"https:\/\/vapebulkp.com\/lt\/wp-json\/wp\/v2\/product_cat?post=1979"},{"taxonomy":"product_tag","embeddable":true,"href":"https:\/\/vapebulkp.com\/lt\/wp-json\/wp\/v2\/product_tag?post=1979"}],"curies":[{"name":"wp","href":"https:\/\/api.w.org\/{rel}","templated":true}]}}