{"id":2077,"date":"2024-02-26T08:15:03","date_gmt":"2024-02-26T07:15:03","guid":{"rendered":"https:\/\/vapebulkp.com\/?post_type=product&#038;p=2077"},"modified":"2025-09-24T05:17:06","modified_gmt":"2025-09-24T03:17:06","slug":"bang-20000-puffs-hot-vape-top-sale-vape","status":"publish","type":"product","link":"https:\/\/vapebulkp.com\/lt\/product\/bang-20000-puffs-hot-vape-top-sale-vape\/","title":{"rendered":"Bang 20000 Puffs populiariausias kar\u0161tas garintuvas, geriausiai parduodamas garintuvas"},"content":{"rendered":"<h2 style=\"text-align: left\">Bang 20000 Puffs populiariausias kar\u0161tas garintuvas, geriausiai parduodamas garintuvas<\/h2>\n<p data-start=\"157\" data-end=\"421\">Tas <strong data-start=\"201\" data-end=\"226\">Bang 20000 R\u016bkan\u010di\u0173 Vape<\/strong> yra didel\u0117s talpos vienkartinis garintuvas, sukurtas ilgalaikiam veikimui. Su 25 ml auk\u0161\u010diausios kokyb\u0117s el. skys\u010dio ir 16 populiari\u0173 skoni\u0173, jis suteikia nuolatinius, sodrius garus nuo pirmojo iki paskutinio \u012fkv\u0117pimo.<\/p>\n<p data-start=\"423\" data-end=\"702\">Pritaikytas su i\u0161maniuoju ekranu, rodan\u010diu baterijos ir el. skys\u010dio lygius, \u201eHot Sale Vape\u201c <strong data-start=\"490\" data-end=\"510\">Bang 20K R\u016bkan\u010di\u0173<\/strong> u\u017etikrina patogum\u0105 ir valdym\u0105 kiekvienam vartotojui. Sukurtas su eleganti\u0161ku korpusu ir galinga baterija, jis si\u016blo iki 20 000 \u012fkv\u0117pim\u0173, tod\u0117l yra patikimas pasirinkimas kasdieniam naudojimui ar socialiniams renginiams.<\/p>\n<p data-start=\"704\" data-end=\"914\">Puikiai tinka garintojams, norintiems skoni\u0173 \u012fvairov\u0117s, didelio \u012fkv\u0117pim\u0173 skai\u010diaus ir lengvo \u012fkrovimo, <strong data-start=\"791\" data-end=\"827\">Bangas <a href=\"https:\/\/vapebulkp.com\/lt\/product-category\/20000-puffs-disposable-vape\/\">20000 d\u016bm\u0173 vienkartinis garintuvas<\/a><\/strong> yra vienas populiariausi\u0173 prietais\u0173 rinkoje, pasitikimas d\u0117l kokyb\u0117s ir stiliaus.<\/p>\n<p><img decoding=\"async\" class=\"alignnone wp-image-2083\" src=\"http:\/\/vapebulkp.com\/wp-content\/uploads\/2024\/02\/Good-sale-vape-Bang-20000-puffs-Netherlands.jpg\" alt=\"Gerai parduodamas garintuvas Bang 20000 Puffs Nyderlandai\" width=\"402\" height=\"607\" srcset=\"https:\/\/vapebulkp.com\/wp-content\/uploads\/2024\/02\/Good-sale-vape-Bang-20000-puffs-Netherlands.jpg 1080w, https:\/\/vapebulkp.com\/wp-content\/uploads\/2024\/02\/Good-sale-vape-Bang-20000-puffs-Netherlands-199x300.jpg 199w, https:\/\/vapebulkp.com\/wp-content\/uploads\/2024\/02\/Good-sale-vape-Bang-20000-puffs-Netherlands-679x1024.jpg 679w, https:\/\/vapebulkp.com\/wp-content\/uploads\/2024\/02\/Good-sale-vape-Bang-20000-puffs-Netherlands-768x1158.jpg 768w, https:\/\/vapebulkp.com\/wp-content\/uploads\/2024\/02\/Good-sale-vape-Bang-20000-puffs-Netherlands-1018x1536.jpg 1018w, https:\/\/vapebulkp.com\/wp-content\/uploads\/2024\/02\/Good-sale-vape-Bang-20000-puffs-Netherlands-600x905.jpg 600w\" sizes=\"(max-width: 402px) 100vw, 402px\" \/><\/p>\n<p>&nbsp;<\/p>\n<h6>D\u0117l nuolaidos kainos susisiekite su Mandy per WhatsApp<a href=\"https:\/\/wa.me\/8618077105796\">+8618077105796<\/a><\/h6>\n<p><img decoding=\"async\" class=\"alignnone wp-image-2151\" src=\"http:\/\/vapebulkp.com\/wp-content\/uploads\/2024\/04\/Mandy-WhatsApp-Randm.jpg\" alt=\"Mandy WhatsApp Atsitiktinis\" width=\"261\" height=\"277\" srcset=\"https:\/\/vapebulkp.com\/wp-content\/uploads\/2024\/04\/Mandy-WhatsApp-Randm.jpg 916w, https:\/\/vapebulkp.com\/wp-content\/uploads\/2024\/04\/Mandy-WhatsApp-Randm-282x300.jpg 282w, https:\/\/vapebulkp.com\/wp-content\/uploads\/2024\/04\/Mandy-WhatsApp-Randm-768x817.jpg 768w, https:\/\/vapebulkp.com\/wp-content\/uploads\/2024\/04\/Mandy-WhatsApp-Randm-600x638.jpg 600w\" sizes=\"(max-width: 261px) 100vw, 261px\" \/><\/p>\n<h3>Paman\u0117me, kad jums gali b\u016bti \u012fdomu su\u017einoti apie \u201eBang 20000Puffs\u201c vienkartin\u012f VAPE:<\/h3>\n<h5>1. Kaip naudoti \u201eBang 20k Puffs Vape Pen\u201c?<\/h5>\n<p>1 \u017eingsnis. Prie\u0161 naudodami 20 t\u016bkstan\u010di\u0173 p\u016btim\u0173, atjunkite plastikin\u012f vamzdel\u012f.<\/p>\n<p>2 \u017eingsnis. Palaukite apie 3 minutes, kol sultys pateks \u012f rit\u0119 viduje.<\/p>\n<p>3 \u017eingsnis. M\u0117gaukit\u0117s<\/p>\n<h5>2. KAIP \u012eKRAUTI VIENKARTIN\u012e VAPE \u201eBang 20k PUFFS\u201c \u012eRENGIN\u012e?<\/h5>\n<p>Negalima naudoti greitojo \u012fkrovimo krovikli\u0173, o standartin\u0117 saugi vienkartini\u0173 elektronini\u0173 cigare\u010di\u0173 galia yra 5V 1A.<\/p>\n<p>Kiekvienas \u012fkrovimo laikas negali vir\u0161yti 1 valandos, o saugus \u012fkrovimo laikas yra pusvalandis.<\/p>\n<p><span style=\"color: #ff0000\">Pastaba: negalima \u012fkrauti vis\u0105 nakt\u012f!<\/span><\/p>\n<h5>3.Kokia yra \u201eBang 20000 Puffs WAPE\u201c e. skys\u010dio talpa?<\/h5>\n<p>\u2014\u201325 ml<\/p>\n<h5>4. Kiek \u012fkv\u0117pim\u0173 galiu atlikti i\u0161 \u0161io \u201eBang 20000 Puffs\u201c?<\/h5>\n<p>\u2014\u201420 t\u016bkst. \u012fkv\u0117pim\u0173<\/p>\n<h3>Didmenin\u0117 prekyba \u201eVape Bang 20000 Puffs\u201c vienkartinio \u201eVape Pod\u201c ypatyb\u0117s:<\/h3>\n<ul>\n<li>\u012ekv\u0117pim\u0173: iki 20000 \u012fkv\u0117pim\u0173<\/li>\n<li>\u00a0Skystis: 25 ml i\u0161 anksto u\u017epildytas el. skys\u010dio kaset\u0117<\/li>\n<li>Nikotinas: 2\/5% Nikotino druska<\/li>\n<li>\u00a0Tipai: Vienkartiniai<\/li>\n<li>\u00a0650mAh baterija<\/li>\n<li>\u00a0Tinklin\u0117 spiral\u0117<\/li>\n<li>\u00a0C tipo \u012fkraunamas<\/li>\n<li>\u00a016 skoni\u0173<\/li>\n<\/ul>\n<p>&nbsp;<\/p>\n<h3><strong>Kokie yra geriausi \u201eVape Bang 20000 Puffs\u201c skoniai?<\/strong><\/h3>\n<p>1.M\u0117tiniai<br \/>\n2. Bra\u0161ki\u0173 Li\u010diai<br \/>\n3. Bra\u0161ki\u0173 Kiviai<br \/>\n4. Bra\u0161ki\u0173 arb\u016bzas<br \/>\n5. Red Bull<br \/>\n6.Mi\u0161rios uogos<br \/>\n7.\u0160ilauogi\u0173 ledas<br \/>\n8.M\u0117lyni\u0173 ir avie\u010di\u0173<br \/>\n9.\u0160ilauog\u0117s ir arb\u016bzas<br \/>\n10.Vynuogi\u0173 ledas<br \/>\n11.Persik\u0173 ledas<br \/>\n12.Arb\u016bz\u0173 ledas<br \/>\n13.Aviet\u0117s ir arb\u016bzas<br \/>\n14.Bra\u0161k\u0117s ir mangas<br \/>\n15.Dvigubas obuolys<br \/>\n16.Mangas, persikas ir arb\u016bzas<\/p>\n<p><a href=\"https:\/\/vapebulkp.com\/lt\/product\/popular-randm-tornado-7000puffs-disposable-vape-best-price\/\"><span style=\"vertical-align: inherit\">RandM Tornado 7000 \u012ftraukim\u0173 <\/span><\/a><\/p>\n<p><span style=\"vertical-align: inherit\">Raskite daugiau produkt\u0173, kurie jums gali patikti:<\/span><em><a href=\"https:\/\/wa.me\/8618077105796\"><span style=\"vertical-align: inherit\">\u00a0Pirkti dabar<\/span><\/a><\/em><\/p>\n<p><span style=\"vertical-align: inherit\">Kiti \u012ftraukimai, kurie jums gali patikti:<\/span><a href=\"https:\/\/vapebulkp.com\/lt\/product\/joymy-ultra15000puffs-best-disposable-vape-2023\/\"><span style=\"vertical-align: inherit\">JOYMY 15000 Puffs<\/span><\/a><span style=\"vertical-align: inherit\">\u3001<\/span><a href=\"https:\/\/vapebulkp.com\/lt\/product\/wholesale-randm-tornado-9000-puffs-germany\/\"><span style=\"vertical-align: inherit\">RandM 9000 d\u016bm\u0173<\/span><\/a><span style=\"vertical-align: inherit\">\/ <\/span><a href=\"https:\/\/vapebulkp.com\/lt\/product\/bang-king-12000puffs\/\"><span style=\"vertical-align: inherit\">Bang King 12000 \u012ftraukim\u0173<\/span><\/a><span style=\"vertical-align: inherit\">\/ <\/span><a href=\"https:\/\/vapebulkp.com\/lt\/product\/wholesale-tornado-rum-bar-9000-puffs-sweden\/\"><span style=\"vertical-align: inherit\">Rumbar 9000 Puffs<\/span><\/a><\/p>\n<p><span style=\"vertical-align: inherit\">Ypatingos formos elektronini\u0173 cigare\u010di\u0173 buteliukas:<\/span><a href=\"https:\/\/vapebulkp.com\/lt\/product\/wholesale-kulx-8000-puffs-disposable-vape\/\"><span style=\"vertical-align: inherit\">\u00a0Kulx 8000 R\u016bkymai<\/span><\/a><span style=\"vertical-align: inherit\">\/ <\/span><a href=\"https:\/\/vapebulkp.com\/lt\/product\/popular-bang-king-10000-puffs-vape-good-price\/\"><span style=\"vertical-align: inherit\">\u00a0Bang King 10000 R\u016bkymai <\/span><\/a><span style=\"vertical-align: inherit\">\/<\/span><a href=\"https:\/\/vapebulkp.com\/lt\/product\/disposable-vape-crystal-600-puffs\/\"><span style=\"vertical-align: inherit\"> \u201eCrystal 600 Puffs\u201c<\/span><\/a><\/p>\n<h5>Gamybos kvalifikacija:<\/h5>\n<p><img decoding=\"async\" class=\"alignnone size-full wp-image-1841\" src=\"http:\/\/vapebulkp.com\/wp-content\/uploads\/2023\/11\/Vape-production-process-2.jpeg\" alt=\"\u201eVape\u201c gamybos procesas\" width=\"650\" height=\"434\" srcset=\"https:\/\/vapebulkp.com\/wp-content\/uploads\/2023\/11\/Vape-production-process-2.jpeg 650w, https:\/\/vapebulkp.com\/wp-content\/uploads\/2023\/11\/Vape-production-process-2-300x200.jpeg 300w, https:\/\/vapebulkp.com\/wp-content\/uploads\/2023\/11\/Vape-production-process-2-600x401.jpeg 600w\" sizes=\"(max-width: 650px) 100vw, 650px\" \/><\/p>\n<p><img decoding=\"async\" class=\"alignnone size-full wp-image-1843\" src=\"http:\/\/vapebulkp.com\/wp-content\/uploads\/2023\/11\/Vape-production-process.jpeg\" alt=\"\u201eVape\u201c gamybos procesas\" width=\"641\" height=\"1026\" srcset=\"https:\/\/vapebulkp.com\/wp-content\/uploads\/2023\/11\/Vape-production-process.jpeg 641w, https:\/\/vapebulkp.com\/wp-content\/uploads\/2023\/11\/Vape-production-process-187x300.jpeg 187w, https:\/\/vapebulkp.com\/wp-content\/uploads\/2023\/11\/Vape-production-process-640x1024.jpeg 640w, https:\/\/vapebulkp.com\/wp-content\/uploads\/2023\/11\/Vape-production-process-600x960.jpeg 600w\" sizes=\"(max-width: 641px) 100vw, 641px\" \/><\/p>\n<h5>DUK:<\/h5>\n<p>K: Koks yra Bang 20000 Puffs minimalus u\u017esakymo kiekis?<br \/>\nA: Minimalus u\u017esakymas yra 100 vnt.<br \/>\nK: Koks yra u\u017esakyto garintuvo pristatymo laikas?<br \/>\nA: \u012eprastai 10\u201315 dien\u0173 po i\u0161siuntimo<br \/>\nK: Kiek kainuoja pristatymas? A: Pristatymo kaina priklauso nuo svorio. Skirtingi kiekiai turi skirtingas pristatymo kainas, susisiekite su mumis, kad patvirtintum\u0117te pristatymo kain\u0105.<\/p>\n<h4>Pristatymo detal\u0117s:<\/h4>\n<p><span style=\"color: #ff6600\">Gamybos laikas: 5-10 darbo dien\u0173<\/span><br \/>\n<span style=\"color: #ff6600\">Pristatymo laikas: 8-14 darbo dien\u0173<\/span><\/p>\n<p>Visi m\u016bs\u0173 parduotuv\u0117s produktai yra 100% original\u016bs ir autenti\u0161ki, tod\u0117l m\u016bs\u0173 parduotuv\u0117s politika yra de\u0161imteriopa kompensacija u\u017e padirbtas prekes. Prek\u0117ms pristatyti naudojame tokius logistikos kanalus kaip UPS\/DHL\/FEDEX\/DPD.<\/p>\n<p>Pristatymas \u012f Lietuvos \u0161alis paprastai trunka 10 darbo dien\u0173. Pristatymas \u012f Europos \u0161alis paprastai u\u017etrunka nuo 12 iki 15 darbo dien\u0173. Logistikos informacij\u0105 atnaujinsime realiuoju laiku.<\/p>","protected":false},"excerpt":{"rendered":"<p>Naujai pristatytas vienkartinis \u201eBang 20000 Puffs\u201c garintuvas, kur\u012f nusipeln\u0117te.<\/p>\n<p><img decoding=\"async\" class=\"alignnone wp-image-2151\" src=\"http:\/\/vapebulkp.com\/wp-content\/uploads\/2024\/04\/Mandy-WhatsApp-Randm.jpg\" alt=\"Mandy WhatsApp Atsitiktinis\" width=\"281\" height=\"299\" srcset=\"https:\/\/vapebulkp.com\/wp-content\/uploads\/2024\/04\/Mandy-WhatsApp-Randm.jpg 916w, https:\/\/vapebulkp.com\/wp-content\/uploads\/2024\/04\/Mandy-WhatsApp-Randm-282x300.jpg 282w, https:\/\/vapebulkp.com\/wp-content\/uploads\/2024\/04\/Mandy-WhatsApp-Randm-768x817.jpg 768w, https:\/\/vapebulkp.com\/wp-content\/uploads\/2024\/04\/Mandy-WhatsApp-Randm-600x638.jpg 600w\" sizes=\"(max-width: 281px) 100vw, 281px\" \/><\/p>\n<p>D\u0117l nuolaidos kainos susisiekite su Mandy per WhatsApp<a href=\"https:\/\/wa.me\/8618077105796\">+8618077105796<\/a><\/p>\n<p><span style=\"color: #ff0000\">PASTABA: Kainos m\u016bs\u0173 svetain\u0117je neapima siuntimo i\u0161laid\u0173<\/span><\/p>\n<p>&nbsp;<\/p>","protected":false},"featured_media":2080,"comment_status":"open","ping_status":"closed","template":"","meta":{"_uag_custom_page_level_css":"","_lmt_disableupdate":"no","_lmt_disable":"","site-sidebar-layout":"default","site-content-layout":"content-boxed-container","ast-site-content-layout":"normal-width-container","site-content-style":"boxed","site-sidebar-style":"unboxed","ast-global-header-display":"","ast-banner-title-visibility":"","ast-main-header-display":"","ast-hfb-above-header-display":"","ast-hfb-below-header-display":"","ast-hfb-mobile-header-display":"","site-post-title":"","ast-breadcrumbs-content":"","ast-featured-img":"","footer-sml-layout":"","theme-transparent-header-meta":"default","adv-header-id-meta":"","stick-header-meta":"","header-above-stick-meta":"","header-main-stick-meta":"","header-below-stick-meta":"","astra-migrate-meta-layouts":"set","_joinchat":[]},"product_cat":[162,153,345,155,33,59,100,34,158,157,154,152,58,84,156,63,32],"product_tag":[109,36,37,41,40],"class_list":["post-2077","product","type-product","status-publish","has-post-thumbnail","hentry","product_cat-20000-puffs-disposable-vape","product_cat-hot-disposable-vapes","product_cat-bang-vapes","product_cat-belgium-hot-disposable-vapes","product_cat-france-vape-hot-sale","product_cat-germany-hot-disposable-vape","product_cat-germany-wholesale-vape-shop","product_cat-netherlands-vape-good-sale","product_cat-norway-hot-disposable-vapes","product_cat-poland-hot-disposable-vapes","product_cat-portugal-hot-disposable-vapes","product_cat-spain-hot-disposable-vapes","product_cat-sweden-hot-disposable-vape","product_cat-sweden-wholesale-vape","product_cat-switzerland-hot-disposable-vapes","product_cat-top-sale-disposable-vape","product_cat-vape-hot-sale-this-week","product_tag-20000-puffs","product_tag-good-vape","product_tag-hot-sale-disposable-vape","product_tag-poland-hot-vape","product_tag-sweden-hot-vape","pa_brand-bang-king-vape","desktop-align-left","tablet-align-left","mobile-align-left"],"yoast_head":"<!-- This site is optimized with the Yoast SEO plugin v21.1 - https:\/\/yoast.com\/wordpress\/plugins\/seo\/ -->\n<title>Bang 20000 Puffs Hot Vape Top Sale Vape - vapebulkp.com<\/title>\n<meta name=\"description\" content=\"Shop the Bang 20000 Puffs Disposable Vape with 25ml e-liquid, 16 flavors, and smart battery display. Long-lasting 20000 Puffs Vape \u2014 order now with fast shipping!\" \/>\n<meta name=\"robots\" content=\"index, follow, max-snippet:-1, max-image-preview:large, max-video-preview:-1\" \/>\n<link rel=\"canonical\" href=\"https:\/\/vapebulkp.com\/lt\/product\/bang-20000-puffs-hot-vape-top-sale-vape\/\" \/>\n<meta property=\"og:locale\" content=\"lt_LT\" \/>\n<meta property=\"og:type\" content=\"article\" \/>\n<meta property=\"og:title\" content=\"Bang 20000 Puffs Hot Vape Top Sale Vape - vapebulkp.com\" \/>\n<meta property=\"og:description\" content=\"Shop the Bang 20000 Puffs Disposable Vape with 25ml e-liquid, 16 flavors, and smart battery display. Long-lasting 20000 Puffs Vape \u2014 order now with fast shipping!\" \/>\n<meta property=\"og:url\" content=\"https:\/\/vapebulkp.com\/lt\/product\/bang-20000-puffs-hot-vape-top-sale-vape\/\" \/>\n<meta property=\"og:site_name\" content=\"vapebulkp.com\" \/>\n<meta property=\"article:modified_time\" content=\"2025-09-24T03:17:06+00:00\" \/>\n<meta property=\"og:image\" content=\"http:\/\/vapebulkp.com\/wp-content\/uploads\/2024\/02\/Good-sale-vape-Bang-20000-puffs.jpg\" \/>\n\t<meta property=\"og:image:width\" content=\"1080\" \/>\n\t<meta property=\"og:image:height\" content=\"1341\" \/>\n\t<meta property=\"og:image:type\" content=\"image\/jpeg\" \/>\n<meta name=\"twitter:card\" content=\"summary_large_image\" \/>\n<meta name=\"twitter:label1\" content=\"Est. reading time\" \/>\n\t<meta name=\"twitter:data1\" content=\"4 minut\u0117s\" \/>\n<script type=\"application\/ld+json\" class=\"yoast-schema-graph\">{\"@context\":\"https:\/\/schema.org\",\"@graph\":[{\"@type\":\"WebPage\",\"@id\":\"https:\/\/vapebulkp.com\/product\/bang-20000-puffs-hot-vape-top-sale-vape\/\",\"url\":\"https:\/\/vapebulkp.com\/product\/bang-20000-puffs-hot-vape-top-sale-vape\/\",\"name\":\"Bang 20000 Puffs Hot Vape Top Sale Vape - vapebulkp.com\",\"isPartOf\":{\"@id\":\"https:\/\/vapebulkp.com\/#website\"},\"datePublished\":\"2024-02-26T07:15:03+00:00\",\"dateModified\":\"2025-09-24T03:17:06+00:00\",\"description\":\"Shop the Bang 20000 Puffs Disposable Vape with 25ml e-liquid, 16 flavors, and smart battery display. Long-lasting 20000 Puffs Vape \u2014 order now with fast shipping!\",\"breadcrumb\":{\"@id\":\"https:\/\/vapebulkp.com\/product\/bang-20000-puffs-hot-vape-top-sale-vape\/#breadcrumb\"},\"inLanguage\":\"lt-LT\",\"potentialAction\":[{\"@type\":\"ReadAction\",\"target\":[\"https:\/\/vapebulkp.com\/product\/bang-20000-puffs-hot-vape-top-sale-vape\/\"]}]},{\"@type\":\"BreadcrumbList\",\"@id\":\"https:\/\/vapebulkp.com\/product\/bang-20000-puffs-hot-vape-top-sale-vape\/#breadcrumb\",\"itemListElement\":[{\"@type\":\"ListItem\",\"position\":1,\"name\":\"Home\",\"item\":\"https:\/\/vapebulkp.com\/\"},{\"@type\":\"ListItem\",\"position\":2,\"name\":\"Hot Trend Vapes\",\"item\":\"https:\/\/vapebulkp.com\/vape-shop\/\"},{\"@type\":\"ListItem\",\"position\":3,\"name\":\"Bang 20000 Puffs Hot Vape Top Sale Vape\"}]},{\"@type\":\"WebSite\",\"@id\":\"https:\/\/vapebulkp.com\/#website\",\"url\":\"https:\/\/vapebulkp.com\/\",\"name\":\"vapebulkp.com\",\"description\":\"Buy Vape In Cheap Bulk Price Near you\",\"publisher\":{\"@id\":\"https:\/\/vapebulkp.com\/#organization\"},\"potentialAction\":[{\"@type\":\"SearchAction\",\"target\":{\"@type\":\"EntryPoint\",\"urlTemplate\":\"https:\/\/vapebulkp.com\/?s={search_term_string}\"},\"query-input\":\"required name=search_term_string\"}],\"inLanguage\":\"lt-LT\"},{\"@type\":\"Organization\",\"@id\":\"https:\/\/vapebulkp.com\/#organization\",\"name\":\"vapebulkp.com\",\"url\":\"https:\/\/vapebulkp.com\/\",\"logo\":{\"@type\":\"ImageObject\",\"inLanguage\":\"lt-LT\",\"@id\":\"https:\/\/vapebulkp.com\/#\/schema\/logo\/image\/\",\"url\":\"https:\/\/vapebulkp.com\/wp-content\/uploads\/2023\/09\/cropped-vapebulkp.png\",\"contentUrl\":\"https:\/\/vapebulkp.com\/wp-content\/uploads\/2023\/09\/cropped-vapebulkp.png\",\"width\":516,\"height\":163,\"caption\":\"vapebulkp.com\"},\"image\":{\"@id\":\"https:\/\/vapebulkp.com\/#\/schema\/logo\/image\/\"}}]}<\/script>\n<!-- \/ Yoast SEO plugin. -->","yoast_head_json":{"title":"Bang 20000 Puffs Hot Vape Top Sale Vape - vapebulkp.com","description":"Shop the Bang 20000 Puffs Disposable Vape with 25ml e-liquid, 16 flavors, and smart battery display. Long-lasting 20000 Puffs Vape \u2014 order now with fast shipping!","robots":{"index":"index","follow":"follow","max-snippet":"max-snippet:-1","max-image-preview":"max-image-preview:large","max-video-preview":"max-video-preview:-1"},"canonical":"https:\/\/vapebulkp.com\/lt\/product\/bang-20000-puffs-hot-vape-top-sale-vape\/","og_locale":"lt_LT","og_type":"article","og_title":"Bang 20000 Puffs Hot Vape Top Sale Vape - vapebulkp.com","og_description":"Shop the Bang 20000 Puffs Disposable Vape with 25ml e-liquid, 16 flavors, and smart battery display. Long-lasting 20000 Puffs Vape \u2014 order now with fast shipping!","og_url":"https:\/\/vapebulkp.com\/lt\/product\/bang-20000-puffs-hot-vape-top-sale-vape\/","og_site_name":"vapebulkp.com","article_modified_time":"2025-09-24T03:17:06+00:00","og_image":[{"width":1080,"height":1341,"url":"http:\/\/vapebulkp.com\/wp-content\/uploads\/2024\/02\/Good-sale-vape-Bang-20000-puffs.jpg","type":"image\/jpeg"}],"twitter_card":"summary_large_image","twitter_misc":{"Est. reading time":"4 minut\u0117s"},"schema":{"@context":"https:\/\/schema.org","@graph":[{"@type":"WebPage","@id":"https:\/\/vapebulkp.com\/product\/bang-20000-puffs-hot-vape-top-sale-vape\/","url":"https:\/\/vapebulkp.com\/product\/bang-20000-puffs-hot-vape-top-sale-vape\/","name":"Bang 20000 Puffs Hot Vape Top Sale Vape - vapebulkp.com","isPartOf":{"@id":"https:\/\/vapebulkp.com\/#website"},"datePublished":"2024-02-26T07:15:03+00:00","dateModified":"2025-09-24T03:17:06+00:00","description":"Shop the Bang 20000 Puffs Disposable Vape with 25ml e-liquid, 16 flavors, and smart battery display. Long-lasting 20000 Puffs Vape \u2014 order now with fast shipping!","breadcrumb":{"@id":"https:\/\/vapebulkp.com\/product\/bang-20000-puffs-hot-vape-top-sale-vape\/#breadcrumb"},"inLanguage":"lt-LT","potentialAction":[{"@type":"ReadAction","target":["https:\/\/vapebulkp.com\/product\/bang-20000-puffs-hot-vape-top-sale-vape\/"]}]},{"@type":"BreadcrumbList","@id":"https:\/\/vapebulkp.com\/product\/bang-20000-puffs-hot-vape-top-sale-vape\/#breadcrumb","itemListElement":[{"@type":"ListItem","position":1,"name":"Home","item":"https:\/\/vapebulkp.com\/"},{"@type":"ListItem","position":2,"name":"Hot Trend Vapes","item":"https:\/\/vapebulkp.com\/vape-shop\/"},{"@type":"ListItem","position":3,"name":"Bang 20000 Puffs Hot Vape Top Sale Vape"}]},{"@type":"WebSite","@id":"https:\/\/vapebulkp.com\/#website","url":"https:\/\/vapebulkp.com\/","name":"vapebulkp.com","description":"Buy Vape In Cheap Bulk Price Near you","publisher":{"@id":"https:\/\/vapebulkp.com\/#organization"},"potentialAction":[{"@type":"SearchAction","target":{"@type":"EntryPoint","urlTemplate":"https:\/\/vapebulkp.com\/?s={search_term_string}"},"query-input":"required name=search_term_string"}],"inLanguage":"lt-LT"},{"@type":"Organization","@id":"https:\/\/vapebulkp.com\/#organization","name":"vapebulkp.com","url":"https:\/\/vapebulkp.com\/","logo":{"@type":"ImageObject","inLanguage":"lt-LT","@id":"https:\/\/vapebulkp.com\/#\/schema\/logo\/image\/","url":"https:\/\/vapebulkp.com\/wp-content\/uploads\/2023\/09\/cropped-vapebulkp.png","contentUrl":"https:\/\/vapebulkp.com\/wp-content\/uploads\/2023\/09\/cropped-vapebulkp.png","width":516,"height":163,"caption":"vapebulkp.com"},"image":{"@id":"https:\/\/vapebulkp.com\/#\/schema\/logo\/image\/"}}]}},"uagb_featured_image_src":{"full":["https:\/\/vapebulkp.com\/wp-content\/uploads\/2024\/02\/Good-sale-vape-Bang-20000-puffs.jpg",1080,1341,false],"thumbnail":["https:\/\/vapebulkp.com\/wp-content\/uploads\/2024\/02\/Good-sale-vape-Bang-20000-puffs-150x150.jpg",150,150,true],"medium":["https:\/\/vapebulkp.com\/wp-content\/uploads\/2024\/02\/Good-sale-vape-Bang-20000-puffs-242x300.jpg",242,300,true],"medium_large":["https:\/\/vapebulkp.com\/wp-content\/uploads\/2024\/02\/Good-sale-vape-Bang-20000-puffs-768x954.jpg",768,954,true],"large":["https:\/\/vapebulkp.com\/wp-content\/uploads\/2024\/02\/Good-sale-vape-Bang-20000-puffs-825x1024.jpg",825,1024,true],"1536x1536":["https:\/\/vapebulkp.com\/wp-content\/uploads\/2024\/02\/Good-sale-vape-Bang-20000-puffs.jpg",1080,1341,false],"2048x2048":["https:\/\/vapebulkp.com\/wp-content\/uploads\/2024\/02\/Good-sale-vape-Bang-20000-puffs.jpg",1080,1341,false],"trp-custom-language-flag":["https:\/\/vapebulkp.com\/wp-content\/uploads\/2024\/02\/Good-sale-vape-Bang-20000-puffs.jpg",10,12,false],"woocommerce_thumbnail":["https:\/\/vapebulkp.com\/wp-content\/uploads\/2024\/02\/Good-sale-vape-Bang-20000-puffs-300x300.jpg",300,300,true],"woocommerce_single":["https:\/\/vapebulkp.com\/wp-content\/uploads\/2024\/02\/Good-sale-vape-Bang-20000-puffs-600x745.jpg",600,745,true],"woocommerce_gallery_thumbnail":["https:\/\/vapebulkp.com\/wp-content\/uploads\/2024\/02\/Good-sale-vape-Bang-20000-puffs-100x100.jpg",100,100,true],"wcpr-photo-reviews":["https:\/\/vapebulkp.com\/wp-content\/uploads\/2024\/02\/Good-sale-vape-Bang-20000-puffs.jpg",403,500,false]},"uagb_author_info":{"display_name":"Mandy vape bulk price","author_link":"https:\/\/vapebulkp.com\/lt\/author\/"},"uagb_comment_info":3,"uagb_excerpt":"The newly launched Bang 20000 Puffs Disposable Vape, you deserve it. Pls Contact Mandy's WhatsApp For Discount Price+8618077105796 NOTE: Prices on our website does not include shipping costs &nbsp;","_links":{"self":[{"href":"https:\/\/vapebulkp.com\/lt\/wp-json\/wp\/v2\/product\/2077","targetHints":{"allow":["GET"]}}],"collection":[{"href":"https:\/\/vapebulkp.com\/lt\/wp-json\/wp\/v2\/product"}],"about":[{"href":"https:\/\/vapebulkp.com\/lt\/wp-json\/wp\/v2\/types\/product"}],"replies":[{"embeddable":true,"href":"https:\/\/vapebulkp.com\/lt\/wp-json\/wp\/v2\/comments?post=2077"}],"wp:featuredmedia":[{"embeddable":true,"href":"https:\/\/vapebulkp.com\/lt\/wp-json\/wp\/v2\/media\/2080"}],"wp:attachment":[{"href":"https:\/\/vapebulkp.com\/lt\/wp-json\/wp\/v2\/media?parent=2077"}],"wp:term":[{"taxonomy":"product_cat","embeddable":true,"href":"https:\/\/vapebulkp.com\/lt\/wp-json\/wp\/v2\/product_cat?post=2077"},{"taxonomy":"product_tag","embeddable":true,"href":"https:\/\/vapebulkp.com\/lt\/wp-json\/wp\/v2\/product_tag?post=2077"}],"curies":[{"name":"wp","href":"https:\/\/api.w.org\/{rel}","templated":true}]}}