{"id":2198,"date":"2024-04-18T05:41:21","date_gmt":"2024-04-18T03:41:21","guid":{"rendered":"https:\/\/vapebulkp.com\/?post_type=product&#038;p=2198"},"modified":"2025-09-01T11:15:25","modified_gmt":"2025-09-01T09:15:25","slug":"wholesale-price-utco-7000-puffs-best-tornado-vape","status":"publish","type":"product","link":"https:\/\/vapebulkp.com\/lt\/product\/wholesale-price-utco-7000-puffs-best-tornado-vape\/","title":{"rendered":"Didmenin\u0117 kaina UTCO 7000 P\u016btimo Geriausias Tornado Vape"},"content":{"rendered":"<h2>Didmenin\u0117 kaina UTCO 7000 P\u016btimo Geriausias Tornado Vape<\/h2>\n<p>Tas <b>UTCO Tornado 7000 P\u016b\u010di\u0173<\/b>\u00a0yra etalonas vienkartini\u0173 garintuv\u0173 rinkoje, sukurtas i\u0161rankiam garintojui, vertinan\u010diam maksimali\u0105 kontrol\u0119 ir ilgesn\u012f tarnavimo laik\u0105. \u0160is pa\u017eangus <b>7000 Puffs vienkartinis veipas<\/b> yra sud\u0117tingas sprendimas, sujungiantis tvirt\u0105 dizain\u0105 su neprilygstamu patogumu. Jis yra i\u0161 anksto u\u017epildytas dosniu <b>14 ml auk\u0161\u010diausios kokyb\u0117s nikotino druskos e-skys\u010diu<\/b> ir \u012fsp\u016bdingu pasirinkimu i\u0161 daugiau nei 60 kruop\u0161\u010diai sukurt\u0173 skoni\u0173, si\u016blan\u010di\u0173 kuruojam\u0105 portfel\u012f kiekvienam skoniui.<\/p>\n<p>Jo dizaino pagrindas yra <b>\u012fkraunamas maitinimo elementas<\/b> ir apa\u010dioje pritvirtintas <b>C tipo jungtis<\/b>, u\u017etikrinantis, kad gal\u0117tum\u0117te be pertr\u016bki\u0173 naudoti vis\u0105 <b>14 ml talp\u0105<\/b> Prietaiso precizi\u0161kas oro srauto valdymas leid\u017eia i\u0161 ties\u0173 pritaikyti traukim\u0105, leid\u017eiant\u012f tiksliai sureguliuoti gar\u0173 patirt\u012f nuo aptakaus, diskreti\u0161ko p\u016btimo iki gausaus, tankaus debesies.<\/p>\n<p>Daugiau nei paprasta <b>vienkartin\u0117 elektronin\u0117 cigaret\u0117<\/b>, UTCO 7000 yra \u012fsipareigojimas auk\u0161\u010diausios kokyb\u0117s ir be r\u016bpes\u010di\u0173 garinimo kelionei. D\u0117l didel\u0117s talpos ir intuityvi\u0173 valdikli\u0173 jis yra tikras pasirinkimas garintojams, kurie viename, supaprastintame \u012frenginyje reikalauja ir na\u0161umo, ir patikimumo.<\/p>\n<h3>UTCO 7k Puffs produkto nuotraukos:<\/h3>\n<p><img decoding=\"async\" class=\"alignnone wp-image-2185\" src=\"http:\/\/vapebulkp.com\/wp-content\/uploads\/2024\/04\/UTCO-7000PUFFS-Best-Sale-Poland-scaled.jpg\" alt=\"UTCO 7000PUFFS Geriausias i\u0161pardavimas Lenkija\" width=\"550\" height=\"482\" \/><\/p>\n<p>&nbsp;<\/p>\n<h6>D\u0117l nuolaidos kainos susisiekite su Mandy per WhatsApp<a href=\"https:\/\/wa.me\/8618077105796\">+8618077105796<\/a><\/h6>\n<p><img decoding=\"async\" class=\"alignnone wp-image-2151\" src=\"http:\/\/vapebulkp.com\/wp-content\/uploads\/2024\/04\/Mandy-WhatsApp-Randm.jpg\" alt=\"Mandy WhatsApp Atsitiktinis\" width=\"301\" height=\"292\" \/><\/p>\n<h2><span style=\"vertical-align: inherit\">Man\u0117te, kad jums b\u016bt\u0173 naudinga su\u017einoti apie UTCO 7000 Puffs vienkartin\u012f \u201eVape\u201c:<\/span><\/h2>\n<p>&nbsp;<\/p>\n<h6>1. Kokia yra UTCO 7k puffs \u201eGood Vape\u201c e-skys\u010dio talpa?<\/h6>\n<p>\u0160is prietaisas turi 18 ml e. skys\u010dio.<\/p>\n<h6>2. Kiek laiko veikia UTCO tornado 7000?<\/h6>\n<p>(1) 500 \u012ftraukim\u0173 per dien\u0105, gali trukti 14 dien\u0173<br \/>\n(2) 1000 \u012ftraukim\u0173 per dien\u0105, gali trukti 7 dienas<br \/>\n(3) 2000 \u012ftraukim\u0173 per dien\u0105, gali trukti 3,5 dienos<\/p>\n<h6>3. Kaip \u012fkrauti vienkartin\u012f UTCO Vape 7k puffs \u012frengin\u012f?<\/h6>\n<p>Greito \u012fkrovimo \u012fkrovikliai negali b\u016bti naudojami, o standartin\u0117 saugi vienkartini\u0173 elektronini\u0173 cigare\u010di\u0173 galia yra 5V 1A. Kiekvienas \u012fkrovimo laikas negali vir\u0161yti 1 valandos, o saugus \u012fkrovimo laikas yra pus\u0117 valandos.<\/p>\n<p><span style=\"color: #ff6600\">Pastaba: negalima \u012fkrauti vis\u0105 nakt\u012f!<\/span><\/p>\n<h6>4. Kaip naudoti UTCO tornado 7000 Puffs \u201eGood Vape\u201c?<\/h6>\n<p>&nbsp;<\/p>\n<p><img decoding=\"async\" class=\"wp-image-2200 alignleft\" src=\"http:\/\/vapebulkp.com\/wp-content\/uploads\/2024\/04\/Good-Sale-UTCO-7k-puffs-vape.png\" alt=\"Geras i\u0161pardavimas UTCO 7k puffs vape\" width=\"546\" height=\"1128\" srcset=\"https:\/\/vapebulkp.com\/wp-content\/uploads\/2024\/04\/Good-Sale-UTCO-7k-puffs-vape.png 1024w, https:\/\/vapebulkp.com\/wp-content\/uploads\/2024\/04\/Good-Sale-UTCO-7k-puffs-vape-145x300.png 145w, https:\/\/vapebulkp.com\/wp-content\/uploads\/2024\/04\/Good-Sale-UTCO-7k-puffs-vape-496x1024.png 496w, https:\/\/vapebulkp.com\/wp-content\/uploads\/2024\/04\/Good-Sale-UTCO-7k-puffs-vape-768x1586.png 768w, https:\/\/vapebulkp.com\/wp-content\/uploads\/2024\/04\/Good-Sale-UTCO-7k-puffs-vape-744x1536.png 744w, https:\/\/vapebulkp.com\/wp-content\/uploads\/2024\/04\/Good-Sale-UTCO-7k-puffs-vape-992x2048.png 992w, https:\/\/vapebulkp.com\/wp-content\/uploads\/2024\/04\/Good-Sale-UTCO-7k-puffs-vape-600x1239.png 600w\" sizes=\"(max-width: 546px) 100vw, 546px\" \/><\/p>\n<p>&nbsp;<\/p>\n<p>&nbsp;<\/p>\n<h4>Naudojimo vadovas:<\/h4>\n<p>1 \u017eingsnis: i\u0161traukite silikonin\u012f kam\u0161tel\u012f<\/p>\n<p>*Pakreipkite \u012frengin\u012f \u012f \u0161on\u0105 ir l\u0117tai traukite silikonin\u012f kam\u0161tel\u012f auk\u0161tyn, kad alyva gal\u0117t\u0173 tek\u0117ti per skyl\u0119 ant kaitinimo rit\u0117s.<\/p>\n<p>2 \u017eingsnis: nupl\u0117\u0161kite lipduk\u0105<\/p>\n<p>Nupl\u0117\u0161\u0119 lipduk\u0105, palaukite 2 minutes, tada gal\u0117site naudoti.<\/p>\n<h3><strong><span style=\"vertical-align: inherit\">Specifikacija <\/span><\/strong>UTCO 7000 \u201eBest Vape\u201c:<\/h3>\n<h6><\/h6>\n<ul>\n<li>2\/5% nikotino druska<\/li>\n<li>14 ml e. skys\u010dio<\/li>\n<li>7000 \u012fkv\u0117pim\u0173 viename \u012frenginyje<\/li>\n<li>Oro srauto valdymas<\/li>\n<li>C tipo \u012fkrovimas<\/li>\n<li>\u012ekraunama baterija<\/li>\n<li>Integruota 850 mAh baterija<\/li>\n<li>Galimi 26 skoniai<\/li>\n<li>10 vnt. d\u0117\u017eut\u0117je<\/li>\n<li>240 vnt. d\u0117\u017e\u0117je \/ 17 kg<\/li>\n<\/ul>\n<h3><strong>\u00a0Didmenin\u0117s kainos vienkartinio \u201eVape\u201c UTCO 7000 Puffs skoni\u0173 s\u0105ra\u0161as:<\/strong><\/h3>\n<p>1 M\u0117ta<br \/>\n2 Gaivus ledas<br \/>\n3 Mandarininis ledas<br \/>\n4 Bra\u0161kin\u0117 spurg\u0105<br \/>\n5 Guminis me\u0161kiukas<br \/>\n6 M\u0117lyn\u0117s su ledu<br \/>\n7 Mangas su ledu<br \/>\n8 Persikinis ledas<br \/>\n9 Banan\u0173 ledas<br \/>\n10 Vynuogi\u0173 ledas<br \/>\n11 Ro\u017ein\u0117 limonada<br \/>\n12 Pina Colada romas<br \/>\n13 Mi\u0161rios uogos<br \/>\n14 Banan\u0173 pieno kokteilis<br \/>\n15 Bra\u0161ki\u0173 arb\u016bzas<br \/>\n16 Raudonasis obuolys su citrina<br \/>\n17 Ananas\u0173 ledas<br \/>\n18 Cukraus vata<br \/>\n19 Bra\u0161ki\u0173 bananas<br \/>\n20 Bra\u0161ki\u0173 ledas<br \/>\n21 Vy\u0161ni\u0173<br \/>\n22 M\u0117lyn\u0173 avie\u010di\u0173 ir vy\u0161ni\u0173<br \/>\n23 Kolos ledas<br \/>\n24 Tigro kraujas<br \/>\n25 R\u016bg\u0161tus obuolys<br \/>\n26 Bra\u0161ki\u0173 ir kivi\u0173<\/p>\n<p><a href=\"https:\/\/vapebulkp.com\/lt\/product\/wholesale-price-disposable-vape-crystal-600-puffs\/\"><span style=\"vertical-align: inherit\">Geras I\u0161pardavimas Crystal 600 Puffs <\/span><\/a><\/p>\n<p><span style=\"vertical-align: inherit\">Raskite daugiau produkt\u0173, kurie jums gali patikti:<\/span><em><a href=\"https:\/\/wa.me\/8618077105796\"><span style=\"vertical-align: inherit\">\u00a0Pirkti dabar<\/span><\/a><\/em><\/p>\n<p><span style=\"vertical-align: inherit\">Kiti \u012ftraukimai, kurie jums gali patikti:<\/span><a href=\"https:\/\/vapebulkp.com\/lt\/product\/popular-bang-king-10000-puffs-vape-good-price\/\"><span style=\"vertical-align: inherit\">Bang King 10000 Puffs<\/span><\/a><span style=\"vertical-align: inherit\">\u3001<\/span><a href=\"https:\/\/vapebulkp.com\/lt\/product\/bang-box-12000puffs-good-vape-sweden-wholesale-price\/\"><span style=\"vertical-align: inherit\">Bang Box 12000 Puffs<\/span><\/a><span style=\"vertical-align: inherit\">\/ <\/span><a href=\"https:\/\/vapebulkp.com\/it\/product\/bang-tornado-12000-puffs-rechargeable-disposable-pod\/\"><span style=\"vertical-align: inherit\">Bang Tornado 12000 Puf\u0173<\/span><\/a><span style=\"vertical-align: inherit\">\/ <\/span><a href=\"https:\/\/vapebulkp.com\/lt\/product\/wholesale-price-aroma-king-7000puffs-disposable-vape\/\"><span style=\"vertical-align: inherit\">Aroma King 7000 \u012etraukim\u0173<\/span><\/a><\/p>\n<p><span style=\"vertical-align: inherit\">Ypatingos formos elektronini\u0173 cigare\u010di\u0173 buteliukas:<\/span><a href=\"https:\/\/vapebulkp.com\/it\/product\/popular-kulx-10000puffs-disposable-vape-good-price\/\"><span style=\"vertical-align: inherit\">Kulx vape 10000 p\u016btimo<\/span><\/a><span style=\"vertical-align: inherit\">\/ <\/span><a href=\"https:\/\/vapebulkp.com\/it\/product\/randm-tornado-9000-puffs-disposable-vape-kit-18ml\/\"><span style=\"vertical-align: inherit\">Randm tornado 9000 \u012fkv\u0117pim\u0173<\/span><\/a><span style=\"vertical-align: inherit\">\/<\/span><a href=\"https:\/\/vapebulkp.com\/it\/product\/randm-tornado-7000puffs-disposable-vape-pen-best-price\/\"><span style=\"vertical-align: inherit\">Randm tornado 7000 \u012ftraukim\u0173 <\/span><\/a><\/p>\n<h5>Gamybos kvalifikacija:<\/h5>\n<p><img decoding=\"async\" class=\"alignnone size-full wp-image-1841\" src=\"http:\/\/vapebulkp.com\/wp-content\/uploads\/2023\/11\/Vape-production-process-2.jpeg\" alt=\"\u201eVape\u201c gamybos procesas\" width=\"650\" height=\"434\" srcset=\"https:\/\/vapebulkp.com\/wp-content\/uploads\/2023\/11\/Vape-production-process-2.jpeg 650w, https:\/\/vapebulkp.com\/wp-content\/uploads\/2023\/11\/Vape-production-process-2-300x200.jpeg 300w, https:\/\/vapebulkp.com\/wp-content\/uploads\/2023\/11\/Vape-production-process-2-600x401.jpeg 600w\" sizes=\"(max-width: 650px) 100vw, 650px\" \/><\/p>\n<p><img decoding=\"async\" class=\"alignnone wp-image-1843\" src=\"http:\/\/vapebulkp.com\/wp-content\/uploads\/2023\/11\/Vape-production-process.jpeg\" alt=\"\u201eVape\u201c gamybos procesas\" width=\"648\" height=\"1037\" srcset=\"https:\/\/vapebulkp.com\/wp-content\/uploads\/2023\/11\/Vape-production-process.jpeg 641w, https:\/\/vapebulkp.com\/wp-content\/uploads\/2023\/11\/Vape-production-process-187x300.jpeg 187w, https:\/\/vapebulkp.com\/wp-content\/uploads\/2023\/11\/Vape-production-process-640x1024.jpeg 640w, https:\/\/vapebulkp.com\/wp-content\/uploads\/2023\/11\/Vape-production-process-600x960.jpeg 600w\" sizes=\"(max-width: 648px) 100vw, 648px\" \/><\/p>\n<p>&nbsp;<\/p>\n<h5>DUK:<\/h5>\n<p>K: Koks yra UTCO Tornado 7000Puffs minimalus u\u017esakymo kiekis?<br \/>\nA: Minimalus u\u017esakymas yra 50 vnt.<br \/>\nK: Koks yra u\u017esakyto garintuvo pristatymo laikas?<br \/>\nA: \u012eprastai 10\u201315 dien\u0173 po i\u0161siuntimo<br \/>\nK: Kiek kainuoja pristatymas? A: Pristatymo kaina priklauso nuo svorio. Skirtingi kiekiai turi skirtingas pristatymo kainas, susisiekite su mumis, kad patvirtintum\u0117te pristatymo kain\u0105.<\/p>\n<h4>Pristatymo detal\u0117s:<\/h4>\n<p>Gamybos laikas: 5-10 darbo dien\u0173<br \/>\nPristatymo laikas: 8-14 darbo dien\u0173<\/p>\n<p>Visi m\u016bs\u0173 parduotuv\u0117s produktai yra 100% original\u016bs ir autenti\u0161ki, tod\u0117l m\u016bs\u0173 parduotuv\u0117s politika yra de\u0161imteriopa kompensacija u\u017e padirbtas prekes. Prek\u0117ms pristatyti naudojame tokius logistikos kanalus kaip UPS\/DHL\/FEDEX\/DPD.<\/p>\n<p>Pristatymas \u012f Lietuvos \u0161alis paprastai trunka 10 darbo dien\u0173. Pristatymas \u012f Europos \u0161alis paprastai u\u017etrunka nuo 12 iki 15 darbo dien\u0173. Logistikos informacij\u0105 atnaujinsime realiuoju laiku.<\/p>\n<h3>Geras aptarnavimas po pardavimo:<\/h3>\n<p>Pastaba: N\u0117ra pinig\u0173 gr\u0105\u017einimo ar keitimo d\u0117l ne kokyb\u0117s problem\u0173<br \/>\n1. Klientai gali pasirinkti norim\u0105 skon\u012f, ta\u010diau jei skonio n\u0117ra sand\u0117lyje, gamybos skyrius pasirinks populiar\u0173 skon\u012f, kuris j\u012f pakeis. Klientams neleid\u017eiama pra\u0161yti gr\u0105\u017einti pinig\u0173 ar keisti prekes d\u0117l skoni\u0173.<\/p>\n<p>2. Kai atsiranda kokyb\u0117s problem\u0173, pateikite konkret\u0173 vaizdo \u012fra\u0161o ir nuotrauk\u0173 apra\u0161ym\u0105.<br \/>\nJei negalite pateikti \u012frodym\u0173, toki\u0173 kaip vaizdo \u012fra\u0161ai ir nuotraukos, prek\u0117s negali b\u016bti pakeistos.<\/p>","protected":false},"excerpt":{"rendered":"<p>UTCO 7K Vape Kar\u0161tas i\u0161pardavimas<\/p>\n<p>UTCO 7K Populiariausias pardavimas \u0161i\u0105 savait\u0119<\/p>\n<p>Lietuvos didmenin\u0117 prekyba Geras vienkartinis garintuvas UTCO 7000 Puffs<\/p>\n<p><img decoding=\"async\" class=\"alignnone wp-image-2151\" src=\"http:\/\/vapebulkp.com\/wp-content\/uploads\/2024\/04\/Mandy-WhatsApp-Randm.jpg\" alt=\"Mandy WhatsApp Atsitiktinis\" width=\"328\" height=\"348\" srcset=\"https:\/\/vapebulkp.com\/wp-content\/uploads\/2024\/04\/Mandy-WhatsApp-Randm.jpg 916w, https:\/\/vapebulkp.com\/wp-content\/uploads\/2024\/04\/Mandy-WhatsApp-Randm-282x300.jpg 282w, https:\/\/vapebulkp.com\/wp-content\/uploads\/2024\/04\/Mandy-WhatsApp-Randm-768x817.jpg 768w, https:\/\/vapebulkp.com\/wp-content\/uploads\/2024\/04\/Mandy-WhatsApp-Randm-600x638.jpg 600w\" sizes=\"(max-width: 328px) 100vw, 328px\" \/><\/p>\n<p>D\u0117l nuolaidos kainos susisiekite su Mandy per WhatsApp<a href=\"https:\/\/wa.me\/8618077105796\">+8618077105796<\/a><\/p>\n<p><span style=\"color: #ff0000\">PASTABA: Kainos m\u016bs\u0173 svetain\u0117je neapima siuntimo i\u0161laid\u0173<\/span><\/p>","protected":false},"featured_media":2178,"comment_status":"open","ping_status":"closed","template":"","meta":{"_uag_custom_page_level_css":"","_lmt_disableupdate":"no","_lmt_disable":"","site-sidebar-layout":"default","site-content-layout":"content-boxed-container","ast-site-content-layout":"normal-width-container","site-content-style":"boxed","site-sidebar-style":"unboxed","ast-global-header-display":"","ast-banner-title-visibility":"","ast-main-header-display":"","ast-hfb-above-header-display":"","ast-hfb-below-header-display":"","ast-hfb-mobile-header-display":"","site-post-title":"","ast-breadcrumbs-content":"","ast-featured-img":"","footer-sml-layout":"","theme-transparent-header-meta":"default","adv-header-id-meta":"","stick-header-meta":"","header-above-stick-meta":"","header-main-stick-meta":"","header-below-stick-meta":"","astra-migrate-meta-layouts":"set","_joinchat":[]},"product_cat":[153,155,33,87,34,157,154,152,58,84,156,63,32],"product_tag":[39,36,37,41,97,71,40],"class_list":["post-2198","product","type-product","status-publish","has-post-thumbnail","hentry","product_cat-hot-disposable-vapes","product_cat-belgium-hot-disposable-vapes","product_cat-france-vape-hot-sale","product_cat-minimum-order-quantity-50pcs","product_cat-netherlands-vape-good-sale","product_cat-poland-hot-disposable-vapes","product_cat-portugal-hot-disposable-vapes","product_cat-spain-hot-disposable-vapes","product_cat-sweden-hot-disposable-vape","product_cat-sweden-wholesale-vape","product_cat-switzerland-hot-disposable-vapes","product_cat-top-sale-disposable-vape","product_cat-vape-hot-sale-this-week","product_tag-7000-puffs","product_tag-good-vape","product_tag-hot-sale-disposable-vape","product_tag-poland-hot-vape","product_tag-r-and-m-tornado-7k","product_tag-randm","product_tag-sweden-hot-vape","desktop-align-left","tablet-align-left","mobile-align-left"],"yoast_head":"<!-- This site is optimized with the Yoast SEO plugin v21.1 - https:\/\/yoast.com\/wordpress\/plugins\/seo\/ -->\n<title>Wholesale Price UTCO 7000 Puffs Best Tornado Vape - vapebulkp.com<\/title>\n<meta name=\"description\" content=\"UTCO 7000 Puffs Good Vape, the top-selling disposable e-cigarette with a rechargeable twist. This innovative device delivers an impressive 7,000 puffs, ensuring lasting enjoyment with every inhale.\" \/>\n<meta name=\"robots\" content=\"index, follow, max-snippet:-1, max-image-preview:large, max-video-preview:-1\" \/>\n<link rel=\"canonical\" href=\"https:\/\/vapebulkp.com\/lt\/product\/wholesale-price-utco-7000-puffs-best-tornado-vape\/\" \/>\n<meta property=\"og:locale\" content=\"lt_LT\" \/>\n<meta property=\"og:type\" content=\"article\" \/>\n<meta property=\"og:title\" content=\"Wholesale Price UTCO 7000 Puffs Best Tornado Vape - vapebulkp.com\" \/>\n<meta property=\"og:description\" content=\"UTCO 7000 Puffs Good Vape, the top-selling disposable e-cigarette with a rechargeable twist. This innovative device delivers an impressive 7,000 puffs, ensuring lasting enjoyment with every inhale.\" \/>\n<meta property=\"og:url\" content=\"https:\/\/vapebulkp.com\/lt\/product\/wholesale-price-utco-7000-puffs-best-tornado-vape\/\" \/>\n<meta property=\"og:site_name\" content=\"vapebulkp.com\" \/>\n<meta property=\"article:modified_time\" content=\"2025-09-01T09:15:25+00:00\" \/>\n<meta property=\"og:image\" content=\"http:\/\/vapebulkp.com\/wp-content\/uploads\/2024\/04\/UTCO-7K-PUFFS-Best-Sale-Netherlands.jpg\" \/>\n\t<meta property=\"og:image:width\" content=\"1733\" \/>\n\t<meta property=\"og:image:height\" content=\"1584\" \/>\n\t<meta property=\"og:image:type\" content=\"image\/jpeg\" \/>\n<meta name=\"twitter:card\" content=\"summary_large_image\" \/>\n<meta name=\"twitter:label1\" content=\"Est. reading time\" \/>\n\t<meta name=\"twitter:data1\" content=\"5 minut\u0117s\" \/>\n<script type=\"application\/ld+json\" class=\"yoast-schema-graph\">{\"@context\":\"https:\/\/schema.org\",\"@graph\":[{\"@type\":\"WebPage\",\"@id\":\"https:\/\/vapebulkp.com\/product\/wholesale-price-utco-7000-puffs-best-tornado-vape\/\",\"url\":\"https:\/\/vapebulkp.com\/product\/wholesale-price-utco-7000-puffs-best-tornado-vape\/\",\"name\":\"Wholesale Price UTCO 7000 Puffs Best Tornado Vape - vapebulkp.com\",\"isPartOf\":{\"@id\":\"https:\/\/vapebulkp.com\/#website\"},\"datePublished\":\"2024-04-18T03:41:21+00:00\",\"dateModified\":\"2025-09-01T09:15:25+00:00\",\"description\":\"UTCO 7000 Puffs Good Vape, the top-selling disposable e-cigarette with a rechargeable twist. This innovative device delivers an impressive 7,000 puffs, ensuring lasting enjoyment with every inhale.\",\"breadcrumb\":{\"@id\":\"https:\/\/vapebulkp.com\/product\/wholesale-price-utco-7000-puffs-best-tornado-vape\/#breadcrumb\"},\"inLanguage\":\"lt-LT\",\"potentialAction\":[{\"@type\":\"ReadAction\",\"target\":[\"https:\/\/vapebulkp.com\/product\/wholesale-price-utco-7000-puffs-best-tornado-vape\/\"]}]},{\"@type\":\"BreadcrumbList\",\"@id\":\"https:\/\/vapebulkp.com\/product\/wholesale-price-utco-7000-puffs-best-tornado-vape\/#breadcrumb\",\"itemListElement\":[{\"@type\":\"ListItem\",\"position\":1,\"name\":\"Home\",\"item\":\"https:\/\/vapebulkp.com\/\"},{\"@type\":\"ListItem\",\"position\":2,\"name\":\"Hot Trend Vapes\",\"item\":\"https:\/\/vapebulkp.com\/vape-shop\/\"},{\"@type\":\"ListItem\",\"position\":3,\"name\":\"Wholesale Price UTCO 7000 Puffs Best Tornado Vape\"}]},{\"@type\":\"WebSite\",\"@id\":\"https:\/\/vapebulkp.com\/#website\",\"url\":\"https:\/\/vapebulkp.com\/\",\"name\":\"vapebulkp.com\",\"description\":\"Buy Vape In Cheap Bulk Price Near you\",\"publisher\":{\"@id\":\"https:\/\/vapebulkp.com\/#organization\"},\"potentialAction\":[{\"@type\":\"SearchAction\",\"target\":{\"@type\":\"EntryPoint\",\"urlTemplate\":\"https:\/\/vapebulkp.com\/?s={search_term_string}\"},\"query-input\":\"required name=search_term_string\"}],\"inLanguage\":\"lt-LT\"},{\"@type\":\"Organization\",\"@id\":\"https:\/\/vapebulkp.com\/#organization\",\"name\":\"vapebulkp.com\",\"url\":\"https:\/\/vapebulkp.com\/\",\"logo\":{\"@type\":\"ImageObject\",\"inLanguage\":\"lt-LT\",\"@id\":\"https:\/\/vapebulkp.com\/#\/schema\/logo\/image\/\",\"url\":\"https:\/\/vapebulkp.com\/wp-content\/uploads\/2023\/09\/cropped-vapebulkp.png\",\"contentUrl\":\"https:\/\/vapebulkp.com\/wp-content\/uploads\/2023\/09\/cropped-vapebulkp.png\",\"width\":516,\"height\":163,\"caption\":\"vapebulkp.com\"},\"image\":{\"@id\":\"https:\/\/vapebulkp.com\/#\/schema\/logo\/image\/\"}}]}<\/script>\n<!-- \/ Yoast SEO plugin. -->","yoast_head_json":{"title":"Wholesale Price UTCO 7000 Puffs Best Tornado Vape - vapebulkp.com","description":"UTCO 7000 Puffs Good Vape, the top-selling disposable e-cigarette with a rechargeable twist. This innovative device delivers an impressive 7,000 puffs, ensuring lasting enjoyment with every inhale.","robots":{"index":"index","follow":"follow","max-snippet":"max-snippet:-1","max-image-preview":"max-image-preview:large","max-video-preview":"max-video-preview:-1"},"canonical":"https:\/\/vapebulkp.com\/lt\/product\/wholesale-price-utco-7000-puffs-best-tornado-vape\/","og_locale":"lt_LT","og_type":"article","og_title":"Wholesale Price UTCO 7000 Puffs Best Tornado Vape - vapebulkp.com","og_description":"UTCO 7000 Puffs Good Vape, the top-selling disposable e-cigarette with a rechargeable twist. This innovative device delivers an impressive 7,000 puffs, ensuring lasting enjoyment with every inhale.","og_url":"https:\/\/vapebulkp.com\/lt\/product\/wholesale-price-utco-7000-puffs-best-tornado-vape\/","og_site_name":"vapebulkp.com","article_modified_time":"2025-09-01T09:15:25+00:00","og_image":[{"width":1733,"height":1584,"url":"http:\/\/vapebulkp.com\/wp-content\/uploads\/2024\/04\/UTCO-7K-PUFFS-Best-Sale-Netherlands.jpg","type":"image\/jpeg"}],"twitter_card":"summary_large_image","twitter_misc":{"Est. reading time":"5 minut\u0117s"},"schema":{"@context":"https:\/\/schema.org","@graph":[{"@type":"WebPage","@id":"https:\/\/vapebulkp.com\/product\/wholesale-price-utco-7000-puffs-best-tornado-vape\/","url":"https:\/\/vapebulkp.com\/product\/wholesale-price-utco-7000-puffs-best-tornado-vape\/","name":"Wholesale Price UTCO 7000 Puffs Best Tornado Vape - vapebulkp.com","isPartOf":{"@id":"https:\/\/vapebulkp.com\/#website"},"datePublished":"2024-04-18T03:41:21+00:00","dateModified":"2025-09-01T09:15:25+00:00","description":"UTCO 7000 Puffs Good Vape, the top-selling disposable e-cigarette with a rechargeable twist. This innovative device delivers an impressive 7,000 puffs, ensuring lasting enjoyment with every inhale.","breadcrumb":{"@id":"https:\/\/vapebulkp.com\/product\/wholesale-price-utco-7000-puffs-best-tornado-vape\/#breadcrumb"},"inLanguage":"lt-LT","potentialAction":[{"@type":"ReadAction","target":["https:\/\/vapebulkp.com\/product\/wholesale-price-utco-7000-puffs-best-tornado-vape\/"]}]},{"@type":"BreadcrumbList","@id":"https:\/\/vapebulkp.com\/product\/wholesale-price-utco-7000-puffs-best-tornado-vape\/#breadcrumb","itemListElement":[{"@type":"ListItem","position":1,"name":"Home","item":"https:\/\/vapebulkp.com\/"},{"@type":"ListItem","position":2,"name":"Hot Trend Vapes","item":"https:\/\/vapebulkp.com\/vape-shop\/"},{"@type":"ListItem","position":3,"name":"Wholesale Price UTCO 7000 Puffs Best Tornado Vape"}]},{"@type":"WebSite","@id":"https:\/\/vapebulkp.com\/#website","url":"https:\/\/vapebulkp.com\/","name":"vapebulkp.com","description":"Buy Vape In Cheap Bulk Price Near you","publisher":{"@id":"https:\/\/vapebulkp.com\/#organization"},"potentialAction":[{"@type":"SearchAction","target":{"@type":"EntryPoint","urlTemplate":"https:\/\/vapebulkp.com\/?s={search_term_string}"},"query-input":"required name=search_term_string"}],"inLanguage":"lt-LT"},{"@type":"Organization","@id":"https:\/\/vapebulkp.com\/#organization","name":"vapebulkp.com","url":"https:\/\/vapebulkp.com\/","logo":{"@type":"ImageObject","inLanguage":"lt-LT","@id":"https:\/\/vapebulkp.com\/#\/schema\/logo\/image\/","url":"https:\/\/vapebulkp.com\/wp-content\/uploads\/2023\/09\/cropped-vapebulkp.png","contentUrl":"https:\/\/vapebulkp.com\/wp-content\/uploads\/2023\/09\/cropped-vapebulkp.png","width":516,"height":163,"caption":"vapebulkp.com"},"image":{"@id":"https:\/\/vapebulkp.com\/#\/schema\/logo\/image\/"}}]}},"uagb_featured_image_src":{"full":["https:\/\/vapebulkp.com\/wp-content\/uploads\/2024\/04\/UTCO-7K-PUFFS-Best-Sale-Netherlands.jpg",1733,1584,false],"thumbnail":["https:\/\/vapebulkp.com\/wp-content\/uploads\/2024\/04\/UTCO-7K-PUFFS-Best-Sale-Netherlands-150x150.jpg",150,150,true],"medium":["https:\/\/vapebulkp.com\/wp-content\/uploads\/2024\/04\/UTCO-7K-PUFFS-Best-Sale-Netherlands-300x274.jpg",300,274,true],"medium_large":["https:\/\/vapebulkp.com\/wp-content\/uploads\/2024\/04\/UTCO-7K-PUFFS-Best-Sale-Netherlands-768x702.jpg",768,702,true],"large":["https:\/\/vapebulkp.com\/wp-content\/uploads\/2024\/04\/UTCO-7K-PUFFS-Best-Sale-Netherlands-1024x936.jpg",1024,936,true],"1536x1536":["https:\/\/vapebulkp.com\/wp-content\/uploads\/2024\/04\/UTCO-7K-PUFFS-Best-Sale-Netherlands-1536x1404.jpg",1536,1404,true],"2048x2048":["https:\/\/vapebulkp.com\/wp-content\/uploads\/2024\/04\/UTCO-7K-PUFFS-Best-Sale-Netherlands.jpg",1733,1584,false],"trp-custom-language-flag":["https:\/\/vapebulkp.com\/wp-content\/uploads\/2024\/04\/UTCO-7K-PUFFS-Best-Sale-Netherlands.jpg",13,12,false],"woocommerce_thumbnail":["https:\/\/vapebulkp.com\/wp-content\/uploads\/2024\/04\/UTCO-7K-PUFFS-Best-Sale-Netherlands-300x300.jpg",300,300,true],"woocommerce_single":["https:\/\/vapebulkp.com\/wp-content\/uploads\/2024\/04\/UTCO-7K-PUFFS-Best-Sale-Netherlands-600x548.jpg",600,548,true],"woocommerce_gallery_thumbnail":["https:\/\/vapebulkp.com\/wp-content\/uploads\/2024\/04\/UTCO-7K-PUFFS-Best-Sale-Netherlands-100x100.jpg",100,100,true],"wcpr-photo-reviews":["https:\/\/vapebulkp.com\/wp-content\/uploads\/2024\/04\/UTCO-7K-PUFFS-Best-Sale-Netherlands.jpg",500,457,false]},"uagb_author_info":{"display_name":"Mandy vape bulk price","author_link":"https:\/\/vapebulkp.com\/lt\/author\/"},"uagb_comment_info":0,"uagb_excerpt":"UTCO 7K\u00a0 Vape Hot Sale UTCO 7K Top Sale This Week Netherland\u00a0 wholesale Good\u00a0 disposable vape UTCO 7000 Puffs Pls Contact Mandy's WhatsApp For Discount Price+8618077105796 NOTE: Prices on our website does not include shipping costs","_links":{"self":[{"href":"https:\/\/vapebulkp.com\/lt\/wp-json\/wp\/v2\/product\/2198","targetHints":{"allow":["GET"]}}],"collection":[{"href":"https:\/\/vapebulkp.com\/lt\/wp-json\/wp\/v2\/product"}],"about":[{"href":"https:\/\/vapebulkp.com\/lt\/wp-json\/wp\/v2\/types\/product"}],"replies":[{"embeddable":true,"href":"https:\/\/vapebulkp.com\/lt\/wp-json\/wp\/v2\/comments?post=2198"}],"wp:featuredmedia":[{"embeddable":true,"href":"https:\/\/vapebulkp.com\/lt\/wp-json\/wp\/v2\/media\/2178"}],"wp:attachment":[{"href":"https:\/\/vapebulkp.com\/lt\/wp-json\/wp\/v2\/media?parent=2198"}],"wp:term":[{"taxonomy":"product_cat","embeddable":true,"href":"https:\/\/vapebulkp.com\/lt\/wp-json\/wp\/v2\/product_cat?post=2198"},{"taxonomy":"product_tag","embeddable":true,"href":"https:\/\/vapebulkp.com\/lt\/wp-json\/wp\/v2\/product_tag?post=2198"}],"curies":[{"name":"wp","href":"https:\/\/api.w.org\/{rel}","templated":true}]}}