{"id":2316,"date":"2024-04-25T05:53:26","date_gmt":"2024-04-25T03:53:26","guid":{"rendered":"https:\/\/vapebulkp.com\/?post_type=product&#038;p=2316"},"modified":"2025-09-17T10:34:53","modified_gmt":"2025-09-17T08:34:53","slug":"discount-price-waspe-digital-box-15000-puffs-disposable-vape","status":"publish","type":"product","link":"https:\/\/vapebulkp.com\/lt\/product\/discount-price-waspe-digital-box-15000-puffs-disposable-vape\/","title":{"rendered":"Nuolaida WASPE Digital Box 15000 \u012ekv\u0117pim\u0173 Vienkartinis Garintuvas"},"content":{"rendered":"<h2>Nuolaida WASPE Digital Box 15000 \u012ekv\u0117pim\u0173 Vienkartinis Garintuvas<\/h2>\n<p data-start=\"188\" data-end=\"527\">Tas <strong data-start=\"192\" data-end=\"225\">WASPE Digital Box 15000 P\u016btim\u0173<\/strong> yra auk\u0161\u010diausios kokyb\u0117s <a href=\"https:\/\/vapebulkp.com\/lt\/product-category\/15000-puffs-disposable-vape\/\"><strong data-start=\"239\" data-end=\"270\">15000 d\u016bm\u0173 vienkartinis garintuvas<\/strong><\/a> sukurtas Europos garinimo entuziastams, vertinantiems skon\u012f, patogum\u0105 ir auk\u0161t\u0105 na\u0161um\u0105. Su 22 ml i\u0161 anksto u\u017epildyta e-skys\u010dio talpykla, jis tiekia nuosekl\u0173, sodr\u0173 gar\u0105 iki 15 000 p\u016btim\u0173, u\u017etikrindamas ilgalaik\u012f pasitenkinim\u0105 be pertrauk\u0173.<\/p>\n<p data-start=\"529\" data-end=\"838\">Su 650 mAh \u012fkraunama baterija ir Type-C greituoju \u012fkrovimu, <strong data-start=\"603\" data-end=\"636\">WASPE Digital Box 15000 P\u016btim\u0173<\/strong> minimizuoja prastov\u0105 ir leid\u017eia garinti be perstojo. Baterijos ir e-skys\u010dio lygio indikatoriai leid\u017eia steb\u0117ti naudojim\u0105 i\u0161 pirmo \u017evilgsnio, o aptakus, kompakti\u0161kas dizainas suteikia patogum\u0105 kasdieniam naudojimui ar kelion\u0117ms.<\/p>\n<p data-start=\"840\" data-end=\"1224\">Galimi 10 kruop\u0161\u010diai sukurt\u0173 skoni\u0173, nuo klasikinio tabako ir mentolio iki ry\u0161ki\u0173 vaisi\u0173 mi\u0161ini\u0173, \u0161is <strong data-start=\"946\" data-end=\"979\">didel\u0117s talpos vienkartinis garintuvas<\/strong> atitinka \u012fvairius skonio pageidavimus. Sukurtas skland\u017eiam traukimui, tankiems d\u016bm\u0173 debesims ir maloniam gerkl\u0117s poj\u016b\u010diui, WASPE Digital Box sujungia elegancij\u0105, funkcionalum\u0105 ir patikimum\u0105 tiek asmeniniam naudojimui, tiek didmeninei prekybai visoje Europoje.<\/p>\n<p><img decoding=\"async\" class=\"alignnone wp-image-2306\" src=\"http:\/\/vapebulkp.com\/wp-content\/uploads\/2024\/04\/WASPE-15000-Puffs-Best-Sale-Vape-scaled-e1714017465329.jpg\" alt=\"WASPE 15000 P\u016btim\u0173 Geriausiai Parduodamas Garintuvas\" width=\"578\" height=\"583\" srcset=\"https:\/\/vapebulkp.com\/wp-content\/uploads\/2024\/04\/WASPE-15000-Puffs-Best-Sale-Vape-scaled-e1714017465329.jpg 1813w, https:\/\/vapebulkp.com\/wp-content\/uploads\/2024\/04\/WASPE-15000-Puffs-Best-Sale-Vape-scaled-e1714017465329-297x300.jpg 297w, https:\/\/vapebulkp.com\/wp-content\/uploads\/2024\/04\/WASPE-15000-Puffs-Best-Sale-Vape-scaled-e1714017465329-1014x1024.jpg 1014w, https:\/\/vapebulkp.com\/wp-content\/uploads\/2024\/04\/WASPE-15000-Puffs-Best-Sale-Vape-scaled-e1714017465329-150x150.jpg 150w, https:\/\/vapebulkp.com\/wp-content\/uploads\/2024\/04\/WASPE-15000-Puffs-Best-Sale-Vape-scaled-e1714017465329-768x775.jpg 768w, https:\/\/vapebulkp.com\/wp-content\/uploads\/2024\/04\/WASPE-15000-Puffs-Best-Sale-Vape-scaled-e1714017465329-1522x1536.jpg 1522w, https:\/\/vapebulkp.com\/wp-content\/uploads\/2024\/04\/WASPE-15000-Puffs-Best-Sale-Vape-scaled-e1714017465329-600x606.jpg 600w, https:\/\/vapebulkp.com\/wp-content\/uploads\/2024\/04\/WASPE-15000-Puffs-Best-Sale-Vape-scaled-e1714017465329-100x100.jpg 100w\" sizes=\"(max-width: 578px) 100vw, 578px\" \/><\/p>\n<h6>D\u0117l nuolaidos kainos susisiekite su Mandy per WhatsApp<a href=\"https:\/\/wa.me\/8618077105796\">+8618077105796<\/a><\/h6>\n<p><img decoding=\"async\" class=\"alignnone wp-image-2151\" src=\"http:\/\/vapebulkp.com\/wp-content\/uploads\/2024\/04\/Mandy-WhatsApp-Randm.jpg\" alt=\"Mandy WhatsApp Atsitiktinis\" width=\"288\" height=\"306\" srcset=\"https:\/\/vapebulkp.com\/wp-content\/uploads\/2024\/04\/Mandy-WhatsApp-Randm.jpg 916w, https:\/\/vapebulkp.com\/wp-content\/uploads\/2024\/04\/Mandy-WhatsApp-Randm-282x300.jpg 282w, https:\/\/vapebulkp.com\/wp-content\/uploads\/2024\/04\/Mandy-WhatsApp-Randm-768x817.jpg 768w, https:\/\/vapebulkp.com\/wp-content\/uploads\/2024\/04\/Mandy-WhatsApp-Randm-600x638.jpg 600w\" sizes=\"(max-width: 288px) 100vw, 288px\" \/><\/p>\n<h2><span style=\"vertical-align: inherit\">Galb\u016bt nor\u0117tum\u0117te su\u017einoti apie WASPE Digital Box 15000P\u016btim\u0173 Vienkartin\u012f VAPER\u012e:<\/span><\/h2>\n<p>&nbsp;<\/p>\n<h6 class=\"style-scope ytd-watch-metadata\">1. Kaip naudoti Hot Vape WASPE Digital Box 15k P\u016btim\u0173 Vaper\u012f?<\/h6>\n<p>&nbsp;<\/p>\n<p>1 \u017eingsnis. Prie\u0161 naudodami 15 t\u016bkst. p\u016btim\u0173, i\u0161traukite plastikin\u012f vamzdel\u012f.<\/p>\n<p>2 \u017eingsnis. Palaukite apie 3 minutes, kol sultys pateks \u012f rit\u0119 viduje.<\/p>\n<p>3 \u017eingsnis. M\u0117gaukit\u0117s<\/p>\n<h6>2. Kaip \u012fkrauti geriausi\u0105 vienkartin\u012f vaper\u012f WASPE Digital Box 15000 p\u016btim\u0173?<\/h6>\n<p>Negalima naudoti greitojo \u012fkrovimo krovikli\u0173, o standartin\u0117 saugi vienkartini\u0173 elektronini\u0173 cigare\u010di\u0173 galia yra 5V 1A.<\/p>\n<p>Kiekvienas \u012fkrovimo laikas negali vir\u0161yti 1 valandos, o saugus \u012fkrovimo laikas yra pusvalandis.<\/p>\n<h6>3. Kiek p\u016btim\u0173 turi WASPE Digital Box 15k P\u016btim\u0173 Geras Pardavimas Vaperis?<\/h6>\n<p>\u2014-12000 \u012etraukim\u0173<\/p>\n<p><span style=\"color: #ff6600\">Pastaba: negalima \u012fkrauti vis\u0105 nakt\u012f!<\/span><\/p>\n<p>&nbsp;<\/p>\n<h3><strong><span style=\"vertical-align: inherit\">Specifikacija WASPE Digital Box 15000P\u016btim\u0173:<\/span><br \/>\n<\/strong><\/h3>\n<blockquote><p>Baterija: 650 mAh (C tipas)<br \/>\nTalpa: 22ml<br \/>\nKaitinimo elementas: 0,8 omo tinklelis<br \/>\nApytikslis siurbimo t\u016bris: 15000 i\u0161p\u016btim\u0173<br \/>\nNikotino stiprumas: 2%, 5%<br \/>\nMOQ: 100 vnt.<\/p><\/blockquote>\n<h3><strong>\u00a0WASPE Digital Box 12000 P\u016btim\u0173 Vaperio Prietaiso Skoni\u0173 S\u0105ra\u0161as:<\/strong><\/h3>\n<blockquote><p>1. Arb\u016bz\u0173 ledas<br \/>\n2. M\u0117lyni\u0173 ledas<br \/>\n3. Vynuogi\u0173 zefyras<br \/>\n4. Bra\u0161ki\u0173 Avie\u010di\u0173 Vy\u0161ni\u0173<br \/>\n5. Mi\u0161rios uogos<br \/>\n6. Bra\u0161ki\u0173 Arb\u016bz\u0173<br \/>\n7. Bra\u0161ki\u0173 Kivio<br \/>\n8. Mangas, Persikas, Ananasas<br \/>\n9. Avie\u010di\u0173 Granat\u0173 Sultys<br \/>\n10. \u017dalias Obuolys, Arb\u016bzas, Ledas<\/p><\/blockquote>\n<p><span style=\"vertical-align: inherit\">Raskite daugiau produkt\u0173, kurie jums gali patikti:<\/span><em><a href=\"https:\/\/wa.me\/8618077105796\"><span style=\"vertical-align: inherit\">\u00a0Pirkti dabar<\/span><\/a><\/em><\/p>\n<p><span style=\"vertical-align: inherit\">Kiti \u012ftraukimai, kurie jums gali patikti:<\/span><a href=\"https:\/\/vapebulkp.com\/lt\/product\/good-sale-randm-tornado-10000-puffs-plus\/\"><span style=\"vertical-align: inherit\">RandM 10000 i\u0161p\u016btim\u0173<\/span><\/a><span style=\"vertical-align: inherit\">\u3001 <\/span><a href=\"https:\/\/vapebulkp.com\/lt\/product\/wholesale-randm-tornado-9000-puffs-germany\/\"><span style=\"vertical-align: inherit\">RandM Tornado 9000 \u012ftraukim\u0173<\/span><\/a><span style=\"vertical-align: inherit\">\/ <\/span><a href=\"https:\/\/vapebulkp.com\/lt\/product\/utco-digital-box-12000-puffs-wholeasle-price-vape\/\"><span style=\"vertical-align: inherit\">UTCO Digital Box 12000 P\u016btim\u0173<\/span><\/a><span style=\"vertical-align: inherit\">\/ <\/span><a href=\"https:\/\/vapebulkp.com\/lt\/product\/bang-king-12000puffs\/\"><span style=\"vertical-align: inherit\">Bang King 12000 \u012ftraukim\u0173<\/span><\/a><\/p>\n<p><span style=\"vertical-align: inherit\">Ypatingos formos elektronini\u0173 cigare\u010di\u0173 buteliukas:<\/span><a href=\"https:\/\/vapebulkp.com\/lt\/product\/original-vape-bang-tn-12000-puffs-bang-vape\/\"><span style=\"vertical-align: inherit\">Bang TN 12000 i\u0161p\u016btim\u0173 <\/span><\/a><span style=\"vertical-align: inherit\">\/ <\/span><a href=\"https:\/\/vapebulkp.com\/lt\/product\/discount-price-bang-shisha-15k-puffs-jnr-shisha-disposable-vape\/\"><span style=\"vertical-align: inherit\">Bang shisha 15000 p\u016btim\u0173 <\/span><\/a><span style=\"vertical-align: inherit\">\/<\/span><a href=\"https:\/\/vapebulkp.com\/lt\/product\/popular-vape-bang-king-15000-puffs-bang-vape\/\"><span style=\"vertical-align: inherit\">Bang King 15000 P\u016btimo<\/span><\/a><\/p>\n<h4>Pristatymo detal\u0117s:<\/h4>\n<p><span style=\"color: #ff6600\">Gamybos laikas: 5-10 darbo dien\u0173<\/span><br \/>\n<span style=\"color: #ff6600\">Pristatymo laikas: 8-14 darbo dien\u0173<\/span><\/p>\n<p>Visi m\u016bs\u0173 parduotuv\u0117s produktai yra 100% original\u016bs ir autenti\u0161ki, tod\u0117l m\u016bs\u0173 parduotuv\u0117s politika yra de\u0161imteriopa kompensacija u\u017e padirbtas prekes. Prek\u0117ms pristatyti naudojame tokius logistikos kanalus kaip UPS\/DHL\/FEDEX\/DPD.<\/p>\n<p>Pristatymas \u012f Lietuvos \u0161alis paprastai trunka 10 darbo dien\u0173. Pristatymas \u012f Europos \u0161alis paprastai u\u017etrunka nuo 12 iki 15 darbo dien\u0173. Logistikos informacij\u0105 atnaujinsime realiuoju laiku.<\/p>","protected":false},"excerpt":{"rendered":"<p>WASPE Digital Box 15k P\u016btim\u0173 e-cigaret\u0117s naudojimas yra malonus procesas. Nesvarbu, ar ilsit\u0117s namuose, ar esate su draugais, ar keliaujate, \u0161is prietaisas yra j\u016bs\u0173 palydovas skaniam ir maloniam garinimui. Atnaujinkite savo garinimo patirt\u012f su WASPE Digital Box 15000 P\u016btim\u0173 jau \u0161iandien!<\/p>\n<p><img decoding=\"async\" class=\"alignnone wp-image-2151\" src=\"http:\/\/vapebulkp.com\/wp-content\/uploads\/2024\/04\/Mandy-WhatsApp-Randm.jpg\" alt=\"Mandy WhatsApp Atsitiktinis\" width=\"276\" height=\"293\" srcset=\"https:\/\/vapebulkp.com\/wp-content\/uploads\/2024\/04\/Mandy-WhatsApp-Randm.jpg 916w, https:\/\/vapebulkp.com\/wp-content\/uploads\/2024\/04\/Mandy-WhatsApp-Randm-282x300.jpg 282w, https:\/\/vapebulkp.com\/wp-content\/uploads\/2024\/04\/Mandy-WhatsApp-Randm-768x817.jpg 768w, https:\/\/vapebulkp.com\/wp-content\/uploads\/2024\/04\/Mandy-WhatsApp-Randm-600x638.jpg 600w\" sizes=\"(max-width: 276px) 100vw, 276px\" \/><\/p>\n<p>D\u0117l nuolaidos kainos susisiekite su Mandy per WhatsApp<a href=\"https:\/\/wa.me\/8618077105796\">+8618077105796<\/a><\/p>\n<p><span style=\"color: #ff0000\">PASTABA: Kainos m\u016bs\u0173 svetain\u0117je neapima siuntimo i\u0161laid\u0173<\/span><\/p>","protected":false},"featured_media":2305,"comment_status":"open","ping_status":"closed","template":"","meta":{"_uag_custom_page_level_css":"","_lmt_disableupdate":"no","_lmt_disable":"","site-sidebar-layout":"default","site-content-layout":"content-boxed-container","ast-site-content-layout":"normal-width-container","site-content-style":"boxed","site-sidebar-style":"unboxed","ast-global-header-display":"","ast-banner-title-visibility":"","ast-main-header-display":"","ast-hfb-above-header-display":"","ast-hfb-below-header-display":"","ast-hfb-mobile-header-display":"","site-post-title":"","ast-breadcrumbs-content":"","ast-featured-img":"","footer-sml-layout":"","theme-transparent-header-meta":"default","adv-header-id-meta":"","stick-header-meta":"","header-above-stick-meta":"","header-main-stick-meta":"","header-below-stick-meta":"","astra-migrate-meta-layouts":"set","_joinchat":[]},"product_cat":[165,153,155,33,59,100,87,34,158,157,154,152,58,84,156,63,32,365],"product_tag":[77,36,37,41],"class_list":["post-2316","product","type-product","status-publish","has-post-thumbnail","hentry","product_cat-15000-puffs-disposable-vape","product_cat-hot-disposable-vapes","product_cat-belgium-hot-disposable-vapes","product_cat-france-vape-hot-sale","product_cat-germany-hot-disposable-vape","product_cat-germany-wholesale-vape-shop","product_cat-minimum-order-quantity-50pcs","product_cat-netherlands-vape-good-sale","product_cat-norway-hot-disposable-vapes","product_cat-poland-hot-disposable-vapes","product_cat-portugal-hot-disposable-vapes","product_cat-spain-hot-disposable-vapes","product_cat-sweden-hot-disposable-vape","product_cat-sweden-wholesale-vape","product_cat-switzerland-hot-disposable-vapes","product_cat-top-sale-disposable-vape","product_cat-vape-hot-sale-this-week","product_cat-waspe-vape","product_tag-15000-puffs","product_tag-good-vape","product_tag-hot-sale-disposable-vape","product_tag-poland-hot-vape","pa_brand-waspe-vape","desktop-align-left","tablet-align-left","mobile-align-left"],"yoast_head":"<!-- This site is optimized with the Yoast SEO plugin v21.1 - https:\/\/yoast.com\/wordpress\/plugins\/seo\/ -->\n<title>Discount Price WASPE Digital Box 15000 Puffs Disposable Vape - vapebulkp.com<\/title>\n<meta name=\"description\" content=\"WASPE Digital Box 15000 Puffs body e-cigarette is an enjoyable process. Whether you&#039;re relaxing at home, out with friends, or on the go, this device is your companion for delicious, satisfying vaping.\" \/>\n<meta name=\"robots\" content=\"index, follow, max-snippet:-1, max-image-preview:large, max-video-preview:-1\" \/>\n<link rel=\"canonical\" href=\"https:\/\/vapebulkp.com\/lt\/product\/discount-price-waspe-digital-box-15000-puffs-disposable-vape\/\" \/>\n<meta property=\"og:locale\" content=\"lt_LT\" \/>\n<meta property=\"og:type\" content=\"article\" \/>\n<meta property=\"og:title\" content=\"Discount Price WASPE Digital Box 15000 Puffs Disposable Vape - vapebulkp.com\" \/>\n<meta property=\"og:description\" content=\"WASPE Digital Box 15000 Puffs body e-cigarette is an enjoyable process. Whether you&#039;re relaxing at home, out with friends, or on the go, this device is your companion for delicious, satisfying vaping.\" \/>\n<meta property=\"og:url\" content=\"https:\/\/vapebulkp.com\/lt\/product\/discount-price-waspe-digital-box-15000-puffs-disposable-vape\/\" \/>\n<meta property=\"og:site_name\" content=\"vapebulkp.com\" \/>\n<meta property=\"article:modified_time\" content=\"2025-09-17T08:34:53+00:00\" \/>\n<meta property=\"og:image\" content=\"http:\/\/vapebulkp.com\/wp-content\/uploads\/2024\/04\/WASPE-15000-Puffs-Best-Sale-Vape-Box.png\" \/>\n\t<meta property=\"og:image:width\" content=\"1000\" \/>\n\t<meta property=\"og:image:height\" content=\"1000\" \/>\n\t<meta property=\"og:image:type\" content=\"image\/png\" \/>\n<meta name=\"twitter:card\" content=\"summary_large_image\" \/>\n<meta name=\"twitter:label1\" content=\"Est. reading time\" \/>\n\t<meta name=\"twitter:data1\" content=\"3 minut\u0117s\" \/>\n<script type=\"application\/ld+json\" class=\"yoast-schema-graph\">{\"@context\":\"https:\/\/schema.org\",\"@graph\":[{\"@type\":\"WebPage\",\"@id\":\"https:\/\/vapebulkp.com\/product\/discount-price-waspe-digital-box-15000-puffs-disposable-vape\/\",\"url\":\"https:\/\/vapebulkp.com\/product\/discount-price-waspe-digital-box-15000-puffs-disposable-vape\/\",\"name\":\"Discount Price WASPE Digital Box 15000 Puffs Disposable Vape - vapebulkp.com\",\"isPartOf\":{\"@id\":\"https:\/\/vapebulkp.com\/#website\"},\"datePublished\":\"2024-04-25T03:53:26+00:00\",\"dateModified\":\"2025-09-17T08:34:53+00:00\",\"description\":\"WASPE Digital Box 15000 Puffs body e-cigarette is an enjoyable process. Whether you're relaxing at home, out with friends, or on the go, this device is your companion for delicious, satisfying vaping.\",\"breadcrumb\":{\"@id\":\"https:\/\/vapebulkp.com\/product\/discount-price-waspe-digital-box-15000-puffs-disposable-vape\/#breadcrumb\"},\"inLanguage\":\"lt-LT\",\"potentialAction\":[{\"@type\":\"ReadAction\",\"target\":[\"https:\/\/vapebulkp.com\/product\/discount-price-waspe-digital-box-15000-puffs-disposable-vape\/\"]}]},{\"@type\":\"BreadcrumbList\",\"@id\":\"https:\/\/vapebulkp.com\/product\/discount-price-waspe-digital-box-15000-puffs-disposable-vape\/#breadcrumb\",\"itemListElement\":[{\"@type\":\"ListItem\",\"position\":1,\"name\":\"Home\",\"item\":\"https:\/\/vapebulkp.com\/\"},{\"@type\":\"ListItem\",\"position\":2,\"name\":\"Hot Trend Vapes\",\"item\":\"https:\/\/vapebulkp.com\/vape-shop\/\"},{\"@type\":\"ListItem\",\"position\":3,\"name\":\"Discount Price WASPE Digital Box 15000 Puffs Disposable Vape\"}]},{\"@type\":\"WebSite\",\"@id\":\"https:\/\/vapebulkp.com\/#website\",\"url\":\"https:\/\/vapebulkp.com\/\",\"name\":\"vapebulkp.com\",\"description\":\"Buy Vape In Cheap Bulk Price Near you\",\"publisher\":{\"@id\":\"https:\/\/vapebulkp.com\/#organization\"},\"potentialAction\":[{\"@type\":\"SearchAction\",\"target\":{\"@type\":\"EntryPoint\",\"urlTemplate\":\"https:\/\/vapebulkp.com\/?s={search_term_string}\"},\"query-input\":\"required name=search_term_string\"}],\"inLanguage\":\"lt-LT\"},{\"@type\":\"Organization\",\"@id\":\"https:\/\/vapebulkp.com\/#organization\",\"name\":\"vapebulkp.com\",\"url\":\"https:\/\/vapebulkp.com\/\",\"logo\":{\"@type\":\"ImageObject\",\"inLanguage\":\"lt-LT\",\"@id\":\"https:\/\/vapebulkp.com\/#\/schema\/logo\/image\/\",\"url\":\"https:\/\/vapebulkp.com\/wp-content\/uploads\/2023\/09\/cropped-vapebulkp.png\",\"contentUrl\":\"https:\/\/vapebulkp.com\/wp-content\/uploads\/2023\/09\/cropped-vapebulkp.png\",\"width\":516,\"height\":163,\"caption\":\"vapebulkp.com\"},\"image\":{\"@id\":\"https:\/\/vapebulkp.com\/#\/schema\/logo\/image\/\"}}]}<\/script>\n<!-- \/ Yoast SEO plugin. -->","yoast_head_json":{"title":"Discount Price WASPE Digital Box 15000 Puffs Disposable Vape - vapebulkp.com","description":"WASPE Digital Box 15000 Puffs body e-cigarette is an enjoyable process. Whether you're relaxing at home, out with friends, or on the go, this device is your companion for delicious, satisfying vaping.","robots":{"index":"index","follow":"follow","max-snippet":"max-snippet:-1","max-image-preview":"max-image-preview:large","max-video-preview":"max-video-preview:-1"},"canonical":"https:\/\/vapebulkp.com\/lt\/product\/discount-price-waspe-digital-box-15000-puffs-disposable-vape\/","og_locale":"lt_LT","og_type":"article","og_title":"Discount Price WASPE Digital Box 15000 Puffs Disposable Vape - vapebulkp.com","og_description":"WASPE Digital Box 15000 Puffs body e-cigarette is an enjoyable process. Whether you're relaxing at home, out with friends, or on the go, this device is your companion for delicious, satisfying vaping.","og_url":"https:\/\/vapebulkp.com\/lt\/product\/discount-price-waspe-digital-box-15000-puffs-disposable-vape\/","og_site_name":"vapebulkp.com","article_modified_time":"2025-09-17T08:34:53+00:00","og_image":[{"width":1000,"height":1000,"url":"http:\/\/vapebulkp.com\/wp-content\/uploads\/2024\/04\/WASPE-15000-Puffs-Best-Sale-Vape-Box.png","type":"image\/png"}],"twitter_card":"summary_large_image","twitter_misc":{"Est. reading time":"3 minut\u0117s"},"schema":{"@context":"https:\/\/schema.org","@graph":[{"@type":"WebPage","@id":"https:\/\/vapebulkp.com\/product\/discount-price-waspe-digital-box-15000-puffs-disposable-vape\/","url":"https:\/\/vapebulkp.com\/product\/discount-price-waspe-digital-box-15000-puffs-disposable-vape\/","name":"Discount Price WASPE Digital Box 15000 Puffs Disposable Vape - vapebulkp.com","isPartOf":{"@id":"https:\/\/vapebulkp.com\/#website"},"datePublished":"2024-04-25T03:53:26+00:00","dateModified":"2025-09-17T08:34:53+00:00","description":"WASPE Digital Box 15000 Puffs body e-cigarette is an enjoyable process. Whether you're relaxing at home, out with friends, or on the go, this device is your companion for delicious, satisfying vaping.","breadcrumb":{"@id":"https:\/\/vapebulkp.com\/product\/discount-price-waspe-digital-box-15000-puffs-disposable-vape\/#breadcrumb"},"inLanguage":"lt-LT","potentialAction":[{"@type":"ReadAction","target":["https:\/\/vapebulkp.com\/product\/discount-price-waspe-digital-box-15000-puffs-disposable-vape\/"]}]},{"@type":"BreadcrumbList","@id":"https:\/\/vapebulkp.com\/product\/discount-price-waspe-digital-box-15000-puffs-disposable-vape\/#breadcrumb","itemListElement":[{"@type":"ListItem","position":1,"name":"Home","item":"https:\/\/vapebulkp.com\/"},{"@type":"ListItem","position":2,"name":"Hot Trend Vapes","item":"https:\/\/vapebulkp.com\/vape-shop\/"},{"@type":"ListItem","position":3,"name":"Discount Price WASPE Digital Box 15000 Puffs Disposable Vape"}]},{"@type":"WebSite","@id":"https:\/\/vapebulkp.com\/#website","url":"https:\/\/vapebulkp.com\/","name":"vapebulkp.com","description":"Buy Vape In Cheap Bulk Price Near you","publisher":{"@id":"https:\/\/vapebulkp.com\/#organization"},"potentialAction":[{"@type":"SearchAction","target":{"@type":"EntryPoint","urlTemplate":"https:\/\/vapebulkp.com\/?s={search_term_string}"},"query-input":"required name=search_term_string"}],"inLanguage":"lt-LT"},{"@type":"Organization","@id":"https:\/\/vapebulkp.com\/#organization","name":"vapebulkp.com","url":"https:\/\/vapebulkp.com\/","logo":{"@type":"ImageObject","inLanguage":"lt-LT","@id":"https:\/\/vapebulkp.com\/#\/schema\/logo\/image\/","url":"https:\/\/vapebulkp.com\/wp-content\/uploads\/2023\/09\/cropped-vapebulkp.png","contentUrl":"https:\/\/vapebulkp.com\/wp-content\/uploads\/2023\/09\/cropped-vapebulkp.png","width":516,"height":163,"caption":"vapebulkp.com"},"image":{"@id":"https:\/\/vapebulkp.com\/#\/schema\/logo\/image\/"}}]}},"uagb_featured_image_src":{"full":["https:\/\/vapebulkp.com\/wp-content\/uploads\/2024\/04\/WASPE-15000-Puffs-Best-Sale-Vape-Box.png",1000,1000,false],"thumbnail":["https:\/\/vapebulkp.com\/wp-content\/uploads\/2024\/04\/WASPE-15000-Puffs-Best-Sale-Vape-Box-150x150.png",150,150,true],"medium":["https:\/\/vapebulkp.com\/wp-content\/uploads\/2024\/04\/WASPE-15000-Puffs-Best-Sale-Vape-Box-300x300.png",300,300,true],"medium_large":["https:\/\/vapebulkp.com\/wp-content\/uploads\/2024\/04\/WASPE-15000-Puffs-Best-Sale-Vape-Box-768x768.png",768,768,true],"large":["https:\/\/vapebulkp.com\/wp-content\/uploads\/2024\/04\/WASPE-15000-Puffs-Best-Sale-Vape-Box.png",1000,1000,false],"1536x1536":["https:\/\/vapebulkp.com\/wp-content\/uploads\/2024\/04\/WASPE-15000-Puffs-Best-Sale-Vape-Box.png",1000,1000,false],"2048x2048":["https:\/\/vapebulkp.com\/wp-content\/uploads\/2024\/04\/WASPE-15000-Puffs-Best-Sale-Vape-Box.png",1000,1000,false],"trp-custom-language-flag":["https:\/\/vapebulkp.com\/wp-content\/uploads\/2024\/04\/WASPE-15000-Puffs-Best-Sale-Vape-Box.png",12,12,false],"woocommerce_thumbnail":["https:\/\/vapebulkp.com\/wp-content\/uploads\/2024\/04\/WASPE-15000-Puffs-Best-Sale-Vape-Box-300x300.png",300,300,true],"woocommerce_single":["https:\/\/vapebulkp.com\/wp-content\/uploads\/2024\/04\/WASPE-15000-Puffs-Best-Sale-Vape-Box-600x600.png",600,600,true],"woocommerce_gallery_thumbnail":["https:\/\/vapebulkp.com\/wp-content\/uploads\/2024\/04\/WASPE-15000-Puffs-Best-Sale-Vape-Box-100x100.png",100,100,true],"wcpr-photo-reviews":["https:\/\/vapebulkp.com\/wp-content\/uploads\/2024\/04\/WASPE-15000-Puffs-Best-Sale-Vape-Box.png",500,500,false]},"uagb_author_info":{"display_name":"Mandy vape bulk price","author_link":"https:\/\/vapebulkp.com\/lt\/author\/"},"uagb_comment_info":1,"uagb_excerpt":"Using WASPE Digital Box 15k Puffs\u00a0 e-cigarette is an enjoyable process. Whether you're relaxing at home, out with friends, or on the go, this device is your companion for delicious, satisfying vaping. Upgrade your vaping experience with WASPE Digital Box 15000 Puffs today! Pls Contact Mandy's WhatsApp For Discount Price+8618077105796 NOTE: Prices on our website&hellip;","_links":{"self":[{"href":"https:\/\/vapebulkp.com\/lt\/wp-json\/wp\/v2\/product\/2316","targetHints":{"allow":["GET"]}}],"collection":[{"href":"https:\/\/vapebulkp.com\/lt\/wp-json\/wp\/v2\/product"}],"about":[{"href":"https:\/\/vapebulkp.com\/lt\/wp-json\/wp\/v2\/types\/product"}],"replies":[{"embeddable":true,"href":"https:\/\/vapebulkp.com\/lt\/wp-json\/wp\/v2\/comments?post=2316"}],"wp:featuredmedia":[{"embeddable":true,"href":"https:\/\/vapebulkp.com\/lt\/wp-json\/wp\/v2\/media\/2305"}],"wp:attachment":[{"href":"https:\/\/vapebulkp.com\/lt\/wp-json\/wp\/v2\/media?parent=2316"}],"wp:term":[{"taxonomy":"product_cat","embeddable":true,"href":"https:\/\/vapebulkp.com\/lt\/wp-json\/wp\/v2\/product_cat?post=2316"},{"taxonomy":"product_tag","embeddable":true,"href":"https:\/\/vapebulkp.com\/lt\/wp-json\/wp\/v2\/product_tag?post=2316"}],"curies":[{"name":"wp","href":"https:\/\/api.w.org\/{rel}","templated":true}]}}