{"id":233,"date":"2021-08-18T03:20:53","date_gmt":"2021-08-18T01:20:53","guid":{"rendered":"https:\/\/vapebulkp.com\/product\/pachira-braid\/"},"modified":"2025-09-01T10:39:43","modified_gmt":"2025-09-01T08:39:43","slug":"disposable-vape-crystal-600-puffs","status":"publish","type":"product","link":"https:\/\/vapebulkp.com\/lt\/produktas\/disposable-vape-crystal-600-puffs\/","title":{"rendered":"Didmenin\u0117 kaina vienkartinis Vape Crystal 600 \u012fkv\u0117pim\u0173"},"content":{"rendered":"<h2 style=\"text-align: left\">Didmenin\u0117 kaina vienkartinis Vape Crystal 600 \u012fkv\u0117pim\u0173<\/h2>\n<p data-start=\"152\" data-end=\"466\">Tas <strong data-start=\"156\" data-end=\"197\">SKI Crystal 600 Puffs Vienkartinis Vape<\/strong> suteikia \u0161velnius, malonius \u012fkv\u0117pimus kompakti\u0161ko, kelion\u0117ms paruo\u0161to dizaino. Kiekviename \u012frenginyje yra 2 ml elektroninio skys\u010dio su auk\u0161\u010diausios kokyb\u0117s mi\u0161iniais, si\u016blantis \u012fvairius skonius nuo sodraus tabako ir v\u0117sinan\u010dio mentolio iki sald\u017ei\u0173 ir vaisini\u0173 variant\u0173, sukurt\u0173 atsi\u017evelgiant \u012f kiekvieno pageidavimus.<\/p>\n<p data-start=\"468\" data-end=\"772\">\u012erengtas 0,8\u03a9 tinklin\u0117 rit\u0117 ir 50mAh C tipo \u012fkraunama baterija, <strong data-start=\"544\" data-end=\"573\">600 Puffs Vienkartinis Vape<\/strong> u\u017etikrina nuolatin\u0119 gar\u0173 gamyb\u0105 ir sodr\u0173 skon\u012f su kiekvienu \u012fkv\u0117pimu. Jo ergonomi\u0161kas dizainas u\u017etikrina patog\u0173 sukibim\u0105, o lengvas, ki\u0161eninio dyd\u017eio dizainas daro j\u012f ideal\u0173 garinimui keliaujant.<\/p>\n<p data-start=\"774\" data-end=\"1128\">Galimas su 2% arba 5% nikotino stiprumu, \u0161is vienkartinis garintuvas sujungia patogum\u0105 ir na\u0161um\u0105 Europos garinimo entuziastams, ie\u0161kantiems auk\u0161tos kokyb\u0117s, paruo\u0161t\u0173 naudoti \u012frengini\u0173. Puikiai tinka kasdieniam naudojimui, socialiniams renginiams ar didmeninei prekybai, <strong data-start=\"1026\" data-end=\"1067\">SKI Crystal 600 Puffs \u012ekraunamas Vape<\/strong> i\u0161siskiria patikimumu, stiliumi ir skonio nuoseklumu.<\/p>\n<p><img decoding=\"async\" class=\"alignnone wp-image-1683\" src=\"http:\/\/vapebulkp.com\/wp-content\/uploads\/2021\/08\/Crystal-600-Flavors-Factory.png\" alt=\"Crystal 600 Skoniai Gera Kaina\" width=\"426\" height=\"426\" srcset=\"https:\/\/vapebulkp.com\/wp-content\/uploads\/2021\/08\/Crystal-600-Flavors-Factory.png 500w, https:\/\/vapebulkp.com\/wp-content\/uploads\/2021\/08\/Crystal-600-Flavors-Factory-300x300.png 300w, https:\/\/vapebulkp.com\/wp-content\/uploads\/2021\/08\/Crystal-600-Flavors-Factory-150x150.png 150w, https:\/\/vapebulkp.com\/wp-content\/uploads\/2021\/08\/Crystal-600-Flavors-Factory-100x100.png 100w\" sizes=\"(max-width: 426px) 100vw, 426px\" \/><\/p>\n<h6 style=\"text-align: left\"><\/h6>\n<h6>D\u0117l nuolaidos kainos susisiekite su Mandy per WhatsApp<a href=\"https:\/\/wa.me\/8618077105796\">+8618077105796<\/a><\/h6>\n<p><img decoding=\"async\" class=\"alignnone size-medium wp-image-1455\" src=\"http:\/\/vapebulkp.com\/wp-content\/uploads\/2021\/08\/WhatsApp-300x279.jpg\" alt=\"\" width=\"300\" height=\"279\" srcset=\"https:\/\/vapebulkp.com\/wp-content\/uploads\/2021\/08\/WhatsApp-300x279.jpg 300w, https:\/\/vapebulkp.com\/wp-content\/uploads\/2021\/08\/WhatsApp-1024x951.jpg 1024w, https:\/\/vapebulkp.com\/wp-content\/uploads\/2021\/08\/WhatsApp-768x713.jpg 768w, https:\/\/vapebulkp.com\/wp-content\/uploads\/2021\/08\/WhatsApp-600x557.jpg 600w, https:\/\/vapebulkp.com\/wp-content\/uploads\/2021\/08\/WhatsApp.jpg 1080w\" sizes=\"(max-width: 300px) 100vw, 300px\" \/><\/p>\n<h2><span style=\"vertical-align: inherit\">Man\u0117me, kad nor\u0117tum\u0117te su\u017einoti apie \u201eGood Crystal 600 Puffs\u201c:<\/span><\/h2>\n<p>&nbsp;<\/p>\n<h4 class=\"style-scope ytd-watch-metadata\">1. Kaip naudoti \u201eCrystal 600 Puffs\u201c Vape Pen?<\/h4>\n<p>1 \u017eingsnis. Prie\u0161 naudodami 600 Puffs, nuimkite plastikin\u012f vamzdel\u012f.<\/p>\n<p>2 \u017eingsnis. Palaukite apie 3 minutes, kol sultys pateks \u012f rit\u0119 viduje.<\/p>\n<p>3 \u017eingsnis. M\u0117gaukit\u0117s<\/p>\n<h6>2. KAIP \u012eKRAUTI VIENKARTIN\u012e VAPE Crystal 600 PUFFS \u012eRENGIN\u012e?<\/h6>\n<p>Negalima naudoti greitojo \u012fkrovimo krovikli\u0173, o standartin\u0117 saugi vienkartini\u0173 elektronini\u0173 cigare\u010di\u0173 galia yra 5V 1A.<\/p>\n<p>Kiekvienas \u012fkrovimo laikas negali vir\u0161yti 1 valandos, o saugus \u012fkrovimo laikas yra pusvalandis.<\/p>\n<p><span style=\"color: #ff6600\">Pastaba: negalima \u012fkrauti vis\u0105 nakt\u012f!<\/span><\/p>\n<h4>3. Kokia yra \u201eCrystal 600 Puffs WAPE\u201c elektroninio skys\u010dio talpa?<\/h4>\n<p>2 ml<\/p>\n<h4>4. Kiek \u012fkv\u0117pim\u0173 galiu atlikti i\u0161 \u0161io \u201eCrystal 600 Puffs\u201c?<\/h4>\n<p>\u2014\u2013600 Puffs<\/p>\n<h3><strong><span style=\"vertical-align: inherit\">Specifikacija SKI Crystal 600 Puffs Vape \u012frenginiui:<\/span><br \/>\n<\/strong><\/h3>\n<p>Baterija: 50mAh (C tipas)<br \/>\nTalpa: 2ml<br \/>\nKaitinimo elementas: 0,8 omo tinklelis<br \/>\nApytikslis \u012ftraukim\u0173 skai\u010dius: 600 \u012ftraukim\u0173<br \/>\nNikotino stiprumas: 2%, 5%<br \/>\nMOQ: 100 vnt.<\/p>\n<h3><strong>Didmenin\u0117 prekyba Vape Crystal 600 Puffs skoniai:<\/strong><\/h3>\n<p>1. Juod\u0173j\u0173 serbent\u0173 mentolis<br \/>\n2. M\u0117lyni\u0173 aviet\u0117s<br \/>\n3. Kokakolos laimas<br \/>\n4. Vy\u0161ni\u0173 putojimas<br \/>\n5.Arb\u016bz\u0173 ledas<br \/>\n6. Vynuogi\u0173 obuoli\u0173 \u201eRedbull\u201c<br \/>\n7. Guminis me\u0161kiukas<br \/>\n8. Citrin\u0173 laimas<br \/>\n9. Kivi\u0173 pasiflor\u0173 guavos<br \/>\n10. \u201eMad Blue\u201c<br \/>\n11. Pasiflor\u0173 mang\u0173 ledas<br \/>\n12. \u201eRedbull\u201c ledas<br \/>\n13. Sakura vynuog\u0117s<br \/>\n14. Bra\u0161ki\u0173 avie\u010di\u0173 ledas<br \/>\n15. Arb\u016bz\u0173 saldainis<br \/>\n16. Laukin\u0117s uogos<br \/>\n17. Ro\u017ein\u0117 limonada<br \/>\n18. Vy\u0161ni\u0173 kola<br \/>\n19. Skittles<br \/>\n20. Saldus m\u0117t\u0173<\/p>\n<p><a href=\"https:\/\/vapebulkp.com\/lt\/produktas\/popular-randm-tornado-7000puffs-disposable-vape-best-price\/\"><span style=\"vertical-align: inherit\">RandM Tornado 7000 Puffs <\/span><\/a><\/p>\n<p><span style=\"vertical-align: inherit\">Raskite daugiau produkt\u0173, kurie jums gali patikti:<\/span><em><a href=\"https:\/\/wa.me\/8618077105796\"><span style=\"vertical-align: inherit\">\u00a0Pirkti dabar<\/span><\/a><\/em><\/p>\n<p><span style=\"vertical-align: inherit\">Kiti \u012ftraukimai, kurie jums gali patikti:<\/span><a href=\"https:\/\/vapebulkp.com\/lt\/produktas\/bulk-buy-kulx-8800-puffs-disposable-vape-wholesale-germany\/\"><span style=\"vertical-align: inherit\">Kulx 8800 Puffs<\/span><\/a><span style=\"vertical-align: inherit\">\u3001<\/span><a href=\"https:\/\/sigvape.com\/product\/wholesale-randm-tornado-10000-plus\/\"><span style=\"vertical-align: inherit\">Bang King 12000 \u012ftraukim\u0173<\/span><\/a><span style=\"vertical-align: inherit\">\/ <\/span><a href=\"https:\/\/vapebulkp.com\/lt\/produktas\/good-sale-randm-tornado-10000-puffs-plus\/\"><span style=\"vertical-align: inherit\">RandM Tornado 10000 \u012fkv\u0117pim\u0173<\/span><\/a><span style=\"vertical-align: inherit\">\/ <\/span><a href=\"https:\/\/sigvape.com\/product\/netherlands-vape-pod-crystal-8000-puffs-wholesale-price\/\"><span style=\"vertical-align: inherit\">Crystal 8000 Puffs<\/span><\/a><\/p>\n<p><span style=\"vertical-align: inherit\">Ypatingos formos elektronini\u0173 cigare\u010di\u0173 buteliukas:<\/span><a href=\"https:\/\/vapebulkp.com\/lt\/produktas\/wholesale-kulx-8000-puffs-disposable-vape\/\"><span style=\"vertical-align: inherit\">Cola Forma<\/span><\/a><span style=\"vertical-align: inherit\">\/ <\/span><a href=\"https:\/\/vapebulkp.com\/lt\/produktas\/popular-bang-king-10000-puffs-vape-good-price\/\"><span style=\"vertical-align: inherit\">RGB \u0161viesos<\/span><\/a><span style=\"vertical-align: inherit\">\/<\/span><a href=\"https:\/\/sigvape.com\/product\/netherlands-vape-pod-crystal-8000-puffs-wholesale-price\/\"><span style=\"vertical-align: inherit\">magi\u0161kas kristalas<\/span><\/a><\/p>\n<h4>Gamybos kvalifikacija:<\/h4>\n<p><img decoding=\"async\" class=\"alignnone size-full wp-image-1841\" src=\"http:\/\/vapebulkp.com\/wp-content\/uploads\/2023\/11\/Vape-production-process-2.jpeg\" alt=\"\u201eVape\u201c gamybos procesas\" width=\"650\" height=\"434\" srcset=\"https:\/\/vapebulkp.com\/wp-content\/uploads\/2023\/11\/Vape-production-process-2.jpeg 650w, https:\/\/vapebulkp.com\/wp-content\/uploads\/2023\/11\/Vape-production-process-2-300x200.jpeg 300w, https:\/\/vapebulkp.com\/wp-content\/uploads\/2023\/11\/Vape-production-process-2-600x401.jpeg 600w\" sizes=\"(max-width: 650px) 100vw, 650px\" \/><\/p>\n<p><img decoding=\"async\" class=\"alignnone size-full wp-image-1843\" src=\"http:\/\/vapebulkp.com\/wp-content\/uploads\/2023\/11\/Vape-production-process.jpeg\" alt=\"\u201eVape\u201c gamybos procesas\" width=\"641\" height=\"1026\" srcset=\"https:\/\/vapebulkp.com\/wp-content\/uploads\/2023\/11\/Vape-production-process.jpeg 641w, https:\/\/vapebulkp.com\/wp-content\/uploads\/2023\/11\/Vape-production-process-187x300.jpeg 187w, https:\/\/vapebulkp.com\/wp-content\/uploads\/2023\/11\/Vape-production-process-640x1024.jpeg 640w, https:\/\/vapebulkp.com\/wp-content\/uploads\/2023\/11\/Vape-production-process-600x960.jpeg 600w\" sizes=\"(max-width: 641px) 100vw, 641px\" \/><\/p>\n<h4>Pristatymo detal\u0117s:<\/h4>\n<p><span style=\"color: #ff6600\">Gamybos laikas: 5-10 darbo dien\u0173<\/span><br \/>\n<span style=\"color: #ff6600\">Pristatymo laikas: 8-14 darbo dien\u0173<\/span><\/p>\n<p>Visi m\u016bs\u0173 parduotuv\u0117s produktai yra 100% original\u016bs ir autenti\u0161ki, tod\u0117l m\u016bs\u0173 parduotuv\u0117s politika yra de\u0161imteriopa kompensacija u\u017e padirbtas prekes. Prek\u0117ms pristatyti naudojame tokius logistikos kanalus kaip UPS\/DHL\/FEDEX\/DPD.<\/p>\n<p>Pristatymas \u012f Lietuvos \u0161alis paprastai trunka 10 darbo dien\u0173. Pristatymas \u012f Europos \u0161alis paprastai u\u017etrunka nuo 12 iki 15 darbo dien\u0173. Logistikos informacij\u0105 atnaujinsime realiuoju laiku.<\/p>\n<p>DUK<br \/>\nK: Koks yra Crystal 600 Puffs MOQ?<br \/>\nA: Minimalus u\u017esakymas yra 100 vnt.<br \/>\nK: Koks yra u\u017esakyto garintuvo pristatymo laikas?<br \/>\nA: \u012eprastai 10\u201315 dien\u0173 po i\u0161siuntimo<br \/>\nK: Kiek kainuoja pristatymas? A: Pristatymo kaina priklauso nuo svorio. Skirtingi kiekiai turi skirtingas pristatymo kainas, susisiekite su mumis, kad patvirtintum\u0117te pristatymo kain\u0105.<\/p>","protected":false},"excerpt":{"rendered":"<p>Sujungiant ne\u0161iojamum\u0105 ir patogum\u0105, Crystal 600 yra kompakti\u0161kas ir ergonomi\u0161kas, patogiai telpa rankoje ar ki\u0161en\u0117je. Tai j\u016bs\u0173 idealus kompanionas keliaujant, u\u017etikrinantis, kad gal\u0117site m\u0117gautis m\u0117gstamais skoniais, kad ir kur jus nuvest\u0173 gyvenimas. Atsisveikinkite su tradicinio garinimo sud\u0117tingumu. Crystal 600 nereikalauja \u012fkrovimo, papildymo ar rit\u0117s keitimo. Tiesiog i\u0161pakuokite, \u012fkv\u0117pkite ir m\u0117gaukit\u0117s nepaprastu garu. Pakelkite savo garinimo \u017eaidim\u0105 \u012f naujas auk\u0161tumas su Crystal 600 vienkartine elektronine cigarete.<\/p>\n<p><img decoding=\"async\" class=\"alignnone size-medium wp-image-1455\" src=\"http:\/\/vapebulkp.com\/wp-content\/uploads\/2021\/08\/WhatsApp-300x279.jpg\" alt=\"\" width=\"300\" height=\"279\" srcset=\"https:\/\/vapebulkp.com\/wp-content\/uploads\/2021\/08\/WhatsApp-300x279.jpg 300w, https:\/\/vapebulkp.com\/wp-content\/uploads\/2021\/08\/WhatsApp-1024x951.jpg 1024w, https:\/\/vapebulkp.com\/wp-content\/uploads\/2021\/08\/WhatsApp-768x713.jpg 768w, https:\/\/vapebulkp.com\/wp-content\/uploads\/2021\/08\/WhatsApp-600x557.jpg 600w, https:\/\/vapebulkp.com\/wp-content\/uploads\/2021\/08\/WhatsApp.jpg 1080w\" sizes=\"(max-width: 300px) 100vw, 300px\" \/><\/p>\n<p>D\u0117l nuolaidos kainos susisiekite su Mandy per WhatsApp<a href=\"https:\/\/wa.me\/8618077105796\">+8618077105796<\/a><\/p>\n<p><span style=\"color: #ff0000\">PASTABA: Kainos m\u016bs\u0173 svetain\u0117je neapima siuntimo i\u0161laid\u0173<\/span><\/p>","protected":false},"featured_media":1684,"comment_status":"open","ping_status":"closed","template":"","meta":{"_uag_custom_page_level_css":"","_lmt_disableupdate":"no","_lmt_disable":"","site-sidebar-layout":"default","site-content-layout":"content-boxed-container","ast-site-content-layout":"normal-width-container","site-content-style":"boxed","site-sidebar-style":"unboxed","ast-global-header-display":"","ast-banner-title-visibility":"","ast-main-header-display":"","ast-hfb-above-header-display":"","ast-hfb-below-header-display":"","ast-hfb-mobile-header-display":"","site-post-title":"","ast-breadcrumbs-content":"","ast-featured-img":"","footer-sml-layout":"","theme-transparent-header-meta":"default","adv-header-id-meta":"","stick-header-meta":"","header-above-stick-meta":"","header-main-stick-meta":"","header-below-stick-meta":"","astra-migrate-meta-layouts":"set","_joinchat":[]},"product_cat":[153,155,30,33,59,100,34,158,157,154,152,58,84,156,63,32],"product_tag":[35,36,37,74],"class_list":["post-233","product","type-product","status-publish","has-post-thumbnail","hentry","product_cat-hot-disposable-vapes","product_cat-belgium-hot-disposable-vapes","product_cat-crystal-600-vape","product_cat-france-vape-hot-sale","product_cat-germany-hot-disposable-vape","product_cat-germany-wholesale-vape-shop","product_cat-netherlands-vape-good-sale","product_cat-norway-hot-disposable-vapes","product_cat-poland-hot-disposable-vapes","product_cat-portugal-hot-disposable-vapes","product_cat-spain-hot-disposable-vapes","product_cat-sweden-hot-disposable-vape","product_cat-sweden-wholesale-vape","product_cat-switzerland-hot-disposable-vapes","product_cat-top-sale-disposable-vape","product_cat-vape-hot-sale-this-week","product_tag-600puffs","product_tag-good-vape","product_tag-hot-sale-disposable-vape","product_tag-randm-vape","desktop-align-left","tablet-align-left","mobile-align-left"],"yoast_head":"<!-- This site is optimized with the Yoast SEO plugin v21.1 - https:\/\/yoast.com\/wordpress\/plugins\/seo\/ -->\n<title>Wholesale Price Disposable Vape Crystal 600 Puffs - vapebulkp.com<\/title>\n<meta name=\"description\" content=\"Enjoy smooth, convenient vaping with the 600 Puffs Disposable Vape, featuring rich flavors and a portable, ready-to-use design for European vapers.\" \/>\n<meta name=\"robots\" content=\"index, follow, max-snippet:-1, max-image-preview:large, max-video-preview:-1\" \/>\n<link rel=\"canonical\" href=\"https:\/\/vapebulkp.com\/lt\/produktas\/disposable-vape-crystal-600-puffs\/\" \/>\n<meta property=\"og:locale\" content=\"lt_LT\" \/>\n<meta property=\"og:type\" content=\"article\" \/>\n<meta property=\"og:title\" content=\"Wholesale Price Disposable Vape Crystal 600 Puffs - vapebulkp.com\" \/>\n<meta property=\"og:description\" content=\"Enjoy smooth, convenient vaping with the 600 Puffs Disposable Vape, featuring rich flavors and a portable, ready-to-use design for European vapers.\" \/>\n<meta property=\"og:url\" content=\"https:\/\/vapebulkp.com\/lt\/produktas\/disposable-vape-crystal-600-puffs\/\" \/>\n<meta property=\"og:site_name\" content=\"vapebulkp.com\" \/>\n<meta property=\"article:modified_time\" content=\"2025-09-01T08:39:43+00:00\" \/>\n<meta property=\"og:image\" content=\"http:\/\/vapebulkp.com\/wp-content\/uploads\/2021\/08\/Crystal-600-Manufacturers.png\" \/>\n\t<meta property=\"og:image:width\" content=\"500\" \/>\n\t<meta property=\"og:image:height\" content=\"500\" \/>\n\t<meta property=\"og:image:type\" content=\"image\/png\" \/>\n<meta name=\"twitter:card\" content=\"summary_large_image\" \/>\n<meta name=\"twitter:label1\" content=\"Est. reading time\" \/>\n\t<meta name=\"twitter:data1\" content=\"4 minut\u0117s\" \/>\n<script type=\"application\/ld+json\" class=\"yoast-schema-graph\">{\"@context\":\"https:\/\/schema.org\",\"@graph\":[{\"@type\":\"WebPage\",\"@id\":\"https:\/\/vapebulkp.com\/product\/disposable-vape-crystal-600-puffs\/\",\"url\":\"https:\/\/vapebulkp.com\/product\/disposable-vape-crystal-600-puffs\/\",\"name\":\"Wholesale Price Disposable Vape Crystal 600 Puffs - vapebulkp.com\",\"isPartOf\":{\"@id\":\"https:\/\/vapebulkp.com\/#website\"},\"datePublished\":\"2021-08-18T01:20:53+00:00\",\"dateModified\":\"2025-09-01T08:39:43+00:00\",\"description\":\"Enjoy smooth, convenient vaping with the 600 Puffs Disposable Vape, featuring rich flavors and a portable, ready-to-use design for European vapers.\",\"breadcrumb\":{\"@id\":\"https:\/\/vapebulkp.com\/product\/disposable-vape-crystal-600-puffs\/#breadcrumb\"},\"inLanguage\":\"lt-LT\",\"potentialAction\":[{\"@type\":\"ReadAction\",\"target\":[\"https:\/\/vapebulkp.com\/product\/disposable-vape-crystal-600-puffs\/\"]}]},{\"@type\":\"BreadcrumbList\",\"@id\":\"https:\/\/vapebulkp.com\/product\/disposable-vape-crystal-600-puffs\/#breadcrumb\",\"itemListElement\":[{\"@type\":\"ListItem\",\"position\":1,\"name\":\"Home\",\"item\":\"https:\/\/vapebulkp.com\/\"},{\"@type\":\"ListItem\",\"position\":2,\"name\":\"Hot Trend Vapes\",\"item\":\"https:\/\/vapebulkp.com\/vape-shop\/\"},{\"@type\":\"ListItem\",\"position\":3,\"name\":\"Wholesale Price Disposable Vape Crystal 600 Puffs\"}]},{\"@type\":\"WebSite\",\"@id\":\"https:\/\/vapebulkp.com\/#website\",\"url\":\"https:\/\/vapebulkp.com\/\",\"name\":\"vapebulkp.com\",\"description\":\"Buy Vape In Cheap Bulk Price Near you\",\"publisher\":{\"@id\":\"https:\/\/vapebulkp.com\/#organization\"},\"potentialAction\":[{\"@type\":\"SearchAction\",\"target\":{\"@type\":\"EntryPoint\",\"urlTemplate\":\"https:\/\/vapebulkp.com\/?s={search_term_string}\"},\"query-input\":\"required name=search_term_string\"}],\"inLanguage\":\"lt-LT\"},{\"@type\":\"Organization\",\"@id\":\"https:\/\/vapebulkp.com\/#organization\",\"name\":\"vapebulkp.com\",\"url\":\"https:\/\/vapebulkp.com\/\",\"logo\":{\"@type\":\"ImageObject\",\"inLanguage\":\"lt-LT\",\"@id\":\"https:\/\/vapebulkp.com\/#\/schema\/logo\/image\/\",\"url\":\"https:\/\/vapebulkp.com\/wp-content\/uploads\/2023\/09\/cropped-vapebulkp.png\",\"contentUrl\":\"https:\/\/vapebulkp.com\/wp-content\/uploads\/2023\/09\/cropped-vapebulkp.png\",\"width\":516,\"height\":163,\"caption\":\"vapebulkp.com\"},\"image\":{\"@id\":\"https:\/\/vapebulkp.com\/#\/schema\/logo\/image\/\"}}]}<\/script>\n<!-- \/ Yoast SEO plugin. -->","yoast_head_json":{"title":"Wholesale Price Disposable Vape Crystal 600 Puffs - vapebulkp.com","description":"Enjoy smooth, convenient vaping with the 600 Puffs Disposable Vape, featuring rich flavors and a portable, ready-to-use design for European vapers.","robots":{"index":"index","follow":"follow","max-snippet":"max-snippet:-1","max-image-preview":"max-image-preview:large","max-video-preview":"max-video-preview:-1"},"canonical":"https:\/\/vapebulkp.com\/lt\/produktas\/disposable-vape-crystal-600-puffs\/","og_locale":"lt_LT","og_type":"article","og_title":"Wholesale Price Disposable Vape Crystal 600 Puffs - vapebulkp.com","og_description":"Enjoy smooth, convenient vaping with the 600 Puffs Disposable Vape, featuring rich flavors and a portable, ready-to-use design for European vapers.","og_url":"https:\/\/vapebulkp.com\/lt\/produktas\/disposable-vape-crystal-600-puffs\/","og_site_name":"vapebulkp.com","article_modified_time":"2025-09-01T08:39:43+00:00","og_image":[{"width":500,"height":500,"url":"http:\/\/vapebulkp.com\/wp-content\/uploads\/2021\/08\/Crystal-600-Manufacturers.png","type":"image\/png"}],"twitter_card":"summary_large_image","twitter_misc":{"Est. reading time":"4 minut\u0117s"},"schema":{"@context":"https:\/\/schema.org","@graph":[{"@type":"WebPage","@id":"https:\/\/vapebulkp.com\/product\/disposable-vape-crystal-600-puffs\/","url":"https:\/\/vapebulkp.com\/product\/disposable-vape-crystal-600-puffs\/","name":"Wholesale Price Disposable Vape Crystal 600 Puffs - vapebulkp.com","isPartOf":{"@id":"https:\/\/vapebulkp.com\/#website"},"datePublished":"2021-08-18T01:20:53+00:00","dateModified":"2025-09-01T08:39:43+00:00","description":"Enjoy smooth, convenient vaping with the 600 Puffs Disposable Vape, featuring rich flavors and a portable, ready-to-use design for European vapers.","breadcrumb":{"@id":"https:\/\/vapebulkp.com\/product\/disposable-vape-crystal-600-puffs\/#breadcrumb"},"inLanguage":"lt-LT","potentialAction":[{"@type":"ReadAction","target":["https:\/\/vapebulkp.com\/product\/disposable-vape-crystal-600-puffs\/"]}]},{"@type":"BreadcrumbList","@id":"https:\/\/vapebulkp.com\/product\/disposable-vape-crystal-600-puffs\/#breadcrumb","itemListElement":[{"@type":"ListItem","position":1,"name":"Home","item":"https:\/\/vapebulkp.com\/"},{"@type":"ListItem","position":2,"name":"Hot Trend Vapes","item":"https:\/\/vapebulkp.com\/vape-shop\/"},{"@type":"ListItem","position":3,"name":"Wholesale Price Disposable Vape Crystal 600 Puffs"}]},{"@type":"WebSite","@id":"https:\/\/vapebulkp.com\/#website","url":"https:\/\/vapebulkp.com\/","name":"vapebulkp.com","description":"Buy Vape In Cheap Bulk Price Near you","publisher":{"@id":"https:\/\/vapebulkp.com\/#organization"},"potentialAction":[{"@type":"SearchAction","target":{"@type":"EntryPoint","urlTemplate":"https:\/\/vapebulkp.com\/?s={search_term_string}"},"query-input":"required name=search_term_string"}],"inLanguage":"lt-LT"},{"@type":"Organization","@id":"https:\/\/vapebulkp.com\/#organization","name":"vapebulkp.com","url":"https:\/\/vapebulkp.com\/","logo":{"@type":"ImageObject","inLanguage":"lt-LT","@id":"https:\/\/vapebulkp.com\/#\/schema\/logo\/image\/","url":"https:\/\/vapebulkp.com\/wp-content\/uploads\/2023\/09\/cropped-vapebulkp.png","contentUrl":"https:\/\/vapebulkp.com\/wp-content\/uploads\/2023\/09\/cropped-vapebulkp.png","width":516,"height":163,"caption":"vapebulkp.com"},"image":{"@id":"https:\/\/vapebulkp.com\/#\/schema\/logo\/image\/"}}]}},"uagb_featured_image_src":{"full":["https:\/\/vapebulkp.com\/wp-content\/uploads\/2021\/08\/Crystal-600-Manufacturers.png",500,500,false],"thumbnail":["https:\/\/vapebulkp.com\/wp-content\/uploads\/2021\/08\/Crystal-600-Manufacturers-150x150.png",150,150,true],"medium":["https:\/\/vapebulkp.com\/wp-content\/uploads\/2021\/08\/Crystal-600-Manufacturers-300x300.png",300,300,true],"medium_large":["https:\/\/vapebulkp.com\/wp-content\/uploads\/2021\/08\/Crystal-600-Manufacturers.png",500,500,false],"large":["https:\/\/vapebulkp.com\/wp-content\/uploads\/2021\/08\/Crystal-600-Manufacturers.png",500,500,false],"1536x1536":["https:\/\/vapebulkp.com\/wp-content\/uploads\/2021\/08\/Crystal-600-Manufacturers.png",500,500,false],"2048x2048":["https:\/\/vapebulkp.com\/wp-content\/uploads\/2021\/08\/Crystal-600-Manufacturers.png",500,500,false],"trp-custom-language-flag":["https:\/\/vapebulkp.com\/wp-content\/uploads\/2021\/08\/Crystal-600-Manufacturers.png",12,12,false],"woocommerce_thumbnail":["https:\/\/vapebulkp.com\/wp-content\/uploads\/2021\/08\/Crystal-600-Manufacturers-300x300.png",300,300,true],"woocommerce_single":["https:\/\/vapebulkp.com\/wp-content\/uploads\/2021\/08\/Crystal-600-Manufacturers.png",500,500,false],"woocommerce_gallery_thumbnail":["https:\/\/vapebulkp.com\/wp-content\/uploads\/2021\/08\/Crystal-600-Manufacturers-100x100.png",100,100,true],"wcpr-photo-reviews":["https:\/\/vapebulkp.com\/wp-content\/uploads\/2021\/08\/Crystal-600-Manufacturers.png",500,500,false]},"uagb_author_info":{"display_name":"vapebulkp.com","author_link":"https:\/\/vapebulkp.com\/lt\/author\/"},"uagb_comment_info":1,"uagb_excerpt":"Designed with portability in mind, the Crystal 600 is compact and ergonomic, fitting comfortably in your hand or pocket. It's your ideal companion for vaping on the go, ensuring you can enjoy your favorite flavors wherever life takes you.Bid farewell to the complexities of traditional vaping. The Crystal 600 requires no charging, refilling, or coil&hellip;","_links":{"self":[{"href":"https:\/\/vapebulkp.com\/lt\/wp-json\/wp\/v2\/product\/233","targetHints":{"allow":["GET"]}}],"collection":[{"href":"https:\/\/vapebulkp.com\/lt\/wp-json\/wp\/v2\/product"}],"about":[{"href":"https:\/\/vapebulkp.com\/lt\/wp-json\/wp\/v2\/types\/product"}],"replies":[{"embeddable":true,"href":"https:\/\/vapebulkp.com\/lt\/wp-json\/wp\/v2\/comments?post=233"}],"wp:featuredmedia":[{"embeddable":true,"href":"https:\/\/vapebulkp.com\/lt\/wp-json\/wp\/v2\/media\/1684"}],"wp:attachment":[{"href":"https:\/\/vapebulkp.com\/lt\/wp-json\/wp\/v2\/media?parent=233"}],"wp:term":[{"taxonomy":"product_cat","embeddable":true,"href":"https:\/\/vapebulkp.com\/lt\/wp-json\/wp\/v2\/product_cat?post=233"},{"taxonomy":"product_tag","embeddable":true,"href":"https:\/\/vapebulkp.com\/lt\/wp-json\/wp\/v2\/product_tag?post=233"}],"curies":[{"name":"wp","href":"https:\/\/api.w.org\/{rel}","templated":true}]}}