{"id":2399,"date":"2024-04-28T11:43:52","date_gmt":"2024-04-28T09:43:52","guid":{"rendered":"https:\/\/vapebulkp.com\/?post_type=product&#038;p=2399"},"modified":"2025-09-02T05:11:26","modified_gmt":"2025-09-02T03:11:26","slug":"discount-price-cloud-bar-tn-15000-disposable-vape-raz-bar","status":"publish","type":"product","link":"https:\/\/vapebulkp.com\/lt\/product\/discount-price-cloud-bar-tn-15000-disposable-vape-raz-bar\/","title":{"rendered":"Nuolaidos kaina Cloud Bar TN 15000 Puffs Vienkartinis Vape RAZ BAR"},"content":{"rendered":"<h2>Nuolaidos kaina Cloud Bar TN 15000 Puffs Vienkartinis Vape RAZ BAR<\/h2>\n<p data-start=\"379\" data-end=\"689\">Tas <strong data-start=\"383\" data-end=\"435\">Cloud Bar TN 15000 Puffs Vienkartinis Vape RAZ BAR<\/strong> yra <strong data-start=\"441\" data-end=\"470\">didel\u0117s talpos vape \u012frenginys<\/strong> sukurtas ilgalaikiam veikimui ir sodriam skoniui. Su 23 ml elektroninio skys\u010dio talpykla ir 650 mAh \u012fkraunama baterija, \u0161is <strong data-start=\"592\" data-end=\"624\">\u012fkraunamas vienkartinis vape<\/strong> sukurtas nuolatiniam pasitenkinimui kiekvienos sesijos metu.<\/p>\n<p data-start=\"691\" data-end=\"943\">\u012erengtas su <strong data-start=\"705\" data-end=\"734\">tinklelio rit\u0117s vienkartinis vape<\/strong> technologija, jis gamina \u0161velnius garus ir \u0161var\u0173 skon\u012f, kartu sustiprindamas kiekvieno p\u016btimo intensyvum\u0105. Skaitmeninis ekranas seka tiek elektroninio skys\u010dio, tiek baterijos lygius, suteikdamas vartotojams visi\u0161k\u0105 kontrol\u0119 be pertrauk\u0173.<\/p>\n<p data-start=\"945\" data-end=\"1198\">I\u0161 anksto u\u017epildytas su <strong data-start=\"961\" data-end=\"983\">nikotino druskos vapingo<\/strong> parinktimis, jis atitinka skirtingus pageidavimus, nesvarbu, ar norite stipraus gerkl\u0117s sm\u016bgio, ar \u0161velnesnio traukimo. Galima rinktis i\u0161 keli\u0173 <strong data-start=\"1108\" data-end=\"1132\">auk\u0161\u010diausios kokyb\u0117s skoni\u0173 vape<\/strong>, tai universalus pasirinkimas kasdieniam naudojimui ir socialiniams renginiams.<\/p>\n<p data-start=\"1200\" data-end=\"1407\">Puikiai tinka <strong data-start=\"1212\" data-end=\"1237\">didmenin\u0117 vape Lietuva<\/strong>, <strong data-start=\"1243\" data-end=\"1287\">Debes\u0173 baras TN <a href=\"https:\/\/vapebulkp.com\/lt\/product-category\/15000-puffs-disposable-vape\/\">15000 d\u016bm\u0173 vienkartinis garintuvas<\/a><\/strong> suderina stili\u0173, patogum\u0105 ir na\u0161um\u0105 \u2013 tai patikimas pasirinkimas ma\u017emenininkams ir didmenininkams visoje ES.<\/p>\n<h6 style=\"text-align: left\"><img decoding=\"async\" class=\"alignnone wp-image-2335\" src=\"http:\/\/vapebulkp.com\/wp-content\/uploads\/2024\/04\/Wholesale-Price-Cloud-TN-15000Puffs-Good-Vape-scaled.jpg\" alt=\"Didmenin\u0117 kaina \u201eCloud TN 15000Puffs\u201c geras garintuvas\" width=\"848\" height=\"1129\" srcset=\"https:\/\/vapebulkp.com\/wp-content\/uploads\/2024\/04\/Wholesale-Price-Cloud-TN-15000Puffs-Good-Vape-scaled.jpg 1922w, https:\/\/vapebulkp.com\/wp-content\/uploads\/2024\/04\/Wholesale-Price-Cloud-TN-15000Puffs-Good-Vape-225x300.jpg 225w, https:\/\/vapebulkp.com\/wp-content\/uploads\/2024\/04\/Wholesale-Price-Cloud-TN-15000Puffs-Good-Vape-769x1024.jpg 769w, https:\/\/vapebulkp.com\/wp-content\/uploads\/2024\/04\/Wholesale-Price-Cloud-TN-15000Puffs-Good-Vape-768x1023.jpg 768w, https:\/\/vapebulkp.com\/wp-content\/uploads\/2024\/04\/Wholesale-Price-Cloud-TN-15000Puffs-Good-Vape-1153x1536.jpg 1153w, https:\/\/vapebulkp.com\/wp-content\/uploads\/2024\/04\/Wholesale-Price-Cloud-TN-15000Puffs-Good-Vape-1538x2048.jpg 1538w, https:\/\/vapebulkp.com\/wp-content\/uploads\/2024\/04\/Wholesale-Price-Cloud-TN-15000Puffs-Good-Vape-600x799.jpg 600w\" sizes=\"(max-width: 848px) 100vw, 848px\" \/><\/h6>\n<p>&nbsp;<\/p>\n<h6>D\u0117l nuolaidos kainos susisiekite su Mandy per WhatsApp<a href=\"https:\/\/wa.me\/8618077105796\">+8618077105796<\/a><\/h6>\n<p><img decoding=\"async\" class=\"alignnone wp-image-2151\" src=\"http:\/\/vapebulkp.com\/wp-content\/uploads\/2024\/04\/Mandy-WhatsApp-Randm.jpg\" alt=\"Mandy WhatsApp Atsitiktinis\" width=\"287\" height=\"305\" srcset=\"https:\/\/vapebulkp.com\/wp-content\/uploads\/2024\/04\/Mandy-WhatsApp-Randm.jpg 916w, https:\/\/vapebulkp.com\/wp-content\/uploads\/2024\/04\/Mandy-WhatsApp-Randm-282x300.jpg 282w, https:\/\/vapebulkp.com\/wp-content\/uploads\/2024\/04\/Mandy-WhatsApp-Randm-768x817.jpg 768w, https:\/\/vapebulkp.com\/wp-content\/uploads\/2024\/04\/Mandy-WhatsApp-Randm-600x638.jpg 600w\" sizes=\"(max-width: 287px) 100vw, 287px\" \/><\/p>\n<div class=\"faqs-answer\"><\/div>\n<h2><strong><span style=\"vertical-align: inherit\">Didmenin\u0117 prekyba Vape Cloud bar TN 15k Puffs GEEK BAR specifikacija:<\/span><br \/>\n<\/strong><\/h2>\n<p>Modelis: Cloud Bar TN 15k Puffs<br \/>\nP\u016btimai: 15000 p\u016btim\u0173<br \/>\nBaterijos talpa: 650mAh<br \/>\nElektroninio skys\u010dio t\u016bris: 23ml<br \/>\nNikotino kiekis: 21% \/\/ 51% nikotino druska<br \/>\nPakuot\u0117: 10 vienet\u0173 1 vitrinoje<br \/>\nMinimalus u\u017esakymo kiekis (MOQ): 50 vienet\u0173<\/p>\n<p>&nbsp;<\/p>\n<h2><strong>GEEK BAR Cloud Bar TN 15k Puffs Vape skoni\u0173 pasirinkimas:<\/strong><\/h2>\n<p>1. M\u0117lyn\u0117li\u0173 aviet\u0117<br \/>\n2. Ponas M\u0117lynas<br \/>\n3. Bra\u0161ki\u0173 arb\u016bzas<br \/>\n4. Persik\u0173 mang\u0173 ananasas<br \/>\n5. Gaivus ledas (arb\u016bz\u0173 ledas)<br \/>\n6. Mi\u0161rios uogos<br \/>\n7. Bra\u0161ki\u0173 ledas<br \/>\n8. M\u0117lyn\u0173j\u0173 avie\u010di\u0173 ledas<br \/>\n9. Juodojo drakono ledas<br \/>\n10. Persik\u0173 ledas<br \/>\n11.Vy\u0161nia<br \/>\n12.Bra\u0161ki\u0173 avie\u010di\u0173 vy\u0161ni\u0173 ledas<\/p>\n<p><a href=\"https:\/\/vapebulkp.com\/lt\/product\/good-sale-bang-de-8500puffs-wholesale-price\/\"><span style=\"vertical-align: inherit\">Geras i\u0161pardavimas Vape Bang DE 8500 Puffs<\/span><\/a><\/p>\n<p><span style=\"vertical-align: inherit\">Raskite daugiau produkt\u0173, kurie jums gali patikti:<\/span><em><a href=\"https:\/\/wa.me\/8618077105796\"><span style=\"vertical-align: inherit\">\u00a0Pirkti dabar<\/span><\/a><\/em><\/p>\n<p><span style=\"vertical-align: inherit\">Kiti \u012ftraukimai, kurie jums gali patikti:<\/span><a href=\"https:\/\/vapebulkp.com\/lt\/product\/bulk-buy-kulx-8800-puffs-disposable-vape-wholesale-germany\/\"><span style=\"vertical-align: inherit\">Kulx 8800 Puffs<\/span><\/a><span style=\"vertical-align: inherit\">\u3001<\/span><a href=\"https:\/\/vapebulkp.com\/lt\/product\/good-sale-randm-tornado-10000-puffs-plus\/\"><span style=\"vertical-align: inherit\">Randm 10000 Puf\u0173<\/span><\/a><span style=\"vertical-align: inherit\">\/ <\/span><a href=\"https:\/\/vapebulkp.com\/lt\/product\/popular-kulx-10000puffs-disposable-vape-good-price\/\"><span style=\"vertical-align: inherit\">Kulx 10000 d\u016bm\u0173<\/span><\/a><span style=\"vertical-align: inherit\">\/ <\/span><a href=\"https:\/\/vapebulkp.com\/lt\/product\/popular-randm-tornado-7000puffs-disposable-vape-best-price\/\"><span style=\"vertical-align: inherit\">RandM Tornado 7000 Puffs<\/span><\/a><\/p>\n<p><span style=\"vertical-align: inherit\">Ypatingos formos elektronini\u0173 cigare\u010di\u0173 buteliukas:<\/span><a href=\"https:\/\/vapebulkp.com\/lt\/product\/bang-box-12000puffs-good-vape-sweden-wholesale-price\/\"><span style=\"vertical-align: inherit\">Bang Box 12000 Puffs <\/span><\/a><span style=\"vertical-align: inherit\">\/ <\/span><a href=\"https:\/\/vapebulkp.com\/lt\/product\/wholesale-tornado-rum-bar-9000-puffs-sweden\/\"><span style=\"vertical-align: inherit\">Rumbar 9000 Puffs<\/span><\/a><span style=\"vertical-align: inherit\">\/<\/span><a href=\"https:\/\/vapebulkp.com\/lt\/product\/top-sale-waspe-12000puffs-disposable-vape-wholesale-france\/\"><span style=\"vertical-align: inherit\">WASPE 12000 Puf\u0173<\/span><\/a><\/p>\n<h3>Gamybos kvalifikacija:<\/h3>\n<p><img decoding=\"async\" class=\"alignnone size-full wp-image-1841\" src=\"http:\/\/vapebulkp.com\/wp-content\/uploads\/2023\/11\/Vape-production-process-2.jpeg\" alt=\"\u201eVape\u201c gamybos procesas\" width=\"650\" height=\"434\" srcset=\"https:\/\/vapebulkp.com\/wp-content\/uploads\/2023\/11\/Vape-production-process-2.jpeg 650w, https:\/\/vapebulkp.com\/wp-content\/uploads\/2023\/11\/Vape-production-process-2-300x200.jpeg 300w, https:\/\/vapebulkp.com\/wp-content\/uploads\/2023\/11\/Vape-production-process-2-600x401.jpeg 600w\" sizes=\"(max-width: 650px) 100vw, 650px\" \/><\/p>\n<p><img decoding=\"async\" class=\"alignnone size-full wp-image-1843\" src=\"http:\/\/vapebulkp.com\/wp-content\/uploads\/2023\/11\/Vape-production-process.jpeg\" alt=\"\u201eVape\u201c gamybos procesas\" width=\"641\" height=\"1026\" srcset=\"https:\/\/vapebulkp.com\/wp-content\/uploads\/2023\/11\/Vape-production-process.jpeg 641w, https:\/\/vapebulkp.com\/wp-content\/uploads\/2023\/11\/Vape-production-process-187x300.jpeg 187w, https:\/\/vapebulkp.com\/wp-content\/uploads\/2023\/11\/Vape-production-process-640x1024.jpeg 640w, https:\/\/vapebulkp.com\/wp-content\/uploads\/2023\/11\/Vape-production-process-600x960.jpeg 600w\" sizes=\"(max-width: 641px) 100vw, 641px\" \/><\/p>\n<h4>DUK:<\/h4>\n<h4>1.Ar galiu pats papildyti savo Cloud bar TN 15k Puffs elektronin\u012f skyst\u012f?<\/h4>\n<p>Ne, \u201eCloud bar TN 15k Puffs\u201c vienkartinis elektronini\u0173 cigare\u010di\u0173 rinkinys skirtas tik vienkartiniam naudojimui ir jo negalima papildyti. Jis pristatomas i\u0161 anksto u\u017epildytas auk\u0161\u010diausios kokyb\u0117s el. skys\u010dio skoniais, kad b\u016bt\u0173 u\u017etikrinta be r\u016bpes\u010di\u0173 ir nuosekli r\u016bkymo patirtis. Kai el. skystis bus sunaudotas, tereikia atsakingai i\u0161mesti prietais\u0105.<\/p>\n<h4>2. Ar galiu skraidinti \u201eCloud bar TN 15k Puffs\u201c didmenin\u012f vienkartin\u012f garintuv\u0105?<\/h4>\n<p>Nors \u201eCloud bar TN 15000 Puffs\u201c vienkartinis garintuvo rinkinys yra kompakti\u0161kas ir patogus kelion\u0117ms, prie\u0161 skrisdami juo verta patikrinti oro linij\u0173 taisykles. Kai kurios oro linijos turi specialias taisykles d\u0117l garinimo prietais\u0173 gabenimo, tod\u0117l geriausia i\u0161 anksto informuoti, kad i\u0161vengtum\u0117te nepatogum\u0173 kelion\u0117s metu.<\/p>\n<h4>3. K\u0105 tur\u0117\u010diau daryti su savo panaudotu \u201eCloud bar vape 15K RAZ BAR\u201c vienkartiniu elektronini\u0173 cigare\u010di\u0173 rinkiniu?<\/h4>\n<p>Nor\u0117dami atsakingai i\u0161mesti savo panaudot\u0105 \u201ecloud bar tornado 15k puffs\u201c vienkartin\u012f elektronini\u0173 cigare\u010di\u0173 rinkin\u012f, tur\u0117tum\u0117te patikrinti vietinius elektronini\u0173 atliek\u0173 arba elektronini\u0173 prietais\u0173 perdirbimo taisykles. Daugelis garintuv\u0173 parduotuvi\u0173 ir perdirbimo centr\u0173 priima panaudotus prietaisus, kad u\u017etikrint\u0173 j\u0173 saug\u0173 ir atsaking\u0105 i\u0161metim\u0105.<\/p>\n<h4>Pristatymo detal\u0117s:<\/h4>\n<p><span style=\"color: #ff6600\">Gamybos laikas: 5-10 darbo dien\u0173<\/span><br \/>\n<span style=\"color: #ff6600\">Pristatymo laikas: 8-14 darbo dien\u0173<\/span><\/p>\n<p>Visi m\u016bs\u0173 parduotuv\u0117s produktai yra 100% original\u016bs ir autenti\u0161ki, tod\u0117l m\u016bs\u0173 parduotuv\u0117s politika yra de\u0161imteriopa kompensacija u\u017e padirbtas prekes. Prek\u0117ms pristatyti naudojame tokius logistikos kanalus kaip UPS\/DHL\/FEDEX\/DPD.<\/p>\n<p>Pristatymas \u012f Lietuvos \u0161alis paprastai trunka 10 darbo dien\u0173. Pristatymas \u012f Europos \u0161alis paprastai u\u017etrunka nuo 12 iki 15 darbo dien\u0173. Logistikos informacij\u0105 atnaujinsime realiuoju laiku.<\/p>","protected":false},"excerpt":{"rendered":"<p>Didmenin\u0117 kaina Cloud Bar RAZ BAR 15k Puffs<\/p>\n<p>Cloud Bar TN 15000 p\u016btim\u0173 Top Sale Lietuva<\/p>\n<p>Cloud Bar GEEK BAR 15K p\u016btim\u0173 Vienkartinis Vape Kar\u0161tas I\u0161pardavimas \u0160i\u0105 Savait\u0119<\/p>\n<p><img decoding=\"async\" class=\"alignnone wp-image-2151\" src=\"http:\/\/vapebulkp.com\/wp-content\/uploads\/2024\/04\/Mandy-WhatsApp-Randm.jpg\" alt=\"Mandy WhatsApp Atsitiktinis\" width=\"269\" height=\"286\" srcset=\"https:\/\/vapebulkp.com\/wp-content\/uploads\/2024\/04\/Mandy-WhatsApp-Randm.jpg 916w, https:\/\/vapebulkp.com\/wp-content\/uploads\/2024\/04\/Mandy-WhatsApp-Randm-282x300.jpg 282w, https:\/\/vapebulkp.com\/wp-content\/uploads\/2024\/04\/Mandy-WhatsApp-Randm-768x817.jpg 768w, https:\/\/vapebulkp.com\/wp-content\/uploads\/2024\/04\/Mandy-WhatsApp-Randm-600x638.jpg 600w\" sizes=\"(max-width: 269px) 100vw, 269px\" \/><\/p>\n<p>D\u0117l nuolaidos kainos susisiekite su Mandy per WhatsApp<a href=\"https:\/\/wa.me\/8618077105796\">+8618077105796<\/a><\/p>\n<p><span style=\"color: #ff0000\">PASTABA: Kainos m\u016bs\u0173 svetain\u0117je neapima siuntimo i\u0161laid\u0173<\/span><\/p>\n<p>Pagrindin\u0117 pirkimo prie\u017eastis<br \/>\n1. Puiki kokyb\u0117 ir neprilygstamas na\u0161umas.<\/p>\n<p>2. Konkurencinga kaina ir greita vert\u0117.<\/p>\n<p>3. Keli pasirinkimai ir pristatymas laiku.<\/p>\n<p>4. Maloni apsipirkimo patirtis<\/p>","protected":false},"featured_media":2334,"comment_status":"open","ping_status":"closed","template":"","meta":{"_uag_custom_page_level_css":"","_lmt_disableupdate":"no","_lmt_disable":"","site-sidebar-layout":"default","site-content-layout":"content-boxed-container","ast-site-content-layout":"normal-width-container","site-content-style":"boxed","site-sidebar-style":"unboxed","ast-global-header-display":"","ast-banner-title-visibility":"","ast-main-header-display":"","ast-hfb-above-header-display":"","ast-hfb-below-header-display":"","ast-hfb-mobile-header-display":"","site-post-title":"","ast-breadcrumbs-content":"","ast-featured-img":"","footer-sml-layout":"","theme-transparent-header-meta":"default","adv-header-id-meta":"","stick-header-meta":"","header-above-stick-meta":"","header-main-stick-meta":"","header-below-stick-meta":"","astra-migrate-meta-layouts":"set","_joinchat":[]},"product_cat":[165,153,155,33,59,100,87,34,158,157,154,152,58,84,156,63,32],"product_tag":[122,123,36,37,41,75,40],"class_list":["post-2399","product","type-product","status-publish","has-post-thumbnail","hentry","product_cat-15000-puffs-disposable-vape","product_cat-hot-disposable-vapes","product_cat-belgium-hot-disposable-vapes","product_cat-france-vape-hot-sale","product_cat-germany-hot-disposable-vape","product_cat-germany-wholesale-vape-shop","product_cat-minimum-order-quantity-50pcs","product_cat-netherlands-vape-good-sale","product_cat-norway-hot-disposable-vapes","product_cat-poland-hot-disposable-vapes","product_cat-portugal-hot-disposable-vapes","product_cat-spain-hot-disposable-vapes","product_cat-sweden-hot-disposable-vape","product_cat-sweden-wholesale-vape","product_cat-switzerland-hot-disposable-vapes","product_cat-top-sale-disposable-vape","product_cat-vape-hot-sale-this-week","product_tag-15000puffs","product_tag-cloud-bar-tn-15000-disposable-vape-raz-bar","product_tag-good-vape","product_tag-hot-sale-disposable-vape","product_tag-poland-hot-vape","product_tag-randm-vape-9000-puffs","product_tag-sweden-hot-vape","desktop-align-left","tablet-align-left","mobile-align-left"],"yoast_head":"<!-- This site is optimized with the Yoast SEO plugin v21.1 - https:\/\/yoast.com\/wordpress\/plugins\/seo\/ -->\n<title>Discount Price Cloud Bar TN 15000 Puffs Disposable Vape RAZ BAR - vapebulkp.com<\/title>\n<meta name=\"description\" content=\"Discount Price Cloud Bar TN 15000 Disposable Vape RAZ BAR with an unprecedented 23ml e-juice reservoir and a robust 650mAh battery, this intelligent device redefines convenience and performance.\" \/>\n<meta name=\"robots\" content=\"index, follow, max-snippet:-1, max-image-preview:large, max-video-preview:-1\" \/>\n<link rel=\"canonical\" href=\"https:\/\/vapebulkp.com\/lt\/product\/discount-price-cloud-bar-tn-15000-disposable-vape-raz-bar\/\" \/>\n<meta property=\"og:locale\" content=\"lt_LT\" \/>\n<meta property=\"og:type\" content=\"article\" \/>\n<meta property=\"og:title\" content=\"Discount Price Cloud Bar TN 15000 Puffs Disposable Vape RAZ BAR - vapebulkp.com\" \/>\n<meta property=\"og:description\" content=\"Discount Price Cloud Bar TN 15000 Disposable Vape RAZ BAR with an unprecedented 23ml e-juice reservoir and a robust 650mAh battery, this intelligent device redefines convenience and performance.\" \/>\n<meta property=\"og:url\" content=\"https:\/\/vapebulkp.com\/lt\/product\/discount-price-cloud-bar-tn-15000-disposable-vape-raz-bar\/\" \/>\n<meta property=\"og:site_name\" content=\"vapebulkp.com\" \/>\n<meta property=\"article:modified_time\" content=\"2025-09-02T03:11:26+00:00\" \/>\n<meta property=\"og:image\" content=\"http:\/\/vapebulkp.com\/wp-content\/uploads\/2024\/04\/Good-Price-Cloud-TN-15k-Puffs-Good-Vape.png\" \/>\n\t<meta property=\"og:image:width\" content=\"800\" \/>\n\t<meta property=\"og:image:height\" content=\"800\" \/>\n\t<meta property=\"og:image:type\" content=\"image\/png\" \/>\n<meta name=\"twitter:card\" content=\"summary_large_image\" \/>\n<meta name=\"twitter:label1\" content=\"Est. reading time\" \/>\n\t<meta name=\"twitter:data1\" content=\"4 minut\u0117s\" \/>\n<script type=\"application\/ld+json\" class=\"yoast-schema-graph\">{\"@context\":\"https:\/\/schema.org\",\"@graph\":[{\"@type\":\"WebPage\",\"@id\":\"https:\/\/vapebulkp.com\/product\/discount-price-cloud-bar-tn-15000-disposable-vape-raz-bar\/\",\"url\":\"https:\/\/vapebulkp.com\/product\/discount-price-cloud-bar-tn-15000-disposable-vape-raz-bar\/\",\"name\":\"Discount Price Cloud Bar TN 15000 Puffs Disposable Vape RAZ BAR - vapebulkp.com\",\"isPartOf\":{\"@id\":\"https:\/\/vapebulkp.com\/#website\"},\"datePublished\":\"2024-04-28T09:43:52+00:00\",\"dateModified\":\"2025-09-02T03:11:26+00:00\",\"description\":\"Discount Price Cloud Bar TN 15000 Disposable Vape RAZ BAR with an unprecedented 23ml e-juice reservoir and a robust 650mAh battery, this intelligent device redefines convenience and performance.\",\"breadcrumb\":{\"@id\":\"https:\/\/vapebulkp.com\/product\/discount-price-cloud-bar-tn-15000-disposable-vape-raz-bar\/#breadcrumb\"},\"inLanguage\":\"lt-LT\",\"potentialAction\":[{\"@type\":\"ReadAction\",\"target\":[\"https:\/\/vapebulkp.com\/product\/discount-price-cloud-bar-tn-15000-disposable-vape-raz-bar\/\"]}]},{\"@type\":\"BreadcrumbList\",\"@id\":\"https:\/\/vapebulkp.com\/product\/discount-price-cloud-bar-tn-15000-disposable-vape-raz-bar\/#breadcrumb\",\"itemListElement\":[{\"@type\":\"ListItem\",\"position\":1,\"name\":\"Home\",\"item\":\"https:\/\/vapebulkp.com\/\"},{\"@type\":\"ListItem\",\"position\":2,\"name\":\"Hot Trend Vapes\",\"item\":\"https:\/\/vapebulkp.com\/vape-shop\/\"},{\"@type\":\"ListItem\",\"position\":3,\"name\":\"Discount Price Cloud Bar TN 15000 Puffs Disposable Vape RAZ BAR\"}]},{\"@type\":\"WebSite\",\"@id\":\"https:\/\/vapebulkp.com\/#website\",\"url\":\"https:\/\/vapebulkp.com\/\",\"name\":\"vapebulkp.com\",\"description\":\"Buy Vape In Cheap Bulk Price Near you\",\"publisher\":{\"@id\":\"https:\/\/vapebulkp.com\/#organization\"},\"potentialAction\":[{\"@type\":\"SearchAction\",\"target\":{\"@type\":\"EntryPoint\",\"urlTemplate\":\"https:\/\/vapebulkp.com\/?s={search_term_string}\"},\"query-input\":\"required name=search_term_string\"}],\"inLanguage\":\"lt-LT\"},{\"@type\":\"Organization\",\"@id\":\"https:\/\/vapebulkp.com\/#organization\",\"name\":\"vapebulkp.com\",\"url\":\"https:\/\/vapebulkp.com\/\",\"logo\":{\"@type\":\"ImageObject\",\"inLanguage\":\"lt-LT\",\"@id\":\"https:\/\/vapebulkp.com\/#\/schema\/logo\/image\/\",\"url\":\"https:\/\/vapebulkp.com\/wp-content\/uploads\/2023\/09\/cropped-vapebulkp.png\",\"contentUrl\":\"https:\/\/vapebulkp.com\/wp-content\/uploads\/2023\/09\/cropped-vapebulkp.png\",\"width\":516,\"height\":163,\"caption\":\"vapebulkp.com\"},\"image\":{\"@id\":\"https:\/\/vapebulkp.com\/#\/schema\/logo\/image\/\"}}]}<\/script>\n<!-- \/ Yoast SEO plugin. -->","yoast_head_json":{"title":"Discount Price Cloud Bar TN 15000 Puffs Disposable Vape RAZ BAR - vapebulkp.com","description":"Discount Price Cloud Bar TN 15000 Disposable Vape RAZ BAR with an unprecedented 23ml e-juice reservoir and a robust 650mAh battery, this intelligent device redefines convenience and performance.","robots":{"index":"index","follow":"follow","max-snippet":"max-snippet:-1","max-image-preview":"max-image-preview:large","max-video-preview":"max-video-preview:-1"},"canonical":"https:\/\/vapebulkp.com\/lt\/product\/discount-price-cloud-bar-tn-15000-disposable-vape-raz-bar\/","og_locale":"lt_LT","og_type":"article","og_title":"Discount Price Cloud Bar TN 15000 Puffs Disposable Vape RAZ BAR - vapebulkp.com","og_description":"Discount Price Cloud Bar TN 15000 Disposable Vape RAZ BAR with an unprecedented 23ml e-juice reservoir and a robust 650mAh battery, this intelligent device redefines convenience and performance.","og_url":"https:\/\/vapebulkp.com\/lt\/product\/discount-price-cloud-bar-tn-15000-disposable-vape-raz-bar\/","og_site_name":"vapebulkp.com","article_modified_time":"2025-09-02T03:11:26+00:00","og_image":[{"width":800,"height":800,"url":"http:\/\/vapebulkp.com\/wp-content\/uploads\/2024\/04\/Good-Price-Cloud-TN-15k-Puffs-Good-Vape.png","type":"image\/png"}],"twitter_card":"summary_large_image","twitter_misc":{"Est. reading time":"4 minut\u0117s"},"schema":{"@context":"https:\/\/schema.org","@graph":[{"@type":"WebPage","@id":"https:\/\/vapebulkp.com\/product\/discount-price-cloud-bar-tn-15000-disposable-vape-raz-bar\/","url":"https:\/\/vapebulkp.com\/product\/discount-price-cloud-bar-tn-15000-disposable-vape-raz-bar\/","name":"Discount Price Cloud Bar TN 15000 Puffs Disposable Vape RAZ BAR - vapebulkp.com","isPartOf":{"@id":"https:\/\/vapebulkp.com\/#website"},"datePublished":"2024-04-28T09:43:52+00:00","dateModified":"2025-09-02T03:11:26+00:00","description":"Discount Price Cloud Bar TN 15000 Disposable Vape RAZ BAR with an unprecedented 23ml e-juice reservoir and a robust 650mAh battery, this intelligent device redefines convenience and performance.","breadcrumb":{"@id":"https:\/\/vapebulkp.com\/product\/discount-price-cloud-bar-tn-15000-disposable-vape-raz-bar\/#breadcrumb"},"inLanguage":"lt-LT","potentialAction":[{"@type":"ReadAction","target":["https:\/\/vapebulkp.com\/product\/discount-price-cloud-bar-tn-15000-disposable-vape-raz-bar\/"]}]},{"@type":"BreadcrumbList","@id":"https:\/\/vapebulkp.com\/product\/discount-price-cloud-bar-tn-15000-disposable-vape-raz-bar\/#breadcrumb","itemListElement":[{"@type":"ListItem","position":1,"name":"Home","item":"https:\/\/vapebulkp.com\/"},{"@type":"ListItem","position":2,"name":"Hot Trend Vapes","item":"https:\/\/vapebulkp.com\/vape-shop\/"},{"@type":"ListItem","position":3,"name":"Discount Price Cloud Bar TN 15000 Puffs Disposable Vape RAZ BAR"}]},{"@type":"WebSite","@id":"https:\/\/vapebulkp.com\/#website","url":"https:\/\/vapebulkp.com\/","name":"vapebulkp.com","description":"Buy Vape In Cheap Bulk Price Near you","publisher":{"@id":"https:\/\/vapebulkp.com\/#organization"},"potentialAction":[{"@type":"SearchAction","target":{"@type":"EntryPoint","urlTemplate":"https:\/\/vapebulkp.com\/?s={search_term_string}"},"query-input":"required name=search_term_string"}],"inLanguage":"lt-LT"},{"@type":"Organization","@id":"https:\/\/vapebulkp.com\/#organization","name":"vapebulkp.com","url":"https:\/\/vapebulkp.com\/","logo":{"@type":"ImageObject","inLanguage":"lt-LT","@id":"https:\/\/vapebulkp.com\/#\/schema\/logo\/image\/","url":"https:\/\/vapebulkp.com\/wp-content\/uploads\/2023\/09\/cropped-vapebulkp.png","contentUrl":"https:\/\/vapebulkp.com\/wp-content\/uploads\/2023\/09\/cropped-vapebulkp.png","width":516,"height":163,"caption":"vapebulkp.com"},"image":{"@id":"https:\/\/vapebulkp.com\/#\/schema\/logo\/image\/"}}]}},"uagb_featured_image_src":{"full":["https:\/\/vapebulkp.com\/wp-content\/uploads\/2024\/04\/Good-Price-Cloud-TN-15k-Puffs-Good-Vape.png",800,800,false],"thumbnail":["https:\/\/vapebulkp.com\/wp-content\/uploads\/2024\/04\/Good-Price-Cloud-TN-15k-Puffs-Good-Vape-150x150.png",150,150,true],"medium":["https:\/\/vapebulkp.com\/wp-content\/uploads\/2024\/04\/Good-Price-Cloud-TN-15k-Puffs-Good-Vape-300x300.png",300,300,true],"medium_large":["https:\/\/vapebulkp.com\/wp-content\/uploads\/2024\/04\/Good-Price-Cloud-TN-15k-Puffs-Good-Vape-768x768.png",768,768,true],"large":["https:\/\/vapebulkp.com\/wp-content\/uploads\/2024\/04\/Good-Price-Cloud-TN-15k-Puffs-Good-Vape.png",800,800,false],"1536x1536":["https:\/\/vapebulkp.com\/wp-content\/uploads\/2024\/04\/Good-Price-Cloud-TN-15k-Puffs-Good-Vape.png",800,800,false],"2048x2048":["https:\/\/vapebulkp.com\/wp-content\/uploads\/2024\/04\/Good-Price-Cloud-TN-15k-Puffs-Good-Vape.png",800,800,false],"trp-custom-language-flag":["https:\/\/vapebulkp.com\/wp-content\/uploads\/2024\/04\/Good-Price-Cloud-TN-15k-Puffs-Good-Vape.png",12,12,false],"woocommerce_thumbnail":["https:\/\/vapebulkp.com\/wp-content\/uploads\/2024\/04\/Good-Price-Cloud-TN-15k-Puffs-Good-Vape-300x300.png",300,300,true],"woocommerce_single":["https:\/\/vapebulkp.com\/wp-content\/uploads\/2024\/04\/Good-Price-Cloud-TN-15k-Puffs-Good-Vape-600x600.png",600,600,true],"woocommerce_gallery_thumbnail":["https:\/\/vapebulkp.com\/wp-content\/uploads\/2024\/04\/Good-Price-Cloud-TN-15k-Puffs-Good-Vape-100x100.png",100,100,true],"wcpr-photo-reviews":["https:\/\/vapebulkp.com\/wp-content\/uploads\/2024\/04\/Good-Price-Cloud-TN-15k-Puffs-Good-Vape.png",500,500,false]},"uagb_author_info":{"display_name":"Mandy vape bulk price","author_link":"https:\/\/vapebulkp.com\/lt\/author\/"},"uagb_comment_info":1,"uagb_excerpt":"Wholesale price Cloud Bar RAZ BAR 15k Puffs Cloud Bar TN 15000 puffs Top Sale Sweden Cloud Bar GEEK BAR 15K puffs Disposbale Vape Hot Sale This Week Pls Contact Mandy's WhatsApp For Discount Price+8618077105796 NOTE: Prices on our website does not include shipping costs Main reason for purchase 1. Excellent quality and unparalleled performance.&hellip;","_links":{"self":[{"href":"https:\/\/vapebulkp.com\/lt\/wp-json\/wp\/v2\/product\/2399","targetHints":{"allow":["GET"]}}],"collection":[{"href":"https:\/\/vapebulkp.com\/lt\/wp-json\/wp\/v2\/product"}],"about":[{"href":"https:\/\/vapebulkp.com\/lt\/wp-json\/wp\/v2\/types\/product"}],"replies":[{"embeddable":true,"href":"https:\/\/vapebulkp.com\/lt\/wp-json\/wp\/v2\/comments?post=2399"}],"wp:featuredmedia":[{"embeddable":true,"href":"https:\/\/vapebulkp.com\/lt\/wp-json\/wp\/v2\/media\/2334"}],"wp:attachment":[{"href":"https:\/\/vapebulkp.com\/lt\/wp-json\/wp\/v2\/media?parent=2399"}],"wp:term":[{"taxonomy":"product_cat","embeddable":true,"href":"https:\/\/vapebulkp.com\/lt\/wp-json\/wp\/v2\/product_cat?post=2399"},{"taxonomy":"product_tag","embeddable":true,"href":"https:\/\/vapebulkp.com\/lt\/wp-json\/wp\/v2\/product_tag?post=2399"}],"curies":[{"name":"wp","href":"https:\/\/api.w.org\/{rel}","templated":true}]}}