{"id":2472,"date":"2024-05-24T05:42:59","date_gmt":"2024-05-24T03:42:59","guid":{"rendered":"https:\/\/vapebulkp.com\/?post_type=product&#038;p=2472"},"modified":"2025-09-16T11:29:55","modified_gmt":"2025-09-16T09:29:55","slug":"uzy-qute-800-puffs-original-disposable-vape","status":"publish","type":"product","link":"https:\/\/vapebulkp.com\/lt\/product\/uzy-qute-800-puffs-original-disposable-vape\/","title":{"rendered":"UZY QUTE 800 P\u016btim\u0173 Originalus Vienkartinis Vape"},"content":{"rendered":"<h2>UZY QUTE 800 P\u016btim\u0173 Originalus Vienkartinis Vape<\/h2>\n<p data-start=\"359\" data-end=\"606\">Tas <strong>U\u017d QUTE<a href=\"https:\/\/vapebulkp.com\/lt\/product-category\/800-puffs-disposable-vape\/\"> 800 P\u016bps Vienkartinis Vape<\/a><\/strong> sukurtas garintojams, norintiems paprastumo ir patikimo veikimo kompakti\u0161kame formate. Kiekvienas \u012frenginys suteikia iki 800 p\u016bpsni\u0173 i\u0161 3 ml i\u0161 anksto u\u017epildyto bakelio, tod\u0117l tai prakti\u0161kas pasirinkimas kasdieniam naudojimui.<\/p>\n<p data-start=\"608\" data-end=\"866\">Maitinamas 550 mAh baterija, \u0161is 800 p\u016bpsni\u0173 <strong data-start=\"642\" data-end=\"681\">\u012fkraunamas vienkartinis elektroninis cigaret\u0117<\/strong> derina patogum\u0105 su ilgalaikiu patikimumu. Integruotas <strong data-start=\"747\" data-end=\"772\">tinklelio rit\u0117s vape \u012frenginys<\/strong> u\u017etikrina nuolatin\u0119 gar\u0173 gamyb\u0105, sodr\u0173 skon\u012f ir \u0161veln\u0173 gerkl\u0117s d\u016b\u017e\u012f visuose traukimuose.<\/p>\n<p data-start=\"868\" data-end=\"1181\">Prieinamas su 2% ir 5% nikotino stiprumais, UZY QUTE veikia kaip universalus <strong data-start=\"957\" data-end=\"990\">nikotino druskos vienkartinis vape<\/strong>, si\u016blantis 10 skoni\u0173 variant\u0173, pritaikyt\u0173 Europos garinimo pageidavimams. Jo plonas, lengvas korpusas daro j\u012f idealiu <strong data-start=\"1106\" data-end=\"1140\">kompakti\u0161ku vape Europos rinkai<\/strong>, lengvai telpa \u012f ki\u0161enes ir krep\u0161ius. Didmeninink\u0173 ir dideli\u0173 pirk\u0117j\u0173 pasitikimas, UZY QUTE i\u0161siskiria kaip pelningas pasirinkimas <strong data-start=\"1272\" data-end=\"1304\">didmeninei vienkartini\u0173 vape ES<\/strong> distribucijai.<\/p>\n<p><img decoding=\"async\" class=\"alignnone wp-image-2456\" src=\"http:\/\/vapebulkp.com\/wp-content\/uploads\/2024\/05\/UZY-QUTE-800-Puff-Disposable-Vape-Hot-Vape.png\" alt=\"UZY QUTE 800 Puffs vienkartinio garintuvo kar\u0161tas garintuvas\" width=\"544\" height=\"1181\" \/><\/p>\n<h3 data-start=\"340\" data-end=\"409\">Kod\u0117l verta pirkti UZY QUTE 800 Puffs vienkartin\u012f garintuv\u0105 \u201eVapebulkp.com\u201c?<\/h3>\n<p data-start=\"411\" data-end=\"808\">\u201eVapebulkp.com\u201c <strong data-start=\"433\" data-end=\"475\">UZY QUTE 800 Puffs vienkartinis garintuvas<\/strong> yra vienas patikimiausi\u0173 pasirinkim\u0173 Europos garinimo rinkai. Kiekvienas prietaisas si\u016blo iki 800 \u012ftraukim\u0173, maitinamas 550 mAh baterijos ir turi <strong data-start=\"624\" data-end=\"649\">tinklelio rit\u0117s vape \u012frenginys<\/strong> skland\u017eiam skonio tiekimui. Skirtingai nuo standartini\u0173 vienkartini\u0173 prietais\u0173, \u0161is <strong data-start=\"712\" data-end=\"751\">\u012fkraunamas vienkartinis elektroninis cigaret\u0117<\/strong> suteikia vartotojams ilgesn\u012f naudojim\u0105 ir nuosekl\u0173 veikim\u0105.<\/p>\n<p data-start=\"810\" data-end=\"1043\">Su <strong data-start=\"815\" data-end=\"848\">nikotino druskos vienkartinis vape<\/strong> pasirinkimais nuo 0% iki 5% ir 10 skoni\u0173, UZY QUTE pritaikytas tiek lengviems, tiek reguliariems garintojams. Jo ki\u0161eninis dizainas daro j\u012f puikiu <strong data-start=\"1006\" data-end=\"1040\">kompakti\u0161ku vape Europos rinkai<\/strong>.<\/p>\n<p data-start=\"1045\" data-end=\"1287\">Ma\u017emenininkams ir platintojams \u201eVapebulkp\u201c si\u016blo <strong data-start=\"1096\" data-end=\"1128\">didmenin\u0117s prekybos garintuvais <\/strong>\u00a0kainas su greitu, patikimu pristatymu visoje Lietuvoje, Vokietijoje, Pranc\u016bzijoje ir kitose ES \u0161alyse \u2013 u\u017etikrinant didel\u012f peln\u0105 ir klient\u0173 pasitenkinim\u0105.<\/p>\n<h6>D\u0117l nuolaidos kainos susisiekite su Mandy per WhatsApp<a href=\"https:\/\/wa.me\/8618077105796\">+8618077105796<\/a><\/h6>\n<h3><img decoding=\"async\" class=\"alignnone wp-image-2151\" src=\"http:\/\/vapebulkp.com\/wp-content\/uploads\/2024\/04\/Mandy-WhatsApp-Randm.jpg\" alt=\"Mandy WhatsApp Atsitiktinis\" width=\"260\" height=\"277\" srcset=\"https:\/\/vapebulkp.com\/wp-content\/uploads\/2024\/04\/Mandy-WhatsApp-Randm.jpg 916w, https:\/\/vapebulkp.com\/wp-content\/uploads\/2024\/04\/Mandy-WhatsApp-Randm-282x300.jpg 282w, https:\/\/vapebulkp.com\/wp-content\/uploads\/2024\/04\/Mandy-WhatsApp-Randm-768x817.jpg 768w, https:\/\/vapebulkp.com\/wp-content\/uploads\/2024\/04\/Mandy-WhatsApp-Randm-600x638.jpg 600w\" sizes=\"(max-width: 260px) 100vw, 260px\" \/><\/h3>\n<p>&nbsp;<\/p>\n<h3><strong style=\"font-size: 1.3em\"><span style=\"vertical-align: inherit\">Specifikacija UZY QUTE 8<\/span><\/strong><span style=\"font-size: 1.3em;font-weight: bold\">00 Puf\u0173 Vape Pie\u0161tukas<\/span><strong style=\"font-size: 1.3em\"><span style=\"vertical-align: inherit\">\uff1a<\/span><\/strong><\/h3>\n<blockquote><p>0% 2% 3% 5% Nikotinas<br \/>\n\u2611 \u012etraukimai: 800<br \/>\n\u2611 Talpa: 3ml<br \/>\n\u2611 Galimi 10 skoni\u0173<br \/>\n\u2611 550 mAh \u012fkraunamas<br \/>\n\u2611 Tinklelio rit\u0117 1.2 \u03a9, LED spalvos lemput\u0117<\/p><\/blockquote>\n<h3><strong>\u00a0Geriausios kainos garintuvas UZY QUTE<\/strong> 800 P\u016bps <strong>Skoni\u0173 s\u0105ra\u0161as:<\/strong><\/h3>\n<blockquote><p>1. Kivi\u0173 pasiflor\u0173<br \/>\n2.M\u0117lynasis avietinis ledas<br \/>\n3.Arb\u016bz\u0173 ledas<br \/>\n4. Citrin\u0173 m\u0117t\u0173<br \/>\n5. Trigubas mangas<br \/>\n6. Mi\u0161rios uogos<br \/>\n7. Vynuogi\u0173 ledas<br \/>\n8. Bra\u0161ki\u0173 ledas<br \/>\n9. Kolos ledas<br \/>\n10. Redbull ledas<\/p><\/blockquote>\n<p>&nbsp;<\/p>\n<p><a href=\"https:\/\/vapebulkp.com\/lt\/product\/popular-randm-tornado-7000puffs-disposable-vape-best-price\/\"><span style=\"vertical-align: inherit\">RandM Tornado 7000 \u012ftraukim\u0173 <\/span><\/a><\/p>\n<p><span style=\"vertical-align: inherit\">Raskite daugiau produkt\u0173, kurie jums gali patikti:<\/span><em><a href=\"https:\/\/wa.me\/8618077105796\"><span style=\"vertical-align: inherit\">\u00a0Pirkti dabar<\/span><\/a><\/em><\/p>\n<p><span style=\"vertical-align: inherit\">Kiti \u012ftraukimai, kurie jums gali patikti:<\/span><a href=\"https:\/\/vapebulkp.com\/sv\/product\/fluumbox-digital-box-15k-puffs-rechargeable-vape-geek-bar\/\"><span style=\"vertical-align: inherit\">FLUUMBOX Digital box 15000 Puffs<\/span><\/a><span style=\"vertical-align: inherit\">\u3001<\/span><a href=\"https:\/\/vapebulkp.com\/lt\/product\/good-vape-waspe-digital-box-12000-puffs-fumot-box-12k-puffs-wholeslae-price\/\"><span style=\"vertical-align: inherit\">WASPE Skaitmenin\u0117 D\u0117\u017eut\u0117 12000 Puf\u0173<\/span><\/a><span style=\"vertical-align: inherit\">\/ <\/span><a href=\"https:\/\/vapebulkp.com\/lt\/product\/wholesale-randm-tornado-9000-puffs-germany\/\"><span style=\"vertical-align: inherit\">RandM Tornado 9000 \u012ftraukim\u0173<\/span><\/a><span style=\"vertical-align: inherit\">\/ <\/span><a href=\"https:\/\/vapebulkp.com\/lt\/product\/discount-price-bang-shisha-15k-puffs-jnr-shisha-disposable-vape\/\"><span style=\"vertical-align: inherit\">Bang shisha JNR SHISHA 15000 Puffs <\/span><\/a><\/p>\n<p><span style=\"vertical-align: inherit\">Ypatingos formos elektronini\u0173 cigare\u010di\u0173 buteliukas:<\/span><a href=\"https:\/\/vapebulkp.com\/lt\/product\/good-sale-randm-tornado-10000-puffs-plus\/\"><span style=\"vertical-align: inherit\">RandM Tornado 10000 P\u016bli\u0173 Plus <\/span><\/a><span style=\"vertical-align: inherit\">\/<a href=\"https:\/\/vapebulkp.com\/sv\/product\/wholesale-price-randm-15k-waspe-15000-puffs-best-vape\/\"> Randm Tornado 15000 Puffs<\/a><\/span><\/p>\n<h4>Gamybos kvalifikacija:<\/h4>\n<p><img decoding=\"async\" class=\"alignnone wp-image-1842\" src=\"http:\/\/vapebulkp.com\/wp-content\/uploads\/2023\/11\/Vape-production-process-2.jpg\" alt=\"\u201eVape\u201c gamybos procesas\" width=\"671\" height=\"301\" srcset=\"https:\/\/vapebulkp.com\/wp-content\/uploads\/2023\/11\/Vape-production-process-2.jpg 800w, https:\/\/vapebulkp.com\/wp-content\/uploads\/2023\/11\/Vape-production-process-2-300x135.jpg 300w, https:\/\/vapebulkp.com\/wp-content\/uploads\/2023\/11\/Vape-production-process-2-768x345.jpg 768w, https:\/\/vapebulkp.com\/wp-content\/uploads\/2023\/11\/Vape-production-process-2-600x269.jpg 600w\" sizes=\"(max-width: 671px) 100vw, 671px\" \/><\/p>\n<p><img decoding=\"async\" class=\"alignnone wp-image-1843\" src=\"http:\/\/vapebulkp.com\/wp-content\/uploads\/2023\/11\/Vape-production-process.jpeg\" alt=\"\u201eVape\u201c gamybos procesas\" width=\"671\" height=\"1074\" srcset=\"https:\/\/vapebulkp.com\/wp-content\/uploads\/2023\/11\/Vape-production-process.jpeg 641w, https:\/\/vapebulkp.com\/wp-content\/uploads\/2023\/11\/Vape-production-process-187x300.jpeg 187w, https:\/\/vapebulkp.com\/wp-content\/uploads\/2023\/11\/Vape-production-process-640x1024.jpeg 640w, https:\/\/vapebulkp.com\/wp-content\/uploads\/2023\/11\/Vape-production-process-600x960.jpeg 600w\" sizes=\"(max-width: 671px) 100vw, 671px\" \/><\/p>\n<h4>DUK:<\/h4>\n<p>K: Koks yra UZY QUTE 800 Puffs geriausio vienkartinio garintuvo MOQ?<br \/>\nA: Minimalus u\u017esakymas yra 100 vnt.<br \/>\nK: Koks yra u\u017esakyto garintuvo pristatymo laikas?<br \/>\nA: \u012eprastai 10\u201315 dien\u0173 po i\u0161siuntimo<br \/>\nK: Kiek kainuoja pristatymas?<\/p>\n<p>A: Pristatymo kaina priklauso nuo svorio. Skirtingi kiekiai turi skirtingas pristatymo kainas, susisiekite su mumis, kad patvirtintum\u0117te pristatymo kain\u0105.<\/p>\n<p>&nbsp;<\/p>\n<h4>Pristatymo detal\u0117s:<\/h4>\n<p><span style=\"color: #ff6600\">Gamybos laikas: 5-10 darbo dien\u0173<\/span><br \/>\n<span style=\"color: #ff6600\">Pristatymo laikas: 8-14 darbo dien\u0173<\/span><\/p>\n<p>Visi m\u016bs\u0173 parduotuv\u0117s produktai yra 100% original\u016bs ir autenti\u0161ki, tod\u0117l m\u016bs\u0173 parduotuv\u0117s politika yra de\u0161imteriopa kompensacija u\u017e padirbtas prekes. Prek\u0117ms pristatyti naudojame tokius logistikos kanalus kaip UPS\/DHL\/FEDEX\/DPD.<\/p>\n<p>Pristatymas \u012f Lietuvos \u0161alis paprastai trunka 10 darbo dien\u0173. Pristatymas \u012f Europos \u0161alis paprastai u\u017etrunka nuo 12 iki 15 darbo dien\u0173. Logistikos informacij\u0105 atnaujinsime realiuoju laiku.<\/p>","protected":false},"excerpt":{"rendered":"<p>UZY QUTE 800 P\u016bps Populiariausias VAPE<\/p>\n<p>800 P\u016bps Originalus Vape UZY Crystal Vape<\/p>\n<p><img decoding=\"async\" class=\"alignnone wp-image-2151\" src=\"http:\/\/vapebulkp.com\/wp-content\/uploads\/2024\/04\/Mandy-WhatsApp-Randm.jpg\" alt=\"Mandy WhatsApp Atsitiktinis\" width=\"295\" height=\"314\" srcset=\"https:\/\/vapebulkp.com\/wp-content\/uploads\/2024\/04\/Mandy-WhatsApp-Randm.jpg 916w, https:\/\/vapebulkp.com\/wp-content\/uploads\/2024\/04\/Mandy-WhatsApp-Randm-282x300.jpg 282w, https:\/\/vapebulkp.com\/wp-content\/uploads\/2024\/04\/Mandy-WhatsApp-Randm-768x817.jpg 768w, https:\/\/vapebulkp.com\/wp-content\/uploads\/2024\/04\/Mandy-WhatsApp-Randm-600x638.jpg 600w\" sizes=\"(max-width: 295px) 100vw, 295px\" \/><\/p>\n<p>D\u0117l nuolaidos kainos susisiekite su Mandy per WhatsApp<a href=\"https:\/\/wa.me\/8618077105796\">+8618077105796<\/a><\/p>\n<p><span style=\"color: #ff0000\">PASTABA: Kainos m\u016bs\u0173 svetain\u0117je neapima siuntimo i\u0161laid\u0173<\/span><\/p>","protected":false},"featured_media":2461,"comment_status":"open","ping_status":"closed","template":"","meta":{"_uag_custom_page_level_css":"","_lmt_disableupdate":"no","_lmt_disable":"","site-sidebar-layout":"default","site-content-layout":"content-boxed-container","ast-site-content-layout":"normal-width-container","site-content-style":"boxed","site-sidebar-style":"unboxed","ast-global-header-display":"","ast-banner-title-visibility":"","ast-main-header-display":"","ast-hfb-above-header-display":"","ast-hfb-below-header-display":"","ast-hfb-mobile-header-display":"","site-post-title":"","ast-breadcrumbs-content":"","ast-featured-img":"","footer-sml-layout":"","theme-transparent-header-meta":"default","adv-header-id-meta":"","stick-header-meta":"","header-above-stick-meta":"","header-main-stick-meta":"","header-below-stick-meta":"","astra-migrate-meta-layouts":"set","_joinchat":[]},"product_cat":[153,155,33,59,100,87,34,158,157,154,152,58,84,156,63,361,32],"product_tag":[133,36,37,41,73,40],"class_list":["post-2472","product","type-product","status-publish","has-post-thumbnail","hentry","product_cat-hot-disposable-vapes","product_cat-belgium-hot-disposable-vapes","product_cat-france-vape-hot-sale","product_cat-germany-hot-disposable-vape","product_cat-germany-wholesale-vape-shop","product_cat-minimum-order-quantity-50pcs","product_cat-netherlands-vape-good-sale","product_cat-norway-hot-disposable-vapes","product_cat-poland-hot-disposable-vapes","product_cat-portugal-hot-disposable-vapes","product_cat-spain-hot-disposable-vapes","product_cat-sweden-hot-disposable-vape","product_cat-sweden-wholesale-vape","product_cat-switzerland-hot-disposable-vapes","product_cat-top-sale-disposable-vape","product_cat-uzy-vapes","product_cat-vape-hot-sale-this-week","product_tag-800-puffs","product_tag-good-vape","product_tag-hot-sale-disposable-vape","product_tag-poland-hot-vape","product_tag-randm-10000puffs-vape","product_tag-sweden-hot-vape","pa_brand-uzy-vape","desktop-align-left","tablet-align-left","mobile-align-left"],"yoast_head":"<!-- This site is optimized with the Yoast SEO plugin v21.1 - https:\/\/yoast.com\/wordpress\/plugins\/seo\/ -->\n<title>UZY QUTE 800 Puffs Original Disposable Vape - vapebulkp.com<\/title>\n<meta name=\"description\" content=\"The Wholesale Price UZY QUTE 800 Puffs Original Disposable Vape tailored for vapers seeking simplicity and ease of use. Offering up to 800 puffs, it ensures a satisfactory vaping period before needing a replacement.\" \/>\n<meta name=\"robots\" content=\"index, follow, max-snippet:-1, max-image-preview:large, max-video-preview:-1\" \/>\n<link rel=\"canonical\" href=\"https:\/\/vapebulkp.com\/lt\/product\/uzy-qute-800-puffs-original-disposable-vape\/\" \/>\n<meta property=\"og:locale\" content=\"lt_LT\" \/>\n<meta property=\"og:type\" content=\"article\" \/>\n<meta property=\"og:title\" content=\"UZY QUTE 800 Puffs Original Disposable Vape - vapebulkp.com\" \/>\n<meta property=\"og:description\" content=\"The Wholesale Price UZY QUTE 800 Puffs Original Disposable Vape tailored for vapers seeking simplicity and ease of use. Offering up to 800 puffs, it ensures a satisfactory vaping period before needing a replacement.\" \/>\n<meta property=\"og:url\" content=\"https:\/\/vapebulkp.com\/lt\/product\/uzy-qute-800-puffs-original-disposable-vape\/\" \/>\n<meta property=\"og:site_name\" content=\"vapebulkp.com\" \/>\n<meta property=\"article:modified_time\" content=\"2025-09-16T09:29:55+00:00\" \/>\n<meta property=\"og:image\" content=\"http:\/\/vapebulkp.com\/wp-content\/uploads\/2024\/05\/UZY-QUTE-800-Puff-Disposable-Vape-Wholesale-Price.png\" \/>\n\t<meta property=\"og:image:width\" content=\"1920\" \/>\n\t<meta property=\"og:image:height\" content=\"1920\" \/>\n\t<meta property=\"og:image:type\" content=\"image\/png\" \/>\n<meta name=\"twitter:card\" content=\"summary_large_image\" \/>\n<meta name=\"twitter:label1\" content=\"Est. reading time\" \/>\n\t<meta name=\"twitter:data1\" content=\"4 minut\u0117s\" \/>\n<script type=\"application\/ld+json\" class=\"yoast-schema-graph\">{\"@context\":\"https:\/\/schema.org\",\"@graph\":[{\"@type\":\"WebPage\",\"@id\":\"https:\/\/vapebulkp.com\/product\/uzy-qute-800-puffs-original-disposable-vape\/\",\"url\":\"https:\/\/vapebulkp.com\/product\/uzy-qute-800-puffs-original-disposable-vape\/\",\"name\":\"UZY QUTE 800 Puffs Original Disposable Vape - vapebulkp.com\",\"isPartOf\":{\"@id\":\"https:\/\/vapebulkp.com\/#website\"},\"datePublished\":\"2024-05-24T03:42:59+00:00\",\"dateModified\":\"2025-09-16T09:29:55+00:00\",\"description\":\"The Wholesale Price UZY QUTE 800 Puffs Original Disposable Vape tailored for vapers seeking simplicity and ease of use. Offering up to 800 puffs, it ensures a satisfactory vaping period before needing a replacement.\",\"breadcrumb\":{\"@id\":\"https:\/\/vapebulkp.com\/product\/uzy-qute-800-puffs-original-disposable-vape\/#breadcrumb\"},\"inLanguage\":\"lt-LT\",\"potentialAction\":[{\"@type\":\"ReadAction\",\"target\":[\"https:\/\/vapebulkp.com\/product\/uzy-qute-800-puffs-original-disposable-vape\/\"]}]},{\"@type\":\"BreadcrumbList\",\"@id\":\"https:\/\/vapebulkp.com\/product\/uzy-qute-800-puffs-original-disposable-vape\/#breadcrumb\",\"itemListElement\":[{\"@type\":\"ListItem\",\"position\":1,\"name\":\"Home\",\"item\":\"https:\/\/vapebulkp.com\/\"},{\"@type\":\"ListItem\",\"position\":2,\"name\":\"Hot Trend Vapes\",\"item\":\"https:\/\/vapebulkp.com\/vape-shop\/\"},{\"@type\":\"ListItem\",\"position\":3,\"name\":\"UZY QUTE 800 Puffs Original Disposable Vape\"}]},{\"@type\":\"WebSite\",\"@id\":\"https:\/\/vapebulkp.com\/#website\",\"url\":\"https:\/\/vapebulkp.com\/\",\"name\":\"vapebulkp.com\",\"description\":\"Buy Vape In Cheap Bulk Price Near you\",\"publisher\":{\"@id\":\"https:\/\/vapebulkp.com\/#organization\"},\"potentialAction\":[{\"@type\":\"SearchAction\",\"target\":{\"@type\":\"EntryPoint\",\"urlTemplate\":\"https:\/\/vapebulkp.com\/?s={search_term_string}\"},\"query-input\":\"required name=search_term_string\"}],\"inLanguage\":\"lt-LT\"},{\"@type\":\"Organization\",\"@id\":\"https:\/\/vapebulkp.com\/#organization\",\"name\":\"vapebulkp.com\",\"url\":\"https:\/\/vapebulkp.com\/\",\"logo\":{\"@type\":\"ImageObject\",\"inLanguage\":\"lt-LT\",\"@id\":\"https:\/\/vapebulkp.com\/#\/schema\/logo\/image\/\",\"url\":\"https:\/\/vapebulkp.com\/wp-content\/uploads\/2023\/09\/cropped-vapebulkp.png\",\"contentUrl\":\"https:\/\/vapebulkp.com\/wp-content\/uploads\/2023\/09\/cropped-vapebulkp.png\",\"width\":516,\"height\":163,\"caption\":\"vapebulkp.com\"},\"image\":{\"@id\":\"https:\/\/vapebulkp.com\/#\/schema\/logo\/image\/\"}}]}<\/script>\n<!-- \/ Yoast SEO plugin. -->","yoast_head_json":{"title":"UZY QUTE 800 Puffs Original Disposable Vape - vapebulkp.com","description":"The Wholesale Price UZY QUTE 800 Puffs Original Disposable Vape tailored for vapers seeking simplicity and ease of use. Offering up to 800 puffs, it ensures a satisfactory vaping period before needing a replacement.","robots":{"index":"index","follow":"follow","max-snippet":"max-snippet:-1","max-image-preview":"max-image-preview:large","max-video-preview":"max-video-preview:-1"},"canonical":"https:\/\/vapebulkp.com\/lt\/product\/uzy-qute-800-puffs-original-disposable-vape\/","og_locale":"lt_LT","og_type":"article","og_title":"UZY QUTE 800 Puffs Original Disposable Vape - vapebulkp.com","og_description":"The Wholesale Price UZY QUTE 800 Puffs Original Disposable Vape tailored for vapers seeking simplicity and ease of use. Offering up to 800 puffs, it ensures a satisfactory vaping period before needing a replacement.","og_url":"https:\/\/vapebulkp.com\/lt\/product\/uzy-qute-800-puffs-original-disposable-vape\/","og_site_name":"vapebulkp.com","article_modified_time":"2025-09-16T09:29:55+00:00","og_image":[{"width":1920,"height":1920,"url":"http:\/\/vapebulkp.com\/wp-content\/uploads\/2024\/05\/UZY-QUTE-800-Puff-Disposable-Vape-Wholesale-Price.png","type":"image\/png"}],"twitter_card":"summary_large_image","twitter_misc":{"Est. reading time":"4 minut\u0117s"},"schema":{"@context":"https:\/\/schema.org","@graph":[{"@type":"WebPage","@id":"https:\/\/vapebulkp.com\/product\/uzy-qute-800-puffs-original-disposable-vape\/","url":"https:\/\/vapebulkp.com\/product\/uzy-qute-800-puffs-original-disposable-vape\/","name":"UZY QUTE 800 Puffs Original Disposable Vape - vapebulkp.com","isPartOf":{"@id":"https:\/\/vapebulkp.com\/#website"},"datePublished":"2024-05-24T03:42:59+00:00","dateModified":"2025-09-16T09:29:55+00:00","description":"The Wholesale Price UZY QUTE 800 Puffs Original Disposable Vape tailored for vapers seeking simplicity and ease of use. Offering up to 800 puffs, it ensures a satisfactory vaping period before needing a replacement.","breadcrumb":{"@id":"https:\/\/vapebulkp.com\/product\/uzy-qute-800-puffs-original-disposable-vape\/#breadcrumb"},"inLanguage":"lt-LT","potentialAction":[{"@type":"ReadAction","target":["https:\/\/vapebulkp.com\/product\/uzy-qute-800-puffs-original-disposable-vape\/"]}]},{"@type":"BreadcrumbList","@id":"https:\/\/vapebulkp.com\/product\/uzy-qute-800-puffs-original-disposable-vape\/#breadcrumb","itemListElement":[{"@type":"ListItem","position":1,"name":"Home","item":"https:\/\/vapebulkp.com\/"},{"@type":"ListItem","position":2,"name":"Hot Trend Vapes","item":"https:\/\/vapebulkp.com\/vape-shop\/"},{"@type":"ListItem","position":3,"name":"UZY QUTE 800 Puffs Original Disposable Vape"}]},{"@type":"WebSite","@id":"https:\/\/vapebulkp.com\/#website","url":"https:\/\/vapebulkp.com\/","name":"vapebulkp.com","description":"Buy Vape In Cheap Bulk Price Near you","publisher":{"@id":"https:\/\/vapebulkp.com\/#organization"},"potentialAction":[{"@type":"SearchAction","target":{"@type":"EntryPoint","urlTemplate":"https:\/\/vapebulkp.com\/?s={search_term_string}"},"query-input":"required name=search_term_string"}],"inLanguage":"lt-LT"},{"@type":"Organization","@id":"https:\/\/vapebulkp.com\/#organization","name":"vapebulkp.com","url":"https:\/\/vapebulkp.com\/","logo":{"@type":"ImageObject","inLanguage":"lt-LT","@id":"https:\/\/vapebulkp.com\/#\/schema\/logo\/image\/","url":"https:\/\/vapebulkp.com\/wp-content\/uploads\/2023\/09\/cropped-vapebulkp.png","contentUrl":"https:\/\/vapebulkp.com\/wp-content\/uploads\/2023\/09\/cropped-vapebulkp.png","width":516,"height":163,"caption":"vapebulkp.com"},"image":{"@id":"https:\/\/vapebulkp.com\/#\/schema\/logo\/image\/"}}]}},"uagb_featured_image_src":{"full":["https:\/\/vapebulkp.com\/wp-content\/uploads\/2024\/05\/UZY-QUTE-800-Puff-Disposable-Vape-Wholesale-Price.png",1920,1920,false],"thumbnail":["https:\/\/vapebulkp.com\/wp-content\/uploads\/2024\/05\/UZY-QUTE-800-Puff-Disposable-Vape-Wholesale-Price-150x150.png",150,150,true],"medium":["https:\/\/vapebulkp.com\/wp-content\/uploads\/2024\/05\/UZY-QUTE-800-Puff-Disposable-Vape-Wholesale-Price-300x300.png",300,300,true],"medium_large":["https:\/\/vapebulkp.com\/wp-content\/uploads\/2024\/05\/UZY-QUTE-800-Puff-Disposable-Vape-Wholesale-Price-768x768.png",768,768,true],"large":["https:\/\/vapebulkp.com\/wp-content\/uploads\/2024\/05\/UZY-QUTE-800-Puff-Disposable-Vape-Wholesale-Price-1024x1024.png",1024,1024,true],"1536x1536":["https:\/\/vapebulkp.com\/wp-content\/uploads\/2024\/05\/UZY-QUTE-800-Puff-Disposable-Vape-Wholesale-Price-1536x1536.png",1536,1536,true],"2048x2048":["https:\/\/vapebulkp.com\/wp-content\/uploads\/2024\/05\/UZY-QUTE-800-Puff-Disposable-Vape-Wholesale-Price.png",1920,1920,false],"trp-custom-language-flag":["https:\/\/vapebulkp.com\/wp-content\/uploads\/2024\/05\/UZY-QUTE-800-Puff-Disposable-Vape-Wholesale-Price.png",12,12,false],"woocommerce_thumbnail":["https:\/\/vapebulkp.com\/wp-content\/uploads\/2024\/05\/UZY-QUTE-800-Puff-Disposable-Vape-Wholesale-Price-300x300.png",300,300,true],"woocommerce_single":["https:\/\/vapebulkp.com\/wp-content\/uploads\/2024\/05\/UZY-QUTE-800-Puff-Disposable-Vape-Wholesale-Price-600x600.png",600,600,true],"woocommerce_gallery_thumbnail":["https:\/\/vapebulkp.com\/wp-content\/uploads\/2024\/05\/UZY-QUTE-800-Puff-Disposable-Vape-Wholesale-Price-100x100.png",100,100,true],"wcpr-photo-reviews":["https:\/\/vapebulkp.com\/wp-content\/uploads\/2024\/05\/UZY-QUTE-800-Puff-Disposable-Vape-Wholesale-Price.png",500,500,false]},"uagb_author_info":{"display_name":"Mandy vape bulk price","author_link":"https:\/\/vapebulkp.com\/lt\/author\/"},"uagb_comment_info":0,"uagb_excerpt":"UZY QUTE 800 Puffs Top Sale VAPE 800 Puffs Original Vape UZY Crystal\u00a0 Vape Pls Contact Mandy's WhatsApp For Discount Price+8618077105796 NOTE: Prices on our website does not include shipping costs","_links":{"self":[{"href":"https:\/\/vapebulkp.com\/lt\/wp-json\/wp\/v2\/product\/2472","targetHints":{"allow":["GET"]}}],"collection":[{"href":"https:\/\/vapebulkp.com\/lt\/wp-json\/wp\/v2\/product"}],"about":[{"href":"https:\/\/vapebulkp.com\/lt\/wp-json\/wp\/v2\/types\/product"}],"replies":[{"embeddable":true,"href":"https:\/\/vapebulkp.com\/lt\/wp-json\/wp\/v2\/comments?post=2472"}],"wp:featuredmedia":[{"embeddable":true,"href":"https:\/\/vapebulkp.com\/lt\/wp-json\/wp\/v2\/media\/2461"}],"wp:attachment":[{"href":"https:\/\/vapebulkp.com\/lt\/wp-json\/wp\/v2\/media?parent=2472"}],"wp:term":[{"taxonomy":"product_cat","embeddable":true,"href":"https:\/\/vapebulkp.com\/lt\/wp-json\/wp\/v2\/product_cat?post=2472"},{"taxonomy":"product_tag","embeddable":true,"href":"https:\/\/vapebulkp.com\/lt\/wp-json\/wp\/v2\/product_tag?post=2472"}],"curies":[{"name":"wp","href":"https:\/\/api.w.org\/{rel}","templated":true}]}}