{"id":2571,"date":"2024-06-27T05:53:29","date_gmt":"2024-06-27T03:53:29","guid":{"rendered":"https:\/\/vapebulkp.com\/?post_type=product&#038;p=2571"},"modified":"2025-09-24T05:21:46","modified_gmt":"2025-09-24T03:21:46","slug":"bang-beach-20k-puffs-led-display-vape-discount-price","status":"publish","type":"product","link":"https:\/\/vapebulkp.com\/lt\/product\/bang-beach-20k-puffs-led-display-vape-discount-price\/","title":{"rendered":"Bang Beach 20k \u012fp\u016btim\u0173 LED ekranas garintuvas su nuolaida"},"content":{"rendered":"<h2 style=\"text-align: left\">Bang Beach 20k \u012fp\u016btim\u0173 LED ekranas garintuvas su nuolaida<\/h2>\n<p data-start=\"206\" data-end=\"575\">Tas <strong data-start=\"210\" data-end=\"252\">Bang papl\u016bdimys <a href=\"https:\/\/vapebulkp.com\/lt\/product-category\/20000-puffs-disposable-vape\/\">20000 d\u016bm\u0173 vienkartinis garintuvas<\/a><\/strong> sukurtas garintojams Lietuvoje, norintiems maksimalaus na\u0161umo i\u0161 kompakti\u0161ko prietaiso. Su did\u017eiule <strong data-start=\"353\" data-end=\"379\">35 ml e-skys\u010dio talpa<\/strong> ir pa\u017eangia spiral\u0117s sistema, \u0161is prietaisas <strong data-start=\"411\" data-end=\"433\">didel\u0117s talpos vapingas<\/strong> suteikia iki 20 000 skland\u017ei\u0173 \u012fkv\u0117pim\u0173, tod\u0117l tai yra vienas i\u0161 patikimiausi\u0173 pasirinkim\u0173 tiek asmeniniam naudojimui, tiek <strong data-start=\"539\" data-end=\"564\">didmenin\u0117 vape Lietuva<\/strong> rinkoms.<\/p>\n<p data-start=\"577\" data-end=\"870\">Integruota <strong data-start=\"588\" data-end=\"619\">650mAh \u012fkraunam\u0105 baterij\u0105<\/strong> u\u017etikrina ilgalaik\u0119 gali\u0105, o <strong data-start=\"654\" data-end=\"673\">C tipo \u012fkrovimas<\/strong> suma\u017eina prastovas ir u\u017etikrina, kad prietaisas visada b\u016bt\u0173 paruo\u0161tas. Integruotas <strong data-start=\"747\" data-end=\"767\">LED ekranas<\/strong> rodo tiek baterijos b\u016bsen\u0105, tiek e-skys\u010dio lyg\u012f, suteikdamas patogum\u0105 ir valdym\u0105 realiuoju laiku.<\/p>\n<p data-start=\"872\" data-end=\"1149\">Naudojant <strong data-start=\"878\" data-end=\"896\">tinklinio ritinio vape<\/strong> technologij\u0105, Bang Beach sukuria sodr\u0173 skon\u012f ir tankius debesis su kiekvienu \u012fkv\u0117pimu. Reguliuojamas oro srautas leid\u017eia vartotojams tiksliai nustatyti gar\u0173 i\u0161vest\u012f, o <strong data-start=\"1043\" data-end=\"1065\">nikotino druskos vapingo<\/strong> 0%, 2%, 3% ir 5% parinktys suteikia lankstumo tiek lengviems, tiek stipriems r\u016bkaliams.<\/p>\n<p data-start=\"1151\" data-end=\"1519\">Galimi 12 auk\u0161\u010diausios kokyb\u0117s skoni\u0173, Bang Beach 20k Puffs <strong data-start=\"1189\" data-end=\"1221\">\u012fkraunamas vienkartinis vape<\/strong> sujungia na\u0161um\u0105 su perkeliamumu. Jo aptakus ir ergonomi\u0161kas dizainas leid\u017eia j\u012f lengvai ne\u0161iotis, si\u016blydamas Lietuvos garintojams stiling\u0105 ir patikim\u0105 prietais\u0105. Ma\u017emenininkams, Bang Beach <strong>20000 d\u016b\u017ei\u0173 garintuvas<\/strong> i\u0161siskiria kaip pelningas papildymas bet kokiam inventoriui <strong>20000 d\u016b\u017ei\u0173 ir didel\u0117s talpos garintuvai<\/strong>.<\/p>\n<p><img decoding=\"async\" class=\"alignnone wp-image-2545\" src=\"http:\/\/vapebulkp.com\/wp-content\/uploads\/2024\/06\/Bang-Beach-20k-Puffs-Bang-Vape-Disposable-Vape.png\" alt=\"Bang Beach 20k Puffs Bang Vape vienkartinis garintuvas\" width=\"638\" height=\"425\" srcset=\"https:\/\/vapebulkp.com\/wp-content\/uploads\/2024\/06\/Bang-Beach-20k-Puffs-Bang-Vape-Disposable-Vape.png 3000w, https:\/\/vapebulkp.com\/wp-content\/uploads\/2024\/06\/Bang-Beach-20k-Puffs-Bang-Vape-Disposable-Vape-300x200.png 300w, https:\/\/vapebulkp.com\/wp-content\/uploads\/2024\/06\/Bang-Beach-20k-Puffs-Bang-Vape-Disposable-Vape-1024x683.png 1024w, https:\/\/vapebulkp.com\/wp-content\/uploads\/2024\/06\/Bang-Beach-20k-Puffs-Bang-Vape-Disposable-Vape-768x512.png 768w, https:\/\/vapebulkp.com\/wp-content\/uploads\/2024\/06\/Bang-Beach-20k-Puffs-Bang-Vape-Disposable-Vape-1536x1024.png 1536w, https:\/\/vapebulkp.com\/wp-content\/uploads\/2024\/06\/Bang-Beach-20k-Puffs-Bang-Vape-Disposable-Vape-2048x1365.png 2048w, https:\/\/vapebulkp.com\/wp-content\/uploads\/2024\/06\/Bang-Beach-20k-Puffs-Bang-Vape-Disposable-Vape-600x400.png 600w\" sizes=\"(max-width: 638px) 100vw, 638px\" \/><\/p>\n<h6>D\u0117l nuolaidos kainos susisiekite su Mandy per WhatsApp<a href=\"https:\/\/wa.me\/8618077105796\">+8618077105796<\/a><\/h6>\n<p><img decoding=\"async\" class=\"alignnone wp-image-2151\" src=\"http:\/\/vapebulkp.com\/wp-content\/uploads\/2024\/04\/Mandy-WhatsApp-Randm.jpg\" alt=\"Mandy WhatsApp Atsitiktinis\" width=\"324\" height=\"330\" \/><\/p>\n<h2>Pagalvojau, kad jums gali b\u016bti naudinga su\u017einoti apie \u201eBulk Buy Vape Bang Beach 20000 Puff\u201c:<\/h2>\n<h5>1.Kaip naudotis \u201eBang Beach 20k Puffs\u201c garintuvu?<\/h5>\n<p>1 \u017eingsnis. Prie\u0161 naudodami 20 t\u016bkstan\u010di\u0173 p\u016btim\u0173, atjunkite plastikin\u012f vamzdel\u012f.<\/p>\n<p>2 \u017eingsnis. Palaukite apie 3 minutes, kol sultys pateks \u012f rit\u0119 viduje.<\/p>\n<p>3 \u017eingsnis. M\u0117gaukit\u0117s<\/p>\n<h5>2.Kaip \u012fkrauti vienkartin\u012f garintuv\u0105 \u201eBang King Vape 20k Puffs\u201c?<\/h5>\n<p>Negalima naudoti greitojo \u012fkrovimo krovikli\u0173, o standartin\u0117 saugi vienkartini\u0173 elektronini\u0173 cigare\u010di\u0173 galia yra 5V 1A.<\/p>\n<p>Kiekvienas \u012fkrovimo laikas negali vir\u0161yti 1 valandos, o saugus \u012fkrovimo laikas yra pusvalandis.<\/p>\n<p><span style=\"color: #ff6600\">Pastaba: negalima \u012fkrauti vis\u0105 nakt\u012f!<\/span><\/p>\n<h5>3.Kokia yra \u201eBang Beach 20000 Puffs\u201c e-skys\u010dio talpa?<\/h5>\n<p>35 ml<\/p>\n<h5>4.Kiek d\u016b\u017ei\u0173 galiu padaryti su \u0161iuo \u201eBang Beach 20k Puffs\u201c?<\/h5>\n<p>\u2014\u201320000 P\u016btim\u0173<\/p>\n<h3>\u201eBang Beach 20k Puffs\u201c vienkartinio garintuvo ypatyb\u0117s:<\/h3>\n<p>&nbsp;<\/p>\n<ul>\n<li>\u00a0Skystis: 35 ml i\u0161 anksto u\u017epildyta e-skys\u010dio kaset\u0117<\/li>\n<li>Nikotinas: 2\/5% Nikotino druska<\/li>\n<li>\u00a0Tipai: LCD vienkartin\u0117 \u201evape\u201c<\/li>\n<li>\u00a0650mAh baterija<\/li>\n<li>\u00a01.0 Tinklelio rit\u0117<\/li>\n<li>\u00a0C tipo i\u0161manusis ekranas, dviguba tinklelio rit\u0117, oro srauto valdymas<\/li>\n<li>\u00a0Galimi 12 skoni\u0173<\/li>\n<\/ul>\n<h3><\/h3>\n<h3><strong>Populiariausi \u201eBang Vape Beach 20000 Puffs\u201c skoniai:<\/strong><\/h3>\n<p>1) Trigub\u0173 uog\u0173 ledas<br \/>\n2) Ro\u017einis limonadas<br \/>\n3) M\u0117lyn\u0117 aviet\u0117<br \/>\n4) Mi\u0161rios uogos<br \/>\n5) Bra\u0161ki\u0173 arb\u016bzas<br \/>\n6) Bra\u0161ki\u0173 ledas<br \/>\n7) Vynuogi\u0173 ledas<br \/>\n8) Persik\u0173 ir mang\u0173<br \/>\n9) M\u0117lyn\u0173j\u0173 avie\u010di\u0173 ledas<br \/>\n10) R\u016bg\u0161tus obuolys<br \/>\n11) Arb\u016bz\u0173 ledas<br \/>\n12) Persik\u0173 ledas<\/p>\n<p><a href=\"https:\/\/vapebulkp.com\/lt\/product\/popular-randm-tornado-7000puffs-disposable-vape-best-price\/\"><span style=\"vertical-align: inherit\">RandM Tornado 7000 \u012ftraukim\u0173 <\/span><\/a><\/p>\n<p><span style=\"vertical-align: inherit\">Raskite daugiau produkt\u0173, kurie jums gali patikti:<\/span><em><a href=\"https:\/\/wa.me\/8618077105796\"><span style=\"vertical-align: inherit\">\u00a0Pirkti dabar<\/span><\/a><\/em><\/p>\n<p><span style=\"vertical-align: inherit\">Kiti \u012ftraukimai, kurie jums gali patikti:<\/span><a href=\"https:\/\/vapebulkp.com\/lt\/product\/bang-with-a-vape-gear-20000-puffs-discount-price\/\"><span style=\"vertical-align: inherit\">Bang Gear Vape 20000 P\u016bpsni\u0173<\/span><\/a><span style=\"vertical-align: inherit\">\u3001<\/span><a href=\"https:\/\/vapebulkp.com\/lt\/product\/wholesale-randm-tornado-9000-puffs-germany\/\"><span style=\"vertical-align: inherit\">RandM 9000 d\u016bm\u0173<\/span><\/a><span style=\"vertical-align: inherit\">\/ <\/span><a href=\"https:\/\/vapebulkp.com\/lt\/product\/bang-king-12000puffs\/\"><span style=\"vertical-align: inherit\">Bang King 12000 \u012ftraukim\u0173<\/span><\/a><span style=\"vertical-align: inherit\">\/ <\/span><a href=\"https:\/\/vapebulkp.com\/lt\/fi\/product\/uzy-bang-digital-12000puffs-led-display-e-cigarettes\/\"><span style=\"vertical-align: inherit\">UZY Bang Digital 15000 P\u016bpsni\u0173<\/span><\/a><\/p>\n<p><span style=\"vertical-align: inherit\">Ypatingos formos elektronini\u0173 cigare\u010di\u0173 buteliukas:<\/span><a href=\"https:\/\/vapebulkp.com\/lt\/product\/original-vape-bang-tn-12000-puffs-bang-vape\/\"><span style=\"vertical-align: inherit\"> Bang TN 12000 P\u016b\u010di\u0173<\/span><\/a><span style=\"vertical-align: inherit\">\/ <\/span><a href=\"https:\/\/vapebulkp.com\/lt\/fi\/product\/best-price-wga-crystal-pro-max-15k-puffs-original-vape\/\"><span style=\"vertical-align: inherit\">\u00a0WGA Crystal pro max 15k d\u016bm\u0173 <\/span><\/a><span style=\"vertical-align: inherit\">\/<\/span><a href=\"https:\/\/vapebulkp.com\/lt\/product\/bang-tornado-12000-puffs-rechargeable-disposable-pod\/\"><span style=\"vertical-align: inherit\"> Bang Tornado 12000 Puf\u0173<\/span><\/a><\/p>\n<h5>Gamybos kvalifikacija:<\/h5>\n<p><img decoding=\"async\" class=\"alignnone size-full wp-image-1841\" src=\"http:\/\/vapebulkp.com\/wp-content\/uploads\/2023\/11\/Vape-production-process-2.jpeg\" alt=\"\u201eVape\u201c gamybos procesas\" width=\"650\" height=\"434\" srcset=\"https:\/\/vapebulkp.com\/wp-content\/uploads\/2023\/11\/Vape-production-process-2.jpeg 650w, https:\/\/vapebulkp.com\/wp-content\/uploads\/2023\/11\/Vape-production-process-2-300x200.jpeg 300w, https:\/\/vapebulkp.com\/wp-content\/uploads\/2023\/11\/Vape-production-process-2-600x401.jpeg 600w\" sizes=\"(max-width: 650px) 100vw, 650px\" \/><\/p>\n<p><img decoding=\"async\" class=\"alignnone size-full wp-image-1843\" src=\"http:\/\/vapebulkp.com\/wp-content\/uploads\/2023\/11\/Vape-production-process.jpeg\" alt=\"\u201eVape\u201c gamybos procesas\" width=\"641\" height=\"1026\" srcset=\"https:\/\/vapebulkp.com\/wp-content\/uploads\/2023\/11\/Vape-production-process.jpeg 641w, https:\/\/vapebulkp.com\/wp-content\/uploads\/2023\/11\/Vape-production-process-187x300.jpeg 187w, https:\/\/vapebulkp.com\/wp-content\/uploads\/2023\/11\/Vape-production-process-640x1024.jpeg 640w, https:\/\/vapebulkp.com\/wp-content\/uploads\/2023\/11\/Vape-production-process-600x960.jpeg 600w\" sizes=\"(max-width: 641px) 100vw, 641px\" \/><\/p>\n<h4>DUK:<\/h4>\n<p>K: Koks yra didmenin\u0117s prekybos \u201eBang Beach 20k Puffs\u201c minimalus u\u017esakymo kiekis?<br \/>\nA: Minimalus u\u017esakymas yra 50 vnt.<br \/>\nK: Koks yra u\u017esakyto garintuvo pristatymo laikas?<br \/>\nA: \u012eprastai 10\u201315 dien\u0173 po i\u0161siuntimo<br \/>\nK: Kiek kainuoja siuntimas? A: Siuntimo kaina priklauso nuo svorio. Skirtingi kiekiai turi skirtingas siuntimo i\u0161laidas, susisiekite su mumis, kad patvirtintume siuntimo kain\u0105.<\/p>\n<h4>Pristatymo detal\u0117s:<\/h4>\n<p><span style=\"color: #ff6600\">Gamybos laikas: 5-10 darbo dien\u0173<\/span><br \/>\n<span style=\"color: #ff6600\">Pristatymo laikas: 8-14 darbo dien\u0173<\/span><\/p>\n<p>Visi m\u016bs\u0173 parduotuv\u0117s produktai yra 100% original\u016bs ir autenti\u0161ki, tod\u0117l m\u016bs\u0173 parduotuv\u0117s politika yra de\u0161imteriopa kompensacija u\u017e padirbtas prekes. Prek\u0117ms pristatyti naudojame tokius logistikos kanalus kaip UPS\/DHL\/FEDEX\/DPD.<\/p>\n<p>Pristatymas \u012f Lietuvos \u0161alis paprastai trunka 10 darbo dien\u0173. Pristatymas \u012f Europos \u0161alis paprastai u\u017etrunka nuo 12 iki 15 darbo dien\u0173. Logistikos informacij\u0105 atnaujinsime realiuoju laiku.<\/p>","protected":false},"excerpt":{"rendered":"<p>Naujas modelis Vape Bang Beach 20k puffs Bang Vape<\/p>\n<p>D\u0117l nuolaidos kainos susisiekite su Mandy per WhatsApp<a href=\"https:\/\/wa.me\/8618077105796\">+8618077105796<\/a><\/p>\n<p><img decoding=\"async\" class=\"alignnone wp-image-2151\" src=\"http:\/\/vapebulkp.com\/wp-content\/uploads\/2024\/04\/Mandy-WhatsApp-Randm.jpg\" alt=\"Mandy WhatsApp Atsitiktinis\" width=\"297\" height=\"316\" srcset=\"https:\/\/vapebulkp.com\/wp-content\/uploads\/2024\/04\/Mandy-WhatsApp-Randm.jpg 916w, https:\/\/vapebulkp.com\/wp-content\/uploads\/2024\/04\/Mandy-WhatsApp-Randm-282x300.jpg 282w, https:\/\/vapebulkp.com\/wp-content\/uploads\/2024\/04\/Mandy-WhatsApp-Randm-768x817.jpg 768w, https:\/\/vapebulkp.com\/wp-content\/uploads\/2024\/04\/Mandy-WhatsApp-Randm-600x638.jpg 600w\" sizes=\"(max-width: 297px) 100vw, 297px\" \/><\/p>\n<p><span style=\"color: #ff0000\">PASTABA: Kainos m\u016bs\u0173 svetain\u0117je neapima siuntimo i\u0161laid\u0173<\/span><\/p>\n<p>&nbsp;<\/p>","protected":false},"featured_media":2546,"comment_status":"open","ping_status":"closed","template":"","meta":{"_uag_custom_page_level_css":"","_lmt_disableupdate":"no","_lmt_disable":"","site-sidebar-layout":"default","site-content-layout":"content-boxed-container","ast-site-content-layout":"normal-width-container","site-content-style":"boxed","site-sidebar-style":"unboxed","ast-global-header-display":"","ast-banner-title-visibility":"","ast-main-header-display":"","ast-hfb-above-header-display":"","ast-hfb-below-header-display":"","ast-hfb-mobile-header-display":"","site-post-title":"","ast-breadcrumbs-content":"","ast-featured-img":"","footer-sml-layout":"","theme-transparent-header-meta":"default","adv-header-id-meta":"","stick-header-meta":"","header-above-stick-meta":"","header-main-stick-meta":"","header-below-stick-meta":"","astra-migrate-meta-layouts":"set","_joinchat":[]},"product_cat":[162,153,345,155,33,59,100,34,158,157,154,152,58,84,156,63,32],"product_tag":[141,36,37,41,40],"class_list":["post-2571","product","type-product","status-publish","has-post-thumbnail","hentry","product_cat-20000-puffs-disposable-vape","product_cat-hot-disposable-vapes","product_cat-bang-vapes","product_cat-belgium-hot-disposable-vapes","product_cat-france-vape-hot-sale","product_cat-germany-hot-disposable-vape","product_cat-germany-wholesale-vape-shop","product_cat-netherlands-vape-good-sale","product_cat-norway-hot-disposable-vapes","product_cat-poland-hot-disposable-vapes","product_cat-portugal-hot-disposable-vapes","product_cat-spain-hot-disposable-vapes","product_cat-sweden-hot-disposable-vape","product_cat-sweden-wholesale-vape","product_cat-switzerland-hot-disposable-vapes","product_cat-top-sale-disposable-vape","product_cat-vape-hot-sale-this-week","product_tag-20000puffs","product_tag-good-vape","product_tag-hot-sale-disposable-vape","product_tag-poland-hot-vape","product_tag-sweden-hot-vape","pa_brand-bang-king-vape","desktop-align-left","tablet-align-left","mobile-align-left"],"yoast_head":"<!-- This site is optimized with the Yoast SEO plugin v21.1 - https:\/\/yoast.com\/wordpress\/plugins\/seo\/ -->\n<title>Bang Beach 20k Puffs LED Display Vape Discount Price - vapebulkp.com<\/title>\n<meta name=\"description\" content=\"Choose Bang Beach 20k Puffs new LED display e-cigarette cartridges to experience the perfect combination of performance, convenience and flavor. Bang Beach Vape is your reliable and enjoyable smoking companion for a long time.\" \/>\n<meta name=\"robots\" content=\"index, follow, max-snippet:-1, max-image-preview:large, max-video-preview:-1\" \/>\n<link rel=\"canonical\" href=\"https:\/\/vapebulkp.com\/lt\/product\/bang-beach-20k-puffs-led-display-vape-discount-price\/\" \/>\n<meta property=\"og:locale\" content=\"lt_LT\" \/>\n<meta property=\"og:type\" content=\"article\" \/>\n<meta property=\"og:title\" content=\"Bang Beach 20k Puffs LED Display Vape Discount Price - vapebulkp.com\" \/>\n<meta property=\"og:description\" content=\"Choose Bang Beach 20k Puffs new LED display e-cigarette cartridges to experience the perfect combination of performance, convenience and flavor. Bang Beach Vape is your reliable and enjoyable smoking companion for a long time.\" \/>\n<meta property=\"og:url\" content=\"https:\/\/vapebulkp.com\/lt\/product\/bang-beach-20k-puffs-led-display-vape-discount-price\/\" \/>\n<meta property=\"og:site_name\" content=\"vapebulkp.com\" \/>\n<meta property=\"article:modified_time\" content=\"2025-09-24T03:21:46+00:00\" \/>\n<meta property=\"og:image\" content=\"http:\/\/vapebulkp.com\/wp-content\/uploads\/2024\/06\/Bang-Beach-20k-Puffs-Discount-Price.jpg\" \/>\n\t<meta property=\"og:image:width\" content=\"1920\" \/>\n\t<meta property=\"og:image:height\" content=\"1080\" \/>\n\t<meta property=\"og:image:type\" content=\"image\/jpeg\" \/>\n<meta name=\"twitter:card\" content=\"summary_large_image\" \/>\n<meta name=\"twitter:label1\" content=\"Est. reading time\" \/>\n\t<meta name=\"twitter:data1\" content=\"4 minut\u0117s\" \/>\n<script type=\"application\/ld+json\" class=\"yoast-schema-graph\">{\"@context\":\"https:\/\/schema.org\",\"@graph\":[{\"@type\":\"WebPage\",\"@id\":\"https:\/\/vapebulkp.com\/product\/bang-beach-20k-puffs-led-display-vape-discount-price\/\",\"url\":\"https:\/\/vapebulkp.com\/product\/bang-beach-20k-puffs-led-display-vape-discount-price\/\",\"name\":\"Bang Beach 20k Puffs LED Display Vape Discount Price - vapebulkp.com\",\"isPartOf\":{\"@id\":\"https:\/\/vapebulkp.com\/#website\"},\"datePublished\":\"2024-06-27T03:53:29+00:00\",\"dateModified\":\"2025-09-24T03:21:46+00:00\",\"description\":\"Choose Bang Beach 20k Puffs new LED display e-cigarette cartridges to experience the perfect combination of performance, convenience and flavor. Bang Beach Vape is your reliable and enjoyable smoking companion for a long time.\",\"breadcrumb\":{\"@id\":\"https:\/\/vapebulkp.com\/product\/bang-beach-20k-puffs-led-display-vape-discount-price\/#breadcrumb\"},\"inLanguage\":\"lt-LT\",\"potentialAction\":[{\"@type\":\"ReadAction\",\"target\":[\"https:\/\/vapebulkp.com\/product\/bang-beach-20k-puffs-led-display-vape-discount-price\/\"]}]},{\"@type\":\"BreadcrumbList\",\"@id\":\"https:\/\/vapebulkp.com\/product\/bang-beach-20k-puffs-led-display-vape-discount-price\/#breadcrumb\",\"itemListElement\":[{\"@type\":\"ListItem\",\"position\":1,\"name\":\"Home\",\"item\":\"https:\/\/vapebulkp.com\/\"},{\"@type\":\"ListItem\",\"position\":2,\"name\":\"Hot Trend Vapes\",\"item\":\"https:\/\/vapebulkp.com\/vape-shop\/\"},{\"@type\":\"ListItem\",\"position\":3,\"name\":\"Bang Beach 20k Puffs LED Display Vape Discount Price\"}]},{\"@type\":\"WebSite\",\"@id\":\"https:\/\/vapebulkp.com\/#website\",\"url\":\"https:\/\/vapebulkp.com\/\",\"name\":\"vapebulkp.com\",\"description\":\"Buy Vape In Cheap Bulk Price Near you\",\"publisher\":{\"@id\":\"https:\/\/vapebulkp.com\/#organization\"},\"potentialAction\":[{\"@type\":\"SearchAction\",\"target\":{\"@type\":\"EntryPoint\",\"urlTemplate\":\"https:\/\/vapebulkp.com\/?s={search_term_string}\"},\"query-input\":\"required name=search_term_string\"}],\"inLanguage\":\"lt-LT\"},{\"@type\":\"Organization\",\"@id\":\"https:\/\/vapebulkp.com\/#organization\",\"name\":\"vapebulkp.com\",\"url\":\"https:\/\/vapebulkp.com\/\",\"logo\":{\"@type\":\"ImageObject\",\"inLanguage\":\"lt-LT\",\"@id\":\"https:\/\/vapebulkp.com\/#\/schema\/logo\/image\/\",\"url\":\"https:\/\/vapebulkp.com\/wp-content\/uploads\/2023\/09\/cropped-vapebulkp.png\",\"contentUrl\":\"https:\/\/vapebulkp.com\/wp-content\/uploads\/2023\/09\/cropped-vapebulkp.png\",\"width\":516,\"height\":163,\"caption\":\"vapebulkp.com\"},\"image\":{\"@id\":\"https:\/\/vapebulkp.com\/#\/schema\/logo\/image\/\"}}]}<\/script>\n<!-- \/ Yoast SEO plugin. -->","yoast_head_json":{"title":"Bang Beach 20k Puffs LED Display Vape Discount Price - vapebulkp.com","description":"Choose Bang Beach 20k Puffs new LED display e-cigarette cartridges to experience the perfect combination of performance, convenience and flavor. Bang Beach Vape is your reliable and enjoyable smoking companion for a long time.","robots":{"index":"index","follow":"follow","max-snippet":"max-snippet:-1","max-image-preview":"max-image-preview:large","max-video-preview":"max-video-preview:-1"},"canonical":"https:\/\/vapebulkp.com\/lt\/product\/bang-beach-20k-puffs-led-display-vape-discount-price\/","og_locale":"lt_LT","og_type":"article","og_title":"Bang Beach 20k Puffs LED Display Vape Discount Price - vapebulkp.com","og_description":"Choose Bang Beach 20k Puffs new LED display e-cigarette cartridges to experience the perfect combination of performance, convenience and flavor. Bang Beach Vape is your reliable and enjoyable smoking companion for a long time.","og_url":"https:\/\/vapebulkp.com\/lt\/product\/bang-beach-20k-puffs-led-display-vape-discount-price\/","og_site_name":"vapebulkp.com","article_modified_time":"2025-09-24T03:21:46+00:00","og_image":[{"width":1920,"height":1080,"url":"http:\/\/vapebulkp.com\/wp-content\/uploads\/2024\/06\/Bang-Beach-20k-Puffs-Discount-Price.jpg","type":"image\/jpeg"}],"twitter_card":"summary_large_image","twitter_misc":{"Est. reading time":"4 minut\u0117s"},"schema":{"@context":"https:\/\/schema.org","@graph":[{"@type":"WebPage","@id":"https:\/\/vapebulkp.com\/product\/bang-beach-20k-puffs-led-display-vape-discount-price\/","url":"https:\/\/vapebulkp.com\/product\/bang-beach-20k-puffs-led-display-vape-discount-price\/","name":"Bang Beach 20k Puffs LED Display Vape Discount Price - vapebulkp.com","isPartOf":{"@id":"https:\/\/vapebulkp.com\/#website"},"datePublished":"2024-06-27T03:53:29+00:00","dateModified":"2025-09-24T03:21:46+00:00","description":"Choose Bang Beach 20k Puffs new LED display e-cigarette cartridges to experience the perfect combination of performance, convenience and flavor. Bang Beach Vape is your reliable and enjoyable smoking companion for a long time.","breadcrumb":{"@id":"https:\/\/vapebulkp.com\/product\/bang-beach-20k-puffs-led-display-vape-discount-price\/#breadcrumb"},"inLanguage":"lt-LT","potentialAction":[{"@type":"ReadAction","target":["https:\/\/vapebulkp.com\/product\/bang-beach-20k-puffs-led-display-vape-discount-price\/"]}]},{"@type":"BreadcrumbList","@id":"https:\/\/vapebulkp.com\/product\/bang-beach-20k-puffs-led-display-vape-discount-price\/#breadcrumb","itemListElement":[{"@type":"ListItem","position":1,"name":"Home","item":"https:\/\/vapebulkp.com\/"},{"@type":"ListItem","position":2,"name":"Hot Trend Vapes","item":"https:\/\/vapebulkp.com\/vape-shop\/"},{"@type":"ListItem","position":3,"name":"Bang Beach 20k Puffs LED Display Vape Discount Price"}]},{"@type":"WebSite","@id":"https:\/\/vapebulkp.com\/#website","url":"https:\/\/vapebulkp.com\/","name":"vapebulkp.com","description":"Buy Vape In Cheap Bulk Price Near you","publisher":{"@id":"https:\/\/vapebulkp.com\/#organization"},"potentialAction":[{"@type":"SearchAction","target":{"@type":"EntryPoint","urlTemplate":"https:\/\/vapebulkp.com\/?s={search_term_string}"},"query-input":"required name=search_term_string"}],"inLanguage":"lt-LT"},{"@type":"Organization","@id":"https:\/\/vapebulkp.com\/#organization","name":"vapebulkp.com","url":"https:\/\/vapebulkp.com\/","logo":{"@type":"ImageObject","inLanguage":"lt-LT","@id":"https:\/\/vapebulkp.com\/#\/schema\/logo\/image\/","url":"https:\/\/vapebulkp.com\/wp-content\/uploads\/2023\/09\/cropped-vapebulkp.png","contentUrl":"https:\/\/vapebulkp.com\/wp-content\/uploads\/2023\/09\/cropped-vapebulkp.png","width":516,"height":163,"caption":"vapebulkp.com"},"image":{"@id":"https:\/\/vapebulkp.com\/#\/schema\/logo\/image\/"}}]}},"uagb_featured_image_src":{"full":["https:\/\/vapebulkp.com\/wp-content\/uploads\/2024\/06\/Bang-Beach-20k-Puffs-Discount-Price.jpg",1920,1080,false],"thumbnail":["https:\/\/vapebulkp.com\/wp-content\/uploads\/2024\/06\/Bang-Beach-20k-Puffs-Discount-Price-150x150.jpg",150,150,true],"medium":["https:\/\/vapebulkp.com\/wp-content\/uploads\/2024\/06\/Bang-Beach-20k-Puffs-Discount-Price-300x169.jpg",300,169,true],"medium_large":["https:\/\/vapebulkp.com\/wp-content\/uploads\/2024\/06\/Bang-Beach-20k-Puffs-Discount-Price-768x432.jpg",768,432,true],"large":["https:\/\/vapebulkp.com\/wp-content\/uploads\/2024\/06\/Bang-Beach-20k-Puffs-Discount-Price-1024x576.jpg",1024,576,true],"1536x1536":["https:\/\/vapebulkp.com\/wp-content\/uploads\/2024\/06\/Bang-Beach-20k-Puffs-Discount-Price-1536x864.jpg",1536,864,true],"2048x2048":["https:\/\/vapebulkp.com\/wp-content\/uploads\/2024\/06\/Bang-Beach-20k-Puffs-Discount-Price.jpg",1920,1080,false],"trp-custom-language-flag":["https:\/\/vapebulkp.com\/wp-content\/uploads\/2024\/06\/Bang-Beach-20k-Puffs-Discount-Price.jpg",18,10,false],"woocommerce_thumbnail":["https:\/\/vapebulkp.com\/wp-content\/uploads\/2024\/06\/Bang-Beach-20k-Puffs-Discount-Price-300x300.jpg",300,300,true],"woocommerce_single":["https:\/\/vapebulkp.com\/wp-content\/uploads\/2024\/06\/Bang-Beach-20k-Puffs-Discount-Price-600x338.jpg",600,338,true],"woocommerce_gallery_thumbnail":["https:\/\/vapebulkp.com\/wp-content\/uploads\/2024\/06\/Bang-Beach-20k-Puffs-Discount-Price-100x100.jpg",100,100,true],"wcpr-photo-reviews":["https:\/\/vapebulkp.com\/wp-content\/uploads\/2024\/06\/Bang-Beach-20k-Puffs-Discount-Price.jpg",500,281,false]},"uagb_author_info":{"display_name":"Mandy vape bulk price","author_link":"https:\/\/vapebulkp.com\/lt\/author\/"},"uagb_comment_info":1,"uagb_excerpt":"New Model\u00a0 Vape Bang Beach\u00a0 20k\u00a0 puffs\u00a0 Bang Vape Pls Contact Mandy's WhatsApp For Discount Price+8618077105796 NOTE: Prices on our website does not include shipping costs &nbsp;","_links":{"self":[{"href":"https:\/\/vapebulkp.com\/lt\/wp-json\/wp\/v2\/product\/2571","targetHints":{"allow":["GET"]}}],"collection":[{"href":"https:\/\/vapebulkp.com\/lt\/wp-json\/wp\/v2\/product"}],"about":[{"href":"https:\/\/vapebulkp.com\/lt\/wp-json\/wp\/v2\/types\/product"}],"replies":[{"embeddable":true,"href":"https:\/\/vapebulkp.com\/lt\/wp-json\/wp\/v2\/comments?post=2571"}],"wp:featuredmedia":[{"embeddable":true,"href":"https:\/\/vapebulkp.com\/lt\/wp-json\/wp\/v2\/media\/2546"}],"wp:attachment":[{"href":"https:\/\/vapebulkp.com\/lt\/wp-json\/wp\/v2\/media?parent=2571"}],"wp:term":[{"taxonomy":"product_cat","embeddable":true,"href":"https:\/\/vapebulkp.com\/lt\/wp-json\/wp\/v2\/product_cat?post=2571"},{"taxonomy":"product_tag","embeddable":true,"href":"https:\/\/vapebulkp.com\/lt\/wp-json\/wp\/v2\/product_tag?post=2571"}],"curies":[{"name":"wp","href":"https:\/\/api.w.org\/{rel}","templated":true}]}}