{"id":2674,"date":"2024-07-19T11:10:53","date_gmt":"2024-07-19T09:10:53","guid":{"rendered":"https:\/\/vapebulkp.com\/?post_type=product&#038;p=2674"},"modified":"2025-09-24T05:26:30","modified_gmt":"2025-09-24T03:26:30","slug":"bang-beach-22k-puffs-new-electronic-cigarette","status":"publish","type":"product","link":"https:\/\/vapebulkp.com\/lt\/product\/bang-beach-22k-puffs-new-electronic-cigarette\/","title":{"rendered":"Bang Beach 22k \u012fp\u016btim\u0173 nauja elektronin\u0117 cigaret\u0117"},"content":{"rendered":"<h2 style=\"text-align: left\">Bang Beach 22k \u012fp\u016btim\u0173 nauja elektronin\u0117 cigaret\u0117<\/h2>\n<p>&nbsp;<\/p>\n<p data-start=\"154\" data-end=\"492\">Tas <strong data-start=\"158\" data-end=\"198\">Bang Beach 22k Puffs vienkartinis garintuvas<\/strong> yra auk\u0161\u010diausios kokyb\u0117s <strong data-start=\"212\" data-end=\"243\">22000 Puffs Vienkartinis Vape<\/strong> sukurtas Europos garinimo entuziastams, vertinantiems skon\u012f, na\u0161um\u0105 ir patogum\u0105. Didel\u0117 36 ml i\u0161 anksto pripildyta e. skys\u010dio talpykla u\u017etikrina ilgalaik\u012f naudojim\u0105, o nikotino druskos parinktys 0%, 2%, 3% ir 5% leid\u017eia pritaikyti d\u016bmo intensyvum\u0105 pagal savo pageidavimus.<\/p>\n<p data-start=\"494\" data-end=\"857\">Sukurtas su 1.0\u03a9 <strong data-start=\"517\" data-end=\"535\">tinklinio ritinio vape<\/strong>, \u0161is prietaisas suteikia sodr\u0173, tank\u0173 gar\u0105 ir intensyv\u0173 skon\u012f. \u0160i <strong data-start=\"600\" data-end=\"627\">reguliuojamo oro srauto vape<\/strong> sistema leid\u017eia pritaikyti kiekvien\u0105 d\u016bm\u0105, gerinant garinimo patirt\u012f. Maitinamas 850 mAh baterija ir C tipo \u012fkrovimo jungtimi, \u0161is <strong data-start=\"765\" data-end=\"797\">\u012fkraunamas vienkartinis vape<\/strong> leid\u017eia garinti ilgiau su greitu, be vargo \u012fkrovimu.<\/p>\n<p data-start=\"859\" data-end=\"1118\">Eleganti\u0161kas LED ekranas rodo baterijos \u012fkrovos lyg\u012f ir \u012fkv\u0117pim\u0173 skai\u010di\u0173 realiuoju laiku, suteikiant piln\u0105 kontrol\u0119 vienu \u017evilgsniu. Su 12 unikali\u0173 skoni\u0173, nuo vaisi\u0173 iki mentolio ir desert\u0173, \u0161is <strong data-start=\"1050\" data-end=\"1083\">didel\u0117s talpos vienkartiniai garintuvai<\/strong>\u00a0patenkina visus skonio pageidavimus.<\/p>\n<p data-start=\"1120\" data-end=\"1316\">Puikiai tinka ma\u017emenininkams ir didmenininkams, nes <strong data-start=\"1166\" data-end=\"1206\">Bang Beach 22k Puffs vienkartinis garintuvas<\/strong> yra patikimas, stilingas ir greitai parduodamas <a href=\"https:\/\/vapebulkp.com\/lt\/puffs-stock-europe-warehouse\/\"><strong data-start=\"1248\" data-end=\"1269\">didmeninis garintuvas Lietuvai<\/strong><\/a> galimyb\u0117, pasiruo\u0161\u0119s patenkinti augan\u010di\u0105 rinkos paklaus\u0105.<\/p>\n<p><img decoding=\"async\" class=\"wp-image-2673 alignleft\" src=\"http:\/\/vapebulkp.com\/wp-content\/uploads\/2024\/07\/BANG-BEACH-Vape-22000Puffs.jpg\" alt=\"BANG BEACH garintuvas 22000 \u012fp\u016btim\u0173\" width=\"478\" height=\"849\" srcset=\"https:\/\/vapebulkp.com\/wp-content\/uploads\/2024\/07\/BANG-BEACH-Vape-22000Puffs.jpg 1080w, https:\/\/vapebulkp.com\/wp-content\/uploads\/2024\/07\/BANG-BEACH-Vape-22000Puffs-169x300.jpg 169w, https:\/\/vapebulkp.com\/wp-content\/uploads\/2024\/07\/BANG-BEACH-Vape-22000Puffs-576x1024.jpg 576w, https:\/\/vapebulkp.com\/wp-content\/uploads\/2024\/07\/BANG-BEACH-Vape-22000Puffs-768x1365.jpg 768w, https:\/\/vapebulkp.com\/wp-content\/uploads\/2024\/07\/BANG-BEACH-Vape-22000Puffs-864x1536.jpg 864w, https:\/\/vapebulkp.com\/wp-content\/uploads\/2024\/07\/BANG-BEACH-Vape-22000Puffs-600x1067.jpg 600w\" sizes=\"(max-width: 478px) 100vw, 478px\" \/><\/p>\n<h6>D\u0117l nuolaidos kainos susisiekite su Mandy per WhatsApp<a href=\"https:\/\/wa.me\/8618077105796\">+8618077105796<\/a><\/h6>\n<p><img decoding=\"async\" class=\"alignnone wp-image-2151\" src=\"http:\/\/vapebulkp.com\/wp-content\/uploads\/2024\/04\/Mandy-WhatsApp-Randm.jpg\" alt=\"Mandy WhatsApp Atsitiktinis\" width=\"324\" height=\"330\" \/><\/p>\n<h2>Man\u0117te, kad jums b\u016bt\u0173 naudinga \u017einoti apie Bang Beach 22000Puffs Vape:<\/h2>\n<h5>1.Kaip naudoti Bang Beach 22k Puffs Vape Pen?<\/h5>\n<p>1 \u017eingsnis. Prie\u0161 naudodami 22k puffs, atjunkite plastikin\u012f vamzdel\u012f.<\/p>\n<p>2 \u017eingsnis. Palaukite apie 3 minutes, kol sultys pateks \u012f rit\u0119 viduje.<\/p>\n<p>3 \u017eingsnis. M\u0117gaukit\u0117s<\/p>\n<h5>2.Kaip \u012fkrauti vienkartin\u012f garintuv\u0105 Bang King Vape 22k Puffs ?<\/h5>\n<p>Negalima naudoti greitojo \u012fkrovimo krovikli\u0173, o standartin\u0117 saugi vienkartini\u0173 elektronini\u0173 cigare\u010di\u0173 galia yra 5V 1A.<\/p>\n<p>Kiekvienas \u012fkrovimo laikas negali vir\u0161yti 1 valandos, o saugus \u012fkrovimo laikas yra pusvalandis.<\/p>\n<p><span style=\"color: #ff6600\">Pastaba: negalima \u012fkrauti vis\u0105 nakt\u012f!<\/span><\/p>\n<h5>3.Kokia yra Bang Beach 22000 Puffs Top Sale Bang Vape e. skys\u010dio talpa?<\/h5>\n<p>\u2014\u201436ml<\/p>\n<h5>4.Kiek kart\u0173 galiu \u012fkv\u0117pti i\u0161 \u0161io Bang Beach 22k Puffs?<\/h5>\n<p>\u2014\u201322000 \u012fkv\u0117pim\u0173<\/p>\n<h3>\u201eBang Beach 20k Puffs\u201c vienkartinio garintuvo ypatyb\u0117s:<\/h3>\n<ul>\n<li><strong>\u012etraukimai:<\/strong> Gali u\u017etikrinti iki 22000 \u012fkv\u0117pim\u0173<\/li>\n<li><strong>E-skystis:<\/strong> Tiekiamas su 36ml i\u0161 anksto pripildyta e-skys\u010dio kasete<\/li>\n<li><strong>Nikotino lygis:<\/strong> Galima \u012fsigyti 0%, 2%, 3% ir 5% nikotino koncentracijos<\/li>\n<li><strong>Tipas:<\/strong> Vienkartinis dizainas patogumui<\/li>\n<li><strong>Baterija:<\/strong> Maitinamas 850mAh baterija<\/li>\n<li><strong>Rit\u0117<\/strong> Turi 1,0 om\u0173 tinklin\u0119 rit\u0119 su reguliuojamais oro srauto nustatymais<\/li>\n<li><strong>\u012ekrovimas:<\/strong> \u012erengtas C tipo prievadas greitam \u012fkrovimui<\/li>\n<li><strong>Skoniai:<\/strong> Si\u016bloma 12 skirting\u0173 ir patenkinam\u0173 skoni\u0173<\/li>\n<\/ul>\n<h3><strong>Geriausi vienkartiniai garintuvai Bang Beach 22000 Puffs skoniai:<\/strong><\/h3>\n<ol>\n<li>Persik\u0173 ledas<\/li>\n<li>Persik\u0173 mango<\/li>\n<li>Mi\u0161rios uogos<\/li>\n<li>Ro\u017einis limonadas<\/li>\n<li>Bra\u0161ki\u0173 arb\u016bzas<\/li>\n<li>Arb\u016bzo ledas<\/li>\n<li>Vynuogi\u0173 ledas<\/li>\n<li>Vimto<\/li>\n<li>Bra\u0161ki\u0173 ledas<\/li>\n<li>Vy\u0161nia<\/li>\n<li>M\u0117lyni\u0173 aviet\u0117<\/li>\n<li>R\u016bg\u0161tus obuolys<\/li>\n<\/ol>\n<p><a href=\"https:\/\/vapebulkp.com\/lt\/product\/popular-randm-tornado-7000puffs-disposable-vape-best-price\/\"><span style=\"vertical-align: inherit\">RandM Tornado 7000 \u012ftraukim\u0173 <\/span><\/a><\/p>\n<p><span style=\"vertical-align: inherit\">Raskite daugiau produkt\u0173, kurie jums gali patikti:<\/span><em><a href=\"https:\/\/wa.me\/8618077105796\"><span style=\"vertical-align: inherit\">\u00a0Pirkti dabar<\/span><\/a><\/em><\/p>\n<p><span style=\"vertical-align: inherit\">Kiti \u012ftraukimai, kurie jums gali patikti:<\/span><a href=\"https:\/\/vapebulkp.com\/lt\/product\/bang-with-a-vape-gear-20000-puffs-discount-price\/\"><span style=\"vertical-align: inherit\">Bang Gear Vape 20000 P\u016bpsni\u0173<\/span><\/a><span style=\"vertical-align: inherit\">\u3001<\/span><a href=\"https:\/\/vapebulkp.com\/lt\/product\/wholesale-randm-tornado-9000-puffs-germany\/\"><span style=\"vertical-align: inherit\">RandM 9000 d\u016bm\u0173<\/span><\/a><span style=\"vertical-align: inherit\">\/ <\/span><a href=\"https:\/\/vapebulkp.com\/lt\/product\/bang-30k-puffs-new-double-taste-good-vape\/\"><span style=\"vertical-align: inherit\">Bang 30k d\u016bm\u0173<\/span><\/a><span style=\"vertical-align: inherit\">\/ <\/span><a href=\"https:\/\/vapebulkp.com\/lt\/fi\/product\/uzy-bang-digital-12000puffs-led-display-e-cigarettes\/\"><span style=\"vertical-align: inherit\">UZY Bang Digital 15000 P\u016bpsni\u0173<\/span><\/a><\/p>\n<p><span style=\"vertical-align: inherit\">Ypatingos formos elektronini\u0173 cigare\u010di\u0173 buteliukas:<\/span><a href=\"https:\/\/vapebulkp.com\/lt\/product\/original-vape-bang-tn-12000-puffs-bang-vape\/\"><span style=\"vertical-align: inherit\"> Bang TN 12000 P\u016b\u010di\u0173<\/span><\/a><span style=\"vertical-align: inherit\">\/ <\/span><a href=\"https:\/\/vapebulkp.com\/lt\/fi\/product\/best-price-wga-crystal-pro-max-15k-puffs-original-vape\/\"><span style=\"vertical-align: inherit\">\u00a0WGA Crystal pro max 15k d\u016bm\u0173 <\/span><\/a><span style=\"vertical-align: inherit\">\/<\/span><a href=\"https:\/\/vapebulkp.com\/lt\/product\/original-vape-bang-rocket-18000-puffs-good-sale\/\"><span style=\"vertical-align: inherit\"> Bang Rocket 18000 d\u016bm\u0173<\/span><\/a><\/p>\n<h5>Gamybos kvalifikacija:<\/h5>\n<p><img decoding=\"async\" class=\"alignnone size-full wp-image-1841\" src=\"http:\/\/vapebulkp.com\/wp-content\/uploads\/2023\/11\/Vape-production-process-2.jpeg\" alt=\"\u201eVape\u201c gamybos procesas\" width=\"650\" height=\"434\" srcset=\"https:\/\/vapebulkp.com\/wp-content\/uploads\/2023\/11\/Vape-production-process-2.jpeg 650w, https:\/\/vapebulkp.com\/wp-content\/uploads\/2023\/11\/Vape-production-process-2-300x200.jpeg 300w, https:\/\/vapebulkp.com\/wp-content\/uploads\/2023\/11\/Vape-production-process-2-600x401.jpeg 600w\" sizes=\"(max-width: 650px) 100vw, 650px\" \/><\/p>\n<p><img decoding=\"async\" class=\"alignnone size-full wp-image-1843\" src=\"http:\/\/vapebulkp.com\/wp-content\/uploads\/2023\/11\/Vape-production-process.jpeg\" alt=\"\u201eVape\u201c gamybos procesas\" width=\"641\" height=\"1026\" srcset=\"https:\/\/vapebulkp.com\/wp-content\/uploads\/2023\/11\/Vape-production-process.jpeg 641w, https:\/\/vapebulkp.com\/wp-content\/uploads\/2023\/11\/Vape-production-process-187x300.jpeg 187w, https:\/\/vapebulkp.com\/wp-content\/uploads\/2023\/11\/Vape-production-process-640x1024.jpeg 640w, https:\/\/vapebulkp.com\/wp-content\/uploads\/2023\/11\/Vape-production-process-600x960.jpeg 600w\" sizes=\"(max-width: 641px) 100vw, 641px\" \/><\/p>\n<h4>DUK:<\/h4>\n<p>K: Koks yra minimalus u\u017esakymo kiekis, skirtas \u201eBest Sale Bang Beach 22000 Puffs\u201c?<br \/>\nA: Minimalus u\u017esakymas yra 50 vnt.<br \/>\nK: Koks yra u\u017esakyto garintuvo pristatymo laikas?<br \/>\nA: \u012eprastai 10\u201315 dien\u0173 po i\u0161siuntimo<br \/>\nK: Kiek kainuoja siuntimas? A: Siuntimo kaina priklauso nuo svorio. Skirtingi kiekiai turi skirtingas siuntimo i\u0161laidas, susisiekite su mumis, kad patvirtintume siuntimo kain\u0105.<\/p>\n<h4>Pristatymo detal\u0117s:<\/h4>\n<p><span style=\"color: #ff6600\">Gamybos laikas: 5-10 darbo dien\u0173<\/span><br \/>\n<span style=\"color: #ff6600\">Pristatymo laikas: 8-14 darbo dien\u0173<\/span><\/p>\n<p>Visi m\u016bs\u0173 parduotuv\u0117s produktai yra 100% original\u016bs ir autenti\u0161ki, tod\u0117l m\u016bs\u0173 parduotuv\u0117s politika yra de\u0161imteriopa kompensacija u\u017e padirbtas prekes. Prek\u0117ms pristatyti naudojame tokius logistikos kanalus kaip UPS\/DHL\/FEDEX\/DPD.<\/p>\n<p>Pristatymas \u012f Lietuvos \u0161alis paprastai trunka 10 darbo dien\u0173. Pristatymas \u012f Europos \u0161alis paprastai u\u017etrunka nuo 12 iki 15 darbo dien\u0173. Logistikos informacij\u0105 atnaujinsime realiuoju laiku.<\/p>","protected":false},"excerpt":{"rendered":"<p>Naujas modelis Vape Bang Beach 20k Bang Vape<\/p>\n<p>D\u0117l nuolaidos kainos susisiekite su Mandy per WhatsApp<a href=\"https:\/\/wa.me\/8618077105796\">+8618077105796<\/a><\/p>\n<p><img decoding=\"async\" class=\"alignnone wp-image-2151\" src=\"http:\/\/vapebulkp.com\/wp-content\/uploads\/2024\/04\/Mandy-WhatsApp-Randm.jpg\" alt=\"Mandy WhatsApp Atsitiktinis\" width=\"297\" height=\"316\" srcset=\"https:\/\/vapebulkp.com\/wp-content\/uploads\/2024\/04\/Mandy-WhatsApp-Randm.jpg 916w, https:\/\/vapebulkp.com\/wp-content\/uploads\/2024\/04\/Mandy-WhatsApp-Randm-282x300.jpg 282w, https:\/\/vapebulkp.com\/wp-content\/uploads\/2024\/04\/Mandy-WhatsApp-Randm-768x817.jpg 768w, https:\/\/vapebulkp.com\/wp-content\/uploads\/2024\/04\/Mandy-WhatsApp-Randm-600x638.jpg 600w\" sizes=\"(max-width: 297px) 100vw, 297px\" \/><\/p>\n<p><span style=\"color: #ff0000\">PASTABA: Kainos m\u016bs\u0173 svetain\u0117je neapima siuntimo i\u0161laid\u0173<\/span><\/p>\n<p>&nbsp;<\/p>","protected":false},"featured_media":2673,"comment_status":"open","ping_status":"closed","template":"","meta":{"_uag_custom_page_level_css":"","_lmt_disableupdate":"no","_lmt_disable":"","site-sidebar-layout":"default","site-content-layout":"content-boxed-container","ast-site-content-layout":"normal-width-container","site-content-style":"boxed","site-sidebar-style":"unboxed","ast-global-header-display":"","ast-banner-title-visibility":"","ast-main-header-display":"","ast-hfb-above-header-display":"","ast-hfb-below-header-display":"","ast-hfb-mobile-header-display":"","site-post-title":"","ast-breadcrumbs-content":"","ast-featured-img":"","footer-sml-layout":"","theme-transparent-header-meta":"default","adv-header-id-meta":"","stick-header-meta":"","header-above-stick-meta":"","header-main-stick-meta":"","header-below-stick-meta":"","astra-migrate-meta-layouts":"set","_joinchat":[]},"product_cat":[171,153,345,155,33,59,100,87,34,158,157,154,152,58,84,156],"product_tag":[141,145,36,37,41,40],"class_list":["post-2674","product","type-product","status-publish","has-post-thumbnail","hentry","product_cat-22000-puffs-disposable-vape","product_cat-hot-disposable-vapes","product_cat-bang-vapes","product_cat-belgium-hot-disposable-vapes","product_cat-france-vape-hot-sale","product_cat-germany-hot-disposable-vape","product_cat-germany-wholesale-vape-shop","product_cat-minimum-order-quantity-50pcs","product_cat-netherlands-vape-good-sale","product_cat-norway-hot-disposable-vapes","product_cat-poland-hot-disposable-vapes","product_cat-portugal-hot-disposable-vapes","product_cat-spain-hot-disposable-vapes","product_cat-sweden-hot-disposable-vape","product_cat-sweden-wholesale-vape","product_cat-switzerland-hot-disposable-vapes","product_tag-20000puffs","product_tag-22000puffs","product_tag-good-vape","product_tag-hot-sale-disposable-vape","product_tag-poland-hot-vape","product_tag-sweden-hot-vape","pa_brand-bang-king-vape","desktop-align-left","tablet-align-left","mobile-align-left"],"yoast_head":"<!-- This site is optimized with the Yoast SEO plugin v21.1 - https:\/\/yoast.com\/wordpress\/plugins\/seo\/ -->\n<title>Bang Beach 22k Puffs New Electronic Cigarette - vapebulkp.com<\/title>\n<meta name=\"description\" content=\"Bang Beach 22000 Puffs Disposable Vape delivers long-lasting flavor and smooth draws. High-capacity, convenient, and perfect for EU vapers \u2014 order yours now!\" \/>\n<meta name=\"robots\" content=\"index, follow, max-snippet:-1, max-image-preview:large, max-video-preview:-1\" \/>\n<link rel=\"canonical\" href=\"https:\/\/vapebulkp.com\/lt\/product\/bang-beach-22k-puffs-new-electronic-cigarette\/\" \/>\n<meta property=\"og:locale\" content=\"lt_LT\" \/>\n<meta property=\"og:type\" content=\"article\" \/>\n<meta property=\"og:title\" content=\"Bang Beach 22k Puffs New Electronic Cigarette - vapebulkp.com\" \/>\n<meta property=\"og:description\" content=\"Bang Beach 22000 Puffs Disposable Vape delivers long-lasting flavor and smooth draws. High-capacity, convenient, and perfect for EU vapers \u2014 order yours now!\" \/>\n<meta property=\"og:url\" content=\"https:\/\/vapebulkp.com\/lt\/product\/bang-beach-22k-puffs-new-electronic-cigarette\/\" \/>\n<meta property=\"og:site_name\" content=\"vapebulkp.com\" \/>\n<meta property=\"article:modified_time\" content=\"2025-09-24T03:26:30+00:00\" \/>\n<meta property=\"og:image\" content=\"http:\/\/vapebulkp.com\/wp-content\/uploads\/2024\/07\/BANG-BEACH-Vape-22000Puffs.jpg\" \/>\n\t<meta property=\"og:image:width\" content=\"1080\" \/>\n\t<meta property=\"og:image:height\" content=\"1920\" \/>\n\t<meta property=\"og:image:type\" content=\"image\/jpeg\" \/>\n<meta name=\"twitter:card\" content=\"summary_large_image\" \/>\n<meta name=\"twitter:label1\" content=\"Est. reading time\" \/>\n\t<meta name=\"twitter:data1\" content=\"4 minut\u0117s\" \/>\n<script type=\"application\/ld+json\" class=\"yoast-schema-graph\">{\"@context\":\"https:\/\/schema.org\",\"@graph\":[{\"@type\":\"WebPage\",\"@id\":\"https:\/\/vapebulkp.com\/product\/bang-beach-22k-puffs-new-electronic-cigarette\/\",\"url\":\"https:\/\/vapebulkp.com\/product\/bang-beach-22k-puffs-new-electronic-cigarette\/\",\"name\":\"Bang Beach 22k Puffs New Electronic Cigarette - vapebulkp.com\",\"isPartOf\":{\"@id\":\"https:\/\/vapebulkp.com\/#website\"},\"datePublished\":\"2024-07-19T09:10:53+00:00\",\"dateModified\":\"2025-09-24T03:26:30+00:00\",\"description\":\"Bang Beach 22000 Puffs Disposable Vape delivers long-lasting flavor and smooth draws. High-capacity, convenient, and perfect for EU vapers \u2014 order yours now!\",\"breadcrumb\":{\"@id\":\"https:\/\/vapebulkp.com\/product\/bang-beach-22k-puffs-new-electronic-cigarette\/#breadcrumb\"},\"inLanguage\":\"lt-LT\",\"potentialAction\":[{\"@type\":\"ReadAction\",\"target\":[\"https:\/\/vapebulkp.com\/product\/bang-beach-22k-puffs-new-electronic-cigarette\/\"]}]},{\"@type\":\"BreadcrumbList\",\"@id\":\"https:\/\/vapebulkp.com\/product\/bang-beach-22k-puffs-new-electronic-cigarette\/#breadcrumb\",\"itemListElement\":[{\"@type\":\"ListItem\",\"position\":1,\"name\":\"Home\",\"item\":\"https:\/\/vapebulkp.com\/\"},{\"@type\":\"ListItem\",\"position\":2,\"name\":\"Hot Trend Vapes\",\"item\":\"https:\/\/vapebulkp.com\/vape-shop\/\"},{\"@type\":\"ListItem\",\"position\":3,\"name\":\"Bang Beach 22k Puffs New Electronic Cigarette\"}]},{\"@type\":\"WebSite\",\"@id\":\"https:\/\/vapebulkp.com\/#website\",\"url\":\"https:\/\/vapebulkp.com\/\",\"name\":\"vapebulkp.com\",\"description\":\"Buy Vape In Cheap Bulk Price Near you\",\"publisher\":{\"@id\":\"https:\/\/vapebulkp.com\/#organization\"},\"potentialAction\":[{\"@type\":\"SearchAction\",\"target\":{\"@type\":\"EntryPoint\",\"urlTemplate\":\"https:\/\/vapebulkp.com\/?s={search_term_string}\"},\"query-input\":\"required name=search_term_string\"}],\"inLanguage\":\"lt-LT\"},{\"@type\":\"Organization\",\"@id\":\"https:\/\/vapebulkp.com\/#organization\",\"name\":\"vapebulkp.com\",\"url\":\"https:\/\/vapebulkp.com\/\",\"logo\":{\"@type\":\"ImageObject\",\"inLanguage\":\"lt-LT\",\"@id\":\"https:\/\/vapebulkp.com\/#\/schema\/logo\/image\/\",\"url\":\"https:\/\/vapebulkp.com\/wp-content\/uploads\/2023\/09\/cropped-vapebulkp.png\",\"contentUrl\":\"https:\/\/vapebulkp.com\/wp-content\/uploads\/2023\/09\/cropped-vapebulkp.png\",\"width\":516,\"height\":163,\"caption\":\"vapebulkp.com\"},\"image\":{\"@id\":\"https:\/\/vapebulkp.com\/#\/schema\/logo\/image\/\"}}]}<\/script>\n<!-- \/ Yoast SEO plugin. -->","yoast_head_json":{"title":"Bang Beach 22k Puffs New Electronic Cigarette - vapebulkp.com","description":"Bang Beach 22000 Puffs Disposable Vape delivers long-lasting flavor and smooth draws. High-capacity, convenient, and perfect for EU vapers \u2014 order yours now!","robots":{"index":"index","follow":"follow","max-snippet":"max-snippet:-1","max-image-preview":"max-image-preview:large","max-video-preview":"max-video-preview:-1"},"canonical":"https:\/\/vapebulkp.com\/lt\/product\/bang-beach-22k-puffs-new-electronic-cigarette\/","og_locale":"lt_LT","og_type":"article","og_title":"Bang Beach 22k Puffs New Electronic Cigarette - vapebulkp.com","og_description":"Bang Beach 22000 Puffs Disposable Vape delivers long-lasting flavor and smooth draws. High-capacity, convenient, and perfect for EU vapers \u2014 order yours now!","og_url":"https:\/\/vapebulkp.com\/lt\/product\/bang-beach-22k-puffs-new-electronic-cigarette\/","og_site_name":"vapebulkp.com","article_modified_time":"2025-09-24T03:26:30+00:00","og_image":[{"width":1080,"height":1920,"url":"http:\/\/vapebulkp.com\/wp-content\/uploads\/2024\/07\/BANG-BEACH-Vape-22000Puffs.jpg","type":"image\/jpeg"}],"twitter_card":"summary_large_image","twitter_misc":{"Est. reading time":"4 minut\u0117s"},"schema":{"@context":"https:\/\/schema.org","@graph":[{"@type":"WebPage","@id":"https:\/\/vapebulkp.com\/product\/bang-beach-22k-puffs-new-electronic-cigarette\/","url":"https:\/\/vapebulkp.com\/product\/bang-beach-22k-puffs-new-electronic-cigarette\/","name":"Bang Beach 22k Puffs New Electronic Cigarette - vapebulkp.com","isPartOf":{"@id":"https:\/\/vapebulkp.com\/#website"},"datePublished":"2024-07-19T09:10:53+00:00","dateModified":"2025-09-24T03:26:30+00:00","description":"Bang Beach 22000 Puffs Disposable Vape delivers long-lasting flavor and smooth draws. High-capacity, convenient, and perfect for EU vapers \u2014 order yours now!","breadcrumb":{"@id":"https:\/\/vapebulkp.com\/product\/bang-beach-22k-puffs-new-electronic-cigarette\/#breadcrumb"},"inLanguage":"lt-LT","potentialAction":[{"@type":"ReadAction","target":["https:\/\/vapebulkp.com\/product\/bang-beach-22k-puffs-new-electronic-cigarette\/"]}]},{"@type":"BreadcrumbList","@id":"https:\/\/vapebulkp.com\/product\/bang-beach-22k-puffs-new-electronic-cigarette\/#breadcrumb","itemListElement":[{"@type":"ListItem","position":1,"name":"Home","item":"https:\/\/vapebulkp.com\/"},{"@type":"ListItem","position":2,"name":"Hot Trend Vapes","item":"https:\/\/vapebulkp.com\/vape-shop\/"},{"@type":"ListItem","position":3,"name":"Bang Beach 22k Puffs New Electronic Cigarette"}]},{"@type":"WebSite","@id":"https:\/\/vapebulkp.com\/#website","url":"https:\/\/vapebulkp.com\/","name":"vapebulkp.com","description":"Buy Vape In Cheap Bulk Price Near you","publisher":{"@id":"https:\/\/vapebulkp.com\/#organization"},"potentialAction":[{"@type":"SearchAction","target":{"@type":"EntryPoint","urlTemplate":"https:\/\/vapebulkp.com\/?s={search_term_string}"},"query-input":"required name=search_term_string"}],"inLanguage":"lt-LT"},{"@type":"Organization","@id":"https:\/\/vapebulkp.com\/#organization","name":"vapebulkp.com","url":"https:\/\/vapebulkp.com\/","logo":{"@type":"ImageObject","inLanguage":"lt-LT","@id":"https:\/\/vapebulkp.com\/#\/schema\/logo\/image\/","url":"https:\/\/vapebulkp.com\/wp-content\/uploads\/2023\/09\/cropped-vapebulkp.png","contentUrl":"https:\/\/vapebulkp.com\/wp-content\/uploads\/2023\/09\/cropped-vapebulkp.png","width":516,"height":163,"caption":"vapebulkp.com"},"image":{"@id":"https:\/\/vapebulkp.com\/#\/schema\/logo\/image\/"}}]}},"uagb_featured_image_src":{"full":["https:\/\/vapebulkp.com\/wp-content\/uploads\/2024\/07\/BANG-BEACH-Vape-22000Puffs.jpg",1080,1920,false],"thumbnail":["https:\/\/vapebulkp.com\/wp-content\/uploads\/2024\/07\/BANG-BEACH-Vape-22000Puffs-150x150.jpg",150,150,true],"medium":["https:\/\/vapebulkp.com\/wp-content\/uploads\/2024\/07\/BANG-BEACH-Vape-22000Puffs-169x300.jpg",169,300,true],"medium_large":["https:\/\/vapebulkp.com\/wp-content\/uploads\/2024\/07\/BANG-BEACH-Vape-22000Puffs-768x1365.jpg",768,1365,true],"large":["https:\/\/vapebulkp.com\/wp-content\/uploads\/2024\/07\/BANG-BEACH-Vape-22000Puffs-576x1024.jpg",576,1024,true],"1536x1536":["https:\/\/vapebulkp.com\/wp-content\/uploads\/2024\/07\/BANG-BEACH-Vape-22000Puffs-864x1536.jpg",864,1536,true],"2048x2048":["https:\/\/vapebulkp.com\/wp-content\/uploads\/2024\/07\/BANG-BEACH-Vape-22000Puffs.jpg",1080,1920,false],"trp-custom-language-flag":["https:\/\/vapebulkp.com\/wp-content\/uploads\/2024\/07\/BANG-BEACH-Vape-22000Puffs.jpg",7,12,false],"woocommerce_thumbnail":["https:\/\/vapebulkp.com\/wp-content\/uploads\/2024\/07\/BANG-BEACH-Vape-22000Puffs-300x300.jpg",300,300,true],"woocommerce_single":["https:\/\/vapebulkp.com\/wp-content\/uploads\/2024\/07\/BANG-BEACH-Vape-22000Puffs-600x1067.jpg",600,1067,true],"woocommerce_gallery_thumbnail":["https:\/\/vapebulkp.com\/wp-content\/uploads\/2024\/07\/BANG-BEACH-Vape-22000Puffs-100x100.jpg",100,100,true],"wcpr-photo-reviews":["https:\/\/vapebulkp.com\/wp-content\/uploads\/2024\/07\/BANG-BEACH-Vape-22000Puffs.jpg",281,500,false]},"uagb_author_info":{"display_name":"Mandy vape bulk price","author_link":"https:\/\/vapebulkp.com\/lt\/author\/"},"uagb_comment_info":0,"uagb_excerpt":"New Model\u00a0 Vape Bang Beach\u00a0 20k\u00a0 Bang Vape Pls Contact Mandy's WhatsApp For Discount Price+8618077105796 NOTE: Prices on our website does not include shipping costs &nbsp;","_links":{"self":[{"href":"https:\/\/vapebulkp.com\/lt\/wp-json\/wp\/v2\/product\/2674","targetHints":{"allow":["GET"]}}],"collection":[{"href":"https:\/\/vapebulkp.com\/lt\/wp-json\/wp\/v2\/product"}],"about":[{"href":"https:\/\/vapebulkp.com\/lt\/wp-json\/wp\/v2\/types\/product"}],"replies":[{"embeddable":true,"href":"https:\/\/vapebulkp.com\/lt\/wp-json\/wp\/v2\/comments?post=2674"}],"wp:featuredmedia":[{"embeddable":true,"href":"https:\/\/vapebulkp.com\/lt\/wp-json\/wp\/v2\/media\/2673"}],"wp:attachment":[{"href":"https:\/\/vapebulkp.com\/lt\/wp-json\/wp\/v2\/media?parent=2674"}],"wp:term":[{"taxonomy":"product_cat","embeddable":true,"href":"https:\/\/vapebulkp.com\/lt\/wp-json\/wp\/v2\/product_cat?post=2674"},{"taxonomy":"product_tag","embeddable":true,"href":"https:\/\/vapebulkp.com\/lt\/wp-json\/wp\/v2\/product_tag?post=2674"}],"curies":[{"name":"wp","href":"https:\/\/api.w.org\/{rel}","templated":true}]}}