{"id":2920,"date":"2024-09-21T10:54:07","date_gmt":"2024-09-21T08:54:07","guid":{"rendered":"https:\/\/vapebulkp.com\/?post_type=product&#038;p=2920"},"modified":"2025-09-24T05:18:03","modified_gmt":"2025-09-24T03:18:03","slug":"original-bang-vape-box-20k-puff-disposable-vape","status":"publish","type":"product","link":"https:\/\/vapebulkp.com\/lt\/product\/original-bang-vape-box-20k-puff-disposable-vape\/","title":{"rendered":"Originalus Bang Vape Box 20K Puff vienkartinis garintuvas"},"content":{"rendered":"<h2 style=\"text-align: left\">Originalus Bang Vape Box 20K Puff vienkartinis garintuvas<\/h2>\n<p>&nbsp;<\/p>\n<p data-start=\"263\" data-end=\"555\">Tas <strong data-start=\"267\" data-end=\"293\">Bang Vape Box 20K P\u016btim\u0173<\/strong> yra auk\u0161\u010diausios kokyb\u0117s <a href=\"https:\/\/vapebulkp.com\/lt\/product-category\/20000-puffs-disposable-vape\/\"><strong data-start=\"307\" data-end=\"338\">20000 d\u016bm\u0173 vienkartinis garintuvas<\/strong><\/a> sukurtas jauniems Europos vyrams, ie\u0161kantiems didel\u0117s talpos garinimo. Su 35 ml e-skys\u010dio talpa ir 5% nikotino druska, \u0161is vienkartinis prietaisas u\u017etikrina \u0161veln\u0173, sodr\u0173 skon\u012f ir tir\u0161tus garus nuo pirmo iki paskutinio p\u016btelio. Maitinamas 850 mAh \u012fkraunama baterija, didmenin\u0117 kaina <strong data-start=\"604\" data-end=\"630\">Bang Box 20000 P\u016btim\u0173 <\/strong>u\u017etikrina ilgalaik\u012f veikim\u0105 ir be vargo naudojim\u0105 d\u0117l paprasto \u012fkv\u0117pimo aktyvinimo dizaino. Tai <strong data-start=\"732\" data-end=\"765\">didel\u0117s talpos vienkartinis garintuvas<\/strong> pa\u0161alina poreik\u012f pildyti ar da\u017enai \u012fkrauti, tod\u0117l idealiai tinka kasdieniam naudojimui, kelion\u0117ms ar dideliems u\u017esakymams.<\/p>\n<p data-start=\"878\" data-end=\"1142\">Kompakti\u0161kas, ergonomi\u0161kas ir stilingas, didmeninis vapingas <strong data-start=\"915\" data-end=\"941\">Bang Vape Box 20K P\u016btim\u0173\u00a0<\/strong> sujungia patogum\u0105, na\u0161um\u0105 ir premium dizain\u0105. Siun\u010diamas tiesiai i\u0161 EU sand\u0117li\u0173, garantuoja greit\u0105 pristatym\u0105 ir patikim\u0105 kokyb\u0119, puikiai tinka vaperiams, kurie vertina tiek skon\u012f, tiek efektyvum\u0105.<\/p>\n<h6 style=\"text-align: left\"><\/h6>\n<h6>D\u0117l nuolaidos kainos susisiekite su Mandy per WhatsApp<a href=\"https:\/\/wa.me\/8618077105796\">+8618077105796<\/a><\/h6>\n<p><img decoding=\"async\" class=\"alignnone wp-image-2151\" src=\"http:\/\/vapebulkp.com\/wp-content\/uploads\/2024\/04\/Mandy-WhatsApp-Randm.jpg\" alt=\"Mandy WhatsApp Atsitiktinis\" width=\"287\" height=\"305\" srcset=\"https:\/\/vapebulkp.com\/wp-content\/uploads\/2024\/04\/Mandy-WhatsApp-Randm.jpg 916w, https:\/\/vapebulkp.com\/wp-content\/uploads\/2024\/04\/Mandy-WhatsApp-Randm-282x300.jpg 282w, https:\/\/vapebulkp.com\/wp-content\/uploads\/2024\/04\/Mandy-WhatsApp-Randm-768x817.jpg 768w, https:\/\/vapebulkp.com\/wp-content\/uploads\/2024\/04\/Mandy-WhatsApp-Randm-600x638.jpg 600w\" sizes=\"(max-width: 287px) 100vw, 287px\" \/><\/p>\n<h5>Man\u0117te, kad jums patiks su\u017einoti apie Bang Box 20000 P\u016btim\u0173 Vape Rinkinius:<\/h5>\n<h5>1. Kaip Tinkamai Naudoti Bang Box 20000 P\u016btim\u0173 Vape Prikaupimo \u012erengin\u012f: \u017dingsnis po \u017dingsnio Vadovas Pradedantiesiems?<\/h5>\n<p>1 \u017eingsnis. Prie\u0161 naudodami 20 t\u016bkstan\u010di\u0173 p\u016btim\u0173, atjunkite plastikin\u012f vamzdel\u012f.<\/p>\n<p>2 \u017eingsnis. Palaukite apie 3 minutes, kol sultys pateks \u012f rit\u0119 viduje.<\/p>\n<p>3 \u017eingsnis. M\u0117gaukit\u0117s<\/p>\n<h5>2. Kaip \u012ekrauti Bang Box 20000 P\u016btim\u0173 Vienkartin\u012f Vape \u012erengin\u012f: I\u0161samus Vadovas<\/h5>\n<p>Negalima naudoti greitojo \u012fkrovimo krovikli\u0173, o standartin\u0117 saugi vienkartini\u0173 elektronini\u0173 cigare\u010di\u0173 galia yra 5V 1A.<\/p>\n<p>Kiekvienas \u012fkrovimo laikas negali vir\u0161yti 1 valandos, o saugus \u012fkrovimo laikas yra pusvalandis.<\/p>\n<p><span style=\"color: #ff6600\">Pastaba: negalima \u012fkrauti vis\u0105 nakt\u012f!<\/span><\/p>\n<h5>3. Kokia yra Bang Box 20000 P\u016btim\u0173 Vape E-skys\u010dio Talpa?<\/h5>\n<p>Bang Box 20000 P\u016btim\u0173 Vape pasi\u017eymi \u012fsp\u016bdinga e-skys\u010dio talpa, kurioje telpa dosn\u016bs 35 ml.<\/p>\n<h5>4. Kiek P\u016btim\u0173 Galiu Gauti i\u0161 Bang Vape 20000 P\u016btim\u0173?<\/h5>\n<p>\u2014\u201320000 P\u016btim\u0173<\/p>\n<h5>Bang Box 20000 P\u016btim\u0173 Vienkartin\u0117s Vape Pod Savyb\u0117s:<\/h5>\n<p>IKI 20000 p\u016btim\u0173<br \/>\nSkystis: 35 ml e skys\u010dio<br \/>\nNic: 0% 2% 3% 5%<br \/>\nTipai: Vienkartinis<br \/>\n850mAh baterija<br \/>\nC tipo \u012fkraunamas<br \/>\n0.8 tinklelio rit\u0117<br \/>\nLED spalvota \u0161viesa<\/p>\n<p>&nbsp;<\/p>\n<h5><strong>Kokie yra geriausi \u201eVape Bang Box 20000 Puffs\u201c vienkartini\u0173 gar\u0173 skoniai?<\/strong><\/h5>\n<p>1. Bra\u0161ki\u0173 kivi<br \/>\n2. Kivi\u0173 pasifloros gvajava<br \/>\n3. Bra\u0161ki\u0173 arb\u016bzas<br \/>\n4. Avie\u010di\u0173 arb\u016bzas<br \/>\n5. M\u0117lyni\u0173 r\u016bg\u0161\u010di\u0173 avie\u010di\u0173 ledas<br \/>\n6. Arb\u016bz\u0173 ledas<br \/>\n7. Banan\u0173 ledas<br \/>\n8. Mang\u0173 persikai<br \/>\n9. M\u0117lyn\u0173j\u0173 avie\u010di\u0173 ledas<br \/>\n10. Mr m\u0117lynas<br \/>\n11. Vynuogi\u0173 ledas<br \/>\n12. Mangas su ledu<\/p>\n<p><a href=\"https:\/\/vapebulkp.com\/lt\/product\/popular-randm-tornado-7000puffs-disposable-vape-best-price\/\"><span style=\"vertical-align: inherit\">RandM Tornado 7000 \u012ftraukim\u0173 <\/span><\/a><\/p>\n<p><span style=\"vertical-align: inherit\">Raskite daugiau produkt\u0173, kurie jums gali patikti:<\/span><em><a href=\"https:\/\/wa.me\/8618077105796\"><span style=\"vertical-align: inherit\">\u00a0Pirkti dabar<\/span><\/a><\/em><\/p>\n<p><span style=\"vertical-align: inherit\">Kiti \u012ftraukimai, kurie jums gali patikti:<\/span><a href=\"https:\/\/vapebulkp.com\/lt\/product\/joymy-ultra15000puffs-best-disposable-vape-2023\/\"><span style=\"vertical-align: inherit\">JOYMY 15000 Puffs<\/span><\/a><span style=\"vertical-align: inherit\">\u3001<\/span><a href=\"https:\/\/vapebulkp.com\/lt\/product\/wholesale-randm-tornado-9000-puffs-germany\/\"><span style=\"vertical-align: inherit\">RandM 9000 d\u016bm\u0173<\/span><\/a><span style=\"vertical-align: inherit\">\/ <\/span><a href=\"https:\/\/vapebulkp.com\/lt\/product\/bang-king-12000puffs\/\"><span style=\"vertical-align: inherit\">Bang King 12000 \u012ftraukim\u0173<\/span><\/a><span style=\"vertical-align: inherit\">\/ <\/span><a href=\"https:\/\/vapebulkp.com\/lt\/product\/wholesale-tornado-rum-bar-9000-puffs-sweden\/\"><span style=\"vertical-align: inherit\">Rumbar 9000 Puffs<\/span><\/a><\/p>\n<p><span style=\"vertical-align: inherit\">Ypatingos formos elektronini\u0173 cigare\u010di\u0173 buteliukas:<\/span><a href=\"https:\/\/vapebulkp.com\/lt\/product\/wholesale-kulx-8000-puffs-disposable-vape\/\"><span style=\"vertical-align: inherit\">\u00a0Kulx 8000 R\u016bkymai<\/span><\/a><span style=\"vertical-align: inherit\">\/ <\/span><a href=\"https:\/\/vapebulkp.com\/lt\/product\/popular-bang-king-10000-puffs-vape-good-price\/\"><span style=\"vertical-align: inherit\">\u00a0Bang King 10000 R\u016bkymai <\/span><\/a><span style=\"vertical-align: inherit\">\/<\/span><a href=\"https:\/\/vapebulkp.com\/lt\/product\/disposable-vape-crystal-600-puffs\/\"><span style=\"vertical-align: inherit\"> \u201eCrystal 600 Puffs\u201c<\/span><\/a><\/p>\n<h5>Gamybos kvalifikacija:<\/h5>\n<p><img decoding=\"async\" class=\"alignnone size-full wp-image-1841\" src=\"http:\/\/vapebulkp.com\/wp-content\/uploads\/2023\/11\/Vape-production-process-2.jpeg\" alt=\"\u201eVape\u201c gamybos procesas\" width=\"650\" height=\"434\" srcset=\"https:\/\/vapebulkp.com\/wp-content\/uploads\/2023\/11\/Vape-production-process-2.jpeg 650w, https:\/\/vapebulkp.com\/wp-content\/uploads\/2023\/11\/Vape-production-process-2-300x200.jpeg 300w, https:\/\/vapebulkp.com\/wp-content\/uploads\/2023\/11\/Vape-production-process-2-600x401.jpeg 600w\" sizes=\"(max-width: 650px) 100vw, 650px\" \/><\/p>\n<p><img decoding=\"async\" class=\"alignnone size-full wp-image-1843\" src=\"http:\/\/vapebulkp.com\/wp-content\/uploads\/2023\/11\/Vape-production-process.jpeg\" alt=\"\u201eVape\u201c gamybos procesas\" width=\"641\" height=\"1026\" srcset=\"https:\/\/vapebulkp.com\/wp-content\/uploads\/2023\/11\/Vape-production-process.jpeg 641w, https:\/\/vapebulkp.com\/wp-content\/uploads\/2023\/11\/Vape-production-process-187x300.jpeg 187w, https:\/\/vapebulkp.com\/wp-content\/uploads\/2023\/11\/Vape-production-process-640x1024.jpeg 640w, https:\/\/vapebulkp.com\/wp-content\/uploads\/2023\/11\/Vape-production-process-600x960.jpeg 600w\" sizes=\"(max-width: 641px) 100vw, 641px\" \/><\/p>\n<h5>DUK:<\/h5>\n<p>K: Koks yra \u201eBang Box 20k puff\u201c minimalus u\u017esakymo kiekis?<br \/>\nA: Minimalus u\u017esakymas yra 50 vnt.<br \/>\nK: Koks yra u\u017esakyto garintuvo pristatymo laikas?<br \/>\nA: \u012eprastai 10\u201315 dien\u0173 po i\u0161siuntimo<br \/>\nK: Kiek kainuoja pristatymas? A: Pristatymo kaina priklauso nuo svorio. Skirtingi kiekiai turi skirtingas pristatymo kainas, susisiekite su mumis, kad patvirtintum\u0117te pristatymo kain\u0105.<\/p>\n<h4>Pristatymo detal\u0117s:<\/h4>\n<p><span style=\"color: #ff6600\">Gamybos laikas: 5-10 darbo dien\u0173<\/span><br \/>\n<span style=\"color: #ff6600\">Pristatymo laikas: 8-14 darbo dien\u0173<\/span><\/p>\n<p>Visi m\u016bs\u0173 parduotuv\u0117s produktai yra 100% original\u016bs ir autenti\u0161ki, tod\u0117l m\u016bs\u0173 parduotuv\u0117s politika yra de\u0161imteriopa kompensacija u\u017e padirbtas prekes. Prek\u0117ms pristatyti naudojame tokius logistikos kanalus kaip UPS\/DHL\/FEDEX\/DPD.<\/p>\n<p>Pristatymas \u012f Lietuvos \u0161alis paprastai trunka 10 darbo dien\u0173. Pristatymas \u012f Europos \u0161alis paprastai u\u017etrunka nuo 12 iki 15 darbo dien\u0173. Logistikos informacij\u0105 atnaujinsime realiuoju laiku.<\/p>","protected":false},"excerpt":{"rendered":"<p>Bang Box 20000 P\u016btim\u0173 Didel\u0117s Talpos Vapingas<\/p>\n<p>Ilgaam\u017eis Vienkartinis Vapingas Bang Box 20000 P\u016btim\u0173<\/p>\n<p>\u012ekraunamas Vienkartinis Vapingas<\/p>\n<p><img decoding=\"async\" class=\"alignnone wp-image-2151\" src=\"http:\/\/vapebulkp.com\/wp-content\/uploads\/2024\/04\/Mandy-WhatsApp-Randm.jpg\" alt=\"Mandy WhatsApp Atsitiktinis\" width=\"234\" height=\"249\" srcset=\"https:\/\/vapebulkp.com\/wp-content\/uploads\/2024\/04\/Mandy-WhatsApp-Randm.jpg 916w, https:\/\/vapebulkp.com\/wp-content\/uploads\/2024\/04\/Mandy-WhatsApp-Randm-282x300.jpg 282w, https:\/\/vapebulkp.com\/wp-content\/uploads\/2024\/04\/Mandy-WhatsApp-Randm-768x817.jpg 768w, https:\/\/vapebulkp.com\/wp-content\/uploads\/2024\/04\/Mandy-WhatsApp-Randm-600x638.jpg 600w\" sizes=\"(max-width: 234px) 100vw, 234px\" \/><\/p>\n<p>D\u0117l nuolaidos kainos susisiekite su Mandy per WhatsApp<a href=\"https:\/\/wa.me\/8618077105796\">+8618077105796<\/a><\/p>\n<p><span style=\"color: #ff0000\">PASTABA: Kainos m\u016bs\u0173 svetain\u0117je neapima siuntimo i\u0161laid\u0173<\/span><\/p>\n<p>&nbsp;<\/p>","protected":false},"featured_media":2917,"comment_status":"open","ping_status":"closed","template":"","meta":{"_uag_custom_page_level_css":"","_lmt_disableupdate":"no","_lmt_disable":"","site-sidebar-layout":"default","site-content-layout":"content-boxed-container","ast-site-content-layout":"normal-width-container","site-content-style":"boxed","site-sidebar-style":"unboxed","ast-global-header-display":"","ast-banner-title-visibility":"","ast-main-header-display":"","ast-hfb-above-header-display":"","ast-hfb-below-header-display":"","ast-hfb-mobile-header-display":"","site-post-title":"","ast-breadcrumbs-content":"","ast-featured-img":"","footer-sml-layout":"","theme-transparent-header-meta":"default","adv-header-id-meta":"","stick-header-meta":"","header-above-stick-meta":"","header-main-stick-meta":"","header-below-stick-meta":"","astra-migrate-meta-layouts":"set","_joinchat":[]},"product_cat":[162,153,345,155,33,59,100,34,158,157,154,152,58,84,156,63,32],"product_tag":[109,36,37,41,40],"class_list":["post-2920","product","type-product","status-publish","has-post-thumbnail","hentry","product_cat-20000-puffs-disposable-vape","product_cat-hot-disposable-vapes","product_cat-bang-vapes","product_cat-belgium-hot-disposable-vapes","product_cat-france-vape-hot-sale","product_cat-germany-hot-disposable-vape","product_cat-germany-wholesale-vape-shop","product_cat-netherlands-vape-good-sale","product_cat-norway-hot-disposable-vapes","product_cat-poland-hot-disposable-vapes","product_cat-portugal-hot-disposable-vapes","product_cat-spain-hot-disposable-vapes","product_cat-sweden-hot-disposable-vape","product_cat-sweden-wholesale-vape","product_cat-switzerland-hot-disposable-vapes","product_cat-top-sale-disposable-vape","product_cat-vape-hot-sale-this-week","product_tag-20000-puffs","product_tag-good-vape","product_tag-hot-sale-disposable-vape","product_tag-poland-hot-vape","product_tag-sweden-hot-vape","pa_brand-bang-vape","desktop-align-left","tablet-align-left","mobile-align-left"],"yoast_head":"<!-- This site is optimized with the Yoast SEO plugin v21.1 - https:\/\/yoast.com\/wordpress\/plugins\/seo\/ -->\n<title>Original Bang Vape Box 20K Puff Disposable Vape - vapebulkp.com<\/title>\n<meta name=\"description\" content=\"Get the Bang Vape Box 20K Puff Vape Wholesale, a high-capacity 20000 Puffs Disposable Vape with smooth flavor and long-lasting battery. Order from EU warehouses now!\" \/>\n<meta name=\"robots\" content=\"index, follow, max-snippet:-1, max-image-preview:large, max-video-preview:-1\" \/>\n<link rel=\"canonical\" href=\"https:\/\/vapebulkp.com\/lt\/product\/original-bang-vape-box-20k-puff-disposable-vape\/\" \/>\n<meta property=\"og:locale\" content=\"lt_LT\" \/>\n<meta property=\"og:type\" content=\"article\" \/>\n<meta property=\"og:title\" content=\"Original Bang Vape Box 20K Puff Disposable Vape - vapebulkp.com\" \/>\n<meta property=\"og:description\" content=\"Get the Bang Vape Box 20K Puff Vape Wholesale, a high-capacity 20000 Puffs Disposable Vape with smooth flavor and long-lasting battery. Order from EU warehouses now!\" \/>\n<meta property=\"og:url\" content=\"https:\/\/vapebulkp.com\/lt\/product\/original-bang-vape-box-20k-puff-disposable-vape\/\" \/>\n<meta property=\"og:site_name\" content=\"vapebulkp.com\" \/>\n<meta property=\"article:modified_time\" content=\"2025-09-24T03:18:03+00:00\" \/>\n<meta property=\"og:image\" content=\"http:\/\/vapebulkp.com\/wp-content\/uploads\/2024\/09\/Bang-Box-20k-Puff-Randm-Tornado-20k-VAPE.png\" \/>\n\t<meta property=\"og:image:width\" content=\"1277\" \/>\n\t<meta property=\"og:image:height\" content=\"1276\" \/>\n\t<meta property=\"og:image:type\" content=\"image\/png\" \/>\n<meta name=\"twitter:card\" content=\"summary_large_image\" \/>\n<meta name=\"twitter:label1\" content=\"Est. reading time\" \/>\n\t<meta name=\"twitter:data1\" content=\"4 minut\u0117s\" \/>\n<script type=\"application\/ld+json\" class=\"yoast-schema-graph\">{\"@context\":\"https:\/\/schema.org\",\"@graph\":[{\"@type\":\"WebPage\",\"@id\":\"https:\/\/vapebulkp.com\/product\/original-bang-vape-box-20k-puff-disposable-vape\/\",\"url\":\"https:\/\/vapebulkp.com\/product\/original-bang-vape-box-20k-puff-disposable-vape\/\",\"name\":\"Original Bang Vape Box 20K Puff Disposable Vape - vapebulkp.com\",\"isPartOf\":{\"@id\":\"https:\/\/vapebulkp.com\/#website\"},\"datePublished\":\"2024-09-21T08:54:07+00:00\",\"dateModified\":\"2025-09-24T03:18:03+00:00\",\"description\":\"Get the Bang Vape Box 20K Puff Vape Wholesale, a high-capacity 20000 Puffs Disposable Vape with smooth flavor and long-lasting battery. Order from EU warehouses now!\",\"breadcrumb\":{\"@id\":\"https:\/\/vapebulkp.com\/product\/original-bang-vape-box-20k-puff-disposable-vape\/#breadcrumb\"},\"inLanguage\":\"lt-LT\",\"potentialAction\":[{\"@type\":\"ReadAction\",\"target\":[\"https:\/\/vapebulkp.com\/product\/original-bang-vape-box-20k-puff-disposable-vape\/\"]}]},{\"@type\":\"BreadcrumbList\",\"@id\":\"https:\/\/vapebulkp.com\/product\/original-bang-vape-box-20k-puff-disposable-vape\/#breadcrumb\",\"itemListElement\":[{\"@type\":\"ListItem\",\"position\":1,\"name\":\"Home\",\"item\":\"https:\/\/vapebulkp.com\/\"},{\"@type\":\"ListItem\",\"position\":2,\"name\":\"Hot Trend Vapes\",\"item\":\"https:\/\/vapebulkp.com\/vape-shop\/\"},{\"@type\":\"ListItem\",\"position\":3,\"name\":\"Original Bang Vape Box 20K Puff Disposable Vape\"}]},{\"@type\":\"WebSite\",\"@id\":\"https:\/\/vapebulkp.com\/#website\",\"url\":\"https:\/\/vapebulkp.com\/\",\"name\":\"vapebulkp.com\",\"description\":\"Buy Vape In Cheap Bulk Price Near you\",\"publisher\":{\"@id\":\"https:\/\/vapebulkp.com\/#organization\"},\"potentialAction\":[{\"@type\":\"SearchAction\",\"target\":{\"@type\":\"EntryPoint\",\"urlTemplate\":\"https:\/\/vapebulkp.com\/?s={search_term_string}\"},\"query-input\":\"required name=search_term_string\"}],\"inLanguage\":\"lt-LT\"},{\"@type\":\"Organization\",\"@id\":\"https:\/\/vapebulkp.com\/#organization\",\"name\":\"vapebulkp.com\",\"url\":\"https:\/\/vapebulkp.com\/\",\"logo\":{\"@type\":\"ImageObject\",\"inLanguage\":\"lt-LT\",\"@id\":\"https:\/\/vapebulkp.com\/#\/schema\/logo\/image\/\",\"url\":\"https:\/\/vapebulkp.com\/wp-content\/uploads\/2023\/09\/cropped-vapebulkp.png\",\"contentUrl\":\"https:\/\/vapebulkp.com\/wp-content\/uploads\/2023\/09\/cropped-vapebulkp.png\",\"width\":516,\"height\":163,\"caption\":\"vapebulkp.com\"},\"image\":{\"@id\":\"https:\/\/vapebulkp.com\/#\/schema\/logo\/image\/\"}}]}<\/script>\n<!-- \/ Yoast SEO plugin. -->","yoast_head_json":{"title":"Original Bang Vape Box 20K Puff Disposable Vape - vapebulkp.com","description":"Get the Bang Vape Box 20K Puff Vape Wholesale, a high-capacity 20000 Puffs Disposable Vape with smooth flavor and long-lasting battery. Order from EU warehouses now!","robots":{"index":"index","follow":"follow","max-snippet":"max-snippet:-1","max-image-preview":"max-image-preview:large","max-video-preview":"max-video-preview:-1"},"canonical":"https:\/\/vapebulkp.com\/lt\/product\/original-bang-vape-box-20k-puff-disposable-vape\/","og_locale":"lt_LT","og_type":"article","og_title":"Original Bang Vape Box 20K Puff Disposable Vape - vapebulkp.com","og_description":"Get the Bang Vape Box 20K Puff Vape Wholesale, a high-capacity 20000 Puffs Disposable Vape with smooth flavor and long-lasting battery. Order from EU warehouses now!","og_url":"https:\/\/vapebulkp.com\/lt\/product\/original-bang-vape-box-20k-puff-disposable-vape\/","og_site_name":"vapebulkp.com","article_modified_time":"2025-09-24T03:18:03+00:00","og_image":[{"width":1277,"height":1276,"url":"http:\/\/vapebulkp.com\/wp-content\/uploads\/2024\/09\/Bang-Box-20k-Puff-Randm-Tornado-20k-VAPE.png","type":"image\/png"}],"twitter_card":"summary_large_image","twitter_misc":{"Est. reading time":"4 minut\u0117s"},"schema":{"@context":"https:\/\/schema.org","@graph":[{"@type":"WebPage","@id":"https:\/\/vapebulkp.com\/product\/original-bang-vape-box-20k-puff-disposable-vape\/","url":"https:\/\/vapebulkp.com\/product\/original-bang-vape-box-20k-puff-disposable-vape\/","name":"Original Bang Vape Box 20K Puff Disposable Vape - vapebulkp.com","isPartOf":{"@id":"https:\/\/vapebulkp.com\/#website"},"datePublished":"2024-09-21T08:54:07+00:00","dateModified":"2025-09-24T03:18:03+00:00","description":"Get the Bang Vape Box 20K Puff Vape Wholesale, a high-capacity 20000 Puffs Disposable Vape with smooth flavor and long-lasting battery. Order from EU warehouses now!","breadcrumb":{"@id":"https:\/\/vapebulkp.com\/product\/original-bang-vape-box-20k-puff-disposable-vape\/#breadcrumb"},"inLanguage":"lt-LT","potentialAction":[{"@type":"ReadAction","target":["https:\/\/vapebulkp.com\/product\/original-bang-vape-box-20k-puff-disposable-vape\/"]}]},{"@type":"BreadcrumbList","@id":"https:\/\/vapebulkp.com\/product\/original-bang-vape-box-20k-puff-disposable-vape\/#breadcrumb","itemListElement":[{"@type":"ListItem","position":1,"name":"Home","item":"https:\/\/vapebulkp.com\/"},{"@type":"ListItem","position":2,"name":"Hot Trend Vapes","item":"https:\/\/vapebulkp.com\/vape-shop\/"},{"@type":"ListItem","position":3,"name":"Original Bang Vape Box 20K Puff Disposable Vape"}]},{"@type":"WebSite","@id":"https:\/\/vapebulkp.com\/#website","url":"https:\/\/vapebulkp.com\/","name":"vapebulkp.com","description":"Buy Vape In Cheap Bulk Price Near you","publisher":{"@id":"https:\/\/vapebulkp.com\/#organization"},"potentialAction":[{"@type":"SearchAction","target":{"@type":"EntryPoint","urlTemplate":"https:\/\/vapebulkp.com\/?s={search_term_string}"},"query-input":"required name=search_term_string"}],"inLanguage":"lt-LT"},{"@type":"Organization","@id":"https:\/\/vapebulkp.com\/#organization","name":"vapebulkp.com","url":"https:\/\/vapebulkp.com\/","logo":{"@type":"ImageObject","inLanguage":"lt-LT","@id":"https:\/\/vapebulkp.com\/#\/schema\/logo\/image\/","url":"https:\/\/vapebulkp.com\/wp-content\/uploads\/2023\/09\/cropped-vapebulkp.png","contentUrl":"https:\/\/vapebulkp.com\/wp-content\/uploads\/2023\/09\/cropped-vapebulkp.png","width":516,"height":163,"caption":"vapebulkp.com"},"image":{"@id":"https:\/\/vapebulkp.com\/#\/schema\/logo\/image\/"}}]}},"uagb_featured_image_src":{"full":["https:\/\/vapebulkp.com\/wp-content\/uploads\/2024\/09\/Bang-Box-20k-Puff-Randm-Tornado-20k-VAPE.png",1277,1276,false],"thumbnail":["https:\/\/vapebulkp.com\/wp-content\/uploads\/2024\/09\/Bang-Box-20k-Puff-Randm-Tornado-20k-VAPE-150x150.png",150,150,true],"medium":["https:\/\/vapebulkp.com\/wp-content\/uploads\/2024\/09\/Bang-Box-20k-Puff-Randm-Tornado-20k-VAPE-300x300.png",300,300,true],"medium_large":["https:\/\/vapebulkp.com\/wp-content\/uploads\/2024\/09\/Bang-Box-20k-Puff-Randm-Tornado-20k-VAPE-768x767.png",768,767,true],"large":["https:\/\/vapebulkp.com\/wp-content\/uploads\/2024\/09\/Bang-Box-20k-Puff-Randm-Tornado-20k-VAPE-1024x1024.png",1024,1024,true],"1536x1536":["https:\/\/vapebulkp.com\/wp-content\/uploads\/2024\/09\/Bang-Box-20k-Puff-Randm-Tornado-20k-VAPE.png",1277,1276,false],"2048x2048":["https:\/\/vapebulkp.com\/wp-content\/uploads\/2024\/09\/Bang-Box-20k-Puff-Randm-Tornado-20k-VAPE.png",1277,1276,false],"trp-custom-language-flag":["https:\/\/vapebulkp.com\/wp-content\/uploads\/2024\/09\/Bang-Box-20k-Puff-Randm-Tornado-20k-VAPE.png",12,12,false],"woocommerce_thumbnail":["https:\/\/vapebulkp.com\/wp-content\/uploads\/2024\/09\/Bang-Box-20k-Puff-Randm-Tornado-20k-VAPE-300x300.png",300,300,true],"woocommerce_single":["https:\/\/vapebulkp.com\/wp-content\/uploads\/2024\/09\/Bang-Box-20k-Puff-Randm-Tornado-20k-VAPE-600x600.png",600,600,true],"woocommerce_gallery_thumbnail":["https:\/\/vapebulkp.com\/wp-content\/uploads\/2024\/09\/Bang-Box-20k-Puff-Randm-Tornado-20k-VAPE-100x100.png",100,100,true],"wcpr-photo-reviews":["https:\/\/vapebulkp.com\/wp-content\/uploads\/2024\/09\/Bang-Box-20k-Puff-Randm-Tornado-20k-VAPE.png",500,500,false]},"uagb_author_info":{"display_name":"Mandy vape bulk price","author_link":"https:\/\/vapebulkp.com\/lt\/author\/"},"uagb_comment_info":0,"uagb_excerpt":"Bang Box 20000 Puffs High-capacity vape Extended-use disposable vape\u00a0 Bang Box 20000 Puffs Rechargeable disposable vape Pls Contact Mandy's WhatsApp For Discount Price+8618077105796 NOTE: Prices on our website does not include shipping costs &nbsp;","_links":{"self":[{"href":"https:\/\/vapebulkp.com\/lt\/wp-json\/wp\/v2\/product\/2920","targetHints":{"allow":["GET"]}}],"collection":[{"href":"https:\/\/vapebulkp.com\/lt\/wp-json\/wp\/v2\/product"}],"about":[{"href":"https:\/\/vapebulkp.com\/lt\/wp-json\/wp\/v2\/types\/product"}],"replies":[{"embeddable":true,"href":"https:\/\/vapebulkp.com\/lt\/wp-json\/wp\/v2\/comments?post=2920"}],"wp:featuredmedia":[{"embeddable":true,"href":"https:\/\/vapebulkp.com\/lt\/wp-json\/wp\/v2\/media\/2917"}],"wp:attachment":[{"href":"https:\/\/vapebulkp.com\/lt\/wp-json\/wp\/v2\/media?parent=2920"}],"wp:term":[{"taxonomy":"product_cat","embeddable":true,"href":"https:\/\/vapebulkp.com\/lt\/wp-json\/wp\/v2\/product_cat?post=2920"},{"taxonomy":"product_tag","embeddable":true,"href":"https:\/\/vapebulkp.com\/lt\/wp-json\/wp\/v2\/product_tag?post=2920"}],"curies":[{"name":"wp","href":"https:\/\/api.w.org\/{rel}","templated":true}]}}