{"id":2927,"date":"2024-09-24T10:27:32","date_gmt":"2024-09-24T08:27:32","guid":{"rendered":"https:\/\/vapebulkp.com\/?post_type=product&#038;p=2927"},"modified":"2025-09-24T05:16:28","modified_gmt":"2025-09-24T03:16:28","slug":"waspe-tornado-vape-30k-puffs-fihp-best-long-lasting-vape","status":"publish","type":"product","link":"https:\/\/vapebulkp.com\/lt\/produktas\/waspe-tornado-vape-30k-puffs-fihp-best-long-lasting-vape\/","title":{"rendered":"WASPE Tornado Vape 30k Puffs FIHP Geriausiai ilgai veikiantis garintuvas"},"content":{"rendered":"<h1 style=\"text-align: left\">WASPE Tornado Vape 30k Puffs FIHP geriausias ilgai veikiantis garintuvas<\/h1>\n<p data-start=\"205\" data-end=\"513\">Tas <strong data-start=\"209\" data-end=\"241\">WASPE Tornado Vape 30k d\u016b\u017ei\u0173<\/strong> yra didelio na\u0161umo <a href=\"https:\/\/vapebulkp.com\/lt\/produkto-kategorija\/30000-puff-disposable-vape\/\"><strong data-start=\"264\" data-end=\"295\">30000 Puffs vienkartinis garintuvas<\/strong> <\/a>sukurtas Europos jauniems vyrams. Tur\u0117damas du galios re\u017eimus \u2013 12W Normalus ir 25W Turbo \u2013 jis tiekia skland\u0173, tank\u0173 gar\u0105 ir pritaikom\u0105 intensyvum\u0105 kiekvienam \u012fkv\u0117pimui, tod\u0117l yra geriausias pasirinkimas <strong data-start=\"479\" data-end=\"510\">auk\u0161\u010diausios kokyb\u0117s nikotino druskos garintuvai<\/strong>.<\/p>\n<p data-start=\"515\" data-end=\"1001\">\u012erengtas su pa\u017eangia <strong data-start=\"538\" data-end=\"567\">dvigubos tinklelio rit\u0117s technologij\u0105<\/strong>, 28 ml <strong data-start=\"576\" data-end=\"601\">auk\u0161\u010diausios kokyb\u0117s elektroninio skys\u010dio talpa<\/strong>ir 850 mAh <strong data-start=\"617\" data-end=\"646\">\u012fkraunamas garintuvo akumuliatorius<\/strong> su C tipo greituoju \u012fkrovimu, jis suteikia <strong data-start=\"686\" data-end=\"709\">ilgalaik\u012f skon\u012f<\/strong> ir nepertraukiam\u0105 garinim\u0105. Su 5% nikotino druska, jis suteikia stipr\u0173 gerkl\u0117s sm\u016bg\u012f, i\u0161laikydamas sodrius, nuoseklius debesis. Kompakti\u0161kas, stilingas ir patikimas, <strong data-start=\"868\" data-end=\"900\">WASPE Tornado Vape 30k d\u016b\u017ei\u0173<\/strong> yra idealus kaip <strong data-start=\"915\" data-end=\"948\">didel\u0117s talpos vienkartinis garintuvas<\/strong> kasdieniam naudojimui, kelion\u0117ms ar <a href=\"https:\/\/vapebulkp.com\/lt\/ot-disposable-vapes-europe\/\"><strong>garintuv\u0173 didmeniniams u\u017esakymams Lietuvoje<\/strong><\/a>.<\/p>\n<p><img decoding=\"async\" class=\"alignnone wp-image-2923\" src=\"http:\/\/vapebulkp.com\/wp-content\/uploads\/2024\/09\/FIHP-WASPE-30000-Puff-Tornado-Vape.jpg\" alt=\"FIHP WASPE 30000 P\u016bst\u0173 Tornado Vape\" width=\"607\" height=\"597\" srcset=\"https:\/\/vapebulkp.com\/wp-content\/uploads\/2024\/09\/FIHP-WASPE-30000-Puff-Tornado-Vape.jpg 929w, https:\/\/vapebulkp.com\/wp-content\/uploads\/2024\/09\/FIHP-WASPE-30000-Puff-Tornado-Vape-300x295.jpg 300w, https:\/\/vapebulkp.com\/wp-content\/uploads\/2024\/09\/FIHP-WASPE-30000-Puff-Tornado-Vape-768x756.jpg 768w, https:\/\/vapebulkp.com\/wp-content\/uploads\/2024\/09\/FIHP-WASPE-30000-Puff-Tornado-Vape-600x590.jpg 600w\" sizes=\"(max-width: 607px) 100vw, 607px\" \/><\/p>\n<h6>D\u0117l nuolaidos kainos susisiekite su Mandy per WhatsApp<a href=\"https:\/\/wa.me\/8618077105796\">+8618077105796<\/a><\/h6>\n<p><img decoding=\"async\" class=\"alignnone wp-image-2151\" src=\"http:\/\/vapebulkp.com\/wp-content\/uploads\/2024\/04\/Mandy-WhatsApp-Randm.jpg\" alt=\"Mandy WhatsApp Atsitiktinis\" width=\"324\" height=\"330\" \/><\/p>\n<h2>Man\u0117me, kad jums b\u016bt\u0173 naudinga su\u017einoti apie WASPE FIHP 30k P\u016bstel\u0117jim\u0173 \u012fkraunam\u0105 vienkartin\u012f garintuv\u0105\uff1a<\/h2>\n<p>&nbsp;<\/p>\n<h5>1.Kiek ilgai veikia WASPE FIHP Vape 30k Puffs akumuliatorius?<\/h5>\n<p>WASPE FIHP Vape yra maitinamas <strong>850 mAh \u012fkraunam\u0105 baterij\u0105<\/strong>. Su dviem galios re\u017eimais (12W Normalus re\u017eimas 30 000 \u012fkv\u0117pim\u0173 ir 25W Turbo re\u017eimas 15 000 \u012fkv\u0117pim\u0173), akumuliatorius skirtas veikti per daugel\u012f sesij\u0173, suteikiant be r\u016bpes\u010di\u0173 patirt\u012f.<\/p>\n<h5>2.Ar WASPE FIHP Vape 30k Puffs lengva \u012fkrauti ir kiek laiko u\u017etrunka visi\u0161kas \u012fkrovimas?<\/h5>\n<p>Taip, prietaise yra <strong>Type-C \u012fkrovimo prievadas<\/strong> greitam ir patogiam \u012fkrovimui. Paprastai reikia ma\u017edaug <strong>1-2 valand\u0173<\/strong> visi\u0161kai \u012fkrauti 850 mAh baterij\u0105, leid\u017eian\u010di\u0105 nuolat garinti su minimaliu prastovos laiku.<\/p>\n<p><span style=\"color: #ff6600\">Pastaba: negalima \u012fkrauti vis\u0105 nakt\u012f!<\/span><\/p>\n<h5>3.Kok\u012f nikotino stiprum\u0105 si\u016blo WASPE FIHP Vape 30k Puffs?<\/h5>\n<p>WASPE FIHP Vape tiekiamas su <strong>2%,<\/strong> <strong>5% nikotino stiprumas<\/strong>, suteikdamas malon\u0173 gerkl\u0117s d\u016bm\u0105 patyrusiems garintojams, tod\u0117l yra populiarus tarp klient\u0173 tokiose \u0161alyse kaip <strong>Lietuvoje<\/strong> ir <strong>Lietuva<\/strong>, kur da\u017enai paklaus\u016bs stipresni nikotino produktai.<\/p>\n<h5>4.Ar WASPE Vape FIHP 30k Puffs atitinka Europos TPD taisykles?<\/h5>\n<p>WASPE FIHP Vape atitinka <strong>Europos TPD (Tabako gamini\u0173 direktyvos)<\/strong> taisykles, si\u016blydamas <strong>2%<\/strong> ,<strong>5% nikotino stiprumas<\/strong> kuris atitinka teisinius reikalavimus \u0161alyse, kuriose leid\u017eiamos tokios koncentracijos. Prie\u0161 pirkdami \u012fsitikinkite, kad laikot\u0117s konkre\u010di\u0173 taisykli\u0173 savo \u0161alyje.<\/p>\n<h5>5. Kuo WASPE FIHP Vape 30k Puff skiriasi nuo kit\u0173 rinkoje esan\u010di\u0173 vienkartini\u0173 garintuv\u0173?<\/h5>\n<p>WASPE FIHP Vape 30k Puffs i\u0161siskiria savo <strong>dvigubos galios re\u017eimo parinktimis<\/strong>, <strong>didele e-skys\u010dio talpa<\/strong>ir <strong>skland\u017eiu gar\u0173 tiekimu<\/strong> per dvigubas tinklelio rites. Jis si\u016blo daugiau p\u016btim\u0173, palyginti su standartiniais vienkartiniais garintuvais, ir suteikia vartotojams lankstumo pasirinkti tarp ilgesni\u0173 ar intensyvi\u0173 garinimo seans\u0173.<\/p>\n<p>&nbsp;<\/p>\n<h3>Traukimu aktyvuojamas garintuvas WASPE FIHP 30000 Puffs savyb\u0117s:<\/h3>\n<p>&nbsp;<\/p>\n<ul>\n<li>E-skys\u010dio talpa: 28 ml i\u0161 anksto u\u017epildyta e-skys\u010dio kaset\u0117<\/li>\n<li>Nikotino stiprumas: 2\/5%Nikotino druska<\/li>\n<li>\u012ekroviklis <strong>:\u00a0<\/strong>C tipo<\/li>\n<li>Baterija: maitinama <strong>850 mAh \u012fkraunam\u0105 baterij\u0105<\/strong>, u\u017etikrinanti ilgesn\u012f naudojim\u0105 ir patikim\u0105 veikim\u0105.<\/li>\n<li>I\u0161p\u016btim\u0173 skai\u010dius: Suteikia iki <strong>30 000 \u012fkv\u0117pim\u0173<\/strong> \u012fprastu re\u017eimu ir <strong>15 000 \u012ftraukim\u0173<\/strong> turbo re\u017eimu.<\/li>\n<li>Pa\u017eangi technologija: \u012erengta <strong>dvigubo tinklelio rit\u0117s technologija<\/strong>, u\u017etikrinanti skland\u0173 ir nuosekl\u0173 gar\u0173 gamyb\u0105 su kiekvienu i\u0161p\u016btimu.<\/li>\n<\/ul>\n<h3><strong>Ilgai veikiantis vape \"WASPE FIHP 30k Puffs\" skoni\u0173 s\u0105ra\u0161as:<\/strong><\/h3>\n<ol>\n<li><strong>Bra\u0161ki\u0173 Mangas<\/strong><\/li>\n<li><strong>Mi\u0161rios uogos<\/strong><\/li>\n<li><strong>Arb\u016bz\u0173 ledas<\/strong><\/li>\n<li><strong>Bra\u0161ki\u0173 arb\u016bzas<\/strong><\/li>\n<li><strong>Bra\u0161ki\u0173 su Red Bull<\/strong><\/li>\n<li><strong>Kivis, pasifloros ir gvajavos<\/strong><\/li>\n<li><strong>Vynuogi\u0173 ledas<\/strong><\/li>\n<li><strong>Dvigubas obuolys su ledu<\/strong><\/li>\n<li><strong>M\u0117lyni\u0173 aviet\u0117<\/strong><\/li>\n<li><strong>Arb\u016bzas, mangas su ledu<\/strong><\/li>\n<li><strong>\u0160aldytos m\u0117lyn\u0117s<\/strong><\/li>\n<li><strong>Persikas, uogos<\/strong><\/li>\n<li><strong>Bra\u0161ki\u0173 ir kivi\u0173<\/strong><\/li>\n<li><strong>Vy\u0161nia su ledu<\/strong><\/li>\n<li><strong>Bra\u0161k\u0117, Superburst vy\u0161nia<\/strong><\/li>\n<li><strong>Arb\u016bz\u0173 kramtomoji guma<\/strong><\/li>\n<\/ol>\n<p><a href=\"https:\/\/vapebulkp.com\/lt\/produktas\/popular-randm-tornado-7000puffs-disposable-vape-best-price\/\"><span style=\"vertical-align: inherit\">RandM Tornado 7000 \u012ftraukim\u0173 <\/span><\/a><\/p>\n<p><span style=\"vertical-align: inherit\">Raskite daugiau produkt\u0173, kurie jums gali patikti:<\/span><em><a href=\"https:\/\/wa.me\/8618077105796\"><span style=\"vertical-align: inherit\">\u00a0Pirkti dabar<\/span><\/a><\/em><\/p>\n<p><span style=\"vertical-align: inherit\">Kiti \u012ftraukimai, kurie jums gali patikti:<\/span><a href=\"https:\/\/vapebulkp.com\/lt\/produktas\/bang-with-a-vape-gear-20000-puffs-discount-price\/\"><span style=\"vertical-align: inherit\">Bang Gear Vape 20000 P\u016bpsni\u0173<\/span><\/a><span style=\"vertical-align: inherit\">\u3001<\/span><a href=\"https:\/\/vapebulkp.com\/lt\/produktas\/wholesale-randm-tornado-9000-puffs-germany\/\"><span style=\"vertical-align: inherit\">RandM 9000 d\u016bm\u0173<\/span><\/a><span style=\"vertical-align: inherit\">\/ <\/span><a href=\"https:\/\/vapebulkp.com\/lt\/produktas\/bang-king-12000puffs\/\"><span style=\"vertical-align: inherit\">Bang King 12000 \u012ftraukim\u0173<\/span><\/a><span style=\"vertical-align: inherit\">\/ <\/span><a href=\"https:\/\/vapebulkp.com\/lt\/produktas\/uzy-qute-800-puffs-original-disposable-vape\/\"><span style=\"vertical-align: inherit\">UZY QUTE 800 Puffs<\/span><\/a><\/p>\n<p><span style=\"vertical-align: inherit\">Ypatingos formos elektronini\u0173 cigare\u010di\u0173 buteliukas:<\/span><a href=\"https:\/\/vapebulkp.com\/lt\/produktas\/original-vape-bang-tn-12000-puffs-bang-vape\/\"><span style=\"vertical-align: inherit\"> Bang TN 12000 P\u016b\u010di\u0173<\/span><\/a><span style=\"vertical-align: inherit\">\/ <\/span><a href=\"https:\/\/vapebulkp.com\/lt\/fi\/produktas\/best-price-wga-crystal-pro-max-15k-puffs-original-vape\/\"><span style=\"vertical-align: inherit\">\u00a0WGA Crystal pro max 15k d\u016bm\u0173 <\/span><\/a><span style=\"vertical-align: inherit\">\/<\/span><a href=\"https:\/\/vapebulkp.com\/lt\/produktas\/bang-tornado-12000-puffs-rechargeable-disposable-pod\/\"><span style=\"vertical-align: inherit\"> Bang Tornado 12000 Puf\u0173<\/span><\/a><\/p>\n<h5>Gamybos kvalifikacija:<\/h5>\n<p><img decoding=\"async\" class=\"alignnone size-full wp-image-1841\" src=\"http:\/\/vapebulkp.com\/wp-content\/uploads\/2023\/11\/Vape-production-process-2.jpeg\" alt=\"\u201eVape\u201c gamybos procesas\" width=\"650\" height=\"434\" srcset=\"https:\/\/vapebulkp.com\/wp-content\/uploads\/2023\/11\/Vape-production-process-2.jpeg 650w, https:\/\/vapebulkp.com\/wp-content\/uploads\/2023\/11\/Vape-production-process-2-300x200.jpeg 300w, https:\/\/vapebulkp.com\/wp-content\/uploads\/2023\/11\/Vape-production-process-2-600x401.jpeg 600w\" sizes=\"(max-width: 650px) 100vw, 650px\" \/><\/p>\n<p><img decoding=\"async\" class=\"alignnone size-full wp-image-1843\" src=\"http:\/\/vapebulkp.com\/wp-content\/uploads\/2023\/11\/Vape-production-process.jpeg\" alt=\"\u201eVape\u201c gamybos procesas\" width=\"641\" height=\"1026\" srcset=\"https:\/\/vapebulkp.com\/wp-content\/uploads\/2023\/11\/Vape-production-process.jpeg 641w, https:\/\/vapebulkp.com\/wp-content\/uploads\/2023\/11\/Vape-production-process-187x300.jpeg 187w, https:\/\/vapebulkp.com\/wp-content\/uploads\/2023\/11\/Vape-production-process-640x1024.jpeg 640w, https:\/\/vapebulkp.com\/wp-content\/uploads\/2023\/11\/Vape-production-process-600x960.jpeg 600w\" sizes=\"(max-width: 641px) 100vw, 641px\" \/><\/p>\n<h5>DUK:<\/h5>\n<p>K: Koks yra didel\u0117s talpos WASPE Tornado Vape FIHP 30000 Puffs minimalus u\u017esakymo kiekis (MOQ)?<br \/>\nA: Minimalus u\u017esakymo kiekis yra 5 vnt.<br \/>\nK: Koks yra u\u017esakyto garintuvo pristatymo laikas?<br \/>\nA: \u012eprastai 10\u201315 dien\u0173 po i\u0161siuntimo<br \/>\nK: Kiek kainuoja pristatymas? A: Pristatymo kaina priklauso nuo svorio. Skirtingi kiekiai turi skirtingas pristatymo kainas, susisiekite su mumis, kad patvirtintum\u0117te pristatymo kain\u0105.<\/p>\n<h4>Pristatymo detal\u0117s:<\/h4>\n<p><span style=\"color: #ff6600\">Gamybos laikas: 5-10 darbo dien\u0173<\/span><br \/>\n<span style=\"color: #ff6600\">Pristatymo laikas: 8-14 darbo dien\u0173<\/span><\/p>\n<p>Visi m\u016bs\u0173 parduotuv\u0117s produktai yra 100% original\u016bs ir autenti\u0161ki, tod\u0117l m\u016bs\u0173 parduotuv\u0117s politika yra de\u0161imteriopa kompensacija u\u017e padirbtas prekes. Prek\u0117ms pristatyti naudojame tokius logistikos kanalus kaip UPS\/DHL\/FEDEX\/DPD.<\/p>\n<p>Pristatymas \u012f Lietuvos \u0161alis paprastai trunka 10 darbo dien\u0173. Pristatymas \u012f Europos \u0161alis paprastai u\u017etrunka nuo 12 iki 15 darbo dien\u0173. Logistikos informacij\u0105 atnaujinsime realiuoju laiku.<\/p>","protected":false},"excerpt":{"rendered":"<p>WASPE FIHP 30000 d\u016b\u017ei\u0173 geros skonio vienkartinis garintuvas \u2013 pirkimas urmu<\/p>\n<p>D\u0117l nuolaidos kainos susisiekite su Mandy per WhatsApp<a href=\"https:\/\/wa.me\/8618077105796\">+8618077105796<\/a><\/p>\n<p><img decoding=\"async\" class=\"alignnone wp-image-2151\" src=\"http:\/\/vapebulkp.com\/wp-content\/uploads\/2024\/04\/Mandy-WhatsApp-Randm.jpg\" alt=\"Mandy WhatsApp Atsitiktinis\" width=\"297\" height=\"316\" srcset=\"https:\/\/vapebulkp.com\/wp-content\/uploads\/2024\/04\/Mandy-WhatsApp-Randm.jpg 916w, https:\/\/vapebulkp.com\/wp-content\/uploads\/2024\/04\/Mandy-WhatsApp-Randm-282x300.jpg 282w, https:\/\/vapebulkp.com\/wp-content\/uploads\/2024\/04\/Mandy-WhatsApp-Randm-768x817.jpg 768w, https:\/\/vapebulkp.com\/wp-content\/uploads\/2024\/04\/Mandy-WhatsApp-Randm-600x638.jpg 600w\" sizes=\"(max-width: 297px) 100vw, 297px\" \/><\/p>\n<p><span style=\"color: #ff0000\">PASTABA: Kainos m\u016bs\u0173 svetain\u0117je neapima siuntimo i\u0161laid\u0173<\/span><\/p>\n<p>&nbsp;<\/p>","protected":false},"featured_media":2924,"comment_status":"open","ping_status":"closed","template":"","meta":{"_uag_custom_page_level_css":"","_lmt_disableupdate":"no","_lmt_disable":"","site-sidebar-layout":"default","site-content-layout":"content-boxed-container","ast-site-content-layout":"normal-width-container","site-content-style":"boxed","site-sidebar-style":"unboxed","ast-global-header-display":"","ast-banner-title-visibility":"","ast-main-header-display":"","ast-hfb-above-header-display":"","ast-hfb-below-header-display":"","ast-hfb-mobile-header-display":"","site-post-title":"","ast-breadcrumbs-content":"","ast-featured-img":"","footer-sml-layout":"","theme-transparent-header-meta":"default","adv-header-id-meta":"","stick-header-meta":"","header-above-stick-meta":"","header-main-stick-meta":"","header-below-stick-meta":"","astra-migrate-meta-layouts":"set","_joinchat":[]},"product_cat":[160,153,155,33,59,100,34,158,157,154,152,58,84,156,63,32,365],"product_tag":[139,36,37,41,40],"class_list":["post-2927","product","type-product","status-publish","has-post-thumbnail","hentry","product_cat-30000-puff-disposable-vape","product_cat-hot-disposable-vapes","product_cat-belgium-hot-disposable-vapes","product_cat-france-vape-hot-sale","product_cat-germany-hot-disposable-vape","product_cat-germany-wholesale-vape-shop","product_cat-netherlands-vape-good-sale","product_cat-norway-hot-disposable-vapes","product_cat-poland-hot-disposable-vapes","product_cat-portugal-hot-disposable-vapes","product_cat-spain-hot-disposable-vapes","product_cat-sweden-hot-disposable-vape","product_cat-sweden-wholesale-vape","product_cat-switzerland-hot-disposable-vapes","product_cat-top-sale-disposable-vape","product_cat-vape-hot-sale-this-week","product_cat-waspe-vape","product_tag-30k-puffs","product_tag-good-vape","product_tag-hot-sale-disposable-vape","product_tag-poland-hot-vape","product_tag-sweden-hot-vape","pa_brand-waspe-vape","desktop-align-left","tablet-align-left","mobile-align-left"],"yoast_head":"<!-- This site is optimized with the Yoast SEO plugin v21.1 - https:\/\/yoast.com\/wordpress\/plugins\/seo\/ -->\n<title>WASPE Tornado Vape 30k Puffs FIHP Best Long-Lasting Vape - vapebulkp.com<\/title>\n<meta name=\"description\" content=\"Buy the WASPE Tornado Vape 30k Puffs, a high-capacity 30000 Puffs Disposable Vape with dual mesh coils and fast rechargeable battery. EU shipping \u2014 order now!\" \/>\n<meta name=\"robots\" content=\"index, follow, max-snippet:-1, max-image-preview:large, max-video-preview:-1\" \/>\n<link rel=\"canonical\" href=\"https:\/\/vapebulkp.com\/lt\/produktas\/waspe-tornado-vape-30k-puffs-fihp-best-long-lasting-vape\/\" \/>\n<meta property=\"og:locale\" content=\"lt_LT\" \/>\n<meta property=\"og:type\" content=\"article\" \/>\n<meta property=\"og:title\" content=\"WASPE Tornado Vape 30k Puffs FIHP Best Long-Lasting Vape - vapebulkp.com\" \/>\n<meta property=\"og:description\" content=\"Buy the WASPE Tornado Vape 30k Puffs, a high-capacity 30000 Puffs Disposable Vape with dual mesh coils and fast rechargeable battery. EU shipping \u2014 order now!\" \/>\n<meta property=\"og:url\" content=\"https:\/\/vapebulkp.com\/lt\/produktas\/waspe-tornado-vape-30k-puffs-fihp-best-long-lasting-vape\/\" \/>\n<meta property=\"og:site_name\" content=\"vapebulkp.com\" \/>\n<meta property=\"article:modified_time\" content=\"2025-09-24T03:16:28+00:00\" \/>\n<meta property=\"og:image\" content=\"http:\/\/vapebulkp.com\/wp-content\/uploads\/2024\/09\/FIHP-WASPE-30000-Puff-Vape-Pen-Discount-Price-France.jpg\" \/>\n\t<meta property=\"og:image:width\" content=\"1276\" \/>\n\t<meta property=\"og:image:height\" content=\"1702\" \/>\n\t<meta property=\"og:image:type\" content=\"image\/jpeg\" \/>\n<meta name=\"twitter:card\" content=\"summary_large_image\" \/>\n<meta name=\"twitter:label1\" content=\"Est. reading time\" \/>\n\t<meta name=\"twitter:data1\" content=\"5 minut\u0117s\" \/>\n<script type=\"application\/ld+json\" class=\"yoast-schema-graph\">{\"@context\":\"https:\/\/schema.org\",\"@graph\":[{\"@type\":\"WebPage\",\"@id\":\"https:\/\/vapebulkp.com\/product\/waspe-tornado-vape-30k-puffs-fihp-best-long-lasting-vape\/\",\"url\":\"https:\/\/vapebulkp.com\/product\/waspe-tornado-vape-30k-puffs-fihp-best-long-lasting-vape\/\",\"name\":\"WASPE Tornado Vape 30k Puffs FIHP Best Long-Lasting Vape - vapebulkp.com\",\"isPartOf\":{\"@id\":\"https:\/\/vapebulkp.com\/#website\"},\"datePublished\":\"2024-09-24T08:27:32+00:00\",\"dateModified\":\"2025-09-24T03:16:28+00:00\",\"description\":\"Buy the WASPE Tornado Vape 30k Puffs, a high-capacity 30000 Puffs Disposable Vape with dual mesh coils and fast rechargeable battery. EU shipping \u2014 order now!\",\"breadcrumb\":{\"@id\":\"https:\/\/vapebulkp.com\/product\/waspe-tornado-vape-30k-puffs-fihp-best-long-lasting-vape\/#breadcrumb\"},\"inLanguage\":\"lt-LT\",\"potentialAction\":[{\"@type\":\"ReadAction\",\"target\":[\"https:\/\/vapebulkp.com\/product\/waspe-tornado-vape-30k-puffs-fihp-best-long-lasting-vape\/\"]}]},{\"@type\":\"BreadcrumbList\",\"@id\":\"https:\/\/vapebulkp.com\/product\/waspe-tornado-vape-30k-puffs-fihp-best-long-lasting-vape\/#breadcrumb\",\"itemListElement\":[{\"@type\":\"ListItem\",\"position\":1,\"name\":\"Home\",\"item\":\"https:\/\/vapebulkp.com\/\"},{\"@type\":\"ListItem\",\"position\":2,\"name\":\"Hot Trend Vapes\",\"item\":\"https:\/\/vapebulkp.com\/vape-shop\/\"},{\"@type\":\"ListItem\",\"position\":3,\"name\":\"WASPE Tornado Vape 30k Puffs FIHP Best Long-Lasting Vape\"}]},{\"@type\":\"WebSite\",\"@id\":\"https:\/\/vapebulkp.com\/#website\",\"url\":\"https:\/\/vapebulkp.com\/\",\"name\":\"vapebulkp.com\",\"description\":\"Buy Vape In Cheap Bulk Price Near you\",\"publisher\":{\"@id\":\"https:\/\/vapebulkp.com\/#organization\"},\"potentialAction\":[{\"@type\":\"SearchAction\",\"target\":{\"@type\":\"EntryPoint\",\"urlTemplate\":\"https:\/\/vapebulkp.com\/?s={search_term_string}\"},\"query-input\":\"required name=search_term_string\"}],\"inLanguage\":\"lt-LT\"},{\"@type\":\"Organization\",\"@id\":\"https:\/\/vapebulkp.com\/#organization\",\"name\":\"vapebulkp.com\",\"url\":\"https:\/\/vapebulkp.com\/\",\"logo\":{\"@type\":\"ImageObject\",\"inLanguage\":\"lt-LT\",\"@id\":\"https:\/\/vapebulkp.com\/#\/schema\/logo\/image\/\",\"url\":\"https:\/\/vapebulkp.com\/wp-content\/uploads\/2023\/09\/cropped-vapebulkp.png\",\"contentUrl\":\"https:\/\/vapebulkp.com\/wp-content\/uploads\/2023\/09\/cropped-vapebulkp.png\",\"width\":516,\"height\":163,\"caption\":\"vapebulkp.com\"},\"image\":{\"@id\":\"https:\/\/vapebulkp.com\/#\/schema\/logo\/image\/\"}}]}<\/script>\n<!-- \/ Yoast SEO plugin. -->","yoast_head_json":{"title":"WASPE Tornado Vape 30k Puffs FIHP Best Long-Lasting Vape - vapebulkp.com","description":"Buy the WASPE Tornado Vape 30k Puffs, a high-capacity 30000 Puffs Disposable Vape with dual mesh coils and fast rechargeable battery. EU shipping \u2014 order now!","robots":{"index":"index","follow":"follow","max-snippet":"max-snippet:-1","max-image-preview":"max-image-preview:large","max-video-preview":"max-video-preview:-1"},"canonical":"https:\/\/vapebulkp.com\/lt\/produktas\/waspe-tornado-vape-30k-puffs-fihp-best-long-lasting-vape\/","og_locale":"lt_LT","og_type":"article","og_title":"WASPE Tornado Vape 30k Puffs FIHP Best Long-Lasting Vape - vapebulkp.com","og_description":"Buy the WASPE Tornado Vape 30k Puffs, a high-capacity 30000 Puffs Disposable Vape with dual mesh coils and fast rechargeable battery. EU shipping \u2014 order now!","og_url":"https:\/\/vapebulkp.com\/lt\/produktas\/waspe-tornado-vape-30k-puffs-fihp-best-long-lasting-vape\/","og_site_name":"vapebulkp.com","article_modified_time":"2025-09-24T03:16:28+00:00","og_image":[{"width":1276,"height":1702,"url":"http:\/\/vapebulkp.com\/wp-content\/uploads\/2024\/09\/FIHP-WASPE-30000-Puff-Vape-Pen-Discount-Price-France.jpg","type":"image\/jpeg"}],"twitter_card":"summary_large_image","twitter_misc":{"Est. reading time":"5 minut\u0117s"},"schema":{"@context":"https:\/\/schema.org","@graph":[{"@type":"WebPage","@id":"https:\/\/vapebulkp.com\/product\/waspe-tornado-vape-30k-puffs-fihp-best-long-lasting-vape\/","url":"https:\/\/vapebulkp.com\/product\/waspe-tornado-vape-30k-puffs-fihp-best-long-lasting-vape\/","name":"WASPE Tornado Vape 30k Puffs FIHP Best Long-Lasting Vape - vapebulkp.com","isPartOf":{"@id":"https:\/\/vapebulkp.com\/#website"},"datePublished":"2024-09-24T08:27:32+00:00","dateModified":"2025-09-24T03:16:28+00:00","description":"Buy the WASPE Tornado Vape 30k Puffs, a high-capacity 30000 Puffs Disposable Vape with dual mesh coils and fast rechargeable battery. EU shipping \u2014 order now!","breadcrumb":{"@id":"https:\/\/vapebulkp.com\/product\/waspe-tornado-vape-30k-puffs-fihp-best-long-lasting-vape\/#breadcrumb"},"inLanguage":"lt-LT","potentialAction":[{"@type":"ReadAction","target":["https:\/\/vapebulkp.com\/product\/waspe-tornado-vape-30k-puffs-fihp-best-long-lasting-vape\/"]}]},{"@type":"BreadcrumbList","@id":"https:\/\/vapebulkp.com\/product\/waspe-tornado-vape-30k-puffs-fihp-best-long-lasting-vape\/#breadcrumb","itemListElement":[{"@type":"ListItem","position":1,"name":"Home","item":"https:\/\/vapebulkp.com\/"},{"@type":"ListItem","position":2,"name":"Hot Trend Vapes","item":"https:\/\/vapebulkp.com\/vape-shop\/"},{"@type":"ListItem","position":3,"name":"WASPE Tornado Vape 30k Puffs FIHP Best Long-Lasting Vape"}]},{"@type":"WebSite","@id":"https:\/\/vapebulkp.com\/#website","url":"https:\/\/vapebulkp.com\/","name":"vapebulkp.com","description":"Buy Vape In Cheap Bulk Price Near you","publisher":{"@id":"https:\/\/vapebulkp.com\/#organization"},"potentialAction":[{"@type":"SearchAction","target":{"@type":"EntryPoint","urlTemplate":"https:\/\/vapebulkp.com\/?s={search_term_string}"},"query-input":"required name=search_term_string"}],"inLanguage":"lt-LT"},{"@type":"Organization","@id":"https:\/\/vapebulkp.com\/#organization","name":"vapebulkp.com","url":"https:\/\/vapebulkp.com\/","logo":{"@type":"ImageObject","inLanguage":"lt-LT","@id":"https:\/\/vapebulkp.com\/#\/schema\/logo\/image\/","url":"https:\/\/vapebulkp.com\/wp-content\/uploads\/2023\/09\/cropped-vapebulkp.png","contentUrl":"https:\/\/vapebulkp.com\/wp-content\/uploads\/2023\/09\/cropped-vapebulkp.png","width":516,"height":163,"caption":"vapebulkp.com"},"image":{"@id":"https:\/\/vapebulkp.com\/#\/schema\/logo\/image\/"}}]}},"uagb_featured_image_src":{"full":["https:\/\/vapebulkp.com\/wp-content\/uploads\/2024\/09\/FIHP-WASPE-30000-Puff-Vape-Pen-Discount-Price-France.jpg",1276,1702,false],"thumbnail":["https:\/\/vapebulkp.com\/wp-content\/uploads\/2024\/09\/FIHP-WASPE-30000-Puff-Vape-Pen-Discount-Price-France-150x150.jpg",150,150,true],"medium":["https:\/\/vapebulkp.com\/wp-content\/uploads\/2024\/09\/FIHP-WASPE-30000-Puff-Vape-Pen-Discount-Price-France-225x300.jpg",225,300,true],"medium_large":["https:\/\/vapebulkp.com\/wp-content\/uploads\/2024\/09\/FIHP-WASPE-30000-Puff-Vape-Pen-Discount-Price-France-768x1024.jpg",768,1024,true],"large":["https:\/\/vapebulkp.com\/wp-content\/uploads\/2024\/09\/FIHP-WASPE-30000-Puff-Vape-Pen-Discount-Price-France-768x1024.jpg",768,1024,true],"1536x1536":["https:\/\/vapebulkp.com\/wp-content\/uploads\/2024\/09\/FIHP-WASPE-30000-Puff-Vape-Pen-Discount-Price-France-1152x1536.jpg",1152,1536,true],"2048x2048":["https:\/\/vapebulkp.com\/wp-content\/uploads\/2024\/09\/FIHP-WASPE-30000-Puff-Vape-Pen-Discount-Price-France.jpg",1276,1702,false],"trp-custom-language-flag":["https:\/\/vapebulkp.com\/wp-content\/uploads\/2024\/09\/FIHP-WASPE-30000-Puff-Vape-Pen-Discount-Price-France.jpg",9,12,false],"woocommerce_thumbnail":["https:\/\/vapebulkp.com\/wp-content\/uploads\/2024\/09\/FIHP-WASPE-30000-Puff-Vape-Pen-Discount-Price-France-300x300.jpg",300,300,true],"woocommerce_single":["https:\/\/vapebulkp.com\/wp-content\/uploads\/2024\/09\/FIHP-WASPE-30000-Puff-Vape-Pen-Discount-Price-France-600x800.jpg",600,800,true],"woocommerce_gallery_thumbnail":["https:\/\/vapebulkp.com\/wp-content\/uploads\/2024\/09\/FIHP-WASPE-30000-Puff-Vape-Pen-Discount-Price-France-100x100.jpg",100,100,true],"wcpr-photo-reviews":["https:\/\/vapebulkp.com\/wp-content\/uploads\/2024\/09\/FIHP-WASPE-30000-Puff-Vape-Pen-Discount-Price-France.jpg",375,500,false]},"uagb_author_info":{"display_name":"Mandy vape bulk price","author_link":"https:\/\/vapebulkp.com\/lt\/author\/"},"uagb_comment_info":0,"uagb_excerpt":"WASPE FIHP 30000 Puffs Good Taste Disposable Vape \u2013 Bulk Buy Pls Contact Mandy's WhatsApp For Discount Price+8618077105796 NOTE: Prices on our website does not include shipping costs &nbsp;","_links":{"self":[{"href":"https:\/\/vapebulkp.com\/lt\/wp-json\/wp\/v2\/product\/2927","targetHints":{"allow":["GET"]}}],"collection":[{"href":"https:\/\/vapebulkp.com\/lt\/wp-json\/wp\/v2\/product"}],"about":[{"href":"https:\/\/vapebulkp.com\/lt\/wp-json\/wp\/v2\/types\/product"}],"replies":[{"embeddable":true,"href":"https:\/\/vapebulkp.com\/lt\/wp-json\/wp\/v2\/comments?post=2927"}],"wp:featuredmedia":[{"embeddable":true,"href":"https:\/\/vapebulkp.com\/lt\/wp-json\/wp\/v2\/media\/2924"}],"wp:attachment":[{"href":"https:\/\/vapebulkp.com\/lt\/wp-json\/wp\/v2\/media?parent=2927"}],"wp:term":[{"taxonomy":"product_cat","embeddable":true,"href":"https:\/\/vapebulkp.com\/lt\/wp-json\/wp\/v2\/product_cat?post=2927"},{"taxonomy":"product_tag","embeddable":true,"href":"https:\/\/vapebulkp.com\/lt\/wp-json\/wp\/v2\/product_tag?post=2927"}],"curies":[{"name":"wp","href":"https:\/\/api.w.org\/{rel}","templated":true}]}}