{"id":3006,"date":"2024-10-14T08:38:55","date_gmt":"2024-10-14T06:38:55","guid":{"rendered":"https:\/\/vapebulkp.com\/?post_type=product&#038;p=3006"},"modified":"2025-09-24T05:06:26","modified_gmt":"2025-09-24T03:06:26","slug":"bang-vape-36k-puffs-lcd-screen-fingerprint-recognition-disposable-vape","status":"publish","type":"product","link":"https:\/\/vapebulkp.com\/lt\/product\/bang-vape-36k-puffs-lcd-screen-fingerprint-recognition-disposable-vape\/","title":{"rendered":"Bang Vape 36k Puffs LCD ekranas, pir\u0161t\u0173 atspaud\u0173 atpa\u017einimo vienkartinis garintuvas"},"content":{"rendered":"<h2 style=\"text-align: left\">Bang Vape 36k Puffs LCD ekranas, pir\u0161t\u0173 atspaud\u0173 atpa\u017einimo vienkartinis garintuvas<\/h2>\n<p>&nbsp;<\/p>\n<div class=\"flex max-w-full flex-col flex-grow\">\n<div class=\"min-h-8 text-message flex w-full flex-col items-end gap-2 whitespace-normal break-words [.text-message+&amp;]:mt-5\" dir=\"auto\" data-message-author-role=\"assistant\" data-message-id=\"804b3ea8-e167-4bec-b4d0-906786e28244\" data-message-model-slug=\"gpt-4o-mini\">\n<div class=\"flex w-full flex-col gap-1 empty:hidden first:pt-[3px]\">\n<div class=\"markdown prose w-full break-words dark:prose-invert light\">\n<p>Bang Vape 36k Puffs yra pa\u017eangiausias <a href=\"https:\/\/vapebulkp.com\/lt\/product-category\/36000-puff-disposable-vape\/\">36000 Purtym\u0173 Vienkartinis Vape<\/a> sukurtas garintojams i\u0161 Lietuvos, kurie reikalauja didelio na\u0161umo ir patogumo. Su 36 ml i\u0161 anksto u\u017epildyta nikotino druskos elektroninio skys\u010dio kasete, jis tiekia skland\u0173, pilno skonio gar\u0105 ilgalaikiams seansams. Su 2% arba 5% nikotino variantais, \u0161is prietaisas kiekvien\u0105 kart\u0105 u\u017etikrina patenkinam\u0105 sm\u016bg\u012f.<\/p>\n<p>\u0160is auk\u0161\u010diausios kokyb\u0117s daugkartinio \u012fkrovimo vienkartinis garintuvas 36K PUFF VAPE Pods turi 850mAh baterij\u0105 su Type-C greituoju \u012fkrovimu, i\u0161laikant j\u016bs\u0173 prietais\u0105 \u012fkraut\u0105 nepertraukiamam garinimui. Integruotas LCD ekranas rodo \u012fkv\u0117pim\u0173 skai\u010di\u0173, baterijos lyg\u012f ir naudojimo informacij\u0105 vienu \u017evilgsniu, o pir\u0161t\u0173 atspaud\u0173 atpa\u017einimo technologija suteikia saugi\u0105 ir asmenin\u0119 patirt\u012f.<\/p>\n<p>Sukurtas tiems, kurie ie\u0161ko didel\u0117s talpos garintuvo, jis sujungia perkeliamum\u0105 su stiliumi, tod\u0117l puikiai tinka kasdieniam naudojimui, socialiniuose susitikimuose ar kelion\u0117ms. Aptakus, patikimas ir su technologijomis supakuotas 36000 Puffs vienkartinis garintuvas yra idealus pasirinkimas Lietuvos ma\u017emenininkams ir didmenininkams, ie\u0161kantiems ilgalaiki\u0173, technologijomis paremt\u0173 garinimo sprendim\u0173.<\/p>\n<\/div>\n<\/div>\n<\/div>\n<\/div>\n<div class=\"mb-2 flex gap-3 empty:hidden -ml-2\">\n<div class=\"items-center justify-start rounded-xl p-1 flex\">\n<div class=\"flex items-center\">\n<div class=\"flex items-center pb-0\"><\/div>\n<\/div>\n<\/div>\n<\/div>\n<p><img decoding=\"async\" class=\"alignnone wp-image-2991\" src=\"http:\/\/vapebulkp.com\/wp-content\/uploads\/2024\/10\/Bang-36000-Puffs-Best-Vape-LCD-screen-Crystal-Vape.jpg\" alt=\"Bang 36000 Puffs geriausias garintuvas, LCD ekranas, kri\u0161tolinis garintuvas\" width=\"573\" height=\"573\" srcset=\"https:\/\/vapebulkp.com\/wp-content\/uploads\/2024\/10\/Bang-36000-Puffs-Best-Vape-LCD-screen-Crystal-Vape.jpg 1000w, https:\/\/vapebulkp.com\/wp-content\/uploads\/2024\/10\/Bang-36000-Puffs-Best-Vape-LCD-screen-Crystal-Vape-300x300.jpg 300w, https:\/\/vapebulkp.com\/wp-content\/uploads\/2024\/10\/Bang-36000-Puffs-Best-Vape-LCD-screen-Crystal-Vape-150x150.jpg 150w, https:\/\/vapebulkp.com\/wp-content\/uploads\/2024\/10\/Bang-36000-Puffs-Best-Vape-LCD-screen-Crystal-Vape-768x768.jpg 768w, https:\/\/vapebulkp.com\/wp-content\/uploads\/2024\/10\/Bang-36000-Puffs-Best-Vape-LCD-screen-Crystal-Vape-600x600.jpg 600w, https:\/\/vapebulkp.com\/wp-content\/uploads\/2024\/10\/Bang-36000-Puffs-Best-Vape-LCD-screen-Crystal-Vape-100x100.jpg 100w\" sizes=\"(max-width: 573px) 100vw, 573px\" \/><\/p>\n<h6>D\u0117l nuolaidos kainos susisiekite su Mandy per WhatsApp<a href=\"https:\/\/wa.me\/8618077105796\">+8618077105796<\/a><\/h6>\n<p>&nbsp;<\/p>\n<p><img decoding=\"async\" class=\"alignnone wp-image-2151\" src=\"http:\/\/vapebulkp.com\/wp-content\/uploads\/2024\/04\/Mandy-WhatsApp-Randm.jpg\" alt=\"Mandy WhatsApp Atsitiktinis\" width=\"261\" height=\"277\" srcset=\"https:\/\/vapebulkp.com\/wp-content\/uploads\/2024\/04\/Mandy-WhatsApp-Randm.jpg 916w, https:\/\/vapebulkp.com\/wp-content\/uploads\/2024\/04\/Mandy-WhatsApp-Randm-282x300.jpg 282w, https:\/\/vapebulkp.com\/wp-content\/uploads\/2024\/04\/Mandy-WhatsApp-Randm-768x817.jpg 768w, https:\/\/vapebulkp.com\/wp-content\/uploads\/2024\/04\/Mandy-WhatsApp-Randm-600x638.jpg 600w\" sizes=\"(max-width: 261px) 100vw, 261px\" \/><\/p>\n<h4>Man\u0117te, kad jums gali patikti su\u017einoti apie Lietuvos garinimo tendencijas Bang su vape 36k Puffs:<\/h4>\n<h6>1. <strong>Kaip veikia pir\u0161t\u0173 atspaud\u0173 atpa\u017einimo funkcija ant Bang Vape 36k Puffs?<\/strong><\/h6>\n<p><strong>Atsakymas :<\/strong>Pir\u0161t\u0173 atspaud\u0173 atpa\u017einimo funkcija prideda j\u016bs\u0173 garintuvui saugumo sluoksn\u012f, u\u017etikrinant, kad tik j\u016bs galite j\u012f aktyvuoti. \u0160i funkcija skirta u\u017ekirsti keli\u0105 neteis\u0117tam naudojimui, tod\u0117l puikiai tinka vartotojams, kurie vertina privatum\u0105 ir saugum\u0105 savo garinimo patirtyje.<\/p>\n<h6>2. <strong>Ar tikrai reikalingas pir\u0161t\u0173 atspaud\u0173 atpa\u017einimas ant Bang su vape?<\/strong><\/h6>\n<p><strong>Atsakymas:<\/strong>Nors ir n\u0117ra b\u016btina, pir\u0161t\u0173 atspaud\u0173 atpa\u017einimo funkcija tampa populiaria tendencija tarp techni\u0161kai i\u0161prususi\u0173 garintoj\u0173, kurie vertina inovacijas ir padidint\u0105 saugum\u0105. Tai u\u017etikrina, kad j\u016bs\u0173 garintuvas yra apsaugotas nuo netinkamo naudojimo, ypa\u010d socialin\u0117se aplinkose, kur prietaisai gali b\u016bti lengvai dalijami ar pametami.<\/p>\n<h6>3. <strong>Ar pir\u0161t\u0173 atspaud\u0173 funkcija veikia Bang Vape 36k Puffs na\u0161um\u0105?<\/strong><\/h6>\n<p><strong>Atsakymas<\/strong>: Ne, pir\u0161t\u0173 atspaud\u0173 atpa\u017einimas neturi \u012ftakos na\u0161umui. Jis veikia skland\u017eiai fone, leid\u017eiant jums atrakinti prietais\u0105 greitu nuskaitymu, m\u0117gaujantis ta pa\u010dia auk\u0161ta kokybe ir skoniu iki 36,000 \u012fkv\u0117pim\u0173.<\/p>\n<h6>4.Ar pir\u0161t\u0173 atspaud\u0173 funkcija i\u0161krauna Bang 36k Puffs baterij\u0105 grei\u010diau?<\/h6>\n<p><strong>Atsakymas:<\/strong>Tas <strong>850mAh baterija<\/strong> yra sukurtas tvarkyti tiek pir\u0161t\u0173 atspaud\u0173 jutiklio, tiek LCD ekrano galios poreikius be reik\u0161mingo poveikio baterijos veikimo trukmei. J\u016bs galite m\u0117gautis ilgalaikiu naudojimu prie\u0161 tai, kai reikia \u012fkrauti.<\/p>\n<h5>Bang LCD Vape 36000 Puffs \u0161iaur\u0117s garintuvai Savyb\u0117s:<\/h5>\n<p><img decoding=\"async\" class=\"alignnone size-full wp-image-3008\" src=\"http:\/\/vapebulkp.com\/wp-content\/uploads\/2024\/10\/Bang-LCD-Vape-36000-Puffs-north-vapes-Features.png\" alt=\"Bang LCD Vape 36000 Puffs \u0161iaur\u0117s vapes Savyb\u0117s\" width=\"797\" height=\"295\" srcset=\"https:\/\/vapebulkp.com\/wp-content\/uploads\/2024\/10\/Bang-LCD-Vape-36000-Puffs-north-vapes-Features.png 797w, https:\/\/vapebulkp.com\/wp-content\/uploads\/2024\/10\/Bang-LCD-Vape-36000-Puffs-north-vapes-Features-300x111.png 300w, https:\/\/vapebulkp.com\/wp-content\/uploads\/2024\/10\/Bang-LCD-Vape-36000-Puffs-north-vapes-Features-768x284.png 768w, https:\/\/vapebulkp.com\/wp-content\/uploads\/2024\/10\/Bang-LCD-Vape-36000-Puffs-north-vapes-Features-600x222.png 600w\" sizes=\"(max-width: 797px) 100vw, 797px\" \/><\/p>\n<p>&nbsp;<\/p>\n<h5><strong>Naujas stilius <\/strong><strong>36k Puffs Bang Vape \u0161iaur\u0117s skoniai:<\/strong><\/h5>\n<p>1.MI\u0160INYS VAISI\u0172<br \/>\n2.TRYS UOGOS<br \/>\n3.PERSIK\u0172 MANG\u0172 ARB\u016aZAS<br \/>\n4.M\u0116LYNI\u0172 AVIE\u010cI\u0172<br \/>\n5.JUODOJO DRAKONO LEDAS<br \/>\n6.VYNUOGI\u0172 LEDAS<br \/>\n7.M\u0116LYNI\u0172 LEDAS<br \/>\n8.BRA\u0160KI\u0172 VANDENS MELIONAS<br \/>\n9.BRA\u0160KI\u0172 BANAN\u0172<br \/>\n10.BRA\u0160KI\u0172 KIVI\u0172<br \/>\n11.BRA\u0160KI\u0172 MANG\u0172<br \/>\n12.ARB\u016aZ\u0172 LEDAS<\/p>\n<p><a href=\"https:\/\/vapebulkp.com\/lt\/product\/popular-randm-tornado-7000puffs-disposable-vape-best-price\/\"><span style=\"vertical-align: inherit\">RandM Tornado 7000 \u012ftraukim\u0173 <\/span><\/a><\/p>\n<p><span style=\"vertical-align: inherit\">Raskite daugiau produkt\u0173, kurie jums gali patikti:<\/span><em><a href=\"https:\/\/wa.me\/8618077105796\"><span style=\"vertical-align: inherit\">\u00a0Pirkti dabar<\/span><\/a><\/em><\/p>\n<p><span style=\"vertical-align: inherit\">Kiti \u012ftraukimai, kurie jums gali patikti:<\/span><a href=\"https:\/\/vapebulkp.com\/lt\/product\/joymy-ultra15000puffs-best-disposable-vape-2023\/\"><span style=\"vertical-align: inherit\">JOYMY 15000 Puffs<\/span><\/a><span style=\"vertical-align: inherit\">\u3001<\/span><a href=\"https:\/\/vapebulkp.com\/lt\/product\/wholesale-randm-tornado-9000-puffs-germany\/\"><span style=\"vertical-align: inherit\">RandM 9000 d\u016bm\u0173<\/span><\/a><span style=\"vertical-align: inherit\">\/ <\/span><a href=\"https:\/\/vapebulkp.com\/lt\/product\/bang-king-12000puffs\/\"><span style=\"vertical-align: inherit\">Bang King 12000 \u012ftraukim\u0173<\/span><\/a><span style=\"vertical-align: inherit\">\/ <\/span><a href=\"https:\/\/vapebulkp.com\/lt\/product\/wholesale-tornado-rum-bar-9000-puffs-sweden\/\"><span style=\"vertical-align: inherit\">Rumbar 9000 Puffs<\/span><\/a><\/p>\n<h5>DUK:<\/h5>\n<p>K: Koks yra minimalus u\u017esakymo kiekis ekologi\u0161kiems garintuvams Bang 36000 Puffs?<br \/>\nA: Minimalus u\u017esakymas yra 100 vnt.<br \/>\nK: Koks yra \u201efume vape\u201c pristatymo laikas?<br \/>\nA: \u012eprastai 10\u201315 dien\u0173 po i\u0161siuntimo<br \/>\nK: Kiek kainuoja siuntimas? A: Siuntimo kaina priklauso nuo svorio. Skirtingi kiekiai turi skirtingas siuntimo i\u0161laidas, susisiekite su mumis, kad patvirtintume siuntimo kain\u0105.<\/p>\n<h4>Pristatymo detal\u0117s:<\/h4>\n<p><span style=\"color: #ff6600\">Gamybos laikas: 5-10 darbo dien\u0173<\/span><br \/>\n<span style=\"color: #ff6600\">Pristatymo laikas: 8-14 darbo dien\u0173<\/span><\/p>\n<p>Visi m\u016bs\u0173 parduotuv\u0117s produktai yra 100% original\u016bs ir autenti\u0161ki, tod\u0117l m\u016bs\u0173 parduotuv\u0117s politika yra de\u0161imteriopa kompensacija u\u017e padirbtas prekes. Prek\u0117ms pristatyti naudojame tokius logistikos kanalus kaip UPS\/DHL\/FEDEX\/DPD.<\/p>\n<p>Pristatymas \u012f Lietuvos \u0161alis paprastai trunka 10 darbo dien\u0173. Pristatymas \u012f Europos \u0161alis paprastai u\u017etrunka nuo 12 iki 15 darbo dien\u0173. Logistikos informacij\u0105 atnaujinsime realiuoju laiku.<\/p>","protected":false},"excerpt":{"rendered":"<p>Geriausias 2025 m. vienkartinis garintuvas Bang 36k puffs Didmenin\u0117 kaina<\/p>\n<p><img decoding=\"async\" class=\"alignnone wp-image-2151\" src=\"http:\/\/vapebulkp.com\/wp-content\/uploads\/2024\/04\/Mandy-WhatsApp-Randm.jpg\" alt=\"Mandy WhatsApp Atsitiktinis\" width=\"281\" height=\"299\" srcset=\"https:\/\/vapebulkp.com\/wp-content\/uploads\/2024\/04\/Mandy-WhatsApp-Randm.jpg 916w, https:\/\/vapebulkp.com\/wp-content\/uploads\/2024\/04\/Mandy-WhatsApp-Randm-282x300.jpg 282w, https:\/\/vapebulkp.com\/wp-content\/uploads\/2024\/04\/Mandy-WhatsApp-Randm-768x817.jpg 768w, https:\/\/vapebulkp.com\/wp-content\/uploads\/2024\/04\/Mandy-WhatsApp-Randm-600x638.jpg 600w\" sizes=\"(max-width: 281px) 100vw, 281px\" \/><\/p>\n<p>D\u0117l nuolaidos kainos susisiekite su Mandy per WhatsApp<a href=\"https:\/\/wa.me\/8618077105796\">+8618077105796<\/a><\/p>\n<p><span style=\"color: #ff0000\">PASTABA: Kainos m\u016bs\u0173 svetain\u0117je neapima siuntimo i\u0161laid\u0173<\/span><\/p>\n<p>&nbsp;<\/p>","protected":false},"featured_media":3003,"comment_status":"open","ping_status":"closed","template":"","meta":{"_uag_custom_page_level_css":"","_lmt_disableupdate":"no","_lmt_disable":"","site-sidebar-layout":"default","site-content-layout":"content-boxed-container","ast-site-content-layout":"normal-width-container","site-content-style":"boxed","site-sidebar-style":"unboxed","ast-global-header-display":"","ast-banner-title-visibility":"","ast-main-header-display":"","ast-hfb-above-header-display":"","ast-hfb-below-header-display":"","ast-hfb-mobile-header-display":"","site-post-title":"","ast-breadcrumbs-content":"","ast-featured-img":"","footer-sml-layout":"","theme-transparent-header-meta":"default","adv-header-id-meta":"","stick-header-meta":"","header-above-stick-meta":"","header-main-stick-meta":"","header-below-stick-meta":"","astra-migrate-meta-layouts":"set","_joinchat":[]},"product_cat":[159,153,345,155,33,59,100,87,34,158,157,154,152,58,84,156,63,32],"product_tag":[130,93,36,37,91,41,40],"class_list":["post-3006","product","type-product","status-publish","has-post-thumbnail","hentry","product_cat-36000-puff-disposable-vape","product_cat-hot-disposable-vapes","product_cat-bang-vapes","product_cat-belgium-hot-disposable-vapes","product_cat-france-vape-hot-sale","product_cat-germany-hot-disposable-vape","product_cat-germany-wholesale-vape-shop","product_cat-minimum-order-quantity-50pcs","product_cat-netherlands-vape-good-sale","product_cat-norway-hot-disposable-vapes","product_cat-poland-hot-disposable-vapes","product_cat-portugal-hot-disposable-vapes","product_cat-spain-hot-disposable-vapes","product_cat-sweden-hot-disposable-vape","product_cat-sweden-wholesale-vape","product_cat-switzerland-hot-disposable-vapes","product_cat-top-sale-disposable-vape","product_cat-vape-hot-sale-this-week","product_tag-36000puffs","product_tag-bang-vape","product_tag-good-vape","product_tag-hot-sale-disposable-vape","product_tag-italy-hot-vape","product_tag-poland-hot-vape","product_tag-sweden-hot-vape","pa_brand-bang-vape","desktop-align-left","tablet-align-left","mobile-align-left"],"yoast_head":"<!-- This site is optimized with the Yoast SEO plugin v21.1 - https:\/\/yoast.com\/wordpress\/plugins\/seo\/ -->\n<title>Bang Vape 36k Puffs LCD Screen Fingerprint Recognition Disposable Vape - vapebulkp.com<\/title>\n<meta name=\"description\" content=\"Wholesale Price Bang Vape 36k Puffs Disposable Vape with LCD screen, fingerprint recognition, 850mAh rechargeable battery, 12 flavors, and 2\u20135% nicotine. Buy now!\" \/>\n<meta name=\"robots\" content=\"index, follow, max-snippet:-1, max-image-preview:large, max-video-preview:-1\" \/>\n<link rel=\"canonical\" href=\"https:\/\/vapebulkp.com\/lt\/product\/bang-vape-36k-puffs-lcd-screen-fingerprint-recognition-disposable-vape\/\" \/>\n<meta property=\"og:locale\" content=\"lt_LT\" \/>\n<meta property=\"og:type\" content=\"article\" \/>\n<meta property=\"og:title\" content=\"Bang Vape 36k Puffs LCD Screen Fingerprint Recognition Disposable Vape - vapebulkp.com\" \/>\n<meta property=\"og:description\" content=\"Wholesale Price Bang Vape 36k Puffs Disposable Vape with LCD screen, fingerprint recognition, 850mAh rechargeable battery, 12 flavors, and 2\u20135% nicotine. Buy now!\" \/>\n<meta property=\"og:url\" content=\"https:\/\/vapebulkp.com\/lt\/product\/bang-vape-36k-puffs-lcd-screen-fingerprint-recognition-disposable-vape\/\" \/>\n<meta property=\"og:site_name\" content=\"vapebulkp.com\" \/>\n<meta property=\"article:modified_time\" content=\"2025-09-24T03:06:26+00:00\" \/>\n<meta property=\"og:image\" content=\"http:\/\/vapebulkp.com\/wp-content\/uploads\/2024\/10\/Bang-Vape-36000-Puffs-Disposable-Vape-LCD-screen-Big-Puffs-Tornado-Vape.jpg\" \/>\n\t<meta property=\"og:image:width\" content=\"1000\" \/>\n\t<meta property=\"og:image:height\" content=\"1000\" \/>\n\t<meta property=\"og:image:type\" content=\"image\/jpeg\" \/>\n<meta name=\"twitter:card\" content=\"summary_large_image\" \/>\n<meta name=\"twitter:label1\" content=\"Est. reading time\" \/>\n\t<meta name=\"twitter:data1\" content=\"4 minut\u0117s\" \/>\n<script type=\"application\/ld+json\" class=\"yoast-schema-graph\">{\"@context\":\"https:\/\/schema.org\",\"@graph\":[{\"@type\":\"WebPage\",\"@id\":\"https:\/\/vapebulkp.com\/product\/bang-vape-36k-puffs-lcd-screen-fingerprint-recognition-disposable-vape\/\",\"url\":\"https:\/\/vapebulkp.com\/product\/bang-vape-36k-puffs-lcd-screen-fingerprint-recognition-disposable-vape\/\",\"name\":\"Bang Vape 36k Puffs LCD Screen Fingerprint Recognition Disposable Vape - vapebulkp.com\",\"isPartOf\":{\"@id\":\"https:\/\/vapebulkp.com\/#website\"},\"datePublished\":\"2024-10-14T06:38:55+00:00\",\"dateModified\":\"2025-09-24T03:06:26+00:00\",\"description\":\"Wholesale Price Bang Vape 36k Puffs Disposable Vape with LCD screen, fingerprint recognition, 850mAh rechargeable battery, 12 flavors, and 2\u20135% nicotine. Buy now!\",\"breadcrumb\":{\"@id\":\"https:\/\/vapebulkp.com\/product\/bang-vape-36k-puffs-lcd-screen-fingerprint-recognition-disposable-vape\/#breadcrumb\"},\"inLanguage\":\"lt-LT\",\"potentialAction\":[{\"@type\":\"ReadAction\",\"target\":[\"https:\/\/vapebulkp.com\/product\/bang-vape-36k-puffs-lcd-screen-fingerprint-recognition-disposable-vape\/\"]}]},{\"@type\":\"BreadcrumbList\",\"@id\":\"https:\/\/vapebulkp.com\/product\/bang-vape-36k-puffs-lcd-screen-fingerprint-recognition-disposable-vape\/#breadcrumb\",\"itemListElement\":[{\"@type\":\"ListItem\",\"position\":1,\"name\":\"Home\",\"item\":\"https:\/\/vapebulkp.com\/\"},{\"@type\":\"ListItem\",\"position\":2,\"name\":\"Hot Trend Vapes\",\"item\":\"https:\/\/vapebulkp.com\/vape-shop\/\"},{\"@type\":\"ListItem\",\"position\":3,\"name\":\"Bang Vape 36k Puffs LCD Screen Fingerprint Recognition Disposable Vape\"}]},{\"@type\":\"WebSite\",\"@id\":\"https:\/\/vapebulkp.com\/#website\",\"url\":\"https:\/\/vapebulkp.com\/\",\"name\":\"vapebulkp.com\",\"description\":\"Buy Vape In Cheap Bulk Price Near you\",\"publisher\":{\"@id\":\"https:\/\/vapebulkp.com\/#organization\"},\"potentialAction\":[{\"@type\":\"SearchAction\",\"target\":{\"@type\":\"EntryPoint\",\"urlTemplate\":\"https:\/\/vapebulkp.com\/?s={search_term_string}\"},\"query-input\":\"required name=search_term_string\"}],\"inLanguage\":\"lt-LT\"},{\"@type\":\"Organization\",\"@id\":\"https:\/\/vapebulkp.com\/#organization\",\"name\":\"vapebulkp.com\",\"url\":\"https:\/\/vapebulkp.com\/\",\"logo\":{\"@type\":\"ImageObject\",\"inLanguage\":\"lt-LT\",\"@id\":\"https:\/\/vapebulkp.com\/#\/schema\/logo\/image\/\",\"url\":\"https:\/\/vapebulkp.com\/wp-content\/uploads\/2023\/09\/cropped-vapebulkp.png\",\"contentUrl\":\"https:\/\/vapebulkp.com\/wp-content\/uploads\/2023\/09\/cropped-vapebulkp.png\",\"width\":516,\"height\":163,\"caption\":\"vapebulkp.com\"},\"image\":{\"@id\":\"https:\/\/vapebulkp.com\/#\/schema\/logo\/image\/\"}}]}<\/script>\n<!-- \/ Yoast SEO plugin. -->","yoast_head_json":{"title":"Bang Vape 36k Puffs LCD Screen Fingerprint Recognition Disposable Vape - vapebulkp.com","description":"Wholesale Price Bang Vape 36k Puffs Disposable Vape with LCD screen, fingerprint recognition, 850mAh rechargeable battery, 12 flavors, and 2\u20135% nicotine. Buy now!","robots":{"index":"index","follow":"follow","max-snippet":"max-snippet:-1","max-image-preview":"max-image-preview:large","max-video-preview":"max-video-preview:-1"},"canonical":"https:\/\/vapebulkp.com\/lt\/product\/bang-vape-36k-puffs-lcd-screen-fingerprint-recognition-disposable-vape\/","og_locale":"lt_LT","og_type":"article","og_title":"Bang Vape 36k Puffs LCD Screen Fingerprint Recognition Disposable Vape - vapebulkp.com","og_description":"Wholesale Price Bang Vape 36k Puffs Disposable Vape with LCD screen, fingerprint recognition, 850mAh rechargeable battery, 12 flavors, and 2\u20135% nicotine. Buy now!","og_url":"https:\/\/vapebulkp.com\/lt\/product\/bang-vape-36k-puffs-lcd-screen-fingerprint-recognition-disposable-vape\/","og_site_name":"vapebulkp.com","article_modified_time":"2025-09-24T03:06:26+00:00","og_image":[{"width":1000,"height":1000,"url":"http:\/\/vapebulkp.com\/wp-content\/uploads\/2024\/10\/Bang-Vape-36000-Puffs-Disposable-Vape-LCD-screen-Big-Puffs-Tornado-Vape.jpg","type":"image\/jpeg"}],"twitter_card":"summary_large_image","twitter_misc":{"Est. reading time":"4 minut\u0117s"},"schema":{"@context":"https:\/\/schema.org","@graph":[{"@type":"WebPage","@id":"https:\/\/vapebulkp.com\/product\/bang-vape-36k-puffs-lcd-screen-fingerprint-recognition-disposable-vape\/","url":"https:\/\/vapebulkp.com\/product\/bang-vape-36k-puffs-lcd-screen-fingerprint-recognition-disposable-vape\/","name":"Bang Vape 36k Puffs LCD Screen Fingerprint Recognition Disposable Vape - vapebulkp.com","isPartOf":{"@id":"https:\/\/vapebulkp.com\/#website"},"datePublished":"2024-10-14T06:38:55+00:00","dateModified":"2025-09-24T03:06:26+00:00","description":"Wholesale Price Bang Vape 36k Puffs Disposable Vape with LCD screen, fingerprint recognition, 850mAh rechargeable battery, 12 flavors, and 2\u20135% nicotine. Buy now!","breadcrumb":{"@id":"https:\/\/vapebulkp.com\/product\/bang-vape-36k-puffs-lcd-screen-fingerprint-recognition-disposable-vape\/#breadcrumb"},"inLanguage":"lt-LT","potentialAction":[{"@type":"ReadAction","target":["https:\/\/vapebulkp.com\/product\/bang-vape-36k-puffs-lcd-screen-fingerprint-recognition-disposable-vape\/"]}]},{"@type":"BreadcrumbList","@id":"https:\/\/vapebulkp.com\/product\/bang-vape-36k-puffs-lcd-screen-fingerprint-recognition-disposable-vape\/#breadcrumb","itemListElement":[{"@type":"ListItem","position":1,"name":"Home","item":"https:\/\/vapebulkp.com\/"},{"@type":"ListItem","position":2,"name":"Hot Trend Vapes","item":"https:\/\/vapebulkp.com\/vape-shop\/"},{"@type":"ListItem","position":3,"name":"Bang Vape 36k Puffs LCD Screen Fingerprint Recognition Disposable Vape"}]},{"@type":"WebSite","@id":"https:\/\/vapebulkp.com\/#website","url":"https:\/\/vapebulkp.com\/","name":"vapebulkp.com","description":"Buy Vape In Cheap Bulk Price Near you","publisher":{"@id":"https:\/\/vapebulkp.com\/#organization"},"potentialAction":[{"@type":"SearchAction","target":{"@type":"EntryPoint","urlTemplate":"https:\/\/vapebulkp.com\/?s={search_term_string}"},"query-input":"required name=search_term_string"}],"inLanguage":"lt-LT"},{"@type":"Organization","@id":"https:\/\/vapebulkp.com\/#organization","name":"vapebulkp.com","url":"https:\/\/vapebulkp.com\/","logo":{"@type":"ImageObject","inLanguage":"lt-LT","@id":"https:\/\/vapebulkp.com\/#\/schema\/logo\/image\/","url":"https:\/\/vapebulkp.com\/wp-content\/uploads\/2023\/09\/cropped-vapebulkp.png","contentUrl":"https:\/\/vapebulkp.com\/wp-content\/uploads\/2023\/09\/cropped-vapebulkp.png","width":516,"height":163,"caption":"vapebulkp.com"},"image":{"@id":"https:\/\/vapebulkp.com\/#\/schema\/logo\/image\/"}}]}},"uagb_featured_image_src":{"full":["https:\/\/vapebulkp.com\/wp-content\/uploads\/2024\/10\/Bang-Vape-36000-Puffs-Disposable-Vape-LCD-screen-Big-Puffs-Tornado-Vape.jpg",1000,1000,false],"thumbnail":["https:\/\/vapebulkp.com\/wp-content\/uploads\/2024\/10\/Bang-Vape-36000-Puffs-Disposable-Vape-LCD-screen-Big-Puffs-Tornado-Vape-150x150.jpg",150,150,true],"medium":["https:\/\/vapebulkp.com\/wp-content\/uploads\/2024\/10\/Bang-Vape-36000-Puffs-Disposable-Vape-LCD-screen-Big-Puffs-Tornado-Vape-300x300.jpg",300,300,true],"medium_large":["https:\/\/vapebulkp.com\/wp-content\/uploads\/2024\/10\/Bang-Vape-36000-Puffs-Disposable-Vape-LCD-screen-Big-Puffs-Tornado-Vape-768x768.jpg",768,768,true],"large":["https:\/\/vapebulkp.com\/wp-content\/uploads\/2024\/10\/Bang-Vape-36000-Puffs-Disposable-Vape-LCD-screen-Big-Puffs-Tornado-Vape.jpg",1000,1000,false],"1536x1536":["https:\/\/vapebulkp.com\/wp-content\/uploads\/2024\/10\/Bang-Vape-36000-Puffs-Disposable-Vape-LCD-screen-Big-Puffs-Tornado-Vape.jpg",1000,1000,false],"2048x2048":["https:\/\/vapebulkp.com\/wp-content\/uploads\/2024\/10\/Bang-Vape-36000-Puffs-Disposable-Vape-LCD-screen-Big-Puffs-Tornado-Vape.jpg",1000,1000,false],"trp-custom-language-flag":["https:\/\/vapebulkp.com\/wp-content\/uploads\/2024\/10\/Bang-Vape-36000-Puffs-Disposable-Vape-LCD-screen-Big-Puffs-Tornado-Vape.jpg",12,12,false],"woocommerce_thumbnail":["https:\/\/vapebulkp.com\/wp-content\/uploads\/2024\/10\/Bang-Vape-36000-Puffs-Disposable-Vape-LCD-screen-Big-Puffs-Tornado-Vape-300x300.jpg",300,300,true],"woocommerce_single":["https:\/\/vapebulkp.com\/wp-content\/uploads\/2024\/10\/Bang-Vape-36000-Puffs-Disposable-Vape-LCD-screen-Big-Puffs-Tornado-Vape-600x600.jpg",600,600,true],"woocommerce_gallery_thumbnail":["https:\/\/vapebulkp.com\/wp-content\/uploads\/2024\/10\/Bang-Vape-36000-Puffs-Disposable-Vape-LCD-screen-Big-Puffs-Tornado-Vape-100x100.jpg",100,100,true],"wcpr-photo-reviews":["https:\/\/vapebulkp.com\/wp-content\/uploads\/2024\/10\/Bang-Vape-36000-Puffs-Disposable-Vape-LCD-screen-Big-Puffs-Tornado-Vape.jpg",500,500,false]},"uagb_author_info":{"display_name":"Mandy vape bulk price","author_link":"https:\/\/vapebulkp.com\/lt\/author\/"},"uagb_comment_info":0,"uagb_excerpt":"Best Disposable Vape 2025 Bang 36k puffs Wholesale Price Vape Pls Contact Mandy's WhatsApp For Discount Price+8618077105796 NOTE: Prices on our website does not include shipping costs &nbsp;","_links":{"self":[{"href":"https:\/\/vapebulkp.com\/lt\/wp-json\/wp\/v2\/product\/3006","targetHints":{"allow":["GET"]}}],"collection":[{"href":"https:\/\/vapebulkp.com\/lt\/wp-json\/wp\/v2\/product"}],"about":[{"href":"https:\/\/vapebulkp.com\/lt\/wp-json\/wp\/v2\/types\/product"}],"replies":[{"embeddable":true,"href":"https:\/\/vapebulkp.com\/lt\/wp-json\/wp\/v2\/comments?post=3006"}],"wp:featuredmedia":[{"embeddable":true,"href":"https:\/\/vapebulkp.com\/lt\/wp-json\/wp\/v2\/media\/3003"}],"wp:attachment":[{"href":"https:\/\/vapebulkp.com\/lt\/wp-json\/wp\/v2\/media?parent=3006"}],"wp:term":[{"taxonomy":"product_cat","embeddable":true,"href":"https:\/\/vapebulkp.com\/lt\/wp-json\/wp\/v2\/product_cat?post=3006"},{"taxonomy":"product_tag","embeddable":true,"href":"https:\/\/vapebulkp.com\/lt\/wp-json\/wp\/v2\/product_tag?post=3006"}],"curies":[{"name":"wp","href":"https:\/\/api.w.org\/{rel}","templated":true}]}}