{"id":3047,"date":"2024-10-23T09:54:46","date_gmt":"2024-10-23T07:54:46","guid":{"rendered":"https:\/\/vapebulkp.com\/?post_type=product&#038;p=3047"},"modified":"2025-09-08T05:08:08","modified_gmt":"2025-09-08T03:08:08","slug":"vapme-shisha-pro-max-20k-type-c-rechargeable-vape","status":"publish","type":"product","link":"https:\/\/vapebulkp.com\/lt\/product\/vapme-shisha-pro-max-20k-type-c-rechargeable-vape\/","title":{"rendered":"Vapme Shisha PRO Max 20k, \u012fkraunamas per C tipo jungt\u012f, elektronin\u0117s cigaret\u0117s garintuvas"},"content":{"rendered":"<h2>Vapme Shisha PRO Max 20k, \u012fkraunamas per C tipo jungt\u012f, elektronin\u0117s cigaret\u0117s garintuvas<\/h2>\n<div class=\"flex max-w-full flex-col flex-grow\">\n<div class=\"min-h-8 text-message flex w-full flex-col items-end gap-2 whitespace-normal break-words [.text-message+&amp;]:mt-5\" dir=\"auto\" data-message-author-role=\"assistant\" data-message-id=\"d4e5856e-b87d-43e1-bf1b-fe5b0e62d5d8\" data-message-model-slug=\"gpt-4o\">\n<div class=\"flex w-full flex-col gap-1 empty:hidden first:pt-[3px]\">\n<div class=\"markdown prose w-full break-words dark:prose-invert light\">\n<p>Vapme Shisha PRO Max 20k yra didelio na\u0161umo <a href=\"https:\/\/vapebulkp.com\/lt\/product-category\/20000-puffs-disposable-vape\/\">20000 d\u016bm\u0173 vienkartinis garintuvas<\/a> sukurtas Europos garintojams, kurie reikalauja tiek skonio, tiek patikimumo. Kaip \u012fkraunamas garintuvas, jis turi C tipo baterij\u0105, skirt\u0105 greitam \u012fkrovimui, u\u017etikrinan\u010di\u0105 nenutr\u016bkstamas sesijas vis\u0105 dien\u0105.<\/p>\n<p>\u0160is didel\u0117s talpos i\u0161 anksto u\u017epildytas garintuvas, turintis 20000 traukim\u0173, turi 28 ml e-skys\u010dio talpykl\u0105 ir 0.6\u03a9 tinklelio kaitinimo element\u0105, u\u017etikrinant\u012f skland\u0173 gar\u0105 ir nuosekl\u0173 skon\u012f su kiekvienu traukimu. Jo DTL (Direct-to-Lung) dizainas puikiai tinka debes\u0173 entuziastams, sukurdamas tankius debesis ir intensyv\u0173 sm\u016bg\u012f \u012f gerkl\u0119 su kiekvienu \u012fkv\u0117pimu.<\/p>\n<p>Galimas 24 auk\u0161\u010diausios kokyb\u0117s skoni\u0173 su 2% nikotino stiprumu, \u0161is auk\u0161\u010diausios klas\u0117s Europos ne\u0161iojamas garintuvas patenkina plat\u0173 skonio pageidavim\u0173 spektr\u0105. Lengvas, ergonomi\u0161kas ir eleganti\u0161kas Vapme Shisha PRO Max 20k traukim\u0173 derinys sujungia patogum\u0105, stili\u0173 ir na\u0161um\u0105. Idealus Europos ma\u017emenininkams ir didmenininkams, jis i\u0161siskiria \u012fkraunam\u0173 vienkartini\u0173 garintuv\u0173 rinkoje d\u0117l savo didel\u0117s talpos ir geb\u0117jimo gaminti debesis.<\/p>\n<\/div>\n<\/div>\n<\/div>\n<\/div>\n<p><img decoding=\"async\" class=\"alignnone wp-image-3044\" src=\"http:\/\/vapebulkp.com\/wp-content\/uploads\/2024\/10\/Original-Vapme-Shisha-PRO-Max-20000-Puffs-Disposable-Vape.jpg\" alt=\"Originalus Vapme Shisha PRO Max 20000 \u012ftraukim\u0173 vienkartinis garintuvas\" width=\"544\" height=\"374\" srcset=\"https:\/\/vapebulkp.com\/wp-content\/uploads\/2024\/10\/Original-Vapme-Shisha-PRO-Max-20000-Puffs-Disposable-Vape.jpg 1060w, https:\/\/vapebulkp.com\/wp-content\/uploads\/2024\/10\/Original-Vapme-Shisha-PRO-Max-20000-Puffs-Disposable-Vape-300x206.jpg 300w, https:\/\/vapebulkp.com\/wp-content\/uploads\/2024\/10\/Original-Vapme-Shisha-PRO-Max-20000-Puffs-Disposable-Vape-1024x704.jpg 1024w, https:\/\/vapebulkp.com\/wp-content\/uploads\/2024\/10\/Original-Vapme-Shisha-PRO-Max-20000-Puffs-Disposable-Vape-768x528.jpg 768w, https:\/\/vapebulkp.com\/wp-content\/uploads\/2024\/10\/Original-Vapme-Shisha-PRO-Max-20000-Puffs-Disposable-Vape-600x413.jpg 600w\" sizes=\"(max-width: 544px) 100vw, 544px\" \/><\/p>\n<h6 style=\"text-align: left\"><\/h6>\n<h6>D\u0117l nuolaidos kainos susisiekite su Mandy per WhatsApp<a href=\"https:\/\/wa.me\/8618077105796\">+8618077105796<\/a><\/h6>\n<p><img decoding=\"async\" class=\"alignnone wp-image-2151\" src=\"http:\/\/vapebulkp.com\/wp-content\/uploads\/2024\/04\/Mandy-WhatsApp-Randm.jpg\" alt=\"Mandy WhatsApp Atsitiktinis\" width=\"263\" height=\"280\" srcset=\"https:\/\/vapebulkp.com\/wp-content\/uploads\/2024\/04\/Mandy-WhatsApp-Randm.jpg 916w, https:\/\/vapebulkp.com\/wp-content\/uploads\/2024\/04\/Mandy-WhatsApp-Randm-282x300.jpg 282w, https:\/\/vapebulkp.com\/wp-content\/uploads\/2024\/04\/Mandy-WhatsApp-Randm-768x817.jpg 768w, https:\/\/vapebulkp.com\/wp-content\/uploads\/2024\/04\/Mandy-WhatsApp-Randm-600x638.jpg 600w\" sizes=\"(max-width: 263px) 100vw, 263px\" \/><\/p>\n<h2><span style=\"vertical-align: inherit\">Man\u0117me, kad jums gali b\u016bti \u012fdomu su\u017einoti apie Vapme shisha Pro Max 20k traukim\u0173:<\/span><\/h2>\n<p>&nbsp;<\/p>\n<h5><strong>1. Ar galima \u012fkrauti Vapme Shisha Pro Max 20k traukim\u0173?<\/strong><\/h5>\n<p><strong>Atsakymas: <\/strong>Taip, Vapme Shisha Pro Max 20k traukim\u0173 turi C tipo \u012fkrovimo jungt\u012f, skirt\u0105 greitam ir patogiam \u012fkrovimui. Tai leid\u017eia palaikyti \u012frenginio energij\u0105 vis\u0105 jo eksploatavimo laik\u0105.<\/p>\n<h5><strong>2. Kaip \u012fkrauti Vapme Shisha Pro Max 20k traukim\u0173?<\/strong><\/h5>\n<p><strong>Atsakymas: <\/strong>Nor\u0117dami \u012fkrauti \u012frengin\u012f, tiesiog prijunkite C tipo kabel\u012f prie jungties ir \u012fki\u0161kite j\u012f \u012f USB maitinimo \u0161altin\u012f. Rekomenduojama naudoti standartin\u012f \u012fkrovikl\u012f, kad b\u016bt\u0173 i\u0161vengta perkrovimo ar akumuliatoriaus pa\u017eeidimo.<\/p>\n<h5><strong>3. K\u0105 tur\u0117\u010diau prisiminti, kai \u012fkraunu savo Ilgai veikiant\u012f vienkartin\u012f garintuv\u0105 20000 traukim\u0173 Vapme shisha?<\/strong><\/h5>\n<p><strong>Atsakymas: <\/strong>\u012esitikinkite, kad naudojate suderinam\u0105 C tipo \u012fkrovimo kabel\u012f ir venkite perkrauti akumuliatori\u0173. Geriausia atjungti \u012fkrovikl\u012f, kai \u012frenginys yra visi\u0161kai \u012fkrautas, kad b\u016bt\u0173 i\u0161saugotas akumuliatoriaus veikimo laikas.<\/p>\n<h5><strong>4. Kokio tipo kaitinimo elementas naudojamas Vapme shisha Pro Max 20000 traukim\u0173?<\/strong><\/h5>\n<p><strong>Atsakymas: <\/strong>\u0160is prietaisas yra su 0.6\u03a9 tinklelio kaitinimo elementu, skirtu pagerinti skon\u012f ir gar\u0173 gamyb\u0105, suteikiant skland\u0173 ir patenkinam\u0105 garinimo patirt\u012f.<\/p>\n<h5><strong>5. Ar Ne\u0161iojamas tinklelio kaitinimo elemento garintuvas Europai Vapme shisha vape Pro Max 20k traukim\u0173 palaiko tiesiogin\u012f \u012fkv\u0117pim\u0105 \u012f plau\u010dius (DTL)?<\/strong><\/h5>\n<p><strong>Atsakymas: <\/strong>Taip, Vapme Shisha Pro Max 20k yra specialiai sukurtas tiesioginiam \u012fkv\u0117pimui \u012f plau\u010dius (DTL), si\u016blant intensyvius skonius ir didesnius gar\u0173 debesis.<\/p>\n<h5><strong>6. Kokie yra galimi Vapme shisha 20k traukim\u0173 garintuv\u0173 skoniai ir nikotino stiprumas?<\/strong><\/h5>\n<p><strong>Atsakymas: <\/strong>Vapme Shisha Pro Max 20k turi 24 skirtingus skonius, pradedant nuo vaisini\u0173, mentolio ir sodri\u0173 mi\u0161ini\u0173. Jis si\u016blo 2% nikotino stiprum\u0105, tinkant\u012f vejperiams, ie\u0161kantiems vidutinio nikotino kiekio.<\/p>\n<h5><strong>7. Kaip su\u017einoti, kada reikia \u012fkrauti savo JNR SHISHA Vapme shisha Pro Max 20000 Puffs?<\/strong><\/h5>\n<p><strong>Atsakymas:<\/strong> Jei pasteb\u0117site gar\u0173 suma\u017e\u0117jim\u0105 arba silpnesn\u012f skon\u012f, gali b\u016bti laikas \u012fkrauti. Tiesiog prijunkite \u012frengin\u012f naudodami Type-C laid\u0105, kad \u012fsitikintum\u0117te, jog jis yra paruo\u0161tas naudoti.<\/p>\n<p><span style=\"color: #ff6600\">Pastaba: negalima \u012fkrauti vis\u0105 nakt\u012f!<\/span><\/p>\n<p>&nbsp;<\/p>\n<h3><strong>Geriausias tiesioginio \u012fkv\u0117pimo vienkartinis vape ra\u0161iklis Vapme shisha Pro Max 20000 Puffs \u2013 Produkto specifikacijos:<\/strong><\/h3>\n<ul>\n<li><strong>I\u0161p\u016btim\u0173 skai\u010dius<\/strong>: 20 000+ i\u0161p\u016btim\u0173<\/li>\n<li><strong>Baterija<\/strong>: 850mAh, su Type-C prievadu greitam ir patogiam \u012fkrovimui<\/li>\n<li><strong>E-skys\u010dio talpa<\/strong>: 28mL skys\u010dio<\/li>\n<li><strong>Ritinio technologija<\/strong>: 0.6\u03a9 tinklelio rit\u0117, kad pagerint\u0173 skon\u012f ir gar\u0173 gamyb\u0105<\/li>\n<li><strong>Nikotino stiprumas<\/strong>: 2%<\/li>\n<li><strong>Skoniai<\/strong>: 24 galimi variantai<\/li>\n<li><strong>Vapinimo stilius<\/strong>: Tiesioginio \u012fkv\u0117pimo (DTL) patirtis, skirta intensyviam skoniui ir didesnei gar\u0173 gamybai<\/li>\n<li><strong>Pakuot\u0117<\/strong>: 160 vienet\u0173 d\u0117\u017eut\u0117je, bendras svoris 19.2kg d\u0117\u017eut\u0117je<\/li>\n<\/ul>\n<h5>Sodraus skonio tinklelio rit\u0117s vape, skirtas Vapme shisha 20k Puffs m\u0117g\u0117jams:<\/h5>\n<p>1.M\u0117lyni\u0173 kramtomoji guma<br \/>\n2. Kiviai, pasiflorai, gvajava<br \/>\n3. M\u0117lyni\u0173 avie\u010di\u0173 limonadas<br \/>\n4. Bra\u0161k\u0117s ir kiviai<br \/>\n5. Mi\u0161rios uogos<br \/>\n6. Bra\u0161k\u0117s ir arb\u016bzas<br \/>\n7.Vynuogi\u0173 pun\u0161as<br \/>\n8. Arb\u016bz\u0173 ledas<br \/>\n9. Persikai, mangai, ananasai<br \/>\n10.Bra\u0161ki\u0173 ledas<br \/>\n11.Sultingas persikas<br \/>\n12. Panel\u0117 Killa<br \/>\n13.Vy\u0161ni\u0173 uogos<br \/>\n14.M\u0117lyni\u0173 aviet\u0117s<br \/>\n15.Meil\u0117 66<br \/>\n16.Arb\u016bzinis bulius<br \/>\n17.Bra\u0161k\u0117 Vynuog\u0117<br \/>\n18.Bra\u0161ki\u0173 avie\u010di\u0173 saldainis<br \/>\n19.Baltoji mamba<br \/>\n20.Arb\u016bzin\u0117 vy\u0161nia<br \/>\n21.\u0160aldytas obuolys<br \/>\n22.Citrin\u0173 m\u0117ta<br \/>\n23.Juod\u0173j\u0173 serbent\u0173 ledas<br \/>\n24.Ananasinis kokteilis<\/p>\n<p><span style=\"vertical-align: inherit\">Raskite daugiau produkt\u0173, kurie jums gali patikti:<\/span><em><a href=\"https:\/\/wa.me\/8618077105796\"><span style=\"vertical-align: inherit\">\u00a0Pirkti dabar<\/span><\/a><\/em><\/p>\n<p><span style=\"vertical-align: inherit\">Kiti \u012ftraukimai, kurie jums gali patikti:<\/span><a href=\"https:\/\/vapebulkp.com\/lt\/product\/fumot-tornado-25k-puffs-cheap-price-disposable-vape\/\"><span style=\"vertical-align: inherit\">RandM Fumot Tornado 25000 P\u016b\u010di\u0173<\/span><\/a><\/p>\n<p><a href=\"https:\/\/vapebulkp.com\/lt\/product\/wholesale-randm-tornado-9000-puffs-germany\/\"><span style=\"vertical-align: inherit\">RandM Tornado 9000 \u012ftraukim\u0173<\/span><\/a><\/p>\n<p><a href=\"https:\/\/vapebulkp.com\/lt\/product\/uwin-crystal-10k-puff-long-lasting-disposable-vape-for-europe\/\"><span style=\"vertical-align: inherit\">UWIN Crystal 10000 \u012fp\u016btim\u0173<\/span><\/a><\/p>\n<p><a href=\"https:\/\/vapebulkp.com\/lt\/product\/randm-fumot-tornado-30k-puffs-rechargeable-vapes-best-sale\/\"><span style=\"vertical-align: inherit\">Randm Vape 30 t\u016bkst. \u012fp\u016btim\u0173<\/span><\/a><\/p>\n<p><span style=\"vertical-align: inherit\">Ypatingos formos elektronini\u0173 cigare\u010di\u0173 buteliukas:<\/span><a href=\"https:\/\/vapebulkp.com\/lt\/product\/bang-king-pro-30k-puffs-top-selling-vape-in-europe\/\"><span style=\"vertical-align: inherit\">\u201eBang King Pro 30000 Puffs\u201c<\/span><\/a><span style=\"vertical-align: inherit\">\/ <\/span><a href=\"https:\/\/vapebulkp.com\/lt\/product\/waspe-tornado-vape-30k-puffs-fihp-best-long-lasting-vape\/\"><span style=\"vertical-align: inherit\">WASPE Tornado 30000 \u012ftraukim\u0173<\/span><\/a><span style=\"vertical-align: inherit\">\/<\/span><a href=\"https:\/\/vapebulkp.com\/lt\/product\/uzy-bang-digital-15000puffs-led-display-e-cigarettes\/\"><span style=\"vertical-align: inherit\">UZY Bang Digital Box 15000 \u012ftraukim\u0173<\/span><\/a><\/p>\n<h4>Pristatymo detal\u0117s:<\/h4>\n<p><span style=\"color: #ff6600\">Gamybos laikas: 5-10 darbo dien\u0173<\/span><br \/>\n<span style=\"color: #ff6600\">Pristatymo laikas: 8-14 darbo dien\u0173<\/span><\/p>\n<p>Visi m\u016bs\u0173 parduotuv\u0117s produktai yra 100% original\u016bs ir autenti\u0161ki, tod\u0117l m\u016bs\u0173 parduotuv\u0117s politika yra de\u0161imteriopa kompensacija u\u017e padirbtas prekes. Prek\u0117ms pristatyti naudojame tokius logistikos kanalus kaip UPS\/DHL\/FEDEX\/DPD.<\/p>\n<p>Pristatymas \u012f Lietuvos \u0161alis paprastai trunka 10 darbo dien\u0173. Pristatymas \u012f Europos \u0161alis paprastai u\u017etrunka nuo 12 iki 15 darbo dien\u0173. Logistikos informacij\u0105 atnaujinsime realiuoju laiku.<\/p>\n<p>Susisiekite su mumis ir galime pasi\u016blyti jums Hazebar 12000 \u012fp\u016btim\u0173 ir pakelti j\u016bs\u0173 versl\u0105 \u012f didesnes auk\u0161tumas!<\/p>","protected":false},"excerpt":{"rendered":"<p>Vapme Shisha Pro Max 20k traukim\u0173 Europos ma\u017emenininkams<\/p>\n<p>850mAh \u012fkraunamas VAPME shisha garintuvas 20000 traukim\u0173<br \/>\n<img decoding=\"async\" class=\"alignnone wp-image-2151\" src=\"http:\/\/vapebulkp.com\/wp-content\/uploads\/2024\/04\/Mandy-WhatsApp-Randm.jpg\" alt=\"Mandy WhatsApp Atsitiktinis\" width=\"238\" height=\"253\" srcset=\"https:\/\/vapebulkp.com\/wp-content\/uploads\/2024\/04\/Mandy-WhatsApp-Randm.jpg 916w, https:\/\/vapebulkp.com\/wp-content\/uploads\/2024\/04\/Mandy-WhatsApp-Randm-282x300.jpg 282w, https:\/\/vapebulkp.com\/wp-content\/uploads\/2024\/04\/Mandy-WhatsApp-Randm-768x817.jpg 768w, https:\/\/vapebulkp.com\/wp-content\/uploads\/2024\/04\/Mandy-WhatsApp-Randm-600x638.jpg 600w\" sizes=\"(max-width: 238px) 100vw, 238px\" \/><\/p>\n<p>D\u0117l nuolaidos kainos susisiekite su Mandy per WhatsApp<a href=\"https:\/\/wa.me\/8618077105796\">+8618077105796<\/a><\/p>\n<p><span style=\"color: #ff0000\">PASTABA: Kainos m\u016bs\u0173 svetain\u0117je neapima siuntimo i\u0161laid\u0173<\/span><\/p>","protected":false},"featured_media":3045,"comment_status":"open","ping_status":"closed","template":"","meta":{"_uag_custom_page_level_css":"","_lmt_disableupdate":"no","_lmt_disable":"","site-sidebar-layout":"default","site-content-layout":"content-boxed-container","ast-site-content-layout":"normal-width-container","site-content-style":"boxed","site-sidebar-style":"unboxed","ast-global-header-display":"","ast-banner-title-visibility":"","ast-main-header-display":"","ast-hfb-above-header-display":"","ast-hfb-below-header-display":"","ast-hfb-mobile-header-display":"","site-post-title":"","ast-breadcrumbs-content":"","ast-featured-img":"","footer-sml-layout":"","theme-transparent-header-meta":"default","adv-header-id-meta":"","stick-header-meta":"","header-above-stick-meta":"","header-main-stick-meta":"","header-below-stick-meta":"","astra-migrate-meta-layouts":"set","_joinchat":[]},"product_cat":[162,153,155,33,59,100,34,158,157,154,152,58,84,156,63,32],"product_tag":[77,36,37,91,105,41,71,40],"class_list":["post-3047","product","type-product","status-publish","has-post-thumbnail","hentry","product_cat-20000-puffs-disposable-vape","product_cat-hot-disposable-vapes","product_cat-belgium-hot-disposable-vapes","product_cat-france-vape-hot-sale","product_cat-germany-hot-disposable-vape","product_cat-germany-wholesale-vape-shop","product_cat-netherlands-vape-good-sale","product_cat-norway-hot-disposable-vapes","product_cat-poland-hot-disposable-vapes","product_cat-portugal-hot-disposable-vapes","product_cat-spain-hot-disposable-vapes","product_cat-sweden-hot-disposable-vape","product_cat-sweden-wholesale-vape","product_cat-switzerland-hot-disposable-vapes","product_cat-top-sale-disposable-vape","product_cat-vape-hot-sale-this-week","product_tag-15000-puffs","product_tag-good-vape","product_tag-hot-sale-disposable-vape","product_tag-italy-hot-vape","product_tag-jnr","product_tag-poland-hot-vape","product_tag-randm","product_tag-sweden-hot-vape","desktop-align-left","tablet-align-left","mobile-align-left"],"yoast_head":"<!-- This site is optimized with the Yoast SEO plugin v21.1 - https:\/\/yoast.com\/wordpress\/plugins\/seo\/ -->\n<title>Vapme Shisha PRO Max 20k Type-C Rechargeable Vape - vapebulkp.com<\/title>\n<meta name=\"description\" content=\"Vapme Shisha Pro Max 20k Puffs is a high-capacity rechargeable vape pen with 28mL e-liquid, 24 flavors, and 2% nicotine. Featuring mesh coil and DTL design for rich clouds, it\u2019s perfect for European retailers and cloud-chasing enthusiasts.\" \/>\n<meta name=\"robots\" content=\"index, follow, max-snippet:-1, max-image-preview:large, max-video-preview:-1\" \/>\n<link rel=\"canonical\" href=\"https:\/\/vapebulkp.com\/lt\/product\/vapme-shisha-pro-max-20k-type-c-rechargeable-vape\/\" \/>\n<meta property=\"og:locale\" content=\"lt_LT\" \/>\n<meta property=\"og:type\" content=\"article\" \/>\n<meta property=\"og:title\" content=\"Vapme Shisha PRO Max 20k Type-C Rechargeable Vape - vapebulkp.com\" \/>\n<meta property=\"og:description\" content=\"Vapme Shisha Pro Max 20k Puffs is a high-capacity rechargeable vape pen with 28mL e-liquid, 24 flavors, and 2% nicotine. Featuring mesh coil and DTL design for rich clouds, it\u2019s perfect for European retailers and cloud-chasing enthusiasts.\" \/>\n<meta property=\"og:url\" content=\"https:\/\/vapebulkp.com\/lt\/product\/vapme-shisha-pro-max-20k-type-c-rechargeable-vape\/\" \/>\n<meta property=\"og:site_name\" content=\"vapebulkp.com\" \/>\n<meta property=\"article:modified_time\" content=\"2025-09-08T03:08:08+00:00\" \/>\n<meta property=\"og:image\" content=\"http:\/\/vapebulkp.com\/wp-content\/uploads\/2024\/10\/Vapme-Shisha-PRO-Max-20000-Puffs-Disposable-Vape-20k-Puffs-Vape.jpg\" \/>\n\t<meta property=\"og:image:width\" content=\"550\" \/>\n\t<meta property=\"og:image:height\" content=\"550\" \/>\n\t<meta property=\"og:image:type\" content=\"image\/jpeg\" \/>\n<meta name=\"twitter:card\" content=\"summary_large_image\" \/>\n<meta name=\"twitter:label1\" content=\"Est. reading time\" \/>\n\t<meta name=\"twitter:data1\" content=\"4 minut\u0117s\" \/>\n<script type=\"application\/ld+json\" class=\"yoast-schema-graph\">{\"@context\":\"https:\/\/schema.org\",\"@graph\":[{\"@type\":\"WebPage\",\"@id\":\"https:\/\/vapebulkp.com\/product\/vapme-shisha-pro-max-20k-type-c-rechargeable-vape\/\",\"url\":\"https:\/\/vapebulkp.com\/product\/vapme-shisha-pro-max-20k-type-c-rechargeable-vape\/\",\"name\":\"Vapme Shisha PRO Max 20k Type-C Rechargeable Vape - vapebulkp.com\",\"isPartOf\":{\"@id\":\"https:\/\/vapebulkp.com\/#website\"},\"datePublished\":\"2024-10-23T07:54:46+00:00\",\"dateModified\":\"2025-09-08T03:08:08+00:00\",\"description\":\"Vapme Shisha Pro Max 20k Puffs is a high-capacity rechargeable vape pen with 28mL e-liquid, 24 flavors, and 2% nicotine. Featuring mesh coil and DTL design for rich clouds, it\u2019s perfect for European retailers and cloud-chasing enthusiasts.\",\"breadcrumb\":{\"@id\":\"https:\/\/vapebulkp.com\/product\/vapme-shisha-pro-max-20k-type-c-rechargeable-vape\/#breadcrumb\"},\"inLanguage\":\"lt-LT\",\"potentialAction\":[{\"@type\":\"ReadAction\",\"target\":[\"https:\/\/vapebulkp.com\/product\/vapme-shisha-pro-max-20k-type-c-rechargeable-vape\/\"]}]},{\"@type\":\"BreadcrumbList\",\"@id\":\"https:\/\/vapebulkp.com\/product\/vapme-shisha-pro-max-20k-type-c-rechargeable-vape\/#breadcrumb\",\"itemListElement\":[{\"@type\":\"ListItem\",\"position\":1,\"name\":\"Home\",\"item\":\"https:\/\/vapebulkp.com\/\"},{\"@type\":\"ListItem\",\"position\":2,\"name\":\"Hot Trend Vapes\",\"item\":\"https:\/\/vapebulkp.com\/vape-shop\/\"},{\"@type\":\"ListItem\",\"position\":3,\"name\":\"Vapme Shisha PRO Max 20k Type-C Rechargeable Vape\"}]},{\"@type\":\"WebSite\",\"@id\":\"https:\/\/vapebulkp.com\/#website\",\"url\":\"https:\/\/vapebulkp.com\/\",\"name\":\"vapebulkp.com\",\"description\":\"Buy Vape In Cheap Bulk Price Near you\",\"publisher\":{\"@id\":\"https:\/\/vapebulkp.com\/#organization\"},\"potentialAction\":[{\"@type\":\"SearchAction\",\"target\":{\"@type\":\"EntryPoint\",\"urlTemplate\":\"https:\/\/vapebulkp.com\/?s={search_term_string}\"},\"query-input\":\"required name=search_term_string\"}],\"inLanguage\":\"lt-LT\"},{\"@type\":\"Organization\",\"@id\":\"https:\/\/vapebulkp.com\/#organization\",\"name\":\"vapebulkp.com\",\"url\":\"https:\/\/vapebulkp.com\/\",\"logo\":{\"@type\":\"ImageObject\",\"inLanguage\":\"lt-LT\",\"@id\":\"https:\/\/vapebulkp.com\/#\/schema\/logo\/image\/\",\"url\":\"https:\/\/vapebulkp.com\/wp-content\/uploads\/2023\/09\/cropped-vapebulkp.png\",\"contentUrl\":\"https:\/\/vapebulkp.com\/wp-content\/uploads\/2023\/09\/cropped-vapebulkp.png\",\"width\":516,\"height\":163,\"caption\":\"vapebulkp.com\"},\"image\":{\"@id\":\"https:\/\/vapebulkp.com\/#\/schema\/logo\/image\/\"}}]}<\/script>\n<!-- \/ Yoast SEO plugin. -->","yoast_head_json":{"title":"Vapme Shisha PRO Max 20k Type-C Rechargeable Vape - vapebulkp.com","description":"Vapme Shisha Pro Max 20k Puffs is a high-capacity rechargeable vape pen with 28mL e-liquid, 24 flavors, and 2% nicotine. Featuring mesh coil and DTL design for rich clouds, it\u2019s perfect for European retailers and cloud-chasing enthusiasts.","robots":{"index":"index","follow":"follow","max-snippet":"max-snippet:-1","max-image-preview":"max-image-preview:large","max-video-preview":"max-video-preview:-1"},"canonical":"https:\/\/vapebulkp.com\/lt\/product\/vapme-shisha-pro-max-20k-type-c-rechargeable-vape\/","og_locale":"lt_LT","og_type":"article","og_title":"Vapme Shisha PRO Max 20k Type-C Rechargeable Vape - vapebulkp.com","og_description":"Vapme Shisha Pro Max 20k Puffs is a high-capacity rechargeable vape pen with 28mL e-liquid, 24 flavors, and 2% nicotine. Featuring mesh coil and DTL design for rich clouds, it\u2019s perfect for European retailers and cloud-chasing enthusiasts.","og_url":"https:\/\/vapebulkp.com\/lt\/product\/vapme-shisha-pro-max-20k-type-c-rechargeable-vape\/","og_site_name":"vapebulkp.com","article_modified_time":"2025-09-08T03:08:08+00:00","og_image":[{"width":550,"height":550,"url":"http:\/\/vapebulkp.com\/wp-content\/uploads\/2024\/10\/Vapme-Shisha-PRO-Max-20000-Puffs-Disposable-Vape-20k-Puffs-Vape.jpg","type":"image\/jpeg"}],"twitter_card":"summary_large_image","twitter_misc":{"Est. reading time":"4 minut\u0117s"},"schema":{"@context":"https:\/\/schema.org","@graph":[{"@type":"WebPage","@id":"https:\/\/vapebulkp.com\/product\/vapme-shisha-pro-max-20k-type-c-rechargeable-vape\/","url":"https:\/\/vapebulkp.com\/product\/vapme-shisha-pro-max-20k-type-c-rechargeable-vape\/","name":"Vapme Shisha PRO Max 20k Type-C Rechargeable Vape - vapebulkp.com","isPartOf":{"@id":"https:\/\/vapebulkp.com\/#website"},"datePublished":"2024-10-23T07:54:46+00:00","dateModified":"2025-09-08T03:08:08+00:00","description":"Vapme Shisha Pro Max 20k Puffs is a high-capacity rechargeable vape pen with 28mL e-liquid, 24 flavors, and 2% nicotine. Featuring mesh coil and DTL design for rich clouds, it\u2019s perfect for European retailers and cloud-chasing enthusiasts.","breadcrumb":{"@id":"https:\/\/vapebulkp.com\/product\/vapme-shisha-pro-max-20k-type-c-rechargeable-vape\/#breadcrumb"},"inLanguage":"lt-LT","potentialAction":[{"@type":"ReadAction","target":["https:\/\/vapebulkp.com\/product\/vapme-shisha-pro-max-20k-type-c-rechargeable-vape\/"]}]},{"@type":"BreadcrumbList","@id":"https:\/\/vapebulkp.com\/product\/vapme-shisha-pro-max-20k-type-c-rechargeable-vape\/#breadcrumb","itemListElement":[{"@type":"ListItem","position":1,"name":"Home","item":"https:\/\/vapebulkp.com\/"},{"@type":"ListItem","position":2,"name":"Hot Trend Vapes","item":"https:\/\/vapebulkp.com\/vape-shop\/"},{"@type":"ListItem","position":3,"name":"Vapme Shisha PRO Max 20k Type-C Rechargeable Vape"}]},{"@type":"WebSite","@id":"https:\/\/vapebulkp.com\/#website","url":"https:\/\/vapebulkp.com\/","name":"vapebulkp.com","description":"Buy Vape In Cheap Bulk Price Near you","publisher":{"@id":"https:\/\/vapebulkp.com\/#organization"},"potentialAction":[{"@type":"SearchAction","target":{"@type":"EntryPoint","urlTemplate":"https:\/\/vapebulkp.com\/?s={search_term_string}"},"query-input":"required name=search_term_string"}],"inLanguage":"lt-LT"},{"@type":"Organization","@id":"https:\/\/vapebulkp.com\/#organization","name":"vapebulkp.com","url":"https:\/\/vapebulkp.com\/","logo":{"@type":"ImageObject","inLanguage":"lt-LT","@id":"https:\/\/vapebulkp.com\/#\/schema\/logo\/image\/","url":"https:\/\/vapebulkp.com\/wp-content\/uploads\/2023\/09\/cropped-vapebulkp.png","contentUrl":"https:\/\/vapebulkp.com\/wp-content\/uploads\/2023\/09\/cropped-vapebulkp.png","width":516,"height":163,"caption":"vapebulkp.com"},"image":{"@id":"https:\/\/vapebulkp.com\/#\/schema\/logo\/image\/"}}]}},"uagb_featured_image_src":{"full":["https:\/\/vapebulkp.com\/wp-content\/uploads\/2024\/10\/Vapme-Shisha-PRO-Max-20000-Puffs-Disposable-Vape-20k-Puffs-Vape.jpg",550,550,false],"thumbnail":["https:\/\/vapebulkp.com\/wp-content\/uploads\/2024\/10\/Vapme-Shisha-PRO-Max-20000-Puffs-Disposable-Vape-20k-Puffs-Vape-150x150.jpg",150,150,true],"medium":["https:\/\/vapebulkp.com\/wp-content\/uploads\/2024\/10\/Vapme-Shisha-PRO-Max-20000-Puffs-Disposable-Vape-20k-Puffs-Vape-300x300.jpg",300,300,true],"medium_large":["https:\/\/vapebulkp.com\/wp-content\/uploads\/2024\/10\/Vapme-Shisha-PRO-Max-20000-Puffs-Disposable-Vape-20k-Puffs-Vape.jpg",550,550,false],"large":["https:\/\/vapebulkp.com\/wp-content\/uploads\/2024\/10\/Vapme-Shisha-PRO-Max-20000-Puffs-Disposable-Vape-20k-Puffs-Vape.jpg",550,550,false],"1536x1536":["https:\/\/vapebulkp.com\/wp-content\/uploads\/2024\/10\/Vapme-Shisha-PRO-Max-20000-Puffs-Disposable-Vape-20k-Puffs-Vape.jpg",550,550,false],"2048x2048":["https:\/\/vapebulkp.com\/wp-content\/uploads\/2024\/10\/Vapme-Shisha-PRO-Max-20000-Puffs-Disposable-Vape-20k-Puffs-Vape.jpg",550,550,false],"trp-custom-language-flag":["https:\/\/vapebulkp.com\/wp-content\/uploads\/2024\/10\/Vapme-Shisha-PRO-Max-20000-Puffs-Disposable-Vape-20k-Puffs-Vape.jpg",12,12,false],"woocommerce_thumbnail":["https:\/\/vapebulkp.com\/wp-content\/uploads\/2024\/10\/Vapme-Shisha-PRO-Max-20000-Puffs-Disposable-Vape-20k-Puffs-Vape-300x300.jpg",300,300,true],"woocommerce_single":["https:\/\/vapebulkp.com\/wp-content\/uploads\/2024\/10\/Vapme-Shisha-PRO-Max-20000-Puffs-Disposable-Vape-20k-Puffs-Vape.jpg",550,550,false],"woocommerce_gallery_thumbnail":["https:\/\/vapebulkp.com\/wp-content\/uploads\/2024\/10\/Vapme-Shisha-PRO-Max-20000-Puffs-Disposable-Vape-20k-Puffs-Vape-100x100.jpg",100,100,true],"wcpr-photo-reviews":["https:\/\/vapebulkp.com\/wp-content\/uploads\/2024\/10\/Vapme-Shisha-PRO-Max-20000-Puffs-Disposable-Vape-20k-Puffs-Vape.jpg",500,500,false]},"uagb_author_info":{"display_name":"Mandy vape bulk price","author_link":"https:\/\/vapebulkp.com\/lt\/author\/"},"uagb_comment_info":0,"uagb_excerpt":"Vapme Shisha Pro Max 20k Puffs for European Retailers 850mAh Rechargeable VAPME shisha Vape 20000 Puffs Pls Contact Mandy's WhatsApp For Discount Price+8618077105796 NOTE: Prices on our website does not include shipping costs","_links":{"self":[{"href":"https:\/\/vapebulkp.com\/lt\/wp-json\/wp\/v2\/product\/3047","targetHints":{"allow":["GET"]}}],"collection":[{"href":"https:\/\/vapebulkp.com\/lt\/wp-json\/wp\/v2\/product"}],"about":[{"href":"https:\/\/vapebulkp.com\/lt\/wp-json\/wp\/v2\/types\/product"}],"replies":[{"embeddable":true,"href":"https:\/\/vapebulkp.com\/lt\/wp-json\/wp\/v2\/comments?post=3047"}],"wp:featuredmedia":[{"embeddable":true,"href":"https:\/\/vapebulkp.com\/lt\/wp-json\/wp\/v2\/media\/3045"}],"wp:attachment":[{"href":"https:\/\/vapebulkp.com\/lt\/wp-json\/wp\/v2\/media?parent=3047"}],"wp:term":[{"taxonomy":"product_cat","embeddable":true,"href":"https:\/\/vapebulkp.com\/lt\/wp-json\/wp\/v2\/product_cat?post=3047"},{"taxonomy":"product_tag","embeddable":true,"href":"https:\/\/vapebulkp.com\/lt\/wp-json\/wp\/v2\/product_tag?post=3047"}],"curies":[{"name":"wp","href":"https:\/\/api.w.org\/{rel}","templated":true}]}}