{"id":3168,"date":"2024-11-26T08:13:47","date_gmt":"2024-11-26T07:13:47","guid":{"rendered":"https:\/\/vapebulkp.com\/?post_type=product&#038;p=3168"},"modified":"2025-08-29T05:07:15","modified_gmt":"2025-08-29T03:07:15","slug":"hzko-supernova-30000-puff-eu-warehouse-vape-disposable-vape","status":"publish","type":"product","link":"https:\/\/vapebulkp.com\/lt\/product\/hzko-supernova-30000-puff-eu-warehouse-vape-disposable-vape\/","title":{"rendered":"HZKO Supernova 30000 d\u016b\u017ei\u0173 ES sand\u0117lio vienkartin\u0117 elektronin\u0117 cigaret\u0117 su ekranu"},"content":{"rendered":"<h1>HZKO Supernova 30000 d\u016b\u017ei\u0173 ES sand\u0117lio vienkartin\u0117 elektronin\u0117 cigaret\u0117 su ekranu<\/h1>\n<p>Tas <b>HZKO Supernova 30000 P\u016btim\u0173<\/b> sukurtas \u0161iuolaikiniam Europos vaperiui. \u0160is prietaisas nustato nauj\u0105 patogumo ir na\u0161umo standart\u0105 d\u0117l savo dr\u0105saus dizaino ir pa\u017eangi\u0173 funkcij\u0173. Integruotas skaitmeninis ekranas suteikia akimirksniu atnaujinimus realiu laiku apie j\u016bs\u0173 <a href=\"https:\/\/vapebulkp.com\/lt\/product-category\/30000-puff-disposable-vape\/\"><b>30000 Puffs vienkartinis garintuvas<\/b><\/a>, \u012fskaitant baterijos veikimo laik\u0105 ir e-skys\u010dio lygius. J\u016bs visada visi\u0161kai kontroliuojate.<\/p>\n<p>\u0160is <b>\u012fkraunam\u0105 garintuvo baterij\u0105<\/b> maitinamas patikimu 850 mAh akumuliatoriumi su C tipo greituoju \u012fkrovimu. Jo dvigubos tinklelio rit\u0117s ir 23 ml e-skys\u010dio suteikia sodr\u0173, nuosekl\u0173 skon\u012f nuo pirmo iki paskutinio p\u016btelio. Pritaikykite savo p\u016btim\u0105 reguliuojama oro srauto funkcija ir rinkit\u0117s i\u0161 12 skirting\u0173 skoni\u0173 su 2% arba 5% nikotino druskos parinktimis.<\/p>\n<p>Galima \u012fsigyti tiesiogiai i\u0161 m\u016bs\u0173 ES sand\u0117lio, \u0161is <a href=\"https:\/\/vapebulkp.com\/lt\/product\/hzko-supernova-30000-puff-eu-warehouse-vape-disposable-vape\/\"><b>HZKO Supernova 30000 P\u016btim\u0173<\/b><\/a> garantuoja greit\u0105 pristatym\u0105 visoje <a href=\"https:\/\/vapebulkp.com\/lt\/puffs-stock-europe-warehouse\/\">Vaperi\u0173 Europos rinkoje<\/a>. Tai puikus <b>vape rinkinys<\/b> tiems, kurie reikalauja technologij\u0173, stiliaus ir <b>didelio i\u0161p\u016btim\u0173 skai\u010diaus<\/b> vienoje aptakioje, efektyvioje e-cigaret\u0117je.<\/p>\n<p><img decoding=\"async\" class=\"alignnone wp-image-3165\" src=\"http:\/\/vapebulkp.com\/wp-content\/uploads\/2024\/11\/HZKO-supernova-30000-puffs-Randm-Vapes.jpg\" alt=\"HZKO supernova 30000 p\u016btim\u0173 Randm Vapes\" width=\"507\" height=\"507\" srcset=\"https:\/\/vapebulkp.com\/wp-content\/uploads\/2024\/11\/HZKO-supernova-30000-puffs-Randm-Vapes.jpg 800w, https:\/\/vapebulkp.com\/wp-content\/uploads\/2024\/11\/HZKO-supernova-30000-puffs-Randm-Vapes-300x300.jpg 300w, https:\/\/vapebulkp.com\/wp-content\/uploads\/2024\/11\/HZKO-supernova-30000-puffs-Randm-Vapes-150x150.jpg 150w, https:\/\/vapebulkp.com\/wp-content\/uploads\/2024\/11\/HZKO-supernova-30000-puffs-Randm-Vapes-768x768.jpg 768w, https:\/\/vapebulkp.com\/wp-content\/uploads\/2024\/11\/HZKO-supernova-30000-puffs-Randm-Vapes-600x600.jpg 600w, https:\/\/vapebulkp.com\/wp-content\/uploads\/2024\/11\/HZKO-supernova-30000-puffs-Randm-Vapes-100x100.jpg 100w\" sizes=\"(max-width: 507px) 100vw, 507px\" \/><\/p>\n<h6 style=\"text-align: left\"><\/h6>\n<h6>D\u0117l nuolaidos kainos susisiekite su Mandy per WhatsApp<a href=\"https:\/\/wa.me\/8618077105796\">+8618077105796<\/a><\/h6>\n<p><img decoding=\"async\" class=\"alignnone wp-image-2151\" src=\"http:\/\/vapebulkp.com\/wp-content\/uploads\/2024\/04\/Mandy-WhatsApp-Randm.jpg\" alt=\"Mandy WhatsApp Atsitiktinis\" width=\"263\" height=\"280\" srcset=\"https:\/\/vapebulkp.com\/wp-content\/uploads\/2024\/04\/Mandy-WhatsApp-Randm.jpg 916w, https:\/\/vapebulkp.com\/wp-content\/uploads\/2024\/04\/Mandy-WhatsApp-Randm-282x300.jpg 282w, https:\/\/vapebulkp.com\/wp-content\/uploads\/2024\/04\/Mandy-WhatsApp-Randm-768x817.jpg 768w, https:\/\/vapebulkp.com\/wp-content\/uploads\/2024\/04\/Mandy-WhatsApp-Randm-600x638.jpg 600w\" sizes=\"(max-width: 263px) 100vw, 263px\" \/><\/p>\n<p>&nbsp;<\/p>\n<h2><strong>DUK apie HZKO Supernova 30K P\u016btim\u0173 vienkartin\u0119 vapinimo priemon\u0119<\/strong><\/h2>\n<p><strong>1. Kiek p\u016btim\u0173 suteikia HZKO Supernova 30k?<\/strong><br \/>\nHZKO Supernova si\u016blo \u012fsp\u016bdingus <strong>30 000 \u012fkv\u0117pim\u0173<\/strong>, tod\u0117l tai yra geriausias pasirinkimas ilgalaikiam vapinimui.<\/p>\n<p><strong>2. Ar HZKO Supernova 30000 p\u016btim\u0173 vape yra pakraunamas?<\/strong><br \/>\nTaip, jis turi <strong>\u012fkraunam\u0105 850 mAh baterij\u0105<\/strong> su <strong>Type-C \u012fkrovimo prievadas<\/strong> greitam ir patogiam \u012fkrovimui.<\/p>\n<p><strong>3. Ar HZKO 30000 p\u016btim\u0173 vape galima greitai pristatyti Europoje?<\/strong><br \/>\nTikrai! Turint preki\u0173 <strong>ES sand\u0117lyje<\/strong>, Europos klientai m\u0117gaujasi <strong>greit\u0105 pristatym\u0105<\/strong>.<\/p>\n<h4><\/h4>\n<h2><strong>Kod\u0117l verta pirkti pig\u0173 HZKO Supernova 30K Puff kar\u0161t\u0105 garintuv\u0105 i\u0161 <a href=\"https:\/\/vapebulkp.com\/lt\/\">Vapebulkp<\/a>?<\/strong><\/h2>\n<ol>\n<li><strong>I\u0161skirtin\u0117s kainos<\/strong>: Vapebulkp si\u016blo konkurencingas didmenines kainas, u\u017etikrindama geriausi\u0105 vert\u0119 u\u017e auk\u0161tos kokyb\u0117s produktus, tokius kaip HZKO Supernova 30000 Puff.<\/li>\n<li><strong>Sand\u0117lio prieinamumas Lietuvoje<\/strong>: M\u0117gaukit\u0117s greitu ir patikimu pristatymu visoje Europoje, nes atsargos yra laikomos vietoje, kas suma\u017eina laukimo laik\u0105 ir u\u017etikrina skland\u017ei\u0105 apsipirkimo patirt\u012f.<\/li>\n<li><strong>Garantuotas autenti\u0161kumas<\/strong>: Vapebulkp yra patikimas originali\u0173 garinimo produkt\u0173 tiek\u0117jas, tod\u0117l galite dr\u0105siai apsipirkti \u017einodami, kad \u012fsigyjate tikr\u0105 prek\u0119.<\/li>\n<li><strong>\u012evairus skoni\u0173 pasirinkimas<\/strong>: Rinkit\u0117s i\u0161 12 unikali\u0173 skoni\u0173, pritaikyt\u0173 Europos garintoj\u0173 pageidavimams, kartu su lanks\u010diomis nikotino druskos galimyb\u0117mis (0%, 2%, 3%, 5%).<\/li>\n<li><strong>\u012e klient\u0105 orientuotas aptarnavimas<\/strong>: <a href=\"https:\/\/vapebulkp.com\/lt\/\">Vapebulkp<\/a> did\u017eiuojasi i\u0161skirtiniu klient\u0173 aptarnavimu, pasireng\u0119s pad\u0117ti su u\u017eklausomis ir didmeniniais u\u017esakymais tiek fiziniams asmenims, tiek ma\u017emenininkams.<\/li>\n<li><strong>Ekologi\u0161kos savyb\u0117s<\/strong>: \u012ekraunamas per C tipo jungt\u012f ir maitinamas 850 mAh baterija, HZKO Supernova 30000 Puffs garintuvas skatina tvar\u0173 garinim\u0105, der\u0117damas su Vapebulkp \u012fsipareigojimu moderniems, aplink\u0105 tausojantiems produktams.<\/li>\n<\/ol>\n<h3><strong>Lietuvos elektronin\u0117s cigaret\u0117s Supernova 30000 Puff vienkartinio garintuvo produkto savyb\u0117s<\/strong><\/h3>\n<ul>\n<li><strong>Pilnas skaitmeninis ekranas<\/strong>: Stebi p\u016btimo skai\u010di\u0173, baterijos veikimo laik\u0105 ir kitas svarbias detales.<\/li>\n<li><strong>Reguliuojamas oro srautas<\/strong>: Pritaikykite savo traukim\u0105 asmeninei garinimo patir\u010diai.<\/li>\n<li><strong>Nikotino druskos pasirinkimai<\/strong>: Galimi 0%, 2%, 3% ir 5% lankst\u0173 nikotino poreiki\u0173.<\/li>\n<li><strong>Didel\u0117 e-skys\u010dio talpa<\/strong>: U\u017epildytas 23 ml e-skys\u010dio ilgalaikiam naudojimui.<\/li>\n<li><strong>Dviguba tinklelio rit\u0117s technologija<\/strong>: U\u017etikrina pastov\u0173 skon\u012f ir skland\u0173 gar\u0173 gamyb\u0105.<\/li>\n<li><strong>12 Skoni\u0173 variant\u0173<\/strong>: Platus skoni\u0173 pasirinkimas, tinkantis kiekvienai nuotaikai.<\/li>\n<li><strong>\u012ekraunama baterija<\/strong>: Integruota 850mAh baterija, u\u017etikrinanti ilgesn\u012f veikimo laik\u0105.<\/li>\n<li><strong>C tipo \u012fkrovimo prievadas<\/strong>: Greitas ir patogus \u012fkrovimas minimaliam prastovos laikui.<\/li>\n<li><strong>I\u0161skirtinis \u012fp\u016btim\u0173 skai\u010dius<\/strong>: Suteikia iki 30 000 \u012fkv\u0117pim\u0173, u\u017etikrindamas neprilygstam\u0105 ilgaam\u017ei\u0161kum\u0105.<\/li>\n<\/ul>\n<h3 class=\"sr-proMainInfo-baseInfoH1 J-baseInfo-name\">Kaljaninio garintuvo HZKO supernova 30000 \u012fkv\u0117pim\u0173 skoni\u0173 s\u0105ra\u0161as:<\/h3>\n<p>1. M\u0117lynasis avie\u010di\u0173 ledas<br \/>\n2. Majamio m\u0117tos<br \/>\n3.Arb\u016bz\u0173 ledas<br \/>\n4. \u017dali\u0173j\u0173 citrin\u0173 uogos apelsinas<br \/>\n5.Bra\u0161ki\u0173 B-Pop<br \/>\n6.R\u016bg\u0161tus obuoli\u0173 ledas<br \/>\n7.Gervuogi\u0173 B-pop<br \/>\n8.Greipfrut\u0173 gaiviklis<br \/>\n9.Avie\u010di\u0173, persik\u0173 ir laimo<br \/>\n10. R\u016bg\u0161tus mang\u0173 ir ananas\u0173<br \/>\n11.Mi\u0161rios uogos<br \/>\n12.Persik\u0173 ir m\u0117lyni\u0173 ko\u0161\u0117<\/p>\n<p><a href=\"https:\/\/vapebulkp.com\/lt\/product\/wga-crystal-plus-16000-puffs-led-light-disposable-vape\/\">WGA Crystal Plus 16000 Puffs<\/a><\/p>\n<p><span style=\"vertical-align: inherit\">Raskite daugiau produkt\u0173, kurie jums gali patikti:<\/span><em><a href=\"https:\/\/wa.me\/8618077105796\"><span style=\"vertical-align: inherit\">\u00a0Pirkti dabar<\/span><\/a><\/em><\/p>\n<p><span style=\"vertical-align: inherit\">Kiti \u012ftraukimai, kurie jums gali patikti:<\/span><a href=\"https:\/\/vapebulkp.com\/lt\/product\/good-sale-randm-tornado-10000-puffs-plus\/\"><span style=\"vertical-align: inherit\">RandM 10000 \u012ftraukim\u0173<\/span><\/a><span style=\"vertical-align: inherit\">\u2014Su 10 000 \u012ftraukim\u0173 talpa, \u0161is \u012frenginys yra m\u0117gstamiausias tarp vaping entuziast\u0173.<\/span><\/p>\n<p><a href=\"https:\/\/vapebulkp.com\/lt\/product\/wholesale-randm-tornado-9000-puffs-germany\/\"><span style=\"vertical-align: inherit\">RandM Tornado 9000 \u012ftraukim\u0173<\/span><\/a><span style=\"vertical-align: inherit\">\u2014Kaip populiariausias elektroninis cigaret\u0117, Randm turi 9000 \u012ftraukim\u0173, kuriais galite m\u0117gautis<\/span><\/p>\n<p><a href=\"https:\/\/vapebulkp.com\/lt\/product\/bang-20000-puffs-hot-vape-top-sale-vape\/\"><span style=\"vertical-align: inherit\">Bang 20000 Puffs<\/span><\/a><span style=\"vertical-align: inherit\">\u2014\u201eBang King\u201c yra populiarus prek\u0117s \u017eenklas su unikaliais modeliais ir 20000 \u012ftraukim\u0173<\/span><\/p>\n<p><a href=\"https:\/\/vapebulkp.com\/lt\/product\/bang-king-12000puffs\/\"><span style=\"vertical-align: inherit\">Bang King 12000 \u012ftraukim\u0173<\/span><\/a>\u2014-\u201eBang King 12000 Puffs\u201c yra populiarus prek\u0117s \u017eenklas su unikaliais modeliais ir 12 000 p\u016btim\u0173, dar viena galimyb\u0117 patenkinti j\u016bs\u0173 garinimo poreikius.<\/p>\n<p><span style=\"vertical-align: inherit\">Ypatingos formos elektronini\u0173 cigare\u010di\u0173 buteliukas:<\/span><a href=\"https:\/\/vapebulkp.com\/lt\/product\/fumot-tornado-25k-puffs-cheap-price-disposable-vape\/\"><span style=\"vertical-align: inherit\">Fumot Tornado 25000 R\u016bkan\u010di\u0173<\/span><\/a><span style=\"vertical-align: inherit\">\/ <\/span><a href=\"https:\/\/vapebulkp.com\/lt\/product\/vapme-crystal-7000-puffs-original-vape-good-flavor\/\"><span style=\"vertical-align: inherit\">Crystal 7000 Puffs<\/span><\/a><span style=\"vertical-align: inherit\">\/<\/span><a href=\"https:\/\/vapebulkp.com\/lt\/product\/vozol-gear-power-disposable-vape-20000-puffs-dual-mode-5-nicotine\/\"><span style=\"vertical-align: inherit\">VOZOL Gear power 20000 P\u016btim\u0173<\/span><\/a><\/p>\n<p><a href=\"https:\/\/vapebulkp.com\/lt\/product\/waspe-vape-40000-puff-fihp-double-flavour-disposable-vape\/\">\u00a0WASPE FIHP 40000 Puffs Originalus garintuvas<\/a><\/p>\n<p><a href=\"https:\/\/vapebulkp.com\/lt\/product\/jnr-vape-mega-box-25000-puff-discount-price-vape-pods\/\">\u00a0JNR MEGA BOX 25K \u012eP\u016aTIM\u0172<\/a><\/p>\n<p><a href=\"https:\/\/vapebulkp.com\/lt\/product\/jnr-vape-mega-box-25000-puff-discount-price-vape-pods\/\">JNR VAPE MEGA BOX 25000 P\u016btim\u0173 <\/a><\/p>\n<h4>Pristatymo detal\u0117s:<\/h4>\n<p><span style=\"color: #ff6600\">Gamybos laikas: 5-10 darbo dien\u0173<\/span><br \/>\n<span style=\"color: #ff6600\">Pristatymo laikas: 8-14 darbo dien\u0173<\/span><\/p>\n<p>Visi m\u016bs\u0173 parduotuv\u0117s produktai yra 100% original\u016bs ir autenti\u0161ki, tod\u0117l m\u016bs\u0173 parduotuv\u0117s politika yra de\u0161imteriopa kompensacija u\u017e padirbtas prekes. Prek\u0117ms pristatyti naudojame tokius logistikos kanalus kaip UPS\/DHL\/FEDEX\/DPD.<\/p>\n<p>Pristatymas \u012f Lietuvos \u0161alis paprastai trunka 10 darbo dien\u0173. Pristatymas \u012f Europos \u0161alis paprastai u\u017etrunka nuo 12 iki 15 darbo dien\u0173. Logistikos informacij\u0105 atnaujinsime realiuoju laiku.<\/p>","protected":false},"excerpt":{"rendered":"<p>HZKO Supernova 30000 Puffs Vape Pods pasi\u017eymi neprilygstama ilgaam\u017ei\u0161kumu, sodriu skoniu, reguliuojamu oro srautu ir skaitmeniniu ekranu \u2013 apjungia naujoves ir patogum\u0105, kad patirtum\u0117te geriausi\u0105 garinimo patirt\u012f.<\/p>\n<p><img decoding=\"async\" class=\"alignnone wp-image-2151\" src=\"http:\/\/vapebulkp.com\/wp-content\/uploads\/2024\/04\/Mandy-WhatsApp-Randm.jpg\" alt=\"Mandy WhatsApp Atsitiktinis\" width=\"238\" height=\"253\" srcset=\"https:\/\/vapebulkp.com\/wp-content\/uploads\/2024\/04\/Mandy-WhatsApp-Randm.jpg 916w, https:\/\/vapebulkp.com\/wp-content\/uploads\/2024\/04\/Mandy-WhatsApp-Randm-282x300.jpg 282w, https:\/\/vapebulkp.com\/wp-content\/uploads\/2024\/04\/Mandy-WhatsApp-Randm-768x817.jpg 768w, https:\/\/vapebulkp.com\/wp-content\/uploads\/2024\/04\/Mandy-WhatsApp-Randm-600x638.jpg 600w\" sizes=\"(max-width: 238px) 100vw, 238px\" \/><\/p>\n<p>D\u0117l nuolaidos kainos susisiekite su Mandy per WhatsApp<a href=\"https:\/\/wa.me\/8618077105796\">+8618077105796<\/a><\/p>\n<p><span style=\"color: #ff0000\">PASTABA: Kainos m\u016bs\u0173 svetain\u0117je neapima siuntimo i\u0161laid\u0173<\/span><\/p>","protected":false},"featured_media":3164,"comment_status":"open","ping_status":"closed","template":"","meta":{"_uag_custom_page_level_css":"","_lmt_disableupdate":"no","_lmt_disable":"","site-sidebar-layout":"default","site-content-layout":"content-boxed-container","ast-site-content-layout":"normal-width-container","site-content-style":"boxed","site-sidebar-style":"unboxed","ast-global-header-display":"","ast-banner-title-visibility":"","ast-main-header-display":"","ast-hfb-above-header-display":"","ast-hfb-below-header-display":"","ast-hfb-mobile-header-display":"","site-post-title":"","ast-breadcrumbs-content":"","ast-featured-img":"","footer-sml-layout":"","theme-transparent-header-meta":"default","adv-header-id-meta":"","stick-header-meta":"","header-above-stick-meta":"","header-main-stick-meta":"","header-below-stick-meta":"","astra-migrate-meta-layouts":"set","_joinchat":[]},"product_cat":[160,153,155,33,59,100,87,34,158,157,154,152,58,84,156,63,32],"product_tag":[139,36,37,91,127,41,40],"class_list":["post-3168","product","type-product","status-publish","has-post-thumbnail","hentry","product_cat-30000-puff-disposable-vape","product_cat-hot-disposable-vapes","product_cat-belgium-hot-disposable-vapes","product_cat-france-vape-hot-sale","product_cat-germany-hot-disposable-vape","product_cat-germany-wholesale-vape-shop","product_cat-minimum-order-quantity-50pcs","product_cat-netherlands-vape-good-sale","product_cat-norway-hot-disposable-vapes","product_cat-poland-hot-disposable-vapes","product_cat-portugal-hot-disposable-vapes","product_cat-spain-hot-disposable-vapes","product_cat-sweden-hot-disposable-vape","product_cat-sweden-wholesale-vape","product_cat-switzerland-hot-disposable-vapes","product_cat-top-sale-disposable-vape","product_cat-vape-hot-sale-this-week","product_tag-30k-puffs","product_tag-good-vape","product_tag-hot-sale-disposable-vape","product_tag-italy-hot-vape","product_tag-original-vape-inr-shisha","product_tag-poland-hot-vape","product_tag-sweden-hot-vape","desktop-align-left","tablet-align-left","mobile-align-left"],"yoast_head":"<!-- This site is optimized with the Yoast SEO plugin v21.1 - https:\/\/yoast.com\/wordpress\/plugins\/seo\/ -->\n<title>HZKO Supernova 30000 Puff EU Warehouse Vape Display Screen Disposable Vape - vapebulkp.com<\/title>\n<meta name=\"description\" content=\"Get the HZKO Supernova 30000 Puff Disposable Vape. Features a digital screen, dual mesh coils, and 30,000 puffs. Order from our EU warehouse for fast shipping.\" \/>\n<meta name=\"robots\" content=\"index, follow, max-snippet:-1, max-image-preview:large, max-video-preview:-1\" \/>\n<link rel=\"canonical\" href=\"https:\/\/vapebulkp.com\/lt\/product\/hzko-supernova-30000-puff-eu-warehouse-vape-disposable-vape\/\" \/>\n<meta property=\"og:locale\" content=\"lt_LT\" \/>\n<meta property=\"og:type\" content=\"article\" \/>\n<meta property=\"og:title\" content=\"HZKO Supernova 30000 Puff EU Warehouse Vape Display Screen Disposable Vape - vapebulkp.com\" \/>\n<meta property=\"og:description\" content=\"Get the HZKO Supernova 30000 Puff Disposable Vape. Features a digital screen, dual mesh coils, and 30,000 puffs. Order from our EU warehouse for fast shipping.\" \/>\n<meta property=\"og:url\" content=\"https:\/\/vapebulkp.com\/lt\/product\/hzko-supernova-30000-puff-eu-warehouse-vape-disposable-vape\/\" \/>\n<meta property=\"og:site_name\" content=\"vapebulkp.com\" \/>\n<meta property=\"article:modified_time\" content=\"2025-08-29T03:07:15+00:00\" \/>\n<meta property=\"og:image\" content=\"http:\/\/vapebulkp.com\/wp-content\/uploads\/2024\/11\/HZKO-supernova-30000-puffs-Hot-Sale-Vape.jpg\" \/>\n\t<meta property=\"og:image:width\" content=\"800\" \/>\n\t<meta property=\"og:image:height\" content=\"800\" \/>\n\t<meta property=\"og:image:type\" content=\"image\/jpeg\" \/>\n<meta name=\"twitter:card\" content=\"summary_large_image\" \/>\n<meta name=\"twitter:label1\" content=\"Est. reading time\" \/>\n\t<meta name=\"twitter:data1\" content=\"4 minut\u0117s\" \/>\n<script type=\"application\/ld+json\" class=\"yoast-schema-graph\">{\"@context\":\"https:\/\/schema.org\",\"@graph\":[{\"@type\":\"WebPage\",\"@id\":\"https:\/\/vapebulkp.com\/product\/hzko-supernova-30000-puff-eu-warehouse-vape-disposable-vape\/\",\"url\":\"https:\/\/vapebulkp.com\/product\/hzko-supernova-30000-puff-eu-warehouse-vape-disposable-vape\/\",\"name\":\"HZKO Supernova 30000 Puff EU Warehouse Vape Display Screen Disposable Vape - vapebulkp.com\",\"isPartOf\":{\"@id\":\"https:\/\/vapebulkp.com\/#website\"},\"datePublished\":\"2024-11-26T07:13:47+00:00\",\"dateModified\":\"2025-08-29T03:07:15+00:00\",\"description\":\"Get the HZKO Supernova 30000 Puff Disposable Vape. Features a digital screen, dual mesh coils, and 30,000 puffs. Order from our EU warehouse for fast shipping.\",\"breadcrumb\":{\"@id\":\"https:\/\/vapebulkp.com\/product\/hzko-supernova-30000-puff-eu-warehouse-vape-disposable-vape\/#breadcrumb\"},\"inLanguage\":\"lt-LT\",\"potentialAction\":[{\"@type\":\"ReadAction\",\"target\":[\"https:\/\/vapebulkp.com\/product\/hzko-supernova-30000-puff-eu-warehouse-vape-disposable-vape\/\"]}]},{\"@type\":\"BreadcrumbList\",\"@id\":\"https:\/\/vapebulkp.com\/product\/hzko-supernova-30000-puff-eu-warehouse-vape-disposable-vape\/#breadcrumb\",\"itemListElement\":[{\"@type\":\"ListItem\",\"position\":1,\"name\":\"Home\",\"item\":\"https:\/\/vapebulkp.com\/\"},{\"@type\":\"ListItem\",\"position\":2,\"name\":\"Hot Trend Vapes\",\"item\":\"https:\/\/vapebulkp.com\/vape-shop\/\"},{\"@type\":\"ListItem\",\"position\":3,\"name\":\"HZKO Supernova 30000 Puff EU Warehouse Vape Display Screen Disposable Vape\"}]},{\"@type\":\"WebSite\",\"@id\":\"https:\/\/vapebulkp.com\/#website\",\"url\":\"https:\/\/vapebulkp.com\/\",\"name\":\"vapebulkp.com\",\"description\":\"Buy Vape In Cheap Bulk Price Near you\",\"publisher\":{\"@id\":\"https:\/\/vapebulkp.com\/#organization\"},\"potentialAction\":[{\"@type\":\"SearchAction\",\"target\":{\"@type\":\"EntryPoint\",\"urlTemplate\":\"https:\/\/vapebulkp.com\/?s={search_term_string}\"},\"query-input\":\"required name=search_term_string\"}],\"inLanguage\":\"lt-LT\"},{\"@type\":\"Organization\",\"@id\":\"https:\/\/vapebulkp.com\/#organization\",\"name\":\"vapebulkp.com\",\"url\":\"https:\/\/vapebulkp.com\/\",\"logo\":{\"@type\":\"ImageObject\",\"inLanguage\":\"lt-LT\",\"@id\":\"https:\/\/vapebulkp.com\/#\/schema\/logo\/image\/\",\"url\":\"https:\/\/vapebulkp.com\/wp-content\/uploads\/2023\/09\/cropped-vapebulkp.png\",\"contentUrl\":\"https:\/\/vapebulkp.com\/wp-content\/uploads\/2023\/09\/cropped-vapebulkp.png\",\"width\":516,\"height\":163,\"caption\":\"vapebulkp.com\"},\"image\":{\"@id\":\"https:\/\/vapebulkp.com\/#\/schema\/logo\/image\/\"}}]}<\/script>\n<!-- \/ Yoast SEO plugin. -->","yoast_head_json":{"title":"HZKO Supernova 30000 Puff EU Warehouse Vape Display Screen Disposable Vape - vapebulkp.com","description":"Get the HZKO Supernova 30000 Puff Disposable Vape. Features a digital screen, dual mesh coils, and 30,000 puffs. Order from our EU warehouse for fast shipping.","robots":{"index":"index","follow":"follow","max-snippet":"max-snippet:-1","max-image-preview":"max-image-preview:large","max-video-preview":"max-video-preview:-1"},"canonical":"https:\/\/vapebulkp.com\/lt\/product\/hzko-supernova-30000-puff-eu-warehouse-vape-disposable-vape\/","og_locale":"lt_LT","og_type":"article","og_title":"HZKO Supernova 30000 Puff EU Warehouse Vape Display Screen Disposable Vape - vapebulkp.com","og_description":"Get the HZKO Supernova 30000 Puff Disposable Vape. Features a digital screen, dual mesh coils, and 30,000 puffs. Order from our EU warehouse for fast shipping.","og_url":"https:\/\/vapebulkp.com\/lt\/product\/hzko-supernova-30000-puff-eu-warehouse-vape-disposable-vape\/","og_site_name":"vapebulkp.com","article_modified_time":"2025-08-29T03:07:15+00:00","og_image":[{"width":800,"height":800,"url":"http:\/\/vapebulkp.com\/wp-content\/uploads\/2024\/11\/HZKO-supernova-30000-puffs-Hot-Sale-Vape.jpg","type":"image\/jpeg"}],"twitter_card":"summary_large_image","twitter_misc":{"Est. reading time":"4 minut\u0117s"},"schema":{"@context":"https:\/\/schema.org","@graph":[{"@type":"WebPage","@id":"https:\/\/vapebulkp.com\/product\/hzko-supernova-30000-puff-eu-warehouse-vape-disposable-vape\/","url":"https:\/\/vapebulkp.com\/product\/hzko-supernova-30000-puff-eu-warehouse-vape-disposable-vape\/","name":"HZKO Supernova 30000 Puff EU Warehouse Vape Display Screen Disposable Vape - vapebulkp.com","isPartOf":{"@id":"https:\/\/vapebulkp.com\/#website"},"datePublished":"2024-11-26T07:13:47+00:00","dateModified":"2025-08-29T03:07:15+00:00","description":"Get the HZKO Supernova 30000 Puff Disposable Vape. Features a digital screen, dual mesh coils, and 30,000 puffs. Order from our EU warehouse for fast shipping.","breadcrumb":{"@id":"https:\/\/vapebulkp.com\/product\/hzko-supernova-30000-puff-eu-warehouse-vape-disposable-vape\/#breadcrumb"},"inLanguage":"lt-LT","potentialAction":[{"@type":"ReadAction","target":["https:\/\/vapebulkp.com\/product\/hzko-supernova-30000-puff-eu-warehouse-vape-disposable-vape\/"]}]},{"@type":"BreadcrumbList","@id":"https:\/\/vapebulkp.com\/product\/hzko-supernova-30000-puff-eu-warehouse-vape-disposable-vape\/#breadcrumb","itemListElement":[{"@type":"ListItem","position":1,"name":"Home","item":"https:\/\/vapebulkp.com\/"},{"@type":"ListItem","position":2,"name":"Hot Trend Vapes","item":"https:\/\/vapebulkp.com\/vape-shop\/"},{"@type":"ListItem","position":3,"name":"HZKO Supernova 30000 Puff EU Warehouse Vape Display Screen Disposable Vape"}]},{"@type":"WebSite","@id":"https:\/\/vapebulkp.com\/#website","url":"https:\/\/vapebulkp.com\/","name":"vapebulkp.com","description":"Buy Vape In Cheap Bulk Price Near you","publisher":{"@id":"https:\/\/vapebulkp.com\/#organization"},"potentialAction":[{"@type":"SearchAction","target":{"@type":"EntryPoint","urlTemplate":"https:\/\/vapebulkp.com\/?s={search_term_string}"},"query-input":"required name=search_term_string"}],"inLanguage":"lt-LT"},{"@type":"Organization","@id":"https:\/\/vapebulkp.com\/#organization","name":"vapebulkp.com","url":"https:\/\/vapebulkp.com\/","logo":{"@type":"ImageObject","inLanguage":"lt-LT","@id":"https:\/\/vapebulkp.com\/#\/schema\/logo\/image\/","url":"https:\/\/vapebulkp.com\/wp-content\/uploads\/2023\/09\/cropped-vapebulkp.png","contentUrl":"https:\/\/vapebulkp.com\/wp-content\/uploads\/2023\/09\/cropped-vapebulkp.png","width":516,"height":163,"caption":"vapebulkp.com"},"image":{"@id":"https:\/\/vapebulkp.com\/#\/schema\/logo\/image\/"}}]}},"uagb_featured_image_src":{"full":["https:\/\/vapebulkp.com\/wp-content\/uploads\/2024\/11\/HZKO-supernova-30000-puffs-Hot-Sale-Vape.jpg",800,800,false],"thumbnail":["https:\/\/vapebulkp.com\/wp-content\/uploads\/2024\/11\/HZKO-supernova-30000-puffs-Hot-Sale-Vape-150x150.jpg",150,150,true],"medium":["https:\/\/vapebulkp.com\/wp-content\/uploads\/2024\/11\/HZKO-supernova-30000-puffs-Hot-Sale-Vape-300x300.jpg",300,300,true],"medium_large":["https:\/\/vapebulkp.com\/wp-content\/uploads\/2024\/11\/HZKO-supernova-30000-puffs-Hot-Sale-Vape-768x768.jpg",768,768,true],"large":["https:\/\/vapebulkp.com\/wp-content\/uploads\/2024\/11\/HZKO-supernova-30000-puffs-Hot-Sale-Vape.jpg",800,800,false],"1536x1536":["https:\/\/vapebulkp.com\/wp-content\/uploads\/2024\/11\/HZKO-supernova-30000-puffs-Hot-Sale-Vape.jpg",800,800,false],"2048x2048":["https:\/\/vapebulkp.com\/wp-content\/uploads\/2024\/11\/HZKO-supernova-30000-puffs-Hot-Sale-Vape.jpg",800,800,false],"trp-custom-language-flag":["https:\/\/vapebulkp.com\/wp-content\/uploads\/2024\/11\/HZKO-supernova-30000-puffs-Hot-Sale-Vape.jpg",12,12,false],"woocommerce_thumbnail":["https:\/\/vapebulkp.com\/wp-content\/uploads\/2024\/11\/HZKO-supernova-30000-puffs-Hot-Sale-Vape-300x300.jpg",300,300,true],"woocommerce_single":["https:\/\/vapebulkp.com\/wp-content\/uploads\/2024\/11\/HZKO-supernova-30000-puffs-Hot-Sale-Vape-600x600.jpg",600,600,true],"woocommerce_gallery_thumbnail":["https:\/\/vapebulkp.com\/wp-content\/uploads\/2024\/11\/HZKO-supernova-30000-puffs-Hot-Sale-Vape-100x100.jpg",100,100,true],"wcpr-photo-reviews":["https:\/\/vapebulkp.com\/wp-content\/uploads\/2024\/11\/HZKO-supernova-30000-puffs-Hot-Sale-Vape.jpg",500,500,false]},"uagb_author_info":{"display_name":"Mandy vape bulk price","author_link":"https:\/\/vapebulkp.com\/lt\/author\/"},"uagb_comment_info":0,"uagb_excerpt":"The HZKO Supernova 30000 Puffs offers Vape Pods unparalleled longevity, rich flavors, adjustable airflow, and a digital display\u2014combining innovation and convenience for the ultimate vaping experience. Pls Contact Mandy's WhatsApp For Discount Price+8618077105796 NOTE: Prices on our website does not include shipping costs","_links":{"self":[{"href":"https:\/\/vapebulkp.com\/lt\/wp-json\/wp\/v2\/product\/3168","targetHints":{"allow":["GET"]}}],"collection":[{"href":"https:\/\/vapebulkp.com\/lt\/wp-json\/wp\/v2\/product"}],"about":[{"href":"https:\/\/vapebulkp.com\/lt\/wp-json\/wp\/v2\/types\/product"}],"replies":[{"embeddable":true,"href":"https:\/\/vapebulkp.com\/lt\/wp-json\/wp\/v2\/comments?post=3168"}],"wp:featuredmedia":[{"embeddable":true,"href":"https:\/\/vapebulkp.com\/lt\/wp-json\/wp\/v2\/media\/3164"}],"wp:attachment":[{"href":"https:\/\/vapebulkp.com\/lt\/wp-json\/wp\/v2\/media?parent=3168"}],"wp:term":[{"taxonomy":"product_cat","embeddable":true,"href":"https:\/\/vapebulkp.com\/lt\/wp-json\/wp\/v2\/product_cat?post=3168"},{"taxonomy":"product_tag","embeddable":true,"href":"https:\/\/vapebulkp.com\/lt\/wp-json\/wp\/v2\/product_tag?post=3168"}],"curies":[{"name":"wp","href":"https:\/\/api.w.org\/{rel}","templated":true}]}}