{"id":3226,"date":"2024-12-13T08:32:34","date_gmt":"2024-12-13T07:32:34","guid":{"rendered":"https:\/\/vapebulkp.com\/?post_type=product&#038;p=3226"},"modified":"2025-09-24T05:23:21","modified_gmt":"2025-09-24T03:23:21","slug":"vapsolo-feed-bar-shisha-vape-15000-puffs-wholesale-price","status":"publish","type":"product","link":"https:\/\/vapebulkp.com\/lt\/product\/vapsolo-feed-bar-shisha-vape-15000-puffs-wholesale-price\/","title":{"rendered":"Vapsolo FEED BAR SHISHA Garintuvas 15000 \u012eKV\u0116PIM\u0172 Didmenin\u0117 kaina"},"content":{"rendered":"<h2 style=\"text-align: left\">Vapsolo FEED BAR SHISHA Garintuvas 15000 \u012eKV\u0116PIM\u0172 Didmenin\u0117 kaina<\/h2>\n<p>&nbsp;<\/p>\n<p>Vapsolo FEED BAR SHISHA 15k puf\u0173 yra revoliucinis vienkartinis garintuvas, sukurtas ilgalaikiam veikimui ir i\u0161skirtinei garinimo patir\u010diai. Galingas \u012fsp\u016bdingas <strong>15 000 \u012ftraukim\u0173<\/strong>, \u0161is prietaisas puikiai tinka aistringiems garintojams, ie\u0161kantiems patogumo ir patikimumo kompakti\u0161koje, stilingoje pakuot\u0117je. Su dideliu <strong>25 ml e-skys\u010dio talp\u0105<\/strong>, 15k Puffs SHISHA garintuvas u\u017etikrina nenutr\u016bkstam\u0105 malonum\u0105 su kiekvienu \u012fkv\u0117pimu, tiekiant sodrius ir skanius garus. Jo pa\u017eangi <strong>tinklin\u0117s spiral\u0117s technologija<\/strong> kartu su <strong>0.6\u03a9 rit\u0117s var\u017ea<\/strong> u\u017etikrina nuolatin\u012f kaitinim\u0105 ir skland\u0173 gar\u0173 gamyb\u0105, tenkinant\u012f tiek skonio m\u0117g\u0117jus, tiek debesis gaudan\u010dius.<\/p>\n<p>Integruotas <strong>650mAh \u012fkraunam\u0105 baterij\u0105<\/strong> yra sukurtas patvarumui ir efektyvumui, leid\u017eiantis atlikti kelis \u012fkrovimo ciklus per <strong>C tipo jungtis<\/strong> greitesniam ir stabilesniam \u012fkrovimui. Su reguliuojamu oro srautu vartotojai gali personalizuoti savo \u012fkv\u0117pimo nuostatas, kad garinimo patirtis b\u016bt\u0173 tikrai pritaikyta. Eleganti\u0161kas dizainas ir pa\u017eangios funkcijos daro Vapsolo <strong>\u0160e\u0161\u0117li\u0173 baro \u0161a\u0161lykas\u00a0<a href=\"https:\/\/vapebulkp.com\/lt\/product-category\/15000-puffs-disposable-vape\/\"> 15000 d\u016bm\u0173 vienkartinis garintuvas<\/a><\/strong> i\u0161skirtiniu pasirinkimu tiek pradedantiesiems, tiek patyrusiems garintojams. Nesvarbu, ar m\u0117gaujat\u0117s paprastu naudojimu, ar ie\u0161kote kelion\u0117ms tinkamo prietaiso ilgesn\u0117ms kelion\u0117ms, \u0161is garintuvas sukurtas taip, kad su\u017eav\u0117t\u0173. Atnaujinkite savo garinimo \u017eaidim\u0105 su Top Sale Vape Vapsolo FEED BAR 15k puf\u0173 \u2013 puikus na\u0161umo, stiliaus ir inovacij\u0173 derinys.<\/p>\n<p><img decoding=\"async\" class=\"wp-image-3230\" src=\"http:\/\/vapebulkp.com\/wp-content\/uploads\/2024\/12\/Vapsolo-FEED-BAR-SHISHA-15000-PUFFS-HOT-SALE-VAPE.png\" alt=\"Vapsolo FEED BAR SHISHA 15000 PUFFS KAR\u0160TAS I\u0160PARDAVIMAS VAPE\" width=\"801\" height=\"375\" srcset=\"https:\/\/vapebulkp.com\/wp-content\/uploads\/2024\/12\/Vapsolo-FEED-BAR-SHISHA-15000-PUFFS-HOT-SALE-VAPE.png 720w, https:\/\/vapebulkp.com\/wp-content\/uploads\/2024\/12\/Vapsolo-FEED-BAR-SHISHA-15000-PUFFS-HOT-SALE-VAPE-300x140.png 300w, https:\/\/vapebulkp.com\/wp-content\/uploads\/2024\/12\/Vapsolo-FEED-BAR-SHISHA-15000-PUFFS-HOT-SALE-VAPE-600x281.png 600w\" sizes=\"(max-width: 801px) 100vw, 801px\" \/><\/p>\n<h6>D\u0117l nuolaidos kainos susisiekite su Mandy per WhatsApp<a href=\"https:\/\/wa.me\/8618077105796\">+8618077105796<\/a><\/h6>\n<p><img decoding=\"async\" class=\"alignnone wp-image-2151\" src=\"http:\/\/vapebulkp.com\/wp-content\/uploads\/2024\/04\/Mandy-WhatsApp-Randm.jpg\" alt=\"Mandy WhatsApp Atsitiktinis\" width=\"324\" height=\"330\" \/><\/p>\n<p>&nbsp;<\/p>\n<h2>Vapsolo FEED BAR Vape 15k puf\u0173 shisha vape Pod savyb\u0117s:<\/h2>\n<p>&nbsp;<\/p>\n<ul>\n<li><strong>Oro srauto valdymas<\/strong>: Reguliuojamas individualiam \u012fkv\u0117pimo pasiprie\u0161inimui<\/li>\n<li><strong>E-skys\u010dio talpa<\/strong>: 25ML<\/li>\n<li><strong>Baterijos talpa<\/strong>: 650mAh \u012fkraunama baterija<\/li>\n<li><strong>\u0160ildymo technologija<\/strong>: Tinklelio rit\u0117<\/li>\n<li><strong>Rit\u0117s var\u017ea<\/strong>: 0.6\u03a9<\/li>\n<li><strong>\u012ekrovimo prievadas<\/strong>: C tipo, palaiko greit\u0105 \u012fkrovim\u0105<\/li>\n<li><strong>I\u0161p\u016btim\u0173 skai\u010dius<\/strong>: Iki 15 000 \u012fkv\u0117pim\u0173<\/li>\n<\/ul>\n<p>&nbsp;<\/p>\n<h2>Vapsolo Vape 15000 \u012fkv\u0117pim\u0173 vienkartini\u0173 garintuv\u0173 skoni\u0173 s\u0105ra\u0161as:<\/h2>\n<p>1.Dvi obuoli\u0173<br \/>\n2.M\u0117lynoji avie\u010di\u0173 limonada<br \/>\n3.Persik\u0173 ledas<br \/>\n4.Mango ledas<br \/>\n5. Sultingas ledas<br \/>\n6.Citrin\u0173 m\u0117ta<br \/>\n7.magi\u0161ka meil\u0117<br \/>\n8.Vynuogi\u0173 m\u0117ta<br \/>\n9.Bra\u0161ki\u0173 d\u016bris<br \/>\n10.M\u0117lyni\u0173 guma<br \/>\n11.Uog\u0173 ledas<br \/>\n12.Saldus pasiflor\u0173 vaisius<br \/>\n13.Vy\u0161ni\u0173 fiesta<br \/>\n14.Juod\u0173j\u0173 serbent\u0173 ledas<br \/>\n15.Bra\u0161ki\u0173 kivis<\/p>\n<h3><strong>Kod\u0117l verta rinktis Vapebulkp.com, kad \u012fsigytum\u0117te Vapsolo FEED BAR SHISHA Vape 15000 PUFFS?<\/strong><\/h3>\n<p>Vapebulkp.com yra patikima platforma, si\u016blanti auk\u0161\u010diausios kokyb\u0117s garinimo produktus ir nepriekai\u0161ting\u0105 apsipirkimo patirt\u012f. Pasirink\u0119 Vapebulkp.com savo Vapsolo FEED BAR SHISHA pirkiniui, u\u017etikrinsite:<\/p>\n<ol>\n<li><strong>Konkurencinga kaina<\/strong>: I\u0161skirtiniai didmenin\u0117s ir ma\u017emenin\u0117s prekybos tarifai u\u017e nepralenkiam\u0105 vert\u0119.<\/li>\n<li><strong>Garantuotas autenti\u0161kumas<\/strong>: 100% original\u016bs produktai, gauti tiesiai i\u0161 gamintoj\u0173.<\/li>\n<li><strong>Greitas pristatymas<\/strong>: Patikimas pristatymas visoje Europoje, u\u017etikrinantis, kad j\u016bs\u0173 u\u017esakymas atvyks laiku.<\/li>\n<li><strong>Klient\u0173 aptarnavimas<\/strong>: Specializuotas aptarnavimas, padedantis atsakyti \u012f klausimus ir teikiantis garantin\u012f aptarnavim\u0105.<\/li>\n<li><strong>Platus pasirinkimas<\/strong>: Prieiga prie \u012fvairi\u0173 auk\u0161\u010diausios klas\u0117s preki\u0173 \u017eenkl\u0173 ir produkt\u0173, pritaikyt\u0173 skirtingiems pageidavimams.<\/li>\n<\/ol>\n<h4><strong>Kiti populiar\u016bs preki\u0173 \u017eenklai, prieinami <a href=\"https:\/\/vapebulkp.com\/lt\/vape-shop\/\">Vapebulkp.com<\/a><\/strong><\/h4>\n<ol>\n<li><a href=\"https:\/\/vapebulkp.com\/lt\/product\/bang-vape-36k-puffs-adjustable-ice-premium-disposable-vape\/\"><strong>Bang Vape serija<\/strong><\/a>\n<ul>\n<li>Modeliai: 12000 Puffs, 18000 Puffs, 22000 Puffs, 30000 Puffs, 36000 Puffs<\/li>\n<li><strong>Privalumai<\/strong>: Didelis p\u016btim\u0173 skai\u010dius, novatori\u0161kos funkcijos, tokios kaip LCD ekranai ir pir\u0161t\u0173 atspaud\u0173 atpa\u017einimas, \u012fvair\u016bs skoni\u0173 pasirinkimai.<\/li>\n<\/ul>\n<\/li>\n<li><a href=\"https:\/\/vapebulkp.com\/lt\/product\/good-randm-tornado-7000-puffs-netherland-wholesale\/\"><strong>Randm Tornado<\/strong><\/a>\n<ul>\n<li>Modeliai: <a href=\"https:\/\/vapebulkp.com\/lt\/product-category\/15000-puffs-disposable-vape\/\">15 000 P\u016bpsni\u0173<\/a>,<a href=\"https:\/\/vapebulkp.com\/lt\/product-category\/30000-puff-disposable-vape\/\"> 30 000 \u012ftraukim\u0173<\/a><\/li>\n<li><strong>Privalumai<\/strong>: Unikal\u016bs LED dizainai, didel\u0117s talpos \u012fkraunamos baterijos, nuoseklus skonio tiekimas.<\/li>\n<\/ul>\n<\/li>\n<li><a href=\"https:\/\/vapebulkp.com\/lt\/product\/elfworld-plus-20000-puffs-disposable-vape-22ml-eliquid-capacity\/\"><strong>Elf World Plus<\/strong><\/a>\n<ul>\n<li>Modeliai: 20 000 P\u016bpsni\u0173<\/li>\n<li><strong>Privalumai<\/strong>: Kompakti\u0161kas ir patogus kelion\u0117ms, auk\u0161\u010diausios kokyb\u0117s spiral\u0117s technologija, sklandus garinimo potyris.<\/li>\n<\/ul>\n<\/li>\n<li><a href=\"https:\/\/vapebulkp.com\/lt\/product\/fumot-tornado-25k-puffs-cheap-price-disposable-vape\/\"><strong>Fumot Tornado<\/strong><\/a>\n<ul>\n<li>Modeliai: 25 000 P\u016bpsni\u0173, 30 000 P\u016bpsni\u0173<\/li>\n<li><strong>Privalumai<\/strong>: Dviguba tinklin\u0117 spiral\u0117 skoniui sustiprinti, TFT ekranai ir ekologi\u0161ki dizainai.<\/li>\n<\/ul>\n<\/li>\n<li><a href=\"https:\/\/vapebulkp.com\/lt\/product\/vapme-crystal-7000-puffs-original-vape-good-flavor\/\"><strong>Vapme Crystal Series<\/strong><\/a>\n<ul>\n<li>Modeliai: 7 000 P\u016bpsni\u0173, 20 000 P\u016bpsni\u0173<\/li>\n<li><strong>Privalumai<\/strong>: Eleganti\u0161kas dizainas, DTL suderinamumas ir \u012fvairios skoni\u0173 kombinacijos.<\/li>\n<\/ul>\n<\/li>\n<\/ol>\n<h3><strong>Kod\u0117l <a href=\"https:\/\/vapebulkp.com\/lt\/vape-shop\/\">Vapebulkp.com<\/a> I\u0161siskiria<\/strong><\/h3>\n<p>Su savo \u012fvairiu asortimentu, <a href=\"https:\/\/vapebulkp.com\/lt\/vape-shop\/\">Vapebulkp.com<\/a> u\u017etikrina, kad kiekvienas klientas rast\u0173 produkt\u0105, atitinkant\u012f jo poreikius, si\u016blydama pa\u017eangiausius dizainus, ekologi\u0161kus variantus ir ilgaam\u017eius prietaisus, kad pagerint\u0173 garinimo patirt\u012f. Platformos \u012f vartotoj\u0105 orientuotas po\u017ei\u016bris, kartu su d\u0117mesiu kokybei ir \u012fperkamumui, daro j\u0105 pagrindine vieta garintojams visoje Europoje.<\/p>\n<p>&nbsp;<\/p>\n<h3>Pristatymo detal\u0117s:<\/h3>\n<p><span style=\"color: #ff6600\">Gamybos laikas: 5-10 darbo dien\u0173<\/span><br \/>\n<span style=\"color: #ff6600\">Pristatymo laikas: 8-14 darbo dien\u0173<\/span><\/p>\n<p>Visi m\u016bs\u0173 parduotuv\u0117s produktai yra 100% original\u016bs ir autenti\u0161ki, tod\u0117l m\u016bs\u0173 parduotuv\u0117s politika yra de\u0161imteriopa kompensacija u\u017e padirbtas prekes. Prek\u0117ms pristatyti naudojame tokius logistikos kanalus kaip UPS\/DHL\/FEDEX\/DPD.<\/p>\n<p>Pristatymas \u012f Lietuvos \u0161alis paprastai trunka 10 darbo dien\u0173. Pristatymas \u012f Europos \u0161alis paprastai u\u017etrunka nuo 12 iki 15 darbo dien\u0173. Logistikos informacij\u0105 atnaujinsime realiuoju laiku.<\/p>","protected":false},"excerpt":{"rendered":"<p>Pirkite Vapsolo FEED BAR SHISHA 15000 Puffs didmenine kaina. Ilgai i\u0161liekantis, 15ml elektroninio skys\u010dio, 2% nikotino, auk\u0161\u010diausios kokyb\u0117s skoni\u0173, konkurencingos kainos!<\/p>\n<p>D\u0117l nuolaidos kainos susisiekite su Mandy per WhatsApp<a href=\"https:\/\/wa.me\/8618077105796\">+8618077105796<\/a><\/p>\n<p><img decoding=\"async\" class=\"alignnone wp-image-2151\" src=\"http:\/\/vapebulkp.com\/wp-content\/uploads\/2024\/04\/Mandy-WhatsApp-Randm.jpg\" alt=\"Mandy WhatsApp Atsitiktinis\" width=\"297\" height=\"316\" srcset=\"https:\/\/vapebulkp.com\/wp-content\/uploads\/2024\/04\/Mandy-WhatsApp-Randm.jpg 916w, https:\/\/vapebulkp.com\/wp-content\/uploads\/2024\/04\/Mandy-WhatsApp-Randm-282x300.jpg 282w, https:\/\/vapebulkp.com\/wp-content\/uploads\/2024\/04\/Mandy-WhatsApp-Randm-768x817.jpg 768w, https:\/\/vapebulkp.com\/wp-content\/uploads\/2024\/04\/Mandy-WhatsApp-Randm-600x638.jpg 600w\" sizes=\"(max-width: 297px) 100vw, 297px\" \/><\/p>\n<p><span style=\"color: #ff0000\">PASTABA: Kainos m\u016bs\u0173 svetain\u0117je neapima siuntimo i\u0161laid\u0173<\/span><\/p>\n<p>&nbsp;<\/p>","protected":false},"featured_media":3229,"comment_status":"open","ping_status":"closed","template":"","meta":{"_uag_custom_page_level_css":"","_lmt_disableupdate":"no","_lmt_disable":"","site-sidebar-layout":"default","site-content-layout":"content-boxed-container","ast-site-content-layout":"normal-width-container","site-content-style":"boxed","site-sidebar-style":"unboxed","ast-global-header-display":"","ast-banner-title-visibility":"","ast-main-header-display":"","ast-hfb-above-header-display":"","ast-hfb-below-header-display":"","ast-hfb-mobile-header-display":"","site-post-title":"","ast-breadcrumbs-content":"","ast-featured-img":"","footer-sml-layout":"","theme-transparent-header-meta":"default","adv-header-id-meta":"","stick-header-meta":"","header-above-stick-meta":"","header-main-stick-meta":"","header-below-stick-meta":"","astra-migrate-meta-layouts":"set","_joinchat":[]},"product_cat":[165,153,155,33,59,100,87,34,158,157,154,152,58,84,156,63,32,362],"product_tag":[36,37,41,40],"class_list":["post-3226","product","type-product","status-publish","has-post-thumbnail","hentry","product_cat-15000-puffs-disposable-vape","product_cat-hot-disposable-vapes","product_cat-belgium-hot-disposable-vapes","product_cat-france-vape-hot-sale","product_cat-germany-hot-disposable-vape","product_cat-germany-wholesale-vape-shop","product_cat-minimum-order-quantity-50pcs","product_cat-netherlands-vape-good-sale","product_cat-norway-hot-disposable-vapes","product_cat-poland-hot-disposable-vapes","product_cat-portugal-hot-disposable-vapes","product_cat-spain-hot-disposable-vapes","product_cat-sweden-hot-disposable-vape","product_cat-sweden-wholesale-vape","product_cat-switzerland-hot-disposable-vapes","product_cat-top-sale-disposable-vape","product_cat-vape-hot-sale-this-week","product_cat-vapsolo-vape","product_tag-good-vape","product_tag-hot-sale-disposable-vape","product_tag-poland-hot-vape","product_tag-sweden-hot-vape","pa_brand-vapsolo-vape","desktop-align-left","tablet-align-left","mobile-align-left"],"yoast_head":"<!-- This site is optimized with the Yoast SEO plugin v21.1 - https:\/\/yoast.com\/wordpress\/plugins\/seo\/ -->\n<title>Vapsolo FEED BAR SHISHA Vape 15000 PUFFS Wholesale Price - vapebulkp.com<\/title>\n<meta name=\"description\" content=\"Shop Vapsolo FEED BAR SHISHA Vape 15000 Puffs at wholesale prices. High-capacity, premium flavors, perfect for bulk orders.\" \/>\n<meta name=\"robots\" content=\"index, follow, max-snippet:-1, max-image-preview:large, max-video-preview:-1\" \/>\n<link rel=\"canonical\" href=\"https:\/\/vapebulkp.com\/lt\/product\/vapsolo-feed-bar-shisha-vape-15000-puffs-wholesale-price\/\" \/>\n<meta property=\"og:locale\" content=\"lt_LT\" \/>\n<meta property=\"og:type\" content=\"article\" \/>\n<meta property=\"og:title\" content=\"Vapsolo FEED BAR SHISHA Vape 15000 PUFFS Wholesale Price - vapebulkp.com\" \/>\n<meta property=\"og:description\" content=\"Shop Vapsolo FEED BAR SHISHA Vape 15000 Puffs at wholesale prices. High-capacity, premium flavors, perfect for bulk orders.\" \/>\n<meta property=\"og:url\" content=\"https:\/\/vapebulkp.com\/lt\/product\/vapsolo-feed-bar-shisha-vape-15000-puffs-wholesale-price\/\" \/>\n<meta property=\"og:site_name\" content=\"vapebulkp.com\" \/>\n<meta property=\"article:modified_time\" content=\"2025-09-24T03:23:21+00:00\" \/>\n<meta property=\"og:image\" content=\"http:\/\/vapebulkp.com\/wp-content\/uploads\/2024\/12\/Vapsolo-FEED-BAR-SHISHA-15000-PUFFS.jpg\" \/>\n\t<meta property=\"og:image:width\" content=\"800\" \/>\n\t<meta property=\"og:image:height\" content=\"800\" \/>\n\t<meta property=\"og:image:type\" content=\"image\/jpeg\" \/>\n<meta name=\"twitter:card\" content=\"summary_large_image\" \/>\n<meta name=\"twitter:label1\" content=\"Est. reading time\" \/>\n\t<meta name=\"twitter:data1\" content=\"4 minut\u0117s\" \/>\n<script type=\"application\/ld+json\" class=\"yoast-schema-graph\">{\"@context\":\"https:\/\/schema.org\",\"@graph\":[{\"@type\":\"WebPage\",\"@id\":\"https:\/\/vapebulkp.com\/product\/vapsolo-feed-bar-shisha-vape-15000-puffs-wholesale-price\/\",\"url\":\"https:\/\/vapebulkp.com\/product\/vapsolo-feed-bar-shisha-vape-15000-puffs-wholesale-price\/\",\"name\":\"Vapsolo FEED BAR SHISHA Vape 15000 PUFFS Wholesale Price - vapebulkp.com\",\"isPartOf\":{\"@id\":\"https:\/\/vapebulkp.com\/#website\"},\"datePublished\":\"2024-12-13T07:32:34+00:00\",\"dateModified\":\"2025-09-24T03:23:21+00:00\",\"description\":\"Shop Vapsolo FEED BAR SHISHA Vape 15000 Puffs at wholesale prices. High-capacity, premium flavors, perfect for bulk orders.\",\"breadcrumb\":{\"@id\":\"https:\/\/vapebulkp.com\/product\/vapsolo-feed-bar-shisha-vape-15000-puffs-wholesale-price\/#breadcrumb\"},\"inLanguage\":\"lt-LT\",\"potentialAction\":[{\"@type\":\"ReadAction\",\"target\":[\"https:\/\/vapebulkp.com\/product\/vapsolo-feed-bar-shisha-vape-15000-puffs-wholesale-price\/\"]}]},{\"@type\":\"BreadcrumbList\",\"@id\":\"https:\/\/vapebulkp.com\/product\/vapsolo-feed-bar-shisha-vape-15000-puffs-wholesale-price\/#breadcrumb\",\"itemListElement\":[{\"@type\":\"ListItem\",\"position\":1,\"name\":\"Home\",\"item\":\"https:\/\/vapebulkp.com\/\"},{\"@type\":\"ListItem\",\"position\":2,\"name\":\"Hot Trend Vapes\",\"item\":\"https:\/\/vapebulkp.com\/vape-shop\/\"},{\"@type\":\"ListItem\",\"position\":3,\"name\":\"Vapsolo FEED BAR SHISHA Vape 15000 PUFFS Wholesale Price\"}]},{\"@type\":\"WebSite\",\"@id\":\"https:\/\/vapebulkp.com\/#website\",\"url\":\"https:\/\/vapebulkp.com\/\",\"name\":\"vapebulkp.com\",\"description\":\"Buy Vape In Cheap Bulk Price Near you\",\"publisher\":{\"@id\":\"https:\/\/vapebulkp.com\/#organization\"},\"potentialAction\":[{\"@type\":\"SearchAction\",\"target\":{\"@type\":\"EntryPoint\",\"urlTemplate\":\"https:\/\/vapebulkp.com\/?s={search_term_string}\"},\"query-input\":\"required name=search_term_string\"}],\"inLanguage\":\"lt-LT\"},{\"@type\":\"Organization\",\"@id\":\"https:\/\/vapebulkp.com\/#organization\",\"name\":\"vapebulkp.com\",\"url\":\"https:\/\/vapebulkp.com\/\",\"logo\":{\"@type\":\"ImageObject\",\"inLanguage\":\"lt-LT\",\"@id\":\"https:\/\/vapebulkp.com\/#\/schema\/logo\/image\/\",\"url\":\"https:\/\/vapebulkp.com\/wp-content\/uploads\/2023\/09\/cropped-vapebulkp.png\",\"contentUrl\":\"https:\/\/vapebulkp.com\/wp-content\/uploads\/2023\/09\/cropped-vapebulkp.png\",\"width\":516,\"height\":163,\"caption\":\"vapebulkp.com\"},\"image\":{\"@id\":\"https:\/\/vapebulkp.com\/#\/schema\/logo\/image\/\"}}]}<\/script>\n<!-- \/ Yoast SEO plugin. -->","yoast_head_json":{"title":"Vapsolo FEED BAR SHISHA Vape 15000 PUFFS Wholesale Price - vapebulkp.com","description":"Shop Vapsolo FEED BAR SHISHA Vape 15000 Puffs at wholesale prices. High-capacity, premium flavors, perfect for bulk orders.","robots":{"index":"index","follow":"follow","max-snippet":"max-snippet:-1","max-image-preview":"max-image-preview:large","max-video-preview":"max-video-preview:-1"},"canonical":"https:\/\/vapebulkp.com\/lt\/product\/vapsolo-feed-bar-shisha-vape-15000-puffs-wholesale-price\/","og_locale":"lt_LT","og_type":"article","og_title":"Vapsolo FEED BAR SHISHA Vape 15000 PUFFS Wholesale Price - vapebulkp.com","og_description":"Shop Vapsolo FEED BAR SHISHA Vape 15000 Puffs at wholesale prices. High-capacity, premium flavors, perfect for bulk orders.","og_url":"https:\/\/vapebulkp.com\/lt\/product\/vapsolo-feed-bar-shisha-vape-15000-puffs-wholesale-price\/","og_site_name":"vapebulkp.com","article_modified_time":"2025-09-24T03:23:21+00:00","og_image":[{"width":800,"height":800,"url":"http:\/\/vapebulkp.com\/wp-content\/uploads\/2024\/12\/Vapsolo-FEED-BAR-SHISHA-15000-PUFFS.jpg","type":"image\/jpeg"}],"twitter_card":"summary_large_image","twitter_misc":{"Est. reading time":"4 minut\u0117s"},"schema":{"@context":"https:\/\/schema.org","@graph":[{"@type":"WebPage","@id":"https:\/\/vapebulkp.com\/product\/vapsolo-feed-bar-shisha-vape-15000-puffs-wholesale-price\/","url":"https:\/\/vapebulkp.com\/product\/vapsolo-feed-bar-shisha-vape-15000-puffs-wholesale-price\/","name":"Vapsolo FEED BAR SHISHA Vape 15000 PUFFS Wholesale Price - vapebulkp.com","isPartOf":{"@id":"https:\/\/vapebulkp.com\/#website"},"datePublished":"2024-12-13T07:32:34+00:00","dateModified":"2025-09-24T03:23:21+00:00","description":"Shop Vapsolo FEED BAR SHISHA Vape 15000 Puffs at wholesale prices. High-capacity, premium flavors, perfect for bulk orders.","breadcrumb":{"@id":"https:\/\/vapebulkp.com\/product\/vapsolo-feed-bar-shisha-vape-15000-puffs-wholesale-price\/#breadcrumb"},"inLanguage":"lt-LT","potentialAction":[{"@type":"ReadAction","target":["https:\/\/vapebulkp.com\/product\/vapsolo-feed-bar-shisha-vape-15000-puffs-wholesale-price\/"]}]},{"@type":"BreadcrumbList","@id":"https:\/\/vapebulkp.com\/product\/vapsolo-feed-bar-shisha-vape-15000-puffs-wholesale-price\/#breadcrumb","itemListElement":[{"@type":"ListItem","position":1,"name":"Home","item":"https:\/\/vapebulkp.com\/"},{"@type":"ListItem","position":2,"name":"Hot Trend Vapes","item":"https:\/\/vapebulkp.com\/vape-shop\/"},{"@type":"ListItem","position":3,"name":"Vapsolo FEED BAR SHISHA Vape 15000 PUFFS Wholesale Price"}]},{"@type":"WebSite","@id":"https:\/\/vapebulkp.com\/#website","url":"https:\/\/vapebulkp.com\/","name":"vapebulkp.com","description":"Buy Vape In Cheap Bulk Price Near you","publisher":{"@id":"https:\/\/vapebulkp.com\/#organization"},"potentialAction":[{"@type":"SearchAction","target":{"@type":"EntryPoint","urlTemplate":"https:\/\/vapebulkp.com\/?s={search_term_string}"},"query-input":"required name=search_term_string"}],"inLanguage":"lt-LT"},{"@type":"Organization","@id":"https:\/\/vapebulkp.com\/#organization","name":"vapebulkp.com","url":"https:\/\/vapebulkp.com\/","logo":{"@type":"ImageObject","inLanguage":"lt-LT","@id":"https:\/\/vapebulkp.com\/#\/schema\/logo\/image\/","url":"https:\/\/vapebulkp.com\/wp-content\/uploads\/2023\/09\/cropped-vapebulkp.png","contentUrl":"https:\/\/vapebulkp.com\/wp-content\/uploads\/2023\/09\/cropped-vapebulkp.png","width":516,"height":163,"caption":"vapebulkp.com"},"image":{"@id":"https:\/\/vapebulkp.com\/#\/schema\/logo\/image\/"}}]}},"uagb_featured_image_src":{"full":["https:\/\/vapebulkp.com\/wp-content\/uploads\/2024\/12\/Vapsolo-FEED-BAR-SHISHA-15000-PUFFS.jpg",800,800,false],"thumbnail":["https:\/\/vapebulkp.com\/wp-content\/uploads\/2024\/12\/Vapsolo-FEED-BAR-SHISHA-15000-PUFFS-150x150.jpg",150,150,true],"medium":["https:\/\/vapebulkp.com\/wp-content\/uploads\/2024\/12\/Vapsolo-FEED-BAR-SHISHA-15000-PUFFS-300x300.jpg",300,300,true],"medium_large":["https:\/\/vapebulkp.com\/wp-content\/uploads\/2024\/12\/Vapsolo-FEED-BAR-SHISHA-15000-PUFFS-768x768.jpg",768,768,true],"large":["https:\/\/vapebulkp.com\/wp-content\/uploads\/2024\/12\/Vapsolo-FEED-BAR-SHISHA-15000-PUFFS.jpg",800,800,false],"1536x1536":["https:\/\/vapebulkp.com\/wp-content\/uploads\/2024\/12\/Vapsolo-FEED-BAR-SHISHA-15000-PUFFS.jpg",800,800,false],"2048x2048":["https:\/\/vapebulkp.com\/wp-content\/uploads\/2024\/12\/Vapsolo-FEED-BAR-SHISHA-15000-PUFFS.jpg",800,800,false],"trp-custom-language-flag":["https:\/\/vapebulkp.com\/wp-content\/uploads\/2024\/12\/Vapsolo-FEED-BAR-SHISHA-15000-PUFFS.jpg",12,12,false],"woocommerce_thumbnail":["https:\/\/vapebulkp.com\/wp-content\/uploads\/2024\/12\/Vapsolo-FEED-BAR-SHISHA-15000-PUFFS-300x300.jpg",300,300,true],"woocommerce_single":["https:\/\/vapebulkp.com\/wp-content\/uploads\/2024\/12\/Vapsolo-FEED-BAR-SHISHA-15000-PUFFS-600x600.jpg",600,600,true],"woocommerce_gallery_thumbnail":["https:\/\/vapebulkp.com\/wp-content\/uploads\/2024\/12\/Vapsolo-FEED-BAR-SHISHA-15000-PUFFS-100x100.jpg",100,100,true],"wcpr-photo-reviews":["https:\/\/vapebulkp.com\/wp-content\/uploads\/2024\/12\/Vapsolo-FEED-BAR-SHISHA-15000-PUFFS.jpg",500,500,false]},"uagb_author_info":{"display_name":"Mandy vape bulk price","author_link":"https:\/\/vapebulkp.com\/lt\/author\/"},"uagb_comment_info":0,"uagb_excerpt":"Buy Vapsolo FEED BAR SHISHA 15000 Puffs wholesale. Long-lasting, 15ml e-liquid, 2% nicotine, premium flavors, competitive prices! Pls Contact Mandy's WhatsApp For Discount Price+8618077105796 NOTE: Prices on our website does not include shipping costs &nbsp;","_links":{"self":[{"href":"https:\/\/vapebulkp.com\/lt\/wp-json\/wp\/v2\/product\/3226","targetHints":{"allow":["GET"]}}],"collection":[{"href":"https:\/\/vapebulkp.com\/lt\/wp-json\/wp\/v2\/product"}],"about":[{"href":"https:\/\/vapebulkp.com\/lt\/wp-json\/wp\/v2\/types\/product"}],"replies":[{"embeddable":true,"href":"https:\/\/vapebulkp.com\/lt\/wp-json\/wp\/v2\/comments?post=3226"}],"wp:featuredmedia":[{"embeddable":true,"href":"https:\/\/vapebulkp.com\/lt\/wp-json\/wp\/v2\/media\/3229"}],"wp:attachment":[{"href":"https:\/\/vapebulkp.com\/lt\/wp-json\/wp\/v2\/media?parent=3226"}],"wp:term":[{"taxonomy":"product_cat","embeddable":true,"href":"https:\/\/vapebulkp.com\/lt\/wp-json\/wp\/v2\/product_cat?post=3226"},{"taxonomy":"product_tag","embeddable":true,"href":"https:\/\/vapebulkp.com\/lt\/wp-json\/wp\/v2\/product_tag?post=3226"}],"curies":[{"name":"wp","href":"https:\/\/api.w.org\/{rel}","templated":true}]}}