{"id":3268,"date":"2024-12-20T09:24:34","date_gmt":"2024-12-20T08:24:34","guid":{"rendered":"https:\/\/vapebulkp.com\/?post_type=product&#038;p=3268"},"modified":"2025-09-03T05:31:08","modified_gmt":"2025-09-03T03:31:08","slug":"vookbar-30000-puffs-touch-screen-disposable-vapes-wholesale-price","status":"publish","type":"product","link":"https:\/\/vapebulkp.com\/lt\/product\/vookbar-30000-puffs-touch-screen-disposable-vapes-wholesale-price\/","title":{"rendered":"Vookbar 30000 d\u016b\u017ei\u0173 vienkartin\u0117s elektronin\u0117s cigaret\u0117s su jutikliniu ekranu didmenin\u0117 kaina"},"content":{"rendered":"<h1 style=\"text-align: left\">Vookbar 30000 d\u016b\u017ei\u0173 vienkartin\u0117s elektronin\u0117s cigaret\u0117s su jutikliniu ekranu didmenin\u0117 kaina<\/h1>\n<p>&nbsp;<\/p>\n<p>Tas <strong>Vookbar Cyber PRO 30 000 \u012fp\u016btim\u0173 vienkartinis garintuvas su jutikliniu ekranu<\/strong> yra geriausias pasirinkimas garintojams, ie\u0161kantiems inovacij\u0173, na\u0161umo ir patogumo. Su pa\u017eangiu <strong>2,01 colio jutikliniu ekranu<\/strong>, \u0161is prietaisas si\u016blo tiksl\u0173 nustatym\u0173 valdym\u0105, o jo <strong>dvigubos tinklelio rit\u0117s technologij\u0105<\/strong> u\u017etikrina sodr\u0173 skon\u012f ir lyg\u0173 gar\u0173 debesis. I\u0161 anksto u\u017epildytas su <strong>22 ml auk\u0161\u010diausios kokyb\u0117s e-skys\u010dio<\/strong> ir si\u016blantis <strong>5% nikotino druskos stiprum\u0105<\/strong>, Vookbar tiekia iki <strong>30 000 \u012fkv\u0117pim\u0173<\/strong> Norma re\u017eimu arba <strong>15 000 \u012ftraukim\u0173<\/strong> Galia re\u017eimu. Sukurtas su <strong>850 mAh \u012fkraunam\u0105 baterij\u0105<\/strong> ir <strong>Type-C greitasis \u012fkrovimas<\/strong>, jis derina ilgalaik\u0119 gali\u0105 su greitu \u012fkrovimu. Puikiai tinka tiek asmeniniam naudojimui, tiek <strong>didmeniniams pirk\u0117jams<\/strong>, Vookbar Cyber PRO i\u0161siskiria savo kompakti\u0161ku dyd\u017eiu, aptakiu dizainu ir neprilygstamu na\u0161umu. Raskite savo <strong>didmenin\u012f Vookbar Cyber PRO <a href=\"https:\/\/vapebulkp.com\/lt\/product-category\/30000-puff-disposable-vape\/\">30000 Puffs vienkartinis garintuvas <\/a><\/strong>\u00a0konkurencingomis kainomis \u0161iandien!<\/p>\n<p>&nbsp;<\/p>\n<h6>D\u0117l nuolaidos kainos susisiekite su Mandy per WhatsApp<a href=\"https:\/\/wa.me\/8618077105796\">+8618077105796<\/a><\/h6>\n<p>&nbsp;<\/p>\n<p><img decoding=\"async\" class=\"alignnone wp-image-2151\" src=\"http:\/\/vapebulkp.com\/wp-content\/uploads\/2024\/04\/Mandy-WhatsApp-Randm.jpg\" alt=\"Mandy WhatsApp Atsitiktinis\" width=\"324\" height=\"330\" \/><\/p>\n<div class=\"flex max-w-full flex-col flex-grow\">\n<div class=\"min-h-8 text-message flex w-full flex-col items-end gap-2 whitespace-normal break-words text-start [.text-message+&amp;]:mt-5\" dir=\"auto\" data-message-author-role=\"assistant\" data-message-id=\"1fe1b7df-f0be-476c-874a-f466adf11ab9\" data-message-model-slug=\"gpt-4o\">\n<div class=\"flex w-full flex-col gap-1 empty:hidden first:pt-[3px]\">\n<div class=\"markdown prose w-full break-words dark:prose-invert light\">\n<h2>Kod\u0117l verta pirkti didmenin\u012f Vookbar Cyber PRO 30k Puffs garintuv\u0105 svetain\u0117je Vapebulkp.com?<\/h2>\n<p><strong>1. Did\u017eiulis \u012fp\u016btim\u0173 skai\u010dius:<\/strong><br \/>\nSu \u012fsp\u016bdingu <strong>30 000 \u012fp\u016btim\u0173 Norma re\u017eimu<\/strong> ir <strong>15 000 \u012fp\u016btim\u0173 Galia re\u017eimu<\/strong>, \u0161is prietaisas skirtas ilgalaikiam naudojimui be kompromis\u0173.<\/p>\n<p><strong>2. Pa\u017eangi technologija:<\/strong><br \/>\nTas <strong>Dvigub\u0173 tinklelio spirali\u0173 sistema<\/strong> u\u017etikrina i\u0161skirtin\u012f skon\u012f ir tir\u0161t\u0105 gar\u0105, o <strong>2,01 colio HD ekranas<\/strong> pagerina naudojim\u0105 su realiu laiku atnaujinamais nustatymais ir prane\u0161imais.<\/p>\n<p><strong>3. Didel\u0117 e-skys\u010dio talpa:<\/strong><br \/>\nSu <strong>22 ml auk\u0161\u010diausios kokyb\u0117s e-skys\u010dio<\/strong> ir <strong>5% nikotino stiprumas<\/strong>, u\u017etikrinan\u010dia skland\u017eius, malonius d\u016bmus kiekvienu \u012fkv\u0117pimu.<\/p>\n<p><strong>4. Ilgai veikianti baterija:<\/strong><br \/>\nTas <strong>850 mAh \u012fkraunam\u0105 baterij\u0105<\/strong> suteikia patikim\u0105 energij\u0105, papildom\u0105 <strong>Type-C greitasis \u012fkrovimas<\/strong> greitam ir efektyviam \u012fkrovimui.<\/p>\n<p><strong>5. I\u0161manios funkcijos:<\/strong><br \/>\nApima <strong>Bluetooth suderinamum\u0105<\/strong>, <strong>judesio re\u017eim\u0105<\/strong>ir <strong>\u0161onini\u0173 mygtuk\u0173 valdym\u0105<\/strong>, tod\u0117l jis yra universalus ir patogus \u0161iuolaikiniams naudotojams.<\/p>\n<p><strong>6. Kompakti\u0161kas ir ne\u0161iojamas:<\/strong><br \/>\nD\u0117l aptaki\u0173 matmen\u0173 (<strong>49x24x93mm<\/strong>) j\u012f lengva ne\u0161iotis, puikiai tinka kasdieniam garinimui arba kelion\u0117ms.<\/p>\n<p><strong>7. I\u0161skirtin\u0117s privilegijos Vapebulkp.com:<\/strong><\/p>\n<ul>\n<li><strong>Prieinamos kainos<\/strong> su galimomis didmenin\u0117mis nuolaidomis.<\/li>\n<li><strong>Greitas, patikimas siuntimas<\/strong> visose Europos \u0161alyse.<\/li>\n<li>I\u0161sami klient\u0173 pagalba, kad patenkint\u0173 visus j\u016bs\u0173 poreikius.<\/li>\n<\/ul>\n<p>Nor\u0117dami gauti patikim\u0105, funkcij\u0173 turting\u0105 garinimo sprendim\u0105, patik\u0117kite Vapebulkp.com, kuris pristatys <strong>Vookbar Cyber PRO 30 t\u016bkst. P\u016b\u010di\u0173<\/strong> u\u017e neprilygstam\u0105 vert\u0119!<\/p>\n<\/div>\n<\/div>\n<\/div>\n<\/div>\n<h3>Vookbar 30000 Puffs Vienkartini\u0173 garintuv\u0173 specifikacijos<\/h3>\n<ul>\n<li><strong>Matmenys:<\/strong> 49mm x 24mm x 93mm (kompakti\u0161kas ir ne\u0161iojamas).<\/li>\n<li><strong>Ekranas:<\/strong> 2,01 colio HD ekranas, u\u017etikrinantis ai\u0161k\u0173 vaizd\u0105 ir lengv\u0105 nar\u0161ym\u0105.<\/li>\n<li><strong>Rit\u0117s tipas:<\/strong> Dviguba tinklelio rit\u0117, suteikianti sodr\u0173 skon\u012f ir tankius garus.<\/li>\n<li><strong>E-skys\u010dio talpa:<\/strong> 22ML i\u0161 anksto u\u017epildytas auk\u0161\u010diausios kokyb\u0117s e-skystis.<\/li>\n<li><strong>Nikotino stiprumas:<\/strong> 5%, u\u017etikrinantis skland\u0173 ir malon\u0173 potyr\u012f.<\/li>\n<li><strong>Baterija:<\/strong> 850mAh \u012fkraunama baterija su C tipo greituoju \u012fkrovimu.<\/li>\n<li><strong>P\u016btimo re\u017eimai:<\/strong>\n<ul>\n<li>Norm Re\u017eimas: Iki 30 000 \u012fkv\u0117pim\u0173.<\/li>\n<li>Galios Re\u017eimas: Iki 15 000 \u012fkv\u0117pim\u0173.<\/li>\n<\/ul>\n<\/li>\n<li><strong>Valdymas:<\/strong> Lengvas \u0161oninis mygtukas, skirtas \u012fjungimui ir reguliavimui.<\/li>\n<li><strong>\u012ekrovimo prievadas:<\/strong> C tipo jungtis greitam ir efektyviam \u012fkrovimui.<\/li>\n<li><strong>Pa\u017eangios savyb\u0117s:<\/strong>\n<ul>\n<li>Bluetooth ry\u0161ys.<\/li>\n<li>Jud\u0117jimo re\u017eimas, skirtas patobulintoms funkcijoms.<\/li>\n<li>Pritaikomi garinimo nustatymai.<\/li>\n<\/ul>\n<\/li>\n<li><strong>Dizainas:<\/strong> Aptakus, patvarus ir kelion\u0117ms pritaikytas dizainas.<\/li>\n<\/ul>\n<h3>Vookbar 30000 Puffs Vape Pods Skoniai<\/h3>\n<p>1.M\u0117lyna aviet\u0117 su ledu<br \/>\n2.Persik\u0173 ledas<br \/>\n3. Vynuogi\u0173 ledas<br \/>\n4. Bra\u0161ki\u0173 arb\u016bzas<br \/>\n5. Bra\u0161ki\u0173 bananas<br \/>\n6. Vy\u0161ni\u0173 arb\u016bzas<br \/>\n7. Arb\u016bz\u0173 ledas<br \/>\n8. Persik\u0173 mango<br \/>\n9.Bra\u0161ki\u0173 kivi\u0173<br \/>\n10. Baltas bra\u0161ki\u0173 ledas<br \/>\n11. Baltas guminuk\u0173 ledas<br \/>\n12. \u0160aldyta pina colada<br \/>\n13. Fcking fab<br \/>\n14. Mojito uog\u0173 mi\u0161inys<\/p>\n<p><a href=\"https:\/\/vapebulkp.com\/lt\/product\/jnr-vape-mega-box-25000-puff-discount-price-vape-pods\/\"><span style=\"vertical-align: inherit\">JNR VAPE Mega Box 25000 \u012fkv\u0117pim\u0173 <\/span><\/a><\/p>\n<p><span style=\"vertical-align: inherit\">Raskite daugiau produkt\u0173, kurie jums gali patikti:<\/span><em><a href=\"https:\/\/wa.me\/8618077105796\"><span style=\"vertical-align: inherit\">\u00a0Pirkti dabar<\/span><\/a><\/em><\/p>\n<p><span style=\"vertical-align: inherit\">Kiti \u012ftraukimai, kurie jums gali patikti:<\/span><a href=\"https:\/\/vapebulkp.com\/lt\/product\/waspe-vape-40000-puff-fihp-double-flavour-disposable-vape\/\"><span style=\"vertical-align: inherit\">WASPE FIHP 40000 \u012fkv\u0117pim\u0173<\/span><\/a><span style=\"vertical-align: inherit\">\u3001<\/span><a href=\"https:\/\/vapebulkp.com\/lt\/product\/wholesale-randm-tornado-9000-puffs-germany\/\"><span style=\"vertical-align: inherit\">RandM 9000 d\u016bm\u0173<\/span><\/a><span style=\"vertical-align: inherit\">\/ <\/span><a href=\"https:\/\/vapebulkp.com\/lt\/fi\/product\/bang-30k-puffs-new-double-taste-good-vape\/\"><span style=\"vertical-align: inherit\">Bang Vape 30000 \u012fkv\u0117pim\u0173<\/span><\/a><span style=\"vertical-align: inherit\">\/ <\/span><a href=\"https:\/\/vapebulkp.com\/lt\/product\/jnr-alien-10000-puffs-randm-vape-wholesale-price\/\"><span style=\"vertical-align: inherit\">JNR VAPE Alien 10000 d\u016bm\u0173<\/span><\/a><\/p>\n<p>&nbsp;<\/p>\n<p>&nbsp;<\/p>\n<h3><strong>Da\u017enai u\u017eduodami klausimai apie geriausiai parduodamus garintuvus <\/strong>Vookbar 30000 \u012ftraukim\u0173<\/h3>\n<p><strong>1. Kiek \u012fkv\u0117pim\u0173 galima gauti i\u0161 Vookbar Vape 30 000 Puffs?<\/strong><\/p>\n<ul>\n<li>Vookbar suteikia iki <strong>30 000 \u012fkv\u0117pim\u0173<\/strong> in <strong>\u012eprastas re\u017eimas<\/strong> ir <strong>15 000 \u012ftraukim\u0173<\/strong> in <strong>Galios re\u017eimas<\/strong>, u\u017etikrinant ilgalaik\u012f naudojim\u0105.<\/li>\n<\/ul>\n<p><strong>2. Koks yra nikotino stiprumas Vookbar 30 000 Puffs?<\/strong><\/p>\n<ul>\n<li>Prietaise yra <strong>5% nikotino druska<\/strong>, suteikdamas \u0161veln\u0173 ir malon\u0173 d\u016bm\u0105 su kiekvienu \u012fkv\u0117pimu.<\/li>\n<\/ul>\n<p><strong>3. Kiek laiko veikia Vookbar baterija?<\/strong><\/p>\n<ul>\n<li>Su <strong>850 mAh \u012fkraunam\u0105 baterij\u0105<\/strong> ir <strong>Type-C greitasis \u012fkrovimas<\/strong>, Vookbar suteikia patikim\u0105 energij\u0105 ir greit\u0105 \u012fkrovim\u0105 nuolatiniam naudojimui.<\/li>\n<\/ul>\n<p><strong>4. Kokio tipo kaitinimo element\u0105 naudoja Vookbar 30 000 Puffs?<\/strong><\/p>\n<ul>\n<li>Prietaisas yra apr\u016bpintas <strong>dvigubo tinklelio rit\u0117s<\/strong>, u\u017etikrinant turting\u0105 skon\u012f ir tankius garus su kiekvienu \u012fkv\u0117pimu.<\/li>\n<\/ul>\n<p><strong>5. Ar galiu pritaikyti Vookbar 30,000 Puffs nustatymus?<\/strong><\/p>\n<ul>\n<li>Taip, prietaisas turi <strong>2,01 colio jutikliniu ekranu<\/strong>, leid\u017eiant lengvai koreguoti nustatymus ir kontroliuoti savo garinimo patirt\u012f.<\/li>\n<\/ul>\n<h3>Pristatymo detal\u0117s:<\/h3>\n<p><span style=\"color: #ff6600\">Gamybos laikas: 5-10 darbo dien\u0173<\/span><br \/>\n<span style=\"color: #ff6600\">Pristatymo laikas: 8-14 darbo dien\u0173<\/span><\/p>\n<p>Visi m\u016bs\u0173 parduotuv\u0117s produktai yra 100% original\u016bs ir autenti\u0161ki, tod\u0117l m\u016bs\u0173 parduotuv\u0117s politika yra de\u0161imteriopa kompensacija u\u017e padirbtas prekes. Prek\u0117ms pristatyti naudojame tokius logistikos kanalus kaip UPS\/DHL\/FEDEX\/DPD.<\/p>\n<p>Pristatymas \u012f Lietuvos \u0161alis paprastai trunka 10 darbo dien\u0173. Pristatymas \u012f Europos \u0161alis paprastai u\u017etrunka nuo 12 iki 15 darbo dien\u0173. Logistikos informacij\u0105 atnaujinsime realiuoju laiku.<\/p>","protected":false},"excerpt":{"rendered":"<p>\u201eVookbar 30000 Puffs\u201c vienkartin\u0117s elektronin\u0117s cigaret\u0117s su jutikliniu ekranu didmenin\u0117mis kainomis. Ilgalaikis, auk\u0161tos kokyb\u0117s ir novatori\u0161kas garinimo sprendimas. Galimi dideli u\u017esakymai.<\/p>\n<p>D\u0117l nuolaidos kainos susisiekite su Mandy per WhatsApp<a href=\"https:\/\/wa.me\/8618077105796\">+8618077105796<\/a><\/p>\n<p>&nbsp;<\/p>\n<p><img decoding=\"async\" class=\"alignnone wp-image-2151\" src=\"http:\/\/vapebulkp.com\/wp-content\/uploads\/2024\/04\/Mandy-WhatsApp-Randm.jpg\" alt=\"Mandy WhatsApp Atsitiktinis\" width=\"297\" height=\"316\" srcset=\"https:\/\/vapebulkp.com\/wp-content\/uploads\/2024\/04\/Mandy-WhatsApp-Randm.jpg 916w, https:\/\/vapebulkp.com\/wp-content\/uploads\/2024\/04\/Mandy-WhatsApp-Randm-282x300.jpg 282w, https:\/\/vapebulkp.com\/wp-content\/uploads\/2024\/04\/Mandy-WhatsApp-Randm-768x817.jpg 768w, https:\/\/vapebulkp.com\/wp-content\/uploads\/2024\/04\/Mandy-WhatsApp-Randm-600x638.jpg 600w\" sizes=\"(max-width: 297px) 100vw, 297px\" \/><\/p>\n<p><span style=\"color: #ff0000\">PASTABA: Kainos m\u016bs\u0173 svetain\u0117je neapima siuntimo i\u0161laid\u0173<\/span><\/p>\n<p>&nbsp;<\/p>","protected":false},"featured_media":3266,"comment_status":"open","ping_status":"closed","template":"","meta":{"_uag_custom_page_level_css":"","_lmt_disableupdate":"no","_lmt_disable":"","site-sidebar-layout":"default","site-content-layout":"content-boxed-container","ast-site-content-layout":"normal-width-container","site-content-style":"boxed","site-sidebar-style":"unboxed","ast-global-header-display":"","ast-banner-title-visibility":"","ast-main-header-display":"","ast-hfb-above-header-display":"","ast-hfb-below-header-display":"","ast-hfb-mobile-header-display":"","site-post-title":"","ast-breadcrumbs-content":"","ast-featured-img":"","footer-sml-layout":"","theme-transparent-header-meta":"default","adv-header-id-meta":"","stick-header-meta":"","header-above-stick-meta":"","header-main-stick-meta":"","header-below-stick-meta":"","astra-migrate-meta-layouts":"set","_joinchat":[]},"product_cat":[160,153,155,33,59,100,87,34,158,157,154,152,58,84,156,63,32],"product_tag":[36,37,41,40,193],"class_list":["post-3268","product","type-product","status-publish","has-post-thumbnail","hentry","product_cat-30000-puff-disposable-vape","product_cat-hot-disposable-vapes","product_cat-belgium-hot-disposable-vapes","product_cat-france-vape-hot-sale","product_cat-germany-hot-disposable-vape","product_cat-germany-wholesale-vape-shop","product_cat-minimum-order-quantity-50pcs","product_cat-netherlands-vape-good-sale","product_cat-norway-hot-disposable-vapes","product_cat-poland-hot-disposable-vapes","product_cat-portugal-hot-disposable-vapes","product_cat-spain-hot-disposable-vapes","product_cat-sweden-hot-disposable-vape","product_cat-sweden-wholesale-vape","product_cat-switzerland-hot-disposable-vapes","product_cat-top-sale-disposable-vape","product_cat-vape-hot-sale-this-week","product_tag-good-vape","product_tag-hot-sale-disposable-vape","product_tag-poland-hot-vape","product_tag-sweden-hot-vape","product_tag-vookbar-30000-puffs","desktop-align-left","tablet-align-left","mobile-align-left"],"yoast_head":"<!-- This site is optimized with the Yoast SEO plugin v21.1 - https:\/\/yoast.com\/wordpress\/plugins\/seo\/ -->\n<title>Vookbar 30000 Puffs Touch Screen Disposable Vapes Wholesale Price - vapebulkp.com<\/title>\n<meta name=\"description\" content=\"Shop Vookbar 30000 Puffs Touch Screen Disposable Vapes at wholesale prices. High-capacity, sleek design, and advanced features for premium vaping.\" \/>\n<meta name=\"robots\" content=\"index, follow, max-snippet:-1, max-image-preview:large, max-video-preview:-1\" \/>\n<link rel=\"canonical\" href=\"https:\/\/vapebulkp.com\/lt\/product\/vookbar-30000-puffs-touch-screen-disposable-vapes-wholesale-price\/\" \/>\n<meta property=\"og:locale\" content=\"lt_LT\" \/>\n<meta property=\"og:type\" content=\"article\" \/>\n<meta property=\"og:title\" content=\"Vookbar 30000 Puffs Touch Screen Disposable Vapes Wholesale Price - vapebulkp.com\" \/>\n<meta property=\"og:description\" content=\"Shop Vookbar 30000 Puffs Touch Screen Disposable Vapes at wholesale prices. High-capacity, sleek design, and advanced features for premium vaping.\" \/>\n<meta property=\"og:url\" content=\"https:\/\/vapebulkp.com\/lt\/product\/vookbar-30000-puffs-touch-screen-disposable-vapes-wholesale-price\/\" \/>\n<meta property=\"og:site_name\" content=\"vapebulkp.com\" \/>\n<meta property=\"article:modified_time\" content=\"2025-09-03T03:31:08+00:00\" \/>\n<meta property=\"og:image\" content=\"http:\/\/vapebulkp.com\/wp-content\/uploads\/2024\/12\/Vookbar-30000-Puffs-Top-Sale-Vape.png\" \/>\n\t<meta property=\"og:image:width\" content=\"800\" \/>\n\t<meta property=\"og:image:height\" content=\"800\" \/>\n\t<meta property=\"og:image:type\" content=\"image\/png\" \/>\n<meta name=\"twitter:card\" content=\"summary_large_image\" \/>\n<meta name=\"twitter:label1\" content=\"Est. reading time\" \/>\n\t<meta name=\"twitter:data1\" content=\"4 minut\u0117s\" \/>\n<script type=\"application\/ld+json\" class=\"yoast-schema-graph\">{\"@context\":\"https:\/\/schema.org\",\"@graph\":[{\"@type\":\"WebPage\",\"@id\":\"https:\/\/vapebulkp.com\/product\/vookbar-30000-puffs-touch-screen-disposable-vapes-wholesale-price\/\",\"url\":\"https:\/\/vapebulkp.com\/product\/vookbar-30000-puffs-touch-screen-disposable-vapes-wholesale-price\/\",\"name\":\"Vookbar 30000 Puffs Touch Screen Disposable Vapes Wholesale Price - vapebulkp.com\",\"isPartOf\":{\"@id\":\"https:\/\/vapebulkp.com\/#website\"},\"datePublished\":\"2024-12-20T08:24:34+00:00\",\"dateModified\":\"2025-09-03T03:31:08+00:00\",\"description\":\"Shop Vookbar 30000 Puffs Touch Screen Disposable Vapes at wholesale prices. High-capacity, sleek design, and advanced features for premium vaping.\",\"breadcrumb\":{\"@id\":\"https:\/\/vapebulkp.com\/product\/vookbar-30000-puffs-touch-screen-disposable-vapes-wholesale-price\/#breadcrumb\"},\"inLanguage\":\"lt-LT\",\"potentialAction\":[{\"@type\":\"ReadAction\",\"target\":[\"https:\/\/vapebulkp.com\/product\/vookbar-30000-puffs-touch-screen-disposable-vapes-wholesale-price\/\"]}]},{\"@type\":\"BreadcrumbList\",\"@id\":\"https:\/\/vapebulkp.com\/product\/vookbar-30000-puffs-touch-screen-disposable-vapes-wholesale-price\/#breadcrumb\",\"itemListElement\":[{\"@type\":\"ListItem\",\"position\":1,\"name\":\"Home\",\"item\":\"https:\/\/vapebulkp.com\/\"},{\"@type\":\"ListItem\",\"position\":2,\"name\":\"Hot Trend Vapes\",\"item\":\"https:\/\/vapebulkp.com\/vape-shop\/\"},{\"@type\":\"ListItem\",\"position\":3,\"name\":\"Vookbar 30000 Puffs Touch Screen Disposable Vapes Wholesale Price\"}]},{\"@type\":\"WebSite\",\"@id\":\"https:\/\/vapebulkp.com\/#website\",\"url\":\"https:\/\/vapebulkp.com\/\",\"name\":\"vapebulkp.com\",\"description\":\"Buy Vape In Cheap Bulk Price Near you\",\"publisher\":{\"@id\":\"https:\/\/vapebulkp.com\/#organization\"},\"potentialAction\":[{\"@type\":\"SearchAction\",\"target\":{\"@type\":\"EntryPoint\",\"urlTemplate\":\"https:\/\/vapebulkp.com\/?s={search_term_string}\"},\"query-input\":\"required name=search_term_string\"}],\"inLanguage\":\"lt-LT\"},{\"@type\":\"Organization\",\"@id\":\"https:\/\/vapebulkp.com\/#organization\",\"name\":\"vapebulkp.com\",\"url\":\"https:\/\/vapebulkp.com\/\",\"logo\":{\"@type\":\"ImageObject\",\"inLanguage\":\"lt-LT\",\"@id\":\"https:\/\/vapebulkp.com\/#\/schema\/logo\/image\/\",\"url\":\"https:\/\/vapebulkp.com\/wp-content\/uploads\/2023\/09\/cropped-vapebulkp.png\",\"contentUrl\":\"https:\/\/vapebulkp.com\/wp-content\/uploads\/2023\/09\/cropped-vapebulkp.png\",\"width\":516,\"height\":163,\"caption\":\"vapebulkp.com\"},\"image\":{\"@id\":\"https:\/\/vapebulkp.com\/#\/schema\/logo\/image\/\"}}]}<\/script>\n<!-- \/ Yoast SEO plugin. -->","yoast_head_json":{"title":"Vookbar 30000 Puffs Touch Screen Disposable Vapes Wholesale Price - vapebulkp.com","description":"Shop Vookbar 30000 Puffs Touch Screen Disposable Vapes at wholesale prices. High-capacity, sleek design, and advanced features for premium vaping.","robots":{"index":"index","follow":"follow","max-snippet":"max-snippet:-1","max-image-preview":"max-image-preview:large","max-video-preview":"max-video-preview:-1"},"canonical":"https:\/\/vapebulkp.com\/lt\/product\/vookbar-30000-puffs-touch-screen-disposable-vapes-wholesale-price\/","og_locale":"lt_LT","og_type":"article","og_title":"Vookbar 30000 Puffs Touch Screen Disposable Vapes Wholesale Price - vapebulkp.com","og_description":"Shop Vookbar 30000 Puffs Touch Screen Disposable Vapes at wholesale prices. High-capacity, sleek design, and advanced features for premium vaping.","og_url":"https:\/\/vapebulkp.com\/lt\/product\/vookbar-30000-puffs-touch-screen-disposable-vapes-wholesale-price\/","og_site_name":"vapebulkp.com","article_modified_time":"2025-09-03T03:31:08+00:00","og_image":[{"width":800,"height":800,"url":"http:\/\/vapebulkp.com\/wp-content\/uploads\/2024\/12\/Vookbar-30000-Puffs-Top-Sale-Vape.png","type":"image\/png"}],"twitter_card":"summary_large_image","twitter_misc":{"Est. reading time":"4 minut\u0117s"},"schema":{"@context":"https:\/\/schema.org","@graph":[{"@type":"WebPage","@id":"https:\/\/vapebulkp.com\/product\/vookbar-30000-puffs-touch-screen-disposable-vapes-wholesale-price\/","url":"https:\/\/vapebulkp.com\/product\/vookbar-30000-puffs-touch-screen-disposable-vapes-wholesale-price\/","name":"Vookbar 30000 Puffs Touch Screen Disposable Vapes Wholesale Price - vapebulkp.com","isPartOf":{"@id":"https:\/\/vapebulkp.com\/#website"},"datePublished":"2024-12-20T08:24:34+00:00","dateModified":"2025-09-03T03:31:08+00:00","description":"Shop Vookbar 30000 Puffs Touch Screen Disposable Vapes at wholesale prices. High-capacity, sleek design, and advanced features for premium vaping.","breadcrumb":{"@id":"https:\/\/vapebulkp.com\/product\/vookbar-30000-puffs-touch-screen-disposable-vapes-wholesale-price\/#breadcrumb"},"inLanguage":"lt-LT","potentialAction":[{"@type":"ReadAction","target":["https:\/\/vapebulkp.com\/product\/vookbar-30000-puffs-touch-screen-disposable-vapes-wholesale-price\/"]}]},{"@type":"BreadcrumbList","@id":"https:\/\/vapebulkp.com\/product\/vookbar-30000-puffs-touch-screen-disposable-vapes-wholesale-price\/#breadcrumb","itemListElement":[{"@type":"ListItem","position":1,"name":"Home","item":"https:\/\/vapebulkp.com\/"},{"@type":"ListItem","position":2,"name":"Hot Trend Vapes","item":"https:\/\/vapebulkp.com\/vape-shop\/"},{"@type":"ListItem","position":3,"name":"Vookbar 30000 Puffs Touch Screen Disposable Vapes Wholesale Price"}]},{"@type":"WebSite","@id":"https:\/\/vapebulkp.com\/#website","url":"https:\/\/vapebulkp.com\/","name":"vapebulkp.com","description":"Buy Vape In Cheap Bulk Price Near you","publisher":{"@id":"https:\/\/vapebulkp.com\/#organization"},"potentialAction":[{"@type":"SearchAction","target":{"@type":"EntryPoint","urlTemplate":"https:\/\/vapebulkp.com\/?s={search_term_string}"},"query-input":"required name=search_term_string"}],"inLanguage":"lt-LT"},{"@type":"Organization","@id":"https:\/\/vapebulkp.com\/#organization","name":"vapebulkp.com","url":"https:\/\/vapebulkp.com\/","logo":{"@type":"ImageObject","inLanguage":"lt-LT","@id":"https:\/\/vapebulkp.com\/#\/schema\/logo\/image\/","url":"https:\/\/vapebulkp.com\/wp-content\/uploads\/2023\/09\/cropped-vapebulkp.png","contentUrl":"https:\/\/vapebulkp.com\/wp-content\/uploads\/2023\/09\/cropped-vapebulkp.png","width":516,"height":163,"caption":"vapebulkp.com"},"image":{"@id":"https:\/\/vapebulkp.com\/#\/schema\/logo\/image\/"}}]}},"uagb_featured_image_src":{"full":["https:\/\/vapebulkp.com\/wp-content\/uploads\/2024\/12\/Vookbar-30000-Puffs-Top-Sale-Vape.png",800,800,false],"thumbnail":["https:\/\/vapebulkp.com\/wp-content\/uploads\/2024\/12\/Vookbar-30000-Puffs-Top-Sale-Vape-150x150.png",150,150,true],"medium":["https:\/\/vapebulkp.com\/wp-content\/uploads\/2024\/12\/Vookbar-30000-Puffs-Top-Sale-Vape-300x300.png",300,300,true],"medium_large":["https:\/\/vapebulkp.com\/wp-content\/uploads\/2024\/12\/Vookbar-30000-Puffs-Top-Sale-Vape-768x768.png",768,768,true],"large":["https:\/\/vapebulkp.com\/wp-content\/uploads\/2024\/12\/Vookbar-30000-Puffs-Top-Sale-Vape.png",800,800,false],"1536x1536":["https:\/\/vapebulkp.com\/wp-content\/uploads\/2024\/12\/Vookbar-30000-Puffs-Top-Sale-Vape.png",800,800,false],"2048x2048":["https:\/\/vapebulkp.com\/wp-content\/uploads\/2024\/12\/Vookbar-30000-Puffs-Top-Sale-Vape.png",800,800,false],"trp-custom-language-flag":["https:\/\/vapebulkp.com\/wp-content\/uploads\/2024\/12\/Vookbar-30000-Puffs-Top-Sale-Vape.png",12,12,false],"woocommerce_thumbnail":["https:\/\/vapebulkp.com\/wp-content\/uploads\/2024\/12\/Vookbar-30000-Puffs-Top-Sale-Vape-300x300.png",300,300,true],"woocommerce_single":["https:\/\/vapebulkp.com\/wp-content\/uploads\/2024\/12\/Vookbar-30000-Puffs-Top-Sale-Vape-600x600.png",600,600,true],"woocommerce_gallery_thumbnail":["https:\/\/vapebulkp.com\/wp-content\/uploads\/2024\/12\/Vookbar-30000-Puffs-Top-Sale-Vape-100x100.png",100,100,true],"wcpr-photo-reviews":["https:\/\/vapebulkp.com\/wp-content\/uploads\/2024\/12\/Vookbar-30000-Puffs-Top-Sale-Vape.png",500,500,false]},"uagb_author_info":{"display_name":"Mandy vape bulk price","author_link":"https:\/\/vapebulkp.com\/lt\/author\/"},"uagb_comment_info":0,"uagb_excerpt":"Vookbar 30000 Puffs Touch Screen Disposable Vapes at wholesale prices. Long-lasting, high-quality, and innovative vaping solution. Bulk orders available. Pls Contact Mandy's WhatsApp For Discount Price+8618077105796 &nbsp; NOTE: Prices on our website does not include shipping costs &nbsp;","_links":{"self":[{"href":"https:\/\/vapebulkp.com\/lt\/wp-json\/wp\/v2\/product\/3268","targetHints":{"allow":["GET"]}}],"collection":[{"href":"https:\/\/vapebulkp.com\/lt\/wp-json\/wp\/v2\/product"}],"about":[{"href":"https:\/\/vapebulkp.com\/lt\/wp-json\/wp\/v2\/types\/product"}],"replies":[{"embeddable":true,"href":"https:\/\/vapebulkp.com\/lt\/wp-json\/wp\/v2\/comments?post=3268"}],"wp:featuredmedia":[{"embeddable":true,"href":"https:\/\/vapebulkp.com\/lt\/wp-json\/wp\/v2\/media\/3266"}],"wp:attachment":[{"href":"https:\/\/vapebulkp.com\/lt\/wp-json\/wp\/v2\/media?parent=3268"}],"wp:term":[{"taxonomy":"product_cat","embeddable":true,"href":"https:\/\/vapebulkp.com\/lt\/wp-json\/wp\/v2\/product_cat?post=3268"},{"taxonomy":"product_tag","embeddable":true,"href":"https:\/\/vapebulkp.com\/lt\/wp-json\/wp\/v2\/product_tag?post=3268"}],"curies":[{"name":"wp","href":"https:\/\/api.w.org\/{rel}","templated":true}]}}