{"id":3277,"date":"2024-12-24T08:52:32","date_gmt":"2024-12-24T07:52:32","guid":{"rendered":"https:\/\/vapebulkp.com\/?post_type=product&#038;p=3277"},"modified":"2025-09-17T10:32:16","modified_gmt":"2025-09-17T08:32:16","slug":"bang-box-35000-puffs-touch-switch-digital-screen-rechargeable-vape","status":"publish","type":"product","link":"https:\/\/vapebulkp.com\/lt\/product\/bang-box-35000-puffs-touch-switch-digital-screen-rechargeable-vape\/","title":{"rendered":"Bang Box 35000 Puffs Jutiklinis jungiklis Skaitmeninis ekranas \u012ekraunamas Vape"},"content":{"rendered":"<h2 style=\"text-align: left\">Bang Box 35000 Puffs Jutiklinis jungiklis Skaitmeninis ekranas \u012ekraunamas Vape<\/h2>\n<p>Tas <strong>Bang Box 35000 Puffs elektronin\u0117 cigaret\u0117 su jutikliniu jungikliu ir skaitmeniniu ekranu<\/strong> yra sukurta auk\u0161\u010diausios klas\u0117s na\u0161umui ir patogumui. Sukurta ilgalaikiam naudojimui, ji pasi\u017eymi ne\u012ftik\u0117tinai <strong>35 000 \u012fkv\u0117pim\u0173<\/strong> ir dideliu <strong>23 ml i\u0161 anksto u\u017epildyta e-skys\u010dio talpa<\/strong>. Su <strong>0%, 2%, 3% ir 5% nikotino druskos parinktimis<\/strong>ji patenkina \u012fvairius garinimo poreikius.<\/p>\n<p>Maitinamas <strong>950 mAh gryno kobalto baterija<\/strong> su <strong>5 A i\u0161krova<\/strong>, \u0161is prietaisas u\u017etikrina stabil\u0173 ir patikim\u0105 veikim\u0105. Pa\u017eangi <strong>dviguba kaitinimo tinklelio viela (0.8\u03a9)<\/strong> u\u017etikrina i\u0161skirtin\u012f skon\u012f ir gar\u0173 i\u0161siskyrim\u0105, veikiant reguliuojamu diapazonu nuo <strong>15 W iki 25 W<\/strong>.<\/p>\n<p>Patobulinta su <strong>reguliuojamu oro srautu<\/strong>, tai leid\u017eia vartotojams pritaikyti savo garinimo patirt\u012f optimaliam pasitenkinimui. The <strong>dvigubi skaitmeniniai ekranai<\/strong> ir <strong>jutikliniai valdikliai<\/strong> palengvina perjungim\u0105 tarp nustatym\u0173, \u012fskaitant <strong>galios re\u017eimus<\/strong> ir <strong>oro srauto reguliavim\u0105<\/strong>.<\/p>\n<p>Tas <strong>Bang Box <a href=\"https:\/\/vapebulkp.com\/lt\/product-category\/35000-puffs-disposable-vape\/\">35000 d\u016bm\u0173 vienkartinis garintuvas<\/a><\/strong>\u00a0yra aptakus, kelion\u0117ms pritaikytas garintuvas, kuriame dera pa\u017eangiausios technologijos, didel\u0117 talpa ir pritaikomos funkcijos, tod\u0117l jis idealiai tinka tiek socialin\u0117ms aplinkoms, tiek kasdieniam garinimui.<\/p>\n<p><img decoding=\"async\" class=\"wp-image-3272\" src=\"http:\/\/vapebulkp.com\/wp-content\/uploads\/2024\/12\/Bang-Box-Vapes-35000-puff-Hot-Sale-Germany.png\" alt=\"Kar\u0161to pardavimo &quot;Bang Box Vapes 35000&quot; p\u016bkinis garintuvas Lietuvoje\" width=\"707\" height=\"398\" srcset=\"https:\/\/vapebulkp.com\/wp-content\/uploads\/2024\/12\/Bang-Box-Vapes-35000-puff-Hot-Sale-Germany.png 1240w, https:\/\/vapebulkp.com\/wp-content\/uploads\/2024\/12\/Bang-Box-Vapes-35000-puff-Hot-Sale-Germany-300x169.png 300w, https:\/\/vapebulkp.com\/wp-content\/uploads\/2024\/12\/Bang-Box-Vapes-35000-puff-Hot-Sale-Germany-1024x576.png 1024w, https:\/\/vapebulkp.com\/wp-content\/uploads\/2024\/12\/Bang-Box-Vapes-35000-puff-Hot-Sale-Germany-768x432.png 768w, https:\/\/vapebulkp.com\/wp-content\/uploads\/2024\/12\/Bang-Box-Vapes-35000-puff-Hot-Sale-Germany-600x338.png 600w\" sizes=\"(max-width: 707px) 100vw, 707px\" \/><\/p>\n<h6>D\u0117l nuolaidos kainos susisiekite su Mandy per WhatsApp<a href=\"https:\/\/wa.me\/8618077105796\">+8618077105796<\/a><\/h6>\n<p><img decoding=\"async\" class=\"alignnone wp-image-2151\" src=\"http:\/\/vapebulkp.com\/wp-content\/uploads\/2024\/04\/Mandy-WhatsApp-Randm.jpg\" alt=\"Mandy WhatsApp Atsitiktinis\" width=\"324\" height=\"330\" \/><\/p>\n<div class=\"flex max-w-full flex-col flex-grow\">\n<div class=\"min-h-8 text-message flex w-full flex-col items-end gap-2 whitespace-normal break-words text-start [.text-message+&amp;]:mt-5\" dir=\"auto\" data-message-author-role=\"assistant\" data-message-id=\"d24cf626-c018-4805-80f5-44de047f2ba0\" data-message-model-slug=\"gpt-4o\">\n<div class=\"flex w-full flex-col gap-1 empty:hidden first:pt-[3px]\">\n<div class=\"markdown prose w-full break-words dark:prose-invert light\">\n<h2>Kod\u0117l verta rinktis \"Bang Box 35,000 Puff\" gar\u0173 ank\u0161tis \"Vapebulkp.com\"?<\/h2>\n<ul>\n<li><strong>Neprilygstama talpa<\/strong>: Patirkite daugiau nei <strong>35 000 \u012fkv\u0117pim\u0173<\/strong> su gausia <strong>23 ml i\u0161 anksto u\u017epildyta elektroninio skys\u010dio<\/strong> kasete ir <strong>reguliuojamu oro srautu<\/strong>, u\u017etikrinan\u010dia skland\u0173 ir individualizuot\u0105 garinimo seans\u0105, pritaikyt\u0105 j\u016bs\u0173 pageidavimams.<\/li>\n<li><strong>Pa\u017eangi technologija<\/strong>: \u012erengta su <strong>950 mAh gryno kobalto baterija<\/strong> palaikantis <strong>5 A i\u0161krova<\/strong>, suporuotas su <strong>dvigubo tinklelio \u0161erdimi (0.8\u03a9)<\/strong> \u0161ildymo sistema. \u0160is derinys u\u017etikrina i\u0161skirtin\u012f skon\u012f ir gar\u0173 i\u0161eig\u0105 su reguliuojamu galios diapazonu <strong>15W\u201325W<\/strong>.<\/li>\n<li><strong>Patogus dizainas<\/strong>: Kompakti\u0161kas, ne\u0161iojamas ir stilingas prietaisas pasi\u017eymi <strong>Type-C greitasis \u012fkrovimas<\/strong> d\u0117l maksimalaus patogumo, tod\u0117l puikiai tinka tiek kelion\u0117ms, tiek kasdieniam garinimui.<\/li>\n<li><strong>Vapebulkp.com privalumai<\/strong>: M\u0117gaukit\u0117s autenti\u0161kais produktais, gautais tiesiogiai i\u0161 patikim\u0173 gamintoj\u0173, <strong>konkurencingas kainas<\/strong>ir <strong>greit\u0105 pristatym\u0105 visoje Europoje<\/strong>, u\u017etikrinan\u010diais skland\u0173 apsipirkim\u0105.<\/li>\n<\/ul>\n<p>\u201eBang Box 35k Puffs\u201c yra auk\u0161\u010diausios kokyb\u0117s pasirinkimas garintojams, ie\u0161kantiems didel\u0117s talpos, pa\u017eangios veikimo ir patikimos kokyb\u0117s \u2013 visa tai pasiekiama u\u017e <strong>Vapebulkp.com<\/strong>.<\/p>\n<\/div>\n<\/div>\n<\/div>\n<\/div>\n<h2>Bang Vape 35k P\u016btim\u0173 specifikacijos<\/h2>\n<ul>\n<li><strong>\u012ekv\u0117pimai<\/strong>: 35,000+<\/li>\n<li><strong>E-skys\u010dio talpa<\/strong>: 23 ml i\u0161 anksto u\u017epildyta kaset\u0117<\/li>\n<li><strong>Nikotino pasirinkimai<\/strong>: 01%, 2%, 3%, 5% nikotino druska<\/li>\n<li><strong>Baterija<\/strong>: 950mAh, C tipo \u012fkrovimas<\/li>\n<li><strong>Kaitinimo rit\u0117s<\/strong>: Dviguba kaitinimo vielos tinklin\u0117 \u0161erdis (0.8\u03a9)<\/li>\n<li><strong>Ekranai<\/strong>: Dvigubi skaitmeniniai ekranai su jutikliniu valdymu<\/li>\n<li><strong>Oro srautas<\/strong>: 3 re\u017eim\u0173 reguliuojamas oro srautas<\/li>\n<li><strong>Galingumo re\u017eimai<\/strong>: 2 re\u017eim\u0173 galios perjungimas<\/li>\n<li><strong>Papildomos savyb\u0117s<\/strong>: Reguliuojamas oro srautas, kompakti\u0161kas dizainas, patogi s\u0105saja<\/li>\n<\/ul>\n<h2><strong>Didmenin\u0117 prekyba \u201eVape Bang Box 35000 Puffs\u201c skoni\u0173 s\u0105ra\u0161as<\/strong><\/h2>\n<p>1.BRA\u0160KI\u0172 IR KIVI\u0172<br \/>\n2.M\u0116LYN\u0172J\u0172 AVIE\u010cI\u0172 LEDAI<br \/>\n3.BRA\u0160KI\u0172 IR ARB\u016aZ\u0172<br \/>\n4.PASIFLOR\u0172<br \/>\n5.CITRIN\u0172 IR KOLOS G\u0116RIMAS<br \/>\n6.ARB\u016aZ\u0172 LEDAI<br \/>\n7.ARB\u016aZ\u0172 GUMBO GUMA<br \/>\n8.KIVI\u0172 PASIFLOR\u0172 IR GUAV\u0172<br \/>\n9.M\u0116LYNI\u0172 LEDAI<br \/>\n10.ARB\u016aZ\u0172 IR VY\u0160NI\u0172<br \/>\n11.ENERGETINIS G\u0116RIMAS<br \/>\n12.M\u0116T\u0172 IR GREIPFRUT\u0172<\/p>\n<p><a href=\"https:\/\/vapebulkp.com\/lt\/product\/uzy-triple-60000-puffs-smart-vape-wholesale-3-in-1-flavor\/\"><span style=\"vertical-align: inherit\">UZY Triple 60000 p\u016btim\u0173 <\/span><\/a><\/p>\n<p><span style=\"vertical-align: inherit\">Raskite daugiau produkt\u0173, kurie jums gali patikti:<\/span><em><a href=\"https:\/\/wa.me\/8618077105796\"><span style=\"vertical-align: inherit\">\u00a0Pirkti dabar<\/span><\/a><\/em><\/p>\n<p><span style=\"vertical-align: inherit\">Kiti \u012ftraukimai, kurie jums gali patikti:<\/span><a href=\"https:\/\/vapebulkp.com\/lt\/product\/wholesale-price-bang-kingdoms-rex-32000-puffs-vape-pod\/\"><span style=\"vertical-align: inherit\">Bang Kingdoms 32000 \u012ftraukim\u0173<\/span><\/a><span style=\"vertical-align: inherit\">\u3001<\/span><a href=\"https:\/\/vapebulkp.com\/lt\/product\/buy-bang-de-80000-puffs-disposable-vape-cheap-price-for-bulk-order\/\"><span style=\"vertical-align: inherit\">Bang DE 80000 P\u016btim\u0173<\/span><\/a><span style=\"vertical-align: inherit\">\/ <\/span><a href=\"https:\/\/vapebulkp.com\/lt\/product\/vapsolo-best-quality-viking-12k-puffs-disposable-vapes\/\"><span style=\"vertical-align: inherit\">Vapsolo viking 12000 \u012ftraukim\u0173<\/span><\/a><span style=\"vertical-align: inherit\">\/ <\/span><a href=\"https:\/\/vapebulkp.com\/lt\/product\/waspe-vape-40000-puff-fihp-double-flavour-disposable-vape\/\"><span style=\"vertical-align: inherit\">WASPE 40000 \u012ftraukim\u0173<\/span><\/a><\/p>\n<h3>DUK apie \u201eBang Box 35 000 Puffs\u201c ilgalaik\u012f garintuv\u0105<\/h3>\n<p><strong>K: Kiek laiko galiu naudoti \u201eBang Box 35 000 Puff\u201c garintuv\u0105?<\/strong><br \/>\n<strong>A:<\/strong> Su \u012fsp\u016bdingu <strong>35 000 \u012fkv\u0117pim\u0173<\/strong> ir didel\u0117 <strong>950 mAh gryno kobalto baterija<\/strong>, \u0161is prietaisas skirtas ilgalaikiam naudojimui, u\u017etikrinant patikim\u0105 garinimo patirt\u012f.<\/p>\n<p><strong>K: Ar galima reguliuoti oro sraut\u0105?<\/strong><br \/>\n<strong>A:<\/strong> Taip, \u201eBang Box\u201c turi <strong>reguliuojamu oro srautu<\/strong>, leid\u017eianti vartotojams perjungti <strong>MTL (i\u0161 burnos \u012f plau\u010dius)<\/strong> ir <strong>DTL (tiesiai \u012f plau\u010dius)<\/strong> stilius asmeniniam garinimo seansui.<\/p>\n<p><strong>K: Kuo \"Bang Box 35k puffs\" skiriasi nuo kit\u0173 elektronini\u0173 cigare\u010di\u0173?<\/strong><br \/>\n<strong>A:<\/strong> \u0160is garintuvas i\u0161siskiria savo <strong>dvigubo tinklelio kaitinimo spirale (0,8\u03a9)<\/strong>, kuri u\u017etikrina skland\u0173 garinim\u0105 esant galios diapazonui <strong>15 W iki 25 W<\/strong>. Kartu su eleganti\u0161ku dizainu ir pa\u017eangia technologija jis si\u016blo ir stili\u0173, ir na\u0161um\u0105.<\/p>\n<p><strong>K: Kur galiu \u012fsigyti \"Bang Box 35,000 Puff\" \u012fkraunam\u0105 garintuv\u0105?<\/strong><br \/>\n<strong>A:<\/strong> Galite j\u012f \u012fsigyti tik <strong>Vapebulkp.com<\/strong>, savo patikimoje autenti\u0161k\u0173 garinimo produkt\u0173, konkurencing\u0173 kain\u0173 ir patikimo siuntimo Lietuvoje vietoje.<\/p>\n<h2>Pristatymo detal\u0117s:<\/h2>\n<p><span style=\"color: #ff6600\">Gamybos laikas: 5-10 darbo dien\u0173<\/span><br \/>\n<span style=\"color: #ff6600\">Pristatymo laikas: 8-14 darbo dien\u0173<\/span><\/p>\n<p>Visi m\u016bs\u0173 parduotuv\u0117s produktai yra 100% original\u016bs ir autenti\u0161ki, tod\u0117l m\u016bs\u0173 parduotuv\u0117s politika yra de\u0161imteriopa kompensacija u\u017e padirbtas prekes. Prek\u0117ms pristatyti naudojame tokius logistikos kanalus kaip UPS\/DHL\/FEDEX\/DPD.<\/p>\n<p>Pristatymas \u012f Lietuvos \u0161alis paprastai trunka 10 darbo dien\u0173. Pristatymas \u012f Europos \u0161alis paprastai u\u017etrunka nuo 12 iki 15 darbo dien\u0173. Logistikos informacij\u0105 atnaujinsime realiuoju laiku.<\/p>","protected":false},"excerpt":{"rendered":"<p>Bang Box 35000 Puffs elektronin\u0117 cigaret\u0117 su jutikliniu jungikliu, skaitmeniniu ekranu, \u012fkraunamu dizainu, 2 %\/5 % nikotino ir ilgalaikiu veikimu. Puikiai tinka auk\u0161\u010diausios klas\u0117s garinimui.<\/p>\n<p>D\u0117l nuolaidos kainos susisiekite su Mandy per WhatsApp<a href=\"https:\/\/wa.me\/8618077105796\">+8618077105796<\/a><\/p>\n<p><img decoding=\"async\" class=\"alignnone wp-image-2151\" src=\"http:\/\/vapebulkp.com\/wp-content\/uploads\/2024\/04\/Mandy-WhatsApp-Randm.jpg\" alt=\"Mandy WhatsApp Atsitiktinis\" width=\"297\" height=\"316\" srcset=\"https:\/\/vapebulkp.com\/wp-content\/uploads\/2024\/04\/Mandy-WhatsApp-Randm.jpg 916w, https:\/\/vapebulkp.com\/wp-content\/uploads\/2024\/04\/Mandy-WhatsApp-Randm-282x300.jpg 282w, https:\/\/vapebulkp.com\/wp-content\/uploads\/2024\/04\/Mandy-WhatsApp-Randm-768x817.jpg 768w, https:\/\/vapebulkp.com\/wp-content\/uploads\/2024\/04\/Mandy-WhatsApp-Randm-600x638.jpg 600w\" sizes=\"(max-width: 297px) 100vw, 297px\" \/><\/p>\n<p><span style=\"color: #ff0000\">PASTABA: Kainos m\u016bs\u0173 svetain\u0117je neapima siuntimo i\u0161laid\u0173<\/span><\/p>\n<p>&nbsp;<\/p>","protected":false},"featured_media":3270,"comment_status":"open","ping_status":"closed","template":"","meta":{"_uag_custom_page_level_css":"","_lmt_disableupdate":"no","_lmt_disable":"","site-sidebar-layout":"default","site-content-layout":"content-boxed-container","ast-site-content-layout":"normal-width-container","site-content-style":"boxed","site-sidebar-style":"unboxed","ast-global-header-display":"","ast-banner-title-visibility":"","ast-main-header-display":"","ast-hfb-above-header-display":"","ast-hfb-below-header-display":"","ast-hfb-mobile-header-display":"","site-post-title":"","ast-breadcrumbs-content":"","ast-featured-img":"","footer-sml-layout":"","theme-transparent-header-meta":"default","adv-header-id-meta":"","stick-header-meta":"","header-above-stick-meta":"","header-main-stick-meta":"","header-below-stick-meta":"","astra-migrate-meta-layouts":"set","_joinchat":[]},"product_cat":[190,153,345,155,33,59,100,87,34,158,157,154,152,58,84,156],"product_tag":[191,36,37,41,40],"class_list":["post-3277","product","type-product","status-publish","has-post-thumbnail","hentry","product_cat-35000-puffs-disposable-vape","product_cat-hot-disposable-vapes","product_cat-bang-vapes","product_cat-belgium-hot-disposable-vapes","product_cat-france-vape-hot-sale","product_cat-germany-hot-disposable-vape","product_cat-germany-wholesale-vape-shop","product_cat-minimum-order-quantity-50pcs","product_cat-netherlands-vape-good-sale","product_cat-norway-hot-disposable-vapes","product_cat-poland-hot-disposable-vapes","product_cat-portugal-hot-disposable-vapes","product_cat-spain-hot-disposable-vapes","product_cat-sweden-hot-disposable-vape","product_cat-sweden-wholesale-vape","product_cat-switzerland-hot-disposable-vapes","product_tag-35000-puffs","product_tag-good-vape","product_tag-hot-sale-disposable-vape","product_tag-poland-hot-vape","product_tag-sweden-hot-vape","pa_brand-bang-vape","desktop-align-left","tablet-align-left","mobile-align-left"],"yoast_head":"<!-- This site is optimized with the Yoast SEO plugin v21.1 - https:\/\/yoast.com\/wordpress\/plugins\/seo\/ -->\n<title>Bang Box 35000 Puffs Touch Switch Digital Screen Rechargeable Vape - vapebulkp.com<\/title>\n<meta name=\"description\" content=\"Wholesale price Bang Box 35000 Puffs Rechargeable Vape with touch switch, digital screen, and long-lasting performance. Perfect for premium vaping needs!\" \/>\n<meta name=\"robots\" content=\"index, follow, max-snippet:-1, max-image-preview:large, max-video-preview:-1\" \/>\n<link rel=\"canonical\" href=\"https:\/\/vapebulkp.com\/lt\/product\/bang-box-35000-puffs-touch-switch-digital-screen-rechargeable-vape\/\" \/>\n<meta property=\"og:locale\" content=\"lt_LT\" \/>\n<meta property=\"og:type\" content=\"article\" \/>\n<meta property=\"og:title\" content=\"Bang Box 35000 Puffs Touch Switch Digital Screen Rechargeable Vape - vapebulkp.com\" \/>\n<meta property=\"og:description\" content=\"Wholesale price Bang Box 35000 Puffs Rechargeable Vape with touch switch, digital screen, and long-lasting performance. Perfect for premium vaping needs!\" \/>\n<meta property=\"og:url\" content=\"https:\/\/vapebulkp.com\/lt\/product\/bang-box-35000-puffs-touch-switch-digital-screen-rechargeable-vape\/\" \/>\n<meta property=\"og:site_name\" content=\"vapebulkp.com\" \/>\n<meta property=\"article:modified_time\" content=\"2025-09-17T08:32:16+00:00\" \/>\n<meta property=\"og:image\" content=\"http:\/\/vapebulkp.com\/wp-content\/uploads\/2024\/12\/Bang-Box-35000-puff-Rechargeable-Vapes-Cheap-Price.png\" \/>\n\t<meta property=\"og:image:width\" content=\"800\" \/>\n\t<meta property=\"og:image:height\" content=\"800\" \/>\n\t<meta property=\"og:image:type\" content=\"image\/png\" \/>\n<meta name=\"twitter:card\" content=\"summary_large_image\" \/>\n<meta name=\"twitter:label1\" content=\"Est. reading time\" \/>\n\t<meta name=\"twitter:data1\" content=\"4 minut\u0117s\" \/>\n<script type=\"application\/ld+json\" class=\"yoast-schema-graph\">{\"@context\":\"https:\/\/schema.org\",\"@graph\":[{\"@type\":\"WebPage\",\"@id\":\"https:\/\/vapebulkp.com\/product\/bang-box-35000-puffs-touch-switch-digital-screen-rechargeable-vape\/\",\"url\":\"https:\/\/vapebulkp.com\/product\/bang-box-35000-puffs-touch-switch-digital-screen-rechargeable-vape\/\",\"name\":\"Bang Box 35000 Puffs Touch Switch Digital Screen Rechargeable Vape - vapebulkp.com\",\"isPartOf\":{\"@id\":\"https:\/\/vapebulkp.com\/#website\"},\"datePublished\":\"2024-12-24T07:52:32+00:00\",\"dateModified\":\"2025-09-17T08:32:16+00:00\",\"description\":\"Wholesale price Bang Box 35000 Puffs Rechargeable Vape with touch switch, digital screen, and long-lasting performance. Perfect for premium vaping needs!\",\"breadcrumb\":{\"@id\":\"https:\/\/vapebulkp.com\/product\/bang-box-35000-puffs-touch-switch-digital-screen-rechargeable-vape\/#breadcrumb\"},\"inLanguage\":\"lt-LT\",\"potentialAction\":[{\"@type\":\"ReadAction\",\"target\":[\"https:\/\/vapebulkp.com\/product\/bang-box-35000-puffs-touch-switch-digital-screen-rechargeable-vape\/\"]}]},{\"@type\":\"BreadcrumbList\",\"@id\":\"https:\/\/vapebulkp.com\/product\/bang-box-35000-puffs-touch-switch-digital-screen-rechargeable-vape\/#breadcrumb\",\"itemListElement\":[{\"@type\":\"ListItem\",\"position\":1,\"name\":\"Home\",\"item\":\"https:\/\/vapebulkp.com\/\"},{\"@type\":\"ListItem\",\"position\":2,\"name\":\"Hot Trend Vapes\",\"item\":\"https:\/\/vapebulkp.com\/vape-shop\/\"},{\"@type\":\"ListItem\",\"position\":3,\"name\":\"Bang Box 35000 Puffs Touch Switch Digital Screen Rechargeable Vape\"}]},{\"@type\":\"WebSite\",\"@id\":\"https:\/\/vapebulkp.com\/#website\",\"url\":\"https:\/\/vapebulkp.com\/\",\"name\":\"vapebulkp.com\",\"description\":\"Buy Vape In Cheap Bulk Price Near you\",\"publisher\":{\"@id\":\"https:\/\/vapebulkp.com\/#organization\"},\"potentialAction\":[{\"@type\":\"SearchAction\",\"target\":{\"@type\":\"EntryPoint\",\"urlTemplate\":\"https:\/\/vapebulkp.com\/?s={search_term_string}\"},\"query-input\":\"required name=search_term_string\"}],\"inLanguage\":\"lt-LT\"},{\"@type\":\"Organization\",\"@id\":\"https:\/\/vapebulkp.com\/#organization\",\"name\":\"vapebulkp.com\",\"url\":\"https:\/\/vapebulkp.com\/\",\"logo\":{\"@type\":\"ImageObject\",\"inLanguage\":\"lt-LT\",\"@id\":\"https:\/\/vapebulkp.com\/#\/schema\/logo\/image\/\",\"url\":\"https:\/\/vapebulkp.com\/wp-content\/uploads\/2023\/09\/cropped-vapebulkp.png\",\"contentUrl\":\"https:\/\/vapebulkp.com\/wp-content\/uploads\/2023\/09\/cropped-vapebulkp.png\",\"width\":516,\"height\":163,\"caption\":\"vapebulkp.com\"},\"image\":{\"@id\":\"https:\/\/vapebulkp.com\/#\/schema\/logo\/image\/\"}}]}<\/script>\n<!-- \/ Yoast SEO plugin. -->","yoast_head_json":{"title":"Bang Box 35000 Puffs Touch Switch Digital Screen Rechargeable Vape - vapebulkp.com","description":"Wholesale price Bang Box 35000 Puffs Rechargeable Vape with touch switch, digital screen, and long-lasting performance. Perfect for premium vaping needs!","robots":{"index":"index","follow":"follow","max-snippet":"max-snippet:-1","max-image-preview":"max-image-preview:large","max-video-preview":"max-video-preview:-1"},"canonical":"https:\/\/vapebulkp.com\/lt\/product\/bang-box-35000-puffs-touch-switch-digital-screen-rechargeable-vape\/","og_locale":"lt_LT","og_type":"article","og_title":"Bang Box 35000 Puffs Touch Switch Digital Screen Rechargeable Vape - vapebulkp.com","og_description":"Wholesale price Bang Box 35000 Puffs Rechargeable Vape with touch switch, digital screen, and long-lasting performance. Perfect for premium vaping needs!","og_url":"https:\/\/vapebulkp.com\/lt\/product\/bang-box-35000-puffs-touch-switch-digital-screen-rechargeable-vape\/","og_site_name":"vapebulkp.com","article_modified_time":"2025-09-17T08:32:16+00:00","og_image":[{"width":800,"height":800,"url":"http:\/\/vapebulkp.com\/wp-content\/uploads\/2024\/12\/Bang-Box-35000-puff-Rechargeable-Vapes-Cheap-Price.png","type":"image\/png"}],"twitter_card":"summary_large_image","twitter_misc":{"Est. reading time":"4 minut\u0117s"},"schema":{"@context":"https:\/\/schema.org","@graph":[{"@type":"WebPage","@id":"https:\/\/vapebulkp.com\/product\/bang-box-35000-puffs-touch-switch-digital-screen-rechargeable-vape\/","url":"https:\/\/vapebulkp.com\/product\/bang-box-35000-puffs-touch-switch-digital-screen-rechargeable-vape\/","name":"Bang Box 35000 Puffs Touch Switch Digital Screen Rechargeable Vape - vapebulkp.com","isPartOf":{"@id":"https:\/\/vapebulkp.com\/#website"},"datePublished":"2024-12-24T07:52:32+00:00","dateModified":"2025-09-17T08:32:16+00:00","description":"Wholesale price Bang Box 35000 Puffs Rechargeable Vape with touch switch, digital screen, and long-lasting performance. Perfect for premium vaping needs!","breadcrumb":{"@id":"https:\/\/vapebulkp.com\/product\/bang-box-35000-puffs-touch-switch-digital-screen-rechargeable-vape\/#breadcrumb"},"inLanguage":"lt-LT","potentialAction":[{"@type":"ReadAction","target":["https:\/\/vapebulkp.com\/product\/bang-box-35000-puffs-touch-switch-digital-screen-rechargeable-vape\/"]}]},{"@type":"BreadcrumbList","@id":"https:\/\/vapebulkp.com\/product\/bang-box-35000-puffs-touch-switch-digital-screen-rechargeable-vape\/#breadcrumb","itemListElement":[{"@type":"ListItem","position":1,"name":"Home","item":"https:\/\/vapebulkp.com\/"},{"@type":"ListItem","position":2,"name":"Hot Trend Vapes","item":"https:\/\/vapebulkp.com\/vape-shop\/"},{"@type":"ListItem","position":3,"name":"Bang Box 35000 Puffs Touch Switch Digital Screen Rechargeable Vape"}]},{"@type":"WebSite","@id":"https:\/\/vapebulkp.com\/#website","url":"https:\/\/vapebulkp.com\/","name":"vapebulkp.com","description":"Buy Vape In Cheap Bulk Price Near you","publisher":{"@id":"https:\/\/vapebulkp.com\/#organization"},"potentialAction":[{"@type":"SearchAction","target":{"@type":"EntryPoint","urlTemplate":"https:\/\/vapebulkp.com\/?s={search_term_string}"},"query-input":"required name=search_term_string"}],"inLanguage":"lt-LT"},{"@type":"Organization","@id":"https:\/\/vapebulkp.com\/#organization","name":"vapebulkp.com","url":"https:\/\/vapebulkp.com\/","logo":{"@type":"ImageObject","inLanguage":"lt-LT","@id":"https:\/\/vapebulkp.com\/#\/schema\/logo\/image\/","url":"https:\/\/vapebulkp.com\/wp-content\/uploads\/2023\/09\/cropped-vapebulkp.png","contentUrl":"https:\/\/vapebulkp.com\/wp-content\/uploads\/2023\/09\/cropped-vapebulkp.png","width":516,"height":163,"caption":"vapebulkp.com"},"image":{"@id":"https:\/\/vapebulkp.com\/#\/schema\/logo\/image\/"}}]}},"uagb_featured_image_src":{"full":["https:\/\/vapebulkp.com\/wp-content\/uploads\/2024\/12\/Bang-Box-35000-puff-Rechargeable-Vapes-Cheap-Price.png",800,800,false],"thumbnail":["https:\/\/vapebulkp.com\/wp-content\/uploads\/2024\/12\/Bang-Box-35000-puff-Rechargeable-Vapes-Cheap-Price-150x150.png",150,150,true],"medium":["https:\/\/vapebulkp.com\/wp-content\/uploads\/2024\/12\/Bang-Box-35000-puff-Rechargeable-Vapes-Cheap-Price-300x300.png",300,300,true],"medium_large":["https:\/\/vapebulkp.com\/wp-content\/uploads\/2024\/12\/Bang-Box-35000-puff-Rechargeable-Vapes-Cheap-Price-768x768.png",768,768,true],"large":["https:\/\/vapebulkp.com\/wp-content\/uploads\/2024\/12\/Bang-Box-35000-puff-Rechargeable-Vapes-Cheap-Price.png",800,800,false],"1536x1536":["https:\/\/vapebulkp.com\/wp-content\/uploads\/2024\/12\/Bang-Box-35000-puff-Rechargeable-Vapes-Cheap-Price.png",800,800,false],"2048x2048":["https:\/\/vapebulkp.com\/wp-content\/uploads\/2024\/12\/Bang-Box-35000-puff-Rechargeable-Vapes-Cheap-Price.png",800,800,false],"trp-custom-language-flag":["https:\/\/vapebulkp.com\/wp-content\/uploads\/2024\/12\/Bang-Box-35000-puff-Rechargeable-Vapes-Cheap-Price.png",12,12,false],"woocommerce_thumbnail":["https:\/\/vapebulkp.com\/wp-content\/uploads\/2024\/12\/Bang-Box-35000-puff-Rechargeable-Vapes-Cheap-Price-300x300.png",300,300,true],"woocommerce_single":["https:\/\/vapebulkp.com\/wp-content\/uploads\/2024\/12\/Bang-Box-35000-puff-Rechargeable-Vapes-Cheap-Price-600x600.png",600,600,true],"woocommerce_gallery_thumbnail":["https:\/\/vapebulkp.com\/wp-content\/uploads\/2024\/12\/Bang-Box-35000-puff-Rechargeable-Vapes-Cheap-Price-100x100.png",100,100,true],"wcpr-photo-reviews":["https:\/\/vapebulkp.com\/wp-content\/uploads\/2024\/12\/Bang-Box-35000-puff-Rechargeable-Vapes-Cheap-Price.png",500,500,false]},"uagb_author_info":{"display_name":"Mandy vape bulk price","author_link":"https:\/\/vapebulkp.com\/lt\/author\/"},"uagb_comment_info":0,"uagb_excerpt":"Bang Box 35000 Puffs Vape with touch switch, digital screen, rechargeable design, 2%\/5% nicotine, and long-lasting performance. Perfect for premium vaping. Pls Contact Mandy's WhatsApp For Discount Price+8618077105796 NOTE: Prices on our website does not include shipping costs &nbsp;","_links":{"self":[{"href":"https:\/\/vapebulkp.com\/lt\/wp-json\/wp\/v2\/product\/3277","targetHints":{"allow":["GET"]}}],"collection":[{"href":"https:\/\/vapebulkp.com\/lt\/wp-json\/wp\/v2\/product"}],"about":[{"href":"https:\/\/vapebulkp.com\/lt\/wp-json\/wp\/v2\/types\/product"}],"replies":[{"embeddable":true,"href":"https:\/\/vapebulkp.com\/lt\/wp-json\/wp\/v2\/comments?post=3277"}],"wp:featuredmedia":[{"embeddable":true,"href":"https:\/\/vapebulkp.com\/lt\/wp-json\/wp\/v2\/media\/3270"}],"wp:attachment":[{"href":"https:\/\/vapebulkp.com\/lt\/wp-json\/wp\/v2\/media?parent=3277"}],"wp:term":[{"taxonomy":"product_cat","embeddable":true,"href":"https:\/\/vapebulkp.com\/lt\/wp-json\/wp\/v2\/product_cat?post=3277"},{"taxonomy":"product_tag","embeddable":true,"href":"https:\/\/vapebulkp.com\/lt\/wp-json\/wp\/v2\/product_tag?post=3277"}],"curies":[{"name":"wp","href":"https:\/\/api.w.org\/{rel}","templated":true}]}}