{"id":3278,"date":"2024-12-24T10:37:50","date_gmt":"2024-12-24T09:37:50","guid":{"rendered":"https:\/\/vapebulkp.com\/?post_type=product&#038;p=3278"},"modified":"2025-09-16T11:29:12","modified_gmt":"2025-09-16T09:29:12","slug":"bood-infinity-30000-puff-hot-sale-vape-discount-price","status":"publish","type":"product","link":"https:\/\/vapebulkp.com\/lt\/product\/bood-infinity-30000-puff-hot-sale-vape-discount-price\/","title":{"rendered":"BOOD INFINITY 30000 PUFF kar\u0161to pardavimo Vape nuolaidos kaina"},"content":{"rendered":"<h2 style=\"text-align: left\">BOOD INFINITY 30000 PUFF kar\u0161to pardavimo Vape nuolaidos kaina<\/h2>\n<p>\u017denkite \u012f garinimo ateit\u012f su BOOD INFINITY 30000 PUFF garintuvu \u2013 \u012frenginiu, kuris sujungia pa\u017eangiausias technologijas su neprilygstamu na\u0161umu. Sukurtas garintojams, kurie siekia patogumo ir pastovumo, \u0161is garintuvas u\u017etikrina stulbinant\u012f <strong>30 000 \u012fkv\u0117pim\u0173<\/strong>, u\u017etikrinant\u012f ilgaam\u017ei\u0161kum\u0105, tinkant\u012f naudojimui vis\u0105 dien\u0105 ir ilguoju laikotarpiu.<\/p>\n<p>\u012erengtas su novatori\u0161ku <strong>elektroninio skys\u010dio<\/strong>, vartotojai gali lengvai steb\u0117ti baterijos veikimo ir elektroninio skys\u010dio lygius, nebesp\u0117liodami. \u201e <strong>Double Mesh Coil\u201c<\/strong> technologija garantuoja sodr\u0173, \u0161veln\u0173 gar\u0105 po kiekvieno \u012fkv\u0117pimo, o \u201e <strong>reguliuojamu oro srautu<\/strong> leid\u017eia pritaikyti garinimo patirt\u012f pagal j\u016bs\u0173 pageidavimus. Maitinamas <strong>\u012fkraunama 650mAh baterija<\/strong>, BOOD INFINITY yra ekologi\u0161kas ir patikimas.<\/p>\n<p>Galimas Vapebulkp.com svetain\u0117je, \u0161is didelio na\u0161umo \u012frenginys sujungia stili\u0173, funkcionalum\u0105 ir prieinamum\u0105. Nesvarbu, ar esate pradedantysis, ar patyr\u0119s entuziastas, <strong>BOOD BEGALIN\u0116\u00a0 <a href=\"https:\/\/vapebulkp.com\/lt\/product-category\/30000-puff-disposable-vape\/\">30000 PUFFS vienkartinis garintuvas<\/a><\/strong>\u00a0yra geriausias sprendimas tiems, kurie ie\u0161ko paprastos, auk\u0161\u010diausios kokyb\u0117s garinimo patirties. Pasinaudokite <strong>garintuvo didelio i\u0161pardavimo nuolaid\u0173 kaina<\/strong> ir patobulinkite savo garinimo patirt\u012f \u0161iandien!<\/p>\n<h6>D\u0117l nuolaidos kainos susisiekite su Mandy per WhatsApp<a href=\"https:\/\/wa.me\/8618077105796\">+8618077105796<\/a><\/h6>\n<p><img decoding=\"async\" class=\"alignnone wp-image-2151\" src=\"http:\/\/vapebulkp.com\/wp-content\/uploads\/2024\/04\/Mandy-WhatsApp-Randm.jpg\" alt=\"Mandy WhatsApp Atsitiktinis\" width=\"324\" height=\"330\" \/><\/p>\n<div class=\"flex max-w-full flex-col flex-grow\">\n<div class=\"min-h-8 text-message flex w-full flex-col items-end gap-2 whitespace-normal break-words text-start [.text-message+&amp;]:mt-5\" dir=\"auto\" data-message-author-role=\"assistant\" data-message-id=\"d24cf626-c018-4805-80f5-44de047f2ba0\" data-message-model-slug=\"gpt-4o\">\n<div class=\"flex w-full flex-col gap-1 empty:hidden first:pt-[3px]\">\n<div class=\"markdown prose w-full break-words dark:prose-invert light\">\n<h2><strong>Kod\u0117l verta rinktis didelio d\u016bm\u0173 kiekio garintuv\u0105 BOOD INFINITY 30 000 Puffs svetain\u0117je Vapebulkp.com?<\/strong><\/h2>\n<ol>\n<li><strong>Neprilygstamas ilgaam\u017ei\u0161kumas<\/strong>: su 30 000 d\u016bm\u0173 kiekio BOOD INFINITY 30000 Puffs si\u016blo ilgesn\u012f naudojim\u0105, puikiai tinkant\u012f kasdieniams garinimo entuziastams ir tiems, kurie renkasi ma\u017eiau keitim\u0173.<\/li>\n<li><strong>Inovatyvios savyb\u0117s<\/strong>: jame yra <strong>elektroninio skys\u010dio<\/strong>, <strong>Double Mesh Coil\u201c<\/strong> skland\u017eiam garui, <strong>reguliuojamu oro srautu<\/strong> individualizuotai patir\u010diai, ir <strong>\u012fkraunama 650mAh baterija<\/strong>, u\u017etikrinan\u010dius patogum\u0105 ir kokyb\u0119.<\/li>\n<li><strong>Patikima ir Patikima Platforma<\/strong>: Vapebulkp.com si\u016blo konkurencingas kainas, greit\u0105 pristatym\u0105 visoje Europoje ir puik\u0173 klient\u0173 aptarnavim\u0105, tod\u0117l tai yra puikus \u0161altinis garinimo produktams.<\/li>\n<\/ol>\n<h3>Kiti bestseleriai Vapebulkp.com svetain\u0117je:<\/h3>\n<ol>\n<li><strong>Bang King 36 000 \u012fkv\u0117pim\u0173<\/strong>: Auk\u0161\u010diausios klas\u0117s pasirinkimas su pir\u0161t\u0173 atspaud\u0173 atpa\u017einimo LCD ekranu, 36 ml e-skys\u010dio talpa ir C tipo \u012fkrovimu.<\/li>\n<li><strong>Vapme Shisha Pro Max 20 000 \u012fkv\u0117pim\u0173<\/strong>: Stilingas dizainas, 28 ml e-skys\u010dio talpa, 0.6\u03a9 tinklelio rit\u0117 ir garinimo patirtis tiesiai \u012f plau\u010dius.<\/li>\n<li><strong>Randm Tornado 30 000 \u012fkv\u0117pim\u0173<\/strong>: Turi LED lemputes ir muzikos sinchronizavimo parinkt\u012f, idealiai tinka vartotojams, ie\u0161kantiems linksmybi\u0173 ir inovacij\u0173.<\/li>\n<li><strong>Waspe AIVIOU 25 000 \u012fkv\u0117pim\u0173<\/strong>: Ekologi\u0161kas ir apr\u016bpintas dviguba tinklelio rit\u0117s technologija puikiam skoniui.<\/li>\n<li><strong>ELFWORLD Plus 20 000 \u012fkv\u0117pim\u0173<\/strong>: Lengvas, ne\u0161iojamas dizainas, orientuotas \u012f skland\u0173 garinim\u0105 ir unikalius skonius.<\/li>\n<\/ol>\n<p>Vapebulkp.com rasite plat\u0173 auk\u0161\u010diausios kokyb\u0117s vienkartini\u0173 garintuv\u0173 pasirinkim\u0105, pritaikyt\u0105 Lietuvos klient\u0173 poreikiams.<\/p>\n<\/div>\n<\/div>\n<\/div>\n<\/div>\n<h3><strong>BOOD INFINITY 30k \u012fkv\u0117pim\u0173 vienkartini\u0173 garintuv\u0173 specifikacijos:<\/strong><\/h3>\n<ul>\n<li><strong>30 t\u016bkst. \u012fkv\u0117pim\u0173<\/strong>: Ilgalaikis, iki 30 000 \u012fkv\u0117pim\u0173.<\/li>\n<li><strong>elektroninio skys\u010dio<\/strong>: Rodo e-skys\u010dio lyg\u012f ir baterijos b\u016bkl\u0119.<\/li>\n<li><strong>Double Mesh Coil\u201c<\/strong>: U\u017etikrina sklandesnius ir tankesnius garus.<\/li>\n<li><strong>\u012ekraunama<\/strong>: \u012erengta \u012fkraunama baterija.<\/li>\n<li><strong>Reguliuojamas oro srautas<\/strong>: Pritaikykite oro sraut\u0105 pagal savo pageidaujam\u0105 \u012fkv\u0117pim\u0105.<\/li>\n<li><strong>650mAh baterija<\/strong>: Patikima energijos talpa ilgesniam naudojimui.<\/li>\n<\/ul>\n<p>&nbsp;<\/p>\n<h3><strong>Didmenin\u0117 kaina BOOD INFINITY 30000 \u012fkv\u0117pim\u0173 skoni\u0173 s\u0105ra\u0161as<\/strong><\/h3>\n<p>1 BRA\u0160KI\u0172 IR ARB\u016aZ\u0172<br \/>\n2 PERSIK\u0172, MANG\u0172 IR ANANAS\u0172<br \/>\n3 SODRUS LEDAS<br \/>\n4 UOG\u0172 SPROGIMAS<br \/>\n5 BRA\u0160KI\u0172 IR KIVI\u0172<br \/>\n6 HAVAJAI<br \/>\n7 M\u0116LYN\u0172J\u0172 RASPBERRY LEDAS<br \/>\n8 M\u0116LYNI\u0172 LIMONADAS<br \/>\n9 JUODAS LEDAS<br \/>\n10 TIFFANY<\/p>\n<p><a href=\"https:\/\/vapebulkp.com\/lt\/product\/aivono-curved-smart-screen-35000-puffs-disposable-vape-wholesale-price\/\"><span style=\"vertical-align: inherit\">Aivono 35000 \u012ftraukim\u0173 <\/span><\/a><\/p>\n<p><span style=\"vertical-align: inherit\">Raskite daugiau produkt\u0173, kurie jums gali patikti:<\/span><em><a href=\"https:\/\/wa.me\/8618077105796\"><span style=\"vertical-align: inherit\">\u00a0Pirkti dabar<\/span><\/a><\/em><\/p>\n<p><span style=\"vertical-align: inherit\">Kiti \u012ftraukimai, kurie jums gali patikti:<\/span><a href=\"https:\/\/vapebulkp.com\/lt\/product\/wholesale-price-bang-kingdoms-rex-32000-puffs-vape-pod\/\"><span style=\"vertical-align: inherit\">Bang Kingdoms 32000 \u012ftraukim\u0173<\/span><\/a><span style=\"vertical-align: inherit\">\u3001<\/span><a href=\"https:\/\/vapebulkp.com\/lt\/product\/vookbar-30000-puffs-touch-screen-disposable-vapes-wholesale-price\/\"><span style=\"vertical-align: inherit\">Vookbar 30000 \u012ftraukim\u0173<\/span><\/a><span style=\"vertical-align: inherit\">\/ <\/span><a href=\"https:\/\/vapebulkp.com\/lt\/product\/vapsolo-best-quality-viking-12k-puffs-disposable-vapes\/\"><span style=\"vertical-align: inherit\">Vapsolo viking 12000 \u012ftraukim\u0173<\/span><\/a><span style=\"vertical-align: inherit\">\/ <\/span><a href=\"https:\/\/vapebulkp.com\/lt\/product\/waspe-vape-40000-puff-fihp-double-flavour-disposable-vape\/\"><span style=\"vertical-align: inherit\">WASPE 40000 \u012ftraukim\u0173<\/span><\/a><\/p>\n<p><span style=\"vertical-align: inherit\">Ypatingos formos elektronini\u0173 cigare\u010di\u0173 buteliukas:<\/span><a href=\"https:\/\/vapebulkp.com\/lt\/product\/vapsolo-feed-bar-shisha-vape-15000-puffs-wholesale-price\/\"><span style=\"vertical-align: inherit\"> Vapsolo shisha 15000 \u012ekv\u0117pim\u0173<\/span><\/a><span style=\"vertical-align: inherit\">\/ <\/span><a href=\"https:\/\/vapebulkp.com\/lt\/fi\/product\/best-price-wga-crystal-pro-max-15k-puffs-original-vape\/\"><span style=\"vertical-align: inherit\">\u00a0WGA Crystal pro max 15k d\u016bm\u0173 <\/span><\/a><span style=\"vertical-align: inherit\">\/<\/span><a href=\"https:\/\/vapebulkp.com\/lt\/product\/bang-box-35000-puffs-touch-switch-digital-screen-rechargeable-vape\/\"><span style=\"vertical-align: inherit\"> Bang Box 35000 \u012ekv\u0117pim\u0173<\/span><\/a><\/p>\n<h4>DUK apie BOOD INFINITY 30000 Puffs Vaping Podai<\/h4>\n<p><strong>1. Kuo BOOD INFIITY 30 000 \u012fkv\u0117pim\u0173 yra unikalus?<\/strong><br \/>\nBOOD INFINITY pasi\u017eymi 30 000 \u012fkv\u0117pim\u0173 talpa, <strong>elektroninio skys\u010dio<\/strong> skaitmeniniu ekranu, skirtu steb\u0117ti naudojim\u0105 ir baterij\u0105, <strong>Double Mesh Coil\u201c<\/strong> dviguba tinklelio spirale, skirta geresnei gar\u0173 kokybei, reguliuojamu oro srautu ir \u012fkraunama <strong>650mAh baterija<\/strong> baterija, u\u017etikrinan\u010dia ilgalaik\u012f veikim\u0105.<\/p>\n<p><strong>2. Kaip \u012fkrauti BOOD INFINITY 30K VAPES?<\/strong><br \/>\nTiesiog prijunkite prietais\u0105 prie USB \u012fkroviklio naudodami atitinkam\u0105 laid\u0105. Jis sukurtas su \u012fkraunamomis galimyb\u0117mis, kad gautum\u0117te kuo daugiau naudos i\u0161 savo prietaiso.<\/p>\n<p><strong>3. Ar galiu tinkinti savo garinimo patirt\u012f su bood vape 30000 puffs?<\/strong><br \/>\nTaip! The <strong>reguliuojamu oro srautu<\/strong> leid\u017eia pritaikyti traukim\u0105 pagal savo pageidavimus, ar jums patinka grie\u017etas, ar erdvus \u012fkv\u0117pimas.<\/p>\n<p><strong>4. Kokio tipo kaitinimo element\u0105 naudoja Bood Vape 30K puffs? <\/strong><strong>naudoti?<\/strong><br \/>\nBOOD INFINITY VAPES 30000 PUFFS naudoja <strong>dvigubo tinklelio kaitinimo elemento technologij\u0105<\/strong>, suteikdami \u0161velnesnius traukimus ir nuoseklesn\u012f skonio i\u0161gavim\u0105.<\/p>\n<p><strong>5. Kur galiu nusipirkti BOOD INFINITY 30K didmenin\u0117s prekybos vape?<\/strong><br \/>\n\u0160i\u0105 auk\u0161\u010diausios kokyb\u0117s garinimo kapsul\u0119 galite \u012fsigyti <strong>Vapebulkp.com<\/strong>, patikimoje platformoje, kurioje rasite auk\u0161tos kokyb\u0117s garinimo produkt\u0173 su puikiu klient\u0173 aptarnavimu ir greitu pristatymu.<\/p>\n<p>&nbsp;<\/p>\n<h5>Pristatymo detal\u0117s:<\/h5>\n<p><span style=\"color: #ff6600\">Gamybos laikas: 5-10 darbo dien\u0173<\/span><br \/>\n<span style=\"color: #ff6600\">Pristatymo laikas: 8-14 darbo dien\u0173<\/span><\/p>\n<p>Visi m\u016bs\u0173 parduotuv\u0117s produktai yra 100% original\u016bs ir autenti\u0161ki, tod\u0117l m\u016bs\u0173 parduotuv\u0117s politika yra de\u0161imteriopa kompensacija u\u017e padirbtas prekes. Prek\u0117ms pristatyti naudojame tokius logistikos kanalus kaip UPS\/DHL\/FEDEX\/DPD.<\/p>\n<p>Pristatymas \u012f Lietuvos \u0161alis paprastai trunka 10 darbo dien\u0173. Pristatymas \u012f Europos \u0161alis paprastai u\u017etrunka nuo 12 iki 15 darbo dien\u0173. Logistikos informacij\u0105 atnaujinsime realiuoju laiku.<\/p>","protected":false},"excerpt":{"rendered":"<p>BOOD INFINITY 30000 Puffs garintuvas \u2013 didelis i\u0161pardavimas! Auk\u0161\u010diausia kokyb\u0117, ilgalaikis veikimas ir neprilygstamos nuolaid\u0173 kainos. U\u017esisakykite dabar ir gaukite geriausi\u0105 pasi\u016blym\u0105!<\/p>\n<p>D\u0117l nuolaidos kainos susisiekite su Mandy per WhatsApp<a href=\"https:\/\/wa.me\/8618077105796\">+8618077105796<\/a><\/p>\n<p><img decoding=\"async\" class=\"alignnone wp-image-2151\" src=\"http:\/\/vapebulkp.com\/wp-content\/uploads\/2024\/04\/Mandy-WhatsApp-Randm.jpg\" alt=\"Mandy WhatsApp Atsitiktinis\" width=\"297\" height=\"316\" srcset=\"https:\/\/vapebulkp.com\/wp-content\/uploads\/2024\/04\/Mandy-WhatsApp-Randm.jpg 916w, https:\/\/vapebulkp.com\/wp-content\/uploads\/2024\/04\/Mandy-WhatsApp-Randm-282x300.jpg 282w, https:\/\/vapebulkp.com\/wp-content\/uploads\/2024\/04\/Mandy-WhatsApp-Randm-768x817.jpg 768w, https:\/\/vapebulkp.com\/wp-content\/uploads\/2024\/04\/Mandy-WhatsApp-Randm-600x638.jpg 600w\" sizes=\"(max-width: 297px) 100vw, 297px\" \/><\/p>\n<p><span style=\"color: #ff0000\">PASTABA: Kainos m\u016bs\u0173 svetain\u0117je neapima siuntimo i\u0161laid\u0173<\/span><\/p>\n<p>&nbsp;<\/p>","protected":false},"featured_media":3284,"comment_status":"open","ping_status":"closed","template":"","meta":{"_uag_custom_page_level_css":"","_lmt_disableupdate":"no","_lmt_disable":"","site-sidebar-layout":"default","site-content-layout":"content-boxed-container","ast-site-content-layout":"normal-width-container","site-content-style":"boxed","site-sidebar-style":"unboxed","ast-global-header-display":"","ast-banner-title-visibility":"","ast-main-header-display":"","ast-hfb-above-header-display":"","ast-hfb-below-header-display":"","ast-hfb-mobile-header-display":"","site-post-title":"","ast-breadcrumbs-content":"","ast-featured-img":"","footer-sml-layout":"","theme-transparent-header-meta":"default","adv-header-id-meta":"","stick-header-meta":"","header-above-stick-meta":"","header-main-stick-meta":"","header-below-stick-meta":"","astra-migrate-meta-layouts":"set","_joinchat":[]},"product_cat":[190,153,155,346,33,59,100,87,34,158,157,154,152,58,84,156,63,32],"product_tag":[187,36,37,41,40],"class_list":["post-3278","product","type-product","status-publish","has-post-thumbnail","hentry","product_cat-35000-puffs-disposable-vape","product_cat-hot-disposable-vapes","product_cat-belgium-hot-disposable-vapes","product_cat-bood-vapes","product_cat-france-vape-hot-sale","product_cat-germany-hot-disposable-vape","product_cat-germany-wholesale-vape-shop","product_cat-minimum-order-quantity-50pcs","product_cat-netherlands-vape-good-sale","product_cat-norway-hot-disposable-vapes","product_cat-poland-hot-disposable-vapes","product_cat-portugal-hot-disposable-vapes","product_cat-spain-hot-disposable-vapes","product_cat-sweden-hot-disposable-vape","product_cat-sweden-wholesale-vape","product_cat-switzerland-hot-disposable-vapes","product_cat-top-sale-disposable-vape","product_cat-vape-hot-sale-this-week","product_tag-30000-puffs","product_tag-good-vape","product_tag-hot-sale-disposable-vape","product_tag-poland-hot-vape","product_tag-sweden-hot-vape","pa_brand-bood-vape","desktop-align-left","tablet-align-left","mobile-align-left"],"yoast_head":"<!-- This site is optimized with the Yoast SEO plugin v21.1 - https:\/\/yoast.com\/wordpress\/plugins\/seo\/ -->\n<title>BOOD INFINITY 30000 PUFF Hot Sale Vape Discount Price - vapebulkp.com<\/title>\n<meta name=\"description\" content=\"BOOD INFINITY 30000 Puffs Wholesale Vape \u2013 Hot Sale! Long-lasting, stylish, and budget-friendly. Grab this top-quality vape at a discounted price today!\" \/>\n<meta name=\"robots\" content=\"index, follow, max-snippet:-1, max-image-preview:large, max-video-preview:-1\" \/>\n<link rel=\"canonical\" href=\"https:\/\/vapebulkp.com\/lt\/product\/bood-infinity-30000-puff-hot-sale-vape-discount-price\/\" \/>\n<meta property=\"og:locale\" content=\"lt_LT\" \/>\n<meta property=\"og:type\" content=\"article\" \/>\n<meta property=\"og:title\" content=\"BOOD INFINITY 30000 PUFF Hot Sale Vape Discount Price - vapebulkp.com\" \/>\n<meta property=\"og:description\" content=\"BOOD INFINITY 30000 Puffs Wholesale Vape \u2013 Hot Sale! Long-lasting, stylish, and budget-friendly. Grab this top-quality vape at a discounted price today!\" \/>\n<meta property=\"og:url\" content=\"https:\/\/vapebulkp.com\/lt\/product\/bood-infinity-30000-puff-hot-sale-vape-discount-price\/\" \/>\n<meta property=\"og:site_name\" content=\"vapebulkp.com\" \/>\n<meta property=\"article:modified_time\" content=\"2025-09-16T09:29:12+00:00\" \/>\n<meta property=\"og:image\" content=\"http:\/\/vapebulkp.com\/wp-content\/uploads\/2024\/12\/bulk-buy-vapes-bood-infinity-30k-puffs-blue-razz-ice.png\" \/>\n\t<meta property=\"og:image:width\" content=\"800\" \/>\n\t<meta property=\"og:image:height\" content=\"800\" \/>\n\t<meta property=\"og:image:type\" content=\"image\/png\" \/>\n<meta name=\"twitter:card\" content=\"summary_large_image\" \/>\n<meta name=\"twitter:label1\" content=\"Est. reading time\" \/>\n\t<meta name=\"twitter:data1\" content=\"4 minut\u0117s\" \/>\n<script type=\"application\/ld+json\" class=\"yoast-schema-graph\">{\"@context\":\"https:\/\/schema.org\",\"@graph\":[{\"@type\":\"WebPage\",\"@id\":\"https:\/\/vapebulkp.com\/product\/bood-infinity-30000-puff-hot-sale-vape-discount-price\/\",\"url\":\"https:\/\/vapebulkp.com\/product\/bood-infinity-30000-puff-hot-sale-vape-discount-price\/\",\"name\":\"BOOD INFINITY 30000 PUFF Hot Sale Vape Discount Price - vapebulkp.com\",\"isPartOf\":{\"@id\":\"https:\/\/vapebulkp.com\/#website\"},\"datePublished\":\"2024-12-24T09:37:50+00:00\",\"dateModified\":\"2025-09-16T09:29:12+00:00\",\"description\":\"BOOD INFINITY 30000 Puffs Wholesale Vape \u2013 Hot Sale! Long-lasting, stylish, and budget-friendly. Grab this top-quality vape at a discounted price today!\",\"breadcrumb\":{\"@id\":\"https:\/\/vapebulkp.com\/product\/bood-infinity-30000-puff-hot-sale-vape-discount-price\/#breadcrumb\"},\"inLanguage\":\"lt-LT\",\"potentialAction\":[{\"@type\":\"ReadAction\",\"target\":[\"https:\/\/vapebulkp.com\/product\/bood-infinity-30000-puff-hot-sale-vape-discount-price\/\"]}]},{\"@type\":\"BreadcrumbList\",\"@id\":\"https:\/\/vapebulkp.com\/product\/bood-infinity-30000-puff-hot-sale-vape-discount-price\/#breadcrumb\",\"itemListElement\":[{\"@type\":\"ListItem\",\"position\":1,\"name\":\"Home\",\"item\":\"https:\/\/vapebulkp.com\/\"},{\"@type\":\"ListItem\",\"position\":2,\"name\":\"Hot Trend Vapes\",\"item\":\"https:\/\/vapebulkp.com\/vape-shop\/\"},{\"@type\":\"ListItem\",\"position\":3,\"name\":\"BOOD INFINITY 30000 PUFF Hot Sale Vape Discount Price\"}]},{\"@type\":\"WebSite\",\"@id\":\"https:\/\/vapebulkp.com\/#website\",\"url\":\"https:\/\/vapebulkp.com\/\",\"name\":\"vapebulkp.com\",\"description\":\"Buy Vape In Cheap Bulk Price Near you\",\"publisher\":{\"@id\":\"https:\/\/vapebulkp.com\/#organization\"},\"potentialAction\":[{\"@type\":\"SearchAction\",\"target\":{\"@type\":\"EntryPoint\",\"urlTemplate\":\"https:\/\/vapebulkp.com\/?s={search_term_string}\"},\"query-input\":\"required name=search_term_string\"}],\"inLanguage\":\"lt-LT\"},{\"@type\":\"Organization\",\"@id\":\"https:\/\/vapebulkp.com\/#organization\",\"name\":\"vapebulkp.com\",\"url\":\"https:\/\/vapebulkp.com\/\",\"logo\":{\"@type\":\"ImageObject\",\"inLanguage\":\"lt-LT\",\"@id\":\"https:\/\/vapebulkp.com\/#\/schema\/logo\/image\/\",\"url\":\"https:\/\/vapebulkp.com\/wp-content\/uploads\/2023\/09\/cropped-vapebulkp.png\",\"contentUrl\":\"https:\/\/vapebulkp.com\/wp-content\/uploads\/2023\/09\/cropped-vapebulkp.png\",\"width\":516,\"height\":163,\"caption\":\"vapebulkp.com\"},\"image\":{\"@id\":\"https:\/\/vapebulkp.com\/#\/schema\/logo\/image\/\"}}]}<\/script>\n<!-- \/ Yoast SEO plugin. -->","yoast_head_json":{"title":"BOOD INFINITY 30000 PUFF Hot Sale Vape Discount Price - vapebulkp.com","description":"BOOD INFINITY 30000 Puffs Wholesale Vape \u2013 Hot Sale! Long-lasting, stylish, and budget-friendly. Grab this top-quality vape at a discounted price today!","robots":{"index":"index","follow":"follow","max-snippet":"max-snippet:-1","max-image-preview":"max-image-preview:large","max-video-preview":"max-video-preview:-1"},"canonical":"https:\/\/vapebulkp.com\/lt\/product\/bood-infinity-30000-puff-hot-sale-vape-discount-price\/","og_locale":"lt_LT","og_type":"article","og_title":"BOOD INFINITY 30000 PUFF Hot Sale Vape Discount Price - vapebulkp.com","og_description":"BOOD INFINITY 30000 Puffs Wholesale Vape \u2013 Hot Sale! Long-lasting, stylish, and budget-friendly. Grab this top-quality vape at a discounted price today!","og_url":"https:\/\/vapebulkp.com\/lt\/product\/bood-infinity-30000-puff-hot-sale-vape-discount-price\/","og_site_name":"vapebulkp.com","article_modified_time":"2025-09-16T09:29:12+00:00","og_image":[{"width":800,"height":800,"url":"http:\/\/vapebulkp.com\/wp-content\/uploads\/2024\/12\/bulk-buy-vapes-bood-infinity-30k-puffs-blue-razz-ice.png","type":"image\/png"}],"twitter_card":"summary_large_image","twitter_misc":{"Est. reading time":"4 minut\u0117s"},"schema":{"@context":"https:\/\/schema.org","@graph":[{"@type":"WebPage","@id":"https:\/\/vapebulkp.com\/product\/bood-infinity-30000-puff-hot-sale-vape-discount-price\/","url":"https:\/\/vapebulkp.com\/product\/bood-infinity-30000-puff-hot-sale-vape-discount-price\/","name":"BOOD INFINITY 30000 PUFF Hot Sale Vape Discount Price - vapebulkp.com","isPartOf":{"@id":"https:\/\/vapebulkp.com\/#website"},"datePublished":"2024-12-24T09:37:50+00:00","dateModified":"2025-09-16T09:29:12+00:00","description":"BOOD INFINITY 30000 Puffs Wholesale Vape \u2013 Hot Sale! Long-lasting, stylish, and budget-friendly. Grab this top-quality vape at a discounted price today!","breadcrumb":{"@id":"https:\/\/vapebulkp.com\/product\/bood-infinity-30000-puff-hot-sale-vape-discount-price\/#breadcrumb"},"inLanguage":"lt-LT","potentialAction":[{"@type":"ReadAction","target":["https:\/\/vapebulkp.com\/product\/bood-infinity-30000-puff-hot-sale-vape-discount-price\/"]}]},{"@type":"BreadcrumbList","@id":"https:\/\/vapebulkp.com\/product\/bood-infinity-30000-puff-hot-sale-vape-discount-price\/#breadcrumb","itemListElement":[{"@type":"ListItem","position":1,"name":"Home","item":"https:\/\/vapebulkp.com\/"},{"@type":"ListItem","position":2,"name":"Hot Trend Vapes","item":"https:\/\/vapebulkp.com\/vape-shop\/"},{"@type":"ListItem","position":3,"name":"BOOD INFINITY 30000 PUFF Hot Sale Vape Discount Price"}]},{"@type":"WebSite","@id":"https:\/\/vapebulkp.com\/#website","url":"https:\/\/vapebulkp.com\/","name":"vapebulkp.com","description":"Buy Vape In Cheap Bulk Price Near you","publisher":{"@id":"https:\/\/vapebulkp.com\/#organization"},"potentialAction":[{"@type":"SearchAction","target":{"@type":"EntryPoint","urlTemplate":"https:\/\/vapebulkp.com\/?s={search_term_string}"},"query-input":"required name=search_term_string"}],"inLanguage":"lt-LT"},{"@type":"Organization","@id":"https:\/\/vapebulkp.com\/#organization","name":"vapebulkp.com","url":"https:\/\/vapebulkp.com\/","logo":{"@type":"ImageObject","inLanguage":"lt-LT","@id":"https:\/\/vapebulkp.com\/#\/schema\/logo\/image\/","url":"https:\/\/vapebulkp.com\/wp-content\/uploads\/2023\/09\/cropped-vapebulkp.png","contentUrl":"https:\/\/vapebulkp.com\/wp-content\/uploads\/2023\/09\/cropped-vapebulkp.png","width":516,"height":163,"caption":"vapebulkp.com"},"image":{"@id":"https:\/\/vapebulkp.com\/#\/schema\/logo\/image\/"}}]}},"uagb_featured_image_src":{"full":["https:\/\/vapebulkp.com\/wp-content\/uploads\/2024\/12\/bulk-buy-vapes-bood-infinity-30k-puffs-blue-razz-ice.png",800,800,false],"thumbnail":["https:\/\/vapebulkp.com\/wp-content\/uploads\/2024\/12\/bulk-buy-vapes-bood-infinity-30k-puffs-blue-razz-ice-150x150.png",150,150,true],"medium":["https:\/\/vapebulkp.com\/wp-content\/uploads\/2024\/12\/bulk-buy-vapes-bood-infinity-30k-puffs-blue-razz-ice-300x300.png",300,300,true],"medium_large":["https:\/\/vapebulkp.com\/wp-content\/uploads\/2024\/12\/bulk-buy-vapes-bood-infinity-30k-puffs-blue-razz-ice-768x768.png",768,768,true],"large":["https:\/\/vapebulkp.com\/wp-content\/uploads\/2024\/12\/bulk-buy-vapes-bood-infinity-30k-puffs-blue-razz-ice.png",800,800,false],"1536x1536":["https:\/\/vapebulkp.com\/wp-content\/uploads\/2024\/12\/bulk-buy-vapes-bood-infinity-30k-puffs-blue-razz-ice.png",800,800,false],"2048x2048":["https:\/\/vapebulkp.com\/wp-content\/uploads\/2024\/12\/bulk-buy-vapes-bood-infinity-30k-puffs-blue-razz-ice.png",800,800,false],"trp-custom-language-flag":["https:\/\/vapebulkp.com\/wp-content\/uploads\/2024\/12\/bulk-buy-vapes-bood-infinity-30k-puffs-blue-razz-ice.png",12,12,false],"woocommerce_thumbnail":["https:\/\/vapebulkp.com\/wp-content\/uploads\/2024\/12\/bulk-buy-vapes-bood-infinity-30k-puffs-blue-razz-ice-300x300.png",300,300,true],"woocommerce_single":["https:\/\/vapebulkp.com\/wp-content\/uploads\/2024\/12\/bulk-buy-vapes-bood-infinity-30k-puffs-blue-razz-ice-600x600.png",600,600,true],"woocommerce_gallery_thumbnail":["https:\/\/vapebulkp.com\/wp-content\/uploads\/2024\/12\/bulk-buy-vapes-bood-infinity-30k-puffs-blue-razz-ice-100x100.png",100,100,true],"wcpr-photo-reviews":["https:\/\/vapebulkp.com\/wp-content\/uploads\/2024\/12\/bulk-buy-vapes-bood-infinity-30k-puffs-blue-razz-ice.png",500,500,false]},"uagb_author_info":{"display_name":"Mandy vape bulk price","author_link":"https:\/\/vapebulkp.com\/lt\/author\/"},"uagb_comment_info":0,"uagb_excerpt":"BOOD INFINITY 30000 Puffs Vape - Hot Sale! Premium quality, long-lasting performance, and unbeatable discount prices. Order now for the best vaping deal! Pls Contact Mandy's WhatsApp For Discount Price+8618077105796 NOTE: Prices on our website does not include shipping costs &nbsp;","_links":{"self":[{"href":"https:\/\/vapebulkp.com\/lt\/wp-json\/wp\/v2\/product\/3278","targetHints":{"allow":["GET"]}}],"collection":[{"href":"https:\/\/vapebulkp.com\/lt\/wp-json\/wp\/v2\/product"}],"about":[{"href":"https:\/\/vapebulkp.com\/lt\/wp-json\/wp\/v2\/types\/product"}],"replies":[{"embeddable":true,"href":"https:\/\/vapebulkp.com\/lt\/wp-json\/wp\/v2\/comments?post=3278"}],"wp:featuredmedia":[{"embeddable":true,"href":"https:\/\/vapebulkp.com\/lt\/wp-json\/wp\/v2\/media\/3284"}],"wp:attachment":[{"href":"https:\/\/vapebulkp.com\/lt\/wp-json\/wp\/v2\/media?parent=3278"}],"wp:term":[{"taxonomy":"product_cat","embeddable":true,"href":"https:\/\/vapebulkp.com\/lt\/wp-json\/wp\/v2\/product_cat?post=3278"},{"taxonomy":"product_tag","embeddable":true,"href":"https:\/\/vapebulkp.com\/lt\/wp-json\/wp\/v2\/product_tag?post=3278"}],"curies":[{"name":"wp","href":"https:\/\/api.w.org\/{rel}","templated":true}]}}