{"id":3285,"date":"2024-12-26T10:32:38","date_gmt":"2024-12-26T09:32:38","guid":{"rendered":"https:\/\/vapebulkp.com\/?post_type=product&#038;p=3285"},"modified":"2025-09-24T05:21:36","modified_gmt":"2025-09-24T03:21:36","slug":"bood-pulse-pro-25k-50k-disposable-vape-bar-5000-puffs-nicotine-free","status":"publish","type":"product","link":"https:\/\/vapebulkp.com\/lt\/product\/bood-pulse-pro-25k-50k-disposable-vape-bar-5000-puffs-nicotine-free\/","title":{"rendered":"Bood Pulse Pro 25k\/50k vienkartinis elektronini\u0173 cigare\u010di\u0173 prietaisas 5000 d\u016b\u017ei\u0173 be nikotino"},"content":{"rendered":"<h2 style=\"text-align: left\">Bood Pulse Pro 25k\/50k vienkartinis elektronini\u0173 cigare\u010di\u0173 prietaisas 5000 d\u016b\u017ei\u0173 be nikotino<\/h2>\n<p>&nbsp;<\/p>\n<p data-start=\"347\" data-end=\"692\">Tas <strong>Bood Pulse Pro 25k\/50k Vienkartinis Vape Baras 5000 P\u016bpsni\u0173<\/strong>\u00a0yra tikras <strong data-start=\"408\" data-end=\"433\">ilgai i\u0161liekantis vape baras<\/strong> sukurtas Europos vartotojams, kurie reikalauja patikimumo, skonio ir talpos viename \u012frenginyje. Si\u016blydamas iki 50 000 p\u016bpsni\u0173, jis derina pa\u017eangi\u0105 in\u017einerij\u0105 su patogumu, tod\u0117l yra puikus pasirinkimas tiek ma\u017emeniniams klientams, tiek <strong data-start=\"661\" data-end=\"682\">didmeninei prekybai vape ES<\/strong> rinkoje.<\/p>\n<p data-start=\"694\" data-end=\"983\">Kiekvienas \u012frenginys yra i\u0161 anksto u\u017epildytas 38 ml <strong data-start=\"736\" data-end=\"761\">auk\u0161\u010diausios kokyb\u0117s vape skys\u010dio<\/strong>, u\u017etikrinan\u010dio nuosekl\u0173 skon\u012f ir \u0161velnius garus per vis\u0105 jo naudojimo laik\u0105. Tur\u0117damas nikotino druskos stiprum\u0105, prieinam\u0105 2% ir 5%, jis tinka tiek vidutiniams, tiek stipresniems pageidavimams, u\u017etikrinant pasitenkinim\u0105 pla\u010diai auditorijai.<\/p>\n<p data-start=\"985\" data-end=\"1297\">Maitinamas 850mAh \u012fkraunamos baterijos ir apr\u016bpintas Type-C greitu \u012fkrovimu, \u0161is <strong data-start=\"1072\" data-end=\"1104\">\u012fkraunamas vienkartinis vape<\/strong> minimalizuoja prastovos laik\u0105 ir maksimaliai padidina na\u0161um\u0105. Integruotas <strong data-start=\"1166\" data-end=\"1184\">tinklinio ritinio vape<\/strong> technologija sustiprina skonio intensyvum\u0105 ir gar\u0173 tank\u012f, suteikdama kiekvienam \u012fkv\u0117pimui rafinuot\u0105 ir malon\u0173 gerkl\u0117s sm\u016bg\u012f.<\/p>\n<p data-start=\"1299\" data-end=\"1565\">Kompakti\u0161kas ir stilingas <strong data-start=\"1324\" data-end=\"1370\">Bood Pulse Pro <a href=\"https:\/\/vapebulkp.com\/lt\/product-category\/50000-puffs-disposable-vape\/\">50000 d\u016bm\u0173 vienkartinis garintuvas<\/a><\/strong> puikiai tinka kasdieniam naudojimui, kelion\u0117ms ir socialin\u0117ms progoms. Platintojams ir ma\u017emenininkams, d\u0117l didel\u0117s paklausos ir paruo\u0161tos didmeninei prekybai konstrukcijos, tai yra viena pelningiausi\u0173 galimybi\u0173 Lietuvos rinkoje.<\/p>\n<h6>D\u0117l nuolaidos kainos susisiekite su Mandy per WhatsApp<a href=\"https:\/\/wa.me\/8618077105796\">+8618077105796<\/a><\/h6>\n<p><img decoding=\"async\" class=\"alignnone wp-image-2151\" src=\"http:\/\/vapebulkp.com\/wp-content\/uploads\/2024\/04\/Mandy-WhatsApp-Randm.jpg\" alt=\"Mandy WhatsApp Atsitiktinis\" width=\"324\" height=\"330\" \/><\/p>\n<div class=\"flex max-w-full flex-col flex-grow\">\n<div class=\"min-h-8 text-message flex w-full flex-col items-end gap-2 whitespace-normal break-words text-start [.text-message+&amp;]:mt-5\" dir=\"auto\" data-message-author-role=\"assistant\" data-message-id=\"d24cf626-c018-4805-80f5-44de047f2ba0\" data-message-model-slug=\"gpt-4o\">\n<div class=\"flex w-full flex-col gap-1 empty:hidden first:pt-[3px]\">\n<div class=\"markdown prose w-full break-words dark:prose-invert light\">\n<h2>Kod\u0117l verta rinktis Bood Pulse Pro 50000 puffs E-cig?<\/h2>\n<p>Sukurtas atsi\u017evelgiant \u012f patogum\u0105 ir na\u0161um\u0105, <strong>Bood Pulse Pro<\/strong> suteikia galing\u0105 garinimo patirt\u012f be prie\u017ei\u016bros r\u016bpes\u010di\u0173. Nesvarbu, ar esate atsitiktinis vartotojas, ar aistringas garintojas, \u0161is prietaisas idealiai tinka ilgalaikiam naudojimui, tuo pa\u010diu u\u017etikrindamas \u0161var\u0173, nuosekl\u0173 ir skan\u0173 sm\u016bg\u012f su kiekvienu \u012fkv\u0117pimu.<\/p>\n<p>&nbsp;<\/p>\n<\/div>\n<\/div>\n<\/div>\n<\/div>\n<h3>Bood Pulse Pro Vape be nikotino 50000 \u012fkv\u0117pim\u0173 pagrindin\u0117s specifikacijos:<\/h3>\n<ul>\n<li><strong>E-skys\u010dio talpa<\/strong>: 38 ml i\u0161 anksto u\u017epildytas ilgesniam naudojimui<\/li>\n<li><strong>Nikotino stiprumas<\/strong>: Galimi 2% ir 5% variantai, atitinkantys \u012fvairius pageidavimus<\/li>\n<li><strong>Baterijos galia<\/strong>: Tvirtas 850 mAh \u012fkraunamas akumuliatorius u\u017etikrina pastov\u0173 veikim\u0105<\/li>\n<li><strong>Ritinio technologija<\/strong>: Pa\u017eangus tinklelio ritinys skland\u017eiam gar\u0173 gamybai ir sodriam skoniui<\/li>\n<\/ul>\n<p>&nbsp;<\/p>\n<h3><strong>Ilgalaikis tinklinio ritinio garinimo \u012frenginys <\/strong>Bood Pulse Pro 25k 50k \u012fkv\u0117pim\u0173 <strong>Skoni\u0173 s\u0105ra\u0161as<\/strong><\/h3>\n<p>1.MELIONAS ANANASAS APELSINAS<br \/>\n2.\u0160ILAUOG\u0116S R\u016aG\u0160\u010cIOJI AVIES<br \/>\n3.ARBUZAS KIVIS<br \/>\n4.\u0160ILAUOG\u0116S ARBUZAS<br \/>\n5.JUODOSIOS UOGOS LEDAS<br \/>\n6.TRIGUBAS MELIONAS<br \/>\n7.BRA\u0160KI\u0172 LEDAS<br \/>\n8.BRA\u0160KI\u0172 ARBUZAS LEDAS<br \/>\n9.Dvigubas limonadas<br \/>\n10.Vynuog\u0117s spanguol\u0117s \u0161ilauog\u0117s aviet\u0117s<\/p>\n<p><a href=\"https:\/\/vapebulkp.com\/lt\/product\/aivono-curved-smart-screen-35000-puffs-disposable-vape-wholesale-price\/\"><span style=\"vertical-align: inherit\">Aivono 35000 \u012ftraukim\u0173 <\/span><\/a><\/p>\n<p><span style=\"vertical-align: inherit\">Raskite daugiau produkt\u0173, kurie jums gali patikti:<\/span><em><a href=\"https:\/\/wa.me\/8618077105796\"><span style=\"vertical-align: inherit\">\u00a0Pirkti dabar<\/span><\/a><\/em><\/p>\n<p><span style=\"vertical-align: inherit\">Kiti \u012ftraukimai, kurie jums gali patikti:<\/span><a href=\"https:\/\/vapebulkp.com\/lt\/product\/wholesale-price-bang-kingdoms-rex-32000-puffs-vape-pod\/\"><span style=\"vertical-align: inherit\">Bang Kingdoms 32000 \u012ftraukim\u0173<\/span><\/a><span style=\"vertical-align: inherit\">\u3001<\/span><a href=\"https:\/\/vapebulkp.com\/lt\/product\/vookbar-30000-puffs-touch-screen-disposable-vapes-wholesale-price\/\"><span style=\"vertical-align: inherit\">Vookbar 30000 \u012ftraukim\u0173<\/span><\/a><span style=\"vertical-align: inherit\">\/ <\/span><a href=\"https:\/\/vapebulkp.com\/lt\/product\/vapsolo-best-quality-viking-12k-puffs-disposable-vapes\/\"><span style=\"vertical-align: inherit\">Vapsolo viking 12000 \u012ftraukim\u0173<\/span><\/a><span style=\"vertical-align: inherit\">\/ <\/span><a href=\"https:\/\/vapebulkp.com\/lt\/product\/waspe-vape-40000-puff-fihp-double-flavour-disposable-vape\/\"><span style=\"vertical-align: inherit\">WASPE 40000 \u012ftraukim\u0173<\/span><\/a><\/p>\n<p>&nbsp;<\/p>\n<h3>DUK apie Bood Pulse Pro 25K\/50k 50000 \u012ftraukim\u0173 vienkartinius garintuvus<\/h3>\n<p><strong>K: Koks yra minimalus Bood Pulse Pro 25K\/50K \u012ftraukim\u0173 u\u017esakymo kiekis (MOQ)?<\/strong><br \/>\nA: Minimalus u\u017esakymo kiekis yra <strong>50 vienet\u0173<\/strong>.<\/p>\n<p><strong>K: Kiek laiko trunka pristatymas po u\u017esakymo pateikimo?<\/strong><br \/>\nA: Pristatymo laikas paprastai yra <strong>10-15 dien\u0173<\/strong> po i\u0161siuntimo.<\/p>\n<p><strong>K: Kiek kainuos siuntimas?<\/strong><br \/>\nA: Siuntimo i\u0161laidos priklauso nuo bendro j\u016bs\u0173 u\u017esakymo svorio. D\u0117l konkre\u010di\u0173 tarif\u0173 susisiekite su mumis ir gaukite i\u0161sami\u0105 informacij\u0105, pagr\u012fst\u0105 j\u016bs\u0173 kiekiu ir vieta.<\/p>\n<p><strong>K: Ar siun\u010diate \u012f u\u017esien\u012f?<\/strong><br \/>\nA: Taip, siun\u010diame \u012f daugum\u0105 Europos \u0161ali\u0173, \u012fskaitant, bet neapsiribojant <strong>Nyderlandai, Vokietija, Pranc\u016bzija, Ispanija, Italija, Belgija, Austrija, Lenkija, \u0160vedija, Airija, Suomija ir Portugalija<\/strong>.<\/p>\n<p><strong>K: Ar galima sekti u\u017esakym\u0105?<\/strong><br \/>\nA: \u017dinoma! Kai tik j\u016bs\u0173 u\u017esakymas bus i\u0161si\u0173stas, mes jums pateiksime sekimo numer\u012f ir nuorod\u0105, kad gal\u0117tum\u0117te sekti savo siunt\u0105.<\/p>\n<h3>Pristatymo detal\u0117s:<\/h3>\n<p><span style=\"color: #ff6600\">Gamybos laikas: 5-10 darbo dien\u0173<\/span><br \/>\n<span style=\"color: #ff6600\">Pristatymo laikas: 8-14 darbo dien\u0173<\/span><\/p>\n<p>Visi m\u016bs\u0173 parduotuv\u0117s produktai yra 100% original\u016bs ir autenti\u0161ki, tod\u0117l m\u016bs\u0173 parduotuv\u0117s politika yra de\u0161imteriopa kompensacija u\u017e padirbtas prekes. Prek\u0117ms pristatyti naudojame tokius logistikos kanalus kaip UPS\/DHL\/FEDEX\/DPD.<\/p>\n<p>Pristatymas \u012f Lietuvos \u0161alis paprastai trunka 10 darbo dien\u0173. Pristatymas \u012f Europos \u0161alis paprastai u\u017etrunka nuo 12 iki 15 darbo dien\u0173. Logistikos informacij\u0105 atnaujinsime realiuoju laiku.<\/p>","protected":false},"excerpt":{"rendered":"<ul>\n<li><strong>Bood Pulse Pro 50K vienkartinis garintuvas be nikotino<\/strong><\/li>\n<li><strong>25K\/50K \u012fkv\u0117pim\u0173 Bood Pulse Pro \u012fkraunamas garintuvas<\/strong><\/li>\n<li><strong>Bood Pulse Pro 50000 \u012fkv\u0117pim\u0173 vienkartinis be nikotino tinklelio rit\u0117s garintuvas<\/strong><\/li>\n<\/ul>\n<p>D\u0117l nuolaidos kainos susisiekite su Mandy per WhatsApp<a href=\"https:\/\/wa.me\/8618077105796\">+8618077105796<\/a><\/p>\n<p><img decoding=\"async\" class=\"alignnone wp-image-2151\" src=\"http:\/\/vapebulkp.com\/wp-content\/uploads\/2024\/04\/Mandy-WhatsApp-Randm.jpg\" alt=\"Mandy WhatsApp Atsitiktinis\" width=\"297\" height=\"316\" srcset=\"https:\/\/vapebulkp.com\/wp-content\/uploads\/2024\/04\/Mandy-WhatsApp-Randm.jpg 916w, https:\/\/vapebulkp.com\/wp-content\/uploads\/2024\/04\/Mandy-WhatsApp-Randm-282x300.jpg 282w, https:\/\/vapebulkp.com\/wp-content\/uploads\/2024\/04\/Mandy-WhatsApp-Randm-768x817.jpg 768w, https:\/\/vapebulkp.com\/wp-content\/uploads\/2024\/04\/Mandy-WhatsApp-Randm-600x638.jpg 600w\" sizes=\"(max-width: 297px) 100vw, 297px\" \/><\/p>\n<p><span style=\"color: #ff0000\">PASTABA: Kainos m\u016bs\u0173 svetain\u0117je neapima siuntimo i\u0161laid\u0173<\/span><\/p>\n<p>&nbsp;<\/p>","protected":false},"featured_media":3286,"comment_status":"open","ping_status":"closed","template":"","meta":{"_uag_custom_page_level_css":"","_lmt_disableupdate":"no","_lmt_disable":"","site-sidebar-layout":"default","site-content-layout":"content-boxed-container","ast-site-content-layout":"normal-width-container","site-content-style":"boxed","site-sidebar-style":"unboxed","ast-global-header-display":"","ast-banner-title-visibility":"","ast-main-header-display":"","ast-hfb-above-header-display":"","ast-hfb-below-header-display":"","ast-hfb-mobile-header-display":"","site-post-title":"","ast-breadcrumbs-content":"","ast-featured-img":"","footer-sml-layout":"","theme-transparent-header-meta":"default","adv-header-id-meta":"","stick-header-meta":"","header-above-stick-meta":"","header-main-stick-meta":"","header-below-stick-meta":"","astra-migrate-meta-layouts":"set","_joinchat":[]},"product_cat":[194,153,155,346,33,59,100,87,34,158,157,154,152,58,84,156,63,32],"product_tag":[195,36,37,41,40],"class_list":["post-3285","product","type-product","status-publish","has-post-thumbnail","hentry","product_cat-50000-puffs-disposable-vape","product_cat-hot-disposable-vapes","product_cat-belgium-hot-disposable-vapes","product_cat-bood-vapes","product_cat-france-vape-hot-sale","product_cat-germany-hot-disposable-vape","product_cat-germany-wholesale-vape-shop","product_cat-minimum-order-quantity-50pcs","product_cat-netherlands-vape-good-sale","product_cat-norway-hot-disposable-vapes","product_cat-poland-hot-disposable-vapes","product_cat-portugal-hot-disposable-vapes","product_cat-spain-hot-disposable-vapes","product_cat-sweden-hot-disposable-vape","product_cat-sweden-wholesale-vape","product_cat-switzerland-hot-disposable-vapes","product_cat-top-sale-disposable-vape","product_cat-vape-hot-sale-this-week","product_tag-50000-puffs","product_tag-good-vape","product_tag-hot-sale-disposable-vape","product_tag-poland-hot-vape","product_tag-sweden-hot-vape","pa_brand-bood-vape","desktop-align-left","tablet-align-left","mobile-align-left"],"yoast_head":"<!-- This site is optimized with the Yoast SEO plugin v21.1 - https:\/\/yoast.com\/wordpress\/plugins\/seo\/ -->\n<title>Bood Pulse Pro 25k\/50k Disposable Vape Bar 5000 Puffs Nicotine Free - vapebulkp.com<\/title>\n<meta name=\"description\" content=\"Wholesale Bood Pulse Pro 25K\/50K Disposable Vape Bar, 5000 puffs, nicotine-free, sleek design, long-lasting performance for a smooth vaping experience.\" \/>\n<meta name=\"robots\" content=\"index, follow, max-snippet:-1, max-image-preview:large, max-video-preview:-1\" \/>\n<link rel=\"canonical\" href=\"https:\/\/vapebulkp.com\/lt\/product\/bood-pulse-pro-25k-50k-disposable-vape-bar-5000-puffs-nicotine-free\/\" \/>\n<meta property=\"og:locale\" content=\"lt_LT\" \/>\n<meta property=\"og:type\" content=\"article\" \/>\n<meta property=\"og:title\" content=\"Bood Pulse Pro 25k\/50k Disposable Vape Bar 5000 Puffs Nicotine Free - vapebulkp.com\" \/>\n<meta property=\"og:description\" content=\"Wholesale Bood Pulse Pro 25K\/50K Disposable Vape Bar, 5000 puffs, nicotine-free, sleek design, long-lasting performance for a smooth vaping experience.\" \/>\n<meta property=\"og:url\" content=\"https:\/\/vapebulkp.com\/lt\/product\/bood-pulse-pro-25k-50k-disposable-vape-bar-5000-puffs-nicotine-free\/\" \/>\n<meta property=\"og:site_name\" content=\"vapebulkp.com\" \/>\n<meta property=\"article:modified_time\" content=\"2025-09-24T03:21:36+00:00\" \/>\n<meta property=\"og:image\" content=\"http:\/\/vapebulkp.com\/wp-content\/uploads\/2024\/12\/Bood-pulse-pro-25k-Puffs-50k-Puffs-bulk-price-vape-sweden.png\" \/>\n\t<meta property=\"og:image:width\" content=\"800\" \/>\n\t<meta property=\"og:image:height\" content=\"800\" \/>\n\t<meta property=\"og:image:type\" content=\"image\/png\" \/>\n<meta name=\"twitter:card\" content=\"summary_large_image\" \/>\n<meta name=\"twitter:label1\" content=\"Est. reading time\" \/>\n\t<meta name=\"twitter:data1\" content=\"3 minut\u0117s\" \/>\n<script type=\"application\/ld+json\" class=\"yoast-schema-graph\">{\"@context\":\"https:\/\/schema.org\",\"@graph\":[{\"@type\":\"WebPage\",\"@id\":\"https:\/\/vapebulkp.com\/product\/bood-pulse-pro-25k-50k-disposable-vape-bar-5000-puffs-nicotine-free\/\",\"url\":\"https:\/\/vapebulkp.com\/product\/bood-pulse-pro-25k-50k-disposable-vape-bar-5000-puffs-nicotine-free\/\",\"name\":\"Bood Pulse Pro 25k\/50k Disposable Vape Bar 5000 Puffs Nicotine Free - vapebulkp.com\",\"isPartOf\":{\"@id\":\"https:\/\/vapebulkp.com\/#website\"},\"datePublished\":\"2024-12-26T09:32:38+00:00\",\"dateModified\":\"2025-09-24T03:21:36+00:00\",\"description\":\"Wholesale Bood Pulse Pro 25K\/50K Disposable Vape Bar, 5000 puffs, nicotine-free, sleek design, long-lasting performance for a smooth vaping experience.\",\"breadcrumb\":{\"@id\":\"https:\/\/vapebulkp.com\/product\/bood-pulse-pro-25k-50k-disposable-vape-bar-5000-puffs-nicotine-free\/#breadcrumb\"},\"inLanguage\":\"lt-LT\",\"potentialAction\":[{\"@type\":\"ReadAction\",\"target\":[\"https:\/\/vapebulkp.com\/product\/bood-pulse-pro-25k-50k-disposable-vape-bar-5000-puffs-nicotine-free\/\"]}]},{\"@type\":\"BreadcrumbList\",\"@id\":\"https:\/\/vapebulkp.com\/product\/bood-pulse-pro-25k-50k-disposable-vape-bar-5000-puffs-nicotine-free\/#breadcrumb\",\"itemListElement\":[{\"@type\":\"ListItem\",\"position\":1,\"name\":\"Home\",\"item\":\"https:\/\/vapebulkp.com\/\"},{\"@type\":\"ListItem\",\"position\":2,\"name\":\"Hot Trend Vapes\",\"item\":\"https:\/\/vapebulkp.com\/vape-shop\/\"},{\"@type\":\"ListItem\",\"position\":3,\"name\":\"Bood Pulse Pro 25k\/50k Disposable Vape Bar 5000 Puffs Nicotine Free\"}]},{\"@type\":\"WebSite\",\"@id\":\"https:\/\/vapebulkp.com\/#website\",\"url\":\"https:\/\/vapebulkp.com\/\",\"name\":\"vapebulkp.com\",\"description\":\"Buy Vape In Cheap Bulk Price Near you\",\"publisher\":{\"@id\":\"https:\/\/vapebulkp.com\/#organization\"},\"potentialAction\":[{\"@type\":\"SearchAction\",\"target\":{\"@type\":\"EntryPoint\",\"urlTemplate\":\"https:\/\/vapebulkp.com\/?s={search_term_string}\"},\"query-input\":\"required name=search_term_string\"}],\"inLanguage\":\"lt-LT\"},{\"@type\":\"Organization\",\"@id\":\"https:\/\/vapebulkp.com\/#organization\",\"name\":\"vapebulkp.com\",\"url\":\"https:\/\/vapebulkp.com\/\",\"logo\":{\"@type\":\"ImageObject\",\"inLanguage\":\"lt-LT\",\"@id\":\"https:\/\/vapebulkp.com\/#\/schema\/logo\/image\/\",\"url\":\"https:\/\/vapebulkp.com\/wp-content\/uploads\/2023\/09\/cropped-vapebulkp.png\",\"contentUrl\":\"https:\/\/vapebulkp.com\/wp-content\/uploads\/2023\/09\/cropped-vapebulkp.png\",\"width\":516,\"height\":163,\"caption\":\"vapebulkp.com\"},\"image\":{\"@id\":\"https:\/\/vapebulkp.com\/#\/schema\/logo\/image\/\"}}]}<\/script>\n<!-- \/ Yoast SEO plugin. -->","yoast_head_json":{"title":"Bood Pulse Pro 25k\/50k Disposable Vape Bar 5000 Puffs Nicotine Free - vapebulkp.com","description":"Wholesale Bood Pulse Pro 25K\/50K Disposable Vape Bar, 5000 puffs, nicotine-free, sleek design, long-lasting performance for a smooth vaping experience.","robots":{"index":"index","follow":"follow","max-snippet":"max-snippet:-1","max-image-preview":"max-image-preview:large","max-video-preview":"max-video-preview:-1"},"canonical":"https:\/\/vapebulkp.com\/lt\/product\/bood-pulse-pro-25k-50k-disposable-vape-bar-5000-puffs-nicotine-free\/","og_locale":"lt_LT","og_type":"article","og_title":"Bood Pulse Pro 25k\/50k Disposable Vape Bar 5000 Puffs Nicotine Free - vapebulkp.com","og_description":"Wholesale Bood Pulse Pro 25K\/50K Disposable Vape Bar, 5000 puffs, nicotine-free, sleek design, long-lasting performance for a smooth vaping experience.","og_url":"https:\/\/vapebulkp.com\/lt\/product\/bood-pulse-pro-25k-50k-disposable-vape-bar-5000-puffs-nicotine-free\/","og_site_name":"vapebulkp.com","article_modified_time":"2025-09-24T03:21:36+00:00","og_image":[{"width":800,"height":800,"url":"http:\/\/vapebulkp.com\/wp-content\/uploads\/2024\/12\/Bood-pulse-pro-25k-Puffs-50k-Puffs-bulk-price-vape-sweden.png","type":"image\/png"}],"twitter_card":"summary_large_image","twitter_misc":{"Est. reading time":"3 minut\u0117s"},"schema":{"@context":"https:\/\/schema.org","@graph":[{"@type":"WebPage","@id":"https:\/\/vapebulkp.com\/product\/bood-pulse-pro-25k-50k-disposable-vape-bar-5000-puffs-nicotine-free\/","url":"https:\/\/vapebulkp.com\/product\/bood-pulse-pro-25k-50k-disposable-vape-bar-5000-puffs-nicotine-free\/","name":"Bood Pulse Pro 25k\/50k Disposable Vape Bar 5000 Puffs Nicotine Free - vapebulkp.com","isPartOf":{"@id":"https:\/\/vapebulkp.com\/#website"},"datePublished":"2024-12-26T09:32:38+00:00","dateModified":"2025-09-24T03:21:36+00:00","description":"Wholesale Bood Pulse Pro 25K\/50K Disposable Vape Bar, 5000 puffs, nicotine-free, sleek design, long-lasting performance for a smooth vaping experience.","breadcrumb":{"@id":"https:\/\/vapebulkp.com\/product\/bood-pulse-pro-25k-50k-disposable-vape-bar-5000-puffs-nicotine-free\/#breadcrumb"},"inLanguage":"lt-LT","potentialAction":[{"@type":"ReadAction","target":["https:\/\/vapebulkp.com\/product\/bood-pulse-pro-25k-50k-disposable-vape-bar-5000-puffs-nicotine-free\/"]}]},{"@type":"BreadcrumbList","@id":"https:\/\/vapebulkp.com\/product\/bood-pulse-pro-25k-50k-disposable-vape-bar-5000-puffs-nicotine-free\/#breadcrumb","itemListElement":[{"@type":"ListItem","position":1,"name":"Home","item":"https:\/\/vapebulkp.com\/"},{"@type":"ListItem","position":2,"name":"Hot Trend Vapes","item":"https:\/\/vapebulkp.com\/vape-shop\/"},{"@type":"ListItem","position":3,"name":"Bood Pulse Pro 25k\/50k Disposable Vape Bar 5000 Puffs Nicotine Free"}]},{"@type":"WebSite","@id":"https:\/\/vapebulkp.com\/#website","url":"https:\/\/vapebulkp.com\/","name":"vapebulkp.com","description":"Buy Vape In Cheap Bulk Price Near you","publisher":{"@id":"https:\/\/vapebulkp.com\/#organization"},"potentialAction":[{"@type":"SearchAction","target":{"@type":"EntryPoint","urlTemplate":"https:\/\/vapebulkp.com\/?s={search_term_string}"},"query-input":"required name=search_term_string"}],"inLanguage":"lt-LT"},{"@type":"Organization","@id":"https:\/\/vapebulkp.com\/#organization","name":"vapebulkp.com","url":"https:\/\/vapebulkp.com\/","logo":{"@type":"ImageObject","inLanguage":"lt-LT","@id":"https:\/\/vapebulkp.com\/#\/schema\/logo\/image\/","url":"https:\/\/vapebulkp.com\/wp-content\/uploads\/2023\/09\/cropped-vapebulkp.png","contentUrl":"https:\/\/vapebulkp.com\/wp-content\/uploads\/2023\/09\/cropped-vapebulkp.png","width":516,"height":163,"caption":"vapebulkp.com"},"image":{"@id":"https:\/\/vapebulkp.com\/#\/schema\/logo\/image\/"}}]}},"uagb_featured_image_src":{"full":["https:\/\/vapebulkp.com\/wp-content\/uploads\/2024\/12\/Bood-pulse-pro-25k-Puffs-50k-Puffs-bulk-price-vape-sweden.png",800,800,false],"thumbnail":["https:\/\/vapebulkp.com\/wp-content\/uploads\/2024\/12\/Bood-pulse-pro-25k-Puffs-50k-Puffs-bulk-price-vape-sweden-150x150.png",150,150,true],"medium":["https:\/\/vapebulkp.com\/wp-content\/uploads\/2024\/12\/Bood-pulse-pro-25k-Puffs-50k-Puffs-bulk-price-vape-sweden-300x300.png",300,300,true],"medium_large":["https:\/\/vapebulkp.com\/wp-content\/uploads\/2024\/12\/Bood-pulse-pro-25k-Puffs-50k-Puffs-bulk-price-vape-sweden-768x768.png",768,768,true],"large":["https:\/\/vapebulkp.com\/wp-content\/uploads\/2024\/12\/Bood-pulse-pro-25k-Puffs-50k-Puffs-bulk-price-vape-sweden.png",800,800,false],"1536x1536":["https:\/\/vapebulkp.com\/wp-content\/uploads\/2024\/12\/Bood-pulse-pro-25k-Puffs-50k-Puffs-bulk-price-vape-sweden.png",800,800,false],"2048x2048":["https:\/\/vapebulkp.com\/wp-content\/uploads\/2024\/12\/Bood-pulse-pro-25k-Puffs-50k-Puffs-bulk-price-vape-sweden.png",800,800,false],"trp-custom-language-flag":["https:\/\/vapebulkp.com\/wp-content\/uploads\/2024\/12\/Bood-pulse-pro-25k-Puffs-50k-Puffs-bulk-price-vape-sweden.png",12,12,false],"woocommerce_thumbnail":["https:\/\/vapebulkp.com\/wp-content\/uploads\/2024\/12\/Bood-pulse-pro-25k-Puffs-50k-Puffs-bulk-price-vape-sweden-300x300.png",300,300,true],"woocommerce_single":["https:\/\/vapebulkp.com\/wp-content\/uploads\/2024\/12\/Bood-pulse-pro-25k-Puffs-50k-Puffs-bulk-price-vape-sweden-600x600.png",600,600,true],"woocommerce_gallery_thumbnail":["https:\/\/vapebulkp.com\/wp-content\/uploads\/2024\/12\/Bood-pulse-pro-25k-Puffs-50k-Puffs-bulk-price-vape-sweden-100x100.png",100,100,true],"wcpr-photo-reviews":["https:\/\/vapebulkp.com\/wp-content\/uploads\/2024\/12\/Bood-pulse-pro-25k-Puffs-50k-Puffs-bulk-price-vape-sweden.png",500,500,false]},"uagb_author_info":{"display_name":"Mandy vape bulk price","author_link":"https:\/\/vapebulkp.com\/lt\/author\/"},"uagb_comment_info":0,"uagb_excerpt":"Bood Pulse Pro 50K Disposable Vape Nicotine-Free &amp; Long-Lasting 25K\/50K Puffs Bood Pulse Pro Vape Bar Rechargeable &amp; Smooth Draw Bood Pulse Pro 50000 Puffs Disposable Nicotine-Free Mesh Coil Vape Pls Contact Mandy's WhatsApp For Discount Price+8618077105796 NOTE: Prices on our website does not include shipping costs &nbsp;","_links":{"self":[{"href":"https:\/\/vapebulkp.com\/lt\/wp-json\/wp\/v2\/product\/3285","targetHints":{"allow":["GET"]}}],"collection":[{"href":"https:\/\/vapebulkp.com\/lt\/wp-json\/wp\/v2\/product"}],"about":[{"href":"https:\/\/vapebulkp.com\/lt\/wp-json\/wp\/v2\/types\/product"}],"replies":[{"embeddable":true,"href":"https:\/\/vapebulkp.com\/lt\/wp-json\/wp\/v2\/comments?post=3285"}],"wp:featuredmedia":[{"embeddable":true,"href":"https:\/\/vapebulkp.com\/lt\/wp-json\/wp\/v2\/media\/3286"}],"wp:attachment":[{"href":"https:\/\/vapebulkp.com\/lt\/wp-json\/wp\/v2\/media?parent=3285"}],"wp:term":[{"taxonomy":"product_cat","embeddable":true,"href":"https:\/\/vapebulkp.com\/lt\/wp-json\/wp\/v2\/product_cat?post=3285"},{"taxonomy":"product_tag","embeddable":true,"href":"https:\/\/vapebulkp.com\/lt\/wp-json\/wp\/v2\/product_tag?post=3285"}],"curies":[{"name":"wp","href":"https:\/\/api.w.org\/{rel}","templated":true}]}}