{"id":3363,"date":"2025-01-24T07:22:03","date_gmt":"2025-01-24T06:22:03","guid":{"rendered":"https:\/\/vapebulkp.com\/?post_type=product&#038;p=3363"},"modified":"2025-09-16T11:30:11","modified_gmt":"2025-09-16T09:30:11","slug":"buying-bood-twins-46000-puffs-vape-bar-wholesale-price","status":"publish","type":"product","link":"https:\/\/vapebulkp.com\/lt\/product\/buying-bood-twins-46000-puffs-vape-bar-wholesale-price\/","title":{"rendered":"Pirkti \"Bood Twins 46000 Puffs\" elektronin\u0119 cigaret\u0119 didmenine kaina"},"content":{"rendered":"<h2 style=\"text-align: left\">Pirkti \"Bood Twins 46000 Puffs\" elektronin\u0119 cigaret\u0119 didmenine kaina<\/h2>\n<p>Tas <strong>Bood Twins 46000 Putoj\u0173 Vape Bar<\/strong> yra novatori\u0161kas vienkartinis elektroninis cigaret\u0117, sukurtas garintojams, kurie reikalauja auk\u0161\u010diausios kokyb\u0117s, ilgo naudojimo ir neprilygstamo skonio. Si\u016blantis \u012fsp\u016bdingus <strong>46 000 p\u016btim\u0173<\/strong>, \u0161is didelio na\u0161umo \u012frenginys pasi\u017eymi <strong>dvigubais skoniais viename garintuve<\/strong>, leid\u017eian\u010diu vartotojams skland\u017eiai perjungti du skirtingus skonius. Maitinamas pa\u017eangia <strong>tinklelio spirale<\/strong>rit\u0117s technologija<\/p>\n<p>, jis u\u017etikrina \u0161velni\u0105 gar\u0173 gamyb\u0105 ir intensyv\u0173 skonio tikslum\u0105 su kiekvienu p\u016btimu. <strong>vis\u0173 ekran\u0173 ekranu<\/strong> Stilingas<\/p>\n<p>Puikiai tinka <strong>didmeniniams pirk\u0117jams<\/strong>viso ekrano ekranas <strong>Vapebulkp.com<\/strong>pagerina garinimo patirt\u012f, teikdamas informacij\u0105 apie p\u016btim\u0173 skai\u010di\u0173 ir baterijos veikimo laik\u0105 realiu laiku. \u012erengtas \u012fkraunamas akumuliatorius, Bood Twins u\u017etikrina nuolatin\u012f veikim\u0105 iki pat paskutinio p\u016btimo. D\u0117l ergonomi\u0161ko dizaino ir patvarios konstrukcijos jis idealiai tinka ilgalaikiam naudojimui, tiek asmeniniam malonumui, tiek socialiniams renginiams. <strong>Didmenin\u0117mis kainomis<\/strong> ir <strong>Bood Twins 46000 Puffs Vape Bar galima \u012fsigyti konkurencingomis kainomis<\/strong>Vapebulkp.com<\/p>\n<p>. Ma\u017emenininkai ir didmeniniai pirk\u0117jai gali pasinaudoti jo <strong>dideliu paklausos funkcij\u0173<\/strong> kuri derina inovacijas, funkcionalum\u0105 ir stili\u0173, tod\u0117l tai privaloma tur\u0117ti kiekvienam garinimo entuziastui.<\/p>\n<h6>D\u0117l nuolaidos kainos susisiekite su Mandy per WhatsApp<a href=\"https:\/\/wa.me\/8618077105796\">+8618077105796<\/a><\/h6>\n<p><img decoding=\"async\" class=\"alignnone wp-image-2151\" src=\"http:\/\/vapebulkp.com\/wp-content\/uploads\/2024\/04\/Mandy-WhatsApp-Randm.jpg\" alt=\"Mandy WhatsApp Atsitiktinis\" width=\"324\" height=\"330\" \/><\/p>\n<div class=\"flex max-w-full flex-col flex-grow\">\n<div class=\"min-h-8 text-message flex w-full flex-col items-end gap-2 whitespace-normal break-words text-start [.text-message+&amp;]:mt-5\" dir=\"auto\" data-message-author-role=\"assistant\" data-message-id=\"d24cf626-c018-4805-80f5-44de047f2ba0\" data-message-model-slug=\"gpt-4o\">\n<div class=\"flex w-full flex-col gap-1 empty:hidden first:pt-[3px]\">\n<div class=\"markdown prose w-full break-words dark:prose-invert light\">\n<h2>Kod\u0117l verta rinktis \u201eBood Twins 46000 Puff\u201c<strong> Dideli\u0173 p\u016btim\u0173 garintuvai <\/strong>at <a href=\"https:\/\/vapebulkp.com\/lt\/vape-shop\/\">Vapebulkp.com<\/a>?<\/h2>\n<ul>\n<li><strong>Neprilygstamas ilgaam\u017ei\u0161kumas:<\/strong> M\u0117gaukit\u0117s iki 46 000 p\u016btim\u0173 su \u201eBood Twins\u201c, si\u016blan\u010diu ne\u012ftik\u0117tin\u0105 vert\u0119 ir ilgalaik\u012f na\u0161um\u0105 kasdieniam garinimui.<\/li>\n<li><strong>Dvi skoni\u0173 kombinacijos viename \u012frenginyje:<\/strong> Lengvai perjunkite tarp dviej\u0173 skirting\u0173 skoni\u0173, suteikdami universali\u0105 ir patenkinan\u010di\u0105 garinimo patirt\u012f viename stilingame \u012frenginyje.<\/li>\n<li><strong>Naujausios technologijos:<\/strong> \u012erengtas didelio na\u0161umo tinklelio rit\u0117, \u201eBood Twins VAPES\u201c u\u017etikrina optimali\u0105 gar\u0173 gamyb\u0105 ir sodrius skonio profilius.<\/li>\n<li><strong>Viso ekrano ekranas:<\/strong> Steb\u0117kite akumuliatoriaus veikimo laik\u0105, p\u016btim\u0173 skai\u010di\u0173 ir kitas detales su ry\u0161kiu viso ekrano s\u0105saja, u\u017etikrinan\u010dia did\u017eiausi\u0105 patogum\u0105.<\/li>\n<li><strong>Auk\u0161\u010diausios kokyb\u0117s u\u017etikrinimas:<\/strong> \u201eVapebulkp.com\u201c kiekvienas produktas yra gaunamas i\u0161 patikim\u0173 gamintoj\u0173, u\u017etikrinant patikimum\u0105 ir klient\u0173 pasitenkinim\u0105.<\/li>\n<li><strong>Prieinama didmenin\u0117 kaina:<\/strong> Pasinaudokite didmenin\u0117mis kainomis, kad sutaupytum\u0117te daugiau pirkdami dideliais kiekiais, puikiai tinka ma\u017emenininkams ir da\u017enai garinantiems vartotojams.<\/li>\n<li><strong>Greitas pristatymas Europoje:<\/strong> \u201eVapebulkp.com\u201c u\u017etikrina greit\u0105 pristatym\u0105 visoje Europoje, tod\u0117l lengva apsir\u016bpinti naujausiais auk\u0161tos kokyb\u0117s garintuvais.<\/li>\n<\/ul>\n<h2><\/h2>\n<h2><strong>\u201eBood Twins 46000 Puffs Vape\u201c specifikacijos:<\/strong><\/h2>\n<ul>\n<li><strong>\u012etraukimai:<\/strong> Iki 46 000<\/li>\n<li><strong>Produkto pavadinimas:<\/strong> \u201eBood Twins 46K Puff\u201c vienkartinis garintuvas<\/li>\n<li><strong>Rit\u0117s tipas:<\/strong> Pa\u017eangi tinklelio rit\u0117, u\u017etikrinanti sodresn\u012f skon\u012f ir didesn\u0119 gar\u0173 gamyb\u0105<\/li>\n<li><strong>Savyb\u0117:<\/strong> Dvigubi skoniai viename \u012frenginyje unikaliai garinimo patir\u010diai<\/li>\n<li><strong>Ekranas:<\/strong> Viso ekrano rodinys, leid\u017eiantis lengvai steb\u0117ti<\/li>\n<\/ul>\n<\/div>\n<\/div>\n<\/div>\n<\/div>\n<ul>\n<li style=\"list-style-type: none\"><\/li>\n<\/ul>\n<h2><strong>Bood Twins 46000 P\u016bpsni\u0173 skoni\u0173 s\u0105ra\u0161as<\/strong><\/h2>\n<p>1. Arb\u016bzas<br \/>\n2. Obuolys<br \/>\n3. \u017daliasis citrinmedis<br \/>\n4. \u017daliasis obuolys<br \/>\n5. M\u0117lyn\u0117li\u0173 ir avie\u010di\u0173<br \/>\n6. Juod\u0173j\u0173 serbent\u0173 ir avie\u010di\u0173<br \/>\n7. Persik\u0173 ir mang\u0173<br \/>\n8. Vynuogi\u0173<br \/>\n9. Ro\u017ein\u0117 limonada<br \/>\n10. \u017dali\u0173j\u0173 vynuogi\u0173<\/p>\n<p><a href=\"https:\/\/vapebulkp.com\/lt\/product\/razz-bar-25000-puffs-wholesale-price-vape-eu-warehouse\/\"><span style=\"vertical-align: inherit\">RAZZBAR 25000 P\u016btim\u0173 <\/span><\/a><\/p>\n<p><span style=\"vertical-align: inherit\">Raskite daugiau produkt\u0173, kurie jums gali patikti:<\/span><em><a href=\"https:\/\/wa.me\/8618077105796\"><span style=\"vertical-align: inherit\">\u00a0Pirkti dabar<\/span><\/a><\/em><\/p>\n<p><span style=\"vertical-align: inherit\">Kiti \u012ftraukimai, kurie jums gali patikti:<\/span><a href=\"https:\/\/vapebulkp.com\/lt\/product\/wholesale-price-bang-kingdoms-rex-32000-puffs-vape-pod\/\"><span style=\"vertical-align: inherit\">Bang Kingdoms 32000 \u012ftraukim\u0173<\/span><\/a><span style=\"vertical-align: inherit\">\u3001<\/span><a href=\"https:\/\/vapebulkp.com\/lt\/product\/bood-pulse-pro-25k-50k-disposable-vape-bar-5000-puffs-nicotine-free\/\"><span style=\"vertical-align: inherit\">Bood pulse pro 50000 P\u016bpsni\u0173<\/span><\/a><span style=\"vertical-align: inherit\">\/ <\/span><a href=\"https:\/\/vapebulkp.com\/lt\/product\/vapsolo-best-quality-viking-12k-puffs-disposable-vapes\/\"><span style=\"vertical-align: inherit\">Vapsolo viking 12000 \u012ftraukim\u0173<\/span><\/a><span style=\"vertical-align: inherit\">\/ <\/span><a href=\"https:\/\/vapebulkp.com\/lt\/product\/waspe-vape-40000-puff-fihp-double-flavour-disposable-vape\/\"><span style=\"vertical-align: inherit\">WASPE 40000 \u012ftraukim\u0173<\/span><\/a><\/p>\n<p><span style=\"vertical-align: inherit\">Ypatingos formos elektronini\u0173 cigare\u010di\u0173 buteliukas:<\/span><a href=\"https:\/\/vapebulkp.com\/lt\/product\/vapsolo-feed-bar-shisha-vape-15000-puffs-wholesale-price\/\"><span style=\"vertical-align: inherit\"> Vapsolo shisha 15000 \u012ekv\u0117pim\u0173<\/span><\/a><span style=\"vertical-align: inherit\">\/ <\/span><a href=\"https:\/\/vapebulkp.com\/lt\/product\/vopk-ultra-30000-puffs-rgb-light-mesh-coil-rechargeable-vape-wholesale-price\/\"><span style=\"vertical-align: inherit\">\u00a0VOPK ULTRA 30000 \u012ep\u016btim\u0173 <\/span><\/a><span style=\"vertical-align: inherit\">\/<\/span><a href=\"https:\/\/vapebulkp.com\/lt\/product\/uwin-tornado-music-35k-puffs-vape-wholesale-nicotine-free\/\"><span style=\"vertical-align: inherit\"> UWIN Tornado Music 35000 P\u016bpsni\u0173<\/span><\/a><\/p>\n<h2><\/h2>\n<h3>DUK apie Bood Twins 46000 P\u016btim\u0173 vienkartinius garintuvus<\/h3>\n<ol>\n<li><strong>Kur galiu nusipirkti Bood Twins 46000 P\u016btim\u0173 kar\u0161to pardavimo garintuv\u0105?<\/strong><br \/>\nBood Twins galima \u012fsigyti Vapebulkp.com, kur rasite konkurencingas kainas, originalius produktus ir greit\u0105 pristatym\u0105 visoje Europoje.<\/li>\n<li><strong>Kaip veikia dviej\u0173 skoni\u0173 funkcija?<\/strong><br \/>\n\u012erenginys leid\u017eia m\u0117gautis dviem skirtingais skoniais viename garintuve. Galite lengvai perjungti skonius naudodami perjungimo funkcij\u0105, suteikdami universalumo kiekvienam p\u016btimui.<\/li>\n<li><strong>Koki\u0105 spiral\u0119 naudoja Bood Vape Twins 46000puffs?<\/strong><br \/>\nBood Twins apr\u016bpintas pa\u017eangia tinklelio spiral\u0117, kuri u\u017etikrina sodr\u0173, nuosekl\u0173 skon\u012f ir skland\u017ei\u0105 garinimo patirt\u012f.<\/li>\n<li><strong>Ar Vape Pods Bood Twins 46000 Puffs yra \u012fkraunamas?<\/strong><br \/>\nTaip, Bood Twins turi \u012fkraunam\u0105 baterij\u0105, kad gal\u0117tum\u0117te naudoti \u012frengin\u012f visus 46 000 p\u016btim\u0173 be pertr\u016bki\u0173.<\/li>\n<\/ol>\n<h3>Pristatymo detal\u0117s:<\/h3>\n<p><span style=\"color: #ff6600\">Gamybos laikas: 5-10 darbo dien\u0173<\/span><br \/>\n<span style=\"color: #ff6600\">Pristatymo laikas: 8-14 darbo dien\u0173<\/span><\/p>\n<p>Visi m\u016bs\u0173 parduotuv\u0117s produktai yra 100% original\u016bs ir autenti\u0161ki, tod\u0117l m\u016bs\u0173 parduotuv\u0117s politika yra de\u0161imteriopa kompensacija u\u017e padirbtas prekes. Prek\u0117ms pristatyti naudojame tokius logistikos kanalus kaip UPS\/DHL\/FEDEX\/DPD.<\/p>\n<p>Pristatymas \u012f Lietuvos \u0161alis paprastai trunka 10 darbo dien\u0173. Pristatymas \u012f Europos \u0161alis paprastai u\u017etrunka nuo 12 iki 15 darbo dien\u0173. Logistikos informacij\u0105 atnaujinsime realiuoju laiku.<\/p>","protected":false},"excerpt":{"rendered":"<div class=\"flex-shrink-0 flex flex-col relative items-end\">\n<div class=\"pt-0\">\n<div class=\"gizmo-bot-avatar flex h-8 w-8 items-center justify-center overflow-hidden rounded-full\">\n<div class=\"relative p-1 rounded-sm flex items-center justify-center bg-token-main-surface-primary text-token-text-primary h-8 w-8\">Bood Twins 46000 Puffs Vape Bar didmenin\u0117mis kainomis Vapebulkp.com. Su dvigubais skoniais, pa\u017eangia tinklelio rit\u0117s technologija, 46 000 p\u016btim\u0173 ir stilingu viso ekrano ekranu. Puikiai tinka didmeniniams pirk\u0117jams, ie\u0161kantiems auk\u0161\u010diausios kokyb\u0117s garinimo sprendim\u0173.<\/div>\n<\/div>\n<\/div>\n<\/div>\n<p>D\u0117l nuolaidos kainos susisiekite su Mandy per WhatsApp<a href=\"https:\/\/wa.me\/8618077105796\">+8618077105796<\/a><\/p>\n<p><img decoding=\"async\" class=\"alignnone wp-image-2151\" src=\"http:\/\/vapebulkp.com\/wp-content\/uploads\/2024\/04\/Mandy-WhatsApp-Randm.jpg\" alt=\"Mandy WhatsApp Atsitiktinis\" width=\"297\" height=\"316\" srcset=\"https:\/\/vapebulkp.com\/wp-content\/uploads\/2024\/04\/Mandy-WhatsApp-Randm.jpg 916w, https:\/\/vapebulkp.com\/wp-content\/uploads\/2024\/04\/Mandy-WhatsApp-Randm-282x300.jpg 282w, https:\/\/vapebulkp.com\/wp-content\/uploads\/2024\/04\/Mandy-WhatsApp-Randm-768x817.jpg 768w, https:\/\/vapebulkp.com\/wp-content\/uploads\/2024\/04\/Mandy-WhatsApp-Randm-600x638.jpg 600w\" sizes=\"(max-width: 297px) 100vw, 297px\" \/><\/p>\n<p><span style=\"color: #ff0000\">PASTABA: Kainos m\u016bs\u0173 svetain\u0117je neapima siuntimo i\u0161laid\u0173<\/span><\/p>\n<p>&nbsp;<\/p>","protected":false},"featured_media":3360,"comment_status":"open","ping_status":"closed","template":"","meta":{"_uag_custom_page_level_css":"","_lmt_disableupdate":"no","_lmt_disable":"","site-sidebar-layout":"default","site-content-layout":"content-boxed-container","ast-site-content-layout":"normal-width-container","site-content-style":"boxed","site-sidebar-style":"unboxed","ast-global-header-display":"","ast-banner-title-visibility":"","ast-main-header-display":"","ast-hfb-above-header-display":"","ast-hfb-below-header-display":"","ast-hfb-mobile-header-display":"","site-post-title":"","ast-breadcrumbs-content":"","ast-featured-img":"","footer-sml-layout":"","theme-transparent-header-meta":"default","adv-header-id-meta":"","stick-header-meta":"","header-above-stick-meta":"","header-main-stick-meta":"","header-below-stick-meta":"","astra-migrate-meta-layouts":"set","_joinchat":[]},"product_cat":[199,153,155,346,33,59,100,87,34,158,157,154,152,58,84,156,63,32],"product_tag":[200,36,37,41,40],"class_list":["post-3363","product","type-product","status-publish","has-post-thumbnail","hentry","product_cat-46000-puffs-disposable-vape","product_cat-hot-disposable-vapes","product_cat-belgium-hot-disposable-vapes","product_cat-bood-vapes","product_cat-france-vape-hot-sale","product_cat-germany-hot-disposable-vape","product_cat-germany-wholesale-vape-shop","product_cat-minimum-order-quantity-50pcs","product_cat-netherlands-vape-good-sale","product_cat-norway-hot-disposable-vapes","product_cat-poland-hot-disposable-vapes","product_cat-portugal-hot-disposable-vapes","product_cat-spain-hot-disposable-vapes","product_cat-sweden-hot-disposable-vape","product_cat-sweden-wholesale-vape","product_cat-switzerland-hot-disposable-vapes","product_cat-top-sale-disposable-vape","product_cat-vape-hot-sale-this-week","product_tag-bood-twins-46000-puffs","product_tag-good-vape","product_tag-hot-sale-disposable-vape","product_tag-poland-hot-vape","product_tag-sweden-hot-vape","pa_brand-bood-vape","desktop-align-left","tablet-align-left","mobile-align-left"],"yoast_head":"<!-- This site is optimized with the Yoast SEO plugin v21.1 - https:\/\/yoast.com\/wordpress\/plugins\/seo\/ -->\n<title>Buying Bood Twins 46000 Puffs Vape Bar Wholesale Price - vapebulkp.com<\/title>\n<meta name=\"description\" content=\"Shop the premium Bood Twins 46000 Puffs Disposable Vape Bar with dual flavors, advanced mesh coil, and full-screen display. Perfect for wholesale buyers. Shop now at Vapebulkp.com!\" \/>\n<meta name=\"robots\" content=\"index, follow, max-snippet:-1, max-image-preview:large, max-video-preview:-1\" \/>\n<link rel=\"canonical\" href=\"https:\/\/vapebulkp.com\/lt\/product\/buying-bood-twins-46000-puffs-vape-bar-wholesale-price\/\" \/>\n<meta property=\"og:locale\" content=\"lt_LT\" \/>\n<meta property=\"og:type\" content=\"article\" \/>\n<meta property=\"og:title\" content=\"Buying Bood Twins 46000 Puffs Vape Bar Wholesale Price - vapebulkp.com\" \/>\n<meta property=\"og:description\" content=\"Shop the premium Bood Twins 46000 Puffs Disposable Vape Bar with dual flavors, advanced mesh coil, and full-screen display. Perfect for wholesale buyers. Shop now at Vapebulkp.com!\" \/>\n<meta property=\"og:url\" content=\"https:\/\/vapebulkp.com\/lt\/product\/buying-bood-twins-46000-puffs-vape-bar-wholesale-price\/\" \/>\n<meta property=\"og:site_name\" content=\"vapebulkp.com\" \/>\n<meta property=\"article:modified_time\" content=\"2025-09-16T09:30:11+00:00\" \/>\n<meta property=\"og:image\" content=\"http:\/\/vapebulkp.com\/wp-content\/uploads\/2025\/01\/Bood-Twins-46000-Puffs-Top-Sale-Vape-In-UK.webp\" \/>\n\t<meta property=\"og:image:width\" content=\"800\" \/>\n\t<meta property=\"og:image:height\" content=\"800\" \/>\n\t<meta property=\"og:image:type\" content=\"image\/webp\" \/>\n<meta name=\"twitter:card\" content=\"summary_large_image\" \/>\n<meta name=\"twitter:label1\" content=\"Est. reading time\" \/>\n\t<meta name=\"twitter:data1\" content=\"4 minut\u0117s\" \/>\n<script type=\"application\/ld+json\" class=\"yoast-schema-graph\">{\"@context\":\"https:\/\/schema.org\",\"@graph\":[{\"@type\":\"WebPage\",\"@id\":\"https:\/\/vapebulkp.com\/product\/buying-bood-twins-46000-puffs-vape-bar-wholesale-price\/\",\"url\":\"https:\/\/vapebulkp.com\/product\/buying-bood-twins-46000-puffs-vape-bar-wholesale-price\/\",\"name\":\"Buying Bood Twins 46000 Puffs Vape Bar Wholesale Price - vapebulkp.com\",\"isPartOf\":{\"@id\":\"https:\/\/vapebulkp.com\/#website\"},\"datePublished\":\"2025-01-24T06:22:03+00:00\",\"dateModified\":\"2025-09-16T09:30:11+00:00\",\"description\":\"Shop the premium Bood Twins 46000 Puffs Disposable Vape Bar with dual flavors, advanced mesh coil, and full-screen display. Perfect for wholesale buyers. Shop now at Vapebulkp.com!\",\"breadcrumb\":{\"@id\":\"https:\/\/vapebulkp.com\/product\/buying-bood-twins-46000-puffs-vape-bar-wholesale-price\/#breadcrumb\"},\"inLanguage\":\"lt-LT\",\"potentialAction\":[{\"@type\":\"ReadAction\",\"target\":[\"https:\/\/vapebulkp.com\/product\/buying-bood-twins-46000-puffs-vape-bar-wholesale-price\/\"]}]},{\"@type\":\"BreadcrumbList\",\"@id\":\"https:\/\/vapebulkp.com\/product\/buying-bood-twins-46000-puffs-vape-bar-wholesale-price\/#breadcrumb\",\"itemListElement\":[{\"@type\":\"ListItem\",\"position\":1,\"name\":\"Home\",\"item\":\"https:\/\/vapebulkp.com\/\"},{\"@type\":\"ListItem\",\"position\":2,\"name\":\"Hot Trend Vapes\",\"item\":\"https:\/\/vapebulkp.com\/vape-shop\/\"},{\"@type\":\"ListItem\",\"position\":3,\"name\":\"Buying Bood Twins 46000 Puffs Vape Bar Wholesale Price\"}]},{\"@type\":\"WebSite\",\"@id\":\"https:\/\/vapebulkp.com\/#website\",\"url\":\"https:\/\/vapebulkp.com\/\",\"name\":\"vapebulkp.com\",\"description\":\"Buy Vape In Cheap Bulk Price Near you\",\"publisher\":{\"@id\":\"https:\/\/vapebulkp.com\/#organization\"},\"potentialAction\":[{\"@type\":\"SearchAction\",\"target\":{\"@type\":\"EntryPoint\",\"urlTemplate\":\"https:\/\/vapebulkp.com\/?s={search_term_string}\"},\"query-input\":\"required name=search_term_string\"}],\"inLanguage\":\"lt-LT\"},{\"@type\":\"Organization\",\"@id\":\"https:\/\/vapebulkp.com\/#organization\",\"name\":\"vapebulkp.com\",\"url\":\"https:\/\/vapebulkp.com\/\",\"logo\":{\"@type\":\"ImageObject\",\"inLanguage\":\"lt-LT\",\"@id\":\"https:\/\/vapebulkp.com\/#\/schema\/logo\/image\/\",\"url\":\"https:\/\/vapebulkp.com\/wp-content\/uploads\/2023\/09\/cropped-vapebulkp.png\",\"contentUrl\":\"https:\/\/vapebulkp.com\/wp-content\/uploads\/2023\/09\/cropped-vapebulkp.png\",\"width\":516,\"height\":163,\"caption\":\"vapebulkp.com\"},\"image\":{\"@id\":\"https:\/\/vapebulkp.com\/#\/schema\/logo\/image\/\"}}]}<\/script>\n<!-- \/ Yoast SEO plugin. -->","yoast_head_json":{"title":"Buying Bood Twins 46000 Puffs Vape Bar Wholesale Price - vapebulkp.com","description":"Shop the premium Bood Twins 46000 Puffs Disposable Vape Bar with dual flavors, advanced mesh coil, and full-screen display. Perfect for wholesale buyers. Shop now at Vapebulkp.com!","robots":{"index":"index","follow":"follow","max-snippet":"max-snippet:-1","max-image-preview":"max-image-preview:large","max-video-preview":"max-video-preview:-1"},"canonical":"https:\/\/vapebulkp.com\/lt\/product\/buying-bood-twins-46000-puffs-vape-bar-wholesale-price\/","og_locale":"lt_LT","og_type":"article","og_title":"Buying Bood Twins 46000 Puffs Vape Bar Wholesale Price - vapebulkp.com","og_description":"Shop the premium Bood Twins 46000 Puffs Disposable Vape Bar with dual flavors, advanced mesh coil, and full-screen display. Perfect for wholesale buyers. Shop now at Vapebulkp.com!","og_url":"https:\/\/vapebulkp.com\/lt\/product\/buying-bood-twins-46000-puffs-vape-bar-wholesale-price\/","og_site_name":"vapebulkp.com","article_modified_time":"2025-09-16T09:30:11+00:00","og_image":[{"width":800,"height":800,"url":"http:\/\/vapebulkp.com\/wp-content\/uploads\/2025\/01\/Bood-Twins-46000-Puffs-Top-Sale-Vape-In-UK.webp","type":"image\/webp"}],"twitter_card":"summary_large_image","twitter_misc":{"Est. reading time":"4 minut\u0117s"},"schema":{"@context":"https:\/\/schema.org","@graph":[{"@type":"WebPage","@id":"https:\/\/vapebulkp.com\/product\/buying-bood-twins-46000-puffs-vape-bar-wholesale-price\/","url":"https:\/\/vapebulkp.com\/product\/buying-bood-twins-46000-puffs-vape-bar-wholesale-price\/","name":"Buying Bood Twins 46000 Puffs Vape Bar Wholesale Price - vapebulkp.com","isPartOf":{"@id":"https:\/\/vapebulkp.com\/#website"},"datePublished":"2025-01-24T06:22:03+00:00","dateModified":"2025-09-16T09:30:11+00:00","description":"Shop the premium Bood Twins 46000 Puffs Disposable Vape Bar with dual flavors, advanced mesh coil, and full-screen display. Perfect for wholesale buyers. Shop now at Vapebulkp.com!","breadcrumb":{"@id":"https:\/\/vapebulkp.com\/product\/buying-bood-twins-46000-puffs-vape-bar-wholesale-price\/#breadcrumb"},"inLanguage":"lt-LT","potentialAction":[{"@type":"ReadAction","target":["https:\/\/vapebulkp.com\/product\/buying-bood-twins-46000-puffs-vape-bar-wholesale-price\/"]}]},{"@type":"BreadcrumbList","@id":"https:\/\/vapebulkp.com\/product\/buying-bood-twins-46000-puffs-vape-bar-wholesale-price\/#breadcrumb","itemListElement":[{"@type":"ListItem","position":1,"name":"Home","item":"https:\/\/vapebulkp.com\/"},{"@type":"ListItem","position":2,"name":"Hot Trend Vapes","item":"https:\/\/vapebulkp.com\/vape-shop\/"},{"@type":"ListItem","position":3,"name":"Buying Bood Twins 46000 Puffs Vape Bar Wholesale Price"}]},{"@type":"WebSite","@id":"https:\/\/vapebulkp.com\/#website","url":"https:\/\/vapebulkp.com\/","name":"vapebulkp.com","description":"Buy Vape In Cheap Bulk Price Near you","publisher":{"@id":"https:\/\/vapebulkp.com\/#organization"},"potentialAction":[{"@type":"SearchAction","target":{"@type":"EntryPoint","urlTemplate":"https:\/\/vapebulkp.com\/?s={search_term_string}"},"query-input":"required name=search_term_string"}],"inLanguage":"lt-LT"},{"@type":"Organization","@id":"https:\/\/vapebulkp.com\/#organization","name":"vapebulkp.com","url":"https:\/\/vapebulkp.com\/","logo":{"@type":"ImageObject","inLanguage":"lt-LT","@id":"https:\/\/vapebulkp.com\/#\/schema\/logo\/image\/","url":"https:\/\/vapebulkp.com\/wp-content\/uploads\/2023\/09\/cropped-vapebulkp.png","contentUrl":"https:\/\/vapebulkp.com\/wp-content\/uploads\/2023\/09\/cropped-vapebulkp.png","width":516,"height":163,"caption":"vapebulkp.com"},"image":{"@id":"https:\/\/vapebulkp.com\/#\/schema\/logo\/image\/"}}]}},"uagb_featured_image_src":{"full":["https:\/\/vapebulkp.com\/wp-content\/uploads\/2025\/01\/Bood-Twins-46000-Puffs-Top-Sale-Vape-In-UK.webp",800,800,false],"thumbnail":["https:\/\/vapebulkp.com\/wp-content\/uploads\/2025\/01\/Bood-Twins-46000-Puffs-Top-Sale-Vape-In-UK-150x150.webp",150,150,true],"medium":["https:\/\/vapebulkp.com\/wp-content\/uploads\/2025\/01\/Bood-Twins-46000-Puffs-Top-Sale-Vape-In-UK-300x300.webp",300,300,true],"medium_large":["https:\/\/vapebulkp.com\/wp-content\/uploads\/2025\/01\/Bood-Twins-46000-Puffs-Top-Sale-Vape-In-UK-768x768.webp",768,768,true],"large":["https:\/\/vapebulkp.com\/wp-content\/uploads\/2025\/01\/Bood-Twins-46000-Puffs-Top-Sale-Vape-In-UK.webp",800,800,false],"1536x1536":["https:\/\/vapebulkp.com\/wp-content\/uploads\/2025\/01\/Bood-Twins-46000-Puffs-Top-Sale-Vape-In-UK.webp",800,800,false],"2048x2048":["https:\/\/vapebulkp.com\/wp-content\/uploads\/2025\/01\/Bood-Twins-46000-Puffs-Top-Sale-Vape-In-UK.webp",800,800,false],"trp-custom-language-flag":["https:\/\/vapebulkp.com\/wp-content\/uploads\/2025\/01\/Bood-Twins-46000-Puffs-Top-Sale-Vape-In-UK.webp",12,12,false],"woocommerce_thumbnail":["https:\/\/vapebulkp.com\/wp-content\/uploads\/2025\/01\/Bood-Twins-46000-Puffs-Top-Sale-Vape-In-UK-300x300.webp",300,300,true],"woocommerce_single":["https:\/\/vapebulkp.com\/wp-content\/uploads\/2025\/01\/Bood-Twins-46000-Puffs-Top-Sale-Vape-In-UK-600x600.webp",600,600,true],"woocommerce_gallery_thumbnail":["https:\/\/vapebulkp.com\/wp-content\/uploads\/2025\/01\/Bood-Twins-46000-Puffs-Top-Sale-Vape-In-UK-100x100.webp",100,100,true],"wcpr-photo-reviews":["https:\/\/vapebulkp.com\/wp-content\/uploads\/2025\/01\/Bood-Twins-46000-Puffs-Top-Sale-Vape-In-UK.webp",500,500,false]},"uagb_author_info":{"display_name":"Mandy vape bulk price","author_link":"https:\/\/vapebulkp.com\/lt\/author\/"},"uagb_comment_info":0,"uagb_excerpt":"Bood Twins 46000 Puffs Vape Bar at wholesale prices on Vapebulkp.com. Featuring dual flavors, advanced mesh coil technology, 46,000 puffs, and a sleek full-screen display. Perfect for bulk buyers seeking premium vaping solutions. Pls Contact Mandy's WhatsApp For Discount Price+8618077105796 NOTE: Prices on our website does not include shipping costs &nbsp;","_links":{"self":[{"href":"https:\/\/vapebulkp.com\/lt\/wp-json\/wp\/v2\/product\/3363","targetHints":{"allow":["GET"]}}],"collection":[{"href":"https:\/\/vapebulkp.com\/lt\/wp-json\/wp\/v2\/product"}],"about":[{"href":"https:\/\/vapebulkp.com\/lt\/wp-json\/wp\/v2\/types\/product"}],"replies":[{"embeddable":true,"href":"https:\/\/vapebulkp.com\/lt\/wp-json\/wp\/v2\/comments?post=3363"}],"wp:featuredmedia":[{"embeddable":true,"href":"https:\/\/vapebulkp.com\/lt\/wp-json\/wp\/v2\/media\/3360"}],"wp:attachment":[{"href":"https:\/\/vapebulkp.com\/lt\/wp-json\/wp\/v2\/media?parent=3363"}],"wp:term":[{"taxonomy":"product_cat","embeddable":true,"href":"https:\/\/vapebulkp.com\/lt\/wp-json\/wp\/v2\/product_cat?post=3363"},{"taxonomy":"product_tag","embeddable":true,"href":"https:\/\/vapebulkp.com\/lt\/wp-json\/wp\/v2\/product_tag?post=3363"}],"curies":[{"name":"wp","href":"https:\/\/api.w.org\/{rel}","templated":true}]}}