{"id":3377,"date":"2025-01-31T10:42:57","date_gmt":"2025-01-31T09:42:57","guid":{"rendered":"https:\/\/vapebulkp.com\/?post_type=product&#038;p=3377"},"modified":"2025-09-24T05:20:24","modified_gmt":"2025-09-24T03:20:24","slug":"bang-tornado-40k-puffs-high-capacity-disposable-vape-pen","status":"publish","type":"product","link":"https:\/\/vapebulkp.com\/lt\/product\/bang-tornado-40k-puffs-high-capacity-disposable-vape-pen\/","title":{"rendered":"Bang Tornado 40K Puffs didel\u0117s talpos vienkartinis Vape ra\u0161iklis"},"content":{"rendered":"<h2 style=\"text-align: left\">Bang Tornado 40K Puffs didel\u0117s talpos vienkartinis Vape ra\u0161iklis<\/h2>\n<div class=\"flex max-w-full flex-col flex-grow\">\n<div class=\"min-h-8 text-message flex w-full flex-col items-end gap-2 whitespace-normal break-words text-start [.text-message+&amp;]:mt-5\" dir=\"auto\" data-message-author-role=\"assistant\" data-message-id=\"ebeef09e-6d27-4a31-bd63-f94c3e7cadb1\" data-message-model-slug=\"gpt-4o\">\n<div class=\"flex w-full flex-col gap-1 empty:hidden first:pt-[3px]\">\n<div class=\"markdown prose w-full break-words dark:prose-invert light\">\n<p>Tas <strong>Didmenin\u0117 prekyba Vape reguliuojama galia Bang Tornado 40000 \u012ftraukim\u0173<\/strong> yra auk\u0161\u010diausios kokyb\u0117s vienkartinis vape, sumaniai sukurtas ilgalaikiam naudojimui ir i\u0161skirtiniam na\u0161umui. Su \u012fsp\u016bdinga 40 ml e-skys\u010dio talpa, \u0161is prietaisas si\u016blo ne\u012ftik\u0117tinus 40 000 \u012ftraukim\u0173, tod\u0117l idealiai tinka vartotojams, kurie m\u0117gsta ilgalaik\u012f garinim\u0105 be da\u017en\u0173 keitim\u0173. Be to, jis tinka tiems, kurie ie\u0161ko patogumo ir ilgaam\u017ei\u0161kumo viename kompakti\u0161kame pakete.<\/p>\n<p>Bang Tornado turi 850 mAh \u012fkraunam\u0105 baterij\u0105 <strong><a href=\"https:\/\/vapebulkp.com\/lt\/product-category\/40000-puffs-disposable-vape\/\">40000 \u012ftraukim\u0173 vienkartinis vape<\/a>\u00a0<\/strong> u\u017etikrina pastovi\u0105 gali\u0105 vis\u0105 naudojimo laik\u0105. Be to, C tipo \u012fkrovimo prievadas palaiko greit\u0105 ir efektyv\u0173 \u012fkrovim\u0105, suma\u017eindamas prastovos laik\u0105 ir u\u017etikrindamas nepertraukiamus garinimo seansus. \u0160ios savyb\u0117s kartu u\u017etikrina skland\u0173 potyr\u012f net ir patiems reikliausiems vartotojams.<\/p>\n<p>Be to, 0.5 omo trij\u0173 tinklelio rit\u0117s technologija yra sukurta taip, kad suteikt\u0173 skland\u017ei\u0105 gar\u0173 gamyb\u0105 ir intensyv\u0173 skon\u012f. Nesvarbu, ar m\u0117gaujat\u0117s socialiniu renginiu, keliaujate, ar ilsit\u0117s namuose, Tornado 40K suteikia nuolatin\u012f pasitenkinim\u0105 su kiekvienu \u012fkv\u0117pimu. Jo puiki in\u017einerija pagerina ir na\u0161um\u0105, ir skonio kokyb\u0119, i\u0161skirdama j\u012f i\u0161 konkurent\u0173.<\/p>\n<p>Sukurtas patogiam naudojimui ir maksimaliam patogumui, \u0161is prietaisas taip pat turi reguliuojamos galios parinkt\u012f. Tai leid\u017eia vartotojams pritaikyti savo garinimo patirt\u012f, tod\u0117l tai yra universalus pasirinkimas tiek pradedantiesiems, tiek patyrusiems garintojams. Be to, jo aptakus, ergonomi\u0161kas dizainas u\u017etikrina tiek stili\u0173, tiek komfort\u0105 naudojimo metu.<\/p>\n<p>Apibendrinant, didmenin\u0117 prekyba I Vape reguliuojama galia <strong>Kar\u0161to pardavimo Vape<\/strong> Bang Tornado 40k puff i\u0161siskiria kaip auk\u0161\u010diausio lygio vienkartinis vape. Jo didel\u0117s talpos, pa\u017eangios technologijos ir patogi\u0173 funkcij\u0173 derinys daro j\u012f puikiu pasirinkimu tiems, kurie ie\u0161ko auk\u0161\u010diausios kokyb\u0117s ir patikimumo.<\/p>\n<\/div>\n<\/div>\n<\/div>\n<\/div>\n<h6>D\u0117l nuolaidos kainos susisiekite su Mandy per WhatsApp<a href=\"https:\/\/wa.me\/8618077105796\">+8618077105796<\/a><\/h6>\n<p><img decoding=\"async\" class=\"alignnone wp-image-2151\" src=\"http:\/\/vapebulkp.com\/wp-content\/uploads\/2024\/04\/Mandy-WhatsApp-Randm.jpg\" alt=\"Mandy WhatsApp Atsitiktinis\" width=\"324\" height=\"330\" \/><\/p>\n<div class=\"flex max-w-full flex-col flex-grow\">\n<div class=\"min-h-8 text-message flex w-full flex-col items-end gap-2 whitespace-normal break-words text-start [.text-message+&amp;]:mt-5\" dir=\"auto\" data-message-author-role=\"assistant\" data-message-id=\"d24cf626-c018-4805-80f5-44de047f2ba0\" data-message-model-slug=\"gpt-4o\">\n<div class=\"flex w-full flex-col gap-1 empty:hidden first:pt-[3px]\">\n<div class=\"markdown prose w-full break-words dark:prose-invert light\">\n<h2>Kod\u0117l verta rinktis Big Puffs Bang Tornado 40ooo Puffs <strong>\u00a0<\/strong>at <a href=\"https:\/\/vapebulkp.com\/lt\/vape-shop\/\">Vapebulkp.com<\/a>?<\/h2>\n<ul>\n<li><strong>Ilgalaik\u0117 garinimo patirtis:<\/strong> Su iki 40 000 \u012ftraukim\u0173, Bang Tornado u\u017etikrina ilgalaik\u012f pasitenkinim\u0105, suma\u017eindamas nuolatinio keitimo poreik\u012f. Puikiai tinka ilgalaikiam naudojimui.<\/li>\n<li><strong>Auk\u0161\u010diausios kokyb\u0117s:<\/strong> Pagamintas i\u0161 auk\u0161tos kokyb\u0117s med\u017eiag\u0173 ir pa\u017eangi\u0173 technologij\u0173, Bang Tornado si\u016blo skland\u017ei\u0105, sodri\u0105 garinimo patirt\u012f su pagerinta skonio gamyba.<\/li>\n<li><strong>Patogi \u012fkraunama baterija:<\/strong> 850mAh \u012fkraunama baterija kartu su C tipo \u012fkrovimu garantuoja minimal\u0173 prastovos laik\u0105, u\u017etikrindama nuolatin\u012f m\u0117gavim\u0105si.<\/li>\n<li><strong>Platus skoni\u0173 pasirinkimas:<\/strong> Rinkit\u0117s i\u0161 daugyb\u0117s \u012fdomi\u0173 skoni\u0173, atitinkan\u010di\u0173 j\u016bs\u0173 pageidavimus \u2013 nuo vaisi\u0173 iki mentolio ir dar daugiau.<\/li>\n<li><strong>Konkurencinga kaina:<\/strong> Svetain\u0117je Vapebulkp.com si\u016blome neprilygstamas didmenines kainas, leid\u017eian\u010dias \u012fsigyti m\u0117gstam\u0173 vienkartini\u0173 garintuv\u0173 u\u017e puiki\u0105 vert\u0119.<\/li>\n<li><strong>Greitas pristatymas:<\/strong> U\u017etikriname greit\u0105 ir patikim\u0105 pristatym\u0105, kad j\u016bs\u0173 u\u017esakymas b\u016bt\u0173 pristatytas greitai ir saugiai.<\/li>\n<li><strong>Klient\u0173 pasitenkinimas:<\/strong> Vapebulkp.com klient\u0173 pasitenkinimas yra m\u016bs\u0173 pagrindinis prioritetas. Si\u016blome puik\u0173 palaikym\u0105 ir skland\u0173 apsipirkim\u0105.<\/li>\n<\/ul>\n<h3>Bang Tornado Vape 40000 \u012fkv\u0117pim\u0173 kar\u0161to pardavimo garintuv\u0173 savyb\u0117s<\/h3>\n<ul>\n<li><strong>Did\u017eiul\u0117 talpa:<\/strong> 40 ml e-skys\u010dio iki 40 000 \u012fkv\u0117pim\u0173.<\/li>\n<li><strong>Galinga baterija:<\/strong> 850 mAh \u012fkraunama su C tipo greituoju \u012fkrovimu.<\/li>\n<li><strong>Pa\u017eangi technologija:<\/strong> 0,5 om\u0173 trij\u0173 tinkleli\u0173 rit\u0117, u\u017etikrinanti skland\u017eius garus ir sodr\u0173 skon\u012f.<\/li>\n<li><strong>Pritaikoma patirtis:<\/strong> Reguliuojami galios nustatymai individualiam garinimui.<\/li>\n<li><strong>Patogus dizainas:<\/strong> Aptakus, ergonomi\u0161kas ir patogus kelion\u0117ms.<\/li>\n<li><strong>Patvarus ir patikimas:<\/strong> Sukurtas ilgalaikiam, nuosekliam veikimui.<\/li>\n<\/ul>\n<h3>Bang Tornadovape puff 40000 skoni\u0173 s\u0105ra\u0161as<\/h3>\n<\/div>\n<\/div>\n<\/div>\n<\/div>\n<p>1. Bra\u0161ki\u0173 arb\u016bzas<br \/>\n2.Arb\u016bzas<br \/>\nMEIL\u011666<br \/>\n4.Energinis g\u0117rimas<br \/>\n5. Bra\u0161ki\u0173 kivis<br \/>\n6.M\u0117lyn\u0117s ir citrina<br \/>\n7.M\u0117lyn\u0117s ir vynuog\u0117s<br \/>\n8.M\u0117lyni\u0173 ir avie\u010di\u0173<br \/>\n9.Mangas ir persikas<br \/>\n10.Trigubos uogos<br \/>\n11.Dvigubas obuolys<br \/>\n12.Persik\u0173 ledas<\/p>\n<p><a href=\"https:\/\/vapebulkp.com\/lt\/product\/aivono-curved-smart-screen-35000-puffs-disposable-vape-wholesale-price\/\"><span style=\"vertical-align: inherit\">Aivono 35000 \u012ftraukim\u0173 <\/span><\/a><\/p>\n<p><span style=\"vertical-align: inherit\">Raskite daugiau produkt\u0173, kurie jums gali patikti:<\/span><em><a href=\"https:\/\/wa.me\/8618077105796\"><span style=\"vertical-align: inherit\">\u00a0Pirkti dabar<\/span><\/a><\/em><\/p>\n<p><span style=\"vertical-align: inherit\">Kiti \u012ftraukimai, kurie jums gali patikti:<\/span><a href=\"https:\/\/vapebulkp.com\/lt\/product\/wholesale-price-bang-kingdoms-rex-32000-puffs-vape-pod\/\"><span style=\"vertical-align: inherit\">Bang Kingdoms 32000 \u012ftraukim\u0173<\/span><\/a><span style=\"vertical-align: inherit\">\u3001<\/span><a href=\"https:\/\/vapebulkp.com\/lt\/product\/bood-pulse-pro-25k-50k-disposable-vape-bar-5000-puffs-nicotine-free\/\"><span style=\"vertical-align: inherit\">Bood pulse pro 50000 P\u016bpsni\u0173<\/span><\/a><span style=\"vertical-align: inherit\">\/ <\/span><a href=\"https:\/\/vapebulkp.com\/lt\/product\/vapsolo-best-quality-viking-12k-puffs-disposable-vapes\/\"><span style=\"vertical-align: inherit\">Vapsolo viking 12000 \u012ftraukim\u0173<\/span><\/a><span style=\"vertical-align: inherit\">\/ <\/span><a href=\"https:\/\/vapebulkp.com\/lt\/product\/waspe-vape-40000-puff-fihp-double-flavour-disposable-vape\/\"><span style=\"vertical-align: inherit\">WASPE 40000 \u012ftraukim\u0173<\/span><\/a><\/p>\n<p><span style=\"vertical-align: inherit\">Ypatingos formos elektronini\u0173 cigare\u010di\u0173 buteliukas:<\/span><a href=\"https:\/\/vapebulkp.com\/lt\/product\/vapsolo-feed-bar-shisha-vape-15000-puffs-wholesale-price\/\"><span style=\"vertical-align: inherit\"> Vapsolo shisha 15000 \u012ekv\u0117pim\u0173<\/span><\/a><span style=\"vertical-align: inherit\">\/ <\/span><a href=\"https:\/\/vapebulkp.com\/lt\/product\/vopk-ultra-30000-puffs-rgb-light-mesh-coil-rechargeable-vape-wholesale-price\/\"><span style=\"vertical-align: inherit\">\u00a0VOPK ULTRA 30000 \u012ep\u016btim\u0173 <\/span><\/a><span style=\"vertical-align: inherit\">\/<\/span><a href=\"https:\/\/vapebulkp.com\/lt\/product\/bang-box-35000-puffs-touch-switch-digital-screen-rechargeable-vape\/\"><span style=\"vertical-align: inherit\"> Bang Box 35000 \u012ekv\u0117pim\u0173<\/span><\/a><\/p>\n<h2><\/h2>\n<h4>DUK apie bang tornado vape 40k Puffs kar\u0161tus garintuvus<\/h4>\n<p><strong>1. Kiek \u012fkv\u0117pim\u0173 si\u016blo \"Bang Tornado 40K\"?<\/strong><br \/>\n\"Bang Tornado\" si\u016blo iki 40 000 \u012fkv\u0117pim\u0173, tod\u0117l tai yra vienas i\u0161 ilgiausiai veikian\u010di\u0173 vienkartini\u0173 garintuv\u0173 rinkoje.<\/p>\n<p><strong>2. Ar \"Bang Tornado 40K\" yra \u012fkraunamas?<\/strong><br \/>\nTaip, jame yra 850 mAh \u012fkraunama baterija su patogiu C tipo \u012fkrovimo prievadu, kad b\u016bt\u0173 galima greitai ir efektyviai \u012fkrauti.<\/p>\n<p><strong>3. Kokia yra \"Bang Tornado\" e-skys\u010dio talpa?<\/strong><br \/>\n\u012erenginyje yra 40 ml e-skys\u010dio talpa, u\u017etikrinanti pastovi\u0105 garinimo patirt\u012f per vis\u0105 jo naudojimo laikotarp\u012f.<\/p>\n<p><strong>4. Kokia yra \"Bang Tornado 40K\" nikotino koncentracija?<\/strong><br \/>\n\"Bang Tornado\" yra su nikotino druskos koncentracija 2% arba 5%, atsi\u017evelgiant \u012f skirtingus garinimo pageidavimus.<\/p>\n<h4>Pristatymo detal\u0117s:<\/h4>\n<p><span style=\"color: #ff6600\">Gamybos laikas: 5-10 darbo dien\u0173<\/span><br \/>\n<span style=\"color: #ff6600\">Pristatymo laikas: 8-14 darbo dien\u0173<\/span><\/p>\n<p>Visi m\u016bs\u0173 parduotuv\u0117s produktai yra 100% original\u016bs ir autenti\u0161ki, tod\u0117l m\u016bs\u0173 parduotuv\u0117s politika yra de\u0161imteriopa kompensacija u\u017e padirbtas prekes. Prek\u0117ms pristatyti naudojame tokius logistikos kanalus kaip UPS\/DHL\/FEDEX\/DPD.<\/p>\n<p>Pristatymas \u012f Lietuvos \u0161alis paprastai trunka 10 darbo dien\u0173. Pristatymas \u012f Europos \u0161alis paprastai u\u017etrunka nuo 12 iki 15 darbo dien\u0173. Logistikos informacij\u0105 atnaujinsime realiuoju laiku.<\/p>","protected":false},"excerpt":{"rendered":"<div class=\"flex-shrink-0 flex flex-col relative items-end\">\n<div class=\"pt-0\">\n<div class=\"gizmo-bot-avatar flex h-8 w-8 items-center justify-center overflow-hidden rounded-full\">\n<div class=\"relative p-1 rounded-sm flex items-center justify-center bg-token-main-surface-primary text-token-text-primary h-8 w-8\">\n<ul>\n<li><strong>Auk\u0161\u010diausios kokyb\u0117s Bang Tornado 40 000 \u012ftraukim\u0173 vape ra\u0161iklis ilgalaikiam naudojimui<\/strong><\/li>\n<li><strong>\u012ekraunamas Bang Tornado 40 000 \u012ftraukim\u0173 vienkartinis vape ilgalaikiam malonumui<\/strong><\/li>\n<li><strong>Bang Tornado 40 000 \u012ftraukim\u0173 elektronin\u0117 cigaret\u0117 su pritaikomais ledo skonio kapsul\u0117mis<\/strong><\/li>\n<\/ul>\n<\/div>\n<\/div>\n<\/div>\n<\/div>\n<p>D\u0117l nuolaidos kainos susisiekite su Mandy per WhatsApp<a href=\"https:\/\/wa.me\/8618077105796\">+8618077105796<\/a><\/p>\n<p><img decoding=\"async\" class=\"alignnone wp-image-2151\" src=\"http:\/\/vapebulkp.com\/wp-content\/uploads\/2024\/04\/Mandy-WhatsApp-Randm.jpg\" alt=\"Mandy WhatsApp Atsitiktinis\" width=\"297\" height=\"316\" srcset=\"https:\/\/vapebulkp.com\/wp-content\/uploads\/2024\/04\/Mandy-WhatsApp-Randm.jpg 916w, https:\/\/vapebulkp.com\/wp-content\/uploads\/2024\/04\/Mandy-WhatsApp-Randm-282x300.jpg 282w, https:\/\/vapebulkp.com\/wp-content\/uploads\/2024\/04\/Mandy-WhatsApp-Randm-768x817.jpg 768w, https:\/\/vapebulkp.com\/wp-content\/uploads\/2024\/04\/Mandy-WhatsApp-Randm-600x638.jpg 600w\" sizes=\"(max-width: 297px) 100vw, 297px\" \/><\/p>\n<p><span style=\"color: #ff0000\">PASTABA: Kainos m\u016bs\u0173 svetain\u0117je neapima siuntimo i\u0161laid\u0173<\/span><\/p>\n<p>&nbsp;<\/p>","protected":false},"featured_media":3378,"comment_status":"open","ping_status":"closed","template":"","meta":{"_uag_custom_page_level_css":"","_lmt_disableupdate":"no","_lmt_disable":"","site-sidebar-layout":"default","site-content-layout":"content-boxed-container","ast-site-content-layout":"normal-width-container","site-content-style":"boxed","site-sidebar-style":"unboxed","ast-global-header-display":"","ast-banner-title-visibility":"","ast-main-header-display":"","ast-hfb-above-header-display":"","ast-hfb-below-header-display":"","ast-hfb-mobile-header-display":"","site-post-title":"","ast-breadcrumbs-content":"","ast-featured-img":"","footer-sml-layout":"","theme-transparent-header-meta":"default","adv-header-id-meta":"","stick-header-meta":"","header-above-stick-meta":"","header-main-stick-meta":"","header-below-stick-meta":"","astra-migrate-meta-layouts":"set","_joinchat":[]},"product_cat":[182,153,345,155,33,59,100,87,34,158,157,154,152,58,84,156,63,32],"product_tag":[202,36,37,41,40],"class_list":["post-3377","product","type-product","status-publish","has-post-thumbnail","hentry","product_cat-40000-puffs-disposable-vape","product_cat-hot-disposable-vapes","product_cat-bang-vapes","product_cat-belgium-hot-disposable-vapes","product_cat-france-vape-hot-sale","product_cat-germany-hot-disposable-vape","product_cat-germany-wholesale-vape-shop","product_cat-minimum-order-quantity-50pcs","product_cat-netherlands-vape-good-sale","product_cat-norway-hot-disposable-vapes","product_cat-poland-hot-disposable-vapes","product_cat-portugal-hot-disposable-vapes","product_cat-spain-hot-disposable-vapes","product_cat-sweden-hot-disposable-vape","product_cat-sweden-wholesale-vape","product_cat-switzerland-hot-disposable-vapes","product_cat-top-sale-disposable-vape","product_cat-vape-hot-sale-this-week","product_tag-bang-tornado-40k-puffs","product_tag-good-vape","product_tag-hot-sale-disposable-vape","product_tag-poland-hot-vape","product_tag-sweden-hot-vape","pa_brand-bang-king-vape","desktop-align-left","tablet-align-left","mobile-align-left"],"yoast_head":"<!-- This site is optimized with the Yoast SEO plugin v21.1 - https:\/\/yoast.com\/wordpress\/plugins\/seo\/ -->\n<title>Bang Tornado 40K Puffs High-Capacity Disposable Vape Pen - vapebulkp.com<\/title>\n<meta name=\"description\" content=\"Shop Bang King 35000 Puffs Wholesale Puff Tornado Vape at Vapebulkp.com. Featuring 35,000 puffs, 23ml e-liquid, 0.6\u03a9 mesh coil, Type-C charging. Perfect for European retailers and vapers seeking high-capacity disposable vapes.\" \/>\n<meta name=\"robots\" content=\"index, follow, max-snippet:-1, max-image-preview:large, max-video-preview:-1\" \/>\n<link rel=\"canonical\" href=\"https:\/\/vapebulkp.com\/lt\/product\/bang-tornado-40k-puffs-high-capacity-disposable-vape-pen\/\" \/>\n<meta property=\"og:locale\" content=\"lt_LT\" \/>\n<meta property=\"og:type\" content=\"article\" \/>\n<meta property=\"og:title\" content=\"Bang Tornado 40K Puffs High-Capacity Disposable Vape Pen - vapebulkp.com\" \/>\n<meta property=\"og:description\" content=\"Shop Bang King 35000 Puffs Wholesale Puff Tornado Vape at Vapebulkp.com. Featuring 35,000 puffs, 23ml e-liquid, 0.6\u03a9 mesh coil, Type-C charging. Perfect for European retailers and vapers seeking high-capacity disposable vapes.\" \/>\n<meta property=\"og:url\" content=\"https:\/\/vapebulkp.com\/lt\/product\/bang-tornado-40k-puffs-high-capacity-disposable-vape-pen\/\" \/>\n<meta property=\"og:site_name\" content=\"vapebulkp.com\" \/>\n<meta property=\"article:modified_time\" content=\"2025-09-24T03:20:24+00:00\" \/>\n<meta property=\"og:image\" content=\"http:\/\/vapebulkp.com\/wp-content\/uploads\/2025\/01\/Advanced-Bang-Tornado-40000-Puffs-Vape-with-Big-Screen.jpg\" \/>\n\t<meta property=\"og:image:width\" content=\"800\" \/>\n\t<meta property=\"og:image:height\" content=\"800\" \/>\n\t<meta property=\"og:image:type\" content=\"image\/jpeg\" \/>\n<meta name=\"twitter:card\" content=\"summary_large_image\" \/>\n<meta name=\"twitter:label1\" content=\"Est. reading time\" \/>\n\t<meta name=\"twitter:data1\" content=\"4 minut\u0117s\" \/>\n<script type=\"application\/ld+json\" class=\"yoast-schema-graph\">{\"@context\":\"https:\/\/schema.org\",\"@graph\":[{\"@type\":\"WebPage\",\"@id\":\"https:\/\/vapebulkp.com\/product\/bang-tornado-40k-puffs-high-capacity-disposable-vape-pen\/\",\"url\":\"https:\/\/vapebulkp.com\/product\/bang-tornado-40k-puffs-high-capacity-disposable-vape-pen\/\",\"name\":\"Bang Tornado 40K Puffs High-Capacity Disposable Vape Pen - vapebulkp.com\",\"isPartOf\":{\"@id\":\"https:\/\/vapebulkp.com\/#website\"},\"datePublished\":\"2025-01-31T09:42:57+00:00\",\"dateModified\":\"2025-09-24T03:20:24+00:00\",\"description\":\"Shop Bang King 35000 Puffs Wholesale Puff Tornado Vape at Vapebulkp.com. Featuring 35,000 puffs, 23ml e-liquid, 0.6\u03a9 mesh coil, Type-C charging. Perfect for European retailers and vapers seeking high-capacity disposable vapes.\",\"breadcrumb\":{\"@id\":\"https:\/\/vapebulkp.com\/product\/bang-tornado-40k-puffs-high-capacity-disposable-vape-pen\/#breadcrumb\"},\"inLanguage\":\"lt-LT\",\"potentialAction\":[{\"@type\":\"ReadAction\",\"target\":[\"https:\/\/vapebulkp.com\/product\/bang-tornado-40k-puffs-high-capacity-disposable-vape-pen\/\"]}]},{\"@type\":\"BreadcrumbList\",\"@id\":\"https:\/\/vapebulkp.com\/product\/bang-tornado-40k-puffs-high-capacity-disposable-vape-pen\/#breadcrumb\",\"itemListElement\":[{\"@type\":\"ListItem\",\"position\":1,\"name\":\"Home\",\"item\":\"https:\/\/vapebulkp.com\/\"},{\"@type\":\"ListItem\",\"position\":2,\"name\":\"Hot Trend Vapes\",\"item\":\"https:\/\/vapebulkp.com\/vape-shop\/\"},{\"@type\":\"ListItem\",\"position\":3,\"name\":\"Bang Tornado 40K Puffs High-Capacity Disposable Vape Pen\"}]},{\"@type\":\"WebSite\",\"@id\":\"https:\/\/vapebulkp.com\/#website\",\"url\":\"https:\/\/vapebulkp.com\/\",\"name\":\"vapebulkp.com\",\"description\":\"Buy Vape In Cheap Bulk Price Near you\",\"publisher\":{\"@id\":\"https:\/\/vapebulkp.com\/#organization\"},\"potentialAction\":[{\"@type\":\"SearchAction\",\"target\":{\"@type\":\"EntryPoint\",\"urlTemplate\":\"https:\/\/vapebulkp.com\/?s={search_term_string}\"},\"query-input\":\"required name=search_term_string\"}],\"inLanguage\":\"lt-LT\"},{\"@type\":\"Organization\",\"@id\":\"https:\/\/vapebulkp.com\/#organization\",\"name\":\"vapebulkp.com\",\"url\":\"https:\/\/vapebulkp.com\/\",\"logo\":{\"@type\":\"ImageObject\",\"inLanguage\":\"lt-LT\",\"@id\":\"https:\/\/vapebulkp.com\/#\/schema\/logo\/image\/\",\"url\":\"https:\/\/vapebulkp.com\/wp-content\/uploads\/2023\/09\/cropped-vapebulkp.png\",\"contentUrl\":\"https:\/\/vapebulkp.com\/wp-content\/uploads\/2023\/09\/cropped-vapebulkp.png\",\"width\":516,\"height\":163,\"caption\":\"vapebulkp.com\"},\"image\":{\"@id\":\"https:\/\/vapebulkp.com\/#\/schema\/logo\/image\/\"}}]}<\/script>\n<!-- \/ Yoast SEO plugin. -->","yoast_head_json":{"title":"Bang Tornado 40K Puffs High-Capacity Disposable Vape Pen - vapebulkp.com","description":"Shop Bang King 35000 Puffs Wholesale Puff Tornado Vape at Vapebulkp.com. Featuring 35,000 puffs, 23ml e-liquid, 0.6\u03a9 mesh coil, Type-C charging. Perfect for European retailers and vapers seeking high-capacity disposable vapes.","robots":{"index":"index","follow":"follow","max-snippet":"max-snippet:-1","max-image-preview":"max-image-preview:large","max-video-preview":"max-video-preview:-1"},"canonical":"https:\/\/vapebulkp.com\/lt\/product\/bang-tornado-40k-puffs-high-capacity-disposable-vape-pen\/","og_locale":"lt_LT","og_type":"article","og_title":"Bang Tornado 40K Puffs High-Capacity Disposable Vape Pen - vapebulkp.com","og_description":"Shop Bang King 35000 Puffs Wholesale Puff Tornado Vape at Vapebulkp.com. Featuring 35,000 puffs, 23ml e-liquid, 0.6\u03a9 mesh coil, Type-C charging. Perfect for European retailers and vapers seeking high-capacity disposable vapes.","og_url":"https:\/\/vapebulkp.com\/lt\/product\/bang-tornado-40k-puffs-high-capacity-disposable-vape-pen\/","og_site_name":"vapebulkp.com","article_modified_time":"2025-09-24T03:20:24+00:00","og_image":[{"width":800,"height":800,"url":"http:\/\/vapebulkp.com\/wp-content\/uploads\/2025\/01\/Advanced-Bang-Tornado-40000-Puffs-Vape-with-Big-Screen.jpg","type":"image\/jpeg"}],"twitter_card":"summary_large_image","twitter_misc":{"Est. reading time":"4 minut\u0117s"},"schema":{"@context":"https:\/\/schema.org","@graph":[{"@type":"WebPage","@id":"https:\/\/vapebulkp.com\/product\/bang-tornado-40k-puffs-high-capacity-disposable-vape-pen\/","url":"https:\/\/vapebulkp.com\/product\/bang-tornado-40k-puffs-high-capacity-disposable-vape-pen\/","name":"Bang Tornado 40K Puffs High-Capacity Disposable Vape Pen - vapebulkp.com","isPartOf":{"@id":"https:\/\/vapebulkp.com\/#website"},"datePublished":"2025-01-31T09:42:57+00:00","dateModified":"2025-09-24T03:20:24+00:00","description":"Shop Bang King 35000 Puffs Wholesale Puff Tornado Vape at Vapebulkp.com. Featuring 35,000 puffs, 23ml e-liquid, 0.6\u03a9 mesh coil, Type-C charging. Perfect for European retailers and vapers seeking high-capacity disposable vapes.","breadcrumb":{"@id":"https:\/\/vapebulkp.com\/product\/bang-tornado-40k-puffs-high-capacity-disposable-vape-pen\/#breadcrumb"},"inLanguage":"lt-LT","potentialAction":[{"@type":"ReadAction","target":["https:\/\/vapebulkp.com\/product\/bang-tornado-40k-puffs-high-capacity-disposable-vape-pen\/"]}]},{"@type":"BreadcrumbList","@id":"https:\/\/vapebulkp.com\/product\/bang-tornado-40k-puffs-high-capacity-disposable-vape-pen\/#breadcrumb","itemListElement":[{"@type":"ListItem","position":1,"name":"Home","item":"https:\/\/vapebulkp.com\/"},{"@type":"ListItem","position":2,"name":"Hot Trend Vapes","item":"https:\/\/vapebulkp.com\/vape-shop\/"},{"@type":"ListItem","position":3,"name":"Bang Tornado 40K Puffs High-Capacity Disposable Vape Pen"}]},{"@type":"WebSite","@id":"https:\/\/vapebulkp.com\/#website","url":"https:\/\/vapebulkp.com\/","name":"vapebulkp.com","description":"Buy Vape In Cheap Bulk Price Near you","publisher":{"@id":"https:\/\/vapebulkp.com\/#organization"},"potentialAction":[{"@type":"SearchAction","target":{"@type":"EntryPoint","urlTemplate":"https:\/\/vapebulkp.com\/?s={search_term_string}"},"query-input":"required name=search_term_string"}],"inLanguage":"lt-LT"},{"@type":"Organization","@id":"https:\/\/vapebulkp.com\/#organization","name":"vapebulkp.com","url":"https:\/\/vapebulkp.com\/","logo":{"@type":"ImageObject","inLanguage":"lt-LT","@id":"https:\/\/vapebulkp.com\/#\/schema\/logo\/image\/","url":"https:\/\/vapebulkp.com\/wp-content\/uploads\/2023\/09\/cropped-vapebulkp.png","contentUrl":"https:\/\/vapebulkp.com\/wp-content\/uploads\/2023\/09\/cropped-vapebulkp.png","width":516,"height":163,"caption":"vapebulkp.com"},"image":{"@id":"https:\/\/vapebulkp.com\/#\/schema\/logo\/image\/"}}]}},"uagb_featured_image_src":{"full":["https:\/\/vapebulkp.com\/wp-content\/uploads\/2025\/01\/Advanced-Bang-Tornado-40000-Puffs-Vape-with-Big-Screen.jpg",800,800,false],"thumbnail":["https:\/\/vapebulkp.com\/wp-content\/uploads\/2025\/01\/Advanced-Bang-Tornado-40000-Puffs-Vape-with-Big-Screen-150x150.jpg",150,150,true],"medium":["https:\/\/vapebulkp.com\/wp-content\/uploads\/2025\/01\/Advanced-Bang-Tornado-40000-Puffs-Vape-with-Big-Screen-300x300.jpg",300,300,true],"medium_large":["https:\/\/vapebulkp.com\/wp-content\/uploads\/2025\/01\/Advanced-Bang-Tornado-40000-Puffs-Vape-with-Big-Screen-768x768.jpg",768,768,true],"large":["https:\/\/vapebulkp.com\/wp-content\/uploads\/2025\/01\/Advanced-Bang-Tornado-40000-Puffs-Vape-with-Big-Screen.jpg",800,800,false],"1536x1536":["https:\/\/vapebulkp.com\/wp-content\/uploads\/2025\/01\/Advanced-Bang-Tornado-40000-Puffs-Vape-with-Big-Screen.jpg",800,800,false],"2048x2048":["https:\/\/vapebulkp.com\/wp-content\/uploads\/2025\/01\/Advanced-Bang-Tornado-40000-Puffs-Vape-with-Big-Screen.jpg",800,800,false],"trp-custom-language-flag":["https:\/\/vapebulkp.com\/wp-content\/uploads\/2025\/01\/Advanced-Bang-Tornado-40000-Puffs-Vape-with-Big-Screen.jpg",12,12,false],"woocommerce_thumbnail":["https:\/\/vapebulkp.com\/wp-content\/uploads\/2025\/01\/Advanced-Bang-Tornado-40000-Puffs-Vape-with-Big-Screen-300x300.jpg",300,300,true],"woocommerce_single":["https:\/\/vapebulkp.com\/wp-content\/uploads\/2025\/01\/Advanced-Bang-Tornado-40000-Puffs-Vape-with-Big-Screen-600x600.jpg",600,600,true],"woocommerce_gallery_thumbnail":["https:\/\/vapebulkp.com\/wp-content\/uploads\/2025\/01\/Advanced-Bang-Tornado-40000-Puffs-Vape-with-Big-Screen-100x100.jpg",100,100,true],"wcpr-photo-reviews":["https:\/\/vapebulkp.com\/wp-content\/uploads\/2025\/01\/Advanced-Bang-Tornado-40000-Puffs-Vape-with-Big-Screen.jpg",500,500,false]},"uagb_author_info":{"display_name":"Mandy vape bulk price","author_link":"https:\/\/vapebulkp.com\/lt\/author\/"},"uagb_comment_info":0,"uagb_excerpt":"Premium Bang Tornado 40,000 Puffs Vape Pen for Extended Use Rechargeable Bang Tornado 40,000 Puffs Disposable Vape for Lasting Enjoyment Bang Tornado 40,000 Puffs E-Cig with Customizable Ice Flavored Pods Pls Contact Mandy's WhatsApp For Discount Price+8618077105796 NOTE: Prices on our website does not include shipping costs &nbsp;","_links":{"self":[{"href":"https:\/\/vapebulkp.com\/lt\/wp-json\/wp\/v2\/product\/3377","targetHints":{"allow":["GET"]}}],"collection":[{"href":"https:\/\/vapebulkp.com\/lt\/wp-json\/wp\/v2\/product"}],"about":[{"href":"https:\/\/vapebulkp.com\/lt\/wp-json\/wp\/v2\/types\/product"}],"replies":[{"embeddable":true,"href":"https:\/\/vapebulkp.com\/lt\/wp-json\/wp\/v2\/comments?post=3377"}],"wp:featuredmedia":[{"embeddable":true,"href":"https:\/\/vapebulkp.com\/lt\/wp-json\/wp\/v2\/media\/3378"}],"wp:attachment":[{"href":"https:\/\/vapebulkp.com\/lt\/wp-json\/wp\/v2\/media?parent=3377"}],"wp:term":[{"taxonomy":"product_cat","embeddable":true,"href":"https:\/\/vapebulkp.com\/lt\/wp-json\/wp\/v2\/product_cat?post=3377"},{"taxonomy":"product_tag","embeddable":true,"href":"https:\/\/vapebulkp.com\/lt\/wp-json\/wp\/v2\/product_tag?post=3377"}],"curies":[{"name":"wp","href":"https:\/\/api.w.org\/{rel}","templated":true}]}}