{"id":3412,"date":"2025-01-30T09:00:36","date_gmt":"2025-01-30T08:00:36","guid":{"rendered":"https:\/\/vapebulkp.com\/?post_type=product&#038;p=3412"},"modified":"2025-09-03T09:21:22","modified_gmt":"2025-09-03T07:21:22","slug":"evappe-deluxe-bar-18000-puffs-high-performance-waka-vape-pod","status":"publish","type":"product","link":"https:\/\/vapebulkp.com\/lt\/product\/evappe-deluxe-bar-18000-puffs-high-performance-waka-vape-pod\/","title":{"rendered":"Evappe Deluxe Bar 18000 Puffs Auk\u0161tos Kokyb\u0117s Waka Vape Pod"},"content":{"rendered":"<h2 style=\"text-align: left\">Evappe Deluxe Bar 18000 Puffs Auk\u0161tos Kokyb\u0117s Waka Vape Pod<\/h2>\n<p>&nbsp;<\/p>\n<p>Tas <strong>Evappe Deluxe Bar 18000 \u012ftraukim\u0173 didelio na\u0161umo garinimo kapsul\u0117<\/strong> si\u016blo i\u0161skirtin\u0119, auk\u0161\u010diausios kokyb\u0117s garinimo patirt\u012f, skirt\u0105 i\u0161rankiam garintojui. D\u0117l savo naujovi\u0161ko dizaino ir pa\u017eangiausi\u0173 technologij\u0173, \u0161i vienkartin\u0117 garinimo kapsul\u0117 suteikia iki 18 000 pastovi\u0173, auk\u0161tos kokyb\u0117s gar\u0173 \u012ftraukim\u0173. Nesvarbu, ar siekiate sklandaus, malonaus nikotino poveikio ar \u012ftraukian\u010dio skonio profilio, 18 000 \u012ftraukim\u0173 Evappe Deluxe Bar garantuoja abu variantus, tod\u0117l tai yra idealus pasirinkimas tiek pa\u017eengusiems garintojams, tiek pradedantiesiems.<\/p>\n<p>I\u0161 anksto pripildytas dideliu 25 ml e-skys\u010dio kiekiu ir turimas 2% bei 5% nikotino stiprumo, jis suteikia lankstum\u0105, pritaikom\u0105 asmeniniams pageidavimams. Jo pa\u017eangi 0.6\u03a9 tinklelio spiral\u0117s technologija u\u017etikrina greit\u0105 gar\u0173 gamyb\u0105, optimizuoja skon\u012f ir suteikia skland\u0173 gerkl\u0117s poj\u016bt\u012f. 750 mAh \u012fkraunama baterija su Type-C \u012fkrovimo jungtimi u\u017etikrina ilgesn\u012f ir patikimesn\u012f veikim\u0105, puikiai tinkant\u012f ilgesniam naudojimui.<\/p>\n<p>Sukurta atsi\u017evelgiant \u012f stili\u0173 ir prakti\u0161kum\u0105, Top Sale Vape Evappe Deluxe Bar 18k \u012ftraukim\u0173 pasi\u017eymi eleganti\u0161ka, modernia i\u0161vaizda, o DTL (Direct-to-Lung) ekranas teikia realaus laiko naudojimo duomenis. \u0160i garinimo kapsul\u0117 sukurta siekiant did\u017eiausio patogumo, si\u016blanti ekologi\u0161k\u0105 ir patog\u0173 sprendim\u0105 garinimui, neprarandant skonio ar kokyb\u0117s.<\/p>\n<p>Pasirinkite <strong>Didelio na\u0161umo <\/strong><strong>Evappe Deluxe Baras <a href=\"https:\/\/vapebulkp.com\/lt\/product-category\/18000-puffs-disposable-vape\/\">18000 d\u016bm\u0173 vienkartinis garintuvas <\/a><\/strong>kad patirtum\u0117te auk\u0161tesn\u0117s klas\u0117s garinimo patirt\u012f su puikiu dizainu, pa\u017eangiausiomis technologijomis ir pastoviu veikimu.<\/p>\n<h6>D\u0117l nuolaidos kainos susisiekite su Mandy per WhatsApp<a href=\"https:\/\/wa.me\/8618077105796\">+8618077105796<\/a><\/h6>\n<p><img decoding=\"async\" class=\"alignnone wp-image-2151\" src=\"http:\/\/vapebulkp.com\/wp-content\/uploads\/2024\/04\/Mandy-WhatsApp-Randm.jpg\" alt=\"Mandy WhatsApp Atsitiktinis\" width=\"324\" height=\"330\" \/><\/p>\n<h2><strong>Evappe Deluxe Bar 18000 \u012ftraukim\u0173 vienkartin\u0117 garinimo kapsul\u0117 DUK:<\/strong><\/h2>\n<p><strong>K1: Kiek ilgai tarnauja Evappe Deluxe Bar 18k \u012ftraukim\u0173?<\/strong><br \/>\n\u012erenginys sukurtas suteikti iki 18 000 \u012ftraukim\u0173, priklausomai nuo naudojimo \u012fpro\u010di\u0173, tod\u0117l jis idealiai tinka ilgiems garinimo seansams.<\/p>\n<p><strong>K2: Ar Evappe Deluxe Bar yra \u012fkraunamas?<\/strong><br \/>\nTaip, jis turi 750 mAh \u012fkraunam\u0105 baterij\u0105 su Type-C \u012fkrovimo jungtimi greitam ir patogiam \u012fkrovimui.<\/p>\n<p><strong>K5: Kiek e-skys\u010dio telpa \u012frenginyje?<\/strong><br \/>\nKiekvienas Evappe Deluxe Bar yra i\u0161 anksto pripildytas 25 ml auk\u0161tos kokyb\u0117s e-skys\u010dio, u\u017etikrinan\u010dio ilgalaik\u012f naudojim\u0105.<\/p>\n<p><strong>9 klausimas: Ar \u201eEvappe Deluxe Bar\u201c turi ekran\u0105?<\/strong><br \/>\nTaip, jame yra DTL ekranas, skirtas patogiai steb\u0117ti j\u016bs\u0173 garinimo sesijas.<\/p>\n<p><strong>10 klausimas: Kur galiu nusipirkti \u201eEvappe Deluxe Bar\u201c?<\/strong><br \/>\n\u201eEvappe Deluxe Bar\u201c galite \u012fsigyti i\u0161 \u012fgaliot\u0173 ma\u017emeninink\u0173 arba internetini\u0173 parduotuvi\u0173, toki\u0173 kaip Vapebulkp.com.<\/p>\n<h2><\/h2>\n<h3><strong>Didmenin\u0117s prekybos \u201eEvappe Deluxe Bar 18000 Puff\u201c ypatyb\u0117s:<\/strong><\/h3>\n<ul>\n<li><strong>\u012ekv\u0117pim\u0173 skai\u010dius:<\/strong> Iki 18 000 \u012fkv\u0117pim\u0173 su tiesioginio \u012f plau\u010dius (DTL) garinimo patirtimi.<\/li>\n<li><strong>Nikotino stiprumas:<\/strong> Galimi 2% ir 5% nikotino variantai, atitinkantys \u012fvairius poreikius.<\/li>\n<li><strong>E-skys\u010dio talpa:<\/strong> I\u0161 anksto u\u017epildytas 25 ml auk\u0161\u010diausios kokyb\u0117s e-skys\u010diu, skirtu ilgesniam naudojimui.<\/li>\n<li><strong>Baterija:<\/strong> 750 mAh \u012fkraunama baterija patikimam ir ilgalaikiam veikimui.<\/li>\n<li><strong>\u012ekrovimo s\u0105saja:<\/strong> \u012erengtas C tipo prievadas, skirtas greitam ir efektyviam \u012fkrovimui.<\/li>\n<li><strong>Rit\u0117s technologija:<\/strong> Turi 0,6\u03a9 tinklelio rit\u0119, skirt\u0105 geresniam skoniui ir skland\u017eiam gar\u0173 gamybai.<\/li>\n<li><strong>Pakuot\u0117:<\/strong> Parduodama d\u0117\u017eut\u0117se, kuriose yra 10 vienet\u0173, idealiai tinka dideliems pirkimams arba ma\u017emenin\u0117s prekybos vitrinoms.<\/li>\n<\/ul>\n<h3>Didmeninio pirkimo \u201eEvappe Deluxe Bar 18k Puffs\u201c skonio parinktys:<\/h3>\n<p>1.Du obuoliai<br \/>\n2.Vynuog\u0117s ir m\u0117tos<br \/>\n3.Sultingas ledas<br \/>\n4.Uog\u0173 ledas<br \/>\n5.M\u0117lyni\u0173 guma<br \/>\n6.Vy\u0161ni\u0173 aviet\u0117<br \/>\n7.Persik\u0173 ledas<br \/>\n8.Meil\u0117 66<br \/>\n9.Skaidrus sapnas<br \/>\n10.Bra\u0161ki\u0173 pun\u0161as<\/p>\n<p><a href=\"https:\/\/vapebulkp.com\/lt\/product\/fumot-tornado-25k-puffs-cheap-price-disposable-vape\/\"><span style=\"vertical-align: inherit\">RandM Tornado 25000 R\u016bkan\u010di\u0173 <\/span><\/a><\/p>\n<p><span style=\"vertical-align: inherit\">Raskite daugiau produkt\u0173, kurie jums gali patikti:<\/span><em><a href=\"https:\/\/wa.me\/8618077105796\"><span style=\"vertical-align: inherit\">\u00a0Pirkti dabar<\/span><\/a><\/em><\/p>\n<p><span style=\"vertical-align: inherit\">Kiti \u012ftraukimai, kurie jums gali patikti:<\/span><a href=\"https:\/\/vapebulkp.com\/lt\/product\/uwin-tornado-music-35k-puffs-vape-wholesale-nicotine-free\/\"><span style=\"vertical-align: inherit\">UWIN Tornado 35000 d\u016bm\u0173<\/span><\/a><span style=\"vertical-align: inherit\">\u3001<\/span><a href=\"https:\/\/vapebulkp.com\/lt\/product\/wholesale-randm-tornado-9000-puffs-germany\/\"><span style=\"vertical-align: inherit\">RandM 9000 d\u016bm\u0173<\/span><\/a><span style=\"vertical-align: inherit\">\/ <\/span><a href=\"https:\/\/vapebulkp.com\/lt\/product\/wholesale-price-bang-kingdoms-rex-32000-puffs-vape-pod\/\"><span style=\"vertical-align: inherit\">Bang King doms rex 32000 d\u016bm\u0173<\/span><\/a><span style=\"vertical-align: inherit\">\/ <\/span><a href=\"https:\/\/vapebulkp.com\/lt\/fi\/product\/uzy-bang-digital-12000puffs-led-display-e-cigarettes\/\"><span style=\"vertical-align: inherit\">UZY Bang Digital 15000 P\u016bpsni\u0173<\/span><\/a><\/p>\n<p><span style=\"vertical-align: inherit\">Ypatingos formos elektronini\u0173 cigare\u010di\u0173 buteliukas:<\/span><a href=\"https:\/\/vapebulkp.com\/lt\/product\/vapsolo-feed-bar-shisha-vape-15000-puffs-wholesale-price\/\"><span style=\"vertical-align: inherit\"> Vapsolo Feed Bar shisha 15000 d\u016bm\u0173<\/span><\/a><span style=\"vertical-align: inherit\">\/ <\/span><a href=\"https:\/\/vapebulkp.com\/lt\/product\/bang-28000-puffs-disposable-vape-pen-with-adjustable-ice-level\/\"><span style=\"vertical-align: inherit\">\u00a0Bang 28000 d\u016bm\u0173 <\/span><\/a><span style=\"vertical-align: inherit\">\/<\/span><a href=\"https:\/\/vapebulkp.com\/lt\/product\/waspe-crystal-vape-40000-puffs-disposable-e-cigarette-dual-flavors-wholesale-price\/\"><span style=\"vertical-align: inherit\"> WASPE Crystal 40000 P\u016bpsni\u0173<\/span><\/a><\/p>\n<p>&nbsp;<\/p>\n<h4><strong>Kod\u0117l verta rinktis Evappe Deluxe Bar 18000 d\u016bm\u0173 <a href=\"https:\/\/vapebulkp.com\/lt\/vape-shop\/\">Vapebulkp.com<\/a>?<\/strong><\/h4>\n<p>\u201eVapebulkp.com\u201c si\u016blo tik auk\u0161\u010diausios kokyb\u0117s garinimo produktus, o \u0161is <strong>Evappe Deluxe Bar 18000 \u012ftraukim\u0173<\/strong> \u2013 ne i\u0161imtis. \u0160tai kod\u0117l tai puikus pasirinkimas j\u016bs\u0173 garinimo poreikiams:<\/p>\n<ol>\n<li><strong>Auk\u0161\u010diausia kokyb\u0117<\/strong> \u2013 \u201eEvappe Deluxe Bar\u201c sukurtas naudojant pa\u017eangiausias technologijas, u\u017etikrinan\u010dias \u0161velnius garus, intensyv\u0173 skon\u012f ir ilgalaik\u012f veikim\u0105. Su iki 18 000 \u012fkv\u0117pim\u0173 ir patikima \u012fkraunama 750 mAh baterija, \u0161is prietaisas garantuoja pastovi\u0105 ir maloni\u0105 patirt\u012f kiekvien\u0105 kart\u0105.<\/li>\n<li><strong>Konkurencinga kaina<\/strong> \u2013 \u201eVapebulkp.com\u201c si\u016blo <strong>\u201eEvappe Deluxe Bar 18000 Puffs\u201c<\/strong>\u00a0u\u017e konkurencing\u0105 kain\u0105, tod\u0117l auk\u0161\u010diausios klas\u0117s garinimas tampa prieinamas neprarandant kokyb\u0117s. Taip pat galimi didesni pirkimo kiekiai, siekiant efektyvi\u0173 sprendim\u0173.<\/li>\n<li><strong>Platus pasirinkimas<\/strong> \u2013 Si\u016blome \u012fvairaus stiprumo nikotin\u0105 (2 % ir 5 %), atsi\u017evelgdami \u012f skirtingus pageidavimus. Nesvarbu, ar esate pradedantysis, ar patyr\u0119s garintojas, mes turime ideal\u0173 sprendim\u0105, atitinkant\u012f j\u016bs\u0173 poreikius.<\/li>\n<li><strong>Greitas<\/strong> \u2013 M\u016bs\u0173 greitas ir patikimas pristatymas u\u017etikrina, kad \u201eEvappe Deluxe Bar\u201c gautum\u0117te greitai ir saugiai, kad ir kur b\u016btum\u0117te Europoje.<\/li>\n<li><strong>\u012e klient\u0105 orientuotas aptarnavimas<\/strong> \u2013 M\u016bs\u0173 atsidavusi klient\u0173 aptarnavimo komanda yra pasirengusi pad\u0117ti i\u0161kilus bet kokiems klausimams, u\u017etikrindama skland\u0173 apsipirkim\u0105 nuo prad\u017eios iki pabaigos.<\/li>\n<\/ol>\n<h5>Pristatymo detal\u0117s:<\/h5>\n<p><span style=\"color: #ff6600\">Gamybos laikas: 5-10 darbo dien\u0173<\/span><br \/>\n<span style=\"color: #ff6600\">Pristatymo laikas: 8-14 darbo dien\u0173<\/span><\/p>\n<p>Visi m\u016bs\u0173 parduotuv\u0117s produktai yra 100% original\u016bs ir autenti\u0161ki, tod\u0117l m\u016bs\u0173 parduotuv\u0117s politika yra de\u0161imteriopa kompensacija u\u017e padirbtas prekes. Prek\u0117ms pristatyti naudojame tokius logistikos kanalus kaip UPS\/DHL\/FEDEX\/DPD.<\/p>\n<p>Pristatymas \u012f Lietuvos \u0161alis paprastai trunka 10 darbo dien\u0173. Pristatymas \u012f Europos \u0161alis paprastai u\u017etrunka nuo 12 iki 15 darbo dien\u0173. Logistikos informacij\u0105 atnaujinsime realiuoju laiku.<\/p>","protected":false},"excerpt":{"rendered":"<ul>\n<li><strong>Evappe Deluxe Bar 18000 \u012ftraukim\u0173 didelio na\u0161umo vienkartin\u0117 garinimo kapsul\u0117 su tinklelio spirale ir Type-C \u012fkraunama baterija<\/strong><\/li>\n<li><strong>Auk\u0161\u010diausios kokyb\u0117s Evappe Deluxe Bar 18000 \u012ftraukim\u0173 vienkartin\u0117 garinimo kapsul\u0117 su 25 ml e-skys\u010dio ir 2% \/ 5% nikotino stiprumu<\/strong><\/li>\n<li><strong>Evappe Deluxe Bar 18000 \u012ftraukim\u0173 auk\u0161tos kokyb\u0117s garinimo kapsul\u0117 DTL garinimui, pasi\u017eyminti ilgalaikiu veikimu ir \u012fkraunama baterija<\/strong><\/li>\n<\/ul>\n<p>D\u0117l nuolaidos kainos susisiekite su Mandy per WhatsApp<a href=\"https:\/\/wa.me\/8618077105796\">+8618077105796<\/a><\/p>\n<p><img decoding=\"async\" class=\"alignnone wp-image-2151\" src=\"http:\/\/vapebulkp.com\/wp-content\/uploads\/2024\/04\/Mandy-WhatsApp-Randm.jpg\" alt=\"Mandy WhatsApp Atsitiktinis\" width=\"297\" height=\"316\" srcset=\"https:\/\/vapebulkp.com\/wp-content\/uploads\/2024\/04\/Mandy-WhatsApp-Randm.jpg 916w, https:\/\/vapebulkp.com\/wp-content\/uploads\/2024\/04\/Mandy-WhatsApp-Randm-282x300.jpg 282w, https:\/\/vapebulkp.com\/wp-content\/uploads\/2024\/04\/Mandy-WhatsApp-Randm-768x817.jpg 768w, https:\/\/vapebulkp.com\/wp-content\/uploads\/2024\/04\/Mandy-WhatsApp-Randm-600x638.jpg 600w\" sizes=\"(max-width: 297px) 100vw, 297px\" \/><\/p>\n<p><span style=\"color: #ff0000\">PASTABA: Kainos m\u016bs\u0173 svetain\u0117je neapima siuntimo i\u0161laid\u0173<\/span><\/p>\n<p>&nbsp;<\/p>","protected":false},"featured_media":3413,"comment_status":"open","ping_status":"closed","template":"","meta":{"_uag_custom_page_level_css":"","_lmt_disableupdate":"no","_lmt_disable":"","site-sidebar-layout":"default","site-content-layout":"content-boxed-container","ast-site-content-layout":"normal-width-container","site-content-style":"boxed","site-sidebar-style":"unboxed","ast-global-header-display":"","ast-banner-title-visibility":"","ast-main-header-display":"","ast-hfb-above-header-display":"","ast-hfb-below-header-display":"","ast-hfb-mobile-header-display":"","site-post-title":"","ast-breadcrumbs-content":"","ast-featured-img":"","footer-sml-layout":"","theme-transparent-header-meta":"default","adv-header-id-meta":"","stick-header-meta":"","header-above-stick-meta":"","header-main-stick-meta":"","header-below-stick-meta":"","astra-migrate-meta-layouts":"set","_joinchat":[]},"product_cat":[163,153,155,33,59,100,87,34,158,157,154,152,58,84,156],"product_tag":[205,36,37,41,40],"class_list":["post-3412","product","type-product","status-publish","has-post-thumbnail","hentry","product_cat-18000-puffs-disposable-vape","product_cat-hot-disposable-vapes","product_cat-belgium-hot-disposable-vapes","product_cat-france-vape-hot-sale","product_cat-germany-hot-disposable-vape","product_cat-germany-wholesale-vape-shop","product_cat-minimum-order-quantity-50pcs","product_cat-netherlands-vape-good-sale","product_cat-norway-hot-disposable-vapes","product_cat-poland-hot-disposable-vapes","product_cat-portugal-hot-disposable-vapes","product_cat-spain-hot-disposable-vapes","product_cat-sweden-hot-disposable-vape","product_cat-sweden-wholesale-vape","product_cat-switzerland-hot-disposable-vapes","product_tag-evappe-deluxe-bar-18000-puffs","product_tag-good-vape","product_tag-hot-sale-disposable-vape","product_tag-poland-hot-vape","product_tag-sweden-hot-vape","desktop-align-left","tablet-align-left","mobile-align-left"],"yoast_head":"<!-- This site is optimized with the Yoast SEO plugin v21.1 - https:\/\/yoast.com\/wordpress\/plugins\/seo\/ -->\n<title>Evappe Deluxe Bar 18000 Puffs High-Performance Waka Vape Pod - vapebulkp.com<\/title>\n<meta name=\"description\" content=\"Best Sale Evappe Deluxe Bar 18000 Puffs offers long-lasting, smooth vapor with 25ml e-liquid and rechargeable convenience for premium vaping.\" \/>\n<meta name=\"robots\" content=\"index, follow, max-snippet:-1, max-image-preview:large, max-video-preview:-1\" \/>\n<link rel=\"canonical\" href=\"https:\/\/vapebulkp.com\/lt\/product\/evappe-deluxe-bar-18000-puffs-high-performance-waka-vape-pod\/\" \/>\n<meta property=\"og:locale\" content=\"lt_LT\" \/>\n<meta property=\"og:type\" content=\"article\" \/>\n<meta property=\"og:title\" content=\"Evappe Deluxe Bar 18000 Puffs High-Performance Waka Vape Pod - vapebulkp.com\" \/>\n<meta property=\"og:description\" content=\"Best Sale Evappe Deluxe Bar 18000 Puffs offers long-lasting, smooth vapor with 25ml e-liquid and rechargeable convenience for premium vaping.\" \/>\n<meta property=\"og:url\" content=\"https:\/\/vapebulkp.com\/lt\/product\/evappe-deluxe-bar-18000-puffs-high-performance-waka-vape-pod\/\" \/>\n<meta property=\"og:site_name\" content=\"vapebulkp.com\" \/>\n<meta property=\"article:modified_time\" content=\"2025-09-03T07:21:22+00:00\" \/>\n<meta property=\"og:image\" content=\"http:\/\/vapebulkp.com\/wp-content\/uploads\/2025\/01\/Evappe-Deluxe-Bar-18000-Puff-Advanced-Vaping-Solution.webp\" \/>\n\t<meta property=\"og:image:width\" content=\"800\" \/>\n\t<meta property=\"og:image:height\" content=\"800\" \/>\n\t<meta property=\"og:image:type\" content=\"image\/webp\" \/>\n<meta name=\"twitter:card\" content=\"summary_large_image\" \/>\n<meta name=\"twitter:label1\" content=\"Est. reading time\" \/>\n\t<meta name=\"twitter:data1\" content=\"4 minut\u0117s\" \/>\n<script type=\"application\/ld+json\" class=\"yoast-schema-graph\">{\"@context\":\"https:\/\/schema.org\",\"@graph\":[{\"@type\":\"WebPage\",\"@id\":\"https:\/\/vapebulkp.com\/product\/evappe-deluxe-bar-18000-puffs-high-performance-waka-vape-pod\/\",\"url\":\"https:\/\/vapebulkp.com\/product\/evappe-deluxe-bar-18000-puffs-high-performance-waka-vape-pod\/\",\"name\":\"Evappe Deluxe Bar 18000 Puffs High-Performance Waka Vape Pod - vapebulkp.com\",\"isPartOf\":{\"@id\":\"https:\/\/vapebulkp.com\/#website\"},\"datePublished\":\"2025-01-30T08:00:36+00:00\",\"dateModified\":\"2025-09-03T07:21:22+00:00\",\"description\":\"Best Sale Evappe Deluxe Bar 18000 Puffs offers long-lasting, smooth vapor with 25ml e-liquid and rechargeable convenience for premium vaping.\",\"breadcrumb\":{\"@id\":\"https:\/\/vapebulkp.com\/product\/evappe-deluxe-bar-18000-puffs-high-performance-waka-vape-pod\/#breadcrumb\"},\"inLanguage\":\"lt-LT\",\"potentialAction\":[{\"@type\":\"ReadAction\",\"target\":[\"https:\/\/vapebulkp.com\/product\/evappe-deluxe-bar-18000-puffs-high-performance-waka-vape-pod\/\"]}]},{\"@type\":\"BreadcrumbList\",\"@id\":\"https:\/\/vapebulkp.com\/product\/evappe-deluxe-bar-18000-puffs-high-performance-waka-vape-pod\/#breadcrumb\",\"itemListElement\":[{\"@type\":\"ListItem\",\"position\":1,\"name\":\"Home\",\"item\":\"https:\/\/vapebulkp.com\/\"},{\"@type\":\"ListItem\",\"position\":2,\"name\":\"Hot Trend Vapes\",\"item\":\"https:\/\/vapebulkp.com\/vape-shop\/\"},{\"@type\":\"ListItem\",\"position\":3,\"name\":\"Evappe Deluxe Bar 18000 Puffs High-Performance Waka Vape Pod\"}]},{\"@type\":\"WebSite\",\"@id\":\"https:\/\/vapebulkp.com\/#website\",\"url\":\"https:\/\/vapebulkp.com\/\",\"name\":\"vapebulkp.com\",\"description\":\"Buy Vape In Cheap Bulk Price Near you\",\"publisher\":{\"@id\":\"https:\/\/vapebulkp.com\/#organization\"},\"potentialAction\":[{\"@type\":\"SearchAction\",\"target\":{\"@type\":\"EntryPoint\",\"urlTemplate\":\"https:\/\/vapebulkp.com\/?s={search_term_string}\"},\"query-input\":\"required name=search_term_string\"}],\"inLanguage\":\"lt-LT\"},{\"@type\":\"Organization\",\"@id\":\"https:\/\/vapebulkp.com\/#organization\",\"name\":\"vapebulkp.com\",\"url\":\"https:\/\/vapebulkp.com\/\",\"logo\":{\"@type\":\"ImageObject\",\"inLanguage\":\"lt-LT\",\"@id\":\"https:\/\/vapebulkp.com\/#\/schema\/logo\/image\/\",\"url\":\"https:\/\/vapebulkp.com\/wp-content\/uploads\/2023\/09\/cropped-vapebulkp.png\",\"contentUrl\":\"https:\/\/vapebulkp.com\/wp-content\/uploads\/2023\/09\/cropped-vapebulkp.png\",\"width\":516,\"height\":163,\"caption\":\"vapebulkp.com\"},\"image\":{\"@id\":\"https:\/\/vapebulkp.com\/#\/schema\/logo\/image\/\"}}]}<\/script>\n<!-- \/ Yoast SEO plugin. -->","yoast_head_json":{"title":"Evappe Deluxe Bar 18000 Puffs High-Performance Waka Vape Pod - vapebulkp.com","description":"Best Sale Evappe Deluxe Bar 18000 Puffs offers long-lasting, smooth vapor with 25ml e-liquid and rechargeable convenience for premium vaping.","robots":{"index":"index","follow":"follow","max-snippet":"max-snippet:-1","max-image-preview":"max-image-preview:large","max-video-preview":"max-video-preview:-1"},"canonical":"https:\/\/vapebulkp.com\/lt\/product\/evappe-deluxe-bar-18000-puffs-high-performance-waka-vape-pod\/","og_locale":"lt_LT","og_type":"article","og_title":"Evappe Deluxe Bar 18000 Puffs High-Performance Waka Vape Pod - vapebulkp.com","og_description":"Best Sale Evappe Deluxe Bar 18000 Puffs offers long-lasting, smooth vapor with 25ml e-liquid and rechargeable convenience for premium vaping.","og_url":"https:\/\/vapebulkp.com\/lt\/product\/evappe-deluxe-bar-18000-puffs-high-performance-waka-vape-pod\/","og_site_name":"vapebulkp.com","article_modified_time":"2025-09-03T07:21:22+00:00","og_image":[{"width":800,"height":800,"url":"http:\/\/vapebulkp.com\/wp-content\/uploads\/2025\/01\/Evappe-Deluxe-Bar-18000-Puff-Advanced-Vaping-Solution.webp","type":"image\/webp"}],"twitter_card":"summary_large_image","twitter_misc":{"Est. reading time":"4 minut\u0117s"},"schema":{"@context":"https:\/\/schema.org","@graph":[{"@type":"WebPage","@id":"https:\/\/vapebulkp.com\/product\/evappe-deluxe-bar-18000-puffs-high-performance-waka-vape-pod\/","url":"https:\/\/vapebulkp.com\/product\/evappe-deluxe-bar-18000-puffs-high-performance-waka-vape-pod\/","name":"Evappe Deluxe Bar 18000 Puffs High-Performance Waka Vape Pod - vapebulkp.com","isPartOf":{"@id":"https:\/\/vapebulkp.com\/#website"},"datePublished":"2025-01-30T08:00:36+00:00","dateModified":"2025-09-03T07:21:22+00:00","description":"Best Sale Evappe Deluxe Bar 18000 Puffs offers long-lasting, smooth vapor with 25ml e-liquid and rechargeable convenience for premium vaping.","breadcrumb":{"@id":"https:\/\/vapebulkp.com\/product\/evappe-deluxe-bar-18000-puffs-high-performance-waka-vape-pod\/#breadcrumb"},"inLanguage":"lt-LT","potentialAction":[{"@type":"ReadAction","target":["https:\/\/vapebulkp.com\/product\/evappe-deluxe-bar-18000-puffs-high-performance-waka-vape-pod\/"]}]},{"@type":"BreadcrumbList","@id":"https:\/\/vapebulkp.com\/product\/evappe-deluxe-bar-18000-puffs-high-performance-waka-vape-pod\/#breadcrumb","itemListElement":[{"@type":"ListItem","position":1,"name":"Home","item":"https:\/\/vapebulkp.com\/"},{"@type":"ListItem","position":2,"name":"Hot Trend Vapes","item":"https:\/\/vapebulkp.com\/vape-shop\/"},{"@type":"ListItem","position":3,"name":"Evappe Deluxe Bar 18000 Puffs High-Performance Waka Vape Pod"}]},{"@type":"WebSite","@id":"https:\/\/vapebulkp.com\/#website","url":"https:\/\/vapebulkp.com\/","name":"vapebulkp.com","description":"Buy Vape In Cheap Bulk Price Near you","publisher":{"@id":"https:\/\/vapebulkp.com\/#organization"},"potentialAction":[{"@type":"SearchAction","target":{"@type":"EntryPoint","urlTemplate":"https:\/\/vapebulkp.com\/?s={search_term_string}"},"query-input":"required name=search_term_string"}],"inLanguage":"lt-LT"},{"@type":"Organization","@id":"https:\/\/vapebulkp.com\/#organization","name":"vapebulkp.com","url":"https:\/\/vapebulkp.com\/","logo":{"@type":"ImageObject","inLanguage":"lt-LT","@id":"https:\/\/vapebulkp.com\/#\/schema\/logo\/image\/","url":"https:\/\/vapebulkp.com\/wp-content\/uploads\/2023\/09\/cropped-vapebulkp.png","contentUrl":"https:\/\/vapebulkp.com\/wp-content\/uploads\/2023\/09\/cropped-vapebulkp.png","width":516,"height":163,"caption":"vapebulkp.com"},"image":{"@id":"https:\/\/vapebulkp.com\/#\/schema\/logo\/image\/"}}]}},"uagb_featured_image_src":{"full":["https:\/\/vapebulkp.com\/wp-content\/uploads\/2025\/01\/Evappe-Deluxe-Bar-18000-Puff-Advanced-Vaping-Solution.webp",800,800,false],"thumbnail":["https:\/\/vapebulkp.com\/wp-content\/uploads\/2025\/01\/Evappe-Deluxe-Bar-18000-Puff-Advanced-Vaping-Solution-150x150.webp",150,150,true],"medium":["https:\/\/vapebulkp.com\/wp-content\/uploads\/2025\/01\/Evappe-Deluxe-Bar-18000-Puff-Advanced-Vaping-Solution-300x300.webp",300,300,true],"medium_large":["https:\/\/vapebulkp.com\/wp-content\/uploads\/2025\/01\/Evappe-Deluxe-Bar-18000-Puff-Advanced-Vaping-Solution-768x768.webp",768,768,true],"large":["https:\/\/vapebulkp.com\/wp-content\/uploads\/2025\/01\/Evappe-Deluxe-Bar-18000-Puff-Advanced-Vaping-Solution.webp",800,800,false],"1536x1536":["https:\/\/vapebulkp.com\/wp-content\/uploads\/2025\/01\/Evappe-Deluxe-Bar-18000-Puff-Advanced-Vaping-Solution.webp",800,800,false],"2048x2048":["https:\/\/vapebulkp.com\/wp-content\/uploads\/2025\/01\/Evappe-Deluxe-Bar-18000-Puff-Advanced-Vaping-Solution.webp",800,800,false],"trp-custom-language-flag":["https:\/\/vapebulkp.com\/wp-content\/uploads\/2025\/01\/Evappe-Deluxe-Bar-18000-Puff-Advanced-Vaping-Solution.webp",12,12,false],"woocommerce_thumbnail":["https:\/\/vapebulkp.com\/wp-content\/uploads\/2025\/01\/Evappe-Deluxe-Bar-18000-Puff-Advanced-Vaping-Solution-300x300.webp",300,300,true],"woocommerce_single":["https:\/\/vapebulkp.com\/wp-content\/uploads\/2025\/01\/Evappe-Deluxe-Bar-18000-Puff-Advanced-Vaping-Solution-600x600.webp",600,600,true],"woocommerce_gallery_thumbnail":["https:\/\/vapebulkp.com\/wp-content\/uploads\/2025\/01\/Evappe-Deluxe-Bar-18000-Puff-Advanced-Vaping-Solution-100x100.webp",100,100,true],"wcpr-photo-reviews":["https:\/\/vapebulkp.com\/wp-content\/uploads\/2025\/01\/Evappe-Deluxe-Bar-18000-Puff-Advanced-Vaping-Solution.webp",500,500,false]},"uagb_author_info":{"display_name":"Mandy vape bulk price","author_link":"https:\/\/vapebulkp.com\/lt\/author\/"},"uagb_comment_info":0,"uagb_excerpt":"Evappe Deluxe Bar 18000 Puffs High-Performance Disposable Vape Pod with Mesh Coil and Type-C Rechargeable Battery Premium Evappe Deluxe Bar 18000 Puff Disposable Vape with 25ml E-liquid and 2%\/5% Nicotine Strength Evappe Deluxe Bar 18000 Puffs High-Quality Vape Pod for DTL Vaping with Long-Lasting Performance and Rechargeable Battery Pls Contact Mandy's WhatsApp For Discount Price+8618077105796&hellip;","_links":{"self":[{"href":"https:\/\/vapebulkp.com\/lt\/wp-json\/wp\/v2\/product\/3412","targetHints":{"allow":["GET"]}}],"collection":[{"href":"https:\/\/vapebulkp.com\/lt\/wp-json\/wp\/v2\/product"}],"about":[{"href":"https:\/\/vapebulkp.com\/lt\/wp-json\/wp\/v2\/types\/product"}],"replies":[{"embeddable":true,"href":"https:\/\/vapebulkp.com\/lt\/wp-json\/wp\/v2\/comments?post=3412"}],"wp:featuredmedia":[{"embeddable":true,"href":"https:\/\/vapebulkp.com\/lt\/wp-json\/wp\/v2\/media\/3413"}],"wp:attachment":[{"href":"https:\/\/vapebulkp.com\/lt\/wp-json\/wp\/v2\/media?parent=3412"}],"wp:term":[{"taxonomy":"product_cat","embeddable":true,"href":"https:\/\/vapebulkp.com\/lt\/wp-json\/wp\/v2\/product_cat?post=3412"},{"taxonomy":"product_tag","embeddable":true,"href":"https:\/\/vapebulkp.com\/lt\/wp-json\/wp\/v2\/product_tag?post=3412"}],"curies":[{"name":"wp","href":"https:\/\/api.w.org\/{rel}","templated":true}]}}