{"id":3470,"date":"2025-02-18T07:36:23","date_gmt":"2025-02-18T06:36:23","guid":{"rendered":"https:\/\/vapebulkp.com\/?post_type=product&#038;p=3470"},"modified":"2025-09-16T11:26:37","modified_gmt":"2025-09-16T09:26:37","slug":"top-selling-bang-vape-32000-puffs-with-intense-flavor-and-impressive-durability","status":"publish","type":"product","link":"https:\/\/vapebulkp.com\/lt\/produktas\/top-selling-bang-vape-32000-puffs-with-intense-flavor-and-impressive-durability\/","title":{"rendered":"Populiariausias Bang Vape 32000 Puffs Intensyvus skonis \u012esp\u016bdingas patvarumas"},"content":{"rendered":"<h2>Populiariausias Bang Vape 32000 Puffs Intensyvus skonis \u012esp\u016bdingas patvarumas<\/h2>\n<p data-start=\"85\" data-end=\"552\">Tas <strong data-start=\"89\" data-end=\"114\">\u201eBang 32000 Puffs\u201c<\/strong> yra puikus pasirinkimas garintuvams, kurie reikalauja tiek <strong data-start=\"165\" data-end=\"193\">ilgalaikiam veikimui<\/strong> ir <strong data-start=\"198\" data-end=\"216\">intensyvus skonis<\/strong>. Su i\u0161skirtiniu <strong data-start=\"238\" data-end=\"264\">32 ml elektroninio skys\u010dio talpa<\/strong> ir galing\u0105 <strong data-start=\"280\" data-end=\"298\">650mAh baterija<\/strong>, \u0161i <strong data-start=\"305\" data-end=\"338\">didel\u0117s talpos vienkartinis garintuvas<\/strong> u\u017etikrina <strong data-start=\"348\" data-end=\"364\">32 000 \u012fkv\u0117pim\u0173<\/strong> lygaus, nuosekliai gar\u0173. The <strong data-start=\"398\" data-end=\"417\">0,5 \u03a9 var\u017ea<\/strong> rit\u0117 u\u017etikrina <strong data-start=\"433\" data-end=\"461\">sodr\u0173, pilno k\u016bno skon\u012f<\/strong> su kiekvienu \u012fkv\u0117pimu, tod\u0117l puikiai tinka tiems, kurie vertina auk\u0161tesnio lygio garinimo patirt\u012f.<\/p>\n<p data-start=\"554\" data-end=\"882\">Sukurtas <strong data-start=\"567\" data-end=\"588\">gar\u0173 entuziastams<\/strong>, Geriausias pardavimas <strong data-start=\"594\" data-end=\"619\">Bangas <a href=\"https:\/\/vapebulkp.com\/lt\/produkto-kategorija\/32000-puffs-disposable-vape\/\">32000 \u201ePuffs\u201c vienkartinis garintuvas<\/a><\/strong> yra <strong data-start=\"631\" data-end=\"655\">Type-C \u012fkrovimo prievadas<\/strong> d\u0117l <strong data-start=\"660\" data-end=\"679\">greito \u012fkrovimo<\/strong>, u\u017etikrinant, kad ilgai neliktum\u0117te be energijos. Tai <strong data-start=\"732\" data-end=\"751\">vienkartinis garintuvas<\/strong> yra <strong data-start=\"757\" data-end=\"791\">patogus, be r\u016bpes\u010di\u0173 variantas<\/strong> vartotojams, ie\u0161kantiems <strong data-start=\"812\" data-end=\"841\">auk\u0161\u010diausios kokyb\u0117s garinimo patirt\u012f<\/strong> nereikalaujan\u010dio papildymo ar prie\u017ei\u016bros.<\/p>\n<p data-start=\"884\" data-end=\"1198\">Nesvarbu, ar ie\u0161kote <strong data-start=\"913\" data-end=\"934\">ilgai veikiantis garintuvas<\/strong> kasdieniam naudojimui ar patikimos galimyb\u0117s socialiniams susib\u016brimams, \u0161is <strong data-start=\"1000\" data-end=\"1025\">Bang Vape 32000 P\u016b\u010di\u0173<\/strong>\u00a0yra sukurtas padaryti \u012fsp\u016bd\u012f. Eleganti\u0161kas, ne\u0161iojamas dizainas leid\u017eia j\u012f idealiai pasirinkti <strong data-start=\"1107\" data-end=\"1133\">kelion\u0117ms<\/strong> nepakenkiant <strong data-start=\"1158\" data-end=\"1178\">skonio intensyvumui<\/strong> or <strong data-start=\"1182\" data-end=\"1196\">ilgaam\u017ei\u0161kumui<\/strong>.<\/p>\n<p>&nbsp;<\/p>\n<h6>D\u0117l nuolaidos kainos susisiekite su Mandy per WhatsApp<a href=\"https:\/\/wa.me\/8618077105796\">+8618077105796<\/a><\/h6>\n<p><img decoding=\"async\" class=\"alignnone wp-image-2151\" src=\"http:\/\/vapebulkp.com\/wp-content\/uploads\/2024\/04\/Mandy-WhatsApp-Randm.jpg\" alt=\"Mandy WhatsApp Atsitiktinis\" width=\"229\" height=\"244\" srcset=\"https:\/\/vapebulkp.com\/wp-content\/uploads\/2024\/04\/Mandy-WhatsApp-Randm.jpg 916w, https:\/\/vapebulkp.com\/wp-content\/uploads\/2024\/04\/Mandy-WhatsApp-Randm-282x300.jpg 282w, https:\/\/vapebulkp.com\/wp-content\/uploads\/2024\/04\/Mandy-WhatsApp-Randm-768x817.jpg 768w, https:\/\/vapebulkp.com\/wp-content\/uploads\/2024\/04\/Mandy-WhatsApp-Randm-600x638.jpg 600w\" sizes=\"(max-width: 229px) 100vw, 229px\" \/><\/p>\n<h2><span style=\"vertical-align: inherit\">DUK apie Bang Vape 32000 Puffs:<\/span><\/h2>\n<h4 data-start=\"39\" data-end=\"128\"><strong data-start=\"44\" data-end=\"126\">1. Kuo Bang Vape 32000 Puffs i\u0161siskiria i\u0161 kit\u0173 vienkartini\u0173 garintuv\u0173?<\/strong><\/h4>\n<p data-start=\"129\" data-end=\"418\">Tas <strong data-start=\"133\" data-end=\"158\">Bang Vape 32000 i\u0161p\u016btim\u0173<\/strong> si\u016blo i\u0161skirtin\u012f <strong data-start=\"181\" data-end=\"197\">32 000 \u012fkv\u0117pim\u0173<\/strong>kartu su <strong data-start=\"215\" data-end=\"241\">32 ml elektroninio skys\u010dio talpa<\/strong>, tod\u0117l tai yra vienas i\u0161 <strong data-start=\"264\" data-end=\"300\">ilgalaiki\u0161kiausi\u0173 vienkartini\u0173 garintuv\u0173<\/strong> rinkoje. \u0160is <strong data-start=\"320\" data-end=\"339\">0,5 \u03a9 var\u017ea<\/strong> u\u017etikrina skland\u0173 gar\u0105 ir nuosekl\u0173 skonio perdavim\u0105 vis\u0105 jo gyvavimo laik\u0105.<\/p>\n<h4 data-start=\"420\" data-end=\"479\"><strong data-start=\"425\" data-end=\"477\">2. Kiek laiko veikia 32k \u012fp\u016btim\u0173 Bang Vape?<\/strong><\/h4>\n<p data-start=\"480\" data-end=\"715\">Su <strong data-start=\"485\" data-end=\"501\">32 000 \u012fkv\u0117pim\u0173<\/strong>, \u0161is vienkartinis garintuvas skirtas <strong data-start=\"540\" data-end=\"556\">ilgalaikiam naudojimui<\/strong>, idealus daug garinantiems. \u0160is <strong data-start=\"586\" data-end=\"604\">650mAh baterija<\/strong> suteikia ilgalaik\u0119 gali\u0105, o su <strong data-start=\"643\" data-end=\"662\">C tipo \u012fkrovimas<\/strong>, galite greitai \u012fkrauti, kad gal\u0117tum\u0117te toliau m\u0117gautis.<\/p>\n<h4 data-start=\"717\" data-end=\"773\"><strong data-start=\"722\" data-end=\"771\">3. Ar \u201eBang Vape 32000 Puff\u201c yra \u012fkraunamas?<\/strong><\/h4>\n<p data-start=\"774\" data-end=\"918\">Taip, prietaise yra <strong data-start=\"809\" data-end=\"833\">Type-C \u012fkrovimo prievadas<\/strong>, leid\u017eiantis \u012fkrauti <strong data-start=\"864\" data-end=\"882\">650mAh baterija<\/strong> d\u0117l <strong data-start=\"887\" data-end=\"915\">ilgoms garinimo sesijoms<\/strong>.<\/p>\n<h4 data-start=\"920\" data-end=\"990\"><strong data-start=\"925\" data-end=\"988\">4. Koki\u0173 skoni\u0173 yra \u201eBang Vape 32000\u201c vienkartiniame garintuve?<\/strong><\/h4>\n<p data-start=\"991\" data-end=\"1139\">Tas <strong data-start=\"995\" data-end=\"1020\">Bang Vape 32000 i\u0161p\u016btim\u0173<\/strong> yra \u012fvairi\u0173 auk\u0161\u010diausios kokyb\u0117s skoni\u0173, si\u016blan\u010di\u0173 <strong data-start=\"1071\" data-end=\"1105\">turting\u0105 ir pasitenkinim\u0105 teikian\u010di\u0105 patirt\u012f<\/strong> \u012fvairaus skonio garintojams.<\/p>\n<h3 data-start=\"0\" data-end=\"62\"><strong data-start=\"0\" data-end=\"60\">\u201eBang Vale 32k Puffs\u201c specifikacijos:<\/strong><\/h3>\n<ul>\n<li data-start=\"46\" data-end=\"138\"><strong data-start=\"48\" data-end=\"57\">\u012ekv\u0117pimai<\/strong>: 32 000 \u2013 Patirkite ilgesn\u0119 garinimo sesij\u0105 su \u012fsp\u016bdingu p\u016btim\u0173 skai\u010diumi.<\/li>\n<li data-start=\"139\" data-end=\"230\"><strong data-start=\"141\" data-end=\"162\">E-skys\u010dio talpa<\/strong>: 32ml \u2013 Didelis bakas ilgesniam naudojimui be da\u017eno papildymo.<\/li>\n<li data-start=\"231\" data-end=\"312\"><strong data-start=\"233\" data-end=\"247\">Var\u017ea<\/strong>: 0.5\u03a9 \u2013 Optimizuotas skland\u017eiai gar\u0173 gamybai ir sodriam skoniui.<\/li>\n<li data-start=\"313\" data-end=\"395\"><strong data-start=\"315\" data-end=\"326\">Baterija<\/strong>: 650mAh \u2013 Ilgalaik\u0117 galia, palaikanti ilgas garinimo sesijas.<\/li>\n<li data-start=\"396\" data-end=\"479\"><strong data-start=\"398\" data-end=\"415\">\u012ekrovimo prievadas<\/strong>: Type-C \u2013 Greitas ir efektyvus \u012fkrovimas, siekiant minimalaus prastovos laiko.<\/li>\n<\/ul>\n<h3><strong>30k vape bang did\u017eiausiai p\u016btim\u0173 talpai Skoni\u0173 s\u0105ra\u0161as:<\/strong><\/h3>\n<p>1.arb\u016bz\u0173 vy\u0161nia<br \/>\n2.m\u0117lyni\u0173 aviet\u0117<br \/>\n3.arb\u016bz\u0173 ledas<br \/>\n4.bra\u0161ki\u0173 ir arb\u016bz\u0173<br \/>\n5.bra\u0161ki\u0173 kivis<br \/>\n6.raudonasis bulius<br \/>\n7.arb\u016bz\u0173 gumos<br \/>\n8.vynuogi\u0173 ledas<br \/>\n9.persik\u0173 mang\u0173<br \/>\n10.persik\u0173 ledas<br \/>\n11.m\u0117lyni\u0173 ledas<br \/>\n12.mi\u0161ri\u0173 vaisi\u0173<\/p>\n<p><a href=\"https:\/\/vapebulkp.com\/lt\/produktas\/bang-box-35000-puffs-touch-switch-digital-screen-rechargeable-vape\/\"><span style=\"vertical-align: inherit\">\u00a0Bang Box 35000 \u012ftraukim\u0173 <\/span><\/a><\/p>\n<p><span style=\"vertical-align: inherit\">Raskite daugiau produkt\u0173, kurie jums gali patikti:<\/span><em><a href=\"https:\/\/wa.me\/8618077105796\"><span style=\"vertical-align: inherit\">\u00a0Pirkti dabar<\/span><\/a><\/em><\/p>\n<p><span style=\"vertical-align: inherit\">Kiti \u012ftraukimai, kurie jums gali patikti:<\/span><a href=\"https:\/\/vapebulkp.com\/lt\/produktas\/buying-bood-twins-46000-puffs-vape-bar-wholesale-price\/\"><span style=\"vertical-align: inherit\">Bood\u00a0 twins 46000 i\u0161p\u016btim\u0173<\/span><\/a><span style=\"vertical-align: inherit\">\u3001<\/span><a href=\"https:\/\/vapebulkp.com\/lt\/produktas\/fihp-digital-12000-puffs-disposable-e-cigarette-stylish-reliable-vape\/\"><span style=\"vertical-align: inherit\">FIHP Digital Box 12000 P\u016btim\u0173<\/span><\/a><span style=\"vertical-align: inherit\">\/ <\/span><a href=\"https:\/\/vapebulkp.com\/lt\/produktas\/waspe-crystal-vape-40000-puffs-disposable-e-cigarette-dual-flavors-wholesale-price\/\"><span style=\"vertical-align: inherit\">WAPE Crystal 40000 i\u0161p\u016btim\u0173<\/span><\/a><span style=\"vertical-align: inherit\">\/ <\/span><a href=\"https:\/\/vapebulkp.com\/lt\/produktas\/fihp-36k-puffs-double-flavor-next-gen-nicotine-alternatives-europe-vape\/\"><span style=\"vertical-align: inherit\">FIHP Vape 36000 \u012ftraukim\u0173<\/span><\/a><\/p>\n<p><span style=\"vertical-align: inherit\">Ypatingos formos elektronini\u0173 cigare\u010di\u0173 buteliukas:<\/span><a href=\"https:\/\/vapebulkp.com\/lt\/produktas\/fumot-randm-shisha-10k-puffs-hot-sale-vape-pen\/\"><span style=\"vertical-align: inherit\">Fumot Randm shisha 10000 P\u016btim\u0173 <\/span><\/a><span style=\"vertical-align: inherit\">\/ <\/span><a href=\"https:\/\/vapebulkp.com\/lt\/produktas\/razz-bar-25000-puffs-wholesale-price-vape-eu-warehouse\/\"><span style=\"vertical-align: inherit\">RAZZ BAR 25000 P\u016btim\u0173 <\/span><\/a><span style=\"vertical-align: inherit\">\/<\/span><a href=\"https:\/\/vapebulkp.com\/lt\/produktas\/bang-refillable-40000-puffs-long-lasting-vape-adjustable-airflow\/\"><span style=\"vertical-align: inherit\">Bang Vape 40000 P\u016btim\u0173 <\/span><\/a><\/p>\n<h4>Pristatymo detal\u0117s:<\/h4>\n<p>Gamybos laikas: 5-10 darbo dien\u0173<br \/>\nPristatymo laikas: 8-14 darbo dien\u0173<\/p>\n<p>Visi m\u016bs\u0173 parduotuv\u0117s produktai yra 100% original\u016bs ir autenti\u0161ki, tod\u0117l m\u016bs\u0173 parduotuv\u0117s politika yra de\u0161imteriopa kompensacija u\u017e padirbtas prekes. Prek\u0117ms pristatyti naudojame tokius logistikos kanalus kaip UPS\/DHL\/FEDEX\/DPD.<\/p>\n<p>Pristatymas \u012f Lietuvos \u0161alis paprastai trunka 10 darbo dien\u0173. Pristatymas \u012f Europos \u0161alis paprastai u\u017etrunka nuo 12 iki 15 darbo dien\u0173. Logistikos informacij\u0105 atnaujinsime realiuoju laiku.<\/p>\n<h3>Geras aptarnavimas po pardavimo:<\/h3>\n<p>Pastaba: N\u0117ra pinig\u0173 gr\u0105\u017einimo ar keitimo d\u0117l ne kokyb\u0117s problem\u0173<br \/>\n1. Klientai gali pasirinkti norim\u0105 skon\u012f, ta\u010diau jei skonio n\u0117ra sand\u0117lyje, gamybos skyrius pasirinks populiar\u0173 skon\u012f, kuris j\u012f pakeis. Klientams neleid\u017eiama pra\u0161yti gr\u0105\u017einti pinig\u0173 ar keisti prekes d\u0117l skoni\u0173.<\/p>\n<p>2. Kai atsiranda kokyb\u0117s problem\u0173, pateikite konkret\u0173 vaizdo \u012fra\u0161o ir nuotrauk\u0173 apra\u0161ym\u0105.<br \/>\nJei negalite pateikti \u012frodym\u0173, toki\u0173 kaip vaizdo \u012fra\u0161ai ir nuotraukos, prek\u0117s negali b\u016bti pakeistos.<\/p>","protected":false},"excerpt":{"rendered":"<p>Tas <strong data-start=\"4\" data-end=\"29\">Bang Vape 32000 i\u0161p\u016btim\u0173<\/strong> si\u016blo <strong data-start=\"37\" data-end=\"65\">ilgalaikiam veikimui<\/strong>, <strong data-start=\"67\" data-end=\"85\">intensyvus skonis<\/strong>, ir <strong data-start=\"93\" data-end=\"120\">didel\u0117s talpos 32 ml bakas<\/strong>, puikiai tinkantis <strong data-start=\"136\" data-end=\"165\">auk\u0161\u010diausios kokyb\u0117s garinimo patirt\u012f<\/strong>.<\/p>\n<p><img decoding=\"async\" class=\"alignnone wp-image-2151\" src=\"http:\/\/vapebulkp.com\/wp-content\/uploads\/2024\/04\/Mandy-WhatsApp-Randm.jpg\" alt=\"Mandy WhatsApp Atsitiktinis\" width=\"286\" height=\"304\" srcset=\"https:\/\/vapebulkp.com\/wp-content\/uploads\/2024\/04\/Mandy-WhatsApp-Randm.jpg 916w, https:\/\/vapebulkp.com\/wp-content\/uploads\/2024\/04\/Mandy-WhatsApp-Randm-282x300.jpg 282w, https:\/\/vapebulkp.com\/wp-content\/uploads\/2024\/04\/Mandy-WhatsApp-Randm-768x817.jpg 768w, https:\/\/vapebulkp.com\/wp-content\/uploads\/2024\/04\/Mandy-WhatsApp-Randm-600x638.jpg 600w\" sizes=\"(max-width: 286px) 100vw, 286px\" \/><\/p>\n<p>D\u0117l nuolaidos kainos susisiekite su Mandy per WhatsApp<a href=\"https:\/\/wa.me\/8618077105796\">+8618077105796<\/a><\/p>\n<p><span style=\"color: #ff0000\">PASTABA: Kainos m\u016bs\u0173 svetain\u0117je neapima siuntimo i\u0161laid\u0173<\/span><\/p>","protected":false},"featured_media":3475,"comment_status":"open","ping_status":"closed","template":"","meta":{"_uag_custom_page_level_css":"","_lmt_disableupdate":"no","_lmt_disable":"","site-sidebar-layout":"default","site-content-layout":"content-boxed-container","ast-site-content-layout":"normal-width-container","site-content-style":"boxed","site-sidebar-style":"unboxed","ast-global-header-display":"","ast-banner-title-visibility":"","ast-main-header-display":"","ast-hfb-above-header-display":"","ast-hfb-below-header-display":"","ast-hfb-mobile-header-display":"","site-post-title":"","ast-breadcrumbs-content":"","ast-featured-img":"","footer-sml-layout":"","theme-transparent-header-meta":"default","adv-header-id-meta":"","stick-header-meta":"","header-above-stick-meta":"","header-main-stick-meta":"","header-below-stick-meta":"","astra-migrate-meta-layouts":"set","_joinchat":[]},"product_cat":[188,153,345,155,33,59,100,87,34,158,157,154,152,58,84,156,63,32],"product_tag":[189,36,37,41,71,40],"class_list":["post-3470","product","type-product","status-publish","has-post-thumbnail","hentry","product_cat-32000-puffs-disposable-vape","product_cat-hot-disposable-vapes","product_cat-bang-vapes","product_cat-belgium-hot-disposable-vapes","product_cat-france-vape-hot-sale","product_cat-germany-hot-disposable-vape","product_cat-germany-wholesale-vape-shop","product_cat-minimum-order-quantity-50pcs","product_cat-netherlands-vape-good-sale","product_cat-norway-hot-disposable-vapes","product_cat-poland-hot-disposable-vapes","product_cat-portugal-hot-disposable-vapes","product_cat-spain-hot-disposable-vapes","product_cat-sweden-hot-disposable-vape","product_cat-sweden-wholesale-vape","product_cat-switzerland-hot-disposable-vapes","product_cat-top-sale-disposable-vape","product_cat-vape-hot-sale-this-week","product_tag-32000-puffs","product_tag-good-vape","product_tag-hot-sale-disposable-vape","product_tag-poland-hot-vape","product_tag-randm","product_tag-sweden-hot-vape","pa_brand-bang-vape","desktop-align-left","tablet-align-left","mobile-align-left"],"yoast_head":"<!-- This site is optimized with the Yoast SEO plugin v21.1 - https:\/\/yoast.com\/wordpress\/plugins\/seo\/ -->\n<title>Top-Selling Bang Vape 32000 Puffs Intense Flavor Impressive Durability - vapebulkp.com<\/title>\n<meta name=\"description\" content=\"Bulk Price Bang Vape 32000 Puffs with intense flavor, 32ml e-liquid capacity, and impressive durability. A premium disposable vape for lasting satisfaction.\" \/>\n<meta name=\"robots\" content=\"index, follow, max-snippet:-1, max-image-preview:large, max-video-preview:-1\" \/>\n<link rel=\"canonical\" href=\"https:\/\/vapebulkp.com\/lt\/produktas\/top-selling-bang-vape-32000-puffs-with-intense-flavor-and-impressive-durability\/\" \/>\n<meta property=\"og:locale\" content=\"lt_LT\" \/>\n<meta property=\"og:type\" content=\"article\" \/>\n<meta property=\"og:title\" content=\"Top-Selling Bang Vape 32000 Puffs Intense Flavor Impressive Durability - vapebulkp.com\" \/>\n<meta property=\"og:description\" content=\"Bulk Price Bang Vape 32000 Puffs with intense flavor, 32ml e-liquid capacity, and impressive durability. A premium disposable vape for lasting satisfaction.\" \/>\n<meta property=\"og:url\" content=\"https:\/\/vapebulkp.com\/lt\/produktas\/top-selling-bang-vape-32000-puffs-with-intense-flavor-and-impressive-durability\/\" \/>\n<meta property=\"og:site_name\" content=\"vapebulkp.com\" \/>\n<meta property=\"article:modified_time\" content=\"2025-09-16T09:26:37+00:00\" \/>\n<meta property=\"og:image\" content=\"http:\/\/vapebulkp.com\/wp-content\/uploads\/2025\/02\/Bang-Vape-32000Puffs-Top-Sale-Vape.webp\" \/>\n\t<meta property=\"og:image:width\" content=\"800\" \/>\n\t<meta property=\"og:image:height\" content=\"800\" \/>\n\t<meta property=\"og:image:type\" content=\"image\/webp\" \/>\n<meta name=\"twitter:card\" content=\"summary_large_image\" \/>\n<meta name=\"twitter:label1\" content=\"Est. reading time\" \/>\n\t<meta name=\"twitter:data1\" content=\"4 minut\u0117s\" \/>\n<script type=\"application\/ld+json\" class=\"yoast-schema-graph\">{\"@context\":\"https:\/\/schema.org\",\"@graph\":[{\"@type\":\"WebPage\",\"@id\":\"https:\/\/vapebulkp.com\/product\/top-selling-bang-vape-32000-puffs-with-intense-flavor-and-impressive-durability\/\",\"url\":\"https:\/\/vapebulkp.com\/product\/top-selling-bang-vape-32000-puffs-with-intense-flavor-and-impressive-durability\/\",\"name\":\"Top-Selling Bang Vape 32000 Puffs Intense Flavor Impressive Durability - vapebulkp.com\",\"isPartOf\":{\"@id\":\"https:\/\/vapebulkp.com\/#website\"},\"datePublished\":\"2025-02-18T06:36:23+00:00\",\"dateModified\":\"2025-09-16T09:26:37+00:00\",\"description\":\"Bulk Price Bang Vape 32000 Puffs with intense flavor, 32ml e-liquid capacity, and impressive durability. A premium disposable vape for lasting satisfaction.\",\"breadcrumb\":{\"@id\":\"https:\/\/vapebulkp.com\/product\/top-selling-bang-vape-32000-puffs-with-intense-flavor-and-impressive-durability\/#breadcrumb\"},\"inLanguage\":\"lt-LT\",\"potentialAction\":[{\"@type\":\"ReadAction\",\"target\":[\"https:\/\/vapebulkp.com\/product\/top-selling-bang-vape-32000-puffs-with-intense-flavor-and-impressive-durability\/\"]}]},{\"@type\":\"BreadcrumbList\",\"@id\":\"https:\/\/vapebulkp.com\/product\/top-selling-bang-vape-32000-puffs-with-intense-flavor-and-impressive-durability\/#breadcrumb\",\"itemListElement\":[{\"@type\":\"ListItem\",\"position\":1,\"name\":\"Home\",\"item\":\"https:\/\/vapebulkp.com\/\"},{\"@type\":\"ListItem\",\"position\":2,\"name\":\"Hot Trend Vapes\",\"item\":\"https:\/\/vapebulkp.com\/vape-shop\/\"},{\"@type\":\"ListItem\",\"position\":3,\"name\":\"Top-Selling Bang Vape 32000 Puffs Intense Flavor Impressive Durability\"}]},{\"@type\":\"WebSite\",\"@id\":\"https:\/\/vapebulkp.com\/#website\",\"url\":\"https:\/\/vapebulkp.com\/\",\"name\":\"vapebulkp.com\",\"description\":\"Buy Vape In Cheap Bulk Price Near you\",\"publisher\":{\"@id\":\"https:\/\/vapebulkp.com\/#organization\"},\"potentialAction\":[{\"@type\":\"SearchAction\",\"target\":{\"@type\":\"EntryPoint\",\"urlTemplate\":\"https:\/\/vapebulkp.com\/?s={search_term_string}\"},\"query-input\":\"required name=search_term_string\"}],\"inLanguage\":\"lt-LT\"},{\"@type\":\"Organization\",\"@id\":\"https:\/\/vapebulkp.com\/#organization\",\"name\":\"vapebulkp.com\",\"url\":\"https:\/\/vapebulkp.com\/\",\"logo\":{\"@type\":\"ImageObject\",\"inLanguage\":\"lt-LT\",\"@id\":\"https:\/\/vapebulkp.com\/#\/schema\/logo\/image\/\",\"url\":\"https:\/\/vapebulkp.com\/wp-content\/uploads\/2023\/09\/cropped-vapebulkp.png\",\"contentUrl\":\"https:\/\/vapebulkp.com\/wp-content\/uploads\/2023\/09\/cropped-vapebulkp.png\",\"width\":516,\"height\":163,\"caption\":\"vapebulkp.com\"},\"image\":{\"@id\":\"https:\/\/vapebulkp.com\/#\/schema\/logo\/image\/\"}}]}<\/script>\n<!-- \/ Yoast SEO plugin. -->","yoast_head_json":{"title":"Top-Selling Bang Vape 32000 Puffs Intense Flavor Impressive Durability - vapebulkp.com","description":"Bulk Price Bang Vape 32000 Puffs with intense flavor, 32ml e-liquid capacity, and impressive durability. A premium disposable vape for lasting satisfaction.","robots":{"index":"index","follow":"follow","max-snippet":"max-snippet:-1","max-image-preview":"max-image-preview:large","max-video-preview":"max-video-preview:-1"},"canonical":"https:\/\/vapebulkp.com\/lt\/produktas\/top-selling-bang-vape-32000-puffs-with-intense-flavor-and-impressive-durability\/","og_locale":"lt_LT","og_type":"article","og_title":"Top-Selling Bang Vape 32000 Puffs Intense Flavor Impressive Durability - vapebulkp.com","og_description":"Bulk Price Bang Vape 32000 Puffs with intense flavor, 32ml e-liquid capacity, and impressive durability. A premium disposable vape for lasting satisfaction.","og_url":"https:\/\/vapebulkp.com\/lt\/produktas\/top-selling-bang-vape-32000-puffs-with-intense-flavor-and-impressive-durability\/","og_site_name":"vapebulkp.com","article_modified_time":"2025-09-16T09:26:37+00:00","og_image":[{"width":800,"height":800,"url":"http:\/\/vapebulkp.com\/wp-content\/uploads\/2025\/02\/Bang-Vape-32000Puffs-Top-Sale-Vape.webp","type":"image\/webp"}],"twitter_card":"summary_large_image","twitter_misc":{"Est. reading time":"4 minut\u0117s"},"schema":{"@context":"https:\/\/schema.org","@graph":[{"@type":"WebPage","@id":"https:\/\/vapebulkp.com\/product\/top-selling-bang-vape-32000-puffs-with-intense-flavor-and-impressive-durability\/","url":"https:\/\/vapebulkp.com\/product\/top-selling-bang-vape-32000-puffs-with-intense-flavor-and-impressive-durability\/","name":"Top-Selling Bang Vape 32000 Puffs Intense Flavor Impressive Durability - vapebulkp.com","isPartOf":{"@id":"https:\/\/vapebulkp.com\/#website"},"datePublished":"2025-02-18T06:36:23+00:00","dateModified":"2025-09-16T09:26:37+00:00","description":"Bulk Price Bang Vape 32000 Puffs with intense flavor, 32ml e-liquid capacity, and impressive durability. A premium disposable vape for lasting satisfaction.","breadcrumb":{"@id":"https:\/\/vapebulkp.com\/product\/top-selling-bang-vape-32000-puffs-with-intense-flavor-and-impressive-durability\/#breadcrumb"},"inLanguage":"lt-LT","potentialAction":[{"@type":"ReadAction","target":["https:\/\/vapebulkp.com\/product\/top-selling-bang-vape-32000-puffs-with-intense-flavor-and-impressive-durability\/"]}]},{"@type":"BreadcrumbList","@id":"https:\/\/vapebulkp.com\/product\/top-selling-bang-vape-32000-puffs-with-intense-flavor-and-impressive-durability\/#breadcrumb","itemListElement":[{"@type":"ListItem","position":1,"name":"Home","item":"https:\/\/vapebulkp.com\/"},{"@type":"ListItem","position":2,"name":"Hot Trend Vapes","item":"https:\/\/vapebulkp.com\/vape-shop\/"},{"@type":"ListItem","position":3,"name":"Top-Selling Bang Vape 32000 Puffs Intense Flavor Impressive Durability"}]},{"@type":"WebSite","@id":"https:\/\/vapebulkp.com\/#website","url":"https:\/\/vapebulkp.com\/","name":"vapebulkp.com","description":"Buy Vape In Cheap Bulk Price Near you","publisher":{"@id":"https:\/\/vapebulkp.com\/#organization"},"potentialAction":[{"@type":"SearchAction","target":{"@type":"EntryPoint","urlTemplate":"https:\/\/vapebulkp.com\/?s={search_term_string}"},"query-input":"required name=search_term_string"}],"inLanguage":"lt-LT"},{"@type":"Organization","@id":"https:\/\/vapebulkp.com\/#organization","name":"vapebulkp.com","url":"https:\/\/vapebulkp.com\/","logo":{"@type":"ImageObject","inLanguage":"lt-LT","@id":"https:\/\/vapebulkp.com\/#\/schema\/logo\/image\/","url":"https:\/\/vapebulkp.com\/wp-content\/uploads\/2023\/09\/cropped-vapebulkp.png","contentUrl":"https:\/\/vapebulkp.com\/wp-content\/uploads\/2023\/09\/cropped-vapebulkp.png","width":516,"height":163,"caption":"vapebulkp.com"},"image":{"@id":"https:\/\/vapebulkp.com\/#\/schema\/logo\/image\/"}}]}},"uagb_featured_image_src":{"full":["https:\/\/vapebulkp.com\/wp-content\/uploads\/2025\/02\/Bang-Vape-32000Puffs-Top-Sale-Vape.webp",800,800,false],"thumbnail":["https:\/\/vapebulkp.com\/wp-content\/uploads\/2025\/02\/Bang-Vape-32000Puffs-Top-Sale-Vape-150x150.webp",150,150,true],"medium":["https:\/\/vapebulkp.com\/wp-content\/uploads\/2025\/02\/Bang-Vape-32000Puffs-Top-Sale-Vape-300x300.webp",300,300,true],"medium_large":["https:\/\/vapebulkp.com\/wp-content\/uploads\/2025\/02\/Bang-Vape-32000Puffs-Top-Sale-Vape-768x768.webp",768,768,true],"large":["https:\/\/vapebulkp.com\/wp-content\/uploads\/2025\/02\/Bang-Vape-32000Puffs-Top-Sale-Vape.webp",800,800,false],"1536x1536":["https:\/\/vapebulkp.com\/wp-content\/uploads\/2025\/02\/Bang-Vape-32000Puffs-Top-Sale-Vape.webp",800,800,false],"2048x2048":["https:\/\/vapebulkp.com\/wp-content\/uploads\/2025\/02\/Bang-Vape-32000Puffs-Top-Sale-Vape.webp",800,800,false],"trp-custom-language-flag":["https:\/\/vapebulkp.com\/wp-content\/uploads\/2025\/02\/Bang-Vape-32000Puffs-Top-Sale-Vape.webp",12,12,false],"woocommerce_thumbnail":["https:\/\/vapebulkp.com\/wp-content\/uploads\/2025\/02\/Bang-Vape-32000Puffs-Top-Sale-Vape-300x300.webp",300,300,true],"woocommerce_single":["https:\/\/vapebulkp.com\/wp-content\/uploads\/2025\/02\/Bang-Vape-32000Puffs-Top-Sale-Vape-600x600.webp",600,600,true],"woocommerce_gallery_thumbnail":["https:\/\/vapebulkp.com\/wp-content\/uploads\/2025\/02\/Bang-Vape-32000Puffs-Top-Sale-Vape-100x100.webp",100,100,true],"wcpr-photo-reviews":["https:\/\/vapebulkp.com\/wp-content\/uploads\/2025\/02\/Bang-Vape-32000Puffs-Top-Sale-Vape.webp",500,500,false]},"uagb_author_info":{"display_name":"Mandy vape bulk price","author_link":"https:\/\/vapebulkp.com\/lt\/author\/"},"uagb_comment_info":0,"uagb_excerpt":"The Bang Vape 32000 Puffs offers long-lasting performance, intense flavor, and a high-capacity 32ml tank, perfect for a premium vaping experience. Pls Contact Mandy's WhatsApp For Discount Price+8618077105796 NOTE: Prices on our website does not include shipping costs","_links":{"self":[{"href":"https:\/\/vapebulkp.com\/lt\/wp-json\/wp\/v2\/product\/3470","targetHints":{"allow":["GET"]}}],"collection":[{"href":"https:\/\/vapebulkp.com\/lt\/wp-json\/wp\/v2\/product"}],"about":[{"href":"https:\/\/vapebulkp.com\/lt\/wp-json\/wp\/v2\/types\/product"}],"replies":[{"embeddable":true,"href":"https:\/\/vapebulkp.com\/lt\/wp-json\/wp\/v2\/comments?post=3470"}],"wp:featuredmedia":[{"embeddable":true,"href":"https:\/\/vapebulkp.com\/lt\/wp-json\/wp\/v2\/media\/3475"}],"wp:attachment":[{"href":"https:\/\/vapebulkp.com\/lt\/wp-json\/wp\/v2\/media?parent=3470"}],"wp:term":[{"taxonomy":"product_cat","embeddable":true,"href":"https:\/\/vapebulkp.com\/lt\/wp-json\/wp\/v2\/product_cat?post=3470"},{"taxonomy":"product_tag","embeddable":true,"href":"https:\/\/vapebulkp.com\/lt\/wp-json\/wp\/v2\/product_tag?post=3470"}],"curies":[{"name":"wp","href":"https:\/\/api.w.org\/{rel}","templated":true}]}}