{"id":3519,"date":"2025-02-28T09:27:13","date_gmt":"2025-02-28T08:27:13","guid":{"rendered":"https:\/\/vapebulkp.com\/?post_type=product&#038;p=3519"},"modified":"2025-09-17T10:33:30","modified_gmt":"2025-09-17T08:33:30","slug":"jnr-mega-shisha-hookah-100000-puffs-high-capacity-long-lasting-vaping","status":"publish","type":"product","link":"https:\/\/vapebulkp.com\/lt\/product\/jnr-mega-shisha-hookah-100000-puffs-high-capacity-long-lasting-vaping\/","title":{"rendered":"JNR Mega Shisha Hookah 100000 Puffs didel\u0117s talpos ilgai veikiantis garinimas"},"content":{"rendered":"<h2 style=\"text-align: left\">JNR Mega Shisha Hookah 100000 Puffs didel\u0117s talpos ilgai veikiantis garinimas<\/h2>\n<p>&nbsp;<\/p>\n<p data-start=\"334\" data-end=\"690\">Tas <strong data-start=\"338\" data-end=\"393\">JNR Mega Shisha Hookah 100000 Puffs vienkartinis garintuvas<\/strong> yra <strong data-start=\"399\" data-end=\"427\">ilgalaikis garinimo prietaisas<\/strong> sukurtas garintojams, kurie nori maksimalios talpos ir auk\u0161\u010diausios kokyb\u0117s. Si\u016blantis iki 100 000 \u012fkv\u0117pim\u0173, \u0161is <strong data-start=\"531\" data-end=\"554\">auk\u0161\u010diausios kokyb\u0117s kaljanas<\/strong> yra sukurtas na\u0161umui, skoniui ir patogumui, tod\u0117l yra vienas galingiausi\u0173 variant\u0173, prieinam\u0173 <strong data-start=\"662\" data-end=\"687\">didmenin\u0117 vape Lietuva<\/strong>.<\/p>\n<p data-start=\"692\" data-end=\"994\">Varomas pa\u017eangia tinklelio rit\u0117s technologija, \u0161is <strong data-start=\"739\" data-end=\"764\">tinklelio rit\u0117s vape \u012frenginys<\/strong> gamina sodr\u0173 skon\u012f ir \u0161velnius d\u016bmus nuo pirmo iki paskutinio \u012fkv\u0117pimo. Sukurtas <strong data-start=\"850\" data-end=\"873\">DTL vienkartinis garintuvas<\/strong> vartotojams, jis suteikia tankius garus ir malon\u0173 gerkl\u0117s sm\u016bg\u012f, idealiai tinka tiek patyrusiems kaljano m\u0117g\u0117jams, tiek kasdieniams garintojams.<\/p>\n<p data-start=\"996\" data-end=\"1360\">\u012emontuotas i\u0161manusis ekranas rodo \u012fkv\u0117pim\u0173 skai\u010di\u0173 ir baterijos lyg\u012f, o kv\u0117puojanti lemput\u0117 suteikia stiling\u0105 akcent\u0105. Prietaisas taip pat turi dvigubus kandiklius bendram naudojimui ir saugumo apsaugas, u\u017etikrinan\u010dias ramyb\u0119. Su \u012fkraunamu dizainu, \u0161is <strong data-start=\"1239\" data-end=\"1271\">\u012fkraunam\u0173 vienkartini\u0173 vape<\/strong>\u00a0sujungia vienkartini\u0173 garintuv\u0173 patogum\u0105 su greito Type-C \u012fkrovimo patikimumu.<\/p>\n<p data-start=\"1362\" data-end=\"1581\">Puikiai tinka tiek individualiems vartotojams, tiek dideliems u\u017esakymams, <strong data-start=\"1417\" data-end=\"1472\">JNR Mega Shisha Kaljanas <a href=\"https:\/\/vapebulkp.com\/lt\/product-category\/100000-puffs-disposable-vape\/\">100000 \u012fkv\u0117pim\u0173 vienkartinis garintuvas<\/a><\/strong> si\u016blo neprilygstam\u0105 ilgaam\u017ei\u0161kum\u0105, auk\u0161\u010diausios kokyb\u0117s skonio perdavim\u0105 ir greit\u0105 siuntim\u0105 Lietuvoje ma\u017emenininkams ir platintojams.<\/p>\n<p>&nbsp;<\/p>\n<h6>D\u0117l nuolaidos kainos susisiekite su Mandy per WhatsApp<a href=\"https:\/\/wa.me\/8618077105796\">+8618077105796<\/a><\/h6>\n<p><img decoding=\"async\" class=\"alignnone wp-image-2151\" src=\"http:\/\/vapebulkp.com\/wp-content\/uploads\/2024\/04\/Mandy-WhatsApp-Randm.jpg\" alt=\"Mandy WhatsApp Atsitiktinis\" width=\"287\" height=\"305\" srcset=\"https:\/\/vapebulkp.com\/wp-content\/uploads\/2024\/04\/Mandy-WhatsApp-Randm.jpg 916w, https:\/\/vapebulkp.com\/wp-content\/uploads\/2024\/04\/Mandy-WhatsApp-Randm-282x300.jpg 282w, https:\/\/vapebulkp.com\/wp-content\/uploads\/2024\/04\/Mandy-WhatsApp-Randm-768x817.jpg 768w, https:\/\/vapebulkp.com\/wp-content\/uploads\/2024\/04\/Mandy-WhatsApp-Randm-600x638.jpg 600w\" sizes=\"(max-width: 287px) 100vw, 287px\" \/><\/p>\n<h2><strong>Kod\u0117l verta rinktis <\/strong><strong>JNR Mega Shisha Hookah 100k \u012fkv\u0117pim\u0173 vienkartinis garintuvas, auk\u0161\u010diausios kokyb\u0117s garai <\/strong><strong>\u00a0Vapebulkp.com?<\/strong><\/h2>\n<p data-start=\"169\" data-end=\"469\">Tas <strong data-start=\"173\" data-end=\"229\">JNR Mega Shisha Hookah 100 000 \u012fp\u016btim\u0173 vienkartinis garintuvas<\/strong> si\u016blo nepaprast\u0105 garinimo patirt\u012f, neprilygstam\u0105 kokybe ir patogumu. I\u0161skirtinai galima \u012fsigyti tik <strong data-start=\"343\" data-end=\"360\">Vapebulkp.com<\/strong>, \u0161is auk\u0161\u010diausios klas\u0117s prietaisas skirtas tiems, kurie siekia puikios gar\u0173 gamybos ir ilgalaikio pasitenkinimo.<\/p>\n<ul data-start=\"471\" data-end=\"1741\">\n<li data-start=\"471\" data-end=\"785\">\n<p data-start=\"473\" data-end=\"785\"><strong data-start=\"473\" data-end=\"502\">I\u0161skirtin\u0117 gar\u0173 kokyb\u0117<\/strong>: Su pa\u017eangia tinklelio rit\u0117s technologija, JNR Mega gamina <strong data-start=\"571\" data-end=\"607\">i\u0161skirtinai lyg\u0173, sodr\u0173 gar\u0105<\/strong>, suteikdami auk\u0161\u010diausios klas\u0117s garinimo patirt\u012f su kiekvienu \u012fp\u016btimu.<\/p>\n<\/li>\n<li data-start=\"787\" data-end=\"1010\">\n<p data-start=\"789\" data-end=\"1010\"><strong data-start=\"789\" data-end=\"814\">Ne\u012ftik\u0117tinas \u012fp\u016btim\u0173 skai\u010dius<\/strong>: su <strong data-start=\"821\" data-end=\"838\">100 000 \u012fkv\u0117pim\u0173<\/strong>, JNR Mega yra vienas i\u0161 ilgiausiai veikian\u010di\u0173 vienkartini\u0173 garintuv\u0173. Atsisveikinkite su da\u017enais keitimais ir m\u0117gaukit\u0117s ilga bei be r\u016bpes\u010di\u0173 garinimo patirtimi.<\/p>\n<\/li>\n<li data-start=\"1012\" data-end=\"1343\">\n<p data-start=\"1014\" data-end=\"1343\"><strong data-start=\"1014\" data-end=\"1054\">Inovatyvus dizainas ir i\u0161maniosios funkcijos<\/strong>: Prietaisas turi <strong data-start=\"1078\" data-end=\"1094\">i\u0161manusis ekranas<\/strong> skirt\u0105 steb\u0117ti j\u016bs\u0173 naudojim\u0105 ir <strong data-start=\"1125\" data-end=\"1144\">kv\u0117pavimo \u0161vies\u0105<\/strong> stilingai, vizualiai patraukliai patir\u010diai.<\/p>\n<\/li>\n<li data-start=\"1345\" data-end=\"1522\">\n<p data-start=\"1347\" data-end=\"1522\"><strong data-start=\"1347\" data-end=\"1378\">Tiesioginis \u012f plau\u010dius (DTL) garinimas<\/strong>: Sukurtas <strong data-start=\"1395\" data-end=\"1409\">DTL garinimas<\/strong>, \u0161is prietaisas u\u017etikrina intensyv\u0173 ir pasitenkinim\u0105 teikiant\u012f \u012fp\u016btim\u0105, puikiai tinkant\u012f garintojams, m\u0117gstantiems didesnius debesis ir gilesnius \u012fkv\u0117pimus.<\/p>\n<\/li>\n<\/ul>\n<h3><\/h3>\n<div class=\"mb-2 flex gap-3 empty:hidden -ml-2\">\n<div class=\"items-center justify-start rounded-xl p-1 flex\">\n<h2><strong>Prabangi\u0173 vape ra\u0161ikli\u0173 specifikacijos <\/strong><strong>JNR Mega Shisha Kaljanas 100 t\u016bkst. P\u016b\u010di\u0173<\/strong><\/h2>\n<ul>\n<li><strong data-start=\"117\" data-end=\"149\">Stalin\u0117s kaljano suderinamumas<\/strong> \u2013 Sukurta skland\u017eiam integravimui su j\u016bs\u0173 stalo \u012franga.<\/li>\n<li><strong data-start=\"215\" data-end=\"246\" data-is-only-node=\"\">DTL (tiesioginis \u012f plau\u010dius) garinimas<\/strong> \u2013 Optimizuotas skland\u017eiam ir intensyviam gar\u0173 gamybai.<\/li>\n<li><strong data-start=\"304\" data-end=\"323\">Kv\u0117pavimo \u0161viesa<\/strong> \u2013 Stilingas, dinami\u0161kas ap\u0161vietimo efektas, kuris suteikia \u017eavesio j\u016bs\u0173 garinimo patir\u010diai.<\/li>\n<li><strong data-start=\"406\" data-end=\"422\">I\u0161manusis ekranas<\/strong> \u2013 Patogi naudotojo s\u0105saja, rodanti svarbiausi\u0105 informacij\u0105 apie garinim\u0105.<\/li>\n<li><strong data-start=\"494\" data-end=\"513\">Dvigubas kandiklis<\/strong> \u2013 M\u0117gaukit\u0117s garinimu su draugu naudodami dvigubo kandiklio dizain\u0105.<\/li>\n<li><strong data-start=\"581\" data-end=\"607\">Maksimalus 8s garinimo laikas<\/strong> \u2013 Ilgi d\u016bmai maloniam garinimo seansui.<\/li>\n<\/ul>\n<\/div>\n<\/div>\n<h2 style=\"text-align: left\"><strong>JNR Mega Shisha Hookah 100 000 d\u016bm\u0173 garintuvai. Auk\u0161tos kokyb\u0117s kaitinimo sistemos skoni\u0173 s\u0105ra\u0161as:<\/strong><\/h2>\n<p>1.Dvi obuoli\u0173<br \/>\n2.Meil\u0117 66<br \/>\n3. Lady Killa<br \/>\n4.Bra\u0161ki\u0173 pun\u0161as<br \/>\n5.Sodrus ledas<br \/>\n6.Vynuogi\u0173 m\u0117ta<br \/>\n7.Magi\u0161ka meil\u0117<br \/>\n8.Persik\u0173 ledas<br \/>\n9. M\u0117lyni\u0173 ledas<br \/>\n10.Havajai<br \/>\n11.Kiviai, pasifloros ir gvajavos<br \/>\n12. Mi Amor<\/p>\n<p><a href=\"https:\/\/vapebulkp.com\/lt\/product\/waspe-vape-40000-puff-fihp-double-flavour-disposable-vape\/\"><span style=\"vertical-align: inherit\">WASPE 40000 P\u016btimo<\/span><\/a><\/p>\n<p><span style=\"vertical-align: inherit\">Raskite daugiau produkt\u0173, kurie jums gali patikti:<\/span><em><a href=\"https:\/\/wa.me\/8618077105796\"><span style=\"vertical-align: inherit\">\u00a0Pirkti dabar<\/span><\/a><\/em><\/p>\n<p><span style=\"vertical-align: inherit\">Kiti \u012ftraukimai, kurie jums gali patikti:<\/span><a href=\"https:\/\/vapebulkp.com\/lt\/product\/uzy-bang-king-12k-disposable-vape-affordable-price\/\"><span style=\"vertical-align: inherit\">UZY Bang King 12000 \u012ftraukim\u0173<\/span><\/a><span style=\"vertical-align: inherit\">\u3001<\/span><a href=\"https:\/\/vapebulkp.com\/lt\/product\/wholesale-randm-tornado-9000-puffs-germany\/\"><span style=\"vertical-align: inherit\">RandM 9000 d\u016bm\u0173<\/span><\/a><span style=\"vertical-align: inherit\">\/ <\/span><a href=\"https:\/\/vapebulkp.com\/lt\/product\/uwin-crystal-10k-puff-long-lasting-disposable-vape-for-europe\/\"><span style=\"vertical-align: inherit\">UWIN Crystal 7000 \u012ftraukim\u0173<\/span><\/a><span style=\"vertical-align: inherit\">\/ <\/span><a href=\"https:\/\/vapebulkp.com\/lt\/product\/jnr-vape-watch-18-30k-puffs-2-nic-wholesale-price-disposable-vape\/\"><span style=\"vertical-align: inherit\">JNR VAPE WATCH 30K D\u016aM\u0172\u00a0<\/span><\/a><\/p>\n<p><span style=\"vertical-align: inherit\">Ypatingos formos elektronini\u0173 cigare\u010di\u0173 buteliukas:<\/span><a href=\"https:\/\/vapebulkp.com\/lt\/product\/randm-fumot-tornado-30k-puffs-rechargeable-vapes-best-sale\/\"><span style=\"vertical-align: inherit\"> Fumot Tornado 30000 \u012ekv\u0117pim\u0173<\/span><\/a><span style=\"vertical-align: inherit\">\/ <\/span><a href=\"https:\/\/vapebulkp.com\/lt\/product\/jnr-alien-10000-puffs-randm-vape-wholesale-price\/\"><span style=\"vertical-align: inherit\">\u00a0JNR Alien 10000 \u012ftraukim\u0173 <\/span><\/a><span style=\"vertical-align: inherit\">\/<\/span><a href=\"https:\/\/vapebulkp.com\/lt\/product\/fumot-tornado-25k-puffs-cheap-price-disposable-vape\/\"><span style=\"vertical-align: inherit\"> Fumot tornado vape 25k d\u016bm\u0173<\/span><\/a><\/p>\n<p>&nbsp;<\/p>\n<h3><strong>Pristatymo detal\u0117s<\/strong>:<\/h3>\n<ul>\n<li><strong>Apdorojimo laikas<\/strong>: 5-10 darbo dien\u0173<\/li>\n<li><strong>Pristatymo laikas<\/strong>: 8-14 darbo dien\u0173<\/li>\n<li><strong>Logistikos kanalai<\/strong>: Mes naudojame patikimus ve\u017e\u0117jus, tokius kaip <strong>UPS, DHL ir FedEx<\/strong> saugiam pristatymui.<\/li>\n<li><strong>Pristatymas Europoje<\/strong>: U\u017esakymai \u012f Europos \u0161alis paprastai atvyksta per 12\u201315 darbo dien\u0173.<\/li>\n<\/ul>","protected":false},"excerpt":{"rendered":"<ul>\n<li data-start=\"90\" data-end=\"194\"><strong data-start=\"93\" data-end=\"194\">JNR Mega Shisha Hookah 100k Puffs Vape Pods \u2013 auk\u0161\u010diausios kokyb\u0117s vienkartinis garintuvas su pa\u017eangia tinklelio rit\u0117s technologija<\/strong><\/li>\n<li data-start=\"195\" data-end=\"303\"><strong data-start=\"198\" data-end=\"303\">JNR Mega Shisha Hookah 100000 Puff garintuvai \u2013 ilgalaik\u0117, didel\u0117s talpos garinimo patirtis \u017einovams<\/strong><\/li>\n<li data-start=\"304\" data-end=\"412\"><strong data-start=\"307\" data-end=\"410\">JNR Mega Shisha Hookah 100,000 Puffs \u2013 prabangus, didelio na\u0161umo garintuvas su dvigubo kandiklio dizainu<\/strong><\/li>\n<\/ul>\n<p><img decoding=\"async\" class=\"alignnone wp-image-2151\" src=\"http:\/\/vapebulkp.com\/wp-content\/uploads\/2024\/04\/Mandy-WhatsApp-Randm.jpg\" alt=\"Mandy WhatsApp Atsitiktinis\" width=\"234\" height=\"249\" srcset=\"https:\/\/vapebulkp.com\/wp-content\/uploads\/2024\/04\/Mandy-WhatsApp-Randm.jpg 916w, https:\/\/vapebulkp.com\/wp-content\/uploads\/2024\/04\/Mandy-WhatsApp-Randm-282x300.jpg 282w, https:\/\/vapebulkp.com\/wp-content\/uploads\/2024\/04\/Mandy-WhatsApp-Randm-768x817.jpg 768w, https:\/\/vapebulkp.com\/wp-content\/uploads\/2024\/04\/Mandy-WhatsApp-Randm-600x638.jpg 600w\" sizes=\"(max-width: 234px) 100vw, 234px\" \/><\/p>\n<p>D\u0117l nuolaidos kainos susisiekite su Mandy per WhatsApp<a href=\"https:\/\/wa.me\/8618077105796\">+8618077105796<\/a><\/p>\n<p><span style=\"color: #ff0000\">PASTABA: Kainos m\u016bs\u0173 svetain\u0117je neapima siuntimo i\u0161laid\u0173<\/span><\/p>\n<p>&nbsp;<\/p>","protected":false},"featured_media":3513,"comment_status":"open","ping_status":"closed","template":"","meta":{"_uag_custom_page_level_css":"","_lmt_disableupdate":"no","_lmt_disable":"","site-sidebar-layout":"default","site-content-layout":"content-boxed-container","ast-site-content-layout":"normal-width-container","site-content-style":"boxed","site-sidebar-style":"unboxed","ast-global-header-display":"","ast-banner-title-visibility":"","ast-main-header-display":"","ast-hfb-above-header-display":"","ast-hfb-below-header-display":"","ast-hfb-mobile-header-display":"","site-post-title":"","ast-breadcrumbs-content":"","ast-featured-img":"","footer-sml-layout":"","theme-transparent-header-meta":"default","adv-header-id-meta":"","stick-header-meta":"","header-above-stick-meta":"","header-main-stick-meta":"","header-below-stick-meta":"","astra-migrate-meta-layouts":"set","_joinchat":[]},"product_cat":[153,155,33,59,100,353,34,158,157,154,152,58,84,156,63,32],"product_tag":[36,37,206,41,40],"class_list":["post-3519","product","type-product","status-publish","has-post-thumbnail","hentry","product_cat-hot-disposable-vapes","product_cat-belgium-hot-disposable-vapes","product_cat-france-vape-hot-sale","product_cat-germany-hot-disposable-vape","product_cat-germany-wholesale-vape-shop","product_cat-jnr-vape","product_cat-netherlands-vape-good-sale","product_cat-norway-hot-disposable-vapes","product_cat-poland-hot-disposable-vapes","product_cat-portugal-hot-disposable-vapes","product_cat-spain-hot-disposable-vapes","product_cat-sweden-hot-disposable-vape","product_cat-sweden-wholesale-vape","product_cat-switzerland-hot-disposable-vapes","product_cat-top-sale-disposable-vape","product_cat-vape-hot-sale-this-week","product_tag-good-vape","product_tag-hot-sale-disposable-vape","product_tag-jnr-power-mate-30000-puffs","product_tag-poland-hot-vape","product_tag-sweden-hot-vape","pa_brand-jnr-vape","desktop-align-left","tablet-align-left","mobile-align-left"],"yoast_head":"<!-- This site is optimized with the Yoast SEO plugin v21.1 - https:\/\/yoast.com\/wordpress\/plugins\/seo\/ -->\n<title>JNR Mega Shisha Hookah 100000 Puffs High Capacity Long-Lasting Vaping - vapebulkp.com % %<\/title>\n<meta name=\"description\" content=\"JNR Mega Shisha Hookah 100000 Puffs offers long-lasting, high-capacity vaping with premium flavors and smooth performance for ultimate satisfaction.\" \/>\n<meta name=\"robots\" content=\"index, follow, max-snippet:-1, max-image-preview:large, max-video-preview:-1\" \/>\n<link rel=\"canonical\" href=\"https:\/\/vapebulkp.com\/lt\/product\/jnr-mega-shisha-hookah-100000-puffs-high-capacity-long-lasting-vaping\/\" \/>\n<meta property=\"og:locale\" content=\"lt_LT\" \/>\n<meta property=\"og:type\" content=\"article\" \/>\n<meta property=\"og:title\" content=\"JNR Mega Shisha Hookah 100000 Puffs High Capacity Long-Lasting Vaping - vapebulkp.com % %\" \/>\n<meta property=\"og:description\" content=\"JNR Mega Shisha Hookah 100000 Puffs offers long-lasting, high-capacity vaping with premium flavors and smooth performance for ultimate satisfaction.\" \/>\n<meta property=\"og:url\" content=\"https:\/\/vapebulkp.com\/lt\/product\/jnr-mega-shisha-hookah-100000-puffs-high-capacity-long-lasting-vaping\/\" \/>\n<meta property=\"og:site_name\" content=\"vapebulkp.com\" \/>\n<meta property=\"article:modified_time\" content=\"2025-09-17T08:33:30+00:00\" \/>\n<meta property=\"og:image\" content=\"http:\/\/vapebulkp.com\/wp-content\/uploads\/2025\/02\/JNR-Mega-100000-Puffs-Shisha-Hookah-High-Capacity-Disposable-Vape-for-Ultimate-Enjoyment.webp\" \/>\n\t<meta property=\"og:image:width\" content=\"800\" \/>\n\t<meta property=\"og:image:height\" content=\"800\" \/>\n\t<meta property=\"og:image:type\" content=\"image\/webp\" \/>\n<meta name=\"twitter:card\" content=\"summary_large_image\" \/>\n<meta name=\"twitter:label1\" content=\"Est. reading time\" \/>\n\t<meta name=\"twitter:data1\" content=\"3 minut\u0117s\" \/>\n<script type=\"application\/ld+json\" class=\"yoast-schema-graph\">{\"@context\":\"https:\/\/schema.org\",\"@graph\":[{\"@type\":\"WebPage\",\"@id\":\"https:\/\/vapebulkp.com\/product\/jnr-mega-shisha-hookah-100000-puffs-high-capacity-long-lasting-vaping\/\",\"url\":\"https:\/\/vapebulkp.com\/product\/jnr-mega-shisha-hookah-100000-puffs-high-capacity-long-lasting-vaping\/\",\"name\":\"JNR Mega Shisha Hookah 100000 Puffs High Capacity Long-Lasting Vaping - vapebulkp.com % %\",\"isPartOf\":{\"@id\":\"https:\/\/vapebulkp.com\/#website\"},\"datePublished\":\"2025-02-28T08:27:13+00:00\",\"dateModified\":\"2025-09-17T08:33:30+00:00\",\"description\":\"JNR Mega Shisha Hookah 100000 Puffs offers long-lasting, high-capacity vaping with premium flavors and smooth performance for ultimate satisfaction.\",\"breadcrumb\":{\"@id\":\"https:\/\/vapebulkp.com\/product\/jnr-mega-shisha-hookah-100000-puffs-high-capacity-long-lasting-vaping\/#breadcrumb\"},\"inLanguage\":\"lt-LT\",\"potentialAction\":[{\"@type\":\"ReadAction\",\"target\":[\"https:\/\/vapebulkp.com\/product\/jnr-mega-shisha-hookah-100000-puffs-high-capacity-long-lasting-vaping\/\"]}]},{\"@type\":\"BreadcrumbList\",\"@id\":\"https:\/\/vapebulkp.com\/product\/jnr-mega-shisha-hookah-100000-puffs-high-capacity-long-lasting-vaping\/#breadcrumb\",\"itemListElement\":[{\"@type\":\"ListItem\",\"position\":1,\"name\":\"Home\",\"item\":\"https:\/\/vapebulkp.com\/\"},{\"@type\":\"ListItem\",\"position\":2,\"name\":\"Hot Trend Vapes\",\"item\":\"https:\/\/vapebulkp.com\/vape-shop\/\"},{\"@type\":\"ListItem\",\"position\":3,\"name\":\"JNR Mega Shisha Hookah 100000 Puffs High Capacity Long-Lasting Vaping\"}]},{\"@type\":\"WebSite\",\"@id\":\"https:\/\/vapebulkp.com\/#website\",\"url\":\"https:\/\/vapebulkp.com\/\",\"name\":\"vapebulkp.com\",\"description\":\"Buy Vape In Cheap Bulk Price Near you\",\"publisher\":{\"@id\":\"https:\/\/vapebulkp.com\/#organization\"},\"potentialAction\":[{\"@type\":\"SearchAction\",\"target\":{\"@type\":\"EntryPoint\",\"urlTemplate\":\"https:\/\/vapebulkp.com\/?s={search_term_string}\"},\"query-input\":\"required name=search_term_string\"}],\"inLanguage\":\"lt-LT\"},{\"@type\":\"Organization\",\"@id\":\"https:\/\/vapebulkp.com\/#organization\",\"name\":\"vapebulkp.com\",\"url\":\"https:\/\/vapebulkp.com\/\",\"logo\":{\"@type\":\"ImageObject\",\"inLanguage\":\"lt-LT\",\"@id\":\"https:\/\/vapebulkp.com\/#\/schema\/logo\/image\/\",\"url\":\"https:\/\/vapebulkp.com\/wp-content\/uploads\/2023\/09\/cropped-vapebulkp.png\",\"contentUrl\":\"https:\/\/vapebulkp.com\/wp-content\/uploads\/2023\/09\/cropped-vapebulkp.png\",\"width\":516,\"height\":163,\"caption\":\"vapebulkp.com\"},\"image\":{\"@id\":\"https:\/\/vapebulkp.com\/#\/schema\/logo\/image\/\"}}]}<\/script>\n<!-- \/ Yoast SEO plugin. -->","yoast_head_json":{"title":"JNR Mega Shisha Hookah 100000 Puffs High Capacity Long-Lasting Vaping - vapebulkp.com % %","description":"JNR Mega Shisha Hookah 100000 Puffs offers long-lasting, high-capacity vaping with premium flavors and smooth performance for ultimate satisfaction.","robots":{"index":"index","follow":"follow","max-snippet":"max-snippet:-1","max-image-preview":"max-image-preview:large","max-video-preview":"max-video-preview:-1"},"canonical":"https:\/\/vapebulkp.com\/lt\/product\/jnr-mega-shisha-hookah-100000-puffs-high-capacity-long-lasting-vaping\/","og_locale":"lt_LT","og_type":"article","og_title":"JNR Mega Shisha Hookah 100000 Puffs High Capacity Long-Lasting Vaping - vapebulkp.com % %","og_description":"JNR Mega Shisha Hookah 100000 Puffs offers long-lasting, high-capacity vaping with premium flavors and smooth performance for ultimate satisfaction.","og_url":"https:\/\/vapebulkp.com\/lt\/product\/jnr-mega-shisha-hookah-100000-puffs-high-capacity-long-lasting-vaping\/","og_site_name":"vapebulkp.com","article_modified_time":"2025-09-17T08:33:30+00:00","og_image":[{"width":800,"height":800,"url":"http:\/\/vapebulkp.com\/wp-content\/uploads\/2025\/02\/JNR-Mega-100000-Puffs-Shisha-Hookah-High-Capacity-Disposable-Vape-for-Ultimate-Enjoyment.webp","type":"image\/webp"}],"twitter_card":"summary_large_image","twitter_misc":{"Est. reading time":"3 minut\u0117s"},"schema":{"@context":"https:\/\/schema.org","@graph":[{"@type":"WebPage","@id":"https:\/\/vapebulkp.com\/product\/jnr-mega-shisha-hookah-100000-puffs-high-capacity-long-lasting-vaping\/","url":"https:\/\/vapebulkp.com\/product\/jnr-mega-shisha-hookah-100000-puffs-high-capacity-long-lasting-vaping\/","name":"JNR Mega Shisha Hookah 100000 Puffs High Capacity Long-Lasting Vaping - vapebulkp.com % %","isPartOf":{"@id":"https:\/\/vapebulkp.com\/#website"},"datePublished":"2025-02-28T08:27:13+00:00","dateModified":"2025-09-17T08:33:30+00:00","description":"JNR Mega Shisha Hookah 100000 Puffs offers long-lasting, high-capacity vaping with premium flavors and smooth performance for ultimate satisfaction.","breadcrumb":{"@id":"https:\/\/vapebulkp.com\/product\/jnr-mega-shisha-hookah-100000-puffs-high-capacity-long-lasting-vaping\/#breadcrumb"},"inLanguage":"lt-LT","potentialAction":[{"@type":"ReadAction","target":["https:\/\/vapebulkp.com\/product\/jnr-mega-shisha-hookah-100000-puffs-high-capacity-long-lasting-vaping\/"]}]},{"@type":"BreadcrumbList","@id":"https:\/\/vapebulkp.com\/product\/jnr-mega-shisha-hookah-100000-puffs-high-capacity-long-lasting-vaping\/#breadcrumb","itemListElement":[{"@type":"ListItem","position":1,"name":"Home","item":"https:\/\/vapebulkp.com\/"},{"@type":"ListItem","position":2,"name":"Hot Trend Vapes","item":"https:\/\/vapebulkp.com\/vape-shop\/"},{"@type":"ListItem","position":3,"name":"JNR Mega Shisha Hookah 100000 Puffs High Capacity Long-Lasting Vaping"}]},{"@type":"WebSite","@id":"https:\/\/vapebulkp.com\/#website","url":"https:\/\/vapebulkp.com\/","name":"vapebulkp.com","description":"Buy Vape In Cheap Bulk Price Near you","publisher":{"@id":"https:\/\/vapebulkp.com\/#organization"},"potentialAction":[{"@type":"SearchAction","target":{"@type":"EntryPoint","urlTemplate":"https:\/\/vapebulkp.com\/?s={search_term_string}"},"query-input":"required name=search_term_string"}],"inLanguage":"lt-LT"},{"@type":"Organization","@id":"https:\/\/vapebulkp.com\/#organization","name":"vapebulkp.com","url":"https:\/\/vapebulkp.com\/","logo":{"@type":"ImageObject","inLanguage":"lt-LT","@id":"https:\/\/vapebulkp.com\/#\/schema\/logo\/image\/","url":"https:\/\/vapebulkp.com\/wp-content\/uploads\/2023\/09\/cropped-vapebulkp.png","contentUrl":"https:\/\/vapebulkp.com\/wp-content\/uploads\/2023\/09\/cropped-vapebulkp.png","width":516,"height":163,"caption":"vapebulkp.com"},"image":{"@id":"https:\/\/vapebulkp.com\/#\/schema\/logo\/image\/"}}]}},"uagb_featured_image_src":{"full":["https:\/\/vapebulkp.com\/wp-content\/uploads\/2025\/02\/JNR-Mega-100000-Puffs-Shisha-Hookah-High-Capacity-Disposable-Vape-for-Ultimate-Enjoyment.webp",800,800,false],"thumbnail":["https:\/\/vapebulkp.com\/wp-content\/uploads\/2025\/02\/JNR-Mega-100000-Puffs-Shisha-Hookah-High-Capacity-Disposable-Vape-for-Ultimate-Enjoyment-150x150.webp",150,150,true],"medium":["https:\/\/vapebulkp.com\/wp-content\/uploads\/2025\/02\/JNR-Mega-100000-Puffs-Shisha-Hookah-High-Capacity-Disposable-Vape-for-Ultimate-Enjoyment-300x300.webp",300,300,true],"medium_large":["https:\/\/vapebulkp.com\/wp-content\/uploads\/2025\/02\/JNR-Mega-100000-Puffs-Shisha-Hookah-High-Capacity-Disposable-Vape-for-Ultimate-Enjoyment-768x768.webp",768,768,true],"large":["https:\/\/vapebulkp.com\/wp-content\/uploads\/2025\/02\/JNR-Mega-100000-Puffs-Shisha-Hookah-High-Capacity-Disposable-Vape-for-Ultimate-Enjoyment.webp",800,800,false],"1536x1536":["https:\/\/vapebulkp.com\/wp-content\/uploads\/2025\/02\/JNR-Mega-100000-Puffs-Shisha-Hookah-High-Capacity-Disposable-Vape-for-Ultimate-Enjoyment.webp",800,800,false],"2048x2048":["https:\/\/vapebulkp.com\/wp-content\/uploads\/2025\/02\/JNR-Mega-100000-Puffs-Shisha-Hookah-High-Capacity-Disposable-Vape-for-Ultimate-Enjoyment.webp",800,800,false],"trp-custom-language-flag":["https:\/\/vapebulkp.com\/wp-content\/uploads\/2025\/02\/JNR-Mega-100000-Puffs-Shisha-Hookah-High-Capacity-Disposable-Vape-for-Ultimate-Enjoyment.webp",12,12,false],"woocommerce_thumbnail":["https:\/\/vapebulkp.com\/wp-content\/uploads\/2025\/02\/JNR-Mega-100000-Puffs-Shisha-Hookah-High-Capacity-Disposable-Vape-for-Ultimate-Enjoyment-300x300.webp",300,300,true],"woocommerce_single":["https:\/\/vapebulkp.com\/wp-content\/uploads\/2025\/02\/JNR-Mega-100000-Puffs-Shisha-Hookah-High-Capacity-Disposable-Vape-for-Ultimate-Enjoyment-600x600.webp",600,600,true],"woocommerce_gallery_thumbnail":["https:\/\/vapebulkp.com\/wp-content\/uploads\/2025\/02\/JNR-Mega-100000-Puffs-Shisha-Hookah-High-Capacity-Disposable-Vape-for-Ultimate-Enjoyment-100x100.webp",100,100,true],"wcpr-photo-reviews":["https:\/\/vapebulkp.com\/wp-content\/uploads\/2025\/02\/JNR-Mega-100000-Puffs-Shisha-Hookah-High-Capacity-Disposable-Vape-for-Ultimate-Enjoyment.webp",500,500,false]},"uagb_author_info":{"display_name":"Mandy vape bulk price","author_link":"https:\/\/vapebulkp.com\/lt\/author\/"},"uagb_comment_info":0,"uagb_excerpt":"JNR Mega Shisha Hookah 100k Puffs Vape Pods\u2013 Premium Disposable Vape with Advanced Mesh Coil Technology JNR Mega Shisha Hookah 100000 Puff vapes\u2013 Long-Lasting, High-Capacity Vaping Experience for Connoisseurs JNR Mega Shisha Hookah 100,000 Puffs \u2013 Luxurious, High-Performance Vape with Dual Mouthpiece Design Pls Contact Mandy's WhatsApp For Discount Price+8618077105796 NOTE: Prices on our website&hellip;","_links":{"self":[{"href":"https:\/\/vapebulkp.com\/lt\/wp-json\/wp\/v2\/product\/3519","targetHints":{"allow":["GET"]}}],"collection":[{"href":"https:\/\/vapebulkp.com\/lt\/wp-json\/wp\/v2\/product"}],"about":[{"href":"https:\/\/vapebulkp.com\/lt\/wp-json\/wp\/v2\/types\/product"}],"replies":[{"embeddable":true,"href":"https:\/\/vapebulkp.com\/lt\/wp-json\/wp\/v2\/comments?post=3519"}],"wp:featuredmedia":[{"embeddable":true,"href":"https:\/\/vapebulkp.com\/lt\/wp-json\/wp\/v2\/media\/3513"}],"wp:attachment":[{"href":"https:\/\/vapebulkp.com\/lt\/wp-json\/wp\/v2\/media?parent=3519"}],"wp:term":[{"taxonomy":"product_cat","embeddable":true,"href":"https:\/\/vapebulkp.com\/lt\/wp-json\/wp\/v2\/product_cat?post=3519"},{"taxonomy":"product_tag","embeddable":true,"href":"https:\/\/vapebulkp.com\/lt\/wp-json\/wp\/v2\/product_tag?post=3519"}],"curies":[{"name":"wp","href":"https:\/\/api.w.org\/{rel}","templated":true}]}}