{"id":3700,"date":"2025-04-23T09:53:13","date_gmt":"2025-04-23T07:53:13","guid":{"rendered":"https:\/\/vapebulkp.com\/?post_type=product&#038;p=3700"},"modified":"2025-09-17T10:38:27","modified_gmt":"2025-09-17T08:38:27","slug":"vapme-digital-30000-puffs-disposable-vape-with-smart-screen","status":"publish","type":"product","link":"https:\/\/vapebulkp.com\/lt\/product\/vapme-digital-30000-puffs-disposable-vape-with-smart-screen\/","title":{"rendered":"Vapme Digital 30000 p\u016btim\u0173 vienkartinis garintuvas su i\u0161maniuoju ekranu"},"content":{"rendered":"<h2>Vapme Digital 30000 p\u016btim\u0173 vienkartinis garintuvas su i\u0161maniuoju ekranu<\/h2>\n<p data-start=\"587\" data-end=\"880\">Tas <strong data-start=\"591\" data-end=\"620\">Vapme Digital 30000 R\u016bkal\u0173<\/strong> yra naujos kartos <a href=\"https:\/\/vapebulkp.com\/lt\/product-category\/30000-puff-disposable-vape\/\"><strong data-start=\"642\" data-end=\"673\">30000 Puffs vienkartinis garintuvas<\/strong><\/a> sukurtas Lietuvos rinkai. Sukurtas kaip <strong data-start=\"721\" data-end=\"746\">ilgalaikis garinimo ra\u0161iklis<\/strong>, jis u\u017etikrina nuosekl\u0173 gar\u0105 ir ry\u0161k\u0173 skon\u012f t\u016bkstan\u010diais \u012fkv\u0117pim\u0173, tod\u0117l idealiai tinka tiek kasdieniams naudotojams, tiek didmeniniams pirk\u0117jams.<\/p>\n<p data-start=\"882\" data-end=\"1140\">Sukurtas su pa\u017eangia <strong data-start=\"907\" data-end=\"925\">tinklinio ritinio vape<\/strong> technologija, jis u\u017etikrina skland\u0173 oro sraut\u0105, tank\u0173 gar\u0105 ir sodr\u0173 skon\u012f, kuris i\u0161lieka iki paskutinio \u012fkv\u0117pimo. Skaitmeninis ekranas realiuoju laiku rodo baterijos ir e-skys\u010dio lygius, tod\u0117l kiekviena sesija yra j\u016bs\u0173 kontrol\u0117je.<\/p>\n<p data-start=\"1142\" data-end=\"1443\">Maitinamas 850mAh baterija, \u0161is <strong data-start=\"1177\" data-end=\"1209\">\u012fkraunamas vienkartinis vape<\/strong> palaiko Type-C greit\u0105j\u012f \u012fkrovim\u0105, suma\u017einant prastovos laik\u0105 ir i\u0161laikant pastov\u0173 na\u0161um\u0105. Tur\u0117damas nikotino druskos stiprum\u0105 0%, 2%, 3% ir 5%, <strong data-start=\"1347\" data-end=\"1376\">Vapme Digital 30000 R\u016bkal\u0173<\/strong> tinka skirtingiems garinimo pageidavimams, tiek lengviems, tiek stipriems.<\/p>\n<p data-start=\"1445\" data-end=\"1706\">Galimi 12 rafinuot\u0173 skoni\u0173, \u0161is <strong data-start=\"1483\" data-end=\"1505\">nikotino druskos vapingo<\/strong> sujungia auk\u0161\u010diausi\u0105 kokyb\u0119 ir patogum\u0105. Plonas, ne\u0161iojamas ir paruo\u0161tas didmeninei prekybai, tai yra protingas pasirinkimas ma\u017emenininkams ir platintojams, ie\u0161kantiems didel\u0117s paklausos produkt\u0173 <strong data-start=\"1675\" data-end=\"1696\">didmeninei prekybai vape ES<\/strong>.<\/p>\n<h6>D\u0117l nuolaidos kainos susisiekite su Mandy per WhatsApp<a href=\"https:\/\/wa.me\/8618077105796\">+8618077105796<\/a><\/h6>\n<p>&nbsp;<\/p>\n<p><img decoding=\"async\" class=\"alignnone wp-image-2151\" src=\"http:\/\/vapebulkp.com\/wp-content\/uploads\/2024\/04\/Mandy-WhatsApp-Randm.jpg\" alt=\"Mandy WhatsApp Atsitiktinis\" width=\"324\" height=\"330\" \/><\/p>\n<h3 class=\"\" data-start=\"104\" data-end=\"182\"><strong data-start=\"108\" data-end=\"182\">Vapme Digital 30000 Puffs Didel\u0117s talpos vienkartiniai garintuvai \u2013 Prek\u0117s specifikacijos<\/strong><\/h3>\n<ul data-start=\"184\" data-end=\"747\">\n<li class=\"\" data-start=\"184\" data-end=\"217\">\n<p class=\"\" data-start=\"186\" data-end=\"217\"><strong data-start=\"186\" data-end=\"200\">I\u0161p\u016btim\u0173 skai\u010dius<\/strong>: 30000 \u012fkv\u0117pim\u0173<\/p>\n<\/li>\n<li class=\"\" data-start=\"218\" data-end=\"288\">\n<p class=\"\" data-start=\"220\" data-end=\"288\"><strong data-start=\"220\" data-end=\"231\">Baterija<\/strong>: 850mAh \u012fkraunama baterija su C tipo greituoju \u012fkrovimu<\/p>\n<\/li>\n<li class=\"\" data-start=\"289\" data-end=\"350\">\n<p class=\"\" data-start=\"291\" data-end=\"350\"><strong data-start=\"291\" data-end=\"312\">E-skys\u010dio talpa<\/strong>: 20 ml i\u0161 anksto pripildyto auk\u0161\u010diausios kokyb\u0117s garinimo skys\u010dio<\/p>\n<\/li>\n<li class=\"\" data-start=\"351\" data-end=\"414\">\n<p class=\"\" data-start=\"353\" data-end=\"414\"><strong data-start=\"353\" data-end=\"382\">Nikotino stiprumo parinktys<\/strong>: 0%, 2%, 3%, 5% nikotino druska<\/p>\n<\/li>\n<li class=\"\" data-start=\"415\" data-end=\"483\">\n<p class=\"\" data-start=\"417\" data-end=\"483\"><strong data-start=\"417\" data-end=\"436\">Ritinio technologija<\/strong>: Pa\u017eangi 0.6\u03a9 tinklelio rit\u0117, skirta geresniam skoniui<\/p>\n<\/li>\n<li class=\"\" data-start=\"484\" data-end=\"555\">\n<p class=\"\" data-start=\"486\" data-end=\"555\"><strong data-start=\"486\" data-end=\"500\">\u012etraukimo stilius<\/strong>: MTL (i\u0161 burnos \u012f plau\u010dius) \u2013 Sklandus, cigaret\u0119 primenantis \u012fkv\u0117pimas<\/p>\n<\/li>\n<li class=\"\" data-start=\"556\" data-end=\"621\">\n<p class=\"\" data-start=\"558\" data-end=\"621\"><strong data-start=\"558\" data-end=\"569\">Ekranas<\/strong>: Skaitmeninis ekranas, skirtas baterijai<\/p>\n<\/li>\n<li class=\"\" data-start=\"622\" data-end=\"677\">\n<p class=\"\" data-start=\"624\" data-end=\"677\"><strong data-start=\"624\" data-end=\"635\">Skoniai<\/strong>: 12 sodri\u0173 ir i\u0161skirtini\u0173 skoni\u0173 variant\u0173<\/p>\n<\/li>\n<li class=\"\" data-start=\"678\" data-end=\"747\">\n<p class=\"\" data-start=\"680\" data-end=\"747\"><strong data-start=\"680\" data-end=\"693\">Pakuot\u0117<\/strong>: 160 vienet\u0173 d\u0117kle | Bendras svoris: 20,5 kg d\u0117kle<\/p>\n<\/li>\n<\/ul>\n<h2>Vapme Digital 30000 Puffs C tipo garintuvo skonis<\/h2>\n<p>1.Bra\u0161ki\u0173 ledas<br \/>\n2.Bra\u0161ki\u0173 kivis<br \/>\n3.Bra\u0161ki\u0173 vynuog\u0117s<br \/>\n4.Vy\u0161ni\u0173 ledas<br \/>\n5.Kivis pasifloros gvajava<br \/>\n6.Bra\u0161ki\u0173 Red Bull7.Persik\u0173 ledas<br \/>\n8.Energetinis g\u0117rimas<br \/>\n9. Lady Killa<br \/>\n10.Arb\u016bz\u0173 ledas<br \/>\n11. Love 66<br \/>\n12.M\u0117lyni\u0173 aviet\u0117s<\/p>\n<p><span style=\"vertical-align: inherit\">Raskite daugiau produkt\u0173, kurie jums gali patikti:<\/span><em><a href=\"https:\/\/wa.me\/8618077105796\"><span style=\"vertical-align: inherit\">\u00a0Pirkti dabar<\/span><\/a><\/em><\/p>\n<p><span style=\"vertical-align: inherit\">Kiti \u012ftraukimai, kurie jums gali patikti:<\/span><a href=\"https:\/\/vapebulkp.com\/lt\/product\/waspe-vape-40000-puff-fihp-double-flavour-disposable-vape\/\"><span style=\"vertical-align: inherit\">WASPE FIHP 40000 \u012fkv\u0117pim\u0173<\/span><\/a><span style=\"vertical-align: inherit\">\u3001<\/span><a href=\"https:\/\/vapebulkp.com\/lt\/product\/uzy-crystal-twin-50000-puffs-rechargeable-vape-with-led-display\/\"><span style=\"vertical-align: inherit\">UZY Crystal Twin 50000 \u012ekv\u0117pim\u0173<\/span><\/a><span style=\"vertical-align: inherit\">\/ <\/span><a href=\"https:\/\/vapebulkp.com\/lt\/fi\/product\/bang-30k-puffs-new-double-taste-good-vape\/\"><span style=\"vertical-align: inherit\">Bang Vape 30000 \u012fkv\u0117pim\u0173<\/span><\/a><span style=\"vertical-align: inherit\">\/ <\/span><a href=\"https:\/\/vapebulkp.com\/lt\/product\/zooy-zero-45000-puffs-nicotine-salt-vape-extra-large-e-liquid-capacity\/\"><span style=\"vertical-align: inherit\">ZOOY ZERO 45000 \u012ftraukim\u0173<\/span><\/a><\/p>\n<h3 class=\"\" data-start=\"1557\" data-end=\"1601\"><strong data-start=\"1561\" data-end=\"1599\">Kod\u0117l verta rinktis \"Vapme Digital 30000 Puffs\" garintuvo d\u0117\u017eut\u0119?<\/strong><\/h3>\n<h4 class=\"\" data-start=\"120\" data-end=\"165\">\ud83d\udd0b<strong data-start=\"128\" data-end=\"163\">Itin ilgas veikimas \u2013 30 000+ \u012fp\u016btim\u0173<\/strong><\/h4>\n<p class=\"\" data-start=\"166\" data-end=\"320\">Atsisveikinkite su nuolatiniu keitimu. \u0160is prietaisas pasi\u017eymi i\u0161skirtiniu ilgaam\u017ei\u0161kumu, tod\u0117l yra patikimas kasdienis kompanionas, tinkamas kelion\u0117ms ir perpardavimui.<\/p>\n<h4 class=\"\" data-start=\"322\" data-end=\"356\">\ud83d\udcf1 <strong data-start=\"330\" data-end=\"354\">I\u0161manusis skaitmeninis ekranas<\/strong><\/h4>\n<p class=\"\" data-start=\"357\" data-end=\"481\">Integruotas ekranas rodo real\u0173 akumuliatoriaus ir e-skys\u010dio lyg\u012f. Ai\u0161kus, modernus ir patogus \u2013 tiksliai \u017einokite, kada laikas \u012fkrauti.<\/p>\n<h4 class=\"\" data-start=\"483\" data-end=\"526\">\ud83d\udca8 <strong data-start=\"491\" data-end=\"524\">Tinklin\u0117 rit\u0117 i\u0161skirtiniam skoniui<\/strong><\/h4>\n<p class=\"\" data-start=\"527\" data-end=\"650\">Su 0,6 \u03a9 tinkline rite, ji garantuoja tir\u0161tus garus ir skland\u0173 traukim\u0105 kiekvien\u0105 kart\u0105, optimizuota MTL (traukimas i\u0161 burnos \u012f plau\u010dius) naudotojams.<\/p>\n<h4 class=\"\" data-start=\"652\" data-end=\"704\">\ud83c\udf4d <strong data-start=\"660\" data-end=\"702\">12 auk\u0161\u010diausios kokyb\u0117s skoni\u0173<\/strong><\/h4>\n<p class=\"\" data-start=\"705\" data-end=\"845\">Pasirinkite i\u0161 12 kruop\u0161\u010diai atrinkt\u0173 ir sumai\u0161yt\u0173 skoni\u0173. Galimi su 0%, 2%, 3% ir 5% nikotino, kad tikt\u0173 kiekvienam skoniui ir pageidavimui.<\/p>\n<h4 class=\"\" data-start=\"847\" data-end=\"896\">\u26a1 <strong data-start=\"854\" data-end=\"894\">Greitas C tipo \u012fkrovimas, 850 mAh baterija<\/strong><\/h4>\n<p class=\"\" data-start=\"897\" data-end=\"973\">Efektyvus energijos tiekimas ir greitas \u012fkrovimas rei\u0161kia ma\u017eiau laukimo, daugiau garinimo.<\/p>\n<h4 class=\"\" data-start=\"975\" data-end=\"1025\">\ud83d\udce6 <strong data-start=\"983\" data-end=\"1023\">Paruo\u0161ta didmeninei prekybai \u2013 160 vnt. d\u0117\u017e\u0117je<\/strong><\/h4>\n<p class=\"\" data-start=\"1026\" data-end=\"1146\">Idealiai tinka ma\u017emenininkams ir dideliems pirk\u0117jams. Lengva, tvarkinga pakuot\u0117 (20,5 kg\/d\u0117\u017e\u0117) u\u017etikrina patog\u0173 valdym\u0105 ir transportavim\u0105.<\/p>\n<h4 class=\"\" data-start=\"1148\" data-end=\"1206\">\ud83c\udf0d <strong data-start=\"1156\" data-end=\"1204\">Eleganti\u0161kas, patogus kelion\u0117ms ir nereikalaujantis prie\u017ei\u016bros<\/strong><\/h4>\n<p class=\"\" data-start=\"1207\" data-end=\"1312\">Kompakti\u0161kas, stilingas ir paruo\u0161tas naudoti i\u0161 karto i\u0161 d\u0117\u017eut\u0117s. Jokio pildymo, joki\u0173 ri\u010di\u0173 keitimo \u2013 tiesiog \u012fkraukite ir m\u0117gaukit\u0117s.<\/p>\n<h3>Pristatymo detal\u0117s:<\/h3>\n<p><span style=\"color: #ff6600\">Gamybos laikas: 5-10 darbo dien\u0173<\/span><br \/>\n<span style=\"color: #ff6600\">Pristatymo laikas: 8-14 darbo dien\u0173<\/span><\/p>\n<p>Visi m\u016bs\u0173 parduotuv\u0117s produktai yra 100% original\u016bs ir autenti\u0161ki, tod\u0117l m\u016bs\u0173 parduotuv\u0117s politika yra de\u0161imteriopa kompensacija u\u017e padirbtas prekes. Prek\u0117ms pristatyti naudojame tokius logistikos kanalus kaip UPS\/DHL\/FEDEX\/DPD.<\/p>\n<p>Pristatymas \u012f Lietuvos \u0161alis paprastai trunka 10 darbo dien\u0173. Pristatymas \u012f Europos \u0161alis paprastai u\u017etrunka nuo 12 iki 15 darbo dien\u0173. Logistikos informacij\u0105 atnaujinsime realiuoju laiku.<\/p>","protected":false},"excerpt":{"rendered":"<p>VAPME GOAT 40000 Puffs yra auk\u0161\u010diausios klas\u0117s <strong data-start=\"135\" data-end=\"164\">didmeninis vienkartinis garintuvas<\/strong>, skirtas ma\u017emenininkams ir platintojams, ie\u0161kantiems <strong data-start=\"214\" data-end=\"260\">paklausi\u0173, ilgai veikian\u010di\u0173 garinimo sprendim\u0173<\/strong>. Tur\u0117damas <strong data-start=\"275\" data-end=\"332\">850 mAh \u012fkraunama baterija su C tipo greituoju \u012fkrovimu<\/strong>, \u0161is prietaisas u\u017etikrina ilgesn\u012f naudojim\u0105 su <strong data-start=\"372\" data-end=\"399\">nuolatine galia<\/strong>, tod\u0117l tai puikus pasirinkimas tiek atsitiktiniams, tiek pa\u017eengusiems garintojams.<\/p>\n<p>D\u0117l nuolaidos kainos susisiekite su Mandy per WhatsApp<a href=\"https:\/\/wa.me\/8618077105796\">+8618077105796<\/a><\/p>\n<p>&nbsp;<\/p>\n<p><img decoding=\"async\" class=\"alignnone wp-image-2151\" src=\"http:\/\/vapebulkp.com\/wp-content\/uploads\/2024\/04\/Mandy-WhatsApp-Randm.jpg\" alt=\"Mandy WhatsApp Atsitiktinis\" width=\"297\" height=\"316\" srcset=\"https:\/\/vapebulkp.com\/wp-content\/uploads\/2024\/04\/Mandy-WhatsApp-Randm.jpg 916w, https:\/\/vapebulkp.com\/wp-content\/uploads\/2024\/04\/Mandy-WhatsApp-Randm-282x300.jpg 282w, https:\/\/vapebulkp.com\/wp-content\/uploads\/2024\/04\/Mandy-WhatsApp-Randm-768x817.jpg 768w, https:\/\/vapebulkp.com\/wp-content\/uploads\/2024\/04\/Mandy-WhatsApp-Randm-600x638.jpg 600w\" sizes=\"(max-width: 297px) 100vw, 297px\" \/><\/p>\n<p><span style=\"color: #ff0000\">PASTABA: Kainos m\u016bs\u0173 svetain\u0117je neapima siuntimo i\u0161laid\u0173<\/span><\/p>\n<p>&nbsp;<\/p>","protected":false},"featured_media":3698,"comment_status":"open","ping_status":"closed","template":"","meta":{"_uag_custom_page_level_css":"","_lmt_disableupdate":"no","_lmt_disable":"","site-sidebar-layout":"default","site-content-layout":"content-boxed-container","ast-site-content-layout":"normal-width-container","site-content-style":"boxed","site-sidebar-style":"unboxed","ast-global-header-display":"","ast-banner-title-visibility":"","ast-main-header-display":"","ast-hfb-above-header-display":"","ast-hfb-below-header-display":"","ast-hfb-mobile-header-display":"","site-post-title":"","ast-breadcrumbs-content":"","ast-featured-img":"","footer-sml-layout":"","theme-transparent-header-meta":"default","adv-header-id-meta":"","stick-header-meta":"","header-above-stick-meta":"","header-main-stick-meta":"","header-below-stick-meta":"","astra-migrate-meta-layouts":"set","_joinchat":[]},"product_cat":[160,153,155,33,59,100,87,34,158,157,154,152,58,84,156,63,32,368],"product_tag":[36,37,41,40,241],"class_list":["post-3700","product","type-product","status-publish","has-post-thumbnail","hentry","product_cat-30000-puff-disposable-vape","product_cat-hot-disposable-vapes","product_cat-belgium-hot-disposable-vapes","product_cat-france-vape-hot-sale","product_cat-germany-hot-disposable-vape","product_cat-germany-wholesale-vape-shop","product_cat-minimum-order-quantity-50pcs","product_cat-netherlands-vape-good-sale","product_cat-norway-hot-disposable-vapes","product_cat-poland-hot-disposable-vapes","product_cat-portugal-hot-disposable-vapes","product_cat-spain-hot-disposable-vapes","product_cat-sweden-hot-disposable-vape","product_cat-sweden-wholesale-vape","product_cat-switzerland-hot-disposable-vapes","product_cat-top-sale-disposable-vape","product_cat-vape-hot-sale-this-week","product_cat-vapme-vape","product_tag-good-vape","product_tag-hot-sale-disposable-vape","product_tag-poland-hot-vape","product_tag-sweden-hot-vape","product_tag-vapme-digital-30000-puffs","pa_brand-vapme-vape","desktop-align-left","tablet-align-left","mobile-align-left"],"yoast_head":"<!-- This site is optimized with the Yoast SEO plugin v21.1 - https:\/\/yoast.com\/wordpress\/plugins\/seo\/ -->\n<title>Vapme Digital 30000 Puffs Disposable Vape with Smart Screen - vapebulkp.com<\/title>\n<meta name=\"description\" content=\"Vapme Digital 30000 Puffs Disposable Vape delivers 30,000 puffs of smooth MTL vaping with rich flavors, a smart screen, and a rechargeable 850mAh battery. Enjoy long-lasting performance .\" \/>\n<meta name=\"robots\" content=\"index, follow, max-snippet:-1, max-image-preview:large, max-video-preview:-1\" \/>\n<link rel=\"canonical\" href=\"https:\/\/vapebulkp.com\/lt\/product\/vapme-digital-30000-puffs-disposable-vape-with-smart-screen\/\" \/>\n<meta property=\"og:locale\" content=\"lt_LT\" \/>\n<meta property=\"og:type\" content=\"article\" \/>\n<meta property=\"og:title\" content=\"Vapme Digital 30000 Puffs Disposable Vape with Smart Screen - vapebulkp.com\" \/>\n<meta property=\"og:description\" content=\"Vapme Digital 30000 Puffs Disposable Vape delivers 30,000 puffs of smooth MTL vaping with rich flavors, a smart screen, and a rechargeable 850mAh battery. Enjoy long-lasting performance .\" \/>\n<meta property=\"og:url\" content=\"https:\/\/vapebulkp.com\/lt\/product\/vapme-digital-30000-puffs-disposable-vape-with-smart-screen\/\" \/>\n<meta property=\"og:site_name\" content=\"vapebulkp.com\" \/>\n<meta property=\"article:modified_time\" content=\"2025-09-17T08:38:27+00:00\" \/>\n<meta property=\"og:image\" content=\"http:\/\/vapebulkp.com\/wp-content\/uploads\/2025\/04\/Vapme-Digital-30000-Puffs-Disposable-Vape-Long-Lasting-Vape.webp\" \/>\n\t<meta property=\"og:image:width\" content=\"800\" \/>\n\t<meta property=\"og:image:height\" content=\"800\" \/>\n\t<meta property=\"og:image:type\" content=\"image\/webp\" \/>\n<meta name=\"twitter:card\" content=\"summary_large_image\" \/>\n<meta name=\"twitter:label1\" content=\"Est. reading time\" \/>\n\t<meta name=\"twitter:data1\" content=\"3 minut\u0117s\" \/>\n<script type=\"application\/ld+json\" class=\"yoast-schema-graph\">{\"@context\":\"https:\/\/schema.org\",\"@graph\":[{\"@type\":\"WebPage\",\"@id\":\"https:\/\/vapebulkp.com\/product\/vapme-digital-30000-puffs-disposable-vape-with-smart-screen\/\",\"url\":\"https:\/\/vapebulkp.com\/product\/vapme-digital-30000-puffs-disposable-vape-with-smart-screen\/\",\"name\":\"Vapme Digital 30000 Puffs Disposable Vape with Smart Screen - vapebulkp.com\",\"isPartOf\":{\"@id\":\"https:\/\/vapebulkp.com\/#website\"},\"datePublished\":\"2025-04-23T07:53:13+00:00\",\"dateModified\":\"2025-09-17T08:38:27+00:00\",\"description\":\"Vapme Digital 30000 Puffs Disposable Vape delivers 30,000 puffs of smooth MTL vaping with rich flavors, a smart screen, and a rechargeable 850mAh battery. Enjoy long-lasting performance .\",\"breadcrumb\":{\"@id\":\"https:\/\/vapebulkp.com\/product\/vapme-digital-30000-puffs-disposable-vape-with-smart-screen\/#breadcrumb\"},\"inLanguage\":\"lt-LT\",\"potentialAction\":[{\"@type\":\"ReadAction\",\"target\":[\"https:\/\/vapebulkp.com\/product\/vapme-digital-30000-puffs-disposable-vape-with-smart-screen\/\"]}]},{\"@type\":\"BreadcrumbList\",\"@id\":\"https:\/\/vapebulkp.com\/product\/vapme-digital-30000-puffs-disposable-vape-with-smart-screen\/#breadcrumb\",\"itemListElement\":[{\"@type\":\"ListItem\",\"position\":1,\"name\":\"Home\",\"item\":\"https:\/\/vapebulkp.com\/\"},{\"@type\":\"ListItem\",\"position\":2,\"name\":\"Hot Trend Vapes\",\"item\":\"https:\/\/vapebulkp.com\/vape-shop\/\"},{\"@type\":\"ListItem\",\"position\":3,\"name\":\"Vapme Digital 30000 Puffs Disposable Vape with Smart Screen\"}]},{\"@type\":\"WebSite\",\"@id\":\"https:\/\/vapebulkp.com\/#website\",\"url\":\"https:\/\/vapebulkp.com\/\",\"name\":\"vapebulkp.com\",\"description\":\"Buy Vape In Cheap Bulk Price Near you\",\"publisher\":{\"@id\":\"https:\/\/vapebulkp.com\/#organization\"},\"potentialAction\":[{\"@type\":\"SearchAction\",\"target\":{\"@type\":\"EntryPoint\",\"urlTemplate\":\"https:\/\/vapebulkp.com\/?s={search_term_string}\"},\"query-input\":\"required name=search_term_string\"}],\"inLanguage\":\"lt-LT\"},{\"@type\":\"Organization\",\"@id\":\"https:\/\/vapebulkp.com\/#organization\",\"name\":\"vapebulkp.com\",\"url\":\"https:\/\/vapebulkp.com\/\",\"logo\":{\"@type\":\"ImageObject\",\"inLanguage\":\"lt-LT\",\"@id\":\"https:\/\/vapebulkp.com\/#\/schema\/logo\/image\/\",\"url\":\"https:\/\/vapebulkp.com\/wp-content\/uploads\/2023\/09\/cropped-vapebulkp.png\",\"contentUrl\":\"https:\/\/vapebulkp.com\/wp-content\/uploads\/2023\/09\/cropped-vapebulkp.png\",\"width\":516,\"height\":163,\"caption\":\"vapebulkp.com\"},\"image\":{\"@id\":\"https:\/\/vapebulkp.com\/#\/schema\/logo\/image\/\"}}]}<\/script>\n<!-- \/ Yoast SEO plugin. -->","yoast_head_json":{"title":"Vapme Digital 30000 Puffs Disposable Vape with Smart Screen - vapebulkp.com","description":"Vapme Digital 30000 Puffs Disposable Vape delivers 30,000 puffs of smooth MTL vaping with rich flavors, a smart screen, and a rechargeable 850mAh battery. Enjoy long-lasting performance .","robots":{"index":"index","follow":"follow","max-snippet":"max-snippet:-1","max-image-preview":"max-image-preview:large","max-video-preview":"max-video-preview:-1"},"canonical":"https:\/\/vapebulkp.com\/lt\/product\/vapme-digital-30000-puffs-disposable-vape-with-smart-screen\/","og_locale":"lt_LT","og_type":"article","og_title":"Vapme Digital 30000 Puffs Disposable Vape with Smart Screen - vapebulkp.com","og_description":"Vapme Digital 30000 Puffs Disposable Vape delivers 30,000 puffs of smooth MTL vaping with rich flavors, a smart screen, and a rechargeable 850mAh battery. Enjoy long-lasting performance .","og_url":"https:\/\/vapebulkp.com\/lt\/product\/vapme-digital-30000-puffs-disposable-vape-with-smart-screen\/","og_site_name":"vapebulkp.com","article_modified_time":"2025-09-17T08:38:27+00:00","og_image":[{"width":800,"height":800,"url":"http:\/\/vapebulkp.com\/wp-content\/uploads\/2025\/04\/Vapme-Digital-30000-Puffs-Disposable-Vape-Long-Lasting-Vape.webp","type":"image\/webp"}],"twitter_card":"summary_large_image","twitter_misc":{"Est. reading time":"3 minut\u0117s"},"schema":{"@context":"https:\/\/schema.org","@graph":[{"@type":"WebPage","@id":"https:\/\/vapebulkp.com\/product\/vapme-digital-30000-puffs-disposable-vape-with-smart-screen\/","url":"https:\/\/vapebulkp.com\/product\/vapme-digital-30000-puffs-disposable-vape-with-smart-screen\/","name":"Vapme Digital 30000 Puffs Disposable Vape with Smart Screen - vapebulkp.com","isPartOf":{"@id":"https:\/\/vapebulkp.com\/#website"},"datePublished":"2025-04-23T07:53:13+00:00","dateModified":"2025-09-17T08:38:27+00:00","description":"Vapme Digital 30000 Puffs Disposable Vape delivers 30,000 puffs of smooth MTL vaping with rich flavors, a smart screen, and a rechargeable 850mAh battery. Enjoy long-lasting performance .","breadcrumb":{"@id":"https:\/\/vapebulkp.com\/product\/vapme-digital-30000-puffs-disposable-vape-with-smart-screen\/#breadcrumb"},"inLanguage":"lt-LT","potentialAction":[{"@type":"ReadAction","target":["https:\/\/vapebulkp.com\/product\/vapme-digital-30000-puffs-disposable-vape-with-smart-screen\/"]}]},{"@type":"BreadcrumbList","@id":"https:\/\/vapebulkp.com\/product\/vapme-digital-30000-puffs-disposable-vape-with-smart-screen\/#breadcrumb","itemListElement":[{"@type":"ListItem","position":1,"name":"Home","item":"https:\/\/vapebulkp.com\/"},{"@type":"ListItem","position":2,"name":"Hot Trend Vapes","item":"https:\/\/vapebulkp.com\/vape-shop\/"},{"@type":"ListItem","position":3,"name":"Vapme Digital 30000 Puffs Disposable Vape with Smart Screen"}]},{"@type":"WebSite","@id":"https:\/\/vapebulkp.com\/#website","url":"https:\/\/vapebulkp.com\/","name":"vapebulkp.com","description":"Buy Vape In Cheap Bulk Price Near you","publisher":{"@id":"https:\/\/vapebulkp.com\/#organization"},"potentialAction":[{"@type":"SearchAction","target":{"@type":"EntryPoint","urlTemplate":"https:\/\/vapebulkp.com\/?s={search_term_string}"},"query-input":"required name=search_term_string"}],"inLanguage":"lt-LT"},{"@type":"Organization","@id":"https:\/\/vapebulkp.com\/#organization","name":"vapebulkp.com","url":"https:\/\/vapebulkp.com\/","logo":{"@type":"ImageObject","inLanguage":"lt-LT","@id":"https:\/\/vapebulkp.com\/#\/schema\/logo\/image\/","url":"https:\/\/vapebulkp.com\/wp-content\/uploads\/2023\/09\/cropped-vapebulkp.png","contentUrl":"https:\/\/vapebulkp.com\/wp-content\/uploads\/2023\/09\/cropped-vapebulkp.png","width":516,"height":163,"caption":"vapebulkp.com"},"image":{"@id":"https:\/\/vapebulkp.com\/#\/schema\/logo\/image\/"}}]}},"uagb_featured_image_src":{"full":["https:\/\/vapebulkp.com\/wp-content\/uploads\/2025\/04\/Vapme-Digital-30000-Puffs-Disposable-Vape-Long-Lasting-Vape.webp",800,800,false],"thumbnail":["https:\/\/vapebulkp.com\/wp-content\/uploads\/2025\/04\/Vapme-Digital-30000-Puffs-Disposable-Vape-Long-Lasting-Vape-150x150.webp",150,150,true],"medium":["https:\/\/vapebulkp.com\/wp-content\/uploads\/2025\/04\/Vapme-Digital-30000-Puffs-Disposable-Vape-Long-Lasting-Vape-300x300.webp",300,300,true],"medium_large":["https:\/\/vapebulkp.com\/wp-content\/uploads\/2025\/04\/Vapme-Digital-30000-Puffs-Disposable-Vape-Long-Lasting-Vape-768x768.webp",768,768,true],"large":["https:\/\/vapebulkp.com\/wp-content\/uploads\/2025\/04\/Vapme-Digital-30000-Puffs-Disposable-Vape-Long-Lasting-Vape.webp",800,800,false],"1536x1536":["https:\/\/vapebulkp.com\/wp-content\/uploads\/2025\/04\/Vapme-Digital-30000-Puffs-Disposable-Vape-Long-Lasting-Vape.webp",800,800,false],"2048x2048":["https:\/\/vapebulkp.com\/wp-content\/uploads\/2025\/04\/Vapme-Digital-30000-Puffs-Disposable-Vape-Long-Lasting-Vape.webp",800,800,false],"trp-custom-language-flag":["https:\/\/vapebulkp.com\/wp-content\/uploads\/2025\/04\/Vapme-Digital-30000-Puffs-Disposable-Vape-Long-Lasting-Vape.webp",12,12,false],"woocommerce_thumbnail":["https:\/\/vapebulkp.com\/wp-content\/uploads\/2025\/04\/Vapme-Digital-30000-Puffs-Disposable-Vape-Long-Lasting-Vape-300x300.webp",300,300,true],"woocommerce_single":["https:\/\/vapebulkp.com\/wp-content\/uploads\/2025\/04\/Vapme-Digital-30000-Puffs-Disposable-Vape-Long-Lasting-Vape-600x600.webp",600,600,true],"woocommerce_gallery_thumbnail":["https:\/\/vapebulkp.com\/wp-content\/uploads\/2025\/04\/Vapme-Digital-30000-Puffs-Disposable-Vape-Long-Lasting-Vape-100x100.webp",100,100,true],"wcpr-photo-reviews":["https:\/\/vapebulkp.com\/wp-content\/uploads\/2025\/04\/Vapme-Digital-30000-Puffs-Disposable-Vape-Long-Lasting-Vape.webp",500,500,false]},"uagb_author_info":{"display_name":"Mandy vape bulk price","author_link":"https:\/\/vapebulkp.com\/lt\/author\/"},"uagb_comment_info":0,"uagb_excerpt":"VAPME GOAT 40000 Puffs is a top-tier wholesale disposable vape, designed for retailers and distributors seeking high-demand, long-lasting vaping solutions. Featuring an 850mAh rechargeable battery with Type-C fast charging, this device ensures extended use with consistent power output, making it a standout choice for both casual and advanced vapers. Pls Contact Mandy's WhatsApp For Discount&hellip;","_links":{"self":[{"href":"https:\/\/vapebulkp.com\/lt\/wp-json\/wp\/v2\/product\/3700","targetHints":{"allow":["GET"]}}],"collection":[{"href":"https:\/\/vapebulkp.com\/lt\/wp-json\/wp\/v2\/product"}],"about":[{"href":"https:\/\/vapebulkp.com\/lt\/wp-json\/wp\/v2\/types\/product"}],"replies":[{"embeddable":true,"href":"https:\/\/vapebulkp.com\/lt\/wp-json\/wp\/v2\/comments?post=3700"}],"wp:featuredmedia":[{"embeddable":true,"href":"https:\/\/vapebulkp.com\/lt\/wp-json\/wp\/v2\/media\/3698"}],"wp:attachment":[{"href":"https:\/\/vapebulkp.com\/lt\/wp-json\/wp\/v2\/media?parent=3700"}],"wp:term":[{"taxonomy":"product_cat","embeddable":true,"href":"https:\/\/vapebulkp.com\/lt\/wp-json\/wp\/v2\/product_cat?post=3700"},{"taxonomy":"product_tag","embeddable":true,"href":"https:\/\/vapebulkp.com\/lt\/wp-json\/wp\/v2\/product_tag?post=3700"}],"curies":[{"name":"wp","href":"https:\/\/api.w.org\/{rel}","templated":true}]}}