{"id":3768,"date":"2025-05-19T04:59:45","date_gmt":"2025-05-19T02:59:45","guid":{"rendered":"https:\/\/vapebulkp.com\/?post_type=product&#038;p=3768"},"modified":"2025-09-24T05:01:41","modified_gmt":"2025-09-24T03:01:41","slug":"wholesale-price-bang-leader-80000-puffs-vape-device","status":"publish","type":"product","link":"https:\/\/vapebulkp.com\/lt\/product\/wholesale-price-bang-leader-80000-puffs-vape-device\/","title":{"rendered":"Didmenin\u0117 kaina \u201eBang LEADER 80000 Puffs Vape\u201c prietaisas"},"content":{"rendered":"<h2 style=\"text-align: left\">Didmenin\u0117 kaina \u201eBang LEADER 80000 Puffs Vape\u201c prietaisas<\/h2>\n<p>&nbsp;<\/p>\n<p data-start=\"126\" data-end=\"436\">Tas <strong data-start=\"130\" data-end=\"173\">Bang LYDERIS <a href=\"https:\/\/vapebulkp.com\/lt\/product-category\/80000-puffs-disposable-vape\/\">80000 \u012fkv\u0117pim\u0173 vienkartinis garintuvas<\/a><\/strong> yra <strong data-start=\"179\" data-end=\"201\">didel\u0117s talpos vapingas<\/strong> sukurtas Europos vapintojams, kurie reikalauja ilgalaikio veikimo ir auk\u0161\u010diausios kokyb\u0117s skonio. Sukurtas kaip <strong data-start=\"303\" data-end=\"335\">\u012fkraunamas vienkartinis vape<\/strong>, jis turi 850 mAh baterij\u0105 ir C tipo greit\u0105 \u012fkrovim\u0105, u\u017etikrinant\u012f nepertraukiamas vapingo sesijas.<\/p>\n<p data-start=\"438\" data-end=\"738\">\u0160is <strong data-start=\"443\" data-end=\"465\">trij\u0173 skoni\u0173 vapingas<\/strong> leid\u017eia vartotojams be vargo perjungti skonius, o <strong data-start=\"529\" data-end=\"551\">i\u0161manusis \u012fkv\u0117pim\u0173 skaitiklis<\/strong> seka naudojim\u0105, kad b\u016bt\u0173 galima tiksliai kontroliuoti. Su <strong data-start=\"596\" data-end=\"618\">nikotino druskos vapingo<\/strong> formuluot\u0117mis ir <strong data-start=\"636\" data-end=\"660\">tinklin\u0117s spiral\u0117s technologija<\/strong>, jis suteikia \u0161veln\u0173, tank\u0173 gar\u0105 ir nuosekl\u0173 skon\u012f per 80 000 \u012fkv\u0117pim\u0173.<\/p>\n<p data-start=\"740\" data-end=\"1037\">Puikiai tinka <strong data-start=\"752\" data-end=\"773\">didmeninei prekybai vape ES<\/strong> pirk\u0117jams, ma\u017emenininkams ir platintojams, Bang LEADER 80000 puff sujungia eleganti\u0161k\u0105 dizain\u0105, ne\u0161iojamum\u0105 ir pa\u017eangiausias funkcijas. \u012etraukus \u0161\u012f prietais\u0105 \u012f bet kur\u012f inventori\u0173, jis tampa pelningu, labai paklausiu produktu, tenkinan\u010diu \u0161iuolaikinius vaperius, ie\u0161kan\u010dius ir stiliaus, ir na\u0161umo.<\/p>\n<h6>D\u0117l nuolaidos kainos susisiekite su Mandy per WhatsApp<a href=\"https:\/\/wa.me\/8618077105796\">+8618077105796<\/a><\/h6>\n<p><img decoding=\"async\" class=\"alignnone wp-image-2151\" src=\"http:\/\/vapebulkp.com\/wp-content\/uploads\/2024\/04\/Mandy-WhatsApp-Randm.jpg\" alt=\"Mandy WhatsApp Atsitiktinis\" width=\"324\" height=\"330\" \/><\/p>\n<div class=\"flex max-w-full flex-col flex-grow\">\n<div class=\"min-h-8 text-message flex w-full flex-col items-end gap-2 whitespace-normal break-words text-start [.text-message+&amp;]:mt-5\" dir=\"auto\" data-message-author-role=\"assistant\" data-message-id=\"d24cf626-c018-4805-80f5-44de047f2ba0\" data-message-model-slug=\"gpt-4o\">\n<div class=\"flex w-full flex-col gap-1 empty:hidden first:pt-[3px]\">\n<div class=\"markdown prose w-full break-words dark:prose-invert light\">\n<h2>Kod\u0117l verta pirkti didmeniniu b\u016bdu Bang Leader 80000 puffs i\u0161 <a href=\"https:\/\/vapebulkp.com\/lt\/vape-shop\/\">Vapebulkp.com<\/a>?<\/h2>\n<p class=\"\" data-start=\"141\" data-end=\"330\"><strong data-start=\"141\" data-end=\"177\">1. Konkurencingos didmenin\u0117s kainos<\/strong><br data-start=\"177\" data-end=\"180\" \/>Vapebulkp.com si\u016blo neprilygstamas tiesiogines gamyklos kainas Bang LEADER 80000 Puffs, leid\u017eian\u010dias maksimaliai padidinti j\u016bs\u0173 pelno mar\u017e\u0105, neprarandant kokyb\u0117s.<\/p>\n<p class=\"\" data-start=\"332\" data-end=\"578\"><strong data-start=\"332\" data-end=\"373\">2. Originalus<\/strong><br data-start=\"373\" data-end=\"376\" \/>Kiekvienas \u012frenginys pasi\u017eymi 80 000 \u012fkv\u0117pim\u0173, 3 kei\u010diamais skoniais, 850 mAh \u012fkraunama baterija, tinklelio spirale, i\u0161maniu \u012fkv\u0117pim\u0173 skaitikliu ir pir\u0161t\u0173 atspaud\u0173 atrakinimu \u2013 visa tai u\u017etikrina auk\u0161\u010diausios kokyb\u0117s garinimo patirt\u012f rimtiems klientams.<\/p>\n<p class=\"\" data-start=\"580\" data-end=\"789\"><strong data-start=\"580\" data-end=\"620\">3. Didelis kiekis<\/strong><br data-start=\"620\" data-end=\"623\" \/>D\u0117l didelio atsarg\u0173 lygio ir efektyvios logistikos, Vapebulkp.com u\u017etikrina savalaik\u012f pristatym\u0105 visoje Europoje ir u\u017e jos rib\u0173. Idealiai tinka ma\u017emenininkams, perpardav\u0117jams ir internetin\u0117ms garinimo prietais\u0173 parduotuv\u0117ms.<\/p>\n<p class=\"\" data-start=\"791\" data-end=\"991\"><strong data-start=\"791\" data-end=\"835\">4. Patikimas tiek\u0117jas Lietuvos rinkoms<\/strong><br data-start=\"835\" data-end=\"838\" \/>Vapebulkp yra patikimas partneris, \u017einomas d\u0117l nuoseklios produkt\u0173 kokyb\u0117s ir rinkai pritaikyto garinimo prietais\u0173 pasirinkimo, atitinkan\u010dio ES standartus ir klient\u0173 pageidavimus.<\/p>\n<p class=\"\" data-start=\"993\" data-end=\"1186\"><strong data-start=\"993\" data-end=\"1032\">5. SEO optimizuota pakuot\u0117<\/strong><br data-start=\"1032\" data-end=\"1035\" \/>Ak\u012f traukianti pakuot\u0117, daugiakalb\u0117s skoni\u0173 etiket\u0117s ir atitikt\u012f u\u017etikrinantys br\u016bk\u0161niniai kodai palengvina prekyb\u0105 ir pardavim\u0105 konkurencingoje ma\u017emenin\u0117s prekybos aplinkoje.<\/p>\n<p class=\"\" data-start=\"1188\" data-end=\"1383\"><strong data-start=\"1188\" data-end=\"1233\">6. Specializuotas palaikymas<\/strong><br data-start=\"1233\" data-end=\"1236\" \/>Gaukite prieig\u0105 prie individualaus B2B palaikymo, ma\u017eo minimalaus u\u017esakymo kiekio (MOQ), produkto pritaikymo parink\u010di\u0173 ir naujausi\u0173 vienkartini\u0173 garinimo technologij\u0173 naujien\u0173.<\/p>\n<\/div>\n<\/div>\n<\/div>\n<\/div>\n<h2><strong>\u00a0<\/strong>Pagrindin\u0117s Bang Leader 80000 Puffs garinimo prietaiso specifikacijos:<\/h2>\n<ul>\n<li class=\"\" data-start=\"157\" data-end=\"243\">\n<p class=\"\" data-start=\"159\" data-end=\"243\"><strong data-start=\"159\" data-end=\"182\">Nikotino stiprumas:<\/strong> 2%, 3% arba 5% \u2013 pritaikyta \u0161velniems, stipriems ar intensyviems potyriams<\/p>\n<\/li>\n<li class=\"\" data-start=\"244\" data-end=\"315\">\n<p class=\"\" data-start=\"246\" data-end=\"315\"><strong data-start=\"246\" data-end=\"261\">\u012ekv\u0117pim\u0173 skai\u010dius:<\/strong> Iki 80 000 \u012fkv\u0117pim\u0173 \u2013 itin ilgas veikimas<\/p>\n<\/li>\n<li class=\"\" data-start=\"316\" data-end=\"384\">\n<p class=\"\" data-start=\"318\" data-end=\"384\"><strong data-start=\"318\" data-end=\"330\">Skoniai:<\/strong> 3 viename kei\u010diami skoniai \u2013 universal\u016bs ir malon\u016bs<\/p>\n<\/li>\n<li class=\"\" data-start=\"385\" data-end=\"451\">\n<p class=\"\" data-start=\"387\" data-end=\"451\"><strong data-start=\"387\" data-end=\"399\">Baterija:<\/strong> 850mAh \u012fkraunama \u2013 greitas \u012fkrovimas, patikimas naudojimas<\/p>\n<\/li>\n<li class=\"\" data-start=\"452\" data-end=\"507\">\n<p class=\"\" data-start=\"454\" data-end=\"507\"><strong data-start=\"454\" data-end=\"463\">Kaitiklis:<\/strong> 1.0\u03a9 tinklelio kaitiklis \u2013 tank\u016bs garai, sodrus skonis<\/p>\n<\/li>\n<li class=\"\" data-start=\"508\" data-end=\"570\">\n<p class=\"\" data-start=\"510\" data-end=\"570\"><strong data-start=\"510\" data-end=\"522\">Oro srautas:<\/strong> Reguliuojamas oro srautas \u2013 individualizuotas sklandus traukimas<\/p>\n<\/li>\n<li class=\"\" data-start=\"571\" data-end=\"627\">\n<p class=\"\" data-start=\"573\" data-end=\"627\"><strong data-start=\"573\" data-end=\"585\">Ekranas:<\/strong> I\u0161manusis i\u0161p\u016btim\u0173 skaitiklis \u2013 lengvai sekite naudojim\u0105<\/p>\n<\/li>\n<li class=\"\" data-start=\"628\" data-end=\"678\">\n<p class=\"\" data-start=\"630\" data-end=\"678\"><strong data-start=\"630\" data-end=\"641\">Dizainas:<\/strong> Kompakti\u0161kas, paruo\u0161tas kelion\u0117ms, auk\u0161\u010diausios kokyb\u0117s konstrukcija<\/p>\n<\/li>\n<\/ul>\n<h2><strong>\u00a0Bang Leader 80000 Puffs skoni\u0173 s\u0105ra\u0161as<\/strong><\/h2>\n<p>1. Arb\u016bzas Ledas<br \/>\n2. Avie\u010di\u0173 Mojito Persik\u0173 Ledas<br \/>\n3. Bra\u0161ki\u0173 Arb\u016bzas<br \/>\n4. Kolos Ledas<br \/>\n5. M\u0117lyni\u0173 Arb\u016bzas<br \/>\n6. M\u0117lyni\u0173 Ledas<br \/>\n7. M\u0117lyni\u0173 Ledas<br \/>\n8. Raudonasis Jautis<br \/>\n9. Raudonasis Jautis<br \/>\n10. Bra\u0161ki\u0173 Kiviai<br \/>\n11. Kiviai Gvajava<br \/>\n12. Avokadas Ledas<\/p>\n<p><span style=\"vertical-align: inherit\">Raskite daugiau produkt\u0173, kurie jums gali patikti:<\/span><em><a href=\"https:\/\/wa.me\/8618077105796\"><span style=\"vertical-align: inherit\">\u00a0Pirkti dabar<\/span><\/a><\/em><\/p>\n<p><span style=\"vertical-align: inherit\">Kiti \u012ftraukimai, kurie jums gali patikti:<\/span><a href=\"https:\/\/vapebulkp.com\/lt\/product\/wholesale-price-bang-kingdoms-rex-32000-puffs-vape-pod\/\"><span style=\"vertical-align: inherit\">Bang Kingdoms 32000 \u012ftraukim\u0173<\/span><\/a><span style=\"vertical-align: inherit\">\u3001<\/span><a href=\"https:\/\/vapebulkp.com\/lt\/product\/uzy-crystal-twin-50000-puffs-rechargeable-vape-with-led-display\/\"><span style=\"vertical-align: inherit\">UZY Crystal Twin 50000 \u012ekv\u0117pim\u0173<\/span><\/a><span style=\"vertical-align: inherit\">\/ <\/span><a href=\"https:\/\/vapebulkp.com\/lt\/product\/waspe-3in1-60000-puffs-disposable-vape-high-capacity\/\"><span style=\"vertical-align: inherit\">WASPE 3 in 1 60000 \u012ekv\u0117pim\u0173<\/span><\/a><\/p>\n<p><a href=\"https:\/\/vapebulkp.com\/lt\/product\/vapsolo-feed-bar-shisha-vape-15000-puffs-wholesale-price\/\"><span style=\"vertical-align: inherit\">\u00a0Vapsolo shisha 15000 \u012ekv\u0117pim\u0173<\/span><\/a><span style=\"vertical-align: inherit\">\/ <\/span><a href=\"https:\/\/vapebulkp.com\/lt\/product\/bang-box-35000-puffs-touch-switch-digital-screen-rechargeable-vape\/\"><span style=\"vertical-align: inherit\">Bang Box 35000 \u012ekv\u0117pim\u0173<\/span><\/a><\/p>\n<h2>DUK apie Bang Leader 80000 \u012fkv\u0117pim\u0173 vienkartinius garintuvus<\/h2>\n<p class=\"\" data-start=\"170\" data-end=\"363\"><strong data-start=\"170\" data-end=\"236\">K1: Kiek \u012fkv\u0117pim\u0173 si\u016blo \u201eBang LEADER\u201c vienkartinis garintuvas?<\/strong><br data-start=\"236\" data-end=\"239\" \/><strong data-start=\"239\" data-end=\"245\">A:<\/strong> \u201eBang LEADER\u201c suteikia iki <strong data-start=\"277\" data-end=\"293\">80 000 \u012fkv\u0117pim\u0173<\/strong>, tod\u0117l jis yra vienas ilgiausiai veikian\u010di\u0173 vienkartini\u0173 garintuv\u0173 rinkoje.<\/p>\n<p class=\"\" data-start=\"365\" data-end=\"539\"><strong data-start=\"365\" data-end=\"420\">2 klausimas: Ar galiu \u012fkrauti \u201eBang LEADER 80000 Puff Vape\u201c?<\/strong><br data-start=\"420\" data-end=\"423\" \/><strong data-start=\"423\" data-end=\"429\">A:<\/strong> Taip, jis turi <strong data-start=\"452\" data-end=\"483\">850 mAh \u012fkraunam\u0105 baterij\u0105<\/strong> ir palaiko <strong data-start=\"497\" data-end=\"521\">greit\u0105 C tipo \u012fkrovim\u0105<\/strong> ilgesniam naudojimui.<\/p>\n<p class=\"\" data-start=\"541\" data-end=\"710\"><strong data-start=\"541\" data-end=\"582\">3 klausimas: Ar jis palaiko kelis skonius?<\/strong><br data-start=\"582\" data-end=\"585\" \/><strong data-start=\"585\" data-end=\"591\">A:<\/strong> Tikrai taip! \u201eBang LEADER\u201c turi <strong data-start=\"629\" data-end=\"658\">3-in-1 kei\u010diamus skonius<\/strong>, leid\u017eian\u010dius vartotojams lengvai keisti skonius.<\/p>\n<p class=\"\" data-start=\"856\" data-end=\"1079\"><strong data-start=\"856\" data-end=\"915\">4 klausimas: Ar \u201eBang LEADER\u201c tinka didmeniniam pirkimui?<\/strong><br data-start=\"915\" data-end=\"918\" \/><strong data-start=\"918\" data-end=\"924\">A:<\/strong> Taip, \u0161is produktas yra labai rekomenduojamas <strong data-start=\"969\" data-end=\"998\">dideliems ir didmeniniams u\u017esakymams<\/strong>. Tai geriausiai parduodama prek\u0117 su puikiu pelnu perpardav\u0117jams ir platintojams.<\/p>\n<h3>Pristatymo detal\u0117s:<\/h3>\n<p><span style=\"color: #ff6600\">Gamybos laikas: 5-10 darbo dien\u0173<\/span><br \/>\n<span style=\"color: #ff6600\">Pristatymo laikas: 8-14 darbo dien\u0173<\/span><\/p>\n<p>Visi m\u016bs\u0173 parduotuv\u0117s produktai yra 100% original\u016bs ir autenti\u0161ki, tod\u0117l m\u016bs\u0173 parduotuv\u0117s politika yra de\u0161imteriopa kompensacija u\u017e padirbtas prekes. Prek\u0117ms pristatyti naudojame tokius logistikos kanalus kaip UPS\/DHL\/FEDEX\/DPD.<\/p>\n<p>Pristatymas \u012f Lietuvos \u0161alis paprastai trunka 10 darbo dien\u0173. Pristatymas \u012f Europos \u0161alis paprastai u\u017etrunka nuo 12 iki 15 darbo dien\u0173. Logistikos informacij\u0105 atnaujinsime realiuoju laiku.<\/p>","protected":false},"excerpt":{"rendered":"<p>Bang LEADER 80000 Puffs 3-in-1 vienkartinis vapingas su kei\u010diamais skoniais, tinkline spirale, LED \u012fkv\u0117pim\u0173 skaitikliu<\/p>\n<p>D\u0117l nuolaidos kainos susisiekite su Mandy per WhatsApp<a href=\"https:\/\/wa.me\/8618077105796\">+8618077105796<\/a><\/p>\n<p><img decoding=\"async\" class=\"alignnone wp-image-2151\" src=\"http:\/\/vapebulkp.com\/wp-content\/uploads\/2024\/04\/Mandy-WhatsApp-Randm.jpg\" alt=\"Mandy WhatsApp Atsitiktinis\" width=\"297\" height=\"316\" srcset=\"https:\/\/vapebulkp.com\/wp-content\/uploads\/2024\/04\/Mandy-WhatsApp-Randm.jpg 916w, https:\/\/vapebulkp.com\/wp-content\/uploads\/2024\/04\/Mandy-WhatsApp-Randm-282x300.jpg 282w, https:\/\/vapebulkp.com\/wp-content\/uploads\/2024\/04\/Mandy-WhatsApp-Randm-768x817.jpg 768w, https:\/\/vapebulkp.com\/wp-content\/uploads\/2024\/04\/Mandy-WhatsApp-Randm-600x638.jpg 600w\" sizes=\"(max-width: 297px) 100vw, 297px\" \/><\/p>\n<p><span style=\"color: #ff0000\">PASTABA: Kainos m\u016bs\u0173 svetain\u0117je neapima siuntimo i\u0161laid\u0173<\/span><\/p>\n<p>&nbsp;<\/p>","protected":false},"featured_media":3762,"comment_status":"open","ping_status":"closed","template":"","meta":{"_uag_custom_page_level_css":"","_lmt_disableupdate":"no","_lmt_disable":"","site-sidebar-layout":"default","site-content-layout":"content-boxed-container","ast-site-content-layout":"normal-width-container","site-content-style":"boxed","site-sidebar-style":"unboxed","ast-global-header-display":"","ast-banner-title-visibility":"","ast-main-header-display":"","ast-hfb-above-header-display":"","ast-hfb-below-header-display":"","ast-hfb-mobile-header-display":"","site-post-title":"","ast-breadcrumbs-content":"","ast-featured-img":"","footer-sml-layout":"","theme-transparent-header-meta":"default","adv-header-id-meta":"","stick-header-meta":"","header-above-stick-meta":"","header-main-stick-meta":"","header-below-stick-meta":"","astra-migrate-meta-layouts":"set","_joinchat":[]},"product_cat":[247,153,345,155,33,59,100,87,34,158,157,154,152,58,84,156,63,32],"product_tag":[248,36,37,41,40],"class_list":["post-3768","product","type-product","status-publish","has-post-thumbnail","hentry","product_cat-80000-puffs-disposable-vape","product_cat-hot-disposable-vapes","product_cat-bang-vapes","product_cat-belgium-hot-disposable-vapes","product_cat-france-vape-hot-sale","product_cat-germany-hot-disposable-vape","product_cat-germany-wholesale-vape-shop","product_cat-minimum-order-quantity-50pcs","product_cat-netherlands-vape-good-sale","product_cat-norway-hot-disposable-vapes","product_cat-poland-hot-disposable-vapes","product_cat-portugal-hot-disposable-vapes","product_cat-spain-hot-disposable-vapes","product_cat-sweden-hot-disposable-vape","product_cat-sweden-wholesale-vape","product_cat-switzerland-hot-disposable-vapes","product_cat-top-sale-disposable-vape","product_cat-vape-hot-sale-this-week","product_tag-bang-leader-80000-puffs","product_tag-good-vape","product_tag-hot-sale-disposable-vape","product_tag-poland-hot-vape","product_tag-sweden-hot-vape","pa_brand-bang-vape","desktop-align-left","tablet-align-left","mobile-align-left"],"yoast_head":"<!-- This site is optimized with the Yoast SEO plugin v21.1 - https:\/\/yoast.com\/wordpress\/plugins\/seo\/ -->\n<title>Wholesale Price Bang LEADER 80000 Puffs Vape Device - vapebulkp.com<\/title>\n<meta name=\"description\" content=\"Shop Bang LEADER 80000 Puffs 3-in-1 Disposable Vape at Vapebulkp.com. Features 3 flavors, 850mAh rechargeable battery\uff0cWholesale pricing available.\" \/>\n<meta name=\"robots\" content=\"index, follow, max-snippet:-1, max-image-preview:large, max-video-preview:-1\" \/>\n<link rel=\"canonical\" href=\"https:\/\/vapebulkp.com\/lt\/product\/wholesale-price-bang-leader-80000-puffs-vape-device\/\" \/>\n<meta property=\"og:locale\" content=\"lt_LT\" \/>\n<meta property=\"og:type\" content=\"article\" \/>\n<meta property=\"og:title\" content=\"Wholesale Price Bang LEADER 80000 Puffs Vape Device - vapebulkp.com\" \/>\n<meta property=\"og:description\" content=\"Shop Bang LEADER 80000 Puffs 3-in-1 Disposable Vape at Vapebulkp.com. Features 3 flavors, 850mAh rechargeable battery\uff0cWholesale pricing available.\" \/>\n<meta property=\"og:url\" content=\"https:\/\/vapebulkp.com\/lt\/product\/wholesale-price-bang-leader-80000-puffs-vape-device\/\" \/>\n<meta property=\"og:site_name\" content=\"vapebulkp.com\" \/>\n<meta property=\"article:modified_time\" content=\"2025-09-24T03:01:41+00:00\" \/>\n<meta property=\"og:image\" content=\"http:\/\/vapebulkp.com\/wp-content\/uploads\/2025\/05\/Bang-LEADER-80000-Puff-Wholesale-Disposable-Vape.webp\" \/>\n\t<meta property=\"og:image:width\" content=\"800\" \/>\n\t<meta property=\"og:image:height\" content=\"800\" \/>\n\t<meta property=\"og:image:type\" content=\"image\/webp\" \/>\n<meta name=\"twitter:card\" content=\"summary_large_image\" \/>\n<meta name=\"twitter:label1\" content=\"Est. reading time\" \/>\n\t<meta name=\"twitter:data1\" content=\"4 minut\u0117s\" \/>\n<script type=\"application\/ld+json\" class=\"yoast-schema-graph\">{\"@context\":\"https:\/\/schema.org\",\"@graph\":[{\"@type\":\"WebPage\",\"@id\":\"https:\/\/vapebulkp.com\/product\/wholesale-price-bang-leader-80000-puffs-vape-device\/\",\"url\":\"https:\/\/vapebulkp.com\/product\/wholesale-price-bang-leader-80000-puffs-vape-device\/\",\"name\":\"Wholesale Price Bang LEADER 80000 Puffs Vape Device - vapebulkp.com\",\"isPartOf\":{\"@id\":\"https:\/\/vapebulkp.com\/#website\"},\"datePublished\":\"2025-05-19T02:59:45+00:00\",\"dateModified\":\"2025-09-24T03:01:41+00:00\",\"description\":\"Shop Bang LEADER 80000 Puffs 3-in-1 Disposable Vape at Vapebulkp.com. Features 3 flavors, 850mAh rechargeable battery\uff0cWholesale pricing available.\",\"breadcrumb\":{\"@id\":\"https:\/\/vapebulkp.com\/product\/wholesale-price-bang-leader-80000-puffs-vape-device\/#breadcrumb\"},\"inLanguage\":\"lt-LT\",\"potentialAction\":[{\"@type\":\"ReadAction\",\"target\":[\"https:\/\/vapebulkp.com\/product\/wholesale-price-bang-leader-80000-puffs-vape-device\/\"]}]},{\"@type\":\"BreadcrumbList\",\"@id\":\"https:\/\/vapebulkp.com\/product\/wholesale-price-bang-leader-80000-puffs-vape-device\/#breadcrumb\",\"itemListElement\":[{\"@type\":\"ListItem\",\"position\":1,\"name\":\"Home\",\"item\":\"https:\/\/vapebulkp.com\/\"},{\"@type\":\"ListItem\",\"position\":2,\"name\":\"Hot Trend Vapes\",\"item\":\"https:\/\/vapebulkp.com\/vape-shop\/\"},{\"@type\":\"ListItem\",\"position\":3,\"name\":\"Wholesale Price Bang LEADER 80000 Puffs Vape Device\"}]},{\"@type\":\"WebSite\",\"@id\":\"https:\/\/vapebulkp.com\/#website\",\"url\":\"https:\/\/vapebulkp.com\/\",\"name\":\"vapebulkp.com\",\"description\":\"Buy Vape In Cheap Bulk Price Near you\",\"publisher\":{\"@id\":\"https:\/\/vapebulkp.com\/#organization\"},\"potentialAction\":[{\"@type\":\"SearchAction\",\"target\":{\"@type\":\"EntryPoint\",\"urlTemplate\":\"https:\/\/vapebulkp.com\/?s={search_term_string}\"},\"query-input\":\"required name=search_term_string\"}],\"inLanguage\":\"lt-LT\"},{\"@type\":\"Organization\",\"@id\":\"https:\/\/vapebulkp.com\/#organization\",\"name\":\"vapebulkp.com\",\"url\":\"https:\/\/vapebulkp.com\/\",\"logo\":{\"@type\":\"ImageObject\",\"inLanguage\":\"lt-LT\",\"@id\":\"https:\/\/vapebulkp.com\/#\/schema\/logo\/image\/\",\"url\":\"https:\/\/vapebulkp.com\/wp-content\/uploads\/2023\/09\/cropped-vapebulkp.png\",\"contentUrl\":\"https:\/\/vapebulkp.com\/wp-content\/uploads\/2023\/09\/cropped-vapebulkp.png\",\"width\":516,\"height\":163,\"caption\":\"vapebulkp.com\"},\"image\":{\"@id\":\"https:\/\/vapebulkp.com\/#\/schema\/logo\/image\/\"}}]}<\/script>\n<!-- \/ Yoast SEO plugin. -->","yoast_head_json":{"title":"Wholesale Price Bang LEADER 80000 Puffs Vape Device - vapebulkp.com","description":"Shop Bang LEADER 80000 Puffs 3-in-1 Disposable Vape at Vapebulkp.com. Features 3 flavors, 850mAh rechargeable battery\uff0cWholesale pricing available.","robots":{"index":"index","follow":"follow","max-snippet":"max-snippet:-1","max-image-preview":"max-image-preview:large","max-video-preview":"max-video-preview:-1"},"canonical":"https:\/\/vapebulkp.com\/lt\/product\/wholesale-price-bang-leader-80000-puffs-vape-device\/","og_locale":"lt_LT","og_type":"article","og_title":"Wholesale Price Bang LEADER 80000 Puffs Vape Device - vapebulkp.com","og_description":"Shop Bang LEADER 80000 Puffs 3-in-1 Disposable Vape at Vapebulkp.com. Features 3 flavors, 850mAh rechargeable battery\uff0cWholesale pricing available.","og_url":"https:\/\/vapebulkp.com\/lt\/product\/wholesale-price-bang-leader-80000-puffs-vape-device\/","og_site_name":"vapebulkp.com","article_modified_time":"2025-09-24T03:01:41+00:00","og_image":[{"width":800,"height":800,"url":"http:\/\/vapebulkp.com\/wp-content\/uploads\/2025\/05\/Bang-LEADER-80000-Puff-Wholesale-Disposable-Vape.webp","type":"image\/webp"}],"twitter_card":"summary_large_image","twitter_misc":{"Est. reading time":"4 minut\u0117s"},"schema":{"@context":"https:\/\/schema.org","@graph":[{"@type":"WebPage","@id":"https:\/\/vapebulkp.com\/product\/wholesale-price-bang-leader-80000-puffs-vape-device\/","url":"https:\/\/vapebulkp.com\/product\/wholesale-price-bang-leader-80000-puffs-vape-device\/","name":"Wholesale Price Bang LEADER 80000 Puffs Vape Device - vapebulkp.com","isPartOf":{"@id":"https:\/\/vapebulkp.com\/#website"},"datePublished":"2025-05-19T02:59:45+00:00","dateModified":"2025-09-24T03:01:41+00:00","description":"Shop Bang LEADER 80000 Puffs 3-in-1 Disposable Vape at Vapebulkp.com. Features 3 flavors, 850mAh rechargeable battery\uff0cWholesale pricing available.","breadcrumb":{"@id":"https:\/\/vapebulkp.com\/product\/wholesale-price-bang-leader-80000-puffs-vape-device\/#breadcrumb"},"inLanguage":"lt-LT","potentialAction":[{"@type":"ReadAction","target":["https:\/\/vapebulkp.com\/product\/wholesale-price-bang-leader-80000-puffs-vape-device\/"]}]},{"@type":"BreadcrumbList","@id":"https:\/\/vapebulkp.com\/product\/wholesale-price-bang-leader-80000-puffs-vape-device\/#breadcrumb","itemListElement":[{"@type":"ListItem","position":1,"name":"Home","item":"https:\/\/vapebulkp.com\/"},{"@type":"ListItem","position":2,"name":"Hot Trend Vapes","item":"https:\/\/vapebulkp.com\/vape-shop\/"},{"@type":"ListItem","position":3,"name":"Wholesale Price Bang LEADER 80000 Puffs Vape Device"}]},{"@type":"WebSite","@id":"https:\/\/vapebulkp.com\/#website","url":"https:\/\/vapebulkp.com\/","name":"vapebulkp.com","description":"Buy Vape In Cheap Bulk Price Near you","publisher":{"@id":"https:\/\/vapebulkp.com\/#organization"},"potentialAction":[{"@type":"SearchAction","target":{"@type":"EntryPoint","urlTemplate":"https:\/\/vapebulkp.com\/?s={search_term_string}"},"query-input":"required name=search_term_string"}],"inLanguage":"lt-LT"},{"@type":"Organization","@id":"https:\/\/vapebulkp.com\/#organization","name":"vapebulkp.com","url":"https:\/\/vapebulkp.com\/","logo":{"@type":"ImageObject","inLanguage":"lt-LT","@id":"https:\/\/vapebulkp.com\/#\/schema\/logo\/image\/","url":"https:\/\/vapebulkp.com\/wp-content\/uploads\/2023\/09\/cropped-vapebulkp.png","contentUrl":"https:\/\/vapebulkp.com\/wp-content\/uploads\/2023\/09\/cropped-vapebulkp.png","width":516,"height":163,"caption":"vapebulkp.com"},"image":{"@id":"https:\/\/vapebulkp.com\/#\/schema\/logo\/image\/"}}]}},"uagb_featured_image_src":{"full":["https:\/\/vapebulkp.com\/wp-content\/uploads\/2025\/05\/Bang-LEADER-80000-Puff-Wholesale-Disposable-Vape.webp",800,800,false],"thumbnail":["https:\/\/vapebulkp.com\/wp-content\/uploads\/2025\/05\/Bang-LEADER-80000-Puff-Wholesale-Disposable-Vape-150x150.webp",150,150,true],"medium":["https:\/\/vapebulkp.com\/wp-content\/uploads\/2025\/05\/Bang-LEADER-80000-Puff-Wholesale-Disposable-Vape-300x300.webp",300,300,true],"medium_large":["https:\/\/vapebulkp.com\/wp-content\/uploads\/2025\/05\/Bang-LEADER-80000-Puff-Wholesale-Disposable-Vape-768x768.webp",768,768,true],"large":["https:\/\/vapebulkp.com\/wp-content\/uploads\/2025\/05\/Bang-LEADER-80000-Puff-Wholesale-Disposable-Vape.webp",800,800,false],"1536x1536":["https:\/\/vapebulkp.com\/wp-content\/uploads\/2025\/05\/Bang-LEADER-80000-Puff-Wholesale-Disposable-Vape.webp",800,800,false],"2048x2048":["https:\/\/vapebulkp.com\/wp-content\/uploads\/2025\/05\/Bang-LEADER-80000-Puff-Wholesale-Disposable-Vape.webp",800,800,false],"trp-custom-language-flag":["https:\/\/vapebulkp.com\/wp-content\/uploads\/2025\/05\/Bang-LEADER-80000-Puff-Wholesale-Disposable-Vape.webp",12,12,false],"woocommerce_thumbnail":["https:\/\/vapebulkp.com\/wp-content\/uploads\/2025\/05\/Bang-LEADER-80000-Puff-Wholesale-Disposable-Vape-300x300.webp",300,300,true],"woocommerce_single":["https:\/\/vapebulkp.com\/wp-content\/uploads\/2025\/05\/Bang-LEADER-80000-Puff-Wholesale-Disposable-Vape-600x600.webp",600,600,true],"woocommerce_gallery_thumbnail":["https:\/\/vapebulkp.com\/wp-content\/uploads\/2025\/05\/Bang-LEADER-80000-Puff-Wholesale-Disposable-Vape-100x100.webp",100,100,true],"wcpr-photo-reviews":["https:\/\/vapebulkp.com\/wp-content\/uploads\/2025\/05\/Bang-LEADER-80000-Puff-Wholesale-Disposable-Vape.webp",500,500,false]},"uagb_author_info":{"display_name":"Mandy vape bulk price","author_link":"https:\/\/vapebulkp.com\/lt\/author\/"},"uagb_comment_info":0,"uagb_excerpt":"Bang LEADER 80000 Puffs 3-in-1 Disposable Vape with switchable flavors, mesh coil, LED puff counter &amp; 850mAh rechargeable battery. Ideal for long use, wholesale orders, and EU vape resellers. Pls Contact Mandy's WhatsApp For Discount Price+8618077105796 NOTE: Prices on our website does not include shipping costs &nbsp;","_links":{"self":[{"href":"https:\/\/vapebulkp.com\/lt\/wp-json\/wp\/v2\/product\/3768","targetHints":{"allow":["GET"]}}],"collection":[{"href":"https:\/\/vapebulkp.com\/lt\/wp-json\/wp\/v2\/product"}],"about":[{"href":"https:\/\/vapebulkp.com\/lt\/wp-json\/wp\/v2\/types\/product"}],"replies":[{"embeddable":true,"href":"https:\/\/vapebulkp.com\/lt\/wp-json\/wp\/v2\/comments?post=3768"}],"wp:featuredmedia":[{"embeddable":true,"href":"https:\/\/vapebulkp.com\/lt\/wp-json\/wp\/v2\/media\/3762"}],"wp:attachment":[{"href":"https:\/\/vapebulkp.com\/lt\/wp-json\/wp\/v2\/media?parent=3768"}],"wp:term":[{"taxonomy":"product_cat","embeddable":true,"href":"https:\/\/vapebulkp.com\/lt\/wp-json\/wp\/v2\/product_cat?post=3768"},{"taxonomy":"product_tag","embeddable":true,"href":"https:\/\/vapebulkp.com\/lt\/wp-json\/wp\/v2\/product_tag?post=3768"}],"curies":[{"name":"wp","href":"https:\/\/api.w.org\/{rel}","templated":true}]}}