{"id":3831,"date":"2025-06-11T05:45:24","date_gmt":"2025-06-11T03:45:24","guid":{"rendered":"https:\/\/vapebulkp.com\/?post_type=product&#038;p=3831"},"modified":"2025-09-24T05:49:52","modified_gmt":"2025-09-24T03:49:52","slug":"fizzy-max-60000-puffs-6-in-1-high-capacity-vaping-device","status":"publish","type":"product","link":"https:\/\/vapebulkp.com\/lt\/product\/fizzy-max-60000-puffs-6-in-1-high-capacity-vaping-device\/","title":{"rendered":"Fizzy Max 60000 PUFFS 6 VIENAME Didel\u0117s Talpos Vapingo \u012erenginys"},"content":{"rendered":"<h2 style=\"text-align: left\">Fizzy Max III 60000 PUFFS 6 IN 1 didel\u0117s talpos garinimo prietaisas<\/h2>\n<p data-start=\"142\" data-end=\"417\">Tas <strong data-start=\"146\" data-end=\"191\">Fizzy Max III 60000 Puffs garinimo prietais\u0173 i\u0161pardavimas\u00a0<\/strong> yra sukurtas Europos garinimo entuziastams, ie\u0161kantiems <strong data-start=\"244\" data-end=\"279\">didel\u0117s talpos \u012fkraunam\u0173 garinimo prietais\u0173<\/strong> veikimo ir auk\u0161\u010diausios kokyb\u0117s skonio. Su 850 mAh baterija ir greitu Type-C \u012fkrovimu, jis si\u016blo ilgalaikes sesijas su minimaliu prastovos laiku.<\/p>\n<p data-start=\"419\" data-end=\"741\">Jo 60 ml e-skys\u010dio talpa suteikia iki <a href=\"https:\/\/vapebulkp.com\/lt\/product-category\/60000-puffs-disposable-vape\/\"><strong data-start=\"457\" data-end=\"488\">60000 \u012fkv\u0117pim\u0173 vienkartinis garintuvas<\/strong><\/a>, u\u017etikrinant skland\u0173 ir nuosekl\u0173 gar\u0105 vis\u0105 laik\u0105. Sukurtas su pa\u017eangia <strong data-start=\"559\" data-end=\"588\">tinklinio ritinio vape<\/strong> technologija, kiekvienas \u012fkv\u0117pimas yra pripildytas sodriu skoniu ir tir\u0161tais debesimis. Pasirinkite i\u0161 2% ir 5% nikotino <strong data-start=\"682\" data-end=\"704\">nikotino druskos vapingo<\/strong> galimybi\u0173 pritaikytai patir\u010diai.<\/p>\n<p data-start=\"743\" data-end=\"1029\">Ergonomi\u0161kai suprojektuotas ir ne\u0161iojamas, \u0161is <strong data-start=\"785\" data-end=\"817\">ilgalaikis vienkartinis garinimo prietaisas<\/strong> jungia patogum\u0105, stili\u0173 ir gali\u0105 viename prietaise. Idealiai tinka daug vartojantiems, skonio m\u0117g\u0117jams ar didmeniniams pirk\u0117jams, Fizzy Max III suteikia auk\u0161\u010diausios kokyb\u0117s, be vargo garinimo sprendim\u0105 didmeninei prekybai<\/p>\n<h6>D\u0117l nuolaidos kainos susisiekite su Mandy per WhatsApp<a href=\"https:\/\/wa.me\/8618077105796\">+8618077105796<\/a><\/h6>\n<p><img decoding=\"async\" class=\"alignnone wp-image-2151\" src=\"http:\/\/vapebulkp.com\/wp-content\/uploads\/2024\/04\/Mandy-WhatsApp-Randm.jpg\" alt=\"Mandy WhatsApp Atsitiktinis\" width=\"324\" height=\"330\" \/><\/p>\n<div class=\"flex max-w-full flex-col flex-grow\">\n<div class=\"min-h-8 text-message flex w-full flex-col items-end gap-2 whitespace-normal break-words text-start [.text-message+&amp;]:mt-5\" dir=\"auto\" data-message-author-role=\"assistant\" data-message-id=\"d24cf626-c018-4805-80f5-44de047f2ba0\" data-message-model-slug=\"gpt-4o\">\n<div class=\"flex w-full flex-col gap-1 empty:hidden first:pt-[3px]\">\n<div class=\"markdown prose w-full break-words dark:prose-invert light\">\n<h2>Kod\u0117l verta pirkti Fizzy Max 60000 puffs didelius garinimo prietaisus <a href=\"https:\/\/vapebulkp.com\/lt\/vape-shop\/\">Vapebulkp.com<\/a>?<\/h2>\n<p data-start=\"266\" data-end=\"579\">At <strong data-start=\"247\" data-end=\"264\">Vapebulkp.com<\/strong>, mes si\u016blome <strong data-start=\"279\" data-end=\"330\">autenti\u0161kas Fizzy Max 60000 PUFFS vienkartinis garinimo prietaisas<\/strong> nepralenkiamomis didmenin\u0117mis kainomis. Kaip patikimas garinimo prietais\u0173 platintojas, mes garantuojame <strong data-start=\"407\" data-end=\"432\">100% tikrus produktus<\/strong>, greit\u0105 pristatym\u0105 ir puik\u0173 klient\u0173 aptarnavim\u0105. Kiekvienas prietaisas yra su <strong data-start=\"506\" data-end=\"551\">didel\u0117s talpos 850 mAh \u012fkraunama baterija<\/strong>, <strong data-start=\"553\" data-end=\"574\">auk\u0161\u010diausios kokyb\u0117s tinklelio spirale<\/strong>, ir did\u017eiulis <strong data-start=\"590\" data-end=\"612\">60 ml e-skys\u010dio bakelis<\/strong>, suteikiant ilgalaik\u012f pasitenkinim\u0105 su kiekvienu \u012fkv\u0117pimu. Nesvarbu, ar perkate asmeniniam naudojimui, ar prekybai, Vapebulkp.com garantuoja geriausi\u0105 vert\u0119, nuolaidas dideliems kiekiams ir naujausius modelius. Pirkite u\u017etikrintai su saugiu atsiskaitymu ir realaus laiko atsarg\u0173 atnaujinimais.<\/p>\n<\/div>\n<\/div>\n<\/div>\n<\/div>\n<h2>\u201eFizzy Max III 60k Puffs\u201c vienkartinio garintuvo pagrindin\u0117s specifikacijos:<\/h2>\n<p><strong data-start=\"248\" data-end=\"257\">\u012ekv\u0117pimai<\/strong>: 60000 \u012fkv\u0117pim\u0173 \u2013 itin didel\u0117 talpa ilgalaikiam garinimo pasitenkinimui<br data-start=\"329\" data-end=\"332\" \/><strong data-start=\"332\" data-end=\"342\">Dizainas<\/strong>: kompakti\u0161kas 6-in-1 modulinis dizainas \u2013 inovatyvus ir taupantis viet\u0105<br data-start=\"406\" data-end=\"409\" \/><strong data-start=\"409\" data-end=\"422\">Rit\u0117s tipas<\/strong>: pa\u017eangi tinklelio spiral\u0117 \u2013 u\u017etikrina sklandesnius \u012fkv\u0117pimus ir sodresn\u012f skonio i\u0161gavim\u0105<br data-start=\"496\" data-end=\"499\" \/><strong data-start=\"499\" data-end=\"520\" data-is-only-node=\"\">E-skys\u010dio talpa<\/strong>: 60 ml auk\u0161\u010diausios kokyb\u0117s e-skys\u010dio \u2013 pastovus ir pilnas skonis<br data-start=\"587\" data-end=\"590\" \/><strong data-start=\"590\" data-end=\"610\">Baterijos talpa<\/strong>: \u012fmontuota 850 mAh didelio na\u0161umo baterija \u2013 \u012fkraunama per C tipo jungt\u012f<br data-start=\"678\" data-end=\"681\" \/><strong data-start=\"681\" data-end=\"702\">Nikotino stiprumas<\/strong>: galima su 2% ir 5% nikotino koncentracija \u2013 tinka tiek pradedantiesiems, tiek patyrusiems garintojams<br data-start=\"769\" data-end=\"772\" \/><strong data-start=\"772\" data-end=\"789\">\u012ekrovimo prievadas<\/strong>: C tipo greitas \u012fkrovimas \u2013 greitas ir patikimas energijos tiekimas<br data-start=\"847\" data-end=\"850\" \/><strong data-start=\"850\" data-end=\"861\">Ekranas<\/strong>: i\u0161manusis LED ekranas \u2013 realaus laiko baterijos ir e-skys\u010dio lygio steb\u0117jimas<\/p>\n<h2><strong>\u201eFizzy Max III 60000 PUFFS\u201c skoni\u0173 s\u0105ra\u0161as<\/strong><\/h2>\n<p>1: bra\u0161ki\u0173 ir arb\u016bzo<br \/>\n2: m\u0117lyni\u0173 ir ledo<br \/>\n3: arb\u016bzo ir ledo<br \/>\n4: bra\u0161ki\u0173 ir drakono vaisiaus<br \/>\n5: bra\u0161ki\u0173 ir avie\u010di\u0173<br \/>\n6: Bra\u0161ki\u0173 Vynuog\u0117s<br \/>\n7: M\u0117lyni\u0173 Avie\u010di\u0173<br \/>\n8: Mi\u0161rios Uogos<br \/>\n9: Bra\u0161ki\u0173 Kiviai<br \/>\n10: M\u0117lyn\u0173 avie\u010di\u0173 ledas<\/p>\n<p><span style=\"vertical-align: inherit\">Raskite daugiau produkt\u0173, kurie jums gali patikti:<\/span><em><a href=\"https:\/\/wa.me\/8618077105796\"><span style=\"vertical-align: inherit\">\u00a0Pirkti dabar<\/span><\/a><\/em><\/p>\n<p><span style=\"vertical-align: inherit\">Kiti \u012ftraukimai, kurie jums gali patikti:<\/span><a href=\"https:\/\/vapebulkp.com\/lt\/product\/wholesale-price-bang-kingdoms-rex-32000-puffs-vape-pod\/\"><span style=\"vertical-align: inherit\">Bang Kingdoms 32000 \u012ftraukim\u0173<\/span><\/a><span style=\"vertical-align: inherit\">\u3001<\/span><a href=\"https:\/\/vapebulkp.com\/lt\/product\/bang-blaze-60000-puffs-4-in1-disposable-vape-for-wholesale-price\/\"><span style=\"vertical-align: inherit\">Bang Blaze 60000 \u012ftraukim\u0173<\/span><\/a><span style=\"vertical-align: inherit\">\/ <\/span><a href=\"https:\/\/vapebulkp.com\/lt\/product\/waspe-3in1-60000-puffs-disposable-vape-high-capacity\/\"><span style=\"vertical-align: inherit\">WASPE 3 in 1 60000 \u012ekv\u0117pim\u0173<\/span><\/a><span style=\"vertical-align: inherit\">\/ <\/span><a href=\"https:\/\/vapebulkp.com\/lt\/product\/waspe-vape-40000-puff-fihp-double-flavour-disposable-vape\/\"><span style=\"vertical-align: inherit\">WASPE 40000 \u012ftraukim\u0173<\/span><\/a><\/p>\n<p>&nbsp;<\/p>\n<h2>DUK apie Fizzy Max 60000 PUFFS 6 IN 1 tinklelio rit\u0117s garintuv\u0105<\/h2>\n<p data-start=\"237\" data-end=\"567\"><strong data-start=\"237\" data-end=\"297\">1. Kas yra Fizzy Max 60000 Puffs 6 in 1 garinimo prietaisas?<\/strong><br data-start=\"297\" data-end=\"300\" \/>Fizzy Max 60000 Puffs yra didel\u0117s talpos <strong data-start=\"345\" data-end=\"371\">vienkartinis garinimo prietaisas<\/strong> turintis \u201e6-in-1\u201c dizain\u0105. Jis sujungia galing\u0105 na\u0161um\u0105 su patogumu, suteikdamas iki <strong data-start=\"467\" data-end=\"483\">60 000 \u012fkv\u0117pim\u0173<\/strong> per auk\u0161\u010diausios kokyb\u0117s <strong data-start=\"500\" data-end=\"524\">tinklin\u0117s spiral\u0117s technologija<\/strong> ir did\u017eiul\u012f <strong data-start=\"539\" data-end=\"556\">60 ml e-skys\u010dio<\/strong> talpykl\u0105.<\/p>\n<p data-start=\"569\" data-end=\"795\"><strong data-start=\"569\" data-end=\"623\">2. Ar \u201eFizzy Max 60000 Puffs Vapes\u201c yra \u012fkraunami?<\/strong><br data-start=\"623\" data-end=\"626\" \/>Taip, prietaisas yra <strong data-start=\"645\" data-end=\"688\">\u012fkraunamas per C tipo \u012fkrovimo jungt\u012f<\/strong>. Jis turi <strong data-start=\"707\" data-end=\"734\">850 mAh \u012fmontuota baterija<\/strong> kuri palaiko greit\u0105 ir efektyv\u0173 \u012fkrovim\u0105, skirt\u0105 ilgalaikiam naudojimui.<\/p>\n<p data-start=\"797\" data-end=\"994\"><strong data-start=\"797\" data-end=\"844\">3. Kiek nikotino variant\u0173 yra \u201eFizzy vape 60000 puff\u201c?<\/strong><br data-start=\"844\" data-end=\"847\" \/>\u201eFizzy Max 60000 Vape\u201c galima \u012fsigyti <strong data-start=\"888\" data-end=\"920\">2% ir 5% nikotino stiprumo<\/strong>, leid\u017eiant vartotojams pasirinkti pageidaujam\u0105 nikotino pasitenkinimo lyg\u012f.<\/p>\n<p data-start=\"996\" data-end=\"1248\"><strong data-start=\"996\" data-end=\"1059\">4. Koki\u0173 skoni\u0173 yra \u201eFizzy Max 6 in 1 Vape\u201c?<\/strong><br data-start=\"1059\" data-end=\"1062\" \/>Sistema \u201e6 in 1\u201c paprastai apima <strong data-start=\"1099\" data-end=\"1132\">\u0161e\u0161is i\u0161 anksto u\u017epildytus skonio variantus<\/strong> viename \u012frenginyje, si\u016blanti \u012fvairi\u0173 skonio potyri\u0173. Skoni\u0173 prieinamumas gali skirtis priklausomai nuo atsarg\u0173 ir regiono.<\/p>\n<h3>Pristatymo detal\u0117s:<\/h3>\n<p><span style=\"color: #ff6600\">Gamybos laikas: 5-10 darbo dien\u0173<\/span><br \/>\n<span style=\"color: #ff6600\">Pristatymo laikas: 8-14 darbo dien\u0173<\/span><\/p>\n<p>Visi m\u016bs\u0173 parduotuv\u0117s produktai yra 100% original\u016bs ir autenti\u0161ki, tod\u0117l m\u016bs\u0173 parduotuv\u0117s politika yra de\u0161imteriopa kompensacija u\u017e padirbtas prekes. Prek\u0117ms pristatyti naudojame tokius logistikos kanalus kaip UPS\/DHL\/FEDEX\/DPD.<\/p>\n<p>Pristatymas \u012f Lietuvos \u0161alis paprastai trunka 10 darbo dien\u0173. Pristatymas \u012f Europos \u0161alis paprastai u\u017etrunka nuo 12 iki 15 darbo dien\u0173. Logistikos informacij\u0105 atnaujinsime realiuoju laiku.<\/p>","protected":false},"excerpt":{"rendered":"<p>Ilgalaikis pasitenkinimas su Fizzy Max 60000 Puffs vienkartiniu garinimo prietaisu. Itin didel\u0117 talpa, platus skoni\u0173 pasirinkimas \u2013 jokio \u012fkrovimo, jokio pildymo, tiesiog \u012fkv\u0117pkite ir m\u0117gaukit\u0117s!<\/p>\n<p>D\u0117l nuolaidos kainos susisiekite su Mandy per WhatsApp<a href=\"https:\/\/wa.me\/8618077105796\">+8618077105796<\/a><\/p>\n<p><img decoding=\"async\" class=\"alignnone wp-image-2151\" src=\"http:\/\/vapebulkp.com\/wp-content\/uploads\/2024\/04\/Mandy-WhatsApp-Randm.jpg\" alt=\"Mandy WhatsApp Atsitiktinis\" width=\"297\" height=\"316\" srcset=\"https:\/\/vapebulkp.com\/wp-content\/uploads\/2024\/04\/Mandy-WhatsApp-Randm.jpg 916w, https:\/\/vapebulkp.com\/wp-content\/uploads\/2024\/04\/Mandy-WhatsApp-Randm-282x300.jpg 282w, https:\/\/vapebulkp.com\/wp-content\/uploads\/2024\/04\/Mandy-WhatsApp-Randm-768x817.jpg 768w, https:\/\/vapebulkp.com\/wp-content\/uploads\/2024\/04\/Mandy-WhatsApp-Randm-600x638.jpg 600w\" sizes=\"(max-width: 297px) 100vw, 297px\" \/><\/p>\n<p><span style=\"color: #ff0000\">PASTABA: Kainos m\u016bs\u0173 svetain\u0117je neapima siuntimo i\u0161laid\u0173<\/span><\/p>\n<p>&nbsp;<\/p>","protected":false},"featured_media":3830,"comment_status":"open","ping_status":"closed","template":"","meta":{"_uag_custom_page_level_css":"","_lmt_disableupdate":"no","_lmt_disable":"","site-sidebar-layout":"default","site-content-layout":"content-boxed-container","ast-site-content-layout":"normal-width-container","site-content-style":"boxed","site-sidebar-style":"unboxed","ast-global-header-display":"","ast-banner-title-visibility":"","ast-main-header-display":"","ast-hfb-above-header-display":"","ast-hfb-below-header-display":"","ast-hfb-mobile-header-display":"","site-post-title":"","ast-breadcrumbs-content":"","ast-featured-img":"","footer-sml-layout":"","theme-transparent-header-meta":"default","adv-header-id-meta":"","stick-header-meta":"","header-above-stick-meta":"","header-main-stick-meta":"","header-below-stick-meta":"","astra-migrate-meta-layouts":"set","_joinchat":[]},"product_cat":[234,153,155,351,33,59,100,87,34,158,157,154,152,58,84,156,63,32],"product_tag":[254,36,37,41,286],"class_list":["post-3831","product","type-product","status-publish","has-post-thumbnail","hentry","product_cat-60000-puffs-disposable-vape","product_cat-hot-disposable-vapes","product_cat-belgium-hot-disposable-vapes","product_cat-fizzy-vape","product_cat-france-vape-hot-sale","product_cat-germany-hot-disposable-vape","product_cat-germany-wholesale-vape-shop","product_cat-minimum-order-quantity-50pcs","product_cat-netherlands-vape-good-sale","product_cat-norway-hot-disposable-vapes","product_cat-poland-hot-disposable-vapes","product_cat-portugal-hot-disposable-vapes","product_cat-spain-hot-disposable-vapes","product_cat-sweden-hot-disposable-vape","product_cat-sweden-wholesale-vape","product_cat-switzerland-hot-disposable-vapes","product_cat-top-sale-disposable-vape","product_cat-vape-hot-sale-this-week","product_tag-fizzy-max-60000-puffs","product_tag-good-vape","product_tag-hot-sale-disposable-vape","product_tag-poland-hot-vape","product_tag-puffs-stock-in-europe","pa_brand-fizzy-vape","desktop-align-left","tablet-align-left","mobile-align-left"],"yoast_head":"<!-- This site is optimized with the Yoast SEO plugin v21.1 - https:\/\/yoast.com\/wordpress\/plugins\/seo\/ -->\n<title>Fizzy Max 60000 PUFFS 6 IN 1 High Capacity Vaping Device - vapebulkp.com<\/title>\n<meta name=\"description\" content=\"Buy Fizzy Max 60000 Puffs 6 in 1 Disposable Vape at Vapebulkp.com. Premium flavor, LED display, rechargeable battery, and high-capacity design in one device.\" \/>\n<meta name=\"robots\" content=\"index, follow, max-snippet:-1, max-image-preview:large, max-video-preview:-1\" \/>\n<link rel=\"canonical\" href=\"https:\/\/vapebulkp.com\/lt\/product\/fizzy-max-60000-puffs-6-in-1-high-capacity-vaping-device\/\" \/>\n<meta property=\"og:locale\" content=\"lt_LT\" \/>\n<meta property=\"og:type\" content=\"article\" \/>\n<meta property=\"og:title\" content=\"Fizzy Max 60000 PUFFS 6 IN 1 High Capacity Vaping Device - vapebulkp.com\" \/>\n<meta property=\"og:description\" content=\"Buy Fizzy Max 60000 Puffs 6 in 1 Disposable Vape at Vapebulkp.com. Premium flavor, LED display, rechargeable battery, and high-capacity design in one device.\" \/>\n<meta property=\"og:url\" content=\"https:\/\/vapebulkp.com\/lt\/product\/fizzy-max-60000-puffs-6-in-1-high-capacity-vaping-device\/\" \/>\n<meta property=\"og:site_name\" content=\"vapebulkp.com\" \/>\n<meta property=\"article:modified_time\" content=\"2025-09-24T03:49:52+00:00\" \/>\n<meta property=\"og:image\" content=\"http:\/\/vapebulkp.com\/wp-content\/uploads\/2025\/06\/Long-Lasting-Fizzy-Max-III-Vape-60000-Puff-Disposable-Vape-Pen.webp\" \/>\n\t<meta property=\"og:image:width\" content=\"800\" \/>\n\t<meta property=\"og:image:height\" content=\"800\" \/>\n\t<meta property=\"og:image:type\" content=\"image\/webp\" \/>\n<meta name=\"twitter:card\" content=\"summary_large_image\" \/>\n<meta name=\"twitter:label1\" content=\"Est. reading time\" \/>\n\t<meta name=\"twitter:data1\" content=\"4 minut\u0117s\" \/>\n<script type=\"application\/ld+json\" class=\"yoast-schema-graph\">{\"@context\":\"https:\/\/schema.org\",\"@graph\":[{\"@type\":\"WebPage\",\"@id\":\"https:\/\/vapebulkp.com\/product\/fizzy-max-60000-puffs-6-in-1-high-capacity-vaping-device\/\",\"url\":\"https:\/\/vapebulkp.com\/product\/fizzy-max-60000-puffs-6-in-1-high-capacity-vaping-device\/\",\"name\":\"Fizzy Max 60000 PUFFS 6 IN 1 High Capacity Vaping Device - vapebulkp.com\",\"isPartOf\":{\"@id\":\"https:\/\/vapebulkp.com\/#website\"},\"datePublished\":\"2025-06-11T03:45:24+00:00\",\"dateModified\":\"2025-09-24T03:49:52+00:00\",\"description\":\"Buy Fizzy Max 60000 Puffs 6 in 1 Disposable Vape at Vapebulkp.com. Premium flavor, LED display, rechargeable battery, and high-capacity design in one device.\",\"breadcrumb\":{\"@id\":\"https:\/\/vapebulkp.com\/product\/fizzy-max-60000-puffs-6-in-1-high-capacity-vaping-device\/#breadcrumb\"},\"inLanguage\":\"lt-LT\",\"potentialAction\":[{\"@type\":\"ReadAction\",\"target\":[\"https:\/\/vapebulkp.com\/product\/fizzy-max-60000-puffs-6-in-1-high-capacity-vaping-device\/\"]}]},{\"@type\":\"BreadcrumbList\",\"@id\":\"https:\/\/vapebulkp.com\/product\/fizzy-max-60000-puffs-6-in-1-high-capacity-vaping-device\/#breadcrumb\",\"itemListElement\":[{\"@type\":\"ListItem\",\"position\":1,\"name\":\"Home\",\"item\":\"https:\/\/vapebulkp.com\/\"},{\"@type\":\"ListItem\",\"position\":2,\"name\":\"Hot Trend Vapes\",\"item\":\"https:\/\/vapebulkp.com\/vape-shop\/\"},{\"@type\":\"ListItem\",\"position\":3,\"name\":\"Fizzy Max 60000 PUFFS 6 IN 1 High Capacity Vaping Device\"}]},{\"@type\":\"WebSite\",\"@id\":\"https:\/\/vapebulkp.com\/#website\",\"url\":\"https:\/\/vapebulkp.com\/\",\"name\":\"vapebulkp.com\",\"description\":\"Buy Vape In Cheap Bulk Price Near you\",\"publisher\":{\"@id\":\"https:\/\/vapebulkp.com\/#organization\"},\"potentialAction\":[{\"@type\":\"SearchAction\",\"target\":{\"@type\":\"EntryPoint\",\"urlTemplate\":\"https:\/\/vapebulkp.com\/?s={search_term_string}\"},\"query-input\":\"required name=search_term_string\"}],\"inLanguage\":\"lt-LT\"},{\"@type\":\"Organization\",\"@id\":\"https:\/\/vapebulkp.com\/#organization\",\"name\":\"vapebulkp.com\",\"url\":\"https:\/\/vapebulkp.com\/\",\"logo\":{\"@type\":\"ImageObject\",\"inLanguage\":\"lt-LT\",\"@id\":\"https:\/\/vapebulkp.com\/#\/schema\/logo\/image\/\",\"url\":\"https:\/\/vapebulkp.com\/wp-content\/uploads\/2023\/09\/cropped-vapebulkp.png\",\"contentUrl\":\"https:\/\/vapebulkp.com\/wp-content\/uploads\/2023\/09\/cropped-vapebulkp.png\",\"width\":516,\"height\":163,\"caption\":\"vapebulkp.com\"},\"image\":{\"@id\":\"https:\/\/vapebulkp.com\/#\/schema\/logo\/image\/\"}}]}<\/script>\n<!-- \/ Yoast SEO plugin. -->","yoast_head_json":{"title":"Fizzy Max 60000 PUFFS 6 IN 1 High Capacity Vaping Device - vapebulkp.com","description":"Buy Fizzy Max 60000 Puffs 6 in 1 Disposable Vape at Vapebulkp.com. Premium flavor, LED display, rechargeable battery, and high-capacity design in one device.","robots":{"index":"index","follow":"follow","max-snippet":"max-snippet:-1","max-image-preview":"max-image-preview:large","max-video-preview":"max-video-preview:-1"},"canonical":"https:\/\/vapebulkp.com\/lt\/product\/fizzy-max-60000-puffs-6-in-1-high-capacity-vaping-device\/","og_locale":"lt_LT","og_type":"article","og_title":"Fizzy Max 60000 PUFFS 6 IN 1 High Capacity Vaping Device - vapebulkp.com","og_description":"Buy Fizzy Max 60000 Puffs 6 in 1 Disposable Vape at Vapebulkp.com. Premium flavor, LED display, rechargeable battery, and high-capacity design in one device.","og_url":"https:\/\/vapebulkp.com\/lt\/product\/fizzy-max-60000-puffs-6-in-1-high-capacity-vaping-device\/","og_site_name":"vapebulkp.com","article_modified_time":"2025-09-24T03:49:52+00:00","og_image":[{"width":800,"height":800,"url":"http:\/\/vapebulkp.com\/wp-content\/uploads\/2025\/06\/Long-Lasting-Fizzy-Max-III-Vape-60000-Puff-Disposable-Vape-Pen.webp","type":"image\/webp"}],"twitter_card":"summary_large_image","twitter_misc":{"Est. reading time":"4 minut\u0117s"},"schema":{"@context":"https:\/\/schema.org","@graph":[{"@type":"WebPage","@id":"https:\/\/vapebulkp.com\/product\/fizzy-max-60000-puffs-6-in-1-high-capacity-vaping-device\/","url":"https:\/\/vapebulkp.com\/product\/fizzy-max-60000-puffs-6-in-1-high-capacity-vaping-device\/","name":"Fizzy Max 60000 PUFFS 6 IN 1 High Capacity Vaping Device - vapebulkp.com","isPartOf":{"@id":"https:\/\/vapebulkp.com\/#website"},"datePublished":"2025-06-11T03:45:24+00:00","dateModified":"2025-09-24T03:49:52+00:00","description":"Buy Fizzy Max 60000 Puffs 6 in 1 Disposable Vape at Vapebulkp.com. Premium flavor, LED display, rechargeable battery, and high-capacity design in one device.","breadcrumb":{"@id":"https:\/\/vapebulkp.com\/product\/fizzy-max-60000-puffs-6-in-1-high-capacity-vaping-device\/#breadcrumb"},"inLanguage":"lt-LT","potentialAction":[{"@type":"ReadAction","target":["https:\/\/vapebulkp.com\/product\/fizzy-max-60000-puffs-6-in-1-high-capacity-vaping-device\/"]}]},{"@type":"BreadcrumbList","@id":"https:\/\/vapebulkp.com\/product\/fizzy-max-60000-puffs-6-in-1-high-capacity-vaping-device\/#breadcrumb","itemListElement":[{"@type":"ListItem","position":1,"name":"Home","item":"https:\/\/vapebulkp.com\/"},{"@type":"ListItem","position":2,"name":"Hot Trend Vapes","item":"https:\/\/vapebulkp.com\/vape-shop\/"},{"@type":"ListItem","position":3,"name":"Fizzy Max 60000 PUFFS 6 IN 1 High Capacity Vaping Device"}]},{"@type":"WebSite","@id":"https:\/\/vapebulkp.com\/#website","url":"https:\/\/vapebulkp.com\/","name":"vapebulkp.com","description":"Buy Vape In Cheap Bulk Price Near you","publisher":{"@id":"https:\/\/vapebulkp.com\/#organization"},"potentialAction":[{"@type":"SearchAction","target":{"@type":"EntryPoint","urlTemplate":"https:\/\/vapebulkp.com\/?s={search_term_string}"},"query-input":"required name=search_term_string"}],"inLanguage":"lt-LT"},{"@type":"Organization","@id":"https:\/\/vapebulkp.com\/#organization","name":"vapebulkp.com","url":"https:\/\/vapebulkp.com\/","logo":{"@type":"ImageObject","inLanguage":"lt-LT","@id":"https:\/\/vapebulkp.com\/#\/schema\/logo\/image\/","url":"https:\/\/vapebulkp.com\/wp-content\/uploads\/2023\/09\/cropped-vapebulkp.png","contentUrl":"https:\/\/vapebulkp.com\/wp-content\/uploads\/2023\/09\/cropped-vapebulkp.png","width":516,"height":163,"caption":"vapebulkp.com"},"image":{"@id":"https:\/\/vapebulkp.com\/#\/schema\/logo\/image\/"}}]}},"uagb_featured_image_src":{"full":["https:\/\/vapebulkp.com\/wp-content\/uploads\/2025\/06\/Long-Lasting-Fizzy-Max-III-Vape-60000-Puff-Disposable-Vape-Pen.webp",800,800,false],"thumbnail":["https:\/\/vapebulkp.com\/wp-content\/uploads\/2025\/06\/Long-Lasting-Fizzy-Max-III-Vape-60000-Puff-Disposable-Vape-Pen-150x150.webp",150,150,true],"medium":["https:\/\/vapebulkp.com\/wp-content\/uploads\/2025\/06\/Long-Lasting-Fizzy-Max-III-Vape-60000-Puff-Disposable-Vape-Pen-300x300.webp",300,300,true],"medium_large":["https:\/\/vapebulkp.com\/wp-content\/uploads\/2025\/06\/Long-Lasting-Fizzy-Max-III-Vape-60000-Puff-Disposable-Vape-Pen-768x768.webp",768,768,true],"large":["https:\/\/vapebulkp.com\/wp-content\/uploads\/2025\/06\/Long-Lasting-Fizzy-Max-III-Vape-60000-Puff-Disposable-Vape-Pen.webp",800,800,false],"1536x1536":["https:\/\/vapebulkp.com\/wp-content\/uploads\/2025\/06\/Long-Lasting-Fizzy-Max-III-Vape-60000-Puff-Disposable-Vape-Pen.webp",800,800,false],"2048x2048":["https:\/\/vapebulkp.com\/wp-content\/uploads\/2025\/06\/Long-Lasting-Fizzy-Max-III-Vape-60000-Puff-Disposable-Vape-Pen.webp",800,800,false],"trp-custom-language-flag":["https:\/\/vapebulkp.com\/wp-content\/uploads\/2025\/06\/Long-Lasting-Fizzy-Max-III-Vape-60000-Puff-Disposable-Vape-Pen.webp",12,12,false],"woocommerce_thumbnail":["https:\/\/vapebulkp.com\/wp-content\/uploads\/2025\/06\/Long-Lasting-Fizzy-Max-III-Vape-60000-Puff-Disposable-Vape-Pen-300x300.webp",300,300,true],"woocommerce_single":["https:\/\/vapebulkp.com\/wp-content\/uploads\/2025\/06\/Long-Lasting-Fizzy-Max-III-Vape-60000-Puff-Disposable-Vape-Pen-600x600.webp",600,600,true],"woocommerce_gallery_thumbnail":["https:\/\/vapebulkp.com\/wp-content\/uploads\/2025\/06\/Long-Lasting-Fizzy-Max-III-Vape-60000-Puff-Disposable-Vape-Pen-100x100.webp",100,100,true],"wcpr-photo-reviews":["https:\/\/vapebulkp.com\/wp-content\/uploads\/2025\/06\/Long-Lasting-Fizzy-Max-III-Vape-60000-Puff-Disposable-Vape-Pen.webp",500,500,false]},"uagb_author_info":{"display_name":"Mandy vape bulk price","author_link":"https:\/\/vapebulkp.com\/lt\/author\/"},"uagb_comment_info":0,"uagb_excerpt":"Long-lasting satisfaction with the Fizzy Max 60000 Puffs disposable vape. Ultra-high capacity, wide variety of flavors\u2014no charging, no refilling, just puff and enjoy! Pls Contact Mandy's WhatsApp For Discount Price+8618077105796 NOTE: Prices on our website does not include shipping costs &nbsp;","_links":{"self":[{"href":"https:\/\/vapebulkp.com\/lt\/wp-json\/wp\/v2\/product\/3831","targetHints":{"allow":["GET"]}}],"collection":[{"href":"https:\/\/vapebulkp.com\/lt\/wp-json\/wp\/v2\/product"}],"about":[{"href":"https:\/\/vapebulkp.com\/lt\/wp-json\/wp\/v2\/types\/product"}],"replies":[{"embeddable":true,"href":"https:\/\/vapebulkp.com\/lt\/wp-json\/wp\/v2\/comments?post=3831"}],"wp:featuredmedia":[{"embeddable":true,"href":"https:\/\/vapebulkp.com\/lt\/wp-json\/wp\/v2\/media\/3830"}],"wp:attachment":[{"href":"https:\/\/vapebulkp.com\/lt\/wp-json\/wp\/v2\/media?parent=3831"}],"wp:term":[{"taxonomy":"product_cat","embeddable":true,"href":"https:\/\/vapebulkp.com\/lt\/wp-json\/wp\/v2\/product_cat?post=3831"},{"taxonomy":"product_tag","embeddable":true,"href":"https:\/\/vapebulkp.com\/lt\/wp-json\/wp\/v2\/product_tag?post=3831"}],"curies":[{"name":"wp","href":"https:\/\/api.w.org\/{rel}","templated":true}]}}