{"id":3866,"date":"2025-06-19T09:39:04","date_gmt":"2025-06-19T07:39:04","guid":{"rendered":"https:\/\/vapebulkp.com\/?post_type=product&#038;p=3866"},"modified":"2025-09-24T05:03:02","modified_gmt":"2025-09-24T03:03:02","slug":"wga-40000-puffs-best-sale-disposable-vape-device","status":"publish","type":"product","link":"https:\/\/vapebulkp.com\/lt\/product\/wga-40000-puffs-best-sale-disposable-vape-device\/","title":{"rendered":"WGA 40000 P\u016bpsni\u0173 Geriausiai parduodamas vienkartinis garintuvas"},"content":{"rendered":"<h2>WGA 40000 P\u016bpsni\u0173 Geriausiai parduodamas vienkartinis garintuvas<\/h2>\n<p data-start=\"379\" data-end=\"730\">Tas <strong data-start=\"383\" data-end=\"423\">WGA Vape 40000 Puffs Vienkartinis garintuvas<\/strong> yra auk\u0161\u010diausios kokyb\u0117s <strong data-start=\"437\" data-end=\"470\">didel\u0117s talpos vienkartinis garintuvas<\/strong> sukurtas Europos garinimo entuziastams, kurie reikalauja ilgalaikio veikimo ir intensyvaus skonio. I\u0161 anksto u\u017epildytas 35 ml <strong data-start=\"592\" data-end=\"614\">nikotino druskos vapingo<\/strong>\u0161is prietaisas suteikia iki 40 000 \u012fkv\u0117pim\u0173, u\u017etikrindamas patikim\u0105 ir maloni\u0105 patirt\u012f kasdieniam ar ilgalaikiam naudojimui.<\/p>\n<p data-start=\"732\" data-end=\"975\">Sukurtas kaip <strong data-start=\"743\" data-end=\"775\">\u012fkraunamas vienkartinis vape<\/strong> su 600 mAh baterija ir C tipo greituoju \u012fkrovimu, jis u\u017etikrina pastovi\u0105 gali\u0105 be prastov\u0173. Sistema <strong data-start=\"875\" data-end=\"893\">tinklinio ritinio vape<\/strong> u\u017etikrina tankius debesis, skland\u017eius \u012fkv\u0117pimus ir patobulint\u0105 skon\u012f su kiekvienu \u012fkv\u0117pimu.<\/p>\n<p data-start=\"977\" data-end=\"1325\">\u0160is <strong data-start=\"982\" data-end=\"1021\">ilgalaik\u0117 vienkartin\u0117 elektronin\u0117 cigaret\u0117<\/strong> jungia patogum\u0105, perkeliamum\u0105 ir stili\u0173. Kompakti\u0161kas ir lengvas, jis puikiai tinka kelion\u0117ms, socialin\u0117ms aplinkoms arba didmeniniams pirkimams visoje Europoje. Prietaisas <strong data-start=\"1189\" data-end=\"1229\">WGA garintuvas <a href=\"https:\/\/vapebulkp.com\/lt\/product-category\/40000-puffs-disposable-vape\/\">40000 d\u016bm\u0173 vienkartinis garintuvas<\/a><\/strong> si\u016blo auk\u0161\u010diausios kokyb\u0117s, didel\u0117s talpos na\u0161um\u0105 ir be vargo garinim\u0105 viename prietaise.<\/p>\n<h6>D\u0117l nuolaidos kainos susisiekite su Mandy per WhatsApp<a href=\"https:\/\/wa.me\/8618077105796\">+8618077105796<\/a><\/h6>\n<p><img decoding=\"async\" class=\"alignnone wp-image-2151\" src=\"http:\/\/vapebulkp.com\/wp-content\/uploads\/2024\/04\/Mandy-WhatsApp-Randm.jpg\" alt=\"Mandy WhatsApp Atsitiktinis\" width=\"271\" height=\"289\" srcset=\"https:\/\/vapebulkp.com\/wp-content\/uploads\/2024\/04\/Mandy-WhatsApp-Randm.jpg 916w, https:\/\/vapebulkp.com\/wp-content\/uploads\/2024\/04\/Mandy-WhatsApp-Randm-282x300.jpg 282w, https:\/\/vapebulkp.com\/wp-content\/uploads\/2024\/04\/Mandy-WhatsApp-Randm-768x817.jpg 768w, https:\/\/vapebulkp.com\/wp-content\/uploads\/2024\/04\/Mandy-WhatsApp-Randm-600x638.jpg 600w\" sizes=\"(max-width: 271px) 100vw, 271px\" \/><\/p>\n<h2><strong>Kod\u0117l verta pirkti Hot Vape WGA 40000 Puffs <a href=\"https:\/\/vapebulkp.com\/lt\/\">Vapebulkp.com<\/a>?<\/strong><\/h2>\n<p>At <em>Vapebulkp.com<\/em>, <em>Kristalinis Vape WGA LEGEND ULTRA 30K P\u016b\u010di\u0173<\/em> i\u0161siskiria savo i\u0161skirtiniu na\u0161umu, aptakiu dizainu ir auk\u0161\u010diausios kokyb\u0117s savyb\u0117mis. \u0160tai kod\u0117l tai yra puikus pasirinkimas vaperiams:<\/p>\n<ul>\n<li><strong>Ilgalaikis veikimas:<\/strong> Su <em>30 000 \u012fkv\u0117pim\u0173<\/em> ir <em>24 ml e-skys\u010dio talpa<\/em>jis si\u016blo ilgesn\u012f naudojim\u0105 be da\u017eno keitimo, tod\u0117l puikiai tinka tiek kasdieniam naudojimui, tiek garinimui kelyje.<\/li>\n<li><strong>Dvigubo skonio sistema:<\/strong> M\u0117gaukit\u0117s dviem skirtingais skoniais viename \u012frenginyje, suteikdami individualizuot\u0105 garinimo patirt\u012f, atitinkan\u010di\u0105 j\u016bs\u0173 asmeninius skonio pageidavimus.<\/li>\n<li><strong>Greitas \u012fkrovimas<\/strong> \u012erenginys turi <em>650mAh \u012fkraunam\u0105 baterij\u0105<\/em> ir <em>Type-C \u012fkrovimo prievadas<\/em>, WGA LEGEND ULTRA u\u017etikrina greit\u0105 ir efektyv\u0173 \u012fkrovim\u0105, tod\u0117l \u012frenginys bus paruo\u0161tas naudoti su minimaliomis prastovomis.<\/li>\n<li><strong>Auk\u0161\u010diausia kokyb\u0117<\/strong> Tas <em>1,1 omo tinklelio rit\u0117<\/em> suteikia skland\u0173, nuosekl\u0173 skon\u012f su kiekvienu \u012fkv\u0117pimu, puikiai tinka tiek <em>DTL<\/em> ir <em>MTL<\/em> stiliams. Jis yra prieinamas <em>2%<\/em> ir <em>5% nikotino stiprumo<\/em>, suteikiant patenkinam\u0105 poveik\u012f visiems garintojams.<\/li>\n<li><strong>Konkurencingos kainos<\/strong> Pirkdami i\u0161 <em>Vapebulkp.com<\/em>, j\u016bs pasiekiate konkurencingas kainas su greitu pristatymu tiesiai i\u0161 m\u016bs\u0173 Europos sand\u0117lio, u\u017etikrinant, kad gausite savo prietais\u0105 greitai ir u\u017e geriausi\u0105 vert\u0119.<\/li>\n<li><strong>Patikimas prek\u0117s \u017eenklas:<\/strong> Tas <em>WGA LEGEND ULTRA<\/em> yra patikimas produktas, \u017einomas d\u0117l savo ekologi\u0161ko dizaino ir auk\u0161\u010diausios kokyb\u0117s, tod\u0117l yra puikus pasirinkimas i\u0161rankiems garintojams, kurie vertina kokyb\u0119, naujoves ir patogum\u0105.<\/li>\n<\/ul>\n<div class=\"faqs-answer\">\n<h3><strong>DUK apie didelio \u012fkv\u0117pimo vienkartin\u012f garintuv\u0105 WGA 40000 Puffs <\/strong><strong>:<\/strong><\/h3>\n<p>&nbsp;<\/p>\n<p data-start=\"204\" data-end=\"407\"><strong data-start=\"204\" data-end=\"269\">1. Kiek \u012fkv\u0117pim\u0173 suteikia WGA 40000 \u012fkv\u0117pim\u0173 vienkartinis garintuvas?<\/strong><br data-start=\"269\" data-end=\"272\" \/>WGA 40000 vienkartinis garintuvas si\u016blo iki 40 000 \u012fkv\u0117pim\u0173, tod\u0117l jis yra vienas i\u0161 ilgiausiai veikian\u010di\u0173 vienkartini\u0173 garintuv\u0173, prieinam\u0173 rinkoje.<\/p>\n<p data-start=\"409\" data-end=\"578\"><strong data-start=\"409\" data-end=\"451\">2. Ar WGA 40000 Vapes yra \u012fkraunamas?<\/strong><br data-start=\"451\" data-end=\"454\" \/>Taip, jame yra \u012fmontuota 600 mAh \u012fkraunama baterija su patogiu C tipo \u012fkrovimo prievadu, skirtu greitam ir lengvam \u012fkrovimui.<\/p>\n<p data-start=\"580\" data-end=\"734\"><strong data-start=\"580\" data-end=\"625\">3. Kokie nikotino stiprumai galimi WGA 40K PUFF VAPE?<\/strong><br data-start=\"625\" data-end=\"628\" \/>\u0160is garintuvas yra dviej\u0173 nikotino variant\u0173: 2% (20 mg\/ml) ir 5% (50 mg\/ml), kad tikt\u0173 skirtingiems vartotoj\u0173 poreikiams.<\/p>\n<p data-start=\"736\" data-end=\"890\"><strong data-start=\"736\" data-end=\"788\">4. Kiek elektroninio skys\u010dio yra WGA 40000?<\/strong><br data-start=\"788\" data-end=\"791\" \/>Jis yra i\u0161 anksto u\u017epildytas 35 ml auk\u0161tos kokyb\u0117s elektroninio skys\u010dio, u\u017etikrinan\u010dio pastov\u0173 skon\u012f per vis\u0105 jo naudojim\u0105.<\/p>\n<\/div>\n<h4><\/h4>\n<h4><span style=\"vertical-align: inherit\"><strong>Didmeninis garintuvas WGA 40000 Puffs S<\/strong>Specifikacija:<\/span><strong><br \/>\n<\/strong><\/h4>\n<ul>\n<li data-start=\"205\" data-end=\"260\">\n<p data-start=\"207\" data-end=\"260\"><strong data-start=\"207\" data-end=\"224\">Produkto pavadinimas:<\/strong><br data-start=\"224\" data-end=\"227\" \/>WGA 40000 Puffs vienkartinis garintuvas<\/p>\n<\/li>\n<li data-start=\"262\" data-end=\"387\">\n<p data-start=\"264\" data-end=\"387\"><strong data-start=\"264\" data-end=\"286\">Nikotino stiprumas:<\/strong><br data-start=\"286\" data-end=\"289\" \/>Galima \u012fsigyti 2% (20 mg\/ml) ir 5% (50 mg\/ml) nikotino koncentracijos, kad tikt\u0173 skirtingiems poreikiams<\/p>\n<\/li>\n<li data-start=\"389\" data-end=\"500\">\n<p data-start=\"391\" data-end=\"500\"><strong data-start=\"391\" data-end=\"406\">\u012ekv\u0117pim\u0173 skai\u010dius:<\/strong><br data-start=\"406\" data-end=\"409\" \/>Iki 40000 \u012fkv\u0117pim\u0173 itin ilgai veikian\u010diam garinimui be da\u017eno keitimo<\/p>\n<\/li>\n<li data-start=\"502\" data-end=\"630\">\n<p data-start=\"504\" data-end=\"630\"><strong data-start=\"504\" data-end=\"526\">E-skys\u010dio talpa:<\/strong><br data-start=\"526\" data-end=\"529\" \/>I\u0161 anksto pripildytas dideliu 35 ml auk\u0161\u010diausios kokyb\u0117s e-skys\u010dio kiekiu, kad skonis b\u016bt\u0173 sodrus ir nuoseklus nuo prad\u017eios iki pabaigos<\/p>\n<\/li>\n<li data-start=\"632\" data-end=\"749\">\n<p data-start=\"634\" data-end=\"749\"><strong data-start=\"634\" data-end=\"655\">Akumuliatoriaus talpa:<\/strong><br data-start=\"655\" data-end=\"658\" \/>\u012emontuota 600 mAh \u012fkraunama baterija u\u017etikrina patikim\u0105 energijos tiekim\u0105 ilgoms sesijoms<\/p>\n<\/li>\n<li data-start=\"751\" data-end=\"860\">\n<p data-start=\"753\" data-end=\"860\"><strong data-start=\"753\" data-end=\"771\">\u012ekrovimo prievadas:<\/strong><br data-start=\"771\" data-end=\"774\" \/>\u012erengtas modernus C tipo greitojo \u012fkrovimo prievadas, skirtas greitam ir patogiam \u012fkrovimui<\/p>\n<\/li>\n<li data-start=\"862\" data-end=\"970\">\n<p data-start=\"864\" data-end=\"970\"><strong data-start=\"864\" data-end=\"889\">\u012ekraunama funkcija:<\/strong><br data-start=\"889\" data-end=\"892\" \/>\u012ekraunamas dizainas prailgina gaminio tarnavimo laik\u0105 ir suma\u017eina bendras naudojimo i\u0161laidas<\/p>\n<\/li>\n<li data-start=\"972\" data-end=\"1078\">\n<p data-start=\"974\" data-end=\"1078\"><strong data-start=\"974\" data-end=\"988\">Rit\u0117s tipas:<\/strong><br data-start=\"988\" data-end=\"991\" \/>Pa\u017eangi tinklelio rit\u0117s technologija suteikia didesnius gar\u0173 debesis ir geresn\u012f skonio grynum\u0105<\/p>\n<\/li>\n<\/ul>\n<h4>WGA 40000 P\u016btim\u0173 Vap\u0173 Ank\u0161\u010di\u0173 skoni\u0173 s\u0105ra\u0161as:<\/h4>\n<p>1.Gervuogi\u0173 M\u0117lyni\u0173 Avie\u010di\u01732.M\u0117lyni\u0173 R\u016bg\u0161\u010di\u0173 Avie\u010di\u0173<br \/>\n3.Kolos ledas<br \/>\n4. Fanta<br \/>\n5.\u0160vie\u017ei\u0173 M\u0117t\u0173<br \/>\n6.Sulting\u0173 Persik\u0173<br \/>\n7.Citrinos \u017daliosios citrinos<br \/>\n8. Raudonasis Burbulas<br \/>\n9.Bra\u0161ki\u0173 Vynuogi\u0173<br \/>\n10.Arb\u016bz\u0173 ledas<\/p>\n<p><a href=\"https:\/\/vapebulkp.com\/lt\/product\/stag-bar-triple-60000-puffs-for-wholesale-distributors\/\"><span style=\"vertical-align: inherit\">STAG Bar Triple 60000 P\u016btim\u0173<\/span><\/a><\/p>\n<p><span style=\"vertical-align: inherit\">Raskite daugiau produkt\u0173, kurie jums gali patikti:<\/span><em><a href=\"https:\/\/wa.me\/8618077105796\"><span style=\"vertical-align: inherit\">\u00a0Pirkti dabar<\/span><\/a><\/em><\/p>\n<p><span style=\"vertical-align: inherit\">Kiti \u012ftraukimai, kurie jums gali patikti:<\/span><a href=\"https:\/\/vapebulkp.com\/lt\/product\/razz-bar-40000-puffs-wholesale-vape-factory-price-eu-warehouse-fast-shipping\/\"><span style=\"vertical-align: inherit\">RAZZBAR VAPE 40000 P\u016btim\u0173<\/span><\/a><span style=\"vertical-align: inherit\">\u3001<\/span><a href=\"https:\/\/vapebulkp.com\/lt\/product\/vozol-rave-40000-puffs-hot-sale-nicotine-salt-disposable-vaporizer\/\"><span style=\"vertical-align: inherit\">Vozol Rave 40000 \u012ekv\u0117pim\u0173<\/span><\/a><span style=\"vertical-align: inherit\">\/ <\/span><a href=\"https:\/\/vapebulkp.com\/lt\/product\/bang-box-80000-puffs-3-in-1-wholesale-vape-supply\/\"><span style=\"vertical-align: inherit\">Bang Box 80000 P\u016btimo<\/span><\/a><span style=\"vertical-align: inherit\">\/ <\/span><a href=\"https:\/\/vapebulkp.com\/lt\/product\/fizzy-twins-50000-puffs-high-puff-count-vape-kits-bulk-price\/\"><span style=\"vertical-align: inherit\">Fizzy twins 50000 P\u016btimo<\/span><\/a><\/p>\n<h4>Pristatymo detal\u0117s:<\/h4>\n<p><span style=\"color: #ff6600\">Gamybos laikas: 5-10 darbo dien\u0173<\/span><br \/>\n<span style=\"color: #ff6600\">Pristatymo laikas: 8-14 darbo dien\u0173<\/span><\/p>\n<p>Visi m\u016bs\u0173 parduotuv\u0117s produktai yra 100% original\u016bs ir autenti\u0161ki, tod\u0117l m\u016bs\u0173 parduotuv\u0117s politika yra de\u0161imteriopa kompensacija u\u017e padirbtas prekes. Prek\u0117ms pristatyti naudojame tokius logistikos kanalus kaip UPS\/DHL\/FEDEX\/DPD.<\/p>\n<p>Pristatymas \u012f Lietuvos \u0161alis paprastai trunka 10 darbo dien\u0173. Pristatymas \u012f Europos \u0161alis paprastai u\u017etrunka nuo 12 iki 15 darbo dien\u0173. Logistikos informacij\u0105 atnaujinsime realiuoju laiku.<\/p>","protected":false},"excerpt":{"rendered":"<p><strong>40000 Puffs WGA Vape Didmenin\u0117 kaina I\u0161manusis vienkartinis garintuvas<\/strong><\/p>\n<p>D\u0117l nuolaidos kainos susisiekite su Mandy per WhatsApp<a href=\"https:\/\/wa.me\/8618077105796\">+8618077105796<\/a><\/p>\n<p><img decoding=\"async\" class=\"alignnone wp-image-2151\" src=\"http:\/\/vapebulkp.com\/wp-content\/uploads\/2024\/04\/Mandy-WhatsApp-Randm.jpg\" alt=\"Mandy WhatsApp Atsitiktinis\" width=\"297\" height=\"316\" srcset=\"https:\/\/vapebulkp.com\/wp-content\/uploads\/2024\/04\/Mandy-WhatsApp-Randm.jpg 916w, https:\/\/vapebulkp.com\/wp-content\/uploads\/2024\/04\/Mandy-WhatsApp-Randm-282x300.jpg 282w, https:\/\/vapebulkp.com\/wp-content\/uploads\/2024\/04\/Mandy-WhatsApp-Randm-768x817.jpg 768w, https:\/\/vapebulkp.com\/wp-content\/uploads\/2024\/04\/Mandy-WhatsApp-Randm-600x638.jpg 600w\" sizes=\"(max-width: 297px) 100vw, 297px\" \/><\/p>\n<p><span style=\"color: #ff0000\">PASTABA: Kainos m\u016bs\u0173 svetain\u0117je neapima siuntimo i\u0161laid\u0173<\/span><\/p>\n<p>Pagrindin\u0117 pirkimo prie\u017eastis<br \/>\n1. Puiki kokyb\u0117 ir neprilygstamas na\u0161umas.<\/p>\n<p>2. Konkurencinga kaina ir greita vert\u0117.<\/p>\n<p>3. Keli pasirinkimai ir pristatymas laiku.<\/p>\n<p>4. Maloni apsipirkimo patirtis<\/p>","protected":false},"featured_media":3860,"comment_status":"open","ping_status":"closed","template":"","meta":{"_uag_custom_page_level_css":"","_lmt_disableupdate":"no","_lmt_disable":"","site-sidebar-layout":"default","site-content-layout":"content-boxed-container","ast-site-content-layout":"normal-width-container","site-content-style":"boxed","site-sidebar-style":"unboxed","ast-global-header-display":"","ast-banner-title-visibility":"","ast-main-header-display":"","ast-hfb-above-header-display":"","ast-hfb-below-header-display":"","ast-hfb-mobile-header-display":"","site-post-title":"","ast-breadcrumbs-content":"","ast-featured-img":"","footer-sml-layout":"","theme-transparent-header-meta":"default","adv-header-id-meta":"","stick-header-meta":"","header-above-stick-meta":"","header-main-stick-meta":"","header-below-stick-meta":"","astra-migrate-meta-layouts":"set","_joinchat":[]},"product_cat":[182,153,155,33,59,100,87,34,158,157,154,152,58,84,156,63,32,366],"product_tag":[36,37,41,40,258],"class_list":["post-3866","product","type-product","status-publish","has-post-thumbnail","hentry","product_cat-40000-puffs-disposable-vape","product_cat-hot-disposable-vapes","product_cat-belgium-hot-disposable-vapes","product_cat-france-vape-hot-sale","product_cat-germany-hot-disposable-vape","product_cat-germany-wholesale-vape-shop","product_cat-minimum-order-quantity-50pcs","product_cat-netherlands-vape-good-sale","product_cat-norway-hot-disposable-vapes","product_cat-poland-hot-disposable-vapes","product_cat-portugal-hot-disposable-vapes","product_cat-spain-hot-disposable-vapes","product_cat-sweden-hot-disposable-vape","product_cat-sweden-wholesale-vape","product_cat-switzerland-hot-disposable-vapes","product_cat-top-sale-disposable-vape","product_cat-vape-hot-sale-this-week","product_cat-wga-vape","product_tag-good-vape","product_tag-hot-sale-disposable-vape","product_tag-poland-hot-vape","product_tag-sweden-hot-vape","product_tag-wga-40000-puffs","pa_brand-wga-vape","desktop-align-left","tablet-align-left","mobile-align-left"],"yoast_head":"<!-- This site is optimized with the Yoast SEO plugin v21.1 - https:\/\/yoast.com\/wordpress\/plugins\/seo\/ -->\n<title>WGA 40000 Puffs Best Sale Disposable Vape Device - vapebulkp.com<\/title>\n<meta name=\"description\" content=\"Enjoy up to 40000 puffs with the WGA disposable vape featuring 35ml e-liquid, 600mAh rechargeable battery, and smooth mesh coil flavor performance.\" \/>\n<meta name=\"robots\" content=\"index, follow, max-snippet:-1, max-image-preview:large, max-video-preview:-1\" \/>\n<link rel=\"canonical\" href=\"https:\/\/vapebulkp.com\/lt\/product\/wga-40000-puffs-best-sale-disposable-vape-device\/\" \/>\n<meta property=\"og:locale\" content=\"lt_LT\" \/>\n<meta property=\"og:type\" content=\"article\" \/>\n<meta property=\"og:title\" content=\"WGA 40000 Puffs Best Sale Disposable Vape Device - vapebulkp.com\" \/>\n<meta property=\"og:description\" content=\"Enjoy up to 40000 puffs with the WGA disposable vape featuring 35ml e-liquid, 600mAh rechargeable battery, and smooth mesh coil flavor performance.\" \/>\n<meta property=\"og:url\" content=\"https:\/\/vapebulkp.com\/lt\/product\/wga-40000-puffs-best-sale-disposable-vape-device\/\" \/>\n<meta property=\"og:site_name\" content=\"vapebulkp.com\" \/>\n<meta property=\"article:modified_time\" content=\"2025-09-24T03:03:02+00:00\" \/>\n<meta property=\"og:image\" content=\"http:\/\/vapebulkp.com\/wp-content\/uploads\/2025\/06\/Buy-WGA-40000-Puffs-Vape-Ultra-High-Puff-Count-Disposable-Vape-with-Mesh-Coil.webp\" \/>\n\t<meta property=\"og:image:width\" content=\"800\" \/>\n\t<meta property=\"og:image:height\" content=\"800\" \/>\n\t<meta property=\"og:image:type\" content=\"image\/webp\" \/>\n<meta name=\"twitter:card\" content=\"summary_large_image\" \/>\n<meta name=\"twitter:label1\" content=\"Est. reading time\" \/>\n\t<meta name=\"twitter:data1\" content=\"4 minut\u0117s\" \/>\n<script type=\"application\/ld+json\" class=\"yoast-schema-graph\">{\"@context\":\"https:\/\/schema.org\",\"@graph\":[{\"@type\":\"WebPage\",\"@id\":\"https:\/\/vapebulkp.com\/product\/wga-40000-puffs-best-sale-disposable-vape-device\/\",\"url\":\"https:\/\/vapebulkp.com\/product\/wga-40000-puffs-best-sale-disposable-vape-device\/\",\"name\":\"WGA 40000 Puffs Best Sale Disposable Vape Device - vapebulkp.com\",\"isPartOf\":{\"@id\":\"https:\/\/vapebulkp.com\/#website\"},\"datePublished\":\"2025-06-19T07:39:04+00:00\",\"dateModified\":\"2025-09-24T03:03:02+00:00\",\"description\":\"Enjoy up to 40000 puffs with the WGA disposable vape featuring 35ml e-liquid, 600mAh rechargeable battery, and smooth mesh coil flavor performance.\",\"breadcrumb\":{\"@id\":\"https:\/\/vapebulkp.com\/product\/wga-40000-puffs-best-sale-disposable-vape-device\/#breadcrumb\"},\"inLanguage\":\"lt-LT\",\"potentialAction\":[{\"@type\":\"ReadAction\",\"target\":[\"https:\/\/vapebulkp.com\/product\/wga-40000-puffs-best-sale-disposable-vape-device\/\"]}]},{\"@type\":\"BreadcrumbList\",\"@id\":\"https:\/\/vapebulkp.com\/product\/wga-40000-puffs-best-sale-disposable-vape-device\/#breadcrumb\",\"itemListElement\":[{\"@type\":\"ListItem\",\"position\":1,\"name\":\"Home\",\"item\":\"https:\/\/vapebulkp.com\/\"},{\"@type\":\"ListItem\",\"position\":2,\"name\":\"Hot Trend Vapes\",\"item\":\"https:\/\/vapebulkp.com\/vape-shop\/\"},{\"@type\":\"ListItem\",\"position\":3,\"name\":\"WGA 40000 Puffs Best Sale Disposable Vape Device\"}]},{\"@type\":\"WebSite\",\"@id\":\"https:\/\/vapebulkp.com\/#website\",\"url\":\"https:\/\/vapebulkp.com\/\",\"name\":\"vapebulkp.com\",\"description\":\"Buy Vape In Cheap Bulk Price Near you\",\"publisher\":{\"@id\":\"https:\/\/vapebulkp.com\/#organization\"},\"potentialAction\":[{\"@type\":\"SearchAction\",\"target\":{\"@type\":\"EntryPoint\",\"urlTemplate\":\"https:\/\/vapebulkp.com\/?s={search_term_string}\"},\"query-input\":\"required name=search_term_string\"}],\"inLanguage\":\"lt-LT\"},{\"@type\":\"Organization\",\"@id\":\"https:\/\/vapebulkp.com\/#organization\",\"name\":\"vapebulkp.com\",\"url\":\"https:\/\/vapebulkp.com\/\",\"logo\":{\"@type\":\"ImageObject\",\"inLanguage\":\"lt-LT\",\"@id\":\"https:\/\/vapebulkp.com\/#\/schema\/logo\/image\/\",\"url\":\"https:\/\/vapebulkp.com\/wp-content\/uploads\/2023\/09\/cropped-vapebulkp.png\",\"contentUrl\":\"https:\/\/vapebulkp.com\/wp-content\/uploads\/2023\/09\/cropped-vapebulkp.png\",\"width\":516,\"height\":163,\"caption\":\"vapebulkp.com\"},\"image\":{\"@id\":\"https:\/\/vapebulkp.com\/#\/schema\/logo\/image\/\"}}]}<\/script>\n<!-- \/ Yoast SEO plugin. -->","yoast_head_json":{"title":"WGA 40000 Puffs Best Sale Disposable Vape Device - vapebulkp.com","description":"Enjoy up to 40000 puffs with the WGA disposable vape featuring 35ml e-liquid, 600mAh rechargeable battery, and smooth mesh coil flavor performance.","robots":{"index":"index","follow":"follow","max-snippet":"max-snippet:-1","max-image-preview":"max-image-preview:large","max-video-preview":"max-video-preview:-1"},"canonical":"https:\/\/vapebulkp.com\/lt\/product\/wga-40000-puffs-best-sale-disposable-vape-device\/","og_locale":"lt_LT","og_type":"article","og_title":"WGA 40000 Puffs Best Sale Disposable Vape Device - vapebulkp.com","og_description":"Enjoy up to 40000 puffs with the WGA disposable vape featuring 35ml e-liquid, 600mAh rechargeable battery, and smooth mesh coil flavor performance.","og_url":"https:\/\/vapebulkp.com\/lt\/product\/wga-40000-puffs-best-sale-disposable-vape-device\/","og_site_name":"vapebulkp.com","article_modified_time":"2025-09-24T03:03:02+00:00","og_image":[{"width":800,"height":800,"url":"http:\/\/vapebulkp.com\/wp-content\/uploads\/2025\/06\/Buy-WGA-40000-Puffs-Vape-Ultra-High-Puff-Count-Disposable-Vape-with-Mesh-Coil.webp","type":"image\/webp"}],"twitter_card":"summary_large_image","twitter_misc":{"Est. reading time":"4 minut\u0117s"},"schema":{"@context":"https:\/\/schema.org","@graph":[{"@type":"WebPage","@id":"https:\/\/vapebulkp.com\/product\/wga-40000-puffs-best-sale-disposable-vape-device\/","url":"https:\/\/vapebulkp.com\/product\/wga-40000-puffs-best-sale-disposable-vape-device\/","name":"WGA 40000 Puffs Best Sale Disposable Vape Device - vapebulkp.com","isPartOf":{"@id":"https:\/\/vapebulkp.com\/#website"},"datePublished":"2025-06-19T07:39:04+00:00","dateModified":"2025-09-24T03:03:02+00:00","description":"Enjoy up to 40000 puffs with the WGA disposable vape featuring 35ml e-liquid, 600mAh rechargeable battery, and smooth mesh coil flavor performance.","breadcrumb":{"@id":"https:\/\/vapebulkp.com\/product\/wga-40000-puffs-best-sale-disposable-vape-device\/#breadcrumb"},"inLanguage":"lt-LT","potentialAction":[{"@type":"ReadAction","target":["https:\/\/vapebulkp.com\/product\/wga-40000-puffs-best-sale-disposable-vape-device\/"]}]},{"@type":"BreadcrumbList","@id":"https:\/\/vapebulkp.com\/product\/wga-40000-puffs-best-sale-disposable-vape-device\/#breadcrumb","itemListElement":[{"@type":"ListItem","position":1,"name":"Home","item":"https:\/\/vapebulkp.com\/"},{"@type":"ListItem","position":2,"name":"Hot Trend Vapes","item":"https:\/\/vapebulkp.com\/vape-shop\/"},{"@type":"ListItem","position":3,"name":"WGA 40000 Puffs Best Sale Disposable Vape Device"}]},{"@type":"WebSite","@id":"https:\/\/vapebulkp.com\/#website","url":"https:\/\/vapebulkp.com\/","name":"vapebulkp.com","description":"Buy Vape In Cheap Bulk Price Near you","publisher":{"@id":"https:\/\/vapebulkp.com\/#organization"},"potentialAction":[{"@type":"SearchAction","target":{"@type":"EntryPoint","urlTemplate":"https:\/\/vapebulkp.com\/?s={search_term_string}"},"query-input":"required name=search_term_string"}],"inLanguage":"lt-LT"},{"@type":"Organization","@id":"https:\/\/vapebulkp.com\/#organization","name":"vapebulkp.com","url":"https:\/\/vapebulkp.com\/","logo":{"@type":"ImageObject","inLanguage":"lt-LT","@id":"https:\/\/vapebulkp.com\/#\/schema\/logo\/image\/","url":"https:\/\/vapebulkp.com\/wp-content\/uploads\/2023\/09\/cropped-vapebulkp.png","contentUrl":"https:\/\/vapebulkp.com\/wp-content\/uploads\/2023\/09\/cropped-vapebulkp.png","width":516,"height":163,"caption":"vapebulkp.com"},"image":{"@id":"https:\/\/vapebulkp.com\/#\/schema\/logo\/image\/"}}]}},"uagb_featured_image_src":{"full":["https:\/\/vapebulkp.com\/wp-content\/uploads\/2025\/06\/Buy-WGA-40000-Puffs-Vape-Ultra-High-Puff-Count-Disposable-Vape-with-Mesh-Coil.webp",800,800,false],"thumbnail":["https:\/\/vapebulkp.com\/wp-content\/uploads\/2025\/06\/Buy-WGA-40000-Puffs-Vape-Ultra-High-Puff-Count-Disposable-Vape-with-Mesh-Coil-150x150.webp",150,150,true],"medium":["https:\/\/vapebulkp.com\/wp-content\/uploads\/2025\/06\/Buy-WGA-40000-Puffs-Vape-Ultra-High-Puff-Count-Disposable-Vape-with-Mesh-Coil-300x300.webp",300,300,true],"medium_large":["https:\/\/vapebulkp.com\/wp-content\/uploads\/2025\/06\/Buy-WGA-40000-Puffs-Vape-Ultra-High-Puff-Count-Disposable-Vape-with-Mesh-Coil-768x768.webp",768,768,true],"large":["https:\/\/vapebulkp.com\/wp-content\/uploads\/2025\/06\/Buy-WGA-40000-Puffs-Vape-Ultra-High-Puff-Count-Disposable-Vape-with-Mesh-Coil.webp",800,800,false],"1536x1536":["https:\/\/vapebulkp.com\/wp-content\/uploads\/2025\/06\/Buy-WGA-40000-Puffs-Vape-Ultra-High-Puff-Count-Disposable-Vape-with-Mesh-Coil.webp",800,800,false],"2048x2048":["https:\/\/vapebulkp.com\/wp-content\/uploads\/2025\/06\/Buy-WGA-40000-Puffs-Vape-Ultra-High-Puff-Count-Disposable-Vape-with-Mesh-Coil.webp",800,800,false],"trp-custom-language-flag":["https:\/\/vapebulkp.com\/wp-content\/uploads\/2025\/06\/Buy-WGA-40000-Puffs-Vape-Ultra-High-Puff-Count-Disposable-Vape-with-Mesh-Coil.webp",12,12,false],"woocommerce_thumbnail":["https:\/\/vapebulkp.com\/wp-content\/uploads\/2025\/06\/Buy-WGA-40000-Puffs-Vape-Ultra-High-Puff-Count-Disposable-Vape-with-Mesh-Coil-300x300.webp",300,300,true],"woocommerce_single":["https:\/\/vapebulkp.com\/wp-content\/uploads\/2025\/06\/Buy-WGA-40000-Puffs-Vape-Ultra-High-Puff-Count-Disposable-Vape-with-Mesh-Coil-600x600.webp",600,600,true],"woocommerce_gallery_thumbnail":["https:\/\/vapebulkp.com\/wp-content\/uploads\/2025\/06\/Buy-WGA-40000-Puffs-Vape-Ultra-High-Puff-Count-Disposable-Vape-with-Mesh-Coil-100x100.webp",100,100,true],"wcpr-photo-reviews":["https:\/\/vapebulkp.com\/wp-content\/uploads\/2025\/06\/Buy-WGA-40000-Puffs-Vape-Ultra-High-Puff-Count-Disposable-Vape-with-Mesh-Coil.webp",500,500,false]},"uagb_author_info":{"display_name":"Mandy vape bulk price","author_link":"https:\/\/vapebulkp.com\/lt\/author\/"},"uagb_comment_info":0,"uagb_excerpt":"40000 Puffs WGA Vape Wholesale Price\u00a0 Smart Disposable Vape Pls Contact Mandy's WhatsApp For Discount Price+8618077105796 NOTE: Prices on our website does not include shipping costs Main reason for purchase 1. Excellent quality and unparalleled performance. 2. Competitive price and fast value. 3. Multiple options and timely delivery. 4. A satisfying shopping experience","_links":{"self":[{"href":"https:\/\/vapebulkp.com\/lt\/wp-json\/wp\/v2\/product\/3866","targetHints":{"allow":["GET"]}}],"collection":[{"href":"https:\/\/vapebulkp.com\/lt\/wp-json\/wp\/v2\/product"}],"about":[{"href":"https:\/\/vapebulkp.com\/lt\/wp-json\/wp\/v2\/types\/product"}],"replies":[{"embeddable":true,"href":"https:\/\/vapebulkp.com\/lt\/wp-json\/wp\/v2\/comments?post=3866"}],"wp:featuredmedia":[{"embeddable":true,"href":"https:\/\/vapebulkp.com\/lt\/wp-json\/wp\/v2\/media\/3860"}],"wp:attachment":[{"href":"https:\/\/vapebulkp.com\/lt\/wp-json\/wp\/v2\/media?parent=3866"}],"wp:term":[{"taxonomy":"product_cat","embeddable":true,"href":"https:\/\/vapebulkp.com\/lt\/wp-json\/wp\/v2\/product_cat?post=3866"},{"taxonomy":"product_tag","embeddable":true,"href":"https:\/\/vapebulkp.com\/lt\/wp-json\/wp\/v2\/product_tag?post=3866"}],"curies":[{"name":"wp","href":"https:\/\/api.w.org\/{rel}","templated":true}]}}