{"id":3874,"date":"2025-06-23T11:12:44","date_gmt":"2025-06-23T09:12:44","guid":{"rendered":"https:\/\/vapebulkp.com\/?post_type=product&#038;p=3874"},"modified":"2025-09-24T04:57:44","modified_gmt":"2025-09-24T02:57:44","slug":"wholesale-vape-okso-60000-puffs-dual-flavor-disposable-device","status":"publish","type":"product","link":"https:\/\/vapebulkp.com\/lt\/product\/wholesale-vape-okso-60000-puffs-dual-flavor-disposable-device\/","title":{"rendered":"Didmenin\u0117 prekyba Vape OKSO 60000 P\u016btim\u0173 Dvigubo Skonio Vienkartinis \u012erenginys"},"content":{"rendered":"<h2>Didmenin\u0117 prekyba Vape OKSO 60000 P\u016btim\u0173 Dvigubo Skonio Vienkartinis \u012erenginys<\/h2>\n<p data-start=\"153\" data-end=\"449\">Tas <strong data-start=\"157\" data-end=\"193\">OKSO 60000 d\u016bm\u0173 vienkartin\u0117 elektronin\u0117 cigaret\u0117<\/strong> yra <strong data-start=\"199\" data-end=\"232\">didel\u0117s talpos vienkartinis garintuvas<\/strong> sukurtas Lietuvai ie\u0161kantiems ilgalaikio veikimo ir auk\u0161\u010diausios kokyb\u0117s skonio. Su dvigubomis 25 ml nikotino druskos e-skys\u010dio kameromis, jis leid\u017eia be vargo perjungti du skonius, tod\u0117l yra idealus \u012fvairov\u0117s m\u0117g\u0117jams.<\/p>\n<p data-start=\"451\" data-end=\"782\">\u0160is <strong data-start=\"456\" data-end=\"488\">\u012fkraunamas vienkartinis vape<\/strong> turi 650 mAh baterij\u0105 ir pa\u017eangi\u0105 <strong data-start=\"528\" data-end=\"546\">tinklinio ritinio vape<\/strong> technologij\u0105, u\u017etikrinan\u010di\u0105 skland\u0173 oro sraut\u0105, tankius garus ir nuosekl\u0173 skon\u012f su kiekvienu \u012fkv\u0117pimu. Galima \u012fsigyti 2% ir 5% nikotino stiprumo, \u0161is <strong data-start=\"686\" data-end=\"708\">nikotino druskos vapingo<\/strong> suteikia patenkinam\u0105 gerkl\u0117s sm\u016bg\u012f tiek atsitiktiniams, tiek patyrusiems naudotojams.<\/p>\n<p data-start=\"784\" data-end=\"1185\">Sukurtas b\u016bti kompakti\u0161kas ir ne\u0161iojamas, <strong data-start=\"825\" data-end=\"861\">OKSO <a href=\"https:\/\/vapebulkp.com\/lt\/product-category\/60000-puffs-disposable-vape\/\">60000 \u012fkv\u0117pim\u0173 vienkartinis garintuvas<\/a><\/strong> yra <strong data-start=\"867\" data-end=\"902\">kelion\u0117ms pritaikyta vienkartin\u0117 elektronin\u0117 cigaret\u0117<\/strong> puikiai tinka naudoti keliaujant. Su LED ekranu, rodan\u010diu baterijos ir e-skys\u010dio lyg\u012f, jis sujungia patogum\u0105 ir naudojim\u0105. Didmeninei prekybai paruo\u0161ta pakuot\u0117 daro j\u012f puikiu pasirinkimu <strong data-start=\"1085\" data-end=\"1112\">Lietuvos didmenin\u0117 prekyba elektronin\u0117mis cigaret\u0117mis<\/strong> platinimui, u\u017etikrinant, kad ma\u017emenininkai gal\u0117t\u0173 u\u017etikrintai patenkinti didel\u0119 paklaus\u0105.<\/p>\n<p data-start=\"1187\" data-end=\"1355\">Patikimas, universalus ir sukurtas ilgalaikiam malonumui, <strong data-start=\"1250\" data-end=\"1286\">OKSO 60k d\u016bm\u0173 elektronin\u0117s cigaret\u0117s rinkinys<\/strong> nustato nauj\u0105 standart\u0105 \u012fkraunamoms, dvigubo skonio vienkartin\u0117ms elektronin\u0117ms cigaret\u0117ms.<\/p>\n<h6>D\u0117l nuolaidos kainos susisiekite su Mandy per WhatsApp<a href=\"https:\/\/wa.me\/8618077105796\">+8618077105796<\/a><\/h6>\n<p><img decoding=\"async\" class=\"alignnone wp-image-2151\" src=\"http:\/\/vapebulkp.com\/wp-content\/uploads\/2024\/04\/Mandy-WhatsApp-Randm.jpg\" alt=\"Mandy WhatsApp Atsitiktinis\" width=\"271\" height=\"289\" srcset=\"https:\/\/vapebulkp.com\/wp-content\/uploads\/2024\/04\/Mandy-WhatsApp-Randm.jpg 916w, https:\/\/vapebulkp.com\/wp-content\/uploads\/2024\/04\/Mandy-WhatsApp-Randm-282x300.jpg 282w, https:\/\/vapebulkp.com\/wp-content\/uploads\/2024\/04\/Mandy-WhatsApp-Randm-768x817.jpg 768w, https:\/\/vapebulkp.com\/wp-content\/uploads\/2024\/04\/Mandy-WhatsApp-Randm-600x638.jpg 600w\" sizes=\"(max-width: 271px) 100vw, 271px\" \/><\/p>\n<h2><strong>Kod\u0117l verta pirkti OKSO dvigubo skonio 60k d\u016bm\u0173 i\u0161 <a href=\"https:\/\/vapebulkp.com\/lt\/\">Vapebulkp.com<\/a>?<\/strong><\/h2>\n<p>Vapebulkp.com si\u016blome autenti\u0161k\u0105 OKSO dvigubo skonio 60K d\u016bm\u0173 vienkartin\u0119 elektronin\u0119 cigaret\u0119 su garantuota kokybe ir nepralenkiamomis didmenin\u0117mis kainomis. M\u016bs\u0173 platforma specializuojasi auk\u0161\u010diausios kokyb\u0117s elektronin\u0117se cigaret\u0117se, skirtose tiek ma\u017emenininkams, tiek individualiems vaperiams Lietuvoje ir u\u017e jos rib\u0173. Pirkdami pas mus, j\u016bs gaunate naudos i\u0161 greito pristatymo, puikios klient\u0173 aptarnavimo ir saugi\u0173 mok\u0117jimo galimybi\u0173. U\u017etikriname, kad kiekvienas prietaisas yra 100% tikras, turintis pa\u017eangi\u0105 tinklelio spiral\u0117s technologij\u0105, dvigubus 25 ml e-skys\u010dio bakelius ir \u012fkraunam\u0105 baterij\u0105 ilgalaikiam veikimui. Rinkit\u0117s Vapebulkp.com savo OKSO elektronini\u0173 cigare\u010di\u0173 poreikiams ir m\u0117gaukit\u0117s tobulu skonio, patogumo ir vert\u0117s deriniu vienoje patikimoje parduotuv\u0117je.<\/p>\n<div class=\"faqs-answer\">\n<h3><strong>Da\u017enai u\u017eduodami klausimai apie eleganti\u0161k\u0105 elektronin\u0119 cigaret\u0119 OKSO 60000 d\u016bm\u0173 <\/strong><strong>:<\/strong><\/h3>\n<p data-start=\"208\" data-end=\"370\"><strong data-start=\"208\" data-end=\"256\">1. Kiek \u012fkv\u0117pim\u0173 suteikia OKSO Vape 60000 Puffs?<\/strong><br data-start=\"256\" data-end=\"259\" \/>OKSO suteikia iki <strong data-start=\"283\" data-end=\"299\">60 000 \u012fkv\u0117pim\u0173<\/strong>, tod\u0117l tai yra vienas did\u017eiausi\u0173 talpos vienkartini\u0173 gar\u0173 rinkoje.<\/p>\n<p data-start=\"372\" data-end=\"529\"><strong data-start=\"372\" data-end=\"409\">2. Kokio tipo kaitinimo rit\u0119 naudoja okso vape box 60k puffs?<\/strong><br data-start=\"409\" data-end=\"412\" \/>Jame yra <strong data-start=\"424\" data-end=\"448\">tinklin\u0117s spiral\u0117s technologija<\/strong>, kuri suteikia sklandesn\u012f gar\u0105, greitesn\u012f kaitinim\u0105 ir sodresn\u012f skon\u012f su kiekvienu \u012fkv\u0117pimu.<\/p>\n<p data-start=\"1034\" data-end=\"1191\"><strong data-start=\"1034\" data-end=\"1071\">3. Ar didmenin\u0117 prekyba vape okso puffs 60k turi ekran\u0105?<\/strong><br data-start=\"1071\" data-end=\"1074\" \/>Taip, OKSO 60K turi <strong data-start=\"1104\" data-end=\"1119\">LED ekranas<\/strong> , kuriame rodomas baterijos ir e-skys\u010dio lygis, padedantis steb\u0117ti naudojim\u0105.<\/p>\n<\/div>\n<h4><\/h4>\n<h4><span style=\"vertical-align: inherit\"><strong>Didmenin\u0117 kaina Vape OKSO dvigubo skonio 60000 Puffs S<\/strong>Specifikacija:<\/span><strong><br \/>\n<\/strong><\/h4>\n<ul>\n<li data-start=\"105\" data-end=\"220\">\n<p data-start=\"107\" data-end=\"220\"><strong data-start=\"107\" data-end=\"132\">Did\u017eiul\u0117 \u012ftraukim\u0173 talpa<\/strong> \u2013 M\u0117gaukit\u0117s iki 60000 \u012fkv\u0117pim\u0173 ilgalaikiam pasitenkinimui be da\u017eno keitimo<\/p>\n<\/li>\n<li data-start=\"221\" data-end=\"332\">\n<p data-start=\"223\" data-end=\"332\"><strong data-start=\"223\" data-end=\"256\">Pa\u017eangi tinklelio rit\u0117s technologija<\/strong> \u2013 Suteikia sklandesn\u012f gar\u0105, sodresn\u012f skon\u012f ir pastovesn\u012f veikim\u0105<\/p>\n<\/li>\n<li data-start=\"333\" data-end=\"453\">\n<p data-start=\"335\" data-end=\"453\"><strong data-start=\"335\" data-end=\"355\">Dvigubo skonio kapsul\u0117s<\/strong> \u2013 Turi dvi atskiras 25 ml e-skys\u010dio kameras, leid\u017eian\u010dias lengvai keisti skonius<\/p>\n<\/li>\n<li data-start=\"454\" data-end=\"574\">\n<p data-start=\"456\" data-end=\"574\"><strong data-start=\"456\" data-end=\"488\">Pritaikomi nikotino lygiai<\/strong> \u2013 Galimi 0%, 2%, 3% ir 5% nikotino variantai, atitinkantys j\u016bs\u0173 asmeninius pageidavimus<\/p>\n<\/li>\n<li data-start=\"575\" data-end=\"663\">\n<p data-start=\"577\" data-end=\"663\"><strong data-start=\"577\" data-end=\"608\">\u012ekraunama 650 mAh baterija<\/strong> \u2013 Patikima galia palaikyti ilgesnes garinimo sesijas<\/p>\n<\/li>\n<li data-start=\"664\" data-end=\"771\">\n<p data-start=\"666\" data-end=\"771\"><strong data-start=\"666\" data-end=\"687\">I\u0161manusis LED ekranas<\/strong> \u2013 Ai\u0161kiai rodo baterijos ir e-skys\u010dio lygius, kad garinimo patirtis b\u016bt\u0173 labiau informuota<\/p>\n<\/li>\n<\/ul>\n<h4>OKSO 60000 P\u016bpsnys dvigubas skonis, garintuvas, skoni\u0173 s\u0105ra\u0161as:<\/h4>\n<p>1. M\u0117lyn\u0117 su aviete<br \/>\n2. Bra\u0161k\u0117 su vy\u0161nia<br \/>\n3. Arb\u016bz\u0173 kramtomoji guma<br \/>\n4. Bra\u0161k\u0117 su bananu<br \/>\n5. Arb\u016bz\u0173 ledas<br \/>\n6. M\u0117lyni\u0173 su aviet\u0117mis limonadas<br \/>\n7. Raudonasis energijos ledas<br \/>\n8. Bra\u0161k\u0117 su arb\u016bzu<br \/>\n9. M\u0117lyn\u0117, aviet\u0117, vy\u0161nia ir spanguol\u0117<br \/>\n10.M\u0117lyni\u0173 ledas<\/p>\n<p><span style=\"vertical-align: inherit\">Raskite daugiau produkt\u0173, kurie jums gali patikti:<\/span><em><a href=\"https:\/\/wa.me\/8618077105796\"><span style=\"vertical-align: inherit\">\u00a0Pirkti dabar<\/span><\/a><\/em><\/p>\n<p><span style=\"vertical-align: inherit\">Kiti \u012ftraukimai, kurie jums gali patikti:<\/span><a href=\"https:\/\/vapebulkp.com\/lt\/product\/bang-de-60000-puffs-3in1-rechargeable-mesh-coil-disposable-vape\/\"><span style=\"vertical-align: inherit\">Bang DE 60000 \u012etraukim\u0173<\/span><\/a><span style=\"vertical-align: inherit\">\u3001<\/span><a href=\"https:\/\/vapebulkp.com\/lt\/product\/vozol-rave-40000-puffs-hot-sale-nicotine-salt-disposable-vaporizer\/\"><span style=\"vertical-align: inherit\">Vozol Rave 40000 \u012ekv\u0117pim\u0173<\/span><\/a><span style=\"vertical-align: inherit\">\/ <\/span><a href=\"https:\/\/vapebulkp.com\/lt\/product\/waspe-3in1-60000-puffs-disposable-vape-high-capacity\/\"><span style=\"vertical-align: inherit\">WASPE Vape 60000 \u012ekv\u0117pim\u0173<\/span><\/a><span style=\"vertical-align: inherit\">\/ <\/span><a href=\"https:\/\/vapebulkp.com\/lt\/product\/fizzy-twins-50000-puffs-high-puff-count-vape-kits-bulk-price\/\"><span style=\"vertical-align: inherit\">Fizzy twins 50000 P\u016btimo<\/span><\/a><\/p>\n<p>&nbsp;<\/p>\n<h4>Pristatymo detal\u0117s:<\/h4>\n<p><span style=\"color: #ff6600\">Gamybos laikas: 5-10 darbo dien\u0173<\/span><br \/>\n<span style=\"color: #ff6600\">Pristatymo laikas: 8-14 darbo dien\u0173<\/span><\/p>\n<p>Visi m\u016bs\u0173 parduotuv\u0117s produktai yra 100% original\u016bs ir autenti\u0161ki, tod\u0117l m\u016bs\u0173 parduotuv\u0117s politika yra de\u0161imteriopa kompensacija u\u017e padirbtas prekes. Prek\u0117ms pristatyti naudojame tokius logistikos kanalus kaip UPS\/DHL\/FEDEX\/DPD.<\/p>\n<p>Pristatymas \u012f Lietuvos \u0161alis paprastai trunka 10 darbo dien\u0173. Pristatymas \u012f Europos \u0161alis paprastai u\u017etrunka nuo 12 iki 15 darbo dien\u0173. Logistikos informacij\u0105 atnaujinsime realiuoju laiku.<\/p>","protected":false},"excerpt":{"rendered":"<p>\u012esigykite OKSO 60k d\u016bm\u0173 \u012fkraunam\u0105 vienkartin\u0119 elektronin\u0119 cigaret\u0119 su dvigubo skonio dizainu, tinklelio spirale ir 50 ml e-skys\u010dio. Ilgai veikianti nikotino elektronin\u0117 cigaret\u0117, idealiai tinkanti klientams, ie\u0161kantiems sodraus skonio ir \u0161velni\u0173 d\u016bm\u0173.<\/p>\n<p>D\u0117l nuolaidos kainos susisiekite su Mandy per WhatsApp<a href=\"https:\/\/wa.me\/8618077105796\">+8618077105796<\/a><\/p>\n<p><img decoding=\"async\" class=\"alignnone wp-image-2151\" src=\"http:\/\/vapebulkp.com\/wp-content\/uploads\/2024\/04\/Mandy-WhatsApp-Randm.jpg\" alt=\"Mandy WhatsApp Atsitiktinis\" width=\"297\" height=\"316\" srcset=\"https:\/\/vapebulkp.com\/wp-content\/uploads\/2024\/04\/Mandy-WhatsApp-Randm.jpg 916w, https:\/\/vapebulkp.com\/wp-content\/uploads\/2024\/04\/Mandy-WhatsApp-Randm-282x300.jpg 282w, https:\/\/vapebulkp.com\/wp-content\/uploads\/2024\/04\/Mandy-WhatsApp-Randm-768x817.jpg 768w, https:\/\/vapebulkp.com\/wp-content\/uploads\/2024\/04\/Mandy-WhatsApp-Randm-600x638.jpg 600w\" sizes=\"(max-width: 297px) 100vw, 297px\" \/><\/p>\n<p><span style=\"color: #ff0000\">PASTABA: Kainos m\u016bs\u0173 svetain\u0117je neapima siuntimo i\u0161laid\u0173<\/span><\/p>\n<p>Pagrindin\u0117 pirkimo prie\u017eastis<br \/>\n1. Puiki kokyb\u0117 ir neprilygstamas na\u0161umas.<\/p>\n<p>2. Konkurencinga kaina ir greita vert\u0117.<\/p>\n<p>3. Keli pasirinkimai ir pristatymas laiku.<\/p>\n<p>4. Maloni apsipirkimo patirtis<\/p>","protected":false},"featured_media":3869,"comment_status":"open","ping_status":"closed","template":"","meta":{"_uag_custom_page_level_css":"","_lmt_disableupdate":"no","_lmt_disable":"","site-sidebar-layout":"default","site-content-layout":"content-boxed-container","ast-site-content-layout":"normal-width-container","site-content-style":"boxed","site-sidebar-style":"unboxed","ast-global-header-display":"","ast-banner-title-visibility":"","ast-main-header-display":"","ast-hfb-above-header-display":"","ast-hfb-below-header-display":"","ast-hfb-mobile-header-display":"","site-post-title":"","ast-breadcrumbs-content":"","ast-featured-img":"","footer-sml-layout":"","theme-transparent-header-meta":"default","adv-header-id-meta":"","stick-header-meta":"","header-above-stick-meta":"","header-main-stick-meta":"","header-below-stick-meta":"","astra-migrate-meta-layouts":"set","_joinchat":[]},"product_cat":[234,153,155,33,59,100,87,34,158,356,157,154,152,58,84,156,63,32],"product_tag":[36,37,259,41,286],"class_list":["post-3874","product","type-product","status-publish","has-post-thumbnail","hentry","product_cat-60000-puffs-disposable-vape","product_cat-hot-disposable-vapes","product_cat-belgium-hot-disposable-vapes","product_cat-france-vape-hot-sale","product_cat-germany-hot-disposable-vape","product_cat-germany-wholesale-vape-shop","product_cat-minimum-order-quantity-50pcs","product_cat-netherlands-vape-good-sale","product_cat-norway-hot-disposable-vapes","product_cat-okso-vape","product_cat-poland-hot-disposable-vapes","product_cat-portugal-hot-disposable-vapes","product_cat-spain-hot-disposable-vapes","product_cat-sweden-hot-disposable-vape","product_cat-sweden-wholesale-vape","product_cat-switzerland-hot-disposable-vapes","product_cat-top-sale-disposable-vape","product_cat-vape-hot-sale-this-week","product_tag-good-vape","product_tag-hot-sale-disposable-vape","product_tag-okso-60000-puffs","product_tag-poland-hot-vape","product_tag-puffs-stock-in-europe","pa_brand-okso-vape","desktop-align-left","tablet-align-left","mobile-align-left"],"yoast_head":"<!-- This site is optimized with the Yoast SEO plugin v21.1 - https:\/\/yoast.com\/wordpress\/plugins\/seo\/ -->\n<title>Wholesale Vape OKSO 60000 Puffs Dual Flavor Disposable Device - vapebulkp.com<\/title>\n<meta name=\"description\" content=\"Get the OKSO 60000 Puffs Disposable Vape with dual flavors, mesh coil vape technology, and long-lasting performance. Available in 2% and 5% nicotine, perfect for European vapers seeking a high-capacity disposable vape.\" \/>\n<meta name=\"robots\" content=\"index, follow, max-snippet:-1, max-image-preview:large, max-video-preview:-1\" \/>\n<link rel=\"canonical\" href=\"https:\/\/vapebulkp.com\/lt\/product\/wholesale-vape-okso-60000-puffs-dual-flavor-disposable-device\/\" \/>\n<meta property=\"og:locale\" content=\"lt_LT\" \/>\n<meta property=\"og:type\" content=\"article\" \/>\n<meta property=\"og:title\" content=\"Wholesale Vape OKSO 60000 Puffs Dual Flavor Disposable Device - vapebulkp.com\" \/>\n<meta property=\"og:description\" content=\"Get the OKSO 60000 Puffs Disposable Vape with dual flavors, mesh coil vape technology, and long-lasting performance. Available in 2% and 5% nicotine, perfect for European vapers seeking a high-capacity disposable vape.\" \/>\n<meta property=\"og:url\" content=\"https:\/\/vapebulkp.com\/lt\/product\/wholesale-vape-okso-60000-puffs-dual-flavor-disposable-device\/\" \/>\n<meta property=\"og:site_name\" content=\"vapebulkp.com\" \/>\n<meta property=\"article:modified_time\" content=\"2025-09-24T02:57:44+00:00\" \/>\n<meta property=\"og:image\" content=\"http:\/\/vapebulkp.com\/wp-content\/uploads\/2025\/06\/OKSO-60K-Puff-Vape-Dual-Flavor-Wholesale-Vape.webp\" \/>\n\t<meta property=\"og:image:width\" content=\"800\" \/>\n\t<meta property=\"og:image:height\" content=\"800\" \/>\n\t<meta property=\"og:image:type\" content=\"image\/webp\" \/>\n<meta name=\"twitter:card\" content=\"summary_large_image\" \/>\n<meta name=\"twitter:label1\" content=\"Est. reading time\" \/>\n\t<meta name=\"twitter:data1\" content=\"4 minut\u0117s\" \/>\n<script type=\"application\/ld+json\" class=\"yoast-schema-graph\">{\"@context\":\"https:\/\/schema.org\",\"@graph\":[{\"@type\":\"WebPage\",\"@id\":\"https:\/\/vapebulkp.com\/product\/wholesale-vape-okso-60000-puffs-dual-flavor-disposable-device\/\",\"url\":\"https:\/\/vapebulkp.com\/product\/wholesale-vape-okso-60000-puffs-dual-flavor-disposable-device\/\",\"name\":\"Wholesale Vape OKSO 60000 Puffs Dual Flavor Disposable Device - vapebulkp.com\",\"isPartOf\":{\"@id\":\"https:\/\/vapebulkp.com\/#website\"},\"datePublished\":\"2025-06-23T09:12:44+00:00\",\"dateModified\":\"2025-09-24T02:57:44+00:00\",\"description\":\"Get the OKSO 60000 Puffs Disposable Vape with dual flavors, mesh coil vape technology, and long-lasting performance. Available in 2% and 5% nicotine, perfect for European vapers seeking a high-capacity disposable vape.\",\"breadcrumb\":{\"@id\":\"https:\/\/vapebulkp.com\/product\/wholesale-vape-okso-60000-puffs-dual-flavor-disposable-device\/#breadcrumb\"},\"inLanguage\":\"lt-LT\",\"potentialAction\":[{\"@type\":\"ReadAction\",\"target\":[\"https:\/\/vapebulkp.com\/product\/wholesale-vape-okso-60000-puffs-dual-flavor-disposable-device\/\"]}]},{\"@type\":\"BreadcrumbList\",\"@id\":\"https:\/\/vapebulkp.com\/product\/wholesale-vape-okso-60000-puffs-dual-flavor-disposable-device\/#breadcrumb\",\"itemListElement\":[{\"@type\":\"ListItem\",\"position\":1,\"name\":\"Home\",\"item\":\"https:\/\/vapebulkp.com\/\"},{\"@type\":\"ListItem\",\"position\":2,\"name\":\"Hot Trend Vapes\",\"item\":\"https:\/\/vapebulkp.com\/vape-shop\/\"},{\"@type\":\"ListItem\",\"position\":3,\"name\":\"Wholesale Vape OKSO 60000 Puffs Dual Flavor Disposable Device\"}]},{\"@type\":\"WebSite\",\"@id\":\"https:\/\/vapebulkp.com\/#website\",\"url\":\"https:\/\/vapebulkp.com\/\",\"name\":\"vapebulkp.com\",\"description\":\"Buy Vape In Cheap Bulk Price Near you\",\"publisher\":{\"@id\":\"https:\/\/vapebulkp.com\/#organization\"},\"potentialAction\":[{\"@type\":\"SearchAction\",\"target\":{\"@type\":\"EntryPoint\",\"urlTemplate\":\"https:\/\/vapebulkp.com\/?s={search_term_string}\"},\"query-input\":\"required name=search_term_string\"}],\"inLanguage\":\"lt-LT\"},{\"@type\":\"Organization\",\"@id\":\"https:\/\/vapebulkp.com\/#organization\",\"name\":\"vapebulkp.com\",\"url\":\"https:\/\/vapebulkp.com\/\",\"logo\":{\"@type\":\"ImageObject\",\"inLanguage\":\"lt-LT\",\"@id\":\"https:\/\/vapebulkp.com\/#\/schema\/logo\/image\/\",\"url\":\"https:\/\/vapebulkp.com\/wp-content\/uploads\/2023\/09\/cropped-vapebulkp.png\",\"contentUrl\":\"https:\/\/vapebulkp.com\/wp-content\/uploads\/2023\/09\/cropped-vapebulkp.png\",\"width\":516,\"height\":163,\"caption\":\"vapebulkp.com\"},\"image\":{\"@id\":\"https:\/\/vapebulkp.com\/#\/schema\/logo\/image\/\"}}]}<\/script>\n<!-- \/ Yoast SEO plugin. -->","yoast_head_json":{"title":"Wholesale Vape OKSO 60000 Puffs Dual Flavor Disposable Device - vapebulkp.com","description":"Get the OKSO 60000 Puffs Disposable Vape with dual flavors, mesh coil vape technology, and long-lasting performance. Available in 2% and 5% nicotine, perfect for European vapers seeking a high-capacity disposable vape.","robots":{"index":"index","follow":"follow","max-snippet":"max-snippet:-1","max-image-preview":"max-image-preview:large","max-video-preview":"max-video-preview:-1"},"canonical":"https:\/\/vapebulkp.com\/lt\/product\/wholesale-vape-okso-60000-puffs-dual-flavor-disposable-device\/","og_locale":"lt_LT","og_type":"article","og_title":"Wholesale Vape OKSO 60000 Puffs Dual Flavor Disposable Device - vapebulkp.com","og_description":"Get the OKSO 60000 Puffs Disposable Vape with dual flavors, mesh coil vape technology, and long-lasting performance. Available in 2% and 5% nicotine, perfect for European vapers seeking a high-capacity disposable vape.","og_url":"https:\/\/vapebulkp.com\/lt\/product\/wholesale-vape-okso-60000-puffs-dual-flavor-disposable-device\/","og_site_name":"vapebulkp.com","article_modified_time":"2025-09-24T02:57:44+00:00","og_image":[{"width":800,"height":800,"url":"http:\/\/vapebulkp.com\/wp-content\/uploads\/2025\/06\/OKSO-60K-Puff-Vape-Dual-Flavor-Wholesale-Vape.webp","type":"image\/webp"}],"twitter_card":"summary_large_image","twitter_misc":{"Est. reading time":"4 minut\u0117s"},"schema":{"@context":"https:\/\/schema.org","@graph":[{"@type":"WebPage","@id":"https:\/\/vapebulkp.com\/product\/wholesale-vape-okso-60000-puffs-dual-flavor-disposable-device\/","url":"https:\/\/vapebulkp.com\/product\/wholesale-vape-okso-60000-puffs-dual-flavor-disposable-device\/","name":"Wholesale Vape OKSO 60000 Puffs Dual Flavor Disposable Device - vapebulkp.com","isPartOf":{"@id":"https:\/\/vapebulkp.com\/#website"},"datePublished":"2025-06-23T09:12:44+00:00","dateModified":"2025-09-24T02:57:44+00:00","description":"Get the OKSO 60000 Puffs Disposable Vape with dual flavors, mesh coil vape technology, and long-lasting performance. Available in 2% and 5% nicotine, perfect for European vapers seeking a high-capacity disposable vape.","breadcrumb":{"@id":"https:\/\/vapebulkp.com\/product\/wholesale-vape-okso-60000-puffs-dual-flavor-disposable-device\/#breadcrumb"},"inLanguage":"lt-LT","potentialAction":[{"@type":"ReadAction","target":["https:\/\/vapebulkp.com\/product\/wholesale-vape-okso-60000-puffs-dual-flavor-disposable-device\/"]}]},{"@type":"BreadcrumbList","@id":"https:\/\/vapebulkp.com\/product\/wholesale-vape-okso-60000-puffs-dual-flavor-disposable-device\/#breadcrumb","itemListElement":[{"@type":"ListItem","position":1,"name":"Home","item":"https:\/\/vapebulkp.com\/"},{"@type":"ListItem","position":2,"name":"Hot Trend Vapes","item":"https:\/\/vapebulkp.com\/vape-shop\/"},{"@type":"ListItem","position":3,"name":"Wholesale Vape OKSO 60000 Puffs Dual Flavor Disposable Device"}]},{"@type":"WebSite","@id":"https:\/\/vapebulkp.com\/#website","url":"https:\/\/vapebulkp.com\/","name":"vapebulkp.com","description":"Buy Vape In Cheap Bulk Price Near you","publisher":{"@id":"https:\/\/vapebulkp.com\/#organization"},"potentialAction":[{"@type":"SearchAction","target":{"@type":"EntryPoint","urlTemplate":"https:\/\/vapebulkp.com\/?s={search_term_string}"},"query-input":"required name=search_term_string"}],"inLanguage":"lt-LT"},{"@type":"Organization","@id":"https:\/\/vapebulkp.com\/#organization","name":"vapebulkp.com","url":"https:\/\/vapebulkp.com\/","logo":{"@type":"ImageObject","inLanguage":"lt-LT","@id":"https:\/\/vapebulkp.com\/#\/schema\/logo\/image\/","url":"https:\/\/vapebulkp.com\/wp-content\/uploads\/2023\/09\/cropped-vapebulkp.png","contentUrl":"https:\/\/vapebulkp.com\/wp-content\/uploads\/2023\/09\/cropped-vapebulkp.png","width":516,"height":163,"caption":"vapebulkp.com"},"image":{"@id":"https:\/\/vapebulkp.com\/#\/schema\/logo\/image\/"}}]}},"uagb_featured_image_src":{"full":["https:\/\/vapebulkp.com\/wp-content\/uploads\/2025\/06\/OKSO-60K-Puff-Vape-Dual-Flavor-Wholesale-Vape.webp",800,800,false],"thumbnail":["https:\/\/vapebulkp.com\/wp-content\/uploads\/2025\/06\/OKSO-60K-Puff-Vape-Dual-Flavor-Wholesale-Vape-150x150.webp",150,150,true],"medium":["https:\/\/vapebulkp.com\/wp-content\/uploads\/2025\/06\/OKSO-60K-Puff-Vape-Dual-Flavor-Wholesale-Vape-300x300.webp",300,300,true],"medium_large":["https:\/\/vapebulkp.com\/wp-content\/uploads\/2025\/06\/OKSO-60K-Puff-Vape-Dual-Flavor-Wholesale-Vape-768x768.webp",768,768,true],"large":["https:\/\/vapebulkp.com\/wp-content\/uploads\/2025\/06\/OKSO-60K-Puff-Vape-Dual-Flavor-Wholesale-Vape.webp",800,800,false],"1536x1536":["https:\/\/vapebulkp.com\/wp-content\/uploads\/2025\/06\/OKSO-60K-Puff-Vape-Dual-Flavor-Wholesale-Vape.webp",800,800,false],"2048x2048":["https:\/\/vapebulkp.com\/wp-content\/uploads\/2025\/06\/OKSO-60K-Puff-Vape-Dual-Flavor-Wholesale-Vape.webp",800,800,false],"trp-custom-language-flag":["https:\/\/vapebulkp.com\/wp-content\/uploads\/2025\/06\/OKSO-60K-Puff-Vape-Dual-Flavor-Wholesale-Vape.webp",12,12,false],"woocommerce_thumbnail":["https:\/\/vapebulkp.com\/wp-content\/uploads\/2025\/06\/OKSO-60K-Puff-Vape-Dual-Flavor-Wholesale-Vape-300x300.webp",300,300,true],"woocommerce_single":["https:\/\/vapebulkp.com\/wp-content\/uploads\/2025\/06\/OKSO-60K-Puff-Vape-Dual-Flavor-Wholesale-Vape-600x600.webp",600,600,true],"woocommerce_gallery_thumbnail":["https:\/\/vapebulkp.com\/wp-content\/uploads\/2025\/06\/OKSO-60K-Puff-Vape-Dual-Flavor-Wholesale-Vape-100x100.webp",100,100,true],"wcpr-photo-reviews":["https:\/\/vapebulkp.com\/wp-content\/uploads\/2025\/06\/OKSO-60K-Puff-Vape-Dual-Flavor-Wholesale-Vape.webp",500,500,false]},"uagb_author_info":{"display_name":"Mandy vape bulk price","author_link":"https:\/\/vapebulkp.com\/lt\/author\/"},"uagb_comment_info":0,"uagb_excerpt":"Shop the OKSO 60k Puffs rechargeable disposable vape with dual flavour design, mesh coil, and 50ml e-liquid. A long-lasting nicotine vape ideal for EU customers seeking rich taste and smooth clouds. Pls Contact Mandy's WhatsApp For Discount Price+8618077105796 NOTE: Prices on our website does not include shipping costs Main reason for purchase 1. Excellent quality&hellip;","_links":{"self":[{"href":"https:\/\/vapebulkp.com\/lt\/wp-json\/wp\/v2\/product\/3874","targetHints":{"allow":["GET"]}}],"collection":[{"href":"https:\/\/vapebulkp.com\/lt\/wp-json\/wp\/v2\/product"}],"about":[{"href":"https:\/\/vapebulkp.com\/lt\/wp-json\/wp\/v2\/types\/product"}],"replies":[{"embeddable":true,"href":"https:\/\/vapebulkp.com\/lt\/wp-json\/wp\/v2\/comments?post=3874"}],"wp:featuredmedia":[{"embeddable":true,"href":"https:\/\/vapebulkp.com\/lt\/wp-json\/wp\/v2\/media\/3869"}],"wp:attachment":[{"href":"https:\/\/vapebulkp.com\/lt\/wp-json\/wp\/v2\/media?parent=3874"}],"wp:term":[{"taxonomy":"product_cat","embeddable":true,"href":"https:\/\/vapebulkp.com\/lt\/wp-json\/wp\/v2\/product_cat?post=3874"},{"taxonomy":"product_tag","embeddable":true,"href":"https:\/\/vapebulkp.com\/lt\/wp-json\/wp\/v2\/product_tag?post=3874"}],"curies":[{"name":"wp","href":"https:\/\/api.w.org\/{rel}","templated":true}]}}