{"id":3910,"date":"2025-07-03T10:52:49","date_gmt":"2025-07-03T08:52:49","guid":{"rendered":"https:\/\/vapebulkp.com\/?post_type=product&#038;p=3910"},"modified":"2025-09-24T05:01:15","modified_gmt":"2025-09-24T03:01:15","slug":"bood-lumo-60000-puffs-best-price-disposable-vape-2-5-nicotine","status":"publish","type":"product","link":"https:\/\/vapebulkp.com\/lt\/product\/bood-lumo-60000-puffs-best-price-disposable-vape-2-5-nicotine\/","title":{"rendered":"BOOD LUMO 60000 P\u016bpsni\u0173 Geriausios kainos vienkartinis garintuvas 2% 5% Nikotinas"},"content":{"rendered":"<h2>BOOD LUMO 60000 P\u016bpsni\u0173 Geriausios kainos vienkartinis garintuvas 2% 5% Nikotinas<\/h2>\n<p>Tas <b>BOOD LUMO <a href=\"https:\/\/vapebulkp.com\/lt\/product-category\/60000-puffs-disposable-vape\/\">60000 \u012fkv\u0117pim\u0173 vienkartinis garintuvas<\/a><\/b> i\u0161 naujo apibr\u0117\u017eia na\u0161um\u0105 ir vert\u0119. Sukurtas specialiai i\u0161rankiai Europos rinkai, \u0161is <b>didel\u0117s talpos vienkartinis garintuvas<\/b> suteikia neprilygstam\u0105 <b>60 000 \u012fkv\u0117pim\u0173<\/b> viename \u012frenginyje. Tai galutinis pasirinkimas tiek asmeniniam naudojimui, tiek ma\u017emenininkams, ie\u0161kantiems patikimo, <b>ilgai veikiantis garintuvas<\/b> kuris i\u0161siskiria i\u0161 konkurent\u0173.<\/p>\n<p>\u0160\u012f \u012frengin\u012f maitina pa\u017eangi <b>dvigubos tinklelio spiral\u0117s garintuvas<\/b> technologija, kruop\u0161\u010diai sukurta, kad gamint\u0173 tankius garus ir sodr\u0173, nuosekl\u0173 skon\u012f nuo pirmo iki paskutinio p\u016bpselio. Didelis 18 ml i\u0161 anksto u\u017epildytas bakas yra pripildytas auk\u0161\u010diausios kokyb\u0117s el. skys\u010dio, o jo universalumas yra neprilygstamas su <b>2% ir 5% nikotino druskos<\/b> parinktimis, atitinkan\u010diomis pla\u010di\u0105 vartotoj\u0173 pageidavim\u0173 \u012fvairov\u0119.<\/p>\n<p>\u0160is \u012frenginys suteikia visi\u0161k\u0105 kontrol\u0119, jame yra integruota reguliuojama oro srauto sistema, leid\u017eianti vartotojams pritaikyti savo traukim\u0105, kad b\u016bt\u0173 galima m\u0117gautis tobula MTL ar DTL garinimo patirtimi. I\u0161manusis LED ekranas rodo akumuliatoriaus ir el. skys\u010dio b\u016bkl\u0117s informacij\u0105 realiu laiku, o diskreti\u0161kas \u012fjungimo\/i\u0161jungimo jungiklis suteikia papildom\u0105 saugos ir patogumo lyg\u012f, tod\u0117l tai yra idealus <b>kelion\u0117ms tinkamas vape<\/b>.<\/p>\n<p>D\u0117l <b>vape didmenin\u0117s prekybos ES<\/b> pirk\u0117j\u0173, BOOD LUMO yra strateginis j\u016bs\u0173 produkt\u0173 linijos papildymas. Kaip patikimas <b>vape tiek\u0117jas<\/b>, mes u\u017etikriname, kad \u0161is auk\u0161\u010diausios kokyb\u0117s \u012frenginys atitiks didel\u0119 j\u016bs\u0173 klient\u0173 paklaus\u0105.<\/p>\n<h6><span style=\"color: #ff0000\">D\u0117l nuolaidos kainos susisiekite su Mandy per WhatsApp<a style=\"color: #ff0000\" href=\"https:\/\/wa.me\/8618077105796\">+8618077105796<\/a><\/span><\/h6>\n<p><img decoding=\"async\" class=\"alignnone wp-image-2151\" src=\"http:\/\/vapebulkp.com\/wp-content\/uploads\/2024\/04\/Mandy-WhatsApp-Randm.jpg\" alt=\"Mandy WhatsApp Atsitiktinis\" width=\"271\" height=\"289\" srcset=\"https:\/\/vapebulkp.com\/wp-content\/uploads\/2024\/04\/Mandy-WhatsApp-Randm.jpg 916w, https:\/\/vapebulkp.com\/wp-content\/uploads\/2024\/04\/Mandy-WhatsApp-Randm-282x300.jpg 282w, https:\/\/vapebulkp.com\/wp-content\/uploads\/2024\/04\/Mandy-WhatsApp-Randm-768x817.jpg 768w, https:\/\/vapebulkp.com\/wp-content\/uploads\/2024\/04\/Mandy-WhatsApp-Randm-600x638.jpg 600w\" sizes=\"(max-width: 271px) 100vw, 271px\" \/><\/p>\n<h2><strong>Kod\u0117l verta pirkti vienkartin\u012f vape Europoje BOOD LUMO 60000 P\u016bpseli\u0173 <a href=\"https:\/\/vapebulkp.com\/lt\/\">Vapebulkp.com<\/a>?<\/strong><\/h2>\n<p data-start=\"64\" data-end=\"398\">Ie\u0161kote <strong data-start=\"122\" data-end=\"177\">geriausia kaina BOOD LUMO 60000 Puffs vienkartiniam garintuvui<\/strong>? Vapebulkp.com si\u016blo <strong data-start=\"200\" data-end=\"236\">100% autenti\u0161kus BOOD LUMO prietaisus<\/strong> su greitu pristatymu, didmenine kaina ir auk\u0161\u010diausios klas\u0117s klient\u0173 aptarnavimu. Kiekvienas \u012frenginys turi iki <strong data-start=\"333\" data-end=\"349\">60 000 \u012fkv\u0117pim\u0173<\/strong>, <strong data-start=\"351\" data-end=\"380\">dvigubos tinklelio rit\u0117s technologij\u0105<\/strong>, <strong data-start=\"385\" data-end=\"418\">18 ml i\u0161 anksto pripildyt\u0105 e-skys\u010dio bak\u0105<\/strong>, ir <strong data-start=\"426\" data-end=\"447\">i\u0161manusis LED ekranas<\/strong> akumuliatoriaus ir skys\u010dio lygiams. Mes turime <strong data-start=\"493\" data-end=\"523\">2% ir 5% nikotino variantus<\/strong>, ai\u0161kiai pa\u017eenklintus ir paruo\u0161tus siuntimui. Kaip patikimas garintuv\u0173 tiek\u0117jas, Vapebulkp.com u\u017etikrina saug\u0173 atsiskaitym\u0105, patvirtint\u0105 produkto kokyb\u0119 ir patikim\u0105 pristatym\u0105. Nesvarbu, ar esate garintuv\u0173 ma\u017emenininkas, platintojas, ar asmeninis vartotojas, m\u016bs\u0173 <strong data-start=\"743\" data-end=\"773\">BOOD LUMO vienkartiniai garintuvai<\/strong> si\u016blo auk\u0161\u010diausi\u0105 na\u0161um\u0105 ir ilgalaik\u0119 vert\u0119. Pirkite dabar ir pagerinkite savo garinimo patirt\u012f su Vapebulkp.com.<\/p>\n<div class=\"faqs-answer\">\n<h2 data-start=\"55\" data-end=\"63\">DUK<\/h2>\n<p data-start=\"65\" data-end=\"223\"><strong data-start=\"65\" data-end=\"97\">Ar siun\u010diate \u012f u\u017esien\u012f?<\/strong><br data-start=\"97\" data-end=\"100\" \/>Taip, Vapebulkp.com siun\u010dia \u012f daugel\u012f pasaulio \u0161ali\u0173 ir tvarko visus muitin\u0117s formalumus, kad u\u017etikrint\u0173 skland\u0173 pristatym\u0105.<\/p>\n<p data-start=\"389\" data-end=\"542\"><strong data-start=\"389\" data-end=\"418\">Kaip galiu sekti savo u\u017esakym\u0105?<\/strong><br data-start=\"418\" data-end=\"421\" \/>Kai j\u016bs\u0173 u\u017esakymas bus i\u0161si\u0173stas, el. pa\u0161tu gausite sekimo numer\u012f, kad gal\u0117tum\u0117te lengvai steb\u0117ti savo paketo b\u016bsen\u0105.<\/p>\n<p data-start=\"544\" data-end=\"699\"><strong data-start=\"544\" data-end=\"574\">Ar galiu gauti greitesn\u012f pristatym\u0105?<\/strong><br data-start=\"574\" data-end=\"577\" \/>Nor\u0117dami greitesnio pristatymo, rekomenduojame u\u017esisakyti i\u0161 m\u016bs\u0173 Europos sand\u0117lio, kuris si\u016blo spartesn\u012f apdorojim\u0105 ir pristatymo terminus.<\/p>\n<p data-start=\"888\" data-end=\"1079\"><strong data-start=\"888\" data-end=\"950\">K\u0105 tur\u0117\u010diau daryti, jei gausiu sugadint\u0105 ar nekokybi\u0161k\u0105 produkt\u0105?<\/strong><br data-start=\"950\" data-end=\"953\" \/>Jei gavote sugadint\u0105 ar nekokybi\u0161k\u0105 prek\u0119, nedelsiant susisiekite su m\u016bs\u0173 klient\u0173 aptarnavimo komanda d\u0117l pakeitimo ar sprendimo.<\/p>\n<p data-start=\"1081\" data-end=\"1235\"><strong data-start=\"1081\" data-end=\"1125\">Kaip galiu susisiekti su j\u016bs\u0173 klient\u0173 aptarnavimo tarnyba?<\/strong><br data-start=\"1125\" data-end=\"1128\" \/>Galite mus pasiekti el. pa\u0161tu, \u201eWhatsApp\u201c arba per tiesiogini\u0173 pokalbi\u0173 funkcij\u0105 m\u016bs\u0173 svetain\u0117je, kad gautum\u0117te greit\u0105 pagalb\u0105.<\/p>\n<\/div>\n<h4><\/h4>\n<h2><span style=\"vertical-align: inherit\"><strong>BOOD LUMO 60000 Puff tinklelio rit\u0117s garinimo prietaisas<\/strong>Specifikacija:<\/span><\/h2>\n<p>&nbsp;<\/p>\n<ul>\n<li data-start=\"1795\" data-end=\"1838\">\n<p data-start=\"1797\" data-end=\"1838\">BOOD LUMO 60K \/ BOOD LUMO 60000 P\u016b\u010di\u0173<\/p>\n<\/li>\n<li data-start=\"1839\" data-end=\"1880\">\n<p data-start=\"1841\" data-end=\"1880\">Vienkartinis garintuvas \/ \u012fkraunamas garintuvas<\/p>\n<\/li>\n<li data-start=\"1881\" data-end=\"1942\">\n<p data-start=\"1883\" data-end=\"1942\">Dviguba tinklelio rit\u0117 \/ reguliuojamas oro srautas \/ i\u0161manusis LED ekranas<\/p>\n<\/li>\n<li data-start=\"1943\" data-end=\"1974\">\n<p data-start=\"1945\" data-end=\"1974\">2% nikotinas \/ 5% nikotinas<\/p>\n<\/li>\n<li data-start=\"1975\" data-end=\"2033\">\n<p data-start=\"1977\" data-end=\"2033\">Ilgai tarnaujantis garintuvas \/ geriausios kainos garintuvas \/ didelio i\u0161p\u016btim\u0173 skai\u010diaus garintuvas<\/p>\n<\/li>\n<li data-start=\"2034\" data-end=\"2074\">\n<p data-start=\"2036\" data-end=\"2074\">18 ml e-skys\u010dio \/ nikotino druskos garintuvas<\/p>\n<\/li>\n<li data-start=\"2075\" data-end=\"2138\">\n<p data-start=\"2077\" data-end=\"2138\">MTL<\/p>\n<\/li>\n<\/ul>\n<h2>Geriausi nikotino gar\u0173 BOOD LUMO 60000 d\u016bm\u0173 skoni\u0173 s\u0105ra\u0161as:<\/h2>\n<p class=\"selectable-text copyable-text x15bjb6t x1n2onr6\" dir=\"ltr\">1.arb\u016bzo ledas<br \/>\n2.Bra\u0161ki\u0173 arb\u016bz\u0173 ledas<br \/>\n3.M\u0117lyn\u0173j\u0173 avie\u010di\u0173 ledas<br \/>\n4.Vynuogi\u0173 ledas<br \/>\n5.Citrin\u0173 \u017eali\u0173j\u0173 citrin\u0173<br \/>\n6.Trigubas melionas<br \/>\n7.M\u0117lyni\u0173 avie\u010di\u0173<br \/>\n8.Kivio pasiflor\u0173 gvajav\u0173<br \/>\n9.Bra\u0161ki\u0173 ledas<br \/>\n10.Persik\u0173 uog\u0173<\/p>\n<p><span style=\"vertical-align: inherit\">Raskite daugiau produkt\u0173, kurie jums gali patikti:<\/span><em><a href=\"https:\/\/wa.me\/8618077105796\"><span style=\"vertical-align: inherit\">\u00a0Pirkti dabar<\/span><\/a><\/em><\/p>\n<p><span style=\"vertical-align: inherit\">Kiti \u012ftraukimai, kurie jums gali patikti:<\/span><a href=\"https:\/\/vapebulkp.com\/lt\/product\/aivono-fat-bear-80000-puffs-3-flavors-modes-disposable-vape-bulk-wholesale\/\"><span style=\"vertical-align: inherit\">Aivono Fat Bear 80000 \u012fkv\u0117pim\u0173<\/span><\/a><span style=\"vertical-align: inherit\">\u3001<\/span><a href=\"https:\/\/vapebulkp.com\/lt\/product\/vozol-rave-40000-puffs-hot-sale-nicotine-salt-disposable-vaporizer\/\"><span style=\"vertical-align: inherit\">Vozol Rave 40000 \u012ekv\u0117pim\u0173<\/span><\/a><\/p>\n<p><a href=\"https:\/\/vapebulkp.com\/lt\/product\/wholesale-vape-okso-60000-puffs-dual-flavor-disposable-device\/\"><span style=\"vertical-align: inherit\">OKSO 60000 d\u016bm\u0173 <\/span><\/a><span style=\"vertical-align: inherit\">\/ <\/span><a href=\"https:\/\/vapebulkp.com\/lt\/product\/okso-crystal-800-puffs-wholesale-price-vape-bar\/\"><span style=\"vertical-align: inherit\">OKSO Kristalas 800 P\u016b\u010di\u0173<\/span><\/a><span style=\"vertical-align: inherit\">\/<\/span><a href=\"https:\/\/vapebulkp.com\/lt\/product\/bang-king-85000-puffs-hot-sale-3-in-1-flavors-disposable-vape\/\"><span style=\"vertical-align: inherit\">Bang King 85000 \u012ftraukim\u0173<\/span><\/a><\/p>\n<p>&nbsp;<\/p>\n<h2 data-start=\"55\" data-end=\"75\">Pristatymo b\u016bdai<\/h2>\n<p data-start=\"77\" data-end=\"345\">\u201eVapebulkp.com\u201c bendradarbiauja su pirmaujan\u010diais kurjeriais, tokiais kaip \u201eUPS\u201c, \u201eDHL\u201c, \u201eFedEx\u201c ir \u201eDPD\u201c, kad u\u017etikrint\u0173 greit\u0105 ir patikim\u0105 pristatym\u0105. Atsi\u017evelgiant \u012f paskirties \u0161al\u012f, pasirenkame tinkamiausi\u0105 pristatymo b\u016bd\u0105, kad j\u016bs\u0173 u\u017esakymas atvykt\u0173 kuo grei\u010diau ir saugiau.<\/p>\n<ul data-start=\"347\" data-end=\"509\">\n<li data-start=\"347\" data-end=\"429\">\n<p data-start=\"349\" data-end=\"429\"><strong data-start=\"349\" data-end=\"383\">Pristatymas \u012f Lietuv\u0105:<\/strong> Paprastai pristatymas trunka apie 10 dien\u0173.<\/p>\n<\/li>\n<li data-start=\"430\" data-end=\"506\">\n<p data-start=\"432\" data-end=\"506\"><strong data-start=\"432\" data-end=\"467\">Pristatymas \u012f Europos \u0161alis:<\/strong> Paprastai trunka nuo 12 iki 15 dien\u0173.<\/p>\n<\/li>\n<\/ul>\n<p data-start=\"510\" data-end=\"603\">Mes teikiame realaus laiko sekimo naujienas, kad gal\u0117tum\u0117te steb\u0117ti savo siuntin\u012f kiekviename \u017eingsnyje.<\/p>\n<p data-start=\"605\" data-end=\"856\">Siekdami pasi\u016blyti jums be r\u016bpes\u010di\u0173 apsipirkimo patirt\u012f, mes atliekame visas muitin\u0117s formalumus j\u016bs\u0173 vardu. Jums nereik\u0117s r\u016bpintis papildomais mokes\u010diais ar rinkliavomis, ir mes garantuojame, kad 100% m\u016bs\u0173 siuntini\u0173 s\u0117kmingai praeina muitin\u0119 be joki\u0173 problem\u0173.<\/p>\n<p data-start=\"858\" data-end=\"956\">Pirkite u\u017etikrintai \u201eVapebulkp.com\u201c, \u017einodami, kad j\u016bs\u0173 u\u017esakymas yra patyrusi\u0173 specialist\u0173 rankose nuo apmok\u0117jimo iki pristatymo.<\/p>","protected":false},"excerpt":{"rendered":"<p data-start=\"138\" data-end=\"318\">Pirkite autenti\u0161k\u0105 BOOD LUMO 60000 P\u016bpseli\u0173 Vienkartin\u012f Vape su dvigubomis tinklelio rit\u0117mis, 18ml el. skys\u010dio ir reguliuojamu oro srautu. Galima \u012fsigyti 2%<\/p>\n<p>D\u0117l nuolaidos kainos susisiekite su Mandy per WhatsApp<a href=\"https:\/\/wa.me\/8618077105796\">+8618077105796<\/a><\/p>\n<p><img decoding=\"async\" class=\"alignnone wp-image-2151\" src=\"http:\/\/vapebulkp.com\/wp-content\/uploads\/2024\/04\/Mandy-WhatsApp-Randm.jpg\" alt=\"Mandy WhatsApp Atsitiktinis\" width=\"297\" height=\"316\" srcset=\"https:\/\/vapebulkp.com\/wp-content\/uploads\/2024\/04\/Mandy-WhatsApp-Randm.jpg 916w, https:\/\/vapebulkp.com\/wp-content\/uploads\/2024\/04\/Mandy-WhatsApp-Randm-282x300.jpg 282w, https:\/\/vapebulkp.com\/wp-content\/uploads\/2024\/04\/Mandy-WhatsApp-Randm-768x817.jpg 768w, https:\/\/vapebulkp.com\/wp-content\/uploads\/2024\/04\/Mandy-WhatsApp-Randm-600x638.jpg 600w\" sizes=\"(max-width: 297px) 100vw, 297px\" \/><\/p>\n<p><span style=\"color: #ff0000\">PASTABA: Kainos m\u016bs\u0173 svetain\u0117je neapima siuntimo i\u0161laid\u0173<\/span><\/p>\n<p>Pagrindin\u0117 pirkimo prie\u017eastis<br \/>\n1. Puiki kokyb\u0117 ir neprilygstamas na\u0161umas.<\/p>\n<p>2. Konkurencinga kaina ir greita vert\u0117.<\/p>\n<p>3. Keli pasirinkimai ir pristatymas laiku.<\/p>\n<p>4. Maloni apsipirkimo patirtis<\/p>","protected":false},"featured_media":3902,"comment_status":"open","ping_status":"closed","template":"","meta":{"_uag_custom_page_level_css":"","_lmt_disableupdate":"no","_lmt_disable":"","site-sidebar-layout":"default","site-content-layout":"content-boxed-container","ast-site-content-layout":"normal-width-container","site-content-style":"boxed","site-sidebar-style":"unboxed","ast-global-header-display":"","ast-banner-title-visibility":"","ast-main-header-display":"","ast-hfb-above-header-display":"","ast-hfb-below-header-display":"","ast-hfb-mobile-header-display":"","site-post-title":"","ast-breadcrumbs-content":"","ast-featured-img":"","footer-sml-layout":"","theme-transparent-header-meta":"default","adv-header-id-meta":"","stick-header-meta":"","header-above-stick-meta":"","header-main-stick-meta":"","header-below-stick-meta":"","astra-migrate-meta-layouts":"set","_joinchat":[]},"product_cat":[234,153,155,346,33,59,100,87,34,158,157,154,152,58,84,156,63,32],"product_tag":[265,36,37,41,40],"class_list":["post-3910","product","type-product","status-publish","has-post-thumbnail","hentry","product_cat-60000-puffs-disposable-vape","product_cat-hot-disposable-vapes","product_cat-belgium-hot-disposable-vapes","product_cat-bood-vapes","product_cat-france-vape-hot-sale","product_cat-germany-hot-disposable-vape","product_cat-germany-wholesale-vape-shop","product_cat-minimum-order-quantity-50pcs","product_cat-netherlands-vape-good-sale","product_cat-norway-hot-disposable-vapes","product_cat-poland-hot-disposable-vapes","product_cat-portugal-hot-disposable-vapes","product_cat-spain-hot-disposable-vapes","product_cat-sweden-hot-disposable-vape","product_cat-sweden-wholesale-vape","product_cat-switzerland-hot-disposable-vapes","product_cat-top-sale-disposable-vape","product_cat-vape-hot-sale-this-week","product_tag-bood-lumo-60000-puffs","product_tag-good-vape","product_tag-hot-sale-disposable-vape","product_tag-poland-hot-vape","product_tag-sweden-hot-vape","pa_brand-bood-vape","desktop-align-left","tablet-align-left","mobile-align-left"],"yoast_head":"<!-- This site is optimized with the Yoast SEO plugin v21.1 - https:\/\/yoast.com\/wordpress\/plugins\/seo\/ -->\n<title>BOOD LUMO 60000 Puffs Best Price Disposable Vape 2% 5% Nicotine - vapebulkp.com<\/title>\n<meta name=\"description\" content=\"Get the best price on BOOD LUMO 60K Puff Disposable Vape. Fast shipping, 100% genuine, with smart LED display and long-lasting battery. Shop now at Vapebulkp.com!\" \/>\n<meta name=\"robots\" content=\"index, follow, max-snippet:-1, max-image-preview:large, max-video-preview:-1\" \/>\n<link rel=\"canonical\" href=\"https:\/\/vapebulkp.com\/lt\/product\/bood-lumo-60000-puffs-best-price-disposable-vape-2-5-nicotine\/\" \/>\n<meta property=\"og:locale\" content=\"lt_LT\" \/>\n<meta property=\"og:type\" content=\"article\" \/>\n<meta property=\"og:title\" content=\"BOOD LUMO 60000 Puffs Best Price Disposable Vape 2% 5% Nicotine - vapebulkp.com\" \/>\n<meta property=\"og:description\" content=\"Get the best price on BOOD LUMO 60K Puff Disposable Vape. Fast shipping, 100% genuine, with smart LED display and long-lasting battery. Shop now at Vapebulkp.com!\" \/>\n<meta property=\"og:url\" content=\"https:\/\/vapebulkp.com\/lt\/product\/bood-lumo-60000-puffs-best-price-disposable-vape-2-5-nicotine\/\" \/>\n<meta property=\"og:site_name\" content=\"vapebulkp.com\" \/>\n<meta property=\"article:modified_time\" content=\"2025-09-24T03:01:15+00:00\" \/>\n<meta property=\"og:image\" content=\"http:\/\/vapebulkp.com\/wp-content\/uploads\/2025\/07\/BOOD-LUMO-60K-PUFF-Rechargeable-Vape-Device.webp\" \/>\n\t<meta property=\"og:image:width\" content=\"800\" \/>\n\t<meta property=\"og:image:height\" content=\"800\" \/>\n\t<meta property=\"og:image:type\" content=\"image\/webp\" \/>\n<meta name=\"twitter:card\" content=\"summary_large_image\" \/>\n<meta name=\"twitter:label1\" content=\"Est. reading time\" \/>\n\t<meta name=\"twitter:data1\" content=\"4 minut\u0117s\" \/>\n<script type=\"application\/ld+json\" class=\"yoast-schema-graph\">{\"@context\":\"https:\/\/schema.org\",\"@graph\":[{\"@type\":\"WebPage\",\"@id\":\"https:\/\/vapebulkp.com\/product\/bood-lumo-60000-puffs-best-price-disposable-vape-2-5-nicotine\/\",\"url\":\"https:\/\/vapebulkp.com\/product\/bood-lumo-60000-puffs-best-price-disposable-vape-2-5-nicotine\/\",\"name\":\"BOOD LUMO 60000 Puffs Best Price Disposable Vape 2% 5% Nicotine - vapebulkp.com\",\"isPartOf\":{\"@id\":\"https:\/\/vapebulkp.com\/#website\"},\"datePublished\":\"2025-07-03T08:52:49+00:00\",\"dateModified\":\"2025-09-24T03:01:15+00:00\",\"description\":\"Get the best price on BOOD LUMO 60K Puff Disposable Vape. Fast shipping, 100% genuine, with smart LED display and long-lasting battery. Shop now at Vapebulkp.com!\",\"breadcrumb\":{\"@id\":\"https:\/\/vapebulkp.com\/product\/bood-lumo-60000-puffs-best-price-disposable-vape-2-5-nicotine\/#breadcrumb\"},\"inLanguage\":\"lt-LT\",\"potentialAction\":[{\"@type\":\"ReadAction\",\"target\":[\"https:\/\/vapebulkp.com\/product\/bood-lumo-60000-puffs-best-price-disposable-vape-2-5-nicotine\/\"]}]},{\"@type\":\"BreadcrumbList\",\"@id\":\"https:\/\/vapebulkp.com\/product\/bood-lumo-60000-puffs-best-price-disposable-vape-2-5-nicotine\/#breadcrumb\",\"itemListElement\":[{\"@type\":\"ListItem\",\"position\":1,\"name\":\"Home\",\"item\":\"https:\/\/vapebulkp.com\/\"},{\"@type\":\"ListItem\",\"position\":2,\"name\":\"Hot Trend Vapes\",\"item\":\"https:\/\/vapebulkp.com\/vape-shop\/\"},{\"@type\":\"ListItem\",\"position\":3,\"name\":\"BOOD LUMO 60000 Puffs Best Price Disposable Vape 2% 5% Nicotine\"}]},{\"@type\":\"WebSite\",\"@id\":\"https:\/\/vapebulkp.com\/#website\",\"url\":\"https:\/\/vapebulkp.com\/\",\"name\":\"vapebulkp.com\",\"description\":\"Buy Vape In Cheap Bulk Price Near you\",\"publisher\":{\"@id\":\"https:\/\/vapebulkp.com\/#organization\"},\"potentialAction\":[{\"@type\":\"SearchAction\",\"target\":{\"@type\":\"EntryPoint\",\"urlTemplate\":\"https:\/\/vapebulkp.com\/?s={search_term_string}\"},\"query-input\":\"required name=search_term_string\"}],\"inLanguage\":\"lt-LT\"},{\"@type\":\"Organization\",\"@id\":\"https:\/\/vapebulkp.com\/#organization\",\"name\":\"vapebulkp.com\",\"url\":\"https:\/\/vapebulkp.com\/\",\"logo\":{\"@type\":\"ImageObject\",\"inLanguage\":\"lt-LT\",\"@id\":\"https:\/\/vapebulkp.com\/#\/schema\/logo\/image\/\",\"url\":\"https:\/\/vapebulkp.com\/wp-content\/uploads\/2023\/09\/cropped-vapebulkp.png\",\"contentUrl\":\"https:\/\/vapebulkp.com\/wp-content\/uploads\/2023\/09\/cropped-vapebulkp.png\",\"width\":516,\"height\":163,\"caption\":\"vapebulkp.com\"},\"image\":{\"@id\":\"https:\/\/vapebulkp.com\/#\/schema\/logo\/image\/\"}}]}<\/script>\n<!-- \/ Yoast SEO plugin. -->","yoast_head_json":{"title":"BOOD LUMO 60000 Puffs Best Price Disposable Vape 2% 5% Nicotine - vapebulkp.com","description":"Get the best price on BOOD LUMO 60K Puff Disposable Vape. Fast shipping, 100% genuine, with smart LED display and long-lasting battery. Shop now at Vapebulkp.com!","robots":{"index":"index","follow":"follow","max-snippet":"max-snippet:-1","max-image-preview":"max-image-preview:large","max-video-preview":"max-video-preview:-1"},"canonical":"https:\/\/vapebulkp.com\/lt\/product\/bood-lumo-60000-puffs-best-price-disposable-vape-2-5-nicotine\/","og_locale":"lt_LT","og_type":"article","og_title":"BOOD LUMO 60000 Puffs Best Price Disposable Vape 2% 5% Nicotine - vapebulkp.com","og_description":"Get the best price on BOOD LUMO 60K Puff Disposable Vape. Fast shipping, 100% genuine, with smart LED display and long-lasting battery. Shop now at Vapebulkp.com!","og_url":"https:\/\/vapebulkp.com\/lt\/product\/bood-lumo-60000-puffs-best-price-disposable-vape-2-5-nicotine\/","og_site_name":"vapebulkp.com","article_modified_time":"2025-09-24T03:01:15+00:00","og_image":[{"width":800,"height":800,"url":"http:\/\/vapebulkp.com\/wp-content\/uploads\/2025\/07\/BOOD-LUMO-60K-PUFF-Rechargeable-Vape-Device.webp","type":"image\/webp"}],"twitter_card":"summary_large_image","twitter_misc":{"Est. reading time":"4 minut\u0117s"},"schema":{"@context":"https:\/\/schema.org","@graph":[{"@type":"WebPage","@id":"https:\/\/vapebulkp.com\/product\/bood-lumo-60000-puffs-best-price-disposable-vape-2-5-nicotine\/","url":"https:\/\/vapebulkp.com\/product\/bood-lumo-60000-puffs-best-price-disposable-vape-2-5-nicotine\/","name":"BOOD LUMO 60000 Puffs Best Price Disposable Vape 2% 5% Nicotine - vapebulkp.com","isPartOf":{"@id":"https:\/\/vapebulkp.com\/#website"},"datePublished":"2025-07-03T08:52:49+00:00","dateModified":"2025-09-24T03:01:15+00:00","description":"Get the best price on BOOD LUMO 60K Puff Disposable Vape. Fast shipping, 100% genuine, with smart LED display and long-lasting battery. Shop now at Vapebulkp.com!","breadcrumb":{"@id":"https:\/\/vapebulkp.com\/product\/bood-lumo-60000-puffs-best-price-disposable-vape-2-5-nicotine\/#breadcrumb"},"inLanguage":"lt-LT","potentialAction":[{"@type":"ReadAction","target":["https:\/\/vapebulkp.com\/product\/bood-lumo-60000-puffs-best-price-disposable-vape-2-5-nicotine\/"]}]},{"@type":"BreadcrumbList","@id":"https:\/\/vapebulkp.com\/product\/bood-lumo-60000-puffs-best-price-disposable-vape-2-5-nicotine\/#breadcrumb","itemListElement":[{"@type":"ListItem","position":1,"name":"Home","item":"https:\/\/vapebulkp.com\/"},{"@type":"ListItem","position":2,"name":"Hot Trend Vapes","item":"https:\/\/vapebulkp.com\/vape-shop\/"},{"@type":"ListItem","position":3,"name":"BOOD LUMO 60000 Puffs Best Price Disposable Vape 2% 5% Nicotine"}]},{"@type":"WebSite","@id":"https:\/\/vapebulkp.com\/#website","url":"https:\/\/vapebulkp.com\/","name":"vapebulkp.com","description":"Buy Vape In Cheap Bulk Price Near you","publisher":{"@id":"https:\/\/vapebulkp.com\/#organization"},"potentialAction":[{"@type":"SearchAction","target":{"@type":"EntryPoint","urlTemplate":"https:\/\/vapebulkp.com\/?s={search_term_string}"},"query-input":"required name=search_term_string"}],"inLanguage":"lt-LT"},{"@type":"Organization","@id":"https:\/\/vapebulkp.com\/#organization","name":"vapebulkp.com","url":"https:\/\/vapebulkp.com\/","logo":{"@type":"ImageObject","inLanguage":"lt-LT","@id":"https:\/\/vapebulkp.com\/#\/schema\/logo\/image\/","url":"https:\/\/vapebulkp.com\/wp-content\/uploads\/2023\/09\/cropped-vapebulkp.png","contentUrl":"https:\/\/vapebulkp.com\/wp-content\/uploads\/2023\/09\/cropped-vapebulkp.png","width":516,"height":163,"caption":"vapebulkp.com"},"image":{"@id":"https:\/\/vapebulkp.com\/#\/schema\/logo\/image\/"}}]}},"uagb_featured_image_src":{"full":["https:\/\/vapebulkp.com\/wp-content\/uploads\/2025\/07\/BOOD-LUMO-60K-PUFF-Rechargeable-Vape-Device.webp",800,800,false],"thumbnail":["https:\/\/vapebulkp.com\/wp-content\/uploads\/2025\/07\/BOOD-LUMO-60K-PUFF-Rechargeable-Vape-Device-150x150.webp",150,150,true],"medium":["https:\/\/vapebulkp.com\/wp-content\/uploads\/2025\/07\/BOOD-LUMO-60K-PUFF-Rechargeable-Vape-Device-300x300.webp",300,300,true],"medium_large":["https:\/\/vapebulkp.com\/wp-content\/uploads\/2025\/07\/BOOD-LUMO-60K-PUFF-Rechargeable-Vape-Device-768x768.webp",768,768,true],"large":["https:\/\/vapebulkp.com\/wp-content\/uploads\/2025\/07\/BOOD-LUMO-60K-PUFF-Rechargeable-Vape-Device.webp",800,800,false],"1536x1536":["https:\/\/vapebulkp.com\/wp-content\/uploads\/2025\/07\/BOOD-LUMO-60K-PUFF-Rechargeable-Vape-Device.webp",800,800,false],"2048x2048":["https:\/\/vapebulkp.com\/wp-content\/uploads\/2025\/07\/BOOD-LUMO-60K-PUFF-Rechargeable-Vape-Device.webp",800,800,false],"trp-custom-language-flag":["https:\/\/vapebulkp.com\/wp-content\/uploads\/2025\/07\/BOOD-LUMO-60K-PUFF-Rechargeable-Vape-Device.webp",12,12,false],"woocommerce_thumbnail":["https:\/\/vapebulkp.com\/wp-content\/uploads\/2025\/07\/BOOD-LUMO-60K-PUFF-Rechargeable-Vape-Device-300x300.webp",300,300,true],"woocommerce_single":["https:\/\/vapebulkp.com\/wp-content\/uploads\/2025\/07\/BOOD-LUMO-60K-PUFF-Rechargeable-Vape-Device-600x600.webp",600,600,true],"woocommerce_gallery_thumbnail":["https:\/\/vapebulkp.com\/wp-content\/uploads\/2025\/07\/BOOD-LUMO-60K-PUFF-Rechargeable-Vape-Device-100x100.webp",100,100,true],"wcpr-photo-reviews":["https:\/\/vapebulkp.com\/wp-content\/uploads\/2025\/07\/BOOD-LUMO-60K-PUFF-Rechargeable-Vape-Device.webp",500,500,false]},"uagb_author_info":{"display_name":"Mandy vape bulk price","author_link":"https:\/\/vapebulkp.com\/lt\/author\/"},"uagb_comment_info":0,"uagb_excerpt":"Buy authentic BOOD LUMO 60000 Puffs Disposable Vape with dual mesh coils, 18ml e-liquid, and adjustable airflow. Available in 2% &amp; 5% nicotine at Vapebulkp.com. Pls Contact Mandy's WhatsApp For Discount Price+8618077105796 NOTE: Prices on our website does not include shipping costs Main reason for purchase 1. Excellent quality and unparalleled performance. 2. Competitive price&hellip;","_links":{"self":[{"href":"https:\/\/vapebulkp.com\/lt\/wp-json\/wp\/v2\/product\/3910","targetHints":{"allow":["GET"]}}],"collection":[{"href":"https:\/\/vapebulkp.com\/lt\/wp-json\/wp\/v2\/product"}],"about":[{"href":"https:\/\/vapebulkp.com\/lt\/wp-json\/wp\/v2\/types\/product"}],"replies":[{"embeddable":true,"href":"https:\/\/vapebulkp.com\/lt\/wp-json\/wp\/v2\/comments?post=3910"}],"wp:featuredmedia":[{"embeddable":true,"href":"https:\/\/vapebulkp.com\/lt\/wp-json\/wp\/v2\/media\/3902"}],"wp:attachment":[{"href":"https:\/\/vapebulkp.com\/lt\/wp-json\/wp\/v2\/media?parent=3910"}],"wp:term":[{"taxonomy":"product_cat","embeddable":true,"href":"https:\/\/vapebulkp.com\/lt\/wp-json\/wp\/v2\/product_cat?post=3910"},{"taxonomy":"product_tag","embeddable":true,"href":"https:\/\/vapebulkp.com\/lt\/wp-json\/wp\/v2\/product_tag?post=3910"}],"curies":[{"name":"wp","href":"https:\/\/api.w.org\/{rel}","templated":true}]}}