{"id":1481,"date":"2023-09-19T09:44:38","date_gmt":"2023-09-19T07:44:38","guid":{"rendered":"https:\/\/vapebulkp.com\/?page_id=1481"},"modified":"2023-09-19T09:46:06","modified_gmt":"2023-09-19T07:46:06","slug":"faq-about-vape-bulk-order","status":"publish","type":"page","link":"https:\/\/vapebulkp.com\/lv\/faq-about-vape-bulk-order\/","title":{"rendered":"BUJ par vape vairumtirdzniec\u012bbas pas\u016bt\u012bjumiem"},"content":{"rendered":"<p><strong>Q1: K\u0101 veikt pas\u016bt\u012bjumu?<\/strong><br><strong>A1:<\/strong> Pas\u016bt\u012bjuma veik\u0161ana pie mums ir vienk\u0101r\u0161s process. Veiciet \u0161\u012bs darb\u012bbas:<\/p>\n\n\n\n<p><strong>Sken\u0113jiet WhatsApp QR kodu, lai s\u0101ktu t\u0113rz\u0113\u0161anu<\/strong><\/p>\n\n\n\n<figure class=\"wp-block-image size-large\"><img decoding=\"async\" width=\"1024\" height=\"951\" src=\"http:\/\/vapebulkp.com\/wp-content\/uploads\/2021\/08\/WhatsApp-1024x951.jpg\" alt=\"\" class=\"wp-image-1455\" srcset=\"https:\/\/vapebulkp.com\/wp-content\/uploads\/2021\/08\/WhatsApp-1024x951.jpg 1024w, https:\/\/vapebulkp.com\/wp-content\/uploads\/2021\/08\/WhatsApp-300x279.jpg 300w, https:\/\/vapebulkp.com\/wp-content\/uploads\/2021\/08\/WhatsApp-768x713.jpg 768w, https:\/\/vapebulkp.com\/wp-content\/uploads\/2021\/08\/WhatsApp-600x557.jpg 600w, https:\/\/vapebulkp.com\/wp-content\/uploads\/2021\/08\/WhatsApp.jpg 1080w\" sizes=\"(max-width: 1024px) 100vw, 1024px\" \/><\/figure>\n\n\n\n<p><strong>Sazinieties ar mums, lai uzzin\u0101tu pa\u0161reiz\u0113j\u0101s cenas:<\/strong> Sazinieties ar mums, lai uzzin\u0101tu jaun\u0101k\u0101s cenas produktiem, kas j\u016bs interes\u0113.<\/p>\n\n\n\n<p><strong>Izv\u0113lieties savu stilu un gar\u0161u:<\/strong> Izv\u0113lieties savu v\u0113lamo stilu un gar\u0161u no m\u016bsu pla\u0161\u0101 pied\u0101v\u0101jumu kl\u0101sta.<\/p>\n\n\n\n<p><strong>Veiciet maks\u0101jumu un gaidiet pieg\u0101di:<\/strong> Pabeidziet maks\u0101jumu un paciet\u012bgi gaidiet, l\u012bdz j\u016bsu pas\u016bt\u012bjums tiks pieg\u0101d\u0101ts.<\/p>\n\n\n\n<p><strong>Sa\u0146emiet un apstipriniet pas\u016bt\u012bjumu:<\/strong> Kad j\u016bsu pas\u016bt\u012bjums ir pieg\u0101d\u0101ts, apstipriniet pieg\u0101di, parakstot sa\u0146em\u0161anu.<\/p>\n\n\n\n<p><strong>Q2: Vai es varu main\u012bt savu veipingu pas\u016bt\u012bjumu p\u0113c t\u0101 veik\u0161anas?<\/strong><br><strong>A2:<\/strong> J\u0101, j\u016bs varat veikt izmai\u0146as sav\u0101 veipingu pas\u016bt\u012bjum\u0101 l\u012bdz pulksten 23:00 (Latvijas laiks, GMT+2) taj\u0101 pa\u0161\u0101 dien\u0101, kad tas tika veikts. Sazinieties ar mums pa e-pastu <a href=\"mailto:support@vapebulkp.com\">support@vapebulkp.com<\/a> lai piepras\u012btu jebk\u0101das izmai\u0146as.<\/p>\n\n\n\n<p><strong>Q3: K\u0101 uzs\u0101kt veipingu produkta atgrie\u0161anu?<\/strong><br><strong>A3:<\/strong> Lai uzs\u0101ktu sava veipingu produkta atgrie\u0161anu, veiciet \u0161\u012bs darb\u012bbas:<\/p>\n\n\n\n<ol class=\"wp-block-list\">\n<li>P\u0101rliecinieties, ka j\u016bsu veipingu prece ir ori\u0123in\u0101laj\u0101 iepakojum\u0101, neizmantota, nevalk\u0101ta un ar vis\u0101m eti\u0137et\u0113m.<\/li>\n\n\n\n<li>Sazinieties ar mums pa e-pastu <a href=\"mailto:support@vapebulkp.com\">support@vapebulkp.com<\/a> lai uzs\u0101ktu atgrie\u0161anu.<\/li>\n\n\n\n<li>P\u0113c apstiprin\u0101\u0161anas m\u0113s jums nodro\u0161in\u0101sim atgrie\u0161anas pieg\u0101des eti\u0137eti un detaliz\u0113tas instrukcijas.<\/li>\n\n\n\n<li>Iev\u0113rojiet sniegtos nor\u0101d\u012bjumus par pieg\u0101di. L\u016bdzu, \u0146emiet v\u0113r\u0101, ka neat\u013cautas atgrie\u0161anas bez iepriek\u0161\u0113jas apstiprin\u0101\u0161anas netiks pie\u0146emtas.<\/li>\n<\/ol>\n\n\n\n<p><strong>J4: Kad mans veipo\u0161anas ier\u012bces pas\u016bt\u012bjums tiks nos\u016bt\u012bts?<\/strong><br><strong>A4:<\/strong> Paredzams, ka apstr\u0101des un ra\u017eo\u0161anas laiks b\u016bs 1\u20135 darba dienas, pirms j\u016bsu veipo\u0161anas ier\u012bces pas\u016bt\u012bjums tiek nos\u016bt\u012bts. J\u016bs sa\u0146emsiet izseko\u0161anas numuru uz savu e-pastu.<\/p>\n\n\n\n<p><strong>J5: K\u0101 es varu izsekot savam veipo\u0161anas ier\u012bces pas\u016bt\u012bjumam?<\/strong><br><strong>A5:<\/strong> Izseko\u0161anas numuru atrad\u012bsiet sav\u0101 pieg\u0101des apstiprin\u0101juma e-past\u0101. Apmekl\u0113jiet m\u016bsu t\u012bmek\u013ca vietnes sada\u013cu \u201cizsekot pas\u016bt\u012bjumam\u201d un izmantojiet nor\u0101d\u012bto numuru, lai izsekotu savam veipo\u0161anas ier\u012bces pas\u016bt\u012bjumam.<\/p>\n\n\n\n<p><strong>J6: K\u0101da ir veipo\u0161anas ier\u012bces pieg\u0101des politika?<\/strong><br><strong>A6:<\/strong> Konkr\u0113t\u0101m valst\u012bm m\u0113s pied\u0101v\u0101jam DDP (Delivery Duty Paid) pieg\u0101di, kas vienk\u0101r\u0161o pieg\u0101des procesu, nov\u0113r\u0161ot nepiecie\u0161am\u012bbu p\u0113c muitas formalit\u0101t\u0113m un nodok\u013ciem j\u016bsu pus\u0113. Tas nodro\u0161ina vienm\u0113r\u012bg\u0101ku pieredzi j\u016bsu \u0113rt\u012bbai.<\/p>\n\n\n\n<p>Ja jums ir vair\u0101k jaut\u0101jumu par pas\u016bt\u012b\u0161anas procesu, atgrie\u0161anu vai pieg\u0101di, l\u016bdzu, nevilcinieties sazin\u0101ties ar mums <a href=\"mailto:support@vapebulkp.com\">support@vapebulkp.com<\/a>. J\u016bsu apmierin\u0101t\u012bba joproj\u0101m ir m\u016bsu galven\u0101 priorit\u0101te!<\/p>","protected":false},"excerpt":{"rendered":"<p>Q1: How to Place an Order?A1: Placing an order with us is a straightforward process. Follow these steps: Scan the whatsapp QRcode to chat Contact Us for Current Pricing: Reach out to us to inquire about the latest prices for the products you&#8217;re interested in. Select Your Style and Flavor: Choose your preferred style and &hellip;<\/p>\n<p class=\"read-more\"> <a class=\"\" href=\"https:\/\/vapebulkp.com\/lv\/faq-about-vape-bulk-order\/\"> <span class=\"screen-reader-text\">BUJ par vape vairumtirdzniec\u012bbas pas\u016bt\u012bjumiem<\/span> Las\u012bt vair\u0101k \u00bb<\/a><\/p>","protected":false},"author":1,"featured_media":0,"parent":0,"menu_order":0,"comment_status":"closed","ping_status":"closed","template":"","meta":{"_uag_custom_page_level_css":"","_lmt_disableupdate":"","_lmt_disable":"","site-sidebar-layout":"default","site-content-layout":"","ast-site-content-layout":"default","site-content-style":"default","site-sidebar-style":"default","ast-global-header-display":"","ast-banner-title-visibility":"","ast-main-header-display":"","ast-hfb-above-header-display":"","ast-hfb-below-header-display":"","ast-hfb-mobile-header-display":"","site-post-title":"","ast-breadcrumbs-content":"","ast-featured-img":"","footer-sml-layout":"","theme-transparent-header-meta":"","adv-header-id-meta":"","stick-header-meta":"","header-above-stick-meta":"","header-main-stick-meta":"","header-below-stick-meta":"","astra-migrate-meta-layouts":"set","_joinchat":[],"footnotes":""},"class_list":["post-1481","page","type-page","status-publish","hentry"],"yoast_head":"<!-- This site is optimized with the Yoast SEO plugin v21.1 - https:\/\/yoast.com\/wordpress\/plugins\/seo\/ -->\n<title>FAQ About Vape Bulk Order - vapebulkp.com<\/title>\n<meta name=\"description\" content=\"vapebulkp.com specializes in disposable vape pens, dedicated to catering to a worldwide audience seeking a wholesaler that prioritizes a healthier lifestyle and an enhanced vaping journey.\" \/>\n<meta name=\"robots\" content=\"index, follow, max-snippet:-1, max-image-preview:large, max-video-preview:-1\" \/>\n<link rel=\"canonical\" href=\"https:\/\/vapebulkp.com\/lv\/faq-about-vape-bulk-order\/\" \/>\n<meta property=\"og:locale\" content=\"lv_LV\" \/>\n<meta property=\"og:type\" content=\"article\" \/>\n<meta property=\"og:title\" content=\"FAQ About Vape Bulk Order - vapebulkp.com\" \/>\n<meta property=\"og:description\" content=\"vapebulkp.com specializes in disposable vape pens, dedicated to catering to a worldwide audience seeking a wholesaler that prioritizes a healthier lifestyle and an enhanced vaping journey.\" \/>\n<meta property=\"og:url\" content=\"https:\/\/vapebulkp.com\/lv\/faq-about-vape-bulk-order\/\" \/>\n<meta property=\"og:site_name\" content=\"vapebulkp.com\" \/>\n<meta property=\"article:modified_time\" content=\"2023-09-19T07:46:06+00:00\" \/>\n<meta property=\"og:image\" content=\"http:\/\/vapebulkp.com\/wp-content\/uploads\/2021\/08\/WhatsApp-1024x951.jpg\" \/>\n<meta name=\"twitter:card\" content=\"summary_large_image\" \/>\n<meta name=\"twitter:label1\" content=\"Est. reading time\" \/>\n\t<meta name=\"twitter:data1\" content=\"2 min\u016btes\" \/>\n<script type=\"application\/ld+json\" class=\"yoast-schema-graph\">{\"@context\":\"https:\/\/schema.org\",\"@graph\":[{\"@type\":\"WebPage\",\"@id\":\"https:\/\/vapebulkp.com\/faq-about-vape-bulk-order\/\",\"url\":\"https:\/\/vapebulkp.com\/faq-about-vape-bulk-order\/\",\"name\":\"FAQ About Vape Bulk Order - vapebulkp.com\",\"isPartOf\":{\"@id\":\"https:\/\/vapebulkp.com\/#website\"},\"datePublished\":\"2023-09-19T07:44:38+00:00\",\"dateModified\":\"2023-09-19T07:46:06+00:00\",\"description\":\"vapebulkp.com specializes in disposable vape pens, dedicated to catering to a worldwide audience seeking a wholesaler that prioritizes a healthier lifestyle and an enhanced vaping journey.\",\"breadcrumb\":{\"@id\":\"https:\/\/vapebulkp.com\/faq-about-vape-bulk-order\/#breadcrumb\"},\"inLanguage\":\"lv-LV\",\"potentialAction\":[{\"@type\":\"ReadAction\",\"target\":[\"https:\/\/vapebulkp.com\/faq-about-vape-bulk-order\/\"]}]},{\"@type\":\"BreadcrumbList\",\"@id\":\"https:\/\/vapebulkp.com\/faq-about-vape-bulk-order\/#breadcrumb\",\"itemListElement\":[{\"@type\":\"ListItem\",\"position\":1,\"name\":\"Home\",\"item\":\"https:\/\/vapebulkp.com\/\"},{\"@type\":\"ListItem\",\"position\":2,\"name\":\"FAQ About Vape Bulk Order\"}]},{\"@type\":\"WebSite\",\"@id\":\"https:\/\/vapebulkp.com\/#website\",\"url\":\"https:\/\/vapebulkp.com\/\",\"name\":\"vapebulkp.com\",\"description\":\"Buy Vape In Cheap Bulk Price Near you\",\"publisher\":{\"@id\":\"https:\/\/vapebulkp.com\/#organization\"},\"potentialAction\":[{\"@type\":\"SearchAction\",\"target\":{\"@type\":\"EntryPoint\",\"urlTemplate\":\"https:\/\/vapebulkp.com\/?s={search_term_string}\"},\"query-input\":\"required name=search_term_string\"}],\"inLanguage\":\"lv-LV\"},{\"@type\":\"Organization\",\"@id\":\"https:\/\/vapebulkp.com\/#organization\",\"name\":\"vapebulkp.com\",\"url\":\"https:\/\/vapebulkp.com\/\",\"logo\":{\"@type\":\"ImageObject\",\"inLanguage\":\"lv-LV\",\"@id\":\"https:\/\/vapebulkp.com\/#\/schema\/logo\/image\/\",\"url\":\"https:\/\/vapebulkp.com\/wp-content\/uploads\/2023\/09\/cropped-vapebulkp.png\",\"contentUrl\":\"https:\/\/vapebulkp.com\/wp-content\/uploads\/2023\/09\/cropped-vapebulkp.png\",\"width\":516,\"height\":163,\"caption\":\"vapebulkp.com\"},\"image\":{\"@id\":\"https:\/\/vapebulkp.com\/#\/schema\/logo\/image\/\"}}]}<\/script>\n<!-- \/ Yoast SEO plugin. -->","yoast_head_json":{"title":"FAQ About Vape Bulk Order - vapebulkp.com","description":"vapebulkp.com specializes in disposable vape pens, dedicated to catering to a worldwide audience seeking a wholesaler that prioritizes a healthier lifestyle and an enhanced vaping journey.","robots":{"index":"index","follow":"follow","max-snippet":"max-snippet:-1","max-image-preview":"max-image-preview:large","max-video-preview":"max-video-preview:-1"},"canonical":"https:\/\/vapebulkp.com\/lv\/faq-about-vape-bulk-order\/","og_locale":"lv_LV","og_type":"article","og_title":"FAQ About Vape Bulk Order - vapebulkp.com","og_description":"vapebulkp.com specializes in disposable vape pens, dedicated to catering to a worldwide audience seeking a wholesaler that prioritizes a healthier lifestyle and an enhanced vaping journey.","og_url":"https:\/\/vapebulkp.com\/lv\/faq-about-vape-bulk-order\/","og_site_name":"vapebulkp.com","article_modified_time":"2023-09-19T07:46:06+00:00","og_image":[{"url":"http:\/\/vapebulkp.com\/wp-content\/uploads\/2021\/08\/WhatsApp-1024x951.jpg"}],"twitter_card":"summary_large_image","twitter_misc":{"Est. reading time":"2 min\u016btes"},"schema":{"@context":"https:\/\/schema.org","@graph":[{"@type":"WebPage","@id":"https:\/\/vapebulkp.com\/faq-about-vape-bulk-order\/","url":"https:\/\/vapebulkp.com\/faq-about-vape-bulk-order\/","name":"FAQ About Vape Bulk Order - vapebulkp.com","isPartOf":{"@id":"https:\/\/vapebulkp.com\/#website"},"datePublished":"2023-09-19T07:44:38+00:00","dateModified":"2023-09-19T07:46:06+00:00","description":"vapebulkp.com specializes in disposable vape pens, dedicated to catering to a worldwide audience seeking a wholesaler that prioritizes a healthier lifestyle and an enhanced vaping journey.","breadcrumb":{"@id":"https:\/\/vapebulkp.com\/faq-about-vape-bulk-order\/#breadcrumb"},"inLanguage":"lv-LV","potentialAction":[{"@type":"ReadAction","target":["https:\/\/vapebulkp.com\/faq-about-vape-bulk-order\/"]}]},{"@type":"BreadcrumbList","@id":"https:\/\/vapebulkp.com\/faq-about-vape-bulk-order\/#breadcrumb","itemListElement":[{"@type":"ListItem","position":1,"name":"Home","item":"https:\/\/vapebulkp.com\/"},{"@type":"ListItem","position":2,"name":"FAQ About Vape Bulk Order"}]},{"@type":"WebSite","@id":"https:\/\/vapebulkp.com\/#website","url":"https:\/\/vapebulkp.com\/","name":"vapebulkp.com","description":"Buy Vape In Cheap Bulk Price Near you","publisher":{"@id":"https:\/\/vapebulkp.com\/#organization"},"potentialAction":[{"@type":"SearchAction","target":{"@type":"EntryPoint","urlTemplate":"https:\/\/vapebulkp.com\/?s={search_term_string}"},"query-input":"required name=search_term_string"}],"inLanguage":"lv-LV"},{"@type":"Organization","@id":"https:\/\/vapebulkp.com\/#organization","name":"vapebulkp.com","url":"https:\/\/vapebulkp.com\/","logo":{"@type":"ImageObject","inLanguage":"lv-LV","@id":"https:\/\/vapebulkp.com\/#\/schema\/logo\/image\/","url":"https:\/\/vapebulkp.com\/wp-content\/uploads\/2023\/09\/cropped-vapebulkp.png","contentUrl":"https:\/\/vapebulkp.com\/wp-content\/uploads\/2023\/09\/cropped-vapebulkp.png","width":516,"height":163,"caption":"vapebulkp.com"},"image":{"@id":"https:\/\/vapebulkp.com\/#\/schema\/logo\/image\/"}}]}},"uagb_featured_image_src":{"full":false,"thumbnail":false,"medium":false,"medium_large":false,"large":false,"1536x1536":false,"2048x2048":false,"trp-custom-language-flag":false,"woocommerce_thumbnail":false,"woocommerce_single":false,"woocommerce_gallery_thumbnail":false,"wcpr-photo-reviews":false},"uagb_author_info":{"display_name":"vapebulkp.com","author_link":"https:\/\/vapebulkp.com\/lv\/author\/vapebulkp-com\/"},"uagb_comment_info":0,"uagb_excerpt":"Q1: How to Place an Order?A1: Placing an order with us is a straightforward process. Follow these steps: Scan the whatsapp QRcode to chat Contact Us for Current Pricing: Reach out to us to inquire about the latest prices for the products you&#8217;re interested in. Select Your Style and Flavor: Choose your preferred style and&hellip;","_links":{"self":[{"href":"https:\/\/vapebulkp.com\/lv\/wp-json\/wp\/v2\/pages\/1481","targetHints":{"allow":["GET"]}}],"collection":[{"href":"https:\/\/vapebulkp.com\/lv\/wp-json\/wp\/v2\/pages"}],"about":[{"href":"https:\/\/vapebulkp.com\/lv\/wp-json\/wp\/v2\/types\/page"}],"author":[{"embeddable":true,"href":"https:\/\/vapebulkp.com\/lv\/wp-json\/wp\/v2\/users\/1"}],"replies":[{"embeddable":true,"href":"https:\/\/vapebulkp.com\/lv\/wp-json\/wp\/v2\/comments?post=1481"}],"version-history":[{"count":1,"href":"https:\/\/vapebulkp.com\/lv\/wp-json\/wp\/v2\/pages\/1481\/revisions"}],"predecessor-version":[{"id":1482,"href":"https:\/\/vapebulkp.com\/lv\/wp-json\/wp\/v2\/pages\/1481\/revisions\/1482"}],"wp:attachment":[{"href":"https:\/\/vapebulkp.com\/lv\/wp-json\/wp\/v2\/media?parent=1481"}],"curies":[{"name":"wp","href":"https:\/\/api.w.org\/{rel}","templated":true}]}}