{"id":1523,"date":"2023-09-20T05:18:44","date_gmt":"2023-09-20T03:18:44","guid":{"rendered":"https:\/\/vapebulkp.com\/?post_type=product&#038;p=1523"},"modified":"2025-09-16T11:23:39","modified_gmt":"2025-09-16T09:23:39","slug":"good-sale-randm-tornado-10000-puffs-plus","status":"publish","type":"product","link":"https:\/\/vapebulkp.com\/lv\/product\/good-sale-randm-tornado-10000-puffs-plus\/","title":{"rendered":"Labs pied\u0101v\u0101jums RandM Tornado 10000 Puffs Plus Latvija"},"content":{"rendered":"<h2>Laba p\u0101rdo\u0161ana RandM Tornado 10000 Puffs Plus<\/h2>\n<p data-start=\"139\" data-end=\"410\">Tas <strong data-start=\"143\" data-end=\"172\">RandM Tornado 10000 dvesmas<\/strong> ir augstas veiktsp\u0113jas <strong data-start=\"195\" data-end=\"226\">10000 d\u016bmu vienreiz\u0113j\u0101s lieto\u0161anas elektronisk\u0101 cigarete<\/strong> rad\u012bts Eiropas tvaic\u0113\u0161anas entuziastiem, kas mekl\u0113 \u0113rtumu un kvalit\u0101ti. Iepriek\u0161 uzpild\u012bts ar 20 ml augst\u0101k\u0101s kvalit\u0101tes nikot\u012bna s\u0101ls e-\u0161\u0137idruma, tas nodro\u0161ina maigu, piln\u012bgu tvaiku ar katru vilkmi.<\/p>\n<p data-start=\"412\" data-end=\"709\">Ar 0,8\u03a9 <strong data-start=\"429\" data-end=\"447\">sieta spoles vape<\/strong> sist\u0113mu un 850mAh C tipa uzl\u0101d\u0113jamu akumulatoru, \u0161is <strong data-start=\"503\" data-end=\"536\">liela ietilp\u012bba vienreizlietojam\u0101 vape<\/strong> nodro\u0161ina nemain\u012bgu gar\u0161u un apmierino\u0161us r\u012bkles dvesmas l\u012bdz pat 10 000 dvesm\u0101m. Pieejams 2% un 5% nikot\u012bna stiprum\u0101, tas atbilst gan m\u0113renu, gan stipru dvesmu v\u0113lm\u0113m.<\/p>\n<p data-start=\"711\" data-end=\"983\">Kompakts un viegls, tas <strong data-start=\"740\" data-end=\"785\">RandM Tornado <a href=\"https:\/\/vapebulkp.com\/lv\/product-category\/10000-puffs-disposable-vape\/\">10000 d\u016bmu vienreiz\u0113j\u0101s lieto\u0161anas elektronisk\u0101 cigarete<\/a><\/strong> ir \u0113rti ce\u013cojumiem, viegli p\u0101rn\u0113s\u0101jams un gatavs lieto\u0161anai jebkur\u0101 viet\u0101. T\u0101 ergonomiskais dizains un stabil\u0101 veiktsp\u0113ja padara to ide\u0101li piem\u0113rotu ikdienas tvaic\u0113\u0161anai, soci\u0101lajos pas\u0101kumos vai vairumtirdzniec\u012bbas izplat\u012b\u0161anai vis\u0101 Eirop\u0101.<\/p>\n<h6 style=\"text-align: left\"><img decoding=\"async\" class=\"alignnone wp-image-1706\" src=\"http:\/\/vapebulkp.com\/wp-content\/uploads\/2023\/09\/randm-tornado-vape-10000-plus-1.jpg\" alt=\"randm-tornado-vape-10000-plus\" width=\"372\" height=\"372\" srcset=\"https:\/\/vapebulkp.com\/wp-content\/uploads\/2023\/09\/randm-tornado-vape-10000-plus-1.jpg 1000w, https:\/\/vapebulkp.com\/wp-content\/uploads\/2023\/09\/randm-tornado-vape-10000-plus-1-300x300.jpg 300w, https:\/\/vapebulkp.com\/wp-content\/uploads\/2023\/09\/randm-tornado-vape-10000-plus-1-150x150.jpg 150w, https:\/\/vapebulkp.com\/wp-content\/uploads\/2023\/09\/randm-tornado-vape-10000-plus-1-768x768.jpg 768w, https:\/\/vapebulkp.com\/wp-content\/uploads\/2023\/09\/randm-tornado-vape-10000-plus-1-600x600.jpg 600w, https:\/\/vapebulkp.com\/wp-content\/uploads\/2023\/09\/randm-tornado-vape-10000-plus-1-100x100.jpg 100w\" sizes=\"(max-width: 372px) 100vw, 372px\" \/><\/h6>\n<h6>L\u016bdzu, sazinieties ar Mandijas WhatsApp, lai sa\u0146emtu atlaides cenu<a href=\"https:\/\/wa.me\/8618077105796\">+8618077105796<\/a><\/h6>\n<p><img decoding=\"async\" class=\"alignnone wp-image-2151\" src=\"http:\/\/vapebulkp.com\/wp-content\/uploads\/2024\/04\/Mandy-WhatsApp-Randm.jpg\" alt=\"Mandy WhatsApp Randi\" width=\"239\" height=\"254\" srcset=\"https:\/\/vapebulkp.com\/wp-content\/uploads\/2024\/04\/Mandy-WhatsApp-Randm.jpg 916w, https:\/\/vapebulkp.com\/wp-content\/uploads\/2024\/04\/Mandy-WhatsApp-Randm-282x300.jpg 282w, https:\/\/vapebulkp.com\/wp-content\/uploads\/2024\/04\/Mandy-WhatsApp-Randm-768x817.jpg 768w, https:\/\/vapebulkp.com\/wp-content\/uploads\/2024\/04\/Mandy-WhatsApp-Randm-600x638.jpg 600w\" sizes=\"(max-width: 239px) 100vw, 239px\" \/><\/p>\n<h2><span style=\"vertical-align: inherit\">Dom\u0101ju, ka jums var\u0113tu patikt zin\u0101t par RandM Tornado 10000 Puffs Plus:<\/span><\/h2>\n<h5 class=\"style-scope ytd-watch-metadata\">1. K\u0101 lietot r un m <span style=\"vertical-align: inherit\">\u00a0tornado 10000 puff vienreizlietojamo\u00a0 Plus <\/span>Vape pildspalvu?<\/h5>\n<p>1. solis. Pirms 10k dvesmu lieto\u0161anas atvienojiet plastmasas cauruli.<\/p>\n<p>2. solis. Gaidiet apm\u0113ram 3 min\u016btes, lai \u0161\u0137idrums non\u0101ktu iek\u0161\u0113j\u0101 spol\u0113.<\/p>\n<p>3. solis. Izbaudiet to<\/p>\n<h5>2.K\u0101 uzl\u0101d\u0113t vienreizlietojamo vape r<span style=\"vertical-align: inherit\">\u00a010000 dvesmu Plus <\/span>IER\u012aCE?<\/h5>\n<p>\u0100tr\u0101s uzl\u0101des l\u0101d\u0113t\u0101jus nevar izmantot, un vienreiz\u0113j\u0101s lieto\u0161anas e-cigare\u0161u standarta dro\u0161\u0101 jauda ir 5V 1A.<\/p>\n<p>Katrs uzl\u0101des laiks nedr\u012bkst p\u0101rsniegt 1 stundu, un dro\u0161s uzl\u0101des laiks ir pusstunda.<\/p>\n<p><span style=\"color: #ff6600\">Pazi\u0146ojums: Neuzl\u0101d\u0113jiet visu nakti!<\/span><\/p>\n<h5>3.K\u0101da ir R&amp;M 10000 e-\u0161\u0137idruma ietilp\u012bba?<\/h5>\n<p>20ml<\/p>\n<h5>4.Cik dvesmu es varu izdar\u012bt ar \u0161o R&amp;M Tornado 10000 Puffs Plus?<\/h5>\n<p>\u2014\u201310000 Puffs Plus<\/p>\n<h3><strong><span style=\"vertical-align: inherit\">Specifik\u0101cija R&amp;M 10000 Puffs Plus:<\/span><br \/>\n<\/strong><\/h3>\n<p>Akumulators: 850mAh (Type C)<br \/>\nIetilp\u012bba: 20 ml<br \/>\nSpole: 0,8 omu sieta<br \/>\nAptuvenais s\u016bk\u0161anas apjoms: 10000 dvesmas<br \/>\nNikot\u012bna stiprums: 2%,5%<br \/>\nMOQ: 100 gab<\/p>\n<h3><strong>\u00a0Lab\u0101k\u0101s R&amp;M vape 10000 Puffs Plus gar\u0161u izv\u0113les iesp\u0113jas:<\/strong><\/h3>\n<p><strong>1. V\u0113s\u0101 piparm\u0113tra<br \/>\n2. Sul\u012bgs ledus<br \/>\n3. L\u0101\u010di<br \/>\n4. Melle\u0146u sald\u0113jums<br \/>\n5. V\u012bnogu ledus<br \/>\n6. Roz\u0101 limon\u0101de<br \/>\n7 jauktas ogas<br \/>\n8. Zeme\u0146u arb\u016bzs <\/strong><\/p>\n<p><strong>9. Sarkanais \u0101bols un citrons<br \/>\n10.zemenes kivi<br \/>\n11. Melle\u0146u ko\u0161\u013c\u0101jam\u0101 gumija<br \/>\n12. Zilas sk\u0101b\u0101s avenes<br \/>\n13. Doktors Lans<br \/>\n14. Persiku mango<br \/>\n15. Zeme\u0146u ledus<br \/>\n16. Rambl\u0101za ledus<br \/>\n17 anan\u0101su ledus<br \/>\n18 \u0137ir\u0161i<br \/>\n19 persiku ledus<br \/>\n20 ave\u0146u arb\u016bzs<br \/>\n21 mellenes avenes<\/strong><\/p>\n<p><span style=\"vertical-align: inherit\">Atrast vair\u0101k produktu, kas jums var\u0113tu patikt:<\/span><em><a href=\"https:\/\/wa.me\/8618077105796\"><span style=\"vertical-align: inherit\">\u00a0Pirkt tagad<\/span><\/a><\/em><\/p>\n<p><span style=\"vertical-align: inherit\">Citas dvesmas, kas jums var\u0113tu patikt:<\/span><a href=\"https:\/\/vapebulkp.com\/lv\/product\/wholesale-price-og-super-smash-10000-puffs-disposable-vape\/\"><span style=\"vertical-align: inherit\">OG Smash 10000 dvesmas<\/span><\/a><span style=\"vertical-align: inherit\">\u3001<\/span><a href=\"https:\/\/vapebulkp.com\/lv\/product\/good-sale-randm-tornado-10000-puffs-plus\/\"><span style=\"vertical-align: inherit\">RandM Tornado 10000 dvesmas<\/span><\/a><span style=\"vertical-align: inherit\">\/ <\/span><a href=\"https:\/\/vapebulkp.com\/lv\/product\/popular-kulx-10000puffs-disposable-vape-good-price\/\"><span style=\"vertical-align: inherit\">Kulx 10000 Puffs<\/span><\/a><span style=\"vertical-align: inherit\">\/ <\/span><a href=\"https:\/\/vapebulkp.com\/lv\/product\/wholesale-randm-vape-9000-puffs-germany\/\"><span style=\"vertical-align: inherit\">RandM Tornado 9000 dvesmas<\/span><\/a><\/p>\n<p><span style=\"vertical-align: inherit\">\u012apa\u0161as formas e-cigare\u0161u pudele:<\/span><a href=\"https:\/\/vapebulkp.com\/lv\/product\/wholesale-tornado-rum-bar-9000-puffs-sweden\/\"><span style=\"vertical-align: inherit\">Rumbar 9000 dvesmas<\/span><\/a><span style=\"vertical-align: inherit\">\/ <\/span><a href=\"https:\/\/vapebulkp.com\/lv\/product\/popular-bang-king-10000-puffs-vape-good-price\/\"><span style=\"vertical-align: inherit\">RGB gaismas<\/span><\/a><span style=\"vertical-align: inherit\">\/<\/span><a href=\"https:\/\/vapebulkp.com\/lv\/product\/top-sale-waspe-12000puffs-disposable-vape-wholesale-france\/\"><span style=\"vertical-align: inherit\">WASPE 12000 dvesmas <\/span><\/a><\/p>\n<h5>Ra\u017eo\u0161anas kvalifik\u0101cija:<\/h5>\n<p><img decoding=\"async\" class=\"alignnone size-full wp-image-1841\" src=\"http:\/\/vapebulkp.com\/wp-content\/uploads\/2023\/11\/Vape-production-process-2.jpeg\" alt=\"Vape ra\u017eo\u0161anas process\" width=\"650\" height=\"434\" srcset=\"https:\/\/vapebulkp.com\/wp-content\/uploads\/2023\/11\/Vape-production-process-2.jpeg 650w, https:\/\/vapebulkp.com\/wp-content\/uploads\/2023\/11\/Vape-production-process-2-300x200.jpeg 300w, https:\/\/vapebulkp.com\/wp-content\/uploads\/2023\/11\/Vape-production-process-2-600x401.jpeg 600w\" sizes=\"(max-width: 650px) 100vw, 650px\" \/><\/p>\n<p><img decoding=\"async\" class=\"alignnone size-full wp-image-1843\" src=\"http:\/\/vapebulkp.com\/wp-content\/uploads\/2023\/11\/Vape-production-process.jpeg\" alt=\"Vape ra\u017eo\u0161anas process\" width=\"641\" height=\"1026\" srcset=\"https:\/\/vapebulkp.com\/wp-content\/uploads\/2023\/11\/Vape-production-process.jpeg 641w, https:\/\/vapebulkp.com\/wp-content\/uploads\/2023\/11\/Vape-production-process-187x300.jpeg 187w, https:\/\/vapebulkp.com\/wp-content\/uploads\/2023\/11\/Vape-production-process-640x1024.jpeg 640w, https:\/\/vapebulkp.com\/wp-content\/uploads\/2023\/11\/Vape-production-process-600x960.jpeg 600w\" sizes=\"(max-width: 641px) 100vw, 641px\" \/><\/p>\n<h5>Bie\u017ei uzdotie jaut\u0101jumi:<\/h5>\n<p>J: K\u0101ds ir r un m tornado 10000 minim\u0101lais pas\u016bt\u012bjuma daudzums?<br \/>\nA: Minim\u0101lais pas\u016bt\u012bjums ir 100 gab.<br \/>\nJ: K\u0101ds ir pas\u016bt\u012bto r un m vape pieg\u0101des laiks?<br \/>\nA: Parasti tas ir 10-15 dienas p\u0113c izs\u016bt\u012b\u0161anas<br \/>\nJ: Cik maks\u0101 pieg\u0101des izmaksas?A: Pieg\u0101des izmaksas ir atkar\u012bgas no svara. Da\u017e\u0101diem daudzumiem ir at\u0161\u0137ir\u012bgas pieg\u0101des izmaksas, l\u016bdzu, sazinieties ar mums, lai apstiprin\u0101tu pieg\u0101des izmaksas.<\/p>\n<h4>Pieg\u0101des deta\u013cas:<\/h4>\n<p><span style=\"color: #ff6600\">Ra\u017eo\u0161anas laiks: 5-10 darba dienas<\/span><br \/>\n<span style=\"color: #ff6600\">Pieg\u0101des laiks: 8-14 darba dienas<\/span><\/p>\n<p>Visi produkti m\u016bsu veikal\u0101 ir 100% ori\u0123in\u0101li un autentiski, t\u0101p\u0113c desmitk\u0101rt\u012bga kompens\u0101cija par viltot\u0101m prec\u0113m ir m\u016bsu veikala politika. M\u0113s izmantojam t\u0101dus lo\u0123istikas kan\u0101lus k\u0101 UPS\/DHL\/FEDEX\/DPD, lai pieg\u0101d\u0101tu preces jums.<\/p>\n<p>Paci\u0146\u0101m, kas tiek s\u016bt\u012btas uz Latviju, parasti nepiecie\u0161amas 10 darba dienas, lai t\u0101s sa\u0146emtu. S\u016bt\u012bjumiem uz Eiropas valst\u012bm parasti nepiecie\u0161amas 12 l\u012bdz 15 darba dienas, lai t\u0101s sa\u0146emtu. M\u0113s atjaunin\u0101sim lo\u0123istikas inform\u0101ciju jums re\u0101llaik\u0101.<\/p>","protected":false},"excerpt":{"rendered":"<p>Laipni l\u016bdzam tvaic\u0113\u0161anas n\u0101kotn\u0113 ar RandM Tornado 10000 Puffs Plus vienreizlietojamo e-cigareti. \u0160\u012b iev\u0113rojam\u0101 ier\u012bce pied\u0101v\u0101 p\u0101rsteidzo\u0161us 10000 dvesmu glud\u0101 un vienreizlietojam\u0101 iepakojum\u0101, nodro\u0161inot tvaic\u0113t\u0101jiem nep\u0101rsp\u0113jamu \u0113rtumu un gar\u0161u. Atvadieties no tradicion\u0101l\u0101s tvaic\u0113\u0161anas gr\u016bt\u012bb\u0101m un sveiciniet jaunu veidu, k\u0101 baud\u012bt iecien\u012bt\u0101k\u0101s gar\u0161as.<\/p>\n<p>Popul\u0101ra randm torndado laba vape<\/p>\n<p>Popul\u0101r\u0101k\u0101 p\u0101rdo\u0161ana randm vape 10000 dvesmas<\/p>\n<p><a href=\"http:\/\/Randm vape veikals\">http:\/\/Randm vape veikals<\/a><\/p>\n<p><img decoding=\"async\" class=\"alignnone wp-image-2151\" src=\"http:\/\/vapebulkp.com\/wp-content\/uploads\/2024\/04\/Mandy-WhatsApp-Randm.jpg\" alt=\"Mandy WhatsApp Randi\" width=\"255\" height=\"271\" srcset=\"https:\/\/vapebulkp.com\/wp-content\/uploads\/2024\/04\/Mandy-WhatsApp-Randm.jpg 916w, https:\/\/vapebulkp.com\/wp-content\/uploads\/2024\/04\/Mandy-WhatsApp-Randm-282x300.jpg 282w, https:\/\/vapebulkp.com\/wp-content\/uploads\/2024\/04\/Mandy-WhatsApp-Randm-768x817.jpg 768w, https:\/\/vapebulkp.com\/wp-content\/uploads\/2024\/04\/Mandy-WhatsApp-Randm-600x638.jpg 600w\" sizes=\"(max-width: 255px) 100vw, 255px\" \/><\/p>\n<p>L\u016bdzu, sazinieties ar Mandijas WhatsApp, lai sa\u0146emtu atlaides cenu<a href=\"https:\/\/wa.me\/8618077105796\">+8618077105796<\/a><\/p>\n<p><span style=\"color: #ff0000\">PIEZ\u012aME: Cenas m\u016bsu t\u012bmek\u013ca vietn\u0113 neietver pieg\u0101des izmaksas<\/span><\/p>","protected":false},"featured_media":1541,"comment_status":"open","ping_status":"closed","template":"","meta":{"_uag_custom_page_level_css":"","_lmt_disableupdate":"no","_lmt_disable":"","site-sidebar-layout":"default","site-content-layout":"content-boxed-container","ast-site-content-layout":"normal-width-container","site-content-style":"boxed","site-sidebar-style":"unboxed","ast-global-header-display":"","ast-banner-title-visibility":"","ast-main-header-display":"","ast-hfb-above-header-display":"","ast-hfb-below-header-display":"","ast-hfb-mobile-header-display":"","site-post-title":"","ast-breadcrumbs-content":"","ast-featured-img":"","footer-sml-layout":"","theme-transparent-header-meta":"default","adv-header-id-meta":"","stick-header-meta":"","header-above-stick-meta":"","header-main-stick-meta":"","header-below-stick-meta":"","astra-migrate-meta-layouts":"set","_joinchat":[]},"product_cat":[167,153,155,33,352,59,100,87,34,158,157,154,152,58,84,156,63,32],"product_tag":[49,36,37,41,74,40],"class_list":["post-1523","product","type-product","status-publish","has-post-thumbnail","hentry","product_cat-10000-puffs-disposable-vape","product_cat-hot-disposable-vapes","product_cat-belgium-hot-disposable-vapes","product_cat-france-vape-hot-sale","product_cat-fumot-vapes","product_cat-germany-hot-disposable-vape","product_cat-germany-wholesale-vape-shop","product_cat-minimum-order-quantity-50pcs","product_cat-netherlands-vape-good-sale","product_cat-norway-hot-disposable-vapes","product_cat-poland-hot-disposable-vapes","product_cat-portugal-hot-disposable-vapes","product_cat-spain-hot-disposable-vapes","product_cat-sweden-hot-disposable-vape","product_cat-sweden-wholesale-vape","product_cat-switzerland-hot-disposable-vapes","product_cat-top-sale-disposable-vape","product_cat-vape-hot-sale-this-week","product_tag-10000puffs-plus","product_tag-good-vape","product_tag-hot-sale-disposable-vape","product_tag-poland-hot-vape","product_tag-randm-vape","product_tag-sweden-hot-vape","pa_brand-fumot-vape","desktop-align-left","tablet-align-left","mobile-align-left"],"yoast_head":"<!-- This site is optimized with the Yoast SEO plugin v21.1 - https:\/\/yoast.com\/wordpress\/plugins\/seo\/ -->\n<title>Good Sale RandM Tornado 10000 Puffs Plus Germany - vapebulkp.com<\/title>\n<meta name=\"description\" content=\"RandM Tornado 10000 Puffs Plus Vape ergonomic design fits perfectly in your hand and is compact enough to slip into your pocket or purse.\" \/>\n<meta name=\"robots\" content=\"index, follow, max-snippet:-1, max-image-preview:large, max-video-preview:-1\" \/>\n<link rel=\"canonical\" href=\"https:\/\/vapebulkp.com\/lv\/product\/good-sale-randm-tornado-10000-puffs-plus\/\" \/>\n<meta property=\"og:locale\" content=\"lv_LV\" \/>\n<meta property=\"og:type\" content=\"article\" \/>\n<meta property=\"og:title\" content=\"Good Sale RandM Tornado 10000 Puffs Plus Germany - vapebulkp.com\" \/>\n<meta property=\"og:description\" content=\"RandM Tornado 10000 Puffs Plus Vape ergonomic design fits perfectly in your hand and is compact enough to slip into your pocket or purse.\" \/>\n<meta property=\"og:url\" content=\"https:\/\/vapebulkp.com\/lv\/product\/good-sale-randm-tornado-10000-puffs-plus\/\" \/>\n<meta property=\"og:site_name\" content=\"vapebulkp.com\" \/>\n<meta property=\"article:modified_time\" content=\"2025-09-16T09:23:39+00:00\" \/>\n<meta property=\"og:image\" content=\"http:\/\/vapebulkp.com\/wp-content\/uploads\/2023\/09\/76612692f100d93cac6618a626c666e.jpg\" \/>\n\t<meta property=\"og:image:width\" content=\"1080\" \/>\n\t<meta property=\"og:image:height\" content=\"1920\" \/>\n\t<meta property=\"og:image:type\" content=\"image\/jpeg\" \/>\n<meta name=\"twitter:card\" content=\"summary_large_image\" \/>\n<meta name=\"twitter:label1\" content=\"Est. reading time\" \/>\n\t<meta name=\"twitter:data1\" content=\"4 min\u016btes\" \/>\n<script type=\"application\/ld+json\" class=\"yoast-schema-graph\">{\"@context\":\"https:\/\/schema.org\",\"@graph\":[{\"@type\":\"WebPage\",\"@id\":\"https:\/\/vapebulkp.com\/product\/good-sale-randm-tornado-10000-puffs-plus\/\",\"url\":\"https:\/\/vapebulkp.com\/product\/good-sale-randm-tornado-10000-puffs-plus\/\",\"name\":\"Good Sale RandM Tornado 10000 Puffs Plus Germany - vapebulkp.com\",\"isPartOf\":{\"@id\":\"https:\/\/vapebulkp.com\/#website\"},\"datePublished\":\"2023-09-20T03:18:44+00:00\",\"dateModified\":\"2025-09-16T09:23:39+00:00\",\"description\":\"RandM Tornado 10000 Puffs Plus Vape ergonomic design fits perfectly in your hand and is compact enough to slip into your pocket or purse.\",\"breadcrumb\":{\"@id\":\"https:\/\/vapebulkp.com\/product\/good-sale-randm-tornado-10000-puffs-plus\/#breadcrumb\"},\"inLanguage\":\"lv-LV\",\"potentialAction\":[{\"@type\":\"ReadAction\",\"target\":[\"https:\/\/vapebulkp.com\/product\/good-sale-randm-tornado-10000-puffs-plus\/\"]}]},{\"@type\":\"BreadcrumbList\",\"@id\":\"https:\/\/vapebulkp.com\/product\/good-sale-randm-tornado-10000-puffs-plus\/#breadcrumb\",\"itemListElement\":[{\"@type\":\"ListItem\",\"position\":1,\"name\":\"Home\",\"item\":\"https:\/\/vapebulkp.com\/\"},{\"@type\":\"ListItem\",\"position\":2,\"name\":\"Hot Trend Vapes\",\"item\":\"https:\/\/vapebulkp.com\/vape-shop\/\"},{\"@type\":\"ListItem\",\"position\":3,\"name\":\"Good Sale RandM Tornado 10000 Puffs Plus Germany\"}]},{\"@type\":\"WebSite\",\"@id\":\"https:\/\/vapebulkp.com\/#website\",\"url\":\"https:\/\/vapebulkp.com\/\",\"name\":\"vapebulkp.com\",\"description\":\"Buy Vape In Cheap Bulk Price Near you\",\"publisher\":{\"@id\":\"https:\/\/vapebulkp.com\/#organization\"},\"potentialAction\":[{\"@type\":\"SearchAction\",\"target\":{\"@type\":\"EntryPoint\",\"urlTemplate\":\"https:\/\/vapebulkp.com\/?s={search_term_string}\"},\"query-input\":\"required name=search_term_string\"}],\"inLanguage\":\"lv-LV\"},{\"@type\":\"Organization\",\"@id\":\"https:\/\/vapebulkp.com\/#organization\",\"name\":\"vapebulkp.com\",\"url\":\"https:\/\/vapebulkp.com\/\",\"logo\":{\"@type\":\"ImageObject\",\"inLanguage\":\"lv-LV\",\"@id\":\"https:\/\/vapebulkp.com\/#\/schema\/logo\/image\/\",\"url\":\"https:\/\/vapebulkp.com\/wp-content\/uploads\/2023\/09\/cropped-vapebulkp.png\",\"contentUrl\":\"https:\/\/vapebulkp.com\/wp-content\/uploads\/2023\/09\/cropped-vapebulkp.png\",\"width\":516,\"height\":163,\"caption\":\"vapebulkp.com\"},\"image\":{\"@id\":\"https:\/\/vapebulkp.com\/#\/schema\/logo\/image\/\"}}]}<\/script>\n<!-- \/ Yoast SEO plugin. -->","yoast_head_json":{"title":"Good Sale RandM Tornado 10000 Puffs Plus Germany - vapebulkp.com","description":"RandM Tornado 10000 Puffs Plus Vape ergonomic design fits perfectly in your hand and is compact enough to slip into your pocket or purse.","robots":{"index":"index","follow":"follow","max-snippet":"max-snippet:-1","max-image-preview":"max-image-preview:large","max-video-preview":"max-video-preview:-1"},"canonical":"https:\/\/vapebulkp.com\/lv\/product\/good-sale-randm-tornado-10000-puffs-plus\/","og_locale":"lv_LV","og_type":"article","og_title":"Good Sale RandM Tornado 10000 Puffs Plus Germany - vapebulkp.com","og_description":"RandM Tornado 10000 Puffs Plus Vape ergonomic design fits perfectly in your hand and is compact enough to slip into your pocket or purse.","og_url":"https:\/\/vapebulkp.com\/lv\/product\/good-sale-randm-tornado-10000-puffs-plus\/","og_site_name":"vapebulkp.com","article_modified_time":"2025-09-16T09:23:39+00:00","og_image":[{"width":1080,"height":1920,"url":"http:\/\/vapebulkp.com\/wp-content\/uploads\/2023\/09\/76612692f100d93cac6618a626c666e.jpg","type":"image\/jpeg"}],"twitter_card":"summary_large_image","twitter_misc":{"Est. reading time":"4 min\u016btes"},"schema":{"@context":"https:\/\/schema.org","@graph":[{"@type":"WebPage","@id":"https:\/\/vapebulkp.com\/product\/good-sale-randm-tornado-10000-puffs-plus\/","url":"https:\/\/vapebulkp.com\/product\/good-sale-randm-tornado-10000-puffs-plus\/","name":"Good Sale RandM Tornado 10000 Puffs Plus Germany - vapebulkp.com","isPartOf":{"@id":"https:\/\/vapebulkp.com\/#website"},"datePublished":"2023-09-20T03:18:44+00:00","dateModified":"2025-09-16T09:23:39+00:00","description":"RandM Tornado 10000 Puffs Plus Vape ergonomic design fits perfectly in your hand and is compact enough to slip into your pocket or purse.","breadcrumb":{"@id":"https:\/\/vapebulkp.com\/product\/good-sale-randm-tornado-10000-puffs-plus\/#breadcrumb"},"inLanguage":"lv-LV","potentialAction":[{"@type":"ReadAction","target":["https:\/\/vapebulkp.com\/product\/good-sale-randm-tornado-10000-puffs-plus\/"]}]},{"@type":"BreadcrumbList","@id":"https:\/\/vapebulkp.com\/product\/good-sale-randm-tornado-10000-puffs-plus\/#breadcrumb","itemListElement":[{"@type":"ListItem","position":1,"name":"Home","item":"https:\/\/vapebulkp.com\/"},{"@type":"ListItem","position":2,"name":"Hot Trend Vapes","item":"https:\/\/vapebulkp.com\/vape-shop\/"},{"@type":"ListItem","position":3,"name":"Good Sale RandM Tornado 10000 Puffs Plus Germany"}]},{"@type":"WebSite","@id":"https:\/\/vapebulkp.com\/#website","url":"https:\/\/vapebulkp.com\/","name":"vapebulkp.com","description":"Buy Vape In Cheap Bulk Price Near you","publisher":{"@id":"https:\/\/vapebulkp.com\/#organization"},"potentialAction":[{"@type":"SearchAction","target":{"@type":"EntryPoint","urlTemplate":"https:\/\/vapebulkp.com\/?s={search_term_string}"},"query-input":"required name=search_term_string"}],"inLanguage":"lv-LV"},{"@type":"Organization","@id":"https:\/\/vapebulkp.com\/#organization","name":"vapebulkp.com","url":"https:\/\/vapebulkp.com\/","logo":{"@type":"ImageObject","inLanguage":"lv-LV","@id":"https:\/\/vapebulkp.com\/#\/schema\/logo\/image\/","url":"https:\/\/vapebulkp.com\/wp-content\/uploads\/2023\/09\/cropped-vapebulkp.png","contentUrl":"https:\/\/vapebulkp.com\/wp-content\/uploads\/2023\/09\/cropped-vapebulkp.png","width":516,"height":163,"caption":"vapebulkp.com"},"image":{"@id":"https:\/\/vapebulkp.com\/#\/schema\/logo\/image\/"}}]}},"uagb_featured_image_src":{"full":["https:\/\/vapebulkp.com\/wp-content\/uploads\/2023\/09\/76612692f100d93cac6618a626c666e.jpg",1080,1920,false],"thumbnail":["https:\/\/vapebulkp.com\/wp-content\/uploads\/2023\/09\/76612692f100d93cac6618a626c666e-150x150.jpg",150,150,true],"medium":["https:\/\/vapebulkp.com\/wp-content\/uploads\/2023\/09\/76612692f100d93cac6618a626c666e-169x300.jpg",169,300,true],"medium_large":["https:\/\/vapebulkp.com\/wp-content\/uploads\/2023\/09\/76612692f100d93cac6618a626c666e-768x1365.jpg",768,1365,true],"large":["https:\/\/vapebulkp.com\/wp-content\/uploads\/2023\/09\/76612692f100d93cac6618a626c666e-576x1024.jpg",576,1024,true],"1536x1536":["https:\/\/vapebulkp.com\/wp-content\/uploads\/2023\/09\/76612692f100d93cac6618a626c666e-864x1536.jpg",864,1536,true],"2048x2048":["https:\/\/vapebulkp.com\/wp-content\/uploads\/2023\/09\/76612692f100d93cac6618a626c666e.jpg",1080,1920,false],"trp-custom-language-flag":["https:\/\/vapebulkp.com\/wp-content\/uploads\/2023\/09\/76612692f100d93cac6618a626c666e.jpg",7,12,false],"woocommerce_thumbnail":["https:\/\/vapebulkp.com\/wp-content\/uploads\/2023\/09\/76612692f100d93cac6618a626c666e-300x300.jpg",300,300,true],"woocommerce_single":["https:\/\/vapebulkp.com\/wp-content\/uploads\/2023\/09\/76612692f100d93cac6618a626c666e-600x1067.jpg",600,1067,true],"woocommerce_gallery_thumbnail":["https:\/\/vapebulkp.com\/wp-content\/uploads\/2023\/09\/76612692f100d93cac6618a626c666e-100x100.jpg",100,100,true],"wcpr-photo-reviews":["https:\/\/vapebulkp.com\/wp-content\/uploads\/2023\/09\/76612692f100d93cac6618a626c666e.jpg",281,500,false]},"uagb_author_info":{"display_name":"Mandy vape bulk price","author_link":"https:\/\/vapebulkp.com\/lv\/author\/"},"uagb_comment_info":1,"uagb_excerpt":"Welcome to the future of vaping with the RandM Tornado 10000 Puffs\u00a0 Plus Disposable E-Cigarette. This remarkable device offers an astonishing 10000 puffs in a sleek and disposable package, providing vapers with unparalleled convenience and flavor. Say goodbye to the hassles of traditional vaping and hello to a new way of enjoying your favorite flavors.&hellip;","_links":{"self":[{"href":"https:\/\/vapebulkp.com\/lv\/wp-json\/wp\/v2\/product\/1523","targetHints":{"allow":["GET"]}}],"collection":[{"href":"https:\/\/vapebulkp.com\/lv\/wp-json\/wp\/v2\/product"}],"about":[{"href":"https:\/\/vapebulkp.com\/lv\/wp-json\/wp\/v2\/types\/product"}],"replies":[{"embeddable":true,"href":"https:\/\/vapebulkp.com\/lv\/wp-json\/wp\/v2\/comments?post=1523"}],"wp:featuredmedia":[{"embeddable":true,"href":"https:\/\/vapebulkp.com\/lv\/wp-json\/wp\/v2\/media\/1541"}],"wp:attachment":[{"href":"https:\/\/vapebulkp.com\/lv\/wp-json\/wp\/v2\/media?parent=1523"}],"wp:term":[{"taxonomy":"product_cat","embeddable":true,"href":"https:\/\/vapebulkp.com\/lv\/wp-json\/wp\/v2\/product_cat?post=1523"},{"taxonomy":"product_tag","embeddable":true,"href":"https:\/\/vapebulkp.com\/lv\/wp-json\/wp\/v2\/product_tag?post=1523"}],"curies":[{"name":"wp","href":"https:\/\/api.w.org\/{rel}","templated":true}]}}