{"id":1545,"date":"2023-09-20T09:21:33","date_gmt":"2023-09-20T07:21:33","guid":{"rendered":"https:\/\/vapebulkp.com\/?post_type=product&#038;p=1545"},"modified":"2025-09-24T05:10:12","modified_gmt":"2025-09-24T03:10:12","slug":"wholesale-randm-vape-9000-puffs-germany","status":"publish","type":"product","link":"https:\/\/vapebulkp.com\/lv\/product\/wholesale-randm-vape-9000-puffs-germany\/","title":{"rendered":"Vairumtirdzniec\u012bba RandM Vape 9000 dvesmas Latvija"},"content":{"rendered":"<h2>K\u0101da ir lab\u0101k\u0101 izp\u0101rdo\u0161ana Vape RandM Vape 9000 Puffs?<\/h2>\n<p>Wholesale RandM Tornado 9000 Puffs vienreiz\u0113j\u0101s lieto\u0161anas vape pied\u0101v\u0101 lielas ietilp\u012bbas vienreiz\u0113j\u0101s lieto\u0161anas vape risin\u0101jumu Eiropas vaperiem, kuri v\u0113las \u0113rt\u012bbu un ilgsto\u0161u veiktsp\u0113ju. Ar 9000 vienm\u0113r\u012bg\u0101m p\u016bt\u012bt\u0113m \u0161\u012b kompakta ier\u012bce nodro\u0161ina konsekventu gar\u0161u un apmierino\u0161us tvaikus no s\u0101kuma l\u012bdz beig\u0101m.<\/p>\n<p>Apr\u012bkots ar 850mAh uzl\u0101d\u0113jamu vienreiz\u0113j\u0101s lieto\u0161anas vape akumulatoru ar Type-C uzl\u0101di, tas nodro\u0161ina ilgsto\u0161as \u200b\u200bsesijas un minim\u0101lu d\u012bkst\u0101ves laiku. 0.8\u03a9 sieta spole nodro\u0161ina bag\u0101t\u012bgu gar\u0161u un bl\u012bvus m\u0101ko\u0146us ar katru pievilk\u0161anu. Iepriek\u0161 uzpild\u012bts ar 20 ml premium e-\u0161\u0137idruma, kas pieejams 21mg vai 51mg nikot\u012bna s\u0101ls vape, tas ir piem\u0113rots gan m\u0113reniem, gan stipr\u0101kiem sitieniem.<\/p>\n<p>Ide\u0101li piem\u0113rots vairumtirdzniec\u012bbas vape ES pirc\u0113jiem vai individu\u0101liem lietot\u0101jiem, RandM Tornado 9000 apvieno p\u0101rnesam\u012bbu, augstu veiktsp\u0113ju un uzticamu kvalit\u0101ti elegant\u0101, gatav\u0101 lieto\u0161anai ier\u012bc\u0113.<\/p>\n<h6 style=\"text-align: left\"><img decoding=\"async\" class=\"alignnone wp-image-1708\" src=\"http:\/\/vapebulkp.com\/wp-content\/uploads\/2023\/09\/POR-VAPE-RM-TORNADO-9000-PUFFS-2.jpg\" alt=\"VAPE PORTS RM TORNADO 9000 DVESU\" width=\"798\" height=\"798\" srcset=\"https:\/\/vapebulkp.com\/wp-content\/uploads\/2023\/09\/POR-VAPE-RM-TORNADO-9000-PUFFS-2.jpg 1000w, https:\/\/vapebulkp.com\/wp-content\/uploads\/2023\/09\/POR-VAPE-RM-TORNADO-9000-PUFFS-2-300x300.jpg 300w, https:\/\/vapebulkp.com\/wp-content\/uploads\/2023\/09\/POR-VAPE-RM-TORNADO-9000-PUFFS-2-150x150.jpg 150w, https:\/\/vapebulkp.com\/wp-content\/uploads\/2023\/09\/POR-VAPE-RM-TORNADO-9000-PUFFS-2-768x768.jpg 768w, https:\/\/vapebulkp.com\/wp-content\/uploads\/2023\/09\/POR-VAPE-RM-TORNADO-9000-PUFFS-2-600x600.jpg 600w, https:\/\/vapebulkp.com\/wp-content\/uploads\/2023\/09\/POR-VAPE-RM-TORNADO-9000-PUFFS-2-100x100.jpg 100w\" sizes=\"(max-width: 798px) 100vw, 798px\" \/><\/h6>\n<h6><\/h6>\n<h6>L\u016bdzu, sazinieties ar Mandijas WhatsApp, lai sa\u0146emtu atlaides cenu<a href=\"https:\/\/wa.me\/8618077105796\">+8618077105796<\/a><\/h6>\n<p><img decoding=\"async\" class=\"alignnone wp-image-2151\" src=\"http:\/\/vapebulkp.com\/wp-content\/uploads\/2024\/04\/Mandy-WhatsApp-Randm.jpg\" alt=\"Mandy WhatsApp Randi\" width=\"277\" height=\"295\" srcset=\"https:\/\/vapebulkp.com\/wp-content\/uploads\/2024\/04\/Mandy-WhatsApp-Randm.jpg 916w, https:\/\/vapebulkp.com\/wp-content\/uploads\/2024\/04\/Mandy-WhatsApp-Randm-282x300.jpg 282w, https:\/\/vapebulkp.com\/wp-content\/uploads\/2024\/04\/Mandy-WhatsApp-Randm-768x817.jpg 768w, https:\/\/vapebulkp.com\/wp-content\/uploads\/2024\/04\/Mandy-WhatsApp-Randm-600x638.jpg 600w\" sizes=\"(max-width: 277px) 100vw, 277px\" \/><\/p>\n<h3><span style=\"vertical-align: inherit\">Dom\u0101ju, ka jums var\u0113tu b\u016bt interesanti uzzin\u0101t par Randm Tornado 9000 p\u016bt\u012bt\u0113m:<\/span><\/h3>\n<p class=\"style-scope ytd-watch-metadata\">1. K\u0101 lietot RandM Tornado 9000 Vape Pen?<\/p>\n<p>1. solis. Pirms 9k p\u016bt\u012b\u0161u lieto\u0161anas iz\u0146emiet plastmasas cauruli.<\/p>\n<p>2. solis. Gaidiet apm\u0113ram 3 min\u016btes, lai \u0161\u0137idrums non\u0101ktu iek\u0161\u0113j\u0101 spol\u0113.<\/p>\n<p>3. solis. Izbaudiet to<\/p>\n<p>2.<strong>K\u0101 uzl\u0101d\u0113t RandM Tornado 9000 Puff:<\/strong><\/p>\n<p>\u0100tr\u0101s uzl\u0101des l\u0101d\u0113t\u0101jus nevar izmantot, un vienreiz\u0113j\u0101s lieto\u0161anas e-cigare\u0161u standarta dro\u0161\u0101 jauda ir 5V 1A.<\/p>\n<p>Katrs uzl\u0101des laiks nedr\u012bkst p\u0101rsniegt 1 stundu, un dro\u0161s uzl\u0101des laiks ir pusstunda.<\/p>\n<p><span style=\"color: #ff6600\">Pazi\u0146ojums: Neuzl\u0101d\u0113jiet visu nakti!<\/span><\/p>\n<p>3. K\u0101da ir Rick and Morty tornado 9000 Puffs WAPE e-\u0161\u0137idruma ietilp\u012bba?<\/p>\n<p>20ml<\/p>\n<p>4.<strong>Cik ilgi darbojas RandM Tornado 9000 Puffs:<\/strong><\/p>\n<p>\u2014\u20139000 p\u016bt\u012btes<\/p>\n<h4><strong><span style=\"vertical-align: inherit\">Randm Vape puff 9000 specifik\u0101cijas:<\/span><br \/>\n<\/strong><\/h4>\n<p>Labs akumulators: 850mAh (Type C)<br \/>\nLiela ietilp\u012bba: 20 ml<br \/>\nAugstas kvalit\u0101tes spir\u0101le: 0,8 omi siets<br \/>\nAptuvenais uzs\u016bk\u0161anas apjoms: 9000 uzp\u016btienu<br \/>\nuzp\u016btiena z\u012bmols randm tornado 9000 nikot\u012bns: 21 mg\/ml, 50 mg\/ml<br \/>\nMOQ: 50 gab<\/p>\n<h2><strong>K\u0101das ir lab\u0101k\u0101s randmvape 9000 uzp\u016btienu gar\u0161as?<\/strong><\/h2>\n<p>&nbsp;<\/p>\n<p>1 Melle\u0146u avenes<br \/>\n2 Mr Zilais<br \/>\n3 Zeme\u0146u arb\u016bzs<br \/>\n4 Apels\u012bnu soda<br \/>\n5 Arb\u016bzu bubble gum<br \/>\n6 Varav\u012bksnes konfektes<br \/>\n7 Roz\u0101 limon\u0101de<br \/>\n8 Persiku mango anan\u0101si<br \/>\n9 Zeme\u0146u ban\u0101ns<br \/>\n10 Sul\u012bgs ledus<br \/>\n11 Meln\u0101 p\u016b\u0137a ledus<br \/>\n12 Alvejas v\u012bnogas<br \/>\n13 Zil\u0101s avenes ledus<br \/>\n14 Kivi pasifloras auglis guava<br \/>\n15 Gummy l\u0101cis<br \/>\n16 J\u0101\u0146ogas<br \/>\n17 V\u0113ss piparm\u0113tra<br \/>\n18 Avotenes arb\u016bzs<br \/>\n19 Persiku limon\u0101de<br \/>\n20 Gvajaves ledus<br \/>\n21 Zeme\u0146u limon\u0101de<br \/>\n22 Arb\u016bzu Brazz ledus<br \/>\n23 Ban\u0101nu kr\u0113ms<br \/>\n24 Persiku ogas<br \/>\n25 Zeme\u0146u kr\u0113ms<br \/>\n26 Sk\u0101bas konfektes<br \/>\n27 Citrons<br \/>\n28 \u0136irsis<br \/>\n29 Dzirksto\u0161s \u0137irsis<br \/>\n30 Melle\u0146u, \u0137ir\u0161u, dz\u0113rve\u0146u<br \/>\n31 Vimto<br \/>\n32 Skittles<br \/>\n33 Melnais ledus<br \/>\n34 V\u012bnogu<br \/>\n35 Zilganais ledus<br \/>\n36 Zeme\u0146u ledus<br \/>\n38 Ledus pop<br \/>\n39 Sk\u0101bas mellenes, avenes<br \/>\n40 Anan\u0101su<br \/>\n41 \u0136ir\u0161u, persiku, citronu<br \/>\n42 Zeme\u0146u, ave\u0146u, \u0137ir\u0161u ledus<br \/>\n43 Tr\u012bsk\u0101r\u0161s mango<br \/>\n45 Zeme\u0146u, arb\u016bzu, ko\u0161\u013cene<br \/>\n47 Arb\u016bzu ledus<br \/>\n48 Melle\u0146u ledus<\/p>\n<p><a href=\"https:\/\/vapebulkp.com\/lv\/product\/wholesale-price-disposable-vape-crystal-600-puffs\/\"><span style=\"vertical-align: inherit\">\u00a0<\/span><\/a><span style=\"vertical-align: inherit\">Atrast vair\u0101k produktu, kas jums var\u0113tu patikt:<\/span><em><a href=\"https:\/\/wa.me\/8618077105796\"><span style=\"vertical-align: inherit\">\u00a0Pirkt tagad<\/span><\/a><\/em><\/p>\n<p><a href=\"https:\/\/vapebulkp.com\/lv\/product\/bang-box-80000-puffs-3-in-1-wholesale-vape-supply\/\"><span style=\"vertical-align: inherit\">Bang Box 80000 dvesu <\/span><\/a><span style=\"vertical-align: inherit\">\/ <\/span><a href=\"https:\/\/vapebulkp.com\/lv\/product\/uzy-triple-60000-puffs-smart-vape-wholesale-3-in-1-flavor\/\"><span style=\"vertical-align: inherit\">UZY Vape 60000 Pufi<\/span><\/a><span style=\"vertical-align: inherit\">\/<\/span><a href=\"https:\/\/vapebulkp.com\/lv\/product\/vopk-60000-puffs-top-sale-disposable-vape-pen\/\"><span style=\"vertical-align: inherit\">VOPK 60000 dvesmas<\/span><\/a><\/p>\n<h4>Ra\u017eo\u0161anas kvalifik\u0101cija:<\/h4>\n<p><img decoding=\"async\" class=\"alignnone size-full wp-image-1841\" src=\"http:\/\/vapebulkp.com\/wp-content\/uploads\/2023\/11\/Vape-production-process-2.jpeg\" alt=\"Vape ra\u017eo\u0161anas process\" width=\"650\" height=\"434\" srcset=\"https:\/\/vapebulkp.com\/wp-content\/uploads\/2023\/11\/Vape-production-process-2.jpeg 650w, https:\/\/vapebulkp.com\/wp-content\/uploads\/2023\/11\/Vape-production-process-2-300x200.jpeg 300w, https:\/\/vapebulkp.com\/wp-content\/uploads\/2023\/11\/Vape-production-process-2-600x401.jpeg 600w\" sizes=\"(max-width: 650px) 100vw, 650px\" \/><\/p>\n<p><img decoding=\"async\" class=\"alignnone size-full wp-image-1843\" src=\"http:\/\/vapebulkp.com\/wp-content\/uploads\/2023\/11\/Vape-production-process.jpeg\" alt=\"Vape ra\u017eo\u0161anas process\" width=\"641\" height=\"1026\" srcset=\"https:\/\/vapebulkp.com\/wp-content\/uploads\/2023\/11\/Vape-production-process.jpeg 641w, https:\/\/vapebulkp.com\/wp-content\/uploads\/2023\/11\/Vape-production-process-187x300.jpeg 187w, https:\/\/vapebulkp.com\/wp-content\/uploads\/2023\/11\/Vape-production-process-640x1024.jpeg 640w, https:\/\/vapebulkp.com\/wp-content\/uploads\/2023\/11\/Vape-production-process-600x960.jpeg 600w\" sizes=\"(max-width: 641px) 100vw, 641px\" \/><\/p>\n<h5>Bie\u017ei uzdotie jaut\u0101jumi:<\/h5>\n<p>J: K\u0101ds ir Randm 9000 dvesu MOQ?<br \/>\nA: Minim\u0101lais pas\u016bt\u012bjums ir 50 gab.<br \/>\nJ: K\u0101ds ir pieg\u0101des laiks pas\u016bt\u012btajam vape?<br \/>\nA: Parasti tas ir 10-15 dienas p\u0113c izs\u016bt\u012b\u0161anas<br \/>\nJ: Cik maks\u0101 pieg\u0101des izmaksas?A: Pieg\u0101des izmaksas ir atkar\u012bgas no svara. Da\u017e\u0101diem daudzumiem ir at\u0161\u0137ir\u012bgas pieg\u0101des izmaksas, l\u016bdzu, sazinieties ar mums, lai apstiprin\u0101tu pieg\u0101des izmaksas.<\/p>\n<h4>Pieg\u0101des deta\u013cas:<\/h4>\n<p><span style=\"color: #ff6600\">Ra\u017eo\u0161anas laiks: 5-10 darba dienas<\/span><br \/>\n<span style=\"color: #ff6600\">Pieg\u0101des laiks: 8-14 darba dienas<\/span><\/p>\n<p>Visi produkti m\u016bsu veikal\u0101 ir 100% ori\u0123in\u0101li un autentiski, t\u0101p\u0113c desmitk\u0101rt\u012bga kompens\u0101cija par viltot\u0101m prec\u0113m ir m\u016bsu veikala politika. M\u0113s izmantojam t\u0101dus lo\u0123istikas kan\u0101lus k\u0101 UPS\/DHL\/FEDEX\/DPD, lai pieg\u0101d\u0101tu preces jums.<\/p>\n<p>Paci\u0146\u0101m, kas tiek s\u016bt\u012btas uz Latviju, parasti nepiecie\u0161amas 10 darba dienas, lai t\u0101s sa\u0146emtu. S\u016bt\u012bjumiem uz Eiropas valst\u012bm parasti nepiecie\u0161amas 12 l\u012bdz 15 darba dienas, lai t\u0101s sa\u0146emtu. M\u0113s atjaunin\u0101sim lo\u0123istikas inform\u0101ciju jums re\u0101llaik\u0101.<\/p>","protected":false},"excerpt":{"rendered":"<p>Rick and Morty tornado vape tuvum\u0101<\/p>\n<p>laba izp\u0101rdo\u0161ana Randm vape 9000<\/p>\n<p>Randm vape tuvum\u0101<\/p>\n<p>puff tornado 9000, ko v\u0113laties ieg\u0101d\u0101ties<\/p>\n<p><img decoding=\"async\" class=\"alignnone wp-image-2151\" src=\"http:\/\/vapebulkp.com\/wp-content\/uploads\/2024\/04\/Mandy-WhatsApp-Randm.jpg\" alt=\"Mandy WhatsApp Randi\" width=\"304\" height=\"323\" srcset=\"https:\/\/vapebulkp.com\/wp-content\/uploads\/2024\/04\/Mandy-WhatsApp-Randm.jpg 916w, https:\/\/vapebulkp.com\/wp-content\/uploads\/2024\/04\/Mandy-WhatsApp-Randm-282x300.jpg 282w, https:\/\/vapebulkp.com\/wp-content\/uploads\/2024\/04\/Mandy-WhatsApp-Randm-768x817.jpg 768w, https:\/\/vapebulkp.com\/wp-content\/uploads\/2024\/04\/Mandy-WhatsApp-Randm-600x638.jpg 600w\" sizes=\"(max-width: 304px) 100vw, 304px\" \/><\/p>\n<p>L\u016bdzu, sazinieties ar Mandijas WhatsApp, lai sa\u0146emtu atlaides cenu<a href=\"https:\/\/wa.me\/8618077105796\">+8618077105796<\/a><\/p>\n<p><span style=\"color: #ff0000\">PIEZ\u012aME: Cenas m\u016bsu t\u012bmek\u013ca vietn\u0113 neietver pieg\u0101des izmaksas<\/span><\/p>","protected":false},"featured_media":1709,"comment_status":"open","ping_status":"closed","template":"","meta":{"_uag_custom_page_level_css":"","_lmt_disableupdate":"no","_lmt_disable":"","site-sidebar-layout":"default","site-content-layout":"content-boxed-container","ast-site-content-layout":"normal-width-container","site-content-style":"boxed","site-sidebar-style":"unboxed","ast-global-header-display":"","ast-banner-title-visibility":"","ast-main-header-display":"","ast-hfb-above-header-display":"","ast-hfb-below-header-display":"","ast-hfb-mobile-header-display":"","site-post-title":"","ast-breadcrumbs-content":"","ast-featured-img":"","footer-sml-layout":"","theme-transparent-header-meta":"default","adv-header-id-meta":"","stick-header-meta":"","header-above-stick-meta":"","header-main-stick-meta":"","header-below-stick-meta":"","astra-migrate-meta-layouts":"set","_joinchat":[]},"product_cat":[168,153,155,33,352,59,100,87,34,158,157,154,152,58,84,156,63,32],"product_tag":[47,36,37,41,75,40],"class_list":["post-1545","product","type-product","status-publish","has-post-thumbnail","hentry","product_cat-9000-puffs-disposable-vape","product_cat-hot-disposable-vapes","product_cat-belgium-hot-disposable-vapes","product_cat-france-vape-hot-sale","product_cat-fumot-vapes","product_cat-germany-hot-disposable-vape","product_cat-germany-wholesale-vape-shop","product_cat-minimum-order-quantity-50pcs","product_cat-netherlands-vape-good-sale","product_cat-norway-hot-disposable-vapes","product_cat-poland-hot-disposable-vapes","product_cat-portugal-hot-disposable-vapes","product_cat-spain-hot-disposable-vapes","product_cat-sweden-hot-disposable-vape","product_cat-sweden-wholesale-vape","product_cat-switzerland-hot-disposable-vapes","product_cat-top-sale-disposable-vape","product_cat-vape-hot-sale-this-week","product_tag-9000puffs","product_tag-good-vape","product_tag-hot-sale-disposable-vape","product_tag-poland-hot-vape","product_tag-randm-vape-9000-puffs","product_tag-sweden-hot-vape","pa_brand-fumot-vape","desktop-align-left","tablet-align-left","mobile-align-left"],"yoast_head":"<!-- This site is optimized with the Yoast SEO plugin v21.1 - https:\/\/yoast.com\/wordpress\/plugins\/seo\/ -->\n<title>Wholesale RandM Vape 9000 Puffs Germany - vapebulkp.com<\/title>\n<meta name=\"description\" content=\"Wholesale Randm Tornado 9000 Puffs Germany Vape ergonomic design fits perfectly in your hand and is compact enough to slip into your pocket or purse.\" \/>\n<meta name=\"robots\" content=\"index, follow, max-snippet:-1, max-image-preview:large, max-video-preview:-1\" \/>\n<link rel=\"canonical\" href=\"https:\/\/vapebulkp.com\/lv\/product\/wholesale-randm-vape-9000-puffs-germany\/\" \/>\n<meta property=\"og:locale\" content=\"lv_LV\" \/>\n<meta property=\"og:type\" content=\"article\" \/>\n<meta property=\"og:title\" content=\"Wholesale RandM Vape 9000 Puffs Germany - vapebulkp.com\" \/>\n<meta property=\"og:description\" content=\"Wholesale Randm Tornado 9000 Puffs Germany Vape ergonomic design fits perfectly in your hand and is compact enough to slip into your pocket or purse.\" \/>\n<meta property=\"og:url\" content=\"https:\/\/vapebulkp.com\/lv\/product\/wholesale-randm-vape-9000-puffs-germany\/\" \/>\n<meta property=\"og:site_name\" content=\"vapebulkp.com\" \/>\n<meta property=\"article:modified_time\" content=\"2025-09-24T03:10:12+00:00\" \/>\n<meta property=\"og:image\" content=\"http:\/\/vapebulkp.com\/wp-content\/uploads\/2023\/09\/KIT-VAPE-RANDM-TORNADO-9000-PUFF-1.jpg\" \/>\n\t<meta property=\"og:image:width\" content=\"1000\" \/>\n\t<meta property=\"og:image:height\" content=\"1000\" \/>\n\t<meta property=\"og:image:type\" content=\"image\/jpeg\" \/>\n<meta name=\"twitter:card\" content=\"summary_large_image\" \/>\n<meta name=\"twitter:label1\" content=\"Est. reading time\" \/>\n\t<meta name=\"twitter:data1\" content=\"4 min\u016btes\" \/>\n<script type=\"application\/ld+json\" class=\"yoast-schema-graph\">{\"@context\":\"https:\/\/schema.org\",\"@graph\":[{\"@type\":\"WebPage\",\"@id\":\"https:\/\/vapebulkp.com\/product\/wholesale-randm-vape-9000-puffs-germany\/\",\"url\":\"https:\/\/vapebulkp.com\/product\/wholesale-randm-vape-9000-puffs-germany\/\",\"name\":\"Wholesale RandM Vape 9000 Puffs Germany - vapebulkp.com\",\"isPartOf\":{\"@id\":\"https:\/\/vapebulkp.com\/#website\"},\"datePublished\":\"2023-09-20T07:21:33+00:00\",\"dateModified\":\"2025-09-24T03:10:12+00:00\",\"description\":\"Wholesale Randm Tornado 9000 Puffs Germany Vape ergonomic design fits perfectly in your hand and is compact enough to slip into your pocket or purse.\",\"breadcrumb\":{\"@id\":\"https:\/\/vapebulkp.com\/product\/wholesale-randm-vape-9000-puffs-germany\/#breadcrumb\"},\"inLanguage\":\"lv-LV\",\"potentialAction\":[{\"@type\":\"ReadAction\",\"target\":[\"https:\/\/vapebulkp.com\/product\/wholesale-randm-vape-9000-puffs-germany\/\"]}]},{\"@type\":\"BreadcrumbList\",\"@id\":\"https:\/\/vapebulkp.com\/product\/wholesale-randm-vape-9000-puffs-germany\/#breadcrumb\",\"itemListElement\":[{\"@type\":\"ListItem\",\"position\":1,\"name\":\"Home\",\"item\":\"https:\/\/vapebulkp.com\/\"},{\"@type\":\"ListItem\",\"position\":2,\"name\":\"Hot Trend Vapes\",\"item\":\"https:\/\/vapebulkp.com\/vape-shop\/\"},{\"@type\":\"ListItem\",\"position\":3,\"name\":\"Wholesale RandM Vape 9000 Puffs Germany\"}]},{\"@type\":\"WebSite\",\"@id\":\"https:\/\/vapebulkp.com\/#website\",\"url\":\"https:\/\/vapebulkp.com\/\",\"name\":\"vapebulkp.com\",\"description\":\"Buy Vape In Cheap Bulk Price Near you\",\"publisher\":{\"@id\":\"https:\/\/vapebulkp.com\/#organization\"},\"potentialAction\":[{\"@type\":\"SearchAction\",\"target\":{\"@type\":\"EntryPoint\",\"urlTemplate\":\"https:\/\/vapebulkp.com\/?s={search_term_string}\"},\"query-input\":\"required name=search_term_string\"}],\"inLanguage\":\"lv-LV\"},{\"@type\":\"Organization\",\"@id\":\"https:\/\/vapebulkp.com\/#organization\",\"name\":\"vapebulkp.com\",\"url\":\"https:\/\/vapebulkp.com\/\",\"logo\":{\"@type\":\"ImageObject\",\"inLanguage\":\"lv-LV\",\"@id\":\"https:\/\/vapebulkp.com\/#\/schema\/logo\/image\/\",\"url\":\"https:\/\/vapebulkp.com\/wp-content\/uploads\/2023\/09\/cropped-vapebulkp.png\",\"contentUrl\":\"https:\/\/vapebulkp.com\/wp-content\/uploads\/2023\/09\/cropped-vapebulkp.png\",\"width\":516,\"height\":163,\"caption\":\"vapebulkp.com\"},\"image\":{\"@id\":\"https:\/\/vapebulkp.com\/#\/schema\/logo\/image\/\"}}]}<\/script>\n<!-- \/ Yoast SEO plugin. -->","yoast_head_json":{"title":"Wholesale RandM Vape 9000 Puffs Germany - vapebulkp.com","description":"Wholesale Randm Tornado 9000 Puffs Germany Vape ergonomic design fits perfectly in your hand and is compact enough to slip into your pocket or purse.","robots":{"index":"index","follow":"follow","max-snippet":"max-snippet:-1","max-image-preview":"max-image-preview:large","max-video-preview":"max-video-preview:-1"},"canonical":"https:\/\/vapebulkp.com\/lv\/product\/wholesale-randm-vape-9000-puffs-germany\/","og_locale":"lv_LV","og_type":"article","og_title":"Wholesale RandM Vape 9000 Puffs Germany - vapebulkp.com","og_description":"Wholesale Randm Tornado 9000 Puffs Germany Vape ergonomic design fits perfectly in your hand and is compact enough to slip into your pocket or purse.","og_url":"https:\/\/vapebulkp.com\/lv\/product\/wholesale-randm-vape-9000-puffs-germany\/","og_site_name":"vapebulkp.com","article_modified_time":"2025-09-24T03:10:12+00:00","og_image":[{"width":1000,"height":1000,"url":"http:\/\/vapebulkp.com\/wp-content\/uploads\/2023\/09\/KIT-VAPE-RANDM-TORNADO-9000-PUFF-1.jpg","type":"image\/jpeg"}],"twitter_card":"summary_large_image","twitter_misc":{"Est. reading time":"4 min\u016btes"},"schema":{"@context":"https:\/\/schema.org","@graph":[{"@type":"WebPage","@id":"https:\/\/vapebulkp.com\/product\/wholesale-randm-vape-9000-puffs-germany\/","url":"https:\/\/vapebulkp.com\/product\/wholesale-randm-vape-9000-puffs-germany\/","name":"Wholesale RandM Vape 9000 Puffs Germany - vapebulkp.com","isPartOf":{"@id":"https:\/\/vapebulkp.com\/#website"},"datePublished":"2023-09-20T07:21:33+00:00","dateModified":"2025-09-24T03:10:12+00:00","description":"Wholesale Randm Tornado 9000 Puffs Germany Vape ergonomic design fits perfectly in your hand and is compact enough to slip into your pocket or purse.","breadcrumb":{"@id":"https:\/\/vapebulkp.com\/product\/wholesale-randm-vape-9000-puffs-germany\/#breadcrumb"},"inLanguage":"lv-LV","potentialAction":[{"@type":"ReadAction","target":["https:\/\/vapebulkp.com\/product\/wholesale-randm-vape-9000-puffs-germany\/"]}]},{"@type":"BreadcrumbList","@id":"https:\/\/vapebulkp.com\/product\/wholesale-randm-vape-9000-puffs-germany\/#breadcrumb","itemListElement":[{"@type":"ListItem","position":1,"name":"Home","item":"https:\/\/vapebulkp.com\/"},{"@type":"ListItem","position":2,"name":"Hot Trend Vapes","item":"https:\/\/vapebulkp.com\/vape-shop\/"},{"@type":"ListItem","position":3,"name":"Wholesale RandM Vape 9000 Puffs Germany"}]},{"@type":"WebSite","@id":"https:\/\/vapebulkp.com\/#website","url":"https:\/\/vapebulkp.com\/","name":"vapebulkp.com","description":"Buy Vape In Cheap Bulk Price Near you","publisher":{"@id":"https:\/\/vapebulkp.com\/#organization"},"potentialAction":[{"@type":"SearchAction","target":{"@type":"EntryPoint","urlTemplate":"https:\/\/vapebulkp.com\/?s={search_term_string}"},"query-input":"required name=search_term_string"}],"inLanguage":"lv-LV"},{"@type":"Organization","@id":"https:\/\/vapebulkp.com\/#organization","name":"vapebulkp.com","url":"https:\/\/vapebulkp.com\/","logo":{"@type":"ImageObject","inLanguage":"lv-LV","@id":"https:\/\/vapebulkp.com\/#\/schema\/logo\/image\/","url":"https:\/\/vapebulkp.com\/wp-content\/uploads\/2023\/09\/cropped-vapebulkp.png","contentUrl":"https:\/\/vapebulkp.com\/wp-content\/uploads\/2023\/09\/cropped-vapebulkp.png","width":516,"height":163,"caption":"vapebulkp.com"},"image":{"@id":"https:\/\/vapebulkp.com\/#\/schema\/logo\/image\/"}}]}},"uagb_featured_image_src":{"full":["https:\/\/vapebulkp.com\/wp-content\/uploads\/2023\/09\/KIT-VAPE-RANDM-TORNADO-9000-PUFF-1.jpg",1000,1000,false],"thumbnail":["https:\/\/vapebulkp.com\/wp-content\/uploads\/2023\/09\/KIT-VAPE-RANDM-TORNADO-9000-PUFF-1-150x150.jpg",150,150,true],"medium":["https:\/\/vapebulkp.com\/wp-content\/uploads\/2023\/09\/KIT-VAPE-RANDM-TORNADO-9000-PUFF-1-300x300.jpg",300,300,true],"medium_large":["https:\/\/vapebulkp.com\/wp-content\/uploads\/2023\/09\/KIT-VAPE-RANDM-TORNADO-9000-PUFF-1-768x768.jpg",768,768,true],"large":["https:\/\/vapebulkp.com\/wp-content\/uploads\/2023\/09\/KIT-VAPE-RANDM-TORNADO-9000-PUFF-1.jpg",1000,1000,false],"1536x1536":["https:\/\/vapebulkp.com\/wp-content\/uploads\/2023\/09\/KIT-VAPE-RANDM-TORNADO-9000-PUFF-1.jpg",1000,1000,false],"2048x2048":["https:\/\/vapebulkp.com\/wp-content\/uploads\/2023\/09\/KIT-VAPE-RANDM-TORNADO-9000-PUFF-1.jpg",1000,1000,false],"trp-custom-language-flag":["https:\/\/vapebulkp.com\/wp-content\/uploads\/2023\/09\/KIT-VAPE-RANDM-TORNADO-9000-PUFF-1.jpg",12,12,false],"woocommerce_thumbnail":["https:\/\/vapebulkp.com\/wp-content\/uploads\/2023\/09\/KIT-VAPE-RANDM-TORNADO-9000-PUFF-1-300x300.jpg",300,300,true],"woocommerce_single":["https:\/\/vapebulkp.com\/wp-content\/uploads\/2023\/09\/KIT-VAPE-RANDM-TORNADO-9000-PUFF-1-600x600.jpg",600,600,true],"woocommerce_gallery_thumbnail":["https:\/\/vapebulkp.com\/wp-content\/uploads\/2023\/09\/KIT-VAPE-RANDM-TORNADO-9000-PUFF-1-100x100.jpg",100,100,true],"wcpr-photo-reviews":["https:\/\/vapebulkp.com\/wp-content\/uploads\/2023\/09\/KIT-VAPE-RANDM-TORNADO-9000-PUFF-1.jpg",500,500,false]},"uagb_author_info":{"display_name":"Mandy vape bulk price","author_link":"https:\/\/vapebulkp.com\/lv\/author\/"},"uagb_comment_info":5,"uagb_excerpt":"Rick and morty tornado vape near me good sale Randm vape 9000 Randm vape near me puff tornado 9000 you want to buy Pls Contact Mandy's WhatsApp For Discount Price+8618077105796 NOTE: Prices on our website does not include shipping costs","_links":{"self":[{"href":"https:\/\/vapebulkp.com\/lv\/wp-json\/wp\/v2\/product\/1545","targetHints":{"allow":["GET"]}}],"collection":[{"href":"https:\/\/vapebulkp.com\/lv\/wp-json\/wp\/v2\/product"}],"about":[{"href":"https:\/\/vapebulkp.com\/lv\/wp-json\/wp\/v2\/types\/product"}],"replies":[{"embeddable":true,"href":"https:\/\/vapebulkp.com\/lv\/wp-json\/wp\/v2\/comments?post=1545"}],"wp:featuredmedia":[{"embeddable":true,"href":"https:\/\/vapebulkp.com\/lv\/wp-json\/wp\/v2\/media\/1709"}],"wp:attachment":[{"href":"https:\/\/vapebulkp.com\/lv\/wp-json\/wp\/v2\/media?parent=1545"}],"wp:term":[{"taxonomy":"product_cat","embeddable":true,"href":"https:\/\/vapebulkp.com\/lv\/wp-json\/wp\/v2\/product_cat?post=1545"},{"taxonomy":"product_tag","embeddable":true,"href":"https:\/\/vapebulkp.com\/lv\/wp-json\/wp\/v2\/product_tag?post=1545"}],"curies":[{"name":"wp","href":"https:\/\/api.w.org\/{rel}","templated":true}]}}