{"id":1546,"date":"2023-09-20T11:32:23","date_gmt":"2023-09-20T09:32:23","guid":{"rendered":"https:\/\/vapebulkp.com\/?post_type=product&#038;p=1546"},"modified":"2025-09-24T05:04:03","modified_gmt":"2025-09-24T03:04:03","slug":"good-sale-bang-de-8500puffs-wholesale-price","status":"publish","type":"product","link":"https:\/\/vapebulkp.com\/lv\/product\/good-sale-bang-de-8500puffs-wholesale-price\/","title":{"rendered":"Laba p\u0101rdo\u0161ana Bang DE 8500Dvesmas Vairumtirdzniec\u012bbas cena"},"content":{"rendered":"<h2 style=\"text-align: left\">Laba P\u0101rdo\u0161ana Vape Bang DE 8500Puffs<\/h2>\n<p>Good Sale Vape Bang DE 8500Puffs ir augstas veiktsp\u0113jas 8500 D\u016bmu Vienreiz\u0113j\u0101s Lieto\u0161anas Vape, kas paredz\u0113ts Latvijas tvaiku entuziastiem, kuri v\u0113las \u0113rt\u012bbu, gar\u0161u un uzticam\u012bbu vien\u0101 ier\u012bc\u0113. \u0160\u012b uzl\u0101d\u0113jam\u0101 vienreiz\u0113j\u0101s lieto\u0161anas vape ier\u012bce ir apr\u012bkota ar 650 mAh Type-C akumulatoru un 20 ml e-\u0161\u0137idruma ietilp\u012bbu, kas \u013cauj veikt l\u012bdz pat 8500 konsekventiem d\u016bmiem, bez nepiecie\u0161am\u012bbas bie\u017ei uzl\u0101d\u0113t vai nomain\u012bt spoles.<\/p>\n<p>Apr\u012bkots ar 0,8\u03a9 t\u012bkla spoles vape, tas ra\u017eo bl\u012bvu, gar\u0161\u012bgu tvaiku ar maigu kakla saj\u016btu. Izv\u0113lieties starp 2% vai 5% nikot\u012bna s\u0101ls opcij\u0101m, lai ieg\u016btu apmierino\u0161u nikot\u012bna s\u0101ls tvaic\u0113\u0161anas pieredzi, kas piel\u0101gota j\u016bsu v\u0113lm\u0113m. T\u0101 ergonomiskais, vieglais dizains padara to ide\u0101li piem\u0113rotu tvaic\u0113\u0161anai ce\u013c\u0101 vai sabiedriskos pas\u0101kumos.<\/p>\n<p>\u0160\u012b lielas ietilp\u012bbas vienreiz\u0113j\u0101s lieto\u0161anas vape ier\u012bce ir pieejama da\u017e\u0101dos gar\u0161as profilos, no aug\u013cu l\u012bdz mentola un dz\u0113rienu iedvesmotiem mais\u012bjumiem, nodro\u0161inot, ka katrs d\u016bms ir bag\u0101t\u012bgs un pat\u012bkams. Ide\u0101li piem\u0113rots Latvijas vairumtirdzniec\u012bbas pirc\u0113jiem, Good Sale Bang DE 8500Puffs pied\u0101v\u0101 vairumtirdzniec\u012bbas pirk\u0161anas iesp\u0113jas un \u0101tru pieg\u0101di Latvij\u0101, padarot to par ienes\u012bgu papildin\u0101jumu vape mazumtirgot\u0101jiem.<\/p>\n<h6 style=\"text-align: left\"><img decoding=\"async\" class=\"wp-image-1699 alignleft\" src=\"http:\/\/vapebulkp.com\/wp-content\/uploads\/2023\/09\/BANG-8500-PUFF-VAPE-KIT-FACTORY-1.jpg\" alt=\"BANG 8500 PUFF VAPE KOMPLEKTS R\u016aPN\u012aCA\" width=\"514\" height=\"514\" srcset=\"https:\/\/vapebulkp.com\/wp-content\/uploads\/2023\/09\/BANG-8500-PUFF-VAPE-KIT-FACTORY-1.jpg 1000w, https:\/\/vapebulkp.com\/wp-content\/uploads\/2023\/09\/BANG-8500-PUFF-VAPE-KIT-FACTORY-1-300x300.jpg 300w, https:\/\/vapebulkp.com\/wp-content\/uploads\/2023\/09\/BANG-8500-PUFF-VAPE-KIT-FACTORY-1-150x150.jpg 150w, https:\/\/vapebulkp.com\/wp-content\/uploads\/2023\/09\/BANG-8500-PUFF-VAPE-KIT-FACTORY-1-768x768.jpg 768w, https:\/\/vapebulkp.com\/wp-content\/uploads\/2023\/09\/BANG-8500-PUFF-VAPE-KIT-FACTORY-1-600x600.jpg 600w, https:\/\/vapebulkp.com\/wp-content\/uploads\/2023\/09\/BANG-8500-PUFF-VAPE-KIT-FACTORY-1-100x100.jpg 100w\" sizes=\"(max-width: 514px) 100vw, 514px\" \/><\/h6>\n<h6>L\u016bdzu, sazinieties ar Mandijas WhatsApp, lai sa\u0146emtu atlaides cenu<a href=\"https:\/\/wa.me\/8618077105796\">+8618077105796<\/a><\/h6>\n<p><img decoding=\"async\" class=\"alignnone wp-image-2151\" src=\"http:\/\/vapebulkp.com\/wp-content\/uploads\/2024\/04\/Mandy-WhatsApp-Randm.jpg\" alt=\"Mandy WhatsApp Randi\" width=\"280\" height=\"298\" srcset=\"https:\/\/vapebulkp.com\/wp-content\/uploads\/2024\/04\/Mandy-WhatsApp-Randm.jpg 916w, https:\/\/vapebulkp.com\/wp-content\/uploads\/2024\/04\/Mandy-WhatsApp-Randm-282x300.jpg 282w, https:\/\/vapebulkp.com\/wp-content\/uploads\/2024\/04\/Mandy-WhatsApp-Randm-768x817.jpg 768w, https:\/\/vapebulkp.com\/wp-content\/uploads\/2024\/04\/Mandy-WhatsApp-Randm-600x638.jpg 600w\" sizes=\"(max-width: 280px) 100vw, 280px\" \/><\/p>\n<h2><span style=\"vertical-align: inherit\">Dom\u0101jams, ka jums var\u0113tu patikt uzzin\u0101t par Bang puffs DE8500 D\u016bmi:<\/span><\/h2>\n<p class=\"style-scope ytd-watch-metadata\">1.K\u0101 lietot Bang DE 8500 D\u016bmu Vape Pildspalvu?<\/p>\n<p>1. solis. Pirms lieto\u0161anas 8.5k d\u016bmiem, atvienojiet plastmasas cauruli.<\/p>\n<p>2. solis. Gaidiet apm\u0113ram 3 min\u016btes, lai \u0161\u0137idrums non\u0101ktu iek\u0161\u0113j\u0101 spol\u0113.<\/p>\n<p>3. solis. Izbaudiet to<\/p>\n<p>2.K\u0100 UZL\u0100D\u0112T VIENREIZ\u0112J\u0100S LIETO\u0160ANAS VAPE Bang DE 8500 D\u016aMU IER\u012aCI?<\/p>\n<p>\u0100tr\u0101s uzl\u0101des l\u0101d\u0113t\u0101jus nevar izmantot, un vienreizlietojamo e-cigare\u0161u standarta dro\u0161a jauda ir 5V 1A. Katrs uzl\u0101des laiks nevar p\u0101rsniegt 1 stundu, un dro\u0161s uzl\u0101des laiks ir pusstunda.<\/p>\n<p><span style=\"color: #ff6600\">Pazi\u0146ojums: Neuzl\u0101d\u0113jiet visu nakti!<\/span><\/p>\n<p>3.K\u0101da ir Bang DE 8500 D\u016bmu WAPE e-\u0161\u0137idruma ietilp\u012bba?<\/p>\n<p>20ml<\/p>\n<p>4.Cik daudz d\u016bmu es varu veikt ar \u0161o Bang DE 8500 D\u016bmi?<\/p>\n<p>\u2014\u20138500D\u016bmi<\/p>\n<h3><strong><span style=\"vertical-align: inherit\">Specifik\u0101cija Bang DE 8500 D\u016bmu Vape Podiem:<\/span><br \/>\n<\/strong><\/h3>\n<p>Akumulators: 650 mAh (C tipa)<br \/>\nTilpums: 20 ml<br \/>\nSpole: 0,8 omu sieta<br \/>\nAptuvenais ieelpas tilpums: 8500 d\u016bmi<br \/>\nbang\u00a0 nikot\u012bna stiprums: 2%,5%<br \/>\nMOQ: 100 gab<\/p>\n<h3><strong>K\u0101das ir lab\u0101k\u0101s gar\u0161as Bang DE 8500 D\u016bmi?<\/strong><\/h3>\n<p>1.melle\u0146u ledus<\/p>\n<p>2.KOLA LEDUS<\/p>\n<p>3.zeme\u0146u arb\u016bzs<\/p>\n<p>4. zeme\u0146u sald\u0113jums<\/p>\n<p>5.zeme\u0146u ban\u0101ns<\/p>\n<p>6.v\u0113sa \u00a0piparm\u0113tra<\/p>\n<p>7. arb\u016bzu ledus<\/p>\n<p>8.SK\u0100BS \u0101bols<\/p>\n<p>9.mango persiks<\/p>\n<p>10.zemenes kivi<\/p>\n<p>11.sakuras v\u012bnogu ledus<\/p>\n<p>12.jauktas ogas<\/p>\n<p><a href=\"https:\/\/vapebulkp.com\/lv\/product\/popular-randm-tornado-7000puffs-disposable-vape-best-price\/\"><span style=\"vertical-align: inherit\">RandM Tornado 7000 dvesmas <\/span><\/a><\/p>\n<p><span style=\"vertical-align: inherit\">Atrast vair\u0101k produktu, kas jums var\u0113tu patikt:<\/span><em><a href=\"https:\/\/wa.me\/8618077105796\"><span style=\"vertical-align: inherit\">\u00a0Pirkt tagad<\/span><\/a><\/em><\/p>\n<p><span style=\"vertical-align: inherit\">Citas dvesmas, kas jums var\u0113tu patikt:<\/span><a href=\"https:\/\/vapebulkp.com\/lv\/product\/wholesale-price-aroma-king-7000puffs-disposable-vape\/\"><span style=\"vertical-align: inherit\">Roma King 7000 dvesmas<\/span><\/a><span style=\"vertical-align: inherit\">\/ <\/span><a href=\"https:\/\/vapebulkp.com\/lv\/product\/popular-kulx-10000puffs-disposable-vape-good-price\/\"><span style=\"vertical-align: inherit\">Kulx 10000 Puffs<\/span><\/a><span style=\"vertical-align: inherit\">\/ <\/span><a href=\"https:\/\/vapebulkp.com\/lv\/product\/disposable-vape-crystal-600-puffs\/\"><span style=\"vertical-align: inherit\">Crystal 600 Uzp\u016btieni<\/span><\/a><\/p>\n<p><span style=\"vertical-align: inherit\">\u012apa\u0161as formas e-cigare\u0161u pudele:<\/span><a href=\"https:\/\/vapebulkp.com\/lv\/product\/top-sale-waspe-12000puffs-disposable-vape-wholesale-france\/\"><span style=\"vertical-align: inherit\">Waspe 12000 dvesmas Vairumtirdzniec\u012bbas cena Latvija <\/span><\/a><span style=\"vertical-align: inherit\">\/ <\/span><a href=\"https:\/\/vapebulkp.com\/lv\/product\/bang-king-12000puffs\/\"><span style=\"vertical-align: inherit\">Bang King 12000 dvesmas <\/span><\/a><span style=\"vertical-align: inherit\">\/<\/span><a href=\"https:\/\/vapebulkp.com\/lv\/product\/good-sale-randm-tornado-10000-puffs-plus\/\"><span style=\"vertical-align: inherit\">Randm tornado 10000 dvesmas plus<\/span><\/a><\/p>\n<h4>Ra\u017eo\u0161anas kvalifik\u0101cija:<\/h4>\n<p><img decoding=\"async\" class=\"alignnone size-full wp-image-1841\" src=\"http:\/\/vapebulkp.com\/wp-content\/uploads\/2023\/11\/Vape-production-process-2.jpeg\" alt=\"Vape ra\u017eo\u0161anas process\" width=\"650\" height=\"434\" srcset=\"https:\/\/vapebulkp.com\/wp-content\/uploads\/2023\/11\/Vape-production-process-2.jpeg 650w, https:\/\/vapebulkp.com\/wp-content\/uploads\/2023\/11\/Vape-production-process-2-300x200.jpeg 300w, https:\/\/vapebulkp.com\/wp-content\/uploads\/2023\/11\/Vape-production-process-2-600x401.jpeg 600w\" sizes=\"(max-width: 650px) 100vw, 650px\" \/><\/p>\n<p><img decoding=\"async\" class=\"alignnone size-full wp-image-1843\" src=\"http:\/\/vapebulkp.com\/wp-content\/uploads\/2023\/11\/Vape-production-process.jpeg\" alt=\"Vape ra\u017eo\u0161anas process\" width=\"641\" height=\"1026\" srcset=\"https:\/\/vapebulkp.com\/wp-content\/uploads\/2023\/11\/Vape-production-process.jpeg 641w, https:\/\/vapebulkp.com\/wp-content\/uploads\/2023\/11\/Vape-production-process-187x300.jpeg 187w, https:\/\/vapebulkp.com\/wp-content\/uploads\/2023\/11\/Vape-production-process-640x1024.jpeg 640w, https:\/\/vapebulkp.com\/wp-content\/uploads\/2023\/11\/Vape-production-process-600x960.jpeg 600w\" sizes=\"(max-width: 641px) 100vw, 641px\" \/><\/p>\n<h4>Bie\u017ei uzdotie jaut\u0101jumi:<\/h4>\n<p>J: K\u0101ds ir Bang DE 8500 dvesmu MOQ?<br \/>\nA: Minim\u0101lais pas\u016bt\u012bjums ir 100 gab.<br \/>\nJ: K\u0101ds ir pieg\u0101des laiks pas\u016bt\u012btajam vape?<br \/>\nA: Parasti tas ir 10-15 dienas p\u0113c izs\u016bt\u012b\u0161anas<br \/>\nJ: Cik maks\u0101 pieg\u0101des izmaksas?A: Pieg\u0101des izmaksas ir atkar\u012bgas no svara. Da\u017e\u0101diem daudzumiem ir at\u0161\u0137ir\u012bgas pieg\u0101des izmaksas, l\u016bdzu, sazinieties ar mums, lai apstiprin\u0101tu pieg\u0101des izmaksas.<\/p>\n<h4>Pieg\u0101des deta\u013cas:<\/h4>\n<p><span style=\"color: #ff6600\">Ra\u017eo\u0161anas laiks: 5-10 darba dienas<\/span><br \/>\n<span style=\"color: #ff6600\">Pieg\u0101des laiks: 8-14 darba dienas<\/span><\/p>\n<p>Visi produkti m\u016bsu veikal\u0101 ir 100% ori\u0123in\u0101li un autentiski, t\u0101p\u0113c desmitk\u0101rt\u012bga kompens\u0101cija par viltot\u0101m prec\u0113m ir m\u016bsu veikala politika. M\u0113s izmantojam t\u0101dus lo\u0123istikas kan\u0101lus k\u0101 UPS\/DHL\/FEDEX\/DPD, lai pieg\u0101d\u0101tu preces jums.<\/p>\n<p>Paci\u0146\u0101m, kas tiek s\u016bt\u012btas uz Latviju, parasti nepiecie\u0161amas 10 darba dienas, lai t\u0101s sa\u0146emtu. S\u016bt\u012bjumiem uz Eiropas valst\u012bm parasti nepiecie\u0161amas 12 l\u012bdz 15 darba dienas, lai t\u0101s sa\u0146emtu. M\u0113s atjaunin\u0101sim lo\u0123istikas inform\u0101ciju jums re\u0101llaik\u0101.<\/p>","protected":false},"excerpt":{"rendered":"<p>Bang DE8500 Puffs pied\u0101v\u0101 pla\u0161u gar\u0161u kl\u0101stu, lai apmierin\u0101tu j\u016bsu v\u0113lmes \u2013 no klasisk\u0101s tabakas l\u012bdz atsvaidzino\u0161am mentolam un da\u017e\u0101d\u0101m muti veldz\u0113jo\u0161\u0101m aug\u013cu un desertu iesp\u0113j\u0101m. Katrs d\u016bms sniedz konsekventu un apburo\u0161u tvaiku, pateicoties ieb\u016bv\u0113tajam aktiviz\u0101cijas meh\u0101nismam.<\/p>\n<p><img decoding=\"async\" class=\"alignnone wp-image-2151\" src=\"http:\/\/vapebulkp.com\/wp-content\/uploads\/2024\/04\/Mandy-WhatsApp-Randm.jpg\" alt=\"Mandy WhatsApp Randi\" width=\"243\" height=\"258\" srcset=\"https:\/\/vapebulkp.com\/wp-content\/uploads\/2024\/04\/Mandy-WhatsApp-Randm.jpg 916w, https:\/\/vapebulkp.com\/wp-content\/uploads\/2024\/04\/Mandy-WhatsApp-Randm-282x300.jpg 282w, https:\/\/vapebulkp.com\/wp-content\/uploads\/2024\/04\/Mandy-WhatsApp-Randm-768x817.jpg 768w, https:\/\/vapebulkp.com\/wp-content\/uploads\/2024\/04\/Mandy-WhatsApp-Randm-600x638.jpg 600w\" sizes=\"(max-width: 243px) 100vw, 243px\" \/><\/p>\n<p>L\u016bdzu, sazinieties ar Mandijas WhatsApp, lai sa\u0146emtu atlaides cenu<a href=\"https:\/\/wa.me\/8618077105796\">+8618077105796<\/a><\/p>\n<p><span style=\"color: #ff0000\">PIEZ\u012aME: Cenas m\u016bsu t\u012bmek\u013ca vietn\u0113 neietver pieg\u0101des izmaksas<\/span><\/p>","protected":false},"featured_media":1666,"comment_status":"open","ping_status":"closed","template":"","meta":{"_uag_custom_page_level_css":"","_lmt_disableupdate":"no","_lmt_disable":"","site-sidebar-layout":"default","site-content-layout":"content-boxed-container","ast-site-content-layout":"normal-width-container","site-content-style":"boxed","site-sidebar-style":"unboxed","ast-global-header-display":"","ast-banner-title-visibility":"","ast-main-header-display":"","ast-hfb-above-header-display":"","ast-hfb-below-header-display":"","ast-hfb-mobile-header-display":"","site-post-title":"","ast-breadcrumbs-content":"","ast-featured-img":"","footer-sml-layout":"","theme-transparent-header-meta":"default","adv-header-id-meta":"","stick-header-meta":"","header-above-stick-meta":"","header-main-stick-meta":"","header-below-stick-meta":"","astra-migrate-meta-layouts":"set","_joinchat":[]},"product_cat":[153,345,155,33,59,100,87,34,158,157,154,152,58,84,156,63,32,368],"product_tag":[50,93,36,37,41,74,40],"class_list":["post-1546","product","type-product","status-publish","has-post-thumbnail","hentry","product_cat-hot-disposable-vapes","product_cat-bang-vapes","product_cat-belgium-hot-disposable-vapes","product_cat-france-vape-hot-sale","product_cat-germany-hot-disposable-vape","product_cat-germany-wholesale-vape-shop","product_cat-minimum-order-quantity-50pcs","product_cat-netherlands-vape-good-sale","product_cat-norway-hot-disposable-vapes","product_cat-poland-hot-disposable-vapes","product_cat-portugal-hot-disposable-vapes","product_cat-spain-hot-disposable-vapes","product_cat-sweden-hot-disposable-vape","product_cat-sweden-wholesale-vape","product_cat-switzerland-hot-disposable-vapes","product_cat-top-sale-disposable-vape","product_cat-vape-hot-sale-this-week","product_cat-vapme-vape","product_tag-8500-puffs","product_tag-bang-vape","product_tag-good-vape","product_tag-hot-sale-disposable-vape","product_tag-poland-hot-vape","product_tag-randm-vape","product_tag-sweden-hot-vape","desktop-align-left","tablet-align-left","mobile-align-left"],"yoast_head":"<!-- This site is optimized with the Yoast SEO plugin v21.1 - https:\/\/yoast.com\/wordpress\/plugins\/seo\/ -->\n<title>Good Sale Bang DE 8500Puffs Wholesale Price - vapebulkp.com<\/title>\n<meta name=\"description\" content=\"The Wholesale Vape Bang DE8500 Puffs offers a wide variety of delectable flavors to cater to every taste preference. Elevate your vaping game with the Bang DE8500 Puffs .\" \/>\n<meta name=\"robots\" content=\"index, follow, max-snippet:-1, max-image-preview:large, max-video-preview:-1\" \/>\n<link rel=\"canonical\" href=\"https:\/\/vapebulkp.com\/lv\/product\/good-sale-bang-de-8500puffs-wholesale-price\/\" \/>\n<meta property=\"og:locale\" content=\"lv_LV\" \/>\n<meta property=\"og:type\" content=\"article\" \/>\n<meta property=\"og:title\" content=\"Good Sale Bang DE 8500Puffs Wholesale Price - vapebulkp.com\" \/>\n<meta property=\"og:description\" content=\"The Wholesale Vape Bang DE8500 Puffs offers a wide variety of delectable flavors to cater to every taste preference. Elevate your vaping game with the Bang DE8500 Puffs .\" \/>\n<meta property=\"og:url\" content=\"https:\/\/vapebulkp.com\/lv\/product\/good-sale-bang-de-8500puffs-wholesale-price\/\" \/>\n<meta property=\"og:site_name\" content=\"vapebulkp.com\" \/>\n<meta property=\"article:modified_time\" content=\"2025-09-24T03:04:03+00:00\" \/>\n<meta property=\"og:image\" content=\"http:\/\/vapebulkp.com\/wp-content\/uploads\/2023\/09\/bang-8500-1-scaled.jpg\" \/>\n\t<meta property=\"og:image:width\" content=\"2560\" \/>\n\t<meta property=\"og:image:height\" content=\"1810\" \/>\n\t<meta property=\"og:image:type\" content=\"image\/jpeg\" \/>\n<meta name=\"twitter:card\" content=\"summary_large_image\" \/>\n<meta name=\"twitter:label1\" content=\"Est. reading time\" \/>\n\t<meta name=\"twitter:data1\" content=\"4 min\u016btes\" \/>\n<script type=\"application\/ld+json\" class=\"yoast-schema-graph\">{\"@context\":\"https:\/\/schema.org\",\"@graph\":[{\"@type\":\"WebPage\",\"@id\":\"https:\/\/vapebulkp.com\/product\/good-sale-bang-de-8500puffs-wholesale-price\/\",\"url\":\"https:\/\/vapebulkp.com\/product\/good-sale-bang-de-8500puffs-wholesale-price\/\",\"name\":\"Good Sale Bang DE 8500Puffs Wholesale Price - vapebulkp.com\",\"isPartOf\":{\"@id\":\"https:\/\/vapebulkp.com\/#website\"},\"datePublished\":\"2023-09-20T09:32:23+00:00\",\"dateModified\":\"2025-09-24T03:04:03+00:00\",\"description\":\"The Wholesale Vape Bang DE8500 Puffs offers a wide variety of delectable flavors to cater to every taste preference. Elevate your vaping game with the Bang DE8500 Puffs .\",\"breadcrumb\":{\"@id\":\"https:\/\/vapebulkp.com\/product\/good-sale-bang-de-8500puffs-wholesale-price\/#breadcrumb\"},\"inLanguage\":\"lv-LV\",\"potentialAction\":[{\"@type\":\"ReadAction\",\"target\":[\"https:\/\/vapebulkp.com\/product\/good-sale-bang-de-8500puffs-wholesale-price\/\"]}]},{\"@type\":\"BreadcrumbList\",\"@id\":\"https:\/\/vapebulkp.com\/product\/good-sale-bang-de-8500puffs-wholesale-price\/#breadcrumb\",\"itemListElement\":[{\"@type\":\"ListItem\",\"position\":1,\"name\":\"Home\",\"item\":\"https:\/\/vapebulkp.com\/\"},{\"@type\":\"ListItem\",\"position\":2,\"name\":\"Hot Trend Vapes\",\"item\":\"https:\/\/vapebulkp.com\/vape-shop\/\"},{\"@type\":\"ListItem\",\"position\":3,\"name\":\"Good Sale Bang DE 8500Puffs Wholesale Price\"}]},{\"@type\":\"WebSite\",\"@id\":\"https:\/\/vapebulkp.com\/#website\",\"url\":\"https:\/\/vapebulkp.com\/\",\"name\":\"vapebulkp.com\",\"description\":\"Buy Vape In Cheap Bulk Price Near you\",\"publisher\":{\"@id\":\"https:\/\/vapebulkp.com\/#organization\"},\"potentialAction\":[{\"@type\":\"SearchAction\",\"target\":{\"@type\":\"EntryPoint\",\"urlTemplate\":\"https:\/\/vapebulkp.com\/?s={search_term_string}\"},\"query-input\":\"required name=search_term_string\"}],\"inLanguage\":\"lv-LV\"},{\"@type\":\"Organization\",\"@id\":\"https:\/\/vapebulkp.com\/#organization\",\"name\":\"vapebulkp.com\",\"url\":\"https:\/\/vapebulkp.com\/\",\"logo\":{\"@type\":\"ImageObject\",\"inLanguage\":\"lv-LV\",\"@id\":\"https:\/\/vapebulkp.com\/#\/schema\/logo\/image\/\",\"url\":\"https:\/\/vapebulkp.com\/wp-content\/uploads\/2023\/09\/cropped-vapebulkp.png\",\"contentUrl\":\"https:\/\/vapebulkp.com\/wp-content\/uploads\/2023\/09\/cropped-vapebulkp.png\",\"width\":516,\"height\":163,\"caption\":\"vapebulkp.com\"},\"image\":{\"@id\":\"https:\/\/vapebulkp.com\/#\/schema\/logo\/image\/\"}}]}<\/script>\n<!-- \/ Yoast SEO plugin. -->","yoast_head_json":{"title":"Good Sale Bang DE 8500Puffs Wholesale Price - vapebulkp.com","description":"The Wholesale Vape Bang DE8500 Puffs offers a wide variety of delectable flavors to cater to every taste preference. Elevate your vaping game with the Bang DE8500 Puffs .","robots":{"index":"index","follow":"follow","max-snippet":"max-snippet:-1","max-image-preview":"max-image-preview:large","max-video-preview":"max-video-preview:-1"},"canonical":"https:\/\/vapebulkp.com\/lv\/product\/good-sale-bang-de-8500puffs-wholesale-price\/","og_locale":"lv_LV","og_type":"article","og_title":"Good Sale Bang DE 8500Puffs Wholesale Price - vapebulkp.com","og_description":"The Wholesale Vape Bang DE8500 Puffs offers a wide variety of delectable flavors to cater to every taste preference. Elevate your vaping game with the Bang DE8500 Puffs .","og_url":"https:\/\/vapebulkp.com\/lv\/product\/good-sale-bang-de-8500puffs-wholesale-price\/","og_site_name":"vapebulkp.com","article_modified_time":"2025-09-24T03:04:03+00:00","og_image":[{"width":2560,"height":1810,"url":"http:\/\/vapebulkp.com\/wp-content\/uploads\/2023\/09\/bang-8500-1-scaled.jpg","type":"image\/jpeg"}],"twitter_card":"summary_large_image","twitter_misc":{"Est. reading time":"4 min\u016btes"},"schema":{"@context":"https:\/\/schema.org","@graph":[{"@type":"WebPage","@id":"https:\/\/vapebulkp.com\/product\/good-sale-bang-de-8500puffs-wholesale-price\/","url":"https:\/\/vapebulkp.com\/product\/good-sale-bang-de-8500puffs-wholesale-price\/","name":"Good Sale Bang DE 8500Puffs Wholesale Price - vapebulkp.com","isPartOf":{"@id":"https:\/\/vapebulkp.com\/#website"},"datePublished":"2023-09-20T09:32:23+00:00","dateModified":"2025-09-24T03:04:03+00:00","description":"The Wholesale Vape Bang DE8500 Puffs offers a wide variety of delectable flavors to cater to every taste preference. Elevate your vaping game with the Bang DE8500 Puffs .","breadcrumb":{"@id":"https:\/\/vapebulkp.com\/product\/good-sale-bang-de-8500puffs-wholesale-price\/#breadcrumb"},"inLanguage":"lv-LV","potentialAction":[{"@type":"ReadAction","target":["https:\/\/vapebulkp.com\/product\/good-sale-bang-de-8500puffs-wholesale-price\/"]}]},{"@type":"BreadcrumbList","@id":"https:\/\/vapebulkp.com\/product\/good-sale-bang-de-8500puffs-wholesale-price\/#breadcrumb","itemListElement":[{"@type":"ListItem","position":1,"name":"Home","item":"https:\/\/vapebulkp.com\/"},{"@type":"ListItem","position":2,"name":"Hot Trend Vapes","item":"https:\/\/vapebulkp.com\/vape-shop\/"},{"@type":"ListItem","position":3,"name":"Good Sale Bang DE 8500Puffs Wholesale Price"}]},{"@type":"WebSite","@id":"https:\/\/vapebulkp.com\/#website","url":"https:\/\/vapebulkp.com\/","name":"vapebulkp.com","description":"Buy Vape In Cheap Bulk Price Near you","publisher":{"@id":"https:\/\/vapebulkp.com\/#organization"},"potentialAction":[{"@type":"SearchAction","target":{"@type":"EntryPoint","urlTemplate":"https:\/\/vapebulkp.com\/?s={search_term_string}"},"query-input":"required name=search_term_string"}],"inLanguage":"lv-LV"},{"@type":"Organization","@id":"https:\/\/vapebulkp.com\/#organization","name":"vapebulkp.com","url":"https:\/\/vapebulkp.com\/","logo":{"@type":"ImageObject","inLanguage":"lv-LV","@id":"https:\/\/vapebulkp.com\/#\/schema\/logo\/image\/","url":"https:\/\/vapebulkp.com\/wp-content\/uploads\/2023\/09\/cropped-vapebulkp.png","contentUrl":"https:\/\/vapebulkp.com\/wp-content\/uploads\/2023\/09\/cropped-vapebulkp.png","width":516,"height":163,"caption":"vapebulkp.com"},"image":{"@id":"https:\/\/vapebulkp.com\/#\/schema\/logo\/image\/"}}]}},"uagb_featured_image_src":{"full":["https:\/\/vapebulkp.com\/wp-content\/uploads\/2023\/09\/bang-8500-1-scaled.jpg",2560,1810,false],"thumbnail":["https:\/\/vapebulkp.com\/wp-content\/uploads\/2023\/09\/bang-8500-1-150x150.jpg",150,150,true],"medium":["https:\/\/vapebulkp.com\/wp-content\/uploads\/2023\/09\/bang-8500-1-300x212.jpg",300,212,true],"medium_large":["https:\/\/vapebulkp.com\/wp-content\/uploads\/2023\/09\/bang-8500-1-768x543.jpg",768,543,true],"large":["https:\/\/vapebulkp.com\/wp-content\/uploads\/2023\/09\/bang-8500-1-1024x724.jpg",1024,724,true],"1536x1536":["https:\/\/vapebulkp.com\/wp-content\/uploads\/2023\/09\/bang-8500-1-1536x1086.jpg",1536,1086,true],"2048x2048":["https:\/\/vapebulkp.com\/wp-content\/uploads\/2023\/09\/bang-8500-1-2048x1448.jpg",2048,1448,true],"trp-custom-language-flag":["https:\/\/vapebulkp.com\/wp-content\/uploads\/2023\/09\/bang-8500-1-scaled.jpg",18,12,false],"woocommerce_thumbnail":["https:\/\/vapebulkp.com\/wp-content\/uploads\/2023\/09\/bang-8500-1-300x300.jpg",300,300,true],"woocommerce_single":["https:\/\/vapebulkp.com\/wp-content\/uploads\/2023\/09\/bang-8500-1-600x424.jpg",600,424,true],"woocommerce_gallery_thumbnail":["https:\/\/vapebulkp.com\/wp-content\/uploads\/2023\/09\/bang-8500-1-100x100.jpg",100,100,true],"wcpr-photo-reviews":["https:\/\/vapebulkp.com\/wp-content\/uploads\/2023\/09\/bang-8500-1-scaled.jpg",500,354,false]},"uagb_author_info":{"display_name":"Mandy vape bulk price","author_link":"https:\/\/vapebulkp.com\/lv\/author\/"},"uagb_comment_info":2,"uagb_excerpt":"The Bang DE8500 Puffs boasts a wide range of flavors to suit your cravings, from classic tobacco to refreshing menthol and a variety of mouthwatering fruit and dessert options. Each puff delivers a consistent and delightful vapor, thanks to the built-in draw-activated mechanism. Pls Contact Mandy's WhatsApp For Discount Price+8618077105796 NOTE: Prices on our website&hellip;","_links":{"self":[{"href":"https:\/\/vapebulkp.com\/lv\/wp-json\/wp\/v2\/product\/1546","targetHints":{"allow":["GET"]}}],"collection":[{"href":"https:\/\/vapebulkp.com\/lv\/wp-json\/wp\/v2\/product"}],"about":[{"href":"https:\/\/vapebulkp.com\/lv\/wp-json\/wp\/v2\/types\/product"}],"replies":[{"embeddable":true,"href":"https:\/\/vapebulkp.com\/lv\/wp-json\/wp\/v2\/comments?post=1546"}],"wp:featuredmedia":[{"embeddable":true,"href":"https:\/\/vapebulkp.com\/lv\/wp-json\/wp\/v2\/media\/1666"}],"wp:attachment":[{"href":"https:\/\/vapebulkp.com\/lv\/wp-json\/wp\/v2\/media?parent=1546"}],"wp:term":[{"taxonomy":"product_cat","embeddable":true,"href":"https:\/\/vapebulkp.com\/lv\/wp-json\/wp\/v2\/product_cat?post=1546"},{"taxonomy":"product_tag","embeddable":true,"href":"https:\/\/vapebulkp.com\/lv\/wp-json\/wp\/v2\/product_tag?post=1546"}],"curies":[{"name":"wp","href":"https:\/\/api.w.org\/{rel}","templated":true}]}}