{"id":1576,"date":"2023-09-22T11:43:32","date_gmt":"2023-09-22T09:43:32","guid":{"rendered":"https:\/\/vapebulkp.com\/?post_type=product&#038;p=1576"},"modified":"2025-09-24T05:49:18","modified_gmt":"2025-09-24T03:49:18","slug":"top-sale-waspe-12000puffs-disposable-vape-wholesale-france","status":"publish","type":"product","link":"https:\/\/vapebulkp.com\/lv\/product\/top-sale-waspe-12000puffs-disposable-vape-wholesale-france\/","title":{"rendered":"Top P\u0101rdo\u0161ana WASPE 12000Puffs Vienreizlietojamais Vape Vairumtirdzniec\u012bba Latvija"},"content":{"rendered":"<h1>Top P\u0101rdo\u0161ana WASPE 12000Puffs Vienreizlietojamais Vape Vairumtirdzniec\u012bba Latvija<\/h1>\n<p data-start=\"337\" data-end=\"682\">Tas <strong data-start=\"381\" data-end=\"418\">WASPE 12000 Puffs Vienreizlietojamais Veips<\/strong> ir augstas veiktsp\u0113jas izv\u0113le jaunie\u0161iem, kuriem ir svar\u012bgs stils un uzticam\u012bba. Ar l\u012bdz <strong data-start=\"516\" data-end=\"532\">12 000 dvesm\u0101m<\/strong>, 18 ml e-\u0161\u0137idruma tvertni un jaud\u012bgu 650 mAh uzl\u0101d\u0113jamu akumulatoru ar Type-C \u0101tru uzl\u0101di, tas nodro\u0161ina ilgsto\u0161u tvaic\u0113\u0161anu bez p\u0101rtraukumiem.<\/p>\n<p data-start=\"684\" data-end=\"902\">Apr\u012bkots ar 0,8\u03a9 t\u012bkla spoli, <strong data-start=\"720\" data-end=\"740\">WASPE 12000 vilcieni<\/strong> nodro\u0161ina vienm\u0113r\u012bgu gaisa pl\u016bsmu, bl\u012bvu tvaiku un konsekventu gar\u0161u katr\u0101 dvesm\u0101. Nikot\u012bna s\u0101ls opcijas 2% un 5% \u013cauj izmantot elast\u012bbu gan viegliem, gan smagiem lietot\u0101jiem.<\/p>\n<p data-start=\"904\" data-end=\"1125\">Kompakts, p\u0101rn\u0113s\u0101jams un paredz\u0113ts vairumtirdzniec\u012bbas izplat\u012b\u0161anai Latvij\u0101, \u0161is <a href=\"https:\/\/vapebulkp.com\/lv\/product-category\/12000-puffs-disposable-vape\/\"><strong data-start=\"976\" data-end=\"1007\">12000 d\u016bmu vienreiz\u0113j\u0101s lieto\u0161anas elektronisk\u0101 cigarete<\/strong><\/a> ir pieejams aug\u013cu un mentola mais\u012bjumos, padarot to par perfektu iesp\u0113ju ikdienas lieto\u0161anai, ce\u013cojumiem vai sabiedriskiem pas\u0101kumiem.<\/p>\n<h6 style=\"text-align: left\"><img decoding=\"async\" class=\"alignnone wp-image-2756\" src=\"http:\/\/vapebulkp.com\/wp-content\/uploads\/2024\/08\/WASPE-RANDM-TORNADO-12000-VAPE-KIT-SUPPLIER.jpg\" alt=\"WASPE RANDM TORNADO 12000 VAPE KOMPLEKTS PIEG\u0100D\u0100T\u0100JS\" width=\"401\" height=\"602\" srcset=\"https:\/\/vapebulkp.com\/wp-content\/uploads\/2024\/08\/WASPE-RANDM-TORNADO-12000-VAPE-KIT-SUPPLIER.jpg 1280w, https:\/\/vapebulkp.com\/wp-content\/uploads\/2024\/08\/WASPE-RANDM-TORNADO-12000-VAPE-KIT-SUPPLIER-200x300.jpg 200w, https:\/\/vapebulkp.com\/wp-content\/uploads\/2024\/08\/WASPE-RANDM-TORNADO-12000-VAPE-KIT-SUPPLIER-683x1024.jpg 683w, https:\/\/vapebulkp.com\/wp-content\/uploads\/2024\/08\/WASPE-RANDM-TORNADO-12000-VAPE-KIT-SUPPLIER-768x1152.jpg 768w, https:\/\/vapebulkp.com\/wp-content\/uploads\/2024\/08\/WASPE-RANDM-TORNADO-12000-VAPE-KIT-SUPPLIER-1024x1536.jpg 1024w, https:\/\/vapebulkp.com\/wp-content\/uploads\/2024\/08\/WASPE-RANDM-TORNADO-12000-VAPE-KIT-SUPPLIER-600x900.jpg 600w\" sizes=\"(max-width: 401px) 100vw, 401px\" \/><\/h6>\n<h6><\/h6>\n<h6>L\u016bdzu, sazinieties ar Mandijas WhatsApp, lai sa\u0146emtu atlaides cenu<a href=\"https:\/\/wa.me\/8618077105796\">+8618077105796<\/a><\/h6>\n<p><img decoding=\"async\" class=\"alignnone wp-image-2151\" src=\"http:\/\/vapebulkp.com\/wp-content\/uploads\/2024\/04\/Mandy-WhatsApp-Randm.jpg\" alt=\"Mandy WhatsApp Randi\" width=\"288\" height=\"306\" srcset=\"https:\/\/vapebulkp.com\/wp-content\/uploads\/2024\/04\/Mandy-WhatsApp-Randm.jpg 916w, https:\/\/vapebulkp.com\/wp-content\/uploads\/2024\/04\/Mandy-WhatsApp-Randm-282x300.jpg 282w, https:\/\/vapebulkp.com\/wp-content\/uploads\/2024\/04\/Mandy-WhatsApp-Randm-768x817.jpg 768w, https:\/\/vapebulkp.com\/wp-content\/uploads\/2024\/04\/Mandy-WhatsApp-Randm-600x638.jpg 600w\" sizes=\"(max-width: 288px) 100vw, 288px\" \/><\/p>\n<h2><span style=\"vertical-align: inherit\">Iesp\u0113jams, v\u0113l\u0113j\u0101ties uzzin\u0101t par WASPE 12000Puffs Vienreizlietojamo Veipu:<\/span><\/h2>\n<p>&nbsp;<\/p>\n<h4 class=\"style-scope ytd-watch-metadata\">1. K\u0101 lietot WASPE 12000 Puffs Veipa pildspalvu?<\/h4>\n<p>&nbsp;<\/p>\n<p>1. solis. Pirms 12k dvesmu lieto\u0161anas atvienojiet plastmasas cauruli.<\/p>\n<p>2. solis. Gaidiet apm\u0113ram 3 min\u016btes, lai \u0161\u0137idrums non\u0101ktu iek\u0161\u0113j\u0101 spol\u0113.<\/p>\n<p>3. solis. Izbaudiet to<\/p>\n<h6>2. K\u0100 UZL\u0100D\u0112T VIENREIZLIETOJAMO VEIPU WASPE 12000 PUFFS IER\u012aCI?<\/h6>\n<p>\u0100tr\u0101s uzl\u0101des l\u0101d\u0113t\u0101jus nevar izmantot, un vienreiz\u0113j\u0101s lieto\u0161anas e-cigare\u0161u standarta dro\u0161\u0101 jauda ir 5V 1A.<\/p>\n<p>Katrs uzl\u0101des laiks nedr\u012bkst p\u0101rsniegt 1 stundu, un dro\u0161s uzl\u0101des laiks ir pusstunda.<\/p>\n<h6>3. CIK DVESMU IR WASPE 12000 VIENREIZLIETOJAMAJAM VEIPAM?<\/h6>\n<p>\u2014-12000 dvesmas<\/p>\n<p><span style=\"color: #ff6600\">Pazi\u0146ojums: Neuzl\u0101d\u0113jiet visu nakti!<\/span><\/p>\n<p>&nbsp;<\/p>\n<h3><strong><span style=\"vertical-align: inherit\">WASPE 12000Puffs specifik\u0101cija:<\/span><br \/>\n<\/strong><\/h3>\n<p>Akumulators: 650 mAh (C tipa)<br \/>\nIetilp\u012bba: 18 ml<br \/>\nSpole: 0,8 omu sieta<br \/>\nAptuvenais s\u016bk\u0161anas tilpums: 12000 p\u016btieni<br \/>\nNikot\u012bna stiprums: 2%,5%<br \/>\nMOQ: 50 gab<\/p>\n<h3><strong>K\u0101da ir lab\u0101k\u0101 WASPE 12000Puffs gar\u0161a?<\/strong><\/h3>\n<p>1. Arb\u016bzu ledus<br \/>\n2. Zeme\u0146u kivi<br \/>\n3. Melle\u0146u ledus<br \/>\n4. Melle\u0146u ave\u0146u<br \/>\n5. Zeme\u0146u arb\u016bzu<br \/>\n6. V\u012bnogu ledus<br \/>\n7. Zeme\u0146u mango<br \/>\n8. Mango ledus<br \/>\n9. Sul\u012bgs persiks, anan\u0101ss, sul\u012bgs<br \/>\n10. Kivi laims<br \/>\n11. Zeme\u0146u, ave\u0146u, \u0137ir\u0161u<br \/>\n12. Zeme\u0146u, pitaijas, limon\u0101des<\/p>\n<p><span style=\"vertical-align: inherit\">Atrast vair\u0101k produktu, kas jums var\u0113tu patikt:<\/span><em><a href=\"https:\/\/wa.me\/8618077105796\"><span style=\"vertical-align: inherit\">\u00a0Pirkt tagad<\/span><\/a><\/em><\/p>\n<p><span style=\"vertical-align: inherit\">Citas dvesmas, kas jums var\u0113tu patikt:<\/span><span style=\"vertical-align: inherit\">\u00a0<\/span><a href=\"https:\/\/vapebulkp.com\/lv\/product\/wholesale-randm-tornado-9000-puffs-germany\/\"><span style=\"vertical-align: inherit\">RandM Tornado 9000 Dvesmas<\/span><\/a><span style=\"vertical-align: inherit\">\/ <\/span><a href=\"https:\/\/vapebulkp.com\/lv\/product\/popular-bang-king-10000-puffs-vape-good-price\/\"><span style=\"vertical-align: inherit\">Bang King 10000 Dvesmas<\/span><\/a><span style=\"vertical-align: inherit\">\/ <\/span><a href=\"https:\/\/vapebulkp.com\/lv\/product\/bang-king-12000puffs\/\"><span style=\"vertical-align: inherit\">Bang King 12000 dvesmas<\/span><\/a><\/p>\n<p><span style=\"vertical-align: inherit\">\u012apa\u0161as formas e-cigare\u0161u pudele:<\/span><a href=\"https:\/\/vapebulkp.com\/lv\/product\/popular-kulx-10000puffs-disposable-vape-good-price\/\"><span style=\"vertical-align: inherit\">Kulx vape 10000 dvesmas <\/span><\/a><span style=\"vertical-align: inherit\">\/ <\/span><a href=\"https:\/\/vapebulkp.com\/lv\/product\/disposable-vape-crystal-600-puffs\/\"><span style=\"vertical-align: inherit\">Crystal 600 dvesmas <\/span><\/a><span style=\"vertical-align: inherit\">\/<\/span><a href=\"https:\/\/vapebulkp.com\/lv\/product\/popular-vape-bang-king-15000-puffs-bang-vape\/\"><span style=\"vertical-align: inherit\">Bang King 15000 Dvesmas<\/span><\/a><\/p>\n<h4>Pieg\u0101des deta\u013cas:<\/h4>\n<p><span style=\"color: #ff6600\">Ra\u017eo\u0161anas laiks: 5-10 darba dienas<\/span><br \/>\n<span style=\"color: #ff6600\">Pieg\u0101des laiks: 8-14 darba dienas<\/span><\/p>\n<p>Visi produkti m\u016bsu veikal\u0101 ir 100% ori\u0123in\u0101li un autentiski, t\u0101p\u0113c desmitk\u0101rt\u012bga kompens\u0101cija par viltot\u0101m prec\u0113m ir m\u016bsu veikala politika. M\u0113s izmantojam t\u0101dus lo\u0123istikas kan\u0101lus k\u0101 UPS\/DHL\/FEDEX\/DPD, lai pieg\u0101d\u0101tu preces jums.<\/p>\n<p>Paci\u0146\u0101m, kas tiek s\u016bt\u012btas uz Latviju, parasti nepiecie\u0161amas 10 darba dienas, lai t\u0101s sa\u0146emtu. S\u016bt\u012bjumiem uz Eiropas valst\u012bm parasti nepiecie\u0161amas 12 l\u012bdz 15 darba dienas, lai t\u0101s sa\u0146emtu. M\u0113s atjaunin\u0101sim lo\u0123istikas inform\u0101ciju jums re\u0101llaik\u0101.<\/p>","protected":false},"excerpt":{"rendered":"<p>Tas <span style=\"vertical-align: inherit\">WASPE 12000 vilcieni <\/span>lepojas ar daudzveid\u012bgu vilino\u0161u gar\u0161u kl\u0101stu, nodro\u0161inot, ka atrad\u012bsiet kaut ko, kas apmierin\u0101s j\u016bsu v\u0113lmes. No tradicion\u0101l\u0101s tabakas l\u012bdz eksotiskiem aug\u013cu mais\u012bjumiem, iesp\u0113jas ir bezgal\u012bgas. Katrs dvesma nodro\u0161ina konsekventu un pat\u012bkamu tvaic\u0113\u0161anas pieredzi, pateicoties ieb\u016bv\u0113tajam ar ieelpu aktiviz\u0113tam meh\u0101nismam.<br \/>\n<img decoding=\"async\" class=\"alignnone wp-image-2151\" src=\"http:\/\/vapebulkp.com\/wp-content\/uploads\/2024\/04\/Mandy-WhatsApp-Randm.jpg\" alt=\"Mandy WhatsApp Randi\" width=\"276\" height=\"293\" srcset=\"https:\/\/vapebulkp.com\/wp-content\/uploads\/2024\/04\/Mandy-WhatsApp-Randm.jpg 916w, https:\/\/vapebulkp.com\/wp-content\/uploads\/2024\/04\/Mandy-WhatsApp-Randm-282x300.jpg 282w, https:\/\/vapebulkp.com\/wp-content\/uploads\/2024\/04\/Mandy-WhatsApp-Randm-768x817.jpg 768w, https:\/\/vapebulkp.com\/wp-content\/uploads\/2024\/04\/Mandy-WhatsApp-Randm-600x638.jpg 600w\" sizes=\"(max-width: 276px) 100vw, 276px\" \/><\/p>\n<p>L\u016bdzu, sazinieties ar Mandijas WhatsApp, lai sa\u0146emtu atlaides cenu<a href=\"https:\/\/wa.me\/8618077105796\">+8618077105796<\/a><\/p>\n<p><span style=\"color: #ff0000\">PIEZ\u012aME: Cenas m\u016bsu t\u012bmek\u013ca vietn\u0113 neietver pieg\u0101des izmaksas<\/span><\/p>","protected":false},"featured_media":2749,"comment_status":"open","ping_status":"closed","template":"","meta":{"_uag_custom_page_level_css":"","_lmt_disableupdate":"no","_lmt_disable":"","site-sidebar-layout":"default","site-content-layout":"content-boxed-container","ast-site-content-layout":"normal-width-container","site-content-style":"boxed","site-sidebar-style":"unboxed","ast-global-header-display":"","ast-banner-title-visibility":"","ast-main-header-display":"","ast-hfb-above-header-display":"","ast-hfb-below-header-display":"","ast-hfb-mobile-header-display":"","site-post-title":"","ast-breadcrumbs-content":"","ast-featured-img":"","footer-sml-layout":"","theme-transparent-header-meta":"default","adv-header-id-meta":"","stick-header-meta":"","header-above-stick-meta":"","header-main-stick-meta":"","header-below-stick-meta":"","astra-migrate-meta-layouts":"set","_joinchat":[]},"product_cat":[166,153,155,33,59,100,34,158,157,154,152,58,84,156,63,32,365],"product_tag":[45,36,37,41,71,40],"class_list":["post-1576","product","type-product","status-publish","has-post-thumbnail","hentry","product_cat-12000-puffs-disposable-vape","product_cat-hot-disposable-vapes","product_cat-belgium-hot-disposable-vapes","product_cat-france-vape-hot-sale","product_cat-germany-hot-disposable-vape","product_cat-germany-wholesale-vape-shop","product_cat-netherlands-vape-good-sale","product_cat-norway-hot-disposable-vapes","product_cat-poland-hot-disposable-vapes","product_cat-portugal-hot-disposable-vapes","product_cat-spain-hot-disposable-vapes","product_cat-sweden-hot-disposable-vape","product_cat-sweden-wholesale-vape","product_cat-switzerland-hot-disposable-vapes","product_cat-top-sale-disposable-vape","product_cat-vape-hot-sale-this-week","product_cat-waspe-vape","product_tag-12000puffs-good-vape","product_tag-good-vape","product_tag-hot-sale-disposable-vape","product_tag-poland-hot-vape","product_tag-randm","product_tag-sweden-hot-vape","pa_brand-waspe-vape","desktop-align-left","tablet-align-left","mobile-align-left"],"yoast_head":"<!-- This site is optimized with the Yoast SEO plugin v21.1 - https:\/\/yoast.com\/wordpress\/plugins\/seo\/ -->\n<title>Top Sale WASPE 12000Puffs Disposable Vape Wholesale France - vapebulkp.com<\/title>\n<meta name=\"description\" content=\"The WASPE12000Puffs Disposable Vape ergonomic design fits perfectly in your hand and is compact enough to slip into your pocket or purse.\" \/>\n<meta name=\"robots\" content=\"index, follow, max-snippet:-1, max-image-preview:large, max-video-preview:-1\" \/>\n<link rel=\"canonical\" href=\"https:\/\/vapebulkp.com\/lv\/product\/top-sale-waspe-12000puffs-disposable-vape-wholesale-france\/\" \/>\n<meta property=\"og:locale\" content=\"lv_LV\" \/>\n<meta property=\"og:type\" content=\"article\" \/>\n<meta property=\"og:title\" content=\"Top Sale WASPE 12000Puffs Disposable Vape Wholesale France - vapebulkp.com\" \/>\n<meta property=\"og:description\" content=\"The WASPE12000Puffs Disposable Vape ergonomic design fits perfectly in your hand and is compact enough to slip into your pocket or purse.\" \/>\n<meta property=\"og:url\" content=\"https:\/\/vapebulkp.com\/lv\/product\/top-sale-waspe-12000puffs-disposable-vape-wholesale-france\/\" \/>\n<meta property=\"og:site_name\" content=\"vapebulkp.com\" \/>\n<meta property=\"article:modified_time\" content=\"2025-09-24T03:49:18+00:00\" \/>\n<meta property=\"og:image\" content=\"http:\/\/vapebulkp.com\/wp-content\/uploads\/2024\/08\/WASPE-12K-Puffs-Vape-KIT-Discount-Price.png\" \/>\n\t<meta property=\"og:image:width\" content=\"1152\" \/>\n\t<meta property=\"og:image:height\" content=\"2048\" \/>\n\t<meta property=\"og:image:type\" content=\"image\/png\" \/>\n<meta name=\"twitter:card\" content=\"summary_large_image\" \/>\n<meta name=\"twitter:label1\" content=\"Est. reading time\" \/>\n\t<meta name=\"twitter:data1\" content=\"3 min\u016btes\" \/>\n<script type=\"application\/ld+json\" class=\"yoast-schema-graph\">{\"@context\":\"https:\/\/schema.org\",\"@graph\":[{\"@type\":\"WebPage\",\"@id\":\"https:\/\/vapebulkp.com\/product\/top-sale-waspe-12000puffs-disposable-vape-wholesale-france\/\",\"url\":\"https:\/\/vapebulkp.com\/product\/top-sale-waspe-12000puffs-disposable-vape-wholesale-france\/\",\"name\":\"Top Sale WASPE 12000Puffs Disposable Vape Wholesale France - vapebulkp.com\",\"isPartOf\":{\"@id\":\"https:\/\/vapebulkp.com\/#website\"},\"datePublished\":\"2023-09-22T09:43:32+00:00\",\"dateModified\":\"2025-09-24T03:49:18+00:00\",\"description\":\"The WASPE12000Puffs Disposable Vape ergonomic design fits perfectly in your hand and is compact enough to slip into your pocket or purse.\",\"breadcrumb\":{\"@id\":\"https:\/\/vapebulkp.com\/product\/top-sale-waspe-12000puffs-disposable-vape-wholesale-france\/#breadcrumb\"},\"inLanguage\":\"lv-LV\",\"potentialAction\":[{\"@type\":\"ReadAction\",\"target\":[\"https:\/\/vapebulkp.com\/product\/top-sale-waspe-12000puffs-disposable-vape-wholesale-france\/\"]}]},{\"@type\":\"BreadcrumbList\",\"@id\":\"https:\/\/vapebulkp.com\/product\/top-sale-waspe-12000puffs-disposable-vape-wholesale-france\/#breadcrumb\",\"itemListElement\":[{\"@type\":\"ListItem\",\"position\":1,\"name\":\"Home\",\"item\":\"https:\/\/vapebulkp.com\/\"},{\"@type\":\"ListItem\",\"position\":2,\"name\":\"Hot Trend Vapes\",\"item\":\"https:\/\/vapebulkp.com\/vape-shop\/\"},{\"@type\":\"ListItem\",\"position\":3,\"name\":\"Top Sale WASPE 12000Puffs Disposable Vape Wholesale France\"}]},{\"@type\":\"WebSite\",\"@id\":\"https:\/\/vapebulkp.com\/#website\",\"url\":\"https:\/\/vapebulkp.com\/\",\"name\":\"vapebulkp.com\",\"description\":\"Buy Vape In Cheap Bulk Price Near you\",\"publisher\":{\"@id\":\"https:\/\/vapebulkp.com\/#organization\"},\"potentialAction\":[{\"@type\":\"SearchAction\",\"target\":{\"@type\":\"EntryPoint\",\"urlTemplate\":\"https:\/\/vapebulkp.com\/?s={search_term_string}\"},\"query-input\":\"required name=search_term_string\"}],\"inLanguage\":\"lv-LV\"},{\"@type\":\"Organization\",\"@id\":\"https:\/\/vapebulkp.com\/#organization\",\"name\":\"vapebulkp.com\",\"url\":\"https:\/\/vapebulkp.com\/\",\"logo\":{\"@type\":\"ImageObject\",\"inLanguage\":\"lv-LV\",\"@id\":\"https:\/\/vapebulkp.com\/#\/schema\/logo\/image\/\",\"url\":\"https:\/\/vapebulkp.com\/wp-content\/uploads\/2023\/09\/cropped-vapebulkp.png\",\"contentUrl\":\"https:\/\/vapebulkp.com\/wp-content\/uploads\/2023\/09\/cropped-vapebulkp.png\",\"width\":516,\"height\":163,\"caption\":\"vapebulkp.com\"},\"image\":{\"@id\":\"https:\/\/vapebulkp.com\/#\/schema\/logo\/image\/\"}}]}<\/script>\n<!-- \/ Yoast SEO plugin. -->","yoast_head_json":{"title":"Top Sale WASPE 12000Puffs Disposable Vape Wholesale France - vapebulkp.com","description":"The WASPE12000Puffs Disposable Vape ergonomic design fits perfectly in your hand and is compact enough to slip into your pocket or purse.","robots":{"index":"index","follow":"follow","max-snippet":"max-snippet:-1","max-image-preview":"max-image-preview:large","max-video-preview":"max-video-preview:-1"},"canonical":"https:\/\/vapebulkp.com\/lv\/product\/top-sale-waspe-12000puffs-disposable-vape-wholesale-france\/","og_locale":"lv_LV","og_type":"article","og_title":"Top Sale WASPE 12000Puffs Disposable Vape Wholesale France - vapebulkp.com","og_description":"The WASPE12000Puffs Disposable Vape ergonomic design fits perfectly in your hand and is compact enough to slip into your pocket or purse.","og_url":"https:\/\/vapebulkp.com\/lv\/product\/top-sale-waspe-12000puffs-disposable-vape-wholesale-france\/","og_site_name":"vapebulkp.com","article_modified_time":"2025-09-24T03:49:18+00:00","og_image":[{"width":1152,"height":2048,"url":"http:\/\/vapebulkp.com\/wp-content\/uploads\/2024\/08\/WASPE-12K-Puffs-Vape-KIT-Discount-Price.png","type":"image\/png"}],"twitter_card":"summary_large_image","twitter_misc":{"Est. reading time":"3 min\u016btes"},"schema":{"@context":"https:\/\/schema.org","@graph":[{"@type":"WebPage","@id":"https:\/\/vapebulkp.com\/product\/top-sale-waspe-12000puffs-disposable-vape-wholesale-france\/","url":"https:\/\/vapebulkp.com\/product\/top-sale-waspe-12000puffs-disposable-vape-wholesale-france\/","name":"Top Sale WASPE 12000Puffs Disposable Vape Wholesale France - vapebulkp.com","isPartOf":{"@id":"https:\/\/vapebulkp.com\/#website"},"datePublished":"2023-09-22T09:43:32+00:00","dateModified":"2025-09-24T03:49:18+00:00","description":"The WASPE12000Puffs Disposable Vape ergonomic design fits perfectly in your hand and is compact enough to slip into your pocket or purse.","breadcrumb":{"@id":"https:\/\/vapebulkp.com\/product\/top-sale-waspe-12000puffs-disposable-vape-wholesale-france\/#breadcrumb"},"inLanguage":"lv-LV","potentialAction":[{"@type":"ReadAction","target":["https:\/\/vapebulkp.com\/product\/top-sale-waspe-12000puffs-disposable-vape-wholesale-france\/"]}]},{"@type":"BreadcrumbList","@id":"https:\/\/vapebulkp.com\/product\/top-sale-waspe-12000puffs-disposable-vape-wholesale-france\/#breadcrumb","itemListElement":[{"@type":"ListItem","position":1,"name":"Home","item":"https:\/\/vapebulkp.com\/"},{"@type":"ListItem","position":2,"name":"Hot Trend Vapes","item":"https:\/\/vapebulkp.com\/vape-shop\/"},{"@type":"ListItem","position":3,"name":"Top Sale WASPE 12000Puffs Disposable Vape Wholesale France"}]},{"@type":"WebSite","@id":"https:\/\/vapebulkp.com\/#website","url":"https:\/\/vapebulkp.com\/","name":"vapebulkp.com","description":"Buy Vape In Cheap Bulk Price Near you","publisher":{"@id":"https:\/\/vapebulkp.com\/#organization"},"potentialAction":[{"@type":"SearchAction","target":{"@type":"EntryPoint","urlTemplate":"https:\/\/vapebulkp.com\/?s={search_term_string}"},"query-input":"required name=search_term_string"}],"inLanguage":"lv-LV"},{"@type":"Organization","@id":"https:\/\/vapebulkp.com\/#organization","name":"vapebulkp.com","url":"https:\/\/vapebulkp.com\/","logo":{"@type":"ImageObject","inLanguage":"lv-LV","@id":"https:\/\/vapebulkp.com\/#\/schema\/logo\/image\/","url":"https:\/\/vapebulkp.com\/wp-content\/uploads\/2023\/09\/cropped-vapebulkp.png","contentUrl":"https:\/\/vapebulkp.com\/wp-content\/uploads\/2023\/09\/cropped-vapebulkp.png","width":516,"height":163,"caption":"vapebulkp.com"},"image":{"@id":"https:\/\/vapebulkp.com\/#\/schema\/logo\/image\/"}}]}},"uagb_featured_image_src":{"full":["https:\/\/vapebulkp.com\/wp-content\/uploads\/2024\/08\/WASPE-12K-Puffs-Vape-KIT-Discount-Price.png",1152,2048,false],"thumbnail":["https:\/\/vapebulkp.com\/wp-content\/uploads\/2024\/08\/WASPE-12K-Puffs-Vape-KIT-Discount-Price-150x150.png",150,150,true],"medium":["https:\/\/vapebulkp.com\/wp-content\/uploads\/2024\/08\/WASPE-12K-Puffs-Vape-KIT-Discount-Price-169x300.png",169,300,true],"medium_large":["https:\/\/vapebulkp.com\/wp-content\/uploads\/2024\/08\/WASPE-12K-Puffs-Vape-KIT-Discount-Price-768x1365.png",768,1365,true],"large":["https:\/\/vapebulkp.com\/wp-content\/uploads\/2024\/08\/WASPE-12K-Puffs-Vape-KIT-Discount-Price-576x1024.png",576,1024,true],"1536x1536":["https:\/\/vapebulkp.com\/wp-content\/uploads\/2024\/08\/WASPE-12K-Puffs-Vape-KIT-Discount-Price-864x1536.png",864,1536,true],"2048x2048":["https:\/\/vapebulkp.com\/wp-content\/uploads\/2024\/08\/WASPE-12K-Puffs-Vape-KIT-Discount-Price.png",1152,2048,false],"trp-custom-language-flag":["https:\/\/vapebulkp.com\/wp-content\/uploads\/2024\/08\/WASPE-12K-Puffs-Vape-KIT-Discount-Price.png",7,12,false],"woocommerce_thumbnail":["https:\/\/vapebulkp.com\/wp-content\/uploads\/2024\/08\/WASPE-12K-Puffs-Vape-KIT-Discount-Price-300x300.png",300,300,true],"woocommerce_single":["https:\/\/vapebulkp.com\/wp-content\/uploads\/2024\/08\/WASPE-12K-Puffs-Vape-KIT-Discount-Price-600x1067.png",600,1067,true],"woocommerce_gallery_thumbnail":["https:\/\/vapebulkp.com\/wp-content\/uploads\/2024\/08\/WASPE-12K-Puffs-Vape-KIT-Discount-Price-100x100.png",100,100,true],"wcpr-photo-reviews":["https:\/\/vapebulkp.com\/wp-content\/uploads\/2024\/08\/WASPE-12K-Puffs-Vape-KIT-Discount-Price.png",281,500,false]},"uagb_author_info":{"display_name":"Mandy vape bulk price","author_link":"https:\/\/vapebulkp.com\/lv\/author\/"},"uagb_comment_info":3,"uagb_excerpt":"The WASPE 12000Puffs boasts a variety of enticing flavors, ensuring you'll find something to satisfy your cravings. From traditional tobacco to exotic fruit blends, the options are endless. Each puff delivers a consistent and delightful vaping experience, thanks to the built-in draw-activated mechanism. Pls Contact Mandy's WhatsApp For Discount Price+8618077105796 NOTE: Prices on our website&hellip;","_links":{"self":[{"href":"https:\/\/vapebulkp.com\/lv\/wp-json\/wp\/v2\/product\/1576","targetHints":{"allow":["GET"]}}],"collection":[{"href":"https:\/\/vapebulkp.com\/lv\/wp-json\/wp\/v2\/product"}],"about":[{"href":"https:\/\/vapebulkp.com\/lv\/wp-json\/wp\/v2\/types\/product"}],"replies":[{"embeddable":true,"href":"https:\/\/vapebulkp.com\/lv\/wp-json\/wp\/v2\/comments?post=1576"}],"wp:featuredmedia":[{"embeddable":true,"href":"https:\/\/vapebulkp.com\/lv\/wp-json\/wp\/v2\/media\/2749"}],"wp:attachment":[{"href":"https:\/\/vapebulkp.com\/lv\/wp-json\/wp\/v2\/media?parent=1576"}],"wp:term":[{"taxonomy":"product_cat","embeddable":true,"href":"https:\/\/vapebulkp.com\/lv\/wp-json\/wp\/v2\/product_cat?post=1576"},{"taxonomy":"product_tag","embeddable":true,"href":"https:\/\/vapebulkp.com\/lv\/wp-json\/wp\/v2\/product_tag?post=1576"}],"curies":[{"name":"wp","href":"https:\/\/api.w.org\/{rel}","templated":true}]}}